{"id":140311,"date":"2024-07-26T15:00:34","date_gmt":"2024-07-26T12:00:34","guid":{"rendered":"https:\/\/tabaccomd.com\/product\/set-sky-turbo-bricheta-si-ghilotina-238358\/"},"modified":"2024-08-09T14:35:26","modified_gmt":"2024-08-09T11:35:26","slug":"set-sky-turbo-bricheta-si-ghilotina-238358","status":"publish","type":"product","link":"https:\/\/tabaccomd.com\/ro\/product\/set-sky-turbo-bricheta-si-ghilotina-238358\/","title":{"rendered":"Set SKY &#8222;Turbo brichet\u0103 \u0219i ghilotin\u0103&#8221; 238358"},"content":{"rendered":"<p>Acest <a href=\"https:\/\/tabaccomd.com\/ro\/categorie-produs\/brichete\/brichete-de-gaz-2\/\">set<\/a> include dou\u0103 accesorii elegante care vor oferi o experien\u021b\u0103 excep\u021bional\u0103 de fumat. Bricheta cromat\u0103 cu flac\u0103r\u0103 albastr\u0103 cu 3 jeturi asigur\u0103 o aprindere fiabil\u0103 \u0219i puternic\u0103, \u00een timp ce ghilotina pentru trabucuri asortat\u0103 asigur\u0103 o t\u0103iere precis\u0103 \u0219i curat\u0103 pentru prepararea perfect\u0103 a trabucului. Acest set va fi un cadou excelent at\u00e2t pentru \u00eencep\u0103tori, c\u00e2t \u0219i pentru cunosc\u0103torii experimenta\u021bi, subliniind gustul lor rafinat \u0219i aten\u021bia la detalii.<\/p>\n<p>Pute\u021bi achizi\u021biona setul SKY &#8222;Turbo brichet\u0103 \u0219i ghilotin\u0103&#8221; 238358 \u00een Moldova, Chi\u0219in\u0103u, \u00een re\u021beaua de magazine Tabacco House.<\/p>\n","protected":false},"excerpt":{"rendered":"<ul>\n<li>Flac\u0103r\u0103 cu 3 jeturi<\/li>\n<li>Ghilotin\u0103 cu t\u0103iere dubl\u0103 pentru trabucuri<\/li>\n<li>T\u0103iere p\u00e2n\u0103 la 22 mm<\/li>\n<li>Calibru inel: 55<\/li>\n<li>Material: Metal<\/li>\n<li>Produc\u0103tor: Sky, Germania<\/li>\n<\/ul>\n","protected":false},"featured_media":140313,"template":"","meta":{"om_disable_all_campaigns":false,"_monsterinsights_skip_tracking":false,"_monsterinsights_sitenote_active":false,"_monsterinsights_sitenote_note":"","_monsterinsights_sitenote_category":0},"product_brand":[],"product_cat":[162,173],"product_tag":[],"class_list":{"0":"post-140311","1":"product","2":"type-product","3":"status-publish","4":"has-post-thumbnail","6":"product_cat-ghilotina-2","7":"product_cat-brichete-de-gaz","9":"first","10":"instock","11":"purchasable","12":"product-type-simple"},"aioseo_notices":[],"aioseo_head":"\n\t\t<!-- All in One SEO Pro 4.9.6.2 - aioseo.com -->\n\t<meta name=\"robots\" content=\"max-image-preview:large\" \/>\n\t<link rel=\"canonical\" href=\"https:\/\/tabaccomd.com\/ro\/product\/set-sky-turbo-bricheta-si-ghilotina-238358\/\" \/>\n\t<meta name=\"generator\" content=\"All in One SEO Pro (AIOSEO) 4.9.6.2\" \/>\n\t\t<meta property=\"og:locale\" content=\"ro_RO\" \/>\n\t\t<meta property=\"og:site_name\" content=\"Tabacco House \u2013 \u041c\u0430\u0433\u0430\u0437\u0438\u043d \u0442\u0430\u0431\u0430\u0447\u043d\u044b\u0445 \u0438\u0437\u0434\u0435\u043b\u0438\u0439\" \/>\n\t\t<meta property=\"og:type\" content=\"article\" \/>\n\t\t<meta property=\"og:title\" content=\"Set SKY \u201eTurbo brichet\u0103 \u0219i ghilotin\u0103\u201d 238358 \u2013 Tabacco House\" \/>\n\t\t<meta property=\"og:url\" content=\"https:\/\/tabaccomd.com\/ro\/product\/set-sky-turbo-bricheta-si-ghilotina-238358\/\" \/>\n\t\t<meta property=\"article:published_time\" content=\"2024-07-26T12:00:34+00:00\" \/>\n\t\t<meta property=\"article:modified_time\" content=\"2024-08-09T11:35:26+00:00\" \/>\n\t\t<meta property=\"article:publisher\" content=\"https:\/\/www.facebook.com\/tabaccomd.com\/\" \/>\n\t\t<meta name=\"twitter:card\" content=\"summary_large_image\" \/>\n\t\t<meta name=\"twitter:title\" content=\"Set SKY \u201eTurbo brichet\u0103 \u0219i ghilotin\u0103\u201d 238358 \u2013 Tabacco House\" \/>\n\t\t<script type=\"application\/ld+json\" class=\"aioseo-schema\">\n\t\t\t{\"@context\":\"https:\\\/\\\/schema.org\",\"@graph\":[{\"@type\":\"BreadcrumbList\",\"@id\":\"https:\\\/\\\/tabaccomd.com\\\/ro\\\/product\\\/set-sky-turbo-bricheta-si-ghilotina-238358\\\/#breadcrumblist\",\"itemListElement\":[{\"@type\":\"ListItem\",\"@id\":\"https:\\\/\\\/tabaccomd.com\\\/ro\\\/#listItem\",\"position\":1,\"name\":\"\\u0413\\u043b\\u0430\\u0432\\u043d\\u0430\\u044f\",\"item\":\"https:\\\/\\\/tabaccomd.com\\\/ro\\\/\",\"nextItem\":{\"@type\":\"ListItem\",\"@id\":\"https:\\\/\\\/tabaccomd.com\\\/ro\\\/catalog\\\/#listItem\",\"name\":\"Catalog\"}},{\"@type\":\"ListItem\",\"@id\":\"https:\\\/\\\/tabaccomd.com\\\/ro\\\/catalog\\\/#listItem\",\"position\":2,\"name\":\"Catalog\",\"item\":\"https:\\\/\\\/tabaccomd.com\\\/ro\\\/catalog\\\/\",\"nextItem\":{\"@type\":\"ListItem\",\"@id\":\"https:\\\/\\\/tabaccomd.com\\\/ro\\\/product-category\\\/brichete\\\/#listItem\",\"name\":\"Brichete\"},\"previousItem\":{\"@type\":\"ListItem\",\"@id\":\"https:\\\/\\\/tabaccomd.com\\\/ro\\\/#listItem\",\"name\":\"\\u0413\\u043b\\u0430\\u0432\\u043d\\u0430\\u044f\"}},{\"@type\":\"ListItem\",\"@id\":\"https:\\\/\\\/tabaccomd.com\\\/ro\\\/product-category\\\/brichete\\\/#listItem\",\"position\":3,\"name\":\"Brichete\",\"item\":\"https:\\\/\\\/tabaccomd.com\\\/ro\\\/product-category\\\/brichete\\\/\",\"nextItem\":{\"@type\":\"ListItem\",\"@id\":\"https:\\\/\\\/tabaccomd.com\\\/ro\\\/product-category\\\/brichete\\\/brichete-de-gaz\\\/#listItem\",\"name\":\"Brichete de gaz\"},\"previousItem\":{\"@type\":\"ListItem\",\"@id\":\"https:\\\/\\\/tabaccomd.com\\\/ro\\\/catalog\\\/#listItem\",\"name\":\"Catalog\"}},{\"@type\":\"ListItem\",\"@id\":\"https:\\\/\\\/tabaccomd.com\\\/ro\\\/product-category\\\/brichete\\\/brichete-de-gaz\\\/#listItem\",\"position\":4,\"name\":\"Brichete de gaz\",\"item\":\"https:\\\/\\\/tabaccomd.com\\\/ro\\\/product-category\\\/brichete\\\/brichete-de-gaz\\\/\",\"nextItem\":{\"@type\":\"ListItem\",\"@id\":\"https:\\\/\\\/tabaccomd.com\\\/ro\\\/product\\\/set-sky-turbo-bricheta-si-ghilotina-238358\\\/#listItem\",\"name\":\"Set SKY &#8222;Turbo brichet\\u0103 \\u0219i ghilotin\\u0103&#8221; 238358\"},\"previousItem\":{\"@type\":\"ListItem\",\"@id\":\"https:\\\/\\\/tabaccomd.com\\\/ro\\\/product-category\\\/brichete\\\/#listItem\",\"name\":\"Brichete\"}},{\"@type\":\"ListItem\",\"@id\":\"https:\\\/\\\/tabaccomd.com\\\/ro\\\/product\\\/set-sky-turbo-bricheta-si-ghilotina-238358\\\/#listItem\",\"position\":5,\"name\":\"Set SKY &#8222;Turbo brichet\\u0103 \\u0219i ghilotin\\u0103&#8221; 238358\",\"previousItem\":{\"@type\":\"ListItem\",\"@id\":\"https:\\\/\\\/tabaccomd.com\\\/ro\\\/product-category\\\/brichete\\\/brichete-de-gaz\\\/#listItem\",\"name\":\"Brichete de gaz\"}}]},{\"@type\":\"Organization\",\"@id\":\"https:\\\/\\\/tabaccomd.com\\\/ro\\\/#organization\",\"name\":\"Tabacco House\",\"description\":\"\\u041c\\u0430\\u0433\\u0430\\u0437\\u0438\\u043d \\u0442\\u0430\\u0431\\u0430\\u0447\\u043d\\u044b\\u0445 \\u0438\\u0437\\u0434\\u0435\\u043b\\u0438\\u0439\",\"url\":\"https:\\\/\\\/tabaccomd.com\\\/ro\\\/\",\"email\":\"Office@cazacuhouse.com\",\"telephone\":\"+37361000935\",\"logo\":{\"@type\":\"ImageObject\",\"url\":\"https:\\\/\\\/tabaccomd.com\\\/wp-content\\\/uploads\\\/2024\\\/02\\\/logo_header3.png\",\"@id\":\"https:\\\/\\\/tabaccomd.com\\\/ro\\\/product\\\/set-sky-turbo-bricheta-si-ghilotina-238358\\\/#organizationLogo\",\"width\":32,\"height\":32,\"caption\":\"Tabacco House\"},\"image\":{\"@id\":\"https:\\\/\\\/tabaccomd.com\\\/ro\\\/product\\\/set-sky-turbo-bricheta-si-ghilotina-238358\\\/#organizationLogo\"},\"sameAs\":[\"https:\\\/\\\/www.facebook.com\\\/tabaccomd.com\\\/\",\"https:\\\/\\\/www.instagram.com\\\/tabaccomd.com\\\/\"],\"address\":{\"@id\":\"https:\\\/\\\/tabaccomd.com\\\/ro\\\/#postaladdress\",\"@type\":\"PostalAddress\",\"streetAddress\":\"Strada Albi\\u015foara 4, Chi\\u0219in\\u0103u, Bulevardul \\u0218tefan cel Mare \\u0219i Sf\\u00eent 136, Chi\\u0219in\\u0103u\",\"addressLocality\":\"Chi\\u0219in\\u0103u\",\"addressCountry\":\"MD\"}},{\"@type\":\"Product\",\"@id\":\"https:\\\/\\\/tabaccomd.com\\\/ro\\\/product\\\/set-sky-turbo-bricheta-si-ghilotina-238358\\\/#wooCommerceProduct\",\"name\":\"Set SKY \\\"Turbo brichet\\u0103 \\u0219i ghilotin\\u0103\\\" 238358\",\"description\":\"Flac\\u0103r\\u0103 cu 3 jeturi\\r\\n \\tGhilotin\\u0103 cu t\\u0103iere dubl\\u0103 pentru trabucuri\\r\\n \\tT\\u0103iere p\\u00e2n\\u0103 la 22 mm\\r\\n \\tCalibru inel: 55\\r\\n \\tMaterial: Metal\\r\\n \\tProduc\\u0103tor: Sky, Germania\",\"url\":\"https:\\\/\\\/tabaccomd.com\\\/ro\\\/product\\\/set-sky-turbo-bricheta-si-ghilotina-238358\\\/\",\"sku\":\"238358\",\"image\":{\"@type\":\"ImageObject\",\"url\":\"https:\\\/\\\/tabaccomd.com\\\/wp-content\\\/uploads\\\/2024\\\/07\\\/set-sky-bricheta-ghilotina-238358-4.jpg\",\"@id\":\"https:\\\/\\\/tabaccomd.com\\\/ro\\\/product\\\/set-sky-turbo-bricheta-si-ghilotina-238358\\\/#productImage\",\"width\":1000,\"height\":1000,\"caption\":\"set-sky-bricheta-ghilotina-238358-4\"},\"offers\":{\"@type\":\"Offer\",\"url\":\"https:\\\/\\\/tabaccomd.com\\\/ro\\\/product\\\/set-sky-turbo-bricheta-si-ghilotina-238358\\\/#wooCommerceOffer\",\"price\":750,\"priceCurrency\":\"MDL\",\"category\":\"Ghilotin\\u0103\",\"availability\":\"https:\\\/\\\/schema.org\\\/InStock\",\"priceSpecification\":{\"@type\":\"PriceSpecification\",\"price\":750,\"priceCurrency\":\"MDL\",\"valueAddedTaxIncluded\":\"true\"},\"seller\":{\"@type\":\"Organization\",\"@id\":\"https:\\\/\\\/tabaccomd.com\\\/ro\\\/#organization\"}}},{\"@type\":\"WebPage\",\"@id\":\"https:\\\/\\\/tabaccomd.com\\\/ro\\\/product\\\/set-sky-turbo-bricheta-si-ghilotina-238358\\\/#webpage\",\"url\":\"https:\\\/\\\/tabaccomd.com\\\/ro\\\/product\\\/set-sky-turbo-bricheta-si-ghilotina-238358\\\/\",\"name\":\"Set SKY \\u201eTurbo brichet\\u0103 \\u0219i ghilotin\\u0103\\u201d 238358 \\u2013 Tabacco House\",\"inLanguage\":\"ro-RO\",\"isPartOf\":{\"@id\":\"https:\\\/\\\/tabaccomd.com\\\/ro\\\/#website\"},\"breadcrumb\":{\"@id\":\"https:\\\/\\\/tabaccomd.com\\\/ro\\\/product\\\/set-sky-turbo-bricheta-si-ghilotina-238358\\\/#breadcrumblist\"},\"image\":{\"@type\":\"ImageObject\",\"url\":\"https:\\\/\\\/tabaccomd.com\\\/wp-content\\\/uploads\\\/2024\\\/07\\\/set-sky-bricheta-ghilotina-238358-4.jpg\",\"@id\":\"https:\\\/\\\/tabaccomd.com\\\/ro\\\/product\\\/set-sky-turbo-bricheta-si-ghilotina-238358\\\/#mainImage\",\"width\":1000,\"height\":1000,\"caption\":\"set-sky-bricheta-ghilotina-238358-4\"},\"primaryImageOfPage\":{\"@id\":\"https:\\\/\\\/tabaccomd.com\\\/ro\\\/product\\\/set-sky-turbo-bricheta-si-ghilotina-238358\\\/#mainImage\"},\"datePublished\":\"2024-07-26T15:00:34+03:00\",\"dateModified\":\"2024-08-09T14:35:26+03:00\"},{\"@type\":\"WebSite\",\"@id\":\"https:\\\/\\\/tabaccomd.com\\\/ro\\\/#website\",\"url\":\"https:\\\/\\\/tabaccomd.com\\\/ro\\\/\",\"name\":\"Tabacco House\",\"alternateName\":\"tobaccomd.com\",\"description\":\"\\u041c\\u0430\\u0433\\u0430\\u0437\\u0438\\u043d \\u0442\\u0430\\u0431\\u0430\\u0447\\u043d\\u044b\\u0445 \\u0438\\u0437\\u0434\\u0435\\u043b\\u0438\\u0439\",\"inLanguage\":\"ro-RO\",\"publisher\":{\"@id\":\"https:\\\/\\\/tabaccomd.com\\\/ro\\\/#organization\"}}]}\n\t\t<\/script>\n\t\t<!-- All in One SEO Pro -->\r\n\t\t<title>Set SKY \u201eTurbo brichet\u0103 \u0219i ghilotin\u0103\u201d 238358 \u2013 Tabacco House<\/title>\n\n","aioseo_head_json":{"title":"Set SKY \u201eTurbo brichet\u0103 \u0219i ghilotin\u0103\u201d 238358 \u2013 Tabacco House","description":"","canonical_url":"https:\/\/tabaccomd.com\/ro\/product\/set-sky-turbo-bricheta-si-ghilotina-238358\/","robots":"max-image-preview:large","keywords":"","webmasterTools":{"miscellaneous":""},"schema":{"@context":"https:\/\/schema.org","@graph":[{"@type":"BreadcrumbList","@id":"https:\/\/tabaccomd.com\/ro\/product\/set-sky-turbo-bricheta-si-ghilotina-238358\/#breadcrumblist","itemListElement":[{"@type":"ListItem","@id":"https:\/\/tabaccomd.com\/ro\/#listItem","position":1,"name":"\u0413\u043b\u0430\u0432\u043d\u0430\u044f","item":"https:\/\/tabaccomd.com\/ro\/","nextItem":{"@type":"ListItem","@id":"https:\/\/tabaccomd.com\/ro\/catalog\/#listItem","name":"Catalog"}},{"@type":"ListItem","@id":"https:\/\/tabaccomd.com\/ro\/catalog\/#listItem","position":2,"name":"Catalog","item":"https:\/\/tabaccomd.com\/ro\/catalog\/","nextItem":{"@type":"ListItem","@id":"https:\/\/tabaccomd.com\/ro\/product-category\/brichete\/#listItem","name":"Brichete"},"previousItem":{"@type":"ListItem","@id":"https:\/\/tabaccomd.com\/ro\/#listItem","name":"\u0413\u043b\u0430\u0432\u043d\u0430\u044f"}},{"@type":"ListItem","@id":"https:\/\/tabaccomd.com\/ro\/product-category\/brichete\/#listItem","position":3,"name":"Brichete","item":"https:\/\/tabaccomd.com\/ro\/product-category\/brichete\/","nextItem":{"@type":"ListItem","@id":"https:\/\/tabaccomd.com\/ro\/product-category\/brichete\/brichete-de-gaz\/#listItem","name":"Brichete de gaz"},"previousItem":{"@type":"ListItem","@id":"https:\/\/tabaccomd.com\/ro\/catalog\/#listItem","name":"Catalog"}},{"@type":"ListItem","@id":"https:\/\/tabaccomd.com\/ro\/product-category\/brichete\/brichete-de-gaz\/#listItem","position":4,"name":"Brichete de gaz","item":"https:\/\/tabaccomd.com\/ro\/product-category\/brichete\/brichete-de-gaz\/","nextItem":{"@type":"ListItem","@id":"https:\/\/tabaccomd.com\/ro\/product\/set-sky-turbo-bricheta-si-ghilotina-238358\/#listItem","name":"Set SKY &#8222;Turbo brichet\u0103 \u0219i ghilotin\u0103&#8221; 238358"},"previousItem":{"@type":"ListItem","@id":"https:\/\/tabaccomd.com\/ro\/product-category\/brichete\/#listItem","name":"Brichete"}},{"@type":"ListItem","@id":"https:\/\/tabaccomd.com\/ro\/product\/set-sky-turbo-bricheta-si-ghilotina-238358\/#listItem","position":5,"name":"Set SKY &#8222;Turbo brichet\u0103 \u0219i ghilotin\u0103&#8221; 238358","previousItem":{"@type":"ListItem","@id":"https:\/\/tabaccomd.com\/ro\/product-category\/brichete\/brichete-de-gaz\/#listItem","name":"Brichete de gaz"}}]},{"@type":"Organization","@id":"https:\/\/tabaccomd.com\/ro\/#organization","name":"Tabacco House","description":"\u041c\u0430\u0433\u0430\u0437\u0438\u043d \u0442\u0430\u0431\u0430\u0447\u043d\u044b\u0445 \u0438\u0437\u0434\u0435\u043b\u0438\u0439","url":"https:\/\/tabaccomd.com\/ro\/","email":"Office@cazacuhouse.com","telephone":"+37361000935","logo":{"@type":"ImageObject","url":"https:\/\/tabaccomd.com\/wp-content\/uploads\/2024\/02\/logo_header3.png","@id":"https:\/\/tabaccomd.com\/ro\/product\/set-sky-turbo-bricheta-si-ghilotina-238358\/#organizationLogo","width":32,"height":32,"caption":"Tabacco House"},"image":{"@id":"https:\/\/tabaccomd.com\/ro\/product\/set-sky-turbo-bricheta-si-ghilotina-238358\/#organizationLogo"},"sameAs":["https:\/\/www.facebook.com\/tabaccomd.com\/","https:\/\/www.instagram.com\/tabaccomd.com\/"],"address":{"@id":"https:\/\/tabaccomd.com\/ro\/#postaladdress","@type":"PostalAddress","streetAddress":"Strada Albi\u015foara 4, Chi\u0219in\u0103u, Bulevardul \u0218tefan cel Mare \u0219i Sf\u00eent 136, Chi\u0219in\u0103u","addressLocality":"Chi\u0219in\u0103u","addressCountry":"MD"}},{"@type":"Product","@id":"https:\/\/tabaccomd.com\/ro\/product\/set-sky-turbo-bricheta-si-ghilotina-238358\/#wooCommerceProduct","name":"Set SKY \"Turbo brichet\u0103 \u0219i ghilotin\u0103\" 238358","description":"Flac\u0103r\u0103 cu 3 jeturi\r\n \tGhilotin\u0103 cu t\u0103iere dubl\u0103 pentru trabucuri\r\n \tT\u0103iere p\u00e2n\u0103 la 22 mm\r\n \tCalibru inel: 55\r\n \tMaterial: Metal\r\n \tProduc\u0103tor: Sky, Germania","url":"https:\/\/tabaccomd.com\/ro\/product\/set-sky-turbo-bricheta-si-ghilotina-238358\/","sku":"238358","image":{"@type":"ImageObject","url":"https:\/\/tabaccomd.com\/wp-content\/uploads\/2024\/07\/set-sky-bricheta-ghilotina-238358-4.jpg","@id":"https:\/\/tabaccomd.com\/ro\/product\/set-sky-turbo-bricheta-si-ghilotina-238358\/#productImage","width":1000,"height":1000,"caption":"set-sky-bricheta-ghilotina-238358-4"},"offers":{"@type":"Offer","url":"https:\/\/tabaccomd.com\/ro\/product\/set-sky-turbo-bricheta-si-ghilotina-238358\/#wooCommerceOffer","price":750,"priceCurrency":"MDL","category":"Ghilotin\u0103","availability":"https:\/\/schema.org\/InStock","priceSpecification":{"@type":"PriceSpecification","price":750,"priceCurrency":"MDL","valueAddedTaxIncluded":"true"},"seller":{"@type":"Organization","@id":"https:\/\/tabaccomd.com\/ro\/#organization"}}},{"@type":"WebPage","@id":"https:\/\/tabaccomd.com\/ro\/product\/set-sky-turbo-bricheta-si-ghilotina-238358\/#webpage","url":"https:\/\/tabaccomd.com\/ro\/product\/set-sky-turbo-bricheta-si-ghilotina-238358\/","name":"Set SKY \u201eTurbo brichet\u0103 \u0219i ghilotin\u0103\u201d 238358 \u2013 Tabacco House","inLanguage":"ro-RO","isPartOf":{"@id":"https:\/\/tabaccomd.com\/ro\/#website"},"breadcrumb":{"@id":"https:\/\/tabaccomd.com\/ro\/product\/set-sky-turbo-bricheta-si-ghilotina-238358\/#breadcrumblist"},"image":{"@type":"ImageObject","url":"https:\/\/tabaccomd.com\/wp-content\/uploads\/2024\/07\/set-sky-bricheta-ghilotina-238358-4.jpg","@id":"https:\/\/tabaccomd.com\/ro\/product\/set-sky-turbo-bricheta-si-ghilotina-238358\/#mainImage","width":1000,"height":1000,"caption":"set-sky-bricheta-ghilotina-238358-4"},"primaryImageOfPage":{"@id":"https:\/\/tabaccomd.com\/ro\/product\/set-sky-turbo-bricheta-si-ghilotina-238358\/#mainImage"},"datePublished":"2024-07-26T15:00:34+03:00","dateModified":"2024-08-09T14:35:26+03:00"},{"@type":"WebSite","@id":"https:\/\/tabaccomd.com\/ro\/#website","url":"https:\/\/tabaccomd.com\/ro\/","name":"Tabacco House","alternateName":"tobaccomd.com","description":"\u041c\u0430\u0433\u0430\u0437\u0438\u043d \u0442\u0430\u0431\u0430\u0447\u043d\u044b\u0445 \u0438\u0437\u0434\u0435\u043b\u0438\u0439","inLanguage":"ro-RO","publisher":{"@id":"https:\/\/tabaccomd.com\/ro\/#organization"}}]},"og:locale":"ro_RO","og:site_name":"Tabacco House \u2013 \u041c\u0430\u0433\u0430\u0437\u0438\u043d \u0442\u0430\u0431\u0430\u0447\u043d\u044b\u0445 \u0438\u0437\u0434\u0435\u043b\u0438\u0439","og:type":"article","og:title":"Set SKY \u201eTurbo brichet\u0103 \u0219i ghilotin\u0103\u201d 238358 \u2013 Tabacco House","og:url":"https:\/\/tabaccomd.com\/ro\/product\/set-sky-turbo-bricheta-si-ghilotina-238358\/","article:published_time":"2024-07-26T12:00:34+00:00","article:modified_time":"2024-08-09T11:35:26+00:00","article:publisher":"https:\/\/www.facebook.com\/tabaccomd.com\/","twitter:card":"summary_large_image","twitter:title":"Set SKY \u201eTurbo brichet\u0103 \u0219i ghilotin\u0103\u201d 238358 \u2013 Tabacco House"},"aioseo_meta_data":{"post_id":"140311","title":null,"description":null,"keywords":null,"keyphrases":null,"primary_term":null,"canonical_url":null,"og_title":null,"og_description":null,"og_object_type":"default","og_image_type":"default","og_image_url":null,"og_image_width":null,"og_image_height":null,"og_image_custom_url":null,"og_image_custom_fields":null,"og_video":null,"og_custom_url":null,"og_article_section":null,"og_article_tags":null,"twitter_use_og":false,"twitter_card":"default","twitter_image_type":"default","twitter_image_url":null,"twitter_image_custom_url":null,"twitter_image_custom_fields":null,"twitter_title":null,"twitter_description":null,"schema":{"blockGraphs":[],"customGraphs":[],"default":{"data":{"Article":[],"Course":[],"Dataset":[],"FAQPage":[],"Movie":[],"Person":[],"Product":[],"ProductReview":[],"Car":[],"Recipe":[],"Service":[],"SoftwareApplication":[],"WebPage":[]},"graphName":"","isEnabled":true},"graphs":[]},"schema_type":"default","schema_type_options":null,"pillar_content":false,"robots_default":true,"robots_noindex":false,"robots_noarchive":false,"robots_nosnippet":false,"robots_nofollow":false,"robots_noimageindex":false,"robots_noodp":false,"robots_notranslate":false,"robots_max_snippet":null,"robots_max_videopreview":null,"robots_max_imagepreview":"large","priority":null,"frequency":null,"local_seo":null,"seo_analyzer_scan_date":"2025-10-20 19:37:06","breadcrumb_settings":null,"limit_modified_date":false,"reviewed_by":null,"open_ai":null,"ai":null,"created":"2024-08-09 11:31:02","updated":"2025-10-20 19:37:06"},"aioseo_breadcrumb":"<div class=\"aioseo-breadcrumbs\"><span class=\"aioseo-breadcrumb\">\n\t<a href=\"https:\/\/tabaccomd.com\/ro\/\" title=\"\u0413\u043b\u0430\u0432\u043d\u0430\u044f\">\u0413\u043b\u0430\u0432\u043d\u0430\u044f<\/a>\n<\/span><span class=\"aioseo-breadcrumb-separator\">\u00bb<\/span><span class=\"aioseo-breadcrumb\">\n\t<a href=\"https:\/\/tabaccomd.com\/ro\/catalog\/\" title=\"Catalog\">Catalog<\/a>\n<\/span><span class=\"aioseo-breadcrumb-separator\">\u00bb<\/span><span class=\"aioseo-breadcrumb\">\n\t<a href=\"https:\/\/tabaccomd.com\/ro\/product-category\/brichete\/\" title=\"Brichete\">Brichete<\/a>\n<\/span><span class=\"aioseo-breadcrumb-separator\">\u00bb<\/span><span class=\"aioseo-breadcrumb\">\n\t<a href=\"https:\/\/tabaccomd.com\/ro\/product-category\/brichete\/brichete-de-gaz\/\" title=\"Brichete de gaz\">Brichete de gaz<\/a>\n<\/span><span class=\"aioseo-breadcrumb-separator\">\u00bb<\/span><span class=\"aioseo-breadcrumb\">\n\tSet SKY \u201eTurbo brichet\u0103 \u0219i ghilotin\u0103\u201d 238358\n<\/span><\/div>","aioseo_breadcrumb_json":[{"label":"\u0413\u043b\u0430\u0432\u043d\u0430\u044f","link":"https:\/\/tabaccomd.com\/ro\/"},{"label":"Catalog","link":"https:\/\/tabaccomd.com\/ro\/catalog\/"},{"label":"Brichete","link":"https:\/\/tabaccomd.com\/ro\/product-category\/brichete\/"},{"label":"Brichete de gaz","link":"https:\/\/tabaccomd.com\/ro\/product-category\/brichete\/brichete-de-gaz\/"},{"label":"Set SKY &#8222;Turbo brichet\u0103 \u0219i ghilotin\u0103&#8221; 238358","link":"https:\/\/tabaccomd.com\/ro\/product\/set-sky-turbo-bricheta-si-ghilotina-238358\/"}],"images_for_1c":[{"url":"https:\/\/tabaccomd.com\/wp-content\/uploads\/2024\/07\/set-sky-bricheta-ghilotina-238358-4.jpg","type":"featured","alt":"set-sky-bricheta-ghilotina-238358-4","filename":"set-sky-bricheta-ghilotina-238358-4.jpg"},{"url":"https:\/\/tabaccomd.com\/wp-content\/uploads\/2024\/07\/set-sky-bricheta-ghilotina-238358.jpg","type":"gallery","alt":"set-sky-bricheta-ghilotina-238358","filename":"set-sky-bricheta-ghilotina-238358.jpg"},{"url":"https:\/\/tabaccomd.com\/wp-content\/uploads\/2024\/07\/set-sky-bricheta-ghilotina-238358-2.jpg","type":"gallery","alt":"set-sky-bricheta-ghilotina-238358-2","filename":"set-sky-bricheta-ghilotina-238358-2.jpg"},{"url":"https:\/\/tabaccomd.com\/wp-content\/uploads\/2024\/07\/set-sky-bricheta-ghilotina-238358-1.jpg","type":"gallery","alt":"set-sky-bricheta-ghilotina-238358-1","filename":"set-sky-bricheta-ghilotina-238358-1.jpg"},{"url":"https:\/\/tabaccomd.com\/wp-content\/uploads\/2024\/07\/set-sky-bricheta-ghilotina-238358-0.jpg","type":"gallery","alt":"set-sky-bricheta-ghilotina-238358-0","filename":"set-sky-bricheta-ghilotina-238358-0.jpg"}],"additional_data_1c":{"modified_date":"2024-08-09 14:35:26","permalink":"https:\/\/tabaccomd.com\/ro\/product\/set-sky-turbo-bricheta-si-ghilotina-238358\/","stock_status":"instock","manage_stock":"no"},"_links":{"self":[{"href":"https:\/\/tabaccomd.com\/ro\/wp-json\/wp\/v2\/product\/140311","targetHints":{"allow":["GET"]}}],"collection":[{"href":"https:\/\/tabaccomd.com\/ro\/wp-json\/wp\/v2\/product"}],"about":[{"href":"https:\/\/tabaccomd.com\/ro\/wp-json\/wp\/v2\/types\/product"}],"wp:featuredmedia":[{"embeddable":true,"href":"https:\/\/tabaccomd.com\/ro\/wp-json\/wp\/v2\/media\/140313"}],"wp:attachment":[{"href":"https:\/\/tabaccomd.com\/ro\/wp-json\/wp\/v2\/media?parent=140311"}],"wp:term":[{"taxonomy":"product_brand","embeddable":true,"href":"https:\/\/tabaccomd.com\/ro\/wp-json\/wp\/v2\/product_brand?post=140311"},{"taxonomy":"product_cat","embeddable":true,"href":"https:\/\/tabaccomd.com\/ro\/wp-json\/wp\/v2\/product_cat?post=140311"},{"taxonomy":"product_tag","embeddable":true,"href":"https:\/\/tabaccomd.com\/ro\/wp-json\/wp\/v2\/product_tag?post=140311"}],"curies":[{"name":"wp","href":"https:\/\/api.w.org\/{rel}","templated":true}]}}