{"id":140256,"date":"2024-07-26T15:00:46","date_gmt":"2024-07-26T12:00:46","guid":{"rendered":"https:\/\/tabaccomd.com\/product\/pipa-passatore-bellezza-471681\/"},"modified":"2024-12-18T15:20:49","modified_gmt":"2024-12-18T12:20:49","slug":"pipa-passatore-bellezza-471681","status":"publish","type":"product","link":"https:\/\/tabaccomd.com\/ro\/product\/pipa-passatore-bellezza-471681\/","title":{"rendered":"Pip\u0103 Passatore &#8222;Bellezza&#8221; 471681"},"content":{"rendered":"<p><a href=\"https:\/\/tabaccomd.com\/ro\/categorie-produs\/pipe\/pipe-bb-2\/\">Pipa<\/a> de fumat din briar de la marca Passatore este un accesoriu elegant \u0219i de \u00eenalt\u0103 calitate pentru adev\u0103ra\u021bii cunosc\u0103tori de tutun. Fabricat\u0103 din lemn de briar de \u00eenalt\u0103 calitate, ofer\u0103 propriet\u0103\u021bi excelente de fumat \u0219i durabilitate. Pipa are o form\u0103 ergonomic\u0103 convenabil\u0103 care se potrive\u0219te confortabil \u00een m\u00e2n\u0103. Mu\u0219tiucul din acril sau ebonit\u0103 \u00eembun\u0103t\u0103\u021be\u0219te \u0219i mai mult confortul \u00een timpul fumatului. Estetica pipei este completat\u0103 de elemente decorative rafinate care \u00eei eviden\u021biaz\u0103 unicitatea. Aceast\u0103 pip\u0103 va fi un plus minunat la colec\u021bia ta \u0219i un \u00eenso\u021bitor indispensabil pentru sesiuni pl\u0103cute de fumat.<\/p>\n<p>Pute\u021bi achizi\u021biona pipa Passatore &#8222;Bellezza&#8221; 471681 \u00een Moldova, Chi\u0219in\u0103u, \u00een re\u021beaua de magazine Tabacco House.<\/p>\n","protected":false},"excerpt":{"rendered":"<ul>\n<li>Material pip\u0103: Briar<\/li>\n<li>Material mu\u0219tiuc: Acril, 74 mm<\/li>\n<li>Brand: Passatore<\/li>\n<li>Culoare: Multicolor\u0103<\/li>\n<li>Lungimea pipei: 144 mm<\/li>\n<li>Diametru gaur\u0103: 9 mm<\/li>\n<\/ul>\n","protected":false},"featured_media":140255,"template":"","meta":{"om_disable_all_campaigns":false,"_monsterinsights_skip_tracking":false,"_monsterinsights_sitenote_active":false,"_monsterinsights_sitenote_note":"","_monsterinsights_sitenote_category":0},"product_brand":[],"product_cat":[186],"product_tag":[],"class_list":{"0":"post-140256","1":"product","2":"type-product","3":"status-publish","4":"has-post-thumbnail","6":"product_cat-pipe-de-alte-branduri","8":"first","9":"outofstock","10":"purchasable","11":"product-type-simple"},"aioseo_notices":[],"aioseo_head":"\n\t\t<!-- All in One SEO Pro 4.9.5.2 - aioseo.com -->\n\t<meta name=\"robots\" content=\"max-image-preview:large\" \/>\n\t<link rel=\"canonical\" href=\"https:\/\/tabaccomd.com\/ro\/product\/pipa-passatore-bellezza-471681\/\" \/>\n\t<meta name=\"generator\" content=\"All in One SEO Pro (AIOSEO) 4.9.5.2\" \/>\n\t\t<meta property=\"og:locale\" content=\"ro_RO\" \/>\n\t\t<meta property=\"og:site_name\" content=\"Tabacco House \u2013 \u041c\u0430\u0433\u0430\u0437\u0438\u043d \u0442\u0430\u0431\u0430\u0447\u043d\u044b\u0445 \u0438\u0437\u0434\u0435\u043b\u0438\u0439\" \/>\n\t\t<meta property=\"og:type\" content=\"article\" \/>\n\t\t<meta property=\"og:title\" content=\"Pip\u0103 Passatore \u201eBellezza\u201d 471681 \u2013 Tabacco House\" \/>\n\t\t<meta property=\"og:url\" content=\"https:\/\/tabaccomd.com\/ro\/product\/pipa-passatore-bellezza-471681\/\" \/>\n\t\t<meta property=\"article:published_time\" content=\"2024-07-26T12:00:46+00:00\" \/>\n\t\t<meta property=\"article:modified_time\" content=\"2024-12-18T12:20:49+00:00\" \/>\n\t\t<meta property=\"article:publisher\" content=\"https:\/\/www.facebook.com\/tabaccomd.com\/\" \/>\n\t\t<meta name=\"twitter:card\" content=\"summary_large_image\" \/>\n\t\t<meta name=\"twitter:title\" content=\"Pip\u0103 Passatore \u201eBellezza\u201d 471681 \u2013 Tabacco House\" \/>\n\t\t<script type=\"application\/ld+json\" class=\"aioseo-schema\">\n\t\t\t{\"@context\":\"https:\\\/\\\/schema.org\",\"@graph\":[{\"@type\":\"BreadcrumbList\",\"@id\":\"https:\\\/\\\/tabaccomd.com\\\/ro\\\/product\\\/pipa-passatore-bellezza-471681\\\/#breadcrumblist\",\"itemListElement\":[{\"@type\":\"ListItem\",\"@id\":\"https:\\\/\\\/tabaccomd.com\\\/ro\\\/#listItem\",\"position\":1,\"name\":\"\\u0413\\u043b\\u0430\\u0432\\u043d\\u0430\\u044f\",\"item\":\"https:\\\/\\\/tabaccomd.com\\\/ro\\\/\",\"nextItem\":{\"@type\":\"ListItem\",\"@id\":\"https:\\\/\\\/tabaccomd.com\\\/ro\\\/catalog\\\/#listItem\",\"name\":\"Catalog\"}},{\"@type\":\"ListItem\",\"@id\":\"https:\\\/\\\/tabaccomd.com\\\/ro\\\/catalog\\\/#listItem\",\"position\":2,\"name\":\"Catalog\",\"item\":\"https:\\\/\\\/tabaccomd.com\\\/ro\\\/catalog\\\/\",\"nextItem\":{\"@type\":\"ListItem\",\"@id\":\"https:\\\/\\\/tabaccomd.com\\\/ro\\\/product-category\\\/pipe\\\/#listItem\",\"name\":\"Pipe\"},\"previousItem\":{\"@type\":\"ListItem\",\"@id\":\"https:\\\/\\\/tabaccomd.com\\\/ro\\\/#listItem\",\"name\":\"\\u0413\\u043b\\u0430\\u0432\\u043d\\u0430\\u044f\"}},{\"@type\":\"ListItem\",\"@id\":\"https:\\\/\\\/tabaccomd.com\\\/ro\\\/product-category\\\/pipe\\\/#listItem\",\"position\":3,\"name\":\"Pipe\",\"item\":\"https:\\\/\\\/tabaccomd.com\\\/ro\\\/product-category\\\/pipe\\\/\",\"nextItem\":{\"@type\":\"ListItem\",\"@id\":\"https:\\\/\\\/tabaccomd.com\\\/ro\\\/product-category\\\/pipe\\\/pipe-de-alte-branduri\\\/#listItem\",\"name\":\"Pipe de alte branduri\"},\"previousItem\":{\"@type\":\"ListItem\",\"@id\":\"https:\\\/\\\/tabaccomd.com\\\/ro\\\/catalog\\\/#listItem\",\"name\":\"Catalog\"}},{\"@type\":\"ListItem\",\"@id\":\"https:\\\/\\\/tabaccomd.com\\\/ro\\\/product-category\\\/pipe\\\/pipe-de-alte-branduri\\\/#listItem\",\"position\":4,\"name\":\"Pipe de alte branduri\",\"item\":\"https:\\\/\\\/tabaccomd.com\\\/ro\\\/product-category\\\/pipe\\\/pipe-de-alte-branduri\\\/\",\"nextItem\":{\"@type\":\"ListItem\",\"@id\":\"https:\\\/\\\/tabaccomd.com\\\/ro\\\/product\\\/pipa-passatore-bellezza-471681\\\/#listItem\",\"name\":\"Pip\\u0103 Passatore &#8222;Bellezza&#8221; 471681\"},\"previousItem\":{\"@type\":\"ListItem\",\"@id\":\"https:\\\/\\\/tabaccomd.com\\\/ro\\\/product-category\\\/pipe\\\/#listItem\",\"name\":\"Pipe\"}},{\"@type\":\"ListItem\",\"@id\":\"https:\\\/\\\/tabaccomd.com\\\/ro\\\/product\\\/pipa-passatore-bellezza-471681\\\/#listItem\",\"position\":5,\"name\":\"Pip\\u0103 Passatore &#8222;Bellezza&#8221; 471681\",\"previousItem\":{\"@type\":\"ListItem\",\"@id\":\"https:\\\/\\\/tabaccomd.com\\\/ro\\\/product-category\\\/pipe\\\/pipe-de-alte-branduri\\\/#listItem\",\"name\":\"Pipe de alte branduri\"}}]},{\"@type\":\"Organization\",\"@id\":\"https:\\\/\\\/tabaccomd.com\\\/ro\\\/#organization\",\"name\":\"Tabacco House\",\"description\":\"\\u041c\\u0430\\u0433\\u0430\\u0437\\u0438\\u043d \\u0442\\u0430\\u0431\\u0430\\u0447\\u043d\\u044b\\u0445 \\u0438\\u0437\\u0434\\u0435\\u043b\\u0438\\u0439\",\"url\":\"https:\\\/\\\/tabaccomd.com\\\/ro\\\/\",\"email\":\"Office@cazacuhouse.com\",\"telephone\":\"+37361000935\",\"logo\":{\"@type\":\"ImageObject\",\"url\":\"https:\\\/\\\/tabaccomd.com\\\/wp-content\\\/uploads\\\/2024\\\/02\\\/logo_header3.png\",\"@id\":\"https:\\\/\\\/tabaccomd.com\\\/ro\\\/product\\\/pipa-passatore-bellezza-471681\\\/#organizationLogo\",\"width\":32,\"height\":32,\"caption\":\"Tabacco House\"},\"image\":{\"@id\":\"https:\\\/\\\/tabaccomd.com\\\/ro\\\/product\\\/pipa-passatore-bellezza-471681\\\/#organizationLogo\"},\"sameAs\":[\"https:\\\/\\\/www.facebook.com\\\/tabaccomd.com\\\/\",\"https:\\\/\\\/www.instagram.com\\\/tabaccomd.com\\\/\"],\"address\":{\"@id\":\"https:\\\/\\\/tabaccomd.com\\\/ro\\\/#postaladdress\",\"@type\":\"PostalAddress\",\"streetAddress\":\"Strada Albi\\u015foara 4, Chi\\u0219in\\u0103u, Bulevardul \\u0218tefan cel Mare \\u0219i Sf\\u00eent 136, Chi\\u0219in\\u0103u\",\"addressLocality\":\"Chi\\u0219in\\u0103u\",\"addressCountry\":\"MD\"}},{\"@type\":\"Product\",\"@id\":\"https:\\\/\\\/tabaccomd.com\\\/ro\\\/product\\\/pipa-passatore-bellezza-471681\\\/#wooCommerceProduct\",\"name\":\"Pip\\u0103 Passatore \\\"Bellezza\\\" 471681\",\"description\":\"Material pip\\u0103: Briar\\r\\n \\tMaterial mu\\u0219tiuc: Acril, 74 mm\\r\\n \\tBrand: Passatore\\r\\n \\tCuloare: Multicolor\\u0103\\r\\n \\tLungimea pipei: 144 mm\\r\\n \\tDiametru gaur\\u0103: 9 mm\",\"url\":\"https:\\\/\\\/tabaccomd.com\\\/ro\\\/product\\\/pipa-passatore-bellezza-471681\\\/\",\"sku\":\"471681\",\"image\":{\"@type\":\"ImageObject\",\"url\":\"https:\\\/\\\/tabaccomd.com\\\/wp-content\\\/uploads\\\/2024\\\/07\\\/pipa-Passatore-Bellezza-471681-0.jpg\",\"@id\":\"https:\\\/\\\/tabaccomd.com\\\/ro\\\/product\\\/pipa-passatore-bellezza-471681\\\/#productImage\",\"width\":1000,\"height\":1000,\"caption\":\"pipa-Passatore-Bellezza-471681-0\"},\"offers\":{\"@type\":\"Offer\",\"url\":\"https:\\\/\\\/tabaccomd.com\\\/ro\\\/product\\\/pipa-passatore-bellezza-471681\\\/#wooCommerceOffer\",\"price\":2160,\"priceCurrency\":\"MDL\",\"category\":\"Pipe de alte branduri\",\"availability\":\"https:\\\/\\\/schema.org\\\/OutOfStock\",\"priceSpecification\":{\"@type\":\"PriceSpecification\",\"price\":2160,\"priceCurrency\":\"MDL\",\"valueAddedTaxIncluded\":\"true\"},\"seller\":{\"@type\":\"Organization\",\"@id\":\"https:\\\/\\\/tabaccomd.com\\\/ro\\\/#organization\"}}},{\"@type\":\"WebPage\",\"@id\":\"https:\\\/\\\/tabaccomd.com\\\/ro\\\/product\\\/pipa-passatore-bellezza-471681\\\/#webpage\",\"url\":\"https:\\\/\\\/tabaccomd.com\\\/ro\\\/product\\\/pipa-passatore-bellezza-471681\\\/\",\"name\":\"Pip\\u0103 Passatore \\u201eBellezza\\u201d 471681 \\u2013 Tabacco House\",\"inLanguage\":\"ro-RO\",\"isPartOf\":{\"@id\":\"https:\\\/\\\/tabaccomd.com\\\/ro\\\/#website\"},\"breadcrumb\":{\"@id\":\"https:\\\/\\\/tabaccomd.com\\\/ro\\\/product\\\/pipa-passatore-bellezza-471681\\\/#breadcrumblist\"},\"image\":{\"@type\":\"ImageObject\",\"url\":\"https:\\\/\\\/tabaccomd.com\\\/wp-content\\\/uploads\\\/2024\\\/07\\\/pipa-Passatore-Bellezza-471681-0.jpg\",\"@id\":\"https:\\\/\\\/tabaccomd.com\\\/ro\\\/product\\\/pipa-passatore-bellezza-471681\\\/#mainImage\",\"width\":1000,\"height\":1000,\"caption\":\"pipa-Passatore-Bellezza-471681-0\"},\"primaryImageOfPage\":{\"@id\":\"https:\\\/\\\/tabaccomd.com\\\/ro\\\/product\\\/pipa-passatore-bellezza-471681\\\/#mainImage\"},\"datePublished\":\"2024-07-26T15:00:46+03:00\",\"dateModified\":\"2024-12-18T15:20:49+03:00\"},{\"@type\":\"WebSite\",\"@id\":\"https:\\\/\\\/tabaccomd.com\\\/ro\\\/#website\",\"url\":\"https:\\\/\\\/tabaccomd.com\\\/ro\\\/\",\"name\":\"Tabacco House\",\"alternateName\":\"tobaccomd.com\",\"description\":\"\\u041c\\u0430\\u0433\\u0430\\u0437\\u0438\\u043d \\u0442\\u0430\\u0431\\u0430\\u0447\\u043d\\u044b\\u0445 \\u0438\\u0437\\u0434\\u0435\\u043b\\u0438\\u0439\",\"inLanguage\":\"ro-RO\",\"publisher\":{\"@id\":\"https:\\\/\\\/tabaccomd.com\\\/ro\\\/#organization\"}}]}\n\t\t<\/script>\n\t\t<!-- All in One SEO Pro -->\r\n\t\t<title>Pip\u0103 Passatore \u201eBellezza\u201d 471681 \u2013 Tabacco House<\/title>\n\n","aioseo_head_json":{"title":"Pip\u0103 Passatore \u201eBellezza\u201d 471681 \u2013 Tabacco House","description":"","canonical_url":"https:\/\/tabaccomd.com\/ro\/product\/pipa-passatore-bellezza-471681\/","robots":"max-image-preview:large","keywords":"","webmasterTools":{"miscellaneous":""},"schema":{"@context":"https:\/\/schema.org","@graph":[{"@type":"BreadcrumbList","@id":"https:\/\/tabaccomd.com\/ro\/product\/pipa-passatore-bellezza-471681\/#breadcrumblist","itemListElement":[{"@type":"ListItem","@id":"https:\/\/tabaccomd.com\/ro\/#listItem","position":1,"name":"\u0413\u043b\u0430\u0432\u043d\u0430\u044f","item":"https:\/\/tabaccomd.com\/ro\/","nextItem":{"@type":"ListItem","@id":"https:\/\/tabaccomd.com\/ro\/catalog\/#listItem","name":"Catalog"}},{"@type":"ListItem","@id":"https:\/\/tabaccomd.com\/ro\/catalog\/#listItem","position":2,"name":"Catalog","item":"https:\/\/tabaccomd.com\/ro\/catalog\/","nextItem":{"@type":"ListItem","@id":"https:\/\/tabaccomd.com\/ro\/product-category\/pipe\/#listItem","name":"Pipe"},"previousItem":{"@type":"ListItem","@id":"https:\/\/tabaccomd.com\/ro\/#listItem","name":"\u0413\u043b\u0430\u0432\u043d\u0430\u044f"}},{"@type":"ListItem","@id":"https:\/\/tabaccomd.com\/ro\/product-category\/pipe\/#listItem","position":3,"name":"Pipe","item":"https:\/\/tabaccomd.com\/ro\/product-category\/pipe\/","nextItem":{"@type":"ListItem","@id":"https:\/\/tabaccomd.com\/ro\/product-category\/pipe\/pipe-de-alte-branduri\/#listItem","name":"Pipe de alte branduri"},"previousItem":{"@type":"ListItem","@id":"https:\/\/tabaccomd.com\/ro\/catalog\/#listItem","name":"Catalog"}},{"@type":"ListItem","@id":"https:\/\/tabaccomd.com\/ro\/product-category\/pipe\/pipe-de-alte-branduri\/#listItem","position":4,"name":"Pipe de alte branduri","item":"https:\/\/tabaccomd.com\/ro\/product-category\/pipe\/pipe-de-alte-branduri\/","nextItem":{"@type":"ListItem","@id":"https:\/\/tabaccomd.com\/ro\/product\/pipa-passatore-bellezza-471681\/#listItem","name":"Pip\u0103 Passatore &#8222;Bellezza&#8221; 471681"},"previousItem":{"@type":"ListItem","@id":"https:\/\/tabaccomd.com\/ro\/product-category\/pipe\/#listItem","name":"Pipe"}},{"@type":"ListItem","@id":"https:\/\/tabaccomd.com\/ro\/product\/pipa-passatore-bellezza-471681\/#listItem","position":5,"name":"Pip\u0103 Passatore &#8222;Bellezza&#8221; 471681","previousItem":{"@type":"ListItem","@id":"https:\/\/tabaccomd.com\/ro\/product-category\/pipe\/pipe-de-alte-branduri\/#listItem","name":"Pipe de alte branduri"}}]},{"@type":"Organization","@id":"https:\/\/tabaccomd.com\/ro\/#organization","name":"Tabacco House","description":"\u041c\u0430\u0433\u0430\u0437\u0438\u043d \u0442\u0430\u0431\u0430\u0447\u043d\u044b\u0445 \u0438\u0437\u0434\u0435\u043b\u0438\u0439","url":"https:\/\/tabaccomd.com\/ro\/","email":"Office@cazacuhouse.com","telephone":"+37361000935","logo":{"@type":"ImageObject","url":"https:\/\/tabaccomd.com\/wp-content\/uploads\/2024\/02\/logo_header3.png","@id":"https:\/\/tabaccomd.com\/ro\/product\/pipa-passatore-bellezza-471681\/#organizationLogo","width":32,"height":32,"caption":"Tabacco House"},"image":{"@id":"https:\/\/tabaccomd.com\/ro\/product\/pipa-passatore-bellezza-471681\/#organizationLogo"},"sameAs":["https:\/\/www.facebook.com\/tabaccomd.com\/","https:\/\/www.instagram.com\/tabaccomd.com\/"],"address":{"@id":"https:\/\/tabaccomd.com\/ro\/#postaladdress","@type":"PostalAddress","streetAddress":"Strada Albi\u015foara 4, Chi\u0219in\u0103u, Bulevardul \u0218tefan cel Mare \u0219i Sf\u00eent 136, Chi\u0219in\u0103u","addressLocality":"Chi\u0219in\u0103u","addressCountry":"MD"}},{"@type":"Product","@id":"https:\/\/tabaccomd.com\/ro\/product\/pipa-passatore-bellezza-471681\/#wooCommerceProduct","name":"Pip\u0103 Passatore \"Bellezza\" 471681","description":"Material pip\u0103: Briar\r\n \tMaterial mu\u0219tiuc: Acril, 74 mm\r\n \tBrand: Passatore\r\n \tCuloare: Multicolor\u0103\r\n \tLungimea pipei: 144 mm\r\n \tDiametru gaur\u0103: 9 mm","url":"https:\/\/tabaccomd.com\/ro\/product\/pipa-passatore-bellezza-471681\/","sku":"471681","image":{"@type":"ImageObject","url":"https:\/\/tabaccomd.com\/wp-content\/uploads\/2024\/07\/pipa-Passatore-Bellezza-471681-0.jpg","@id":"https:\/\/tabaccomd.com\/ro\/product\/pipa-passatore-bellezza-471681\/#productImage","width":1000,"height":1000,"caption":"pipa-Passatore-Bellezza-471681-0"},"offers":{"@type":"Offer","url":"https:\/\/tabaccomd.com\/ro\/product\/pipa-passatore-bellezza-471681\/#wooCommerceOffer","price":2160,"priceCurrency":"MDL","category":"Pipe de alte branduri","availability":"https:\/\/schema.org\/OutOfStock","priceSpecification":{"@type":"PriceSpecification","price":2160,"priceCurrency":"MDL","valueAddedTaxIncluded":"true"},"seller":{"@type":"Organization","@id":"https:\/\/tabaccomd.com\/ro\/#organization"}}},{"@type":"WebPage","@id":"https:\/\/tabaccomd.com\/ro\/product\/pipa-passatore-bellezza-471681\/#webpage","url":"https:\/\/tabaccomd.com\/ro\/product\/pipa-passatore-bellezza-471681\/","name":"Pip\u0103 Passatore \u201eBellezza\u201d 471681 \u2013 Tabacco House","inLanguage":"ro-RO","isPartOf":{"@id":"https:\/\/tabaccomd.com\/ro\/#website"},"breadcrumb":{"@id":"https:\/\/tabaccomd.com\/ro\/product\/pipa-passatore-bellezza-471681\/#breadcrumblist"},"image":{"@type":"ImageObject","url":"https:\/\/tabaccomd.com\/wp-content\/uploads\/2024\/07\/pipa-Passatore-Bellezza-471681-0.jpg","@id":"https:\/\/tabaccomd.com\/ro\/product\/pipa-passatore-bellezza-471681\/#mainImage","width":1000,"height":1000,"caption":"pipa-Passatore-Bellezza-471681-0"},"primaryImageOfPage":{"@id":"https:\/\/tabaccomd.com\/ro\/product\/pipa-passatore-bellezza-471681\/#mainImage"},"datePublished":"2024-07-26T15:00:46+03:00","dateModified":"2024-12-18T15:20:49+03:00"},{"@type":"WebSite","@id":"https:\/\/tabaccomd.com\/ro\/#website","url":"https:\/\/tabaccomd.com\/ro\/","name":"Tabacco House","alternateName":"tobaccomd.com","description":"\u041c\u0430\u0433\u0430\u0437\u0438\u043d \u0442\u0430\u0431\u0430\u0447\u043d\u044b\u0445 \u0438\u0437\u0434\u0435\u043b\u0438\u0439","inLanguage":"ro-RO","publisher":{"@id":"https:\/\/tabaccomd.com\/ro\/#organization"}}]},"og:locale":"ro_RO","og:site_name":"Tabacco House \u2013 \u041c\u0430\u0433\u0430\u0437\u0438\u043d \u0442\u0430\u0431\u0430\u0447\u043d\u044b\u0445 \u0438\u0437\u0434\u0435\u043b\u0438\u0439","og:type":"article","og:title":"Pip\u0103 Passatore \u201eBellezza\u201d 471681 \u2013 Tabacco House","og:url":"https:\/\/tabaccomd.com\/ro\/product\/pipa-passatore-bellezza-471681\/","article:published_time":"2024-07-26T12:00:46+00:00","article:modified_time":"2024-12-18T12:20:49+00:00","article:publisher":"https:\/\/www.facebook.com\/tabaccomd.com\/","twitter:card":"summary_large_image","twitter:title":"Pip\u0103 Passatore \u201eBellezza\u201d 471681 \u2013 Tabacco House"},"aioseo_meta_data":{"post_id":"140256","title":null,"description":null,"keywords":null,"keyphrases":null,"primary_term":null,"canonical_url":null,"og_title":null,"og_description":null,"og_object_type":"default","og_image_type":"default","og_image_url":null,"og_image_width":null,"og_image_height":null,"og_image_custom_url":null,"og_image_custom_fields":null,"og_video":null,"og_custom_url":null,"og_article_section":null,"og_article_tags":null,"twitter_use_og":false,"twitter_card":"default","twitter_image_type":"default","twitter_image_url":null,"twitter_image_custom_url":null,"twitter_image_custom_fields":null,"twitter_title":null,"twitter_description":null,"schema":{"blockGraphs":[],"customGraphs":[],"default":{"data":{"Article":[],"Course":[],"Dataset":[],"FAQPage":[],"Movie":[],"Person":[],"Product":[],"ProductReview":[],"Car":[],"Recipe":[],"Service":[],"SoftwareApplication":[],"WebPage":[]},"graphName":"","isEnabled":true},"graphs":[]},"schema_type":"default","schema_type_options":null,"pillar_content":false,"robots_default":true,"robots_noindex":false,"robots_noarchive":false,"robots_nosnippet":false,"robots_nofollow":false,"robots_noimageindex":false,"robots_noodp":false,"robots_notranslate":false,"robots_max_snippet":null,"robots_max_videopreview":null,"robots_max_imagepreview":"large","priority":null,"frequency":null,"local_seo":null,"seo_analyzer_scan_date":"2025-10-20 19:37:40","breadcrumb_settings":null,"limit_modified_date":false,"reviewed_by":null,"open_ai":null,"ai":null,"created":"2024-08-07 14:50:37","updated":"2025-10-20 19:37:40"},"aioseo_breadcrumb":"<div class=\"aioseo-breadcrumbs\"><span class=\"aioseo-breadcrumb\">\n\t<a href=\"https:\/\/tabaccomd.com\/ro\/\" title=\"\u0413\u043b\u0430\u0432\u043d\u0430\u044f\">\u0413\u043b\u0430\u0432\u043d\u0430\u044f<\/a>\n<\/span><span class=\"aioseo-breadcrumb-separator\">\u00bb<\/span><span class=\"aioseo-breadcrumb\">\n\t<a href=\"https:\/\/tabaccomd.com\/ro\/catalog\/\" title=\"Catalog\">Catalog<\/a>\n<\/span><span class=\"aioseo-breadcrumb-separator\">\u00bb<\/span><span class=\"aioseo-breadcrumb\">\n\t<a href=\"https:\/\/tabaccomd.com\/ro\/product-category\/pipe\/\" title=\"Pipe\">Pipe<\/a>\n<\/span><span class=\"aioseo-breadcrumb-separator\">\u00bb<\/span><span class=\"aioseo-breadcrumb\">\n\t<a href=\"https:\/\/tabaccomd.com\/ro\/product-category\/pipe\/pipe-de-alte-branduri\/\" title=\"Pipe de alte branduri\">Pipe de alte branduri<\/a>\n<\/span><span class=\"aioseo-breadcrumb-separator\">\u00bb<\/span><span class=\"aioseo-breadcrumb\">\n\tPip\u0103 Passatore \u201eBellezza\u201d 471681\n<\/span><\/div>","aioseo_breadcrumb_json":[{"label":"\u0413\u043b\u0430\u0432\u043d\u0430\u044f","link":"https:\/\/tabaccomd.com\/ro\/"},{"label":"Catalog","link":"https:\/\/tabaccomd.com\/ro\/catalog\/"},{"label":"Pipe","link":"https:\/\/tabaccomd.com\/ro\/product-category\/pipe\/"},{"label":"Pipe de alte branduri","link":"https:\/\/tabaccomd.com\/ro\/product-category\/pipe\/pipe-de-alte-branduri\/"},{"label":"Pip\u0103 Passatore &#8222;Bellezza&#8221; 471681","link":"https:\/\/tabaccomd.com\/ro\/product\/pipa-passatore-bellezza-471681\/"}],"images_for_1c":[{"url":"https:\/\/tabaccomd.com\/wp-content\/uploads\/2024\/07\/pipa-Passatore-Bellezza-471681-0.jpg","type":"featured","alt":"pipa-Passatore-Bellezza-471681-0","filename":"pipa-Passatore-Bellezza-471681-0.jpg"},{"url":"https:\/\/tabaccomd.com\/wp-content\/uploads\/2024\/07\/pipa-passatore.jpeg","type":"gallery","alt":"pipa-passatore","filename":"pipa-passatore.jpeg"}],"additional_data_1c":{"modified_date":"2024-12-18 15:20:49","permalink":"https:\/\/tabaccomd.com\/ro\/product\/pipa-passatore-bellezza-471681\/","stock_status":"outofstock","manage_stock":"no"},"_links":{"self":[{"href":"https:\/\/tabaccomd.com\/ro\/wp-json\/wp\/v2\/product\/140256","targetHints":{"allow":["GET"]}}],"collection":[{"href":"https:\/\/tabaccomd.com\/ro\/wp-json\/wp\/v2\/product"}],"about":[{"href":"https:\/\/tabaccomd.com\/ro\/wp-json\/wp\/v2\/types\/product"}],"wp:featuredmedia":[{"embeddable":true,"href":"https:\/\/tabaccomd.com\/ro\/wp-json\/wp\/v2\/media\/140255"}],"wp:attachment":[{"href":"https:\/\/tabaccomd.com\/ro\/wp-json\/wp\/v2\/media?parent=140256"}],"wp:term":[{"taxonomy":"product_brand","embeddable":true,"href":"https:\/\/tabaccomd.com\/ro\/wp-json\/wp\/v2\/product_brand?post=140256"},{"taxonomy":"product_cat","embeddable":true,"href":"https:\/\/tabaccomd.com\/ro\/wp-json\/wp\/v2\/product_cat?post=140256"},{"taxonomy":"product_tag","embeddable":true,"href":"https:\/\/tabaccomd.com\/ro\/wp-json\/wp\/v2\/product_tag?post=140256"}],"curies":[{"name":"wp","href":"https:\/\/api.w.org\/{rel}","templated":true}]}}