{"id":140085,"date":"2024-07-31T13:05:38","date_gmt":"2024-07-31T10:05:38","guid":{"rendered":"https:\/\/tabaccomd.com\/product\/bratara-din-piele-tiger-eye-xqni-br46\/"},"modified":"2024-08-07T02:15:24","modified_gmt":"2024-08-06T23:15:24","slug":"bratara-din-piele-tiger-eye-xqni-br46","status":"publish","type":"product","link":"https:\/\/tabaccomd.com\/ro\/product\/bratara-din-piele-tiger-eye-xqni-br46\/","title":{"rendered":"Br\u0103\u021bar\u0103 din piele Tiger Eye XQNI BR46"},"content":{"rendered":"<p>Aceast\u0103 <a href=\"https:\/\/tabaccomd.com\/ro\/categorie-produs\/accesorii\/bratari\/\">br\u0103\u021bar\u0103<\/a> din piele natural\u0103 realizat\u0103 manual este un accesoriu elegant \u0219i sofisticat. Fabricat\u0103 din piele de \u00eenalt\u0103 calitate, ofer\u0103 durabilitate \u0219i confort. \u00cenchiderea magnetic\u0103 asigur\u0103 o fixare sigur\u0103 \u0219i u\u0219oar\u0103. Br\u0103\u021bara, fixat\u0103 cu dou\u0103 pietre pre\u021bioase Ochi de Tigru, adaug\u0103 un element de stil \u0219i rafinament. Lustruirea fin\u0103 tripl\u0103 ofer\u0103 o str\u0103lucire \u0219i netezime deosebite la atingere. Aceast\u0103 br\u0103\u021bar\u0103 este perfect\u0103 pentru orice ocazie, complet\u00e2nd perfect orice \u021binut\u0103 \u0219i ad\u0103ug\u00e2nd un plus de elegan\u021b\u0103 \u0219i unicitate.<\/p>\n<p>Pute\u021bi achizi\u021biona br\u0103\u021bara din piele Tiger Eye XQNI BR46 \u00een Moldova, Chi\u0219in\u0103u, \u00een re\u021beaua de magazine Tabacco House.<\/p>\n","protected":false},"excerpt":{"rendered":"<ul class=\"product-fields\">\n<li>Produc\u0103tor: XQNI<\/li>\n<li>Material: Piele natural\u0103, o\u021bel inoxidabil premium<\/li>\n<li>Lungime: 23 cm<\/li>\n<li>Tip de \u00eenchidere: Magnetic\u0103<\/li>\n<\/ul>\n","protected":false},"featured_media":140084,"template":"","meta":{"om_disable_all_campaigns":false,"_monsterinsights_skip_tracking":false,"_monsterinsights_sitenote_active":false,"_monsterinsights_sitenote_note":"","_monsterinsights_sitenote_category":0},"product_brand":[],"product_cat":[459],"product_tag":[],"class_list":{"0":"post-140085","1":"product","2":"type-product","3":"status-publish","4":"has-post-thumbnail","6":"product_cat-bratari","8":"first","9":"outofstock","10":"purchasable","11":"product-type-simple"},"aioseo_notices":[],"aioseo_head":"\n\t\t<!-- All in One SEO Pro 4.9.5.2 - aioseo.com -->\n\t<meta name=\"description\" content=\"C\u0103uta\u021bi Br\u0103\u021bar\u0103 din piele Tiger Eye XQNI BR46 \u00een Chi\u0219in\u0103u? Br\u0103\u021b\u0103rile noastre din piele natural\u0103, realizate manual, ofer\u0103 stil \u0219i calitate. Descoperi\u021bi accesoriul perfect. Suna\u021bi la 061000935 pentru consulta\u021bii \u0219i achizi\u021bii!\" \/>\n\t<meta name=\"robots\" content=\"max-image-preview:large\" \/>\n\t<link rel=\"canonical\" href=\"https:\/\/tabaccomd.com\/ro\/product\/bratara-din-piele-tiger-eye-xqni-br46\/\" \/>\n\t<meta name=\"generator\" content=\"All in One SEO Pro (AIOSEO) 4.9.5.2\" \/>\n\t\t<meta property=\"og:locale\" content=\"ro_RO\" \/>\n\t\t<meta property=\"og:site_name\" content=\"Tabacco House \u2013 \u041c\u0430\u0433\u0430\u0437\u0438\u043d \u0442\u0430\u0431\u0430\u0447\u043d\u044b\u0445 \u0438\u0437\u0434\u0435\u043b\u0438\u0439\" \/>\n\t\t<meta property=\"og:type\" content=\"article\" \/>\n\t\t<meta property=\"og:title\" content=\"Br\u0103\u021bar\u0103 din piele Tiger Eye XQNI BR46 \u2014 Br\u0103\u021b\u0103ri din piele pentru b\u0103rba\u021bi \u00een Chi\u0219in\u0103u | Piele natural\u0103\" \/>\n\t\t<meta property=\"og:description\" content=\"C\u0103uta\u021bi Br\u0103\u021bar\u0103 din piele Tiger Eye XQNI BR46 \u00een Chi\u0219in\u0103u? Br\u0103\u021b\u0103rile noastre din piele natural\u0103, realizate manual, ofer\u0103 stil \u0219i calitate. Descoperi\u021bi accesoriul perfect. Suna\u021bi la 061000935 pentru consulta\u021bii \u0219i achizi\u021bii!\" \/>\n\t\t<meta property=\"og:url\" content=\"https:\/\/tabaccomd.com\/ro\/product\/bratara-din-piele-tiger-eye-xqni-br46\/\" \/>\n\t\t<meta property=\"article:published_time\" content=\"2024-07-31T10:05:38+00:00\" \/>\n\t\t<meta property=\"article:modified_time\" content=\"2024-08-06T23:15:24+00:00\" \/>\n\t\t<meta property=\"article:publisher\" content=\"https:\/\/www.facebook.com\/tabaccomd.com\/\" \/>\n\t\t<meta name=\"twitter:card\" content=\"summary_large_image\" \/>\n\t\t<meta name=\"twitter:title\" content=\"Br\u0103\u021bar\u0103 din piele Tiger Eye XQNI BR46 \u2014 Br\u0103\u021b\u0103ri din piele pentru b\u0103rba\u021bi \u00een Chi\u0219in\u0103u | Piele natural\u0103\" \/>\n\t\t<meta name=\"twitter:description\" content=\"C\u0103uta\u021bi Br\u0103\u021bar\u0103 din piele Tiger Eye XQNI BR46 \u00een Chi\u0219in\u0103u? Br\u0103\u021b\u0103rile noastre din piele natural\u0103, realizate manual, ofer\u0103 stil \u0219i calitate. Descoperi\u021bi accesoriul perfect. Suna\u021bi la 061000935 pentru consulta\u021bii \u0219i achizi\u021bii!\" \/>\n\t\t<script type=\"application\/ld+json\" class=\"aioseo-schema\">\n\t\t\t{\"@context\":\"https:\\\/\\\/schema.org\",\"@graph\":[{\"@type\":\"BreadcrumbList\",\"@id\":\"https:\\\/\\\/tabaccomd.com\\\/ro\\\/product\\\/bratara-din-piele-tiger-eye-xqni-br46\\\/#breadcrumblist\",\"itemListElement\":[{\"@type\":\"ListItem\",\"@id\":\"https:\\\/\\\/tabaccomd.com\\\/ro\\\/#listItem\",\"position\":1,\"name\":\"\\u0413\\u043b\\u0430\\u0432\\u043d\\u0430\\u044f\",\"item\":\"https:\\\/\\\/tabaccomd.com\\\/ro\\\/\",\"nextItem\":{\"@type\":\"ListItem\",\"@id\":\"https:\\\/\\\/tabaccomd.com\\\/ro\\\/catalog\\\/#listItem\",\"name\":\"Catalog\"}},{\"@type\":\"ListItem\",\"@id\":\"https:\\\/\\\/tabaccomd.com\\\/ro\\\/catalog\\\/#listItem\",\"position\":2,\"name\":\"Catalog\",\"item\":\"https:\\\/\\\/tabaccomd.com\\\/ro\\\/catalog\\\/\",\"nextItem\":{\"@type\":\"ListItem\",\"@id\":\"https:\\\/\\\/tabaccomd.com\\\/ro\\\/product-category\\\/accesorii\\\/#listItem\",\"name\":\"Accesorii\"},\"previousItem\":{\"@type\":\"ListItem\",\"@id\":\"https:\\\/\\\/tabaccomd.com\\\/ro\\\/#listItem\",\"name\":\"\\u0413\\u043b\\u0430\\u0432\\u043d\\u0430\\u044f\"}},{\"@type\":\"ListItem\",\"@id\":\"https:\\\/\\\/tabaccomd.com\\\/ro\\\/product-category\\\/accesorii\\\/#listItem\",\"position\":3,\"name\":\"Accesorii\",\"item\":\"https:\\\/\\\/tabaccomd.com\\\/ro\\\/product-category\\\/accesorii\\\/\",\"nextItem\":{\"@type\":\"ListItem\",\"@id\":\"https:\\\/\\\/tabaccomd.com\\\/ro\\\/product-category\\\/accesorii\\\/bratari\\\/#listItem\",\"name\":\"Br\\u0103\\u021b\\u0103ri\"},\"previousItem\":{\"@type\":\"ListItem\",\"@id\":\"https:\\\/\\\/tabaccomd.com\\\/ro\\\/catalog\\\/#listItem\",\"name\":\"Catalog\"}},{\"@type\":\"ListItem\",\"@id\":\"https:\\\/\\\/tabaccomd.com\\\/ro\\\/product-category\\\/accesorii\\\/bratari\\\/#listItem\",\"position\":4,\"name\":\"Br\\u0103\\u021b\\u0103ri\",\"item\":\"https:\\\/\\\/tabaccomd.com\\\/ro\\\/product-category\\\/accesorii\\\/bratari\\\/\",\"nextItem\":{\"@type\":\"ListItem\",\"@id\":\"https:\\\/\\\/tabaccomd.com\\\/ro\\\/product\\\/bratara-din-piele-tiger-eye-xqni-br46\\\/#listItem\",\"name\":\"Br\\u0103\\u021bar\\u0103 din piele Tiger Eye XQNI BR46\"},\"previousItem\":{\"@type\":\"ListItem\",\"@id\":\"https:\\\/\\\/tabaccomd.com\\\/ro\\\/product-category\\\/accesorii\\\/#listItem\",\"name\":\"Accesorii\"}},{\"@type\":\"ListItem\",\"@id\":\"https:\\\/\\\/tabaccomd.com\\\/ro\\\/product\\\/bratara-din-piele-tiger-eye-xqni-br46\\\/#listItem\",\"position\":5,\"name\":\"Br\\u0103\\u021bar\\u0103 din piele Tiger Eye XQNI BR46\",\"previousItem\":{\"@type\":\"ListItem\",\"@id\":\"https:\\\/\\\/tabaccomd.com\\\/ro\\\/product-category\\\/accesorii\\\/bratari\\\/#listItem\",\"name\":\"Br\\u0103\\u021b\\u0103ri\"}}]},{\"@type\":\"Organization\",\"@id\":\"https:\\\/\\\/tabaccomd.com\\\/ro\\\/#organization\",\"name\":\"Tabacco House\",\"description\":\"\\u041c\\u0430\\u0433\\u0430\\u0437\\u0438\\u043d \\u0442\\u0430\\u0431\\u0430\\u0447\\u043d\\u044b\\u0445 \\u0438\\u0437\\u0434\\u0435\\u043b\\u0438\\u0439\",\"url\":\"https:\\\/\\\/tabaccomd.com\\\/ro\\\/\",\"email\":\"Office@cazacuhouse.com\",\"telephone\":\"+37361000935\",\"logo\":{\"@type\":\"ImageObject\",\"url\":\"https:\\\/\\\/tabaccomd.com\\\/wp-content\\\/uploads\\\/2024\\\/02\\\/logo_header3.png\",\"@id\":\"https:\\\/\\\/tabaccomd.com\\\/ro\\\/product\\\/bratara-din-piele-tiger-eye-xqni-br46\\\/#organizationLogo\",\"width\":32,\"height\":32,\"caption\":\"Tabacco House\"},\"image\":{\"@id\":\"https:\\\/\\\/tabaccomd.com\\\/ro\\\/product\\\/bratara-din-piele-tiger-eye-xqni-br46\\\/#organizationLogo\"},\"sameAs\":[\"https:\\\/\\\/www.facebook.com\\\/tabaccomd.com\\\/\",\"https:\\\/\\\/www.instagram.com\\\/tabaccomd.com\\\/\"],\"address\":{\"@id\":\"https:\\\/\\\/tabaccomd.com\\\/ro\\\/#postaladdress\",\"@type\":\"PostalAddress\",\"streetAddress\":\"Strada Albi\\u015foara 4, Chi\\u0219in\\u0103u, Bulevardul \\u0218tefan cel Mare \\u0219i Sf\\u00eent 136, Chi\\u0219in\\u0103u\",\"addressLocality\":\"Chi\\u0219in\\u0103u\",\"addressCountry\":\"MD\"}},{\"@type\":\"Product\",\"@id\":\"https:\\\/\\\/tabaccomd.com\\\/ro\\\/product\\\/bratara-din-piele-tiger-eye-xqni-br46\\\/#wooCommerceProduct\",\"name\":\"Br\\u0103\\u021bar\\u0103 din piele Tiger Eye XQNI BR46\",\"description\":\"Produc\\u0103tor: XQNI\\r\\n \\tMaterial: Piele natural\\u0103, o\\u021bel inoxidabil premium\\r\\n \\tLungime: 23 cm\\r\\n \\tTip de \\u00eenchidere: Magnetic\\u0103\",\"url\":\"https:\\\/\\\/tabaccomd.com\\\/ro\\\/product\\\/bratara-din-piele-tiger-eye-xqni-br46\\\/\",\"sku\":\"BR46\",\"image\":{\"@type\":\"ImageObject\",\"url\":\"https:\\\/\\\/tabaccomd.com\\\/wp-content\\\/uploads\\\/2024\\\/07\\\/Bratara-din-piele-Tiger-Eye-XQNI-BR46-0.jpg\",\"@id\":\"https:\\\/\\\/tabaccomd.com\\\/ro\\\/product\\\/bratara-din-piele-tiger-eye-xqni-br46\\\/#productImage\",\"width\":1200,\"height\":1200,\"caption\":\"Br\\u0103\\u021bar\\u0103-din-piele-Tiger-Eye-XQNI-BR46-0\"},\"offers\":{\"@type\":\"Offer\",\"url\":\"https:\\\/\\\/tabaccomd.com\\\/ro\\\/product\\\/bratara-din-piele-tiger-eye-xqni-br46\\\/#wooCommerceOffer\",\"price\":450,\"priceCurrency\":\"MDL\",\"category\":\"Br\\u0103\\u021b\\u0103ri\",\"availability\":\"https:\\\/\\\/schema.org\\\/OutOfStock\",\"priceSpecification\":{\"@type\":\"PriceSpecification\",\"price\":450,\"priceCurrency\":\"MDL\",\"valueAddedTaxIncluded\":\"true\"},\"seller\":{\"@type\":\"Organization\",\"@id\":\"https:\\\/\\\/tabaccomd.com\\\/ro\\\/#organization\"}}},{\"@type\":\"WebPage\",\"@id\":\"https:\\\/\\\/tabaccomd.com\\\/ro\\\/product\\\/bratara-din-piele-tiger-eye-xqni-br46\\\/#webpage\",\"url\":\"https:\\\/\\\/tabaccomd.com\\\/ro\\\/product\\\/bratara-din-piele-tiger-eye-xqni-br46\\\/\",\"name\":\"Br\\u0103\\u021bar\\u0103 din piele Tiger Eye XQNI BR46 \\u2014 Br\\u0103\\u021b\\u0103ri din piele pentru b\\u0103rba\\u021bi \\u00een Chi\\u0219in\\u0103u | Piele natural\\u0103\",\"description\":\"C\\u0103uta\\u021bi Br\\u0103\\u021bar\\u0103 din piele Tiger Eye XQNI BR46 \\u00een Chi\\u0219in\\u0103u? Br\\u0103\\u021b\\u0103rile noastre din piele natural\\u0103, realizate manual, ofer\\u0103 stil \\u0219i calitate. Descoperi\\u021bi accesoriul perfect. Suna\\u021bi la 061000935 pentru consulta\\u021bii \\u0219i achizi\\u021bii!\",\"inLanguage\":\"ro-RO\",\"isPartOf\":{\"@id\":\"https:\\\/\\\/tabaccomd.com\\\/ro\\\/#website\"},\"breadcrumb\":{\"@id\":\"https:\\\/\\\/tabaccomd.com\\\/ro\\\/product\\\/bratara-din-piele-tiger-eye-xqni-br46\\\/#breadcrumblist\"},\"image\":{\"@type\":\"ImageObject\",\"url\":\"https:\\\/\\\/tabaccomd.com\\\/wp-content\\\/uploads\\\/2024\\\/07\\\/Bratara-din-piele-Tiger-Eye-XQNI-BR46-0.jpg\",\"@id\":\"https:\\\/\\\/tabaccomd.com\\\/ro\\\/product\\\/bratara-din-piele-tiger-eye-xqni-br46\\\/#mainImage\",\"width\":1200,\"height\":1200,\"caption\":\"Br\\u0103\\u021bar\\u0103-din-piele-Tiger-Eye-XQNI-BR46-0\"},\"primaryImageOfPage\":{\"@id\":\"https:\\\/\\\/tabaccomd.com\\\/ro\\\/product\\\/bratara-din-piele-tiger-eye-xqni-br46\\\/#mainImage\"},\"datePublished\":\"2024-07-31T13:05:38+03:00\",\"dateModified\":\"2024-08-07T02:15:24+03:00\"},{\"@type\":\"WebSite\",\"@id\":\"https:\\\/\\\/tabaccomd.com\\\/ro\\\/#website\",\"url\":\"https:\\\/\\\/tabaccomd.com\\\/ro\\\/\",\"name\":\"Tabacco House\",\"alternateName\":\"tobaccomd.com\",\"description\":\"\\u041c\\u0430\\u0433\\u0430\\u0437\\u0438\\u043d \\u0442\\u0430\\u0431\\u0430\\u0447\\u043d\\u044b\\u0445 \\u0438\\u0437\\u0434\\u0435\\u043b\\u0438\\u0439\",\"inLanguage\":\"ro-RO\",\"publisher\":{\"@id\":\"https:\\\/\\\/tabaccomd.com\\\/ro\\\/#organization\"}}]}\n\t\t<\/script>\n\t\t<!-- All in One SEO Pro -->\r\n\t\t<title>Br\u0103\u021bar\u0103 din piele Tiger Eye XQNI BR46 \u2014 Br\u0103\u021b\u0103ri din piele pentru b\u0103rba\u021bi \u00een Chi\u0219in\u0103u | Piele natural\u0103<\/title>\n\n","aioseo_head_json":{"title":"Br\u0103\u021bar\u0103 din piele Tiger Eye XQNI BR46 \u2014 Br\u0103\u021b\u0103ri din piele pentru b\u0103rba\u021bi \u00een Chi\u0219in\u0103u | Piele natural\u0103","description":"C\u0103uta\u021bi Br\u0103\u021bar\u0103 din piele Tiger Eye XQNI BR46 \u00een Chi\u0219in\u0103u? Br\u0103\u021b\u0103rile noastre din piele natural\u0103, realizate manual, ofer\u0103 stil \u0219i calitate. Descoperi\u021bi accesoriul perfect. Suna\u021bi la 061000935 pentru consulta\u021bii \u0219i achizi\u021bii!","canonical_url":"https:\/\/tabaccomd.com\/ro\/product\/bratara-din-piele-tiger-eye-xqni-br46\/","robots":"max-image-preview:large","keywords":"","webmasterTools":{"miscellaneous":""},"schema":{"@context":"https:\/\/schema.org","@graph":[{"@type":"BreadcrumbList","@id":"https:\/\/tabaccomd.com\/ro\/product\/bratara-din-piele-tiger-eye-xqni-br46\/#breadcrumblist","itemListElement":[{"@type":"ListItem","@id":"https:\/\/tabaccomd.com\/ro\/#listItem","position":1,"name":"\u0413\u043b\u0430\u0432\u043d\u0430\u044f","item":"https:\/\/tabaccomd.com\/ro\/","nextItem":{"@type":"ListItem","@id":"https:\/\/tabaccomd.com\/ro\/catalog\/#listItem","name":"Catalog"}},{"@type":"ListItem","@id":"https:\/\/tabaccomd.com\/ro\/catalog\/#listItem","position":2,"name":"Catalog","item":"https:\/\/tabaccomd.com\/ro\/catalog\/","nextItem":{"@type":"ListItem","@id":"https:\/\/tabaccomd.com\/ro\/product-category\/accesorii\/#listItem","name":"Accesorii"},"previousItem":{"@type":"ListItem","@id":"https:\/\/tabaccomd.com\/ro\/#listItem","name":"\u0413\u043b\u0430\u0432\u043d\u0430\u044f"}},{"@type":"ListItem","@id":"https:\/\/tabaccomd.com\/ro\/product-category\/accesorii\/#listItem","position":3,"name":"Accesorii","item":"https:\/\/tabaccomd.com\/ro\/product-category\/accesorii\/","nextItem":{"@type":"ListItem","@id":"https:\/\/tabaccomd.com\/ro\/product-category\/accesorii\/bratari\/#listItem","name":"Br\u0103\u021b\u0103ri"},"previousItem":{"@type":"ListItem","@id":"https:\/\/tabaccomd.com\/ro\/catalog\/#listItem","name":"Catalog"}},{"@type":"ListItem","@id":"https:\/\/tabaccomd.com\/ro\/product-category\/accesorii\/bratari\/#listItem","position":4,"name":"Br\u0103\u021b\u0103ri","item":"https:\/\/tabaccomd.com\/ro\/product-category\/accesorii\/bratari\/","nextItem":{"@type":"ListItem","@id":"https:\/\/tabaccomd.com\/ro\/product\/bratara-din-piele-tiger-eye-xqni-br46\/#listItem","name":"Br\u0103\u021bar\u0103 din piele Tiger Eye XQNI BR46"},"previousItem":{"@type":"ListItem","@id":"https:\/\/tabaccomd.com\/ro\/product-category\/accesorii\/#listItem","name":"Accesorii"}},{"@type":"ListItem","@id":"https:\/\/tabaccomd.com\/ro\/product\/bratara-din-piele-tiger-eye-xqni-br46\/#listItem","position":5,"name":"Br\u0103\u021bar\u0103 din piele Tiger Eye XQNI BR46","previousItem":{"@type":"ListItem","@id":"https:\/\/tabaccomd.com\/ro\/product-category\/accesorii\/bratari\/#listItem","name":"Br\u0103\u021b\u0103ri"}}]},{"@type":"Organization","@id":"https:\/\/tabaccomd.com\/ro\/#organization","name":"Tabacco House","description":"\u041c\u0430\u0433\u0430\u0437\u0438\u043d \u0442\u0430\u0431\u0430\u0447\u043d\u044b\u0445 \u0438\u0437\u0434\u0435\u043b\u0438\u0439","url":"https:\/\/tabaccomd.com\/ro\/","email":"Office@cazacuhouse.com","telephone":"+37361000935","logo":{"@type":"ImageObject","url":"https:\/\/tabaccomd.com\/wp-content\/uploads\/2024\/02\/logo_header3.png","@id":"https:\/\/tabaccomd.com\/ro\/product\/bratara-din-piele-tiger-eye-xqni-br46\/#organizationLogo","width":32,"height":32,"caption":"Tabacco House"},"image":{"@id":"https:\/\/tabaccomd.com\/ro\/product\/bratara-din-piele-tiger-eye-xqni-br46\/#organizationLogo"},"sameAs":["https:\/\/www.facebook.com\/tabaccomd.com\/","https:\/\/www.instagram.com\/tabaccomd.com\/"],"address":{"@id":"https:\/\/tabaccomd.com\/ro\/#postaladdress","@type":"PostalAddress","streetAddress":"Strada Albi\u015foara 4, Chi\u0219in\u0103u, Bulevardul \u0218tefan cel Mare \u0219i Sf\u00eent 136, Chi\u0219in\u0103u","addressLocality":"Chi\u0219in\u0103u","addressCountry":"MD"}},{"@type":"Product","@id":"https:\/\/tabaccomd.com\/ro\/product\/bratara-din-piele-tiger-eye-xqni-br46\/#wooCommerceProduct","name":"Br\u0103\u021bar\u0103 din piele Tiger Eye XQNI BR46","description":"Produc\u0103tor: XQNI\r\n \tMaterial: Piele natural\u0103, o\u021bel inoxidabil premium\r\n \tLungime: 23 cm\r\n \tTip de \u00eenchidere: Magnetic\u0103","url":"https:\/\/tabaccomd.com\/ro\/product\/bratara-din-piele-tiger-eye-xqni-br46\/","sku":"BR46","image":{"@type":"ImageObject","url":"https:\/\/tabaccomd.com\/wp-content\/uploads\/2024\/07\/Bratara-din-piele-Tiger-Eye-XQNI-BR46-0.jpg","@id":"https:\/\/tabaccomd.com\/ro\/product\/bratara-din-piele-tiger-eye-xqni-br46\/#productImage","width":1200,"height":1200,"caption":"Br\u0103\u021bar\u0103-din-piele-Tiger-Eye-XQNI-BR46-0"},"offers":{"@type":"Offer","url":"https:\/\/tabaccomd.com\/ro\/product\/bratara-din-piele-tiger-eye-xqni-br46\/#wooCommerceOffer","price":450,"priceCurrency":"MDL","category":"Br\u0103\u021b\u0103ri","availability":"https:\/\/schema.org\/OutOfStock","priceSpecification":{"@type":"PriceSpecification","price":450,"priceCurrency":"MDL","valueAddedTaxIncluded":"true"},"seller":{"@type":"Organization","@id":"https:\/\/tabaccomd.com\/ro\/#organization"}}},{"@type":"WebPage","@id":"https:\/\/tabaccomd.com\/ro\/product\/bratara-din-piele-tiger-eye-xqni-br46\/#webpage","url":"https:\/\/tabaccomd.com\/ro\/product\/bratara-din-piele-tiger-eye-xqni-br46\/","name":"Br\u0103\u021bar\u0103 din piele Tiger Eye XQNI BR46 \u2014 Br\u0103\u021b\u0103ri din piele pentru b\u0103rba\u021bi \u00een Chi\u0219in\u0103u | Piele natural\u0103","description":"C\u0103uta\u021bi Br\u0103\u021bar\u0103 din piele Tiger Eye XQNI BR46 \u00een Chi\u0219in\u0103u? Br\u0103\u021b\u0103rile noastre din piele natural\u0103, realizate manual, ofer\u0103 stil \u0219i calitate. Descoperi\u021bi accesoriul perfect. Suna\u021bi la 061000935 pentru consulta\u021bii \u0219i achizi\u021bii!","inLanguage":"ro-RO","isPartOf":{"@id":"https:\/\/tabaccomd.com\/ro\/#website"},"breadcrumb":{"@id":"https:\/\/tabaccomd.com\/ro\/product\/bratara-din-piele-tiger-eye-xqni-br46\/#breadcrumblist"},"image":{"@type":"ImageObject","url":"https:\/\/tabaccomd.com\/wp-content\/uploads\/2024\/07\/Bratara-din-piele-Tiger-Eye-XQNI-BR46-0.jpg","@id":"https:\/\/tabaccomd.com\/ro\/product\/bratara-din-piele-tiger-eye-xqni-br46\/#mainImage","width":1200,"height":1200,"caption":"Br\u0103\u021bar\u0103-din-piele-Tiger-Eye-XQNI-BR46-0"},"primaryImageOfPage":{"@id":"https:\/\/tabaccomd.com\/ro\/product\/bratara-din-piele-tiger-eye-xqni-br46\/#mainImage"},"datePublished":"2024-07-31T13:05:38+03:00","dateModified":"2024-08-07T02:15:24+03:00"},{"@type":"WebSite","@id":"https:\/\/tabaccomd.com\/ro\/#website","url":"https:\/\/tabaccomd.com\/ro\/","name":"Tabacco House","alternateName":"tobaccomd.com","description":"\u041c\u0430\u0433\u0430\u0437\u0438\u043d \u0442\u0430\u0431\u0430\u0447\u043d\u044b\u0445 \u0438\u0437\u0434\u0435\u043b\u0438\u0439","inLanguage":"ro-RO","publisher":{"@id":"https:\/\/tabaccomd.com\/ro\/#organization"}}]},"og:locale":"ro_RO","og:site_name":"Tabacco House \u2013 \u041c\u0430\u0433\u0430\u0437\u0438\u043d \u0442\u0430\u0431\u0430\u0447\u043d\u044b\u0445 \u0438\u0437\u0434\u0435\u043b\u0438\u0439","og:type":"article","og:title":"Br\u0103\u021bar\u0103 din piele Tiger Eye XQNI BR46 \u2014 Br\u0103\u021b\u0103ri din piele pentru b\u0103rba\u021bi \u00een Chi\u0219in\u0103u | Piele natural\u0103","og:description":"C\u0103uta\u021bi Br\u0103\u021bar\u0103 din piele Tiger Eye XQNI BR46 \u00een Chi\u0219in\u0103u? Br\u0103\u021b\u0103rile noastre din piele natural\u0103, realizate manual, ofer\u0103 stil \u0219i calitate. Descoperi\u021bi accesoriul perfect. Suna\u021bi la 061000935 pentru consulta\u021bii \u0219i achizi\u021bii!","og:url":"https:\/\/tabaccomd.com\/ro\/product\/bratara-din-piele-tiger-eye-xqni-br46\/","article:published_time":"2024-07-31T10:05:38+00:00","article:modified_time":"2024-08-06T23:15:24+00:00","article:publisher":"https:\/\/www.facebook.com\/tabaccomd.com\/","twitter:card":"summary_large_image","twitter:title":"Br\u0103\u021bar\u0103 din piele Tiger Eye XQNI BR46 \u2014 Br\u0103\u021b\u0103ri din piele pentru b\u0103rba\u021bi \u00een Chi\u0219in\u0103u | Piele natural\u0103","twitter:description":"C\u0103uta\u021bi Br\u0103\u021bar\u0103 din piele Tiger Eye XQNI BR46 \u00een Chi\u0219in\u0103u? Br\u0103\u021b\u0103rile noastre din piele natural\u0103, realizate manual, ofer\u0103 stil \u0219i calitate. Descoperi\u021bi accesoriul perfect. Suna\u021bi la 061000935 pentru consulta\u021bii \u0219i achizi\u021bii!"},"aioseo_meta_data":{"post_id":"140085","title":"#post_title \u2014 Br\u0103\u021b\u0103ri din piele pentru b\u0103rba\u021bi \u00een Chi\u0219in\u0103u | Piele natural\u0103","description":"C\u0103uta\u021bi #post_title \u00een Chi\u0219in\u0103u? Br\u0103\u021b\u0103rile noastre din piele natural\u0103, realizate manual, ofer\u0103 stil \u0219i calitate. Descoperi\u021bi accesoriul perfect. Suna\u021bi la 061000935 pentru consulta\u021bii \u0219i achizi\u021bii!","keywords":null,"keyphrases":{"focus":{"keyphrase":"","score":0,"analysis":{"keyphraseInTitle":{"score":0,"maxScore":9,"error":1}}},"additional":[]},"primary_term":null,"canonical_url":null,"og_title":null,"og_description":null,"og_object_type":"default","og_image_type":"default","og_image_url":null,"og_image_width":null,"og_image_height":null,"og_image_custom_url":null,"og_image_custom_fields":null,"og_video":"","og_custom_url":null,"og_article_section":null,"og_article_tags":null,"twitter_use_og":false,"twitter_card":"default","twitter_image_type":"default","twitter_image_url":null,"twitter_image_custom_url":null,"twitter_image_custom_fields":null,"twitter_title":null,"twitter_description":null,"schema":{"blockGraphs":[],"customGraphs":[],"default":{"data":{"Article":[],"Course":[],"Dataset":[],"FAQPage":[],"Movie":[],"Person":[],"Product":[],"ProductReview":[],"Car":[],"Recipe":[],"Service":[],"SoftwareApplication":[],"WebPage":[]},"graphName":"ItemPage","isEnabled":true},"graphs":[]},"schema_type":"default","schema_type_options":null,"pillar_content":false,"robots_default":true,"robots_noindex":false,"robots_noarchive":false,"robots_nosnippet":false,"robots_nofollow":false,"robots_noimageindex":false,"robots_noodp":false,"robots_notranslate":false,"robots_max_snippet":"-1","robots_max_videopreview":"-1","robots_max_imagepreview":"large","priority":null,"frequency":"default","local_seo":null,"seo_analyzer_scan_date":"2025-10-20 19:46:59","breadcrumb_settings":null,"limit_modified_date":false,"reviewed_by":null,"open_ai":null,"ai":null,"created":"2024-08-05 09:26:28","updated":"2025-10-20 19:46:59"},"aioseo_breadcrumb":"<div class=\"aioseo-breadcrumbs\"><span class=\"aioseo-breadcrumb\">\n\t<a href=\"https:\/\/tabaccomd.com\/ro\/\" title=\"\u0413\u043b\u0430\u0432\u043d\u0430\u044f\">\u0413\u043b\u0430\u0432\u043d\u0430\u044f<\/a>\n<\/span><span class=\"aioseo-breadcrumb-separator\">\u00bb<\/span><span class=\"aioseo-breadcrumb\">\n\t<a href=\"https:\/\/tabaccomd.com\/ro\/catalog\/\" title=\"Catalog\">Catalog<\/a>\n<\/span><span class=\"aioseo-breadcrumb-separator\">\u00bb<\/span><span class=\"aioseo-breadcrumb\">\n\t<a href=\"https:\/\/tabaccomd.com\/ro\/product-category\/accesorii\/\" title=\"Accesorii\">Accesorii<\/a>\n<\/span><span class=\"aioseo-breadcrumb-separator\">\u00bb<\/span><span class=\"aioseo-breadcrumb\">\n\t<a href=\"https:\/\/tabaccomd.com\/ro\/product-category\/accesorii\/bratari\/\" title=\"Br\u0103\u021b\u0103ri\">Br\u0103\u021b\u0103ri<\/a>\n<\/span><span class=\"aioseo-breadcrumb-separator\">\u00bb<\/span><span class=\"aioseo-breadcrumb\">\n\tBr\u0103\u021bar\u0103 din piele Tiger Eye XQNI BR46\n<\/span><\/div>","aioseo_breadcrumb_json":[{"label":"\u0413\u043b\u0430\u0432\u043d\u0430\u044f","link":"https:\/\/tabaccomd.com\/ro\/"},{"label":"Catalog","link":"https:\/\/tabaccomd.com\/ro\/catalog\/"},{"label":"Accesorii","link":"https:\/\/tabaccomd.com\/ro\/product-category\/accesorii\/"},{"label":"Br\u0103\u021b\u0103ri","link":"https:\/\/tabaccomd.com\/ro\/product-category\/accesorii\/bratari\/"},{"label":"Br\u0103\u021bar\u0103 din piele Tiger Eye XQNI BR46","link":"https:\/\/tabaccomd.com\/ro\/product\/bratara-din-piele-tiger-eye-xqni-br46\/"}],"images_for_1c":[{"url":"https:\/\/tabaccomd.com\/wp-content\/uploads\/2024\/07\/Bratara-din-piele-Tiger-Eye-XQNI-BR46-0.jpg","type":"featured","alt":"Br\u0103\u021bar\u0103-din-piele-Tiger-Eye-XQNI-BR46-0","filename":"Bratara-din-piele-Tiger-Eye-XQNI-BR46-0.jpg"}],"additional_data_1c":{"modified_date":"2024-08-07 02:15:24","permalink":"https:\/\/tabaccomd.com\/ro\/product\/bratara-din-piele-tiger-eye-xqni-br46\/","stock_status":"outofstock","manage_stock":"no"},"_links":{"self":[{"href":"https:\/\/tabaccomd.com\/ro\/wp-json\/wp\/v2\/product\/140085","targetHints":{"allow":["GET"]}}],"collection":[{"href":"https:\/\/tabaccomd.com\/ro\/wp-json\/wp\/v2\/product"}],"about":[{"href":"https:\/\/tabaccomd.com\/ro\/wp-json\/wp\/v2\/types\/product"}],"wp:featuredmedia":[{"embeddable":true,"href":"https:\/\/tabaccomd.com\/ro\/wp-json\/wp\/v2\/media\/140084"}],"wp:attachment":[{"href":"https:\/\/tabaccomd.com\/ro\/wp-json\/wp\/v2\/media?parent=140085"}],"wp:term":[{"taxonomy":"product_brand","embeddable":true,"href":"https:\/\/tabaccomd.com\/ro\/wp-json\/wp\/v2\/product_brand?post=140085"},{"taxonomy":"product_cat","embeddable":true,"href":"https:\/\/tabaccomd.com\/ro\/wp-json\/wp\/v2\/product_cat?post=140085"},{"taxonomy":"product_tag","embeddable":true,"href":"https:\/\/tabaccomd.com\/ro\/wp-json\/wp\/v2\/product_tag?post=140085"}],"curies":[{"name":"wp","href":"https:\/\/api.w.org\/{rel}","templated":true}]}}