{"id":139378,"date":"2024-06-19T16:00:28","date_gmt":"2024-06-19T13:00:28","guid":{"rendered":"https:\/\/tabaccomd.com\/product\/bratara-din-piele-anchor-xqni-br7\/"},"modified":"2024-08-07T02:38:50","modified_gmt":"2024-08-06T23:38:50","slug":"bratara-din-piele-anchor-xqni-br7","status":"publish","type":"product","link":"https:\/\/tabaccomd.com\/ro\/product\/bratara-din-piele-anchor-xqni-br7\/","title":{"rendered":"Br\u0103\u021bar\u0103 din piele Anchor XQNI BR7"},"content":{"rendered":"<p>Aceast\u0103 <a href=\"https:\/\/tabaccomd.com\/ro\/categorie-produs\/accesorii\/bratari\/\">br\u0103\u021bar\u0103<\/a> pentru b\u0103rba\u021bi, confec\u021bionat\u0103 din piele natural\u0103 de \u00eenalt\u0103 calitate, este o alegere elegant\u0103 \u0219i durabil\u0103 pentru orice ocazie. Realizat\u0103 manual, br\u0103\u021bara se distinge printr-o figur\u0103 de ancor\u0103 aurie, ad\u0103ug\u00e2nd un element de stil \u0219i simbolism puternic. \u00cenchiderea magnetic\u0103 asigur\u0103 o utilizare u\u0219oar\u0103 \u0219i sigur\u0103, oferind \u00een acela\u0219i timp confort maxim la purtare. Finisajul de tip lustruire tripl\u0103 fin\u0103 garanteaz\u0103 o suprafa\u021b\u0103 neted\u0103 \u0219i pl\u0103cut\u0103 la atingere, iar datorit\u0103 materialelor premium folosite \u0219i tehnicii de prelucrare, culoarea br\u0103\u021b\u0103rii nu se va deteriora \u00een timp, men\u021bin\u00e2ndu-\u0219i aspectul impecabil pe termen lung. Fiind f\u0103cut\u0103 manual, fiecare br\u0103\u021bar\u0103 are un caracter unic, reflect\u00e2nd m\u0103iestria artizanal\u0103. Aceasta este br\u0103\u021bara perfect\u0103 pentru b\u0103rba\u021bii care apreciaz\u0103 un accesoriu de calitate, durabil \u0219i stilat. Figura de ancor\u0103 aurie adaug\u0103 un plus de semnifica\u021bie personal\u0103 \u0219i stilistic\u0103, fiind un simbol de stabilitate \u0219i siguran\u021b\u0103. Ideal\u0103 at\u00e2t pentru \u021binute casual, c\u00e2t \u0219i formale, aceast\u0103 br\u0103\u021bar\u0103 este un accesoriu versatil \u0219i sofisticat, potrivit pentru orice garderob\u0103.<\/p>\n<p>Pute\u021bi achizi\u021biona br\u0103\u021bara din piele Anchor XQNI BR7 \u00een Moldova, Chi\u0219in\u0103u, \u00een re\u021beaua de magazine Tabacco House.<\/p>\n","protected":false},"excerpt":{"rendered":"<ul class=\"product-fields\">\n<li>Produc\u0103tor: XQNI<\/li>\n<li>Material: Piele natural\u0103, o\u021bel inoxidabil premium<\/li>\n<li>Lungime: 21 \u0219i 23 cm<\/li>\n<li>Tip de \u00eenchidere: Magnetic\u0103<\/li>\n<\/ul>\n","protected":false},"featured_media":139376,"template":"","meta":{"om_disable_all_campaigns":false,"_monsterinsights_skip_tracking":false,"_monsterinsights_sitenote_active":false,"_monsterinsights_sitenote_note":"","_monsterinsights_sitenote_category":0},"product_brand":[],"product_cat":[459],"product_tag":[],"class_list":{"0":"post-139378","1":"product","2":"type-product","3":"status-publish","4":"has-post-thumbnail","6":"product_cat-bratari","8":"first","9":"outofstock","10":"purchasable","11":"product-type-simple"},"aioseo_notices":[],"aioseo_head":"\n\t\t<!-- All in One SEO Pro 4.9.5.2 - aioseo.com -->\n\t<meta name=\"description\" content=\"C\u0103uta\u021bi Br\u0103\u021bar\u0103 din piele Anchor XQNI BR7 \u00een Chi\u0219in\u0103u? Br\u0103\u021b\u0103rile noastre din piele natural\u0103, realizate manual, ofer\u0103 stil \u0219i calitate. Descoperi\u021bi accesoriul perfect. Suna\u021bi la 061000935 pentru consulta\u021bii \u0219i achizi\u021bii!\" \/>\n\t<meta name=\"robots\" content=\"max-image-preview:large\" \/>\n\t<link rel=\"canonical\" href=\"https:\/\/tabaccomd.com\/ro\/product\/bratara-din-piele-anchor-xqni-br7\/\" \/>\n\t<meta name=\"generator\" content=\"All in One SEO Pro (AIOSEO) 4.9.5.2\" \/>\n\t\t<meta property=\"og:locale\" content=\"ro_RO\" \/>\n\t\t<meta property=\"og:site_name\" content=\"Tabacco House \u2013 \u041c\u0430\u0433\u0430\u0437\u0438\u043d \u0442\u0430\u0431\u0430\u0447\u043d\u044b\u0445 \u0438\u0437\u0434\u0435\u043b\u0438\u0439\" \/>\n\t\t<meta property=\"og:type\" content=\"article\" \/>\n\t\t<meta property=\"og:title\" content=\"Br\u0103\u021bar\u0103 din piele Anchor XQNI BR7 \u2014 Br\u0103\u021b\u0103ri din piele pentru b\u0103rba\u021bi \u00een Chi\u0219in\u0103u | Piele natural\u0103\" \/>\n\t\t<meta property=\"og:description\" content=\"C\u0103uta\u021bi Br\u0103\u021bar\u0103 din piele Anchor XQNI BR7 \u00een Chi\u0219in\u0103u? Br\u0103\u021b\u0103rile noastre din piele natural\u0103, realizate manual, ofer\u0103 stil \u0219i calitate. Descoperi\u021bi accesoriul perfect. Suna\u021bi la 061000935 pentru consulta\u021bii \u0219i achizi\u021bii!\" \/>\n\t\t<meta property=\"og:url\" content=\"https:\/\/tabaccomd.com\/ro\/product\/bratara-din-piele-anchor-xqni-br7\/\" \/>\n\t\t<meta property=\"article:published_time\" content=\"2024-06-19T13:00:28+00:00\" \/>\n\t\t<meta property=\"article:modified_time\" content=\"2024-08-06T23:38:50+00:00\" \/>\n\t\t<meta property=\"article:publisher\" content=\"https:\/\/www.facebook.com\/tabaccomd.com\/\" \/>\n\t\t<meta name=\"twitter:card\" content=\"summary_large_image\" \/>\n\t\t<meta name=\"twitter:title\" content=\"Br\u0103\u021bar\u0103 din piele Anchor XQNI BR7 \u2014 Br\u0103\u021b\u0103ri din piele pentru b\u0103rba\u021bi \u00een Chi\u0219in\u0103u | Piele natural\u0103\" \/>\n\t\t<meta name=\"twitter:description\" content=\"C\u0103uta\u021bi Br\u0103\u021bar\u0103 din piele Anchor XQNI BR7 \u00een Chi\u0219in\u0103u? Br\u0103\u021b\u0103rile noastre din piele natural\u0103, realizate manual, ofer\u0103 stil \u0219i calitate. Descoperi\u021bi accesoriul perfect. Suna\u021bi la 061000935 pentru consulta\u021bii \u0219i achizi\u021bii!\" \/>\n\t\t<script type=\"application\/ld+json\" class=\"aioseo-schema\">\n\t\t\t{\"@context\":\"https:\\\/\\\/schema.org\",\"@graph\":[{\"@type\":\"BreadcrumbList\",\"@id\":\"https:\\\/\\\/tabaccomd.com\\\/ro\\\/product\\\/bratara-din-piele-anchor-xqni-br7\\\/#breadcrumblist\",\"itemListElement\":[{\"@type\":\"ListItem\",\"@id\":\"https:\\\/\\\/tabaccomd.com\\\/ro\\\/#listItem\",\"position\":1,\"name\":\"\\u0413\\u043b\\u0430\\u0432\\u043d\\u0430\\u044f\",\"item\":\"https:\\\/\\\/tabaccomd.com\\\/ro\\\/\",\"nextItem\":{\"@type\":\"ListItem\",\"@id\":\"https:\\\/\\\/tabaccomd.com\\\/ro\\\/catalog\\\/#listItem\",\"name\":\"Catalog\"}},{\"@type\":\"ListItem\",\"@id\":\"https:\\\/\\\/tabaccomd.com\\\/ro\\\/catalog\\\/#listItem\",\"position\":2,\"name\":\"Catalog\",\"item\":\"https:\\\/\\\/tabaccomd.com\\\/ro\\\/catalog\\\/\",\"nextItem\":{\"@type\":\"ListItem\",\"@id\":\"https:\\\/\\\/tabaccomd.com\\\/ro\\\/product-category\\\/accesorii\\\/#listItem\",\"name\":\"Accesorii\"},\"previousItem\":{\"@type\":\"ListItem\",\"@id\":\"https:\\\/\\\/tabaccomd.com\\\/ro\\\/#listItem\",\"name\":\"\\u0413\\u043b\\u0430\\u0432\\u043d\\u0430\\u044f\"}},{\"@type\":\"ListItem\",\"@id\":\"https:\\\/\\\/tabaccomd.com\\\/ro\\\/product-category\\\/accesorii\\\/#listItem\",\"position\":3,\"name\":\"Accesorii\",\"item\":\"https:\\\/\\\/tabaccomd.com\\\/ro\\\/product-category\\\/accesorii\\\/\",\"nextItem\":{\"@type\":\"ListItem\",\"@id\":\"https:\\\/\\\/tabaccomd.com\\\/ro\\\/product-category\\\/accesorii\\\/bratari\\\/#listItem\",\"name\":\"Br\\u0103\\u021b\\u0103ri\"},\"previousItem\":{\"@type\":\"ListItem\",\"@id\":\"https:\\\/\\\/tabaccomd.com\\\/ro\\\/catalog\\\/#listItem\",\"name\":\"Catalog\"}},{\"@type\":\"ListItem\",\"@id\":\"https:\\\/\\\/tabaccomd.com\\\/ro\\\/product-category\\\/accesorii\\\/bratari\\\/#listItem\",\"position\":4,\"name\":\"Br\\u0103\\u021b\\u0103ri\",\"item\":\"https:\\\/\\\/tabaccomd.com\\\/ro\\\/product-category\\\/accesorii\\\/bratari\\\/\",\"nextItem\":{\"@type\":\"ListItem\",\"@id\":\"https:\\\/\\\/tabaccomd.com\\\/ro\\\/product\\\/bratara-din-piele-anchor-xqni-br7\\\/#listItem\",\"name\":\"Br\\u0103\\u021bar\\u0103 din piele Anchor XQNI BR7\"},\"previousItem\":{\"@type\":\"ListItem\",\"@id\":\"https:\\\/\\\/tabaccomd.com\\\/ro\\\/product-category\\\/accesorii\\\/#listItem\",\"name\":\"Accesorii\"}},{\"@type\":\"ListItem\",\"@id\":\"https:\\\/\\\/tabaccomd.com\\\/ro\\\/product\\\/bratara-din-piele-anchor-xqni-br7\\\/#listItem\",\"position\":5,\"name\":\"Br\\u0103\\u021bar\\u0103 din piele Anchor XQNI BR7\",\"previousItem\":{\"@type\":\"ListItem\",\"@id\":\"https:\\\/\\\/tabaccomd.com\\\/ro\\\/product-category\\\/accesorii\\\/bratari\\\/#listItem\",\"name\":\"Br\\u0103\\u021b\\u0103ri\"}}]},{\"@type\":\"Organization\",\"@id\":\"https:\\\/\\\/tabaccomd.com\\\/ro\\\/#organization\",\"name\":\"Tabacco House\",\"description\":\"\\u041c\\u0430\\u0433\\u0430\\u0437\\u0438\\u043d \\u0442\\u0430\\u0431\\u0430\\u0447\\u043d\\u044b\\u0445 \\u0438\\u0437\\u0434\\u0435\\u043b\\u0438\\u0439\",\"url\":\"https:\\\/\\\/tabaccomd.com\\\/ro\\\/\",\"email\":\"Office@cazacuhouse.com\",\"telephone\":\"+37361000935\",\"logo\":{\"@type\":\"ImageObject\",\"url\":\"https:\\\/\\\/tabaccomd.com\\\/wp-content\\\/uploads\\\/2024\\\/02\\\/logo_header3.png\",\"@id\":\"https:\\\/\\\/tabaccomd.com\\\/ro\\\/product\\\/bratara-din-piele-anchor-xqni-br7\\\/#organizationLogo\",\"width\":32,\"height\":32,\"caption\":\"Tabacco House\"},\"image\":{\"@id\":\"https:\\\/\\\/tabaccomd.com\\\/ro\\\/product\\\/bratara-din-piele-anchor-xqni-br7\\\/#organizationLogo\"},\"sameAs\":[\"https:\\\/\\\/www.facebook.com\\\/tabaccomd.com\\\/\",\"https:\\\/\\\/www.instagram.com\\\/tabaccomd.com\\\/\"],\"address\":{\"@id\":\"https:\\\/\\\/tabaccomd.com\\\/ro\\\/#postaladdress\",\"@type\":\"PostalAddress\",\"streetAddress\":\"Strada Albi\\u015foara 4, Chi\\u0219in\\u0103u, Bulevardul \\u0218tefan cel Mare \\u0219i Sf\\u00eent 136, Chi\\u0219in\\u0103u\",\"addressLocality\":\"Chi\\u0219in\\u0103u\",\"addressCountry\":\"MD\"}},{\"@type\":\"Product\",\"@id\":\"https:\\\/\\\/tabaccomd.com\\\/ro\\\/product\\\/bratara-din-piele-anchor-xqni-br7\\\/#wooCommerceProduct\",\"name\":\"Br\\u0103\\u021bar\\u0103 din piele Anchor XQNI BR7\",\"description\":\"Produc\\u0103tor: XQNI\\r\\n \\tMaterial: Piele natural\\u0103, o\\u021bel inoxidabil premium\\r\\n \\tLungime: 21 \\u0219i 23 cm\\r\\n \\tTip de \\u00eenchidere: Magnetic\\u0103\",\"url\":\"https:\\\/\\\/tabaccomd.com\\\/ro\\\/product\\\/bratara-din-piele-anchor-xqni-br7\\\/\",\"sku\":\"BR7\",\"image\":{\"@type\":\"ImageObject\",\"url\":\"https:\\\/\\\/tabaccomd.com\\\/wp-content\\\/uploads\\\/2024\\\/06\\\/Bratara-din-piele-Anchor-XQNI-BR7-0.jpg\",\"@id\":\"https:\\\/\\\/tabaccomd.com\\\/ro\\\/product\\\/bratara-din-piele-anchor-xqni-br7\\\/#productImage\",\"width\":1200,\"height\":1200,\"caption\":\"Br\\u0103\\u021bar\\u0103-din-piele-Anchor-XQNI-BR7-0\"},\"offers\":{\"@type\":\"Offer\",\"url\":\"https:\\\/\\\/tabaccomd.com\\\/ro\\\/product\\\/bratara-din-piele-anchor-xqni-br7\\\/#wooCommerceOffer\",\"price\":400,\"priceCurrency\":\"MDL\",\"category\":\"Br\\u0103\\u021b\\u0103ri\",\"availability\":\"https:\\\/\\\/schema.org\\\/OutOfStock\",\"priceSpecification\":{\"@type\":\"PriceSpecification\",\"price\":400,\"priceCurrency\":\"MDL\",\"valueAddedTaxIncluded\":\"true\"},\"seller\":{\"@type\":\"Organization\",\"@id\":\"https:\\\/\\\/tabaccomd.com\\\/ro\\\/#organization\"}}},{\"@type\":\"WebPage\",\"@id\":\"https:\\\/\\\/tabaccomd.com\\\/ro\\\/product\\\/bratara-din-piele-anchor-xqni-br7\\\/#webpage\",\"url\":\"https:\\\/\\\/tabaccomd.com\\\/ro\\\/product\\\/bratara-din-piele-anchor-xqni-br7\\\/\",\"name\":\"Br\\u0103\\u021bar\\u0103 din piele Anchor XQNI BR7 \\u2014 Br\\u0103\\u021b\\u0103ri din piele pentru b\\u0103rba\\u021bi \\u00een Chi\\u0219in\\u0103u | Piele natural\\u0103\",\"description\":\"C\\u0103uta\\u021bi Br\\u0103\\u021bar\\u0103 din piele Anchor XQNI BR7 \\u00een Chi\\u0219in\\u0103u? Br\\u0103\\u021b\\u0103rile noastre din piele natural\\u0103, realizate manual, ofer\\u0103 stil \\u0219i calitate. Descoperi\\u021bi accesoriul perfect. Suna\\u021bi la 061000935 pentru consulta\\u021bii \\u0219i achizi\\u021bii!\",\"inLanguage\":\"ro-RO\",\"isPartOf\":{\"@id\":\"https:\\\/\\\/tabaccomd.com\\\/ro\\\/#website\"},\"breadcrumb\":{\"@id\":\"https:\\\/\\\/tabaccomd.com\\\/ro\\\/product\\\/bratara-din-piele-anchor-xqni-br7\\\/#breadcrumblist\"},\"image\":{\"@type\":\"ImageObject\",\"url\":\"https:\\\/\\\/tabaccomd.com\\\/wp-content\\\/uploads\\\/2024\\\/06\\\/Bratara-din-piele-Anchor-XQNI-BR7-0.jpg\",\"@id\":\"https:\\\/\\\/tabaccomd.com\\\/ro\\\/product\\\/bratara-din-piele-anchor-xqni-br7\\\/#mainImage\",\"width\":1200,\"height\":1200,\"caption\":\"Br\\u0103\\u021bar\\u0103-din-piele-Anchor-XQNI-BR7-0\"},\"primaryImageOfPage\":{\"@id\":\"https:\\\/\\\/tabaccomd.com\\\/ro\\\/product\\\/bratara-din-piele-anchor-xqni-br7\\\/#mainImage\"},\"datePublished\":\"2024-06-19T16:00:28+03:00\",\"dateModified\":\"2024-08-07T02:38:50+03:00\"},{\"@type\":\"WebSite\",\"@id\":\"https:\\\/\\\/tabaccomd.com\\\/ro\\\/#website\",\"url\":\"https:\\\/\\\/tabaccomd.com\\\/ro\\\/\",\"name\":\"Tabacco House\",\"alternateName\":\"tobaccomd.com\",\"description\":\"\\u041c\\u0430\\u0433\\u0430\\u0437\\u0438\\u043d \\u0442\\u0430\\u0431\\u0430\\u0447\\u043d\\u044b\\u0445 \\u0438\\u0437\\u0434\\u0435\\u043b\\u0438\\u0439\",\"inLanguage\":\"ro-RO\",\"publisher\":{\"@id\":\"https:\\\/\\\/tabaccomd.com\\\/ro\\\/#organization\"}}]}\n\t\t<\/script>\n\t\t<!-- All in One SEO Pro -->\r\n\t\t<title>Br\u0103\u021bar\u0103 din piele Anchor XQNI BR7 \u2014 Br\u0103\u021b\u0103ri din piele pentru b\u0103rba\u021bi \u00een Chi\u0219in\u0103u | Piele natural\u0103<\/title>\n\n","aioseo_head_json":{"title":"Br\u0103\u021bar\u0103 din piele Anchor XQNI BR7 \u2014 Br\u0103\u021b\u0103ri din piele pentru b\u0103rba\u021bi \u00een Chi\u0219in\u0103u | Piele natural\u0103","description":"C\u0103uta\u021bi Br\u0103\u021bar\u0103 din piele Anchor XQNI BR7 \u00een Chi\u0219in\u0103u? Br\u0103\u021b\u0103rile noastre din piele natural\u0103, realizate manual, ofer\u0103 stil \u0219i calitate. Descoperi\u021bi accesoriul perfect. Suna\u021bi la 061000935 pentru consulta\u021bii \u0219i achizi\u021bii!","canonical_url":"https:\/\/tabaccomd.com\/ro\/product\/bratara-din-piele-anchor-xqni-br7\/","robots":"max-image-preview:large","keywords":"","webmasterTools":{"miscellaneous":""},"schema":{"@context":"https:\/\/schema.org","@graph":[{"@type":"BreadcrumbList","@id":"https:\/\/tabaccomd.com\/ro\/product\/bratara-din-piele-anchor-xqni-br7\/#breadcrumblist","itemListElement":[{"@type":"ListItem","@id":"https:\/\/tabaccomd.com\/ro\/#listItem","position":1,"name":"\u0413\u043b\u0430\u0432\u043d\u0430\u044f","item":"https:\/\/tabaccomd.com\/ro\/","nextItem":{"@type":"ListItem","@id":"https:\/\/tabaccomd.com\/ro\/catalog\/#listItem","name":"Catalog"}},{"@type":"ListItem","@id":"https:\/\/tabaccomd.com\/ro\/catalog\/#listItem","position":2,"name":"Catalog","item":"https:\/\/tabaccomd.com\/ro\/catalog\/","nextItem":{"@type":"ListItem","@id":"https:\/\/tabaccomd.com\/ro\/product-category\/accesorii\/#listItem","name":"Accesorii"},"previousItem":{"@type":"ListItem","@id":"https:\/\/tabaccomd.com\/ro\/#listItem","name":"\u0413\u043b\u0430\u0432\u043d\u0430\u044f"}},{"@type":"ListItem","@id":"https:\/\/tabaccomd.com\/ro\/product-category\/accesorii\/#listItem","position":3,"name":"Accesorii","item":"https:\/\/tabaccomd.com\/ro\/product-category\/accesorii\/","nextItem":{"@type":"ListItem","@id":"https:\/\/tabaccomd.com\/ro\/product-category\/accesorii\/bratari\/#listItem","name":"Br\u0103\u021b\u0103ri"},"previousItem":{"@type":"ListItem","@id":"https:\/\/tabaccomd.com\/ro\/catalog\/#listItem","name":"Catalog"}},{"@type":"ListItem","@id":"https:\/\/tabaccomd.com\/ro\/product-category\/accesorii\/bratari\/#listItem","position":4,"name":"Br\u0103\u021b\u0103ri","item":"https:\/\/tabaccomd.com\/ro\/product-category\/accesorii\/bratari\/","nextItem":{"@type":"ListItem","@id":"https:\/\/tabaccomd.com\/ro\/product\/bratara-din-piele-anchor-xqni-br7\/#listItem","name":"Br\u0103\u021bar\u0103 din piele Anchor XQNI BR7"},"previousItem":{"@type":"ListItem","@id":"https:\/\/tabaccomd.com\/ro\/product-category\/accesorii\/#listItem","name":"Accesorii"}},{"@type":"ListItem","@id":"https:\/\/tabaccomd.com\/ro\/product\/bratara-din-piele-anchor-xqni-br7\/#listItem","position":5,"name":"Br\u0103\u021bar\u0103 din piele Anchor XQNI BR7","previousItem":{"@type":"ListItem","@id":"https:\/\/tabaccomd.com\/ro\/product-category\/accesorii\/bratari\/#listItem","name":"Br\u0103\u021b\u0103ri"}}]},{"@type":"Organization","@id":"https:\/\/tabaccomd.com\/ro\/#organization","name":"Tabacco House","description":"\u041c\u0430\u0433\u0430\u0437\u0438\u043d \u0442\u0430\u0431\u0430\u0447\u043d\u044b\u0445 \u0438\u0437\u0434\u0435\u043b\u0438\u0439","url":"https:\/\/tabaccomd.com\/ro\/","email":"Office@cazacuhouse.com","telephone":"+37361000935","logo":{"@type":"ImageObject","url":"https:\/\/tabaccomd.com\/wp-content\/uploads\/2024\/02\/logo_header3.png","@id":"https:\/\/tabaccomd.com\/ro\/product\/bratara-din-piele-anchor-xqni-br7\/#organizationLogo","width":32,"height":32,"caption":"Tabacco House"},"image":{"@id":"https:\/\/tabaccomd.com\/ro\/product\/bratara-din-piele-anchor-xqni-br7\/#organizationLogo"},"sameAs":["https:\/\/www.facebook.com\/tabaccomd.com\/","https:\/\/www.instagram.com\/tabaccomd.com\/"],"address":{"@id":"https:\/\/tabaccomd.com\/ro\/#postaladdress","@type":"PostalAddress","streetAddress":"Strada Albi\u015foara 4, Chi\u0219in\u0103u, Bulevardul \u0218tefan cel Mare \u0219i Sf\u00eent 136, Chi\u0219in\u0103u","addressLocality":"Chi\u0219in\u0103u","addressCountry":"MD"}},{"@type":"Product","@id":"https:\/\/tabaccomd.com\/ro\/product\/bratara-din-piele-anchor-xqni-br7\/#wooCommerceProduct","name":"Br\u0103\u021bar\u0103 din piele Anchor XQNI BR7","description":"Produc\u0103tor: XQNI\r\n \tMaterial: Piele natural\u0103, o\u021bel inoxidabil premium\r\n \tLungime: 21 \u0219i 23 cm\r\n \tTip de \u00eenchidere: Magnetic\u0103","url":"https:\/\/tabaccomd.com\/ro\/product\/bratara-din-piele-anchor-xqni-br7\/","sku":"BR7","image":{"@type":"ImageObject","url":"https:\/\/tabaccomd.com\/wp-content\/uploads\/2024\/06\/Bratara-din-piele-Anchor-XQNI-BR7-0.jpg","@id":"https:\/\/tabaccomd.com\/ro\/product\/bratara-din-piele-anchor-xqni-br7\/#productImage","width":1200,"height":1200,"caption":"Br\u0103\u021bar\u0103-din-piele-Anchor-XQNI-BR7-0"},"offers":{"@type":"Offer","url":"https:\/\/tabaccomd.com\/ro\/product\/bratara-din-piele-anchor-xqni-br7\/#wooCommerceOffer","price":400,"priceCurrency":"MDL","category":"Br\u0103\u021b\u0103ri","availability":"https:\/\/schema.org\/OutOfStock","priceSpecification":{"@type":"PriceSpecification","price":400,"priceCurrency":"MDL","valueAddedTaxIncluded":"true"},"seller":{"@type":"Organization","@id":"https:\/\/tabaccomd.com\/ro\/#organization"}}},{"@type":"WebPage","@id":"https:\/\/tabaccomd.com\/ro\/product\/bratara-din-piele-anchor-xqni-br7\/#webpage","url":"https:\/\/tabaccomd.com\/ro\/product\/bratara-din-piele-anchor-xqni-br7\/","name":"Br\u0103\u021bar\u0103 din piele Anchor XQNI BR7 \u2014 Br\u0103\u021b\u0103ri din piele pentru b\u0103rba\u021bi \u00een Chi\u0219in\u0103u | Piele natural\u0103","description":"C\u0103uta\u021bi Br\u0103\u021bar\u0103 din piele Anchor XQNI BR7 \u00een Chi\u0219in\u0103u? Br\u0103\u021b\u0103rile noastre din piele natural\u0103, realizate manual, ofer\u0103 stil \u0219i calitate. Descoperi\u021bi accesoriul perfect. Suna\u021bi la 061000935 pentru consulta\u021bii \u0219i achizi\u021bii!","inLanguage":"ro-RO","isPartOf":{"@id":"https:\/\/tabaccomd.com\/ro\/#website"},"breadcrumb":{"@id":"https:\/\/tabaccomd.com\/ro\/product\/bratara-din-piele-anchor-xqni-br7\/#breadcrumblist"},"image":{"@type":"ImageObject","url":"https:\/\/tabaccomd.com\/wp-content\/uploads\/2024\/06\/Bratara-din-piele-Anchor-XQNI-BR7-0.jpg","@id":"https:\/\/tabaccomd.com\/ro\/product\/bratara-din-piele-anchor-xqni-br7\/#mainImage","width":1200,"height":1200,"caption":"Br\u0103\u021bar\u0103-din-piele-Anchor-XQNI-BR7-0"},"primaryImageOfPage":{"@id":"https:\/\/tabaccomd.com\/ro\/product\/bratara-din-piele-anchor-xqni-br7\/#mainImage"},"datePublished":"2024-06-19T16:00:28+03:00","dateModified":"2024-08-07T02:38:50+03:00"},{"@type":"WebSite","@id":"https:\/\/tabaccomd.com\/ro\/#website","url":"https:\/\/tabaccomd.com\/ro\/","name":"Tabacco House","alternateName":"tobaccomd.com","description":"\u041c\u0430\u0433\u0430\u0437\u0438\u043d \u0442\u0430\u0431\u0430\u0447\u043d\u044b\u0445 \u0438\u0437\u0434\u0435\u043b\u0438\u0439","inLanguage":"ro-RO","publisher":{"@id":"https:\/\/tabaccomd.com\/ro\/#organization"}}]},"og:locale":"ro_RO","og:site_name":"Tabacco House \u2013 \u041c\u0430\u0433\u0430\u0437\u0438\u043d \u0442\u0430\u0431\u0430\u0447\u043d\u044b\u0445 \u0438\u0437\u0434\u0435\u043b\u0438\u0439","og:type":"article","og:title":"Br\u0103\u021bar\u0103 din piele Anchor XQNI BR7 \u2014 Br\u0103\u021b\u0103ri din piele pentru b\u0103rba\u021bi \u00een Chi\u0219in\u0103u | Piele natural\u0103","og:description":"C\u0103uta\u021bi Br\u0103\u021bar\u0103 din piele Anchor XQNI BR7 \u00een Chi\u0219in\u0103u? Br\u0103\u021b\u0103rile noastre din piele natural\u0103, realizate manual, ofer\u0103 stil \u0219i calitate. Descoperi\u021bi accesoriul perfect. Suna\u021bi la 061000935 pentru consulta\u021bii \u0219i achizi\u021bii!","og:url":"https:\/\/tabaccomd.com\/ro\/product\/bratara-din-piele-anchor-xqni-br7\/","article:published_time":"2024-06-19T13:00:28+00:00","article:modified_time":"2024-08-06T23:38:50+00:00","article:publisher":"https:\/\/www.facebook.com\/tabaccomd.com\/","twitter:card":"summary_large_image","twitter:title":"Br\u0103\u021bar\u0103 din piele Anchor XQNI BR7 \u2014 Br\u0103\u021b\u0103ri din piele pentru b\u0103rba\u021bi \u00een Chi\u0219in\u0103u | Piele natural\u0103","twitter:description":"C\u0103uta\u021bi Br\u0103\u021bar\u0103 din piele Anchor XQNI BR7 \u00een Chi\u0219in\u0103u? Br\u0103\u021b\u0103rile noastre din piele natural\u0103, realizate manual, ofer\u0103 stil \u0219i calitate. Descoperi\u021bi accesoriul perfect. Suna\u021bi la 061000935 pentru consulta\u021bii \u0219i achizi\u021bii!"},"aioseo_meta_data":{"post_id":"139378","title":"#post_title \u2014 Br\u0103\u021b\u0103ri din piele pentru b\u0103rba\u021bi \u00een Chi\u0219in\u0103u | Piele natural\u0103","description":"C\u0103uta\u021bi #post_title \u00een Chi\u0219in\u0103u? Br\u0103\u021b\u0103rile noastre din piele natural\u0103, realizate manual, ofer\u0103 stil \u0219i calitate. Descoperi\u021bi accesoriul perfect. Suna\u021bi la 061000935 pentru consulta\u021bii \u0219i achizi\u021bii!","keywords":null,"keyphrases":{"focus":{"keyphrase":"","score":0,"analysis":{"keyphraseInTitle":{"score":0,"maxScore":9,"error":1}}},"additional":[]},"primary_term":null,"canonical_url":null,"og_title":null,"og_description":null,"og_object_type":"default","og_image_type":"default","og_image_url":null,"og_image_width":null,"og_image_height":null,"og_image_custom_url":null,"og_image_custom_fields":null,"og_video":"","og_custom_url":null,"og_article_section":null,"og_article_tags":null,"twitter_use_og":false,"twitter_card":"default","twitter_image_type":"default","twitter_image_url":null,"twitter_image_custom_url":null,"twitter_image_custom_fields":null,"twitter_title":null,"twitter_description":null,"schema":{"blockGraphs":[],"customGraphs":[],"default":{"data":{"Article":[],"Course":[],"Dataset":[],"FAQPage":[],"Movie":[],"Person":[],"Product":[],"ProductReview":[],"Car":[],"Recipe":[],"Service":[],"SoftwareApplication":[],"WebPage":[]},"graphName":"ItemPage","isEnabled":true},"graphs":[]},"schema_type":"default","schema_type_options":null,"pillar_content":false,"robots_default":true,"robots_noindex":false,"robots_noarchive":false,"robots_nosnippet":false,"robots_nofollow":false,"robots_noimageindex":false,"robots_noodp":false,"robots_notranslate":false,"robots_max_snippet":"-1","robots_max_videopreview":"-1","robots_max_imagepreview":"large","priority":null,"frequency":"default","local_seo":null,"seo_analyzer_scan_date":"2025-10-20 19:19:16","breadcrumb_settings":null,"limit_modified_date":false,"reviewed_by":null,"open_ai":null,"ai":null,"created":"2024-07-01 14:19:24","updated":"2025-10-20 19:19:16"},"aioseo_breadcrumb":"<div class=\"aioseo-breadcrumbs\"><span class=\"aioseo-breadcrumb\">\n\t<a href=\"https:\/\/tabaccomd.com\/ro\/\" title=\"\u0413\u043b\u0430\u0432\u043d\u0430\u044f\">\u0413\u043b\u0430\u0432\u043d\u0430\u044f<\/a>\n<\/span><span class=\"aioseo-breadcrumb-separator\">\u00bb<\/span><span class=\"aioseo-breadcrumb\">\n\t<a href=\"https:\/\/tabaccomd.com\/ro\/catalog\/\" title=\"Catalog\">Catalog<\/a>\n<\/span><span class=\"aioseo-breadcrumb-separator\">\u00bb<\/span><span class=\"aioseo-breadcrumb\">\n\t<a href=\"https:\/\/tabaccomd.com\/ro\/product-category\/accesorii\/\" title=\"Accesorii\">Accesorii<\/a>\n<\/span><span class=\"aioseo-breadcrumb-separator\">\u00bb<\/span><span class=\"aioseo-breadcrumb\">\n\t<a href=\"https:\/\/tabaccomd.com\/ro\/product-category\/accesorii\/bratari\/\" title=\"Br\u0103\u021b\u0103ri\">Br\u0103\u021b\u0103ri<\/a>\n<\/span><span class=\"aioseo-breadcrumb-separator\">\u00bb<\/span><span class=\"aioseo-breadcrumb\">\n\tBr\u0103\u021bar\u0103 din piele Anchor XQNI BR7\n<\/span><\/div>","aioseo_breadcrumb_json":[{"label":"\u0413\u043b\u0430\u0432\u043d\u0430\u044f","link":"https:\/\/tabaccomd.com\/ro\/"},{"label":"Catalog","link":"https:\/\/tabaccomd.com\/ro\/catalog\/"},{"label":"Accesorii","link":"https:\/\/tabaccomd.com\/ro\/product-category\/accesorii\/"},{"label":"Br\u0103\u021b\u0103ri","link":"https:\/\/tabaccomd.com\/ro\/product-category\/accesorii\/bratari\/"},{"label":"Br\u0103\u021bar\u0103 din piele Anchor XQNI BR7","link":"https:\/\/tabaccomd.com\/ro\/product\/bratara-din-piele-anchor-xqni-br7\/"}],"images_for_1c":[{"url":"https:\/\/tabaccomd.com\/wp-content\/uploads\/2024\/06\/Bratara-din-piele-Anchor-XQNI-BR7-0.jpg","type":"featured","alt":"Br\u0103\u021bar\u0103-din-piele-Anchor-XQNI-BR7-0","filename":"Bratara-din-piele-Anchor-XQNI-BR7-0.jpg"}],"additional_data_1c":{"modified_date":"2024-08-07 02:38:50","permalink":"https:\/\/tabaccomd.com\/ro\/product\/bratara-din-piele-anchor-xqni-br7\/","stock_status":"outofstock","manage_stock":"no"},"_links":{"self":[{"href":"https:\/\/tabaccomd.com\/ro\/wp-json\/wp\/v2\/product\/139378","targetHints":{"allow":["GET"]}}],"collection":[{"href":"https:\/\/tabaccomd.com\/ro\/wp-json\/wp\/v2\/product"}],"about":[{"href":"https:\/\/tabaccomd.com\/ro\/wp-json\/wp\/v2\/types\/product"}],"wp:featuredmedia":[{"embeddable":true,"href":"https:\/\/tabaccomd.com\/ro\/wp-json\/wp\/v2\/media\/139376"}],"wp:attachment":[{"href":"https:\/\/tabaccomd.com\/ro\/wp-json\/wp\/v2\/media?parent=139378"}],"wp:term":[{"taxonomy":"product_brand","embeddable":true,"href":"https:\/\/tabaccomd.com\/ro\/wp-json\/wp\/v2\/product_brand?post=139378"},{"taxonomy":"product_cat","embeddable":true,"href":"https:\/\/tabaccomd.com\/ro\/wp-json\/wp\/v2\/product_cat?post=139378"},{"taxonomy":"product_tag","embeddable":true,"href":"https:\/\/tabaccomd.com\/ro\/wp-json\/wp\/v2\/product_tag?post=139378"}],"curies":[{"name":"wp","href":"https:\/\/api.w.org\/{rel}","templated":true}]}}