{"id":139147,"date":"2024-06-19T13:44:06","date_gmt":"2024-06-19T10:44:06","guid":{"rendered":"https:\/\/tabaccomd.com\/product\/tutun-pentru-rulat-amsterdamer-purple-40g-x5\/"},"modified":"2025-05-15T16:50:00","modified_gmt":"2025-05-15T13:50:00","slug":"tutun-pentru-rulat-amsterdamer-purple-40g-x5","status":"publish","type":"product","link":"https:\/\/tabaccomd.com\/ro\/product\/tutun-pentru-rulat-amsterdamer-purple-40g-x5\/","title":{"rendered":"Tutun pentru rulat Amsterdamer Purple 40g x5"},"content":{"rendered":"<div class=\"QFw9Te BLojaf\"><\/div>\n<div class=\"QcsUad BDJ8fb BLojaf sMVRZe hCXDsb wneUed\">\n<p><a href=\"https:\/\/tabaccomd.com\/ro\/categorie-produs\/tutun\/tutun-pentru-tigari\/sigaretniy-tabak-amsterdamer\/\">Amsterdamer<\/a> Purple este un tutun de rulat cunoscut pentru calitatea superioar\u0103 \u0219i aroma sa vibrant\u0103. Acest produs face parte din linia Amsterdammer de la Mac Baren Tobacco. Se folosesc frunze de tutun de \u00eenalt\u0103 calitate, prelucrate pentru a men\u021bine prospe\u021bimea \u0219i aroma. O combina\u021bie de diferite tipuri de tutun sunt amestecate pentru a ob\u021bine un gust complex \u0219i pl\u0103cut. Acest tutun este ideal pentru fum\u0103torii care apreciaz\u0103 gustul unic \u0219i calitatea fumatului. <strong>Promo\u021bia este disponibil\u0103 doar pentru comenzi online!<\/strong><\/p>\n<p>Filtrele biodegradabile <a href=\"https:\/\/tabaccomd.com\/ro\/produs\/filtre-pentru-tigari-rulate-mascotte-xl-6mm\/\">Mascotte<\/a> sunt fabricate din celuloz\u0103 nealbit\u0103, au o lungime de 19 mm \u0219i ofer\u0103 o arom\u0103 bogat\u0103. Se biodegradeaz\u0103 \u00een mod natural, f\u0103c\u00e2ndu-le prietenoase cu mediul \u0219i contribuind la reducerea nivelului de nicotin\u0103 \u0219i gudron.<\/p>\n<p><strong>La achizi\u021bionarea a 5 pachete de tutun Amsterdamer Purple, primi\u021bi cadou 2 pachete de filtre Mascotte Slim XL!<\/strong><\/p>\n<\/div>\n","protected":false},"excerpt":{"rendered":"<ul>\n<li><strong>Promo\u021bia este disponibil\u0103 doar pentru comenzi online!<\/strong><\/li>\n<li><strong>Cadou: 2 pachete de filtre Mascotte Slim XL<\/strong><\/li>\n<li>Greutate 1 pachet: 40 g<\/li>\n<li>\u021aara: Danemarca<\/li>\n<li>T\u0103rie: Medie<\/li>\n<\/ul>\n","protected":false},"featured_media":139146,"template":"","meta":{"om_disable_all_campaigns":false,"_monsterinsights_skip_tracking":false,"_monsterinsights_sitenote_active":false,"_monsterinsights_sitenote_note":"","_monsterinsights_sitenote_category":0},"product_brand":[],"product_cat":[406],"product_tag":[],"class_list":{"0":"post-139147","1":"product","2":"type-product","3":"status-publish","4":"has-post-thumbnail","6":"product_cat-sigaretniy-tabak-amsterdamer","8":"first","9":"outofstock","10":"taxable","11":"shipping-taxable","12":"purchasable","13":"product-type-simple"},"aioseo_notices":[],"aioseo_head":"\n\t\t<!-- All in One SEO Pro 4.9.6.2 - aioseo.com -->\n\t<meta name=\"robots\" content=\"max-image-preview:large\" \/>\n\t<link rel=\"canonical\" href=\"https:\/\/tabaccomd.com\/ro\/product\/tutun-pentru-rulat-amsterdamer-purple-40g-x5\/\" \/>\n\t<meta name=\"generator\" content=\"All in One SEO Pro (AIOSEO) 4.9.6.2\" \/>\n\t\t<meta property=\"og:locale\" content=\"ro_RO\" \/>\n\t\t<meta property=\"og:site_name\" content=\"Tabacco House \u2013 \u041c\u0430\u0433\u0430\u0437\u0438\u043d \u0442\u0430\u0431\u0430\u0447\u043d\u044b\u0445 \u0438\u0437\u0434\u0435\u043b\u0438\u0439\" \/>\n\t\t<meta property=\"og:type\" content=\"article\" \/>\n\t\t<meta property=\"og:title\" content=\"Tutun pentru rulat Amsterdamer Purple 40g x5 \u2013 Tabacco House\" \/>\n\t\t<meta property=\"og:url\" content=\"https:\/\/tabaccomd.com\/ro\/product\/tutun-pentru-rulat-amsterdamer-purple-40g-x5\/\" \/>\n\t\t<meta property=\"article:published_time\" content=\"2024-06-19T10:44:06+00:00\" \/>\n\t\t<meta property=\"article:modified_time\" content=\"2025-05-15T13:50:00+00:00\" \/>\n\t\t<meta property=\"article:publisher\" content=\"https:\/\/www.facebook.com\/tabaccomd.com\/\" \/>\n\t\t<meta name=\"twitter:card\" content=\"summary_large_image\" \/>\n\t\t<meta name=\"twitter:title\" content=\"Tutun pentru rulat Amsterdamer Purple 40g x5 \u2013 Tabacco House\" \/>\n\t\t<script type=\"application\/ld+json\" class=\"aioseo-schema\">\n\t\t\t{\"@context\":\"https:\\\/\\\/schema.org\",\"@graph\":[{\"@type\":\"BreadcrumbList\",\"@id\":\"https:\\\/\\\/tabaccomd.com\\\/ro\\\/product\\\/tutun-pentru-rulat-amsterdamer-purple-40g-x5\\\/#breadcrumblist\",\"itemListElement\":[{\"@type\":\"ListItem\",\"@id\":\"https:\\\/\\\/tabaccomd.com\\\/ro\\\/#listItem\",\"position\":1,\"name\":\"\\u0413\\u043b\\u0430\\u0432\\u043d\\u0430\\u044f\",\"item\":\"https:\\\/\\\/tabaccomd.com\\\/ro\\\/\",\"nextItem\":{\"@type\":\"ListItem\",\"@id\":\"https:\\\/\\\/tabaccomd.com\\\/ro\\\/catalog\\\/#listItem\",\"name\":\"Catalog\"}},{\"@type\":\"ListItem\",\"@id\":\"https:\\\/\\\/tabaccomd.com\\\/ro\\\/catalog\\\/#listItem\",\"position\":2,\"name\":\"Catalog\",\"item\":\"https:\\\/\\\/tabaccomd.com\\\/ro\\\/catalog\\\/\",\"nextItem\":{\"@type\":\"ListItem\",\"@id\":\"https:\\\/\\\/tabaccomd.com\\\/ro\\\/product-category\\\/tutun-pentru-tigari\\\/#listItem\",\"name\":\"Tutun pentru \\u021big\\u0103ri\"},\"previousItem\":{\"@type\":\"ListItem\",\"@id\":\"https:\\\/\\\/tabaccomd.com\\\/ro\\\/#listItem\",\"name\":\"\\u0413\\u043b\\u0430\\u0432\\u043d\\u0430\\u044f\"}},{\"@type\":\"ListItem\",\"@id\":\"https:\\\/\\\/tabaccomd.com\\\/ro\\\/product-category\\\/tutun-pentru-tigari\\\/#listItem\",\"position\":3,\"name\":\"Tutun pentru \\u021big\\u0103ri\",\"item\":\"https:\\\/\\\/tabaccomd.com\\\/ro\\\/product-category\\\/tutun-pentru-tigari\\\/\",\"nextItem\":{\"@type\":\"ListItem\",\"@id\":\"https:\\\/\\\/tabaccomd.com\\\/ro\\\/product-category\\\/tutun-pentru-tigari\\\/sigaretniy-tabak-amsterdamer\\\/#listItem\",\"name\":\"Tutun pentru rulat Amsterdamer\"},\"previousItem\":{\"@type\":\"ListItem\",\"@id\":\"https:\\\/\\\/tabaccomd.com\\\/ro\\\/catalog\\\/#listItem\",\"name\":\"Catalog\"}},{\"@type\":\"ListItem\",\"@id\":\"https:\\\/\\\/tabaccomd.com\\\/ro\\\/product-category\\\/tutun-pentru-tigari\\\/sigaretniy-tabak-amsterdamer\\\/#listItem\",\"position\":4,\"name\":\"Tutun pentru rulat Amsterdamer\",\"item\":\"https:\\\/\\\/tabaccomd.com\\\/ro\\\/product-category\\\/tutun-pentru-tigari\\\/sigaretniy-tabak-amsterdamer\\\/\",\"nextItem\":{\"@type\":\"ListItem\",\"@id\":\"https:\\\/\\\/tabaccomd.com\\\/ro\\\/product\\\/tutun-pentru-rulat-amsterdamer-purple-40g-x5\\\/#listItem\",\"name\":\"Tutun pentru rulat Amsterdamer Purple 40g x5\"},\"previousItem\":{\"@type\":\"ListItem\",\"@id\":\"https:\\\/\\\/tabaccomd.com\\\/ro\\\/product-category\\\/tutun-pentru-tigari\\\/#listItem\",\"name\":\"Tutun pentru \\u021big\\u0103ri\"}},{\"@type\":\"ListItem\",\"@id\":\"https:\\\/\\\/tabaccomd.com\\\/ro\\\/product\\\/tutun-pentru-rulat-amsterdamer-purple-40g-x5\\\/#listItem\",\"position\":5,\"name\":\"Tutun pentru rulat Amsterdamer Purple 40g x5\",\"previousItem\":{\"@type\":\"ListItem\",\"@id\":\"https:\\\/\\\/tabaccomd.com\\\/ro\\\/product-category\\\/tutun-pentru-tigari\\\/sigaretniy-tabak-amsterdamer\\\/#listItem\",\"name\":\"Tutun pentru rulat Amsterdamer\"}}]},{\"@type\":\"Organization\",\"@id\":\"https:\\\/\\\/tabaccomd.com\\\/ro\\\/#organization\",\"name\":\"Tabacco House\",\"description\":\"\\u041c\\u0430\\u0433\\u0430\\u0437\\u0438\\u043d \\u0442\\u0430\\u0431\\u0430\\u0447\\u043d\\u044b\\u0445 \\u0438\\u0437\\u0434\\u0435\\u043b\\u0438\\u0439\",\"url\":\"https:\\\/\\\/tabaccomd.com\\\/ro\\\/\",\"email\":\"Office@cazacuhouse.com\",\"telephone\":\"+37361000935\",\"logo\":{\"@type\":\"ImageObject\",\"url\":\"https:\\\/\\\/tabaccomd.com\\\/wp-content\\\/uploads\\\/2024\\\/02\\\/logo_header3.png\",\"@id\":\"https:\\\/\\\/tabaccomd.com\\\/ro\\\/product\\\/tutun-pentru-rulat-amsterdamer-purple-40g-x5\\\/#organizationLogo\",\"width\":32,\"height\":32,\"caption\":\"Tabacco House\"},\"image\":{\"@id\":\"https:\\\/\\\/tabaccomd.com\\\/ro\\\/product\\\/tutun-pentru-rulat-amsterdamer-purple-40g-x5\\\/#organizationLogo\"},\"sameAs\":[\"https:\\\/\\\/www.facebook.com\\\/tabaccomd.com\\\/\",\"https:\\\/\\\/www.instagram.com\\\/tabaccomd.com\\\/\"],\"address\":{\"@id\":\"https:\\\/\\\/tabaccomd.com\\\/ro\\\/#postaladdress\",\"@type\":\"PostalAddress\",\"streetAddress\":\"Strada Albi\\u015foara 4, Chi\\u0219in\\u0103u, Bulevardul \\u0218tefan cel Mare \\u0219i Sf\\u00eent 136, Chi\\u0219in\\u0103u\",\"addressLocality\":\"Chi\\u0219in\\u0103u\",\"addressCountry\":\"MD\"}},{\"@type\":\"Product\",\"@id\":\"https:\\\/\\\/tabaccomd.com\\\/ro\\\/product\\\/tutun-pentru-rulat-amsterdamer-purple-40g-x5\\\/#wooCommerceProduct\",\"name\":\"Tutun pentru rulat Amsterdamer Purple 40g x5\",\"description\":\"Promo\\u021bia este disponibil\\u0103 doar pentru comenzi online!\\r\\n \\tCadou: 2 pachete de filtre Mascotte Slim XL\\r\\n \\tGreutate 1 pachet: 40 g\\r\\n \\t\\u021aara: Danemarca\\r\\n \\tT\\u0103rie: Medie\",\"url\":\"https:\\\/\\\/tabaccomd.com\\\/ro\\\/product\\\/tutun-pentru-rulat-amsterdamer-purple-40g-x5\\\/\",\"sku\":\"AM Purple x5\",\"image\":{\"@type\":\"ImageObject\",\"url\":\"https:\\\/\\\/tabaccomd.com\\\/wp-content\\\/uploads\\\/2024\\\/06\\\/Amsterdamer-purple-0.jpeg\",\"@id\":\"https:\\\/\\\/tabaccomd.com\\\/ro\\\/product\\\/tutun-pentru-rulat-amsterdamer-purple-40g-x5\\\/#productImage\",\"width\":1000,\"height\":1000,\"caption\":\"Amsterdamer-purple-0\"},\"offers\":{\"@type\":\"Offer\",\"url\":\"https:\\\/\\\/tabaccomd.com\\\/ro\\\/product\\\/tutun-pentru-rulat-amsterdamer-purple-40g-x5\\\/#wooCommerceOffer\",\"price\":1100,\"priceCurrency\":\"MDL\",\"category\":\"Tutun pentru rulat Amsterdamer\",\"availability\":\"https:\\\/\\\/schema.org\\\/OutOfStock\",\"priceSpecification\":{\"@type\":\"PriceSpecification\",\"price\":1100,\"priceCurrency\":\"MDL\",\"valueAddedTaxIncluded\":\"true\"},\"seller\":{\"@type\":\"Organization\",\"@id\":\"https:\\\/\\\/tabaccomd.com\\\/ro\\\/#organization\"}}},{\"@type\":\"WebPage\",\"@id\":\"https:\\\/\\\/tabaccomd.com\\\/ro\\\/product\\\/tutun-pentru-rulat-amsterdamer-purple-40g-x5\\\/#webpage\",\"url\":\"https:\\\/\\\/tabaccomd.com\\\/ro\\\/product\\\/tutun-pentru-rulat-amsterdamer-purple-40g-x5\\\/\",\"name\":\"Tutun pentru rulat Amsterdamer Purple 40g x5 \\u2013 Tabacco House\",\"inLanguage\":\"ro-RO\",\"isPartOf\":{\"@id\":\"https:\\\/\\\/tabaccomd.com\\\/ro\\\/#website\"},\"breadcrumb\":{\"@id\":\"https:\\\/\\\/tabaccomd.com\\\/ro\\\/product\\\/tutun-pentru-rulat-amsterdamer-purple-40g-x5\\\/#breadcrumblist\"},\"image\":{\"@type\":\"ImageObject\",\"url\":\"https:\\\/\\\/tabaccomd.com\\\/wp-content\\\/uploads\\\/2024\\\/06\\\/Amsterdamer-purple-0.jpeg\",\"@id\":\"https:\\\/\\\/tabaccomd.com\\\/ro\\\/product\\\/tutun-pentru-rulat-amsterdamer-purple-40g-x5\\\/#mainImage\",\"width\":1000,\"height\":1000,\"caption\":\"Amsterdamer-purple-0\"},\"primaryImageOfPage\":{\"@id\":\"https:\\\/\\\/tabaccomd.com\\\/ro\\\/product\\\/tutun-pentru-rulat-amsterdamer-purple-40g-x5\\\/#mainImage\"},\"datePublished\":\"2024-06-19T13:44:06+03:00\",\"dateModified\":\"2025-05-15T16:50:00+03:00\"},{\"@type\":\"WebSite\",\"@id\":\"https:\\\/\\\/tabaccomd.com\\\/ro\\\/#website\",\"url\":\"https:\\\/\\\/tabaccomd.com\\\/ro\\\/\",\"name\":\"Tabacco House\",\"alternateName\":\"tobaccomd.com\",\"description\":\"\\u041c\\u0430\\u0433\\u0430\\u0437\\u0438\\u043d \\u0442\\u0430\\u0431\\u0430\\u0447\\u043d\\u044b\\u0445 \\u0438\\u0437\\u0434\\u0435\\u043b\\u0438\\u0439\",\"inLanguage\":\"ro-RO\",\"publisher\":{\"@id\":\"https:\\\/\\\/tabaccomd.com\\\/ro\\\/#organization\"}}]}\n\t\t<\/script>\n\t\t<!-- All in One SEO Pro -->\r\n\t\t<title>Tutun pentru rulat Amsterdamer Purple 40g x5 \u2013 Tabacco House<\/title>\n\n","aioseo_head_json":{"title":"Tutun pentru rulat Amsterdamer Purple 40g x5 \u2013 Tabacco House","description":"","canonical_url":"https:\/\/tabaccomd.com\/ro\/product\/tutun-pentru-rulat-amsterdamer-purple-40g-x5\/","robots":"max-image-preview:large","keywords":"","webmasterTools":{"miscellaneous":""},"schema":{"@context":"https:\/\/schema.org","@graph":[{"@type":"BreadcrumbList","@id":"https:\/\/tabaccomd.com\/ro\/product\/tutun-pentru-rulat-amsterdamer-purple-40g-x5\/#breadcrumblist","itemListElement":[{"@type":"ListItem","@id":"https:\/\/tabaccomd.com\/ro\/#listItem","position":1,"name":"\u0413\u043b\u0430\u0432\u043d\u0430\u044f","item":"https:\/\/tabaccomd.com\/ro\/","nextItem":{"@type":"ListItem","@id":"https:\/\/tabaccomd.com\/ro\/catalog\/#listItem","name":"Catalog"}},{"@type":"ListItem","@id":"https:\/\/tabaccomd.com\/ro\/catalog\/#listItem","position":2,"name":"Catalog","item":"https:\/\/tabaccomd.com\/ro\/catalog\/","nextItem":{"@type":"ListItem","@id":"https:\/\/tabaccomd.com\/ro\/product-category\/tutun-pentru-tigari\/#listItem","name":"Tutun pentru \u021big\u0103ri"},"previousItem":{"@type":"ListItem","@id":"https:\/\/tabaccomd.com\/ro\/#listItem","name":"\u0413\u043b\u0430\u0432\u043d\u0430\u044f"}},{"@type":"ListItem","@id":"https:\/\/tabaccomd.com\/ro\/product-category\/tutun-pentru-tigari\/#listItem","position":3,"name":"Tutun pentru \u021big\u0103ri","item":"https:\/\/tabaccomd.com\/ro\/product-category\/tutun-pentru-tigari\/","nextItem":{"@type":"ListItem","@id":"https:\/\/tabaccomd.com\/ro\/product-category\/tutun-pentru-tigari\/sigaretniy-tabak-amsterdamer\/#listItem","name":"Tutun pentru rulat Amsterdamer"},"previousItem":{"@type":"ListItem","@id":"https:\/\/tabaccomd.com\/ro\/catalog\/#listItem","name":"Catalog"}},{"@type":"ListItem","@id":"https:\/\/tabaccomd.com\/ro\/product-category\/tutun-pentru-tigari\/sigaretniy-tabak-amsterdamer\/#listItem","position":4,"name":"Tutun pentru rulat Amsterdamer","item":"https:\/\/tabaccomd.com\/ro\/product-category\/tutun-pentru-tigari\/sigaretniy-tabak-amsterdamer\/","nextItem":{"@type":"ListItem","@id":"https:\/\/tabaccomd.com\/ro\/product\/tutun-pentru-rulat-amsterdamer-purple-40g-x5\/#listItem","name":"Tutun pentru rulat Amsterdamer Purple 40g x5"},"previousItem":{"@type":"ListItem","@id":"https:\/\/tabaccomd.com\/ro\/product-category\/tutun-pentru-tigari\/#listItem","name":"Tutun pentru \u021big\u0103ri"}},{"@type":"ListItem","@id":"https:\/\/tabaccomd.com\/ro\/product\/tutun-pentru-rulat-amsterdamer-purple-40g-x5\/#listItem","position":5,"name":"Tutun pentru rulat Amsterdamer Purple 40g x5","previousItem":{"@type":"ListItem","@id":"https:\/\/tabaccomd.com\/ro\/product-category\/tutun-pentru-tigari\/sigaretniy-tabak-amsterdamer\/#listItem","name":"Tutun pentru rulat Amsterdamer"}}]},{"@type":"Organization","@id":"https:\/\/tabaccomd.com\/ro\/#organization","name":"Tabacco House","description":"\u041c\u0430\u0433\u0430\u0437\u0438\u043d \u0442\u0430\u0431\u0430\u0447\u043d\u044b\u0445 \u0438\u0437\u0434\u0435\u043b\u0438\u0439","url":"https:\/\/tabaccomd.com\/ro\/","email":"Office@cazacuhouse.com","telephone":"+37361000935","logo":{"@type":"ImageObject","url":"https:\/\/tabaccomd.com\/wp-content\/uploads\/2024\/02\/logo_header3.png","@id":"https:\/\/tabaccomd.com\/ro\/product\/tutun-pentru-rulat-amsterdamer-purple-40g-x5\/#organizationLogo","width":32,"height":32,"caption":"Tabacco House"},"image":{"@id":"https:\/\/tabaccomd.com\/ro\/product\/tutun-pentru-rulat-amsterdamer-purple-40g-x5\/#organizationLogo"},"sameAs":["https:\/\/www.facebook.com\/tabaccomd.com\/","https:\/\/www.instagram.com\/tabaccomd.com\/"],"address":{"@id":"https:\/\/tabaccomd.com\/ro\/#postaladdress","@type":"PostalAddress","streetAddress":"Strada Albi\u015foara 4, Chi\u0219in\u0103u, Bulevardul \u0218tefan cel Mare \u0219i Sf\u00eent 136, Chi\u0219in\u0103u","addressLocality":"Chi\u0219in\u0103u","addressCountry":"MD"}},{"@type":"Product","@id":"https:\/\/tabaccomd.com\/ro\/product\/tutun-pentru-rulat-amsterdamer-purple-40g-x5\/#wooCommerceProduct","name":"Tutun pentru rulat Amsterdamer Purple 40g x5","description":"Promo\u021bia este disponibil\u0103 doar pentru comenzi online!\r\n \tCadou: 2 pachete de filtre Mascotte Slim XL\r\n \tGreutate 1 pachet: 40 g\r\n \t\u021aara: Danemarca\r\n \tT\u0103rie: Medie","url":"https:\/\/tabaccomd.com\/ro\/product\/tutun-pentru-rulat-amsterdamer-purple-40g-x5\/","sku":"AM Purple x5","image":{"@type":"ImageObject","url":"https:\/\/tabaccomd.com\/wp-content\/uploads\/2024\/06\/Amsterdamer-purple-0.jpeg","@id":"https:\/\/tabaccomd.com\/ro\/product\/tutun-pentru-rulat-amsterdamer-purple-40g-x5\/#productImage","width":1000,"height":1000,"caption":"Amsterdamer-purple-0"},"offers":{"@type":"Offer","url":"https:\/\/tabaccomd.com\/ro\/product\/tutun-pentru-rulat-amsterdamer-purple-40g-x5\/#wooCommerceOffer","price":1100,"priceCurrency":"MDL","category":"Tutun pentru rulat Amsterdamer","availability":"https:\/\/schema.org\/OutOfStock","priceSpecification":{"@type":"PriceSpecification","price":1100,"priceCurrency":"MDL","valueAddedTaxIncluded":"true"},"seller":{"@type":"Organization","@id":"https:\/\/tabaccomd.com\/ro\/#organization"}}},{"@type":"WebPage","@id":"https:\/\/tabaccomd.com\/ro\/product\/tutun-pentru-rulat-amsterdamer-purple-40g-x5\/#webpage","url":"https:\/\/tabaccomd.com\/ro\/product\/tutun-pentru-rulat-amsterdamer-purple-40g-x5\/","name":"Tutun pentru rulat Amsterdamer Purple 40g x5 \u2013 Tabacco House","inLanguage":"ro-RO","isPartOf":{"@id":"https:\/\/tabaccomd.com\/ro\/#website"},"breadcrumb":{"@id":"https:\/\/tabaccomd.com\/ro\/product\/tutun-pentru-rulat-amsterdamer-purple-40g-x5\/#breadcrumblist"},"image":{"@type":"ImageObject","url":"https:\/\/tabaccomd.com\/wp-content\/uploads\/2024\/06\/Amsterdamer-purple-0.jpeg","@id":"https:\/\/tabaccomd.com\/ro\/product\/tutun-pentru-rulat-amsterdamer-purple-40g-x5\/#mainImage","width":1000,"height":1000,"caption":"Amsterdamer-purple-0"},"primaryImageOfPage":{"@id":"https:\/\/tabaccomd.com\/ro\/product\/tutun-pentru-rulat-amsterdamer-purple-40g-x5\/#mainImage"},"datePublished":"2024-06-19T13:44:06+03:00","dateModified":"2025-05-15T16:50:00+03:00"},{"@type":"WebSite","@id":"https:\/\/tabaccomd.com\/ro\/#website","url":"https:\/\/tabaccomd.com\/ro\/","name":"Tabacco House","alternateName":"tobaccomd.com","description":"\u041c\u0430\u0433\u0430\u0437\u0438\u043d \u0442\u0430\u0431\u0430\u0447\u043d\u044b\u0445 \u0438\u0437\u0434\u0435\u043b\u0438\u0439","inLanguage":"ro-RO","publisher":{"@id":"https:\/\/tabaccomd.com\/ro\/#organization"}}]},"og:locale":"ro_RO","og:site_name":"Tabacco House \u2013 \u041c\u0430\u0433\u0430\u0437\u0438\u043d \u0442\u0430\u0431\u0430\u0447\u043d\u044b\u0445 \u0438\u0437\u0434\u0435\u043b\u0438\u0439","og:type":"article","og:title":"Tutun pentru rulat Amsterdamer Purple 40g x5 \u2013 Tabacco House","og:url":"https:\/\/tabaccomd.com\/ro\/product\/tutun-pentru-rulat-amsterdamer-purple-40g-x5\/","article:published_time":"2024-06-19T10:44:06+00:00","article:modified_time":"2025-05-15T13:50:00+00:00","article:publisher":"https:\/\/www.facebook.com\/tabaccomd.com\/","twitter:card":"summary_large_image","twitter:title":"Tutun pentru rulat Amsterdamer Purple 40g x5 \u2013 Tabacco House"},"aioseo_meta_data":{"post_id":"139147","title":null,"description":null,"keywords":null,"keyphrases":null,"primary_term":null,"canonical_url":null,"og_title":null,"og_description":null,"og_object_type":"default","og_image_type":"default","og_image_url":null,"og_image_width":null,"og_image_height":null,"og_image_custom_url":null,"og_image_custom_fields":null,"og_video":null,"og_custom_url":null,"og_article_section":null,"og_article_tags":null,"twitter_use_og":false,"twitter_card":"default","twitter_image_type":"default","twitter_image_url":null,"twitter_image_custom_url":null,"twitter_image_custom_fields":null,"twitter_title":null,"twitter_description":null,"schema":{"blockGraphs":[],"customGraphs":[],"default":{"data":{"Article":[],"Course":[],"Dataset":[],"FAQPage":[],"Movie":[],"Person":[],"Product":[],"ProductReview":[],"Car":[],"Recipe":[],"Service":[],"SoftwareApplication":[],"WebPage":[]},"graphName":"","isEnabled":true},"graphs":[]},"schema_type":"default","schema_type_options":null,"pillar_content":false,"robots_default":true,"robots_noindex":false,"robots_noarchive":false,"robots_nosnippet":false,"robots_nofollow":false,"robots_noimageindex":false,"robots_noodp":false,"robots_notranslate":false,"robots_max_snippet":null,"robots_max_videopreview":null,"robots_max_imagepreview":"large","priority":null,"frequency":null,"local_seo":null,"seo_analyzer_scan_date":"2025-10-20 19:15:33","breadcrumb_settings":null,"limit_modified_date":false,"reviewed_by":null,"open_ai":null,"ai":null,"created":"2024-06-19 10:52:31","updated":"2025-10-20 19:15:33"},"aioseo_breadcrumb":"<div class=\"aioseo-breadcrumbs\"><span class=\"aioseo-breadcrumb\">\n\t<a href=\"https:\/\/tabaccomd.com\/ro\/\" title=\"\u0413\u043b\u0430\u0432\u043d\u0430\u044f\">\u0413\u043b\u0430\u0432\u043d\u0430\u044f<\/a>\n<\/span><span class=\"aioseo-breadcrumb-separator\">\u00bb<\/span><span class=\"aioseo-breadcrumb\">\n\t<a href=\"https:\/\/tabaccomd.com\/ro\/catalog\/\" title=\"Catalog\">Catalog<\/a>\n<\/span><span class=\"aioseo-breadcrumb-separator\">\u00bb<\/span><span class=\"aioseo-breadcrumb\">\n\t<a href=\"https:\/\/tabaccomd.com\/ro\/product-category\/tutun-pentru-tigari\/\" title=\"Tutun pentru \u021big\u0103ri\">Tutun pentru \u021big\u0103ri<\/a>\n<\/span><span class=\"aioseo-breadcrumb-separator\">\u00bb<\/span><span class=\"aioseo-breadcrumb\">\n\t<a href=\"https:\/\/tabaccomd.com\/ro\/product-category\/tutun-pentru-tigari\/sigaretniy-tabak-amsterdamer\/\" title=\"Tutun pentru rulat Amsterdamer\">Tutun pentru rulat Amsterdamer<\/a>\n<\/span><span class=\"aioseo-breadcrumb-separator\">\u00bb<\/span><span class=\"aioseo-breadcrumb\">\n\tTutun pentru rulat Amsterdamer Purple 40g x5\n<\/span><\/div>","aioseo_breadcrumb_json":[{"label":"\u0413\u043b\u0430\u0432\u043d\u0430\u044f","link":"https:\/\/tabaccomd.com\/ro\/"},{"label":"Catalog","link":"https:\/\/tabaccomd.com\/ro\/catalog\/"},{"label":"Tutun pentru \u021big\u0103ri","link":"https:\/\/tabaccomd.com\/ro\/product-category\/tutun-pentru-tigari\/"},{"label":"Tutun pentru rulat Amsterdamer","link":"https:\/\/tabaccomd.com\/ro\/product-category\/tutun-pentru-tigari\/sigaretniy-tabak-amsterdamer\/"},{"label":"Tutun pentru rulat Amsterdamer Purple 40g x5","link":"https:\/\/tabaccomd.com\/ro\/product\/tutun-pentru-rulat-amsterdamer-purple-40g-x5\/"}],"images_for_1c":[{"url":"https:\/\/tabaccomd.com\/wp-content\/uploads\/2024\/06\/Amsterdamer-purple-0.jpeg","type":"featured","alt":"Amsterdamer-purple-0","filename":"Amsterdamer-purple-0.jpeg"}],"additional_data_1c":{"modified_date":"2025-05-15 16:50:00","permalink":"https:\/\/tabaccomd.com\/ro\/product\/tutun-pentru-rulat-amsterdamer-purple-40g-x5\/","stock_status":"outofstock","manage_stock":"no"},"_links":{"self":[{"href":"https:\/\/tabaccomd.com\/ro\/wp-json\/wp\/v2\/product\/139147","targetHints":{"allow":["GET"]}}],"collection":[{"href":"https:\/\/tabaccomd.com\/ro\/wp-json\/wp\/v2\/product"}],"about":[{"href":"https:\/\/tabaccomd.com\/ro\/wp-json\/wp\/v2\/types\/product"}],"wp:featuredmedia":[{"embeddable":true,"href":"https:\/\/tabaccomd.com\/ro\/wp-json\/wp\/v2\/media\/139146"}],"wp:attachment":[{"href":"https:\/\/tabaccomd.com\/ro\/wp-json\/wp\/v2\/media?parent=139147"}],"wp:term":[{"taxonomy":"product_brand","embeddable":true,"href":"https:\/\/tabaccomd.com\/ro\/wp-json\/wp\/v2\/product_brand?post=139147"},{"taxonomy":"product_cat","embeddable":true,"href":"https:\/\/tabaccomd.com\/ro\/wp-json\/wp\/v2\/product_cat?post=139147"},{"taxonomy":"product_tag","embeddable":true,"href":"https:\/\/tabaccomd.com\/ro\/wp-json\/wp\/v2\/product_tag?post=139147"}],"curies":[{"name":"wp","href":"https:\/\/api.w.org\/{rel}","templated":true}]}}