{"id":139087,"date":"2024-06-18T14:17:08","date_gmt":"2024-06-18T11:17:08","guid":{"rendered":"https:\/\/tabaccomd.com\/product\/tutun-pentru-rulat-mac-baren-supreme-03-40g-x5\/"},"modified":"2025-05-15T17:06:00","modified_gmt":"2025-05-15T14:06:00","slug":"tutun-pentru-rulat-mac-baren-supreme-03-40g-x5","status":"publish","type":"product","link":"https:\/\/tabaccomd.com\/ro\/product\/tutun-pentru-rulat-mac-baren-supreme-03-40g-x5\/","title":{"rendered":"Tutun pentru rulat Mac Baren Supreme #03 40g x5"},"content":{"rendered":"<p>Tutunul pentru rulat <a href=\"https:\/\/tabaccomd.com\/ro\/categorie-produs\/tutun\/tutun-pentru-tigari\/tutun-pentru-rulat-mac-baren\/\">Mac Baren<\/a> Supreme Choice este un produs de \u00eenalt\u0103 calitate creat din soiuri selectate de tutun Virginia, Burley \u0219i Oriental. T\u0103ierea convenabil\u0103 face tutunul u\u0219or de rulat \u0219i asigur\u0103 o ardere uniform\u0103. Ambalajul p\u0103streaz\u0103 cu grij\u0103 prospe\u021bimea \u0219i aroma pentru o lung\u0103 perioad\u0103 de timp. Acest tutun este ideal pentru cei care apreciaz\u0103 calitatea \u0219i se bucur\u0103 de procesul de fumat. <strong>Promo\u021bia este disponibil\u0103 doar pentru comenzi online!<\/strong><\/p>\n<p>Fabricate din celuloz\u0103 nealbit\u0103, filtrele biodegradabile <a href=\"https:\/\/tabaccomd.com\/ro\/produs\/filtre-pentru-tigari-rulate-mascotte-xl-6mm\/\">Mascotte<\/a> au o lungime de 19 mm \u0219i ofer\u0103 o arom\u0103 bogat\u0103. Se biodegradeaz\u0103 \u00een mod natural, f\u0103c\u00e2ndu-le prietenoase cu mediul \u0219i contribuind la reducerea nivelului de nicotin\u0103 \u0219i gudron.<\/p>\n<p><strong>La achizi\u021bionarea a 5 pachete de tutun Mac Baren Supreme No. 03, primi\u021bi cadou 2 pachete de filtre Mascotte Slim XL!<\/strong><\/p>\n","protected":false},"excerpt":{"rendered":"<ul>\n<li><strong>Promo\u021bia este disponibil\u0103 doar pentru comenzi online!<\/strong><\/li>\n<li><strong>Cadou: 2 pachete de filtre Mascotte Slim XL<\/strong><\/li>\n<li>Greutate 1 pachet: 40g<\/li>\n<li>\u021aara: Danemarca<\/li>\n<li>T\u0103rie: U\u0219oar\u0103<\/li>\n<\/ul>\n","protected":false},"featured_media":139086,"template":"","meta":{"om_disable_all_campaigns":false,"_monsterinsights_skip_tracking":false,"_monsterinsights_sitenote_active":false,"_monsterinsights_sitenote_note":"","_monsterinsights_sitenote_category":0},"product_brand":[],"product_cat":[195],"product_tag":[],"class_list":{"0":"post-139087","1":"product","2":"type-product","3":"status-publish","4":"has-post-thumbnail","6":"product_cat-tutun-pentru-rulat-mac-baren","8":"first","9":"outofstock","10":"taxable","11":"shipping-taxable","12":"purchasable","13":"product-type-simple"},"aioseo_notices":[],"aioseo_head":"\n\t\t<!-- All in One SEO Pro 4.9.5.2 - aioseo.com -->\n\t<meta name=\"robots\" content=\"max-image-preview:large\" \/>\n\t<link rel=\"canonical\" href=\"https:\/\/tabaccomd.com\/ro\/product\/tutun-pentru-rulat-mac-baren-supreme-03-40g-x5\/\" \/>\n\t<meta name=\"generator\" content=\"All in One SEO Pro (AIOSEO) 4.9.5.2\" \/>\n\t\t<meta property=\"og:locale\" content=\"ro_RO\" \/>\n\t\t<meta property=\"og:site_name\" content=\"Tabacco House \u2013 \u041c\u0430\u0433\u0430\u0437\u0438\u043d \u0442\u0430\u0431\u0430\u0447\u043d\u044b\u0445 \u0438\u0437\u0434\u0435\u043b\u0438\u0439\" \/>\n\t\t<meta property=\"og:type\" content=\"article\" \/>\n\t\t<meta property=\"og:title\" content=\"Tutun pentru rulat Mac Baren Supreme #03 40g x5 \u2013 Tabacco House\" \/>\n\t\t<meta property=\"og:url\" content=\"https:\/\/tabaccomd.com\/ro\/product\/tutun-pentru-rulat-mac-baren-supreme-03-40g-x5\/\" \/>\n\t\t<meta property=\"article:published_time\" content=\"2024-06-18T11:17:08+00:00\" \/>\n\t\t<meta property=\"article:modified_time\" content=\"2025-05-15T14:06:00+00:00\" \/>\n\t\t<meta property=\"article:publisher\" content=\"https:\/\/www.facebook.com\/tabaccomd.com\/\" \/>\n\t\t<meta name=\"twitter:card\" content=\"summary_large_image\" \/>\n\t\t<meta name=\"twitter:title\" content=\"Tutun pentru rulat Mac Baren Supreme #03 40g x5 \u2013 Tabacco House\" \/>\n\t\t<script type=\"application\/ld+json\" class=\"aioseo-schema\">\n\t\t\t{\"@context\":\"https:\\\/\\\/schema.org\",\"@graph\":[{\"@type\":\"BreadcrumbList\",\"@id\":\"https:\\\/\\\/tabaccomd.com\\\/ro\\\/product\\\/tutun-pentru-rulat-mac-baren-supreme-03-40g-x5\\\/#breadcrumblist\",\"itemListElement\":[{\"@type\":\"ListItem\",\"@id\":\"https:\\\/\\\/tabaccomd.com\\\/ro\\\/#listItem\",\"position\":1,\"name\":\"\\u0413\\u043b\\u0430\\u0432\\u043d\\u0430\\u044f\",\"item\":\"https:\\\/\\\/tabaccomd.com\\\/ro\\\/\",\"nextItem\":{\"@type\":\"ListItem\",\"@id\":\"https:\\\/\\\/tabaccomd.com\\\/ro\\\/catalog\\\/#listItem\",\"name\":\"Catalog\"}},{\"@type\":\"ListItem\",\"@id\":\"https:\\\/\\\/tabaccomd.com\\\/ro\\\/catalog\\\/#listItem\",\"position\":2,\"name\":\"Catalog\",\"item\":\"https:\\\/\\\/tabaccomd.com\\\/ro\\\/catalog\\\/\",\"nextItem\":{\"@type\":\"ListItem\",\"@id\":\"https:\\\/\\\/tabaccomd.com\\\/ro\\\/product-category\\\/tutun-pentru-tigari\\\/#listItem\",\"name\":\"Tutun pentru \\u021big\\u0103ri\"},\"previousItem\":{\"@type\":\"ListItem\",\"@id\":\"https:\\\/\\\/tabaccomd.com\\\/ro\\\/#listItem\",\"name\":\"\\u0413\\u043b\\u0430\\u0432\\u043d\\u0430\\u044f\"}},{\"@type\":\"ListItem\",\"@id\":\"https:\\\/\\\/tabaccomd.com\\\/ro\\\/product-category\\\/tutun-pentru-tigari\\\/#listItem\",\"position\":3,\"name\":\"Tutun pentru \\u021big\\u0103ri\",\"item\":\"https:\\\/\\\/tabaccomd.com\\\/ro\\\/product-category\\\/tutun-pentru-tigari\\\/\",\"nextItem\":{\"@type\":\"ListItem\",\"@id\":\"https:\\\/\\\/tabaccomd.com\\\/ro\\\/product-category\\\/tutun-pentru-tigari\\\/tutun-pentru-rulat-mac-baren\\\/#listItem\",\"name\":\"Tutun pentru rulat Mac Baren\"},\"previousItem\":{\"@type\":\"ListItem\",\"@id\":\"https:\\\/\\\/tabaccomd.com\\\/ro\\\/catalog\\\/#listItem\",\"name\":\"Catalog\"}},{\"@type\":\"ListItem\",\"@id\":\"https:\\\/\\\/tabaccomd.com\\\/ro\\\/product-category\\\/tutun-pentru-tigari\\\/tutun-pentru-rulat-mac-baren\\\/#listItem\",\"position\":4,\"name\":\"Tutun pentru rulat Mac Baren\",\"item\":\"https:\\\/\\\/tabaccomd.com\\\/ro\\\/product-category\\\/tutun-pentru-tigari\\\/tutun-pentru-rulat-mac-baren\\\/\",\"nextItem\":{\"@type\":\"ListItem\",\"@id\":\"https:\\\/\\\/tabaccomd.com\\\/ro\\\/product\\\/tutun-pentru-rulat-mac-baren-supreme-03-40g-x5\\\/#listItem\",\"name\":\"Tutun pentru rulat Mac Baren Supreme #03 40g x5\"},\"previousItem\":{\"@type\":\"ListItem\",\"@id\":\"https:\\\/\\\/tabaccomd.com\\\/ro\\\/product-category\\\/tutun-pentru-tigari\\\/#listItem\",\"name\":\"Tutun pentru \\u021big\\u0103ri\"}},{\"@type\":\"ListItem\",\"@id\":\"https:\\\/\\\/tabaccomd.com\\\/ro\\\/product\\\/tutun-pentru-rulat-mac-baren-supreme-03-40g-x5\\\/#listItem\",\"position\":5,\"name\":\"Tutun pentru rulat Mac Baren Supreme #03 40g x5\",\"previousItem\":{\"@type\":\"ListItem\",\"@id\":\"https:\\\/\\\/tabaccomd.com\\\/ro\\\/product-category\\\/tutun-pentru-tigari\\\/tutun-pentru-rulat-mac-baren\\\/#listItem\",\"name\":\"Tutun pentru rulat Mac Baren\"}}]},{\"@type\":\"Organization\",\"@id\":\"https:\\\/\\\/tabaccomd.com\\\/ro\\\/#organization\",\"name\":\"Tabacco House\",\"description\":\"\\u041c\\u0430\\u0433\\u0430\\u0437\\u0438\\u043d \\u0442\\u0430\\u0431\\u0430\\u0447\\u043d\\u044b\\u0445 \\u0438\\u0437\\u0434\\u0435\\u043b\\u0438\\u0439\",\"url\":\"https:\\\/\\\/tabaccomd.com\\\/ro\\\/\",\"email\":\"Office@cazacuhouse.com\",\"telephone\":\"+37361000935\",\"logo\":{\"@type\":\"ImageObject\",\"url\":\"https:\\\/\\\/tabaccomd.com\\\/wp-content\\\/uploads\\\/2024\\\/02\\\/logo_header3.png\",\"@id\":\"https:\\\/\\\/tabaccomd.com\\\/ro\\\/product\\\/tutun-pentru-rulat-mac-baren-supreme-03-40g-x5\\\/#organizationLogo\",\"width\":32,\"height\":32,\"caption\":\"Tabacco House\"},\"image\":{\"@id\":\"https:\\\/\\\/tabaccomd.com\\\/ro\\\/product\\\/tutun-pentru-rulat-mac-baren-supreme-03-40g-x5\\\/#organizationLogo\"},\"sameAs\":[\"https:\\\/\\\/www.facebook.com\\\/tabaccomd.com\\\/\",\"https:\\\/\\\/www.instagram.com\\\/tabaccomd.com\\\/\"],\"address\":{\"@id\":\"https:\\\/\\\/tabaccomd.com\\\/ro\\\/#postaladdress\",\"@type\":\"PostalAddress\",\"streetAddress\":\"Strada Albi\\u015foara 4, Chi\\u0219in\\u0103u, Bulevardul \\u0218tefan cel Mare \\u0219i Sf\\u00eent 136, Chi\\u0219in\\u0103u\",\"addressLocality\":\"Chi\\u0219in\\u0103u\",\"addressCountry\":\"MD\"}},{\"@type\":\"Product\",\"@id\":\"https:\\\/\\\/tabaccomd.com\\\/ro\\\/product\\\/tutun-pentru-rulat-mac-baren-supreme-03-40g-x5\\\/#wooCommerceProduct\",\"name\":\"Tutun pentru rulat Mac Baren Supreme #03 40g x5\",\"description\":\"Promo\\u021bia este disponibil\\u0103 doar pentru comenzi online!\\r\\n \\tCadou: 2 pachete de filtre Mascotte Slim XL\\r\\n \\tGreutate 1 pachet: 40g\\r\\n \\t\\u021aara: Danemarca\\r\\n \\tT\\u0103rie: U\\u0219oar\\u0103\",\"url\":\"https:\\\/\\\/tabaccomd.com\\\/ro\\\/product\\\/tutun-pentru-rulat-mac-baren-supreme-03-40g-x5\\\/\",\"sku\":\"MB03X5\",\"image\":{\"@type\":\"ImageObject\",\"url\":\"https:\\\/\\\/tabaccomd.com\\\/wp-content\\\/uploads\\\/2024\\\/06\\\/Mac-Baren-Supreme-Choice.jpeg\",\"@id\":\"https:\\\/\\\/tabaccomd.com\\\/ro\\\/product\\\/tutun-pentru-rulat-mac-baren-supreme-03-40g-x5\\\/#productImage\",\"width\":1000,\"height\":1000,\"caption\":\"Mac-Baren-Supreme-Choice\"},\"offers\":{\"@type\":\"Offer\",\"url\":\"https:\\\/\\\/tabaccomd.com\\\/ro\\\/product\\\/tutun-pentru-rulat-mac-baren-supreme-03-40g-x5\\\/#wooCommerceOffer\",\"price\":1100,\"priceCurrency\":\"MDL\",\"category\":\"Tutun pentru rulat Mac Baren\",\"availability\":\"https:\\\/\\\/schema.org\\\/OutOfStock\",\"priceSpecification\":{\"@type\":\"PriceSpecification\",\"price\":1100,\"priceCurrency\":\"MDL\",\"valueAddedTaxIncluded\":\"true\"},\"seller\":{\"@type\":\"Organization\",\"@id\":\"https:\\\/\\\/tabaccomd.com\\\/ro\\\/#organization\"}}},{\"@type\":\"WebPage\",\"@id\":\"https:\\\/\\\/tabaccomd.com\\\/ro\\\/product\\\/tutun-pentru-rulat-mac-baren-supreme-03-40g-x5\\\/#webpage\",\"url\":\"https:\\\/\\\/tabaccomd.com\\\/ro\\\/product\\\/tutun-pentru-rulat-mac-baren-supreme-03-40g-x5\\\/\",\"name\":\"Tutun pentru rulat Mac Baren Supreme #03 40g x5 \\u2013 Tabacco House\",\"inLanguage\":\"ro-RO\",\"isPartOf\":{\"@id\":\"https:\\\/\\\/tabaccomd.com\\\/ro\\\/#website\"},\"breadcrumb\":{\"@id\":\"https:\\\/\\\/tabaccomd.com\\\/ro\\\/product\\\/tutun-pentru-rulat-mac-baren-supreme-03-40g-x5\\\/#breadcrumblist\"},\"image\":{\"@type\":\"ImageObject\",\"url\":\"https:\\\/\\\/tabaccomd.com\\\/wp-content\\\/uploads\\\/2024\\\/06\\\/Mac-Baren-Supreme-Choice.jpeg\",\"@id\":\"https:\\\/\\\/tabaccomd.com\\\/ro\\\/product\\\/tutun-pentru-rulat-mac-baren-supreme-03-40g-x5\\\/#mainImage\",\"width\":1000,\"height\":1000,\"caption\":\"Mac-Baren-Supreme-Choice\"},\"primaryImageOfPage\":{\"@id\":\"https:\\\/\\\/tabaccomd.com\\\/ro\\\/product\\\/tutun-pentru-rulat-mac-baren-supreme-03-40g-x5\\\/#mainImage\"},\"datePublished\":\"2024-06-18T14:17:08+03:00\",\"dateModified\":\"2025-05-15T17:06:00+03:00\"},{\"@type\":\"WebSite\",\"@id\":\"https:\\\/\\\/tabaccomd.com\\\/ro\\\/#website\",\"url\":\"https:\\\/\\\/tabaccomd.com\\\/ro\\\/\",\"name\":\"Tabacco House\",\"alternateName\":\"tobaccomd.com\",\"description\":\"\\u041c\\u0430\\u0433\\u0430\\u0437\\u0438\\u043d \\u0442\\u0430\\u0431\\u0430\\u0447\\u043d\\u044b\\u0445 \\u0438\\u0437\\u0434\\u0435\\u043b\\u0438\\u0439\",\"inLanguage\":\"ro-RO\",\"publisher\":{\"@id\":\"https:\\\/\\\/tabaccomd.com\\\/ro\\\/#organization\"}}]}\n\t\t<\/script>\n\t\t<!-- All in One SEO Pro -->\r\n\t\t<title>Tutun pentru rulat Mac Baren Supreme #03 40g x5 \u2013 Tabacco House<\/title>\n\n","aioseo_head_json":{"title":"Tutun pentru rulat Mac Baren Supreme #03 40g x5 \u2013 Tabacco House","description":"","canonical_url":"https:\/\/tabaccomd.com\/ro\/product\/tutun-pentru-rulat-mac-baren-supreme-03-40g-x5\/","robots":"max-image-preview:large","keywords":"","webmasterTools":{"miscellaneous":""},"schema":{"@context":"https:\/\/schema.org","@graph":[{"@type":"BreadcrumbList","@id":"https:\/\/tabaccomd.com\/ro\/product\/tutun-pentru-rulat-mac-baren-supreme-03-40g-x5\/#breadcrumblist","itemListElement":[{"@type":"ListItem","@id":"https:\/\/tabaccomd.com\/ro\/#listItem","position":1,"name":"\u0413\u043b\u0430\u0432\u043d\u0430\u044f","item":"https:\/\/tabaccomd.com\/ro\/","nextItem":{"@type":"ListItem","@id":"https:\/\/tabaccomd.com\/ro\/catalog\/#listItem","name":"Catalog"}},{"@type":"ListItem","@id":"https:\/\/tabaccomd.com\/ro\/catalog\/#listItem","position":2,"name":"Catalog","item":"https:\/\/tabaccomd.com\/ro\/catalog\/","nextItem":{"@type":"ListItem","@id":"https:\/\/tabaccomd.com\/ro\/product-category\/tutun-pentru-tigari\/#listItem","name":"Tutun pentru \u021big\u0103ri"},"previousItem":{"@type":"ListItem","@id":"https:\/\/tabaccomd.com\/ro\/#listItem","name":"\u0413\u043b\u0430\u0432\u043d\u0430\u044f"}},{"@type":"ListItem","@id":"https:\/\/tabaccomd.com\/ro\/product-category\/tutun-pentru-tigari\/#listItem","position":3,"name":"Tutun pentru \u021big\u0103ri","item":"https:\/\/tabaccomd.com\/ro\/product-category\/tutun-pentru-tigari\/","nextItem":{"@type":"ListItem","@id":"https:\/\/tabaccomd.com\/ro\/product-category\/tutun-pentru-tigari\/tutun-pentru-rulat-mac-baren\/#listItem","name":"Tutun pentru rulat Mac Baren"},"previousItem":{"@type":"ListItem","@id":"https:\/\/tabaccomd.com\/ro\/catalog\/#listItem","name":"Catalog"}},{"@type":"ListItem","@id":"https:\/\/tabaccomd.com\/ro\/product-category\/tutun-pentru-tigari\/tutun-pentru-rulat-mac-baren\/#listItem","position":4,"name":"Tutun pentru rulat Mac Baren","item":"https:\/\/tabaccomd.com\/ro\/product-category\/tutun-pentru-tigari\/tutun-pentru-rulat-mac-baren\/","nextItem":{"@type":"ListItem","@id":"https:\/\/tabaccomd.com\/ro\/product\/tutun-pentru-rulat-mac-baren-supreme-03-40g-x5\/#listItem","name":"Tutun pentru rulat Mac Baren Supreme #03 40g x5"},"previousItem":{"@type":"ListItem","@id":"https:\/\/tabaccomd.com\/ro\/product-category\/tutun-pentru-tigari\/#listItem","name":"Tutun pentru \u021big\u0103ri"}},{"@type":"ListItem","@id":"https:\/\/tabaccomd.com\/ro\/product\/tutun-pentru-rulat-mac-baren-supreme-03-40g-x5\/#listItem","position":5,"name":"Tutun pentru rulat Mac Baren Supreme #03 40g x5","previousItem":{"@type":"ListItem","@id":"https:\/\/tabaccomd.com\/ro\/product-category\/tutun-pentru-tigari\/tutun-pentru-rulat-mac-baren\/#listItem","name":"Tutun pentru rulat Mac Baren"}}]},{"@type":"Organization","@id":"https:\/\/tabaccomd.com\/ro\/#organization","name":"Tabacco House","description":"\u041c\u0430\u0433\u0430\u0437\u0438\u043d \u0442\u0430\u0431\u0430\u0447\u043d\u044b\u0445 \u0438\u0437\u0434\u0435\u043b\u0438\u0439","url":"https:\/\/tabaccomd.com\/ro\/","email":"Office@cazacuhouse.com","telephone":"+37361000935","logo":{"@type":"ImageObject","url":"https:\/\/tabaccomd.com\/wp-content\/uploads\/2024\/02\/logo_header3.png","@id":"https:\/\/tabaccomd.com\/ro\/product\/tutun-pentru-rulat-mac-baren-supreme-03-40g-x5\/#organizationLogo","width":32,"height":32,"caption":"Tabacco House"},"image":{"@id":"https:\/\/tabaccomd.com\/ro\/product\/tutun-pentru-rulat-mac-baren-supreme-03-40g-x5\/#organizationLogo"},"sameAs":["https:\/\/www.facebook.com\/tabaccomd.com\/","https:\/\/www.instagram.com\/tabaccomd.com\/"],"address":{"@id":"https:\/\/tabaccomd.com\/ro\/#postaladdress","@type":"PostalAddress","streetAddress":"Strada Albi\u015foara 4, Chi\u0219in\u0103u, Bulevardul \u0218tefan cel Mare \u0219i Sf\u00eent 136, Chi\u0219in\u0103u","addressLocality":"Chi\u0219in\u0103u","addressCountry":"MD"}},{"@type":"Product","@id":"https:\/\/tabaccomd.com\/ro\/product\/tutun-pentru-rulat-mac-baren-supreme-03-40g-x5\/#wooCommerceProduct","name":"Tutun pentru rulat Mac Baren Supreme #03 40g x5","description":"Promo\u021bia este disponibil\u0103 doar pentru comenzi online!\r\n \tCadou: 2 pachete de filtre Mascotte Slim XL\r\n \tGreutate 1 pachet: 40g\r\n \t\u021aara: Danemarca\r\n \tT\u0103rie: U\u0219oar\u0103","url":"https:\/\/tabaccomd.com\/ro\/product\/tutun-pentru-rulat-mac-baren-supreme-03-40g-x5\/","sku":"MB03X5","image":{"@type":"ImageObject","url":"https:\/\/tabaccomd.com\/wp-content\/uploads\/2024\/06\/Mac-Baren-Supreme-Choice.jpeg","@id":"https:\/\/tabaccomd.com\/ro\/product\/tutun-pentru-rulat-mac-baren-supreme-03-40g-x5\/#productImage","width":1000,"height":1000,"caption":"Mac-Baren-Supreme-Choice"},"offers":{"@type":"Offer","url":"https:\/\/tabaccomd.com\/ro\/product\/tutun-pentru-rulat-mac-baren-supreme-03-40g-x5\/#wooCommerceOffer","price":1100,"priceCurrency":"MDL","category":"Tutun pentru rulat Mac Baren","availability":"https:\/\/schema.org\/OutOfStock","priceSpecification":{"@type":"PriceSpecification","price":1100,"priceCurrency":"MDL","valueAddedTaxIncluded":"true"},"seller":{"@type":"Organization","@id":"https:\/\/tabaccomd.com\/ro\/#organization"}}},{"@type":"WebPage","@id":"https:\/\/tabaccomd.com\/ro\/product\/tutun-pentru-rulat-mac-baren-supreme-03-40g-x5\/#webpage","url":"https:\/\/tabaccomd.com\/ro\/product\/tutun-pentru-rulat-mac-baren-supreme-03-40g-x5\/","name":"Tutun pentru rulat Mac Baren Supreme #03 40g x5 \u2013 Tabacco House","inLanguage":"ro-RO","isPartOf":{"@id":"https:\/\/tabaccomd.com\/ro\/#website"},"breadcrumb":{"@id":"https:\/\/tabaccomd.com\/ro\/product\/tutun-pentru-rulat-mac-baren-supreme-03-40g-x5\/#breadcrumblist"},"image":{"@type":"ImageObject","url":"https:\/\/tabaccomd.com\/wp-content\/uploads\/2024\/06\/Mac-Baren-Supreme-Choice.jpeg","@id":"https:\/\/tabaccomd.com\/ro\/product\/tutun-pentru-rulat-mac-baren-supreme-03-40g-x5\/#mainImage","width":1000,"height":1000,"caption":"Mac-Baren-Supreme-Choice"},"primaryImageOfPage":{"@id":"https:\/\/tabaccomd.com\/ro\/product\/tutun-pentru-rulat-mac-baren-supreme-03-40g-x5\/#mainImage"},"datePublished":"2024-06-18T14:17:08+03:00","dateModified":"2025-05-15T17:06:00+03:00"},{"@type":"WebSite","@id":"https:\/\/tabaccomd.com\/ro\/#website","url":"https:\/\/tabaccomd.com\/ro\/","name":"Tabacco House","alternateName":"tobaccomd.com","description":"\u041c\u0430\u0433\u0430\u0437\u0438\u043d \u0442\u0430\u0431\u0430\u0447\u043d\u044b\u0445 \u0438\u0437\u0434\u0435\u043b\u0438\u0439","inLanguage":"ro-RO","publisher":{"@id":"https:\/\/tabaccomd.com\/ro\/#organization"}}]},"og:locale":"ro_RO","og:site_name":"Tabacco House \u2013 \u041c\u0430\u0433\u0430\u0437\u0438\u043d \u0442\u0430\u0431\u0430\u0447\u043d\u044b\u0445 \u0438\u0437\u0434\u0435\u043b\u0438\u0439","og:type":"article","og:title":"Tutun pentru rulat Mac Baren Supreme #03 40g x5 \u2013 Tabacco House","og:url":"https:\/\/tabaccomd.com\/ro\/product\/tutun-pentru-rulat-mac-baren-supreme-03-40g-x5\/","article:published_time":"2024-06-18T11:17:08+00:00","article:modified_time":"2025-05-15T14:06:00+00:00","article:publisher":"https:\/\/www.facebook.com\/tabaccomd.com\/","twitter:card":"summary_large_image","twitter:title":"Tutun pentru rulat Mac Baren Supreme #03 40g x5 \u2013 Tabacco House"},"aioseo_meta_data":{"post_id":"139087","title":null,"description":null,"keywords":null,"keyphrases":null,"primary_term":null,"canonical_url":null,"og_title":null,"og_description":null,"og_object_type":"default","og_image_type":"default","og_image_url":null,"og_image_width":null,"og_image_height":null,"og_image_custom_url":null,"og_image_custom_fields":null,"og_video":null,"og_custom_url":null,"og_article_section":null,"og_article_tags":null,"twitter_use_og":false,"twitter_card":"default","twitter_image_type":"default","twitter_image_url":null,"twitter_image_custom_url":null,"twitter_image_custom_fields":null,"twitter_title":null,"twitter_description":null,"schema":{"blockGraphs":[],"customGraphs":[],"default":{"data":{"Article":[],"Course":[],"Dataset":[],"FAQPage":[],"Movie":[],"Person":[],"Product":[],"ProductReview":[],"Car":[],"Recipe":[],"Service":[],"SoftwareApplication":[],"WebPage":[]},"graphName":"ItemPage","isEnabled":true},"graphs":[]},"schema_type":"default","schema_type_options":null,"pillar_content":false,"robots_default":true,"robots_noindex":false,"robots_noarchive":false,"robots_nosnippet":false,"robots_nofollow":false,"robots_noimageindex":false,"robots_noodp":false,"robots_notranslate":false,"robots_max_snippet":null,"robots_max_videopreview":null,"robots_max_imagepreview":"large","priority":null,"frequency":null,"local_seo":null,"seo_analyzer_scan_date":"2025-10-20 19:12:48","breadcrumb_settings":null,"limit_modified_date":false,"reviewed_by":null,"open_ai":null,"ai":null,"created":"2024-06-18 11:25:31","updated":"2025-10-20 19:12:48"},"aioseo_breadcrumb":"<div class=\"aioseo-breadcrumbs\"><span class=\"aioseo-breadcrumb\">\n\t<a href=\"https:\/\/tabaccomd.com\/ro\/\" title=\"\u0413\u043b\u0430\u0432\u043d\u0430\u044f\">\u0413\u043b\u0430\u0432\u043d\u0430\u044f<\/a>\n<\/span><span class=\"aioseo-breadcrumb-separator\">\u00bb<\/span><span class=\"aioseo-breadcrumb\">\n\t<a href=\"https:\/\/tabaccomd.com\/ro\/catalog\/\" title=\"Catalog\">Catalog<\/a>\n<\/span><span class=\"aioseo-breadcrumb-separator\">\u00bb<\/span><span class=\"aioseo-breadcrumb\">\n\t<a href=\"https:\/\/tabaccomd.com\/ro\/product-category\/tutun-pentru-tigari\/\" title=\"Tutun pentru \u021big\u0103ri\">Tutun pentru \u021big\u0103ri<\/a>\n<\/span><span class=\"aioseo-breadcrumb-separator\">\u00bb<\/span><span class=\"aioseo-breadcrumb\">\n\t<a href=\"https:\/\/tabaccomd.com\/ro\/product-category\/tutun-pentru-tigari\/tutun-pentru-rulat-mac-baren\/\" title=\"Tutun pentru rulat Mac Baren\">Tutun pentru rulat Mac Baren<\/a>\n<\/span><span class=\"aioseo-breadcrumb-separator\">\u00bb<\/span><span class=\"aioseo-breadcrumb\">\n\tTutun pentru rulat Mac Baren Supreme #03 40g x5\n<\/span><\/div>","aioseo_breadcrumb_json":[{"label":"\u0413\u043b\u0430\u0432\u043d\u0430\u044f","link":"https:\/\/tabaccomd.com\/ro\/"},{"label":"Catalog","link":"https:\/\/tabaccomd.com\/ro\/catalog\/"},{"label":"Tutun pentru \u021big\u0103ri","link":"https:\/\/tabaccomd.com\/ro\/product-category\/tutun-pentru-tigari\/"},{"label":"Tutun pentru rulat Mac Baren","link":"https:\/\/tabaccomd.com\/ro\/product-category\/tutun-pentru-tigari\/tutun-pentru-rulat-mac-baren\/"},{"label":"Tutun pentru rulat Mac Baren Supreme #03 40g x5","link":"https:\/\/tabaccomd.com\/ro\/product\/tutun-pentru-rulat-mac-baren-supreme-03-40g-x5\/"}],"images_for_1c":[{"url":"https:\/\/tabaccomd.com\/wp-content\/uploads\/2024\/06\/Mac-Baren-Supreme-Choice.jpeg","type":"featured","alt":"Mac-Baren-Supreme-ChoiceMac-Baren-Supreme-Choice","filename":"Mac-Baren-Supreme-Choice.jpeg"}],"additional_data_1c":{"modified_date":"2025-05-15 17:06:00","permalink":"https:\/\/tabaccomd.com\/ro\/product\/tutun-pentru-rulat-mac-baren-supreme-03-40g-x5\/","stock_status":"outofstock","manage_stock":"no"},"_links":{"self":[{"href":"https:\/\/tabaccomd.com\/ro\/wp-json\/wp\/v2\/product\/139087","targetHints":{"allow":["GET"]}}],"collection":[{"href":"https:\/\/tabaccomd.com\/ro\/wp-json\/wp\/v2\/product"}],"about":[{"href":"https:\/\/tabaccomd.com\/ro\/wp-json\/wp\/v2\/types\/product"}],"wp:featuredmedia":[{"embeddable":true,"href":"https:\/\/tabaccomd.com\/ro\/wp-json\/wp\/v2\/media\/139086"}],"wp:attachment":[{"href":"https:\/\/tabaccomd.com\/ro\/wp-json\/wp\/v2\/media?parent=139087"}],"wp:term":[{"taxonomy":"product_brand","embeddable":true,"href":"https:\/\/tabaccomd.com\/ro\/wp-json\/wp\/v2\/product_brand?post=139087"},{"taxonomy":"product_cat","embeddable":true,"href":"https:\/\/tabaccomd.com\/ro\/wp-json\/wp\/v2\/product_cat?post=139087"},{"taxonomy":"product_tag","embeddable":true,"href":"https:\/\/tabaccomd.com\/ro\/wp-json\/wp\/v2\/product_tag?post=139087"}],"curies":[{"name":"wp","href":"https:\/\/api.w.org\/{rel}","templated":true}]}}