{"id":139072,"date":"2024-06-15T16:05:25","date_gmt":"2024-06-15T13:05:25","guid":{"rendered":"https:\/\/tabaccomd.com\/product\/carbune-natural-monster-coco-1kg\/"},"modified":"2026-01-26T12:40:38","modified_gmt":"2026-01-26T09:40:38","slug":"carbune-natural-monster-coco-1kg","status":"publish","type":"product","link":"https:\/\/tabaccomd.com\/ro\/product\/carbune-natural-monster-coco-1kg\/","title":{"rendered":"C\u0103rbune natural Monster Coco 1kg"},"content":{"rendered":"<p><a href=\"https:\/\/tabaccomd.com\/ro\/categorie-produs\/narghilea-ro\/carbuni-pentru-narghilea\/\">C\u0103rbunele<\/a> de nuc\u0103 de cocos Monster Coco pentru narghilea este un produs de \u00eenalt\u0103 calitate realizat din materii prime naturale din nuc\u0103 de cocos. Este inodor, ceea ce v\u0103 permite s\u0103 v\u0103 bucura\u021bi de adev\u0103ratul gust al fumului de narghilea. \u00ceArde mult timp, putere mare de c\u0103ldur\u0103, cantitate minim\u0103 de cenu\u0219\u0103 \u0219i f\u0103r\u0103 sc\u00e2ntei, \u00eel fac alegerea ideal\u0103 pentru o narghilea. C\u0103rbunele este ecologic \u0219i sigur de utilizat. Cuburile de 25 mm sunt u\u0219or de afumat \u0219i de manipulat cu cle\u0219ti. \u00cen pachet sunt 72 de buc\u0103\u021bi, ceea ce este suficient pentru 8-10 \u0219edin\u021be de fumat.<\/p>\n<p>Pute\u021bi achizi\u021biona c\u0103rbunele natural Monster Coco 1kg \u00een Moldova, Chi\u0219in\u0103u, \u00een re\u021beaua de magazine Tabacco House.<\/p>\n","protected":false},"excerpt":{"rendered":"<ul>\n<li>Produc\u0103tor: Monster Tobacco<\/li>\n<li>\u021aara produc\u0103torului: Indonezia<\/li>\n<li>Greutate: 1 kg<\/li>\n<li>Num\u0103r de cuburi: 72 buc\u0103\u021bi<\/li>\n<li>Dimensiunea cubului: 25 x 25 x 25 mm<\/li>\n<li>Material: Materii prime naturale de nuc\u0103 de cocos<\/li>\n<li>Nu creeaz\u0103 sc\u00e2ntei atunci c\u00e2nd mocne\u0219te<\/li>\n<li>Folosit econom<\/li>\n<\/ul>\n","protected":false},"featured_media":139070,"template":"","meta":{"om_disable_all_campaigns":false,"_monsterinsights_skip_tracking":false,"_monsterinsights_sitenote_active":false,"_monsterinsights_sitenote_note":"","_monsterinsights_sitenote_category":0},"product_brand":[],"product_cat":[153],"product_tag":[],"class_list":{"0":"post-139072","1":"product","2":"type-product","3":"status-publish","4":"has-post-thumbnail","6":"product_cat-carbuni-pentru-narghilea","8":"first","9":"outofstock","10":"purchasable","11":"product-type-simple"},"aioseo_notices":[],"aioseo_head":"\n\t\t<!-- All in One SEO Pro 4.9.5.2 - aioseo.com -->\n\t<meta name=\"robots\" content=\"max-image-preview:large\" \/>\n\t<link rel=\"canonical\" href=\"https:\/\/tabaccomd.com\/ro\/product\/carbune-natural-monster-coco-1kg\/\" \/>\n\t<meta name=\"generator\" content=\"All in One SEO Pro (AIOSEO) 4.9.5.2\" \/>\n\t\t<meta property=\"og:locale\" content=\"ro_RO\" \/>\n\t\t<meta property=\"og:site_name\" content=\"Tabacco House \u2013 \u041c\u0430\u0433\u0430\u0437\u0438\u043d \u0442\u0430\u0431\u0430\u0447\u043d\u044b\u0445 \u0438\u0437\u0434\u0435\u043b\u0438\u0439\" \/>\n\t\t<meta property=\"og:type\" content=\"article\" \/>\n\t\t<meta property=\"og:title\" content=\"C\u0103rbune natural Monster Coco 1kg \u2013 Tabacco House\" \/>\n\t\t<meta property=\"og:url\" content=\"https:\/\/tabaccomd.com\/ro\/product\/carbune-natural-monster-coco-1kg\/\" \/>\n\t\t<meta property=\"article:published_time\" content=\"2024-06-15T13:05:25+00:00\" \/>\n\t\t<meta property=\"article:modified_time\" content=\"2026-01-26T09:40:38+00:00\" \/>\n\t\t<meta property=\"article:publisher\" content=\"https:\/\/www.facebook.com\/tabaccomd.com\/\" \/>\n\t\t<meta name=\"twitter:card\" content=\"summary_large_image\" \/>\n\t\t<meta name=\"twitter:title\" content=\"C\u0103rbune natural Monster Coco 1kg \u2013 Tabacco House\" \/>\n\t\t<script type=\"application\/ld+json\" class=\"aioseo-schema\">\n\t\t\t{\"@context\":\"https:\\\/\\\/schema.org\",\"@graph\":[{\"@type\":\"BreadcrumbList\",\"@id\":\"https:\\\/\\\/tabaccomd.com\\\/ro\\\/product\\\/carbune-natural-monster-coco-1kg\\\/#breadcrumblist\",\"itemListElement\":[{\"@type\":\"ListItem\",\"@id\":\"https:\\\/\\\/tabaccomd.com\\\/ro\\\/#listItem\",\"position\":1,\"name\":\"\\u0413\\u043b\\u0430\\u0432\\u043d\\u0430\\u044f\",\"item\":\"https:\\\/\\\/tabaccomd.com\\\/ro\\\/\",\"nextItem\":{\"@type\":\"ListItem\",\"@id\":\"https:\\\/\\\/tabaccomd.com\\\/ro\\\/catalog\\\/#listItem\",\"name\":\"Catalog\"}},{\"@type\":\"ListItem\",\"@id\":\"https:\\\/\\\/tabaccomd.com\\\/ro\\\/catalog\\\/#listItem\",\"position\":2,\"name\":\"Catalog\",\"item\":\"https:\\\/\\\/tabaccomd.com\\\/ro\\\/catalog\\\/\",\"nextItem\":{\"@type\":\"ListItem\",\"@id\":\"https:\\\/\\\/tabaccomd.com\\\/ro\\\/product-category\\\/narghilea-ro\\\/#listItem\",\"name\":\"Narghilea\"},\"previousItem\":{\"@type\":\"ListItem\",\"@id\":\"https:\\\/\\\/tabaccomd.com\\\/ro\\\/#listItem\",\"name\":\"\\u0413\\u043b\\u0430\\u0432\\u043d\\u0430\\u044f\"}},{\"@type\":\"ListItem\",\"@id\":\"https:\\\/\\\/tabaccomd.com\\\/ro\\\/product-category\\\/narghilea-ro\\\/#listItem\",\"position\":3,\"name\":\"Narghilea\",\"item\":\"https:\\\/\\\/tabaccomd.com\\\/ro\\\/product-category\\\/narghilea-ro\\\/\",\"nextItem\":{\"@type\":\"ListItem\",\"@id\":\"https:\\\/\\\/tabaccomd.com\\\/ro\\\/product-category\\\/narghilea-ro\\\/carbuni-pentru-narghilea\\\/#listItem\",\"name\":\"C\\u0103rbuni pentru narghilea\"},\"previousItem\":{\"@type\":\"ListItem\",\"@id\":\"https:\\\/\\\/tabaccomd.com\\\/ro\\\/catalog\\\/#listItem\",\"name\":\"Catalog\"}},{\"@type\":\"ListItem\",\"@id\":\"https:\\\/\\\/tabaccomd.com\\\/ro\\\/product-category\\\/narghilea-ro\\\/carbuni-pentru-narghilea\\\/#listItem\",\"position\":4,\"name\":\"C\\u0103rbuni pentru narghilea\",\"item\":\"https:\\\/\\\/tabaccomd.com\\\/ro\\\/product-category\\\/narghilea-ro\\\/carbuni-pentru-narghilea\\\/\",\"nextItem\":{\"@type\":\"ListItem\",\"@id\":\"https:\\\/\\\/tabaccomd.com\\\/ro\\\/product\\\/carbune-natural-monster-coco-1kg\\\/#listItem\",\"name\":\"C\\u0103rbune natural Monster Coco 1kg\"},\"previousItem\":{\"@type\":\"ListItem\",\"@id\":\"https:\\\/\\\/tabaccomd.com\\\/ro\\\/product-category\\\/narghilea-ro\\\/#listItem\",\"name\":\"Narghilea\"}},{\"@type\":\"ListItem\",\"@id\":\"https:\\\/\\\/tabaccomd.com\\\/ro\\\/product\\\/carbune-natural-monster-coco-1kg\\\/#listItem\",\"position\":5,\"name\":\"C\\u0103rbune natural Monster Coco 1kg\",\"previousItem\":{\"@type\":\"ListItem\",\"@id\":\"https:\\\/\\\/tabaccomd.com\\\/ro\\\/product-category\\\/narghilea-ro\\\/carbuni-pentru-narghilea\\\/#listItem\",\"name\":\"C\\u0103rbuni pentru narghilea\"}}]},{\"@type\":\"Organization\",\"@id\":\"https:\\\/\\\/tabaccomd.com\\\/ro\\\/#organization\",\"name\":\"Tabacco House\",\"description\":\"\\u041c\\u0430\\u0433\\u0430\\u0437\\u0438\\u043d \\u0442\\u0430\\u0431\\u0430\\u0447\\u043d\\u044b\\u0445 \\u0438\\u0437\\u0434\\u0435\\u043b\\u0438\\u0439\",\"url\":\"https:\\\/\\\/tabaccomd.com\\\/ro\\\/\",\"email\":\"Office@cazacuhouse.com\",\"telephone\":\"+37361000935\",\"logo\":{\"@type\":\"ImageObject\",\"url\":\"https:\\\/\\\/tabaccomd.com\\\/wp-content\\\/uploads\\\/2024\\\/02\\\/logo_header3.png\",\"@id\":\"https:\\\/\\\/tabaccomd.com\\\/ro\\\/product\\\/carbune-natural-monster-coco-1kg\\\/#organizationLogo\",\"width\":32,\"height\":32,\"caption\":\"Tabacco House\"},\"image\":{\"@id\":\"https:\\\/\\\/tabaccomd.com\\\/ro\\\/product\\\/carbune-natural-monster-coco-1kg\\\/#organizationLogo\"},\"sameAs\":[\"https:\\\/\\\/www.facebook.com\\\/tabaccomd.com\\\/\",\"https:\\\/\\\/www.instagram.com\\\/tabaccomd.com\\\/\"],\"address\":{\"@id\":\"https:\\\/\\\/tabaccomd.com\\\/ro\\\/#postaladdress\",\"@type\":\"PostalAddress\",\"streetAddress\":\"Strada Albi\\u015foara 4, Chi\\u0219in\\u0103u, Bulevardul \\u0218tefan cel Mare \\u0219i Sf\\u00eent 136, Chi\\u0219in\\u0103u\",\"addressLocality\":\"Chi\\u0219in\\u0103u\",\"addressCountry\":\"MD\"}},{\"@type\":\"Product\",\"@id\":\"https:\\\/\\\/tabaccomd.com\\\/ro\\\/product\\\/carbune-natural-monster-coco-1kg\\\/#wooCommerceProduct\",\"name\":\"C\\u0103rbune natural Monster Coco 1kg\",\"description\":\"Produc\\u0103tor: Monster Tobacco\\r\\n \\t\\u021aara produc\\u0103torului: Indonezia\\r\\n \\tGreutate: 1 kg\\r\\n \\tNum\\u0103r de cuburi: 72 buc\\u0103\\u021bi\\r\\n \\tDimensiunea cubului: 25 x 25 x 25 mm\\r\\n \\tMaterial: Materii prime naturale de nuc\\u0103 de cocos\\r\\n \\tNu creeaz\\u0103 sc\\u00e2ntei atunci c\\u00e2nd mocne\\u0219te\\r\\n \\tFolosit econom\",\"url\":\"https:\\\/\\\/tabaccomd.com\\\/ro\\\/product\\\/carbune-natural-monster-coco-1kg\\\/\",\"sku\":\"MC15s\",\"image\":{\"@type\":\"ImageObject\",\"url\":\"https:\\\/\\\/tabaccomd.com\\\/wp-content\\\/uploads\\\/2024\\\/06\\\/ugol-dlya-kalyana-monster-coco-1kg.jpg\",\"@id\":\"https:\\\/\\\/tabaccomd.com\\\/ro\\\/product\\\/carbune-natural-monster-coco-1kg\\\/#productImage\",\"width\":1000,\"height\":1000,\"caption\":\"ugol-dlya-kalyana-monster-coco-1kg\"},\"offers\":{\"@type\":\"Offer\",\"url\":\"https:\\\/\\\/tabaccomd.com\\\/ro\\\/product\\\/carbune-natural-monster-coco-1kg\\\/#wooCommerceOffer\",\"price\":150,\"priceCurrency\":\"MDL\",\"category\":\"C\\u0103rbuni pentru narghilea\",\"availability\":\"https:\\\/\\\/schema.org\\\/OutOfStock\",\"priceSpecification\":{\"@type\":\"PriceSpecification\",\"price\":150,\"priceCurrency\":\"MDL\",\"valueAddedTaxIncluded\":\"true\"},\"seller\":{\"@type\":\"Organization\",\"@id\":\"https:\\\/\\\/tabaccomd.com\\\/ro\\\/#organization\"}}},{\"@type\":\"WebPage\",\"@id\":\"https:\\\/\\\/tabaccomd.com\\\/ro\\\/product\\\/carbune-natural-monster-coco-1kg\\\/#webpage\",\"url\":\"https:\\\/\\\/tabaccomd.com\\\/ro\\\/product\\\/carbune-natural-monster-coco-1kg\\\/\",\"name\":\"C\\u0103rbune natural Monster Coco 1kg \\u2013 Tabacco House\",\"inLanguage\":\"ro-RO\",\"isPartOf\":{\"@id\":\"https:\\\/\\\/tabaccomd.com\\\/ro\\\/#website\"},\"breadcrumb\":{\"@id\":\"https:\\\/\\\/tabaccomd.com\\\/ro\\\/product\\\/carbune-natural-monster-coco-1kg\\\/#breadcrumblist\"},\"image\":{\"@type\":\"ImageObject\",\"url\":\"https:\\\/\\\/tabaccomd.com\\\/wp-content\\\/uploads\\\/2024\\\/06\\\/ugol-dlya-kalyana-monster-coco-1kg.jpg\",\"@id\":\"https:\\\/\\\/tabaccomd.com\\\/ro\\\/product\\\/carbune-natural-monster-coco-1kg\\\/#mainImage\",\"width\":1000,\"height\":1000,\"caption\":\"ugol-dlya-kalyana-monster-coco-1kg\"},\"primaryImageOfPage\":{\"@id\":\"https:\\\/\\\/tabaccomd.com\\\/ro\\\/product\\\/carbune-natural-monster-coco-1kg\\\/#mainImage\"},\"datePublished\":\"2024-06-15T16:05:25+03:00\",\"dateModified\":\"2026-01-26T12:40:38+03:00\"},{\"@type\":\"WebSite\",\"@id\":\"https:\\\/\\\/tabaccomd.com\\\/ro\\\/#website\",\"url\":\"https:\\\/\\\/tabaccomd.com\\\/ro\\\/\",\"name\":\"Tabacco House\",\"alternateName\":\"tobaccomd.com\",\"description\":\"\\u041c\\u0430\\u0433\\u0430\\u0437\\u0438\\u043d \\u0442\\u0430\\u0431\\u0430\\u0447\\u043d\\u044b\\u0445 \\u0438\\u0437\\u0434\\u0435\\u043b\\u0438\\u0439\",\"inLanguage\":\"ro-RO\",\"publisher\":{\"@id\":\"https:\\\/\\\/tabaccomd.com\\\/ro\\\/#organization\"}}]}\n\t\t<\/script>\n\t\t<!-- All in One SEO Pro -->\r\n\t\t<title>C\u0103rbune natural Monster Coco 1kg \u2013 Tabacco House<\/title>\n\n","aioseo_head_json":{"title":"C\u0103rbune natural Monster Coco 1kg \u2013 Tabacco House","description":"","canonical_url":"https:\/\/tabaccomd.com\/ro\/product\/carbune-natural-monster-coco-1kg\/","robots":"max-image-preview:large","keywords":"","webmasterTools":{"miscellaneous":""},"schema":{"@context":"https:\/\/schema.org","@graph":[{"@type":"BreadcrumbList","@id":"https:\/\/tabaccomd.com\/ro\/product\/carbune-natural-monster-coco-1kg\/#breadcrumblist","itemListElement":[{"@type":"ListItem","@id":"https:\/\/tabaccomd.com\/ro\/#listItem","position":1,"name":"\u0413\u043b\u0430\u0432\u043d\u0430\u044f","item":"https:\/\/tabaccomd.com\/ro\/","nextItem":{"@type":"ListItem","@id":"https:\/\/tabaccomd.com\/ro\/catalog\/#listItem","name":"Catalog"}},{"@type":"ListItem","@id":"https:\/\/tabaccomd.com\/ro\/catalog\/#listItem","position":2,"name":"Catalog","item":"https:\/\/tabaccomd.com\/ro\/catalog\/","nextItem":{"@type":"ListItem","@id":"https:\/\/tabaccomd.com\/ro\/product-category\/narghilea-ro\/#listItem","name":"Narghilea"},"previousItem":{"@type":"ListItem","@id":"https:\/\/tabaccomd.com\/ro\/#listItem","name":"\u0413\u043b\u0430\u0432\u043d\u0430\u044f"}},{"@type":"ListItem","@id":"https:\/\/tabaccomd.com\/ro\/product-category\/narghilea-ro\/#listItem","position":3,"name":"Narghilea","item":"https:\/\/tabaccomd.com\/ro\/product-category\/narghilea-ro\/","nextItem":{"@type":"ListItem","@id":"https:\/\/tabaccomd.com\/ro\/product-category\/narghilea-ro\/carbuni-pentru-narghilea\/#listItem","name":"C\u0103rbuni pentru narghilea"},"previousItem":{"@type":"ListItem","@id":"https:\/\/tabaccomd.com\/ro\/catalog\/#listItem","name":"Catalog"}},{"@type":"ListItem","@id":"https:\/\/tabaccomd.com\/ro\/product-category\/narghilea-ro\/carbuni-pentru-narghilea\/#listItem","position":4,"name":"C\u0103rbuni pentru narghilea","item":"https:\/\/tabaccomd.com\/ro\/product-category\/narghilea-ro\/carbuni-pentru-narghilea\/","nextItem":{"@type":"ListItem","@id":"https:\/\/tabaccomd.com\/ro\/product\/carbune-natural-monster-coco-1kg\/#listItem","name":"C\u0103rbune natural Monster Coco 1kg"},"previousItem":{"@type":"ListItem","@id":"https:\/\/tabaccomd.com\/ro\/product-category\/narghilea-ro\/#listItem","name":"Narghilea"}},{"@type":"ListItem","@id":"https:\/\/tabaccomd.com\/ro\/product\/carbune-natural-monster-coco-1kg\/#listItem","position":5,"name":"C\u0103rbune natural Monster Coco 1kg","previousItem":{"@type":"ListItem","@id":"https:\/\/tabaccomd.com\/ro\/product-category\/narghilea-ro\/carbuni-pentru-narghilea\/#listItem","name":"C\u0103rbuni pentru narghilea"}}]},{"@type":"Organization","@id":"https:\/\/tabaccomd.com\/ro\/#organization","name":"Tabacco House","description":"\u041c\u0430\u0433\u0430\u0437\u0438\u043d \u0442\u0430\u0431\u0430\u0447\u043d\u044b\u0445 \u0438\u0437\u0434\u0435\u043b\u0438\u0439","url":"https:\/\/tabaccomd.com\/ro\/","email":"Office@cazacuhouse.com","telephone":"+37361000935","logo":{"@type":"ImageObject","url":"https:\/\/tabaccomd.com\/wp-content\/uploads\/2024\/02\/logo_header3.png","@id":"https:\/\/tabaccomd.com\/ro\/product\/carbune-natural-monster-coco-1kg\/#organizationLogo","width":32,"height":32,"caption":"Tabacco House"},"image":{"@id":"https:\/\/tabaccomd.com\/ro\/product\/carbune-natural-monster-coco-1kg\/#organizationLogo"},"sameAs":["https:\/\/www.facebook.com\/tabaccomd.com\/","https:\/\/www.instagram.com\/tabaccomd.com\/"],"address":{"@id":"https:\/\/tabaccomd.com\/ro\/#postaladdress","@type":"PostalAddress","streetAddress":"Strada Albi\u015foara 4, Chi\u0219in\u0103u, Bulevardul \u0218tefan cel Mare \u0219i Sf\u00eent 136, Chi\u0219in\u0103u","addressLocality":"Chi\u0219in\u0103u","addressCountry":"MD"}},{"@type":"Product","@id":"https:\/\/tabaccomd.com\/ro\/product\/carbune-natural-monster-coco-1kg\/#wooCommerceProduct","name":"C\u0103rbune natural Monster Coco 1kg","description":"Produc\u0103tor: Monster Tobacco\r\n \t\u021aara produc\u0103torului: Indonezia\r\n \tGreutate: 1 kg\r\n \tNum\u0103r de cuburi: 72 buc\u0103\u021bi\r\n \tDimensiunea cubului: 25 x 25 x 25 mm\r\n \tMaterial: Materii prime naturale de nuc\u0103 de cocos\r\n \tNu creeaz\u0103 sc\u00e2ntei atunci c\u00e2nd mocne\u0219te\r\n \tFolosit econom","url":"https:\/\/tabaccomd.com\/ro\/product\/carbune-natural-monster-coco-1kg\/","sku":"MC15s","image":{"@type":"ImageObject","url":"https:\/\/tabaccomd.com\/wp-content\/uploads\/2024\/06\/ugol-dlya-kalyana-monster-coco-1kg.jpg","@id":"https:\/\/tabaccomd.com\/ro\/product\/carbune-natural-monster-coco-1kg\/#productImage","width":1000,"height":1000,"caption":"ugol-dlya-kalyana-monster-coco-1kg"},"offers":{"@type":"Offer","url":"https:\/\/tabaccomd.com\/ro\/product\/carbune-natural-monster-coco-1kg\/#wooCommerceOffer","price":150,"priceCurrency":"MDL","category":"C\u0103rbuni pentru narghilea","availability":"https:\/\/schema.org\/OutOfStock","priceSpecification":{"@type":"PriceSpecification","price":150,"priceCurrency":"MDL","valueAddedTaxIncluded":"true"},"seller":{"@type":"Organization","@id":"https:\/\/tabaccomd.com\/ro\/#organization"}}},{"@type":"WebPage","@id":"https:\/\/tabaccomd.com\/ro\/product\/carbune-natural-monster-coco-1kg\/#webpage","url":"https:\/\/tabaccomd.com\/ro\/product\/carbune-natural-monster-coco-1kg\/","name":"C\u0103rbune natural Monster Coco 1kg \u2013 Tabacco House","inLanguage":"ro-RO","isPartOf":{"@id":"https:\/\/tabaccomd.com\/ro\/#website"},"breadcrumb":{"@id":"https:\/\/tabaccomd.com\/ro\/product\/carbune-natural-monster-coco-1kg\/#breadcrumblist"},"image":{"@type":"ImageObject","url":"https:\/\/tabaccomd.com\/wp-content\/uploads\/2024\/06\/ugol-dlya-kalyana-monster-coco-1kg.jpg","@id":"https:\/\/tabaccomd.com\/ro\/product\/carbune-natural-monster-coco-1kg\/#mainImage","width":1000,"height":1000,"caption":"ugol-dlya-kalyana-monster-coco-1kg"},"primaryImageOfPage":{"@id":"https:\/\/tabaccomd.com\/ro\/product\/carbune-natural-monster-coco-1kg\/#mainImage"},"datePublished":"2024-06-15T16:05:25+03:00","dateModified":"2026-01-26T12:40:38+03:00"},{"@type":"WebSite","@id":"https:\/\/tabaccomd.com\/ro\/#website","url":"https:\/\/tabaccomd.com\/ro\/","name":"Tabacco House","alternateName":"tobaccomd.com","description":"\u041c\u0430\u0433\u0430\u0437\u0438\u043d \u0442\u0430\u0431\u0430\u0447\u043d\u044b\u0445 \u0438\u0437\u0434\u0435\u043b\u0438\u0439","inLanguage":"ro-RO","publisher":{"@id":"https:\/\/tabaccomd.com\/ro\/#organization"}}]},"og:locale":"ro_RO","og:site_name":"Tabacco House \u2013 \u041c\u0430\u0433\u0430\u0437\u0438\u043d \u0442\u0430\u0431\u0430\u0447\u043d\u044b\u0445 \u0438\u0437\u0434\u0435\u043b\u0438\u0439","og:type":"article","og:title":"C\u0103rbune natural Monster Coco 1kg \u2013 Tabacco House","og:url":"https:\/\/tabaccomd.com\/ro\/product\/carbune-natural-monster-coco-1kg\/","article:published_time":"2024-06-15T13:05:25+00:00","article:modified_time":"2026-01-26T09:40:38+00:00","article:publisher":"https:\/\/www.facebook.com\/tabaccomd.com\/","twitter:card":"summary_large_image","twitter:title":"C\u0103rbune natural Monster Coco 1kg \u2013 Tabacco House"},"aioseo_meta_data":{"post_id":"139072","title":null,"description":null,"keywords":null,"keyphrases":null,"primary_term":null,"canonical_url":null,"og_title":null,"og_description":null,"og_object_type":"default","og_image_type":"default","og_image_url":null,"og_image_width":null,"og_image_height":null,"og_image_custom_url":null,"og_image_custom_fields":null,"og_video":null,"og_custom_url":null,"og_article_section":null,"og_article_tags":null,"twitter_use_og":false,"twitter_card":"default","twitter_image_type":"default","twitter_image_url":null,"twitter_image_custom_url":null,"twitter_image_custom_fields":null,"twitter_title":null,"twitter_description":null,"schema":{"blockGraphs":[],"customGraphs":[],"default":{"data":{"Article":[],"Course":[],"Dataset":[],"FAQPage":[],"Movie":[],"Person":[],"Product":[],"ProductReview":[],"Car":[],"Recipe":[],"Service":[],"SoftwareApplication":[],"WebPage":[]},"graphName":"","isEnabled":true},"graphs":[]},"schema_type":"default","schema_type_options":null,"pillar_content":false,"robots_default":true,"robots_noindex":false,"robots_noarchive":false,"robots_nosnippet":false,"robots_nofollow":false,"robots_noimageindex":false,"robots_noodp":false,"robots_notranslate":false,"robots_max_snippet":null,"robots_max_videopreview":null,"robots_max_imagepreview":"large","priority":null,"frequency":null,"local_seo":null,"seo_analyzer_scan_date":"2026-01-26 09:41:04","breadcrumb_settings":null,"limit_modified_date":false,"reviewed_by":null,"open_ai":null,"ai":null,"created":"2024-06-17 11:04:59","updated":"2026-01-26 09:45:16"},"aioseo_breadcrumb":"<div class=\"aioseo-breadcrumbs\"><span class=\"aioseo-breadcrumb\">\n\t<a href=\"https:\/\/tabaccomd.com\/ro\/\" title=\"\u0413\u043b\u0430\u0432\u043d\u0430\u044f\">\u0413\u043b\u0430\u0432\u043d\u0430\u044f<\/a>\n<\/span><span class=\"aioseo-breadcrumb-separator\">\u00bb<\/span><span class=\"aioseo-breadcrumb\">\n\t<a href=\"https:\/\/tabaccomd.com\/ro\/catalog\/\" title=\"Catalog\">Catalog<\/a>\n<\/span><span class=\"aioseo-breadcrumb-separator\">\u00bb<\/span><span class=\"aioseo-breadcrumb\">\n\t<a href=\"https:\/\/tabaccomd.com\/ro\/product-category\/narghilea-ro\/\" title=\"Narghilea\">Narghilea<\/a>\n<\/span><span class=\"aioseo-breadcrumb-separator\">\u00bb<\/span><span class=\"aioseo-breadcrumb\">\n\t<a href=\"https:\/\/tabaccomd.com\/ro\/product-category\/narghilea-ro\/carbuni-pentru-narghilea\/\" title=\"C\u0103rbuni pentru narghilea\">C\u0103rbuni pentru narghilea<\/a>\n<\/span><span class=\"aioseo-breadcrumb-separator\">\u00bb<\/span><span class=\"aioseo-breadcrumb\">\n\tC\u0103rbune natural Monster Coco 1kg\n<\/span><\/div>","aioseo_breadcrumb_json":[{"label":"\u0413\u043b\u0430\u0432\u043d\u0430\u044f","link":"https:\/\/tabaccomd.com\/ro\/"},{"label":"Catalog","link":"https:\/\/tabaccomd.com\/ro\/catalog\/"},{"label":"Narghilea","link":"https:\/\/tabaccomd.com\/ro\/product-category\/narghilea-ro\/"},{"label":"C\u0103rbuni pentru narghilea","link":"https:\/\/tabaccomd.com\/ro\/product-category\/narghilea-ro\/carbuni-pentru-narghilea\/"},{"label":"C\u0103rbune natural Monster Coco 1kg","link":"https:\/\/tabaccomd.com\/ro\/product\/carbune-natural-monster-coco-1kg\/"}],"images_for_1c":[{"url":"https:\/\/tabaccomd.com\/wp-content\/uploads\/2024\/06\/ugol-dlya-kalyana-monster-coco-1kg.jpg","type":"featured","alt":"ugol-dlya-kalyana-monster-coco-1kg","filename":"ugol-dlya-kalyana-monster-coco-1kg.jpg"}],"additional_data_1c":{"modified_date":"2026-01-26 12:40:38","permalink":"https:\/\/tabaccomd.com\/ro\/product\/carbune-natural-monster-coco-1kg\/","stock_status":"outofstock","manage_stock":"no"},"_links":{"self":[{"href":"https:\/\/tabaccomd.com\/ro\/wp-json\/wp\/v2\/product\/139072","targetHints":{"allow":["GET"]}}],"collection":[{"href":"https:\/\/tabaccomd.com\/ro\/wp-json\/wp\/v2\/product"}],"about":[{"href":"https:\/\/tabaccomd.com\/ro\/wp-json\/wp\/v2\/types\/product"}],"wp:featuredmedia":[{"embeddable":true,"href":"https:\/\/tabaccomd.com\/ro\/wp-json\/wp\/v2\/media\/139070"}],"wp:attachment":[{"href":"https:\/\/tabaccomd.com\/ro\/wp-json\/wp\/v2\/media?parent=139072"}],"wp:term":[{"taxonomy":"product_brand","embeddable":true,"href":"https:\/\/tabaccomd.com\/ro\/wp-json\/wp\/v2\/product_brand?post=139072"},{"taxonomy":"product_cat","embeddable":true,"href":"https:\/\/tabaccomd.com\/ro\/wp-json\/wp\/v2\/product_cat?post=139072"},{"taxonomy":"product_tag","embeddable":true,"href":"https:\/\/tabaccomd.com\/ro\/wp-json\/wp\/v2\/product_tag?post=139072"}],"curies":[{"name":"wp","href":"https:\/\/api.w.org\/{rel}","templated":true}]}}