{"id":139038,"date":"2024-02-07T21:00:15","date_gmt":"2024-02-07T18:00:15","guid":{"rendered":"https:\/\/tabaccomd.com\/product\/narghilea-amy-deluxe-073-01-psmbk-rd\/"},"modified":"2024-02-07T21:00:15","modified_gmt":"2024-02-07T18:00:15","slug":"narghilea-amy-deluxe-073-01-psmbk-rd","status":"publish","type":"product","link":"https:\/\/tabaccomd.com\/ro\/product\/narghilea-amy-deluxe-073-01-psmbk-rd\/","title":{"rendered":"Narghilea AMY Deluxe 073.01 PSMBK-RD"},"content":{"rendered":"<p>Narghileaua <a href=\"https:\/\/tabaccomd.com\/ro\/categorie-produs\/narghilea-ro\/narghilea-amy\/\">AMY Deluxe<\/a> 073.01 PSMBK-RD combin\u0103 calitatea german\u0103, propriet\u0103\u021bi excelente de fumat, design elegant \u0219i un pre\u021b accesibil. Modelul atrage aten\u021bia prin designul ro\u0219u \u0219i negru, oferindu-i rafinament \u0219i stil. Ambalajul de marc\u0103 face din aceast\u0103 narghilea un cadou excelent pentru orice iubitor de fum aromat gros.<\/p>\n<p>Principalele caracteristici ale AMY Deluxe 073.01 PSMBK-RD:<\/p>\n<ul>\n<li><strong>Ax \u00eenalt:<\/strong> Ofer\u0103 o r\u0103cire eficient\u0103 a maselor de fum.<\/li>\n<li><strong>Diametru larg al arborelui:<\/strong> faciliteaz\u0103 tirajul, f\u0103c\u00e2nd moale chiar \u0219i tutunurile puternice atunci c\u00e2nd fuma\u021bi.<\/li>\n<li><strong>Difuzor:<\/strong> \u00cembun\u0103t\u0103\u021be\u0219te filtrarea, u\u0219ureaz\u0103 aspirarea \u0219i reduce zgomotul de fumat.<\/li>\n<li><strong>Sistem de clic:<\/strong> asigur\u0103 o leg\u0103tur\u0103 str\u00e2ns\u0103 \u0219i etan\u0219\u0103 \u00eentre arbore \u0219i balon.<\/li>\n<li><strong>Controlul c\u0103ldurii Hot Screen:<\/strong> Ajut\u0103 la reglarea temperaturii c\u0103rbunilor.<\/li>\n<li><strong>Furtun elastic din silicon:<\/strong> nu este predispus la \u00eendoire, are un suport convenabil.<\/li>\n<\/ul>\n<p>AMY Deluxe 073.01 PSMBK-RD vine complet echipat, ceea ce v\u0103 permite s\u0103 \u00eencepe\u021bi imediat s\u0103 \u00eel utiliza\u021bi \u0219i s\u0103 v\u0103 bucura\u021bi de atmosfera relaxant\u0103 a fumatului de narghilea. Aceast\u0103 narghilea este considerat\u0103 pe bun\u0103 dreptate unul dintre cele mai bune dispozitive germane de fumat din segmentul de buget.<\/p>\n<p>Pute\u021bi achizi\u021biona narghileaua AMY Deluxe 073.01 PSMBK-R \u00een Moldova, Chi\u0219in\u0103u, \u00een re\u021beaua de magazine Tabacco House.<\/p>\n","protected":false},"excerpt":{"rendered":"<ul>\n<li>Culoare: Ro\u0219u<\/li>\n<li>\u00cen\u0103l\u021bime: 65 cm<\/li>\n<li>Produc\u0103tor: Germania<\/li>\n<li>Ambalaj de cadou<\/li>\n<\/ul>\n","protected":false},"featured_media":139030,"template":"","meta":{"om_disable_all_campaigns":false,"_monsterinsights_skip_tracking":false,"_monsterinsights_sitenote_active":false,"_monsterinsights_sitenote_note":"","_monsterinsights_sitenote_category":0},"product_brand":[],"product_cat":[416],"product_tag":[],"class_list":{"0":"post-139038","1":"product","2":"type-product","3":"status-publish","4":"has-post-thumbnail","6":"product_cat-narghilea-amy","8":"first","9":"outofstock","10":"purchasable","11":"product-type-simple"},"aioseo_notices":[],"aioseo_head":"\n\t\t<!-- All in One SEO Pro 4.9.5.2 - aioseo.com -->\n\t<meta name=\"robots\" content=\"max-image-preview:large\" \/>\n\t<link rel=\"canonical\" href=\"https:\/\/tabaccomd.com\/ro\/product\/narghilea-amy-deluxe-073-01-psmbk-rd\/\" \/>\n\t<meta name=\"generator\" content=\"All in One SEO Pro (AIOSEO) 4.9.5.2\" \/>\n\t\t<meta property=\"og:locale\" content=\"ro_RO\" \/>\n\t\t<meta property=\"og:site_name\" content=\"Tabacco House \u2013 \u041c\u0430\u0433\u0430\u0437\u0438\u043d \u0442\u0430\u0431\u0430\u0447\u043d\u044b\u0445 \u0438\u0437\u0434\u0435\u043b\u0438\u0439\" \/>\n\t\t<meta property=\"og:type\" content=\"article\" \/>\n\t\t<meta property=\"og:title\" content=\"Narghilea AMY Deluxe 073.01 PSMBK-RD \u2013 Tabacco House\" \/>\n\t\t<meta property=\"og:url\" content=\"https:\/\/tabaccomd.com\/ro\/product\/narghilea-amy-deluxe-073-01-psmbk-rd\/\" \/>\n\t\t<meta property=\"article:published_time\" content=\"2024-02-07T18:00:15+00:00\" \/>\n\t\t<meta property=\"article:modified_time\" content=\"2024-02-07T18:00:15+00:00\" \/>\n\t\t<meta property=\"article:publisher\" content=\"https:\/\/www.facebook.com\/tabaccomd.com\/\" \/>\n\t\t<meta name=\"twitter:card\" content=\"summary_large_image\" \/>\n\t\t<meta name=\"twitter:title\" content=\"Narghilea AMY Deluxe 073.01 PSMBK-RD \u2013 Tabacco House\" \/>\n\t\t<script type=\"application\/ld+json\" class=\"aioseo-schema\">\n\t\t\t{\"@context\":\"https:\\\/\\\/schema.org\",\"@graph\":[{\"@type\":\"BreadcrumbList\",\"@id\":\"https:\\\/\\\/tabaccomd.com\\\/ro\\\/product\\\/narghilea-amy-deluxe-073-01-psmbk-rd\\\/#breadcrumblist\",\"itemListElement\":[{\"@type\":\"ListItem\",\"@id\":\"https:\\\/\\\/tabaccomd.com\\\/ro\\\/#listItem\",\"position\":1,\"name\":\"\\u0413\\u043b\\u0430\\u0432\\u043d\\u0430\\u044f\",\"item\":\"https:\\\/\\\/tabaccomd.com\\\/ro\\\/\",\"nextItem\":{\"@type\":\"ListItem\",\"@id\":\"https:\\\/\\\/tabaccomd.com\\\/ro\\\/catalog\\\/#listItem\",\"name\":\"Catalog\"}},{\"@type\":\"ListItem\",\"@id\":\"https:\\\/\\\/tabaccomd.com\\\/ro\\\/catalog\\\/#listItem\",\"position\":2,\"name\":\"Catalog\",\"item\":\"https:\\\/\\\/tabaccomd.com\\\/ro\\\/catalog\\\/\",\"nextItem\":{\"@type\":\"ListItem\",\"@id\":\"https:\\\/\\\/tabaccomd.com\\\/ro\\\/product-category\\\/narghilea-ro\\\/#listItem\",\"name\":\"Narghilea\"},\"previousItem\":{\"@type\":\"ListItem\",\"@id\":\"https:\\\/\\\/tabaccomd.com\\\/ro\\\/#listItem\",\"name\":\"\\u0413\\u043b\\u0430\\u0432\\u043d\\u0430\\u044f\"}},{\"@type\":\"ListItem\",\"@id\":\"https:\\\/\\\/tabaccomd.com\\\/ro\\\/product-category\\\/narghilea-ro\\\/#listItem\",\"position\":3,\"name\":\"Narghilea\",\"item\":\"https:\\\/\\\/tabaccomd.com\\\/ro\\\/product-category\\\/narghilea-ro\\\/\",\"nextItem\":{\"@type\":\"ListItem\",\"@id\":\"https:\\\/\\\/tabaccomd.com\\\/ro\\\/product-category\\\/narghilea-ro\\\/narghilea-amy\\\/#listItem\",\"name\":\"Narghilea AMY\"},\"previousItem\":{\"@type\":\"ListItem\",\"@id\":\"https:\\\/\\\/tabaccomd.com\\\/ro\\\/catalog\\\/#listItem\",\"name\":\"Catalog\"}},{\"@type\":\"ListItem\",\"@id\":\"https:\\\/\\\/tabaccomd.com\\\/ro\\\/product-category\\\/narghilea-ro\\\/narghilea-amy\\\/#listItem\",\"position\":4,\"name\":\"Narghilea AMY\",\"item\":\"https:\\\/\\\/tabaccomd.com\\\/ro\\\/product-category\\\/narghilea-ro\\\/narghilea-amy\\\/\",\"nextItem\":{\"@type\":\"ListItem\",\"@id\":\"https:\\\/\\\/tabaccomd.com\\\/ro\\\/product\\\/narghilea-amy-deluxe-073-01-psmbk-rd\\\/#listItem\",\"name\":\"Narghilea AMY Deluxe 073.01 PSMBK-RD\"},\"previousItem\":{\"@type\":\"ListItem\",\"@id\":\"https:\\\/\\\/tabaccomd.com\\\/ro\\\/product-category\\\/narghilea-ro\\\/#listItem\",\"name\":\"Narghilea\"}},{\"@type\":\"ListItem\",\"@id\":\"https:\\\/\\\/tabaccomd.com\\\/ro\\\/product\\\/narghilea-amy-deluxe-073-01-psmbk-rd\\\/#listItem\",\"position\":5,\"name\":\"Narghilea AMY Deluxe 073.01 PSMBK-RD\",\"previousItem\":{\"@type\":\"ListItem\",\"@id\":\"https:\\\/\\\/tabaccomd.com\\\/ro\\\/product-category\\\/narghilea-ro\\\/narghilea-amy\\\/#listItem\",\"name\":\"Narghilea AMY\"}}]},{\"@type\":\"Organization\",\"@id\":\"https:\\\/\\\/tabaccomd.com\\\/ro\\\/#organization\",\"name\":\"Tabacco House\",\"description\":\"\\u041c\\u0430\\u0433\\u0430\\u0437\\u0438\\u043d \\u0442\\u0430\\u0431\\u0430\\u0447\\u043d\\u044b\\u0445 \\u0438\\u0437\\u0434\\u0435\\u043b\\u0438\\u0439\",\"url\":\"https:\\\/\\\/tabaccomd.com\\\/ro\\\/\",\"email\":\"Office@cazacuhouse.com\",\"telephone\":\"+37361000935\",\"logo\":{\"@type\":\"ImageObject\",\"url\":\"https:\\\/\\\/tabaccomd.com\\\/wp-content\\\/uploads\\\/2024\\\/02\\\/logo_header3.png\",\"@id\":\"https:\\\/\\\/tabaccomd.com\\\/ro\\\/product\\\/narghilea-amy-deluxe-073-01-psmbk-rd\\\/#organizationLogo\",\"width\":32,\"height\":32,\"caption\":\"Tabacco House\"},\"image\":{\"@id\":\"https:\\\/\\\/tabaccomd.com\\\/ro\\\/product\\\/narghilea-amy-deluxe-073-01-psmbk-rd\\\/#organizationLogo\"},\"sameAs\":[\"https:\\\/\\\/www.facebook.com\\\/tabaccomd.com\\\/\",\"https:\\\/\\\/www.instagram.com\\\/tabaccomd.com\\\/\"],\"address\":{\"@id\":\"https:\\\/\\\/tabaccomd.com\\\/ro\\\/#postaladdress\",\"@type\":\"PostalAddress\",\"streetAddress\":\"Strada Albi\\u015foara 4, Chi\\u0219in\\u0103u, Bulevardul \\u0218tefan cel Mare \\u0219i Sf\\u00eent 136, Chi\\u0219in\\u0103u\",\"addressLocality\":\"Chi\\u0219in\\u0103u\",\"addressCountry\":\"MD\"}},{\"@type\":\"Product\",\"@id\":\"https:\\\/\\\/tabaccomd.com\\\/ro\\\/product\\\/narghilea-amy-deluxe-073-01-psmbk-rd\\\/#wooCommerceProduct\",\"name\":\"Narghilea AMY Deluxe 073.01 PSMBK-RD\",\"description\":\"Culoare: Ro\\u0219u\\r\\n \\t\\u00cen\\u0103l\\u021bime: 65 cm\\r\\n \\tProduc\\u0103tor: Germania\\r\\n \\tAmbalaj de cadou\",\"url\":\"https:\\\/\\\/tabaccomd.com\\\/ro\\\/product\\\/narghilea-amy-deluxe-073-01-psmbk-rd\\\/\",\"sku\":\"073\",\"image\":{\"@type\":\"ImageObject\",\"url\":\"https:\\\/\\\/tabaccomd.com\\\/wp-content\\\/uploads\\\/2024\\\/02\\\/AMY_073-01_Alu_Sierra_Bk_Rd.jpg\",\"@id\":\"https:\\\/\\\/tabaccomd.com\\\/ro\\\/product\\\/narghilea-amy-deluxe-073-01-psmbk-rd\\\/#productImage\",\"width\":1024,\"height\":1024,\"caption\":\"AMY_073-01_Alu_Sierra_Bk_Rd\"},\"offers\":{\"@type\":\"Offer\",\"url\":\"https:\\\/\\\/tabaccomd.com\\\/ro\\\/product\\\/narghilea-amy-deluxe-073-01-psmbk-rd\\\/#wooCommerceOffer\",\"price\":2900,\"priceCurrency\":\"MDL\",\"category\":\"Narghilea AMY\",\"availability\":\"https:\\\/\\\/schema.org\\\/OutOfStock\",\"priceSpecification\":{\"@type\":\"PriceSpecification\",\"price\":2900,\"priceCurrency\":\"MDL\",\"valueAddedTaxIncluded\":\"true\"},\"seller\":{\"@type\":\"Organization\",\"@id\":\"https:\\\/\\\/tabaccomd.com\\\/ro\\\/#organization\"}}},{\"@type\":\"WebPage\",\"@id\":\"https:\\\/\\\/tabaccomd.com\\\/ro\\\/product\\\/narghilea-amy-deluxe-073-01-psmbk-rd\\\/#webpage\",\"url\":\"https:\\\/\\\/tabaccomd.com\\\/ro\\\/product\\\/narghilea-amy-deluxe-073-01-psmbk-rd\\\/\",\"name\":\"Narghilea AMY Deluxe 073.01 PSMBK-RD \\u2013 Tabacco House\",\"inLanguage\":\"ro-RO\",\"isPartOf\":{\"@id\":\"https:\\\/\\\/tabaccomd.com\\\/ro\\\/#website\"},\"breadcrumb\":{\"@id\":\"https:\\\/\\\/tabaccomd.com\\\/ro\\\/product\\\/narghilea-amy-deluxe-073-01-psmbk-rd\\\/#breadcrumblist\"},\"image\":{\"@type\":\"ImageObject\",\"url\":\"https:\\\/\\\/tabaccomd.com\\\/wp-content\\\/uploads\\\/2024\\\/02\\\/AMY_073-01_Alu_Sierra_Bk_Rd.jpg\",\"@id\":\"https:\\\/\\\/tabaccomd.com\\\/ro\\\/product\\\/narghilea-amy-deluxe-073-01-psmbk-rd\\\/#mainImage\",\"width\":1024,\"height\":1024,\"caption\":\"AMY_073-01_Alu_Sierra_Bk_Rd\"},\"primaryImageOfPage\":{\"@id\":\"https:\\\/\\\/tabaccomd.com\\\/ro\\\/product\\\/narghilea-amy-deluxe-073-01-psmbk-rd\\\/#mainImage\"},\"datePublished\":\"2024-02-07T21:00:15+03:00\",\"dateModified\":\"2024-02-07T21:00:15+03:00\"},{\"@type\":\"WebSite\",\"@id\":\"https:\\\/\\\/tabaccomd.com\\\/ro\\\/#website\",\"url\":\"https:\\\/\\\/tabaccomd.com\\\/ro\\\/\",\"name\":\"Tabacco House\",\"alternateName\":\"tobaccomd.com\",\"description\":\"\\u041c\\u0430\\u0433\\u0430\\u0437\\u0438\\u043d \\u0442\\u0430\\u0431\\u0430\\u0447\\u043d\\u044b\\u0445 \\u0438\\u0437\\u0434\\u0435\\u043b\\u0438\\u0439\",\"inLanguage\":\"ro-RO\",\"publisher\":{\"@id\":\"https:\\\/\\\/tabaccomd.com\\\/ro\\\/#organization\"}}]}\n\t\t<\/script>\n\t\t<!-- All in One SEO Pro -->\r\n\t\t<title>Narghilea AMY Deluxe 073.01 PSMBK-RD \u2013 Tabacco House<\/title>\n\n","aioseo_head_json":{"title":"Narghilea AMY Deluxe 073.01 PSMBK-RD \u2013 Tabacco House","description":"","canonical_url":"https:\/\/tabaccomd.com\/ro\/product\/narghilea-amy-deluxe-073-01-psmbk-rd\/","robots":"max-image-preview:large","keywords":"","webmasterTools":{"miscellaneous":""},"schema":{"@context":"https:\/\/schema.org","@graph":[{"@type":"BreadcrumbList","@id":"https:\/\/tabaccomd.com\/ro\/product\/narghilea-amy-deluxe-073-01-psmbk-rd\/#breadcrumblist","itemListElement":[{"@type":"ListItem","@id":"https:\/\/tabaccomd.com\/ro\/#listItem","position":1,"name":"\u0413\u043b\u0430\u0432\u043d\u0430\u044f","item":"https:\/\/tabaccomd.com\/ro\/","nextItem":{"@type":"ListItem","@id":"https:\/\/tabaccomd.com\/ro\/catalog\/#listItem","name":"Catalog"}},{"@type":"ListItem","@id":"https:\/\/tabaccomd.com\/ro\/catalog\/#listItem","position":2,"name":"Catalog","item":"https:\/\/tabaccomd.com\/ro\/catalog\/","nextItem":{"@type":"ListItem","@id":"https:\/\/tabaccomd.com\/ro\/product-category\/narghilea-ro\/#listItem","name":"Narghilea"},"previousItem":{"@type":"ListItem","@id":"https:\/\/tabaccomd.com\/ro\/#listItem","name":"\u0413\u043b\u0430\u0432\u043d\u0430\u044f"}},{"@type":"ListItem","@id":"https:\/\/tabaccomd.com\/ro\/product-category\/narghilea-ro\/#listItem","position":3,"name":"Narghilea","item":"https:\/\/tabaccomd.com\/ro\/product-category\/narghilea-ro\/","nextItem":{"@type":"ListItem","@id":"https:\/\/tabaccomd.com\/ro\/product-category\/narghilea-ro\/narghilea-amy\/#listItem","name":"Narghilea AMY"},"previousItem":{"@type":"ListItem","@id":"https:\/\/tabaccomd.com\/ro\/catalog\/#listItem","name":"Catalog"}},{"@type":"ListItem","@id":"https:\/\/tabaccomd.com\/ro\/product-category\/narghilea-ro\/narghilea-amy\/#listItem","position":4,"name":"Narghilea AMY","item":"https:\/\/tabaccomd.com\/ro\/product-category\/narghilea-ro\/narghilea-amy\/","nextItem":{"@type":"ListItem","@id":"https:\/\/tabaccomd.com\/ro\/product\/narghilea-amy-deluxe-073-01-psmbk-rd\/#listItem","name":"Narghilea AMY Deluxe 073.01 PSMBK-RD"},"previousItem":{"@type":"ListItem","@id":"https:\/\/tabaccomd.com\/ro\/product-category\/narghilea-ro\/#listItem","name":"Narghilea"}},{"@type":"ListItem","@id":"https:\/\/tabaccomd.com\/ro\/product\/narghilea-amy-deluxe-073-01-psmbk-rd\/#listItem","position":5,"name":"Narghilea AMY Deluxe 073.01 PSMBK-RD","previousItem":{"@type":"ListItem","@id":"https:\/\/tabaccomd.com\/ro\/product-category\/narghilea-ro\/narghilea-amy\/#listItem","name":"Narghilea AMY"}}]},{"@type":"Organization","@id":"https:\/\/tabaccomd.com\/ro\/#organization","name":"Tabacco House","description":"\u041c\u0430\u0433\u0430\u0437\u0438\u043d \u0442\u0430\u0431\u0430\u0447\u043d\u044b\u0445 \u0438\u0437\u0434\u0435\u043b\u0438\u0439","url":"https:\/\/tabaccomd.com\/ro\/","email":"Office@cazacuhouse.com","telephone":"+37361000935","logo":{"@type":"ImageObject","url":"https:\/\/tabaccomd.com\/wp-content\/uploads\/2024\/02\/logo_header3.png","@id":"https:\/\/tabaccomd.com\/ro\/product\/narghilea-amy-deluxe-073-01-psmbk-rd\/#organizationLogo","width":32,"height":32,"caption":"Tabacco House"},"image":{"@id":"https:\/\/tabaccomd.com\/ro\/product\/narghilea-amy-deluxe-073-01-psmbk-rd\/#organizationLogo"},"sameAs":["https:\/\/www.facebook.com\/tabaccomd.com\/","https:\/\/www.instagram.com\/tabaccomd.com\/"],"address":{"@id":"https:\/\/tabaccomd.com\/ro\/#postaladdress","@type":"PostalAddress","streetAddress":"Strada Albi\u015foara 4, Chi\u0219in\u0103u, Bulevardul \u0218tefan cel Mare \u0219i Sf\u00eent 136, Chi\u0219in\u0103u","addressLocality":"Chi\u0219in\u0103u","addressCountry":"MD"}},{"@type":"Product","@id":"https:\/\/tabaccomd.com\/ro\/product\/narghilea-amy-deluxe-073-01-psmbk-rd\/#wooCommerceProduct","name":"Narghilea AMY Deluxe 073.01 PSMBK-RD","description":"Culoare: Ro\u0219u\r\n \t\u00cen\u0103l\u021bime: 65 cm\r\n \tProduc\u0103tor: Germania\r\n \tAmbalaj de cadou","url":"https:\/\/tabaccomd.com\/ro\/product\/narghilea-amy-deluxe-073-01-psmbk-rd\/","sku":"073","image":{"@type":"ImageObject","url":"https:\/\/tabaccomd.com\/wp-content\/uploads\/2024\/02\/AMY_073-01_Alu_Sierra_Bk_Rd.jpg","@id":"https:\/\/tabaccomd.com\/ro\/product\/narghilea-amy-deluxe-073-01-psmbk-rd\/#productImage","width":1024,"height":1024,"caption":"AMY_073-01_Alu_Sierra_Bk_Rd"},"offers":{"@type":"Offer","url":"https:\/\/tabaccomd.com\/ro\/product\/narghilea-amy-deluxe-073-01-psmbk-rd\/#wooCommerceOffer","price":2900,"priceCurrency":"MDL","category":"Narghilea AMY","availability":"https:\/\/schema.org\/OutOfStock","priceSpecification":{"@type":"PriceSpecification","price":2900,"priceCurrency":"MDL","valueAddedTaxIncluded":"true"},"seller":{"@type":"Organization","@id":"https:\/\/tabaccomd.com\/ro\/#organization"}}},{"@type":"WebPage","@id":"https:\/\/tabaccomd.com\/ro\/product\/narghilea-amy-deluxe-073-01-psmbk-rd\/#webpage","url":"https:\/\/tabaccomd.com\/ro\/product\/narghilea-amy-deluxe-073-01-psmbk-rd\/","name":"Narghilea AMY Deluxe 073.01 PSMBK-RD \u2013 Tabacco House","inLanguage":"ro-RO","isPartOf":{"@id":"https:\/\/tabaccomd.com\/ro\/#website"},"breadcrumb":{"@id":"https:\/\/tabaccomd.com\/ro\/product\/narghilea-amy-deluxe-073-01-psmbk-rd\/#breadcrumblist"},"image":{"@type":"ImageObject","url":"https:\/\/tabaccomd.com\/wp-content\/uploads\/2024\/02\/AMY_073-01_Alu_Sierra_Bk_Rd.jpg","@id":"https:\/\/tabaccomd.com\/ro\/product\/narghilea-amy-deluxe-073-01-psmbk-rd\/#mainImage","width":1024,"height":1024,"caption":"AMY_073-01_Alu_Sierra_Bk_Rd"},"primaryImageOfPage":{"@id":"https:\/\/tabaccomd.com\/ro\/product\/narghilea-amy-deluxe-073-01-psmbk-rd\/#mainImage"},"datePublished":"2024-02-07T21:00:15+03:00","dateModified":"2024-02-07T21:00:15+03:00"},{"@type":"WebSite","@id":"https:\/\/tabaccomd.com\/ro\/#website","url":"https:\/\/tabaccomd.com\/ro\/","name":"Tabacco House","alternateName":"tobaccomd.com","description":"\u041c\u0430\u0433\u0430\u0437\u0438\u043d \u0442\u0430\u0431\u0430\u0447\u043d\u044b\u0445 \u0438\u0437\u0434\u0435\u043b\u0438\u0439","inLanguage":"ro-RO","publisher":{"@id":"https:\/\/tabaccomd.com\/ro\/#organization"}}]},"og:locale":"ro_RO","og:site_name":"Tabacco House \u2013 \u041c\u0430\u0433\u0430\u0437\u0438\u043d \u0442\u0430\u0431\u0430\u0447\u043d\u044b\u0445 \u0438\u0437\u0434\u0435\u043b\u0438\u0439","og:type":"article","og:title":"Narghilea AMY Deluxe 073.01 PSMBK-RD \u2013 Tabacco House","og:url":"https:\/\/tabaccomd.com\/ro\/product\/narghilea-amy-deluxe-073-01-psmbk-rd\/","article:published_time":"2024-02-07T18:00:15+00:00","article:modified_time":"2024-02-07T18:00:15+00:00","article:publisher":"https:\/\/www.facebook.com\/tabaccomd.com\/","twitter:card":"summary_large_image","twitter:title":"Narghilea AMY Deluxe 073.01 PSMBK-RD \u2013 Tabacco House"},"aioseo_meta_data":{"post_id":"139038","title":null,"description":null,"keywords":null,"keyphrases":null,"primary_term":null,"canonical_url":null,"og_title":null,"og_description":null,"og_object_type":"default","og_image_type":"default","og_image_url":null,"og_image_width":null,"og_image_height":null,"og_image_custom_url":null,"og_image_custom_fields":null,"og_video":null,"og_custom_url":null,"og_article_section":null,"og_article_tags":null,"twitter_use_og":false,"twitter_card":"default","twitter_image_type":"default","twitter_image_url":null,"twitter_image_custom_url":null,"twitter_image_custom_fields":null,"twitter_title":null,"twitter_description":null,"schema":{"blockGraphs":[],"customGraphs":[],"default":{"data":{"Article":[],"Course":[],"Dataset":[],"FAQPage":[],"Movie":[],"Person":[],"Product":[],"ProductReview":[],"Car":[],"Recipe":[],"Service":[],"SoftwareApplication":[],"WebPage":[]},"graphName":"","isEnabled":true},"graphs":[]},"schema_type":"default","schema_type_options":null,"pillar_content":false,"robots_default":true,"robots_noindex":false,"robots_noarchive":false,"robots_nosnippet":false,"robots_nofollow":false,"robots_noimageindex":false,"robots_noodp":false,"robots_notranslate":false,"robots_max_snippet":null,"robots_max_videopreview":null,"robots_max_imagepreview":"large","priority":null,"frequency":null,"local_seo":null,"seo_analyzer_scan_date":"2025-10-20 18:12:55","breadcrumb_settings":null,"limit_modified_date":false,"reviewed_by":null,"open_ai":null,"ai":null,"created":"2024-06-13 11:21:01","updated":"2025-10-20 18:12:55"},"aioseo_breadcrumb":"<div class=\"aioseo-breadcrumbs\"><span class=\"aioseo-breadcrumb\">\n\t<a href=\"https:\/\/tabaccomd.com\/ro\/\" title=\"\u0413\u043b\u0430\u0432\u043d\u0430\u044f\">\u0413\u043b\u0430\u0432\u043d\u0430\u044f<\/a>\n<\/span><span class=\"aioseo-breadcrumb-separator\">\u00bb<\/span><span class=\"aioseo-breadcrumb\">\n\t<a href=\"https:\/\/tabaccomd.com\/ro\/catalog\/\" title=\"Catalog\">Catalog<\/a>\n<\/span><span class=\"aioseo-breadcrumb-separator\">\u00bb<\/span><span class=\"aioseo-breadcrumb\">\n\t<a href=\"https:\/\/tabaccomd.com\/ro\/product-category\/narghilea-ro\/\" title=\"Narghilea\">Narghilea<\/a>\n<\/span><span class=\"aioseo-breadcrumb-separator\">\u00bb<\/span><span class=\"aioseo-breadcrumb\">\n\t<a href=\"https:\/\/tabaccomd.com\/ro\/product-category\/narghilea-ro\/narghilea-amy\/\" title=\"Narghilea AMY\">Narghilea AMY<\/a>\n<\/span><span class=\"aioseo-breadcrumb-separator\">\u00bb<\/span><span class=\"aioseo-breadcrumb\">\n\tNarghilea AMY Deluxe 073.01 PSMBK-RD\n<\/span><\/div>","aioseo_breadcrumb_json":[{"label":"\u0413\u043b\u0430\u0432\u043d\u0430\u044f","link":"https:\/\/tabaccomd.com\/ro\/"},{"label":"Catalog","link":"https:\/\/tabaccomd.com\/ro\/catalog\/"},{"label":"Narghilea","link":"https:\/\/tabaccomd.com\/ro\/product-category\/narghilea-ro\/"},{"label":"Narghilea AMY","link":"https:\/\/tabaccomd.com\/ro\/product-category\/narghilea-ro\/narghilea-amy\/"},{"label":"Narghilea AMY Deluxe 073.01 PSMBK-RD","link":"https:\/\/tabaccomd.com\/ro\/product\/narghilea-amy-deluxe-073-01-psmbk-rd\/"}],"images_for_1c":[{"url":"https:\/\/tabaccomd.com\/wp-content\/uploads\/2024\/02\/AMY_073-01_Alu_Sierra_Bk_Rd.jpg","type":"featured","alt":"AMY_073-01_Alu_Sierra_Bk_Rd","filename":"AMY_073-01_Alu_Sierra_Bk_Rd.jpg"},{"url":"https:\/\/tabaccomd.com\/wp-content\/uploads\/2024\/02\/AMY_073-01_Alu_Sierra_Bk_Rd-2.jpg","type":"gallery","alt":"v","filename":"AMY_073-01_Alu_Sierra_Bk_Rd-2.jpg"},{"url":"https:\/\/tabaccomd.com\/wp-content\/uploads\/2024\/02\/AMY_073-01_Alu_Sierra_Bk_Rd-0.jpg","type":"gallery","alt":"AMY_073-01_Alu_Sierra_Bk_Rd-0","filename":"AMY_073-01_Alu_Sierra_Bk_Rd-0.jpg"},{"url":"https:\/\/tabaccomd.com\/wp-content\/uploads\/2024\/02\/AMY_073-01_Alu_Sierra_Bk_Rd-1.jpg","type":"gallery","alt":"AMY_073-01_Alu_Sierra_Bk_Rd-1","filename":"AMY_073-01_Alu_Sierra_Bk_Rd-1.jpg"}],"additional_data_1c":{"modified_date":"2024-02-07 21:00:15","permalink":"https:\/\/tabaccomd.com\/ro\/product\/narghilea-amy-deluxe-073-01-psmbk-rd\/","stock_status":"outofstock","manage_stock":"no"},"_links":{"self":[{"href":"https:\/\/tabaccomd.com\/ro\/wp-json\/wp\/v2\/product\/139038","targetHints":{"allow":["GET"]}}],"collection":[{"href":"https:\/\/tabaccomd.com\/ro\/wp-json\/wp\/v2\/product"}],"about":[{"href":"https:\/\/tabaccomd.com\/ro\/wp-json\/wp\/v2\/types\/product"}],"wp:featuredmedia":[{"embeddable":true,"href":"https:\/\/tabaccomd.com\/ro\/wp-json\/wp\/v2\/media\/139030"}],"wp:attachment":[{"href":"https:\/\/tabaccomd.com\/ro\/wp-json\/wp\/v2\/media?parent=139038"}],"wp:term":[{"taxonomy":"product_brand","embeddable":true,"href":"https:\/\/tabaccomd.com\/ro\/wp-json\/wp\/v2\/product_brand?post=139038"},{"taxonomy":"product_cat","embeddable":true,"href":"https:\/\/tabaccomd.com\/ro\/wp-json\/wp\/v2\/product_cat?post=139038"},{"taxonomy":"product_tag","embeddable":true,"href":"https:\/\/tabaccomd.com\/ro\/wp-json\/wp\/v2\/product_tag?post=139038"}],"curies":[{"name":"wp","href":"https:\/\/api.w.org\/{rel}","templated":true}]}}