{"id":139028,"date":"2024-02-07T21:00:15","date_gmt":"2024-02-07T18:00:15","guid":{"rendered":"https:\/\/tabaccomd.com\/product\/narghilea-amy-deluxe-069-01-psmbk-bu\/"},"modified":"2024-06-13T14:08:46","modified_gmt":"2024-06-13T11:08:46","slug":"narghilea-amy-deluxe-069-01-psmbk-bu","status":"publish","type":"product","link":"https:\/\/tabaccomd.com\/ro\/product\/narghilea-amy-deluxe-069-01-psmbk-bu\/","title":{"rendered":"Narghilea AMY Deluxe 069.01 PSMBK-BU"},"content":{"rendered":"<p>Narghilea <a href=\"https:\/\/tabaccomd.com\/ro\/categorie-produs\/narghilea-ro\/narghilea-amy\/\">AMY Deluxe<\/a> 069.01 PSMBK-BU (Albastru) este o narghilea de \u00eenalt\u0103 calitate, practic\u0103 \u0219i durabil\u0103 de la o companie german\u0103 care a c\u00e2\u0219tigat o pozi\u021bie de lider pe pia\u021ba mondial\u0103. Acest model popular are un design elegant care va ad\u0103uga o atmosfer\u0103 special\u0103 oric\u0103rei petreceri. O conexiune filetat\u0103 etan\u0219\u0103 \u0219i fiabil\u0103 \u00eentre arbore \u0219i vas asigur\u0103 u\u0219urin\u021ba de asamblare. Spre deosebire de unele modele turce\u0219ti, narghileaua german\u0103 este echipat\u0103 cu o supap\u0103 pentru fumatul de \u00eenalt\u0103 calitate.<\/p>\n<p>Avantajele narghilelei Amy Deluxe:<\/p>\n<ul>\n<li><strong>Materiale foarte durabile \u0219i sigure:<\/strong> Ofer\u0103 calitate \u0219i fiabilitate impecabile.<\/li>\n<li><strong>Propriet\u0103\u021bi excelente de fumat:<\/strong> fumat moale \u0219i u\u0219or.<\/li>\n<li><strong>Arbore din o\u021bel inoxidabil:<\/strong> r\u0103ce\u0219te eficient fumul.<\/li>\n<li><strong>Design original:<\/strong> Aspect elegant.<\/li>\n<li><strong>U\u0219urin\u021b\u0103 \u00een utilizare:<\/strong> u\u0219or de asamblat \u0219i dezasamblat.<\/li>\n<li>O combina\u021bie de calitate german\u0103 cu vechile tradi\u021bii orientale de fumat narghilea.<\/li>\n<li>Pre\u021b accesibil.<\/li>\n<\/ul>\n<p>Narghileaua este rezistent\u0103 la oxidare \u0219i rugin\u0103, ceea ce \u00eei asigur\u0103 o durat\u0103 lung\u0103 de via\u021b\u0103 \u0219i o pl\u0103cere maxim\u0103 din procesul de fumat.<\/p>\n<p>Pute\u021bi achizi\u021biona narghileaua AMY Deluxe 069.01 PSMBK-BU \u00een Moldova, Chi\u0219in\u0103u, \u00een re\u021beaua de magazine Tabacco House.<\/p>\n","protected":false},"excerpt":{"rendered":"<ul>\n<li>Culoare: Albastru<\/li>\n<li>\u00cen\u0103l\u021bime: 71 cm<\/li>\n<li>Produc\u0103tor: Germania<\/li>\n<li>Ambalaj de cadou<\/li>\n<\/ul>\n","protected":false},"featured_media":139039,"template":"","meta":{"om_disable_all_campaigns":false,"_monsterinsights_skip_tracking":false,"_monsterinsights_sitenote_active":false,"_monsterinsights_sitenote_note":"","_monsterinsights_sitenote_category":0},"product_brand":[],"product_cat":[416],"product_tag":[],"class_list":{"0":"post-139028","1":"product","2":"type-product","3":"status-publish","4":"has-post-thumbnail","6":"product_cat-narghilea-amy","8":"first","9":"outofstock","10":"purchasable","11":"product-type-simple"},"aioseo_notices":[],"aioseo_head":"\n\t\t<!-- All in One SEO Pro 4.9.5.2 - aioseo.com -->\n\t<meta name=\"robots\" content=\"max-image-preview:large\" \/>\n\t<link rel=\"canonical\" href=\"https:\/\/tabaccomd.com\/ro\/product\/narghilea-amy-deluxe-069-01-psmbk-bu\/\" \/>\n\t<meta name=\"generator\" content=\"All in One SEO Pro (AIOSEO) 4.9.5.2\" \/>\n\t\t<meta property=\"og:locale\" content=\"ro_RO\" \/>\n\t\t<meta property=\"og:site_name\" content=\"Tabacco House \u2013 \u041c\u0430\u0433\u0430\u0437\u0438\u043d \u0442\u0430\u0431\u0430\u0447\u043d\u044b\u0445 \u0438\u0437\u0434\u0435\u043b\u0438\u0439\" \/>\n\t\t<meta property=\"og:type\" content=\"article\" \/>\n\t\t<meta property=\"og:title\" content=\"Narghilea AMY Deluxe 069.01 PSMBK-BU \u2013 Tabacco House\" \/>\n\t\t<meta property=\"og:url\" content=\"https:\/\/tabaccomd.com\/ro\/product\/narghilea-amy-deluxe-069-01-psmbk-bu\/\" \/>\n\t\t<meta property=\"article:published_time\" content=\"2024-02-07T18:00:15+00:00\" \/>\n\t\t<meta property=\"article:modified_time\" content=\"2024-06-13T11:08:46+00:00\" \/>\n\t\t<meta property=\"article:publisher\" content=\"https:\/\/www.facebook.com\/tabaccomd.com\/\" \/>\n\t\t<meta name=\"twitter:card\" content=\"summary_large_image\" \/>\n\t\t<meta name=\"twitter:title\" content=\"Narghilea AMY Deluxe 069.01 PSMBK-BU \u2013 Tabacco House\" \/>\n\t\t<script type=\"application\/ld+json\" class=\"aioseo-schema\">\n\t\t\t{\"@context\":\"https:\\\/\\\/schema.org\",\"@graph\":[{\"@type\":\"BreadcrumbList\",\"@id\":\"https:\\\/\\\/tabaccomd.com\\\/ro\\\/product\\\/narghilea-amy-deluxe-069-01-psmbk-bu\\\/#breadcrumblist\",\"itemListElement\":[{\"@type\":\"ListItem\",\"@id\":\"https:\\\/\\\/tabaccomd.com\\\/ro\\\/#listItem\",\"position\":1,\"name\":\"\\u0413\\u043b\\u0430\\u0432\\u043d\\u0430\\u044f\",\"item\":\"https:\\\/\\\/tabaccomd.com\\\/ro\\\/\",\"nextItem\":{\"@type\":\"ListItem\",\"@id\":\"https:\\\/\\\/tabaccomd.com\\\/ro\\\/catalog\\\/#listItem\",\"name\":\"Catalog\"}},{\"@type\":\"ListItem\",\"@id\":\"https:\\\/\\\/tabaccomd.com\\\/ro\\\/catalog\\\/#listItem\",\"position\":2,\"name\":\"Catalog\",\"item\":\"https:\\\/\\\/tabaccomd.com\\\/ro\\\/catalog\\\/\",\"nextItem\":{\"@type\":\"ListItem\",\"@id\":\"https:\\\/\\\/tabaccomd.com\\\/ro\\\/product-category\\\/narghilea-ro\\\/#listItem\",\"name\":\"Narghilea\"},\"previousItem\":{\"@type\":\"ListItem\",\"@id\":\"https:\\\/\\\/tabaccomd.com\\\/ro\\\/#listItem\",\"name\":\"\\u0413\\u043b\\u0430\\u0432\\u043d\\u0430\\u044f\"}},{\"@type\":\"ListItem\",\"@id\":\"https:\\\/\\\/tabaccomd.com\\\/ro\\\/product-category\\\/narghilea-ro\\\/#listItem\",\"position\":3,\"name\":\"Narghilea\",\"item\":\"https:\\\/\\\/tabaccomd.com\\\/ro\\\/product-category\\\/narghilea-ro\\\/\",\"nextItem\":{\"@type\":\"ListItem\",\"@id\":\"https:\\\/\\\/tabaccomd.com\\\/ro\\\/product-category\\\/narghilea-ro\\\/narghilea-amy\\\/#listItem\",\"name\":\"Narghilea AMY\"},\"previousItem\":{\"@type\":\"ListItem\",\"@id\":\"https:\\\/\\\/tabaccomd.com\\\/ro\\\/catalog\\\/#listItem\",\"name\":\"Catalog\"}},{\"@type\":\"ListItem\",\"@id\":\"https:\\\/\\\/tabaccomd.com\\\/ro\\\/product-category\\\/narghilea-ro\\\/narghilea-amy\\\/#listItem\",\"position\":4,\"name\":\"Narghilea AMY\",\"item\":\"https:\\\/\\\/tabaccomd.com\\\/ro\\\/product-category\\\/narghilea-ro\\\/narghilea-amy\\\/\",\"nextItem\":{\"@type\":\"ListItem\",\"@id\":\"https:\\\/\\\/tabaccomd.com\\\/ro\\\/product\\\/narghilea-amy-deluxe-069-01-psmbk-bu\\\/#listItem\",\"name\":\"Narghilea AMY Deluxe 069.01 PSMBK-BU\"},\"previousItem\":{\"@type\":\"ListItem\",\"@id\":\"https:\\\/\\\/tabaccomd.com\\\/ro\\\/product-category\\\/narghilea-ro\\\/#listItem\",\"name\":\"Narghilea\"}},{\"@type\":\"ListItem\",\"@id\":\"https:\\\/\\\/tabaccomd.com\\\/ro\\\/product\\\/narghilea-amy-deluxe-069-01-psmbk-bu\\\/#listItem\",\"position\":5,\"name\":\"Narghilea AMY Deluxe 069.01 PSMBK-BU\",\"previousItem\":{\"@type\":\"ListItem\",\"@id\":\"https:\\\/\\\/tabaccomd.com\\\/ro\\\/product-category\\\/narghilea-ro\\\/narghilea-amy\\\/#listItem\",\"name\":\"Narghilea AMY\"}}]},{\"@type\":\"Organization\",\"@id\":\"https:\\\/\\\/tabaccomd.com\\\/ro\\\/#organization\",\"name\":\"Tabacco House\",\"description\":\"\\u041c\\u0430\\u0433\\u0430\\u0437\\u0438\\u043d \\u0442\\u0430\\u0431\\u0430\\u0447\\u043d\\u044b\\u0445 \\u0438\\u0437\\u0434\\u0435\\u043b\\u0438\\u0439\",\"url\":\"https:\\\/\\\/tabaccomd.com\\\/ro\\\/\",\"email\":\"Office@cazacuhouse.com\",\"telephone\":\"+37361000935\",\"logo\":{\"@type\":\"ImageObject\",\"url\":\"https:\\\/\\\/tabaccomd.com\\\/wp-content\\\/uploads\\\/2024\\\/02\\\/logo_header3.png\",\"@id\":\"https:\\\/\\\/tabaccomd.com\\\/ro\\\/product\\\/narghilea-amy-deluxe-069-01-psmbk-bu\\\/#organizationLogo\",\"width\":32,\"height\":32,\"caption\":\"Tabacco House\"},\"image\":{\"@id\":\"https:\\\/\\\/tabaccomd.com\\\/ro\\\/product\\\/narghilea-amy-deluxe-069-01-psmbk-bu\\\/#organizationLogo\"},\"sameAs\":[\"https:\\\/\\\/www.facebook.com\\\/tabaccomd.com\\\/\",\"https:\\\/\\\/www.instagram.com\\\/tabaccomd.com\\\/\"],\"address\":{\"@id\":\"https:\\\/\\\/tabaccomd.com\\\/ro\\\/#postaladdress\",\"@type\":\"PostalAddress\",\"streetAddress\":\"Strada Albi\\u015foara 4, Chi\\u0219in\\u0103u, Bulevardul \\u0218tefan cel Mare \\u0219i Sf\\u00eent 136, Chi\\u0219in\\u0103u\",\"addressLocality\":\"Chi\\u0219in\\u0103u\",\"addressCountry\":\"MD\"}},{\"@type\":\"Product\",\"@id\":\"https:\\\/\\\/tabaccomd.com\\\/ro\\\/product\\\/narghilea-amy-deluxe-069-01-psmbk-bu\\\/#wooCommerceProduct\",\"name\":\"Narghilea AMY Deluxe 069.01 PSMBK-BU\",\"description\":\"Culoare: Albastru\\r\\n \\t\\u00cen\\u0103l\\u021bime: 71 cm\\r\\n \\tProduc\\u0103tor: Germania\\r\\n \\tAmbalaj de cadou\",\"url\":\"https:\\\/\\\/tabaccomd.com\\\/ro\\\/product\\\/narghilea-amy-deluxe-069-01-psmbk-bu\\\/\",\"sku\":\"06901BU\",\"image\":{\"@type\":\"ImageObject\",\"url\":\"https:\\\/\\\/tabaccomd.com\\\/wp-content\\\/uploads\\\/2024\\\/02\\\/Amy-Deluxe-069.01-PSMBK-BU-1.jpg\",\"@id\":\"https:\\\/\\\/tabaccomd.com\\\/ro\\\/product\\\/narghilea-amy-deluxe-069-01-psmbk-bu\\\/#productImage\",\"width\":1000,\"height\":1001,\"caption\":\"Amy-Deluxe-069.01-PSMBK-BU-1\"},\"offers\":{\"@type\":\"Offer\",\"url\":\"https:\\\/\\\/tabaccomd.com\\\/ro\\\/product\\\/narghilea-amy-deluxe-069-01-psmbk-bu\\\/#wooCommerceOffer\",\"price\":2900,\"priceCurrency\":\"MDL\",\"category\":\"Narghilea AMY\",\"availability\":\"https:\\\/\\\/schema.org\\\/OutOfStock\",\"priceSpecification\":{\"@type\":\"PriceSpecification\",\"price\":2900,\"priceCurrency\":\"MDL\",\"valueAddedTaxIncluded\":\"true\"},\"seller\":{\"@type\":\"Organization\",\"@id\":\"https:\\\/\\\/tabaccomd.com\\\/ro\\\/#organization\"}}},{\"@type\":\"WebPage\",\"@id\":\"https:\\\/\\\/tabaccomd.com\\\/ro\\\/product\\\/narghilea-amy-deluxe-069-01-psmbk-bu\\\/#webpage\",\"url\":\"https:\\\/\\\/tabaccomd.com\\\/ro\\\/product\\\/narghilea-amy-deluxe-069-01-psmbk-bu\\\/\",\"name\":\"Narghilea AMY Deluxe 069.01 PSMBK-BU \\u2013 Tabacco House\",\"inLanguage\":\"ro-RO\",\"isPartOf\":{\"@id\":\"https:\\\/\\\/tabaccomd.com\\\/ro\\\/#website\"},\"breadcrumb\":{\"@id\":\"https:\\\/\\\/tabaccomd.com\\\/ro\\\/product\\\/narghilea-amy-deluxe-069-01-psmbk-bu\\\/#breadcrumblist\"},\"image\":{\"@type\":\"ImageObject\",\"url\":\"https:\\\/\\\/tabaccomd.com\\\/wp-content\\\/uploads\\\/2024\\\/02\\\/Amy-Deluxe-069.01-PSMBK-BU-1.jpg\",\"@id\":\"https:\\\/\\\/tabaccomd.com\\\/ro\\\/product\\\/narghilea-amy-deluxe-069-01-psmbk-bu\\\/#mainImage\",\"width\":1000,\"height\":1001,\"caption\":\"Amy-Deluxe-069.01-PSMBK-BU-1\"},\"primaryImageOfPage\":{\"@id\":\"https:\\\/\\\/tabaccomd.com\\\/ro\\\/product\\\/narghilea-amy-deluxe-069-01-psmbk-bu\\\/#mainImage\"},\"datePublished\":\"2024-02-07T21:00:15+03:00\",\"dateModified\":\"2024-06-13T14:08:46+03:00\"},{\"@type\":\"WebSite\",\"@id\":\"https:\\\/\\\/tabaccomd.com\\\/ro\\\/#website\",\"url\":\"https:\\\/\\\/tabaccomd.com\\\/ro\\\/\",\"name\":\"Tabacco House\",\"alternateName\":\"tobaccomd.com\",\"description\":\"\\u041c\\u0430\\u0433\\u0430\\u0437\\u0438\\u043d \\u0442\\u0430\\u0431\\u0430\\u0447\\u043d\\u044b\\u0445 \\u0438\\u0437\\u0434\\u0435\\u043b\\u0438\\u0439\",\"inLanguage\":\"ro-RO\",\"publisher\":{\"@id\":\"https:\\\/\\\/tabaccomd.com\\\/ro\\\/#organization\"}}]}\n\t\t<\/script>\n\t\t<!-- All in One SEO Pro -->\r\n\t\t<title>Narghilea AMY Deluxe 069.01 PSMBK-BU \u2013 Tabacco House<\/title>\n\n","aioseo_head_json":{"title":"Narghilea AMY Deluxe 069.01 PSMBK-BU \u2013 Tabacco House","description":"","canonical_url":"https:\/\/tabaccomd.com\/ro\/product\/narghilea-amy-deluxe-069-01-psmbk-bu\/","robots":"max-image-preview:large","keywords":"","webmasterTools":{"miscellaneous":""},"schema":{"@context":"https:\/\/schema.org","@graph":[{"@type":"BreadcrumbList","@id":"https:\/\/tabaccomd.com\/ro\/product\/narghilea-amy-deluxe-069-01-psmbk-bu\/#breadcrumblist","itemListElement":[{"@type":"ListItem","@id":"https:\/\/tabaccomd.com\/ro\/#listItem","position":1,"name":"\u0413\u043b\u0430\u0432\u043d\u0430\u044f","item":"https:\/\/tabaccomd.com\/ro\/","nextItem":{"@type":"ListItem","@id":"https:\/\/tabaccomd.com\/ro\/catalog\/#listItem","name":"Catalog"}},{"@type":"ListItem","@id":"https:\/\/tabaccomd.com\/ro\/catalog\/#listItem","position":2,"name":"Catalog","item":"https:\/\/tabaccomd.com\/ro\/catalog\/","nextItem":{"@type":"ListItem","@id":"https:\/\/tabaccomd.com\/ro\/product-category\/narghilea-ro\/#listItem","name":"Narghilea"},"previousItem":{"@type":"ListItem","@id":"https:\/\/tabaccomd.com\/ro\/#listItem","name":"\u0413\u043b\u0430\u0432\u043d\u0430\u044f"}},{"@type":"ListItem","@id":"https:\/\/tabaccomd.com\/ro\/product-category\/narghilea-ro\/#listItem","position":3,"name":"Narghilea","item":"https:\/\/tabaccomd.com\/ro\/product-category\/narghilea-ro\/","nextItem":{"@type":"ListItem","@id":"https:\/\/tabaccomd.com\/ro\/product-category\/narghilea-ro\/narghilea-amy\/#listItem","name":"Narghilea AMY"},"previousItem":{"@type":"ListItem","@id":"https:\/\/tabaccomd.com\/ro\/catalog\/#listItem","name":"Catalog"}},{"@type":"ListItem","@id":"https:\/\/tabaccomd.com\/ro\/product-category\/narghilea-ro\/narghilea-amy\/#listItem","position":4,"name":"Narghilea AMY","item":"https:\/\/tabaccomd.com\/ro\/product-category\/narghilea-ro\/narghilea-amy\/","nextItem":{"@type":"ListItem","@id":"https:\/\/tabaccomd.com\/ro\/product\/narghilea-amy-deluxe-069-01-psmbk-bu\/#listItem","name":"Narghilea AMY Deluxe 069.01 PSMBK-BU"},"previousItem":{"@type":"ListItem","@id":"https:\/\/tabaccomd.com\/ro\/product-category\/narghilea-ro\/#listItem","name":"Narghilea"}},{"@type":"ListItem","@id":"https:\/\/tabaccomd.com\/ro\/product\/narghilea-amy-deluxe-069-01-psmbk-bu\/#listItem","position":5,"name":"Narghilea AMY Deluxe 069.01 PSMBK-BU","previousItem":{"@type":"ListItem","@id":"https:\/\/tabaccomd.com\/ro\/product-category\/narghilea-ro\/narghilea-amy\/#listItem","name":"Narghilea AMY"}}]},{"@type":"Organization","@id":"https:\/\/tabaccomd.com\/ro\/#organization","name":"Tabacco House","description":"\u041c\u0430\u0433\u0430\u0437\u0438\u043d \u0442\u0430\u0431\u0430\u0447\u043d\u044b\u0445 \u0438\u0437\u0434\u0435\u043b\u0438\u0439","url":"https:\/\/tabaccomd.com\/ro\/","email":"Office@cazacuhouse.com","telephone":"+37361000935","logo":{"@type":"ImageObject","url":"https:\/\/tabaccomd.com\/wp-content\/uploads\/2024\/02\/logo_header3.png","@id":"https:\/\/tabaccomd.com\/ro\/product\/narghilea-amy-deluxe-069-01-psmbk-bu\/#organizationLogo","width":32,"height":32,"caption":"Tabacco House"},"image":{"@id":"https:\/\/tabaccomd.com\/ro\/product\/narghilea-amy-deluxe-069-01-psmbk-bu\/#organizationLogo"},"sameAs":["https:\/\/www.facebook.com\/tabaccomd.com\/","https:\/\/www.instagram.com\/tabaccomd.com\/"],"address":{"@id":"https:\/\/tabaccomd.com\/ro\/#postaladdress","@type":"PostalAddress","streetAddress":"Strada Albi\u015foara 4, Chi\u0219in\u0103u, Bulevardul \u0218tefan cel Mare \u0219i Sf\u00eent 136, Chi\u0219in\u0103u","addressLocality":"Chi\u0219in\u0103u","addressCountry":"MD"}},{"@type":"Product","@id":"https:\/\/tabaccomd.com\/ro\/product\/narghilea-amy-deluxe-069-01-psmbk-bu\/#wooCommerceProduct","name":"Narghilea AMY Deluxe 069.01 PSMBK-BU","description":"Culoare: Albastru\r\n \t\u00cen\u0103l\u021bime: 71 cm\r\n \tProduc\u0103tor: Germania\r\n \tAmbalaj de cadou","url":"https:\/\/tabaccomd.com\/ro\/product\/narghilea-amy-deluxe-069-01-psmbk-bu\/","sku":"06901BU","image":{"@type":"ImageObject","url":"https:\/\/tabaccomd.com\/wp-content\/uploads\/2024\/02\/Amy-Deluxe-069.01-PSMBK-BU-1.jpg","@id":"https:\/\/tabaccomd.com\/ro\/product\/narghilea-amy-deluxe-069-01-psmbk-bu\/#productImage","width":1000,"height":1001,"caption":"Amy-Deluxe-069.01-PSMBK-BU-1"},"offers":{"@type":"Offer","url":"https:\/\/tabaccomd.com\/ro\/product\/narghilea-amy-deluxe-069-01-psmbk-bu\/#wooCommerceOffer","price":2900,"priceCurrency":"MDL","category":"Narghilea AMY","availability":"https:\/\/schema.org\/OutOfStock","priceSpecification":{"@type":"PriceSpecification","price":2900,"priceCurrency":"MDL","valueAddedTaxIncluded":"true"},"seller":{"@type":"Organization","@id":"https:\/\/tabaccomd.com\/ro\/#organization"}}},{"@type":"WebPage","@id":"https:\/\/tabaccomd.com\/ro\/product\/narghilea-amy-deluxe-069-01-psmbk-bu\/#webpage","url":"https:\/\/tabaccomd.com\/ro\/product\/narghilea-amy-deluxe-069-01-psmbk-bu\/","name":"Narghilea AMY Deluxe 069.01 PSMBK-BU \u2013 Tabacco House","inLanguage":"ro-RO","isPartOf":{"@id":"https:\/\/tabaccomd.com\/ro\/#website"},"breadcrumb":{"@id":"https:\/\/tabaccomd.com\/ro\/product\/narghilea-amy-deluxe-069-01-psmbk-bu\/#breadcrumblist"},"image":{"@type":"ImageObject","url":"https:\/\/tabaccomd.com\/wp-content\/uploads\/2024\/02\/Amy-Deluxe-069.01-PSMBK-BU-1.jpg","@id":"https:\/\/tabaccomd.com\/ro\/product\/narghilea-amy-deluxe-069-01-psmbk-bu\/#mainImage","width":1000,"height":1001,"caption":"Amy-Deluxe-069.01-PSMBK-BU-1"},"primaryImageOfPage":{"@id":"https:\/\/tabaccomd.com\/ro\/product\/narghilea-amy-deluxe-069-01-psmbk-bu\/#mainImage"},"datePublished":"2024-02-07T21:00:15+03:00","dateModified":"2024-06-13T14:08:46+03:00"},{"@type":"WebSite","@id":"https:\/\/tabaccomd.com\/ro\/#website","url":"https:\/\/tabaccomd.com\/ro\/","name":"Tabacco House","alternateName":"tobaccomd.com","description":"\u041c\u0430\u0433\u0430\u0437\u0438\u043d \u0442\u0430\u0431\u0430\u0447\u043d\u044b\u0445 \u0438\u0437\u0434\u0435\u043b\u0438\u0439","inLanguage":"ro-RO","publisher":{"@id":"https:\/\/tabaccomd.com\/ro\/#organization"}}]},"og:locale":"ro_RO","og:site_name":"Tabacco House \u2013 \u041c\u0430\u0433\u0430\u0437\u0438\u043d \u0442\u0430\u0431\u0430\u0447\u043d\u044b\u0445 \u0438\u0437\u0434\u0435\u043b\u0438\u0439","og:type":"article","og:title":"Narghilea AMY Deluxe 069.01 PSMBK-BU \u2013 Tabacco House","og:url":"https:\/\/tabaccomd.com\/ro\/product\/narghilea-amy-deluxe-069-01-psmbk-bu\/","article:published_time":"2024-02-07T18:00:15+00:00","article:modified_time":"2024-06-13T11:08:46+00:00","article:publisher":"https:\/\/www.facebook.com\/tabaccomd.com\/","twitter:card":"summary_large_image","twitter:title":"Narghilea AMY Deluxe 069.01 PSMBK-BU \u2013 Tabacco House"},"aioseo_meta_data":{"post_id":"139028","title":null,"description":null,"keywords":null,"keyphrases":null,"primary_term":null,"canonical_url":null,"og_title":null,"og_description":null,"og_object_type":"default","og_image_type":"default","og_image_url":null,"og_image_width":null,"og_image_height":null,"og_image_custom_url":null,"og_image_custom_fields":null,"og_video":null,"og_custom_url":null,"og_article_section":null,"og_article_tags":null,"twitter_use_og":false,"twitter_card":"default","twitter_image_type":"default","twitter_image_url":null,"twitter_image_custom_url":null,"twitter_image_custom_fields":null,"twitter_title":null,"twitter_description":null,"schema":{"blockGraphs":[],"customGraphs":[],"default":{"data":{"Article":[],"Course":[],"Dataset":[],"FAQPage":[],"Movie":[],"Person":[],"Product":[],"ProductReview":[],"Car":[],"Recipe":[],"Service":[],"SoftwareApplication":[],"WebPage":[]},"graphName":"","isEnabled":true},"graphs":[]},"schema_type":"default","schema_type_options":null,"pillar_content":false,"robots_default":true,"robots_noindex":false,"robots_noarchive":false,"robots_nosnippet":false,"robots_nofollow":false,"robots_noimageindex":false,"robots_noodp":false,"robots_notranslate":false,"robots_max_snippet":null,"robots_max_videopreview":null,"robots_max_imagepreview":"large","priority":null,"frequency":null,"local_seo":null,"seo_analyzer_scan_date":"2025-10-20 18:12:55","breadcrumb_settings":null,"limit_modified_date":false,"reviewed_by":null,"open_ai":null,"ai":null,"created":"2024-06-13 10:47:33","updated":"2025-10-20 18:12:55"},"aioseo_breadcrumb":"<div class=\"aioseo-breadcrumbs\"><span class=\"aioseo-breadcrumb\">\n\t<a href=\"https:\/\/tabaccomd.com\/ro\/\" title=\"\u0413\u043b\u0430\u0432\u043d\u0430\u044f\">\u0413\u043b\u0430\u0432\u043d\u0430\u044f<\/a>\n<\/span><span class=\"aioseo-breadcrumb-separator\">\u00bb<\/span><span class=\"aioseo-breadcrumb\">\n\t<a href=\"https:\/\/tabaccomd.com\/ro\/catalog\/\" title=\"Catalog\">Catalog<\/a>\n<\/span><span class=\"aioseo-breadcrumb-separator\">\u00bb<\/span><span class=\"aioseo-breadcrumb\">\n\t<a href=\"https:\/\/tabaccomd.com\/ro\/product-category\/narghilea-ro\/\" title=\"Narghilea\">Narghilea<\/a>\n<\/span><span class=\"aioseo-breadcrumb-separator\">\u00bb<\/span><span class=\"aioseo-breadcrumb\">\n\t<a href=\"https:\/\/tabaccomd.com\/ro\/product-category\/narghilea-ro\/narghilea-amy\/\" title=\"Narghilea AMY\">Narghilea AMY<\/a>\n<\/span><span class=\"aioseo-breadcrumb-separator\">\u00bb<\/span><span class=\"aioseo-breadcrumb\">\n\tNarghilea AMY Deluxe 069.01 PSMBK-BU\n<\/span><\/div>","aioseo_breadcrumb_json":[{"label":"\u0413\u043b\u0430\u0432\u043d\u0430\u044f","link":"https:\/\/tabaccomd.com\/ro\/"},{"label":"Catalog","link":"https:\/\/tabaccomd.com\/ro\/catalog\/"},{"label":"Narghilea","link":"https:\/\/tabaccomd.com\/ro\/product-category\/narghilea-ro\/"},{"label":"Narghilea AMY","link":"https:\/\/tabaccomd.com\/ro\/product-category\/narghilea-ro\/narghilea-amy\/"},{"label":"Narghilea AMY Deluxe 069.01 PSMBK-BU","link":"https:\/\/tabaccomd.com\/ro\/product\/narghilea-amy-deluxe-069-01-psmbk-bu\/"}],"images_for_1c":[{"url":"https:\/\/tabaccomd.com\/wp-content\/uploads\/2024\/02\/Amy-Deluxe-069.01-PSMBK-BU-1.jpg","type":"featured","alt":"Amy-Deluxe-069.01-PSMBK-BU-1","filename":"Amy-Deluxe-069.01-PSMBK-BU-1.jpg"},{"url":"https:\/\/tabaccomd.com\/wp-content\/uploads\/2024\/02\/Amy-Deluxe-069.01-PSMBK-BU-2.jpg","type":"gallery","alt":"Amy-Deluxe-069.01-PSMBK-BU-2","filename":"Amy-Deluxe-069.01-PSMBK-BU-2.jpg"},{"url":"https:\/\/tabaccomd.com\/wp-content\/uploads\/2024\/02\/Amy-Deluxe-069.01-PSMBK-BU.jpeg","type":"gallery","alt":"Amy-Deluxe-069.01-PSMBK-BU","filename":"Amy-Deluxe-069.01-PSMBK-BU.jpeg"},{"url":"https:\/\/tabaccomd.com\/wp-content\/uploads\/2024\/02\/Amy-Deluxe-069.01-PSMBK-BU-0.jpg","type":"gallery","alt":"Amy-Deluxe-069.01-PSMBK-BU-0","filename":"Amy-Deluxe-069.01-PSMBK-BU-0.jpg"}],"additional_data_1c":{"modified_date":"2024-06-13 14:08:46","permalink":"https:\/\/tabaccomd.com\/ro\/product\/narghilea-amy-deluxe-069-01-psmbk-bu\/","stock_status":"outofstock","manage_stock":"no"},"_links":{"self":[{"href":"https:\/\/tabaccomd.com\/ro\/wp-json\/wp\/v2\/product\/139028","targetHints":{"allow":["GET"]}}],"collection":[{"href":"https:\/\/tabaccomd.com\/ro\/wp-json\/wp\/v2\/product"}],"about":[{"href":"https:\/\/tabaccomd.com\/ro\/wp-json\/wp\/v2\/types\/product"}],"wp:featuredmedia":[{"embeddable":true,"href":"https:\/\/tabaccomd.com\/ro\/wp-json\/wp\/v2\/media\/139039"}],"wp:attachment":[{"href":"https:\/\/tabaccomd.com\/ro\/wp-json\/wp\/v2\/media?parent=139028"}],"wp:term":[{"taxonomy":"product_brand","embeddable":true,"href":"https:\/\/tabaccomd.com\/ro\/wp-json\/wp\/v2\/product_brand?post=139028"},{"taxonomy":"product_cat","embeddable":true,"href":"https:\/\/tabaccomd.com\/ro\/wp-json\/wp\/v2\/product_cat?post=139028"},{"taxonomy":"product_tag","embeddable":true,"href":"https:\/\/tabaccomd.com\/ro\/wp-json\/wp\/v2\/product_tag?post=139028"}],"curies":[{"name":"wp","href":"https:\/\/api.w.org\/{rel}","templated":true}]}}