{"id":137774,"date":"2024-05-03T15:10:16","date_gmt":"2024-05-03T12:10:16","guid":{"rendered":"https:\/\/tabaccomd.com\/product\/terea-turquoise\/"},"modified":"2025-06-06T09:51:33","modified_gmt":"2025-06-06T06:51:33","slug":"terea-turquoise","status":"publish","type":"product","link":"https:\/\/tabaccomd.com\/ro\/product\/terea-turquoise\/","title":{"rendered":"Terea Turquoise"},"content":{"rendered":"<ul>\n<li><strong>Comanda minim\u0103 \u2013 10 buc\u0103\u021bi de acela\u021bi fel!!!<\/strong><\/li>\n<li><strong>Cost livrare \u00een Chi\u0219in\u0103u: 70 lei, indiferent de valoarea comenzii<\/strong><\/li>\n<li><strong>Cost livrare \u00een suburbiile Chi\u0219in\u0103ului: 100 lei, indiferent de valoarea comenzii<\/strong><\/li>\n<li><strong>La comanda unui produs suplimentar \u00een valoare de la 250 lei \u2013 livrarea este gratuit\u0103!<\/strong><\/li>\n<li><strong>La acest produs reducerea nu se aplic\u0103!<\/strong><\/li>\n<\/ul>\n<p>Rezervele de tutun\u00a0<a href=\"https:\/\/tabaccomd.com\/ro\/categorie-produs\/tutun\/iqos-ro\/terea-ro\/\">Terea<\/a>\u00a0pentru IQOS ILUMA reprezint\u0103 o inova\u021bie remarcabil\u0103 \u00een tehnologia de \u00eenc\u0103lzire a tutunului. Prin intermediul sistemului Smartcore\u2122 f\u0103r\u0103 lamel\u0103 \u0219i a elementului de \u00eenc\u0103lzire metalic acoperit cu o\u021bel inoxidabil, aceste rezerve asigur\u0103 o experien\u021b\u0103 de inhalare \u00eembun\u0103t\u0103\u021bit\u0103 \u0219i constant\u0103, f\u0103r\u0103 a fi necesar\u0103 cur\u0103\u021barea dispozitivului. Folosind cele mai recente tehnologii, IQOS ILUMA \u0219i rezervele de tutun Terea redefine\u0219te procesul de \u00eenc\u0103lzire a tutunului. Elementul de \u00eenc\u0103lzire metalic inovator, pozi\u021bionat strategic \u00een fiecare rezerv\u0103, \u00eenc\u0103lze\u0219te tutunul din interior f\u0103r\u0103 a-l arde, oferind o experien\u021b\u0103 de utilizare superioar\u0103 \u0219i constant\u0103 la fiecare tragere. Fiecare stick de tutun Terea este sigilat, facilit\u00e2nd introducerea \u0219i extragerea lor din dispozitiv, f\u0103r\u0103 niciun efort sau problem\u0103. Acest nivel de aten\u021bie la detalii \u0219i de \u00eembun\u0103t\u0103\u021bire continu\u0103 implic\u0103 teste riguroase de calitate a frunzelor, garant\u00e2nd utilizatorilor c\u0103 vor beneficia doar de cea mai bun\u0103 calitate a tutunului \u00een fiecare rezerv\u0103.<\/p>\n<p>Pute\u021bi achizi\u021biona Terea Turquoise \u00een Moldova, Chi\u0219in\u0103u, \u00een re\u021beaua de magazine Tabacco House.<\/p>\n","protected":false},"excerpt":{"rendered":"<ul>\n<li><strong>Comanda minim\u0103 \u2013 10 buc\u0103\u021bi de acela\u021bi fel!!!<\/strong><\/li>\n<li><strong>Cost livrare \u00een Chi\u0219in\u0103u: 70 lei, indiferent de valoarea comenzii<\/strong><\/li>\n<li><strong>Cost livrare \u00een suburbiile Chi\u0219in\u0103ului: 100 lei, indiferent de valoarea comenzii<\/strong><\/li>\n<li><strong>La comanda unui produs suplimentar \u00een valoare de la 250 lei \u2013 livrarea este gratuit\u0103!<\/strong><\/li>\n<li><strong>La acest produs reducerea nu se aplic\u0103!<\/strong><\/li>\n<li>Arom\u0103: Ment\u0103<\/li>\n<li>T\u0103rie: U\u0219oar\u0103<\/li>\n<li>Cantitate \u00een ambalaj: 20 stick-uri<\/li>\n<\/ul>\n","protected":false},"featured_media":144308,"template":"","meta":{"om_disable_all_campaigns":false,"_monsterinsights_skip_tracking":false,"_monsterinsights_sitenote_active":false,"_monsterinsights_sitenote_note":"","_monsterinsights_sitenote_category":0},"product_brand":[],"product_cat":[449],"product_tag":[],"class_list":{"0":"post-137774","1":"product","2":"type-product","3":"status-publish","4":"has-post-thumbnail","6":"product_cat-terea-ro","8":"first","9":"outofstock","10":"purchasable","11":"product-type-simple"},"aioseo_notices":[],"aioseo_head":"\n\t\t<!-- All in One SEO Pro 4.9.5.2 - aioseo.com -->\n\t<meta name=\"robots\" content=\"max-image-preview:large\" \/>\n\t<link rel=\"canonical\" href=\"https:\/\/tabaccomd.com\/ro\/product\/terea-turquoise\/\" \/>\n\t<meta name=\"generator\" content=\"All in One SEO Pro (AIOSEO) 4.9.5.2\" \/>\n\t\t<meta property=\"og:locale\" content=\"ro_RO\" \/>\n\t\t<meta property=\"og:site_name\" content=\"Tabacco House \u2013 \u041c\u0430\u0433\u0430\u0437\u0438\u043d \u0442\u0430\u0431\u0430\u0447\u043d\u044b\u0445 \u0438\u0437\u0434\u0435\u043b\u0438\u0439\" \/>\n\t\t<meta property=\"og:type\" content=\"article\" \/>\n\t\t<meta property=\"og:title\" content=\"Terea Turquoise \u2013 Tabacco House\" \/>\n\t\t<meta property=\"og:url\" content=\"https:\/\/tabaccomd.com\/ro\/product\/terea-turquoise\/\" \/>\n\t\t<meta property=\"article:published_time\" content=\"2024-05-03T12:10:16+00:00\" \/>\n\t\t<meta property=\"article:modified_time\" content=\"2025-06-06T06:51:33+00:00\" \/>\n\t\t<meta property=\"article:publisher\" content=\"https:\/\/www.facebook.com\/tabaccomd.com\/\" \/>\n\t\t<meta name=\"twitter:card\" content=\"summary_large_image\" \/>\n\t\t<meta name=\"twitter:title\" content=\"Terea Turquoise \u2013 Tabacco House\" \/>\n\t\t<script type=\"application\/ld+json\" class=\"aioseo-schema\">\n\t\t\t{\"@context\":\"https:\\\/\\\/schema.org\",\"@graph\":[{\"@type\":\"BreadcrumbList\",\"@id\":\"https:\\\/\\\/tabaccomd.com\\\/ro\\\/product\\\/terea-turquoise\\\/#breadcrumblist\",\"itemListElement\":[{\"@type\":\"ListItem\",\"@id\":\"https:\\\/\\\/tabaccomd.com\\\/ro\\\/#listItem\",\"position\":1,\"name\":\"\\u0413\\u043b\\u0430\\u0432\\u043d\\u0430\\u044f\",\"item\":\"https:\\\/\\\/tabaccomd.com\\\/ro\\\/\",\"nextItem\":{\"@type\":\"ListItem\",\"@id\":\"https:\\\/\\\/tabaccomd.com\\\/ro\\\/catalog\\\/#listItem\",\"name\":\"Catalog\"}},{\"@type\":\"ListItem\",\"@id\":\"https:\\\/\\\/tabaccomd.com\\\/ro\\\/catalog\\\/#listItem\",\"position\":2,\"name\":\"Catalog\",\"item\":\"https:\\\/\\\/tabaccomd.com\\\/ro\\\/catalog\\\/\",\"nextItem\":{\"@type\":\"ListItem\",\"@id\":\"https:\\\/\\\/tabaccomd.com\\\/ro\\\/product-category\\\/tutun\\\/#listItem\",\"name\":\"Tutun\"},\"previousItem\":{\"@type\":\"ListItem\",\"@id\":\"https:\\\/\\\/tabaccomd.com\\\/ro\\\/#listItem\",\"name\":\"\\u0413\\u043b\\u0430\\u0432\\u043d\\u0430\\u044f\"}},{\"@type\":\"ListItem\",\"@id\":\"https:\\\/\\\/tabaccomd.com\\\/ro\\\/product-category\\\/tutun\\\/#listItem\",\"position\":3,\"name\":\"Tutun\",\"item\":\"https:\\\/\\\/tabaccomd.com\\\/ro\\\/product-category\\\/tutun\\\/\",\"nextItem\":{\"@type\":\"ListItem\",\"@id\":\"https:\\\/\\\/tabaccomd.com\\\/ro\\\/product-category\\\/tutun\\\/iqos-ro\\\/#listItem\",\"name\":\"IQOS\"},\"previousItem\":{\"@type\":\"ListItem\",\"@id\":\"https:\\\/\\\/tabaccomd.com\\\/ro\\\/catalog\\\/#listItem\",\"name\":\"Catalog\"}},{\"@type\":\"ListItem\",\"@id\":\"https:\\\/\\\/tabaccomd.com\\\/ro\\\/product-category\\\/tutun\\\/iqos-ro\\\/#listItem\",\"position\":4,\"name\":\"IQOS\",\"item\":\"https:\\\/\\\/tabaccomd.com\\\/ro\\\/product-category\\\/tutun\\\/iqos-ro\\\/\",\"nextItem\":{\"@type\":\"ListItem\",\"@id\":\"https:\\\/\\\/tabaccomd.com\\\/ro\\\/product-category\\\/tutun\\\/iqos-ro\\\/terea-ro\\\/#listItem\",\"name\":\"Terea\"},\"previousItem\":{\"@type\":\"ListItem\",\"@id\":\"https:\\\/\\\/tabaccomd.com\\\/ro\\\/product-category\\\/tutun\\\/#listItem\",\"name\":\"Tutun\"}},{\"@type\":\"ListItem\",\"@id\":\"https:\\\/\\\/tabaccomd.com\\\/ro\\\/product-category\\\/tutun\\\/iqos-ro\\\/terea-ro\\\/#listItem\",\"position\":5,\"name\":\"Terea\",\"item\":\"https:\\\/\\\/tabaccomd.com\\\/ro\\\/product-category\\\/tutun\\\/iqos-ro\\\/terea-ro\\\/\",\"nextItem\":{\"@type\":\"ListItem\",\"@id\":\"https:\\\/\\\/tabaccomd.com\\\/ro\\\/product\\\/terea-turquoise\\\/#listItem\",\"name\":\"Terea Turquoise\"},\"previousItem\":{\"@type\":\"ListItem\",\"@id\":\"https:\\\/\\\/tabaccomd.com\\\/ro\\\/product-category\\\/tutun\\\/iqos-ro\\\/#listItem\",\"name\":\"IQOS\"}},{\"@type\":\"ListItem\",\"@id\":\"https:\\\/\\\/tabaccomd.com\\\/ro\\\/product\\\/terea-turquoise\\\/#listItem\",\"position\":6,\"name\":\"Terea Turquoise\",\"previousItem\":{\"@type\":\"ListItem\",\"@id\":\"https:\\\/\\\/tabaccomd.com\\\/ro\\\/product-category\\\/tutun\\\/iqos-ro\\\/terea-ro\\\/#listItem\",\"name\":\"Terea\"}}]},{\"@type\":\"Organization\",\"@id\":\"https:\\\/\\\/tabaccomd.com\\\/ro\\\/#organization\",\"name\":\"Tabacco House\",\"description\":\"\\u041c\\u0430\\u0433\\u0430\\u0437\\u0438\\u043d \\u0442\\u0430\\u0431\\u0430\\u0447\\u043d\\u044b\\u0445 \\u0438\\u0437\\u0434\\u0435\\u043b\\u0438\\u0439\",\"url\":\"https:\\\/\\\/tabaccomd.com\\\/ro\\\/\",\"email\":\"Office@cazacuhouse.com\",\"telephone\":\"+37361000935\",\"logo\":{\"@type\":\"ImageObject\",\"url\":\"https:\\\/\\\/tabaccomd.com\\\/wp-content\\\/uploads\\\/2024\\\/02\\\/logo_header3.png\",\"@id\":\"https:\\\/\\\/tabaccomd.com\\\/ro\\\/product\\\/terea-turquoise\\\/#organizationLogo\",\"width\":32,\"height\":32,\"caption\":\"Tabacco House\"},\"image\":{\"@id\":\"https:\\\/\\\/tabaccomd.com\\\/ro\\\/product\\\/terea-turquoise\\\/#organizationLogo\"},\"sameAs\":[\"https:\\\/\\\/www.facebook.com\\\/tabaccomd.com\\\/\",\"https:\\\/\\\/www.instagram.com\\\/tabaccomd.com\\\/\"],\"address\":{\"@id\":\"https:\\\/\\\/tabaccomd.com\\\/ro\\\/#postaladdress\",\"@type\":\"PostalAddress\",\"streetAddress\":\"Strada Albi\\u015foara 4, Chi\\u0219in\\u0103u, Bulevardul \\u0218tefan cel Mare \\u0219i Sf\\u00eent 136, Chi\\u0219in\\u0103u\",\"addressLocality\":\"Chi\\u0219in\\u0103u\",\"addressCountry\":\"MD\"}},{\"@type\":\"Product\",\"@id\":\"https:\\\/\\\/tabaccomd.com\\\/ro\\\/product\\\/terea-turquoise\\\/#wooCommerceProduct\",\"name\":\"Terea Turquoise\",\"description\":\"Comanda minim\\u0103 \\u2013 10 buc\\u0103\\u021bi de acela\\u021bi fel!!!\\r\\n \\tCost livrare \\u00een Chi\\u0219in\\u0103u: 70 lei, indiferent de valoarea comenzii\\r\\n \\tCost livrare \\u00een suburbiile Chi\\u0219in\\u0103ului: 100 lei, indiferent de valoarea comenzii\\r\\n \\tLa comanda unui produs suplimentar \\u00een valoare de la 250 lei \\u2013 livrarea este gratuit\\u0103!\\r\\n \\tLa acest produs reducerea nu se aplic\\u0103!\\r\\n \\tArom\\u0103: Ment\\u0103\\r\\n \\tT\\u0103rie: U\\u0219oar\\u0103\\r\\n \\tCantitate \\u00een ambalaj: 20 stick-uri\",\"url\":\"https:\\\/\\\/tabaccomd.com\\\/ro\\\/product\\\/terea-turquoise\\\/\",\"sku\":\"ME004159s\",\"image\":{\"@type\":\"ImageObject\",\"url\":\"https:\\\/\\\/tabaccomd.com\\\/wp-content\\\/uploads\\\/2024\\\/05\\\/terea-turquoise-0.jpeg\",\"@id\":\"https:\\\/\\\/tabaccomd.com\\\/ro\\\/product\\\/terea-turquoise\\\/#productImage\",\"width\":2448,\"height\":2448,\"caption\":\"terea-turquoise-0\"},\"offers\":{\"@type\":\"Offer\",\"url\":\"https:\\\/\\\/tabaccomd.com\\\/ro\\\/product\\\/terea-turquoise\\\/#wooCommerceOffer\",\"price\":61,\"priceCurrency\":\"MDL\",\"category\":\"Terea\",\"availability\":\"https:\\\/\\\/schema.org\\\/OutOfStock\",\"priceSpecification\":{\"@type\":\"PriceSpecification\",\"price\":61,\"priceCurrency\":\"MDL\",\"valueAddedTaxIncluded\":\"true\"},\"seller\":{\"@type\":\"Organization\",\"@id\":\"https:\\\/\\\/tabaccomd.com\\\/ro\\\/#organization\"}}},{\"@type\":\"WebPage\",\"@id\":\"https:\\\/\\\/tabaccomd.com\\\/ro\\\/product\\\/terea-turquoise\\\/#webpage\",\"url\":\"https:\\\/\\\/tabaccomd.com\\\/ro\\\/product\\\/terea-turquoise\\\/\",\"name\":\"Terea Turquoise \\u2013 Tabacco House\",\"inLanguage\":\"ro-RO\",\"isPartOf\":{\"@id\":\"https:\\\/\\\/tabaccomd.com\\\/ro\\\/#website\"},\"breadcrumb\":{\"@id\":\"https:\\\/\\\/tabaccomd.com\\\/ro\\\/product\\\/terea-turquoise\\\/#breadcrumblist\"},\"image\":{\"@type\":\"ImageObject\",\"url\":\"https:\\\/\\\/tabaccomd.com\\\/wp-content\\\/uploads\\\/2024\\\/05\\\/terea-turquoise-0.jpeg\",\"@id\":\"https:\\\/\\\/tabaccomd.com\\\/ro\\\/product\\\/terea-turquoise\\\/#mainImage\",\"width\":2448,\"height\":2448,\"caption\":\"terea-turquoise-0\"},\"primaryImageOfPage\":{\"@id\":\"https:\\\/\\\/tabaccomd.com\\\/ro\\\/product\\\/terea-turquoise\\\/#mainImage\"},\"datePublished\":\"2024-05-03T15:10:16+03:00\",\"dateModified\":\"2025-06-06T09:51:33+03:00\"},{\"@type\":\"WebSite\",\"@id\":\"https:\\\/\\\/tabaccomd.com\\\/ro\\\/#website\",\"url\":\"https:\\\/\\\/tabaccomd.com\\\/ro\\\/\",\"name\":\"Tabacco House\",\"alternateName\":\"tobaccomd.com\",\"description\":\"\\u041c\\u0430\\u0433\\u0430\\u0437\\u0438\\u043d \\u0442\\u0430\\u0431\\u0430\\u0447\\u043d\\u044b\\u0445 \\u0438\\u0437\\u0434\\u0435\\u043b\\u0438\\u0439\",\"inLanguage\":\"ro-RO\",\"publisher\":{\"@id\":\"https:\\\/\\\/tabaccomd.com\\\/ro\\\/#organization\"}}]}\n\t\t<\/script>\n\t\t<!-- All in One SEO Pro -->\r\n\t\t<title>Terea Turquoise \u2013 Tabacco House<\/title>\n\n","aioseo_head_json":{"title":"Terea Turquoise \u2013 Tabacco House","description":"","canonical_url":"https:\/\/tabaccomd.com\/ro\/product\/terea-turquoise\/","robots":"max-image-preview:large","keywords":"","webmasterTools":{"miscellaneous":""},"schema":{"@context":"https:\/\/schema.org","@graph":[{"@type":"BreadcrumbList","@id":"https:\/\/tabaccomd.com\/ro\/product\/terea-turquoise\/#breadcrumblist","itemListElement":[{"@type":"ListItem","@id":"https:\/\/tabaccomd.com\/ro\/#listItem","position":1,"name":"\u0413\u043b\u0430\u0432\u043d\u0430\u044f","item":"https:\/\/tabaccomd.com\/ro\/","nextItem":{"@type":"ListItem","@id":"https:\/\/tabaccomd.com\/ro\/catalog\/#listItem","name":"Catalog"}},{"@type":"ListItem","@id":"https:\/\/tabaccomd.com\/ro\/catalog\/#listItem","position":2,"name":"Catalog","item":"https:\/\/tabaccomd.com\/ro\/catalog\/","nextItem":{"@type":"ListItem","@id":"https:\/\/tabaccomd.com\/ro\/product-category\/tutun\/#listItem","name":"Tutun"},"previousItem":{"@type":"ListItem","@id":"https:\/\/tabaccomd.com\/ro\/#listItem","name":"\u0413\u043b\u0430\u0432\u043d\u0430\u044f"}},{"@type":"ListItem","@id":"https:\/\/tabaccomd.com\/ro\/product-category\/tutun\/#listItem","position":3,"name":"Tutun","item":"https:\/\/tabaccomd.com\/ro\/product-category\/tutun\/","nextItem":{"@type":"ListItem","@id":"https:\/\/tabaccomd.com\/ro\/product-category\/tutun\/iqos-ro\/#listItem","name":"IQOS"},"previousItem":{"@type":"ListItem","@id":"https:\/\/tabaccomd.com\/ro\/catalog\/#listItem","name":"Catalog"}},{"@type":"ListItem","@id":"https:\/\/tabaccomd.com\/ro\/product-category\/tutun\/iqos-ro\/#listItem","position":4,"name":"IQOS","item":"https:\/\/tabaccomd.com\/ro\/product-category\/tutun\/iqos-ro\/","nextItem":{"@type":"ListItem","@id":"https:\/\/tabaccomd.com\/ro\/product-category\/tutun\/iqos-ro\/terea-ro\/#listItem","name":"Terea"},"previousItem":{"@type":"ListItem","@id":"https:\/\/tabaccomd.com\/ro\/product-category\/tutun\/#listItem","name":"Tutun"}},{"@type":"ListItem","@id":"https:\/\/tabaccomd.com\/ro\/product-category\/tutun\/iqos-ro\/terea-ro\/#listItem","position":5,"name":"Terea","item":"https:\/\/tabaccomd.com\/ro\/product-category\/tutun\/iqos-ro\/terea-ro\/","nextItem":{"@type":"ListItem","@id":"https:\/\/tabaccomd.com\/ro\/product\/terea-turquoise\/#listItem","name":"Terea Turquoise"},"previousItem":{"@type":"ListItem","@id":"https:\/\/tabaccomd.com\/ro\/product-category\/tutun\/iqos-ro\/#listItem","name":"IQOS"}},{"@type":"ListItem","@id":"https:\/\/tabaccomd.com\/ro\/product\/terea-turquoise\/#listItem","position":6,"name":"Terea Turquoise","previousItem":{"@type":"ListItem","@id":"https:\/\/tabaccomd.com\/ro\/product-category\/tutun\/iqos-ro\/terea-ro\/#listItem","name":"Terea"}}]},{"@type":"Organization","@id":"https:\/\/tabaccomd.com\/ro\/#organization","name":"Tabacco House","description":"\u041c\u0430\u0433\u0430\u0437\u0438\u043d \u0442\u0430\u0431\u0430\u0447\u043d\u044b\u0445 \u0438\u0437\u0434\u0435\u043b\u0438\u0439","url":"https:\/\/tabaccomd.com\/ro\/","email":"Office@cazacuhouse.com","telephone":"+37361000935","logo":{"@type":"ImageObject","url":"https:\/\/tabaccomd.com\/wp-content\/uploads\/2024\/02\/logo_header3.png","@id":"https:\/\/tabaccomd.com\/ro\/product\/terea-turquoise\/#organizationLogo","width":32,"height":32,"caption":"Tabacco House"},"image":{"@id":"https:\/\/tabaccomd.com\/ro\/product\/terea-turquoise\/#organizationLogo"},"sameAs":["https:\/\/www.facebook.com\/tabaccomd.com\/","https:\/\/www.instagram.com\/tabaccomd.com\/"],"address":{"@id":"https:\/\/tabaccomd.com\/ro\/#postaladdress","@type":"PostalAddress","streetAddress":"Strada Albi\u015foara 4, Chi\u0219in\u0103u, Bulevardul \u0218tefan cel Mare \u0219i Sf\u00eent 136, Chi\u0219in\u0103u","addressLocality":"Chi\u0219in\u0103u","addressCountry":"MD"}},{"@type":"Product","@id":"https:\/\/tabaccomd.com\/ro\/product\/terea-turquoise\/#wooCommerceProduct","name":"Terea Turquoise","description":"Comanda minim\u0103 \u2013 10 buc\u0103\u021bi de acela\u021bi fel!!!\r\n \tCost livrare \u00een Chi\u0219in\u0103u: 70 lei, indiferent de valoarea comenzii\r\n \tCost livrare \u00een suburbiile Chi\u0219in\u0103ului: 100 lei, indiferent de valoarea comenzii\r\n \tLa comanda unui produs suplimentar \u00een valoare de la 250 lei \u2013 livrarea este gratuit\u0103!\r\n \tLa acest produs reducerea nu se aplic\u0103!\r\n \tArom\u0103: Ment\u0103\r\n \tT\u0103rie: U\u0219oar\u0103\r\n \tCantitate \u00een ambalaj: 20 stick-uri","url":"https:\/\/tabaccomd.com\/ro\/product\/terea-turquoise\/","sku":"ME004159s","image":{"@type":"ImageObject","url":"https:\/\/tabaccomd.com\/wp-content\/uploads\/2024\/05\/terea-turquoise-0.jpeg","@id":"https:\/\/tabaccomd.com\/ro\/product\/terea-turquoise\/#productImage","width":2448,"height":2448,"caption":"terea-turquoise-0"},"offers":{"@type":"Offer","url":"https:\/\/tabaccomd.com\/ro\/product\/terea-turquoise\/#wooCommerceOffer","price":61,"priceCurrency":"MDL","category":"Terea","availability":"https:\/\/schema.org\/OutOfStock","priceSpecification":{"@type":"PriceSpecification","price":61,"priceCurrency":"MDL","valueAddedTaxIncluded":"true"},"seller":{"@type":"Organization","@id":"https:\/\/tabaccomd.com\/ro\/#organization"}}},{"@type":"WebPage","@id":"https:\/\/tabaccomd.com\/ro\/product\/terea-turquoise\/#webpage","url":"https:\/\/tabaccomd.com\/ro\/product\/terea-turquoise\/","name":"Terea Turquoise \u2013 Tabacco House","inLanguage":"ro-RO","isPartOf":{"@id":"https:\/\/tabaccomd.com\/ro\/#website"},"breadcrumb":{"@id":"https:\/\/tabaccomd.com\/ro\/product\/terea-turquoise\/#breadcrumblist"},"image":{"@type":"ImageObject","url":"https:\/\/tabaccomd.com\/wp-content\/uploads\/2024\/05\/terea-turquoise-0.jpeg","@id":"https:\/\/tabaccomd.com\/ro\/product\/terea-turquoise\/#mainImage","width":2448,"height":2448,"caption":"terea-turquoise-0"},"primaryImageOfPage":{"@id":"https:\/\/tabaccomd.com\/ro\/product\/terea-turquoise\/#mainImage"},"datePublished":"2024-05-03T15:10:16+03:00","dateModified":"2025-06-06T09:51:33+03:00"},{"@type":"WebSite","@id":"https:\/\/tabaccomd.com\/ro\/#website","url":"https:\/\/tabaccomd.com\/ro\/","name":"Tabacco House","alternateName":"tobaccomd.com","description":"\u041c\u0430\u0433\u0430\u0437\u0438\u043d \u0442\u0430\u0431\u0430\u0447\u043d\u044b\u0445 \u0438\u0437\u0434\u0435\u043b\u0438\u0439","inLanguage":"ro-RO","publisher":{"@id":"https:\/\/tabaccomd.com\/ro\/#organization"}}]},"og:locale":"ro_RO","og:site_name":"Tabacco House \u2013 \u041c\u0430\u0433\u0430\u0437\u0438\u043d \u0442\u0430\u0431\u0430\u0447\u043d\u044b\u0445 \u0438\u0437\u0434\u0435\u043b\u0438\u0439","og:type":"article","og:title":"Terea Turquoise \u2013 Tabacco House","og:url":"https:\/\/tabaccomd.com\/ro\/product\/terea-turquoise\/","article:published_time":"2024-05-03T12:10:16+00:00","article:modified_time":"2025-06-06T06:51:33+00:00","article:publisher":"https:\/\/www.facebook.com\/tabaccomd.com\/","twitter:card":"summary_large_image","twitter:title":"Terea Turquoise \u2013 Tabacco House"},"aioseo_meta_data":{"post_id":"137774","title":null,"description":null,"keywords":null,"keyphrases":null,"primary_term":null,"canonical_url":null,"og_title":null,"og_description":null,"og_object_type":"default","og_image_type":"default","og_image_url":null,"og_image_width":null,"og_image_height":null,"og_image_custom_url":null,"og_image_custom_fields":null,"og_video":null,"og_custom_url":null,"og_article_section":null,"og_article_tags":null,"twitter_use_og":false,"twitter_card":"default","twitter_image_type":"default","twitter_image_url":null,"twitter_image_custom_url":null,"twitter_image_custom_fields":null,"twitter_title":null,"twitter_description":null,"schema":{"blockGraphs":[],"customGraphs":[],"default":{"data":{"Article":[],"Course":[],"Dataset":[],"FAQPage":[],"Movie":[],"Person":[],"Product":[],"ProductReview":[],"Car":[],"Recipe":[],"Service":[],"SoftwareApplication":[],"WebPage":[]},"graphName":"","isEnabled":true},"graphs":[]},"schema_type":"default","schema_type_options":null,"pillar_content":false,"robots_default":true,"robots_noindex":false,"robots_noarchive":false,"robots_nosnippet":false,"robots_nofollow":false,"robots_noimageindex":false,"robots_noodp":false,"robots_notranslate":false,"robots_max_snippet":null,"robots_max_videopreview":null,"robots_max_imagepreview":"large","priority":null,"frequency":null,"local_seo":null,"seo_analyzer_scan_date":"2025-10-20 19:08:42","breadcrumb_settings":null,"limit_modified_date":false,"reviewed_by":null,"open_ai":null,"ai":null,"created":"2024-05-06 07:39:35","updated":"2025-10-20 19:08:42"},"aioseo_breadcrumb":"<div class=\"aioseo-breadcrumbs\"><span class=\"aioseo-breadcrumb\">\n\t<a href=\"https:\/\/tabaccomd.com\/ro\/\" title=\"\u0413\u043b\u0430\u0432\u043d\u0430\u044f\">\u0413\u043b\u0430\u0432\u043d\u0430\u044f<\/a>\n<\/span><span class=\"aioseo-breadcrumb-separator\">\u00bb<\/span><span class=\"aioseo-breadcrumb\">\n\t<a href=\"https:\/\/tabaccomd.com\/ro\/catalog\/\" title=\"Catalog\">Catalog<\/a>\n<\/span><span class=\"aioseo-breadcrumb-separator\">\u00bb<\/span><span class=\"aioseo-breadcrumb\">\n\t<a href=\"https:\/\/tabaccomd.com\/ro\/product-category\/tutun\/\" title=\"Tutun\">Tutun<\/a>\n<\/span><span class=\"aioseo-breadcrumb-separator\">\u00bb<\/span><span class=\"aioseo-breadcrumb\">\n\t<a href=\"https:\/\/tabaccomd.com\/ro\/product-category\/tutun\/iqos-ro\/\" title=\"IQOS\">IQOS<\/a>\n<\/span><span class=\"aioseo-breadcrumb-separator\">\u00bb<\/span><span class=\"aioseo-breadcrumb\">\n\t<a href=\"https:\/\/tabaccomd.com\/ro\/product-category\/tutun\/iqos-ro\/terea-ro\/\" title=\"Terea\">Terea<\/a>\n<\/span><span class=\"aioseo-breadcrumb-separator\">\u00bb<\/span><span class=\"aioseo-breadcrumb\">\n\tTerea Turquoise\n<\/span><\/div>","aioseo_breadcrumb_json":[{"label":"\u0413\u043b\u0430\u0432\u043d\u0430\u044f","link":"https:\/\/tabaccomd.com\/ro\/"},{"label":"Catalog","link":"https:\/\/tabaccomd.com\/ro\/catalog\/"},{"label":"Tutun","link":"https:\/\/tabaccomd.com\/ro\/product-category\/tutun\/"},{"label":"IQOS","link":"https:\/\/tabaccomd.com\/ro\/product-category\/tutun\/iqos-ro\/"},{"label":"Terea","link":"https:\/\/tabaccomd.com\/ro\/product-category\/tutun\/iqos-ro\/terea-ro\/"},{"label":"Terea Turquoise","link":"https:\/\/tabaccomd.com\/ro\/product\/terea-turquoise\/"}],"images_for_1c":[{"url":"https:\/\/tabaccomd.com\/wp-content\/uploads\/2024\/05\/terea-turquoise-0.jpeg","type":"featured","alt":"terea-turquoise-0","filename":"terea-turquoise-0.jpeg"}],"additional_data_1c":{"modified_date":"2025-06-06 09:51:33","permalink":"https:\/\/tabaccomd.com\/ro\/product\/terea-turquoise\/","stock_status":"outofstock","manage_stock":"no"},"_links":{"self":[{"href":"https:\/\/tabaccomd.com\/ro\/wp-json\/wp\/v2\/product\/137774","targetHints":{"allow":["GET"]}}],"collection":[{"href":"https:\/\/tabaccomd.com\/ro\/wp-json\/wp\/v2\/product"}],"about":[{"href":"https:\/\/tabaccomd.com\/ro\/wp-json\/wp\/v2\/types\/product"}],"wp:featuredmedia":[{"embeddable":true,"href":"https:\/\/tabaccomd.com\/ro\/wp-json\/wp\/v2\/media\/144308"}],"wp:attachment":[{"href":"https:\/\/tabaccomd.com\/ro\/wp-json\/wp\/v2\/media?parent=137774"}],"wp:term":[{"taxonomy":"product_brand","embeddable":true,"href":"https:\/\/tabaccomd.com\/ro\/wp-json\/wp\/v2\/product_brand?post=137774"},{"taxonomy":"product_cat","embeddable":true,"href":"https:\/\/tabaccomd.com\/ro\/wp-json\/wp\/v2\/product_cat?post=137774"},{"taxonomy":"product_tag","embeddable":true,"href":"https:\/\/tabaccomd.com\/ro\/wp-json\/wp\/v2\/product_tag?post=137774"}],"curies":[{"name":"wp","href":"https:\/\/api.w.org\/{rel}","templated":true}]}}