{"id":137700,"date":"2024-05-03T12:05:38","date_gmt":"2024-05-03T09:05:38","guid":{"rendered":"https:\/\/tabaccomd.com\/product\/heets-amber-selection\/"},"modified":"2025-06-06T11:37:22","modified_gmt":"2025-06-06T08:37:22","slug":"heets-amber-selection","status":"publish","type":"product","link":"https:\/\/tabaccomd.com\/ro\/product\/heets-amber-selection\/","title":{"rendered":"Heets Amber Selection"},"content":{"rendered":"<ul>\n<li><strong>Comanda minim\u0103 \u2013 10 buc\u0103\u021bi de acela\u021bi fel!!!<\/strong><\/li>\n<li><strong>Cost livrare \u00een Chi\u0219in\u0103u: 70 lei, indiferent de valoarea comenzii<\/strong><\/li>\n<li><strong>Cost livrare \u00een suburbiile Chi\u0219in\u0103ului: 100 lei, indiferent de valoarea comenzii<\/strong><\/li>\n<li><strong>La comanda unui produs suplimentar \u00een valoare de la 250 lei \u2013 livrarea este gratuit\u0103!<\/strong><\/li>\n<li><strong>La acest produs reducerea nu se aplic\u0103!<\/strong><\/li>\n<\/ul>\n<p><a href=\"https:\/\/tabaccomd.com\/ro\/categorie-produs\/tutun\/iqos-ro\/heets-ro\/\">HEETS<\/a> este \u00eentr-adev\u0103r cunoscut pentru procesul s\u0103u riguros de verificare \u0219i produc\u021bie, care asigur\u0103 calitatea \u0219i consisten\u021ba produselor. Faptul c\u0103 toate fabricile respect\u0103 acelea\u0219i standarde \u0219i folosesc aceea\u0219i tehnologie este esen\u021bial pentru a garanta c\u0103 fiecare rezerv\u0103 de tutun ofer\u0103 aceea\u0219i experien\u021b\u0103 de \u00eenalt\u0103 calitate, indiferent de locul \u00een care este produs\u0103. Este reconfortant s\u0103 \u0219tii c\u0103 fiecare pas, de la sem\u0103natul tutunului p\u00e2n\u0103 la fabricarea final\u0103 a rezervelor, este supus unor controale minu\u021bioase pentru a asigura c\u0103 produsul final este autentic \u0219i satisf\u0103c\u0103tor pentru utilizatorii de IQOS.<\/p>\n<p>Pute\u021bi achizi\u021biona Heets Amber Selection \u00een Moldova, Chi\u0219in\u0103u, \u00een re\u021beaua de magazine Tabacco House.<\/p>\n","protected":false},"excerpt":{"rendered":"<ul>\n<li><strong>Comanda minim\u0103 \u2013 10 buc\u0103\u021bi de acela\u021bi fel!!!<\/strong><\/li>\n<li><strong>Cost livrare \u00een Chi\u0219in\u0103u: 70 lei, indiferent de valoarea comenzii<\/strong><\/li>\n<li><strong>Cost livrare \u00een suburbiile Chi\u0219in\u0103ului: 100 lei, indiferent de valoarea comenzii<\/strong><\/li>\n<li><strong>La comanda unui produs suplimentar \u00een valoare de la 250 lei \u2013 livrarea este gratuit\u0103!<\/strong><\/li>\n<li><strong>La acest produs reducerea nu se aplic\u0103!<\/strong><\/li>\n<li>Arom\u0103: Nuci cu note lemnoase<\/li>\n<li>T\u0103rie: Medie<\/li>\n<li>Cantitate \u00een ambalaj: 20 stick-uri<\/li>\n<\/ul>\n","protected":false},"featured_media":144276,"template":"","meta":{"om_disable_all_campaigns":false,"_monsterinsights_skip_tracking":false,"_monsterinsights_sitenote_active":false,"_monsterinsights_sitenote_note":"","_monsterinsights_sitenote_category":0},"product_brand":[],"product_cat":[447],"product_tag":[],"class_list":{"0":"post-137700","1":"product","2":"type-product","3":"status-publish","4":"has-post-thumbnail","6":"product_cat-heets-ro","8":"first","9":"outofstock","10":"purchasable","11":"product-type-simple"},"aioseo_notices":[],"aioseo_head":"\n\t\t<!-- All in One SEO Pro 4.9.5.2 - aioseo.com -->\n\t<meta name=\"robots\" content=\"max-image-preview:large\" \/>\n\t<link rel=\"canonical\" href=\"https:\/\/tabaccomd.com\/ro\/product\/heets-amber-selection\/\" \/>\n\t<meta name=\"generator\" content=\"All in One SEO Pro (AIOSEO) 4.9.5.2\" \/>\n\t\t<meta property=\"og:locale\" content=\"ro_RO\" \/>\n\t\t<meta property=\"og:site_name\" content=\"Tabacco House \u2013 \u041c\u0430\u0433\u0430\u0437\u0438\u043d \u0442\u0430\u0431\u0430\u0447\u043d\u044b\u0445 \u0438\u0437\u0434\u0435\u043b\u0438\u0439\" \/>\n\t\t<meta property=\"og:type\" content=\"article\" \/>\n\t\t<meta property=\"og:title\" content=\"Heets Amber Selection \u2013 Tabacco House\" \/>\n\t\t<meta property=\"og:url\" content=\"https:\/\/tabaccomd.com\/ro\/product\/heets-amber-selection\/\" \/>\n\t\t<meta property=\"article:published_time\" content=\"2024-05-03T09:05:38+00:00\" \/>\n\t\t<meta property=\"article:modified_time\" content=\"2025-06-06T08:37:22+00:00\" \/>\n\t\t<meta property=\"article:publisher\" content=\"https:\/\/www.facebook.com\/tabaccomd.com\/\" \/>\n\t\t<meta name=\"twitter:card\" content=\"summary_large_image\" \/>\n\t\t<meta name=\"twitter:title\" content=\"Heets Amber Selection \u2013 Tabacco House\" \/>\n\t\t<script type=\"application\/ld+json\" class=\"aioseo-schema\">\n\t\t\t{\"@context\":\"https:\\\/\\\/schema.org\",\"@graph\":[{\"@type\":\"BreadcrumbList\",\"@id\":\"https:\\\/\\\/tabaccomd.com\\\/ro\\\/product\\\/heets-amber-selection\\\/#breadcrumblist\",\"itemListElement\":[{\"@type\":\"ListItem\",\"@id\":\"https:\\\/\\\/tabaccomd.com\\\/ro\\\/#listItem\",\"position\":1,\"name\":\"\\u0413\\u043b\\u0430\\u0432\\u043d\\u0430\\u044f\",\"item\":\"https:\\\/\\\/tabaccomd.com\\\/ro\\\/\",\"nextItem\":{\"@type\":\"ListItem\",\"@id\":\"https:\\\/\\\/tabaccomd.com\\\/ro\\\/catalog\\\/#listItem\",\"name\":\"Catalog\"}},{\"@type\":\"ListItem\",\"@id\":\"https:\\\/\\\/tabaccomd.com\\\/ro\\\/catalog\\\/#listItem\",\"position\":2,\"name\":\"Catalog\",\"item\":\"https:\\\/\\\/tabaccomd.com\\\/ro\\\/catalog\\\/\",\"nextItem\":{\"@type\":\"ListItem\",\"@id\":\"https:\\\/\\\/tabaccomd.com\\\/ro\\\/product-category\\\/tutun\\\/#listItem\",\"name\":\"Tutun\"},\"previousItem\":{\"@type\":\"ListItem\",\"@id\":\"https:\\\/\\\/tabaccomd.com\\\/ro\\\/#listItem\",\"name\":\"\\u0413\\u043b\\u0430\\u0432\\u043d\\u0430\\u044f\"}},{\"@type\":\"ListItem\",\"@id\":\"https:\\\/\\\/tabaccomd.com\\\/ro\\\/product-category\\\/tutun\\\/#listItem\",\"position\":3,\"name\":\"Tutun\",\"item\":\"https:\\\/\\\/tabaccomd.com\\\/ro\\\/product-category\\\/tutun\\\/\",\"nextItem\":{\"@type\":\"ListItem\",\"@id\":\"https:\\\/\\\/tabaccomd.com\\\/ro\\\/product-category\\\/tutun\\\/iqos-ro\\\/#listItem\",\"name\":\"IQOS\"},\"previousItem\":{\"@type\":\"ListItem\",\"@id\":\"https:\\\/\\\/tabaccomd.com\\\/ro\\\/catalog\\\/#listItem\",\"name\":\"Catalog\"}},{\"@type\":\"ListItem\",\"@id\":\"https:\\\/\\\/tabaccomd.com\\\/ro\\\/product-category\\\/tutun\\\/iqos-ro\\\/#listItem\",\"position\":4,\"name\":\"IQOS\",\"item\":\"https:\\\/\\\/tabaccomd.com\\\/ro\\\/product-category\\\/tutun\\\/iqos-ro\\\/\",\"nextItem\":{\"@type\":\"ListItem\",\"@id\":\"https:\\\/\\\/tabaccomd.com\\\/ro\\\/product-category\\\/tutun\\\/iqos-ro\\\/heets-ro\\\/#listItem\",\"name\":\"Heets\"},\"previousItem\":{\"@type\":\"ListItem\",\"@id\":\"https:\\\/\\\/tabaccomd.com\\\/ro\\\/product-category\\\/tutun\\\/#listItem\",\"name\":\"Tutun\"}},{\"@type\":\"ListItem\",\"@id\":\"https:\\\/\\\/tabaccomd.com\\\/ro\\\/product-category\\\/tutun\\\/iqos-ro\\\/heets-ro\\\/#listItem\",\"position\":5,\"name\":\"Heets\",\"item\":\"https:\\\/\\\/tabaccomd.com\\\/ro\\\/product-category\\\/tutun\\\/iqos-ro\\\/heets-ro\\\/\",\"nextItem\":{\"@type\":\"ListItem\",\"@id\":\"https:\\\/\\\/tabaccomd.com\\\/ro\\\/product\\\/heets-amber-selection\\\/#listItem\",\"name\":\"Heets Amber Selection\"},\"previousItem\":{\"@type\":\"ListItem\",\"@id\":\"https:\\\/\\\/tabaccomd.com\\\/ro\\\/product-category\\\/tutun\\\/iqos-ro\\\/#listItem\",\"name\":\"IQOS\"}},{\"@type\":\"ListItem\",\"@id\":\"https:\\\/\\\/tabaccomd.com\\\/ro\\\/product\\\/heets-amber-selection\\\/#listItem\",\"position\":6,\"name\":\"Heets Amber Selection\",\"previousItem\":{\"@type\":\"ListItem\",\"@id\":\"https:\\\/\\\/tabaccomd.com\\\/ro\\\/product-category\\\/tutun\\\/iqos-ro\\\/heets-ro\\\/#listItem\",\"name\":\"Heets\"}}]},{\"@type\":\"Organization\",\"@id\":\"https:\\\/\\\/tabaccomd.com\\\/ro\\\/#organization\",\"name\":\"Tabacco House\",\"description\":\"\\u041c\\u0430\\u0433\\u0430\\u0437\\u0438\\u043d \\u0442\\u0430\\u0431\\u0430\\u0447\\u043d\\u044b\\u0445 \\u0438\\u0437\\u0434\\u0435\\u043b\\u0438\\u0439\",\"url\":\"https:\\\/\\\/tabaccomd.com\\\/ro\\\/\",\"email\":\"Office@cazacuhouse.com\",\"telephone\":\"+37361000935\",\"logo\":{\"@type\":\"ImageObject\",\"url\":\"https:\\\/\\\/tabaccomd.com\\\/wp-content\\\/uploads\\\/2024\\\/02\\\/logo_header3.png\",\"@id\":\"https:\\\/\\\/tabaccomd.com\\\/ro\\\/product\\\/heets-amber-selection\\\/#organizationLogo\",\"width\":32,\"height\":32,\"caption\":\"Tabacco House\"},\"image\":{\"@id\":\"https:\\\/\\\/tabaccomd.com\\\/ro\\\/product\\\/heets-amber-selection\\\/#organizationLogo\"},\"sameAs\":[\"https:\\\/\\\/www.facebook.com\\\/tabaccomd.com\\\/\",\"https:\\\/\\\/www.instagram.com\\\/tabaccomd.com\\\/\"],\"address\":{\"@id\":\"https:\\\/\\\/tabaccomd.com\\\/ro\\\/#postaladdress\",\"@type\":\"PostalAddress\",\"streetAddress\":\"Strada Albi\\u015foara 4, Chi\\u0219in\\u0103u, Bulevardul \\u0218tefan cel Mare \\u0219i Sf\\u00eent 136, Chi\\u0219in\\u0103u\",\"addressLocality\":\"Chi\\u0219in\\u0103u\",\"addressCountry\":\"MD\"}},{\"@type\":\"Product\",\"@id\":\"https:\\\/\\\/tabaccomd.com\\\/ro\\\/product\\\/heets-amber-selection\\\/#wooCommerceProduct\",\"name\":\"Heets Amber Selection\",\"description\":\"Comanda minim\\u0103 \\u2013 10 buc\\u0103\\u021bi de acela\\u021bi fel!!!\\r\\n \\tCost livrare \\u00een Chi\\u0219in\\u0103u: 70 lei, indiferent de valoarea comenzii\\r\\n \\tCost livrare \\u00een suburbiile Chi\\u0219in\\u0103ului: 100 lei, indiferent de valoarea comenzii\\r\\n \\tLa comanda unui produs suplimentar \\u00een valoare de la 250 lei \\u2013 livrarea este gratuit\\u0103!\\r\\n \\tLa acest produs reducerea nu se aplic\\u0103!\\r\\n \\tArom\\u0103: Nuci cu note lemnoase\\r\\n \\tT\\u0103rie: Medie\\r\\n \\tCantitate \\u00een ambalaj: 20 stick-uri\",\"url\":\"https:\\\/\\\/tabaccomd.com\\\/ro\\\/product\\\/heets-amber-selection\\\/\",\"sku\":\"ME000938.01s\",\"image\":{\"@type\":\"ImageObject\",\"url\":\"https:\\\/\\\/tabaccomd.com\\\/wp-content\\\/uploads\\\/2024\\\/05\\\/heets-amber-0.jpeg\",\"@id\":\"https:\\\/\\\/tabaccomd.com\\\/ro\\\/product\\\/heets-amber-selection\\\/#productImage\",\"width\":1600,\"height\":1600,\"caption\":\"heets-amber-0\"},\"offers\":{\"@type\":\"Offer\",\"url\":\"https:\\\/\\\/tabaccomd.com\\\/ro\\\/product\\\/heets-amber-selection\\\/#wooCommerceOffer\",\"price\":62,\"priceCurrency\":\"MDL\",\"category\":\"Heets\",\"availability\":\"https:\\\/\\\/schema.org\\\/OutOfStock\",\"priceSpecification\":{\"@type\":\"PriceSpecification\",\"price\":62,\"priceCurrency\":\"MDL\",\"valueAddedTaxIncluded\":\"true\"},\"seller\":{\"@type\":\"Organization\",\"@id\":\"https:\\\/\\\/tabaccomd.com\\\/ro\\\/#organization\"}}},{\"@type\":\"WebPage\",\"@id\":\"https:\\\/\\\/tabaccomd.com\\\/ro\\\/product\\\/heets-amber-selection\\\/#webpage\",\"url\":\"https:\\\/\\\/tabaccomd.com\\\/ro\\\/product\\\/heets-amber-selection\\\/\",\"name\":\"Heets Amber Selection \\u2013 Tabacco House\",\"inLanguage\":\"ro-RO\",\"isPartOf\":{\"@id\":\"https:\\\/\\\/tabaccomd.com\\\/ro\\\/#website\"},\"breadcrumb\":{\"@id\":\"https:\\\/\\\/tabaccomd.com\\\/ro\\\/product\\\/heets-amber-selection\\\/#breadcrumblist\"},\"image\":{\"@type\":\"ImageObject\",\"url\":\"https:\\\/\\\/tabaccomd.com\\\/wp-content\\\/uploads\\\/2024\\\/05\\\/heets-amber-0.jpeg\",\"@id\":\"https:\\\/\\\/tabaccomd.com\\\/ro\\\/product\\\/heets-amber-selection\\\/#mainImage\",\"width\":1600,\"height\":1600,\"caption\":\"heets-amber-0\"},\"primaryImageOfPage\":{\"@id\":\"https:\\\/\\\/tabaccomd.com\\\/ro\\\/product\\\/heets-amber-selection\\\/#mainImage\"},\"datePublished\":\"2024-05-03T12:05:38+03:00\",\"dateModified\":\"2025-06-06T11:37:22+03:00\"},{\"@type\":\"WebSite\",\"@id\":\"https:\\\/\\\/tabaccomd.com\\\/ro\\\/#website\",\"url\":\"https:\\\/\\\/tabaccomd.com\\\/ro\\\/\",\"name\":\"Tabacco House\",\"alternateName\":\"tobaccomd.com\",\"description\":\"\\u041c\\u0430\\u0433\\u0430\\u0437\\u0438\\u043d \\u0442\\u0430\\u0431\\u0430\\u0447\\u043d\\u044b\\u0445 \\u0438\\u0437\\u0434\\u0435\\u043b\\u0438\\u0439\",\"inLanguage\":\"ro-RO\",\"publisher\":{\"@id\":\"https:\\\/\\\/tabaccomd.com\\\/ro\\\/#organization\"}}]}\n\t\t<\/script>\n\t\t<!-- All in One SEO Pro -->\r\n\t\t<title>Heets Amber Selection \u2013 Tabacco House<\/title>\n\n","aioseo_head_json":{"title":"Heets Amber Selection \u2013 Tabacco House","description":"","canonical_url":"https:\/\/tabaccomd.com\/ro\/product\/heets-amber-selection\/","robots":"max-image-preview:large","keywords":"","webmasterTools":{"miscellaneous":""},"schema":{"@context":"https:\/\/schema.org","@graph":[{"@type":"BreadcrumbList","@id":"https:\/\/tabaccomd.com\/ro\/product\/heets-amber-selection\/#breadcrumblist","itemListElement":[{"@type":"ListItem","@id":"https:\/\/tabaccomd.com\/ro\/#listItem","position":1,"name":"\u0413\u043b\u0430\u0432\u043d\u0430\u044f","item":"https:\/\/tabaccomd.com\/ro\/","nextItem":{"@type":"ListItem","@id":"https:\/\/tabaccomd.com\/ro\/catalog\/#listItem","name":"Catalog"}},{"@type":"ListItem","@id":"https:\/\/tabaccomd.com\/ro\/catalog\/#listItem","position":2,"name":"Catalog","item":"https:\/\/tabaccomd.com\/ro\/catalog\/","nextItem":{"@type":"ListItem","@id":"https:\/\/tabaccomd.com\/ro\/product-category\/tutun\/#listItem","name":"Tutun"},"previousItem":{"@type":"ListItem","@id":"https:\/\/tabaccomd.com\/ro\/#listItem","name":"\u0413\u043b\u0430\u0432\u043d\u0430\u044f"}},{"@type":"ListItem","@id":"https:\/\/tabaccomd.com\/ro\/product-category\/tutun\/#listItem","position":3,"name":"Tutun","item":"https:\/\/tabaccomd.com\/ro\/product-category\/tutun\/","nextItem":{"@type":"ListItem","@id":"https:\/\/tabaccomd.com\/ro\/product-category\/tutun\/iqos-ro\/#listItem","name":"IQOS"},"previousItem":{"@type":"ListItem","@id":"https:\/\/tabaccomd.com\/ro\/catalog\/#listItem","name":"Catalog"}},{"@type":"ListItem","@id":"https:\/\/tabaccomd.com\/ro\/product-category\/tutun\/iqos-ro\/#listItem","position":4,"name":"IQOS","item":"https:\/\/tabaccomd.com\/ro\/product-category\/tutun\/iqos-ro\/","nextItem":{"@type":"ListItem","@id":"https:\/\/tabaccomd.com\/ro\/product-category\/tutun\/iqos-ro\/heets-ro\/#listItem","name":"Heets"},"previousItem":{"@type":"ListItem","@id":"https:\/\/tabaccomd.com\/ro\/product-category\/tutun\/#listItem","name":"Tutun"}},{"@type":"ListItem","@id":"https:\/\/tabaccomd.com\/ro\/product-category\/tutun\/iqos-ro\/heets-ro\/#listItem","position":5,"name":"Heets","item":"https:\/\/tabaccomd.com\/ro\/product-category\/tutun\/iqos-ro\/heets-ro\/","nextItem":{"@type":"ListItem","@id":"https:\/\/tabaccomd.com\/ro\/product\/heets-amber-selection\/#listItem","name":"Heets Amber Selection"},"previousItem":{"@type":"ListItem","@id":"https:\/\/tabaccomd.com\/ro\/product-category\/tutun\/iqos-ro\/#listItem","name":"IQOS"}},{"@type":"ListItem","@id":"https:\/\/tabaccomd.com\/ro\/product\/heets-amber-selection\/#listItem","position":6,"name":"Heets Amber Selection","previousItem":{"@type":"ListItem","@id":"https:\/\/tabaccomd.com\/ro\/product-category\/tutun\/iqos-ro\/heets-ro\/#listItem","name":"Heets"}}]},{"@type":"Organization","@id":"https:\/\/tabaccomd.com\/ro\/#organization","name":"Tabacco House","description":"\u041c\u0430\u0433\u0430\u0437\u0438\u043d \u0442\u0430\u0431\u0430\u0447\u043d\u044b\u0445 \u0438\u0437\u0434\u0435\u043b\u0438\u0439","url":"https:\/\/tabaccomd.com\/ro\/","email":"Office@cazacuhouse.com","telephone":"+37361000935","logo":{"@type":"ImageObject","url":"https:\/\/tabaccomd.com\/wp-content\/uploads\/2024\/02\/logo_header3.png","@id":"https:\/\/tabaccomd.com\/ro\/product\/heets-amber-selection\/#organizationLogo","width":32,"height":32,"caption":"Tabacco House"},"image":{"@id":"https:\/\/tabaccomd.com\/ro\/product\/heets-amber-selection\/#organizationLogo"},"sameAs":["https:\/\/www.facebook.com\/tabaccomd.com\/","https:\/\/www.instagram.com\/tabaccomd.com\/"],"address":{"@id":"https:\/\/tabaccomd.com\/ro\/#postaladdress","@type":"PostalAddress","streetAddress":"Strada Albi\u015foara 4, Chi\u0219in\u0103u, Bulevardul \u0218tefan cel Mare \u0219i Sf\u00eent 136, Chi\u0219in\u0103u","addressLocality":"Chi\u0219in\u0103u","addressCountry":"MD"}},{"@type":"Product","@id":"https:\/\/tabaccomd.com\/ro\/product\/heets-amber-selection\/#wooCommerceProduct","name":"Heets Amber Selection","description":"Comanda minim\u0103 \u2013 10 buc\u0103\u021bi de acela\u021bi fel!!!\r\n \tCost livrare \u00een Chi\u0219in\u0103u: 70 lei, indiferent de valoarea comenzii\r\n \tCost livrare \u00een suburbiile Chi\u0219in\u0103ului: 100 lei, indiferent de valoarea comenzii\r\n \tLa comanda unui produs suplimentar \u00een valoare de la 250 lei \u2013 livrarea este gratuit\u0103!\r\n \tLa acest produs reducerea nu se aplic\u0103!\r\n \tArom\u0103: Nuci cu note lemnoase\r\n \tT\u0103rie: Medie\r\n \tCantitate \u00een ambalaj: 20 stick-uri","url":"https:\/\/tabaccomd.com\/ro\/product\/heets-amber-selection\/","sku":"ME000938.01s","image":{"@type":"ImageObject","url":"https:\/\/tabaccomd.com\/wp-content\/uploads\/2024\/05\/heets-amber-0.jpeg","@id":"https:\/\/tabaccomd.com\/ro\/product\/heets-amber-selection\/#productImage","width":1600,"height":1600,"caption":"heets-amber-0"},"offers":{"@type":"Offer","url":"https:\/\/tabaccomd.com\/ro\/product\/heets-amber-selection\/#wooCommerceOffer","price":62,"priceCurrency":"MDL","category":"Heets","availability":"https:\/\/schema.org\/OutOfStock","priceSpecification":{"@type":"PriceSpecification","price":62,"priceCurrency":"MDL","valueAddedTaxIncluded":"true"},"seller":{"@type":"Organization","@id":"https:\/\/tabaccomd.com\/ro\/#organization"}}},{"@type":"WebPage","@id":"https:\/\/tabaccomd.com\/ro\/product\/heets-amber-selection\/#webpage","url":"https:\/\/tabaccomd.com\/ro\/product\/heets-amber-selection\/","name":"Heets Amber Selection \u2013 Tabacco House","inLanguage":"ro-RO","isPartOf":{"@id":"https:\/\/tabaccomd.com\/ro\/#website"},"breadcrumb":{"@id":"https:\/\/tabaccomd.com\/ro\/product\/heets-amber-selection\/#breadcrumblist"},"image":{"@type":"ImageObject","url":"https:\/\/tabaccomd.com\/wp-content\/uploads\/2024\/05\/heets-amber-0.jpeg","@id":"https:\/\/tabaccomd.com\/ro\/product\/heets-amber-selection\/#mainImage","width":1600,"height":1600,"caption":"heets-amber-0"},"primaryImageOfPage":{"@id":"https:\/\/tabaccomd.com\/ro\/product\/heets-amber-selection\/#mainImage"},"datePublished":"2024-05-03T12:05:38+03:00","dateModified":"2025-06-06T11:37:22+03:00"},{"@type":"WebSite","@id":"https:\/\/tabaccomd.com\/ro\/#website","url":"https:\/\/tabaccomd.com\/ro\/","name":"Tabacco House","alternateName":"tobaccomd.com","description":"\u041c\u0430\u0433\u0430\u0437\u0438\u043d \u0442\u0430\u0431\u0430\u0447\u043d\u044b\u0445 \u0438\u0437\u0434\u0435\u043b\u0438\u0439","inLanguage":"ro-RO","publisher":{"@id":"https:\/\/tabaccomd.com\/ro\/#organization"}}]},"og:locale":"ro_RO","og:site_name":"Tabacco House \u2013 \u041c\u0430\u0433\u0430\u0437\u0438\u043d \u0442\u0430\u0431\u0430\u0447\u043d\u044b\u0445 \u0438\u0437\u0434\u0435\u043b\u0438\u0439","og:type":"article","og:title":"Heets Amber Selection \u2013 Tabacco House","og:url":"https:\/\/tabaccomd.com\/ro\/product\/heets-amber-selection\/","article:published_time":"2024-05-03T09:05:38+00:00","article:modified_time":"2025-06-06T08:37:22+00:00","article:publisher":"https:\/\/www.facebook.com\/tabaccomd.com\/","twitter:card":"summary_large_image","twitter:title":"Heets Amber Selection \u2013 Tabacco House"},"aioseo_meta_data":{"post_id":"137700","title":null,"description":null,"keywords":null,"keyphrases":null,"primary_term":null,"canonical_url":null,"og_title":null,"og_description":null,"og_object_type":"default","og_image_type":"default","og_image_url":null,"og_image_width":null,"og_image_height":null,"og_image_custom_url":null,"og_image_custom_fields":null,"og_video":null,"og_custom_url":null,"og_article_section":null,"og_article_tags":null,"twitter_use_og":false,"twitter_card":"default","twitter_image_type":"default","twitter_image_url":null,"twitter_image_custom_url":null,"twitter_image_custom_fields":null,"twitter_title":null,"twitter_description":null,"schema":{"blockGraphs":[],"customGraphs":[],"default":{"data":{"Article":[],"Course":[],"Dataset":[],"FAQPage":[],"Movie":[],"Person":[],"Product":[],"ProductReview":[],"Car":[],"Recipe":[],"Service":[],"SoftwareApplication":[],"WebPage":[]},"graphName":"","isEnabled":true},"graphs":[]},"schema_type":"default","schema_type_options":null,"pillar_content":false,"robots_default":true,"robots_noindex":false,"robots_noarchive":false,"robots_nosnippet":false,"robots_nofollow":false,"robots_noimageindex":false,"robots_noodp":false,"robots_notranslate":false,"robots_max_snippet":null,"robots_max_videopreview":null,"robots_max_imagepreview":"large","priority":null,"frequency":null,"local_seo":null,"seo_analyzer_scan_date":"2025-10-20 19:05:07","breadcrumb_settings":null,"limit_modified_date":false,"reviewed_by":null,"open_ai":null,"ai":null,"created":"2024-05-03 12:50:23","updated":"2025-10-20 19:05:07"},"aioseo_breadcrumb":"<div class=\"aioseo-breadcrumbs\"><span class=\"aioseo-breadcrumb\">\n\t<a href=\"https:\/\/tabaccomd.com\/ro\/\" title=\"\u0413\u043b\u0430\u0432\u043d\u0430\u044f\">\u0413\u043b\u0430\u0432\u043d\u0430\u044f<\/a>\n<\/span><span class=\"aioseo-breadcrumb-separator\">\u00bb<\/span><span class=\"aioseo-breadcrumb\">\n\t<a href=\"https:\/\/tabaccomd.com\/ro\/catalog\/\" title=\"Catalog\">Catalog<\/a>\n<\/span><span class=\"aioseo-breadcrumb-separator\">\u00bb<\/span><span class=\"aioseo-breadcrumb\">\n\t<a href=\"https:\/\/tabaccomd.com\/ro\/product-category\/tutun\/\" title=\"Tutun\">Tutun<\/a>\n<\/span><span class=\"aioseo-breadcrumb-separator\">\u00bb<\/span><span class=\"aioseo-breadcrumb\">\n\t<a href=\"https:\/\/tabaccomd.com\/ro\/product-category\/tutun\/iqos-ro\/\" title=\"IQOS\">IQOS<\/a>\n<\/span><span class=\"aioseo-breadcrumb-separator\">\u00bb<\/span><span class=\"aioseo-breadcrumb\">\n\t<a href=\"https:\/\/tabaccomd.com\/ro\/product-category\/tutun\/iqos-ro\/heets-ro\/\" title=\"Heets\">Heets<\/a>\n<\/span><span class=\"aioseo-breadcrumb-separator\">\u00bb<\/span><span class=\"aioseo-breadcrumb\">\n\tHeets Amber Selection\n<\/span><\/div>","aioseo_breadcrumb_json":[{"label":"\u0413\u043b\u0430\u0432\u043d\u0430\u044f","link":"https:\/\/tabaccomd.com\/ro\/"},{"label":"Catalog","link":"https:\/\/tabaccomd.com\/ro\/catalog\/"},{"label":"Tutun","link":"https:\/\/tabaccomd.com\/ro\/product-category\/tutun\/"},{"label":"IQOS","link":"https:\/\/tabaccomd.com\/ro\/product-category\/tutun\/iqos-ro\/"},{"label":"Heets","link":"https:\/\/tabaccomd.com\/ro\/product-category\/tutun\/iqos-ro\/heets-ro\/"},{"label":"Heets Amber Selection","link":"https:\/\/tabaccomd.com\/ro\/product\/heets-amber-selection\/"}],"images_for_1c":[{"url":"https:\/\/tabaccomd.com\/wp-content\/uploads\/2024\/05\/heets-amber-0.jpeg","type":"featured","alt":"heets-amber-0","filename":"heets-amber-0.jpeg"}],"additional_data_1c":{"modified_date":"2025-06-06 11:37:22","permalink":"https:\/\/tabaccomd.com\/ro\/product\/heets-amber-selection\/","stock_status":"outofstock","manage_stock":"no"},"_links":{"self":[{"href":"https:\/\/tabaccomd.com\/ro\/wp-json\/wp\/v2\/product\/137700","targetHints":{"allow":["GET"]}}],"collection":[{"href":"https:\/\/tabaccomd.com\/ro\/wp-json\/wp\/v2\/product"}],"about":[{"href":"https:\/\/tabaccomd.com\/ro\/wp-json\/wp\/v2\/types\/product"}],"wp:featuredmedia":[{"embeddable":true,"href":"https:\/\/tabaccomd.com\/ro\/wp-json\/wp\/v2\/media\/144276"}],"wp:attachment":[{"href":"https:\/\/tabaccomd.com\/ro\/wp-json\/wp\/v2\/media?parent=137700"}],"wp:term":[{"taxonomy":"product_brand","embeddable":true,"href":"https:\/\/tabaccomd.com\/ro\/wp-json\/wp\/v2\/product_brand?post=137700"},{"taxonomy":"product_cat","embeddable":true,"href":"https:\/\/tabaccomd.com\/ro\/wp-json\/wp\/v2\/product_cat?post=137700"},{"taxonomy":"product_tag","embeddable":true,"href":"https:\/\/tabaccomd.com\/ro\/wp-json\/wp\/v2\/product_tag?post=137700"}],"curies":[{"name":"wp","href":"https:\/\/api.w.org\/{rel}","templated":true}]}}