{"id":137638,"date":"2024-02-12T17:10:23","date_gmt":"2024-02-12T14:10:23","guid":{"rendered":"https:\/\/tabaccomd.com\/product\/48744-214-zippo-playboy\/"},"modified":"2024-02-12T17:10:23","modified_gmt":"2024-02-12T14:10:23","slug":"48744-214-zippo-playboy","status":"publish","type":"product","link":"https:\/\/tabaccomd.com\/ro\/product\/48744-214-zippo-playboy\/","title":{"rendered":"48744 214 Zippo Playboy"},"content":{"rendered":"<p>Emana\u021bi stil \u0219i lux cu aceast\u0103 <a href=\"https:\/\/tabaccomd.com\/ro\/categorie-produs\/brichete\/brichete-zippo-2\/\">brichet\u0103<\/a> clasic\u0103 White Matte, inspirat\u0103 de brandul iconic Playboy. O pictogram\u0103 clasic\u0103 cu cap de iepura\u0219 luat\u0103 din seria Dream Diving 2023 \u00eempodobe\u0219te suprafa\u021ba acestei brichete, \u00eenconjurat\u0103 de ondula\u021bii curg\u0103toare \u00eentr-un design calm \u0219i colorat. Cufunda\u021bi-v\u0103 \u00eentr-o lume a elegan\u021bei \u0219i stilului cu aceast\u0103 brichet\u0103 sofisticat\u0103, care va deveni nu doar un accesoriu func\u021bional, ci \u0219i un simbol unic al stilului dvs. Furnizat\u0103 \u00eentr-o cutie de cadou elegant\u0103, este gata s\u0103 devin\u0103 ideal\u0103 pentru cunosc\u0103torii de lux \u0219i frumuse\u021be. Bricheta original\u0103 prezint\u0103 un clic distinctiv Zippo \u0219i ofer\u0103 o func\u021bionare fiabil\u0103 \u00een orice mediu datorit\u0103 construc\u021biei sale metalice \u0219i a designului rezistent la v\u00e2nt. V\u0103 recomand\u0103m s\u0103 utiliza\u021bi combustibil original Zippo, cremene \u0219i fitil pentru cele mai bune rezultate. Fabricat\u0103 cu m\u00e2andrie \u00een SUA cu garan\u021bie pe via\u021b\u0103.<\/p>\n<p>Pute\u021bi achizi\u021biona bricheta 48744 214 Zippo Playboy \u00een Moldova, Chi\u0219in\u0103u, \u00een re\u021beaua de magazine Tabacco House.<\/p>\n","protected":false},"excerpt":{"rendered":"<ul>\n<li>Corp Classic tradi\u021bional<\/li>\n<li>Garan\u021bie pe via\u021b\u0103<\/li>\n<li>Bricheta se livreaz\u0103 neumplut\u0103<\/li>\n<li>Recomand\u0103m alimentarea numai cu combustibil Zippo de \u00eenalt\u0103 calitate.<\/li>\n<\/ul>\n","protected":false},"featured_media":137632,"template":"","meta":{"om_disable_all_campaigns":false,"_monsterinsights_skip_tracking":false,"_monsterinsights_sitenote_active":false,"_monsterinsights_sitenote_note":"","_monsterinsights_sitenote_category":0},"product_brand":[],"product_cat":[175],"product_tag":[],"class_list":{"0":"post-137638","1":"product","2":"type-product","3":"status-publish","4":"has-post-thumbnail","6":"product_cat-brichete-zippo-2","8":"first","9":"instock","10":"purchasable","11":"product-type-simple"},"aioseo_notices":[],"aioseo_head":"\n\t\t<!-- All in One SEO Pro 4.9.6.2 - aioseo.com -->\n\t<meta name=\"robots\" content=\"max-image-preview:large\" \/>\n\t<link rel=\"canonical\" href=\"https:\/\/tabaccomd.com\/ro\/product\/48744-214-zippo-playboy\/\" \/>\n\t<meta name=\"generator\" content=\"All in One SEO Pro (AIOSEO) 4.9.6.2\" \/>\n\t\t<meta property=\"og:locale\" content=\"ro_RO\" \/>\n\t\t<meta property=\"og:site_name\" content=\"Tabacco House \u2013 \u041c\u0430\u0433\u0430\u0437\u0438\u043d \u0442\u0430\u0431\u0430\u0447\u043d\u044b\u0445 \u0438\u0437\u0434\u0435\u043b\u0438\u0439\" \/>\n\t\t<meta property=\"og:type\" content=\"article\" \/>\n\t\t<meta property=\"og:title\" content=\"48744 214 Zippo Playboy \u2013 Tabacco House\" \/>\n\t\t<meta property=\"og:url\" content=\"https:\/\/tabaccomd.com\/ro\/product\/48744-214-zippo-playboy\/\" \/>\n\t\t<meta property=\"article:published_time\" content=\"2024-02-12T14:10:23+00:00\" \/>\n\t\t<meta property=\"article:modified_time\" content=\"2024-02-12T14:10:23+00:00\" \/>\n\t\t<meta property=\"article:publisher\" content=\"https:\/\/www.facebook.com\/tabaccomd.com\/\" \/>\n\t\t<meta name=\"twitter:card\" content=\"summary_large_image\" \/>\n\t\t<meta name=\"twitter:title\" content=\"48744 214 Zippo Playboy \u2013 Tabacco House\" \/>\n\t\t<script type=\"application\/ld+json\" class=\"aioseo-schema\">\n\t\t\t{\"@context\":\"https:\\\/\\\/schema.org\",\"@graph\":[{\"@type\":\"BreadcrumbList\",\"@id\":\"https:\\\/\\\/tabaccomd.com\\\/ro\\\/product\\\/48744-214-zippo-playboy\\\/#breadcrumblist\",\"itemListElement\":[{\"@type\":\"ListItem\",\"@id\":\"https:\\\/\\\/tabaccomd.com\\\/ro\\\/#listItem\",\"position\":1,\"name\":\"\\u0413\\u043b\\u0430\\u0432\\u043d\\u0430\\u044f\",\"item\":\"https:\\\/\\\/tabaccomd.com\\\/ro\\\/\",\"nextItem\":{\"@type\":\"ListItem\",\"@id\":\"https:\\\/\\\/tabaccomd.com\\\/ro\\\/catalog\\\/#listItem\",\"name\":\"Catalog\"}},{\"@type\":\"ListItem\",\"@id\":\"https:\\\/\\\/tabaccomd.com\\\/ro\\\/catalog\\\/#listItem\",\"position\":2,\"name\":\"Catalog\",\"item\":\"https:\\\/\\\/tabaccomd.com\\\/ro\\\/catalog\\\/\",\"nextItem\":{\"@type\":\"ListItem\",\"@id\":\"https:\\\/\\\/tabaccomd.com\\\/ro\\\/product-category\\\/brichete\\\/#listItem\",\"name\":\"Brichete\"},\"previousItem\":{\"@type\":\"ListItem\",\"@id\":\"https:\\\/\\\/tabaccomd.com\\\/ro\\\/#listItem\",\"name\":\"\\u0413\\u043b\\u0430\\u0432\\u043d\\u0430\\u044f\"}},{\"@type\":\"ListItem\",\"@id\":\"https:\\\/\\\/tabaccomd.com\\\/ro\\\/product-category\\\/brichete\\\/#listItem\",\"position\":3,\"name\":\"Brichete\",\"item\":\"https:\\\/\\\/tabaccomd.com\\\/ro\\\/product-category\\\/brichete\\\/\",\"nextItem\":{\"@type\":\"ListItem\",\"@id\":\"https:\\\/\\\/tabaccomd.com\\\/ro\\\/product-category\\\/brichete\\\/brichete-zippo-2\\\/#listItem\",\"name\":\"Brichete Zippo\"},\"previousItem\":{\"@type\":\"ListItem\",\"@id\":\"https:\\\/\\\/tabaccomd.com\\\/ro\\\/catalog\\\/#listItem\",\"name\":\"Catalog\"}},{\"@type\":\"ListItem\",\"@id\":\"https:\\\/\\\/tabaccomd.com\\\/ro\\\/product-category\\\/brichete\\\/brichete-zippo-2\\\/#listItem\",\"position\":4,\"name\":\"Brichete Zippo\",\"item\":\"https:\\\/\\\/tabaccomd.com\\\/ro\\\/product-category\\\/brichete\\\/brichete-zippo-2\\\/\",\"nextItem\":{\"@type\":\"ListItem\",\"@id\":\"https:\\\/\\\/tabaccomd.com\\\/ro\\\/product\\\/48744-214-zippo-playboy\\\/#listItem\",\"name\":\"48744 214 Zippo Playboy\"},\"previousItem\":{\"@type\":\"ListItem\",\"@id\":\"https:\\\/\\\/tabaccomd.com\\\/ro\\\/product-category\\\/brichete\\\/#listItem\",\"name\":\"Brichete\"}},{\"@type\":\"ListItem\",\"@id\":\"https:\\\/\\\/tabaccomd.com\\\/ro\\\/product\\\/48744-214-zippo-playboy\\\/#listItem\",\"position\":5,\"name\":\"48744 214 Zippo Playboy\",\"previousItem\":{\"@type\":\"ListItem\",\"@id\":\"https:\\\/\\\/tabaccomd.com\\\/ro\\\/product-category\\\/brichete\\\/brichete-zippo-2\\\/#listItem\",\"name\":\"Brichete Zippo\"}}]},{\"@type\":\"Organization\",\"@id\":\"https:\\\/\\\/tabaccomd.com\\\/ro\\\/#organization\",\"name\":\"Tabacco House\",\"description\":\"\\u041c\\u0430\\u0433\\u0430\\u0437\\u0438\\u043d \\u0442\\u0430\\u0431\\u0430\\u0447\\u043d\\u044b\\u0445 \\u0438\\u0437\\u0434\\u0435\\u043b\\u0438\\u0439\",\"url\":\"https:\\\/\\\/tabaccomd.com\\\/ro\\\/\",\"email\":\"Office@cazacuhouse.com\",\"telephone\":\"+37361000935\",\"logo\":{\"@type\":\"ImageObject\",\"url\":\"https:\\\/\\\/tabaccomd.com\\\/wp-content\\\/uploads\\\/2024\\\/02\\\/logo_header3.png\",\"@id\":\"https:\\\/\\\/tabaccomd.com\\\/ro\\\/product\\\/48744-214-zippo-playboy\\\/#organizationLogo\",\"width\":32,\"height\":32,\"caption\":\"Tabacco House\"},\"image\":{\"@id\":\"https:\\\/\\\/tabaccomd.com\\\/ro\\\/product\\\/48744-214-zippo-playboy\\\/#organizationLogo\"},\"sameAs\":[\"https:\\\/\\\/www.facebook.com\\\/tabaccomd.com\\\/\",\"https:\\\/\\\/www.instagram.com\\\/tabaccomd.com\\\/\"],\"address\":{\"@id\":\"https:\\\/\\\/tabaccomd.com\\\/ro\\\/#postaladdress\",\"@type\":\"PostalAddress\",\"streetAddress\":\"Strada Albi\\u015foara 4, Chi\\u0219in\\u0103u, Bulevardul \\u0218tefan cel Mare \\u0219i Sf\\u00eent 136, Chi\\u0219in\\u0103u\",\"addressLocality\":\"Chi\\u0219in\\u0103u\",\"addressCountry\":\"MD\"}},{\"@type\":\"Product\",\"@id\":\"https:\\\/\\\/tabaccomd.com\\\/ro\\\/product\\\/48744-214-zippo-playboy\\\/#wooCommerceProduct\",\"name\":\"48744 214 Zippo Playboy\",\"description\":\"Corp Classic tradi\\u021bional\\r\\n \\tGaran\\u021bie pe via\\u021b\\u0103\\r\\n \\tBricheta se livreaz\\u0103 neumplut\\u0103\\r\\n \\tRecomand\\u0103m alimentarea numai cu combustibil Zippo de \\u00eenalt\\u0103 calitate.\",\"url\":\"https:\\\/\\\/tabaccomd.com\\\/ro\\\/product\\\/48744-214-zippo-playboy\\\/\",\"sku\":\"48744\",\"image\":{\"@type\":\"ImageObject\",\"url\":\"https:\\\/\\\/tabaccomd.com\\\/wp-content\\\/uploads\\\/2024\\\/02\\\/48744-214-Zippo-Playboy-3.png\",\"@id\":\"https:\\\/\\\/tabaccomd.com\\\/ro\\\/product\\\/48744-214-zippo-playboy\\\/#productImage\",\"width\":1200,\"height\":1200,\"caption\":\"48744-214-Zippo-Playboy-3\"},\"offers\":{\"@type\":\"Offer\",\"url\":\"https:\\\/\\\/tabaccomd.com\\\/ro\\\/product\\\/48744-214-zippo-playboy\\\/#wooCommerceOffer\",\"price\":850,\"priceCurrency\":\"MDL\",\"category\":\"Brichete Zippo\",\"availability\":\"https:\\\/\\\/schema.org\\\/InStock\",\"priceSpecification\":{\"@type\":\"PriceSpecification\",\"price\":850,\"priceCurrency\":\"MDL\",\"valueAddedTaxIncluded\":\"true\"},\"seller\":{\"@type\":\"Organization\",\"@id\":\"https:\\\/\\\/tabaccomd.com\\\/ro\\\/#organization\"}}},{\"@type\":\"WebPage\",\"@id\":\"https:\\\/\\\/tabaccomd.com\\\/ro\\\/product\\\/48744-214-zippo-playboy\\\/#webpage\",\"url\":\"https:\\\/\\\/tabaccomd.com\\\/ro\\\/product\\\/48744-214-zippo-playboy\\\/\",\"name\":\"48744 214 Zippo Playboy \\u2013 Tabacco House\",\"inLanguage\":\"ro-RO\",\"isPartOf\":{\"@id\":\"https:\\\/\\\/tabaccomd.com\\\/ro\\\/#website\"},\"breadcrumb\":{\"@id\":\"https:\\\/\\\/tabaccomd.com\\\/ro\\\/product\\\/48744-214-zippo-playboy\\\/#breadcrumblist\"},\"image\":{\"@type\":\"ImageObject\",\"url\":\"https:\\\/\\\/tabaccomd.com\\\/wp-content\\\/uploads\\\/2024\\\/02\\\/48744-214-Zippo-Playboy-3.png\",\"@id\":\"https:\\\/\\\/tabaccomd.com\\\/ro\\\/product\\\/48744-214-zippo-playboy\\\/#mainImage\",\"width\":1200,\"height\":1200,\"caption\":\"48744-214-Zippo-Playboy-3\"},\"primaryImageOfPage\":{\"@id\":\"https:\\\/\\\/tabaccomd.com\\\/ro\\\/product\\\/48744-214-zippo-playboy\\\/#mainImage\"},\"datePublished\":\"2024-02-12T17:10:23+03:00\",\"dateModified\":\"2024-02-12T17:10:23+03:00\"},{\"@type\":\"WebSite\",\"@id\":\"https:\\\/\\\/tabaccomd.com\\\/ro\\\/#website\",\"url\":\"https:\\\/\\\/tabaccomd.com\\\/ro\\\/\",\"name\":\"Tabacco House\",\"alternateName\":\"tobaccomd.com\",\"description\":\"\\u041c\\u0430\\u0433\\u0430\\u0437\\u0438\\u043d \\u0442\\u0430\\u0431\\u0430\\u0447\\u043d\\u044b\\u0445 \\u0438\\u0437\\u0434\\u0435\\u043b\\u0438\\u0439\",\"inLanguage\":\"ro-RO\",\"publisher\":{\"@id\":\"https:\\\/\\\/tabaccomd.com\\\/ro\\\/#organization\"}}]}\n\t\t<\/script>\n\t\t<!-- All in One SEO Pro -->\r\n\t\t<title>48744 214 Zippo Playboy \u2013 Tabacco House<\/title>\n\n","aioseo_head_json":{"title":"48744 214 Zippo Playboy \u2013 Tabacco House","description":"","canonical_url":"https:\/\/tabaccomd.com\/ro\/product\/48744-214-zippo-playboy\/","robots":"max-image-preview:large","keywords":"","webmasterTools":{"miscellaneous":""},"schema":{"@context":"https:\/\/schema.org","@graph":[{"@type":"BreadcrumbList","@id":"https:\/\/tabaccomd.com\/ro\/product\/48744-214-zippo-playboy\/#breadcrumblist","itemListElement":[{"@type":"ListItem","@id":"https:\/\/tabaccomd.com\/ro\/#listItem","position":1,"name":"\u0413\u043b\u0430\u0432\u043d\u0430\u044f","item":"https:\/\/tabaccomd.com\/ro\/","nextItem":{"@type":"ListItem","@id":"https:\/\/tabaccomd.com\/ro\/catalog\/#listItem","name":"Catalog"}},{"@type":"ListItem","@id":"https:\/\/tabaccomd.com\/ro\/catalog\/#listItem","position":2,"name":"Catalog","item":"https:\/\/tabaccomd.com\/ro\/catalog\/","nextItem":{"@type":"ListItem","@id":"https:\/\/tabaccomd.com\/ro\/product-category\/brichete\/#listItem","name":"Brichete"},"previousItem":{"@type":"ListItem","@id":"https:\/\/tabaccomd.com\/ro\/#listItem","name":"\u0413\u043b\u0430\u0432\u043d\u0430\u044f"}},{"@type":"ListItem","@id":"https:\/\/tabaccomd.com\/ro\/product-category\/brichete\/#listItem","position":3,"name":"Brichete","item":"https:\/\/tabaccomd.com\/ro\/product-category\/brichete\/","nextItem":{"@type":"ListItem","@id":"https:\/\/tabaccomd.com\/ro\/product-category\/brichete\/brichete-zippo-2\/#listItem","name":"Brichete Zippo"},"previousItem":{"@type":"ListItem","@id":"https:\/\/tabaccomd.com\/ro\/catalog\/#listItem","name":"Catalog"}},{"@type":"ListItem","@id":"https:\/\/tabaccomd.com\/ro\/product-category\/brichete\/brichete-zippo-2\/#listItem","position":4,"name":"Brichete Zippo","item":"https:\/\/tabaccomd.com\/ro\/product-category\/brichete\/brichete-zippo-2\/","nextItem":{"@type":"ListItem","@id":"https:\/\/tabaccomd.com\/ro\/product\/48744-214-zippo-playboy\/#listItem","name":"48744 214 Zippo Playboy"},"previousItem":{"@type":"ListItem","@id":"https:\/\/tabaccomd.com\/ro\/product-category\/brichete\/#listItem","name":"Brichete"}},{"@type":"ListItem","@id":"https:\/\/tabaccomd.com\/ro\/product\/48744-214-zippo-playboy\/#listItem","position":5,"name":"48744 214 Zippo Playboy","previousItem":{"@type":"ListItem","@id":"https:\/\/tabaccomd.com\/ro\/product-category\/brichete\/brichete-zippo-2\/#listItem","name":"Brichete Zippo"}}]},{"@type":"Organization","@id":"https:\/\/tabaccomd.com\/ro\/#organization","name":"Tabacco House","description":"\u041c\u0430\u0433\u0430\u0437\u0438\u043d \u0442\u0430\u0431\u0430\u0447\u043d\u044b\u0445 \u0438\u0437\u0434\u0435\u043b\u0438\u0439","url":"https:\/\/tabaccomd.com\/ro\/","email":"Office@cazacuhouse.com","telephone":"+37361000935","logo":{"@type":"ImageObject","url":"https:\/\/tabaccomd.com\/wp-content\/uploads\/2024\/02\/logo_header3.png","@id":"https:\/\/tabaccomd.com\/ro\/product\/48744-214-zippo-playboy\/#organizationLogo","width":32,"height":32,"caption":"Tabacco House"},"image":{"@id":"https:\/\/tabaccomd.com\/ro\/product\/48744-214-zippo-playboy\/#organizationLogo"},"sameAs":["https:\/\/www.facebook.com\/tabaccomd.com\/","https:\/\/www.instagram.com\/tabaccomd.com\/"],"address":{"@id":"https:\/\/tabaccomd.com\/ro\/#postaladdress","@type":"PostalAddress","streetAddress":"Strada Albi\u015foara 4, Chi\u0219in\u0103u, Bulevardul \u0218tefan cel Mare \u0219i Sf\u00eent 136, Chi\u0219in\u0103u","addressLocality":"Chi\u0219in\u0103u","addressCountry":"MD"}},{"@type":"Product","@id":"https:\/\/tabaccomd.com\/ro\/product\/48744-214-zippo-playboy\/#wooCommerceProduct","name":"48744 214 Zippo Playboy","description":"Corp Classic tradi\u021bional\r\n \tGaran\u021bie pe via\u021b\u0103\r\n \tBricheta se livreaz\u0103 neumplut\u0103\r\n \tRecomand\u0103m alimentarea numai cu combustibil Zippo de \u00eenalt\u0103 calitate.","url":"https:\/\/tabaccomd.com\/ro\/product\/48744-214-zippo-playboy\/","sku":"48744","image":{"@type":"ImageObject","url":"https:\/\/tabaccomd.com\/wp-content\/uploads\/2024\/02\/48744-214-Zippo-Playboy-3.png","@id":"https:\/\/tabaccomd.com\/ro\/product\/48744-214-zippo-playboy\/#productImage","width":1200,"height":1200,"caption":"48744-214-Zippo-Playboy-3"},"offers":{"@type":"Offer","url":"https:\/\/tabaccomd.com\/ro\/product\/48744-214-zippo-playboy\/#wooCommerceOffer","price":850,"priceCurrency":"MDL","category":"Brichete Zippo","availability":"https:\/\/schema.org\/InStock","priceSpecification":{"@type":"PriceSpecification","price":850,"priceCurrency":"MDL","valueAddedTaxIncluded":"true"},"seller":{"@type":"Organization","@id":"https:\/\/tabaccomd.com\/ro\/#organization"}}},{"@type":"WebPage","@id":"https:\/\/tabaccomd.com\/ro\/product\/48744-214-zippo-playboy\/#webpage","url":"https:\/\/tabaccomd.com\/ro\/product\/48744-214-zippo-playboy\/","name":"48744 214 Zippo Playboy \u2013 Tabacco House","inLanguage":"ro-RO","isPartOf":{"@id":"https:\/\/tabaccomd.com\/ro\/#website"},"breadcrumb":{"@id":"https:\/\/tabaccomd.com\/ro\/product\/48744-214-zippo-playboy\/#breadcrumblist"},"image":{"@type":"ImageObject","url":"https:\/\/tabaccomd.com\/wp-content\/uploads\/2024\/02\/48744-214-Zippo-Playboy-3.png","@id":"https:\/\/tabaccomd.com\/ro\/product\/48744-214-zippo-playboy\/#mainImage","width":1200,"height":1200,"caption":"48744-214-Zippo-Playboy-3"},"primaryImageOfPage":{"@id":"https:\/\/tabaccomd.com\/ro\/product\/48744-214-zippo-playboy\/#mainImage"},"datePublished":"2024-02-12T17:10:23+03:00","dateModified":"2024-02-12T17:10:23+03:00"},{"@type":"WebSite","@id":"https:\/\/tabaccomd.com\/ro\/#website","url":"https:\/\/tabaccomd.com\/ro\/","name":"Tabacco House","alternateName":"tobaccomd.com","description":"\u041c\u0430\u0433\u0430\u0437\u0438\u043d \u0442\u0430\u0431\u0430\u0447\u043d\u044b\u0445 \u0438\u0437\u0434\u0435\u043b\u0438\u0439","inLanguage":"ro-RO","publisher":{"@id":"https:\/\/tabaccomd.com\/ro\/#organization"}}]},"og:locale":"ro_RO","og:site_name":"Tabacco House \u2013 \u041c\u0430\u0433\u0430\u0437\u0438\u043d \u0442\u0430\u0431\u0430\u0447\u043d\u044b\u0445 \u0438\u0437\u0434\u0435\u043b\u0438\u0439","og:type":"article","og:title":"48744 214 Zippo Playboy \u2013 Tabacco House","og:url":"https:\/\/tabaccomd.com\/ro\/product\/48744-214-zippo-playboy\/","article:published_time":"2024-02-12T14:10:23+00:00","article:modified_time":"2024-02-12T14:10:23+00:00","article:publisher":"https:\/\/www.facebook.com\/tabaccomd.com\/","twitter:card":"summary_large_image","twitter:title":"48744 214 Zippo Playboy \u2013 Tabacco House"},"aioseo_meta_data":{"post_id":"137638","title":null,"description":null,"keywords":null,"keyphrases":null,"primary_term":null,"canonical_url":null,"og_title":null,"og_description":null,"og_object_type":"default","og_image_type":"default","og_image_url":null,"og_image_width":null,"og_image_height":null,"og_image_custom_url":null,"og_image_custom_fields":null,"og_video":null,"og_custom_url":null,"og_article_section":null,"og_article_tags":null,"twitter_use_og":false,"twitter_card":"default","twitter_image_type":"default","twitter_image_url":null,"twitter_image_custom_url":null,"twitter_image_custom_fields":null,"twitter_title":null,"twitter_description":null,"schema":{"blockGraphs":[],"customGraphs":[],"default":{"data":{"Article":[],"Course":[],"Dataset":[],"FAQPage":[],"Movie":[],"Person":[],"Product":[],"ProductReview":[],"Car":[],"Recipe":[],"Service":[],"SoftwareApplication":[],"WebPage":[]},"graphName":"","isEnabled":true},"graphs":[]},"schema_type":"default","schema_type_options":null,"pillar_content":false,"robots_default":true,"robots_noindex":false,"robots_noarchive":false,"robots_nosnippet":false,"robots_nofollow":false,"robots_noimageindex":false,"robots_noodp":false,"robots_notranslate":false,"robots_max_snippet":null,"robots_max_videopreview":null,"robots_max_imagepreview":"large","priority":null,"frequency":null,"local_seo":null,"seo_analyzer_scan_date":"2025-10-20 18:38:18","breadcrumb_settings":null,"limit_modified_date":false,"reviewed_by":null,"open_ai":null,"ai":null,"created":"2024-05-03 08:52:28","updated":"2025-10-20 18:38:18"},"aioseo_breadcrumb":"<div class=\"aioseo-breadcrumbs\"><span class=\"aioseo-breadcrumb\">\n\t<a href=\"https:\/\/tabaccomd.com\/ro\/\" title=\"\u0413\u043b\u0430\u0432\u043d\u0430\u044f\">\u0413\u043b\u0430\u0432\u043d\u0430\u044f<\/a>\n<\/span><span class=\"aioseo-breadcrumb-separator\">\u00bb<\/span><span class=\"aioseo-breadcrumb\">\n\t<a href=\"https:\/\/tabaccomd.com\/ro\/catalog\/\" title=\"Catalog\">Catalog<\/a>\n<\/span><span class=\"aioseo-breadcrumb-separator\">\u00bb<\/span><span class=\"aioseo-breadcrumb\">\n\t<a href=\"https:\/\/tabaccomd.com\/ro\/product-category\/brichete\/\" title=\"Brichete\">Brichete<\/a>\n<\/span><span class=\"aioseo-breadcrumb-separator\">\u00bb<\/span><span class=\"aioseo-breadcrumb\">\n\t<a href=\"https:\/\/tabaccomd.com\/ro\/product-category\/brichete\/brichete-zippo-2\/\" title=\"Brichete Zippo\">Brichete Zippo<\/a>\n<\/span><span class=\"aioseo-breadcrumb-separator\">\u00bb<\/span><span class=\"aioseo-breadcrumb\">\n\t48744 214 Zippo Playboy\n<\/span><\/div>","aioseo_breadcrumb_json":[{"label":"\u0413\u043b\u0430\u0432\u043d\u0430\u044f","link":"https:\/\/tabaccomd.com\/ro\/"},{"label":"Catalog","link":"https:\/\/tabaccomd.com\/ro\/catalog\/"},{"label":"Brichete","link":"https:\/\/tabaccomd.com\/ro\/product-category\/brichete\/"},{"label":"Brichete Zippo","link":"https:\/\/tabaccomd.com\/ro\/product-category\/brichete\/brichete-zippo-2\/"},{"label":"48744 214 Zippo Playboy","link":"https:\/\/tabaccomd.com\/ro\/product\/48744-214-zippo-playboy\/"}],"images_for_1c":[{"url":"https:\/\/tabaccomd.com\/wp-content\/uploads\/2024\/02\/48744-214-Zippo-Playboy-3.png","type":"featured","alt":"48744-214-Zippo-Playboy-3","filename":"48744-214-Zippo-Playboy-3.png"},{"url":"https:\/\/tabaccomd.com\/wp-content\/uploads\/2024\/02\/48744-214-Zippo-Playboy-1.png","type":"gallery","alt":"48744-214-Zippo-Playboy-1","filename":"48744-214-Zippo-Playboy-1.png"},{"url":"https:\/\/tabaccomd.com\/wp-content\/uploads\/2024\/02\/48744-214-Zippo-Playboy-0.png","type":"gallery","alt":"48744-214-Zippo-Playboy-0","filename":"48744-214-Zippo-Playboy-0.png"}],"additional_data_1c":{"modified_date":"2024-02-12 17:10:23","permalink":"https:\/\/tabaccomd.com\/ro\/product\/48744-214-zippo-playboy\/","stock_status":"instock","manage_stock":"no"},"_links":{"self":[{"href":"https:\/\/tabaccomd.com\/ro\/wp-json\/wp\/v2\/product\/137638","targetHints":{"allow":["GET"]}}],"collection":[{"href":"https:\/\/tabaccomd.com\/ro\/wp-json\/wp\/v2\/product"}],"about":[{"href":"https:\/\/tabaccomd.com\/ro\/wp-json\/wp\/v2\/types\/product"}],"wp:featuredmedia":[{"embeddable":true,"href":"https:\/\/tabaccomd.com\/ro\/wp-json\/wp\/v2\/media\/137632"}],"wp:attachment":[{"href":"https:\/\/tabaccomd.com\/ro\/wp-json\/wp\/v2\/media?parent=137638"}],"wp:term":[{"taxonomy":"product_brand","embeddable":true,"href":"https:\/\/tabaccomd.com\/ro\/wp-json\/wp\/v2\/product_brand?post=137638"},{"taxonomy":"product_cat","embeddable":true,"href":"https:\/\/tabaccomd.com\/ro\/wp-json\/wp\/v2\/product_cat?post=137638"},{"taxonomy":"product_tag","embeddable":true,"href":"https:\/\/tabaccomd.com\/ro\/wp-json\/wp\/v2\/product_tag?post=137638"}],"curies":[{"name":"wp","href":"https:\/\/api.w.org\/{rel}","templated":true}]}}