{"id":136440,"date":"2024-03-21T20:05:45","date_gmt":"2024-03-21T17:05:45","guid":{"rendered":"https:\/\/tabaccomd.com\/product\/cartridge-vaporesso-luxe-q-0-6%cf%89-3ml\/"},"modified":"2024-03-26T17:04:14","modified_gmt":"2024-03-26T14:04:14","slug":"cartridge-vaporesso-luxe-q-0-6%cf%89-3ml","status":"publish","type":"product","link":"https:\/\/tabaccomd.com\/ro\/product\/cartridge-vaporesso-luxe-q-0-6%cf%89-3ml\/","title":{"rendered":"Cartridge Vaporesso Luxe Q 0.6\u03a9 (3ml)"},"content":{"rendered":"<p><a href=\"https:\/\/tabaccomd.com\/ro\/categorie-produs\/vape-ro\/sisteme-pod\/\">Cartu\u0219ele<\/a> re\u00eenc\u0103rcabile LUXE Q 0.6\u2126 MESH POD (3ml) sunt create pentru sistemul POD Vaporesso Luxe Q2 \u0219i sunt perfecte pentru lichidele care con\u021bin nicotin\u0103 de sare. Cu o capacitate maxim\u0103 de 3 ml de lichid, aceste cartu\u0219e sunt ideale pentru o experien\u021b\u0103 lung\u0103 \u0219i satisf\u0103c\u0103toare. Reumplerea se realizeaz\u0103 u\u0219or \u00een partea lateral\u0103 a cartu\u0219ului prin deta\u0219area dopului de silicon. Tehnologia COREX ofer\u0103 o forma\u021bie unic\u0103 de plas\u0103 \u00een vaporizator, asigur\u00e2nd o \u00eenc\u0103lzire rapid\u0103 \u0219i uniform\u0103, precum \u0219i nori de vapori mai mari \u0219i o intensitate crescut\u0103 a gustului. De asemenea, tehnologia SSS Leak-Resistant previne scurgerea de lichid, prelungind ciclul de via\u021b\u0103 al cartu\u0219ului \u0219i durata de via\u021b\u0103 a dispozitivului. Cu o rezisten\u021b\u0103 de vaporizator de 0,6\u03a9, pute\u021bi ob\u021bine diferite tipuri de pufuri \u00een func\u021bie de preferin\u021bele dvs.<\/p>\n<p>Pute\u021bi achizi\u021biona cartridge Vaporesso Luxe Q 0.6\u03a9 (3ml) \u00een Moldova, Chi\u0219in\u0103u, \u00een re\u021beaua de magazine Tabacco House.<\/p>\n","protected":false},"excerpt":{"rendered":"<ul>\n<li>Brand: Vaporesso<\/li>\n<li>\u021aara produc\u0103torului: China<\/li>\n<li>Capacitatea cartu\u0219ului: 0,6 \u03a9 (3 ml)<\/li>\n<li>1 bucat\u0103 \u00een ambalaj<\/li>\n<\/ul>\n","protected":false},"featured_media":136457,"template":"","meta":{"om_disable_all_campaigns":false,"_monsterinsights_skip_tracking":false,"_monsterinsights_sitenote_active":false,"_monsterinsights_sitenote_note":"","_monsterinsights_sitenote_category":0},"product_brand":[],"product_cat":[213],"product_tag":[],"class_list":{"0":"post-136440","1":"product","2":"type-product","3":"status-publish","4":"has-post-thumbnail","6":"product_cat-sisteme-pod","8":"first","9":"outofstock","10":"purchasable","11":"product-type-simple"},"aioseo_notices":[],"aioseo_head":"\n\t\t<!-- All in One SEO Pro 4.9.5.2 - aioseo.com -->\n\t<meta name=\"robots\" content=\"max-image-preview:large\" \/>\n\t<link rel=\"canonical\" href=\"https:\/\/tabaccomd.com\/ro\/product\/cartridge-vaporesso-luxe-q-0-6%cf%89-3ml\/\" \/>\n\t<meta name=\"generator\" content=\"All in One SEO Pro (AIOSEO) 4.9.5.2\" \/>\n\t\t<meta property=\"og:locale\" content=\"ro_RO\" \/>\n\t\t<meta property=\"og:site_name\" content=\"Tabacco House \u2013 \u041c\u0430\u0433\u0430\u0437\u0438\u043d \u0442\u0430\u0431\u0430\u0447\u043d\u044b\u0445 \u0438\u0437\u0434\u0435\u043b\u0438\u0439\" \/>\n\t\t<meta property=\"og:type\" content=\"article\" \/>\n\t\t<meta property=\"og:title\" content=\"Cartridge Vaporesso Luxe Q 0.6\u03a9 (3ml) \u2013 Tabacco House\" \/>\n\t\t<meta property=\"og:url\" content=\"https:\/\/tabaccomd.com\/ro\/product\/cartridge-vaporesso-luxe-q-0-6%cf%89-3ml\/\" \/>\n\t\t<meta property=\"article:published_time\" content=\"2024-03-21T17:05:45+00:00\" \/>\n\t\t<meta property=\"article:modified_time\" content=\"2024-03-26T14:04:14+00:00\" \/>\n\t\t<meta property=\"article:publisher\" content=\"https:\/\/www.facebook.com\/tabaccomd.com\/\" \/>\n\t\t<meta name=\"twitter:card\" content=\"summary_large_image\" \/>\n\t\t<meta name=\"twitter:title\" content=\"Cartridge Vaporesso Luxe Q 0.6\u03a9 (3ml) \u2013 Tabacco House\" \/>\n\t\t<script type=\"application\/ld+json\" class=\"aioseo-schema\">\n\t\t\t{\"@context\":\"https:\\\/\\\/schema.org\",\"@graph\":[{\"@type\":\"BreadcrumbList\",\"@id\":\"https:\\\/\\\/tabaccomd.com\\\/ro\\\/product\\\/cartridge-vaporesso-luxe-q-0-6%cf%89-3ml\\\/#breadcrumblist\",\"itemListElement\":[{\"@type\":\"ListItem\",\"@id\":\"https:\\\/\\\/tabaccomd.com\\\/ro\\\/#listItem\",\"position\":1,\"name\":\"\\u0413\\u043b\\u0430\\u0432\\u043d\\u0430\\u044f\",\"item\":\"https:\\\/\\\/tabaccomd.com\\\/ro\\\/\",\"nextItem\":{\"@type\":\"ListItem\",\"@id\":\"https:\\\/\\\/tabaccomd.com\\\/ro\\\/catalog\\\/#listItem\",\"name\":\"Catalog\"}},{\"@type\":\"ListItem\",\"@id\":\"https:\\\/\\\/tabaccomd.com\\\/ro\\\/catalog\\\/#listItem\",\"position\":2,\"name\":\"Catalog\",\"item\":\"https:\\\/\\\/tabaccomd.com\\\/ro\\\/catalog\\\/\",\"nextItem\":{\"@type\":\"ListItem\",\"@id\":\"https:\\\/\\\/tabaccomd.com\\\/ro\\\/product-category\\\/vape-ro\\\/#listItem\",\"name\":\"Vape\"},\"previousItem\":{\"@type\":\"ListItem\",\"@id\":\"https:\\\/\\\/tabaccomd.com\\\/ro\\\/#listItem\",\"name\":\"\\u0413\\u043b\\u0430\\u0432\\u043d\\u0430\\u044f\"}},{\"@type\":\"ListItem\",\"@id\":\"https:\\\/\\\/tabaccomd.com\\\/ro\\\/product-category\\\/vape-ro\\\/#listItem\",\"position\":3,\"name\":\"Vape\",\"item\":\"https:\\\/\\\/tabaccomd.com\\\/ro\\\/product-category\\\/vape-ro\\\/\",\"nextItem\":{\"@type\":\"ListItem\",\"@id\":\"https:\\\/\\\/tabaccomd.com\\\/ro\\\/product-category\\\/vape-ro\\\/sisteme-pod\\\/#listItem\",\"name\":\"Sisteme POD\"},\"previousItem\":{\"@type\":\"ListItem\",\"@id\":\"https:\\\/\\\/tabaccomd.com\\\/ro\\\/catalog\\\/#listItem\",\"name\":\"Catalog\"}},{\"@type\":\"ListItem\",\"@id\":\"https:\\\/\\\/tabaccomd.com\\\/ro\\\/product-category\\\/vape-ro\\\/sisteme-pod\\\/#listItem\",\"position\":4,\"name\":\"Sisteme POD\",\"item\":\"https:\\\/\\\/tabaccomd.com\\\/ro\\\/product-category\\\/vape-ro\\\/sisteme-pod\\\/\",\"nextItem\":{\"@type\":\"ListItem\",\"@id\":\"https:\\\/\\\/tabaccomd.com\\\/ro\\\/product\\\/cartridge-vaporesso-luxe-q-0-6%cf%89-3ml\\\/#listItem\",\"name\":\"Cartridge Vaporesso Luxe Q 0.6\\u03a9 (3ml)\"},\"previousItem\":{\"@type\":\"ListItem\",\"@id\":\"https:\\\/\\\/tabaccomd.com\\\/ro\\\/product-category\\\/vape-ro\\\/#listItem\",\"name\":\"Vape\"}},{\"@type\":\"ListItem\",\"@id\":\"https:\\\/\\\/tabaccomd.com\\\/ro\\\/product\\\/cartridge-vaporesso-luxe-q-0-6%cf%89-3ml\\\/#listItem\",\"position\":5,\"name\":\"Cartridge Vaporesso Luxe Q 0.6\\u03a9 (3ml)\",\"previousItem\":{\"@type\":\"ListItem\",\"@id\":\"https:\\\/\\\/tabaccomd.com\\\/ro\\\/product-category\\\/vape-ro\\\/sisteme-pod\\\/#listItem\",\"name\":\"Sisteme POD\"}}]},{\"@type\":\"Organization\",\"@id\":\"https:\\\/\\\/tabaccomd.com\\\/ro\\\/#organization\",\"name\":\"Tabacco House\",\"description\":\"\\u041c\\u0430\\u0433\\u0430\\u0437\\u0438\\u043d \\u0442\\u0430\\u0431\\u0430\\u0447\\u043d\\u044b\\u0445 \\u0438\\u0437\\u0434\\u0435\\u043b\\u0438\\u0439\",\"url\":\"https:\\\/\\\/tabaccomd.com\\\/ro\\\/\",\"email\":\"Office@cazacuhouse.com\",\"telephone\":\"+37361000935\",\"logo\":{\"@type\":\"ImageObject\",\"url\":\"https:\\\/\\\/tabaccomd.com\\\/wp-content\\\/uploads\\\/2024\\\/02\\\/logo_header3.png\",\"@id\":\"https:\\\/\\\/tabaccomd.com\\\/ro\\\/product\\\/cartridge-vaporesso-luxe-q-0-6%cf%89-3ml\\\/#organizationLogo\",\"width\":32,\"height\":32,\"caption\":\"Tabacco House\"},\"image\":{\"@id\":\"https:\\\/\\\/tabaccomd.com\\\/ro\\\/product\\\/cartridge-vaporesso-luxe-q-0-6%cf%89-3ml\\\/#organizationLogo\"},\"sameAs\":[\"https:\\\/\\\/www.facebook.com\\\/tabaccomd.com\\\/\",\"https:\\\/\\\/www.instagram.com\\\/tabaccomd.com\\\/\"],\"address\":{\"@id\":\"https:\\\/\\\/tabaccomd.com\\\/ro\\\/#postaladdress\",\"@type\":\"PostalAddress\",\"streetAddress\":\"Strada Albi\\u015foara 4, Chi\\u0219in\\u0103u, Bulevardul \\u0218tefan cel Mare \\u0219i Sf\\u00eent 136, Chi\\u0219in\\u0103u\",\"addressLocality\":\"Chi\\u0219in\\u0103u\",\"addressCountry\":\"MD\"}},{\"@type\":\"Product\",\"@id\":\"https:\\\/\\\/tabaccomd.com\\\/ro\\\/product\\\/cartridge-vaporesso-luxe-q-0-6%cf%89-3ml\\\/#wooCommerceProduct\",\"name\":\"Cartridge Vaporesso Luxe Q 0.6\\u03a9 (3ml)\",\"description\":\"Brand: Vaporesso\\r\\n \\t\\u021aara produc\\u0103torului: China\\r\\n \\tCapacitatea cartu\\u0219ului: 0,6 \\u03a9 (3 ml)\\r\\n \\t1 bucat\\u0103 \\u00een ambalaj\",\"url\":\"https:\\\/\\\/tabaccomd.com\\\/ro\\\/product\\\/cartridge-vaporesso-luxe-q-0-6%cf%89-3ml\\\/\",\"sku\":\"LUXQ_01\",\"image\":{\"@type\":\"ImageObject\",\"url\":\"https:\\\/\\\/tabaccomd.com\\\/wp-content\\\/uploads\\\/2024\\\/03\\\/vaporesso-luxe-q.jpg\",\"@id\":\"https:\\\/\\\/tabaccomd.com\\\/ro\\\/product\\\/cartridge-vaporesso-luxe-q-0-6%cf%89-3ml\\\/#productImage\",\"width\":900,\"height\":900,\"caption\":\"vaporesso-luxe-q\"},\"offers\":{\"@type\":\"Offer\",\"url\":\"https:\\\/\\\/tabaccomd.com\\\/ro\\\/product\\\/cartridge-vaporesso-luxe-q-0-6%cf%89-3ml\\\/#wooCommerceOffer\",\"price\":90,\"priceCurrency\":\"MDL\",\"category\":\"Sisteme POD\",\"availability\":\"https:\\\/\\\/schema.org\\\/OutOfStock\",\"priceSpecification\":{\"@type\":\"PriceSpecification\",\"price\":90,\"priceCurrency\":\"MDL\",\"valueAddedTaxIncluded\":\"true\"},\"seller\":{\"@type\":\"Organization\",\"@id\":\"https:\\\/\\\/tabaccomd.com\\\/ro\\\/#organization\"}}},{\"@type\":\"WebPage\",\"@id\":\"https:\\\/\\\/tabaccomd.com\\\/ro\\\/product\\\/cartridge-vaporesso-luxe-q-0-6%cf%89-3ml\\\/#webpage\",\"url\":\"https:\\\/\\\/tabaccomd.com\\\/ro\\\/product\\\/cartridge-vaporesso-luxe-q-0-6%cf%89-3ml\\\/\",\"name\":\"Cartridge Vaporesso Luxe Q 0.6\\u03a9 (3ml) \\u2013 Tabacco House\",\"inLanguage\":\"ro-RO\",\"isPartOf\":{\"@id\":\"https:\\\/\\\/tabaccomd.com\\\/ro\\\/#website\"},\"breadcrumb\":{\"@id\":\"https:\\\/\\\/tabaccomd.com\\\/ro\\\/product\\\/cartridge-vaporesso-luxe-q-0-6%cf%89-3ml\\\/#breadcrumblist\"},\"image\":{\"@type\":\"ImageObject\",\"url\":\"https:\\\/\\\/tabaccomd.com\\\/wp-content\\\/uploads\\\/2024\\\/03\\\/vaporesso-luxe-q.jpg\",\"@id\":\"https:\\\/\\\/tabaccomd.com\\\/ro\\\/product\\\/cartridge-vaporesso-luxe-q-0-6%cf%89-3ml\\\/#mainImage\",\"width\":900,\"height\":900,\"caption\":\"vaporesso-luxe-q\"},\"primaryImageOfPage\":{\"@id\":\"https:\\\/\\\/tabaccomd.com\\\/ro\\\/product\\\/cartridge-vaporesso-luxe-q-0-6%cf%89-3ml\\\/#mainImage\"},\"datePublished\":\"2024-03-21T20:05:45+03:00\",\"dateModified\":\"2024-03-26T17:04:14+03:00\"},{\"@type\":\"WebSite\",\"@id\":\"https:\\\/\\\/tabaccomd.com\\\/ro\\\/#website\",\"url\":\"https:\\\/\\\/tabaccomd.com\\\/ro\\\/\",\"name\":\"Tabacco House\",\"alternateName\":\"tobaccomd.com\",\"description\":\"\\u041c\\u0430\\u0433\\u0430\\u0437\\u0438\\u043d \\u0442\\u0430\\u0431\\u0430\\u0447\\u043d\\u044b\\u0445 \\u0438\\u0437\\u0434\\u0435\\u043b\\u0438\\u0439\",\"inLanguage\":\"ro-RO\",\"publisher\":{\"@id\":\"https:\\\/\\\/tabaccomd.com\\\/ro\\\/#organization\"}}]}\n\t\t<\/script>\n\t\t<!-- All in One SEO Pro -->\r\n\t\t<title>Cartridge Vaporesso Luxe Q 0.6\u03a9 (3ml) \u2013 Tabacco House<\/title>\n\n","aioseo_head_json":{"title":"Cartridge Vaporesso Luxe Q 0.6\u03a9 (3ml) \u2013 Tabacco House","description":"","canonical_url":"https:\/\/tabaccomd.com\/ro\/product\/cartridge-vaporesso-luxe-q-0-6%cf%89-3ml\/","robots":"max-image-preview:large","keywords":"","webmasterTools":{"miscellaneous":""},"schema":{"@context":"https:\/\/schema.org","@graph":[{"@type":"BreadcrumbList","@id":"https:\/\/tabaccomd.com\/ro\/product\/cartridge-vaporesso-luxe-q-0-6%cf%89-3ml\/#breadcrumblist","itemListElement":[{"@type":"ListItem","@id":"https:\/\/tabaccomd.com\/ro\/#listItem","position":1,"name":"\u0413\u043b\u0430\u0432\u043d\u0430\u044f","item":"https:\/\/tabaccomd.com\/ro\/","nextItem":{"@type":"ListItem","@id":"https:\/\/tabaccomd.com\/ro\/catalog\/#listItem","name":"Catalog"}},{"@type":"ListItem","@id":"https:\/\/tabaccomd.com\/ro\/catalog\/#listItem","position":2,"name":"Catalog","item":"https:\/\/tabaccomd.com\/ro\/catalog\/","nextItem":{"@type":"ListItem","@id":"https:\/\/tabaccomd.com\/ro\/product-category\/vape-ro\/#listItem","name":"Vape"},"previousItem":{"@type":"ListItem","@id":"https:\/\/tabaccomd.com\/ro\/#listItem","name":"\u0413\u043b\u0430\u0432\u043d\u0430\u044f"}},{"@type":"ListItem","@id":"https:\/\/tabaccomd.com\/ro\/product-category\/vape-ro\/#listItem","position":3,"name":"Vape","item":"https:\/\/tabaccomd.com\/ro\/product-category\/vape-ro\/","nextItem":{"@type":"ListItem","@id":"https:\/\/tabaccomd.com\/ro\/product-category\/vape-ro\/sisteme-pod\/#listItem","name":"Sisteme POD"},"previousItem":{"@type":"ListItem","@id":"https:\/\/tabaccomd.com\/ro\/catalog\/#listItem","name":"Catalog"}},{"@type":"ListItem","@id":"https:\/\/tabaccomd.com\/ro\/product-category\/vape-ro\/sisteme-pod\/#listItem","position":4,"name":"Sisteme POD","item":"https:\/\/tabaccomd.com\/ro\/product-category\/vape-ro\/sisteme-pod\/","nextItem":{"@type":"ListItem","@id":"https:\/\/tabaccomd.com\/ro\/product\/cartridge-vaporesso-luxe-q-0-6%cf%89-3ml\/#listItem","name":"Cartridge Vaporesso Luxe Q 0.6\u03a9 (3ml)"},"previousItem":{"@type":"ListItem","@id":"https:\/\/tabaccomd.com\/ro\/product-category\/vape-ro\/#listItem","name":"Vape"}},{"@type":"ListItem","@id":"https:\/\/tabaccomd.com\/ro\/product\/cartridge-vaporesso-luxe-q-0-6%cf%89-3ml\/#listItem","position":5,"name":"Cartridge Vaporesso Luxe Q 0.6\u03a9 (3ml)","previousItem":{"@type":"ListItem","@id":"https:\/\/tabaccomd.com\/ro\/product-category\/vape-ro\/sisteme-pod\/#listItem","name":"Sisteme POD"}}]},{"@type":"Organization","@id":"https:\/\/tabaccomd.com\/ro\/#organization","name":"Tabacco House","description":"\u041c\u0430\u0433\u0430\u0437\u0438\u043d \u0442\u0430\u0431\u0430\u0447\u043d\u044b\u0445 \u0438\u0437\u0434\u0435\u043b\u0438\u0439","url":"https:\/\/tabaccomd.com\/ro\/","email":"Office@cazacuhouse.com","telephone":"+37361000935","logo":{"@type":"ImageObject","url":"https:\/\/tabaccomd.com\/wp-content\/uploads\/2024\/02\/logo_header3.png","@id":"https:\/\/tabaccomd.com\/ro\/product\/cartridge-vaporesso-luxe-q-0-6%cf%89-3ml\/#organizationLogo","width":32,"height":32,"caption":"Tabacco House"},"image":{"@id":"https:\/\/tabaccomd.com\/ro\/product\/cartridge-vaporesso-luxe-q-0-6%cf%89-3ml\/#organizationLogo"},"sameAs":["https:\/\/www.facebook.com\/tabaccomd.com\/","https:\/\/www.instagram.com\/tabaccomd.com\/"],"address":{"@id":"https:\/\/tabaccomd.com\/ro\/#postaladdress","@type":"PostalAddress","streetAddress":"Strada Albi\u015foara 4, Chi\u0219in\u0103u, Bulevardul \u0218tefan cel Mare \u0219i Sf\u00eent 136, Chi\u0219in\u0103u","addressLocality":"Chi\u0219in\u0103u","addressCountry":"MD"}},{"@type":"Product","@id":"https:\/\/tabaccomd.com\/ro\/product\/cartridge-vaporesso-luxe-q-0-6%cf%89-3ml\/#wooCommerceProduct","name":"Cartridge Vaporesso Luxe Q 0.6\u03a9 (3ml)","description":"Brand: Vaporesso\r\n \t\u021aara produc\u0103torului: China\r\n \tCapacitatea cartu\u0219ului: 0,6 \u03a9 (3 ml)\r\n \t1 bucat\u0103 \u00een ambalaj","url":"https:\/\/tabaccomd.com\/ro\/product\/cartridge-vaporesso-luxe-q-0-6%cf%89-3ml\/","sku":"LUXQ_01","image":{"@type":"ImageObject","url":"https:\/\/tabaccomd.com\/wp-content\/uploads\/2024\/03\/vaporesso-luxe-q.jpg","@id":"https:\/\/tabaccomd.com\/ro\/product\/cartridge-vaporesso-luxe-q-0-6%cf%89-3ml\/#productImage","width":900,"height":900,"caption":"vaporesso-luxe-q"},"offers":{"@type":"Offer","url":"https:\/\/tabaccomd.com\/ro\/product\/cartridge-vaporesso-luxe-q-0-6%cf%89-3ml\/#wooCommerceOffer","price":90,"priceCurrency":"MDL","category":"Sisteme POD","availability":"https:\/\/schema.org\/OutOfStock","priceSpecification":{"@type":"PriceSpecification","price":90,"priceCurrency":"MDL","valueAddedTaxIncluded":"true"},"seller":{"@type":"Organization","@id":"https:\/\/tabaccomd.com\/ro\/#organization"}}},{"@type":"WebPage","@id":"https:\/\/tabaccomd.com\/ro\/product\/cartridge-vaporesso-luxe-q-0-6%cf%89-3ml\/#webpage","url":"https:\/\/tabaccomd.com\/ro\/product\/cartridge-vaporesso-luxe-q-0-6%cf%89-3ml\/","name":"Cartridge Vaporesso Luxe Q 0.6\u03a9 (3ml) \u2013 Tabacco House","inLanguage":"ro-RO","isPartOf":{"@id":"https:\/\/tabaccomd.com\/ro\/#website"},"breadcrumb":{"@id":"https:\/\/tabaccomd.com\/ro\/product\/cartridge-vaporesso-luxe-q-0-6%cf%89-3ml\/#breadcrumblist"},"image":{"@type":"ImageObject","url":"https:\/\/tabaccomd.com\/wp-content\/uploads\/2024\/03\/vaporesso-luxe-q.jpg","@id":"https:\/\/tabaccomd.com\/ro\/product\/cartridge-vaporesso-luxe-q-0-6%cf%89-3ml\/#mainImage","width":900,"height":900,"caption":"vaporesso-luxe-q"},"primaryImageOfPage":{"@id":"https:\/\/tabaccomd.com\/ro\/product\/cartridge-vaporesso-luxe-q-0-6%cf%89-3ml\/#mainImage"},"datePublished":"2024-03-21T20:05:45+03:00","dateModified":"2024-03-26T17:04:14+03:00"},{"@type":"WebSite","@id":"https:\/\/tabaccomd.com\/ro\/#website","url":"https:\/\/tabaccomd.com\/ro\/","name":"Tabacco House","alternateName":"tobaccomd.com","description":"\u041c\u0430\u0433\u0430\u0437\u0438\u043d \u0442\u0430\u0431\u0430\u0447\u043d\u044b\u0445 \u0438\u0437\u0434\u0435\u043b\u0438\u0439","inLanguage":"ro-RO","publisher":{"@id":"https:\/\/tabaccomd.com\/ro\/#organization"}}]},"og:locale":"ro_RO","og:site_name":"Tabacco House \u2013 \u041c\u0430\u0433\u0430\u0437\u0438\u043d \u0442\u0430\u0431\u0430\u0447\u043d\u044b\u0445 \u0438\u0437\u0434\u0435\u043b\u0438\u0439","og:type":"article","og:title":"Cartridge Vaporesso Luxe Q 0.6\u03a9 (3ml) \u2013 Tabacco House","og:url":"https:\/\/tabaccomd.com\/ro\/product\/cartridge-vaporesso-luxe-q-0-6%cf%89-3ml\/","article:published_time":"2024-03-21T17:05:45+00:00","article:modified_time":"2024-03-26T14:04:14+00:00","article:publisher":"https:\/\/www.facebook.com\/tabaccomd.com\/","twitter:card":"summary_large_image","twitter:title":"Cartridge Vaporesso Luxe Q 0.6\u03a9 (3ml) \u2013 Tabacco House"},"aioseo_meta_data":{"post_id":"136440","title":null,"description":null,"keywords":null,"keyphrases":null,"primary_term":null,"canonical_url":null,"og_title":null,"og_description":null,"og_object_type":"default","og_image_type":"default","og_image_url":null,"og_image_width":null,"og_image_height":null,"og_image_custom_url":null,"og_image_custom_fields":null,"og_video":null,"og_custom_url":null,"og_article_section":null,"og_article_tags":null,"twitter_use_og":false,"twitter_card":"default","twitter_image_type":"default","twitter_image_url":null,"twitter_image_custom_url":null,"twitter_image_custom_fields":null,"twitter_title":null,"twitter_description":null,"schema":{"blockGraphs":[],"customGraphs":[],"default":{"data":{"Article":[],"Course":[],"Dataset":[],"FAQPage":[],"Movie":[],"Person":[],"Product":[],"ProductReview":[],"Car":[],"Recipe":[],"Service":[],"SoftwareApplication":[],"WebPage":[]},"graphName":"","isEnabled":true},"graphs":[]},"schema_type":"default","schema_type_options":null,"pillar_content":false,"robots_default":true,"robots_noindex":false,"robots_noarchive":false,"robots_nosnippet":false,"robots_nofollow":false,"robots_noimageindex":false,"robots_noodp":false,"robots_notranslate":false,"robots_max_snippet":null,"robots_max_videopreview":null,"robots_max_imagepreview":"large","priority":null,"frequency":null,"local_seo":null,"seo_analyzer_scan_date":"2025-10-20 18:56:56","breadcrumb_settings":null,"limit_modified_date":false,"reviewed_by":null,"open_ai":null,"ai":null,"created":"2024-03-26 11:56:40","updated":"2025-10-20 18:56:56"},"aioseo_breadcrumb":"<div class=\"aioseo-breadcrumbs\"><span class=\"aioseo-breadcrumb\">\n\t<a href=\"https:\/\/tabaccomd.com\/ro\/\" title=\"\u0413\u043b\u0430\u0432\u043d\u0430\u044f\">\u0413\u043b\u0430\u0432\u043d\u0430\u044f<\/a>\n<\/span><span class=\"aioseo-breadcrumb-separator\">\u00bb<\/span><span class=\"aioseo-breadcrumb\">\n\t<a href=\"https:\/\/tabaccomd.com\/ro\/catalog\/\" title=\"Catalog\">Catalog<\/a>\n<\/span><span class=\"aioseo-breadcrumb-separator\">\u00bb<\/span><span class=\"aioseo-breadcrumb\">\n\t<a href=\"https:\/\/tabaccomd.com\/ro\/product-category\/vape-ro\/\" title=\"Vape\">Vape<\/a>\n<\/span><span class=\"aioseo-breadcrumb-separator\">\u00bb<\/span><span class=\"aioseo-breadcrumb\">\n\t<a href=\"https:\/\/tabaccomd.com\/ro\/product-category\/vape-ro\/sisteme-pod\/\" title=\"Sisteme POD\">Sisteme POD<\/a>\n<\/span><span class=\"aioseo-breadcrumb-separator\">\u00bb<\/span><span class=\"aioseo-breadcrumb\">\n\tCartridge Vaporesso Luxe Q 0.6\u03a9 (3ml)\n<\/span><\/div>","aioseo_breadcrumb_json":[{"label":"\u0413\u043b\u0430\u0432\u043d\u0430\u044f","link":"https:\/\/tabaccomd.com\/ro\/"},{"label":"Catalog","link":"https:\/\/tabaccomd.com\/ro\/catalog\/"},{"label":"Vape","link":"https:\/\/tabaccomd.com\/ro\/product-category\/vape-ro\/"},{"label":"Sisteme POD","link":"https:\/\/tabaccomd.com\/ro\/product-category\/vape-ro\/sisteme-pod\/"},{"label":"Cartridge Vaporesso Luxe Q 0.6\u03a9 (3ml)","link":"https:\/\/tabaccomd.com\/ro\/product\/cartridge-vaporesso-luxe-q-0-6%cf%89-3ml\/"}],"images_for_1c":[{"url":"https:\/\/tabaccomd.com\/wp-content\/uploads\/2024\/03\/vaporesso-luxe-q.jpg","type":"featured","alt":"vaporesso-luxe-q","filename":"vaporesso-luxe-q.jpg"}],"additional_data_1c":{"modified_date":"2024-03-26 17:04:14","permalink":"https:\/\/tabaccomd.com\/ro\/product\/cartridge-vaporesso-luxe-q-0-6%cf%89-3ml\/","stock_status":"outofstock","manage_stock":"no"},"_links":{"self":[{"href":"https:\/\/tabaccomd.com\/ro\/wp-json\/wp\/v2\/product\/136440","targetHints":{"allow":["GET"]}}],"collection":[{"href":"https:\/\/tabaccomd.com\/ro\/wp-json\/wp\/v2\/product"}],"about":[{"href":"https:\/\/tabaccomd.com\/ro\/wp-json\/wp\/v2\/types\/product"}],"wp:featuredmedia":[{"embeddable":true,"href":"https:\/\/tabaccomd.com\/ro\/wp-json\/wp\/v2\/media\/136457"}],"wp:attachment":[{"href":"https:\/\/tabaccomd.com\/ro\/wp-json\/wp\/v2\/media?parent=136440"}],"wp:term":[{"taxonomy":"product_brand","embeddable":true,"href":"https:\/\/tabaccomd.com\/ro\/wp-json\/wp\/v2\/product_brand?post=136440"},{"taxonomy":"product_cat","embeddable":true,"href":"https:\/\/tabaccomd.com\/ro\/wp-json\/wp\/v2\/product_cat?post=136440"},{"taxonomy":"product_tag","embeddable":true,"href":"https:\/\/tabaccomd.com\/ro\/wp-json\/wp\/v2\/product_tag?post=136440"}],"curies":[{"name":"wp","href":"https:\/\/api.w.org\/{rel}","templated":true}]}}