{"id":135193,"date":"2024-02-05T01:29:59","date_gmt":"2024-02-04T22:29:59","guid":{"rendered":"https:\/\/tabaccomd.com\/?post_type=product&#038;p=135193"},"modified":"2024-02-05T01:33:47","modified_gmt":"2024-02-04T22:33:47","slug":"narghilea-epox-540-black-silver-54-cm","status":"publish","type":"product","link":"https:\/\/tabaccomd.com\/ro\/product\/narghilea-epox-540-black-silver-54-cm\/","title":{"rendered":"Narghilea EPOX 540 \u2013 Black Silver 54 cm"},"content":{"rendered":"<p>Aladin Epox \u2013 seria de\u00a0<strong>narghilele\u00a0<\/strong>de la un cunoscut produc\u0103tor german, care ofer\u0103 utilizatorului o gam\u0103 larg\u0103 de op\u021biuni pentru personalizarea fumatului. Fiecare aspect al narghilelei este meticulos elaborat av\u00e2nd \u00een vedere echilibrul \u00eentre durabilitate, func\u021bionalitate \u0219i personalizare. Personalizarea \u2013 construc\u021bia Aladin Epox 540 \u2013 Black Silver permite ajustarea extrem de precis\u0103 a diferitelor parametri de func\u021bionare a narghilelei \u00een func\u021bie de gustul personal. Narghileaua poate fi asamblat\u0103 \u00een diferite moduri, duc\u00e2nd la diferite moduri de ventila\u021bie \u2013 fumul poate ie\u0219i de sub farfurie spre caraf\u0103, \u00eentre cele dou\u0103 p\u0103r\u021bi ale farfuriei sau clasic \u2013 de la baza \u00een sus. Pentru a face ca structura s\u0103 nu creeze utilizatorului probleme inutile, produc\u0103torul a inclus \u00een pachet un manual cu toate set\u0103rile posibile ale elementelor narghilelei. P\u0103r\u021bile metalice ale narghilelei sunt realizate din o\u021bel inoxidabil V2A fiabil, u\u0219or de \u00eentre\u021binut \u0219i rezistent la o serie de factori care afecteaz\u0103 narghileaua \u00een utilizarea zilnic\u0103. Aladin Epox este un dispozitiv care va sluji mul\u021bi ani. Set complet \u2013 \u00cen pachetul Aladin Epox 540 \u2013 Black Silver se afl\u0103 un set complet de accesorii, cu care pute\u021bi \u00eencepe s\u0103 fuma\u021bi direct din cutie: bol Optimus Eco, furtun de silicon, duz\u0103 de aluminiu \u0219i chiar un arc util pentru a preveni \u00eencurcarea furtunului. Continu\u00e2nd tendin\u021ba personaliz\u0103rii complete a narghilelei, produc\u0103torul a inclus \u00een pachet un difuzor reglabil, care v\u0103 permite s\u0103 ajusta\u021bi volumul \u0219i suavitatea trac\u021biunii \u00een func\u021bie de situa\u021bie.<\/p>\n","protected":false},"excerpt":{"rendered":"<ul>\n<li>Produc\u0103tor: Aladin, Germania<\/li>\n<li>Dimensiune: 54 cm<\/li>\n<li>Culoare: Negru, argint<\/li>\n<li>Material: Aluminiu<\/li>\n<li>Ambalaje cadou<\/li>\n<li><\/li>\n<\/ul>\n","protected":false},"featured_media":135178,"template":"","meta":{"om_disable_all_campaigns":false,"_monsterinsights_skip_tracking":false,"_monsterinsights_sitenote_active":false,"_monsterinsights_sitenote_note":"","_monsterinsights_sitenote_category":0},"product_brand":[],"product_cat":[316],"product_tag":[],"class_list":{"0":"post-135193","1":"product","2":"type-product","3":"status-publish","4":"has-post-thumbnail","6":"product_cat-narghilea-ro","8":"first","9":"onbackorder","10":"taxable","11":"shipping-taxable","12":"purchasable","13":"product-type-simple"},"aioseo_notices":[],"aioseo_head":"\n\t\t<!-- All in One SEO Pro 4.9.5.2 - aioseo.com -->\n\t<meta name=\"robots\" content=\"max-image-preview:large\" \/>\n\t<link rel=\"canonical\" href=\"https:\/\/tabaccomd.com\/ro\/product\/narghilea-epox-540-black-silver-54-cm\/\" \/>\n\t<meta name=\"generator\" content=\"All in One SEO Pro (AIOSEO) 4.9.5.2\" \/>\n\t\t<meta property=\"og:locale\" content=\"ro_RO\" \/>\n\t\t<meta property=\"og:site_name\" content=\"Tabacco House \u2013 \u041c\u0430\u0433\u0430\u0437\u0438\u043d \u0442\u0430\u0431\u0430\u0447\u043d\u044b\u0445 \u0438\u0437\u0434\u0435\u043b\u0438\u0439\" \/>\n\t\t<meta property=\"og:type\" content=\"article\" \/>\n\t\t<meta property=\"og:title\" content=\"Narghilea EPOX 540 \u2013 Black Silver 54 cm \u2013 Tabacco House\" \/>\n\t\t<meta property=\"og:url\" content=\"https:\/\/tabaccomd.com\/ro\/product\/narghilea-epox-540-black-silver-54-cm\/\" \/>\n\t\t<meta property=\"article:published_time\" content=\"2024-02-04T22:29:59+00:00\" \/>\n\t\t<meta property=\"article:modified_time\" content=\"2024-02-04T22:33:47+00:00\" \/>\n\t\t<meta property=\"article:publisher\" content=\"https:\/\/www.facebook.com\/tabaccomd.com\/\" \/>\n\t\t<meta name=\"twitter:card\" content=\"summary_large_image\" \/>\n\t\t<meta name=\"twitter:title\" content=\"Narghilea EPOX 540 \u2013 Black Silver 54 cm \u2013 Tabacco House\" \/>\n\t\t<script type=\"application\/ld+json\" class=\"aioseo-schema\">\n\t\t\t{\"@context\":\"https:\\\/\\\/schema.org\",\"@graph\":[{\"@type\":\"BreadcrumbList\",\"@id\":\"https:\\\/\\\/tabaccomd.com\\\/ro\\\/product\\\/narghilea-epox-540-black-silver-54-cm\\\/#breadcrumblist\",\"itemListElement\":[{\"@type\":\"ListItem\",\"@id\":\"https:\\\/\\\/tabaccomd.com\\\/ro\\\/#listItem\",\"position\":1,\"name\":\"\\u0413\\u043b\\u0430\\u0432\\u043d\\u0430\\u044f\",\"item\":\"https:\\\/\\\/tabaccomd.com\\\/ro\\\/\",\"nextItem\":{\"@type\":\"ListItem\",\"@id\":\"https:\\\/\\\/tabaccomd.com\\\/ro\\\/catalog\\\/#listItem\",\"name\":\"Catalog\"}},{\"@type\":\"ListItem\",\"@id\":\"https:\\\/\\\/tabaccomd.com\\\/ro\\\/catalog\\\/#listItem\",\"position\":2,\"name\":\"Catalog\",\"item\":\"https:\\\/\\\/tabaccomd.com\\\/ro\\\/catalog\\\/\",\"nextItem\":{\"@type\":\"ListItem\",\"@id\":\"https:\\\/\\\/tabaccomd.com\\\/ro\\\/product-category\\\/narghilea-ro\\\/#listItem\",\"name\":\"Narghilea\"},\"previousItem\":{\"@type\":\"ListItem\",\"@id\":\"https:\\\/\\\/tabaccomd.com\\\/ro\\\/#listItem\",\"name\":\"\\u0413\\u043b\\u0430\\u0432\\u043d\\u0430\\u044f\"}},{\"@type\":\"ListItem\",\"@id\":\"https:\\\/\\\/tabaccomd.com\\\/ro\\\/product-category\\\/narghilea-ro\\\/#listItem\",\"position\":3,\"name\":\"Narghilea\",\"item\":\"https:\\\/\\\/tabaccomd.com\\\/ro\\\/product-category\\\/narghilea-ro\\\/\",\"nextItem\":{\"@type\":\"ListItem\",\"@id\":\"https:\\\/\\\/tabaccomd.com\\\/ro\\\/product\\\/narghilea-epox-540-black-silver-54-cm\\\/#listItem\",\"name\":\"Narghilea EPOX 540 \\u2013 Black Silver 54 cm\"},\"previousItem\":{\"@type\":\"ListItem\",\"@id\":\"https:\\\/\\\/tabaccomd.com\\\/ro\\\/catalog\\\/#listItem\",\"name\":\"Catalog\"}},{\"@type\":\"ListItem\",\"@id\":\"https:\\\/\\\/tabaccomd.com\\\/ro\\\/product\\\/narghilea-epox-540-black-silver-54-cm\\\/#listItem\",\"position\":4,\"name\":\"Narghilea EPOX 540 \\u2013 Black Silver 54 cm\",\"previousItem\":{\"@type\":\"ListItem\",\"@id\":\"https:\\\/\\\/tabaccomd.com\\\/ro\\\/product-category\\\/narghilea-ro\\\/#listItem\",\"name\":\"Narghilea\"}}]},{\"@type\":\"Organization\",\"@id\":\"https:\\\/\\\/tabaccomd.com\\\/ro\\\/#organization\",\"name\":\"Tabacco House\",\"description\":\"\\u041c\\u0430\\u0433\\u0430\\u0437\\u0438\\u043d \\u0442\\u0430\\u0431\\u0430\\u0447\\u043d\\u044b\\u0445 \\u0438\\u0437\\u0434\\u0435\\u043b\\u0438\\u0439\",\"url\":\"https:\\\/\\\/tabaccomd.com\\\/ro\\\/\",\"email\":\"Office@cazacuhouse.com\",\"telephone\":\"+37361000935\",\"logo\":{\"@type\":\"ImageObject\",\"url\":\"https:\\\/\\\/tabaccomd.com\\\/wp-content\\\/uploads\\\/2024\\\/02\\\/logo_header3.png\",\"@id\":\"https:\\\/\\\/tabaccomd.com\\\/ro\\\/product\\\/narghilea-epox-540-black-silver-54-cm\\\/#organizationLogo\",\"width\":32,\"height\":32,\"caption\":\"Tabacco House\"},\"image\":{\"@id\":\"https:\\\/\\\/tabaccomd.com\\\/ro\\\/product\\\/narghilea-epox-540-black-silver-54-cm\\\/#organizationLogo\"},\"sameAs\":[\"https:\\\/\\\/www.facebook.com\\\/tabaccomd.com\\\/\",\"https:\\\/\\\/www.instagram.com\\\/tabaccomd.com\\\/\"],\"address\":{\"@id\":\"https:\\\/\\\/tabaccomd.com\\\/ro\\\/#postaladdress\",\"@type\":\"PostalAddress\",\"streetAddress\":\"Strada Albi\\u015foara 4, Chi\\u0219in\\u0103u, Bulevardul \\u0218tefan cel Mare \\u0219i Sf\\u00eent 136, Chi\\u0219in\\u0103u\",\"addressLocality\":\"Chi\\u0219in\\u0103u\",\"addressCountry\":\"MD\"}},{\"@type\":\"Product\",\"@id\":\"https:\\\/\\\/tabaccomd.com\\\/ro\\\/product\\\/narghilea-epox-540-black-silver-54-cm\\\/#wooCommerceProduct\",\"name\":\"Narghilea EPOX 540 \\u2013 Black Silver 54 cm\",\"description\":\"Produc\\u0103tor: Aladin, Germania\\r\\n \\tDimensiune: 54 cm\\r\\n \\tCuloare: Negru, argint\\r\\n \\tMaterial: Aluminiu\\r\\n \\tAmbalaje cadou\",\"url\":\"https:\\\/\\\/tabaccomd.com\\\/ro\\\/product\\\/narghilea-epox-540-black-silver-54-cm\\\/\",\"sku\":\"WEP540ssi\",\"image\":{\"@type\":\"ImageObject\",\"url\":\"https:\\\/\\\/tabaccomd.com\\\/wp-content\\\/uploads\\\/2024\\\/02\\\/black-silver-11.jpg\",\"@id\":\"https:\\\/\\\/tabaccomd.com\\\/ro\\\/product\\\/narghilea-epox-540-black-silver-54-cm\\\/#productImage\",\"width\":1000,\"height\":1000},\"offers\":{\"@type\":\"Offer\",\"url\":\"https:\\\/\\\/tabaccomd.com\\\/ro\\\/product\\\/narghilea-epox-540-black-silver-54-cm\\\/#wooCommerceOffer\",\"price\":3150,\"priceCurrency\":\"MDL\",\"category\":\"Narghilea\",\"availability\":\"https:\\\/\\\/schema.org\\\/PreOrder\",\"priceSpecification\":{\"@type\":\"PriceSpecification\",\"price\":3150,\"priceCurrency\":\"MDL\",\"valueAddedTaxIncluded\":\"true\"},\"seller\":{\"@type\":\"Organization\",\"@id\":\"https:\\\/\\\/tabaccomd.com\\\/ro\\\/#organization\"}}},{\"@type\":\"WebPage\",\"@id\":\"https:\\\/\\\/tabaccomd.com\\\/ro\\\/product\\\/narghilea-epox-540-black-silver-54-cm\\\/#webpage\",\"url\":\"https:\\\/\\\/tabaccomd.com\\\/ro\\\/product\\\/narghilea-epox-540-black-silver-54-cm\\\/\",\"name\":\"Narghilea EPOX 540 \\u2013 Black Silver 54 cm \\u2013 Tabacco House\",\"inLanguage\":\"ro-RO\",\"isPartOf\":{\"@id\":\"https:\\\/\\\/tabaccomd.com\\\/ro\\\/#website\"},\"breadcrumb\":{\"@id\":\"https:\\\/\\\/tabaccomd.com\\\/ro\\\/product\\\/narghilea-epox-540-black-silver-54-cm\\\/#breadcrumblist\"},\"image\":{\"@type\":\"ImageObject\",\"url\":\"https:\\\/\\\/tabaccomd.com\\\/wp-content\\\/uploads\\\/2024\\\/02\\\/black-silver-11.jpg\",\"@id\":\"https:\\\/\\\/tabaccomd.com\\\/ro\\\/product\\\/narghilea-epox-540-black-silver-54-cm\\\/#mainImage\",\"width\":1000,\"height\":1000},\"primaryImageOfPage\":{\"@id\":\"https:\\\/\\\/tabaccomd.com\\\/ro\\\/product\\\/narghilea-epox-540-black-silver-54-cm\\\/#mainImage\"},\"datePublished\":\"2024-02-05T01:29:59+03:00\",\"dateModified\":\"2024-02-05T01:33:47+03:00\"},{\"@type\":\"WebSite\",\"@id\":\"https:\\\/\\\/tabaccomd.com\\\/ro\\\/#website\",\"url\":\"https:\\\/\\\/tabaccomd.com\\\/ro\\\/\",\"name\":\"Tabacco House\",\"alternateName\":\"tobaccomd.com\",\"description\":\"\\u041c\\u0430\\u0433\\u0430\\u0437\\u0438\\u043d \\u0442\\u0430\\u0431\\u0430\\u0447\\u043d\\u044b\\u0445 \\u0438\\u0437\\u0434\\u0435\\u043b\\u0438\\u0439\",\"inLanguage\":\"ro-RO\",\"publisher\":{\"@id\":\"https:\\\/\\\/tabaccomd.com\\\/ro\\\/#organization\"}}]}\n\t\t<\/script>\n\t\t<!-- All in One SEO Pro -->\r\n\t\t<title>Narghilea EPOX 540 \u2013 Black Silver 54 cm \u2013 Tabacco House<\/title>\n\n","aioseo_head_json":{"title":"Narghilea EPOX 540 \u2013 Black Silver 54 cm \u2013 Tabacco House","description":"","canonical_url":"https:\/\/tabaccomd.com\/ro\/product\/narghilea-epox-540-black-silver-54-cm\/","robots":"max-image-preview:large","keywords":"","webmasterTools":{"miscellaneous":""},"schema":{"@context":"https:\/\/schema.org","@graph":[{"@type":"BreadcrumbList","@id":"https:\/\/tabaccomd.com\/ro\/product\/narghilea-epox-540-black-silver-54-cm\/#breadcrumblist","itemListElement":[{"@type":"ListItem","@id":"https:\/\/tabaccomd.com\/ro\/#listItem","position":1,"name":"\u0413\u043b\u0430\u0432\u043d\u0430\u044f","item":"https:\/\/tabaccomd.com\/ro\/","nextItem":{"@type":"ListItem","@id":"https:\/\/tabaccomd.com\/ro\/catalog\/#listItem","name":"Catalog"}},{"@type":"ListItem","@id":"https:\/\/tabaccomd.com\/ro\/catalog\/#listItem","position":2,"name":"Catalog","item":"https:\/\/tabaccomd.com\/ro\/catalog\/","nextItem":{"@type":"ListItem","@id":"https:\/\/tabaccomd.com\/ro\/product-category\/narghilea-ro\/#listItem","name":"Narghilea"},"previousItem":{"@type":"ListItem","@id":"https:\/\/tabaccomd.com\/ro\/#listItem","name":"\u0413\u043b\u0430\u0432\u043d\u0430\u044f"}},{"@type":"ListItem","@id":"https:\/\/tabaccomd.com\/ro\/product-category\/narghilea-ro\/#listItem","position":3,"name":"Narghilea","item":"https:\/\/tabaccomd.com\/ro\/product-category\/narghilea-ro\/","nextItem":{"@type":"ListItem","@id":"https:\/\/tabaccomd.com\/ro\/product\/narghilea-epox-540-black-silver-54-cm\/#listItem","name":"Narghilea EPOX 540 \u2013 Black Silver 54 cm"},"previousItem":{"@type":"ListItem","@id":"https:\/\/tabaccomd.com\/ro\/catalog\/#listItem","name":"Catalog"}},{"@type":"ListItem","@id":"https:\/\/tabaccomd.com\/ro\/product\/narghilea-epox-540-black-silver-54-cm\/#listItem","position":4,"name":"Narghilea EPOX 540 \u2013 Black Silver 54 cm","previousItem":{"@type":"ListItem","@id":"https:\/\/tabaccomd.com\/ro\/product-category\/narghilea-ro\/#listItem","name":"Narghilea"}}]},{"@type":"Organization","@id":"https:\/\/tabaccomd.com\/ro\/#organization","name":"Tabacco House","description":"\u041c\u0430\u0433\u0430\u0437\u0438\u043d \u0442\u0430\u0431\u0430\u0447\u043d\u044b\u0445 \u0438\u0437\u0434\u0435\u043b\u0438\u0439","url":"https:\/\/tabaccomd.com\/ro\/","email":"Office@cazacuhouse.com","telephone":"+37361000935","logo":{"@type":"ImageObject","url":"https:\/\/tabaccomd.com\/wp-content\/uploads\/2024\/02\/logo_header3.png","@id":"https:\/\/tabaccomd.com\/ro\/product\/narghilea-epox-540-black-silver-54-cm\/#organizationLogo","width":32,"height":32,"caption":"Tabacco House"},"image":{"@id":"https:\/\/tabaccomd.com\/ro\/product\/narghilea-epox-540-black-silver-54-cm\/#organizationLogo"},"sameAs":["https:\/\/www.facebook.com\/tabaccomd.com\/","https:\/\/www.instagram.com\/tabaccomd.com\/"],"address":{"@id":"https:\/\/tabaccomd.com\/ro\/#postaladdress","@type":"PostalAddress","streetAddress":"Strada Albi\u015foara 4, Chi\u0219in\u0103u, Bulevardul \u0218tefan cel Mare \u0219i Sf\u00eent 136, Chi\u0219in\u0103u","addressLocality":"Chi\u0219in\u0103u","addressCountry":"MD"}},{"@type":"Product","@id":"https:\/\/tabaccomd.com\/ro\/product\/narghilea-epox-540-black-silver-54-cm\/#wooCommerceProduct","name":"Narghilea EPOX 540 \u2013 Black Silver 54 cm","description":"Produc\u0103tor: Aladin, Germania\r\n \tDimensiune: 54 cm\r\n \tCuloare: Negru, argint\r\n \tMaterial: Aluminiu\r\n \tAmbalaje cadou","url":"https:\/\/tabaccomd.com\/ro\/product\/narghilea-epox-540-black-silver-54-cm\/","sku":"WEP540ssi","image":{"@type":"ImageObject","url":"https:\/\/tabaccomd.com\/wp-content\/uploads\/2024\/02\/black-silver-11.jpg","@id":"https:\/\/tabaccomd.com\/ro\/product\/narghilea-epox-540-black-silver-54-cm\/#productImage","width":1000,"height":1000},"offers":{"@type":"Offer","url":"https:\/\/tabaccomd.com\/ro\/product\/narghilea-epox-540-black-silver-54-cm\/#wooCommerceOffer","price":3150,"priceCurrency":"MDL","category":"Narghilea","availability":"https:\/\/schema.org\/PreOrder","priceSpecification":{"@type":"PriceSpecification","price":3150,"priceCurrency":"MDL","valueAddedTaxIncluded":"true"},"seller":{"@type":"Organization","@id":"https:\/\/tabaccomd.com\/ro\/#organization"}}},{"@type":"WebPage","@id":"https:\/\/tabaccomd.com\/ro\/product\/narghilea-epox-540-black-silver-54-cm\/#webpage","url":"https:\/\/tabaccomd.com\/ro\/product\/narghilea-epox-540-black-silver-54-cm\/","name":"Narghilea EPOX 540 \u2013 Black Silver 54 cm \u2013 Tabacco House","inLanguage":"ro-RO","isPartOf":{"@id":"https:\/\/tabaccomd.com\/ro\/#website"},"breadcrumb":{"@id":"https:\/\/tabaccomd.com\/ro\/product\/narghilea-epox-540-black-silver-54-cm\/#breadcrumblist"},"image":{"@type":"ImageObject","url":"https:\/\/tabaccomd.com\/wp-content\/uploads\/2024\/02\/black-silver-11.jpg","@id":"https:\/\/tabaccomd.com\/ro\/product\/narghilea-epox-540-black-silver-54-cm\/#mainImage","width":1000,"height":1000},"primaryImageOfPage":{"@id":"https:\/\/tabaccomd.com\/ro\/product\/narghilea-epox-540-black-silver-54-cm\/#mainImage"},"datePublished":"2024-02-05T01:29:59+03:00","dateModified":"2024-02-05T01:33:47+03:00"},{"@type":"WebSite","@id":"https:\/\/tabaccomd.com\/ro\/#website","url":"https:\/\/tabaccomd.com\/ro\/","name":"Tabacco House","alternateName":"tobaccomd.com","description":"\u041c\u0430\u0433\u0430\u0437\u0438\u043d \u0442\u0430\u0431\u0430\u0447\u043d\u044b\u0445 \u0438\u0437\u0434\u0435\u043b\u0438\u0439","inLanguage":"ro-RO","publisher":{"@id":"https:\/\/tabaccomd.com\/ro\/#organization"}}]},"og:locale":"ro_RO","og:site_name":"Tabacco House \u2013 \u041c\u0430\u0433\u0430\u0437\u0438\u043d \u0442\u0430\u0431\u0430\u0447\u043d\u044b\u0445 \u0438\u0437\u0434\u0435\u043b\u0438\u0439","og:type":"article","og:title":"Narghilea EPOX 540 \u2013 Black Silver 54 cm \u2013 Tabacco House","og:url":"https:\/\/tabaccomd.com\/ro\/product\/narghilea-epox-540-black-silver-54-cm\/","article:published_time":"2024-02-04T22:29:59+00:00","article:modified_time":"2024-02-04T22:33:47+00:00","article:publisher":"https:\/\/www.facebook.com\/tabaccomd.com\/","twitter:card":"summary_large_image","twitter:title":"Narghilea EPOX 540 \u2013 Black Silver 54 cm \u2013 Tabacco House"},"aioseo_meta_data":{"post_id":"135193","title":null,"description":null,"keywords":[],"keyphrases":{"focus":{"keyphrase":"","score":0,"analysis":{"keyphraseInTitle":{"score":0,"maxScore":9,"error":1}}},"additional":[]},"primary_term":null,"canonical_url":null,"og_title":null,"og_description":null,"og_object_type":"default","og_image_type":"default","og_image_url":null,"og_image_width":null,"og_image_height":null,"og_image_custom_url":null,"og_image_custom_fields":null,"og_video":"","og_custom_url":null,"og_article_section":null,"og_article_tags":[],"twitter_use_og":false,"twitter_card":"default","twitter_image_type":"default","twitter_image_url":null,"twitter_image_custom_url":null,"twitter_image_custom_fields":null,"twitter_title":null,"twitter_description":null,"schema":{"blockGraphs":[],"customGraphs":[],"default":{"data":{"Article":[],"Course":[],"Dataset":[],"FAQPage":[],"Movie":[],"Person":[],"Product":[],"ProductReview":[],"Car":[],"Recipe":[],"Service":[],"SoftwareApplication":[],"WebPage":[]},"graphName":"ItemPage","isEnabled":true},"graphs":[]},"schema_type":"default","schema_type_options":null,"pillar_content":false,"robots_default":true,"robots_noindex":false,"robots_noarchive":false,"robots_nosnippet":false,"robots_nofollow":false,"robots_noimageindex":false,"robots_noodp":false,"robots_notranslate":false,"robots_max_snippet":"-1","robots_max_videopreview":"-1","robots_max_imagepreview":"large","priority":null,"frequency":"default","local_seo":null,"seo_analyzer_scan_date":"2025-10-20 18:02:05","breadcrumb_settings":null,"limit_modified_date":false,"reviewed_by":null,"open_ai":null,"ai":null,"created":"2024-02-04 22:32:08","updated":"2025-10-20 18:02:05"},"aioseo_breadcrumb":"<div class=\"aioseo-breadcrumbs\"><span class=\"aioseo-breadcrumb\">\n\t<a href=\"https:\/\/tabaccomd.com\/ro\/\" title=\"\u0413\u043b\u0430\u0432\u043d\u0430\u044f\">\u0413\u043b\u0430\u0432\u043d\u0430\u044f<\/a>\n<\/span><span class=\"aioseo-breadcrumb-separator\">\u00bb<\/span><span class=\"aioseo-breadcrumb\">\n\t<a href=\"https:\/\/tabaccomd.com\/ro\/catalog\/\" title=\"Catalog\">Catalog<\/a>\n<\/span><span class=\"aioseo-breadcrumb-separator\">\u00bb<\/span><span class=\"aioseo-breadcrumb\">\n\t<a href=\"https:\/\/tabaccomd.com\/ro\/product-category\/narghilea-ro\/\" title=\"Narghilea\">Narghilea<\/a>\n<\/span><span class=\"aioseo-breadcrumb-separator\">\u00bb<\/span><span class=\"aioseo-breadcrumb\">\n\tNarghilea EPOX 540 \u2013 Black Silver 54 cm\n<\/span><\/div>","aioseo_breadcrumb_json":[{"label":"\u0413\u043b\u0430\u0432\u043d\u0430\u044f","link":"https:\/\/tabaccomd.com\/ro\/"},{"label":"Catalog","link":"https:\/\/tabaccomd.com\/ro\/catalog\/"},{"label":"Narghilea","link":"https:\/\/tabaccomd.com\/ro\/product-category\/narghilea-ro\/"},{"label":"Narghilea EPOX 540 \u2013 Black Silver 54 cm","link":"https:\/\/tabaccomd.com\/ro\/product\/narghilea-epox-540-black-silver-54-cm\/"}],"images_for_1c":[{"url":"https:\/\/tabaccomd.com\/wp-content\/uploads\/2024\/02\/black-silver-11.jpg","type":"featured","alt":"","filename":"black-silver-11.jpg"},{"url":"https:\/\/tabaccomd.com\/wp-content\/uploads\/2024\/02\/black-silver-12.jpg","type":"gallery","alt":"","filename":"black-silver-12.jpg"},{"url":"https:\/\/tabaccomd.com\/wp-content\/uploads\/2024\/02\/black-silver-14.jpg","type":"gallery","alt":"","filename":"black-silver-14.jpg"},{"url":"https:\/\/tabaccomd.com\/wp-content\/uploads\/2024\/02\/black-silver-15.jpg","type":"gallery","alt":"","filename":"black-silver-15.jpg"},{"url":"https:\/\/tabaccomd.com\/wp-content\/uploads\/2024\/02\/alux-red-8.jpg","type":"gallery","alt":"","filename":"alux-red-8.jpg"},{"url":"https:\/\/tabaccomd.com\/wp-content\/uploads\/2024\/02\/epox.jpg","type":"gallery","alt":"","filename":"epox.jpg"}],"additional_data_1c":{"modified_date":"2024-02-05 01:33:47","permalink":"https:\/\/tabaccomd.com\/ro\/product\/narghilea-epox-540-black-silver-54-cm\/","stock_status":"onbackorder","manage_stock":"no"},"_links":{"self":[{"href":"https:\/\/tabaccomd.com\/ro\/wp-json\/wp\/v2\/product\/135193","targetHints":{"allow":["GET"]}}],"collection":[{"href":"https:\/\/tabaccomd.com\/ro\/wp-json\/wp\/v2\/product"}],"about":[{"href":"https:\/\/tabaccomd.com\/ro\/wp-json\/wp\/v2\/types\/product"}],"wp:featuredmedia":[{"embeddable":true,"href":"https:\/\/tabaccomd.com\/ro\/wp-json\/wp\/v2\/media\/135178"}],"wp:attachment":[{"href":"https:\/\/tabaccomd.com\/ro\/wp-json\/wp\/v2\/media?parent=135193"}],"wp:term":[{"taxonomy":"product_brand","embeddable":true,"href":"https:\/\/tabaccomd.com\/ro\/wp-json\/wp\/v2\/product_brand?post=135193"},{"taxonomy":"product_cat","embeddable":true,"href":"https:\/\/tabaccomd.com\/ro\/wp-json\/wp\/v2\/product_cat?post=135193"},{"taxonomy":"product_tag","embeddable":true,"href":"https:\/\/tabaccomd.com\/ro\/wp-json\/wp\/v2\/product_tag?post=135193"}],"curies":[{"name":"wp","href":"https:\/\/api.w.org\/{rel}","templated":true}]}}