{"id":135126,"date":"2024-02-04T01:50:58","date_gmt":"2024-02-03T22:50:58","guid":{"rendered":"https:\/\/tabaccomd.com\/?post_type=product&#038;p=135126"},"modified":"2024-02-04T01:54:15","modified_gmt":"2024-02-03T22:54:15","slug":"narghilea-epox-580-white-silver-58-cm","status":"publish","type":"product","link":"https:\/\/tabaccomd.com\/ro\/product\/narghilea-epox-580-white-silver-58-cm\/","title":{"rendered":"Narghilea EPOX 580 &#8211; White &amp; Silver 58 cm"},"content":{"rendered":"<p>EPOX 580 este o <strong> narghilea <\/strong> extraordinar\u0103 care aduce mai mult dec\u00e2t v\u0103 pute\u021bi imagina. Cu 5 inele diferite din o\u021bel inoxidabil de \u00eenalt\u0103 calitate, 2 pl\u0103ci elegante din o\u021bel inoxidabil \u0219i o frumoas\u0103 man\u0219et\u0103 din r\u0103\u0219in\u0103 epoxidic\u0103, sunt posibile peste 15 variante diferite de evacuare a fumului. Pute\u021bi schimba variantele de evacuare simplu schimb\u00e2nd inelele. Forma cupei cu posibilitatea de conectare asigur\u0103 o trac\u021biune optim\u0103 \u0219i u\u0219urin\u021b\u0103 \u00een cur\u0103\u021bare &#8211; condi\u021bii perfecte pentru experien\u021be de fumat de neuitat. Datorit\u0103 conexiunii suplimentare din o\u021bel inoxidabil integrat\u0103 \u00een baza narghilelei, furtunul poate fi introdus \u0219i scos sau schimbat \u00een orice moment. \u00cen baza narghilelei este ascuns un sistem \u00eenchis, care v\u0103 permite s\u0103 sufla\u021bi cu u\u0219urin\u021b\u0103 fumul stagnant din cupe. Difuzorul de pe tubul de imersie poate fi reglat \u0219i \u00eendep\u0103rtat, permi\u021b\u00e2ndu-v\u0103 s\u0103 influen\u021ba\u021bi nivelul de zgomot. \u00cen plus fa\u021b\u0103 de narghilea \u00eens\u0103\u0219i, pachetul include un set de furtun din silicon \u0219i un set de \u021bigl\u0103. Setul de furtun const\u0103 \u00eentr-un furtun de silicon antistatic cu un cap\u0103t de aluminiu \u0219i protec\u021bie \u00eempotriva \u00eencovoiere. Setul de \u021bigl\u0103 include \u021bigla Aladin Optimus Eco \u0219i o ata\u0219are Mockingbird.<\/p>\n","protected":false},"excerpt":{"rendered":"<ul>\n<li>Produc\u0103tor: Aladin, Germania<\/li>\n<li>Dimensiune: 58 cm<\/li>\n<li>Culoare: Alb, argint<\/li>\n<li>Material: Aluminiu<\/li>\n<li>Ambalaje cadou<\/li>\n<li><\/li>\n<\/ul>\n","protected":false},"featured_media":135120,"template":"","meta":{"om_disable_all_campaigns":false,"_monsterinsights_skip_tracking":false,"_monsterinsights_sitenote_active":false,"_monsterinsights_sitenote_note":"","_monsterinsights_sitenote_category":0},"product_brand":[],"product_cat":[316],"product_tag":[],"class_list":{"0":"post-135126","1":"product","2":"type-product","3":"status-publish","4":"has-post-thumbnail","6":"product_cat-narghilea-ro","8":"first","9":"onbackorder","10":"taxable","11":"shipping-taxable","12":"purchasable","13":"product-type-simple"},"aioseo_notices":[],"aioseo_head":"\n\t\t<!-- All in One SEO Pro 4.9.6.2 - aioseo.com -->\n\t<meta name=\"robots\" content=\"max-image-preview:large\" \/>\n\t<link rel=\"canonical\" href=\"https:\/\/tabaccomd.com\/ro\/product\/narghilea-epox-580-white-silver-58-cm\/\" \/>\n\t<meta name=\"generator\" content=\"All in One SEO Pro (AIOSEO) 4.9.6.2\" \/>\n\t\t<meta property=\"og:locale\" content=\"ro_RO\" \/>\n\t\t<meta property=\"og:site_name\" content=\"Tabacco House \u2013 \u041c\u0430\u0433\u0430\u0437\u0438\u043d \u0442\u0430\u0431\u0430\u0447\u043d\u044b\u0445 \u0438\u0437\u0434\u0435\u043b\u0438\u0439\" \/>\n\t\t<meta property=\"og:type\" content=\"article\" \/>\n\t\t<meta property=\"og:title\" content=\"Narghilea EPOX 580 \u2013 White &amp; Silver 58 cm \u2013 Tabacco House\" \/>\n\t\t<meta property=\"og:url\" content=\"https:\/\/tabaccomd.com\/ro\/product\/narghilea-epox-580-white-silver-58-cm\/\" \/>\n\t\t<meta property=\"article:published_time\" content=\"2024-02-03T22:50:58+00:00\" \/>\n\t\t<meta property=\"article:modified_time\" content=\"2024-02-03T22:54:15+00:00\" \/>\n\t\t<meta property=\"article:publisher\" content=\"https:\/\/www.facebook.com\/tabaccomd.com\/\" \/>\n\t\t<meta name=\"twitter:card\" content=\"summary_large_image\" \/>\n\t\t<meta name=\"twitter:title\" content=\"Narghilea EPOX 580 \u2013 White &amp; Silver 58 cm \u2013 Tabacco House\" \/>\n\t\t<script type=\"application\/ld+json\" class=\"aioseo-schema\">\n\t\t\t{\"@context\":\"https:\\\/\\\/schema.org\",\"@graph\":[{\"@type\":\"BreadcrumbList\",\"@id\":\"https:\\\/\\\/tabaccomd.com\\\/ro\\\/product\\\/narghilea-epox-580-white-silver-58-cm\\\/#breadcrumblist\",\"itemListElement\":[{\"@type\":\"ListItem\",\"@id\":\"https:\\\/\\\/tabaccomd.com\\\/ro\\\/#listItem\",\"position\":1,\"name\":\"\\u0413\\u043b\\u0430\\u0432\\u043d\\u0430\\u044f\",\"item\":\"https:\\\/\\\/tabaccomd.com\\\/ro\\\/\",\"nextItem\":{\"@type\":\"ListItem\",\"@id\":\"https:\\\/\\\/tabaccomd.com\\\/ro\\\/catalog\\\/#listItem\",\"name\":\"Catalog\"}},{\"@type\":\"ListItem\",\"@id\":\"https:\\\/\\\/tabaccomd.com\\\/ro\\\/catalog\\\/#listItem\",\"position\":2,\"name\":\"Catalog\",\"item\":\"https:\\\/\\\/tabaccomd.com\\\/ro\\\/catalog\\\/\",\"nextItem\":{\"@type\":\"ListItem\",\"@id\":\"https:\\\/\\\/tabaccomd.com\\\/ro\\\/product-category\\\/narghilea-ro\\\/#listItem\",\"name\":\"Narghilea\"},\"previousItem\":{\"@type\":\"ListItem\",\"@id\":\"https:\\\/\\\/tabaccomd.com\\\/ro\\\/#listItem\",\"name\":\"\\u0413\\u043b\\u0430\\u0432\\u043d\\u0430\\u044f\"}},{\"@type\":\"ListItem\",\"@id\":\"https:\\\/\\\/tabaccomd.com\\\/ro\\\/product-category\\\/narghilea-ro\\\/#listItem\",\"position\":3,\"name\":\"Narghilea\",\"item\":\"https:\\\/\\\/tabaccomd.com\\\/ro\\\/product-category\\\/narghilea-ro\\\/\",\"nextItem\":{\"@type\":\"ListItem\",\"@id\":\"https:\\\/\\\/tabaccomd.com\\\/ro\\\/product\\\/narghilea-epox-580-white-silver-58-cm\\\/#listItem\",\"name\":\"Narghilea EPOX 580 &#8211; White &amp; Silver 58 cm\"},\"previousItem\":{\"@type\":\"ListItem\",\"@id\":\"https:\\\/\\\/tabaccomd.com\\\/ro\\\/catalog\\\/#listItem\",\"name\":\"Catalog\"}},{\"@type\":\"ListItem\",\"@id\":\"https:\\\/\\\/tabaccomd.com\\\/ro\\\/product\\\/narghilea-epox-580-white-silver-58-cm\\\/#listItem\",\"position\":4,\"name\":\"Narghilea EPOX 580 &#8211; White &amp; Silver 58 cm\",\"previousItem\":{\"@type\":\"ListItem\",\"@id\":\"https:\\\/\\\/tabaccomd.com\\\/ro\\\/product-category\\\/narghilea-ro\\\/#listItem\",\"name\":\"Narghilea\"}}]},{\"@type\":\"Organization\",\"@id\":\"https:\\\/\\\/tabaccomd.com\\\/ro\\\/#organization\",\"name\":\"Tabacco House\",\"description\":\"\\u041c\\u0430\\u0433\\u0430\\u0437\\u0438\\u043d \\u0442\\u0430\\u0431\\u0430\\u0447\\u043d\\u044b\\u0445 \\u0438\\u0437\\u0434\\u0435\\u043b\\u0438\\u0439\",\"url\":\"https:\\\/\\\/tabaccomd.com\\\/ro\\\/\",\"email\":\"Office@cazacuhouse.com\",\"telephone\":\"+37361000935\",\"logo\":{\"@type\":\"ImageObject\",\"url\":\"https:\\\/\\\/tabaccomd.com\\\/wp-content\\\/uploads\\\/2024\\\/02\\\/logo_header3.png\",\"@id\":\"https:\\\/\\\/tabaccomd.com\\\/ro\\\/product\\\/narghilea-epox-580-white-silver-58-cm\\\/#organizationLogo\",\"width\":32,\"height\":32,\"caption\":\"Tabacco House\"},\"image\":{\"@id\":\"https:\\\/\\\/tabaccomd.com\\\/ro\\\/product\\\/narghilea-epox-580-white-silver-58-cm\\\/#organizationLogo\"},\"sameAs\":[\"https:\\\/\\\/www.facebook.com\\\/tabaccomd.com\\\/\",\"https:\\\/\\\/www.instagram.com\\\/tabaccomd.com\\\/\"],\"address\":{\"@id\":\"https:\\\/\\\/tabaccomd.com\\\/ro\\\/#postaladdress\",\"@type\":\"PostalAddress\",\"streetAddress\":\"Strada Albi\\u015foara 4, Chi\\u0219in\\u0103u, Bulevardul \\u0218tefan cel Mare \\u0219i Sf\\u00eent 136, Chi\\u0219in\\u0103u\",\"addressLocality\":\"Chi\\u0219in\\u0103u\",\"addressCountry\":\"MD\"}},{\"@type\":\"Product\",\"@id\":\"https:\\\/\\\/tabaccomd.com\\\/ro\\\/product\\\/narghilea-epox-580-white-silver-58-cm\\\/#wooCommerceProduct\",\"name\":\"Narghilea EPOX 580 - White &amp; Silver 58 cm\",\"description\":\"Produc\\u0103tor: Aladin, Germania\\r\\n \\tDimensiune: 58 cm\\r\\n \\tCuloare: Alb, argint\\r\\n \\tMaterial: Aluminiu\\r\\n \\tAmbalaje cadou\",\"url\":\"https:\\\/\\\/tabaccomd.com\\\/ro\\\/product\\\/narghilea-epox-580-white-silver-58-cm\\\/\",\"sku\":\"WEP580w\",\"image\":{\"@type\":\"ImageObject\",\"url\":\"https:\\\/\\\/tabaccomd.com\\\/wp-content\\\/uploads\\\/2024\\\/02\\\/white-silver-1.jpg\",\"@id\":\"https:\\\/\\\/tabaccomd.com\\\/ro\\\/product\\\/narghilea-epox-580-white-silver-58-cm\\\/#productImage\",\"width\":1000,\"height\":1000},\"offers\":{\"@type\":\"Offer\",\"url\":\"https:\\\/\\\/tabaccomd.com\\\/ro\\\/product\\\/narghilea-epox-580-white-silver-58-cm\\\/#wooCommerceOffer\",\"price\":3350,\"priceCurrency\":\"MDL\",\"category\":\"Narghilea\",\"availability\":\"https:\\\/\\\/schema.org\\\/PreOrder\",\"priceSpecification\":{\"@type\":\"PriceSpecification\",\"price\":3350,\"priceCurrency\":\"MDL\",\"valueAddedTaxIncluded\":\"true\"},\"seller\":{\"@type\":\"Organization\",\"@id\":\"https:\\\/\\\/tabaccomd.com\\\/ro\\\/#organization\"}}},{\"@type\":\"WebPage\",\"@id\":\"https:\\\/\\\/tabaccomd.com\\\/ro\\\/product\\\/narghilea-epox-580-white-silver-58-cm\\\/#webpage\",\"url\":\"https:\\\/\\\/tabaccomd.com\\\/ro\\\/product\\\/narghilea-epox-580-white-silver-58-cm\\\/\",\"name\":\"Narghilea EPOX 580 \\u2013 White & Silver 58 cm \\u2013 Tabacco House\",\"inLanguage\":\"ro-RO\",\"isPartOf\":{\"@id\":\"https:\\\/\\\/tabaccomd.com\\\/ro\\\/#website\"},\"breadcrumb\":{\"@id\":\"https:\\\/\\\/tabaccomd.com\\\/ro\\\/product\\\/narghilea-epox-580-white-silver-58-cm\\\/#breadcrumblist\"},\"image\":{\"@type\":\"ImageObject\",\"url\":\"https:\\\/\\\/tabaccomd.com\\\/wp-content\\\/uploads\\\/2024\\\/02\\\/white-silver-1.jpg\",\"@id\":\"https:\\\/\\\/tabaccomd.com\\\/ro\\\/product\\\/narghilea-epox-580-white-silver-58-cm\\\/#mainImage\",\"width\":1000,\"height\":1000},\"primaryImageOfPage\":{\"@id\":\"https:\\\/\\\/tabaccomd.com\\\/ro\\\/product\\\/narghilea-epox-580-white-silver-58-cm\\\/#mainImage\"},\"datePublished\":\"2024-02-04T01:50:58+03:00\",\"dateModified\":\"2024-02-04T01:54:15+03:00\"},{\"@type\":\"WebSite\",\"@id\":\"https:\\\/\\\/tabaccomd.com\\\/ro\\\/#website\",\"url\":\"https:\\\/\\\/tabaccomd.com\\\/ro\\\/\",\"name\":\"Tabacco House\",\"alternateName\":\"tobaccomd.com\",\"description\":\"\\u041c\\u0430\\u0433\\u0430\\u0437\\u0438\\u043d \\u0442\\u0430\\u0431\\u0430\\u0447\\u043d\\u044b\\u0445 \\u0438\\u0437\\u0434\\u0435\\u043b\\u0438\\u0439\",\"inLanguage\":\"ro-RO\",\"publisher\":{\"@id\":\"https:\\\/\\\/tabaccomd.com\\\/ro\\\/#organization\"}}]}\n\t\t<\/script>\n\t\t<!-- All in One SEO Pro -->\r\n\t\t<title>Narghilea EPOX 580 \u2013 White &amp; Silver 58 cm \u2013 Tabacco House<\/title>\n\n","aioseo_head_json":{"title":"Narghilea EPOX 580 \u2013 White & Silver 58 cm \u2013 Tabacco House","description":"","canonical_url":"https:\/\/tabaccomd.com\/ro\/product\/narghilea-epox-580-white-silver-58-cm\/","robots":"max-image-preview:large","keywords":"","webmasterTools":{"miscellaneous":""},"schema":{"@context":"https:\/\/schema.org","@graph":[{"@type":"BreadcrumbList","@id":"https:\/\/tabaccomd.com\/ro\/product\/narghilea-epox-580-white-silver-58-cm\/#breadcrumblist","itemListElement":[{"@type":"ListItem","@id":"https:\/\/tabaccomd.com\/ro\/#listItem","position":1,"name":"\u0413\u043b\u0430\u0432\u043d\u0430\u044f","item":"https:\/\/tabaccomd.com\/ro\/","nextItem":{"@type":"ListItem","@id":"https:\/\/tabaccomd.com\/ro\/catalog\/#listItem","name":"Catalog"}},{"@type":"ListItem","@id":"https:\/\/tabaccomd.com\/ro\/catalog\/#listItem","position":2,"name":"Catalog","item":"https:\/\/tabaccomd.com\/ro\/catalog\/","nextItem":{"@type":"ListItem","@id":"https:\/\/tabaccomd.com\/ro\/product-category\/narghilea-ro\/#listItem","name":"Narghilea"},"previousItem":{"@type":"ListItem","@id":"https:\/\/tabaccomd.com\/ro\/#listItem","name":"\u0413\u043b\u0430\u0432\u043d\u0430\u044f"}},{"@type":"ListItem","@id":"https:\/\/tabaccomd.com\/ro\/product-category\/narghilea-ro\/#listItem","position":3,"name":"Narghilea","item":"https:\/\/tabaccomd.com\/ro\/product-category\/narghilea-ro\/","nextItem":{"@type":"ListItem","@id":"https:\/\/tabaccomd.com\/ro\/product\/narghilea-epox-580-white-silver-58-cm\/#listItem","name":"Narghilea EPOX 580 &#8211; White &amp; Silver 58 cm"},"previousItem":{"@type":"ListItem","@id":"https:\/\/tabaccomd.com\/ro\/catalog\/#listItem","name":"Catalog"}},{"@type":"ListItem","@id":"https:\/\/tabaccomd.com\/ro\/product\/narghilea-epox-580-white-silver-58-cm\/#listItem","position":4,"name":"Narghilea EPOX 580 &#8211; White &amp; Silver 58 cm","previousItem":{"@type":"ListItem","@id":"https:\/\/tabaccomd.com\/ro\/product-category\/narghilea-ro\/#listItem","name":"Narghilea"}}]},{"@type":"Organization","@id":"https:\/\/tabaccomd.com\/ro\/#organization","name":"Tabacco House","description":"\u041c\u0430\u0433\u0430\u0437\u0438\u043d \u0442\u0430\u0431\u0430\u0447\u043d\u044b\u0445 \u0438\u0437\u0434\u0435\u043b\u0438\u0439","url":"https:\/\/tabaccomd.com\/ro\/","email":"Office@cazacuhouse.com","telephone":"+37361000935","logo":{"@type":"ImageObject","url":"https:\/\/tabaccomd.com\/wp-content\/uploads\/2024\/02\/logo_header3.png","@id":"https:\/\/tabaccomd.com\/ro\/product\/narghilea-epox-580-white-silver-58-cm\/#organizationLogo","width":32,"height":32,"caption":"Tabacco House"},"image":{"@id":"https:\/\/tabaccomd.com\/ro\/product\/narghilea-epox-580-white-silver-58-cm\/#organizationLogo"},"sameAs":["https:\/\/www.facebook.com\/tabaccomd.com\/","https:\/\/www.instagram.com\/tabaccomd.com\/"],"address":{"@id":"https:\/\/tabaccomd.com\/ro\/#postaladdress","@type":"PostalAddress","streetAddress":"Strada Albi\u015foara 4, Chi\u0219in\u0103u, Bulevardul \u0218tefan cel Mare \u0219i Sf\u00eent 136, Chi\u0219in\u0103u","addressLocality":"Chi\u0219in\u0103u","addressCountry":"MD"}},{"@type":"Product","@id":"https:\/\/tabaccomd.com\/ro\/product\/narghilea-epox-580-white-silver-58-cm\/#wooCommerceProduct","name":"Narghilea EPOX 580 - White &amp; Silver 58 cm","description":"Produc\u0103tor: Aladin, Germania\r\n \tDimensiune: 58 cm\r\n \tCuloare: Alb, argint\r\n \tMaterial: Aluminiu\r\n \tAmbalaje cadou","url":"https:\/\/tabaccomd.com\/ro\/product\/narghilea-epox-580-white-silver-58-cm\/","sku":"WEP580w","image":{"@type":"ImageObject","url":"https:\/\/tabaccomd.com\/wp-content\/uploads\/2024\/02\/white-silver-1.jpg","@id":"https:\/\/tabaccomd.com\/ro\/product\/narghilea-epox-580-white-silver-58-cm\/#productImage","width":1000,"height":1000},"offers":{"@type":"Offer","url":"https:\/\/tabaccomd.com\/ro\/product\/narghilea-epox-580-white-silver-58-cm\/#wooCommerceOffer","price":3350,"priceCurrency":"MDL","category":"Narghilea","availability":"https:\/\/schema.org\/PreOrder","priceSpecification":{"@type":"PriceSpecification","price":3350,"priceCurrency":"MDL","valueAddedTaxIncluded":"true"},"seller":{"@type":"Organization","@id":"https:\/\/tabaccomd.com\/ro\/#organization"}}},{"@type":"WebPage","@id":"https:\/\/tabaccomd.com\/ro\/product\/narghilea-epox-580-white-silver-58-cm\/#webpage","url":"https:\/\/tabaccomd.com\/ro\/product\/narghilea-epox-580-white-silver-58-cm\/","name":"Narghilea EPOX 580 \u2013 White & Silver 58 cm \u2013 Tabacco House","inLanguage":"ro-RO","isPartOf":{"@id":"https:\/\/tabaccomd.com\/ro\/#website"},"breadcrumb":{"@id":"https:\/\/tabaccomd.com\/ro\/product\/narghilea-epox-580-white-silver-58-cm\/#breadcrumblist"},"image":{"@type":"ImageObject","url":"https:\/\/tabaccomd.com\/wp-content\/uploads\/2024\/02\/white-silver-1.jpg","@id":"https:\/\/tabaccomd.com\/ro\/product\/narghilea-epox-580-white-silver-58-cm\/#mainImage","width":1000,"height":1000},"primaryImageOfPage":{"@id":"https:\/\/tabaccomd.com\/ro\/product\/narghilea-epox-580-white-silver-58-cm\/#mainImage"},"datePublished":"2024-02-04T01:50:58+03:00","dateModified":"2024-02-04T01:54:15+03:00"},{"@type":"WebSite","@id":"https:\/\/tabaccomd.com\/ro\/#website","url":"https:\/\/tabaccomd.com\/ro\/","name":"Tabacco House","alternateName":"tobaccomd.com","description":"\u041c\u0430\u0433\u0430\u0437\u0438\u043d \u0442\u0430\u0431\u0430\u0447\u043d\u044b\u0445 \u0438\u0437\u0434\u0435\u043b\u0438\u0439","inLanguage":"ro-RO","publisher":{"@id":"https:\/\/tabaccomd.com\/ro\/#organization"}}]},"og:locale":"ro_RO","og:site_name":"Tabacco House \u2013 \u041c\u0430\u0433\u0430\u0437\u0438\u043d \u0442\u0430\u0431\u0430\u0447\u043d\u044b\u0445 \u0438\u0437\u0434\u0435\u043b\u0438\u0439","og:type":"article","og:title":"Narghilea EPOX 580 \u2013 White &amp; Silver 58 cm \u2013 Tabacco House","og:url":"https:\/\/tabaccomd.com\/ro\/product\/narghilea-epox-580-white-silver-58-cm\/","article:published_time":"2024-02-03T22:50:58+00:00","article:modified_time":"2024-02-03T22:54:15+00:00","article:publisher":"https:\/\/www.facebook.com\/tabaccomd.com\/","twitter:card":"summary_large_image","twitter:title":"Narghilea EPOX 580 \u2013 White &amp; Silver 58 cm \u2013 Tabacco House"},"aioseo_meta_data":{"post_id":"135126","title":null,"description":null,"keywords":[],"keyphrases":{"focus":{"keyphrase":"","score":0,"analysis":{"keyphraseInTitle":{"score":0,"maxScore":9,"error":1}}},"additional":[]},"primary_term":null,"canonical_url":null,"og_title":null,"og_description":null,"og_object_type":"default","og_image_type":"default","og_image_url":null,"og_image_width":null,"og_image_height":null,"og_image_custom_url":null,"og_image_custom_fields":null,"og_video":"","og_custom_url":null,"og_article_section":null,"og_article_tags":[],"twitter_use_og":false,"twitter_card":"default","twitter_image_type":"default","twitter_image_url":null,"twitter_image_custom_url":null,"twitter_image_custom_fields":null,"twitter_title":null,"twitter_description":null,"schema":{"blockGraphs":[],"customGraphs":[],"default":{"data":{"Article":[],"Course":[],"Dataset":[],"FAQPage":[],"Movie":[],"Person":[],"Product":[],"ProductReview":[],"Car":[],"Recipe":[],"Service":[],"SoftwareApplication":[],"WebPage":[]},"graphName":"ItemPage","isEnabled":true},"graphs":[]},"schema_type":"default","schema_type_options":null,"pillar_content":false,"robots_default":true,"robots_noindex":false,"robots_noarchive":false,"robots_nosnippet":false,"robots_nofollow":false,"robots_noimageindex":false,"robots_noodp":false,"robots_notranslate":false,"robots_max_snippet":"-1","robots_max_videopreview":"-1","robots_max_imagepreview":"large","priority":null,"frequency":"default","local_seo":null,"seo_analyzer_scan_date":"2025-10-20 18:00:57","breadcrumb_settings":null,"limit_modified_date":false,"reviewed_by":null,"open_ai":null,"ai":null,"created":"2024-02-03 22:51:25","updated":"2025-10-20 18:00:57"},"aioseo_breadcrumb":"<div class=\"aioseo-breadcrumbs\"><span class=\"aioseo-breadcrumb\">\n\t<a href=\"https:\/\/tabaccomd.com\/ro\/\" title=\"\u0413\u043b\u0430\u0432\u043d\u0430\u044f\">\u0413\u043b\u0430\u0432\u043d\u0430\u044f<\/a>\n<\/span><span class=\"aioseo-breadcrumb-separator\">\u00bb<\/span><span class=\"aioseo-breadcrumb\">\n\t<a href=\"https:\/\/tabaccomd.com\/ro\/catalog\/\" title=\"Catalog\">Catalog<\/a>\n<\/span><span class=\"aioseo-breadcrumb-separator\">\u00bb<\/span><span class=\"aioseo-breadcrumb\">\n\t<a href=\"https:\/\/tabaccomd.com\/ro\/product-category\/narghilea-ro\/\" title=\"Narghilea\">Narghilea<\/a>\n<\/span><span class=\"aioseo-breadcrumb-separator\">\u00bb<\/span><span class=\"aioseo-breadcrumb\">\n\tNarghilea EPOX 580 \u2013 White &amp; Silver 58 cm\n<\/span><\/div>","aioseo_breadcrumb_json":[{"label":"\u0413\u043b\u0430\u0432\u043d\u0430\u044f","link":"https:\/\/tabaccomd.com\/ro\/"},{"label":"Catalog","link":"https:\/\/tabaccomd.com\/ro\/catalog\/"},{"label":"Narghilea","link":"https:\/\/tabaccomd.com\/ro\/product-category\/narghilea-ro\/"},{"label":"Narghilea EPOX 580 &#8211; White &amp; Silver 58 cm","link":"https:\/\/tabaccomd.com\/ro\/product\/narghilea-epox-580-white-silver-58-cm\/"}],"images_for_1c":[{"url":"https:\/\/tabaccomd.com\/wp-content\/uploads\/2024\/02\/white-silver-1.jpg","type":"featured","alt":"","filename":"white-silver-1.jpg"},{"url":"https:\/\/tabaccomd.com\/wp-content\/uploads\/2024\/02\/white-silver-2.jpg","type":"gallery","alt":"","filename":"white-silver-2.jpg"},{"url":"https:\/\/tabaccomd.com\/wp-content\/uploads\/2024\/02\/white-silver-4.jpg","type":"gallery","alt":"","filename":"white-silver-4.jpg"}],"additional_data_1c":{"modified_date":"2024-02-04 01:54:15","permalink":"https:\/\/tabaccomd.com\/ro\/product\/narghilea-epox-580-white-silver-58-cm\/","stock_status":"onbackorder","manage_stock":"no"},"_links":{"self":[{"href":"https:\/\/tabaccomd.com\/ro\/wp-json\/wp\/v2\/product\/135126","targetHints":{"allow":["GET"]}}],"collection":[{"href":"https:\/\/tabaccomd.com\/ro\/wp-json\/wp\/v2\/product"}],"about":[{"href":"https:\/\/tabaccomd.com\/ro\/wp-json\/wp\/v2\/types\/product"}],"wp:featuredmedia":[{"embeddable":true,"href":"https:\/\/tabaccomd.com\/ro\/wp-json\/wp\/v2\/media\/135120"}],"wp:attachment":[{"href":"https:\/\/tabaccomd.com\/ro\/wp-json\/wp\/v2\/media?parent=135126"}],"wp:term":[{"taxonomy":"product_brand","embeddable":true,"href":"https:\/\/tabaccomd.com\/ro\/wp-json\/wp\/v2\/product_brand?post=135126"},{"taxonomy":"product_cat","embeddable":true,"href":"https:\/\/tabaccomd.com\/ro\/wp-json\/wp\/v2\/product_cat?post=135126"},{"taxonomy":"product_tag","embeddable":true,"href":"https:\/\/tabaccomd.com\/ro\/wp-json\/wp\/v2\/product_tag?post=135126"}],"curies":[{"name":"wp","href":"https:\/\/api.w.org\/{rel}","templated":true}]}}