{"id":134971,"date":"2024-01-30T20:00:27","date_gmt":"2024-01-30T17:00:27","guid":{"rendered":"https:\/\/tabaccomd.com\/product\/scrumiera-gizeh-metal-ashtray-far-away\/"},"modified":"2024-01-30T20:00:27","modified_gmt":"2024-01-30T17:00:27","slug":"scrumiera-gizeh-metal-ashtray-far-away","status":"publish","type":"product","link":"https:\/\/tabaccomd.com\/ro\/product\/scrumiera-gizeh-metal-ashtray-far-away\/","title":{"rendered":"Scrumier\u0103 GIZEH Metal Ashtray &#8211; far away"},"content":{"rendered":"<p><a href=\"https:\/\/tabaccomd.com\/ro\/categorie-produs\/totul-pentru-rulat\/scrumiera-2\/\">Scrumiera<\/a>\u00a0metalic\u0103 de la GIZEH este un accesoriu elegant \u0219i convenabil pentru fum\u0103tori. Fabricat din metal de \u00eenalt\u0103 calitate, asigur\u0103 rezisten\u021b\u0103 \u0219i durabilitate. Dimensiunea sa compact\u0103 \u0219i designul elegant \u00eel fac o alegere ideal\u0103 pentru cas\u0103, la birou sau \u00een aer liber. Datorit\u0103 designului s\u0103u special, cu ni\u0219te ad\u00e2ncituri \u0219i o tav\u0103 pentru muc de \u021bigar\u0103, v\u0103 ajut\u0103 s\u0103 v\u0103 p\u0103stra\u021bi \u021bigara curat\u0103 \u0219i ordonat\u0103.<\/p>\n<p>Pute\u021bi achizi\u021biona scrumiera GIZEH Metal Ashtray \u2013 far away \u00een Moldova, Chi\u0219in\u0103u, \u00een re\u021beaua de magazine Tabacco House.<\/p>\n","protected":false},"excerpt":{"rendered":"<ul>\n<li>Produc\u0103tor: Gizeh, Germania<\/li>\n<li>Dimensiune: \u00d8 14cm<\/li>\n<li>Material: Metal<\/li>\n<\/ul>\n","protected":false},"featured_media":134969,"template":"","meta":{"om_disable_all_campaigns":false,"_monsterinsights_skip_tracking":false,"_monsterinsights_sitenote_active":false,"_monsterinsights_sitenote_note":"","_monsterinsights_sitenote_category":0},"product_brand":[],"product_cat":[167],"product_tag":[],"class_list":{"0":"post-134971","1":"product","2":"type-product","3":"status-publish","4":"has-post-thumbnail","6":"product_cat-scrumiera-2","8":"first","9":"instock","10":"purchasable","11":"product-type-simple"},"aioseo_notices":[],"aioseo_head":"\n\t\t<!-- All in One SEO Pro 4.9.5.2 - aioseo.com -->\n\t<meta name=\"robots\" content=\"max-image-preview:large\" \/>\n\t<link rel=\"canonical\" href=\"https:\/\/tabaccomd.com\/ro\/product\/scrumiera-gizeh-metal-ashtray-far-away\/\" \/>\n\t<meta name=\"generator\" content=\"All in One SEO Pro (AIOSEO) 4.9.5.2\" \/>\n\t\t<meta property=\"og:locale\" content=\"ro_RO\" \/>\n\t\t<meta property=\"og:site_name\" content=\"Tabacco House \u2013 \u041c\u0430\u0433\u0430\u0437\u0438\u043d \u0442\u0430\u0431\u0430\u0447\u043d\u044b\u0445 \u0438\u0437\u0434\u0435\u043b\u0438\u0439\" \/>\n\t\t<meta property=\"og:type\" content=\"article\" \/>\n\t\t<meta property=\"og:title\" content=\"Scrumier\u0103 GIZEH Metal Ashtray \u2013 far away \u2013 Tabacco House\" \/>\n\t\t<meta property=\"og:url\" content=\"https:\/\/tabaccomd.com\/ro\/product\/scrumiera-gizeh-metal-ashtray-far-away\/\" \/>\n\t\t<meta property=\"article:published_time\" content=\"2024-01-30T17:00:27+00:00\" \/>\n\t\t<meta property=\"article:modified_time\" content=\"2024-01-30T17:00:27+00:00\" \/>\n\t\t<meta property=\"article:publisher\" content=\"https:\/\/www.facebook.com\/tabaccomd.com\/\" \/>\n\t\t<meta name=\"twitter:card\" content=\"summary_large_image\" \/>\n\t\t<meta name=\"twitter:title\" content=\"Scrumier\u0103 GIZEH Metal Ashtray \u2013 far away \u2013 Tabacco House\" \/>\n\t\t<script type=\"application\/ld+json\" class=\"aioseo-schema\">\n\t\t\t{\"@context\":\"https:\\\/\\\/schema.org\",\"@graph\":[{\"@type\":\"BreadcrumbList\",\"@id\":\"https:\\\/\\\/tabaccomd.com\\\/ro\\\/product\\\/scrumiera-gizeh-metal-ashtray-far-away\\\/#breadcrumblist\",\"itemListElement\":[{\"@type\":\"ListItem\",\"@id\":\"https:\\\/\\\/tabaccomd.com\\\/ro\\\/#listItem\",\"position\":1,\"name\":\"\\u0413\\u043b\\u0430\\u0432\\u043d\\u0430\\u044f\",\"item\":\"https:\\\/\\\/tabaccomd.com\\\/ro\\\/\",\"nextItem\":{\"@type\":\"ListItem\",\"@id\":\"https:\\\/\\\/tabaccomd.com\\\/ro\\\/catalog\\\/#listItem\",\"name\":\"Catalog\"}},{\"@type\":\"ListItem\",\"@id\":\"https:\\\/\\\/tabaccomd.com\\\/ro\\\/catalog\\\/#listItem\",\"position\":2,\"name\":\"Catalog\",\"item\":\"https:\\\/\\\/tabaccomd.com\\\/ro\\\/catalog\\\/\",\"nextItem\":{\"@type\":\"ListItem\",\"@id\":\"https:\\\/\\\/tabaccomd.com\\\/ro\\\/product-category\\\/totul-pentru-rulat\\\/#listItem\",\"name\":\"Totul pentru rulat\"},\"previousItem\":{\"@type\":\"ListItem\",\"@id\":\"https:\\\/\\\/tabaccomd.com\\\/ro\\\/#listItem\",\"name\":\"\\u0413\\u043b\\u0430\\u0432\\u043d\\u0430\\u044f\"}},{\"@type\":\"ListItem\",\"@id\":\"https:\\\/\\\/tabaccomd.com\\\/ro\\\/product-category\\\/totul-pentru-rulat\\\/#listItem\",\"position\":3,\"name\":\"Totul pentru rulat\",\"item\":\"https:\\\/\\\/tabaccomd.com\\\/ro\\\/product-category\\\/totul-pentru-rulat\\\/\",\"nextItem\":{\"@type\":\"ListItem\",\"@id\":\"https:\\\/\\\/tabaccomd.com\\\/ro\\\/product-category\\\/totul-pentru-rulat\\\/scrumiera-2\\\/#listItem\",\"name\":\"Scrumier\\u0103\"},\"previousItem\":{\"@type\":\"ListItem\",\"@id\":\"https:\\\/\\\/tabaccomd.com\\\/ro\\\/catalog\\\/#listItem\",\"name\":\"Catalog\"}},{\"@type\":\"ListItem\",\"@id\":\"https:\\\/\\\/tabaccomd.com\\\/ro\\\/product-category\\\/totul-pentru-rulat\\\/scrumiera-2\\\/#listItem\",\"position\":4,\"name\":\"Scrumier\\u0103\",\"item\":\"https:\\\/\\\/tabaccomd.com\\\/ro\\\/product-category\\\/totul-pentru-rulat\\\/scrumiera-2\\\/\",\"nextItem\":{\"@type\":\"ListItem\",\"@id\":\"https:\\\/\\\/tabaccomd.com\\\/ro\\\/product\\\/scrumiera-gizeh-metal-ashtray-far-away\\\/#listItem\",\"name\":\"Scrumier\\u0103 GIZEH Metal Ashtray &#8211; far away\"},\"previousItem\":{\"@type\":\"ListItem\",\"@id\":\"https:\\\/\\\/tabaccomd.com\\\/ro\\\/product-category\\\/totul-pentru-rulat\\\/#listItem\",\"name\":\"Totul pentru rulat\"}},{\"@type\":\"ListItem\",\"@id\":\"https:\\\/\\\/tabaccomd.com\\\/ro\\\/product\\\/scrumiera-gizeh-metal-ashtray-far-away\\\/#listItem\",\"position\":5,\"name\":\"Scrumier\\u0103 GIZEH Metal Ashtray &#8211; far away\",\"previousItem\":{\"@type\":\"ListItem\",\"@id\":\"https:\\\/\\\/tabaccomd.com\\\/ro\\\/product-category\\\/totul-pentru-rulat\\\/scrumiera-2\\\/#listItem\",\"name\":\"Scrumier\\u0103\"}}]},{\"@type\":\"Organization\",\"@id\":\"https:\\\/\\\/tabaccomd.com\\\/ro\\\/#organization\",\"name\":\"Tabacco House\",\"description\":\"\\u041c\\u0430\\u0433\\u0430\\u0437\\u0438\\u043d \\u0442\\u0430\\u0431\\u0430\\u0447\\u043d\\u044b\\u0445 \\u0438\\u0437\\u0434\\u0435\\u043b\\u0438\\u0439\",\"url\":\"https:\\\/\\\/tabaccomd.com\\\/ro\\\/\",\"email\":\"Office@cazacuhouse.com\",\"telephone\":\"+37361000935\",\"logo\":{\"@type\":\"ImageObject\",\"url\":\"https:\\\/\\\/tabaccomd.com\\\/wp-content\\\/uploads\\\/2024\\\/02\\\/logo_header3.png\",\"@id\":\"https:\\\/\\\/tabaccomd.com\\\/ro\\\/product\\\/scrumiera-gizeh-metal-ashtray-far-away\\\/#organizationLogo\",\"width\":32,\"height\":32,\"caption\":\"Tabacco House\"},\"image\":{\"@id\":\"https:\\\/\\\/tabaccomd.com\\\/ro\\\/product\\\/scrumiera-gizeh-metal-ashtray-far-away\\\/#organizationLogo\"},\"sameAs\":[\"https:\\\/\\\/www.facebook.com\\\/tabaccomd.com\\\/\",\"https:\\\/\\\/www.instagram.com\\\/tabaccomd.com\\\/\"],\"address\":{\"@id\":\"https:\\\/\\\/tabaccomd.com\\\/ro\\\/#postaladdress\",\"@type\":\"PostalAddress\",\"streetAddress\":\"Strada Albi\\u015foara 4, Chi\\u0219in\\u0103u, Bulevardul \\u0218tefan cel Mare \\u0219i Sf\\u00eent 136, Chi\\u0219in\\u0103u\",\"addressLocality\":\"Chi\\u0219in\\u0103u\",\"addressCountry\":\"MD\"}},{\"@type\":\"Product\",\"@id\":\"https:\\\/\\\/tabaccomd.com\\\/ro\\\/product\\\/scrumiera-gizeh-metal-ashtray-far-away\\\/#wooCommerceProduct\",\"name\":\"Scrumier\\u0103 GIZEH Metal Ashtray - far away\",\"description\":\"Produc\\u0103tor: Gizeh, Germania\\r\\n \\tDimensiune: \\u00d8 14cm\\r\\n \\tMaterial: Metal\",\"url\":\"https:\\\/\\\/tabaccomd.com\\\/ro\\\/product\\\/scrumiera-gizeh-metal-ashtray-far-away\\\/\",\"sku\":\"419280002\",\"image\":{\"@type\":\"ImageObject\",\"url\":\"https:\\\/\\\/tabaccomd.com\\\/wp-content\\\/uploads\\\/2024\\\/01\\\/ashtray-far-away.jpg\",\"@id\":\"https:\\\/\\\/tabaccomd.com\\\/ro\\\/product\\\/scrumiera-gizeh-metal-ashtray-far-away\\\/#productImage\",\"width\":550,\"height\":550,\"caption\":\"ashtray far away\"},\"offers\":{\"@type\":\"Offer\",\"url\":\"https:\\\/\\\/tabaccomd.com\\\/ro\\\/product\\\/scrumiera-gizeh-metal-ashtray-far-away\\\/#wooCommerceOffer\",\"price\":75,\"priceCurrency\":\"MDL\",\"category\":\"Scrumier\\u0103\",\"availability\":\"https:\\\/\\\/schema.org\\\/InStock\",\"priceSpecification\":{\"@type\":\"PriceSpecification\",\"price\":75,\"priceCurrency\":\"MDL\",\"valueAddedTaxIncluded\":\"true\"},\"seller\":{\"@type\":\"Organization\",\"@id\":\"https:\\\/\\\/tabaccomd.com\\\/ro\\\/#organization\"}}},{\"@type\":\"WebPage\",\"@id\":\"https:\\\/\\\/tabaccomd.com\\\/ro\\\/product\\\/scrumiera-gizeh-metal-ashtray-far-away\\\/#webpage\",\"url\":\"https:\\\/\\\/tabaccomd.com\\\/ro\\\/product\\\/scrumiera-gizeh-metal-ashtray-far-away\\\/\",\"name\":\"Scrumier\\u0103 GIZEH Metal Ashtray \\u2013 far away \\u2013 Tabacco House\",\"inLanguage\":\"ro-RO\",\"isPartOf\":{\"@id\":\"https:\\\/\\\/tabaccomd.com\\\/ro\\\/#website\"},\"breadcrumb\":{\"@id\":\"https:\\\/\\\/tabaccomd.com\\\/ro\\\/product\\\/scrumiera-gizeh-metal-ashtray-far-away\\\/#breadcrumblist\"},\"image\":{\"@type\":\"ImageObject\",\"url\":\"https:\\\/\\\/tabaccomd.com\\\/wp-content\\\/uploads\\\/2024\\\/01\\\/ashtray-far-away.jpg\",\"@id\":\"https:\\\/\\\/tabaccomd.com\\\/ro\\\/product\\\/scrumiera-gizeh-metal-ashtray-far-away\\\/#mainImage\",\"width\":550,\"height\":550,\"caption\":\"ashtray far away\"},\"primaryImageOfPage\":{\"@id\":\"https:\\\/\\\/tabaccomd.com\\\/ro\\\/product\\\/scrumiera-gizeh-metal-ashtray-far-away\\\/#mainImage\"},\"datePublished\":\"2024-01-30T20:00:27+03:00\",\"dateModified\":\"2024-01-30T20:00:27+03:00\"},{\"@type\":\"WebSite\",\"@id\":\"https:\\\/\\\/tabaccomd.com\\\/ro\\\/#website\",\"url\":\"https:\\\/\\\/tabaccomd.com\\\/ro\\\/\",\"name\":\"Tabacco House\",\"alternateName\":\"tobaccomd.com\",\"description\":\"\\u041c\\u0430\\u0433\\u0430\\u0437\\u0438\\u043d \\u0442\\u0430\\u0431\\u0430\\u0447\\u043d\\u044b\\u0445 \\u0438\\u0437\\u0434\\u0435\\u043b\\u0438\\u0439\",\"inLanguage\":\"ro-RO\",\"publisher\":{\"@id\":\"https:\\\/\\\/tabaccomd.com\\\/ro\\\/#organization\"}}]}\n\t\t<\/script>\n\t\t<!-- All in One SEO Pro -->\r\n\t\t<title>Scrumier\u0103 GIZEH Metal Ashtray \u2013 far away \u2013 Tabacco House<\/title>\n\n","aioseo_head_json":{"title":"Scrumier\u0103 GIZEH Metal Ashtray \u2013 far away \u2013 Tabacco House","description":"","canonical_url":"https:\/\/tabaccomd.com\/ro\/product\/scrumiera-gizeh-metal-ashtray-far-away\/","robots":"max-image-preview:large","keywords":"","webmasterTools":{"miscellaneous":""},"schema":{"@context":"https:\/\/schema.org","@graph":[{"@type":"BreadcrumbList","@id":"https:\/\/tabaccomd.com\/ro\/product\/scrumiera-gizeh-metal-ashtray-far-away\/#breadcrumblist","itemListElement":[{"@type":"ListItem","@id":"https:\/\/tabaccomd.com\/ro\/#listItem","position":1,"name":"\u0413\u043b\u0430\u0432\u043d\u0430\u044f","item":"https:\/\/tabaccomd.com\/ro\/","nextItem":{"@type":"ListItem","@id":"https:\/\/tabaccomd.com\/ro\/catalog\/#listItem","name":"Catalog"}},{"@type":"ListItem","@id":"https:\/\/tabaccomd.com\/ro\/catalog\/#listItem","position":2,"name":"Catalog","item":"https:\/\/tabaccomd.com\/ro\/catalog\/","nextItem":{"@type":"ListItem","@id":"https:\/\/tabaccomd.com\/ro\/product-category\/totul-pentru-rulat\/#listItem","name":"Totul pentru rulat"},"previousItem":{"@type":"ListItem","@id":"https:\/\/tabaccomd.com\/ro\/#listItem","name":"\u0413\u043b\u0430\u0432\u043d\u0430\u044f"}},{"@type":"ListItem","@id":"https:\/\/tabaccomd.com\/ro\/product-category\/totul-pentru-rulat\/#listItem","position":3,"name":"Totul pentru rulat","item":"https:\/\/tabaccomd.com\/ro\/product-category\/totul-pentru-rulat\/","nextItem":{"@type":"ListItem","@id":"https:\/\/tabaccomd.com\/ro\/product-category\/totul-pentru-rulat\/scrumiera-2\/#listItem","name":"Scrumier\u0103"},"previousItem":{"@type":"ListItem","@id":"https:\/\/tabaccomd.com\/ro\/catalog\/#listItem","name":"Catalog"}},{"@type":"ListItem","@id":"https:\/\/tabaccomd.com\/ro\/product-category\/totul-pentru-rulat\/scrumiera-2\/#listItem","position":4,"name":"Scrumier\u0103","item":"https:\/\/tabaccomd.com\/ro\/product-category\/totul-pentru-rulat\/scrumiera-2\/","nextItem":{"@type":"ListItem","@id":"https:\/\/tabaccomd.com\/ro\/product\/scrumiera-gizeh-metal-ashtray-far-away\/#listItem","name":"Scrumier\u0103 GIZEH Metal Ashtray &#8211; far away"},"previousItem":{"@type":"ListItem","@id":"https:\/\/tabaccomd.com\/ro\/product-category\/totul-pentru-rulat\/#listItem","name":"Totul pentru rulat"}},{"@type":"ListItem","@id":"https:\/\/tabaccomd.com\/ro\/product\/scrumiera-gizeh-metal-ashtray-far-away\/#listItem","position":5,"name":"Scrumier\u0103 GIZEH Metal Ashtray &#8211; far away","previousItem":{"@type":"ListItem","@id":"https:\/\/tabaccomd.com\/ro\/product-category\/totul-pentru-rulat\/scrumiera-2\/#listItem","name":"Scrumier\u0103"}}]},{"@type":"Organization","@id":"https:\/\/tabaccomd.com\/ro\/#organization","name":"Tabacco House","description":"\u041c\u0430\u0433\u0430\u0437\u0438\u043d \u0442\u0430\u0431\u0430\u0447\u043d\u044b\u0445 \u0438\u0437\u0434\u0435\u043b\u0438\u0439","url":"https:\/\/tabaccomd.com\/ro\/","email":"Office@cazacuhouse.com","telephone":"+37361000935","logo":{"@type":"ImageObject","url":"https:\/\/tabaccomd.com\/wp-content\/uploads\/2024\/02\/logo_header3.png","@id":"https:\/\/tabaccomd.com\/ro\/product\/scrumiera-gizeh-metal-ashtray-far-away\/#organizationLogo","width":32,"height":32,"caption":"Tabacco House"},"image":{"@id":"https:\/\/tabaccomd.com\/ro\/product\/scrumiera-gizeh-metal-ashtray-far-away\/#organizationLogo"},"sameAs":["https:\/\/www.facebook.com\/tabaccomd.com\/","https:\/\/www.instagram.com\/tabaccomd.com\/"],"address":{"@id":"https:\/\/tabaccomd.com\/ro\/#postaladdress","@type":"PostalAddress","streetAddress":"Strada Albi\u015foara 4, Chi\u0219in\u0103u, Bulevardul \u0218tefan cel Mare \u0219i Sf\u00eent 136, Chi\u0219in\u0103u","addressLocality":"Chi\u0219in\u0103u","addressCountry":"MD"}},{"@type":"Product","@id":"https:\/\/tabaccomd.com\/ro\/product\/scrumiera-gizeh-metal-ashtray-far-away\/#wooCommerceProduct","name":"Scrumier\u0103 GIZEH Metal Ashtray - far away","description":"Produc\u0103tor: Gizeh, Germania\r\n \tDimensiune: \u00d8 14cm\r\n \tMaterial: Metal","url":"https:\/\/tabaccomd.com\/ro\/product\/scrumiera-gizeh-metal-ashtray-far-away\/","sku":"419280002","image":{"@type":"ImageObject","url":"https:\/\/tabaccomd.com\/wp-content\/uploads\/2024\/01\/ashtray-far-away.jpg","@id":"https:\/\/tabaccomd.com\/ro\/product\/scrumiera-gizeh-metal-ashtray-far-away\/#productImage","width":550,"height":550,"caption":"ashtray far away"},"offers":{"@type":"Offer","url":"https:\/\/tabaccomd.com\/ro\/product\/scrumiera-gizeh-metal-ashtray-far-away\/#wooCommerceOffer","price":75,"priceCurrency":"MDL","category":"Scrumier\u0103","availability":"https:\/\/schema.org\/InStock","priceSpecification":{"@type":"PriceSpecification","price":75,"priceCurrency":"MDL","valueAddedTaxIncluded":"true"},"seller":{"@type":"Organization","@id":"https:\/\/tabaccomd.com\/ro\/#organization"}}},{"@type":"WebPage","@id":"https:\/\/tabaccomd.com\/ro\/product\/scrumiera-gizeh-metal-ashtray-far-away\/#webpage","url":"https:\/\/tabaccomd.com\/ro\/product\/scrumiera-gizeh-metal-ashtray-far-away\/","name":"Scrumier\u0103 GIZEH Metal Ashtray \u2013 far away \u2013 Tabacco House","inLanguage":"ro-RO","isPartOf":{"@id":"https:\/\/tabaccomd.com\/ro\/#website"},"breadcrumb":{"@id":"https:\/\/tabaccomd.com\/ro\/product\/scrumiera-gizeh-metal-ashtray-far-away\/#breadcrumblist"},"image":{"@type":"ImageObject","url":"https:\/\/tabaccomd.com\/wp-content\/uploads\/2024\/01\/ashtray-far-away.jpg","@id":"https:\/\/tabaccomd.com\/ro\/product\/scrumiera-gizeh-metal-ashtray-far-away\/#mainImage","width":550,"height":550,"caption":"ashtray far away"},"primaryImageOfPage":{"@id":"https:\/\/tabaccomd.com\/ro\/product\/scrumiera-gizeh-metal-ashtray-far-away\/#mainImage"},"datePublished":"2024-01-30T20:00:27+03:00","dateModified":"2024-01-30T20:00:27+03:00"},{"@type":"WebSite","@id":"https:\/\/tabaccomd.com\/ro\/#website","url":"https:\/\/tabaccomd.com\/ro\/","name":"Tabacco House","alternateName":"tobaccomd.com","description":"\u041c\u0430\u0433\u0430\u0437\u0438\u043d \u0442\u0430\u0431\u0430\u0447\u043d\u044b\u0445 \u0438\u0437\u0434\u0435\u043b\u0438\u0439","inLanguage":"ro-RO","publisher":{"@id":"https:\/\/tabaccomd.com\/ro\/#organization"}}]},"og:locale":"ro_RO","og:site_name":"Tabacco House \u2013 \u041c\u0430\u0433\u0430\u0437\u0438\u043d \u0442\u0430\u0431\u0430\u0447\u043d\u044b\u0445 \u0438\u0437\u0434\u0435\u043b\u0438\u0439","og:type":"article","og:title":"Scrumier\u0103 GIZEH Metal Ashtray \u2013 far away \u2013 Tabacco House","og:url":"https:\/\/tabaccomd.com\/ro\/product\/scrumiera-gizeh-metal-ashtray-far-away\/","article:published_time":"2024-01-30T17:00:27+00:00","article:modified_time":"2024-01-30T17:00:27+00:00","article:publisher":"https:\/\/www.facebook.com\/tabaccomd.com\/","twitter:card":"summary_large_image","twitter:title":"Scrumier\u0103 GIZEH Metal Ashtray \u2013 far away \u2013 Tabacco House"},"aioseo_meta_data":{"post_id":"134971","title":null,"description":null,"keywords":null,"keyphrases":null,"primary_term":null,"canonical_url":null,"og_title":null,"og_description":null,"og_object_type":"default","og_image_type":"default","og_image_url":null,"og_image_width":null,"og_image_height":null,"og_image_custom_url":null,"og_image_custom_fields":null,"og_video":null,"og_custom_url":null,"og_article_section":null,"og_article_tags":null,"twitter_use_og":false,"twitter_card":"default","twitter_image_type":"default","twitter_image_url":null,"twitter_image_custom_url":null,"twitter_image_custom_fields":null,"twitter_title":null,"twitter_description":null,"schema":{"blockGraphs":[],"customGraphs":[],"default":{"data":{"Article":[],"Course":[],"Dataset":[],"FAQPage":[],"Movie":[],"Person":[],"Product":[],"ProductReview":[],"Car":[],"Recipe":[],"Service":[],"SoftwareApplication":[],"WebPage":[]},"graphName":"","isEnabled":true},"graphs":[]},"schema_type":"default","schema_type_options":null,"pillar_content":false,"robots_default":true,"robots_noindex":false,"robots_noarchive":false,"robots_nosnippet":false,"robots_nofollow":false,"robots_noimageindex":false,"robots_noodp":false,"robots_notranslate":false,"robots_max_snippet":null,"robots_max_videopreview":null,"robots_max_imagepreview":"large","priority":null,"frequency":null,"local_seo":null,"seo_analyzer_scan_date":"2025-10-20 17:51:35","breadcrumb_settings":null,"limit_modified_date":false,"reviewed_by":null,"open_ai":null,"ai":null,"created":"2024-02-02 14:28:27","updated":"2025-10-20 17:51:35"},"aioseo_breadcrumb":"<div class=\"aioseo-breadcrumbs\"><span class=\"aioseo-breadcrumb\">\n\t<a href=\"https:\/\/tabaccomd.com\/ro\/\" title=\"\u0413\u043b\u0430\u0432\u043d\u0430\u044f\">\u0413\u043b\u0430\u0432\u043d\u0430\u044f<\/a>\n<\/span><span class=\"aioseo-breadcrumb-separator\">\u00bb<\/span><span class=\"aioseo-breadcrumb\">\n\t<a href=\"https:\/\/tabaccomd.com\/ro\/catalog\/\" title=\"Catalog\">Catalog<\/a>\n<\/span><span class=\"aioseo-breadcrumb-separator\">\u00bb<\/span><span class=\"aioseo-breadcrumb\">\n\t<a href=\"https:\/\/tabaccomd.com\/ro\/product-category\/totul-pentru-rulat\/\" title=\"Totul pentru rulat\">Totul pentru rulat<\/a>\n<\/span><span class=\"aioseo-breadcrumb-separator\">\u00bb<\/span><span class=\"aioseo-breadcrumb\">\n\t<a href=\"https:\/\/tabaccomd.com\/ro\/product-category\/totul-pentru-rulat\/scrumiera-2\/\" title=\"Scrumier\u0103\">Scrumier\u0103<\/a>\n<\/span><span class=\"aioseo-breadcrumb-separator\">\u00bb<\/span><span class=\"aioseo-breadcrumb\">\n\tScrumier\u0103 GIZEH Metal Ashtray \u2013 far away\n<\/span><\/div>","aioseo_breadcrumb_json":[{"label":"\u0413\u043b\u0430\u0432\u043d\u0430\u044f","link":"https:\/\/tabaccomd.com\/ro\/"},{"label":"Catalog","link":"https:\/\/tabaccomd.com\/ro\/catalog\/"},{"label":"Totul pentru rulat","link":"https:\/\/tabaccomd.com\/ro\/product-category\/totul-pentru-rulat\/"},{"label":"Scrumier\u0103","link":"https:\/\/tabaccomd.com\/ro\/product-category\/totul-pentru-rulat\/scrumiera-2\/"},{"label":"Scrumier\u0103 GIZEH Metal Ashtray &#8211; far away","link":"https:\/\/tabaccomd.com\/ro\/product\/scrumiera-gizeh-metal-ashtray-far-away\/"}],"images_for_1c":[{"url":"https:\/\/tabaccomd.com\/wp-content\/uploads\/2024\/01\/ashtray-far-away.jpg","type":"featured","alt":"ashtray far away","filename":"ashtray-far-away.jpg"}],"additional_data_1c":{"modified_date":"2024-01-30 20:00:27","permalink":"https:\/\/tabaccomd.com\/ro\/product\/scrumiera-gizeh-metal-ashtray-far-away\/","stock_status":"instock","manage_stock":"no"},"_links":{"self":[{"href":"https:\/\/tabaccomd.com\/ro\/wp-json\/wp\/v2\/product\/134971","targetHints":{"allow":["GET"]}}],"collection":[{"href":"https:\/\/tabaccomd.com\/ro\/wp-json\/wp\/v2\/product"}],"about":[{"href":"https:\/\/tabaccomd.com\/ro\/wp-json\/wp\/v2\/types\/product"}],"wp:featuredmedia":[{"embeddable":true,"href":"https:\/\/tabaccomd.com\/ro\/wp-json\/wp\/v2\/media\/134969"}],"wp:attachment":[{"href":"https:\/\/tabaccomd.com\/ro\/wp-json\/wp\/v2\/media?parent=134971"}],"wp:term":[{"taxonomy":"product_brand","embeddable":true,"href":"https:\/\/tabaccomd.com\/ro\/wp-json\/wp\/v2\/product_brand?post=134971"},{"taxonomy":"product_cat","embeddable":true,"href":"https:\/\/tabaccomd.com\/ro\/wp-json\/wp\/v2\/product_cat?post=134971"},{"taxonomy":"product_tag","embeddable":true,"href":"https:\/\/tabaccomd.com\/ro\/wp-json\/wp\/v2\/product_tag?post=134971"}],"curies":[{"name":"wp","href":"https:\/\/api.w.org\/{rel}","templated":true}]}}