{"id":134546,"date":"2024-01-29T12:35:48","date_gmt":"2024-01-29T09:35:48","guid":{"rendered":"https:\/\/tabaccomd.com\/?post_type=product&#038;p=134546"},"modified":"2024-01-29T14:54:26","modified_gmt":"2024-01-29T11:54:26","slug":"narghilea-epox-360-red-vino-flat-36-cm","status":"publish","type":"product","link":"https:\/\/tabaccomd.com\/ro\/product\/narghilea-epox-360-red-vino-flat-36-cm\/","title":{"rendered":"Narghilea EPOX 360 \u2013 Red Vino \u2013 Flat 36 cm"},"content":{"rendered":"<p>Modelele noastre de\u00a0<strong>narghilea\u00a0<\/strong>Epox 360 sunt fabricate din o\u021bel inoxidabil de \u00eenalt\u0103 calitate, cu coloana de fum din rafinat\u0103 r\u0103\u0219in\u0103 epoxidic\u0103. \u00cempreun\u0103 cu ele, prime\u0219ti un set de furtun din silicon. Diferen\u021ba dintre modelele individuale const\u0103 \u00een culoarea coloanei de fum. Principala diferen\u021b\u0103 \u00eentre acest model \u0219i modelele Pro const\u0103 doar \u00een faptul c\u0103 r\u0103\u0219ina epoxidic\u0103 are orificii. Astfel, este furnizat\u0103 doar o carcas\u0103 cu orificii. \u00cen loc de 10 orificii pentru scurgerea fumului, exist\u0103 doar 9. Restul r\u0103m\u00e2ne neschimbat. Echipat cu un difuzor filetat, Epox 360 \u00ee\u021bi ofer\u0103, de asemenea, posibilitatea de a regla nivelul de zgomot al narghilelei \u00een timpul fumatului. \u00cen plus, Epox 360 are 9 variante diferite de evacuare a fumului, permi\u021b\u00e2ndu-\u021bi s\u0103-\u021bi ajustezi narghileaua \u0219i s\u0103 creezi cadre uimitoare. Cu modelele Aladin Epox 360 \u2013 Red Vino \u2013 Flat, \u00ee\u021bi oferim calitate superioar\u0103 la un pre\u021b corect \u0219i \u00een acela\u0219i timp o experien\u021b\u0103 excelent\u0103 de fumat.<\/p>\n","protected":false},"excerpt":{"rendered":"<ul>\n<li>Produc\u0103tor: Aladin, Germania<\/li>\n<li>Dimensiune: 36 cm<\/li>\n<li>Culoare: Ro\u015fu<\/li>\n<li>Material: Aluminiu<\/li>\n<li>Ambalaje cadou<\/li>\n<li><\/li>\n<\/ul>\n","protected":false},"featured_media":134540,"template":"","meta":{"om_disable_all_campaigns":false,"_monsterinsights_skip_tracking":false,"_monsterinsights_sitenote_active":false,"_monsterinsights_sitenote_note":"","_monsterinsights_sitenote_category":0},"product_brand":[],"product_cat":[316],"product_tag":[],"class_list":{"0":"post-134546","1":"product","2":"type-product","3":"status-publish","4":"has-post-thumbnail","6":"product_cat-narghilea-ro","8":"first","9":"onbackorder","10":"taxable","11":"shipping-taxable","12":"purchasable","13":"product-type-simple"},"aioseo_notices":[],"aioseo_head":"\n\t\t<!-- All in One SEO Pro 4.9.5.2 - aioseo.com -->\n\t<meta name=\"description\" content=\"Narghilea EPOX 360 \u2013 Red Vino \u2013 Flat 36 cm de la tabaccomd.com. Avem cele mai bune pre\u021buri \u0219i o gam\u0103 variat\u0103. Comanda\u021bi la telefon \u260e\ufe0f 061000935 cu livrare \u00een Chi\u0219in\u0103u \u0219i \u00een toat\u0103 \u021bara. Cump\u0103ra\u021bi cu \u00eencredere de la Tabacco House!\" \/>\n\t<meta name=\"robots\" content=\"max-image-preview:large\" \/>\n\t<link rel=\"canonical\" href=\"https:\/\/tabaccomd.com\/ro\/product\/narghilea-epox-360-red-vino-flat-36-cm\/\" \/>\n\t<meta name=\"generator\" content=\"All in One SEO Pro (AIOSEO) 4.9.5.2\" \/>\n\t\t<meta property=\"og:locale\" content=\"ro_RO\" \/>\n\t\t<meta property=\"og:site_name\" content=\"Tabacco House \u2013 \u041c\u0430\u0433\u0430\u0437\u0438\u043d \u0442\u0430\u0431\u0430\u0447\u043d\u044b\u0445 \u0438\u0437\u0434\u0435\u043b\u0438\u0439\" \/>\n\t\t<meta property=\"og:type\" content=\"article\" \/>\n\t\t<meta property=\"og:title\" content=\"Narghilea EPOX 360 \u2013 Red Vino \u2013 Flat 36 cm cump\u0103ra\u021bi de la tabaccomd.com cu livrare \u00een Moldova \u0219i Chi\u0219in\u0103u \u2013 Tabacco House\" \/>\n\t\t<meta property=\"og:description\" content=\"Narghilea EPOX 360 \u2013 Red Vino \u2013 Flat 36 cm de la tabaccomd.com. Avem cele mai bune pre\u021buri \u0219i o gam\u0103 variat\u0103. Comanda\u021bi la telefon \u260e\ufe0f 061000935 cu livrare \u00een Chi\u0219in\u0103u \u0219i \u00een toat\u0103 \u021bara. Cump\u0103ra\u021bi cu \u00eencredere de la Tabacco House!\" \/>\n\t\t<meta property=\"og:url\" content=\"https:\/\/tabaccomd.com\/ro\/product\/narghilea-epox-360-red-vino-flat-36-cm\/\" \/>\n\t\t<meta property=\"article:published_time\" content=\"2024-01-29T09:35:48+00:00\" \/>\n\t\t<meta property=\"article:modified_time\" content=\"2024-01-29T11:54:26+00:00\" \/>\n\t\t<meta property=\"article:publisher\" content=\"https:\/\/www.facebook.com\/tabaccomd.com\/\" \/>\n\t\t<meta name=\"twitter:card\" content=\"summary_large_image\" \/>\n\t\t<meta name=\"twitter:title\" content=\"Narghilea EPOX 360 \u2013 Red Vino \u2013 Flat 36 cm cump\u0103ra\u021bi de la tabaccomd.com cu livrare \u00een Moldova \u0219i Chi\u0219in\u0103u \u2013 Tabacco House\" \/>\n\t\t<meta name=\"twitter:description\" content=\"Narghilea EPOX 360 \u2013 Red Vino \u2013 Flat 36 cm de la tabaccomd.com. Avem cele mai bune pre\u021buri \u0219i o gam\u0103 variat\u0103. Comanda\u021bi la telefon \u260e\ufe0f 061000935 cu livrare \u00een Chi\u0219in\u0103u \u0219i \u00een toat\u0103 \u021bara. Cump\u0103ra\u021bi cu \u00eencredere de la Tabacco House!\" \/>\n\t\t<script type=\"application\/ld+json\" class=\"aioseo-schema\">\n\t\t\t{\"@context\":\"https:\\\/\\\/schema.org\",\"@graph\":[{\"@type\":\"BreadcrumbList\",\"@id\":\"https:\\\/\\\/tabaccomd.com\\\/ro\\\/product\\\/narghilea-epox-360-red-vino-flat-36-cm\\\/#breadcrumblist\",\"itemListElement\":[{\"@type\":\"ListItem\",\"@id\":\"https:\\\/\\\/tabaccomd.com\\\/ro\\\/#listItem\",\"position\":1,\"name\":\"\\u0413\\u043b\\u0430\\u0432\\u043d\\u0430\\u044f\",\"item\":\"https:\\\/\\\/tabaccomd.com\\\/ro\\\/\",\"nextItem\":{\"@type\":\"ListItem\",\"@id\":\"https:\\\/\\\/tabaccomd.com\\\/ro\\\/catalog\\\/#listItem\",\"name\":\"Catalog\"}},{\"@type\":\"ListItem\",\"@id\":\"https:\\\/\\\/tabaccomd.com\\\/ro\\\/catalog\\\/#listItem\",\"position\":2,\"name\":\"Catalog\",\"item\":\"https:\\\/\\\/tabaccomd.com\\\/ro\\\/catalog\\\/\",\"nextItem\":{\"@type\":\"ListItem\",\"@id\":\"https:\\\/\\\/tabaccomd.com\\\/ro\\\/product-category\\\/narghilea-ro\\\/#listItem\",\"name\":\"Narghilea\"},\"previousItem\":{\"@type\":\"ListItem\",\"@id\":\"https:\\\/\\\/tabaccomd.com\\\/ro\\\/#listItem\",\"name\":\"\\u0413\\u043b\\u0430\\u0432\\u043d\\u0430\\u044f\"}},{\"@type\":\"ListItem\",\"@id\":\"https:\\\/\\\/tabaccomd.com\\\/ro\\\/product-category\\\/narghilea-ro\\\/#listItem\",\"position\":3,\"name\":\"Narghilea\",\"item\":\"https:\\\/\\\/tabaccomd.com\\\/ro\\\/product-category\\\/narghilea-ro\\\/\",\"nextItem\":{\"@type\":\"ListItem\",\"@id\":\"https:\\\/\\\/tabaccomd.com\\\/ro\\\/product\\\/narghilea-epox-360-red-vino-flat-36-cm\\\/#listItem\",\"name\":\"Narghilea EPOX 360 \\u2013 Red Vino \\u2013 Flat 36 cm\"},\"previousItem\":{\"@type\":\"ListItem\",\"@id\":\"https:\\\/\\\/tabaccomd.com\\\/ro\\\/catalog\\\/#listItem\",\"name\":\"Catalog\"}},{\"@type\":\"ListItem\",\"@id\":\"https:\\\/\\\/tabaccomd.com\\\/ro\\\/product\\\/narghilea-epox-360-red-vino-flat-36-cm\\\/#listItem\",\"position\":4,\"name\":\"Narghilea EPOX 360 \\u2013 Red Vino \\u2013 Flat 36 cm\",\"previousItem\":{\"@type\":\"ListItem\",\"@id\":\"https:\\\/\\\/tabaccomd.com\\\/ro\\\/product-category\\\/narghilea-ro\\\/#listItem\",\"name\":\"Narghilea\"}}]},{\"@type\":\"Organization\",\"@id\":\"https:\\\/\\\/tabaccomd.com\\\/ro\\\/#organization\",\"name\":\"Tabacco House\",\"description\":\"\\u041c\\u0430\\u0433\\u0430\\u0437\\u0438\\u043d \\u0442\\u0430\\u0431\\u0430\\u0447\\u043d\\u044b\\u0445 \\u0438\\u0437\\u0434\\u0435\\u043b\\u0438\\u0439\",\"url\":\"https:\\\/\\\/tabaccomd.com\\\/ro\\\/\",\"email\":\"Office@cazacuhouse.com\",\"telephone\":\"+37361000935\",\"logo\":{\"@type\":\"ImageObject\",\"url\":\"https:\\\/\\\/tabaccomd.com\\\/wp-content\\\/uploads\\\/2024\\\/02\\\/logo_header3.png\",\"@id\":\"https:\\\/\\\/tabaccomd.com\\\/ro\\\/product\\\/narghilea-epox-360-red-vino-flat-36-cm\\\/#organizationLogo\",\"width\":32,\"height\":32,\"caption\":\"Tabacco House\"},\"image\":{\"@id\":\"https:\\\/\\\/tabaccomd.com\\\/ro\\\/product\\\/narghilea-epox-360-red-vino-flat-36-cm\\\/#organizationLogo\"},\"sameAs\":[\"https:\\\/\\\/www.facebook.com\\\/tabaccomd.com\\\/\",\"https:\\\/\\\/www.instagram.com\\\/tabaccomd.com\\\/\"],\"address\":{\"@id\":\"https:\\\/\\\/tabaccomd.com\\\/ro\\\/#postaladdress\",\"@type\":\"PostalAddress\",\"streetAddress\":\"Strada Albi\\u015foara 4, Chi\\u0219in\\u0103u, Bulevardul \\u0218tefan cel Mare \\u0219i Sf\\u00eent 136, Chi\\u0219in\\u0103u\",\"addressLocality\":\"Chi\\u0219in\\u0103u\",\"addressCountry\":\"MD\"}},{\"@type\":\"Product\",\"@id\":\"https:\\\/\\\/tabaccomd.com\\\/ro\\\/product\\\/narghilea-epox-360-red-vino-flat-36-cm\\\/#wooCommerceProduct\",\"name\":\"Narghilea EPOX 360 \\u2013 Red Vino \\u2013 Flat 36 cm\",\"description\":\"Produc\\u0103tor: Aladin, Germania\\r\\n \\tDimensiune: 36 cm\\r\\n \\tCuloare: Ro\\u015fu\\r\\n \\tMaterial: Aluminiu\\r\\n \\tAmbalaje cadou\",\"url\":\"https:\\\/\\\/tabaccomd.com\\\/ro\\\/product\\\/narghilea-epox-360-red-vino-flat-36-cm\\\/\",\"sku\":\"WEP360-2-si-r-r\",\"image\":{\"@type\":\"ImageObject\",\"url\":\"https:\\\/\\\/tabaccomd.com\\\/wp-content\\\/uploads\\\/2024\\\/01\\\/red-vino-1.jpg\",\"@id\":\"https:\\\/\\\/tabaccomd.com\\\/ro\\\/product\\\/narghilea-epox-360-red-vino-flat-36-cm\\\/#productImage\",\"width\":1000,\"height\":1000,\"caption\":\"\\u041a\\u0430\\u043b\\u044c\\u044f\\u043d EPOX 360 \\u2014 Red Vino \\u2014 Flat 36 \\u0441\\u043c\"},\"offers\":{\"@type\":\"Offer\",\"url\":\"https:\\\/\\\/tabaccomd.com\\\/ro\\\/product\\\/narghilea-epox-360-red-vino-flat-36-cm\\\/#wooCommerceOffer\",\"price\":2900,\"priceCurrency\":\"MDL\",\"category\":\"Narghilea\",\"availability\":\"https:\\\/\\\/schema.org\\\/PreOrder\",\"priceSpecification\":{\"@type\":\"PriceSpecification\",\"price\":2900,\"priceCurrency\":\"MDL\",\"valueAddedTaxIncluded\":\"true\"},\"seller\":{\"@type\":\"Organization\",\"@id\":\"https:\\\/\\\/tabaccomd.com\\\/ro\\\/#organization\"}}},{\"@type\":\"WebPage\",\"@id\":\"https:\\\/\\\/tabaccomd.com\\\/ro\\\/product\\\/narghilea-epox-360-red-vino-flat-36-cm\\\/#webpage\",\"url\":\"https:\\\/\\\/tabaccomd.com\\\/ro\\\/product\\\/narghilea-epox-360-red-vino-flat-36-cm\\\/\",\"name\":\"Narghilea EPOX 360 \\u2013 Red Vino \\u2013 Flat 36 cm cump\\u0103ra\\u021bi de la tabaccomd.com cu livrare \\u00een Moldova \\u0219i Chi\\u0219in\\u0103u \\u2013 Tabacco House\",\"description\":\"Narghilea EPOX 360 \\u2013 Red Vino \\u2013 Flat 36 cm de la tabaccomd.com. Avem cele mai bune pre\\u021buri \\u0219i o gam\\u0103 variat\\u0103. Comanda\\u021bi la telefon \\u260e\\ufe0f 061000935 cu livrare \\u00een Chi\\u0219in\\u0103u \\u0219i \\u00een toat\\u0103 \\u021bara. Cump\\u0103ra\\u021bi cu \\u00eencredere de la Tabacco House!\",\"inLanguage\":\"ro-RO\",\"isPartOf\":{\"@id\":\"https:\\\/\\\/tabaccomd.com\\\/ro\\\/#website\"},\"breadcrumb\":{\"@id\":\"https:\\\/\\\/tabaccomd.com\\\/ro\\\/product\\\/narghilea-epox-360-red-vino-flat-36-cm\\\/#breadcrumblist\"},\"image\":{\"@type\":\"ImageObject\",\"url\":\"https:\\\/\\\/tabaccomd.com\\\/wp-content\\\/uploads\\\/2024\\\/01\\\/red-vino-1.jpg\",\"@id\":\"https:\\\/\\\/tabaccomd.com\\\/ro\\\/product\\\/narghilea-epox-360-red-vino-flat-36-cm\\\/#mainImage\",\"width\":1000,\"height\":1000,\"caption\":\"\\u041a\\u0430\\u043b\\u044c\\u044f\\u043d EPOX 360 \\u2014 Red Vino \\u2014 Flat 36 \\u0441\\u043c\"},\"primaryImageOfPage\":{\"@id\":\"https:\\\/\\\/tabaccomd.com\\\/ro\\\/product\\\/narghilea-epox-360-red-vino-flat-36-cm\\\/#mainImage\"},\"datePublished\":\"2024-01-29T12:35:48+03:00\",\"dateModified\":\"2024-01-29T14:54:26+03:00\"},{\"@type\":\"WebSite\",\"@id\":\"https:\\\/\\\/tabaccomd.com\\\/ro\\\/#website\",\"url\":\"https:\\\/\\\/tabaccomd.com\\\/ro\\\/\",\"name\":\"Tabacco House\",\"alternateName\":\"tobaccomd.com\",\"description\":\"\\u041c\\u0430\\u0433\\u0430\\u0437\\u0438\\u043d \\u0442\\u0430\\u0431\\u0430\\u0447\\u043d\\u044b\\u0445 \\u0438\\u0437\\u0434\\u0435\\u043b\\u0438\\u0439\",\"inLanguage\":\"ro-RO\",\"publisher\":{\"@id\":\"https:\\\/\\\/tabaccomd.com\\\/ro\\\/#organization\"}}]}\n\t\t<\/script>\n\t\t<!-- All in One SEO Pro -->\r\n\t\t<title>Narghilea EPOX 360 \u2013 Red Vino \u2013 Flat 36 cm cump\u0103ra\u021bi de la tabaccomd.com cu livrare \u00een Moldova \u0219i Chi\u0219in\u0103u \u2013 Tabacco House<\/title>\n\n","aioseo_head_json":{"title":"Narghilea EPOX 360 \u2013 Red Vino \u2013 Flat 36 cm cump\u0103ra\u021bi de la tabaccomd.com cu livrare \u00een Moldova \u0219i Chi\u0219in\u0103u \u2013 Tabacco House","description":"Narghilea EPOX 360 \u2013 Red Vino \u2013 Flat 36 cm de la tabaccomd.com. Avem cele mai bune pre\u021buri \u0219i o gam\u0103 variat\u0103. Comanda\u021bi la telefon \u260e\ufe0f 061000935 cu livrare \u00een Chi\u0219in\u0103u \u0219i \u00een toat\u0103 \u021bara. Cump\u0103ra\u021bi cu \u00eencredere de la Tabacco House!","canonical_url":"https:\/\/tabaccomd.com\/ro\/product\/narghilea-epox-360-red-vino-flat-36-cm\/","robots":"max-image-preview:large","keywords":"","webmasterTools":{"miscellaneous":""},"schema":{"@context":"https:\/\/schema.org","@graph":[{"@type":"BreadcrumbList","@id":"https:\/\/tabaccomd.com\/ro\/product\/narghilea-epox-360-red-vino-flat-36-cm\/#breadcrumblist","itemListElement":[{"@type":"ListItem","@id":"https:\/\/tabaccomd.com\/ro\/#listItem","position":1,"name":"\u0413\u043b\u0430\u0432\u043d\u0430\u044f","item":"https:\/\/tabaccomd.com\/ro\/","nextItem":{"@type":"ListItem","@id":"https:\/\/tabaccomd.com\/ro\/catalog\/#listItem","name":"Catalog"}},{"@type":"ListItem","@id":"https:\/\/tabaccomd.com\/ro\/catalog\/#listItem","position":2,"name":"Catalog","item":"https:\/\/tabaccomd.com\/ro\/catalog\/","nextItem":{"@type":"ListItem","@id":"https:\/\/tabaccomd.com\/ro\/product-category\/narghilea-ro\/#listItem","name":"Narghilea"},"previousItem":{"@type":"ListItem","@id":"https:\/\/tabaccomd.com\/ro\/#listItem","name":"\u0413\u043b\u0430\u0432\u043d\u0430\u044f"}},{"@type":"ListItem","@id":"https:\/\/tabaccomd.com\/ro\/product-category\/narghilea-ro\/#listItem","position":3,"name":"Narghilea","item":"https:\/\/tabaccomd.com\/ro\/product-category\/narghilea-ro\/","nextItem":{"@type":"ListItem","@id":"https:\/\/tabaccomd.com\/ro\/product\/narghilea-epox-360-red-vino-flat-36-cm\/#listItem","name":"Narghilea EPOX 360 \u2013 Red Vino \u2013 Flat 36 cm"},"previousItem":{"@type":"ListItem","@id":"https:\/\/tabaccomd.com\/ro\/catalog\/#listItem","name":"Catalog"}},{"@type":"ListItem","@id":"https:\/\/tabaccomd.com\/ro\/product\/narghilea-epox-360-red-vino-flat-36-cm\/#listItem","position":4,"name":"Narghilea EPOX 360 \u2013 Red Vino \u2013 Flat 36 cm","previousItem":{"@type":"ListItem","@id":"https:\/\/tabaccomd.com\/ro\/product-category\/narghilea-ro\/#listItem","name":"Narghilea"}}]},{"@type":"Organization","@id":"https:\/\/tabaccomd.com\/ro\/#organization","name":"Tabacco House","description":"\u041c\u0430\u0433\u0430\u0437\u0438\u043d \u0442\u0430\u0431\u0430\u0447\u043d\u044b\u0445 \u0438\u0437\u0434\u0435\u043b\u0438\u0439","url":"https:\/\/tabaccomd.com\/ro\/","email":"Office@cazacuhouse.com","telephone":"+37361000935","logo":{"@type":"ImageObject","url":"https:\/\/tabaccomd.com\/wp-content\/uploads\/2024\/02\/logo_header3.png","@id":"https:\/\/tabaccomd.com\/ro\/product\/narghilea-epox-360-red-vino-flat-36-cm\/#organizationLogo","width":32,"height":32,"caption":"Tabacco House"},"image":{"@id":"https:\/\/tabaccomd.com\/ro\/product\/narghilea-epox-360-red-vino-flat-36-cm\/#organizationLogo"},"sameAs":["https:\/\/www.facebook.com\/tabaccomd.com\/","https:\/\/www.instagram.com\/tabaccomd.com\/"],"address":{"@id":"https:\/\/tabaccomd.com\/ro\/#postaladdress","@type":"PostalAddress","streetAddress":"Strada Albi\u015foara 4, Chi\u0219in\u0103u, Bulevardul \u0218tefan cel Mare \u0219i Sf\u00eent 136, Chi\u0219in\u0103u","addressLocality":"Chi\u0219in\u0103u","addressCountry":"MD"}},{"@type":"Product","@id":"https:\/\/tabaccomd.com\/ro\/product\/narghilea-epox-360-red-vino-flat-36-cm\/#wooCommerceProduct","name":"Narghilea EPOX 360 \u2013 Red Vino \u2013 Flat 36 cm","description":"Produc\u0103tor: Aladin, Germania\r\n \tDimensiune: 36 cm\r\n \tCuloare: Ro\u015fu\r\n \tMaterial: Aluminiu\r\n \tAmbalaje cadou","url":"https:\/\/tabaccomd.com\/ro\/product\/narghilea-epox-360-red-vino-flat-36-cm\/","sku":"WEP360-2-si-r-r","image":{"@type":"ImageObject","url":"https:\/\/tabaccomd.com\/wp-content\/uploads\/2024\/01\/red-vino-1.jpg","@id":"https:\/\/tabaccomd.com\/ro\/product\/narghilea-epox-360-red-vino-flat-36-cm\/#productImage","width":1000,"height":1000,"caption":"\u041a\u0430\u043b\u044c\u044f\u043d EPOX 360 \u2014 Red Vino \u2014 Flat 36 \u0441\u043c"},"offers":{"@type":"Offer","url":"https:\/\/tabaccomd.com\/ro\/product\/narghilea-epox-360-red-vino-flat-36-cm\/#wooCommerceOffer","price":2900,"priceCurrency":"MDL","category":"Narghilea","availability":"https:\/\/schema.org\/PreOrder","priceSpecification":{"@type":"PriceSpecification","price":2900,"priceCurrency":"MDL","valueAddedTaxIncluded":"true"},"seller":{"@type":"Organization","@id":"https:\/\/tabaccomd.com\/ro\/#organization"}}},{"@type":"WebPage","@id":"https:\/\/tabaccomd.com\/ro\/product\/narghilea-epox-360-red-vino-flat-36-cm\/#webpage","url":"https:\/\/tabaccomd.com\/ro\/product\/narghilea-epox-360-red-vino-flat-36-cm\/","name":"Narghilea EPOX 360 \u2013 Red Vino \u2013 Flat 36 cm cump\u0103ra\u021bi de la tabaccomd.com cu livrare \u00een Moldova \u0219i Chi\u0219in\u0103u \u2013 Tabacco House","description":"Narghilea EPOX 360 \u2013 Red Vino \u2013 Flat 36 cm de la tabaccomd.com. Avem cele mai bune pre\u021buri \u0219i o gam\u0103 variat\u0103. Comanda\u021bi la telefon \u260e\ufe0f 061000935 cu livrare \u00een Chi\u0219in\u0103u \u0219i \u00een toat\u0103 \u021bara. Cump\u0103ra\u021bi cu \u00eencredere de la Tabacco House!","inLanguage":"ro-RO","isPartOf":{"@id":"https:\/\/tabaccomd.com\/ro\/#website"},"breadcrumb":{"@id":"https:\/\/tabaccomd.com\/ro\/product\/narghilea-epox-360-red-vino-flat-36-cm\/#breadcrumblist"},"image":{"@type":"ImageObject","url":"https:\/\/tabaccomd.com\/wp-content\/uploads\/2024\/01\/red-vino-1.jpg","@id":"https:\/\/tabaccomd.com\/ro\/product\/narghilea-epox-360-red-vino-flat-36-cm\/#mainImage","width":1000,"height":1000,"caption":"\u041a\u0430\u043b\u044c\u044f\u043d EPOX 360 \u2014 Red Vino \u2014 Flat 36 \u0441\u043c"},"primaryImageOfPage":{"@id":"https:\/\/tabaccomd.com\/ro\/product\/narghilea-epox-360-red-vino-flat-36-cm\/#mainImage"},"datePublished":"2024-01-29T12:35:48+03:00","dateModified":"2024-01-29T14:54:26+03:00"},{"@type":"WebSite","@id":"https:\/\/tabaccomd.com\/ro\/#website","url":"https:\/\/tabaccomd.com\/ro\/","name":"Tabacco House","alternateName":"tobaccomd.com","description":"\u041c\u0430\u0433\u0430\u0437\u0438\u043d \u0442\u0430\u0431\u0430\u0447\u043d\u044b\u0445 \u0438\u0437\u0434\u0435\u043b\u0438\u0439","inLanguage":"ro-RO","publisher":{"@id":"https:\/\/tabaccomd.com\/ro\/#organization"}}]},"og:locale":"ro_RO","og:site_name":"Tabacco House \u2013 \u041c\u0430\u0433\u0430\u0437\u0438\u043d \u0442\u0430\u0431\u0430\u0447\u043d\u044b\u0445 \u0438\u0437\u0434\u0435\u043b\u0438\u0439","og:type":"article","og:title":"Narghilea EPOX 360 \u2013 Red Vino \u2013 Flat 36 cm cump\u0103ra\u021bi de la tabaccomd.com cu livrare \u00een Moldova \u0219i Chi\u0219in\u0103u \u2013 Tabacco House","og:description":"Narghilea EPOX 360 \u2013 Red Vino \u2013 Flat 36 cm de la tabaccomd.com. Avem cele mai bune pre\u021buri \u0219i o gam\u0103 variat\u0103. Comanda\u021bi la telefon \u260e\ufe0f 061000935 cu livrare \u00een Chi\u0219in\u0103u \u0219i \u00een toat\u0103 \u021bara. Cump\u0103ra\u021bi cu \u00eencredere de la Tabacco House!","og:url":"https:\/\/tabaccomd.com\/ro\/product\/narghilea-epox-360-red-vino-flat-36-cm\/","article:published_time":"2024-01-29T09:35:48+00:00","article:modified_time":"2024-01-29T11:54:26+00:00","article:publisher":"https:\/\/www.facebook.com\/tabaccomd.com\/","twitter:card":"summary_large_image","twitter:title":"Narghilea EPOX 360 \u2013 Red Vino \u2013 Flat 36 cm cump\u0103ra\u021bi de la tabaccomd.com cu livrare \u00een Moldova \u0219i Chi\u0219in\u0103u \u2013 Tabacco House","twitter:description":"Narghilea EPOX 360 \u2013 Red Vino \u2013 Flat 36 cm de la tabaccomd.com. Avem cele mai bune pre\u021buri \u0219i o gam\u0103 variat\u0103. Comanda\u021bi la telefon \u260e\ufe0f 061000935 cu livrare \u00een Chi\u0219in\u0103u \u0219i \u00een toat\u0103 \u021bara. Cump\u0103ra\u021bi cu \u00eencredere de la Tabacco House!"},"aioseo_meta_data":{"post_id":"134546","title":"#post_title cump\u0103ra\u021bi de la tabaccomd.com cu livrare \u00een Moldova \u0219i Chi\u0219in\u0103u #separator_sa #site_title","description":"#post_title de la tabaccomd.com. Avem cele mai bune pre\u021buri \u0219i o gam\u0103 variat\u0103. Comanda\u021bi la telefon \u260e\ufe0f 061000935 cu livrare \u00een Chi\u0219in\u0103u \u0219i \u00een toat\u0103 \u021bara. Cump\u0103ra\u021bi cu \u00eencredere de la Tabacco House!","keywords":[],"keyphrases":{"focus":{"keyphrase":"Narghilea EPOX 360 \u2013 Red Vino \u2013 Flat 36 cm","score":78,"analysis":{"keyphraseInTitle":{"score":9,"maxScore":9,"error":0},"keyphraseInDescription":{"score":9,"maxScore":9,"error":0},"keyphraseLength":{"score":6,"maxScore":9,"error":1,"length":6},"keyphraseInURL":{"score":5,"maxScore":5,"error":0},"keyphraseInIntroduction":{"score":3,"maxScore":9,"error":1},"keyphraseInSubHeadings":[],"keyphraseInImageAlt":[]}},"additional":[]},"primary_term":null,"canonical_url":null,"og_title":null,"og_description":null,"og_object_type":"default","og_image_type":"default","og_image_url":null,"og_image_width":null,"og_image_height":null,"og_image_custom_url":null,"og_image_custom_fields":null,"og_video":"","og_custom_url":null,"og_article_section":null,"og_article_tags":[],"twitter_use_og":false,"twitter_card":"default","twitter_image_type":"default","twitter_image_url":null,"twitter_image_custom_url":null,"twitter_image_custom_fields":null,"twitter_title":null,"twitter_description":null,"schema":{"blockGraphs":[],"customGraphs":[],"default":{"data":{"Article":[],"Course":[],"Dataset":[],"FAQPage":[],"Movie":[],"Person":[],"Product":[],"ProductReview":[],"Car":[],"Recipe":[],"Service":[],"SoftwareApplication":[],"WebPage":[]},"graphName":"ItemPage","isEnabled":true},"graphs":[]},"schema_type":"default","schema_type_options":null,"pillar_content":false,"robots_default":true,"robots_noindex":false,"robots_noarchive":false,"robots_nosnippet":false,"robots_nofollow":false,"robots_noimageindex":false,"robots_noodp":false,"robots_notranslate":false,"robots_max_snippet":"-1","robots_max_videopreview":"-1","robots_max_imagepreview":"large","priority":null,"frequency":"default","local_seo":null,"seo_analyzer_scan_date":"2025-10-20 17:41:43","breadcrumb_settings":null,"limit_modified_date":false,"reviewed_by":null,"open_ai":null,"ai":null,"created":"2024-01-29 09:36:08","updated":"2025-10-20 17:41:43"},"aioseo_breadcrumb":"<div class=\"aioseo-breadcrumbs\"><span class=\"aioseo-breadcrumb\">\n\t<a href=\"https:\/\/tabaccomd.com\/ro\/\" title=\"\u0413\u043b\u0430\u0432\u043d\u0430\u044f\">\u0413\u043b\u0430\u0432\u043d\u0430\u044f<\/a>\n<\/span><span class=\"aioseo-breadcrumb-separator\">\u00bb<\/span><span class=\"aioseo-breadcrumb\">\n\t<a href=\"https:\/\/tabaccomd.com\/ro\/catalog\/\" title=\"Catalog\">Catalog<\/a>\n<\/span><span class=\"aioseo-breadcrumb-separator\">\u00bb<\/span><span class=\"aioseo-breadcrumb\">\n\t<a href=\"https:\/\/tabaccomd.com\/ro\/product-category\/narghilea-ro\/\" title=\"Narghilea\">Narghilea<\/a>\n<\/span><span class=\"aioseo-breadcrumb-separator\">\u00bb<\/span><span class=\"aioseo-breadcrumb\">\n\tNarghilea EPOX 360 \u2013 Red Vino \u2013 Flat 36 cm\n<\/span><\/div>","aioseo_breadcrumb_json":[{"label":"\u0413\u043b\u0430\u0432\u043d\u0430\u044f","link":"https:\/\/tabaccomd.com\/ro\/"},{"label":"Catalog","link":"https:\/\/tabaccomd.com\/ro\/catalog\/"},{"label":"Narghilea","link":"https:\/\/tabaccomd.com\/ro\/product-category\/narghilea-ro\/"},{"label":"Narghilea EPOX 360 \u2013 Red Vino \u2013 Flat 36 cm","link":"https:\/\/tabaccomd.com\/ro\/product\/narghilea-epox-360-red-vino-flat-36-cm\/"}],"images_for_1c":[{"url":"https:\/\/tabaccomd.com\/wp-content\/uploads\/2024\/01\/red-vino-1.jpg","type":"featured","alt":"\u041a\u0430\u043b\u044c\u044f\u043d EPOX 360 \u2014 Red Vino \u2014 Flat 36 \u0441\u043c","filename":"red-vino-1.jpg"},{"url":"https:\/\/tabaccomd.com\/wp-content\/uploads\/2024\/01\/red-vino-2.jpg","type":"gallery","alt":"","filename":"red-vino-2.jpg"},{"url":"https:\/\/tabaccomd.com\/wp-content\/uploads\/2024\/01\/red-vino-4.jpg","type":"gallery","alt":"","filename":"red-vino-4.jpg"},{"url":"https:\/\/tabaccomd.com\/wp-content\/uploads\/2024\/01\/blue-gold-4.jpg","type":"gallery","alt":"","filename":"blue-gold-4.jpg"},{"url":"https:\/\/tabaccomd.com\/wp-content\/uploads\/2024\/01\/blue-glow-5.jpg","type":"gallery","alt":"","filename":"blue-glow-5.jpg"},{"url":"https:\/\/tabaccomd.com\/wp-content\/uploads\/2024\/01\/blue-glow-6.jpg","type":"gallery","alt":"","filename":"blue-glow-6.jpg"},{"url":"https:\/\/tabaccomd.com\/wp-content\/uploads\/2024\/01\/alux-red-8-8.jpg","type":"gallery","alt":"","filename":"alux-red-8-8.jpg"}],"additional_data_1c":{"modified_date":"2024-01-29 14:54:26","permalink":"https:\/\/tabaccomd.com\/ro\/product\/narghilea-epox-360-red-vino-flat-36-cm\/","stock_status":"onbackorder","manage_stock":"no"},"_links":{"self":[{"href":"https:\/\/tabaccomd.com\/ro\/wp-json\/wp\/v2\/product\/134546","targetHints":{"allow":["GET"]}}],"collection":[{"href":"https:\/\/tabaccomd.com\/ro\/wp-json\/wp\/v2\/product"}],"about":[{"href":"https:\/\/tabaccomd.com\/ro\/wp-json\/wp\/v2\/types\/product"}],"wp:featuredmedia":[{"embeddable":true,"href":"https:\/\/tabaccomd.com\/ro\/wp-json\/wp\/v2\/media\/134540"}],"wp:attachment":[{"href":"https:\/\/tabaccomd.com\/ro\/wp-json\/wp\/v2\/media?parent=134546"}],"wp:term":[{"taxonomy":"product_brand","embeddable":true,"href":"https:\/\/tabaccomd.com\/ro\/wp-json\/wp\/v2\/product_brand?post=134546"},{"taxonomy":"product_cat","embeddable":true,"href":"https:\/\/tabaccomd.com\/ro\/wp-json\/wp\/v2\/product_cat?post=134546"},{"taxonomy":"product_tag","embeddable":true,"href":"https:\/\/tabaccomd.com\/ro\/wp-json\/wp\/v2\/product_tag?post=134546"}],"curies":[{"name":"wp","href":"https:\/\/api.w.org\/{rel}","templated":true}]}}