{"id":134263,"date":"2024-01-26T01:23:29","date_gmt":"2024-01-25T22:23:29","guid":{"rendered":"https:\/\/tabaccomd.com\/?post_type=product&#038;p=134263"},"modified":"2024-01-29T15:24:08","modified_gmt":"2024-01-29T12:24:08","slug":"narghilea-alux-admiral-purple-50-cm","status":"publish","type":"product","link":"https:\/\/tabaccomd.com\/ro\/product\/narghilea-alux-admiral-purple-50-cm\/","title":{"rendered":"Narghilea Alux Admiral &#8211; Purple 50 cm"},"content":{"rendered":"<p><strong>Narghilele Aladin\u00a0<\/strong>sunt cunoscute \u00een \u00eentreaga lume pentru performan\u021ba lor de \u00eenalt\u0103 clas\u0103 \u0219i pentru solu\u021biile menite s\u0103 maximizeze experien\u021ba de fumat.\u00a0<a href=\"https:\/\/tabaccomd.com\/ro\/categorie-produs\/narghilea-ro\/narghilea-aladin-2\/\" target=\"_blank\" rel=\"noopener\">Narghilea Aladin Alux Purple <\/a>este o ofert\u0103 de buget a produc\u0103torului german, care, \u00een ciuda pre\u021bului s\u0103u sc\u0103zut, nu difer\u0103 \u00een ceea ce prive\u0219te calitatea fumatului de multe produse mai scumpe.\u00a0<a href=\"https:\/\/tabaccomd.com\/ro\/categorie-produs\/narghilea-ro\/narghilea-aladin-2\/\" target=\"_blank\" rel=\"noopener\">Aladin Alux Aladin<\/a>\u00a0este cadoul perfect pentru iubitorii de narghilea \u00eencep\u0103tori, datorit\u0103 setului s\u0103u complet de accesorii \u0219i instrumente, care v\u0103 permite s\u0103 v\u0103 preg\u0103ti\u021bi pentru sesiunea de narghilea chiar din cutie. Un trio de furtun de silicon, o pies\u0103 de gur\u0103 din aluminiu \u0219i un arc de rigidizare pentru a \u00eempiedica \u00eendoirea furtunului \u0219i blocarea fluxului de fum sunt responsabile pentru o puf\u0103ial\u0103 lin\u0103 \u0219i perfect\u0103. De asemenea, este inclus\u0103 o cea\u0219c\u0103 tradi\u021bional\u0103 din lut cu un controler -badchia pentru un control mai bun al temperaturii de fumat. Toate acestea contribuie la o experien\u021b\u0103 foarte confortabil\u0103 \u0219i pl\u0103cut\u0103.<\/p>\n","protected":false},"excerpt":{"rendered":"<ul>\n<li>Produc\u0103tor: Aladdin, Germania<\/li>\n<li>Dimensiune: 50 cm<\/li>\n<li>Culoare: Lila<\/li>\n<li>Material: Aluminiu<\/li>\n<li>Ambalaje cadou<\/li>\n<li><\/li>\n<\/ul>\n","protected":false},"featured_media":134258,"template":"","meta":{"om_disable_all_campaigns":false,"_monsterinsights_skip_tracking":false,"_monsterinsights_sitenote_active":false,"_monsterinsights_sitenote_note":"","_monsterinsights_sitenote_category":0},"product_brand":[],"product_cat":[207],"product_tag":[],"class_list":{"0":"post-134263","1":"product","2":"type-product","3":"status-publish","4":"has-post-thumbnail","6":"product_cat-narghilea-aladin-2","8":"first","9":"onbackorder","10":"taxable","11":"shipping-taxable","12":"purchasable","13":"product-type-simple"},"aioseo_notices":[],"aioseo_head":"\n\t\t<!-- All in One SEO Pro 4.9.6.2 - aioseo.com -->\n\t<meta name=\"description\" content=\"Narghilea Alux Admiral \u2013 Purple 50 cm de la tabaccomd.com. Avem cele mai bune pre\u021buri \u0219i o gam\u0103 variat\u0103. Comanda\u021bi la telefon \u260e\ufe0f 061000935 cu livrare \u00een Chi\u0219in\u0103u \u0219i \u00een toat\u0103 \u021bara. Cump\u0103ra\u021bi cu \u00eencredere de la Tabacco House!\" \/>\n\t<meta name=\"robots\" content=\"max-image-preview:large\" \/>\n\t<link rel=\"canonical\" href=\"https:\/\/tabaccomd.com\/ro\/product\/narghilea-alux-admiral-purple-50-cm\/\" \/>\n\t<meta name=\"generator\" content=\"All in One SEO Pro (AIOSEO) 4.9.6.2\" \/>\n\t\t<meta property=\"og:locale\" content=\"ro_RO\" \/>\n\t\t<meta property=\"og:site_name\" content=\"Tabacco House \u2013 \u041c\u0430\u0433\u0430\u0437\u0438\u043d \u0442\u0430\u0431\u0430\u0447\u043d\u044b\u0445 \u0438\u0437\u0434\u0435\u043b\u0438\u0439\" \/>\n\t\t<meta property=\"og:type\" content=\"article\" \/>\n\t\t<meta property=\"og:title\" content=\"Narghilea Alux Admiral \u2013 Purple 50 cm cump\u0103ra\u021bi de la tabaccomd.com cu livrare \u00een Moldova \u0219i Chi\u0219in\u0103u \u2013 Tabacco House\" \/>\n\t\t<meta property=\"og:description\" content=\"Narghilea Alux Admiral \u2013 Purple 50 cm de la tabaccomd.com. Avem cele mai bune pre\u021buri \u0219i o gam\u0103 variat\u0103. Comanda\u021bi la telefon \u260e\ufe0f 061000935 cu livrare \u00een Chi\u0219in\u0103u \u0219i \u00een toat\u0103 \u021bara. Cump\u0103ra\u021bi cu \u00eencredere de la Tabacco House!\" \/>\n\t\t<meta property=\"og:url\" content=\"https:\/\/tabaccomd.com\/ro\/product\/narghilea-alux-admiral-purple-50-cm\/\" \/>\n\t\t<meta property=\"article:published_time\" content=\"2024-01-25T22:23:29+00:00\" \/>\n\t\t<meta property=\"article:modified_time\" content=\"2024-01-29T12:24:08+00:00\" \/>\n\t\t<meta property=\"article:publisher\" content=\"https:\/\/www.facebook.com\/tabaccomd.com\/\" \/>\n\t\t<meta name=\"twitter:card\" content=\"summary_large_image\" \/>\n\t\t<meta name=\"twitter:title\" content=\"Narghilea Alux Admiral \u2013 Purple 50 cm cump\u0103ra\u021bi de la tabaccomd.com cu livrare \u00een Moldova \u0219i Chi\u0219in\u0103u \u2013 Tabacco House\" \/>\n\t\t<meta name=\"twitter:description\" content=\"Narghilea Alux Admiral \u2013 Purple 50 cm de la tabaccomd.com. Avem cele mai bune pre\u021buri \u0219i o gam\u0103 variat\u0103. Comanda\u021bi la telefon \u260e\ufe0f 061000935 cu livrare \u00een Chi\u0219in\u0103u \u0219i \u00een toat\u0103 \u021bara. Cump\u0103ra\u021bi cu \u00eencredere de la Tabacco House!\" \/>\n\t\t<script type=\"application\/ld+json\" class=\"aioseo-schema\">\n\t\t\t{\"@context\":\"https:\\\/\\\/schema.org\",\"@graph\":[{\"@type\":\"BreadcrumbList\",\"@id\":\"https:\\\/\\\/tabaccomd.com\\\/ro\\\/product\\\/narghilea-alux-admiral-purple-50-cm\\\/#breadcrumblist\",\"itemListElement\":[{\"@type\":\"ListItem\",\"@id\":\"https:\\\/\\\/tabaccomd.com\\\/ro\\\/#listItem\",\"position\":1,\"name\":\"\\u0413\\u043b\\u0430\\u0432\\u043d\\u0430\\u044f\",\"item\":\"https:\\\/\\\/tabaccomd.com\\\/ro\\\/\",\"nextItem\":{\"@type\":\"ListItem\",\"@id\":\"https:\\\/\\\/tabaccomd.com\\\/ro\\\/catalog\\\/#listItem\",\"name\":\"Catalog\"}},{\"@type\":\"ListItem\",\"@id\":\"https:\\\/\\\/tabaccomd.com\\\/ro\\\/catalog\\\/#listItem\",\"position\":2,\"name\":\"Catalog\",\"item\":\"https:\\\/\\\/tabaccomd.com\\\/ro\\\/catalog\\\/\",\"nextItem\":{\"@type\":\"ListItem\",\"@id\":\"https:\\\/\\\/tabaccomd.com\\\/ro\\\/product-category\\\/narghilea-ro\\\/#listItem\",\"name\":\"Narghilea\"},\"previousItem\":{\"@type\":\"ListItem\",\"@id\":\"https:\\\/\\\/tabaccomd.com\\\/ro\\\/#listItem\",\"name\":\"\\u0413\\u043b\\u0430\\u0432\\u043d\\u0430\\u044f\"}},{\"@type\":\"ListItem\",\"@id\":\"https:\\\/\\\/tabaccomd.com\\\/ro\\\/product-category\\\/narghilea-ro\\\/#listItem\",\"position\":3,\"name\":\"Narghilea\",\"item\":\"https:\\\/\\\/tabaccomd.com\\\/ro\\\/product-category\\\/narghilea-ro\\\/\",\"nextItem\":{\"@type\":\"ListItem\",\"@id\":\"https:\\\/\\\/tabaccomd.com\\\/ro\\\/product-category\\\/narghilea-ro\\\/narghilea-aladin-2\\\/#listItem\",\"name\":\"Narghilea Aladin\"},\"previousItem\":{\"@type\":\"ListItem\",\"@id\":\"https:\\\/\\\/tabaccomd.com\\\/ro\\\/catalog\\\/#listItem\",\"name\":\"Catalog\"}},{\"@type\":\"ListItem\",\"@id\":\"https:\\\/\\\/tabaccomd.com\\\/ro\\\/product-category\\\/narghilea-ro\\\/narghilea-aladin-2\\\/#listItem\",\"position\":4,\"name\":\"Narghilea Aladin\",\"item\":\"https:\\\/\\\/tabaccomd.com\\\/ro\\\/product-category\\\/narghilea-ro\\\/narghilea-aladin-2\\\/\",\"nextItem\":{\"@type\":\"ListItem\",\"@id\":\"https:\\\/\\\/tabaccomd.com\\\/ro\\\/product\\\/narghilea-alux-admiral-purple-50-cm\\\/#listItem\",\"name\":\"Narghilea Alux Admiral &#8211; Purple 50 cm\"},\"previousItem\":{\"@type\":\"ListItem\",\"@id\":\"https:\\\/\\\/tabaccomd.com\\\/ro\\\/product-category\\\/narghilea-ro\\\/#listItem\",\"name\":\"Narghilea\"}},{\"@type\":\"ListItem\",\"@id\":\"https:\\\/\\\/tabaccomd.com\\\/ro\\\/product\\\/narghilea-alux-admiral-purple-50-cm\\\/#listItem\",\"position\":5,\"name\":\"Narghilea Alux Admiral &#8211; Purple 50 cm\",\"previousItem\":{\"@type\":\"ListItem\",\"@id\":\"https:\\\/\\\/tabaccomd.com\\\/ro\\\/product-category\\\/narghilea-ro\\\/narghilea-aladin-2\\\/#listItem\",\"name\":\"Narghilea Aladin\"}}]},{\"@type\":\"Organization\",\"@id\":\"https:\\\/\\\/tabaccomd.com\\\/ro\\\/#organization\",\"name\":\"Tabacco House\",\"description\":\"\\u041c\\u0430\\u0433\\u0430\\u0437\\u0438\\u043d \\u0442\\u0430\\u0431\\u0430\\u0447\\u043d\\u044b\\u0445 \\u0438\\u0437\\u0434\\u0435\\u043b\\u0438\\u0439\",\"url\":\"https:\\\/\\\/tabaccomd.com\\\/ro\\\/\",\"email\":\"Office@cazacuhouse.com\",\"telephone\":\"+37361000935\",\"logo\":{\"@type\":\"ImageObject\",\"url\":\"https:\\\/\\\/tabaccomd.com\\\/wp-content\\\/uploads\\\/2024\\\/02\\\/logo_header3.png\",\"@id\":\"https:\\\/\\\/tabaccomd.com\\\/ro\\\/product\\\/narghilea-alux-admiral-purple-50-cm\\\/#organizationLogo\",\"width\":32,\"height\":32,\"caption\":\"Tabacco House\"},\"image\":{\"@id\":\"https:\\\/\\\/tabaccomd.com\\\/ro\\\/product\\\/narghilea-alux-admiral-purple-50-cm\\\/#organizationLogo\"},\"sameAs\":[\"https:\\\/\\\/www.facebook.com\\\/tabaccomd.com\\\/\",\"https:\\\/\\\/www.instagram.com\\\/tabaccomd.com\\\/\"],\"address\":{\"@id\":\"https:\\\/\\\/tabaccomd.com\\\/ro\\\/#postaladdress\",\"@type\":\"PostalAddress\",\"streetAddress\":\"Strada Albi\\u015foara 4, Chi\\u0219in\\u0103u, Bulevardul \\u0218tefan cel Mare \\u0219i Sf\\u00eent 136, Chi\\u0219in\\u0103u\",\"addressLocality\":\"Chi\\u0219in\\u0103u\",\"addressCountry\":\"MD\"}},{\"@type\":\"Product\",\"@id\":\"https:\\\/\\\/tabaccomd.com\\\/ro\\\/product\\\/narghilea-alux-admiral-purple-50-cm\\\/#wooCommerceProduct\",\"name\":\"Narghilea Alux Admiral - Purple 50 cm\",\"description\":\"Produc\\u0103tor: Aladdin, Germania\\r\\n \\tDimensiune: 50 cm\\r\\n \\tCuloare: Lila\\r\\n \\tMaterial: Aluminiu\\r\\n \\tAmbalaje cadou\",\"url\":\"https:\\\/\\\/tabaccomd.com\\\/ro\\\/product\\\/narghilea-alux-admiral-purple-50-cm\\\/\",\"sku\":\"WALUAli\",\"image\":{\"@type\":\"ImageObject\",\"url\":\"https:\\\/\\\/tabaccomd.com\\\/wp-content\\\/uploads\\\/2024\\\/01\\\/alux-purple-1-1.jpg\",\"@id\":\"https:\\\/\\\/tabaccomd.com\\\/ro\\\/product\\\/narghilea-alux-admiral-purple-50-cm\\\/#productImage\",\"width\":1000,\"height\":1000,\"caption\":\"\\u041a\\u0430\\u043b\\u044c\\u044f\\u043d Alux Admiral - Purple 50 \\u0441\\u043c\"},\"offers\":{\"@type\":\"Offer\",\"url\":\"https:\\\/\\\/tabaccomd.com\\\/ro\\\/product\\\/narghilea-alux-admiral-purple-50-cm\\\/#wooCommerceOffer\",\"price\":1500,\"priceCurrency\":\"MDL\",\"category\":\"Narghilea Aladin\",\"availability\":\"https:\\\/\\\/schema.org\\\/PreOrder\",\"priceSpecification\":{\"@type\":\"PriceSpecification\",\"price\":1500,\"priceCurrency\":\"MDL\",\"valueAddedTaxIncluded\":\"true\"},\"seller\":{\"@type\":\"Organization\",\"@id\":\"https:\\\/\\\/tabaccomd.com\\\/ro\\\/#organization\"}}},{\"@type\":\"WebPage\",\"@id\":\"https:\\\/\\\/tabaccomd.com\\\/ro\\\/product\\\/narghilea-alux-admiral-purple-50-cm\\\/#webpage\",\"url\":\"https:\\\/\\\/tabaccomd.com\\\/ro\\\/product\\\/narghilea-alux-admiral-purple-50-cm\\\/\",\"name\":\"Narghilea Alux Admiral \\u2013 Purple 50 cm cump\\u0103ra\\u021bi de la tabaccomd.com cu livrare \\u00een Moldova \\u0219i Chi\\u0219in\\u0103u \\u2013 Tabacco House\",\"description\":\"Narghilea Alux Admiral \\u2013 Purple 50 cm de la tabaccomd.com. Avem cele mai bune pre\\u021buri \\u0219i o gam\\u0103 variat\\u0103. Comanda\\u021bi la telefon \\u260e\\ufe0f 061000935 cu livrare \\u00een Chi\\u0219in\\u0103u \\u0219i \\u00een toat\\u0103 \\u021bara. Cump\\u0103ra\\u021bi cu \\u00eencredere de la Tabacco House!\",\"inLanguage\":\"ro-RO\",\"isPartOf\":{\"@id\":\"https:\\\/\\\/tabaccomd.com\\\/ro\\\/#website\"},\"breadcrumb\":{\"@id\":\"https:\\\/\\\/tabaccomd.com\\\/ro\\\/product\\\/narghilea-alux-admiral-purple-50-cm\\\/#breadcrumblist\"},\"image\":{\"@type\":\"ImageObject\",\"url\":\"https:\\\/\\\/tabaccomd.com\\\/wp-content\\\/uploads\\\/2024\\\/01\\\/alux-purple-1-1.jpg\",\"@id\":\"https:\\\/\\\/tabaccomd.com\\\/ro\\\/product\\\/narghilea-alux-admiral-purple-50-cm\\\/#mainImage\",\"width\":1000,\"height\":1000,\"caption\":\"\\u041a\\u0430\\u043b\\u044c\\u044f\\u043d Alux Admiral - Purple 50 \\u0441\\u043c\"},\"primaryImageOfPage\":{\"@id\":\"https:\\\/\\\/tabaccomd.com\\\/ro\\\/product\\\/narghilea-alux-admiral-purple-50-cm\\\/#mainImage\"},\"datePublished\":\"2024-01-26T01:23:29+03:00\",\"dateModified\":\"2024-01-29T15:24:08+03:00\"},{\"@type\":\"WebSite\",\"@id\":\"https:\\\/\\\/tabaccomd.com\\\/ro\\\/#website\",\"url\":\"https:\\\/\\\/tabaccomd.com\\\/ro\\\/\",\"name\":\"Tabacco House\",\"alternateName\":\"tobaccomd.com\",\"description\":\"\\u041c\\u0430\\u0433\\u0430\\u0437\\u0438\\u043d \\u0442\\u0430\\u0431\\u0430\\u0447\\u043d\\u044b\\u0445 \\u0438\\u0437\\u0434\\u0435\\u043b\\u0438\\u0439\",\"inLanguage\":\"ro-RO\",\"publisher\":{\"@id\":\"https:\\\/\\\/tabaccomd.com\\\/ro\\\/#organization\"}}]}\n\t\t<\/script>\n\t\t<!-- All in One SEO Pro -->\r\n\t\t<title>Narghilea Alux Admiral \u2013 Purple 50 cm cump\u0103ra\u021bi de la tabaccomd.com cu livrare \u00een Moldova \u0219i Chi\u0219in\u0103u \u2013 Tabacco House<\/title>\n\n","aioseo_head_json":{"title":"Narghilea Alux Admiral \u2013 Purple 50 cm cump\u0103ra\u021bi de la tabaccomd.com cu livrare \u00een Moldova \u0219i Chi\u0219in\u0103u \u2013 Tabacco House","description":"Narghilea Alux Admiral \u2013 Purple 50 cm de la tabaccomd.com. Avem cele mai bune pre\u021buri \u0219i o gam\u0103 variat\u0103. Comanda\u021bi la telefon \u260e\ufe0f 061000935 cu livrare \u00een Chi\u0219in\u0103u \u0219i \u00een toat\u0103 \u021bara. Cump\u0103ra\u021bi cu \u00eencredere de la Tabacco House!","canonical_url":"https:\/\/tabaccomd.com\/ro\/product\/narghilea-alux-admiral-purple-50-cm\/","robots":"max-image-preview:large","keywords":"","webmasterTools":{"miscellaneous":""},"schema":{"@context":"https:\/\/schema.org","@graph":[{"@type":"BreadcrumbList","@id":"https:\/\/tabaccomd.com\/ro\/product\/narghilea-alux-admiral-purple-50-cm\/#breadcrumblist","itemListElement":[{"@type":"ListItem","@id":"https:\/\/tabaccomd.com\/ro\/#listItem","position":1,"name":"\u0413\u043b\u0430\u0432\u043d\u0430\u044f","item":"https:\/\/tabaccomd.com\/ro\/","nextItem":{"@type":"ListItem","@id":"https:\/\/tabaccomd.com\/ro\/catalog\/#listItem","name":"Catalog"}},{"@type":"ListItem","@id":"https:\/\/tabaccomd.com\/ro\/catalog\/#listItem","position":2,"name":"Catalog","item":"https:\/\/tabaccomd.com\/ro\/catalog\/","nextItem":{"@type":"ListItem","@id":"https:\/\/tabaccomd.com\/ro\/product-category\/narghilea-ro\/#listItem","name":"Narghilea"},"previousItem":{"@type":"ListItem","@id":"https:\/\/tabaccomd.com\/ro\/#listItem","name":"\u0413\u043b\u0430\u0432\u043d\u0430\u044f"}},{"@type":"ListItem","@id":"https:\/\/tabaccomd.com\/ro\/product-category\/narghilea-ro\/#listItem","position":3,"name":"Narghilea","item":"https:\/\/tabaccomd.com\/ro\/product-category\/narghilea-ro\/","nextItem":{"@type":"ListItem","@id":"https:\/\/tabaccomd.com\/ro\/product-category\/narghilea-ro\/narghilea-aladin-2\/#listItem","name":"Narghilea Aladin"},"previousItem":{"@type":"ListItem","@id":"https:\/\/tabaccomd.com\/ro\/catalog\/#listItem","name":"Catalog"}},{"@type":"ListItem","@id":"https:\/\/tabaccomd.com\/ro\/product-category\/narghilea-ro\/narghilea-aladin-2\/#listItem","position":4,"name":"Narghilea Aladin","item":"https:\/\/tabaccomd.com\/ro\/product-category\/narghilea-ro\/narghilea-aladin-2\/","nextItem":{"@type":"ListItem","@id":"https:\/\/tabaccomd.com\/ro\/product\/narghilea-alux-admiral-purple-50-cm\/#listItem","name":"Narghilea Alux Admiral &#8211; Purple 50 cm"},"previousItem":{"@type":"ListItem","@id":"https:\/\/tabaccomd.com\/ro\/product-category\/narghilea-ro\/#listItem","name":"Narghilea"}},{"@type":"ListItem","@id":"https:\/\/tabaccomd.com\/ro\/product\/narghilea-alux-admiral-purple-50-cm\/#listItem","position":5,"name":"Narghilea Alux Admiral &#8211; Purple 50 cm","previousItem":{"@type":"ListItem","@id":"https:\/\/tabaccomd.com\/ro\/product-category\/narghilea-ro\/narghilea-aladin-2\/#listItem","name":"Narghilea Aladin"}}]},{"@type":"Organization","@id":"https:\/\/tabaccomd.com\/ro\/#organization","name":"Tabacco House","description":"\u041c\u0430\u0433\u0430\u0437\u0438\u043d \u0442\u0430\u0431\u0430\u0447\u043d\u044b\u0445 \u0438\u0437\u0434\u0435\u043b\u0438\u0439","url":"https:\/\/tabaccomd.com\/ro\/","email":"Office@cazacuhouse.com","telephone":"+37361000935","logo":{"@type":"ImageObject","url":"https:\/\/tabaccomd.com\/wp-content\/uploads\/2024\/02\/logo_header3.png","@id":"https:\/\/tabaccomd.com\/ro\/product\/narghilea-alux-admiral-purple-50-cm\/#organizationLogo","width":32,"height":32,"caption":"Tabacco House"},"image":{"@id":"https:\/\/tabaccomd.com\/ro\/product\/narghilea-alux-admiral-purple-50-cm\/#organizationLogo"},"sameAs":["https:\/\/www.facebook.com\/tabaccomd.com\/","https:\/\/www.instagram.com\/tabaccomd.com\/"],"address":{"@id":"https:\/\/tabaccomd.com\/ro\/#postaladdress","@type":"PostalAddress","streetAddress":"Strada Albi\u015foara 4, Chi\u0219in\u0103u, Bulevardul \u0218tefan cel Mare \u0219i Sf\u00eent 136, Chi\u0219in\u0103u","addressLocality":"Chi\u0219in\u0103u","addressCountry":"MD"}},{"@type":"Product","@id":"https:\/\/tabaccomd.com\/ro\/product\/narghilea-alux-admiral-purple-50-cm\/#wooCommerceProduct","name":"Narghilea Alux Admiral - Purple 50 cm","description":"Produc\u0103tor: Aladdin, Germania\r\n \tDimensiune: 50 cm\r\n \tCuloare: Lila\r\n \tMaterial: Aluminiu\r\n \tAmbalaje cadou","url":"https:\/\/tabaccomd.com\/ro\/product\/narghilea-alux-admiral-purple-50-cm\/","sku":"WALUAli","image":{"@type":"ImageObject","url":"https:\/\/tabaccomd.com\/wp-content\/uploads\/2024\/01\/alux-purple-1-1.jpg","@id":"https:\/\/tabaccomd.com\/ro\/product\/narghilea-alux-admiral-purple-50-cm\/#productImage","width":1000,"height":1000,"caption":"\u041a\u0430\u043b\u044c\u044f\u043d Alux Admiral - Purple 50 \u0441\u043c"},"offers":{"@type":"Offer","url":"https:\/\/tabaccomd.com\/ro\/product\/narghilea-alux-admiral-purple-50-cm\/#wooCommerceOffer","price":1500,"priceCurrency":"MDL","category":"Narghilea Aladin","availability":"https:\/\/schema.org\/PreOrder","priceSpecification":{"@type":"PriceSpecification","price":1500,"priceCurrency":"MDL","valueAddedTaxIncluded":"true"},"seller":{"@type":"Organization","@id":"https:\/\/tabaccomd.com\/ro\/#organization"}}},{"@type":"WebPage","@id":"https:\/\/tabaccomd.com\/ro\/product\/narghilea-alux-admiral-purple-50-cm\/#webpage","url":"https:\/\/tabaccomd.com\/ro\/product\/narghilea-alux-admiral-purple-50-cm\/","name":"Narghilea Alux Admiral \u2013 Purple 50 cm cump\u0103ra\u021bi de la tabaccomd.com cu livrare \u00een Moldova \u0219i Chi\u0219in\u0103u \u2013 Tabacco House","description":"Narghilea Alux Admiral \u2013 Purple 50 cm de la tabaccomd.com. Avem cele mai bune pre\u021buri \u0219i o gam\u0103 variat\u0103. Comanda\u021bi la telefon \u260e\ufe0f 061000935 cu livrare \u00een Chi\u0219in\u0103u \u0219i \u00een toat\u0103 \u021bara. Cump\u0103ra\u021bi cu \u00eencredere de la Tabacco House!","inLanguage":"ro-RO","isPartOf":{"@id":"https:\/\/tabaccomd.com\/ro\/#website"},"breadcrumb":{"@id":"https:\/\/tabaccomd.com\/ro\/product\/narghilea-alux-admiral-purple-50-cm\/#breadcrumblist"},"image":{"@type":"ImageObject","url":"https:\/\/tabaccomd.com\/wp-content\/uploads\/2024\/01\/alux-purple-1-1.jpg","@id":"https:\/\/tabaccomd.com\/ro\/product\/narghilea-alux-admiral-purple-50-cm\/#mainImage","width":1000,"height":1000,"caption":"\u041a\u0430\u043b\u044c\u044f\u043d Alux Admiral - Purple 50 \u0441\u043c"},"primaryImageOfPage":{"@id":"https:\/\/tabaccomd.com\/ro\/product\/narghilea-alux-admiral-purple-50-cm\/#mainImage"},"datePublished":"2024-01-26T01:23:29+03:00","dateModified":"2024-01-29T15:24:08+03:00"},{"@type":"WebSite","@id":"https:\/\/tabaccomd.com\/ro\/#website","url":"https:\/\/tabaccomd.com\/ro\/","name":"Tabacco House","alternateName":"tobaccomd.com","description":"\u041c\u0430\u0433\u0430\u0437\u0438\u043d \u0442\u0430\u0431\u0430\u0447\u043d\u044b\u0445 \u0438\u0437\u0434\u0435\u043b\u0438\u0439","inLanguage":"ro-RO","publisher":{"@id":"https:\/\/tabaccomd.com\/ro\/#organization"}}]},"og:locale":"ro_RO","og:site_name":"Tabacco House \u2013 \u041c\u0430\u0433\u0430\u0437\u0438\u043d \u0442\u0430\u0431\u0430\u0447\u043d\u044b\u0445 \u0438\u0437\u0434\u0435\u043b\u0438\u0439","og:type":"article","og:title":"Narghilea Alux Admiral \u2013 Purple 50 cm cump\u0103ra\u021bi de la tabaccomd.com cu livrare \u00een Moldova \u0219i Chi\u0219in\u0103u \u2013 Tabacco House","og:description":"Narghilea Alux Admiral \u2013 Purple 50 cm de la tabaccomd.com. Avem cele mai bune pre\u021buri \u0219i o gam\u0103 variat\u0103. Comanda\u021bi la telefon \u260e\ufe0f 061000935 cu livrare \u00een Chi\u0219in\u0103u \u0219i \u00een toat\u0103 \u021bara. Cump\u0103ra\u021bi cu \u00eencredere de la Tabacco House!","og:url":"https:\/\/tabaccomd.com\/ro\/product\/narghilea-alux-admiral-purple-50-cm\/","article:published_time":"2024-01-25T22:23:29+00:00","article:modified_time":"2024-01-29T12:24:08+00:00","article:publisher":"https:\/\/www.facebook.com\/tabaccomd.com\/","twitter:card":"summary_large_image","twitter:title":"Narghilea Alux Admiral \u2013 Purple 50 cm cump\u0103ra\u021bi de la tabaccomd.com cu livrare \u00een Moldova \u0219i Chi\u0219in\u0103u \u2013 Tabacco House","twitter:description":"Narghilea Alux Admiral \u2013 Purple 50 cm de la tabaccomd.com. Avem cele mai bune pre\u021buri \u0219i o gam\u0103 variat\u0103. Comanda\u021bi la telefon \u260e\ufe0f 061000935 cu livrare \u00een Chi\u0219in\u0103u \u0219i \u00een toat\u0103 \u021bara. Cump\u0103ra\u021bi cu \u00eencredere de la Tabacco House!"},"aioseo_meta_data":{"post_id":"134263","title":"#post_title cump\u0103ra\u021bi de la tabaccomd.com cu livrare \u00een Moldova \u0219i Chi\u0219in\u0103u #separator_sa #site_title","description":"#post_title de la tabaccomd.com. Avem cele mai bune pre\u021buri \u0219i o gam\u0103 variat\u0103. Comanda\u021bi la telefon \u260e\ufe0f 061000935 cu livrare \u00een Chi\u0219in\u0103u \u0219i \u00een toat\u0103 \u021bara. Cump\u0103ra\u021bi cu \u00eencredere de la Tabacco House!","keywords":[],"keyphrases":{"focus":{"keyphrase":"Narghilea Alux Admiral - Purple 50 cm","score":49,"analysis":{"keyphraseInTitle":{"score":3,"maxScore":9,"error":1},"keyphraseInDescription":{"score":3,"maxScore":9,"error":1},"keyphraseLength":{"score":6,"maxScore":9,"error":1,"length":5},"keyphraseInURL":{"score":5,"maxScore":5,"error":0},"keyphraseInIntroduction":{"score":3,"maxScore":9,"error":1},"keyphraseInSubHeadings":[],"keyphraseInImageAlt":[]}},"additional":[]},"primary_term":null,"canonical_url":null,"og_title":null,"og_description":null,"og_object_type":"default","og_image_type":"default","og_image_url":null,"og_image_width":null,"og_image_height":null,"og_image_custom_url":null,"og_image_custom_fields":null,"og_video":"","og_custom_url":null,"og_article_section":null,"og_article_tags":[],"twitter_use_og":false,"twitter_card":"default","twitter_image_type":"default","twitter_image_url":null,"twitter_image_custom_url":null,"twitter_image_custom_fields":null,"twitter_title":null,"twitter_description":null,"schema":{"blockGraphs":[],"customGraphs":[],"default":{"data":{"Article":[],"Course":[],"Dataset":[],"FAQPage":[],"Movie":[],"Person":[],"Product":[],"ProductReview":[],"Car":[],"Recipe":[],"Service":[],"SoftwareApplication":[],"WebPage":[]},"graphName":"ItemPage","isEnabled":true},"graphs":[]},"schema_type":"default","schema_type_options":null,"pillar_content":false,"robots_default":true,"robots_noindex":false,"robots_noarchive":false,"robots_nosnippet":false,"robots_nofollow":false,"robots_noimageindex":false,"robots_noodp":false,"robots_notranslate":false,"robots_max_snippet":"-1","robots_max_videopreview":"-1","robots_max_imagepreview":"large","priority":null,"frequency":"default","local_seo":null,"seo_analyzer_scan_date":"2025-10-20 17:36:27","breadcrumb_settings":null,"limit_modified_date":false,"reviewed_by":null,"open_ai":null,"ai":null,"created":"2024-01-25 22:23:51","updated":"2025-10-20 17:36:27"},"aioseo_breadcrumb":"<div class=\"aioseo-breadcrumbs\"><span class=\"aioseo-breadcrumb\">\n\t<a href=\"https:\/\/tabaccomd.com\/ro\/\" title=\"\u0413\u043b\u0430\u0432\u043d\u0430\u044f\">\u0413\u043b\u0430\u0432\u043d\u0430\u044f<\/a>\n<\/span><span class=\"aioseo-breadcrumb-separator\">\u00bb<\/span><span class=\"aioseo-breadcrumb\">\n\t<a href=\"https:\/\/tabaccomd.com\/ro\/catalog\/\" title=\"Catalog\">Catalog<\/a>\n<\/span><span class=\"aioseo-breadcrumb-separator\">\u00bb<\/span><span class=\"aioseo-breadcrumb\">\n\t<a href=\"https:\/\/tabaccomd.com\/ro\/product-category\/narghilea-ro\/\" title=\"Narghilea\">Narghilea<\/a>\n<\/span><span class=\"aioseo-breadcrumb-separator\">\u00bb<\/span><span class=\"aioseo-breadcrumb\">\n\t<a href=\"https:\/\/tabaccomd.com\/ro\/product-category\/narghilea-ro\/narghilea-aladin-2\/\" title=\"Narghilea Aladin\">Narghilea Aladin<\/a>\n<\/span><span class=\"aioseo-breadcrumb-separator\">\u00bb<\/span><span class=\"aioseo-breadcrumb\">\n\tNarghilea Alux Admiral \u2013 Purple 50 cm\n<\/span><\/div>","aioseo_breadcrumb_json":[{"label":"\u0413\u043b\u0430\u0432\u043d\u0430\u044f","link":"https:\/\/tabaccomd.com\/ro\/"},{"label":"Catalog","link":"https:\/\/tabaccomd.com\/ro\/catalog\/"},{"label":"Narghilea","link":"https:\/\/tabaccomd.com\/ro\/product-category\/narghilea-ro\/"},{"label":"Narghilea Aladin","link":"https:\/\/tabaccomd.com\/ro\/product-category\/narghilea-ro\/narghilea-aladin-2\/"},{"label":"Narghilea Alux Admiral &#8211; Purple 50 cm","link":"https:\/\/tabaccomd.com\/ro\/product\/narghilea-alux-admiral-purple-50-cm\/"}],"images_for_1c":[{"url":"https:\/\/tabaccomd.com\/wp-content\/uploads\/2024\/01\/alux-purple-1-1.jpg","type":"featured","alt":"\u041a\u0430\u043b\u044c\u044f\u043d Alux Admiral - Purple 50 \u0441\u043c","filename":"alux-purple-1-1.jpg"},{"url":"https:\/\/tabaccomd.com\/wp-content\/uploads\/2024\/01\/alux-purple-2-1.jpg","type":"gallery","alt":"","filename":"alux-purple-2-1.jpg"},{"url":"https:\/\/tabaccomd.com\/wp-content\/uploads\/2024\/01\/alux-purple-4.jpg","type":"gallery","alt":"","filename":"alux-purple-4.jpg"}],"additional_data_1c":{"modified_date":"2024-01-29 15:24:08","permalink":"https:\/\/tabaccomd.com\/ro\/product\/narghilea-alux-admiral-purple-50-cm\/","stock_status":"onbackorder","manage_stock":"no"},"_links":{"self":[{"href":"https:\/\/tabaccomd.com\/ro\/wp-json\/wp\/v2\/product\/134263","targetHints":{"allow":["GET"]}}],"collection":[{"href":"https:\/\/tabaccomd.com\/ro\/wp-json\/wp\/v2\/product"}],"about":[{"href":"https:\/\/tabaccomd.com\/ro\/wp-json\/wp\/v2\/types\/product"}],"wp:featuredmedia":[{"embeddable":true,"href":"https:\/\/tabaccomd.com\/ro\/wp-json\/wp\/v2\/media\/134258"}],"wp:attachment":[{"href":"https:\/\/tabaccomd.com\/ro\/wp-json\/wp\/v2\/media?parent=134263"}],"wp:term":[{"taxonomy":"product_brand","embeddable":true,"href":"https:\/\/tabaccomd.com\/ro\/wp-json\/wp\/v2\/product_brand?post=134263"},{"taxonomy":"product_cat","embeddable":true,"href":"https:\/\/tabaccomd.com\/ro\/wp-json\/wp\/v2\/product_cat?post=134263"},{"taxonomy":"product_tag","embeddable":true,"href":"https:\/\/tabaccomd.com\/ro\/wp-json\/wp\/v2\/product_tag?post=134263"}],"curies":[{"name":"wp","href":"https:\/\/api.w.org\/{rel}","templated":true}]}}