{"id":134144,"date":"2024-01-25T01:22:59","date_gmt":"2024-01-24T22:22:59","guid":{"rendered":"https:\/\/tabaccomd.com\/?post_type=product&#038;p=134144"},"modified":"2024-01-29T15:27:54","modified_gmt":"2024-01-29T12:27:54","slug":"narghilea-aladin-alux-m7-rose-gold-53","status":"publish","type":"product","link":"https:\/\/tabaccomd.com\/ro\/product\/narghilea-aladin-alux-m7-rose-gold-53\/","title":{"rendered":"Narghilea Aladin Alux &#8211; M7 &#8211; Rose Gold 53"},"content":{"rendered":"<p><strong>Narghilele Aladin\u00a0<\/strong>sunt cunoscute \u00een \u00eentreaga lume pentru performan\u021ba lor de \u00eenalt\u0103 clas\u0103 \u0219i pentru solu\u021biile menite s\u0103 maximizeze experien\u021ba de fumat.\u00a0<a href=\"https:\/\/tabaccomd.com\/ro\/categorie-produs\/narghilea-ro\/narghilea-aladin-2\/\" target=\"_blank\" rel=\"noopener\">Narghilea Aladin Alux Rose Gold<\/a>\u00a0este o ofert\u0103 de buget a produc\u0103torului german, care, \u00een ciuda pre\u021bului s\u0103u sc\u0103zut, nu difer\u0103 \u00een ceea ce prive\u0219te calitatea fumatului de multe produse mai scumpe.\u00a0<a href=\"https:\/\/tabaccomd.com\/ro\/categorie-produs\/narghilea-ro\/narghilea-aladin-2\/\" target=\"_blank\" rel=\"noopener\">Aladin Alux<\/a>\u00a0este cadoul perfect pentru iubitorii de narghilea \u00eencep\u0103tori, datorit\u0103 setului s\u0103u complet de accesorii \u0219i instrumente, care v\u0103 permite s\u0103 v\u0103 preg\u0103ti\u021bi pentru sesiunea de narghilea chiar din cutie. Un trio de furtun de silicon, o pies\u0103 de gur\u0103 din aluminiu \u0219i un arc de rigidizare pentru a \u00eempiedica \u00eendoirea furtunului \u0219i blocarea fluxului de fum sunt responsabile pentru o puf\u0103ial\u0103 lin\u0103 \u0219i perfect\u0103. De asemenea, este inclus\u0103 o cea\u0219c\u0103 tradi\u021bional\u0103 din lut cu un controler -badchia pentru un control mai bun al temperaturii de fumat. Toate acestea contribuie la o experien\u021b\u0103 foarte confortabil\u0103 \u0219i pl\u0103cut\u0103.<\/p>\n","protected":false},"excerpt":{"rendered":"<ul>\n<li>Produc\u0103tor: Aladdin, Germania<\/li>\n<li>Dimensiune: 53 cm<\/li>\n<li>Culoare: Rosa, gold<\/li>\n<li>Material: Aluminiu<\/li>\n<li>Ambalaje cadou<\/li>\n<li><\/li>\n<\/ul>\n","protected":false},"featured_media":134139,"template":"","meta":{"om_disable_all_campaigns":false,"_monsterinsights_skip_tracking":false,"_monsterinsights_sitenote_active":false,"_monsterinsights_sitenote_note":"","_monsterinsights_sitenote_category":0},"product_brand":[],"product_cat":[207],"product_tag":[],"class_list":{"0":"post-134144","1":"product","2":"type-product","3":"status-publish","4":"has-post-thumbnail","6":"product_cat-narghilea-aladin-2","8":"first","9":"onbackorder","10":"taxable","11":"shipping-taxable","12":"purchasable","13":"product-type-simple"},"aioseo_notices":[],"aioseo_head":"\n\t\t<!-- All in One SEO Pro 4.9.6.2 - aioseo.com -->\n\t<meta name=\"description\" content=\"Narghilea Aladin Alux \u2013 M7 \u2013 Rose Gold 53\" \/>\n\t<meta name=\"robots\" content=\"max-image-preview:large\" \/>\n\t<link rel=\"canonical\" href=\"https:\/\/tabaccomd.com\/ro\/product\/narghilea-aladin-alux-m7-rose-gold-53\/\" \/>\n\t<meta name=\"generator\" content=\"All in One SEO Pro (AIOSEO) 4.9.6.2\" \/>\n\t\t<meta property=\"og:locale\" content=\"ro_RO\" \/>\n\t\t<meta property=\"og:site_name\" content=\"Tabacco House \u2013 \u041c\u0430\u0433\u0430\u0437\u0438\u043d \u0442\u0430\u0431\u0430\u0447\u043d\u044b\u0445 \u0438\u0437\u0434\u0435\u043b\u0438\u0439\" \/>\n\t\t<meta property=\"og:type\" content=\"article\" \/>\n\t\t<meta property=\"og:title\" content=\"Narghilea Aladin Alux \u2013 M7 \u2013 Rose Gold 53 cump\u0103ra\u021bi de la tabaccomd.com cu livrare \u00een Moldova \u0219i Chi\u0219in\u0103u \u2013 Tabacco House\" \/>\n\t\t<meta property=\"og:description\" content=\"Narghilea Aladin Alux \u2013 M7 \u2013 Rose Gold 53\" \/>\n\t\t<meta property=\"og:url\" content=\"https:\/\/tabaccomd.com\/ro\/product\/narghilea-aladin-alux-m7-rose-gold-53\/\" \/>\n\t\t<meta property=\"article:published_time\" content=\"2024-01-24T22:22:59+00:00\" \/>\n\t\t<meta property=\"article:modified_time\" content=\"2024-01-29T12:27:54+00:00\" \/>\n\t\t<meta property=\"article:publisher\" content=\"https:\/\/www.facebook.com\/tabaccomd.com\/\" \/>\n\t\t<meta name=\"twitter:card\" content=\"summary_large_image\" \/>\n\t\t<meta name=\"twitter:title\" content=\"Narghilea Aladin Alux \u2013 M7 \u2013 Rose Gold 53 cump\u0103ra\u021bi de la tabaccomd.com cu livrare \u00een Moldova \u0219i Chi\u0219in\u0103u \u2013 Tabacco House\" \/>\n\t\t<meta name=\"twitter:description\" content=\"Narghilea Aladin Alux \u2013 M7 \u2013 Rose Gold 53\" \/>\n\t\t<script type=\"application\/ld+json\" class=\"aioseo-schema\">\n\t\t\t{\"@context\":\"https:\\\/\\\/schema.org\",\"@graph\":[{\"@type\":\"BreadcrumbList\",\"@id\":\"https:\\\/\\\/tabaccomd.com\\\/ro\\\/product\\\/narghilea-aladin-alux-m7-rose-gold-53\\\/#breadcrumblist\",\"itemListElement\":[{\"@type\":\"ListItem\",\"@id\":\"https:\\\/\\\/tabaccomd.com\\\/ro\\\/#listItem\",\"position\":1,\"name\":\"\\u0413\\u043b\\u0430\\u0432\\u043d\\u0430\\u044f\",\"item\":\"https:\\\/\\\/tabaccomd.com\\\/ro\\\/\",\"nextItem\":{\"@type\":\"ListItem\",\"@id\":\"https:\\\/\\\/tabaccomd.com\\\/ro\\\/catalog\\\/#listItem\",\"name\":\"Catalog\"}},{\"@type\":\"ListItem\",\"@id\":\"https:\\\/\\\/tabaccomd.com\\\/ro\\\/catalog\\\/#listItem\",\"position\":2,\"name\":\"Catalog\",\"item\":\"https:\\\/\\\/tabaccomd.com\\\/ro\\\/catalog\\\/\",\"nextItem\":{\"@type\":\"ListItem\",\"@id\":\"https:\\\/\\\/tabaccomd.com\\\/ro\\\/product-category\\\/narghilea-ro\\\/#listItem\",\"name\":\"Narghilea\"},\"previousItem\":{\"@type\":\"ListItem\",\"@id\":\"https:\\\/\\\/tabaccomd.com\\\/ro\\\/#listItem\",\"name\":\"\\u0413\\u043b\\u0430\\u0432\\u043d\\u0430\\u044f\"}},{\"@type\":\"ListItem\",\"@id\":\"https:\\\/\\\/tabaccomd.com\\\/ro\\\/product-category\\\/narghilea-ro\\\/#listItem\",\"position\":3,\"name\":\"Narghilea\",\"item\":\"https:\\\/\\\/tabaccomd.com\\\/ro\\\/product-category\\\/narghilea-ro\\\/\",\"nextItem\":{\"@type\":\"ListItem\",\"@id\":\"https:\\\/\\\/tabaccomd.com\\\/ro\\\/product-category\\\/narghilea-ro\\\/narghilea-aladin-2\\\/#listItem\",\"name\":\"Narghilea Aladin\"},\"previousItem\":{\"@type\":\"ListItem\",\"@id\":\"https:\\\/\\\/tabaccomd.com\\\/ro\\\/catalog\\\/#listItem\",\"name\":\"Catalog\"}},{\"@type\":\"ListItem\",\"@id\":\"https:\\\/\\\/tabaccomd.com\\\/ro\\\/product-category\\\/narghilea-ro\\\/narghilea-aladin-2\\\/#listItem\",\"position\":4,\"name\":\"Narghilea Aladin\",\"item\":\"https:\\\/\\\/tabaccomd.com\\\/ro\\\/product-category\\\/narghilea-ro\\\/narghilea-aladin-2\\\/\",\"nextItem\":{\"@type\":\"ListItem\",\"@id\":\"https:\\\/\\\/tabaccomd.com\\\/ro\\\/product\\\/narghilea-aladin-alux-m7-rose-gold-53\\\/#listItem\",\"name\":\"Narghilea Aladin Alux &#8211; M7 &#8211; Rose Gold 53\"},\"previousItem\":{\"@type\":\"ListItem\",\"@id\":\"https:\\\/\\\/tabaccomd.com\\\/ro\\\/product-category\\\/narghilea-ro\\\/#listItem\",\"name\":\"Narghilea\"}},{\"@type\":\"ListItem\",\"@id\":\"https:\\\/\\\/tabaccomd.com\\\/ro\\\/product\\\/narghilea-aladin-alux-m7-rose-gold-53\\\/#listItem\",\"position\":5,\"name\":\"Narghilea Aladin Alux &#8211; M7 &#8211; Rose Gold 53\",\"previousItem\":{\"@type\":\"ListItem\",\"@id\":\"https:\\\/\\\/tabaccomd.com\\\/ro\\\/product-category\\\/narghilea-ro\\\/narghilea-aladin-2\\\/#listItem\",\"name\":\"Narghilea Aladin\"}}]},{\"@type\":\"Organization\",\"@id\":\"https:\\\/\\\/tabaccomd.com\\\/ro\\\/#organization\",\"name\":\"Tabacco House\",\"description\":\"\\u041c\\u0430\\u0433\\u0430\\u0437\\u0438\\u043d \\u0442\\u0430\\u0431\\u0430\\u0447\\u043d\\u044b\\u0445 \\u0438\\u0437\\u0434\\u0435\\u043b\\u0438\\u0439\",\"url\":\"https:\\\/\\\/tabaccomd.com\\\/ro\\\/\",\"email\":\"Office@cazacuhouse.com\",\"telephone\":\"+37361000935\",\"logo\":{\"@type\":\"ImageObject\",\"url\":\"https:\\\/\\\/tabaccomd.com\\\/wp-content\\\/uploads\\\/2024\\\/02\\\/logo_header3.png\",\"@id\":\"https:\\\/\\\/tabaccomd.com\\\/ro\\\/product\\\/narghilea-aladin-alux-m7-rose-gold-53\\\/#organizationLogo\",\"width\":32,\"height\":32,\"caption\":\"Tabacco House\"},\"image\":{\"@id\":\"https:\\\/\\\/tabaccomd.com\\\/ro\\\/product\\\/narghilea-aladin-alux-m7-rose-gold-53\\\/#organizationLogo\"},\"sameAs\":[\"https:\\\/\\\/www.facebook.com\\\/tabaccomd.com\\\/\",\"https:\\\/\\\/www.instagram.com\\\/tabaccomd.com\\\/\"],\"address\":{\"@id\":\"https:\\\/\\\/tabaccomd.com\\\/ro\\\/#postaladdress\",\"@type\":\"PostalAddress\",\"streetAddress\":\"Strada Albi\\u015foara 4, Chi\\u0219in\\u0103u, Bulevardul \\u0218tefan cel Mare \\u0219i Sf\\u00eent 136, Chi\\u0219in\\u0103u\",\"addressLocality\":\"Chi\\u0219in\\u0103u\",\"addressCountry\":\"MD\"}},{\"@type\":\"Product\",\"@id\":\"https:\\\/\\\/tabaccomd.com\\\/ro\\\/product\\\/narghilea-aladin-alux-m7-rose-gold-53\\\/#wooCommerceProduct\",\"name\":\"Narghilea Aladin Alux - M7 - Rose Gold 53\",\"description\":\"Produc\\u0103tor: Aladdin, Germania\\r\\n \\tDimensiune: 53 cm\\r\\n \\tCuloare: Rosa, gold\\r\\n \\tMaterial: Aluminiu\\r\\n \\tAmbalaje cadou\",\"url\":\"https:\\\/\\\/tabaccomd.com\\\/ro\\\/product\\\/narghilea-aladin-alux-m7-rose-gold-53\\\/\",\"sku\":\"WALU7rg\",\"image\":{\"@type\":\"ImageObject\",\"url\":\"https:\\\/\\\/tabaccomd.com\\\/wp-content\\\/uploads\\\/2024\\\/01\\\/m7-rose-gold-1.jpg\",\"@id\":\"https:\\\/\\\/tabaccomd.com\\\/ro\\\/product\\\/narghilea-aladin-alux-m7-rose-gold-53\\\/#productImage\",\"width\":1000,\"height\":1000,\"caption\":\"\\u041a\\u0430\\u043b\\u044c\\u044f\\u043d Aladin Alux - M7 - Rose Gold 53 \\u0441\\u043c\"},\"offers\":{\"@type\":\"Offer\",\"url\":\"https:\\\/\\\/tabaccomd.com\\\/ro\\\/product\\\/narghilea-aladin-alux-m7-rose-gold-53\\\/#wooCommerceOffer\",\"price\":1950,\"priceCurrency\":\"MDL\",\"category\":\"Narghilea Aladin\",\"availability\":\"https:\\\/\\\/schema.org\\\/PreOrder\",\"priceSpecification\":{\"@type\":\"PriceSpecification\",\"price\":1950,\"priceCurrency\":\"MDL\",\"valueAddedTaxIncluded\":\"true\"},\"seller\":{\"@type\":\"Organization\",\"@id\":\"https:\\\/\\\/tabaccomd.com\\\/ro\\\/#organization\"}}},{\"@type\":\"WebPage\",\"@id\":\"https:\\\/\\\/tabaccomd.com\\\/ro\\\/product\\\/narghilea-aladin-alux-m7-rose-gold-53\\\/#webpage\",\"url\":\"https:\\\/\\\/tabaccomd.com\\\/ro\\\/product\\\/narghilea-aladin-alux-m7-rose-gold-53\\\/\",\"name\":\"Narghilea Aladin Alux \\u2013 M7 \\u2013 Rose Gold 53 cump\\u0103ra\\u021bi de la tabaccomd.com cu livrare \\u00een Moldova \\u0219i Chi\\u0219in\\u0103u \\u2013 Tabacco House\",\"description\":\"Narghilea Aladin Alux \\u2013 M7 \\u2013 Rose Gold 53\",\"inLanguage\":\"ro-RO\",\"isPartOf\":{\"@id\":\"https:\\\/\\\/tabaccomd.com\\\/ro\\\/#website\"},\"breadcrumb\":{\"@id\":\"https:\\\/\\\/tabaccomd.com\\\/ro\\\/product\\\/narghilea-aladin-alux-m7-rose-gold-53\\\/#breadcrumblist\"},\"image\":{\"@type\":\"ImageObject\",\"url\":\"https:\\\/\\\/tabaccomd.com\\\/wp-content\\\/uploads\\\/2024\\\/01\\\/m7-rose-gold-1.jpg\",\"@id\":\"https:\\\/\\\/tabaccomd.com\\\/ro\\\/product\\\/narghilea-aladin-alux-m7-rose-gold-53\\\/#mainImage\",\"width\":1000,\"height\":1000,\"caption\":\"\\u041a\\u0430\\u043b\\u044c\\u044f\\u043d Aladin Alux - M7 - Rose Gold 53 \\u0441\\u043c\"},\"primaryImageOfPage\":{\"@id\":\"https:\\\/\\\/tabaccomd.com\\\/ro\\\/product\\\/narghilea-aladin-alux-m7-rose-gold-53\\\/#mainImage\"},\"datePublished\":\"2024-01-25T01:22:59+03:00\",\"dateModified\":\"2024-01-29T15:27:54+03:00\"},{\"@type\":\"WebSite\",\"@id\":\"https:\\\/\\\/tabaccomd.com\\\/ro\\\/#website\",\"url\":\"https:\\\/\\\/tabaccomd.com\\\/ro\\\/\",\"name\":\"Tabacco House\",\"alternateName\":\"tobaccomd.com\",\"description\":\"\\u041c\\u0430\\u0433\\u0430\\u0437\\u0438\\u043d \\u0442\\u0430\\u0431\\u0430\\u0447\\u043d\\u044b\\u0445 \\u0438\\u0437\\u0434\\u0435\\u043b\\u0438\\u0439\",\"inLanguage\":\"ro-RO\",\"publisher\":{\"@id\":\"https:\\\/\\\/tabaccomd.com\\\/ro\\\/#organization\"}}]}\n\t\t<\/script>\n\t\t<!-- All in One SEO Pro -->\r\n\t\t<title>Narghilea Aladin Alux \u2013 M7 \u2013 Rose Gold 53 cump\u0103ra\u021bi de la tabaccomd.com cu livrare \u00een Moldova \u0219i Chi\u0219in\u0103u \u2013 Tabacco House<\/title>\n\n","aioseo_head_json":{"title":"Narghilea Aladin Alux \u2013 M7 \u2013 Rose Gold 53 cump\u0103ra\u021bi de la tabaccomd.com cu livrare \u00een Moldova \u0219i Chi\u0219in\u0103u \u2013 Tabacco House","description":"Narghilea Aladin Alux \u2013 M7 \u2013 Rose Gold 53","canonical_url":"https:\/\/tabaccomd.com\/ro\/product\/narghilea-aladin-alux-m7-rose-gold-53\/","robots":"max-image-preview:large","keywords":"","webmasterTools":{"miscellaneous":""},"schema":{"@context":"https:\/\/schema.org","@graph":[{"@type":"BreadcrumbList","@id":"https:\/\/tabaccomd.com\/ro\/product\/narghilea-aladin-alux-m7-rose-gold-53\/#breadcrumblist","itemListElement":[{"@type":"ListItem","@id":"https:\/\/tabaccomd.com\/ro\/#listItem","position":1,"name":"\u0413\u043b\u0430\u0432\u043d\u0430\u044f","item":"https:\/\/tabaccomd.com\/ro\/","nextItem":{"@type":"ListItem","@id":"https:\/\/tabaccomd.com\/ro\/catalog\/#listItem","name":"Catalog"}},{"@type":"ListItem","@id":"https:\/\/tabaccomd.com\/ro\/catalog\/#listItem","position":2,"name":"Catalog","item":"https:\/\/tabaccomd.com\/ro\/catalog\/","nextItem":{"@type":"ListItem","@id":"https:\/\/tabaccomd.com\/ro\/product-category\/narghilea-ro\/#listItem","name":"Narghilea"},"previousItem":{"@type":"ListItem","@id":"https:\/\/tabaccomd.com\/ro\/#listItem","name":"\u0413\u043b\u0430\u0432\u043d\u0430\u044f"}},{"@type":"ListItem","@id":"https:\/\/tabaccomd.com\/ro\/product-category\/narghilea-ro\/#listItem","position":3,"name":"Narghilea","item":"https:\/\/tabaccomd.com\/ro\/product-category\/narghilea-ro\/","nextItem":{"@type":"ListItem","@id":"https:\/\/tabaccomd.com\/ro\/product-category\/narghilea-ro\/narghilea-aladin-2\/#listItem","name":"Narghilea Aladin"},"previousItem":{"@type":"ListItem","@id":"https:\/\/tabaccomd.com\/ro\/catalog\/#listItem","name":"Catalog"}},{"@type":"ListItem","@id":"https:\/\/tabaccomd.com\/ro\/product-category\/narghilea-ro\/narghilea-aladin-2\/#listItem","position":4,"name":"Narghilea Aladin","item":"https:\/\/tabaccomd.com\/ro\/product-category\/narghilea-ro\/narghilea-aladin-2\/","nextItem":{"@type":"ListItem","@id":"https:\/\/tabaccomd.com\/ro\/product\/narghilea-aladin-alux-m7-rose-gold-53\/#listItem","name":"Narghilea Aladin Alux &#8211; M7 &#8211; Rose Gold 53"},"previousItem":{"@type":"ListItem","@id":"https:\/\/tabaccomd.com\/ro\/product-category\/narghilea-ro\/#listItem","name":"Narghilea"}},{"@type":"ListItem","@id":"https:\/\/tabaccomd.com\/ro\/product\/narghilea-aladin-alux-m7-rose-gold-53\/#listItem","position":5,"name":"Narghilea Aladin Alux &#8211; M7 &#8211; Rose Gold 53","previousItem":{"@type":"ListItem","@id":"https:\/\/tabaccomd.com\/ro\/product-category\/narghilea-ro\/narghilea-aladin-2\/#listItem","name":"Narghilea Aladin"}}]},{"@type":"Organization","@id":"https:\/\/tabaccomd.com\/ro\/#organization","name":"Tabacco House","description":"\u041c\u0430\u0433\u0430\u0437\u0438\u043d \u0442\u0430\u0431\u0430\u0447\u043d\u044b\u0445 \u0438\u0437\u0434\u0435\u043b\u0438\u0439","url":"https:\/\/tabaccomd.com\/ro\/","email":"Office@cazacuhouse.com","telephone":"+37361000935","logo":{"@type":"ImageObject","url":"https:\/\/tabaccomd.com\/wp-content\/uploads\/2024\/02\/logo_header3.png","@id":"https:\/\/tabaccomd.com\/ro\/product\/narghilea-aladin-alux-m7-rose-gold-53\/#organizationLogo","width":32,"height":32,"caption":"Tabacco House"},"image":{"@id":"https:\/\/tabaccomd.com\/ro\/product\/narghilea-aladin-alux-m7-rose-gold-53\/#organizationLogo"},"sameAs":["https:\/\/www.facebook.com\/tabaccomd.com\/","https:\/\/www.instagram.com\/tabaccomd.com\/"],"address":{"@id":"https:\/\/tabaccomd.com\/ro\/#postaladdress","@type":"PostalAddress","streetAddress":"Strada Albi\u015foara 4, Chi\u0219in\u0103u, Bulevardul \u0218tefan cel Mare \u0219i Sf\u00eent 136, Chi\u0219in\u0103u","addressLocality":"Chi\u0219in\u0103u","addressCountry":"MD"}},{"@type":"Product","@id":"https:\/\/tabaccomd.com\/ro\/product\/narghilea-aladin-alux-m7-rose-gold-53\/#wooCommerceProduct","name":"Narghilea Aladin Alux - M7 - Rose Gold 53","description":"Produc\u0103tor: Aladdin, Germania\r\n \tDimensiune: 53 cm\r\n \tCuloare: Rosa, gold\r\n \tMaterial: Aluminiu\r\n \tAmbalaje cadou","url":"https:\/\/tabaccomd.com\/ro\/product\/narghilea-aladin-alux-m7-rose-gold-53\/","sku":"WALU7rg","image":{"@type":"ImageObject","url":"https:\/\/tabaccomd.com\/wp-content\/uploads\/2024\/01\/m7-rose-gold-1.jpg","@id":"https:\/\/tabaccomd.com\/ro\/product\/narghilea-aladin-alux-m7-rose-gold-53\/#productImage","width":1000,"height":1000,"caption":"\u041a\u0430\u043b\u044c\u044f\u043d Aladin Alux - M7 - Rose Gold 53 \u0441\u043c"},"offers":{"@type":"Offer","url":"https:\/\/tabaccomd.com\/ro\/product\/narghilea-aladin-alux-m7-rose-gold-53\/#wooCommerceOffer","price":1950,"priceCurrency":"MDL","category":"Narghilea Aladin","availability":"https:\/\/schema.org\/PreOrder","priceSpecification":{"@type":"PriceSpecification","price":1950,"priceCurrency":"MDL","valueAddedTaxIncluded":"true"},"seller":{"@type":"Organization","@id":"https:\/\/tabaccomd.com\/ro\/#organization"}}},{"@type":"WebPage","@id":"https:\/\/tabaccomd.com\/ro\/product\/narghilea-aladin-alux-m7-rose-gold-53\/#webpage","url":"https:\/\/tabaccomd.com\/ro\/product\/narghilea-aladin-alux-m7-rose-gold-53\/","name":"Narghilea Aladin Alux \u2013 M7 \u2013 Rose Gold 53 cump\u0103ra\u021bi de la tabaccomd.com cu livrare \u00een Moldova \u0219i Chi\u0219in\u0103u \u2013 Tabacco House","description":"Narghilea Aladin Alux \u2013 M7 \u2013 Rose Gold 53","inLanguage":"ro-RO","isPartOf":{"@id":"https:\/\/tabaccomd.com\/ro\/#website"},"breadcrumb":{"@id":"https:\/\/tabaccomd.com\/ro\/product\/narghilea-aladin-alux-m7-rose-gold-53\/#breadcrumblist"},"image":{"@type":"ImageObject","url":"https:\/\/tabaccomd.com\/wp-content\/uploads\/2024\/01\/m7-rose-gold-1.jpg","@id":"https:\/\/tabaccomd.com\/ro\/product\/narghilea-aladin-alux-m7-rose-gold-53\/#mainImage","width":1000,"height":1000,"caption":"\u041a\u0430\u043b\u044c\u044f\u043d Aladin Alux - M7 - Rose Gold 53 \u0441\u043c"},"primaryImageOfPage":{"@id":"https:\/\/tabaccomd.com\/ro\/product\/narghilea-aladin-alux-m7-rose-gold-53\/#mainImage"},"datePublished":"2024-01-25T01:22:59+03:00","dateModified":"2024-01-29T15:27:54+03:00"},{"@type":"WebSite","@id":"https:\/\/tabaccomd.com\/ro\/#website","url":"https:\/\/tabaccomd.com\/ro\/","name":"Tabacco House","alternateName":"tobaccomd.com","description":"\u041c\u0430\u0433\u0430\u0437\u0438\u043d \u0442\u0430\u0431\u0430\u0447\u043d\u044b\u0445 \u0438\u0437\u0434\u0435\u043b\u0438\u0439","inLanguage":"ro-RO","publisher":{"@id":"https:\/\/tabaccomd.com\/ro\/#organization"}}]},"og:locale":"ro_RO","og:site_name":"Tabacco House \u2013 \u041c\u0430\u0433\u0430\u0437\u0438\u043d \u0442\u0430\u0431\u0430\u0447\u043d\u044b\u0445 \u0438\u0437\u0434\u0435\u043b\u0438\u0439","og:type":"article","og:title":"Narghilea Aladin Alux \u2013 M7 \u2013 Rose Gold 53 cump\u0103ra\u021bi de la tabaccomd.com cu livrare \u00een Moldova \u0219i Chi\u0219in\u0103u \u2013 Tabacco House","og:description":"Narghilea Aladin Alux \u2013 M7 \u2013 Rose Gold 53","og:url":"https:\/\/tabaccomd.com\/ro\/product\/narghilea-aladin-alux-m7-rose-gold-53\/","article:published_time":"2024-01-24T22:22:59+00:00","article:modified_time":"2024-01-29T12:27:54+00:00","article:publisher":"https:\/\/www.facebook.com\/tabaccomd.com\/","twitter:card":"summary_large_image","twitter:title":"Narghilea Aladin Alux \u2013 M7 \u2013 Rose Gold 53 cump\u0103ra\u021bi de la tabaccomd.com cu livrare \u00een Moldova \u0219i Chi\u0219in\u0103u \u2013 Tabacco House","twitter:description":"Narghilea Aladin Alux \u2013 M7 \u2013 Rose Gold 53"},"aioseo_meta_data":{"post_id":"134144","title":"#post_title cump\u0103ra\u021bi de la tabaccomd.com cu livrare \u00een Moldova \u0219i Chi\u0219in\u0103u #separator_sa #site_title","description":"#post_title","keywords":[],"keyphrases":{"focus":{"keyphrase":"Narghilea Aladin Alux - M7 - Rose Gold 53","score":49,"analysis":{"keyphraseInTitle":{"score":3,"maxScore":9,"error":1},"keyphraseInDescription":{"score":3,"maxScore":9,"error":1},"keyphraseLength":{"score":6,"maxScore":9,"error":1,"length":6},"keyphraseInURL":{"score":5,"maxScore":5,"error":0},"keyphraseInIntroduction":{"score":3,"maxScore":9,"error":1},"keyphraseInSubHeadings":[],"keyphraseInImageAlt":[]}},"additional":[]},"primary_term":null,"canonical_url":null,"og_title":null,"og_description":null,"og_object_type":"default","og_image_type":"default","og_image_url":null,"og_image_width":null,"og_image_height":null,"og_image_custom_url":null,"og_image_custom_fields":null,"og_video":"","og_custom_url":null,"og_article_section":null,"og_article_tags":[],"twitter_use_og":false,"twitter_card":"default","twitter_image_type":"default","twitter_image_url":null,"twitter_image_custom_url":null,"twitter_image_custom_fields":null,"twitter_title":null,"twitter_description":null,"schema":{"blockGraphs":[],"customGraphs":[],"default":{"data":{"Article":[],"Course":[],"Dataset":[],"FAQPage":[],"Movie":[],"Person":[],"Product":[],"ProductReview":[],"Car":[],"Recipe":[],"Service":[],"SoftwareApplication":[],"WebPage":[]},"graphName":"ItemPage","isEnabled":true},"graphs":[]},"schema_type":"default","schema_type_options":null,"pillar_content":false,"robots_default":true,"robots_noindex":false,"robots_noarchive":false,"robots_nosnippet":false,"robots_nofollow":false,"robots_noimageindex":false,"robots_noodp":false,"robots_notranslate":false,"robots_max_snippet":"-1","robots_max_videopreview":"-1","robots_max_imagepreview":"large","priority":null,"frequency":"default","local_seo":null,"seo_analyzer_scan_date":"2025-10-20 17:33:54","breadcrumb_settings":null,"limit_modified_date":false,"reviewed_by":null,"open_ai":null,"ai":null,"created":"2024-01-24 22:23:26","updated":"2025-10-20 17:33:54"},"aioseo_breadcrumb":"<div class=\"aioseo-breadcrumbs\"><span class=\"aioseo-breadcrumb\">\n\t<a href=\"https:\/\/tabaccomd.com\/ro\/\" title=\"\u0413\u043b\u0430\u0432\u043d\u0430\u044f\">\u0413\u043b\u0430\u0432\u043d\u0430\u044f<\/a>\n<\/span><span class=\"aioseo-breadcrumb-separator\">\u00bb<\/span><span class=\"aioseo-breadcrumb\">\n\t<a href=\"https:\/\/tabaccomd.com\/ro\/catalog\/\" title=\"Catalog\">Catalog<\/a>\n<\/span><span class=\"aioseo-breadcrumb-separator\">\u00bb<\/span><span class=\"aioseo-breadcrumb\">\n\t<a href=\"https:\/\/tabaccomd.com\/ro\/product-category\/narghilea-ro\/\" title=\"Narghilea\">Narghilea<\/a>\n<\/span><span class=\"aioseo-breadcrumb-separator\">\u00bb<\/span><span class=\"aioseo-breadcrumb\">\n\t<a href=\"https:\/\/tabaccomd.com\/ro\/product-category\/narghilea-ro\/narghilea-aladin-2\/\" title=\"Narghilea Aladin\">Narghilea Aladin<\/a>\n<\/span><span class=\"aioseo-breadcrumb-separator\">\u00bb<\/span><span class=\"aioseo-breadcrumb\">\n\tNarghilea Aladin Alux \u2013 M7 \u2013 Rose Gold 53\n<\/span><\/div>","aioseo_breadcrumb_json":[{"label":"\u0413\u043b\u0430\u0432\u043d\u0430\u044f","link":"https:\/\/tabaccomd.com\/ro\/"},{"label":"Catalog","link":"https:\/\/tabaccomd.com\/ro\/catalog\/"},{"label":"Narghilea","link":"https:\/\/tabaccomd.com\/ro\/product-category\/narghilea-ro\/"},{"label":"Narghilea Aladin","link":"https:\/\/tabaccomd.com\/ro\/product-category\/narghilea-ro\/narghilea-aladin-2\/"},{"label":"Narghilea Aladin Alux &#8211; M7 &#8211; Rose Gold 53","link":"https:\/\/tabaccomd.com\/ro\/product\/narghilea-aladin-alux-m7-rose-gold-53\/"}],"images_for_1c":[{"url":"https:\/\/tabaccomd.com\/wp-content\/uploads\/2024\/01\/m7-rose-gold-1.jpg","type":"featured","alt":"\u041a\u0430\u043b\u044c\u044f\u043d Aladin Alux - M7 - Rose Gold 53 \u0441\u043c","filename":"m7-rose-gold-1.jpg"},{"url":"https:\/\/tabaccomd.com\/wp-content\/uploads\/2024\/01\/m7-rose-gold.jpg","type":"gallery","alt":"","filename":"m7-rose-gold.jpg"},{"url":"https:\/\/tabaccomd.com\/wp-content\/uploads\/2024\/01\/rose-gold-m7.jpg","type":"gallery","alt":"","filename":"rose-gold-m7.jpg"},{"url":"https:\/\/tabaccomd.com\/wp-content\/uploads\/2024\/01\/alux-black-4-1.jpg","type":"gallery","alt":"","filename":"alux-black-4-1.jpg"}],"additional_data_1c":{"modified_date":"2024-01-29 15:27:54","permalink":"https:\/\/tabaccomd.com\/ro\/product\/narghilea-aladin-alux-m7-rose-gold-53\/","stock_status":"onbackorder","manage_stock":"no"},"_links":{"self":[{"href":"https:\/\/tabaccomd.com\/ro\/wp-json\/wp\/v2\/product\/134144","targetHints":{"allow":["GET"]}}],"collection":[{"href":"https:\/\/tabaccomd.com\/ro\/wp-json\/wp\/v2\/product"}],"about":[{"href":"https:\/\/tabaccomd.com\/ro\/wp-json\/wp\/v2\/types\/product"}],"wp:featuredmedia":[{"embeddable":true,"href":"https:\/\/tabaccomd.com\/ro\/wp-json\/wp\/v2\/media\/134139"}],"wp:attachment":[{"href":"https:\/\/tabaccomd.com\/ro\/wp-json\/wp\/v2\/media?parent=134144"}],"wp:term":[{"taxonomy":"product_brand","embeddable":true,"href":"https:\/\/tabaccomd.com\/ro\/wp-json\/wp\/v2\/product_brand?post=134144"},{"taxonomy":"product_cat","embeddable":true,"href":"https:\/\/tabaccomd.com\/ro\/wp-json\/wp\/v2\/product_cat?post=134144"},{"taxonomy":"product_tag","embeddable":true,"href":"https:\/\/tabaccomd.com\/ro\/wp-json\/wp\/v2\/product_tag?post=134144"}],"curies":[{"name":"wp","href":"https:\/\/api.w.org\/{rel}","templated":true}]}}