{"id":133266,"date":"2024-01-10T01:29:00","date_gmt":"2024-01-09T22:29:00","guid":{"rendered":"https:\/\/tabaccomd.com\/?post_type=product&#038;p=133266"},"modified":"2024-01-19T01:44:20","modified_gmt":"2024-01-18T22:44:20","slug":"narghilea-misha-moonlight-fara-bol","status":"publish","type":"product","link":"https:\/\/tabaccomd.com\/ro\/product\/narghilea-misha-moonlight-fara-bol\/","title":{"rendered":"Narghilea Misha Moonlight (f\u0103r\u0103 bol)"},"content":{"rendered":"<p><strong>Narghileaua\u00a0<\/strong>Misha Moonlight este fabricat\u0103 din o\u021bel inoxidabil de \u00eenalt\u0103 calitate. Aceast\u0103 narghilea este complet demontabil\u0103, iar furtunul este fixat cu ajutorul unui inel de etan\u0219are. Pe tija de scufundare se afl\u0103 un difuzor cu reglare a trac\u021biunii. \u00cen pachet este inclus un du\u0219umea de o\u021bel inoxidabil cu m\u00e2ner confortabil din poliacetal. Dotare: \u0219aht\u0103, du\u0219umea, farfurie de design, furtun de silicon Soft Touch, difuzor, set de garnituri, breloc, cutie elegant\u0103 \u0219i afi\u0219.<\/p>\n","protected":false},"excerpt":{"rendered":"<ul>\n<li>Culoare: Alb<\/li>\n<li>\u00cen\u0103l\u021bime f\u0103r\u0103 bol: 35 cm<\/li>\n<li>Produc\u0103tor: Rusia<\/li>\n<li>Ambalaj pentru cadouri<\/li>\n<li><\/li>\n<\/ul>\n","protected":false},"featured_media":133261,"template":"","meta":{"om_disable_all_campaigns":false,"_monsterinsights_skip_tracking":false,"_monsterinsights_sitenote_active":false,"_monsterinsights_sitenote_note":"","_monsterinsights_sitenote_category":0},"product_brand":[],"product_cat":[420],"product_tag":[],"class_list":{"0":"post-133266","1":"product","2":"type-product","3":"status-publish","4":"has-post-thumbnail","6":"product_cat-narghilea-misha","8":"first","9":"instock","10":"taxable","11":"shipping-taxable","12":"purchasable","13":"product-type-simple"},"aioseo_notices":[],"aioseo_head":"\n\t\t<!-- All in One SEO Pro 4.9.5.2 - aioseo.com -->\n\t<meta name=\"description\" content=\"Narghilea Misha Moonlight (f\u0103r\u0103 bol) de la tabaccomd.com. Avem cele mai bune pre\u021buri \u0219i o gam\u0103 variat\u0103. Comanda\u021bi la telefon \u260e\ufe0f 061000935 cu livrare \u00een Chi\u0219in\u0103u \u0219i \u00een toat\u0103 \u021bara. Cump\u0103ra\u021bi cu \u00eencredere de la Tabacco House!\" \/>\n\t<meta name=\"robots\" content=\"max-image-preview:large\" \/>\n\t<link rel=\"canonical\" href=\"https:\/\/tabaccomd.com\/ro\/product\/narghilea-misha-moonlight-fara-bol\/\" \/>\n\t<meta name=\"generator\" content=\"All in One SEO Pro (AIOSEO) 4.9.5.2\" \/>\n\t\t<meta property=\"og:locale\" content=\"ro_RO\" \/>\n\t\t<meta property=\"og:site_name\" content=\"Tabacco House \u2013 \u041c\u0430\u0433\u0430\u0437\u0438\u043d \u0442\u0430\u0431\u0430\u0447\u043d\u044b\u0445 \u0438\u0437\u0434\u0435\u043b\u0438\u0439\" \/>\n\t\t<meta property=\"og:type\" content=\"article\" \/>\n\t\t<meta property=\"og:title\" content=\"Narghilea Misha Moonlight (f\u0103r\u0103 bol) cump\u0103ra\u021bi de la tabaccomd.com cu livrare \u00een Moldova \u0219i Chi\u0219in\u0103u \u2013 Tabacco House\" \/>\n\t\t<meta property=\"og:description\" content=\"Narghilea Misha Moonlight (f\u0103r\u0103 bol) de la tabaccomd.com. Avem cele mai bune pre\u021buri \u0219i o gam\u0103 variat\u0103. Comanda\u021bi la telefon \u260e\ufe0f 061000935 cu livrare \u00een Chi\u0219in\u0103u \u0219i \u00een toat\u0103 \u021bara. Cump\u0103ra\u021bi cu \u00eencredere de la Tabacco House!\" \/>\n\t\t<meta property=\"og:url\" content=\"https:\/\/tabaccomd.com\/ro\/product\/narghilea-misha-moonlight-fara-bol\/\" \/>\n\t\t<meta property=\"article:published_time\" content=\"2024-01-09T22:29:00+00:00\" \/>\n\t\t<meta property=\"article:modified_time\" content=\"2024-01-18T22:44:20+00:00\" \/>\n\t\t<meta property=\"article:publisher\" content=\"https:\/\/www.facebook.com\/tabaccomd.com\/\" \/>\n\t\t<meta name=\"twitter:card\" content=\"summary_large_image\" \/>\n\t\t<meta name=\"twitter:title\" content=\"Narghilea Misha Moonlight (f\u0103r\u0103 bol) cump\u0103ra\u021bi de la tabaccomd.com cu livrare \u00een Moldova \u0219i Chi\u0219in\u0103u \u2013 Tabacco House\" \/>\n\t\t<meta name=\"twitter:description\" content=\"Narghilea Misha Moonlight (f\u0103r\u0103 bol) de la tabaccomd.com. Avem cele mai bune pre\u021buri \u0219i o gam\u0103 variat\u0103. Comanda\u021bi la telefon \u260e\ufe0f 061000935 cu livrare \u00een Chi\u0219in\u0103u \u0219i \u00een toat\u0103 \u021bara. Cump\u0103ra\u021bi cu \u00eencredere de la Tabacco House!\" \/>\n\t\t<script type=\"application\/ld+json\" class=\"aioseo-schema\">\n\t\t\t{\"@context\":\"https:\\\/\\\/schema.org\",\"@graph\":[{\"@type\":\"BreadcrumbList\",\"@id\":\"https:\\\/\\\/tabaccomd.com\\\/ro\\\/product\\\/narghilea-misha-moonlight-fara-bol\\\/#breadcrumblist\",\"itemListElement\":[{\"@type\":\"ListItem\",\"@id\":\"https:\\\/\\\/tabaccomd.com\\\/ro\\\/#listItem\",\"position\":1,\"name\":\"\\u0413\\u043b\\u0430\\u0432\\u043d\\u0430\\u044f\",\"item\":\"https:\\\/\\\/tabaccomd.com\\\/ro\\\/\",\"nextItem\":{\"@type\":\"ListItem\",\"@id\":\"https:\\\/\\\/tabaccomd.com\\\/ro\\\/catalog\\\/#listItem\",\"name\":\"Catalog\"}},{\"@type\":\"ListItem\",\"@id\":\"https:\\\/\\\/tabaccomd.com\\\/ro\\\/catalog\\\/#listItem\",\"position\":2,\"name\":\"Catalog\",\"item\":\"https:\\\/\\\/tabaccomd.com\\\/ro\\\/catalog\\\/\",\"nextItem\":{\"@type\":\"ListItem\",\"@id\":\"https:\\\/\\\/tabaccomd.com\\\/ro\\\/product-category\\\/narghilea-ro\\\/#listItem\",\"name\":\"Narghilea\"},\"previousItem\":{\"@type\":\"ListItem\",\"@id\":\"https:\\\/\\\/tabaccomd.com\\\/ro\\\/#listItem\",\"name\":\"\\u0413\\u043b\\u0430\\u0432\\u043d\\u0430\\u044f\"}},{\"@type\":\"ListItem\",\"@id\":\"https:\\\/\\\/tabaccomd.com\\\/ro\\\/product-category\\\/narghilea-ro\\\/#listItem\",\"position\":3,\"name\":\"Narghilea\",\"item\":\"https:\\\/\\\/tabaccomd.com\\\/ro\\\/product-category\\\/narghilea-ro\\\/\",\"nextItem\":{\"@type\":\"ListItem\",\"@id\":\"https:\\\/\\\/tabaccomd.com\\\/ro\\\/product-category\\\/narghilea-ro\\\/narghilea-misha\\\/#listItem\",\"name\":\"Narghilea MISHA\"},\"previousItem\":{\"@type\":\"ListItem\",\"@id\":\"https:\\\/\\\/tabaccomd.com\\\/ro\\\/catalog\\\/#listItem\",\"name\":\"Catalog\"}},{\"@type\":\"ListItem\",\"@id\":\"https:\\\/\\\/tabaccomd.com\\\/ro\\\/product-category\\\/narghilea-ro\\\/narghilea-misha\\\/#listItem\",\"position\":4,\"name\":\"Narghilea MISHA\",\"item\":\"https:\\\/\\\/tabaccomd.com\\\/ro\\\/product-category\\\/narghilea-ro\\\/narghilea-misha\\\/\",\"nextItem\":{\"@type\":\"ListItem\",\"@id\":\"https:\\\/\\\/tabaccomd.com\\\/ro\\\/product\\\/narghilea-misha-moonlight-fara-bol\\\/#listItem\",\"name\":\"Narghilea Misha Moonlight (f\\u0103r\\u0103 bol)\"},\"previousItem\":{\"@type\":\"ListItem\",\"@id\":\"https:\\\/\\\/tabaccomd.com\\\/ro\\\/product-category\\\/narghilea-ro\\\/#listItem\",\"name\":\"Narghilea\"}},{\"@type\":\"ListItem\",\"@id\":\"https:\\\/\\\/tabaccomd.com\\\/ro\\\/product\\\/narghilea-misha-moonlight-fara-bol\\\/#listItem\",\"position\":5,\"name\":\"Narghilea Misha Moonlight (f\\u0103r\\u0103 bol)\",\"previousItem\":{\"@type\":\"ListItem\",\"@id\":\"https:\\\/\\\/tabaccomd.com\\\/ro\\\/product-category\\\/narghilea-ro\\\/narghilea-misha\\\/#listItem\",\"name\":\"Narghilea MISHA\"}}]},{\"@type\":\"Organization\",\"@id\":\"https:\\\/\\\/tabaccomd.com\\\/ro\\\/#organization\",\"name\":\"Tabacco House\",\"description\":\"\\u041c\\u0430\\u0433\\u0430\\u0437\\u0438\\u043d \\u0442\\u0430\\u0431\\u0430\\u0447\\u043d\\u044b\\u0445 \\u0438\\u0437\\u0434\\u0435\\u043b\\u0438\\u0439\",\"url\":\"https:\\\/\\\/tabaccomd.com\\\/ro\\\/\",\"email\":\"Office@cazacuhouse.com\",\"telephone\":\"+37361000935\",\"logo\":{\"@type\":\"ImageObject\",\"url\":\"https:\\\/\\\/tabaccomd.com\\\/wp-content\\\/uploads\\\/2024\\\/02\\\/logo_header3.png\",\"@id\":\"https:\\\/\\\/tabaccomd.com\\\/ro\\\/product\\\/narghilea-misha-moonlight-fara-bol\\\/#organizationLogo\",\"width\":32,\"height\":32,\"caption\":\"Tabacco House\"},\"image\":{\"@id\":\"https:\\\/\\\/tabaccomd.com\\\/ro\\\/product\\\/narghilea-misha-moonlight-fara-bol\\\/#organizationLogo\"},\"sameAs\":[\"https:\\\/\\\/www.facebook.com\\\/tabaccomd.com\\\/\",\"https:\\\/\\\/www.instagram.com\\\/tabaccomd.com\\\/\"],\"address\":{\"@id\":\"https:\\\/\\\/tabaccomd.com\\\/ro\\\/#postaladdress\",\"@type\":\"PostalAddress\",\"streetAddress\":\"Strada Albi\\u015foara 4, Chi\\u0219in\\u0103u, Bulevardul \\u0218tefan cel Mare \\u0219i Sf\\u00eent 136, Chi\\u0219in\\u0103u\",\"addressLocality\":\"Chi\\u0219in\\u0103u\",\"addressCountry\":\"MD\"}},{\"@type\":\"Product\",\"@id\":\"https:\\\/\\\/tabaccomd.com\\\/ro\\\/product\\\/narghilea-misha-moonlight-fara-bol\\\/#wooCommerceProduct\",\"name\":\"Narghilea Misha Moonlight (f\\u0103r\\u0103 bol)\",\"description\":\"Culoare: Alb\\r\\n \\t\\u00cen\\u0103l\\u021bime f\\u0103r\\u0103 bol: 35 cm\\r\\n \\tProduc\\u0103tor: Rusia\\r\\n \\tAmbalaj pentru cadouri\",\"url\":\"https:\\\/\\\/tabaccomd.com\\\/ro\\\/product\\\/narghilea-misha-moonlight-fara-bol\\\/\",\"sku\":\"MISHA06\",\"image\":{\"@type\":\"ImageObject\",\"url\":\"https:\\\/\\\/tabaccomd.com\\\/wp-content\\\/uploads\\\/2024\\\/01\\\/moonlight-2.jpg\",\"@id\":\"https:\\\/\\\/tabaccomd.com\\\/ro\\\/product\\\/narghilea-misha-moonlight-fara-bol\\\/#productImage\",\"width\":820,\"height\":820,\"caption\":\"\\u041a\\u0430\\u043b\\u044c\\u044f\\u043d Misha Moonlight (\\u0431\\u0435\\u0437 \\u043a\\u043e\\u043b\\u0431\\u044b)\"},\"offers\":{\"@type\":\"Offer\",\"url\":\"https:\\\/\\\/tabaccomd.com\\\/ro\\\/product\\\/narghilea-misha-moonlight-fara-bol\\\/#wooCommerceOffer\",\"price\":1870,\"priceCurrency\":\"MDL\",\"category\":\"Narghilea MISHA\",\"availability\":\"https:\\\/\\\/schema.org\\\/InStock\",\"priceSpecification\":{\"@type\":\"PriceSpecification\",\"price\":1870,\"priceCurrency\":\"MDL\",\"valueAddedTaxIncluded\":\"true\"},\"seller\":{\"@type\":\"Organization\",\"@id\":\"https:\\\/\\\/tabaccomd.com\\\/ro\\\/#organization\"}}},{\"@type\":\"WebPage\",\"@id\":\"https:\\\/\\\/tabaccomd.com\\\/ro\\\/product\\\/narghilea-misha-moonlight-fara-bol\\\/#webpage\",\"url\":\"https:\\\/\\\/tabaccomd.com\\\/ro\\\/product\\\/narghilea-misha-moonlight-fara-bol\\\/\",\"name\":\"Narghilea Misha Moonlight (f\\u0103r\\u0103 bol) cump\\u0103ra\\u021bi de la tabaccomd.com cu livrare \\u00een Moldova \\u0219i Chi\\u0219in\\u0103u \\u2013 Tabacco House\",\"description\":\"Narghilea Misha Moonlight (f\\u0103r\\u0103 bol) de la tabaccomd.com. Avem cele mai bune pre\\u021buri \\u0219i o gam\\u0103 variat\\u0103. Comanda\\u021bi la telefon \\u260e\\ufe0f 061000935 cu livrare \\u00een Chi\\u0219in\\u0103u \\u0219i \\u00een toat\\u0103 \\u021bara. Cump\\u0103ra\\u021bi cu \\u00eencredere de la Tabacco House!\",\"inLanguage\":\"ro-RO\",\"isPartOf\":{\"@id\":\"https:\\\/\\\/tabaccomd.com\\\/ro\\\/#website\"},\"breadcrumb\":{\"@id\":\"https:\\\/\\\/tabaccomd.com\\\/ro\\\/product\\\/narghilea-misha-moonlight-fara-bol\\\/#breadcrumblist\"},\"image\":{\"@type\":\"ImageObject\",\"url\":\"https:\\\/\\\/tabaccomd.com\\\/wp-content\\\/uploads\\\/2024\\\/01\\\/moonlight-2.jpg\",\"@id\":\"https:\\\/\\\/tabaccomd.com\\\/ro\\\/product\\\/narghilea-misha-moonlight-fara-bol\\\/#mainImage\",\"width\":820,\"height\":820,\"caption\":\"\\u041a\\u0430\\u043b\\u044c\\u044f\\u043d Misha Moonlight (\\u0431\\u0435\\u0437 \\u043a\\u043e\\u043b\\u0431\\u044b)\"},\"primaryImageOfPage\":{\"@id\":\"https:\\\/\\\/tabaccomd.com\\\/ro\\\/product\\\/narghilea-misha-moonlight-fara-bol\\\/#mainImage\"},\"datePublished\":\"2024-01-10T01:29:00+03:00\",\"dateModified\":\"2024-01-19T01:44:20+03:00\"},{\"@type\":\"WebSite\",\"@id\":\"https:\\\/\\\/tabaccomd.com\\\/ro\\\/#website\",\"url\":\"https:\\\/\\\/tabaccomd.com\\\/ro\\\/\",\"name\":\"Tabacco House\",\"alternateName\":\"tobaccomd.com\",\"description\":\"\\u041c\\u0430\\u0433\\u0430\\u0437\\u0438\\u043d \\u0442\\u0430\\u0431\\u0430\\u0447\\u043d\\u044b\\u0445 \\u0438\\u0437\\u0434\\u0435\\u043b\\u0438\\u0439\",\"inLanguage\":\"ro-RO\",\"publisher\":{\"@id\":\"https:\\\/\\\/tabaccomd.com\\\/ro\\\/#organization\"}}]}\n\t\t<\/script>\n\t\t<!-- All in One SEO Pro -->\r\n\t\t<title>Narghilea Misha Moonlight (f\u0103r\u0103 bol) cump\u0103ra\u021bi de la tabaccomd.com cu livrare \u00een Moldova \u0219i Chi\u0219in\u0103u \u2013 Tabacco House<\/title>\n\n","aioseo_head_json":{"title":"Narghilea Misha Moonlight (f\u0103r\u0103 bol) cump\u0103ra\u021bi de la tabaccomd.com cu livrare \u00een Moldova \u0219i Chi\u0219in\u0103u \u2013 Tabacco House","description":"Narghilea Misha Moonlight (f\u0103r\u0103 bol) de la tabaccomd.com. Avem cele mai bune pre\u021buri \u0219i o gam\u0103 variat\u0103. Comanda\u021bi la telefon \u260e\ufe0f 061000935 cu livrare \u00een Chi\u0219in\u0103u \u0219i \u00een toat\u0103 \u021bara. Cump\u0103ra\u021bi cu \u00eencredere de la Tabacco House!","canonical_url":"https:\/\/tabaccomd.com\/ro\/product\/narghilea-misha-moonlight-fara-bol\/","robots":"max-image-preview:large","keywords":"","webmasterTools":{"miscellaneous":""},"schema":{"@context":"https:\/\/schema.org","@graph":[{"@type":"BreadcrumbList","@id":"https:\/\/tabaccomd.com\/ro\/product\/narghilea-misha-moonlight-fara-bol\/#breadcrumblist","itemListElement":[{"@type":"ListItem","@id":"https:\/\/tabaccomd.com\/ro\/#listItem","position":1,"name":"\u0413\u043b\u0430\u0432\u043d\u0430\u044f","item":"https:\/\/tabaccomd.com\/ro\/","nextItem":{"@type":"ListItem","@id":"https:\/\/tabaccomd.com\/ro\/catalog\/#listItem","name":"Catalog"}},{"@type":"ListItem","@id":"https:\/\/tabaccomd.com\/ro\/catalog\/#listItem","position":2,"name":"Catalog","item":"https:\/\/tabaccomd.com\/ro\/catalog\/","nextItem":{"@type":"ListItem","@id":"https:\/\/tabaccomd.com\/ro\/product-category\/narghilea-ro\/#listItem","name":"Narghilea"},"previousItem":{"@type":"ListItem","@id":"https:\/\/tabaccomd.com\/ro\/#listItem","name":"\u0413\u043b\u0430\u0432\u043d\u0430\u044f"}},{"@type":"ListItem","@id":"https:\/\/tabaccomd.com\/ro\/product-category\/narghilea-ro\/#listItem","position":3,"name":"Narghilea","item":"https:\/\/tabaccomd.com\/ro\/product-category\/narghilea-ro\/","nextItem":{"@type":"ListItem","@id":"https:\/\/tabaccomd.com\/ro\/product-category\/narghilea-ro\/narghilea-misha\/#listItem","name":"Narghilea MISHA"},"previousItem":{"@type":"ListItem","@id":"https:\/\/tabaccomd.com\/ro\/catalog\/#listItem","name":"Catalog"}},{"@type":"ListItem","@id":"https:\/\/tabaccomd.com\/ro\/product-category\/narghilea-ro\/narghilea-misha\/#listItem","position":4,"name":"Narghilea MISHA","item":"https:\/\/tabaccomd.com\/ro\/product-category\/narghilea-ro\/narghilea-misha\/","nextItem":{"@type":"ListItem","@id":"https:\/\/tabaccomd.com\/ro\/product\/narghilea-misha-moonlight-fara-bol\/#listItem","name":"Narghilea Misha Moonlight (f\u0103r\u0103 bol)"},"previousItem":{"@type":"ListItem","@id":"https:\/\/tabaccomd.com\/ro\/product-category\/narghilea-ro\/#listItem","name":"Narghilea"}},{"@type":"ListItem","@id":"https:\/\/tabaccomd.com\/ro\/product\/narghilea-misha-moonlight-fara-bol\/#listItem","position":5,"name":"Narghilea Misha Moonlight (f\u0103r\u0103 bol)","previousItem":{"@type":"ListItem","@id":"https:\/\/tabaccomd.com\/ro\/product-category\/narghilea-ro\/narghilea-misha\/#listItem","name":"Narghilea MISHA"}}]},{"@type":"Organization","@id":"https:\/\/tabaccomd.com\/ro\/#organization","name":"Tabacco House","description":"\u041c\u0430\u0433\u0430\u0437\u0438\u043d \u0442\u0430\u0431\u0430\u0447\u043d\u044b\u0445 \u0438\u0437\u0434\u0435\u043b\u0438\u0439","url":"https:\/\/tabaccomd.com\/ro\/","email":"Office@cazacuhouse.com","telephone":"+37361000935","logo":{"@type":"ImageObject","url":"https:\/\/tabaccomd.com\/wp-content\/uploads\/2024\/02\/logo_header3.png","@id":"https:\/\/tabaccomd.com\/ro\/product\/narghilea-misha-moonlight-fara-bol\/#organizationLogo","width":32,"height":32,"caption":"Tabacco House"},"image":{"@id":"https:\/\/tabaccomd.com\/ro\/product\/narghilea-misha-moonlight-fara-bol\/#organizationLogo"},"sameAs":["https:\/\/www.facebook.com\/tabaccomd.com\/","https:\/\/www.instagram.com\/tabaccomd.com\/"],"address":{"@id":"https:\/\/tabaccomd.com\/ro\/#postaladdress","@type":"PostalAddress","streetAddress":"Strada Albi\u015foara 4, Chi\u0219in\u0103u, Bulevardul \u0218tefan cel Mare \u0219i Sf\u00eent 136, Chi\u0219in\u0103u","addressLocality":"Chi\u0219in\u0103u","addressCountry":"MD"}},{"@type":"Product","@id":"https:\/\/tabaccomd.com\/ro\/product\/narghilea-misha-moonlight-fara-bol\/#wooCommerceProduct","name":"Narghilea Misha Moonlight (f\u0103r\u0103 bol)","description":"Culoare: Alb\r\n \t\u00cen\u0103l\u021bime f\u0103r\u0103 bol: 35 cm\r\n \tProduc\u0103tor: Rusia\r\n \tAmbalaj pentru cadouri","url":"https:\/\/tabaccomd.com\/ro\/product\/narghilea-misha-moonlight-fara-bol\/","sku":"MISHA06","image":{"@type":"ImageObject","url":"https:\/\/tabaccomd.com\/wp-content\/uploads\/2024\/01\/moonlight-2.jpg","@id":"https:\/\/tabaccomd.com\/ro\/product\/narghilea-misha-moonlight-fara-bol\/#productImage","width":820,"height":820,"caption":"\u041a\u0430\u043b\u044c\u044f\u043d Misha Moonlight (\u0431\u0435\u0437 \u043a\u043e\u043b\u0431\u044b)"},"offers":{"@type":"Offer","url":"https:\/\/tabaccomd.com\/ro\/product\/narghilea-misha-moonlight-fara-bol\/#wooCommerceOffer","price":1870,"priceCurrency":"MDL","category":"Narghilea MISHA","availability":"https:\/\/schema.org\/InStock","priceSpecification":{"@type":"PriceSpecification","price":1870,"priceCurrency":"MDL","valueAddedTaxIncluded":"true"},"seller":{"@type":"Organization","@id":"https:\/\/tabaccomd.com\/ro\/#organization"}}},{"@type":"WebPage","@id":"https:\/\/tabaccomd.com\/ro\/product\/narghilea-misha-moonlight-fara-bol\/#webpage","url":"https:\/\/tabaccomd.com\/ro\/product\/narghilea-misha-moonlight-fara-bol\/","name":"Narghilea Misha Moonlight (f\u0103r\u0103 bol) cump\u0103ra\u021bi de la tabaccomd.com cu livrare \u00een Moldova \u0219i Chi\u0219in\u0103u \u2013 Tabacco House","description":"Narghilea Misha Moonlight (f\u0103r\u0103 bol) de la tabaccomd.com. Avem cele mai bune pre\u021buri \u0219i o gam\u0103 variat\u0103. Comanda\u021bi la telefon \u260e\ufe0f 061000935 cu livrare \u00een Chi\u0219in\u0103u \u0219i \u00een toat\u0103 \u021bara. Cump\u0103ra\u021bi cu \u00eencredere de la Tabacco House!","inLanguage":"ro-RO","isPartOf":{"@id":"https:\/\/tabaccomd.com\/ro\/#website"},"breadcrumb":{"@id":"https:\/\/tabaccomd.com\/ro\/product\/narghilea-misha-moonlight-fara-bol\/#breadcrumblist"},"image":{"@type":"ImageObject","url":"https:\/\/tabaccomd.com\/wp-content\/uploads\/2024\/01\/moonlight-2.jpg","@id":"https:\/\/tabaccomd.com\/ro\/product\/narghilea-misha-moonlight-fara-bol\/#mainImage","width":820,"height":820,"caption":"\u041a\u0430\u043b\u044c\u044f\u043d Misha Moonlight (\u0431\u0435\u0437 \u043a\u043e\u043b\u0431\u044b)"},"primaryImageOfPage":{"@id":"https:\/\/tabaccomd.com\/ro\/product\/narghilea-misha-moonlight-fara-bol\/#mainImage"},"datePublished":"2024-01-10T01:29:00+03:00","dateModified":"2024-01-19T01:44:20+03:00"},{"@type":"WebSite","@id":"https:\/\/tabaccomd.com\/ro\/#website","url":"https:\/\/tabaccomd.com\/ro\/","name":"Tabacco House","alternateName":"tobaccomd.com","description":"\u041c\u0430\u0433\u0430\u0437\u0438\u043d \u0442\u0430\u0431\u0430\u0447\u043d\u044b\u0445 \u0438\u0437\u0434\u0435\u043b\u0438\u0439","inLanguage":"ro-RO","publisher":{"@id":"https:\/\/tabaccomd.com\/ro\/#organization"}}]},"og:locale":"ro_RO","og:site_name":"Tabacco House \u2013 \u041c\u0430\u0433\u0430\u0437\u0438\u043d \u0442\u0430\u0431\u0430\u0447\u043d\u044b\u0445 \u0438\u0437\u0434\u0435\u043b\u0438\u0439","og:type":"article","og:title":"Narghilea Misha Moonlight (f\u0103r\u0103 bol) cump\u0103ra\u021bi de la tabaccomd.com cu livrare \u00een Moldova \u0219i Chi\u0219in\u0103u \u2013 Tabacco House","og:description":"Narghilea Misha Moonlight (f\u0103r\u0103 bol) de la tabaccomd.com. Avem cele mai bune pre\u021buri \u0219i o gam\u0103 variat\u0103. Comanda\u021bi la telefon \u260e\ufe0f 061000935 cu livrare \u00een Chi\u0219in\u0103u \u0219i \u00een toat\u0103 \u021bara. Cump\u0103ra\u021bi cu \u00eencredere de la Tabacco House!","og:url":"https:\/\/tabaccomd.com\/ro\/product\/narghilea-misha-moonlight-fara-bol\/","article:published_time":"2024-01-09T22:29:00+00:00","article:modified_time":"2024-01-18T22:44:20+00:00","article:publisher":"https:\/\/www.facebook.com\/tabaccomd.com\/","twitter:card":"summary_large_image","twitter:title":"Narghilea Misha Moonlight (f\u0103r\u0103 bol) cump\u0103ra\u021bi de la tabaccomd.com cu livrare \u00een Moldova \u0219i Chi\u0219in\u0103u \u2013 Tabacco House","twitter:description":"Narghilea Misha Moonlight (f\u0103r\u0103 bol) de la tabaccomd.com. Avem cele mai bune pre\u021buri \u0219i o gam\u0103 variat\u0103. Comanda\u021bi la telefon \u260e\ufe0f 061000935 cu livrare \u00een Chi\u0219in\u0103u \u0219i \u00een toat\u0103 \u021bara. Cump\u0103ra\u021bi cu \u00eencredere de la Tabacco House!"},"aioseo_meta_data":{"post_id":"133266","title":"#post_title cump\u0103ra\u021bi de la tabaccomd.com cu livrare \u00een Moldova \u0219i Chi\u0219in\u0103u #separator_sa #site_title","description":"#post_title de la tabaccomd.com. Avem cele mai bune pre\u021buri \u0219i o gam\u0103 variat\u0103. Comanda\u021bi la telefon \u260e\ufe0f 061000935 cu livrare \u00een Chi\u0219in\u0103u \u0219i \u00een toat\u0103 \u021bara. Cump\u0103ra\u021bi cu \u00eencredere de la Tabacco House!","keywords":[],"keyphrases":{"focus":{"keyphrase":"Narghilea Misha Moonlight (f\u0103r\u0103 bol)","score":78,"analysis":{"keyphraseInTitle":{"score":9,"maxScore":9,"error":0},"keyphraseInDescription":{"score":9,"maxScore":9,"error":0},"keyphraseLength":{"score":6,"maxScore":9,"error":1,"length":5},"keyphraseInURL":{"score":5,"maxScore":5,"error":0},"keyphraseInIntroduction":{"score":3,"maxScore":9,"error":1},"keyphraseInSubHeadings":[],"keyphraseInImageAlt":[]}},"additional":[]},"primary_term":null,"canonical_url":null,"og_title":null,"og_description":null,"og_object_type":"default","og_image_type":"default","og_image_url":null,"og_image_width":null,"og_image_height":null,"og_image_custom_url":null,"og_image_custom_fields":null,"og_video":"","og_custom_url":null,"og_article_section":null,"og_article_tags":[],"twitter_use_og":false,"twitter_card":"default","twitter_image_type":"default","twitter_image_url":null,"twitter_image_custom_url":null,"twitter_image_custom_fields":null,"twitter_title":null,"twitter_description":null,"schema":{"blockGraphs":[],"customGraphs":[],"default":{"data":{"Article":[],"Course":[],"Dataset":[],"FAQPage":[],"Movie":[],"Person":[],"Product":[],"ProductReview":[],"Car":[],"Recipe":[],"Service":[],"SoftwareApplication":[],"WebPage":[]},"graphName":"ItemPage","isEnabled":true},"graphs":[]},"schema_type":"default","schema_type_options":null,"pillar_content":false,"robots_default":true,"robots_noindex":false,"robots_noarchive":false,"robots_nosnippet":false,"robots_nofollow":false,"robots_noimageindex":false,"robots_noodp":false,"robots_notranslate":false,"robots_max_snippet":"-1","robots_max_videopreview":"-1","robots_max_imagepreview":"large","priority":null,"frequency":"default","local_seo":null,"seo_analyzer_scan_date":"2025-10-20 17:28:42","breadcrumb_settings":null,"limit_modified_date":false,"reviewed_by":null,"open_ai":null,"ai":null,"created":"2024-01-09 22:29:25","updated":"2025-10-20 17:28:42"},"aioseo_breadcrumb":"<div class=\"aioseo-breadcrumbs\"><span class=\"aioseo-breadcrumb\">\n\t<a href=\"https:\/\/tabaccomd.com\/ro\/\" title=\"\u0413\u043b\u0430\u0432\u043d\u0430\u044f\">\u0413\u043b\u0430\u0432\u043d\u0430\u044f<\/a>\n<\/span><span class=\"aioseo-breadcrumb-separator\">\u00bb<\/span><span class=\"aioseo-breadcrumb\">\n\t<a href=\"https:\/\/tabaccomd.com\/ro\/catalog\/\" title=\"Catalog\">Catalog<\/a>\n<\/span><span class=\"aioseo-breadcrumb-separator\">\u00bb<\/span><span class=\"aioseo-breadcrumb\">\n\t<a href=\"https:\/\/tabaccomd.com\/ro\/product-category\/narghilea-ro\/\" title=\"Narghilea\">Narghilea<\/a>\n<\/span><span class=\"aioseo-breadcrumb-separator\">\u00bb<\/span><span class=\"aioseo-breadcrumb\">\n\t<a href=\"https:\/\/tabaccomd.com\/ro\/product-category\/narghilea-ro\/narghilea-misha\/\" title=\"Narghilea MISHA\">Narghilea MISHA<\/a>\n<\/span><span class=\"aioseo-breadcrumb-separator\">\u00bb<\/span><span class=\"aioseo-breadcrumb\">\n\tNarghilea Misha Moonlight (f\u0103r\u0103 bol)\n<\/span><\/div>","aioseo_breadcrumb_json":[{"label":"\u0413\u043b\u0430\u0432\u043d\u0430\u044f","link":"https:\/\/tabaccomd.com\/ro\/"},{"label":"Catalog","link":"https:\/\/tabaccomd.com\/ro\/catalog\/"},{"label":"Narghilea","link":"https:\/\/tabaccomd.com\/ro\/product-category\/narghilea-ro\/"},{"label":"Narghilea MISHA","link":"https:\/\/tabaccomd.com\/ro\/product-category\/narghilea-ro\/narghilea-misha\/"},{"label":"Narghilea Misha Moonlight (f\u0103r\u0103 bol)","link":"https:\/\/tabaccomd.com\/ro\/product\/narghilea-misha-moonlight-fara-bol\/"}],"images_for_1c":[{"url":"https:\/\/tabaccomd.com\/wp-content\/uploads\/2024\/01\/moonlight-2.jpg","type":"featured","alt":"\u041a\u0430\u043b\u044c\u044f\u043d Misha Moonlight (\u0431\u0435\u0437 \u043a\u043e\u043b\u0431\u044b)","filename":"moonlight-2.jpg"},{"url":"https:\/\/tabaccomd.com\/wp-content\/uploads\/2024\/01\/moonlight-1.jpg","type":"gallery","alt":"","filename":"moonlight-1.jpg"},{"url":"https:\/\/tabaccomd.com\/wp-content\/uploads\/2024\/01\/moonlight-4.jpg","type":"gallery","alt":"","filename":"moonlight-4.jpg"},{"url":"https:\/\/tabaccomd.com\/wp-content\/uploads\/2024\/01\/mischa-2.jpg","type":"gallery","alt":"","filename":"mischa-2.jpg"},{"url":"https:\/\/tabaccomd.com\/wp-content\/uploads\/2024\/01\/mischa-1.jpg","type":"gallery","alt":"","filename":"mischa-1.jpg"}],"additional_data_1c":{"modified_date":"2024-01-19 01:44:20","permalink":"https:\/\/tabaccomd.com\/ro\/product\/narghilea-misha-moonlight-fara-bol\/","stock_status":"instock","manage_stock":"no"},"_links":{"self":[{"href":"https:\/\/tabaccomd.com\/ro\/wp-json\/wp\/v2\/product\/133266","targetHints":{"allow":["GET"]}}],"collection":[{"href":"https:\/\/tabaccomd.com\/ro\/wp-json\/wp\/v2\/product"}],"about":[{"href":"https:\/\/tabaccomd.com\/ro\/wp-json\/wp\/v2\/types\/product"}],"wp:featuredmedia":[{"embeddable":true,"href":"https:\/\/tabaccomd.com\/ro\/wp-json\/wp\/v2\/media\/133261"}],"wp:attachment":[{"href":"https:\/\/tabaccomd.com\/ro\/wp-json\/wp\/v2\/media?parent=133266"}],"wp:term":[{"taxonomy":"product_brand","embeddable":true,"href":"https:\/\/tabaccomd.com\/ro\/wp-json\/wp\/v2\/product_brand?post=133266"},{"taxonomy":"product_cat","embeddable":true,"href":"https:\/\/tabaccomd.com\/ro\/wp-json\/wp\/v2\/product_cat?post=133266"},{"taxonomy":"product_tag","embeddable":true,"href":"https:\/\/tabaccomd.com\/ro\/wp-json\/wp\/v2\/product_tag?post=133266"}],"curies":[{"name":"wp","href":"https:\/\/api.w.org\/{rel}","templated":true}]}}