{"id":133048,"date":"2024-01-09T00:48:58","date_gmt":"2024-01-08T21:48:58","guid":{"rendered":"https:\/\/tabaccomd.com\/?post_type=product&#038;p=133048"},"modified":"2024-01-26T01:05:04","modified_gmt":"2024-01-25T22:05:04","slug":"narghilea-maklaud-skytech-red","status":"publish","type":"product","link":"https:\/\/tabaccomd.com\/ro\/product\/narghilea-maklaud-skytech-red\/","title":{"rendered":"Narghilea Maklaud Skytech Red"},"content":{"rendered":"<p><strong> Narghileaua <\/strong> Maklaud Skytech Red &#8211; inspirat\u0103 de colonizarea planetei Marte, compania a creat o capodoper\u0103 care ar putea fi tehnologic\u0103 \u0219i rapid\u0103, fiind fabricat\u0103 din acelea\u0219i materiale ca \u0219i o rachet\u0103, din carbon \u0219i o\u021bel. Dar a devenit \u0219i tehnologic\u0103 \u0219i elegant\u0103. Este o narghilea futurist\u0103 care are un filtru pentru melas\u0103 \u00een \u0219aft, realizat din sticl\u0103 de cuar\u021b rezistent\u0103. Se remarc\u0103 prin forma farfuriei, deoarece aceasta are o form\u0103 dubl\u0103 pentru a u\u0219ura golirea cenu\u0219ii. \u00cen narghileaua Maklaud Skytech se includ: \u0219aft, bol, farfurie, furtun din silicon Soft Touch, duz\u0103, filtru pentru melas\u0103 \u00eencorporat, garnitur\u0103 pentru bol, bil\u0103 de rezerv\u0103 pentru supap\u0103, cle\u0219te, bol Maklaud Turka mini, cutie Maklaud.<\/p>\n","protected":false},"excerpt":{"rendered":"<ul>\n<li>Culoare: Ro\u015fu<\/li>\n<li>\u00cen\u0103l\u021bime f\u0103r\u0103 bol: 67 cm<\/li>\n<li>Produc\u0103tor: Rusia<\/li>\n<li>Ambalaj pentru cadouri<\/li>\n<li><\/li>\n<\/ul>\n","protected":false},"featured_media":133039,"template":"","meta":{"om_disable_all_campaigns":false,"_monsterinsights_skip_tracking":false,"_monsterinsights_sitenote_active":false,"_monsterinsights_sitenote_note":"","_monsterinsights_sitenote_category":0},"product_brand":[],"product_cat":[418],"product_tag":[],"class_list":{"0":"post-133048","1":"product","2":"type-product","3":"status-publish","4":"has-post-thumbnail","6":"product_cat-narghilea-maklaud","8":"first","9":"outofstock","10":"taxable","11":"shipping-taxable","12":"purchasable","13":"product-type-simple"},"aioseo_notices":[],"aioseo_head":"\n\t\t<!-- All in One SEO Pro 4.9.5.2 - aioseo.com -->\n\t<meta name=\"description\" content=\"Narghilea Maklaud Skytech Red de la tabaccomd.com. Avem cele mai bune pre\u021buri \u0219i o gam\u0103 variat\u0103. Comanda\u021bi la telefon \u260e\ufe0f 061000935 cu livrare \u00een Chi\u0219in\u0103u \u0219i \u00een toat\u0103 \u021bara. Cump\u0103ra\u021bi cu \u00eencredere de la Tabacco House!\" \/>\n\t<meta name=\"robots\" content=\"max-image-preview:large\" \/>\n\t<link rel=\"canonical\" href=\"https:\/\/tabaccomd.com\/ro\/product\/narghilea-maklaud-skytech-red\/\" \/>\n\t<meta name=\"generator\" content=\"All in One SEO Pro (AIOSEO) 4.9.5.2\" \/>\n\t\t<meta property=\"og:locale\" content=\"ro_RO\" \/>\n\t\t<meta property=\"og:site_name\" content=\"Tabacco House \u2013 \u041c\u0430\u0433\u0430\u0437\u0438\u043d \u0442\u0430\u0431\u0430\u0447\u043d\u044b\u0445 \u0438\u0437\u0434\u0435\u043b\u0438\u0439\" \/>\n\t\t<meta property=\"og:type\" content=\"article\" \/>\n\t\t<meta property=\"og:title\" content=\"Narghilea Maklaud Skytech Red cump\u0103ra\u021bi de la tabaccomd.com cu livrare \u00een Moldova \u0219i Chi\u0219in\u0103u \u2013 Tabacco House\" \/>\n\t\t<meta property=\"og:description\" content=\"Narghilea Maklaud Skytech Red de la tabaccomd.com. Avem cele mai bune pre\u021buri \u0219i o gam\u0103 variat\u0103. Comanda\u021bi la telefon \u260e\ufe0f 061000935 cu livrare \u00een Chi\u0219in\u0103u \u0219i \u00een toat\u0103 \u021bara. Cump\u0103ra\u021bi cu \u00eencredere de la Tabacco House!\" \/>\n\t\t<meta property=\"og:url\" content=\"https:\/\/tabaccomd.com\/ro\/product\/narghilea-maklaud-skytech-red\/\" \/>\n\t\t<meta property=\"article:published_time\" content=\"2024-01-08T21:48:58+00:00\" \/>\n\t\t<meta property=\"article:modified_time\" content=\"2024-01-25T22:05:04+00:00\" \/>\n\t\t<meta property=\"article:publisher\" content=\"https:\/\/www.facebook.com\/tabaccomd.com\/\" \/>\n\t\t<meta name=\"twitter:card\" content=\"summary_large_image\" \/>\n\t\t<meta name=\"twitter:title\" content=\"Narghilea Maklaud Skytech Red cump\u0103ra\u021bi de la tabaccomd.com cu livrare \u00een Moldova \u0219i Chi\u0219in\u0103u \u2013 Tabacco House\" \/>\n\t\t<meta name=\"twitter:description\" content=\"Narghilea Maklaud Skytech Red de la tabaccomd.com. Avem cele mai bune pre\u021buri \u0219i o gam\u0103 variat\u0103. Comanda\u021bi la telefon \u260e\ufe0f 061000935 cu livrare \u00een Chi\u0219in\u0103u \u0219i \u00een toat\u0103 \u021bara. Cump\u0103ra\u021bi cu \u00eencredere de la Tabacco House!\" \/>\n\t\t<script type=\"application\/ld+json\" class=\"aioseo-schema\">\n\t\t\t{\"@context\":\"https:\\\/\\\/schema.org\",\"@graph\":[{\"@type\":\"BreadcrumbList\",\"@id\":\"https:\\\/\\\/tabaccomd.com\\\/ro\\\/product\\\/narghilea-maklaud-skytech-red\\\/#breadcrumblist\",\"itemListElement\":[{\"@type\":\"ListItem\",\"@id\":\"https:\\\/\\\/tabaccomd.com\\\/ro\\\/#listItem\",\"position\":1,\"name\":\"\\u0413\\u043b\\u0430\\u0432\\u043d\\u0430\\u044f\",\"item\":\"https:\\\/\\\/tabaccomd.com\\\/ro\\\/\",\"nextItem\":{\"@type\":\"ListItem\",\"@id\":\"https:\\\/\\\/tabaccomd.com\\\/ro\\\/catalog\\\/#listItem\",\"name\":\"Catalog\"}},{\"@type\":\"ListItem\",\"@id\":\"https:\\\/\\\/tabaccomd.com\\\/ro\\\/catalog\\\/#listItem\",\"position\":2,\"name\":\"Catalog\",\"item\":\"https:\\\/\\\/tabaccomd.com\\\/ro\\\/catalog\\\/\",\"nextItem\":{\"@type\":\"ListItem\",\"@id\":\"https:\\\/\\\/tabaccomd.com\\\/ro\\\/product-category\\\/narghilea-ro\\\/#listItem\",\"name\":\"Narghilea\"},\"previousItem\":{\"@type\":\"ListItem\",\"@id\":\"https:\\\/\\\/tabaccomd.com\\\/ro\\\/#listItem\",\"name\":\"\\u0413\\u043b\\u0430\\u0432\\u043d\\u0430\\u044f\"}},{\"@type\":\"ListItem\",\"@id\":\"https:\\\/\\\/tabaccomd.com\\\/ro\\\/product-category\\\/narghilea-ro\\\/#listItem\",\"position\":3,\"name\":\"Narghilea\",\"item\":\"https:\\\/\\\/tabaccomd.com\\\/ro\\\/product-category\\\/narghilea-ro\\\/\",\"nextItem\":{\"@type\":\"ListItem\",\"@id\":\"https:\\\/\\\/tabaccomd.com\\\/ro\\\/product-category\\\/narghilea-ro\\\/narghilea-maklaud\\\/#listItem\",\"name\":\"Narghilea MAKLAUD\"},\"previousItem\":{\"@type\":\"ListItem\",\"@id\":\"https:\\\/\\\/tabaccomd.com\\\/ro\\\/catalog\\\/#listItem\",\"name\":\"Catalog\"}},{\"@type\":\"ListItem\",\"@id\":\"https:\\\/\\\/tabaccomd.com\\\/ro\\\/product-category\\\/narghilea-ro\\\/narghilea-maklaud\\\/#listItem\",\"position\":4,\"name\":\"Narghilea MAKLAUD\",\"item\":\"https:\\\/\\\/tabaccomd.com\\\/ro\\\/product-category\\\/narghilea-ro\\\/narghilea-maklaud\\\/\",\"nextItem\":{\"@type\":\"ListItem\",\"@id\":\"https:\\\/\\\/tabaccomd.com\\\/ro\\\/product\\\/narghilea-maklaud-skytech-red\\\/#listItem\",\"name\":\"Narghilea Maklaud Skytech Red\"},\"previousItem\":{\"@type\":\"ListItem\",\"@id\":\"https:\\\/\\\/tabaccomd.com\\\/ro\\\/product-category\\\/narghilea-ro\\\/#listItem\",\"name\":\"Narghilea\"}},{\"@type\":\"ListItem\",\"@id\":\"https:\\\/\\\/tabaccomd.com\\\/ro\\\/product\\\/narghilea-maklaud-skytech-red\\\/#listItem\",\"position\":5,\"name\":\"Narghilea Maklaud Skytech Red\",\"previousItem\":{\"@type\":\"ListItem\",\"@id\":\"https:\\\/\\\/tabaccomd.com\\\/ro\\\/product-category\\\/narghilea-ro\\\/narghilea-maklaud\\\/#listItem\",\"name\":\"Narghilea MAKLAUD\"}}]},{\"@type\":\"Organization\",\"@id\":\"https:\\\/\\\/tabaccomd.com\\\/ro\\\/#organization\",\"name\":\"Tabacco House\",\"description\":\"\\u041c\\u0430\\u0433\\u0430\\u0437\\u0438\\u043d \\u0442\\u0430\\u0431\\u0430\\u0447\\u043d\\u044b\\u0445 \\u0438\\u0437\\u0434\\u0435\\u043b\\u0438\\u0439\",\"url\":\"https:\\\/\\\/tabaccomd.com\\\/ro\\\/\",\"email\":\"Office@cazacuhouse.com\",\"telephone\":\"+37361000935\",\"logo\":{\"@type\":\"ImageObject\",\"url\":\"https:\\\/\\\/tabaccomd.com\\\/wp-content\\\/uploads\\\/2024\\\/02\\\/logo_header3.png\",\"@id\":\"https:\\\/\\\/tabaccomd.com\\\/ro\\\/product\\\/narghilea-maklaud-skytech-red\\\/#organizationLogo\",\"width\":32,\"height\":32,\"caption\":\"Tabacco House\"},\"image\":{\"@id\":\"https:\\\/\\\/tabaccomd.com\\\/ro\\\/product\\\/narghilea-maklaud-skytech-red\\\/#organizationLogo\"},\"sameAs\":[\"https:\\\/\\\/www.facebook.com\\\/tabaccomd.com\\\/\",\"https:\\\/\\\/www.instagram.com\\\/tabaccomd.com\\\/\"],\"address\":{\"@id\":\"https:\\\/\\\/tabaccomd.com\\\/ro\\\/#postaladdress\",\"@type\":\"PostalAddress\",\"streetAddress\":\"Strada Albi\\u015foara 4, Chi\\u0219in\\u0103u, Bulevardul \\u0218tefan cel Mare \\u0219i Sf\\u00eent 136, Chi\\u0219in\\u0103u\",\"addressLocality\":\"Chi\\u0219in\\u0103u\",\"addressCountry\":\"MD\"}},{\"@type\":\"Product\",\"@id\":\"https:\\\/\\\/tabaccomd.com\\\/ro\\\/product\\\/narghilea-maklaud-skytech-red\\\/#wooCommerceProduct\",\"name\":\"Narghilea Maklaud Skytech Red\",\"description\":\"Culoare: Ro\\u015fu\\r\\n \\t\\u00cen\\u0103l\\u021bime f\\u0103r\\u0103 bol: 67 cm\\r\\n \\tProduc\\u0103tor: Rusia\\r\\n \\tAmbalaj pentru cadouri\",\"url\":\"https:\\\/\\\/tabaccomd.com\\\/ro\\\/product\\\/narghilea-maklaud-skytech-red\\\/\",\"sku\":\"MKLS028\",\"image\":{\"@type\":\"ImageObject\",\"url\":\"https:\\\/\\\/tabaccomd.com\\\/wp-content\\\/uploads\\\/2024\\\/01\\\/maklaud-skytech-red-1.jpg\",\"@id\":\"https:\\\/\\\/tabaccomd.com\\\/ro\\\/product\\\/narghilea-maklaud-skytech-red\\\/#productImage\",\"width\":1000,\"height\":1000,\"caption\":\"\\u041a\\u0430\\u043b\\u044c\\u044f\\u043d Maklaud Skytech Red\"},\"offers\":{\"@type\":\"Offer\",\"url\":\"https:\\\/\\\/tabaccomd.com\\\/ro\\\/product\\\/narghilea-maklaud-skytech-red\\\/#wooCommerceOffer\",\"price\":21450,\"priceCurrency\":\"MDL\",\"category\":\"Narghilea MAKLAUD\",\"availability\":\"https:\\\/\\\/schema.org\\\/OutOfStock\",\"priceSpecification\":{\"@type\":\"PriceSpecification\",\"price\":21450,\"priceCurrency\":\"MDL\",\"valueAddedTaxIncluded\":\"true\"},\"seller\":{\"@type\":\"Organization\",\"@id\":\"https:\\\/\\\/tabaccomd.com\\\/ro\\\/#organization\"}}},{\"@type\":\"WebPage\",\"@id\":\"https:\\\/\\\/tabaccomd.com\\\/ro\\\/product\\\/narghilea-maklaud-skytech-red\\\/#webpage\",\"url\":\"https:\\\/\\\/tabaccomd.com\\\/ro\\\/product\\\/narghilea-maklaud-skytech-red\\\/\",\"name\":\"Narghilea Maklaud Skytech Red cump\\u0103ra\\u021bi de la tabaccomd.com cu livrare \\u00een Moldova \\u0219i Chi\\u0219in\\u0103u \\u2013 Tabacco House\",\"description\":\"Narghilea Maklaud Skytech Red de la tabaccomd.com. Avem cele mai bune pre\\u021buri \\u0219i o gam\\u0103 variat\\u0103. Comanda\\u021bi la telefon \\u260e\\ufe0f 061000935 cu livrare \\u00een Chi\\u0219in\\u0103u \\u0219i \\u00een toat\\u0103 \\u021bara. Cump\\u0103ra\\u021bi cu \\u00eencredere de la Tabacco House!\",\"inLanguage\":\"ro-RO\",\"isPartOf\":{\"@id\":\"https:\\\/\\\/tabaccomd.com\\\/ro\\\/#website\"},\"breadcrumb\":{\"@id\":\"https:\\\/\\\/tabaccomd.com\\\/ro\\\/product\\\/narghilea-maklaud-skytech-red\\\/#breadcrumblist\"},\"image\":{\"@type\":\"ImageObject\",\"url\":\"https:\\\/\\\/tabaccomd.com\\\/wp-content\\\/uploads\\\/2024\\\/01\\\/maklaud-skytech-red-1.jpg\",\"@id\":\"https:\\\/\\\/tabaccomd.com\\\/ro\\\/product\\\/narghilea-maklaud-skytech-red\\\/#mainImage\",\"width\":1000,\"height\":1000,\"caption\":\"\\u041a\\u0430\\u043b\\u044c\\u044f\\u043d Maklaud Skytech Red\"},\"primaryImageOfPage\":{\"@id\":\"https:\\\/\\\/tabaccomd.com\\\/ro\\\/product\\\/narghilea-maklaud-skytech-red\\\/#mainImage\"},\"datePublished\":\"2024-01-09T00:48:58+03:00\",\"dateModified\":\"2024-01-26T01:05:04+03:00\"},{\"@type\":\"WebSite\",\"@id\":\"https:\\\/\\\/tabaccomd.com\\\/ro\\\/#website\",\"url\":\"https:\\\/\\\/tabaccomd.com\\\/ro\\\/\",\"name\":\"Tabacco House\",\"alternateName\":\"tobaccomd.com\",\"description\":\"\\u041c\\u0430\\u0433\\u0430\\u0437\\u0438\\u043d \\u0442\\u0430\\u0431\\u0430\\u0447\\u043d\\u044b\\u0445 \\u0438\\u0437\\u0434\\u0435\\u043b\\u0438\\u0439\",\"inLanguage\":\"ro-RO\",\"publisher\":{\"@id\":\"https:\\\/\\\/tabaccomd.com\\\/ro\\\/#organization\"}}]}\n\t\t<\/script>\n\t\t<!-- All in One SEO Pro -->\r\n\t\t<title>Narghilea Maklaud Skytech Red cump\u0103ra\u021bi de la tabaccomd.com cu livrare \u00een Moldova \u0219i Chi\u0219in\u0103u \u2013 Tabacco House<\/title>\n\n","aioseo_head_json":{"title":"Narghilea Maklaud Skytech Red cump\u0103ra\u021bi de la tabaccomd.com cu livrare \u00een Moldova \u0219i Chi\u0219in\u0103u \u2013 Tabacco House","description":"Narghilea Maklaud Skytech Red de la tabaccomd.com. Avem cele mai bune pre\u021buri \u0219i o gam\u0103 variat\u0103. Comanda\u021bi la telefon \u260e\ufe0f 061000935 cu livrare \u00een Chi\u0219in\u0103u \u0219i \u00een toat\u0103 \u021bara. Cump\u0103ra\u021bi cu \u00eencredere de la Tabacco House!","canonical_url":"https:\/\/tabaccomd.com\/ro\/product\/narghilea-maklaud-skytech-red\/","robots":"max-image-preview:large","keywords":"","webmasterTools":{"miscellaneous":""},"schema":{"@context":"https:\/\/schema.org","@graph":[{"@type":"BreadcrumbList","@id":"https:\/\/tabaccomd.com\/ro\/product\/narghilea-maklaud-skytech-red\/#breadcrumblist","itemListElement":[{"@type":"ListItem","@id":"https:\/\/tabaccomd.com\/ro\/#listItem","position":1,"name":"\u0413\u043b\u0430\u0432\u043d\u0430\u044f","item":"https:\/\/tabaccomd.com\/ro\/","nextItem":{"@type":"ListItem","@id":"https:\/\/tabaccomd.com\/ro\/catalog\/#listItem","name":"Catalog"}},{"@type":"ListItem","@id":"https:\/\/tabaccomd.com\/ro\/catalog\/#listItem","position":2,"name":"Catalog","item":"https:\/\/tabaccomd.com\/ro\/catalog\/","nextItem":{"@type":"ListItem","@id":"https:\/\/tabaccomd.com\/ro\/product-category\/narghilea-ro\/#listItem","name":"Narghilea"},"previousItem":{"@type":"ListItem","@id":"https:\/\/tabaccomd.com\/ro\/#listItem","name":"\u0413\u043b\u0430\u0432\u043d\u0430\u044f"}},{"@type":"ListItem","@id":"https:\/\/tabaccomd.com\/ro\/product-category\/narghilea-ro\/#listItem","position":3,"name":"Narghilea","item":"https:\/\/tabaccomd.com\/ro\/product-category\/narghilea-ro\/","nextItem":{"@type":"ListItem","@id":"https:\/\/tabaccomd.com\/ro\/product-category\/narghilea-ro\/narghilea-maklaud\/#listItem","name":"Narghilea MAKLAUD"},"previousItem":{"@type":"ListItem","@id":"https:\/\/tabaccomd.com\/ro\/catalog\/#listItem","name":"Catalog"}},{"@type":"ListItem","@id":"https:\/\/tabaccomd.com\/ro\/product-category\/narghilea-ro\/narghilea-maklaud\/#listItem","position":4,"name":"Narghilea MAKLAUD","item":"https:\/\/tabaccomd.com\/ro\/product-category\/narghilea-ro\/narghilea-maklaud\/","nextItem":{"@type":"ListItem","@id":"https:\/\/tabaccomd.com\/ro\/product\/narghilea-maklaud-skytech-red\/#listItem","name":"Narghilea Maklaud Skytech Red"},"previousItem":{"@type":"ListItem","@id":"https:\/\/tabaccomd.com\/ro\/product-category\/narghilea-ro\/#listItem","name":"Narghilea"}},{"@type":"ListItem","@id":"https:\/\/tabaccomd.com\/ro\/product\/narghilea-maklaud-skytech-red\/#listItem","position":5,"name":"Narghilea Maklaud Skytech Red","previousItem":{"@type":"ListItem","@id":"https:\/\/tabaccomd.com\/ro\/product-category\/narghilea-ro\/narghilea-maklaud\/#listItem","name":"Narghilea MAKLAUD"}}]},{"@type":"Organization","@id":"https:\/\/tabaccomd.com\/ro\/#organization","name":"Tabacco House","description":"\u041c\u0430\u0433\u0430\u0437\u0438\u043d \u0442\u0430\u0431\u0430\u0447\u043d\u044b\u0445 \u0438\u0437\u0434\u0435\u043b\u0438\u0439","url":"https:\/\/tabaccomd.com\/ro\/","email":"Office@cazacuhouse.com","telephone":"+37361000935","logo":{"@type":"ImageObject","url":"https:\/\/tabaccomd.com\/wp-content\/uploads\/2024\/02\/logo_header3.png","@id":"https:\/\/tabaccomd.com\/ro\/product\/narghilea-maklaud-skytech-red\/#organizationLogo","width":32,"height":32,"caption":"Tabacco House"},"image":{"@id":"https:\/\/tabaccomd.com\/ro\/product\/narghilea-maklaud-skytech-red\/#organizationLogo"},"sameAs":["https:\/\/www.facebook.com\/tabaccomd.com\/","https:\/\/www.instagram.com\/tabaccomd.com\/"],"address":{"@id":"https:\/\/tabaccomd.com\/ro\/#postaladdress","@type":"PostalAddress","streetAddress":"Strada Albi\u015foara 4, Chi\u0219in\u0103u, Bulevardul \u0218tefan cel Mare \u0219i Sf\u00eent 136, Chi\u0219in\u0103u","addressLocality":"Chi\u0219in\u0103u","addressCountry":"MD"}},{"@type":"Product","@id":"https:\/\/tabaccomd.com\/ro\/product\/narghilea-maklaud-skytech-red\/#wooCommerceProduct","name":"Narghilea Maklaud Skytech Red","description":"Culoare: Ro\u015fu\r\n \t\u00cen\u0103l\u021bime f\u0103r\u0103 bol: 67 cm\r\n \tProduc\u0103tor: Rusia\r\n \tAmbalaj pentru cadouri","url":"https:\/\/tabaccomd.com\/ro\/product\/narghilea-maklaud-skytech-red\/","sku":"MKLS028","image":{"@type":"ImageObject","url":"https:\/\/tabaccomd.com\/wp-content\/uploads\/2024\/01\/maklaud-skytech-red-1.jpg","@id":"https:\/\/tabaccomd.com\/ro\/product\/narghilea-maklaud-skytech-red\/#productImage","width":1000,"height":1000,"caption":"\u041a\u0430\u043b\u044c\u044f\u043d Maklaud Skytech Red"},"offers":{"@type":"Offer","url":"https:\/\/tabaccomd.com\/ro\/product\/narghilea-maklaud-skytech-red\/#wooCommerceOffer","price":21450,"priceCurrency":"MDL","category":"Narghilea MAKLAUD","availability":"https:\/\/schema.org\/OutOfStock","priceSpecification":{"@type":"PriceSpecification","price":21450,"priceCurrency":"MDL","valueAddedTaxIncluded":"true"},"seller":{"@type":"Organization","@id":"https:\/\/tabaccomd.com\/ro\/#organization"}}},{"@type":"WebPage","@id":"https:\/\/tabaccomd.com\/ro\/product\/narghilea-maklaud-skytech-red\/#webpage","url":"https:\/\/tabaccomd.com\/ro\/product\/narghilea-maklaud-skytech-red\/","name":"Narghilea Maklaud Skytech Red cump\u0103ra\u021bi de la tabaccomd.com cu livrare \u00een Moldova \u0219i Chi\u0219in\u0103u \u2013 Tabacco House","description":"Narghilea Maklaud Skytech Red de la tabaccomd.com. Avem cele mai bune pre\u021buri \u0219i o gam\u0103 variat\u0103. Comanda\u021bi la telefon \u260e\ufe0f 061000935 cu livrare \u00een Chi\u0219in\u0103u \u0219i \u00een toat\u0103 \u021bara. Cump\u0103ra\u021bi cu \u00eencredere de la Tabacco House!","inLanguage":"ro-RO","isPartOf":{"@id":"https:\/\/tabaccomd.com\/ro\/#website"},"breadcrumb":{"@id":"https:\/\/tabaccomd.com\/ro\/product\/narghilea-maklaud-skytech-red\/#breadcrumblist"},"image":{"@type":"ImageObject","url":"https:\/\/tabaccomd.com\/wp-content\/uploads\/2024\/01\/maklaud-skytech-red-1.jpg","@id":"https:\/\/tabaccomd.com\/ro\/product\/narghilea-maklaud-skytech-red\/#mainImage","width":1000,"height":1000,"caption":"\u041a\u0430\u043b\u044c\u044f\u043d Maklaud Skytech Red"},"primaryImageOfPage":{"@id":"https:\/\/tabaccomd.com\/ro\/product\/narghilea-maklaud-skytech-red\/#mainImage"},"datePublished":"2024-01-09T00:48:58+03:00","dateModified":"2024-01-26T01:05:04+03:00"},{"@type":"WebSite","@id":"https:\/\/tabaccomd.com\/ro\/#website","url":"https:\/\/tabaccomd.com\/ro\/","name":"Tabacco House","alternateName":"tobaccomd.com","description":"\u041c\u0430\u0433\u0430\u0437\u0438\u043d \u0442\u0430\u0431\u0430\u0447\u043d\u044b\u0445 \u0438\u0437\u0434\u0435\u043b\u0438\u0439","inLanguage":"ro-RO","publisher":{"@id":"https:\/\/tabaccomd.com\/ro\/#organization"}}]},"og:locale":"ro_RO","og:site_name":"Tabacco House \u2013 \u041c\u0430\u0433\u0430\u0437\u0438\u043d \u0442\u0430\u0431\u0430\u0447\u043d\u044b\u0445 \u0438\u0437\u0434\u0435\u043b\u0438\u0439","og:type":"article","og:title":"Narghilea Maklaud Skytech Red cump\u0103ra\u021bi de la tabaccomd.com cu livrare \u00een Moldova \u0219i Chi\u0219in\u0103u \u2013 Tabacco House","og:description":"Narghilea Maklaud Skytech Red de la tabaccomd.com. Avem cele mai bune pre\u021buri \u0219i o gam\u0103 variat\u0103. Comanda\u021bi la telefon \u260e\ufe0f 061000935 cu livrare \u00een Chi\u0219in\u0103u \u0219i \u00een toat\u0103 \u021bara. Cump\u0103ra\u021bi cu \u00eencredere de la Tabacco House!","og:url":"https:\/\/tabaccomd.com\/ro\/product\/narghilea-maklaud-skytech-red\/","article:published_time":"2024-01-08T21:48:58+00:00","article:modified_time":"2024-01-25T22:05:04+00:00","article:publisher":"https:\/\/www.facebook.com\/tabaccomd.com\/","twitter:card":"summary_large_image","twitter:title":"Narghilea Maklaud Skytech Red cump\u0103ra\u021bi de la tabaccomd.com cu livrare \u00een Moldova \u0219i Chi\u0219in\u0103u \u2013 Tabacco House","twitter:description":"Narghilea Maklaud Skytech Red de la tabaccomd.com. Avem cele mai bune pre\u021buri \u0219i o gam\u0103 variat\u0103. Comanda\u021bi la telefon \u260e\ufe0f 061000935 cu livrare \u00een Chi\u0219in\u0103u \u0219i \u00een toat\u0103 \u021bara. Cump\u0103ra\u021bi cu \u00eencredere de la Tabacco House!"},"aioseo_meta_data":{"post_id":"133048","title":"#post_title cump\u0103ra\u021bi de la tabaccomd.com cu livrare \u00een Moldova \u0219i Chi\u0219in\u0103u #separator_sa #site_title","description":"#post_title de la tabaccomd.com. Avem cele mai bune pre\u021buri \u0219i o gam\u0103 variat\u0103. Comanda\u021bi la telefon \u260e\ufe0f 061000935 cu livrare \u00een Chi\u0219in\u0103u \u0219i \u00een toat\u0103 \u021bara. Cump\u0103ra\u021bi cu \u00eencredere de la Tabacco House!","keywords":[],"keyphrases":{"focus":{"keyphrase":"Narghilea Maklaud Skytech Red","score":85,"analysis":{"keyphraseInTitle":{"score":9,"maxScore":9,"error":0},"keyphraseInDescription":{"score":9,"maxScore":9,"error":0},"keyphraseLength":{"score":9,"maxScore":9,"error":0,"length":4},"keyphraseInURL":{"score":5,"maxScore":5,"error":0},"keyphraseInIntroduction":{"score":3,"maxScore":9,"error":1},"keyphraseInSubHeadings":[],"keyphraseInImageAlt":[]}},"additional":[]},"primary_term":null,"canonical_url":null,"og_title":null,"og_description":null,"og_object_type":"default","og_image_type":"default","og_image_url":null,"og_image_width":null,"og_image_height":null,"og_image_custom_url":null,"og_image_custom_fields":null,"og_video":"","og_custom_url":null,"og_article_section":null,"og_article_tags":[],"twitter_use_og":false,"twitter_card":"default","twitter_image_type":"default","twitter_image_url":null,"twitter_image_custom_url":null,"twitter_image_custom_fields":null,"twitter_title":null,"twitter_description":null,"schema":{"blockGraphs":[],"customGraphs":[],"default":{"data":{"Article":[],"Course":[],"Dataset":[],"FAQPage":[],"Movie":[],"Person":[],"Product":[],"ProductReview":[],"Car":[],"Recipe":[],"Service":[],"SoftwareApplication":[],"WebPage":[]},"graphName":"ItemPage","isEnabled":true},"graphs":[]},"schema_type":"default","schema_type_options":null,"pillar_content":false,"robots_default":true,"robots_noindex":false,"robots_noarchive":false,"robots_nosnippet":false,"robots_nofollow":false,"robots_noimageindex":false,"robots_noodp":false,"robots_notranslate":false,"robots_max_snippet":"-1","robots_max_videopreview":"-1","robots_max_imagepreview":"large","priority":null,"frequency":"default","local_seo":null,"seo_analyzer_scan_date":"2025-10-20 17:23:50","breadcrumb_settings":null,"limit_modified_date":false,"reviewed_by":null,"open_ai":null,"ai":null,"created":"2024-01-08 21:49:17","updated":"2025-10-20 17:23:50"},"aioseo_breadcrumb":"<div class=\"aioseo-breadcrumbs\"><span class=\"aioseo-breadcrumb\">\n\t<a href=\"https:\/\/tabaccomd.com\/ro\/\" title=\"\u0413\u043b\u0430\u0432\u043d\u0430\u044f\">\u0413\u043b\u0430\u0432\u043d\u0430\u044f<\/a>\n<\/span><span class=\"aioseo-breadcrumb-separator\">\u00bb<\/span><span class=\"aioseo-breadcrumb\">\n\t<a href=\"https:\/\/tabaccomd.com\/ro\/catalog\/\" title=\"Catalog\">Catalog<\/a>\n<\/span><span class=\"aioseo-breadcrumb-separator\">\u00bb<\/span><span class=\"aioseo-breadcrumb\">\n\t<a href=\"https:\/\/tabaccomd.com\/ro\/product-category\/narghilea-ro\/\" title=\"Narghilea\">Narghilea<\/a>\n<\/span><span class=\"aioseo-breadcrumb-separator\">\u00bb<\/span><span class=\"aioseo-breadcrumb\">\n\t<a href=\"https:\/\/tabaccomd.com\/ro\/product-category\/narghilea-ro\/narghilea-maklaud\/\" title=\"Narghilea MAKLAUD\">Narghilea MAKLAUD<\/a>\n<\/span><span class=\"aioseo-breadcrumb-separator\">\u00bb<\/span><span class=\"aioseo-breadcrumb\">\n\tNarghilea Maklaud Skytech Red\n<\/span><\/div>","aioseo_breadcrumb_json":[{"label":"\u0413\u043b\u0430\u0432\u043d\u0430\u044f","link":"https:\/\/tabaccomd.com\/ro\/"},{"label":"Catalog","link":"https:\/\/tabaccomd.com\/ro\/catalog\/"},{"label":"Narghilea","link":"https:\/\/tabaccomd.com\/ro\/product-category\/narghilea-ro\/"},{"label":"Narghilea MAKLAUD","link":"https:\/\/tabaccomd.com\/ro\/product-category\/narghilea-ro\/narghilea-maklaud\/"},{"label":"Narghilea Maklaud Skytech Red","link":"https:\/\/tabaccomd.com\/ro\/product\/narghilea-maklaud-skytech-red\/"}],"images_for_1c":[{"url":"https:\/\/tabaccomd.com\/wp-content\/uploads\/2024\/01\/maklaud-skytech-red-1.jpg","type":"featured","alt":"\u041a\u0430\u043b\u044c\u044f\u043d Maklaud Skytech Red","filename":"maklaud-skytech-red-1.jpg"},{"url":"https:\/\/tabaccomd.com\/wp-content\/uploads\/2024\/01\/maklaud-skytech-red-2.jpg","type":"gallery","alt":"","filename":"maklaud-skytech-red-2.jpg"},{"url":"https:\/\/tabaccomd.com\/wp-content\/uploads\/2024\/01\/maklaud-skytech-red-4.jpg","type":"gallery","alt":"","filename":"maklaud-skytech-red-4.jpg"},{"url":"https:\/\/tabaccomd.com\/wp-content\/uploads\/2024\/01\/maklaud-skytech-red-5.jpg","type":"gallery","alt":"","filename":"maklaud-skytech-red-5.jpg"},{"url":"https:\/\/tabaccomd.com\/wp-content\/uploads\/2024\/01\/maklaud-skytech-6.jpg","type":"gallery","alt":"","filename":"maklaud-skytech-6.jpg"}],"additional_data_1c":{"modified_date":"2024-01-26 01:05:04","permalink":"https:\/\/tabaccomd.com\/ro\/product\/narghilea-maklaud-skytech-red\/","stock_status":"outofstock","manage_stock":"no"},"_links":{"self":[{"href":"https:\/\/tabaccomd.com\/ro\/wp-json\/wp\/v2\/product\/133048","targetHints":{"allow":["GET"]}}],"collection":[{"href":"https:\/\/tabaccomd.com\/ro\/wp-json\/wp\/v2\/product"}],"about":[{"href":"https:\/\/tabaccomd.com\/ro\/wp-json\/wp\/v2\/types\/product"}],"wp:featuredmedia":[{"embeddable":true,"href":"https:\/\/tabaccomd.com\/ro\/wp-json\/wp\/v2\/media\/133039"}],"wp:attachment":[{"href":"https:\/\/tabaccomd.com\/ro\/wp-json\/wp\/v2\/media?parent=133048"}],"wp:term":[{"taxonomy":"product_brand","embeddable":true,"href":"https:\/\/tabaccomd.com\/ro\/wp-json\/wp\/v2\/product_brand?post=133048"},{"taxonomy":"product_cat","embeddable":true,"href":"https:\/\/tabaccomd.com\/ro\/wp-json\/wp\/v2\/product_cat?post=133048"},{"taxonomy":"product_tag","embeddable":true,"href":"https:\/\/tabaccomd.com\/ro\/wp-json\/wp\/v2\/product_tag?post=133048"}],"curies":[{"name":"wp","href":"https:\/\/api.w.org\/{rel}","templated":true}]}}