{"id":132685,"date":"2024-01-03T02:05:09","date_gmt":"2024-01-02T23:05:09","guid":{"rendered":"https:\/\/tabaccomd.com\/?post_type=product&#038;p=132685"},"modified":"2024-01-26T01:38:28","modified_gmt":"2024-01-25T22:38:28","slug":"narghilea-amy-deluxe-072-01-antique-berry-psmbk-rd","status":"publish","type":"product","link":"https:\/\/tabaccomd.com\/ro\/product\/narghilea-amy-deluxe-072-01-antique-berry-psmbk-rd\/","title":{"rendered":"Narghilea AMY Deluxe 072.01 Antique Berry PSMBK-RD"},"content":{"rendered":"<p>Modelul Amy 072.01 este un nou narghilea produs de AMY. Avantajele includ combinarea unui design modern, elegan\u021b\u0103, materiale de calitate \u0219i practicitate. <strong> Narghilea <\/strong> AMY DELUXE &#8211; 072.01 este o alegere excelent\u0103 pentru cei care doresc s\u0103 achizi\u021bioneze un kalyan de calitate, simplu \u0219i u\u0219or de utilizat, \u0219i care ofer\u0103 o tragere u\u0219oar\u0103 \u0219i pl\u0103cut\u0103. Amy Deluxe 072.01 Antique Berry PSMBK-RD este v\u00e2ndut \u00eentr-un set complet maxim, adic\u0103 \u00een interiorul cutiei negre de brand Amy Deluxe ve\u021bi g\u0103si: vasul, \u0219ahta, farfuria, furtunul de silicon cu un teanc din aluminiu anodizat, cuva, garniturile de silicon (inclusiv cele de rezerv\u0103), cle\u0219tele pentru c\u0103rbuni \u0219i chiar un dispozitiv de control al c\u0103ldurii Hot Screen (o versiune avansat\u0103 \u0219i mai comod\u0103 a foliei, unde se pun c\u0103rbunii).<\/p>\n","protected":false},"excerpt":{"rendered":"<ul>\n<li>Culoare: Ro\u0219u<\/li>\n<li>\u00cen\u0103l\u021bime f\u0103r\u0103 bol: 70 cm<\/li>\n<li>Produc\u0103tor: Germania<\/li>\n<li>Ambalaj pentru cadouri<\/li>\n<li><\/li>\n<\/ul>\n","protected":false},"featured_media":132678,"template":"","meta":{"om_disable_all_campaigns":false,"_monsterinsights_skip_tracking":false,"_monsterinsights_sitenote_active":false,"_monsterinsights_sitenote_note":"","_monsterinsights_sitenote_category":0},"product_brand":[],"product_cat":[416],"product_tag":[],"class_list":{"0":"post-132685","1":"product","2":"type-product","3":"status-publish","4":"has-post-thumbnail","6":"product_cat-narghilea-amy","8":"first","9":"outofstock","10":"taxable","11":"shipping-taxable","12":"purchasable","13":"product-type-simple"},"aioseo_notices":[],"aioseo_head":"\n\t\t<!-- All in One SEO Pro 4.9.5.2 - aioseo.com -->\n\t<meta name=\"description\" content=\"Narghilea AMY Deluxe 072.01 Antique Berry PSMBK-RD de la tabaccomd.com. Avem cele mai bune pre\u021buri \u0219i o gam\u0103 variat\u0103. Comanda\u021bi la telefon \u260e\ufe0f 061000935 cu livrare \u00een Chi\u0219in\u0103u \u0219i \u00een toat\u0103 \u021bara. Cump\u0103ra\u021bi cu \u00eencredere de la Tabacco House!\" \/>\n\t<meta name=\"robots\" content=\"max-image-preview:large\" \/>\n\t<link rel=\"canonical\" href=\"https:\/\/tabaccomd.com\/ro\/product\/narghilea-amy-deluxe-072-01-antique-berry-psmbk-rd\/\" \/>\n\t<meta name=\"generator\" content=\"All in One SEO Pro (AIOSEO) 4.9.5.2\" \/>\n\t\t<meta property=\"og:locale\" content=\"ro_RO\" \/>\n\t\t<meta property=\"og:site_name\" content=\"Tabacco House \u2013 \u041c\u0430\u0433\u0430\u0437\u0438\u043d \u0442\u0430\u0431\u0430\u0447\u043d\u044b\u0445 \u0438\u0437\u0434\u0435\u043b\u0438\u0439\" \/>\n\t\t<meta property=\"og:type\" content=\"article\" \/>\n\t\t<meta property=\"og:title\" content=\"Narghilea AMY Deluxe 072.01 Antique Berry PSMBK-RD cump\u0103ra\u021bi de la tabaccomd.com cu livrare \u00een Moldova \u0219i Chi\u0219in\u0103u \u2013 Tabacco House\" \/>\n\t\t<meta property=\"og:description\" content=\"Narghilea AMY Deluxe 072.01 Antique Berry PSMBK-RD de la tabaccomd.com. Avem cele mai bune pre\u021buri \u0219i o gam\u0103 variat\u0103. Comanda\u021bi la telefon \u260e\ufe0f 061000935 cu livrare \u00een Chi\u0219in\u0103u \u0219i \u00een toat\u0103 \u021bara. Cump\u0103ra\u021bi cu \u00eencredere de la Tabacco House!\" \/>\n\t\t<meta property=\"og:url\" content=\"https:\/\/tabaccomd.com\/ro\/product\/narghilea-amy-deluxe-072-01-antique-berry-psmbk-rd\/\" \/>\n\t\t<meta property=\"article:published_time\" content=\"2024-01-02T23:05:09+00:00\" \/>\n\t\t<meta property=\"article:modified_time\" content=\"2024-01-25T22:38:28+00:00\" \/>\n\t\t<meta property=\"article:publisher\" content=\"https:\/\/www.facebook.com\/tabaccomd.com\/\" \/>\n\t\t<meta name=\"twitter:card\" content=\"summary_large_image\" \/>\n\t\t<meta name=\"twitter:title\" content=\"Narghilea AMY Deluxe 072.01 Antique Berry PSMBK-RD cump\u0103ra\u021bi de la tabaccomd.com cu livrare \u00een Moldova \u0219i Chi\u0219in\u0103u \u2013 Tabacco House\" \/>\n\t\t<meta name=\"twitter:description\" content=\"Narghilea AMY Deluxe 072.01 Antique Berry PSMBK-RD de la tabaccomd.com. Avem cele mai bune pre\u021buri \u0219i o gam\u0103 variat\u0103. Comanda\u021bi la telefon \u260e\ufe0f 061000935 cu livrare \u00een Chi\u0219in\u0103u \u0219i \u00een toat\u0103 \u021bara. Cump\u0103ra\u021bi cu \u00eencredere de la Tabacco House!\" \/>\n\t\t<script type=\"application\/ld+json\" class=\"aioseo-schema\">\n\t\t\t{\"@context\":\"https:\\\/\\\/schema.org\",\"@graph\":[{\"@type\":\"BreadcrumbList\",\"@id\":\"https:\\\/\\\/tabaccomd.com\\\/ro\\\/product\\\/narghilea-amy-deluxe-072-01-antique-berry-psmbk-rd\\\/#breadcrumblist\",\"itemListElement\":[{\"@type\":\"ListItem\",\"@id\":\"https:\\\/\\\/tabaccomd.com\\\/ro\\\/#listItem\",\"position\":1,\"name\":\"\\u0413\\u043b\\u0430\\u0432\\u043d\\u0430\\u044f\",\"item\":\"https:\\\/\\\/tabaccomd.com\\\/ro\\\/\",\"nextItem\":{\"@type\":\"ListItem\",\"@id\":\"https:\\\/\\\/tabaccomd.com\\\/ro\\\/catalog\\\/#listItem\",\"name\":\"Catalog\"}},{\"@type\":\"ListItem\",\"@id\":\"https:\\\/\\\/tabaccomd.com\\\/ro\\\/catalog\\\/#listItem\",\"position\":2,\"name\":\"Catalog\",\"item\":\"https:\\\/\\\/tabaccomd.com\\\/ro\\\/catalog\\\/\",\"nextItem\":{\"@type\":\"ListItem\",\"@id\":\"https:\\\/\\\/tabaccomd.com\\\/ro\\\/product-category\\\/narghilea-ro\\\/#listItem\",\"name\":\"Narghilea\"},\"previousItem\":{\"@type\":\"ListItem\",\"@id\":\"https:\\\/\\\/tabaccomd.com\\\/ro\\\/#listItem\",\"name\":\"\\u0413\\u043b\\u0430\\u0432\\u043d\\u0430\\u044f\"}},{\"@type\":\"ListItem\",\"@id\":\"https:\\\/\\\/tabaccomd.com\\\/ro\\\/product-category\\\/narghilea-ro\\\/#listItem\",\"position\":3,\"name\":\"Narghilea\",\"item\":\"https:\\\/\\\/tabaccomd.com\\\/ro\\\/product-category\\\/narghilea-ro\\\/\",\"nextItem\":{\"@type\":\"ListItem\",\"@id\":\"https:\\\/\\\/tabaccomd.com\\\/ro\\\/product-category\\\/narghilea-ro\\\/narghilea-amy\\\/#listItem\",\"name\":\"Narghilea AMY\"},\"previousItem\":{\"@type\":\"ListItem\",\"@id\":\"https:\\\/\\\/tabaccomd.com\\\/ro\\\/catalog\\\/#listItem\",\"name\":\"Catalog\"}},{\"@type\":\"ListItem\",\"@id\":\"https:\\\/\\\/tabaccomd.com\\\/ro\\\/product-category\\\/narghilea-ro\\\/narghilea-amy\\\/#listItem\",\"position\":4,\"name\":\"Narghilea AMY\",\"item\":\"https:\\\/\\\/tabaccomd.com\\\/ro\\\/product-category\\\/narghilea-ro\\\/narghilea-amy\\\/\",\"nextItem\":{\"@type\":\"ListItem\",\"@id\":\"https:\\\/\\\/tabaccomd.com\\\/ro\\\/product\\\/narghilea-amy-deluxe-072-01-antique-berry-psmbk-rd\\\/#listItem\",\"name\":\"Narghilea AMY Deluxe 072.01 Antique Berry PSMBK-RD\"},\"previousItem\":{\"@type\":\"ListItem\",\"@id\":\"https:\\\/\\\/tabaccomd.com\\\/ro\\\/product-category\\\/narghilea-ro\\\/#listItem\",\"name\":\"Narghilea\"}},{\"@type\":\"ListItem\",\"@id\":\"https:\\\/\\\/tabaccomd.com\\\/ro\\\/product\\\/narghilea-amy-deluxe-072-01-antique-berry-psmbk-rd\\\/#listItem\",\"position\":5,\"name\":\"Narghilea AMY Deluxe 072.01 Antique Berry PSMBK-RD\",\"previousItem\":{\"@type\":\"ListItem\",\"@id\":\"https:\\\/\\\/tabaccomd.com\\\/ro\\\/product-category\\\/narghilea-ro\\\/narghilea-amy\\\/#listItem\",\"name\":\"Narghilea AMY\"}}]},{\"@type\":\"Organization\",\"@id\":\"https:\\\/\\\/tabaccomd.com\\\/ro\\\/#organization\",\"name\":\"Tabacco House\",\"description\":\"\\u041c\\u0430\\u0433\\u0430\\u0437\\u0438\\u043d \\u0442\\u0430\\u0431\\u0430\\u0447\\u043d\\u044b\\u0445 \\u0438\\u0437\\u0434\\u0435\\u043b\\u0438\\u0439\",\"url\":\"https:\\\/\\\/tabaccomd.com\\\/ro\\\/\",\"email\":\"Office@cazacuhouse.com\",\"telephone\":\"+37361000935\",\"logo\":{\"@type\":\"ImageObject\",\"url\":\"https:\\\/\\\/tabaccomd.com\\\/wp-content\\\/uploads\\\/2024\\\/02\\\/logo_header3.png\",\"@id\":\"https:\\\/\\\/tabaccomd.com\\\/ro\\\/product\\\/narghilea-amy-deluxe-072-01-antique-berry-psmbk-rd\\\/#organizationLogo\",\"width\":32,\"height\":32,\"caption\":\"Tabacco House\"},\"image\":{\"@id\":\"https:\\\/\\\/tabaccomd.com\\\/ro\\\/product\\\/narghilea-amy-deluxe-072-01-antique-berry-psmbk-rd\\\/#organizationLogo\"},\"sameAs\":[\"https:\\\/\\\/www.facebook.com\\\/tabaccomd.com\\\/\",\"https:\\\/\\\/www.instagram.com\\\/tabaccomd.com\\\/\"],\"address\":{\"@id\":\"https:\\\/\\\/tabaccomd.com\\\/ro\\\/#postaladdress\",\"@type\":\"PostalAddress\",\"streetAddress\":\"Strada Albi\\u015foara 4, Chi\\u0219in\\u0103u, Bulevardul \\u0218tefan cel Mare \\u0219i Sf\\u00eent 136, Chi\\u0219in\\u0103u\",\"addressLocality\":\"Chi\\u0219in\\u0103u\",\"addressCountry\":\"MD\"}},{\"@type\":\"Product\",\"@id\":\"https:\\\/\\\/tabaccomd.com\\\/ro\\\/product\\\/narghilea-amy-deluxe-072-01-antique-berry-psmbk-rd\\\/#wooCommerceProduct\",\"name\":\"Narghilea AMY Deluxe 072.01 Antique Berry PSMBK-RD\",\"description\":\"Culoare: Ro\\u0219u\\r\\n \\t\\u00cen\\u0103l\\u021bime f\\u0103r\\u0103 bol: 70 cm\\r\\n \\tProduc\\u0103tor: Germania\\r\\n \\tAmbalaj pentru cadouri\",\"url\":\"https:\\\/\\\/tabaccomd.com\\\/ro\\\/product\\\/narghilea-amy-deluxe-072-01-antique-berry-psmbk-rd\\\/\",\"sku\":\"Amy 072.01 PSMBK-RD\",\"image\":{\"@type\":\"ImageObject\",\"url\":\"https:\\\/\\\/tabaccomd.com\\\/wp-content\\\/uploads\\\/2024\\\/01\\\/PSMBK-RD-1.jpg\",\"@id\":\"https:\\\/\\\/tabaccomd.com\\\/ro\\\/product\\\/narghilea-amy-deluxe-072-01-antique-berry-psmbk-rd\\\/#productImage\",\"width\":1000,\"height\":1000,\"caption\":\"\\u041a\\u0430\\u043b\\u044c\\u044f\\u043d AMY Deluxe 072.01 Antique Berry PSMBK-RD\"},\"offers\":{\"@type\":\"Offer\",\"url\":\"https:\\\/\\\/tabaccomd.com\\\/ro\\\/product\\\/narghilea-amy-deluxe-072-01-antique-berry-psmbk-rd\\\/#wooCommerceOffer\",\"price\":2990,\"priceCurrency\":\"MDL\",\"category\":\"Narghilea AMY\",\"availability\":\"https:\\\/\\\/schema.org\\\/OutOfStock\",\"priceSpecification\":{\"@type\":\"PriceSpecification\",\"price\":2990,\"priceCurrency\":\"MDL\",\"valueAddedTaxIncluded\":\"true\"},\"seller\":{\"@type\":\"Organization\",\"@id\":\"https:\\\/\\\/tabaccomd.com\\\/ro\\\/#organization\"}}},{\"@type\":\"WebPage\",\"@id\":\"https:\\\/\\\/tabaccomd.com\\\/ro\\\/product\\\/narghilea-amy-deluxe-072-01-antique-berry-psmbk-rd\\\/#webpage\",\"url\":\"https:\\\/\\\/tabaccomd.com\\\/ro\\\/product\\\/narghilea-amy-deluxe-072-01-antique-berry-psmbk-rd\\\/\",\"name\":\"Narghilea AMY Deluxe 072.01 Antique Berry PSMBK-RD cump\\u0103ra\\u021bi de la tabaccomd.com cu livrare \\u00een Moldova \\u0219i Chi\\u0219in\\u0103u \\u2013 Tabacco House\",\"description\":\"Narghilea AMY Deluxe 072.01 Antique Berry PSMBK-RD de la tabaccomd.com. Avem cele mai bune pre\\u021buri \\u0219i o gam\\u0103 variat\\u0103. Comanda\\u021bi la telefon \\u260e\\ufe0f 061000935 cu livrare \\u00een Chi\\u0219in\\u0103u \\u0219i \\u00een toat\\u0103 \\u021bara. Cump\\u0103ra\\u021bi cu \\u00eencredere de la Tabacco House!\",\"inLanguage\":\"ro-RO\",\"isPartOf\":{\"@id\":\"https:\\\/\\\/tabaccomd.com\\\/ro\\\/#website\"},\"breadcrumb\":{\"@id\":\"https:\\\/\\\/tabaccomd.com\\\/ro\\\/product\\\/narghilea-amy-deluxe-072-01-antique-berry-psmbk-rd\\\/#breadcrumblist\"},\"image\":{\"@type\":\"ImageObject\",\"url\":\"https:\\\/\\\/tabaccomd.com\\\/wp-content\\\/uploads\\\/2024\\\/01\\\/PSMBK-RD-1.jpg\",\"@id\":\"https:\\\/\\\/tabaccomd.com\\\/ro\\\/product\\\/narghilea-amy-deluxe-072-01-antique-berry-psmbk-rd\\\/#mainImage\",\"width\":1000,\"height\":1000,\"caption\":\"\\u041a\\u0430\\u043b\\u044c\\u044f\\u043d AMY Deluxe 072.01 Antique Berry PSMBK-RD\"},\"primaryImageOfPage\":{\"@id\":\"https:\\\/\\\/tabaccomd.com\\\/ro\\\/product\\\/narghilea-amy-deluxe-072-01-antique-berry-psmbk-rd\\\/#mainImage\"},\"datePublished\":\"2024-01-03T02:05:09+03:00\",\"dateModified\":\"2024-01-26T01:38:28+03:00\"},{\"@type\":\"WebSite\",\"@id\":\"https:\\\/\\\/tabaccomd.com\\\/ro\\\/#website\",\"url\":\"https:\\\/\\\/tabaccomd.com\\\/ro\\\/\",\"name\":\"Tabacco House\",\"alternateName\":\"tobaccomd.com\",\"description\":\"\\u041c\\u0430\\u0433\\u0430\\u0437\\u0438\\u043d \\u0442\\u0430\\u0431\\u0430\\u0447\\u043d\\u044b\\u0445 \\u0438\\u0437\\u0434\\u0435\\u043b\\u0438\\u0439\",\"inLanguage\":\"ro-RO\",\"publisher\":{\"@id\":\"https:\\\/\\\/tabaccomd.com\\\/ro\\\/#organization\"}}]}\n\t\t<\/script>\n\t\t<!-- All in One SEO Pro -->\r\n\t\t<title>Narghilea AMY Deluxe 072.01 Antique Berry PSMBK-RD cump\u0103ra\u021bi de la tabaccomd.com cu livrare \u00een Moldova \u0219i Chi\u0219in\u0103u \u2013 Tabacco House<\/title>\n\n","aioseo_head_json":{"title":"Narghilea AMY Deluxe 072.01 Antique Berry PSMBK-RD cump\u0103ra\u021bi de la tabaccomd.com cu livrare \u00een Moldova \u0219i Chi\u0219in\u0103u \u2013 Tabacco House","description":"Narghilea AMY Deluxe 072.01 Antique Berry PSMBK-RD de la tabaccomd.com. Avem cele mai bune pre\u021buri \u0219i o gam\u0103 variat\u0103. Comanda\u021bi la telefon \u260e\ufe0f 061000935 cu livrare \u00een Chi\u0219in\u0103u \u0219i \u00een toat\u0103 \u021bara. Cump\u0103ra\u021bi cu \u00eencredere de la Tabacco House!","canonical_url":"https:\/\/tabaccomd.com\/ro\/product\/narghilea-amy-deluxe-072-01-antique-berry-psmbk-rd\/","robots":"max-image-preview:large","keywords":"","webmasterTools":{"miscellaneous":""},"schema":{"@context":"https:\/\/schema.org","@graph":[{"@type":"BreadcrumbList","@id":"https:\/\/tabaccomd.com\/ro\/product\/narghilea-amy-deluxe-072-01-antique-berry-psmbk-rd\/#breadcrumblist","itemListElement":[{"@type":"ListItem","@id":"https:\/\/tabaccomd.com\/ro\/#listItem","position":1,"name":"\u0413\u043b\u0430\u0432\u043d\u0430\u044f","item":"https:\/\/tabaccomd.com\/ro\/","nextItem":{"@type":"ListItem","@id":"https:\/\/tabaccomd.com\/ro\/catalog\/#listItem","name":"Catalog"}},{"@type":"ListItem","@id":"https:\/\/tabaccomd.com\/ro\/catalog\/#listItem","position":2,"name":"Catalog","item":"https:\/\/tabaccomd.com\/ro\/catalog\/","nextItem":{"@type":"ListItem","@id":"https:\/\/tabaccomd.com\/ro\/product-category\/narghilea-ro\/#listItem","name":"Narghilea"},"previousItem":{"@type":"ListItem","@id":"https:\/\/tabaccomd.com\/ro\/#listItem","name":"\u0413\u043b\u0430\u0432\u043d\u0430\u044f"}},{"@type":"ListItem","@id":"https:\/\/tabaccomd.com\/ro\/product-category\/narghilea-ro\/#listItem","position":3,"name":"Narghilea","item":"https:\/\/tabaccomd.com\/ro\/product-category\/narghilea-ro\/","nextItem":{"@type":"ListItem","@id":"https:\/\/tabaccomd.com\/ro\/product-category\/narghilea-ro\/narghilea-amy\/#listItem","name":"Narghilea AMY"},"previousItem":{"@type":"ListItem","@id":"https:\/\/tabaccomd.com\/ro\/catalog\/#listItem","name":"Catalog"}},{"@type":"ListItem","@id":"https:\/\/tabaccomd.com\/ro\/product-category\/narghilea-ro\/narghilea-amy\/#listItem","position":4,"name":"Narghilea AMY","item":"https:\/\/tabaccomd.com\/ro\/product-category\/narghilea-ro\/narghilea-amy\/","nextItem":{"@type":"ListItem","@id":"https:\/\/tabaccomd.com\/ro\/product\/narghilea-amy-deluxe-072-01-antique-berry-psmbk-rd\/#listItem","name":"Narghilea AMY Deluxe 072.01 Antique Berry PSMBK-RD"},"previousItem":{"@type":"ListItem","@id":"https:\/\/tabaccomd.com\/ro\/product-category\/narghilea-ro\/#listItem","name":"Narghilea"}},{"@type":"ListItem","@id":"https:\/\/tabaccomd.com\/ro\/product\/narghilea-amy-deluxe-072-01-antique-berry-psmbk-rd\/#listItem","position":5,"name":"Narghilea AMY Deluxe 072.01 Antique Berry PSMBK-RD","previousItem":{"@type":"ListItem","@id":"https:\/\/tabaccomd.com\/ro\/product-category\/narghilea-ro\/narghilea-amy\/#listItem","name":"Narghilea AMY"}}]},{"@type":"Organization","@id":"https:\/\/tabaccomd.com\/ro\/#organization","name":"Tabacco House","description":"\u041c\u0430\u0433\u0430\u0437\u0438\u043d \u0442\u0430\u0431\u0430\u0447\u043d\u044b\u0445 \u0438\u0437\u0434\u0435\u043b\u0438\u0439","url":"https:\/\/tabaccomd.com\/ro\/","email":"Office@cazacuhouse.com","telephone":"+37361000935","logo":{"@type":"ImageObject","url":"https:\/\/tabaccomd.com\/wp-content\/uploads\/2024\/02\/logo_header3.png","@id":"https:\/\/tabaccomd.com\/ro\/product\/narghilea-amy-deluxe-072-01-antique-berry-psmbk-rd\/#organizationLogo","width":32,"height":32,"caption":"Tabacco House"},"image":{"@id":"https:\/\/tabaccomd.com\/ro\/product\/narghilea-amy-deluxe-072-01-antique-berry-psmbk-rd\/#organizationLogo"},"sameAs":["https:\/\/www.facebook.com\/tabaccomd.com\/","https:\/\/www.instagram.com\/tabaccomd.com\/"],"address":{"@id":"https:\/\/tabaccomd.com\/ro\/#postaladdress","@type":"PostalAddress","streetAddress":"Strada Albi\u015foara 4, Chi\u0219in\u0103u, Bulevardul \u0218tefan cel Mare \u0219i Sf\u00eent 136, Chi\u0219in\u0103u","addressLocality":"Chi\u0219in\u0103u","addressCountry":"MD"}},{"@type":"Product","@id":"https:\/\/tabaccomd.com\/ro\/product\/narghilea-amy-deluxe-072-01-antique-berry-psmbk-rd\/#wooCommerceProduct","name":"Narghilea AMY Deluxe 072.01 Antique Berry PSMBK-RD","description":"Culoare: Ro\u0219u\r\n \t\u00cen\u0103l\u021bime f\u0103r\u0103 bol: 70 cm\r\n \tProduc\u0103tor: Germania\r\n \tAmbalaj pentru cadouri","url":"https:\/\/tabaccomd.com\/ro\/product\/narghilea-amy-deluxe-072-01-antique-berry-psmbk-rd\/","sku":"Amy 072.01 PSMBK-RD","image":{"@type":"ImageObject","url":"https:\/\/tabaccomd.com\/wp-content\/uploads\/2024\/01\/PSMBK-RD-1.jpg","@id":"https:\/\/tabaccomd.com\/ro\/product\/narghilea-amy-deluxe-072-01-antique-berry-psmbk-rd\/#productImage","width":1000,"height":1000,"caption":"\u041a\u0430\u043b\u044c\u044f\u043d AMY Deluxe 072.01 Antique Berry PSMBK-RD"},"offers":{"@type":"Offer","url":"https:\/\/tabaccomd.com\/ro\/product\/narghilea-amy-deluxe-072-01-antique-berry-psmbk-rd\/#wooCommerceOffer","price":2990,"priceCurrency":"MDL","category":"Narghilea AMY","availability":"https:\/\/schema.org\/OutOfStock","priceSpecification":{"@type":"PriceSpecification","price":2990,"priceCurrency":"MDL","valueAddedTaxIncluded":"true"},"seller":{"@type":"Organization","@id":"https:\/\/tabaccomd.com\/ro\/#organization"}}},{"@type":"WebPage","@id":"https:\/\/tabaccomd.com\/ro\/product\/narghilea-amy-deluxe-072-01-antique-berry-psmbk-rd\/#webpage","url":"https:\/\/tabaccomd.com\/ro\/product\/narghilea-amy-deluxe-072-01-antique-berry-psmbk-rd\/","name":"Narghilea AMY Deluxe 072.01 Antique Berry PSMBK-RD cump\u0103ra\u021bi de la tabaccomd.com cu livrare \u00een Moldova \u0219i Chi\u0219in\u0103u \u2013 Tabacco House","description":"Narghilea AMY Deluxe 072.01 Antique Berry PSMBK-RD de la tabaccomd.com. Avem cele mai bune pre\u021buri \u0219i o gam\u0103 variat\u0103. Comanda\u021bi la telefon \u260e\ufe0f 061000935 cu livrare \u00een Chi\u0219in\u0103u \u0219i \u00een toat\u0103 \u021bara. Cump\u0103ra\u021bi cu \u00eencredere de la Tabacco House!","inLanguage":"ro-RO","isPartOf":{"@id":"https:\/\/tabaccomd.com\/ro\/#website"},"breadcrumb":{"@id":"https:\/\/tabaccomd.com\/ro\/product\/narghilea-amy-deluxe-072-01-antique-berry-psmbk-rd\/#breadcrumblist"},"image":{"@type":"ImageObject","url":"https:\/\/tabaccomd.com\/wp-content\/uploads\/2024\/01\/PSMBK-RD-1.jpg","@id":"https:\/\/tabaccomd.com\/ro\/product\/narghilea-amy-deluxe-072-01-antique-berry-psmbk-rd\/#mainImage","width":1000,"height":1000,"caption":"\u041a\u0430\u043b\u044c\u044f\u043d AMY Deluxe 072.01 Antique Berry PSMBK-RD"},"primaryImageOfPage":{"@id":"https:\/\/tabaccomd.com\/ro\/product\/narghilea-amy-deluxe-072-01-antique-berry-psmbk-rd\/#mainImage"},"datePublished":"2024-01-03T02:05:09+03:00","dateModified":"2024-01-26T01:38:28+03:00"},{"@type":"WebSite","@id":"https:\/\/tabaccomd.com\/ro\/#website","url":"https:\/\/tabaccomd.com\/ro\/","name":"Tabacco House","alternateName":"tobaccomd.com","description":"\u041c\u0430\u0433\u0430\u0437\u0438\u043d \u0442\u0430\u0431\u0430\u0447\u043d\u044b\u0445 \u0438\u0437\u0434\u0435\u043b\u0438\u0439","inLanguage":"ro-RO","publisher":{"@id":"https:\/\/tabaccomd.com\/ro\/#organization"}}]},"og:locale":"ro_RO","og:site_name":"Tabacco House \u2013 \u041c\u0430\u0433\u0430\u0437\u0438\u043d \u0442\u0430\u0431\u0430\u0447\u043d\u044b\u0445 \u0438\u0437\u0434\u0435\u043b\u0438\u0439","og:type":"article","og:title":"Narghilea AMY Deluxe 072.01 Antique Berry PSMBK-RD cump\u0103ra\u021bi de la tabaccomd.com cu livrare \u00een Moldova \u0219i Chi\u0219in\u0103u \u2013 Tabacco House","og:description":"Narghilea AMY Deluxe 072.01 Antique Berry PSMBK-RD de la tabaccomd.com. Avem cele mai bune pre\u021buri \u0219i o gam\u0103 variat\u0103. Comanda\u021bi la telefon \u260e\ufe0f 061000935 cu livrare \u00een Chi\u0219in\u0103u \u0219i \u00een toat\u0103 \u021bara. Cump\u0103ra\u021bi cu \u00eencredere de la Tabacco House!","og:url":"https:\/\/tabaccomd.com\/ro\/product\/narghilea-amy-deluxe-072-01-antique-berry-psmbk-rd\/","article:published_time":"2024-01-02T23:05:09+00:00","article:modified_time":"2024-01-25T22:38:28+00:00","article:publisher":"https:\/\/www.facebook.com\/tabaccomd.com\/","twitter:card":"summary_large_image","twitter:title":"Narghilea AMY Deluxe 072.01 Antique Berry PSMBK-RD cump\u0103ra\u021bi de la tabaccomd.com cu livrare \u00een Moldova \u0219i Chi\u0219in\u0103u \u2013 Tabacco House","twitter:description":"Narghilea AMY Deluxe 072.01 Antique Berry PSMBK-RD de la tabaccomd.com. Avem cele mai bune pre\u021buri \u0219i o gam\u0103 variat\u0103. Comanda\u021bi la telefon \u260e\ufe0f 061000935 cu livrare \u00een Chi\u0219in\u0103u \u0219i \u00een toat\u0103 \u021bara. Cump\u0103ra\u021bi cu \u00eencredere de la Tabacco House!"},"aioseo_meta_data":{"post_id":"132685","title":"#post_title cump\u0103ra\u021bi de la tabaccomd.com cu livrare \u00een Moldova \u0219i Chi\u0219in\u0103u #separator_sa #site_title","description":"#post_title de la tabaccomd.com. Avem cele mai bune pre\u021buri \u0219i o gam\u0103 variat\u0103. Comanda\u021bi la telefon \u260e\ufe0f 061000935 cu livrare \u00een Chi\u0219in\u0103u \u0219i \u00een toat\u0103 \u021bara. Cump\u0103ra\u021bi cu \u00eencredere de la Tabacco House!","keywords":[],"keyphrases":{"focus":{"keyphrase":"Narghilea AMY Deluxe 072.01 Antique Berry PSMBK-RD","score":78,"analysis":{"keyphraseInTitle":{"score":9,"maxScore":9,"error":0},"keyphraseInDescription":{"score":9,"maxScore":9,"error":0},"keyphraseLength":{"score":6,"maxScore":9,"error":1,"length":6},"keyphraseInURL":{"score":5,"maxScore":5,"error":0},"keyphraseInIntroduction":{"score":3,"maxScore":9,"error":1},"keyphraseInSubHeadings":[],"keyphraseInImageAlt":[]}},"additional":[]},"primary_term":null,"canonical_url":null,"og_title":null,"og_description":null,"og_object_type":"default","og_image_type":"default","og_image_url":null,"og_image_width":null,"og_image_height":null,"og_image_custom_url":null,"og_image_custom_fields":null,"og_video":"","og_custom_url":null,"og_article_section":null,"og_article_tags":[],"twitter_use_og":false,"twitter_card":"default","twitter_image_type":"default","twitter_image_url":null,"twitter_image_custom_url":null,"twitter_image_custom_fields":null,"twitter_title":null,"twitter_description":null,"schema":{"blockGraphs":[],"customGraphs":[],"default":{"data":{"Article":[],"Course":[],"Dataset":[],"FAQPage":[],"Movie":[],"Person":[],"Product":[],"ProductReview":[],"Car":[],"Recipe":[],"Service":[],"SoftwareApplication":[],"WebPage":[]},"graphName":"ItemPage","isEnabled":true},"graphs":[]},"schema_type":"default","schema_type_options":null,"pillar_content":false,"robots_default":true,"robots_noindex":false,"robots_noarchive":false,"robots_nosnippet":false,"robots_nofollow":false,"robots_noimageindex":false,"robots_noodp":false,"robots_notranslate":false,"robots_max_snippet":"-1","robots_max_videopreview":"-1","robots_max_imagepreview":"large","priority":null,"frequency":"default","local_seo":null,"seo_analyzer_scan_date":"2025-10-20 16:57:22","breadcrumb_settings":null,"limit_modified_date":false,"reviewed_by":null,"open_ai":null,"ai":null,"created":"2024-01-02 23:05:46","updated":"2025-10-20 16:57:22"},"aioseo_breadcrumb":"<div class=\"aioseo-breadcrumbs\"><span class=\"aioseo-breadcrumb\">\n\t<a href=\"https:\/\/tabaccomd.com\/ro\/\" title=\"\u0413\u043b\u0430\u0432\u043d\u0430\u044f\">\u0413\u043b\u0430\u0432\u043d\u0430\u044f<\/a>\n<\/span><span class=\"aioseo-breadcrumb-separator\">\u00bb<\/span><span class=\"aioseo-breadcrumb\">\n\t<a href=\"https:\/\/tabaccomd.com\/ro\/catalog\/\" title=\"Catalog\">Catalog<\/a>\n<\/span><span class=\"aioseo-breadcrumb-separator\">\u00bb<\/span><span class=\"aioseo-breadcrumb\">\n\t<a href=\"https:\/\/tabaccomd.com\/ro\/product-category\/narghilea-ro\/\" title=\"Narghilea\">Narghilea<\/a>\n<\/span><span class=\"aioseo-breadcrumb-separator\">\u00bb<\/span><span class=\"aioseo-breadcrumb\">\n\t<a href=\"https:\/\/tabaccomd.com\/ro\/product-category\/narghilea-ro\/narghilea-amy\/\" title=\"Narghilea AMY\">Narghilea AMY<\/a>\n<\/span><span class=\"aioseo-breadcrumb-separator\">\u00bb<\/span><span class=\"aioseo-breadcrumb\">\n\tNarghilea AMY Deluxe 072.01 Antique Berry PSMBK-RD\n<\/span><\/div>","aioseo_breadcrumb_json":[{"label":"\u0413\u043b\u0430\u0432\u043d\u0430\u044f","link":"https:\/\/tabaccomd.com\/ro\/"},{"label":"Catalog","link":"https:\/\/tabaccomd.com\/ro\/catalog\/"},{"label":"Narghilea","link":"https:\/\/tabaccomd.com\/ro\/product-category\/narghilea-ro\/"},{"label":"Narghilea AMY","link":"https:\/\/tabaccomd.com\/ro\/product-category\/narghilea-ro\/narghilea-amy\/"},{"label":"Narghilea AMY Deluxe 072.01 Antique Berry PSMBK-RD","link":"https:\/\/tabaccomd.com\/ro\/product\/narghilea-amy-deluxe-072-01-antique-berry-psmbk-rd\/"}],"images_for_1c":[{"url":"https:\/\/tabaccomd.com\/wp-content\/uploads\/2024\/01\/PSMBK-RD-1.jpg","type":"featured","alt":"\u041a\u0430\u043b\u044c\u044f\u043d AMY Deluxe 072.01 Antique Berry PSMBK-RD","filename":"PSMBK-RD-1.jpg"},{"url":"https:\/\/tabaccomd.com\/wp-content\/uploads\/2024\/01\/PSMBK-RD-2.jpg","type":"gallery","alt":"","filename":"PSMBK-RD-2.jpg"},{"url":"https:\/\/tabaccomd.com\/wp-content\/uploads\/2024\/01\/PSMBK-RD-4.jpg","type":"gallery","alt":"","filename":"PSMBK-RD-4.jpg"},{"url":"https:\/\/tabaccomd.com\/wp-content\/uploads\/2024\/01\/PSMBK-RD-5.jpg","type":"gallery","alt":"","filename":"PSMBK-RD-5.jpg"},{"url":"https:\/\/tabaccomd.com\/wp-content\/uploads\/2024\/01\/amy-delux-069.01-5.jpg","type":"gallery","alt":"","filename":"amy-delux-069.01-5.jpg"}],"additional_data_1c":{"modified_date":"2024-01-26 01:38:28","permalink":"https:\/\/tabaccomd.com\/ro\/product\/narghilea-amy-deluxe-072-01-antique-berry-psmbk-rd\/","stock_status":"outofstock","manage_stock":"no"},"_links":{"self":[{"href":"https:\/\/tabaccomd.com\/ro\/wp-json\/wp\/v2\/product\/132685","targetHints":{"allow":["GET"]}}],"collection":[{"href":"https:\/\/tabaccomd.com\/ro\/wp-json\/wp\/v2\/product"}],"about":[{"href":"https:\/\/tabaccomd.com\/ro\/wp-json\/wp\/v2\/types\/product"}],"wp:featuredmedia":[{"embeddable":true,"href":"https:\/\/tabaccomd.com\/ro\/wp-json\/wp\/v2\/media\/132678"}],"wp:attachment":[{"href":"https:\/\/tabaccomd.com\/ro\/wp-json\/wp\/v2\/media?parent=132685"}],"wp:term":[{"taxonomy":"product_brand","embeddable":true,"href":"https:\/\/tabaccomd.com\/ro\/wp-json\/wp\/v2\/product_brand?post=132685"},{"taxonomy":"product_cat","embeddable":true,"href":"https:\/\/tabaccomd.com\/ro\/wp-json\/wp\/v2\/product_cat?post=132685"},{"taxonomy":"product_tag","embeddable":true,"href":"https:\/\/tabaccomd.com\/ro\/wp-json\/wp\/v2\/product_tag?post=132685"}],"curies":[{"name":"wp","href":"https:\/\/api.w.org\/{rel}","templated":true}]}}