{"id":132195,"date":"2023-12-29T10:05:16","date_gmt":"2023-12-29T07:05:16","guid":{"rendered":"https:\/\/tabaccomd.com\/product\/ceai-kusmi-french-cancan-tin-bio-100g\/"},"modified":"2024-01-15T00:45:56","modified_gmt":"2024-01-14T21:45:56","slug":"ceai-kusmi-french-cancan-tin-bio-100g","status":"publish","type":"product","link":"https:\/\/tabaccomd.com\/ro\/product\/ceai-kusmi-french-cancan-tin-bio-100g\/","title":{"rendered":"Ceai Kusmi French Cancan Tin Bio 100g"},"content":{"rendered":"<p>\u00cen c\u0103utarea perfec\u021biunii, nu am stat pe dubii! Ne-am dorit ca fructele noastre ro\u0219ii s\u0103 fie nu doar delicioase \u0219i delicioase, ci \u0219i delicate \u0219i rafinate&#8230; Ne-am imaginat cum se vor combina perfect cu <a href=\"https:\/\/tabaccomd.com\/ro\/categorie-produs\/ceai\/ceai-kusmi\/\">ceaiul<\/a> negru organic intens, sco\u021b\u00e2nd \u00een eviden\u021b\u0103 toate calit\u0103\u021bile lor delicioase. Pe scurt, muncim mult \u0219i acesta este rezultatul! Savura\u021bi o cea\u0219c\u0103 de ceai negru cu patru fructe ro\u0219ii organice arome, imediat scoase din cuptor!<\/p>\n<p><strong>Mod de preparare:<\/strong> Se pun 2-3 grame de ceai \u00eentr-o can\u0103 \u0219i se umple cu ap\u0103 la temperatura de 90\u00b0C. Timp de preparare 3-5 minute.<\/p>\n<p>Pute\u021bi achizi\u021biona ceai Kusmi French Cancan Tin Bio 100g \u00een Moldova, Chi\u0219in\u0103u, \u00een re\u021beaua de magazine Tabacco House.<\/p>\n","protected":false},"excerpt":{"rendered":"<ul>\n<li>Produc\u0103tor: Paris, Fran\u021ba<\/li>\n<li>Greutate: 100 gr<\/li>\n<li>Arom\u0103: C\u0103p\u0219uni, zmeur\u0103, cire\u0219e, coac\u0103ze<\/li>\n<li>Tip: Ceai negru, ceai rosu<\/li>\n<li>Tip: Infuzie<\/li>\n<\/ul>\n","protected":false},"featured_media":132191,"template":"","meta":{"om_disable_all_campaigns":false,"_monsterinsights_skip_tracking":false,"_monsterinsights_sitenote_active":false,"_monsterinsights_sitenote_note":"","_monsterinsights_sitenote_category":0},"product_brand":[],"product_cat":[426],"product_tag":[],"class_list":{"0":"post-132195","1":"product","2":"type-product","3":"status-publish","4":"has-post-thumbnail","6":"product_cat-ceai-kusmi","8":"first","9":"outofstock","10":"purchasable","11":"product-type-simple"},"aioseo_notices":[],"aioseo_head":"\n\t\t<!-- All in One SEO Pro 4.9.5.2 - aioseo.com -->\n\t<meta name=\"description\" content=\"Ceai Kusmi French Cancan Tin Bio 100g cump\u0103ra\u021bi \u00een Chi\u0219in\u0103u la Tabacco House. Perfec\u021biune \u00een fiecare \u00eenghi\u021bitur\u0103. \ud83d\udecd\ufe0f Achizi\u021biona\u021bi ceaiuri premium chiar acum, \ud83d\udcf2 suna\u021bi la: 061000935.\" \/>\n\t<meta name=\"robots\" content=\"max-image-preview:large\" \/>\n\t<link rel=\"canonical\" href=\"https:\/\/tabaccomd.com\/ro\/product\/ceai-kusmi-french-cancan-tin-bio-100g\/\" \/>\n\t<meta name=\"generator\" content=\"All in One SEO Pro (AIOSEO) 4.9.5.2\" \/>\n\t\t<meta property=\"og:locale\" content=\"ro_RO\" \/>\n\t\t<meta property=\"og:site_name\" content=\"Tabacco House \u2013 \u041c\u0430\u0433\u0430\u0437\u0438\u043d \u0442\u0430\u0431\u0430\u0447\u043d\u044b\u0445 \u0438\u0437\u0434\u0435\u043b\u0438\u0439\" \/>\n\t\t<meta property=\"og:type\" content=\"article\" \/>\n\t\t<meta property=\"og:title\" content=\"Cump\u0103r\u0103 \u00een Chi\u0219in\u0103u \ud83c\udf75 Ceai Kusmi French Cancan Tin Bio 100g \u2013 Tabacco House\" \/>\n\t\t<meta property=\"og:description\" content=\"Ceai Kusmi French Cancan Tin Bio 100g cump\u0103ra\u021bi \u00een Chi\u0219in\u0103u la Tabacco House. Perfec\u021biune \u00een fiecare \u00eenghi\u021bitur\u0103. \ud83d\udecd\ufe0f Achizi\u021biona\u021bi ceaiuri premium chiar acum, \ud83d\udcf2 suna\u021bi la: 061000935.\" \/>\n\t\t<meta property=\"og:url\" content=\"https:\/\/tabaccomd.com\/ro\/product\/ceai-kusmi-french-cancan-tin-bio-100g\/\" \/>\n\t\t<meta property=\"article:published_time\" content=\"2023-12-29T07:05:16+00:00\" \/>\n\t\t<meta property=\"article:modified_time\" content=\"2024-01-14T21:45:56+00:00\" \/>\n\t\t<meta property=\"article:publisher\" content=\"https:\/\/www.facebook.com\/tabaccomd.com\/\" \/>\n\t\t<meta name=\"twitter:card\" content=\"summary_large_image\" \/>\n\t\t<meta name=\"twitter:title\" content=\"Cump\u0103r\u0103 \u00een Chi\u0219in\u0103u \ud83c\udf75 Ceai Kusmi French Cancan Tin Bio 100g \u2013 Tabacco House\" \/>\n\t\t<meta name=\"twitter:description\" content=\"Ceai Kusmi French Cancan Tin Bio 100g cump\u0103ra\u021bi \u00een Chi\u0219in\u0103u la Tabacco House. Perfec\u021biune \u00een fiecare \u00eenghi\u021bitur\u0103. \ud83d\udecd\ufe0f Achizi\u021biona\u021bi ceaiuri premium chiar acum, \ud83d\udcf2 suna\u021bi la: 061000935.\" \/>\n\t\t<script type=\"application\/ld+json\" class=\"aioseo-schema\">\n\t\t\t{\"@context\":\"https:\\\/\\\/schema.org\",\"@graph\":[{\"@type\":\"BreadcrumbList\",\"@id\":\"https:\\\/\\\/tabaccomd.com\\\/ro\\\/product\\\/ceai-kusmi-french-cancan-tin-bio-100g\\\/#breadcrumblist\",\"itemListElement\":[{\"@type\":\"ListItem\",\"@id\":\"https:\\\/\\\/tabaccomd.com\\\/ro\\\/#listItem\",\"position\":1,\"name\":\"\\u0413\\u043b\\u0430\\u0432\\u043d\\u0430\\u044f\",\"item\":\"https:\\\/\\\/tabaccomd.com\\\/ro\\\/\",\"nextItem\":{\"@type\":\"ListItem\",\"@id\":\"https:\\\/\\\/tabaccomd.com\\\/ro\\\/catalog\\\/#listItem\",\"name\":\"Catalog\"}},{\"@type\":\"ListItem\",\"@id\":\"https:\\\/\\\/tabaccomd.com\\\/ro\\\/catalog\\\/#listItem\",\"position\":2,\"name\":\"Catalog\",\"item\":\"https:\\\/\\\/tabaccomd.com\\\/ro\\\/catalog\\\/\",\"nextItem\":{\"@type\":\"ListItem\",\"@id\":\"https:\\\/\\\/tabaccomd.com\\\/ro\\\/product-category\\\/cafea\\\/#listItem\",\"name\":\"Cafea\"},\"previousItem\":{\"@type\":\"ListItem\",\"@id\":\"https:\\\/\\\/tabaccomd.com\\\/ro\\\/#listItem\",\"name\":\"\\u0413\\u043b\\u0430\\u0432\\u043d\\u0430\\u044f\"}},{\"@type\":\"ListItem\",\"@id\":\"https:\\\/\\\/tabaccomd.com\\\/ro\\\/product-category\\\/cafea\\\/#listItem\",\"position\":3,\"name\":\"Cafea\",\"item\":\"https:\\\/\\\/tabaccomd.com\\\/ro\\\/product-category\\\/cafea\\\/\",\"nextItem\":{\"@type\":\"ListItem\",\"@id\":\"https:\\\/\\\/tabaccomd.com\\\/ro\\\/product-category\\\/cafea\\\/ceai\\\/#listItem\",\"name\":\"Ceai\"},\"previousItem\":{\"@type\":\"ListItem\",\"@id\":\"https:\\\/\\\/tabaccomd.com\\\/ro\\\/catalog\\\/#listItem\",\"name\":\"Catalog\"}},{\"@type\":\"ListItem\",\"@id\":\"https:\\\/\\\/tabaccomd.com\\\/ro\\\/product-category\\\/cafea\\\/ceai\\\/#listItem\",\"position\":4,\"name\":\"Ceai\",\"item\":\"https:\\\/\\\/tabaccomd.com\\\/ro\\\/product-category\\\/cafea\\\/ceai\\\/\",\"nextItem\":{\"@type\":\"ListItem\",\"@id\":\"https:\\\/\\\/tabaccomd.com\\\/ro\\\/product-category\\\/cafea\\\/ceai\\\/ceai-kusmi\\\/#listItem\",\"name\":\"Ceai Kusmi\"},\"previousItem\":{\"@type\":\"ListItem\",\"@id\":\"https:\\\/\\\/tabaccomd.com\\\/ro\\\/product-category\\\/cafea\\\/#listItem\",\"name\":\"Cafea\"}},{\"@type\":\"ListItem\",\"@id\":\"https:\\\/\\\/tabaccomd.com\\\/ro\\\/product-category\\\/cafea\\\/ceai\\\/ceai-kusmi\\\/#listItem\",\"position\":5,\"name\":\"Ceai Kusmi\",\"item\":\"https:\\\/\\\/tabaccomd.com\\\/ro\\\/product-category\\\/cafea\\\/ceai\\\/ceai-kusmi\\\/\",\"nextItem\":{\"@type\":\"ListItem\",\"@id\":\"https:\\\/\\\/tabaccomd.com\\\/ro\\\/product\\\/ceai-kusmi-french-cancan-tin-bio-100g\\\/#listItem\",\"name\":\"Ceai Kusmi French Cancan Tin Bio 100g\"},\"previousItem\":{\"@type\":\"ListItem\",\"@id\":\"https:\\\/\\\/tabaccomd.com\\\/ro\\\/product-category\\\/cafea\\\/ceai\\\/#listItem\",\"name\":\"Ceai\"}},{\"@type\":\"ListItem\",\"@id\":\"https:\\\/\\\/tabaccomd.com\\\/ro\\\/product\\\/ceai-kusmi-french-cancan-tin-bio-100g\\\/#listItem\",\"position\":6,\"name\":\"Ceai Kusmi French Cancan Tin Bio 100g\",\"previousItem\":{\"@type\":\"ListItem\",\"@id\":\"https:\\\/\\\/tabaccomd.com\\\/ro\\\/product-category\\\/cafea\\\/ceai\\\/ceai-kusmi\\\/#listItem\",\"name\":\"Ceai Kusmi\"}}]},{\"@type\":\"Organization\",\"@id\":\"https:\\\/\\\/tabaccomd.com\\\/ro\\\/#organization\",\"name\":\"Tabacco House\",\"description\":\"\\u041c\\u0430\\u0433\\u0430\\u0437\\u0438\\u043d \\u0442\\u0430\\u0431\\u0430\\u0447\\u043d\\u044b\\u0445 \\u0438\\u0437\\u0434\\u0435\\u043b\\u0438\\u0439\",\"url\":\"https:\\\/\\\/tabaccomd.com\\\/ro\\\/\",\"email\":\"Office@cazacuhouse.com\",\"telephone\":\"+37361000935\",\"logo\":{\"@type\":\"ImageObject\",\"url\":\"https:\\\/\\\/tabaccomd.com\\\/wp-content\\\/uploads\\\/2024\\\/02\\\/logo_header3.png\",\"@id\":\"https:\\\/\\\/tabaccomd.com\\\/ro\\\/product\\\/ceai-kusmi-french-cancan-tin-bio-100g\\\/#organizationLogo\",\"width\":32,\"height\":32,\"caption\":\"Tabacco House\"},\"image\":{\"@id\":\"https:\\\/\\\/tabaccomd.com\\\/ro\\\/product\\\/ceai-kusmi-french-cancan-tin-bio-100g\\\/#organizationLogo\"},\"sameAs\":[\"https:\\\/\\\/www.facebook.com\\\/tabaccomd.com\\\/\",\"https:\\\/\\\/www.instagram.com\\\/tabaccomd.com\\\/\"],\"address\":{\"@id\":\"https:\\\/\\\/tabaccomd.com\\\/ro\\\/#postaladdress\",\"@type\":\"PostalAddress\",\"streetAddress\":\"Strada Albi\\u015foara 4, Chi\\u0219in\\u0103u, Bulevardul \\u0218tefan cel Mare \\u0219i Sf\\u00eent 136, Chi\\u0219in\\u0103u\",\"addressLocality\":\"Chi\\u0219in\\u0103u\",\"addressCountry\":\"MD\"}},{\"@type\":\"Product\",\"@id\":\"https:\\\/\\\/tabaccomd.com\\\/ro\\\/product\\\/ceai-kusmi-french-cancan-tin-bio-100g\\\/#wooCommerceProduct\",\"name\":\"Ceai Kusmi French Cancan Tin Bio 100g\",\"description\":\"Produc\\u0103tor: Paris, Fran\\u021ba\\r\\n \\tGreutate: 100 gr\\r\\n \\tArom\\u0103: C\\u0103p\\u0219uni, zmeur\\u0103, cire\\u0219e, coac\\u0103ze\\r\\n \\tTip: Ceai negru, ceai rosu\\r\\n \\tTip: Infuzie\",\"url\":\"https:\\\/\\\/tabaccomd.com\\\/ro\\\/product\\\/ceai-kusmi-french-cancan-tin-bio-100g\\\/\",\"sku\":\"9340570\",\"image\":{\"@type\":\"ImageObject\",\"url\":\"https:\\\/\\\/tabaccomd.com\\\/wp-content\\\/uploads\\\/2023\\\/12\\\/kusmi-french-cancan.jpg\",\"@id\":\"https:\\\/\\\/tabaccomd.com\\\/ro\\\/product\\\/ceai-kusmi-french-cancan-tin-bio-100g\\\/#productImage\",\"width\":500,\"height\":500,\"caption\":\"kusmi french cancan\"},\"offers\":{\"@type\":\"Offer\",\"url\":\"https:\\\/\\\/tabaccomd.com\\\/ro\\\/product\\\/ceai-kusmi-french-cancan-tin-bio-100g\\\/#wooCommerceOffer\",\"price\":395,\"priceCurrency\":\"MDL\",\"category\":\"Ceai Kusmi\",\"availability\":\"https:\\\/\\\/schema.org\\\/OutOfStock\",\"priceSpecification\":{\"@type\":\"PriceSpecification\",\"price\":395,\"priceCurrency\":\"MDL\",\"valueAddedTaxIncluded\":\"true\"},\"seller\":{\"@type\":\"Organization\",\"@id\":\"https:\\\/\\\/tabaccomd.com\\\/ro\\\/#organization\"}}},{\"@type\":\"WebPage\",\"@id\":\"https:\\\/\\\/tabaccomd.com\\\/ro\\\/product\\\/ceai-kusmi-french-cancan-tin-bio-100g\\\/#webpage\",\"url\":\"https:\\\/\\\/tabaccomd.com\\\/ro\\\/product\\\/ceai-kusmi-french-cancan-tin-bio-100g\\\/\",\"name\":\"Cump\\u0103r\\u0103 \\u00een Chi\\u0219in\\u0103u \\ud83c\\udf75 Ceai Kusmi French Cancan Tin Bio 100g \\u2013 Tabacco House\",\"description\":\"Ceai Kusmi French Cancan Tin Bio 100g cump\\u0103ra\\u021bi \\u00een Chi\\u0219in\\u0103u la Tabacco House. Perfec\\u021biune \\u00een fiecare \\u00eenghi\\u021bitur\\u0103. \\ud83d\\udecd\\ufe0f Achizi\\u021biona\\u021bi ceaiuri premium chiar acum, \\ud83d\\udcf2 suna\\u021bi la: 061000935.\",\"inLanguage\":\"ro-RO\",\"isPartOf\":{\"@id\":\"https:\\\/\\\/tabaccomd.com\\\/ro\\\/#website\"},\"breadcrumb\":{\"@id\":\"https:\\\/\\\/tabaccomd.com\\\/ro\\\/product\\\/ceai-kusmi-french-cancan-tin-bio-100g\\\/#breadcrumblist\"},\"image\":{\"@type\":\"ImageObject\",\"url\":\"https:\\\/\\\/tabaccomd.com\\\/wp-content\\\/uploads\\\/2023\\\/12\\\/kusmi-french-cancan.jpg\",\"@id\":\"https:\\\/\\\/tabaccomd.com\\\/ro\\\/product\\\/ceai-kusmi-french-cancan-tin-bio-100g\\\/#mainImage\",\"width\":500,\"height\":500,\"caption\":\"kusmi french cancan\"},\"primaryImageOfPage\":{\"@id\":\"https:\\\/\\\/tabaccomd.com\\\/ro\\\/product\\\/ceai-kusmi-french-cancan-tin-bio-100g\\\/#mainImage\"},\"datePublished\":\"2023-12-29T10:05:16+03:00\",\"dateModified\":\"2024-01-15T00:45:56+03:00\"},{\"@type\":\"WebSite\",\"@id\":\"https:\\\/\\\/tabaccomd.com\\\/ro\\\/#website\",\"url\":\"https:\\\/\\\/tabaccomd.com\\\/ro\\\/\",\"name\":\"Tabacco House\",\"alternateName\":\"tobaccomd.com\",\"description\":\"\\u041c\\u0430\\u0433\\u0430\\u0437\\u0438\\u043d \\u0442\\u0430\\u0431\\u0430\\u0447\\u043d\\u044b\\u0445 \\u0438\\u0437\\u0434\\u0435\\u043b\\u0438\\u0439\",\"inLanguage\":\"ro-RO\",\"publisher\":{\"@id\":\"https:\\\/\\\/tabaccomd.com\\\/ro\\\/#organization\"}}]}\n\t\t<\/script>\n\t\t<!-- All in One SEO Pro -->\r\n\t\t<title>Cump\u0103r\u0103 \u00een Chi\u0219in\u0103u \ud83c\udf75 Ceai Kusmi French Cancan Tin Bio 100g \u2013 Tabacco House<\/title>\n\n","aioseo_head_json":{"title":"Cump\u0103r\u0103 \u00een Chi\u0219in\u0103u \ud83c\udf75 Ceai Kusmi French Cancan Tin Bio 100g \u2013 Tabacco House","description":"Ceai Kusmi French Cancan Tin Bio 100g cump\u0103ra\u021bi \u00een Chi\u0219in\u0103u la Tabacco House. Perfec\u021biune \u00een fiecare \u00eenghi\u021bitur\u0103. \ud83d\udecd\ufe0f Achizi\u021biona\u021bi ceaiuri premium chiar acum, \ud83d\udcf2 suna\u021bi la: 061000935.","canonical_url":"https:\/\/tabaccomd.com\/ro\/product\/ceai-kusmi-french-cancan-tin-bio-100g\/","robots":"max-image-preview:large","keywords":"","webmasterTools":{"miscellaneous":""},"schema":{"@context":"https:\/\/schema.org","@graph":[{"@type":"BreadcrumbList","@id":"https:\/\/tabaccomd.com\/ro\/product\/ceai-kusmi-french-cancan-tin-bio-100g\/#breadcrumblist","itemListElement":[{"@type":"ListItem","@id":"https:\/\/tabaccomd.com\/ro\/#listItem","position":1,"name":"\u0413\u043b\u0430\u0432\u043d\u0430\u044f","item":"https:\/\/tabaccomd.com\/ro\/","nextItem":{"@type":"ListItem","@id":"https:\/\/tabaccomd.com\/ro\/catalog\/#listItem","name":"Catalog"}},{"@type":"ListItem","@id":"https:\/\/tabaccomd.com\/ro\/catalog\/#listItem","position":2,"name":"Catalog","item":"https:\/\/tabaccomd.com\/ro\/catalog\/","nextItem":{"@type":"ListItem","@id":"https:\/\/tabaccomd.com\/ro\/product-category\/cafea\/#listItem","name":"Cafea"},"previousItem":{"@type":"ListItem","@id":"https:\/\/tabaccomd.com\/ro\/#listItem","name":"\u0413\u043b\u0430\u0432\u043d\u0430\u044f"}},{"@type":"ListItem","@id":"https:\/\/tabaccomd.com\/ro\/product-category\/cafea\/#listItem","position":3,"name":"Cafea","item":"https:\/\/tabaccomd.com\/ro\/product-category\/cafea\/","nextItem":{"@type":"ListItem","@id":"https:\/\/tabaccomd.com\/ro\/product-category\/cafea\/ceai\/#listItem","name":"Ceai"},"previousItem":{"@type":"ListItem","@id":"https:\/\/tabaccomd.com\/ro\/catalog\/#listItem","name":"Catalog"}},{"@type":"ListItem","@id":"https:\/\/tabaccomd.com\/ro\/product-category\/cafea\/ceai\/#listItem","position":4,"name":"Ceai","item":"https:\/\/tabaccomd.com\/ro\/product-category\/cafea\/ceai\/","nextItem":{"@type":"ListItem","@id":"https:\/\/tabaccomd.com\/ro\/product-category\/cafea\/ceai\/ceai-kusmi\/#listItem","name":"Ceai Kusmi"},"previousItem":{"@type":"ListItem","@id":"https:\/\/tabaccomd.com\/ro\/product-category\/cafea\/#listItem","name":"Cafea"}},{"@type":"ListItem","@id":"https:\/\/tabaccomd.com\/ro\/product-category\/cafea\/ceai\/ceai-kusmi\/#listItem","position":5,"name":"Ceai Kusmi","item":"https:\/\/tabaccomd.com\/ro\/product-category\/cafea\/ceai\/ceai-kusmi\/","nextItem":{"@type":"ListItem","@id":"https:\/\/tabaccomd.com\/ro\/product\/ceai-kusmi-french-cancan-tin-bio-100g\/#listItem","name":"Ceai Kusmi French Cancan Tin Bio 100g"},"previousItem":{"@type":"ListItem","@id":"https:\/\/tabaccomd.com\/ro\/product-category\/cafea\/ceai\/#listItem","name":"Ceai"}},{"@type":"ListItem","@id":"https:\/\/tabaccomd.com\/ro\/product\/ceai-kusmi-french-cancan-tin-bio-100g\/#listItem","position":6,"name":"Ceai Kusmi French Cancan Tin Bio 100g","previousItem":{"@type":"ListItem","@id":"https:\/\/tabaccomd.com\/ro\/product-category\/cafea\/ceai\/ceai-kusmi\/#listItem","name":"Ceai Kusmi"}}]},{"@type":"Organization","@id":"https:\/\/tabaccomd.com\/ro\/#organization","name":"Tabacco House","description":"\u041c\u0430\u0433\u0430\u0437\u0438\u043d \u0442\u0430\u0431\u0430\u0447\u043d\u044b\u0445 \u0438\u0437\u0434\u0435\u043b\u0438\u0439","url":"https:\/\/tabaccomd.com\/ro\/","email":"Office@cazacuhouse.com","telephone":"+37361000935","logo":{"@type":"ImageObject","url":"https:\/\/tabaccomd.com\/wp-content\/uploads\/2024\/02\/logo_header3.png","@id":"https:\/\/tabaccomd.com\/ro\/product\/ceai-kusmi-french-cancan-tin-bio-100g\/#organizationLogo","width":32,"height":32,"caption":"Tabacco House"},"image":{"@id":"https:\/\/tabaccomd.com\/ro\/product\/ceai-kusmi-french-cancan-tin-bio-100g\/#organizationLogo"},"sameAs":["https:\/\/www.facebook.com\/tabaccomd.com\/","https:\/\/www.instagram.com\/tabaccomd.com\/"],"address":{"@id":"https:\/\/tabaccomd.com\/ro\/#postaladdress","@type":"PostalAddress","streetAddress":"Strada Albi\u015foara 4, Chi\u0219in\u0103u, Bulevardul \u0218tefan cel Mare \u0219i Sf\u00eent 136, Chi\u0219in\u0103u","addressLocality":"Chi\u0219in\u0103u","addressCountry":"MD"}},{"@type":"Product","@id":"https:\/\/tabaccomd.com\/ro\/product\/ceai-kusmi-french-cancan-tin-bio-100g\/#wooCommerceProduct","name":"Ceai Kusmi French Cancan Tin Bio 100g","description":"Produc\u0103tor: Paris, Fran\u021ba\r\n \tGreutate: 100 gr\r\n \tArom\u0103: C\u0103p\u0219uni, zmeur\u0103, cire\u0219e, coac\u0103ze\r\n \tTip: Ceai negru, ceai rosu\r\n \tTip: Infuzie","url":"https:\/\/tabaccomd.com\/ro\/product\/ceai-kusmi-french-cancan-tin-bio-100g\/","sku":"9340570","image":{"@type":"ImageObject","url":"https:\/\/tabaccomd.com\/wp-content\/uploads\/2023\/12\/kusmi-french-cancan.jpg","@id":"https:\/\/tabaccomd.com\/ro\/product\/ceai-kusmi-french-cancan-tin-bio-100g\/#productImage","width":500,"height":500,"caption":"kusmi french cancan"},"offers":{"@type":"Offer","url":"https:\/\/tabaccomd.com\/ro\/product\/ceai-kusmi-french-cancan-tin-bio-100g\/#wooCommerceOffer","price":395,"priceCurrency":"MDL","category":"Ceai Kusmi","availability":"https:\/\/schema.org\/OutOfStock","priceSpecification":{"@type":"PriceSpecification","price":395,"priceCurrency":"MDL","valueAddedTaxIncluded":"true"},"seller":{"@type":"Organization","@id":"https:\/\/tabaccomd.com\/ro\/#organization"}}},{"@type":"WebPage","@id":"https:\/\/tabaccomd.com\/ro\/product\/ceai-kusmi-french-cancan-tin-bio-100g\/#webpage","url":"https:\/\/tabaccomd.com\/ro\/product\/ceai-kusmi-french-cancan-tin-bio-100g\/","name":"Cump\u0103r\u0103 \u00een Chi\u0219in\u0103u \ud83c\udf75 Ceai Kusmi French Cancan Tin Bio 100g \u2013 Tabacco House","description":"Ceai Kusmi French Cancan Tin Bio 100g cump\u0103ra\u021bi \u00een Chi\u0219in\u0103u la Tabacco House. Perfec\u021biune \u00een fiecare \u00eenghi\u021bitur\u0103. \ud83d\udecd\ufe0f Achizi\u021biona\u021bi ceaiuri premium chiar acum, \ud83d\udcf2 suna\u021bi la: 061000935.","inLanguage":"ro-RO","isPartOf":{"@id":"https:\/\/tabaccomd.com\/ro\/#website"},"breadcrumb":{"@id":"https:\/\/tabaccomd.com\/ro\/product\/ceai-kusmi-french-cancan-tin-bio-100g\/#breadcrumblist"},"image":{"@type":"ImageObject","url":"https:\/\/tabaccomd.com\/wp-content\/uploads\/2023\/12\/kusmi-french-cancan.jpg","@id":"https:\/\/tabaccomd.com\/ro\/product\/ceai-kusmi-french-cancan-tin-bio-100g\/#mainImage","width":500,"height":500,"caption":"kusmi french cancan"},"primaryImageOfPage":{"@id":"https:\/\/tabaccomd.com\/ro\/product\/ceai-kusmi-french-cancan-tin-bio-100g\/#mainImage"},"datePublished":"2023-12-29T10:05:16+03:00","dateModified":"2024-01-15T00:45:56+03:00"},{"@type":"WebSite","@id":"https:\/\/tabaccomd.com\/ro\/#website","url":"https:\/\/tabaccomd.com\/ro\/","name":"Tabacco House","alternateName":"tobaccomd.com","description":"\u041c\u0430\u0433\u0430\u0437\u0438\u043d \u0442\u0430\u0431\u0430\u0447\u043d\u044b\u0445 \u0438\u0437\u0434\u0435\u043b\u0438\u0439","inLanguage":"ro-RO","publisher":{"@id":"https:\/\/tabaccomd.com\/ro\/#organization"}}]},"og:locale":"ro_RO","og:site_name":"Tabacco House \u2013 \u041c\u0430\u0433\u0430\u0437\u0438\u043d \u0442\u0430\u0431\u0430\u0447\u043d\u044b\u0445 \u0438\u0437\u0434\u0435\u043b\u0438\u0439","og:type":"article","og:title":"Cump\u0103r\u0103 \u00een Chi\u0219in\u0103u \ud83c\udf75 Ceai Kusmi French Cancan Tin Bio 100g \u2013 Tabacco House","og:description":"Ceai Kusmi French Cancan Tin Bio 100g cump\u0103ra\u021bi \u00een Chi\u0219in\u0103u la Tabacco House. Perfec\u021biune \u00een fiecare \u00eenghi\u021bitur\u0103. \ud83d\udecd\ufe0f Achizi\u021biona\u021bi ceaiuri premium chiar acum, \ud83d\udcf2 suna\u021bi la: 061000935.","og:url":"https:\/\/tabaccomd.com\/ro\/product\/ceai-kusmi-french-cancan-tin-bio-100g\/","article:published_time":"2023-12-29T07:05:16+00:00","article:modified_time":"2024-01-14T21:45:56+00:00","article:publisher":"https:\/\/www.facebook.com\/tabaccomd.com\/","twitter:card":"summary_large_image","twitter:title":"Cump\u0103r\u0103 \u00een Chi\u0219in\u0103u \ud83c\udf75 Ceai Kusmi French Cancan Tin Bio 100g \u2013 Tabacco House","twitter:description":"Ceai Kusmi French Cancan Tin Bio 100g cump\u0103ra\u021bi \u00een Chi\u0219in\u0103u la Tabacco House. Perfec\u021biune \u00een fiecare \u00eenghi\u021bitur\u0103. \ud83d\udecd\ufe0f Achizi\u021biona\u021bi ceaiuri premium chiar acum, \ud83d\udcf2 suna\u021bi la: 061000935."},"aioseo_meta_data":{"post_id":"132195","title":"Cump\u0103r\u0103 \u00een Chi\u0219in\u0103u \ud83c\udf75 #post_title #separator_sa #site_title","description":"#post_title cump\u0103ra\u021bi \u00een Chi\u0219in\u0103u la Tabacco House. Perfec\u021biune \u00een fiecare \u00eenghi\u021bitur\u0103. \ud83d\udecd\ufe0f Achizi\u021biona\u021bi ceaiuri premium chiar acum, \ud83d\udcf2 suna\u021bi la: 061000935.","keywords":[],"keyphrases":{"focus":{"keyphrase":"Ceai Kusmi French Cancan Tin Bio 100g","score":78,"analysis":{"keyphraseInTitle":{"score":9,"maxScore":9,"error":0},"keyphraseInDescription":{"score":9,"maxScore":9,"error":0},"keyphraseLength":{"score":6,"maxScore":9,"error":1,"length":7},"keyphraseInURL":{"score":5,"maxScore":5,"error":0},"keyphraseInIntroduction":{"score":3,"maxScore":9,"error":1},"keyphraseInSubHeadings":[],"keyphraseInImageAlt":[]}},"additional":[]},"primary_term":null,"canonical_url":null,"og_title":null,"og_description":null,"og_object_type":"default","og_image_type":"default","og_image_url":null,"og_image_width":null,"og_image_height":null,"og_image_custom_url":null,"og_image_custom_fields":null,"og_video":"","og_custom_url":null,"og_article_section":null,"og_article_tags":[],"twitter_use_og":false,"twitter_card":"default","twitter_image_type":"default","twitter_image_url":null,"twitter_image_custom_url":null,"twitter_image_custom_fields":null,"twitter_title":null,"twitter_description":null,"schema":{"blockGraphs":[],"customGraphs":[],"default":{"data":{"Article":[],"Course":[],"Dataset":[],"FAQPage":[],"Movie":[],"Person":[],"Product":[],"ProductReview":[],"Car":[],"Recipe":[],"Service":[],"SoftwareApplication":[],"WebPage":[]},"graphName":"ItemPage","isEnabled":true},"graphs":[]},"schema_type":"default","schema_type_options":null,"pillar_content":false,"robots_default":true,"robots_noindex":false,"robots_noarchive":false,"robots_nosnippet":false,"robots_nofollow":false,"robots_noimageindex":false,"robots_noodp":false,"robots_notranslate":false,"robots_max_snippet":"-1","robots_max_videopreview":"-1","robots_max_imagepreview":"large","priority":null,"frequency":"default","local_seo":null,"seo_analyzer_scan_date":"2025-10-20 16:29:17","breadcrumb_settings":null,"limit_modified_date":false,"reviewed_by":null,"open_ai":null,"ai":null,"created":"2023-12-30 13:52:22","updated":"2025-10-20 16:29:17"},"aioseo_breadcrumb":"<div class=\"aioseo-breadcrumbs\"><span class=\"aioseo-breadcrumb\">\n\t<a href=\"https:\/\/tabaccomd.com\/ro\/\" title=\"\u0413\u043b\u0430\u0432\u043d\u0430\u044f\">\u0413\u043b\u0430\u0432\u043d\u0430\u044f<\/a>\n<\/span><span class=\"aioseo-breadcrumb-separator\">\u00bb<\/span><span class=\"aioseo-breadcrumb\">\n\t<a href=\"https:\/\/tabaccomd.com\/ro\/catalog\/\" title=\"Catalog\">Catalog<\/a>\n<\/span><span class=\"aioseo-breadcrumb-separator\">\u00bb<\/span><span class=\"aioseo-breadcrumb\">\n\t<a href=\"https:\/\/tabaccomd.com\/ro\/product-category\/cafea\/\" title=\"Cafea\">Cafea<\/a>\n<\/span><span class=\"aioseo-breadcrumb-separator\">\u00bb<\/span><span class=\"aioseo-breadcrumb\">\n\t<a href=\"https:\/\/tabaccomd.com\/ro\/product-category\/cafea\/ceai\/\" title=\"Ceai\">Ceai<\/a>\n<\/span><span class=\"aioseo-breadcrumb-separator\">\u00bb<\/span><span class=\"aioseo-breadcrumb\">\n\t<a href=\"https:\/\/tabaccomd.com\/ro\/product-category\/cafea\/ceai\/ceai-kusmi\/\" title=\"Ceai Kusmi\">Ceai Kusmi<\/a>\n<\/span><span class=\"aioseo-breadcrumb-separator\">\u00bb<\/span><span class=\"aioseo-breadcrumb\">\n\tCeai Kusmi French Cancan Tin Bio 100g\n<\/span><\/div>","aioseo_breadcrumb_json":[{"label":"\u0413\u043b\u0430\u0432\u043d\u0430\u044f","link":"https:\/\/tabaccomd.com\/ro\/"},{"label":"Catalog","link":"https:\/\/tabaccomd.com\/ro\/catalog\/"},{"label":"Cafea","link":"https:\/\/tabaccomd.com\/ro\/product-category\/cafea\/"},{"label":"Ceai","link":"https:\/\/tabaccomd.com\/ro\/product-category\/cafea\/ceai\/"},{"label":"Ceai Kusmi","link":"https:\/\/tabaccomd.com\/ro\/product-category\/cafea\/ceai\/ceai-kusmi\/"},{"label":"Ceai Kusmi French Cancan Tin Bio 100g","link":"https:\/\/tabaccomd.com\/ro\/product\/ceai-kusmi-french-cancan-tin-bio-100g\/"}],"images_for_1c":[{"url":"https:\/\/tabaccomd.com\/wp-content\/uploads\/2023\/12\/kusmi-french-cancan.jpg","type":"featured","alt":"\u0427\u0430\u0439 Kusmi French Cancan Tin Bio 100g","filename":"kusmi-french-cancan.jpg"},{"url":"https:\/\/tabaccomd.com\/wp-content\/uploads\/2023\/12\/kusmi-french-cancan-1.jpg","type":"gallery","alt":"kusmi french cancan (1)","filename":"kusmi-french-cancan-1.jpg"}],"additional_data_1c":{"modified_date":"2024-01-15 00:45:56","permalink":"https:\/\/tabaccomd.com\/ro\/product\/ceai-kusmi-french-cancan-tin-bio-100g\/","stock_status":"outofstock","manage_stock":"no"},"_links":{"self":[{"href":"https:\/\/tabaccomd.com\/ro\/wp-json\/wp\/v2\/product\/132195","targetHints":{"allow":["GET"]}}],"collection":[{"href":"https:\/\/tabaccomd.com\/ro\/wp-json\/wp\/v2\/product"}],"about":[{"href":"https:\/\/tabaccomd.com\/ro\/wp-json\/wp\/v2\/types\/product"}],"wp:featuredmedia":[{"embeddable":true,"href":"https:\/\/tabaccomd.com\/ro\/wp-json\/wp\/v2\/media\/132191"}],"wp:attachment":[{"href":"https:\/\/tabaccomd.com\/ro\/wp-json\/wp\/v2\/media?parent=132195"}],"wp:term":[{"taxonomy":"product_brand","embeddable":true,"href":"https:\/\/tabaccomd.com\/ro\/wp-json\/wp\/v2\/product_brand?post=132195"},{"taxonomy":"product_cat","embeddable":true,"href":"https:\/\/tabaccomd.com\/ro\/wp-json\/wp\/v2\/product_cat?post=132195"},{"taxonomy":"product_tag","embeddable":true,"href":"https:\/\/tabaccomd.com\/ro\/wp-json\/wp\/v2\/product_tag?post=132195"}],"curies":[{"name":"wp","href":"https:\/\/api.w.org\/{rel}","templated":true}]}}