{"id":131442,"date":"2023-12-27T18:49:04","date_gmt":"2023-12-27T15:49:04","guid":{"rendered":"https:\/\/tabaccomd.com\/product\/incalzitor-de-maini-reutilizabil-pentru-6-ore-zippo\/"},"modified":"2023-12-27T18:49:04","modified_gmt":"2023-12-27T15:49:04","slug":"incalzitor-de-maini-reutilizabil-pentru-6-ore-zippo","status":"publish","type":"product","link":"https:\/\/tabaccomd.com\/ro\/product\/incalzitor-de-maini-reutilizabil-pentru-6-ore-zippo\/","title":{"rendered":"\u00cenc\u0103lzitor de m\u00e2ini reutilizabil pentru 6 ore Zippo"},"content":{"rendered":"<p>Aceste <a href=\"https:\/\/tabaccomd.com\/ro\/categorie-produs\/brichete\/accesorii-zippo\/\">\u00eenc\u0103lzitoare<\/a> de buzunar compacte \u0219i reutilizabile v\u0103 vor \u021bine de cald de la stadion p\u00e2n\u0103 la tab\u0103r\u0103. Cu p\u00e2n\u0103 la \u0219ase ore de func\u021bionare stabil\u0103, v\u0103 pute\u021bi bucura de distrac\u021bia \u00een aer liber, \u00een timp ce designul lor mic \u0219i elegant, construc\u021bia metalic\u0103 durabil\u0103 \u0219i tehnologia de umplere u\u0219oar\u0103 le fac alegerea ideal\u0103 pentru toate tipurile de activit\u0103\u021bi pe vreme rece. Setul include o pung\u0103 de \u00eenc\u0103lzire \u0219i o cea\u0219c\u0103 pentru umplere.<\/p>\n<p>Pute\u021bi achizi\u021biona \u00eenc\u0103lzitorul de m\u00e2ini reutilizabil pentru 6 ore Zippo \u00een Moldova, Chi\u0219in\u0103u, \u00een re\u021beaua de magazine Tabacco House.<\/p>\n","protected":false},"excerpt":{"rendered":"<ul>\n<li>Material: O\u021bel inoxidabil<\/li>\n<li>Produc\u0103tor: Zippo<\/li>\n<li>Timp de lucru: 6 ore<\/li>\n<li>Include pung\u0103 de \u00eenc\u0103lzire \u0219i can\u0103 de umplere<\/li>\n<li>C\u0103ldur\u0103 f\u0103r\u0103 flac\u0103r\u0103<\/li>\n<\/ul>\n","protected":false},"featured_media":131437,"template":"","meta":{"om_disable_all_campaigns":false,"_monsterinsights_skip_tracking":false,"_monsterinsights_sitenote_active":false,"_monsterinsights_sitenote_note":"","_monsterinsights_sitenote_category":0},"product_brand":[],"product_cat":[390],"product_tag":[],"class_list":{"0":"post-131442","1":"product","2":"type-product","3":"status-publish","4":"has-post-thumbnail","6":"product_cat-accesorii-zippo","8":"first","9":"outofstock","10":"taxable","11":"shipping-taxable","12":"purchasable","13":"product-type-simple"},"aioseo_notices":[],"aioseo_head":"\n\t\t<!-- All in One SEO Pro 4.9.5.2 - aioseo.com -->\n\t<meta name=\"robots\" content=\"max-image-preview:large\" \/>\n\t<link rel=\"canonical\" href=\"https:\/\/tabaccomd.com\/ro\/product\/incalzitor-de-maini-reutilizabil-pentru-6-ore-zippo\/\" \/>\n\t<meta name=\"generator\" content=\"All in One SEO Pro (AIOSEO) 4.9.5.2\" \/>\n\t\t<meta property=\"og:locale\" content=\"ro_RO\" \/>\n\t\t<meta property=\"og:site_name\" content=\"Tabacco House \u2013 \u041c\u0430\u0433\u0430\u0437\u0438\u043d \u0442\u0430\u0431\u0430\u0447\u043d\u044b\u0445 \u0438\u0437\u0434\u0435\u043b\u0438\u0439\" \/>\n\t\t<meta property=\"og:type\" content=\"article\" \/>\n\t\t<meta property=\"og:title\" content=\"\u00cenc\u0103lzitor de m\u00e2ini reutilizabil pentru 6 ore Zippo \u2013 Tabacco House\" \/>\n\t\t<meta property=\"og:url\" content=\"https:\/\/tabaccomd.com\/ro\/product\/incalzitor-de-maini-reutilizabil-pentru-6-ore-zippo\/\" \/>\n\t\t<meta property=\"article:published_time\" content=\"2023-12-27T15:49:04+00:00\" \/>\n\t\t<meta property=\"article:modified_time\" content=\"2023-12-27T15:49:04+00:00\" \/>\n\t\t<meta property=\"article:publisher\" content=\"https:\/\/www.facebook.com\/tabaccomd.com\/\" \/>\n\t\t<meta name=\"twitter:card\" content=\"summary_large_image\" \/>\n\t\t<meta name=\"twitter:title\" content=\"\u00cenc\u0103lzitor de m\u00e2ini reutilizabil pentru 6 ore Zippo \u2013 Tabacco House\" \/>\n\t\t<script type=\"application\/ld+json\" class=\"aioseo-schema\">\n\t\t\t{\"@context\":\"https:\\\/\\\/schema.org\",\"@graph\":[{\"@type\":\"BreadcrumbList\",\"@id\":\"https:\\\/\\\/tabaccomd.com\\\/ro\\\/product\\\/incalzitor-de-maini-reutilizabil-pentru-6-ore-zippo\\\/#breadcrumblist\",\"itemListElement\":[{\"@type\":\"ListItem\",\"@id\":\"https:\\\/\\\/tabaccomd.com\\\/ro\\\/#listItem\",\"position\":1,\"name\":\"\\u0413\\u043b\\u0430\\u0432\\u043d\\u0430\\u044f\",\"item\":\"https:\\\/\\\/tabaccomd.com\\\/ro\\\/\",\"nextItem\":{\"@type\":\"ListItem\",\"@id\":\"https:\\\/\\\/tabaccomd.com\\\/ro\\\/catalog\\\/#listItem\",\"name\":\"Catalog\"}},{\"@type\":\"ListItem\",\"@id\":\"https:\\\/\\\/tabaccomd.com\\\/ro\\\/catalog\\\/#listItem\",\"position\":2,\"name\":\"Catalog\",\"item\":\"https:\\\/\\\/tabaccomd.com\\\/ro\\\/catalog\\\/\",\"nextItem\":{\"@type\":\"ListItem\",\"@id\":\"https:\\\/\\\/tabaccomd.com\\\/ro\\\/product-category\\\/brichete\\\/#listItem\",\"name\":\"Brichete\"},\"previousItem\":{\"@type\":\"ListItem\",\"@id\":\"https:\\\/\\\/tabaccomd.com\\\/ro\\\/#listItem\",\"name\":\"\\u0413\\u043b\\u0430\\u0432\\u043d\\u0430\\u044f\"}},{\"@type\":\"ListItem\",\"@id\":\"https:\\\/\\\/tabaccomd.com\\\/ro\\\/product-category\\\/brichete\\\/#listItem\",\"position\":3,\"name\":\"Brichete\",\"item\":\"https:\\\/\\\/tabaccomd.com\\\/ro\\\/product-category\\\/brichete\\\/\",\"nextItem\":{\"@type\":\"ListItem\",\"@id\":\"https:\\\/\\\/tabaccomd.com\\\/ro\\\/product-category\\\/brichete\\\/accesorii-zippo\\\/#listItem\",\"name\":\"Accesorii\"},\"previousItem\":{\"@type\":\"ListItem\",\"@id\":\"https:\\\/\\\/tabaccomd.com\\\/ro\\\/catalog\\\/#listItem\",\"name\":\"Catalog\"}},{\"@type\":\"ListItem\",\"@id\":\"https:\\\/\\\/tabaccomd.com\\\/ro\\\/product-category\\\/brichete\\\/accesorii-zippo\\\/#listItem\",\"position\":4,\"name\":\"Accesorii\",\"item\":\"https:\\\/\\\/tabaccomd.com\\\/ro\\\/product-category\\\/brichete\\\/accesorii-zippo\\\/\",\"nextItem\":{\"@type\":\"ListItem\",\"@id\":\"https:\\\/\\\/tabaccomd.com\\\/ro\\\/product\\\/incalzitor-de-maini-reutilizabil-pentru-6-ore-zippo\\\/#listItem\",\"name\":\"\\u00cenc\\u0103lzitor de m\\u00e2ini reutilizabil pentru 6 ore Zippo\"},\"previousItem\":{\"@type\":\"ListItem\",\"@id\":\"https:\\\/\\\/tabaccomd.com\\\/ro\\\/product-category\\\/brichete\\\/#listItem\",\"name\":\"Brichete\"}},{\"@type\":\"ListItem\",\"@id\":\"https:\\\/\\\/tabaccomd.com\\\/ro\\\/product\\\/incalzitor-de-maini-reutilizabil-pentru-6-ore-zippo\\\/#listItem\",\"position\":5,\"name\":\"\\u00cenc\\u0103lzitor de m\\u00e2ini reutilizabil pentru 6 ore Zippo\",\"previousItem\":{\"@type\":\"ListItem\",\"@id\":\"https:\\\/\\\/tabaccomd.com\\\/ro\\\/product-category\\\/brichete\\\/accesorii-zippo\\\/#listItem\",\"name\":\"Accesorii\"}}]},{\"@type\":\"Organization\",\"@id\":\"https:\\\/\\\/tabaccomd.com\\\/ro\\\/#organization\",\"name\":\"Tabacco House\",\"description\":\"\\u041c\\u0430\\u0433\\u0430\\u0437\\u0438\\u043d \\u0442\\u0430\\u0431\\u0430\\u0447\\u043d\\u044b\\u0445 \\u0438\\u0437\\u0434\\u0435\\u043b\\u0438\\u0439\",\"url\":\"https:\\\/\\\/tabaccomd.com\\\/ro\\\/\",\"email\":\"Office@cazacuhouse.com\",\"telephone\":\"+37361000935\",\"logo\":{\"@type\":\"ImageObject\",\"url\":\"https:\\\/\\\/tabaccomd.com\\\/wp-content\\\/uploads\\\/2024\\\/02\\\/logo_header3.png\",\"@id\":\"https:\\\/\\\/tabaccomd.com\\\/ro\\\/product\\\/incalzitor-de-maini-reutilizabil-pentru-6-ore-zippo\\\/#organizationLogo\",\"width\":32,\"height\":32,\"caption\":\"Tabacco House\"},\"image\":{\"@id\":\"https:\\\/\\\/tabaccomd.com\\\/ro\\\/product\\\/incalzitor-de-maini-reutilizabil-pentru-6-ore-zippo\\\/#organizationLogo\"},\"sameAs\":[\"https:\\\/\\\/www.facebook.com\\\/tabaccomd.com\\\/\",\"https:\\\/\\\/www.instagram.com\\\/tabaccomd.com\\\/\"],\"address\":{\"@id\":\"https:\\\/\\\/tabaccomd.com\\\/ro\\\/#postaladdress\",\"@type\":\"PostalAddress\",\"streetAddress\":\"Strada Albi\\u015foara 4, Chi\\u0219in\\u0103u, Bulevardul \\u0218tefan cel Mare \\u0219i Sf\\u00eent 136, Chi\\u0219in\\u0103u\",\"addressLocality\":\"Chi\\u0219in\\u0103u\",\"addressCountry\":\"MD\"}},{\"@type\":\"Product\",\"@id\":\"https:\\\/\\\/tabaccomd.com\\\/ro\\\/product\\\/incalzitor-de-maini-reutilizabil-pentru-6-ore-zippo\\\/#wooCommerceProduct\",\"name\":\"\\u00cenc\\u0103lzitor de m\\u00e2ini reutilizabil pentru 6 ore Zippo\",\"description\":\"Material: O\\u021bel inoxidabil\\r\\n \\tProduc\\u0103tor: Zippo\\r\\n \\tTimp de lucru: 6 ore\\r\\n \\tInclude pung\\u0103 de \\u00eenc\\u0103lzire \\u0219i can\\u0103 de umplere\\r\\n \\tC\\u0103ldur\\u0103 f\\u0103r\\u0103 flac\\u0103r\\u0103\",\"url\":\"https:\\\/\\\/tabaccomd.com\\\/ro\\\/product\\\/incalzitor-de-maini-reutilizabil-pentru-6-ore-zippo\\\/\",\"sku\":\"zippo handwarmer 6h\",\"image\":{\"@type\":\"ImageObject\",\"url\":\"https:\\\/\\\/tabaccomd.com\\\/wp-content\\\/uploads\\\/2023\\\/12\\\/Z-SP-Out_HandWarmer6hrRefillable_Chrome_MAIN_2_1024x1024.jpg\",\"@id\":\"https:\\\/\\\/tabaccomd.com\\\/ro\\\/product\\\/incalzitor-de-maini-reutilizabil-pentru-6-ore-zippo\\\/#productImage\",\"width\":950,\"height\":950,\"caption\":\"Z-SP-Out_HandWarmer6hrRefillable_Chrome_MAIN_2_1024x1024\"},\"offers\":{\"@type\":\"Offer\",\"url\":\"https:\\\/\\\/tabaccomd.com\\\/ro\\\/product\\\/incalzitor-de-maini-reutilizabil-pentru-6-ore-zippo\\\/#wooCommerceOffer\",\"price\":470,\"priceCurrency\":\"MDL\",\"category\":\"Accesorii\",\"availability\":\"https:\\\/\\\/schema.org\\\/OutOfStock\",\"priceSpecification\":{\"@type\":\"PriceSpecification\",\"price\":470,\"priceCurrency\":\"MDL\",\"valueAddedTaxIncluded\":\"true\"},\"seller\":{\"@type\":\"Organization\",\"@id\":\"https:\\\/\\\/tabaccomd.com\\\/ro\\\/#organization\"}}},{\"@type\":\"WebPage\",\"@id\":\"https:\\\/\\\/tabaccomd.com\\\/ro\\\/product\\\/incalzitor-de-maini-reutilizabil-pentru-6-ore-zippo\\\/#webpage\",\"url\":\"https:\\\/\\\/tabaccomd.com\\\/ro\\\/product\\\/incalzitor-de-maini-reutilizabil-pentru-6-ore-zippo\\\/\",\"name\":\"\\u00cenc\\u0103lzitor de m\\u00e2ini reutilizabil pentru 6 ore Zippo \\u2013 Tabacco House\",\"inLanguage\":\"ro-RO\",\"isPartOf\":{\"@id\":\"https:\\\/\\\/tabaccomd.com\\\/ro\\\/#website\"},\"breadcrumb\":{\"@id\":\"https:\\\/\\\/tabaccomd.com\\\/ro\\\/product\\\/incalzitor-de-maini-reutilizabil-pentru-6-ore-zippo\\\/#breadcrumblist\"},\"image\":{\"@type\":\"ImageObject\",\"url\":\"https:\\\/\\\/tabaccomd.com\\\/wp-content\\\/uploads\\\/2023\\\/12\\\/Z-SP-Out_HandWarmer6hrRefillable_Chrome_MAIN_2_1024x1024.jpg\",\"@id\":\"https:\\\/\\\/tabaccomd.com\\\/ro\\\/product\\\/incalzitor-de-maini-reutilizabil-pentru-6-ore-zippo\\\/#mainImage\",\"width\":950,\"height\":950,\"caption\":\"Z-SP-Out_HandWarmer6hrRefillable_Chrome_MAIN_2_1024x1024\"},\"primaryImageOfPage\":{\"@id\":\"https:\\\/\\\/tabaccomd.com\\\/ro\\\/product\\\/incalzitor-de-maini-reutilizabil-pentru-6-ore-zippo\\\/#mainImage\"},\"datePublished\":\"2023-12-27T18:49:04+03:00\",\"dateModified\":\"2023-12-27T18:49:04+03:00\"},{\"@type\":\"WebSite\",\"@id\":\"https:\\\/\\\/tabaccomd.com\\\/ro\\\/#website\",\"url\":\"https:\\\/\\\/tabaccomd.com\\\/ro\\\/\",\"name\":\"Tabacco House\",\"alternateName\":\"tobaccomd.com\",\"description\":\"\\u041c\\u0430\\u0433\\u0430\\u0437\\u0438\\u043d \\u0442\\u0430\\u0431\\u0430\\u0447\\u043d\\u044b\\u0445 \\u0438\\u0437\\u0434\\u0435\\u043b\\u0438\\u0439\",\"inLanguage\":\"ro-RO\",\"publisher\":{\"@id\":\"https:\\\/\\\/tabaccomd.com\\\/ro\\\/#organization\"}}]}\n\t\t<\/script>\n\t\t<!-- All in One SEO Pro -->\r\n\t\t<title>\u00cenc\u0103lzitor de m\u00e2ini reutilizabil pentru 6 ore Zippo \u2013 Tabacco House<\/title>\n\n","aioseo_head_json":{"title":"\u00cenc\u0103lzitor de m\u00e2ini reutilizabil pentru 6 ore Zippo \u2013 Tabacco House","description":"","canonical_url":"https:\/\/tabaccomd.com\/ro\/product\/incalzitor-de-maini-reutilizabil-pentru-6-ore-zippo\/","robots":"max-image-preview:large","keywords":"","webmasterTools":{"miscellaneous":""},"schema":{"@context":"https:\/\/schema.org","@graph":[{"@type":"BreadcrumbList","@id":"https:\/\/tabaccomd.com\/ro\/product\/incalzitor-de-maini-reutilizabil-pentru-6-ore-zippo\/#breadcrumblist","itemListElement":[{"@type":"ListItem","@id":"https:\/\/tabaccomd.com\/ro\/#listItem","position":1,"name":"\u0413\u043b\u0430\u0432\u043d\u0430\u044f","item":"https:\/\/tabaccomd.com\/ro\/","nextItem":{"@type":"ListItem","@id":"https:\/\/tabaccomd.com\/ro\/catalog\/#listItem","name":"Catalog"}},{"@type":"ListItem","@id":"https:\/\/tabaccomd.com\/ro\/catalog\/#listItem","position":2,"name":"Catalog","item":"https:\/\/tabaccomd.com\/ro\/catalog\/","nextItem":{"@type":"ListItem","@id":"https:\/\/tabaccomd.com\/ro\/product-category\/brichete\/#listItem","name":"Brichete"},"previousItem":{"@type":"ListItem","@id":"https:\/\/tabaccomd.com\/ro\/#listItem","name":"\u0413\u043b\u0430\u0432\u043d\u0430\u044f"}},{"@type":"ListItem","@id":"https:\/\/tabaccomd.com\/ro\/product-category\/brichete\/#listItem","position":3,"name":"Brichete","item":"https:\/\/tabaccomd.com\/ro\/product-category\/brichete\/","nextItem":{"@type":"ListItem","@id":"https:\/\/tabaccomd.com\/ro\/product-category\/brichete\/accesorii-zippo\/#listItem","name":"Accesorii"},"previousItem":{"@type":"ListItem","@id":"https:\/\/tabaccomd.com\/ro\/catalog\/#listItem","name":"Catalog"}},{"@type":"ListItem","@id":"https:\/\/tabaccomd.com\/ro\/product-category\/brichete\/accesorii-zippo\/#listItem","position":4,"name":"Accesorii","item":"https:\/\/tabaccomd.com\/ro\/product-category\/brichete\/accesorii-zippo\/","nextItem":{"@type":"ListItem","@id":"https:\/\/tabaccomd.com\/ro\/product\/incalzitor-de-maini-reutilizabil-pentru-6-ore-zippo\/#listItem","name":"\u00cenc\u0103lzitor de m\u00e2ini reutilizabil pentru 6 ore Zippo"},"previousItem":{"@type":"ListItem","@id":"https:\/\/tabaccomd.com\/ro\/product-category\/brichete\/#listItem","name":"Brichete"}},{"@type":"ListItem","@id":"https:\/\/tabaccomd.com\/ro\/product\/incalzitor-de-maini-reutilizabil-pentru-6-ore-zippo\/#listItem","position":5,"name":"\u00cenc\u0103lzitor de m\u00e2ini reutilizabil pentru 6 ore Zippo","previousItem":{"@type":"ListItem","@id":"https:\/\/tabaccomd.com\/ro\/product-category\/brichete\/accesorii-zippo\/#listItem","name":"Accesorii"}}]},{"@type":"Organization","@id":"https:\/\/tabaccomd.com\/ro\/#organization","name":"Tabacco House","description":"\u041c\u0430\u0433\u0430\u0437\u0438\u043d \u0442\u0430\u0431\u0430\u0447\u043d\u044b\u0445 \u0438\u0437\u0434\u0435\u043b\u0438\u0439","url":"https:\/\/tabaccomd.com\/ro\/","email":"Office@cazacuhouse.com","telephone":"+37361000935","logo":{"@type":"ImageObject","url":"https:\/\/tabaccomd.com\/wp-content\/uploads\/2024\/02\/logo_header3.png","@id":"https:\/\/tabaccomd.com\/ro\/product\/incalzitor-de-maini-reutilizabil-pentru-6-ore-zippo\/#organizationLogo","width":32,"height":32,"caption":"Tabacco House"},"image":{"@id":"https:\/\/tabaccomd.com\/ro\/product\/incalzitor-de-maini-reutilizabil-pentru-6-ore-zippo\/#organizationLogo"},"sameAs":["https:\/\/www.facebook.com\/tabaccomd.com\/","https:\/\/www.instagram.com\/tabaccomd.com\/"],"address":{"@id":"https:\/\/tabaccomd.com\/ro\/#postaladdress","@type":"PostalAddress","streetAddress":"Strada Albi\u015foara 4, Chi\u0219in\u0103u, Bulevardul \u0218tefan cel Mare \u0219i Sf\u00eent 136, Chi\u0219in\u0103u","addressLocality":"Chi\u0219in\u0103u","addressCountry":"MD"}},{"@type":"Product","@id":"https:\/\/tabaccomd.com\/ro\/product\/incalzitor-de-maini-reutilizabil-pentru-6-ore-zippo\/#wooCommerceProduct","name":"\u00cenc\u0103lzitor de m\u00e2ini reutilizabil pentru 6 ore Zippo","description":"Material: O\u021bel inoxidabil\r\n \tProduc\u0103tor: Zippo\r\n \tTimp de lucru: 6 ore\r\n \tInclude pung\u0103 de \u00eenc\u0103lzire \u0219i can\u0103 de umplere\r\n \tC\u0103ldur\u0103 f\u0103r\u0103 flac\u0103r\u0103","url":"https:\/\/tabaccomd.com\/ro\/product\/incalzitor-de-maini-reutilizabil-pentru-6-ore-zippo\/","sku":"zippo handwarmer 6h","image":{"@type":"ImageObject","url":"https:\/\/tabaccomd.com\/wp-content\/uploads\/2023\/12\/Z-SP-Out_HandWarmer6hrRefillable_Chrome_MAIN_2_1024x1024.jpg","@id":"https:\/\/tabaccomd.com\/ro\/product\/incalzitor-de-maini-reutilizabil-pentru-6-ore-zippo\/#productImage","width":950,"height":950,"caption":"Z-SP-Out_HandWarmer6hrRefillable_Chrome_MAIN_2_1024x1024"},"offers":{"@type":"Offer","url":"https:\/\/tabaccomd.com\/ro\/product\/incalzitor-de-maini-reutilizabil-pentru-6-ore-zippo\/#wooCommerceOffer","price":470,"priceCurrency":"MDL","category":"Accesorii","availability":"https:\/\/schema.org\/OutOfStock","priceSpecification":{"@type":"PriceSpecification","price":470,"priceCurrency":"MDL","valueAddedTaxIncluded":"true"},"seller":{"@type":"Organization","@id":"https:\/\/tabaccomd.com\/ro\/#organization"}}},{"@type":"WebPage","@id":"https:\/\/tabaccomd.com\/ro\/product\/incalzitor-de-maini-reutilizabil-pentru-6-ore-zippo\/#webpage","url":"https:\/\/tabaccomd.com\/ro\/product\/incalzitor-de-maini-reutilizabil-pentru-6-ore-zippo\/","name":"\u00cenc\u0103lzitor de m\u00e2ini reutilizabil pentru 6 ore Zippo \u2013 Tabacco House","inLanguage":"ro-RO","isPartOf":{"@id":"https:\/\/tabaccomd.com\/ro\/#website"},"breadcrumb":{"@id":"https:\/\/tabaccomd.com\/ro\/product\/incalzitor-de-maini-reutilizabil-pentru-6-ore-zippo\/#breadcrumblist"},"image":{"@type":"ImageObject","url":"https:\/\/tabaccomd.com\/wp-content\/uploads\/2023\/12\/Z-SP-Out_HandWarmer6hrRefillable_Chrome_MAIN_2_1024x1024.jpg","@id":"https:\/\/tabaccomd.com\/ro\/product\/incalzitor-de-maini-reutilizabil-pentru-6-ore-zippo\/#mainImage","width":950,"height":950,"caption":"Z-SP-Out_HandWarmer6hrRefillable_Chrome_MAIN_2_1024x1024"},"primaryImageOfPage":{"@id":"https:\/\/tabaccomd.com\/ro\/product\/incalzitor-de-maini-reutilizabil-pentru-6-ore-zippo\/#mainImage"},"datePublished":"2023-12-27T18:49:04+03:00","dateModified":"2023-12-27T18:49:04+03:00"},{"@type":"WebSite","@id":"https:\/\/tabaccomd.com\/ro\/#website","url":"https:\/\/tabaccomd.com\/ro\/","name":"Tabacco House","alternateName":"tobaccomd.com","description":"\u041c\u0430\u0433\u0430\u0437\u0438\u043d \u0442\u0430\u0431\u0430\u0447\u043d\u044b\u0445 \u0438\u0437\u0434\u0435\u043b\u0438\u0439","inLanguage":"ro-RO","publisher":{"@id":"https:\/\/tabaccomd.com\/ro\/#organization"}}]},"og:locale":"ro_RO","og:site_name":"Tabacco House \u2013 \u041c\u0430\u0433\u0430\u0437\u0438\u043d \u0442\u0430\u0431\u0430\u0447\u043d\u044b\u0445 \u0438\u0437\u0434\u0435\u043b\u0438\u0439","og:type":"article","og:title":"\u00cenc\u0103lzitor de m\u00e2ini reutilizabil pentru 6 ore Zippo \u2013 Tabacco House","og:url":"https:\/\/tabaccomd.com\/ro\/product\/incalzitor-de-maini-reutilizabil-pentru-6-ore-zippo\/","article:published_time":"2023-12-27T15:49:04+00:00","article:modified_time":"2023-12-27T15:49:04+00:00","article:publisher":"https:\/\/www.facebook.com\/tabaccomd.com\/","twitter:card":"summary_large_image","twitter:title":"\u00cenc\u0103lzitor de m\u00e2ini reutilizabil pentru 6 ore Zippo \u2013 Tabacco House"},"aioseo_meta_data":{"post_id":"131442","title":null,"description":null,"keywords":null,"keyphrases":null,"primary_term":null,"canonical_url":null,"og_title":null,"og_description":null,"og_object_type":"default","og_image_type":"default","og_image_url":null,"og_image_width":null,"og_image_height":null,"og_image_custom_url":null,"og_image_custom_fields":null,"og_video":null,"og_custom_url":null,"og_article_section":null,"og_article_tags":null,"twitter_use_og":false,"twitter_card":"default","twitter_image_type":"default","twitter_image_url":null,"twitter_image_custom_url":null,"twitter_image_custom_fields":null,"twitter_title":null,"twitter_description":null,"schema":{"blockGraphs":[],"customGraphs":[],"default":{"data":{"Article":[],"Course":[],"Dataset":[],"FAQPage":[],"Movie":[],"Person":[],"Product":[],"ProductReview":[],"Car":[],"Recipe":[],"Service":[],"SoftwareApplication":[],"WebPage":[]},"graphName":"","isEnabled":true},"graphs":[]},"schema_type":"default","schema_type_options":null,"pillar_content":false,"robots_default":true,"robots_noindex":false,"robots_noarchive":false,"robots_nosnippet":false,"robots_nofollow":false,"robots_noimageindex":false,"robots_noodp":false,"robots_notranslate":false,"robots_max_snippet":null,"robots_max_videopreview":null,"robots_max_imagepreview":"large","priority":null,"frequency":null,"local_seo":null,"seo_analyzer_scan_date":"2025-10-20 16:14:23","breadcrumb_settings":null,"limit_modified_date":false,"reviewed_by":null,"open_ai":null,"ai":null,"created":"2023-12-27 15:55:22","updated":"2025-10-20 16:14:23"},"aioseo_breadcrumb":"<div class=\"aioseo-breadcrumbs\"><span class=\"aioseo-breadcrumb\">\n\t<a href=\"https:\/\/tabaccomd.com\/ro\/\" title=\"\u0413\u043b\u0430\u0432\u043d\u0430\u044f\">\u0413\u043b\u0430\u0432\u043d\u0430\u044f<\/a>\n<\/span><span class=\"aioseo-breadcrumb-separator\">\u00bb<\/span><span class=\"aioseo-breadcrumb\">\n\t<a href=\"https:\/\/tabaccomd.com\/ro\/catalog\/\" title=\"Catalog\">Catalog<\/a>\n<\/span><span class=\"aioseo-breadcrumb-separator\">\u00bb<\/span><span class=\"aioseo-breadcrumb\">\n\t<a href=\"https:\/\/tabaccomd.com\/ro\/product-category\/brichete\/\" title=\"Brichete\">Brichete<\/a>\n<\/span><span class=\"aioseo-breadcrumb-separator\">\u00bb<\/span><span class=\"aioseo-breadcrumb\">\n\t<a href=\"https:\/\/tabaccomd.com\/ro\/product-category\/brichete\/accesorii-zippo\/\" title=\"Accesorii\">Accesorii<\/a>\n<\/span><span class=\"aioseo-breadcrumb-separator\">\u00bb<\/span><span class=\"aioseo-breadcrumb\">\n\t\u00cenc\u0103lzitor de m\u00e2ini reutilizabil pentru 6 ore Zippo\n<\/span><\/div>","aioseo_breadcrumb_json":[{"label":"\u0413\u043b\u0430\u0432\u043d\u0430\u044f","link":"https:\/\/tabaccomd.com\/ro\/"},{"label":"Catalog","link":"https:\/\/tabaccomd.com\/ro\/catalog\/"},{"label":"Brichete","link":"https:\/\/tabaccomd.com\/ro\/product-category\/brichete\/"},{"label":"Accesorii","link":"https:\/\/tabaccomd.com\/ro\/product-category\/brichete\/accesorii-zippo\/"},{"label":"\u00cenc\u0103lzitor de m\u00e2ini reutilizabil pentru 6 ore Zippo","link":"https:\/\/tabaccomd.com\/ro\/product\/incalzitor-de-maini-reutilizabil-pentru-6-ore-zippo\/"}],"images_for_1c":[{"url":"https:\/\/tabaccomd.com\/wp-content\/uploads\/2023\/12\/Z-SP-Out_HandWarmer6hrRefillable_Chrome_MAIN_2_1024x1024.jpg","type":"featured","alt":"Z-SP-Out_HandWarmer6hrRefillable_Chrome_MAIN_2_1024x1024","filename":"Z-SP-Out_HandWarmer6hrRefillable_Chrome_MAIN_2_1024x1024.jpg"},{"url":"https:\/\/tabaccomd.com\/wp-content\/uploads\/2023\/12\/chrome_hw_5c7d6697-f696-40fb-abd1-1dcbe1835804_1024x1024.jpg","type":"gallery","alt":"chrome_hw_5c7d6697-f696-40fb-abd1-1dcbe1835804_1024x1024","filename":"chrome_hw_5c7d6697-f696-40fb-abd1-1dcbe1835804_1024x1024.jpg"},{"url":"https:\/\/tabaccomd.com\/wp-content\/uploads\/2023\/12\/pouch_d89468f2-f7d3-4f0c-a4f7-77cec3dcf7b1_1024x1024.jpg","type":"gallery","alt":"pouch_d89468f2-f7d3-4f0c-a4f7-77cec3dcf7b1_1024x1024","filename":"pouch_d89468f2-f7d3-4f0c-a4f7-77cec3dcf7b1_1024x1024.jpg"}],"additional_data_1c":{"modified_date":"2023-12-27 18:49:04","permalink":"https:\/\/tabaccomd.com\/ro\/product\/incalzitor-de-maini-reutilizabil-pentru-6-ore-zippo\/","stock_status":"outofstock","manage_stock":"no"},"_links":{"self":[{"href":"https:\/\/tabaccomd.com\/ro\/wp-json\/wp\/v2\/product\/131442","targetHints":{"allow":["GET"]}}],"collection":[{"href":"https:\/\/tabaccomd.com\/ro\/wp-json\/wp\/v2\/product"}],"about":[{"href":"https:\/\/tabaccomd.com\/ro\/wp-json\/wp\/v2\/types\/product"}],"wp:featuredmedia":[{"embeddable":true,"href":"https:\/\/tabaccomd.com\/ro\/wp-json\/wp\/v2\/media\/131437"}],"wp:attachment":[{"href":"https:\/\/tabaccomd.com\/ro\/wp-json\/wp\/v2\/media?parent=131442"}],"wp:term":[{"taxonomy":"product_brand","embeddable":true,"href":"https:\/\/tabaccomd.com\/ro\/wp-json\/wp\/v2\/product_brand?post=131442"},{"taxonomy":"product_cat","embeddable":true,"href":"https:\/\/tabaccomd.com\/ro\/wp-json\/wp\/v2\/product_cat?post=131442"},{"taxonomy":"product_tag","embeddable":true,"href":"https:\/\/tabaccomd.com\/ro\/wp-json\/wp\/v2\/product_tag?post=131442"}],"curies":[{"name":"wp","href":"https:\/\/api.w.org\/{rel}","templated":true}]}}