{"id":131421,"date":"2025-02-08T15:53:37","date_gmt":"2025-02-08T12:53:37","guid":{"rendered":"https:\/\/tabaccomd.com\/product\/bricheta-electrica-a33708\/"},"modified":"2025-03-19T14:51:33","modified_gmt":"2025-03-19T11:51:33","slug":"bricheta-electrica-a33708","status":"publish","type":"product","link":"https:\/\/tabaccomd.com\/ro\/product\/bricheta-electrica-a33708\/","title":{"rendered":"Brichet\u0103 electric\u0103 Jack Daniel&#8217;s A33708U2"},"content":{"rendered":"<p><a href=\"https:\/\/tabaccomd.com\/ro\/categorie-produs\/brichete\/brichete-electrice\/\">Bricheta<\/a> electric\u0103 nu ofer\u0103 doar func\u021bia de aprindere, ci este echipat\u0103 \u0219i cu o lamp\u0103 puternic\u0103 cu diod\u0103. Pur \u0219i simplu \u00eenchide\u021bi capacul \u0219i aprinde\u021bi lampa LED folosind butonul. Aceast\u0103 brichet\u0103 USB cu LED este ideal\u0103 pentru utilizare \u00een aer liber, gr\u0103tar, supravie\u021buire, camping \u0219i pescuit. Este rezistent la ap\u0103 \u0219i v\u00e2nt, cu performan\u021be ridicate de impermeabilitate. O desc\u0103rcare puternic\u0103 a impulsurilor asigur\u0103 o aprindere fiabil\u0103 chiar \u0219i \u00een condi\u021bii de v\u00e2nt puternic sau ploaie. Aceast\u0103 brichet\u0103 economic\u0103 \u0219i ecologic\u0103, cu o baterie re\u00eenc\u0103rcabil\u0103 \u00eencorporat\u0103, nu necesit\u0103 gaz sau butan, oferind economii de bani \u0219i confort. Cu utilizare multifunc\u021bional\u0103, este ideal pentru activit\u0103\u021bi \u00een aer liber \u0219i pentru utilizarea de zi cu zi, f\u0103c\u00e2ndu-l un cadou grozav pentru prieteni \u0219i familie.<\/p>\n<p>Pute\u021bi achizi\u021biona bricheta electric\u0103 Jack Daniel&#8217;s A33708U2 \u00een Moldova, Chi\u0219in\u0103u, \u00een re\u021beaua de magazine Tabacco House.<\/p>\n","protected":false},"excerpt":{"rendered":"<ul>\n<li>Tip: Electric\u0103<\/li>\n<li>\u00cen set cu mu\u0219tiuc<\/li>\n<li>Material: Plastic<\/li>\n<li>\u021aara de origine: China<\/li>\n<li>Produc\u0103tor: Promise<\/li>\n<li>\u00cenc\u0103rc\u0103tor USB inclus<\/li>\n<\/ul>\n","protected":false},"featured_media":147984,"template":"","meta":{"om_disable_all_campaigns":false,"_monsterinsights_skip_tracking":false,"_monsterinsights_sitenote_active":false,"_monsterinsights_sitenote_note":"","_monsterinsights_sitenote_category":0},"product_brand":[],"product_cat":[402],"product_tag":[],"class_list":{"0":"post-131421","1":"product","2":"type-product","3":"status-publish","4":"has-post-thumbnail","6":"product_cat-brichete-electrice","8":"first","9":"outofstock","10":"taxable","11":"shipping-taxable","12":"purchasable","13":"product-type-simple"},"aioseo_notices":[],"aioseo_head":"\n\t\t<!-- All in One SEO Pro 4.9.5.2 - aioseo.com -->\n\t<meta name=\"robots\" content=\"max-image-preview:large\" \/>\n\t<link rel=\"canonical\" href=\"https:\/\/tabaccomd.com\/ro\/product\/bricheta-electrica-a33708\/\" \/>\n\t<meta name=\"generator\" content=\"All in One SEO Pro (AIOSEO) 4.9.5.2\" \/>\n\t\t<meta property=\"og:locale\" content=\"ro_RO\" \/>\n\t\t<meta property=\"og:site_name\" content=\"Tabacco House \u2013 \u041c\u0430\u0433\u0430\u0437\u0438\u043d \u0442\u0430\u0431\u0430\u0447\u043d\u044b\u0445 \u0438\u0437\u0434\u0435\u043b\u0438\u0439\" \/>\n\t\t<meta property=\"og:type\" content=\"article\" \/>\n\t\t<meta property=\"og:title\" content=\"Brichet\u0103 electric\u0103 Jack Daniel\u2019s A33708U2 \u2013 Tabacco House\" \/>\n\t\t<meta property=\"og:url\" content=\"https:\/\/tabaccomd.com\/ro\/product\/bricheta-electrica-a33708\/\" \/>\n\t\t<meta property=\"article:published_time\" content=\"2025-02-08T12:53:37+00:00\" \/>\n\t\t<meta property=\"article:modified_time\" content=\"2025-03-19T11:51:33+00:00\" \/>\n\t\t<meta property=\"article:publisher\" content=\"https:\/\/www.facebook.com\/tabaccomd.com\/\" \/>\n\t\t<meta name=\"twitter:card\" content=\"summary_large_image\" \/>\n\t\t<meta name=\"twitter:title\" content=\"Brichet\u0103 electric\u0103 Jack Daniel\u2019s A33708U2 \u2013 Tabacco House\" \/>\n\t\t<script type=\"application\/ld+json\" class=\"aioseo-schema\">\n\t\t\t{\"@context\":\"https:\\\/\\\/schema.org\",\"@graph\":[{\"@type\":\"BreadcrumbList\",\"@id\":\"https:\\\/\\\/tabaccomd.com\\\/ro\\\/product\\\/bricheta-electrica-a33708\\\/#breadcrumblist\",\"itemListElement\":[{\"@type\":\"ListItem\",\"@id\":\"https:\\\/\\\/tabaccomd.com\\\/ro\\\/#listItem\",\"position\":1,\"name\":\"\\u0413\\u043b\\u0430\\u0432\\u043d\\u0430\\u044f\",\"item\":\"https:\\\/\\\/tabaccomd.com\\\/ro\\\/\",\"nextItem\":{\"@type\":\"ListItem\",\"@id\":\"https:\\\/\\\/tabaccomd.com\\\/ro\\\/catalog\\\/#listItem\",\"name\":\"Catalog\"}},{\"@type\":\"ListItem\",\"@id\":\"https:\\\/\\\/tabaccomd.com\\\/ro\\\/catalog\\\/#listItem\",\"position\":2,\"name\":\"Catalog\",\"item\":\"https:\\\/\\\/tabaccomd.com\\\/ro\\\/catalog\\\/\",\"nextItem\":{\"@type\":\"ListItem\",\"@id\":\"https:\\\/\\\/tabaccomd.com\\\/ro\\\/product-category\\\/brichete\\\/#listItem\",\"name\":\"Brichete\"},\"previousItem\":{\"@type\":\"ListItem\",\"@id\":\"https:\\\/\\\/tabaccomd.com\\\/ro\\\/#listItem\",\"name\":\"\\u0413\\u043b\\u0430\\u0432\\u043d\\u0430\\u044f\"}},{\"@type\":\"ListItem\",\"@id\":\"https:\\\/\\\/tabaccomd.com\\\/ro\\\/product-category\\\/brichete\\\/#listItem\",\"position\":3,\"name\":\"Brichete\",\"item\":\"https:\\\/\\\/tabaccomd.com\\\/ro\\\/product-category\\\/brichete\\\/\",\"nextItem\":{\"@type\":\"ListItem\",\"@id\":\"https:\\\/\\\/tabaccomd.com\\\/ro\\\/product-category\\\/brichete\\\/brichete-electrice\\\/#listItem\",\"name\":\"Brichete electrice\"},\"previousItem\":{\"@type\":\"ListItem\",\"@id\":\"https:\\\/\\\/tabaccomd.com\\\/ro\\\/catalog\\\/#listItem\",\"name\":\"Catalog\"}},{\"@type\":\"ListItem\",\"@id\":\"https:\\\/\\\/tabaccomd.com\\\/ro\\\/product-category\\\/brichete\\\/brichete-electrice\\\/#listItem\",\"position\":4,\"name\":\"Brichete electrice\",\"item\":\"https:\\\/\\\/tabaccomd.com\\\/ro\\\/product-category\\\/brichete\\\/brichete-electrice\\\/\",\"nextItem\":{\"@type\":\"ListItem\",\"@id\":\"https:\\\/\\\/tabaccomd.com\\\/ro\\\/product\\\/bricheta-electrica-a33708\\\/#listItem\",\"name\":\"Brichet\\u0103 electric\\u0103 Jack Daniel&#8217;s A33708U2\"},\"previousItem\":{\"@type\":\"ListItem\",\"@id\":\"https:\\\/\\\/tabaccomd.com\\\/ro\\\/product-category\\\/brichete\\\/#listItem\",\"name\":\"Brichete\"}},{\"@type\":\"ListItem\",\"@id\":\"https:\\\/\\\/tabaccomd.com\\\/ro\\\/product\\\/bricheta-electrica-a33708\\\/#listItem\",\"position\":5,\"name\":\"Brichet\\u0103 electric\\u0103 Jack Daniel&#8217;s A33708U2\",\"previousItem\":{\"@type\":\"ListItem\",\"@id\":\"https:\\\/\\\/tabaccomd.com\\\/ro\\\/product-category\\\/brichete\\\/brichete-electrice\\\/#listItem\",\"name\":\"Brichete electrice\"}}]},{\"@type\":\"Organization\",\"@id\":\"https:\\\/\\\/tabaccomd.com\\\/ro\\\/#organization\",\"name\":\"Tabacco House\",\"description\":\"\\u041c\\u0430\\u0433\\u0430\\u0437\\u0438\\u043d \\u0442\\u0430\\u0431\\u0430\\u0447\\u043d\\u044b\\u0445 \\u0438\\u0437\\u0434\\u0435\\u043b\\u0438\\u0439\",\"url\":\"https:\\\/\\\/tabaccomd.com\\\/ro\\\/\",\"email\":\"Office@cazacuhouse.com\",\"telephone\":\"+37361000935\",\"logo\":{\"@type\":\"ImageObject\",\"url\":\"https:\\\/\\\/tabaccomd.com\\\/wp-content\\\/uploads\\\/2024\\\/02\\\/logo_header3.png\",\"@id\":\"https:\\\/\\\/tabaccomd.com\\\/ro\\\/product\\\/bricheta-electrica-a33708\\\/#organizationLogo\",\"width\":32,\"height\":32,\"caption\":\"Tabacco House\"},\"image\":{\"@id\":\"https:\\\/\\\/tabaccomd.com\\\/ro\\\/product\\\/bricheta-electrica-a33708\\\/#organizationLogo\"},\"sameAs\":[\"https:\\\/\\\/www.facebook.com\\\/tabaccomd.com\\\/\",\"https:\\\/\\\/www.instagram.com\\\/tabaccomd.com\\\/\"],\"address\":{\"@id\":\"https:\\\/\\\/tabaccomd.com\\\/ro\\\/#postaladdress\",\"@type\":\"PostalAddress\",\"streetAddress\":\"Strada Albi\\u015foara 4, Chi\\u0219in\\u0103u, Bulevardul \\u0218tefan cel Mare \\u0219i Sf\\u00eent 136, Chi\\u0219in\\u0103u\",\"addressLocality\":\"Chi\\u0219in\\u0103u\",\"addressCountry\":\"MD\"}},{\"@type\":\"Product\",\"@id\":\"https:\\\/\\\/tabaccomd.com\\\/ro\\\/product\\\/bricheta-electrica-a33708\\\/#wooCommerceProduct\",\"name\":\"Brichet\\u0103 electric\\u0103 Jack Daniel's A33708U2\",\"description\":\"Tip: Electric\\u0103\\r\\n \\t\\u00cen set cu mu\\u0219tiuc\\r\\n \\tMaterial: Plastic\\r\\n \\t\\u021aara de origine: China\\r\\n \\tProduc\\u0103tor: Promise\\r\\n \\t\\u00cenc\\u0103rc\\u0103tor USB inclus\",\"url\":\"https:\\\/\\\/tabaccomd.com\\\/ro\\\/product\\\/bricheta-electrica-a33708\\\/\",\"sku\":\"A33708U2\",\"image\":{\"@type\":\"ImageObject\",\"url\":\"https:\\\/\\\/tabaccomd.com\\\/wp-content\\\/uploads\\\/2025\\\/02\\\/Bricheta-electrica-Jack-Daniels-A33708U2-2.jpg\",\"@id\":\"https:\\\/\\\/tabaccomd.com\\\/ro\\\/product\\\/bricheta-electrica-a33708\\\/#productImage\",\"width\":1200,\"height\":1200,\"caption\":\"Brichet\\u0103-electric\\u0103-Jack-Daniels-A33708U2-2\"},\"offers\":{\"@type\":\"Offer\",\"url\":\"https:\\\/\\\/tabaccomd.com\\\/ro\\\/product\\\/bricheta-electrica-a33708\\\/#wooCommerceOffer\",\"price\":410,\"priceCurrency\":\"MDL\",\"category\":\"Brichete electrice\",\"availability\":\"https:\\\/\\\/schema.org\\\/OutOfStock\",\"priceSpecification\":{\"@type\":\"PriceSpecification\",\"price\":410,\"priceCurrency\":\"MDL\",\"valueAddedTaxIncluded\":\"true\"},\"seller\":{\"@type\":\"Organization\",\"@id\":\"https:\\\/\\\/tabaccomd.com\\\/ro\\\/#organization\"}}},{\"@type\":\"WebPage\",\"@id\":\"https:\\\/\\\/tabaccomd.com\\\/ro\\\/product\\\/bricheta-electrica-a33708\\\/#webpage\",\"url\":\"https:\\\/\\\/tabaccomd.com\\\/ro\\\/product\\\/bricheta-electrica-a33708\\\/\",\"name\":\"Brichet\\u0103 electric\\u0103 Jack Daniel\\u2019s A33708U2 \\u2013 Tabacco House\",\"inLanguage\":\"ro-RO\",\"isPartOf\":{\"@id\":\"https:\\\/\\\/tabaccomd.com\\\/ro\\\/#website\"},\"breadcrumb\":{\"@id\":\"https:\\\/\\\/tabaccomd.com\\\/ro\\\/product\\\/bricheta-electrica-a33708\\\/#breadcrumblist\"},\"image\":{\"@type\":\"ImageObject\",\"url\":\"https:\\\/\\\/tabaccomd.com\\\/wp-content\\\/uploads\\\/2025\\\/02\\\/Bricheta-electrica-Jack-Daniels-A33708U2-2.jpg\",\"@id\":\"https:\\\/\\\/tabaccomd.com\\\/ro\\\/product\\\/bricheta-electrica-a33708\\\/#mainImage\",\"width\":1200,\"height\":1200,\"caption\":\"Brichet\\u0103-electric\\u0103-Jack-Daniels-A33708U2-2\"},\"primaryImageOfPage\":{\"@id\":\"https:\\\/\\\/tabaccomd.com\\\/ro\\\/product\\\/bricheta-electrica-a33708\\\/#mainImage\"},\"datePublished\":\"2025-02-08T15:53:37+03:00\",\"dateModified\":\"2025-03-19T14:51:33+03:00\"},{\"@type\":\"WebSite\",\"@id\":\"https:\\\/\\\/tabaccomd.com\\\/ro\\\/#website\",\"url\":\"https:\\\/\\\/tabaccomd.com\\\/ro\\\/\",\"name\":\"Tabacco House\",\"alternateName\":\"tobaccomd.com\",\"description\":\"\\u041c\\u0430\\u0433\\u0430\\u0437\\u0438\\u043d \\u0442\\u0430\\u0431\\u0430\\u0447\\u043d\\u044b\\u0445 \\u0438\\u0437\\u0434\\u0435\\u043b\\u0438\\u0439\",\"inLanguage\":\"ro-RO\",\"publisher\":{\"@id\":\"https:\\\/\\\/tabaccomd.com\\\/ro\\\/#organization\"}}]}\n\t\t<\/script>\n\t\t<!-- All in One SEO Pro -->\r\n\t\t<title>Brichet\u0103 electric\u0103 Jack Daniel\u2019s A33708U2 \u2013 Tabacco House<\/title>\n\n","aioseo_head_json":{"title":"Brichet\u0103 electric\u0103 Jack Daniel\u2019s A33708U2 \u2013 Tabacco House","description":"","canonical_url":"https:\/\/tabaccomd.com\/ro\/product\/bricheta-electrica-a33708\/","robots":"max-image-preview:large","keywords":"","webmasterTools":{"miscellaneous":""},"schema":{"@context":"https:\/\/schema.org","@graph":[{"@type":"BreadcrumbList","@id":"https:\/\/tabaccomd.com\/ro\/product\/bricheta-electrica-a33708\/#breadcrumblist","itemListElement":[{"@type":"ListItem","@id":"https:\/\/tabaccomd.com\/ro\/#listItem","position":1,"name":"\u0413\u043b\u0430\u0432\u043d\u0430\u044f","item":"https:\/\/tabaccomd.com\/ro\/","nextItem":{"@type":"ListItem","@id":"https:\/\/tabaccomd.com\/ro\/catalog\/#listItem","name":"Catalog"}},{"@type":"ListItem","@id":"https:\/\/tabaccomd.com\/ro\/catalog\/#listItem","position":2,"name":"Catalog","item":"https:\/\/tabaccomd.com\/ro\/catalog\/","nextItem":{"@type":"ListItem","@id":"https:\/\/tabaccomd.com\/ro\/product-category\/brichete\/#listItem","name":"Brichete"},"previousItem":{"@type":"ListItem","@id":"https:\/\/tabaccomd.com\/ro\/#listItem","name":"\u0413\u043b\u0430\u0432\u043d\u0430\u044f"}},{"@type":"ListItem","@id":"https:\/\/tabaccomd.com\/ro\/product-category\/brichete\/#listItem","position":3,"name":"Brichete","item":"https:\/\/tabaccomd.com\/ro\/product-category\/brichete\/","nextItem":{"@type":"ListItem","@id":"https:\/\/tabaccomd.com\/ro\/product-category\/brichete\/brichete-electrice\/#listItem","name":"Brichete electrice"},"previousItem":{"@type":"ListItem","@id":"https:\/\/tabaccomd.com\/ro\/catalog\/#listItem","name":"Catalog"}},{"@type":"ListItem","@id":"https:\/\/tabaccomd.com\/ro\/product-category\/brichete\/brichete-electrice\/#listItem","position":4,"name":"Brichete electrice","item":"https:\/\/tabaccomd.com\/ro\/product-category\/brichete\/brichete-electrice\/","nextItem":{"@type":"ListItem","@id":"https:\/\/tabaccomd.com\/ro\/product\/bricheta-electrica-a33708\/#listItem","name":"Brichet\u0103 electric\u0103 Jack Daniel&#8217;s A33708U2"},"previousItem":{"@type":"ListItem","@id":"https:\/\/tabaccomd.com\/ro\/product-category\/brichete\/#listItem","name":"Brichete"}},{"@type":"ListItem","@id":"https:\/\/tabaccomd.com\/ro\/product\/bricheta-electrica-a33708\/#listItem","position":5,"name":"Brichet\u0103 electric\u0103 Jack Daniel&#8217;s A33708U2","previousItem":{"@type":"ListItem","@id":"https:\/\/tabaccomd.com\/ro\/product-category\/brichete\/brichete-electrice\/#listItem","name":"Brichete electrice"}}]},{"@type":"Organization","@id":"https:\/\/tabaccomd.com\/ro\/#organization","name":"Tabacco House","description":"\u041c\u0430\u0433\u0430\u0437\u0438\u043d \u0442\u0430\u0431\u0430\u0447\u043d\u044b\u0445 \u0438\u0437\u0434\u0435\u043b\u0438\u0439","url":"https:\/\/tabaccomd.com\/ro\/","email":"Office@cazacuhouse.com","telephone":"+37361000935","logo":{"@type":"ImageObject","url":"https:\/\/tabaccomd.com\/wp-content\/uploads\/2024\/02\/logo_header3.png","@id":"https:\/\/tabaccomd.com\/ro\/product\/bricheta-electrica-a33708\/#organizationLogo","width":32,"height":32,"caption":"Tabacco House"},"image":{"@id":"https:\/\/tabaccomd.com\/ro\/product\/bricheta-electrica-a33708\/#organizationLogo"},"sameAs":["https:\/\/www.facebook.com\/tabaccomd.com\/","https:\/\/www.instagram.com\/tabaccomd.com\/"],"address":{"@id":"https:\/\/tabaccomd.com\/ro\/#postaladdress","@type":"PostalAddress","streetAddress":"Strada Albi\u015foara 4, Chi\u0219in\u0103u, Bulevardul \u0218tefan cel Mare \u0219i Sf\u00eent 136, Chi\u0219in\u0103u","addressLocality":"Chi\u0219in\u0103u","addressCountry":"MD"}},{"@type":"Product","@id":"https:\/\/tabaccomd.com\/ro\/product\/bricheta-electrica-a33708\/#wooCommerceProduct","name":"Brichet\u0103 electric\u0103 Jack Daniel's A33708U2","description":"Tip: Electric\u0103\r\n \t\u00cen set cu mu\u0219tiuc\r\n \tMaterial: Plastic\r\n \t\u021aara de origine: China\r\n \tProduc\u0103tor: Promise\r\n \t\u00cenc\u0103rc\u0103tor USB inclus","url":"https:\/\/tabaccomd.com\/ro\/product\/bricheta-electrica-a33708\/","sku":"A33708U2","image":{"@type":"ImageObject","url":"https:\/\/tabaccomd.com\/wp-content\/uploads\/2025\/02\/Bricheta-electrica-Jack-Daniels-A33708U2-2.jpg","@id":"https:\/\/tabaccomd.com\/ro\/product\/bricheta-electrica-a33708\/#productImage","width":1200,"height":1200,"caption":"Brichet\u0103-electric\u0103-Jack-Daniels-A33708U2-2"},"offers":{"@type":"Offer","url":"https:\/\/tabaccomd.com\/ro\/product\/bricheta-electrica-a33708\/#wooCommerceOffer","price":410,"priceCurrency":"MDL","category":"Brichete electrice","availability":"https:\/\/schema.org\/OutOfStock","priceSpecification":{"@type":"PriceSpecification","price":410,"priceCurrency":"MDL","valueAddedTaxIncluded":"true"},"seller":{"@type":"Organization","@id":"https:\/\/tabaccomd.com\/ro\/#organization"}}},{"@type":"WebPage","@id":"https:\/\/tabaccomd.com\/ro\/product\/bricheta-electrica-a33708\/#webpage","url":"https:\/\/tabaccomd.com\/ro\/product\/bricheta-electrica-a33708\/","name":"Brichet\u0103 electric\u0103 Jack Daniel\u2019s A33708U2 \u2013 Tabacco House","inLanguage":"ro-RO","isPartOf":{"@id":"https:\/\/tabaccomd.com\/ro\/#website"},"breadcrumb":{"@id":"https:\/\/tabaccomd.com\/ro\/product\/bricheta-electrica-a33708\/#breadcrumblist"},"image":{"@type":"ImageObject","url":"https:\/\/tabaccomd.com\/wp-content\/uploads\/2025\/02\/Bricheta-electrica-Jack-Daniels-A33708U2-2.jpg","@id":"https:\/\/tabaccomd.com\/ro\/product\/bricheta-electrica-a33708\/#mainImage","width":1200,"height":1200,"caption":"Brichet\u0103-electric\u0103-Jack-Daniels-A33708U2-2"},"primaryImageOfPage":{"@id":"https:\/\/tabaccomd.com\/ro\/product\/bricheta-electrica-a33708\/#mainImage"},"datePublished":"2025-02-08T15:53:37+03:00","dateModified":"2025-03-19T14:51:33+03:00"},{"@type":"WebSite","@id":"https:\/\/tabaccomd.com\/ro\/#website","url":"https:\/\/tabaccomd.com\/ro\/","name":"Tabacco House","alternateName":"tobaccomd.com","description":"\u041c\u0430\u0433\u0430\u0437\u0438\u043d \u0442\u0430\u0431\u0430\u0447\u043d\u044b\u0445 \u0438\u0437\u0434\u0435\u043b\u0438\u0439","inLanguage":"ro-RO","publisher":{"@id":"https:\/\/tabaccomd.com\/ro\/#organization"}}]},"og:locale":"ro_RO","og:site_name":"Tabacco House \u2013 \u041c\u0430\u0433\u0430\u0437\u0438\u043d \u0442\u0430\u0431\u0430\u0447\u043d\u044b\u0445 \u0438\u0437\u0434\u0435\u043b\u0438\u0439","og:type":"article","og:title":"Brichet\u0103 electric\u0103 Jack Daniel\u2019s A33708U2 \u2013 Tabacco House","og:url":"https:\/\/tabaccomd.com\/ro\/product\/bricheta-electrica-a33708\/","article:published_time":"2025-02-08T12:53:37+00:00","article:modified_time":"2025-03-19T11:51:33+00:00","article:publisher":"https:\/\/www.facebook.com\/tabaccomd.com\/","twitter:card":"summary_large_image","twitter:title":"Brichet\u0103 electric\u0103 Jack Daniel\u2019s A33708U2 \u2013 Tabacco House"},"aioseo_meta_data":{"post_id":"131421","title":null,"description":null,"keywords":null,"keyphrases":null,"primary_term":null,"canonical_url":null,"og_title":null,"og_description":null,"og_object_type":"default","og_image_type":"default","og_image_url":null,"og_image_width":null,"og_image_height":null,"og_image_custom_url":null,"og_image_custom_fields":null,"og_video":null,"og_custom_url":null,"og_article_section":null,"og_article_tags":null,"twitter_use_og":false,"twitter_card":"default","twitter_image_type":"default","twitter_image_url":null,"twitter_image_custom_url":null,"twitter_image_custom_fields":null,"twitter_title":null,"twitter_description":null,"schema":{"blockGraphs":[],"customGraphs":[],"default":{"data":{"Article":[],"Course":[],"Dataset":[],"FAQPage":[],"Movie":[],"Person":[],"Product":[],"ProductReview":[],"Car":[],"Recipe":[],"Service":[],"SoftwareApplication":[],"WebPage":[]},"graphName":"","isEnabled":true},"graphs":[]},"schema_type":"default","schema_type_options":null,"pillar_content":false,"robots_default":true,"robots_noindex":false,"robots_noarchive":false,"robots_nosnippet":false,"robots_nofollow":false,"robots_noimageindex":false,"robots_noodp":false,"robots_notranslate":false,"robots_max_snippet":null,"robots_max_videopreview":null,"robots_max_imagepreview":"large","priority":null,"frequency":null,"local_seo":null,"seo_analyzer_scan_date":"2025-10-20 20:45:53","breadcrumb_settings":null,"limit_modified_date":false,"reviewed_by":null,"open_ai":null,"ai":null,"created":"2023-12-27 12:01:23","updated":"2025-10-20 20:45:53"},"aioseo_breadcrumb":"<div class=\"aioseo-breadcrumbs\"><span class=\"aioseo-breadcrumb\">\n\t<a href=\"https:\/\/tabaccomd.com\/ro\/\" title=\"\u0413\u043b\u0430\u0432\u043d\u0430\u044f\">\u0413\u043b\u0430\u0432\u043d\u0430\u044f<\/a>\n<\/span><span class=\"aioseo-breadcrumb-separator\">\u00bb<\/span><span class=\"aioseo-breadcrumb\">\n\t<a href=\"https:\/\/tabaccomd.com\/ro\/catalog\/\" title=\"Catalog\">Catalog<\/a>\n<\/span><span class=\"aioseo-breadcrumb-separator\">\u00bb<\/span><span class=\"aioseo-breadcrumb\">\n\t<a href=\"https:\/\/tabaccomd.com\/ro\/product-category\/brichete\/\" title=\"Brichete\">Brichete<\/a>\n<\/span><span class=\"aioseo-breadcrumb-separator\">\u00bb<\/span><span class=\"aioseo-breadcrumb\">\n\t<a href=\"https:\/\/tabaccomd.com\/ro\/product-category\/brichete\/brichete-electrice\/\" title=\"Brichete electrice\">Brichete electrice<\/a>\n<\/span><span class=\"aioseo-breadcrumb-separator\">\u00bb<\/span><span class=\"aioseo-breadcrumb\">\n\tBrichet\u0103 electric\u0103 Jack Daniel\u2019s A33708U2\n<\/span><\/div>","aioseo_breadcrumb_json":[{"label":"\u0413\u043b\u0430\u0432\u043d\u0430\u044f","link":"https:\/\/tabaccomd.com\/ro\/"},{"label":"Catalog","link":"https:\/\/tabaccomd.com\/ro\/catalog\/"},{"label":"Brichete","link":"https:\/\/tabaccomd.com\/ro\/product-category\/brichete\/"},{"label":"Brichete electrice","link":"https:\/\/tabaccomd.com\/ro\/product-category\/brichete\/brichete-electrice\/"},{"label":"Brichet\u0103 electric\u0103 Jack Daniel&#8217;s A33708U2","link":"https:\/\/tabaccomd.com\/ro\/product\/bricheta-electrica-a33708\/"}],"images_for_1c":[{"url":"https:\/\/tabaccomd.com\/wp-content\/uploads\/2025\/02\/Bricheta-electrica-Jack-Daniels-A33708U2-2.jpg","type":"featured","alt":"Brichet\u0103-electric\u0103-Jack-Daniels-A33708U2-2","filename":"Bricheta-electrica-Jack-Daniels-A33708U2-2.jpg"},{"url":"https:\/\/tabaccomd.com\/wp-content\/uploads\/2025\/02\/Bricheta-electrica-Jack-Daniels-A33708U2-1.jpg","type":"gallery","alt":"Brichet\u0103-electric\u0103-Jack-Daniels-A33708U2-1","filename":"Bricheta-electrica-Jack-Daniels-A33708U2-1.jpg"},{"url":"https:\/\/tabaccomd.com\/wp-content\/uploads\/2025\/02\/Bricheta-electrica-Jack-Daniels-A33708U2-0.jpg","type":"gallery","alt":"Brichet\u0103-electric\u0103-Jack-Daniels-A33708U2-0","filename":"Bricheta-electrica-Jack-Daniels-A33708U2-0.jpg"},{"url":"https:\/\/tabaccomd.com\/wp-content\/uploads\/2025\/02\/Bricheta-electrica-Jack-Daniels-A33708U2.jpg","type":"gallery","alt":"Brichet\u0103-electric\u0103-Jack-Daniels-A33708U2","filename":"Bricheta-electrica-Jack-Daniels-A33708U2.jpg"}],"additional_data_1c":{"modified_date":"2025-03-19 14:51:33","permalink":"https:\/\/tabaccomd.com\/ro\/product\/bricheta-electrica-a33708\/","stock_status":"outofstock","manage_stock":"no"},"_links":{"self":[{"href":"https:\/\/tabaccomd.com\/ro\/wp-json\/wp\/v2\/product\/131421","targetHints":{"allow":["GET"]}}],"collection":[{"href":"https:\/\/tabaccomd.com\/ro\/wp-json\/wp\/v2\/product"}],"about":[{"href":"https:\/\/tabaccomd.com\/ro\/wp-json\/wp\/v2\/types\/product"}],"wp:featuredmedia":[{"embeddable":true,"href":"https:\/\/tabaccomd.com\/ro\/wp-json\/wp\/v2\/media\/147984"}],"wp:attachment":[{"href":"https:\/\/tabaccomd.com\/ro\/wp-json\/wp\/v2\/media?parent=131421"}],"wp:term":[{"taxonomy":"product_brand","embeddable":true,"href":"https:\/\/tabaccomd.com\/ro\/wp-json\/wp\/v2\/product_brand?post=131421"},{"taxonomy":"product_cat","embeddable":true,"href":"https:\/\/tabaccomd.com\/ro\/wp-json\/wp\/v2\/product_cat?post=131421"},{"taxonomy":"product_tag","embeddable":true,"href":"https:\/\/tabaccomd.com\/ro\/wp-json\/wp\/v2\/product_tag?post=131421"}],"curies":[{"name":"wp","href":"https:\/\/api.w.org\/{rel}","templated":true}]}}