{"id":131228,"date":"2023-12-20T18:00:19","date_gmt":"2023-12-20T15:00:19","guid":{"rendered":"https:\/\/tabaccomd.com\/product\/gift-box-clubmaster-lighter\/"},"modified":"2023-12-20T18:00:19","modified_gmt":"2023-12-20T15:00:19","slug":"gift-box-clubmaster-lighter","status":"publish","type":"product","link":"https:\/\/tabaccomd.com\/ro\/product\/gift-box-clubmaster-lighter\/","title":{"rendered":"Gift Box Clubmaster + Lighter"},"content":{"rendered":"<ul>\n<li>Gift Box gata preg\u0103tit<\/li>\n<li>Abilitatea de a \u00eenlocui orice pozi\u021bie<\/li>\n<li>Cutie marca Tabacco House<\/li>\n<li>Felicitare marca Tabacco House<\/li>\n<li>Livr\u0103m \u00een toat\u0103 Moldova<\/li>\n<\/ul>\n<p>Sunte\u021bi \u00een c\u0103utarea unui cadou unic? Consultan\u021bii no\u0219tri v\u0103 vor ajuta cu pl\u0103cere s\u0103 alege\u021bi un cadou care s\u0103 pun\u0103 \u00een eviden\u021b\u0103 individualitatea \u0219i aten\u021bia pe care dori\u021bi s\u0103 le oferi\u021bi. Compania noastr\u0103 este singura care ofer\u0103 cadouri premium pentru orice buget. Aten\u021bie personal\u0103 la fiecare detaliu, compozi\u021biile de cadouri culese cu dragoste sunt gata s\u0103 v\u0103 surprind\u0103. Livrare rapid\u0103 \u00een aceea\u0219i zi! V\u0103 facem a\u0219teptarea minim\u0103 pentru ca bucuria cadoului s\u0103 fie maxim\u0103!<\/p>\n<p>Pute\u021bi achizi\u021biona Gift Box Clubmaster + Lighter din Moldova, Chi\u0219in\u0103u, \u00een re\u021beaua de magazine Tabacco House.<\/p>\n","protected":false},"excerpt":{"rendered":"<ul>\n<li>Cigarillos <a href=\"https:\/\/tabaccomd.com\/ro\/produs\/cigarille-clubmaster-mini-sumatra\/\"><strong>Clubmaster<\/strong><\/a><\/li>\n<li>Cigarillos <a href=\"https:\/\/tabaccomd.com\/ro\/produs\/cigarillos-cu-filtru-clubmaster-mini-filter-red-20s\/\"><strong>Clubmaster Filter<\/strong><\/a><\/li>\n<li>Brichet\u0103 <a href=\"https:\/\/tabaccomd.com\/ro\/produs\/bricheta-djeep-by-bic-salty-136007\/\"><strong>Djeep<\/strong><\/a><\/li>\n<li>Cutie mic\u0103<\/li>\n<\/ul>\n","protected":false},"featured_media":131227,"template":"","meta":{"om_disable_all_campaigns":false,"_monsterinsights_skip_tracking":false,"_monsterinsights_sitenote_active":false,"_monsterinsights_sitenote_note":"","_monsterinsights_sitenote_category":0},"product_brand":[],"product_cat":[434],"product_tag":[],"class_list":{"0":"post-131228","1":"product","2":"type-product","3":"status-publish","4":"has-post-thumbnail","6":"product_cat-seturi-de-cadouri","8":"first","9":"outofstock","10":"taxable","11":"shipping-taxable","12":"purchasable","13":"product-type-simple"},"aioseo_notices":[],"aioseo_head":"\n\t\t<!-- All in One SEO Pro 4.9.5.2 - aioseo.com -->\n\t<meta name=\"robots\" content=\"max-image-preview:large\" \/>\n\t<link rel=\"canonical\" href=\"https:\/\/tabaccomd.com\/ro\/product\/gift-box-clubmaster-lighter\/\" \/>\n\t<meta name=\"generator\" content=\"All in One SEO Pro (AIOSEO) 4.9.5.2\" \/>\n\t\t<meta property=\"og:locale\" content=\"ro_RO\" \/>\n\t\t<meta property=\"og:site_name\" content=\"Tabacco House \u2013 \u041c\u0430\u0433\u0430\u0437\u0438\u043d \u0442\u0430\u0431\u0430\u0447\u043d\u044b\u0445 \u0438\u0437\u0434\u0435\u043b\u0438\u0439\" \/>\n\t\t<meta property=\"og:type\" content=\"article\" \/>\n\t\t<meta property=\"og:title\" content=\"Gift Box Clubmaster + Lighter \u2013 Tabacco House\" \/>\n\t\t<meta property=\"og:url\" content=\"https:\/\/tabaccomd.com\/ro\/product\/gift-box-clubmaster-lighter\/\" \/>\n\t\t<meta property=\"article:published_time\" content=\"2023-12-20T15:00:19+00:00\" \/>\n\t\t<meta property=\"article:modified_time\" content=\"2023-12-20T15:00:19+00:00\" \/>\n\t\t<meta property=\"article:publisher\" content=\"https:\/\/www.facebook.com\/tabaccomd.com\/\" \/>\n\t\t<meta name=\"twitter:card\" content=\"summary_large_image\" \/>\n\t\t<meta name=\"twitter:title\" content=\"Gift Box Clubmaster + Lighter \u2013 Tabacco House\" \/>\n\t\t<script type=\"application\/ld+json\" class=\"aioseo-schema\">\n\t\t\t{\"@context\":\"https:\\\/\\\/schema.org\",\"@graph\":[{\"@type\":\"BreadcrumbList\",\"@id\":\"https:\\\/\\\/tabaccomd.com\\\/ro\\\/product\\\/gift-box-clubmaster-lighter\\\/#breadcrumblist\",\"itemListElement\":[{\"@type\":\"ListItem\",\"@id\":\"https:\\\/\\\/tabaccomd.com\\\/ro\\\/#listItem\",\"position\":1,\"name\":\"\\u0413\\u043b\\u0430\\u0432\\u043d\\u0430\\u044f\",\"item\":\"https:\\\/\\\/tabaccomd.com\\\/ro\\\/\",\"nextItem\":{\"@type\":\"ListItem\",\"@id\":\"https:\\\/\\\/tabaccomd.com\\\/ro\\\/catalog\\\/#listItem\",\"name\":\"Catalog\"}},{\"@type\":\"ListItem\",\"@id\":\"https:\\\/\\\/tabaccomd.com\\\/ro\\\/catalog\\\/#listItem\",\"position\":2,\"name\":\"Catalog\",\"item\":\"https:\\\/\\\/tabaccomd.com\\\/ro\\\/catalog\\\/\",\"nextItem\":{\"@type\":\"ListItem\",\"@id\":\"https:\\\/\\\/tabaccomd.com\\\/ro\\\/product-category\\\/gixt-box\\\/#listItem\",\"name\":\"Gift Box\"},\"previousItem\":{\"@type\":\"ListItem\",\"@id\":\"https:\\\/\\\/tabaccomd.com\\\/ro\\\/#listItem\",\"name\":\"\\u0413\\u043b\\u0430\\u0432\\u043d\\u0430\\u044f\"}},{\"@type\":\"ListItem\",\"@id\":\"https:\\\/\\\/tabaccomd.com\\\/ro\\\/product-category\\\/gixt-box\\\/#listItem\",\"position\":3,\"name\":\"Gift Box\",\"item\":\"https:\\\/\\\/tabaccomd.com\\\/ro\\\/product-category\\\/gixt-box\\\/\",\"nextItem\":{\"@type\":\"ListItem\",\"@id\":\"https:\\\/\\\/tabaccomd.com\\\/ro\\\/product-category\\\/gixt-box\\\/seturi-de-cadouri\\\/#listItem\",\"name\":\"Seturi de cadouri\"},\"previousItem\":{\"@type\":\"ListItem\",\"@id\":\"https:\\\/\\\/tabaccomd.com\\\/ro\\\/catalog\\\/#listItem\",\"name\":\"Catalog\"}},{\"@type\":\"ListItem\",\"@id\":\"https:\\\/\\\/tabaccomd.com\\\/ro\\\/product-category\\\/gixt-box\\\/seturi-de-cadouri\\\/#listItem\",\"position\":4,\"name\":\"Seturi de cadouri\",\"item\":\"https:\\\/\\\/tabaccomd.com\\\/ro\\\/product-category\\\/gixt-box\\\/seturi-de-cadouri\\\/\",\"nextItem\":{\"@type\":\"ListItem\",\"@id\":\"https:\\\/\\\/tabaccomd.com\\\/ro\\\/product\\\/gift-box-clubmaster-lighter\\\/#listItem\",\"name\":\"Gift Box Clubmaster + Lighter\"},\"previousItem\":{\"@type\":\"ListItem\",\"@id\":\"https:\\\/\\\/tabaccomd.com\\\/ro\\\/product-category\\\/gixt-box\\\/#listItem\",\"name\":\"Gift Box\"}},{\"@type\":\"ListItem\",\"@id\":\"https:\\\/\\\/tabaccomd.com\\\/ro\\\/product\\\/gift-box-clubmaster-lighter\\\/#listItem\",\"position\":5,\"name\":\"Gift Box Clubmaster + Lighter\",\"previousItem\":{\"@type\":\"ListItem\",\"@id\":\"https:\\\/\\\/tabaccomd.com\\\/ro\\\/product-category\\\/gixt-box\\\/seturi-de-cadouri\\\/#listItem\",\"name\":\"Seturi de cadouri\"}}]},{\"@type\":\"Organization\",\"@id\":\"https:\\\/\\\/tabaccomd.com\\\/ro\\\/#organization\",\"name\":\"Tabacco House\",\"description\":\"\\u041c\\u0430\\u0433\\u0430\\u0437\\u0438\\u043d \\u0442\\u0430\\u0431\\u0430\\u0447\\u043d\\u044b\\u0445 \\u0438\\u0437\\u0434\\u0435\\u043b\\u0438\\u0439\",\"url\":\"https:\\\/\\\/tabaccomd.com\\\/ro\\\/\",\"email\":\"Office@cazacuhouse.com\",\"telephone\":\"+37361000935\",\"logo\":{\"@type\":\"ImageObject\",\"url\":\"https:\\\/\\\/tabaccomd.com\\\/wp-content\\\/uploads\\\/2024\\\/02\\\/logo_header3.png\",\"@id\":\"https:\\\/\\\/tabaccomd.com\\\/ro\\\/product\\\/gift-box-clubmaster-lighter\\\/#organizationLogo\",\"width\":32,\"height\":32,\"caption\":\"Tabacco House\"},\"image\":{\"@id\":\"https:\\\/\\\/tabaccomd.com\\\/ro\\\/product\\\/gift-box-clubmaster-lighter\\\/#organizationLogo\"},\"sameAs\":[\"https:\\\/\\\/www.facebook.com\\\/tabaccomd.com\\\/\",\"https:\\\/\\\/www.instagram.com\\\/tabaccomd.com\\\/\"],\"address\":{\"@id\":\"https:\\\/\\\/tabaccomd.com\\\/ro\\\/#postaladdress\",\"@type\":\"PostalAddress\",\"streetAddress\":\"Strada Albi\\u015foara 4, Chi\\u0219in\\u0103u, Bulevardul \\u0218tefan cel Mare \\u0219i Sf\\u00eent 136, Chi\\u0219in\\u0103u\",\"addressLocality\":\"Chi\\u0219in\\u0103u\",\"addressCountry\":\"MD\"}},{\"@type\":\"Product\",\"@id\":\"https:\\\/\\\/tabaccomd.com\\\/ro\\\/product\\\/gift-box-clubmaster-lighter\\\/#wooCommerceProduct\",\"name\":\"Gift Box Clubmaster + Lighter\",\"description\":\"Cigarillos Clubmaster\\r\\n \\tCigarillos Clubmaster Filter\\r\\n \\tBrichet\\u0103 Djeep\\r\\n \\tCutie mic\\u0103\",\"url\":\"https:\\\/\\\/tabaccomd.com\\\/ro\\\/product\\\/gift-box-clubmaster-lighter\\\/\",\"sku\":\"Gift Box Clubmaster + Lighter\",\"image\":{\"@type\":\"ImageObject\",\"url\":\"https:\\\/\\\/tabaccomd.com\\\/wp-content\\\/uploads\\\/2023\\\/12\\\/set-15.png\",\"@id\":\"https:\\\/\\\/tabaccomd.com\\\/ro\\\/product\\\/gift-box-clubmaster-lighter\\\/#productImage\",\"width\":900,\"height\":900,\"caption\":\"set 15\"},\"offers\":{\"@type\":\"Offer\",\"url\":\"https:\\\/\\\/tabaccomd.com\\\/ro\\\/product\\\/gift-box-clubmaster-lighter\\\/#wooCommerceOffer\",\"price\":530,\"priceCurrency\":\"MDL\",\"category\":\"Seturi de cadouri\",\"availability\":\"https:\\\/\\\/schema.org\\\/OutOfStock\",\"priceSpecification\":{\"@type\":\"PriceSpecification\",\"price\":530,\"priceCurrency\":\"MDL\",\"valueAddedTaxIncluded\":\"true\"},\"seller\":{\"@type\":\"Organization\",\"@id\":\"https:\\\/\\\/tabaccomd.com\\\/ro\\\/#organization\"}}},{\"@type\":\"WebPage\",\"@id\":\"https:\\\/\\\/tabaccomd.com\\\/ro\\\/product\\\/gift-box-clubmaster-lighter\\\/#webpage\",\"url\":\"https:\\\/\\\/tabaccomd.com\\\/ro\\\/product\\\/gift-box-clubmaster-lighter\\\/\",\"name\":\"Gift Box Clubmaster + Lighter \\u2013 Tabacco House\",\"inLanguage\":\"ro-RO\",\"isPartOf\":{\"@id\":\"https:\\\/\\\/tabaccomd.com\\\/ro\\\/#website\"},\"breadcrumb\":{\"@id\":\"https:\\\/\\\/tabaccomd.com\\\/ro\\\/product\\\/gift-box-clubmaster-lighter\\\/#breadcrumblist\"},\"image\":{\"@type\":\"ImageObject\",\"url\":\"https:\\\/\\\/tabaccomd.com\\\/wp-content\\\/uploads\\\/2023\\\/12\\\/set-15.png\",\"@id\":\"https:\\\/\\\/tabaccomd.com\\\/ro\\\/product\\\/gift-box-clubmaster-lighter\\\/#mainImage\",\"width\":900,\"height\":900,\"caption\":\"set 15\"},\"primaryImageOfPage\":{\"@id\":\"https:\\\/\\\/tabaccomd.com\\\/ro\\\/product\\\/gift-box-clubmaster-lighter\\\/#mainImage\"},\"datePublished\":\"2023-12-20T18:00:19+03:00\",\"dateModified\":\"2023-12-20T18:00:19+03:00\"},{\"@type\":\"WebSite\",\"@id\":\"https:\\\/\\\/tabaccomd.com\\\/ro\\\/#website\",\"url\":\"https:\\\/\\\/tabaccomd.com\\\/ro\\\/\",\"name\":\"Tabacco House\",\"alternateName\":\"tobaccomd.com\",\"description\":\"\\u041c\\u0430\\u0433\\u0430\\u0437\\u0438\\u043d \\u0442\\u0430\\u0431\\u0430\\u0447\\u043d\\u044b\\u0445 \\u0438\\u0437\\u0434\\u0435\\u043b\\u0438\\u0439\",\"inLanguage\":\"ro-RO\",\"publisher\":{\"@id\":\"https:\\\/\\\/tabaccomd.com\\\/ro\\\/#organization\"}}]}\n\t\t<\/script>\n\t\t<!-- All in One SEO Pro -->\r\n\t\t<title>Gift Box Clubmaster + Lighter \u2013 Tabacco House<\/title>\n\n","aioseo_head_json":{"title":"Gift Box Clubmaster + Lighter \u2013 Tabacco House","description":"","canonical_url":"https:\/\/tabaccomd.com\/ro\/product\/gift-box-clubmaster-lighter\/","robots":"max-image-preview:large","keywords":"","webmasterTools":{"miscellaneous":""},"schema":{"@context":"https:\/\/schema.org","@graph":[{"@type":"BreadcrumbList","@id":"https:\/\/tabaccomd.com\/ro\/product\/gift-box-clubmaster-lighter\/#breadcrumblist","itemListElement":[{"@type":"ListItem","@id":"https:\/\/tabaccomd.com\/ro\/#listItem","position":1,"name":"\u0413\u043b\u0430\u0432\u043d\u0430\u044f","item":"https:\/\/tabaccomd.com\/ro\/","nextItem":{"@type":"ListItem","@id":"https:\/\/tabaccomd.com\/ro\/catalog\/#listItem","name":"Catalog"}},{"@type":"ListItem","@id":"https:\/\/tabaccomd.com\/ro\/catalog\/#listItem","position":2,"name":"Catalog","item":"https:\/\/tabaccomd.com\/ro\/catalog\/","nextItem":{"@type":"ListItem","@id":"https:\/\/tabaccomd.com\/ro\/product-category\/gixt-box\/#listItem","name":"Gift Box"},"previousItem":{"@type":"ListItem","@id":"https:\/\/tabaccomd.com\/ro\/#listItem","name":"\u0413\u043b\u0430\u0432\u043d\u0430\u044f"}},{"@type":"ListItem","@id":"https:\/\/tabaccomd.com\/ro\/product-category\/gixt-box\/#listItem","position":3,"name":"Gift Box","item":"https:\/\/tabaccomd.com\/ro\/product-category\/gixt-box\/","nextItem":{"@type":"ListItem","@id":"https:\/\/tabaccomd.com\/ro\/product-category\/gixt-box\/seturi-de-cadouri\/#listItem","name":"Seturi de cadouri"},"previousItem":{"@type":"ListItem","@id":"https:\/\/tabaccomd.com\/ro\/catalog\/#listItem","name":"Catalog"}},{"@type":"ListItem","@id":"https:\/\/tabaccomd.com\/ro\/product-category\/gixt-box\/seturi-de-cadouri\/#listItem","position":4,"name":"Seturi de cadouri","item":"https:\/\/tabaccomd.com\/ro\/product-category\/gixt-box\/seturi-de-cadouri\/","nextItem":{"@type":"ListItem","@id":"https:\/\/tabaccomd.com\/ro\/product\/gift-box-clubmaster-lighter\/#listItem","name":"Gift Box Clubmaster + Lighter"},"previousItem":{"@type":"ListItem","@id":"https:\/\/tabaccomd.com\/ro\/product-category\/gixt-box\/#listItem","name":"Gift Box"}},{"@type":"ListItem","@id":"https:\/\/tabaccomd.com\/ro\/product\/gift-box-clubmaster-lighter\/#listItem","position":5,"name":"Gift Box Clubmaster + Lighter","previousItem":{"@type":"ListItem","@id":"https:\/\/tabaccomd.com\/ro\/product-category\/gixt-box\/seturi-de-cadouri\/#listItem","name":"Seturi de cadouri"}}]},{"@type":"Organization","@id":"https:\/\/tabaccomd.com\/ro\/#organization","name":"Tabacco House","description":"\u041c\u0430\u0433\u0430\u0437\u0438\u043d \u0442\u0430\u0431\u0430\u0447\u043d\u044b\u0445 \u0438\u0437\u0434\u0435\u043b\u0438\u0439","url":"https:\/\/tabaccomd.com\/ro\/","email":"Office@cazacuhouse.com","telephone":"+37361000935","logo":{"@type":"ImageObject","url":"https:\/\/tabaccomd.com\/wp-content\/uploads\/2024\/02\/logo_header3.png","@id":"https:\/\/tabaccomd.com\/ro\/product\/gift-box-clubmaster-lighter\/#organizationLogo","width":32,"height":32,"caption":"Tabacco House"},"image":{"@id":"https:\/\/tabaccomd.com\/ro\/product\/gift-box-clubmaster-lighter\/#organizationLogo"},"sameAs":["https:\/\/www.facebook.com\/tabaccomd.com\/","https:\/\/www.instagram.com\/tabaccomd.com\/"],"address":{"@id":"https:\/\/tabaccomd.com\/ro\/#postaladdress","@type":"PostalAddress","streetAddress":"Strada Albi\u015foara 4, Chi\u0219in\u0103u, Bulevardul \u0218tefan cel Mare \u0219i Sf\u00eent 136, Chi\u0219in\u0103u","addressLocality":"Chi\u0219in\u0103u","addressCountry":"MD"}},{"@type":"Product","@id":"https:\/\/tabaccomd.com\/ro\/product\/gift-box-clubmaster-lighter\/#wooCommerceProduct","name":"Gift Box Clubmaster + Lighter","description":"Cigarillos Clubmaster\r\n \tCigarillos Clubmaster Filter\r\n \tBrichet\u0103 Djeep\r\n \tCutie mic\u0103","url":"https:\/\/tabaccomd.com\/ro\/product\/gift-box-clubmaster-lighter\/","sku":"Gift Box Clubmaster + Lighter","image":{"@type":"ImageObject","url":"https:\/\/tabaccomd.com\/wp-content\/uploads\/2023\/12\/set-15.png","@id":"https:\/\/tabaccomd.com\/ro\/product\/gift-box-clubmaster-lighter\/#productImage","width":900,"height":900,"caption":"set 15"},"offers":{"@type":"Offer","url":"https:\/\/tabaccomd.com\/ro\/product\/gift-box-clubmaster-lighter\/#wooCommerceOffer","price":530,"priceCurrency":"MDL","category":"Seturi de cadouri","availability":"https:\/\/schema.org\/OutOfStock","priceSpecification":{"@type":"PriceSpecification","price":530,"priceCurrency":"MDL","valueAddedTaxIncluded":"true"},"seller":{"@type":"Organization","@id":"https:\/\/tabaccomd.com\/ro\/#organization"}}},{"@type":"WebPage","@id":"https:\/\/tabaccomd.com\/ro\/product\/gift-box-clubmaster-lighter\/#webpage","url":"https:\/\/tabaccomd.com\/ro\/product\/gift-box-clubmaster-lighter\/","name":"Gift Box Clubmaster + Lighter \u2013 Tabacco House","inLanguage":"ro-RO","isPartOf":{"@id":"https:\/\/tabaccomd.com\/ro\/#website"},"breadcrumb":{"@id":"https:\/\/tabaccomd.com\/ro\/product\/gift-box-clubmaster-lighter\/#breadcrumblist"},"image":{"@type":"ImageObject","url":"https:\/\/tabaccomd.com\/wp-content\/uploads\/2023\/12\/set-15.png","@id":"https:\/\/tabaccomd.com\/ro\/product\/gift-box-clubmaster-lighter\/#mainImage","width":900,"height":900,"caption":"set 15"},"primaryImageOfPage":{"@id":"https:\/\/tabaccomd.com\/ro\/product\/gift-box-clubmaster-lighter\/#mainImage"},"datePublished":"2023-12-20T18:00:19+03:00","dateModified":"2023-12-20T18:00:19+03:00"},{"@type":"WebSite","@id":"https:\/\/tabaccomd.com\/ro\/#website","url":"https:\/\/tabaccomd.com\/ro\/","name":"Tabacco House","alternateName":"tobaccomd.com","description":"\u041c\u0430\u0433\u0430\u0437\u0438\u043d \u0442\u0430\u0431\u0430\u0447\u043d\u044b\u0445 \u0438\u0437\u0434\u0435\u043b\u0438\u0439","inLanguage":"ro-RO","publisher":{"@id":"https:\/\/tabaccomd.com\/ro\/#organization"}}]},"og:locale":"ro_RO","og:site_name":"Tabacco House \u2013 \u041c\u0430\u0433\u0430\u0437\u0438\u043d \u0442\u0430\u0431\u0430\u0447\u043d\u044b\u0445 \u0438\u0437\u0434\u0435\u043b\u0438\u0439","og:type":"article","og:title":"Gift Box Clubmaster + Lighter \u2013 Tabacco House","og:url":"https:\/\/tabaccomd.com\/ro\/product\/gift-box-clubmaster-lighter\/","article:published_time":"2023-12-20T15:00:19+00:00","article:modified_time":"2023-12-20T15:00:19+00:00","article:publisher":"https:\/\/www.facebook.com\/tabaccomd.com\/","twitter:card":"summary_large_image","twitter:title":"Gift Box Clubmaster + Lighter \u2013 Tabacco House"},"aioseo_meta_data":{"post_id":"131228","title":null,"description":null,"keywords":null,"keyphrases":null,"primary_term":null,"canonical_url":null,"og_title":null,"og_description":null,"og_object_type":"default","og_image_type":"default","og_image_url":null,"og_image_width":null,"og_image_height":null,"og_image_custom_url":null,"og_image_custom_fields":null,"og_video":null,"og_custom_url":null,"og_article_section":null,"og_article_tags":null,"twitter_use_og":false,"twitter_card":"default","twitter_image_type":"default","twitter_image_url":null,"twitter_image_custom_url":null,"twitter_image_custom_fields":null,"twitter_title":null,"twitter_description":null,"schema":{"blockGraphs":[],"customGraphs":[],"default":{"data":{"Article":[],"Course":[],"Dataset":[],"FAQPage":[],"Movie":[],"Person":[],"Product":[],"ProductReview":[],"Car":[],"Recipe":[],"Service":[],"SoftwareApplication":[],"WebPage":[]},"graphName":"","isEnabled":true},"graphs":[]},"schema_type":"default","schema_type_options":null,"pillar_content":false,"robots_default":true,"robots_noindex":false,"robots_noarchive":false,"robots_nosnippet":false,"robots_nofollow":false,"robots_noimageindex":false,"robots_noodp":false,"robots_notranslate":false,"robots_max_snippet":null,"robots_max_videopreview":null,"robots_max_imagepreview":"large","priority":null,"frequency":null,"local_seo":null,"seo_analyzer_scan_date":"2025-10-20 16:02:34","breadcrumb_settings":null,"limit_modified_date":false,"reviewed_by":null,"open_ai":null,"ai":null,"created":"2023-12-20 15:13:13","updated":"2025-10-20 16:02:34"},"aioseo_breadcrumb":"<div class=\"aioseo-breadcrumbs\"><span class=\"aioseo-breadcrumb\">\n\t<a href=\"https:\/\/tabaccomd.com\/ro\/\" title=\"\u0413\u043b\u0430\u0432\u043d\u0430\u044f\">\u0413\u043b\u0430\u0432\u043d\u0430\u044f<\/a>\n<\/span><span class=\"aioseo-breadcrumb-separator\">\u00bb<\/span><span class=\"aioseo-breadcrumb\">\n\t<a href=\"https:\/\/tabaccomd.com\/ro\/catalog\/\" title=\"Catalog\">Catalog<\/a>\n<\/span><span class=\"aioseo-breadcrumb-separator\">\u00bb<\/span><span class=\"aioseo-breadcrumb\">\n\t<a href=\"https:\/\/tabaccomd.com\/ro\/product-category\/gixt-box\/\" title=\"Gift Box\">Gift Box<\/a>\n<\/span><span class=\"aioseo-breadcrumb-separator\">\u00bb<\/span><span class=\"aioseo-breadcrumb\">\n\t<a href=\"https:\/\/tabaccomd.com\/ro\/product-category\/gixt-box\/seturi-de-cadouri\/\" title=\"Seturi de cadouri\">Seturi de cadouri<\/a>\n<\/span><span class=\"aioseo-breadcrumb-separator\">\u00bb<\/span><span class=\"aioseo-breadcrumb\">\n\tGift Box Clubmaster + Lighter\n<\/span><\/div>","aioseo_breadcrumb_json":[{"label":"\u0413\u043b\u0430\u0432\u043d\u0430\u044f","link":"https:\/\/tabaccomd.com\/ro\/"},{"label":"Catalog","link":"https:\/\/tabaccomd.com\/ro\/catalog\/"},{"label":"Gift Box","link":"https:\/\/tabaccomd.com\/ro\/product-category\/gixt-box\/"},{"label":"Seturi de cadouri","link":"https:\/\/tabaccomd.com\/ro\/product-category\/gixt-box\/seturi-de-cadouri\/"},{"label":"Gift Box Clubmaster + Lighter","link":"https:\/\/tabaccomd.com\/ro\/product\/gift-box-clubmaster-lighter\/"}],"images_for_1c":[{"url":"https:\/\/tabaccomd.com\/wp-content\/uploads\/2023\/12\/set-15.png","type":"featured","alt":"set 15","filename":"set-15.png"}],"additional_data_1c":{"modified_date":"2023-12-20 18:00:19","permalink":"https:\/\/tabaccomd.com\/ro\/product\/gift-box-clubmaster-lighter\/","stock_status":"outofstock","manage_stock":"no"},"_links":{"self":[{"href":"https:\/\/tabaccomd.com\/ro\/wp-json\/wp\/v2\/product\/131228","targetHints":{"allow":["GET"]}}],"collection":[{"href":"https:\/\/tabaccomd.com\/ro\/wp-json\/wp\/v2\/product"}],"about":[{"href":"https:\/\/tabaccomd.com\/ro\/wp-json\/wp\/v2\/types\/product"}],"wp:featuredmedia":[{"embeddable":true,"href":"https:\/\/tabaccomd.com\/ro\/wp-json\/wp\/v2\/media\/131227"}],"wp:attachment":[{"href":"https:\/\/tabaccomd.com\/ro\/wp-json\/wp\/v2\/media?parent=131228"}],"wp:term":[{"taxonomy":"product_brand","embeddable":true,"href":"https:\/\/tabaccomd.com\/ro\/wp-json\/wp\/v2\/product_brand?post=131228"},{"taxonomy":"product_cat","embeddable":true,"href":"https:\/\/tabaccomd.com\/ro\/wp-json\/wp\/v2\/product_cat?post=131228"},{"taxonomy":"product_tag","embeddable":true,"href":"https:\/\/tabaccomd.com\/ro\/wp-json\/wp\/v2\/product_tag?post=131228"}],"curies":[{"name":"wp","href":"https:\/\/api.w.org\/{rel}","templated":true}]}}