{"id":129931,"date":"2023-12-05T12:40:05","date_gmt":"2023-12-05T09:40:05","guid":{"rendered":"https:\/\/tabaccomd.com\/?post_type=product&#038;p=129931"},"modified":"2024-01-04T16:28:22","modified_gmt":"2024-01-04T13:28:22","slug":"trabucuri-romeo-y-julieta-churchills-25","status":"publish","type":"product","link":"https:\/\/tabaccomd.com\/ro\/product\/trabucuri-romeo-y-julieta-churchills-25\/","title":{"rendered":"Trabucuri Romeo y Julieta Churchills 25"},"content":{"rendered":"<p><a href=\"https:\/\/tabaccomd.com\/ro\/categorie-produs\/trabucuri\/trabucuri-din-cuba\/\" target=\"_blank\" rel=\"noopener\">Romeo y Julieta Churchills<\/a> &#8211; este o adev\u0103rat\u0103 legend\u0103 cubanez\u0103, de format Churchill, care vine \u00eentr-o cutie de 25 de trabucuri. <a href=\"https:\/\/tabaccomd.com\/ro\/categorie-produs\/trabucuri\/trabucuri-din-cuba\/\" target=\"_blank\" rel=\"noopener\">Churchills<\/a> de la acest brand este un trabuc puternic, dar \u00een acela\u0219i timp uimitor de neted\u0103, cu arome bogate \u0219i clasice cubaneze. Este un trabuc superb, care ar trebui s\u0103 se afle \u00een fiecare humidor al unui cunosc\u0103tor experimentat al trabucilor cubaneze. Prima treime &#8211; \u00eenceputul aduce o complexitate a aromelor de miere, zah\u0103r ars \u0219i cafea dulce. Toate aromele sunt intense \u0219i, \u00een acela\u0219i timp, foarte dulci. A doua treime &#8211; \u00een a doua treime, aromele r\u0103m\u00e2n consistente. Se adaug\u0103 note de p\u00e2ine pr\u0103jit\u0103, cire\u0219e negre dulci \u0219i fructe. Aromele dulci din prima treime devin mai intense. Ultima treime &#8211; \u00een treimea final\u0103, dulcea\u021ba din primele dou\u0103 treimi dispare, l\u0103s\u00e2nd loc pentru arome mai puternice \u0219i mai bogate de tutun. <a href=\"https:\/\/tabaccomd.com\/ro\/categorie-produs\/trabucuri\/trabucuri-din-cuba\/\" target=\"_blank\" rel=\"noopener\">Romeo y Julieta Churchills<\/a> este trabuc pe care fiecare cunosc\u0103tor adev\u0103rat al <strong> trabucilor cubaneze <\/strong> ar trebui s\u0103 o \u00eencerce.<\/p>\n","protected":false},"excerpt":{"rendered":"<ul>\n<li>Pret pentru 25 buc\u0103\u021bi<\/li>\n<li>\u021aara: Cuba<\/li>\n<li>Produc\u0103tor: Habanos S.A.<\/li>\n<li>Tarie: Medium<\/li>\n<li>Dimensiune: 178*18.65 mm<\/li>\n<li>Format: Churchill<\/li>\n<li><\/li>\n<\/ul>\n","protected":false},"featured_media":129930,"template":"","meta":{"om_disable_all_campaigns":false,"_monsterinsights_skip_tracking":false,"_monsterinsights_sitenote_active":false,"_monsterinsights_sitenote_note":"","_monsterinsights_sitenote_category":0},"product_brand":[],"product_cat":[155],"product_tag":[],"class_list":{"0":"post-129931","1":"product","2":"type-product","3":"status-publish","4":"has-post-thumbnail","6":"product_cat-trabucuri-din-cuba","8":"first","9":"instock","10":"taxable","11":"shipping-taxable","12":"purchasable","13":"product-type-simple"},"aioseo_notices":[],"aioseo_head":"\n\t\t<!-- All in One SEO Pro 4.9.5.2 - aioseo.com -->\n\t<meta name=\"description\" content=\"Trabucuri Romeo y Julieta Churchills 25 \u00een Chi\u0219in\u0103u cu livrare. \u260e 061-000-935 Site-ul nostru tabaccomd.com ofer\u0103 o gam\u0103 larg\u0103 de trabucuri, cigarillos, umidificatoare, ghilotine, brichete, chibrituri, chibrituri pentru trabucuri, scrumiere pentru trabucuri.\u2b50\u2b50\u2b50\u2b50\u2b50\" \/>\n\t<meta name=\"robots\" content=\"max-image-preview:large\" \/>\n\t<link rel=\"canonical\" href=\"https:\/\/tabaccomd.com\/ro\/product\/trabucuri-romeo-y-julieta-churchills-25\/\" \/>\n\t<meta name=\"generator\" content=\"All in One SEO Pro (AIOSEO) 4.9.5.2\" \/>\n\t\t<meta property=\"og:locale\" content=\"ro_RO\" \/>\n\t\t<meta property=\"og:site_name\" content=\"Tabacco House \u2013 \u041c\u0430\u0433\u0430\u0437\u0438\u043d \u0442\u0430\u0431\u0430\u0447\u043d\u044b\u0445 \u0438\u0437\u0434\u0435\u043b\u0438\u0439\" \/>\n\t\t<meta property=\"og:type\" content=\"article\" \/>\n\t\t<meta property=\"og:title\" content=\"Trabucuri Romeo y Julieta Churchills 25 cump\u0103ra\u021bi \u00een Chi\u0219in\u0103u \u2b50 \u2013 Tabacco House\" \/>\n\t\t<meta property=\"og:description\" content=\"Trabucuri Romeo y Julieta Churchills 25 \u00een Chi\u0219in\u0103u cu livrare. \u260e 061-000-935 Site-ul nostru tabaccomd.com ofer\u0103 o gam\u0103 larg\u0103 de trabucuri, cigarillos, umidificatoare, ghilotine, brichete, chibrituri, chibrituri pentru trabucuri, scrumiere pentru trabucuri.\u2b50\u2b50\u2b50\u2b50\u2b50\" \/>\n\t\t<meta property=\"og:url\" content=\"https:\/\/tabaccomd.com\/ro\/product\/trabucuri-romeo-y-julieta-churchills-25\/\" \/>\n\t\t<meta property=\"article:published_time\" content=\"2023-12-05T09:40:05+00:00\" \/>\n\t\t<meta property=\"article:modified_time\" content=\"2024-01-04T13:28:22+00:00\" \/>\n\t\t<meta property=\"article:publisher\" content=\"https:\/\/www.facebook.com\/tabaccomd.com\/\" \/>\n\t\t<meta name=\"twitter:card\" content=\"summary_large_image\" \/>\n\t\t<meta name=\"twitter:title\" content=\"Trabucuri Romeo y Julieta Churchills 25 cump\u0103ra\u021bi \u00een Chi\u0219in\u0103u \u2b50 \u2013 Tabacco House\" \/>\n\t\t<meta name=\"twitter:description\" content=\"Trabucuri Romeo y Julieta Churchills 25 \u00een Chi\u0219in\u0103u cu livrare. \u260e 061-000-935 Site-ul nostru tabaccomd.com ofer\u0103 o gam\u0103 larg\u0103 de trabucuri, cigarillos, umidificatoare, ghilotine, brichete, chibrituri, chibrituri pentru trabucuri, scrumiere pentru trabucuri.\u2b50\u2b50\u2b50\u2b50\u2b50\" \/>\n\t\t<script type=\"application\/ld+json\" class=\"aioseo-schema\">\n\t\t\t{\"@context\":\"https:\\\/\\\/schema.org\",\"@graph\":[{\"@type\":\"BreadcrumbList\",\"@id\":\"https:\\\/\\\/tabaccomd.com\\\/ro\\\/product\\\/trabucuri-romeo-y-julieta-churchills-25\\\/#breadcrumblist\",\"itemListElement\":[{\"@type\":\"ListItem\",\"@id\":\"https:\\\/\\\/tabaccomd.com\\\/ro\\\/#listItem\",\"position\":1,\"name\":\"\\u0413\\u043b\\u0430\\u0432\\u043d\\u0430\\u044f\",\"item\":\"https:\\\/\\\/tabaccomd.com\\\/ro\\\/\",\"nextItem\":{\"@type\":\"ListItem\",\"@id\":\"https:\\\/\\\/tabaccomd.com\\\/ro\\\/catalog\\\/#listItem\",\"name\":\"Catalog\"}},{\"@type\":\"ListItem\",\"@id\":\"https:\\\/\\\/tabaccomd.com\\\/ro\\\/catalog\\\/#listItem\",\"position\":2,\"name\":\"Catalog\",\"item\":\"https:\\\/\\\/tabaccomd.com\\\/ro\\\/catalog\\\/\",\"nextItem\":{\"@type\":\"ListItem\",\"@id\":\"https:\\\/\\\/tabaccomd.com\\\/ro\\\/product-category\\\/trabucuri\\\/#listItem\",\"name\":\"Trabucuri\"},\"previousItem\":{\"@type\":\"ListItem\",\"@id\":\"https:\\\/\\\/tabaccomd.com\\\/ro\\\/#listItem\",\"name\":\"\\u0413\\u043b\\u0430\\u0432\\u043d\\u0430\\u044f\"}},{\"@type\":\"ListItem\",\"@id\":\"https:\\\/\\\/tabaccomd.com\\\/ro\\\/product-category\\\/trabucuri\\\/#listItem\",\"position\":3,\"name\":\"Trabucuri\",\"item\":\"https:\\\/\\\/tabaccomd.com\\\/ro\\\/product-category\\\/trabucuri\\\/\",\"nextItem\":{\"@type\":\"ListItem\",\"@id\":\"https:\\\/\\\/tabaccomd.com\\\/ro\\\/product-category\\\/trabucuri\\\/trabucuri-din-cuba\\\/#listItem\",\"name\":\"Trabucuri din Cuba\"},\"previousItem\":{\"@type\":\"ListItem\",\"@id\":\"https:\\\/\\\/tabaccomd.com\\\/ro\\\/catalog\\\/#listItem\",\"name\":\"Catalog\"}},{\"@type\":\"ListItem\",\"@id\":\"https:\\\/\\\/tabaccomd.com\\\/ro\\\/product-category\\\/trabucuri\\\/trabucuri-din-cuba\\\/#listItem\",\"position\":4,\"name\":\"Trabucuri din Cuba\",\"item\":\"https:\\\/\\\/tabaccomd.com\\\/ro\\\/product-category\\\/trabucuri\\\/trabucuri-din-cuba\\\/\",\"nextItem\":{\"@type\":\"ListItem\",\"@id\":\"https:\\\/\\\/tabaccomd.com\\\/ro\\\/product\\\/trabucuri-romeo-y-julieta-churchills-25\\\/#listItem\",\"name\":\"Trabucuri Romeo y Julieta Churchills 25\"},\"previousItem\":{\"@type\":\"ListItem\",\"@id\":\"https:\\\/\\\/tabaccomd.com\\\/ro\\\/product-category\\\/trabucuri\\\/#listItem\",\"name\":\"Trabucuri\"}},{\"@type\":\"ListItem\",\"@id\":\"https:\\\/\\\/tabaccomd.com\\\/ro\\\/product\\\/trabucuri-romeo-y-julieta-churchills-25\\\/#listItem\",\"position\":5,\"name\":\"Trabucuri Romeo y Julieta Churchills 25\",\"previousItem\":{\"@type\":\"ListItem\",\"@id\":\"https:\\\/\\\/tabaccomd.com\\\/ro\\\/product-category\\\/trabucuri\\\/trabucuri-din-cuba\\\/#listItem\",\"name\":\"Trabucuri din Cuba\"}}]},{\"@type\":\"Organization\",\"@id\":\"https:\\\/\\\/tabaccomd.com\\\/ro\\\/#organization\",\"name\":\"Tabacco House\",\"description\":\"\\u041c\\u0430\\u0433\\u0430\\u0437\\u0438\\u043d \\u0442\\u0430\\u0431\\u0430\\u0447\\u043d\\u044b\\u0445 \\u0438\\u0437\\u0434\\u0435\\u043b\\u0438\\u0439\",\"url\":\"https:\\\/\\\/tabaccomd.com\\\/ro\\\/\",\"email\":\"Office@cazacuhouse.com\",\"telephone\":\"+37361000935\",\"logo\":{\"@type\":\"ImageObject\",\"url\":\"https:\\\/\\\/tabaccomd.com\\\/wp-content\\\/uploads\\\/2024\\\/02\\\/logo_header3.png\",\"@id\":\"https:\\\/\\\/tabaccomd.com\\\/ro\\\/product\\\/trabucuri-romeo-y-julieta-churchills-25\\\/#organizationLogo\",\"width\":32,\"height\":32,\"caption\":\"Tabacco House\"},\"image\":{\"@id\":\"https:\\\/\\\/tabaccomd.com\\\/ro\\\/product\\\/trabucuri-romeo-y-julieta-churchills-25\\\/#organizationLogo\"},\"sameAs\":[\"https:\\\/\\\/www.facebook.com\\\/tabaccomd.com\\\/\",\"https:\\\/\\\/www.instagram.com\\\/tabaccomd.com\\\/\"],\"address\":{\"@id\":\"https:\\\/\\\/tabaccomd.com\\\/ro\\\/#postaladdress\",\"@type\":\"PostalAddress\",\"streetAddress\":\"Strada Albi\\u015foara 4, Chi\\u0219in\\u0103u, Bulevardul \\u0218tefan cel Mare \\u0219i Sf\\u00eent 136, Chi\\u0219in\\u0103u\",\"addressLocality\":\"Chi\\u0219in\\u0103u\",\"addressCountry\":\"MD\"}},{\"@type\":\"Product\",\"@id\":\"https:\\\/\\\/tabaccomd.com\\\/ro\\\/product\\\/trabucuri-romeo-y-julieta-churchills-25\\\/#wooCommerceProduct\",\"name\":\"Trabucuri Romeo y Julieta Churchills 25\",\"description\":\"Pret pentru 25 buc\\u0103\\u021bi\\r\\n \\t\\u021aara: Cuba\\r\\n \\tProduc\\u0103tor: Habanos S.A.\\r\\n \\tTarie: Medium\\r\\n \\tDimensiune: 178*18.65 mm\\r\\n \\tFormat: Churchill\",\"url\":\"https:\\\/\\\/tabaccomd.com\\\/ro\\\/product\\\/trabucuri-romeo-y-julieta-churchills-25\\\/\",\"sku\":\"ROM006\",\"image\":{\"@type\":\"ImageObject\",\"url\":\"https:\\\/\\\/tabaccomd.com\\\/wp-content\\\/uploads\\\/2023\\\/12\\\/romeo-and-julieta-churchills.jpg\",\"@id\":\"https:\\\/\\\/tabaccomd.com\\\/ro\\\/product\\\/trabucuri-romeo-y-julieta-churchills-25\\\/#productImage\",\"width\":1000,\"height\":1000,\"caption\":\"\\u0421\\u0438\\u0433\\u0430\\u0440\\u044b Romeo y Julieta Churchills 25\"},\"offers\":{\"@type\":\"Offer\",\"url\":\"https:\\\/\\\/tabaccomd.com\\\/ro\\\/product\\\/trabucuri-romeo-y-julieta-churchills-25\\\/#wooCommerceOffer\",\"price\":18000,\"priceCurrency\":\"MDL\",\"category\":\"Trabucuri din Cuba\",\"availability\":\"https:\\\/\\\/schema.org\\\/InStock\",\"priceSpecification\":{\"@type\":\"PriceSpecification\",\"price\":18000,\"priceCurrency\":\"MDL\",\"valueAddedTaxIncluded\":\"true\"},\"seller\":{\"@type\":\"Organization\",\"@id\":\"https:\\\/\\\/tabaccomd.com\\\/ro\\\/#organization\"}}},{\"@type\":\"WebPage\",\"@id\":\"https:\\\/\\\/tabaccomd.com\\\/ro\\\/product\\\/trabucuri-romeo-y-julieta-churchills-25\\\/#webpage\",\"url\":\"https:\\\/\\\/tabaccomd.com\\\/ro\\\/product\\\/trabucuri-romeo-y-julieta-churchills-25\\\/\",\"name\":\"Trabucuri Romeo y Julieta Churchills 25 cump\\u0103ra\\u021bi \\u00een Chi\\u0219in\\u0103u \\u2b50 \\u2013 Tabacco House\",\"description\":\"Trabucuri Romeo y Julieta Churchills 25 \\u00een Chi\\u0219in\\u0103u cu livrare. \\u260e 061-000-935 Site-ul nostru tabaccomd.com ofer\\u0103 o gam\\u0103 larg\\u0103 de trabucuri, cigarillos, umidificatoare, ghilotine, brichete, chibrituri, chibrituri pentru trabucuri, scrumiere pentru trabucuri.\\u2b50\\u2b50\\u2b50\\u2b50\\u2b50\",\"inLanguage\":\"ro-RO\",\"isPartOf\":{\"@id\":\"https:\\\/\\\/tabaccomd.com\\\/ro\\\/#website\"},\"breadcrumb\":{\"@id\":\"https:\\\/\\\/tabaccomd.com\\\/ro\\\/product\\\/trabucuri-romeo-y-julieta-churchills-25\\\/#breadcrumblist\"},\"image\":{\"@type\":\"ImageObject\",\"url\":\"https:\\\/\\\/tabaccomd.com\\\/wp-content\\\/uploads\\\/2023\\\/12\\\/romeo-and-julieta-churchills.jpg\",\"@id\":\"https:\\\/\\\/tabaccomd.com\\\/ro\\\/product\\\/trabucuri-romeo-y-julieta-churchills-25\\\/#mainImage\",\"width\":1000,\"height\":1000,\"caption\":\"\\u0421\\u0438\\u0433\\u0430\\u0440\\u044b Romeo y Julieta Churchills 25\"},\"primaryImageOfPage\":{\"@id\":\"https:\\\/\\\/tabaccomd.com\\\/ro\\\/product\\\/trabucuri-romeo-y-julieta-churchills-25\\\/#mainImage\"},\"datePublished\":\"2023-12-05T12:40:05+03:00\",\"dateModified\":\"2024-01-04T16:28:22+03:00\"},{\"@type\":\"WebSite\",\"@id\":\"https:\\\/\\\/tabaccomd.com\\\/ro\\\/#website\",\"url\":\"https:\\\/\\\/tabaccomd.com\\\/ro\\\/\",\"name\":\"Tabacco House\",\"alternateName\":\"tobaccomd.com\",\"description\":\"\\u041c\\u0430\\u0433\\u0430\\u0437\\u0438\\u043d \\u0442\\u0430\\u0431\\u0430\\u0447\\u043d\\u044b\\u0445 \\u0438\\u0437\\u0434\\u0435\\u043b\\u0438\\u0439\",\"inLanguage\":\"ro-RO\",\"publisher\":{\"@id\":\"https:\\\/\\\/tabaccomd.com\\\/ro\\\/#organization\"}}]}\n\t\t<\/script>\n\t\t<!-- All in One SEO Pro -->\r\n\t\t<title>Trabucuri Romeo y Julieta Churchills 25 cump\u0103ra\u021bi \u00een Chi\u0219in\u0103u \u2b50 \u2013 Tabacco House<\/title>\n\n","aioseo_head_json":{"title":"Trabucuri Romeo y Julieta Churchills 25 cump\u0103ra\u021bi \u00een Chi\u0219in\u0103u \u2b50 \u2013 Tabacco House","description":"Trabucuri Romeo y Julieta Churchills 25 \u00een Chi\u0219in\u0103u cu livrare. \u260e 061-000-935 Site-ul nostru tabaccomd.com ofer\u0103 o gam\u0103 larg\u0103 de trabucuri, cigarillos, umidificatoare, ghilotine, brichete, chibrituri, chibrituri pentru trabucuri, scrumiere pentru trabucuri.\u2b50\u2b50\u2b50\u2b50\u2b50","canonical_url":"https:\/\/tabaccomd.com\/ro\/product\/trabucuri-romeo-y-julieta-churchills-25\/","robots":"max-image-preview:large","keywords":"","webmasterTools":{"miscellaneous":""},"schema":{"@context":"https:\/\/schema.org","@graph":[{"@type":"BreadcrumbList","@id":"https:\/\/tabaccomd.com\/ro\/product\/trabucuri-romeo-y-julieta-churchills-25\/#breadcrumblist","itemListElement":[{"@type":"ListItem","@id":"https:\/\/tabaccomd.com\/ro\/#listItem","position":1,"name":"\u0413\u043b\u0430\u0432\u043d\u0430\u044f","item":"https:\/\/tabaccomd.com\/ro\/","nextItem":{"@type":"ListItem","@id":"https:\/\/tabaccomd.com\/ro\/catalog\/#listItem","name":"Catalog"}},{"@type":"ListItem","@id":"https:\/\/tabaccomd.com\/ro\/catalog\/#listItem","position":2,"name":"Catalog","item":"https:\/\/tabaccomd.com\/ro\/catalog\/","nextItem":{"@type":"ListItem","@id":"https:\/\/tabaccomd.com\/ro\/product-category\/trabucuri\/#listItem","name":"Trabucuri"},"previousItem":{"@type":"ListItem","@id":"https:\/\/tabaccomd.com\/ro\/#listItem","name":"\u0413\u043b\u0430\u0432\u043d\u0430\u044f"}},{"@type":"ListItem","@id":"https:\/\/tabaccomd.com\/ro\/product-category\/trabucuri\/#listItem","position":3,"name":"Trabucuri","item":"https:\/\/tabaccomd.com\/ro\/product-category\/trabucuri\/","nextItem":{"@type":"ListItem","@id":"https:\/\/tabaccomd.com\/ro\/product-category\/trabucuri\/trabucuri-din-cuba\/#listItem","name":"Trabucuri din Cuba"},"previousItem":{"@type":"ListItem","@id":"https:\/\/tabaccomd.com\/ro\/catalog\/#listItem","name":"Catalog"}},{"@type":"ListItem","@id":"https:\/\/tabaccomd.com\/ro\/product-category\/trabucuri\/trabucuri-din-cuba\/#listItem","position":4,"name":"Trabucuri din Cuba","item":"https:\/\/tabaccomd.com\/ro\/product-category\/trabucuri\/trabucuri-din-cuba\/","nextItem":{"@type":"ListItem","@id":"https:\/\/tabaccomd.com\/ro\/product\/trabucuri-romeo-y-julieta-churchills-25\/#listItem","name":"Trabucuri Romeo y Julieta Churchills 25"},"previousItem":{"@type":"ListItem","@id":"https:\/\/tabaccomd.com\/ro\/product-category\/trabucuri\/#listItem","name":"Trabucuri"}},{"@type":"ListItem","@id":"https:\/\/tabaccomd.com\/ro\/product\/trabucuri-romeo-y-julieta-churchills-25\/#listItem","position":5,"name":"Trabucuri Romeo y Julieta Churchills 25","previousItem":{"@type":"ListItem","@id":"https:\/\/tabaccomd.com\/ro\/product-category\/trabucuri\/trabucuri-din-cuba\/#listItem","name":"Trabucuri din Cuba"}}]},{"@type":"Organization","@id":"https:\/\/tabaccomd.com\/ro\/#organization","name":"Tabacco House","description":"\u041c\u0430\u0433\u0430\u0437\u0438\u043d \u0442\u0430\u0431\u0430\u0447\u043d\u044b\u0445 \u0438\u0437\u0434\u0435\u043b\u0438\u0439","url":"https:\/\/tabaccomd.com\/ro\/","email":"Office@cazacuhouse.com","telephone":"+37361000935","logo":{"@type":"ImageObject","url":"https:\/\/tabaccomd.com\/wp-content\/uploads\/2024\/02\/logo_header3.png","@id":"https:\/\/tabaccomd.com\/ro\/product\/trabucuri-romeo-y-julieta-churchills-25\/#organizationLogo","width":32,"height":32,"caption":"Tabacco House"},"image":{"@id":"https:\/\/tabaccomd.com\/ro\/product\/trabucuri-romeo-y-julieta-churchills-25\/#organizationLogo"},"sameAs":["https:\/\/www.facebook.com\/tabaccomd.com\/","https:\/\/www.instagram.com\/tabaccomd.com\/"],"address":{"@id":"https:\/\/tabaccomd.com\/ro\/#postaladdress","@type":"PostalAddress","streetAddress":"Strada Albi\u015foara 4, Chi\u0219in\u0103u, Bulevardul \u0218tefan cel Mare \u0219i Sf\u00eent 136, Chi\u0219in\u0103u","addressLocality":"Chi\u0219in\u0103u","addressCountry":"MD"}},{"@type":"Product","@id":"https:\/\/tabaccomd.com\/ro\/product\/trabucuri-romeo-y-julieta-churchills-25\/#wooCommerceProduct","name":"Trabucuri Romeo y Julieta Churchills 25","description":"Pret pentru 25 buc\u0103\u021bi\r\n \t\u021aara: Cuba\r\n \tProduc\u0103tor: Habanos S.A.\r\n \tTarie: Medium\r\n \tDimensiune: 178*18.65 mm\r\n \tFormat: Churchill","url":"https:\/\/tabaccomd.com\/ro\/product\/trabucuri-romeo-y-julieta-churchills-25\/","sku":"ROM006","image":{"@type":"ImageObject","url":"https:\/\/tabaccomd.com\/wp-content\/uploads\/2023\/12\/romeo-and-julieta-churchills.jpg","@id":"https:\/\/tabaccomd.com\/ro\/product\/trabucuri-romeo-y-julieta-churchills-25\/#productImage","width":1000,"height":1000,"caption":"\u0421\u0438\u0433\u0430\u0440\u044b Romeo y Julieta Churchills 25"},"offers":{"@type":"Offer","url":"https:\/\/tabaccomd.com\/ro\/product\/trabucuri-romeo-y-julieta-churchills-25\/#wooCommerceOffer","price":18000,"priceCurrency":"MDL","category":"Trabucuri din Cuba","availability":"https:\/\/schema.org\/InStock","priceSpecification":{"@type":"PriceSpecification","price":18000,"priceCurrency":"MDL","valueAddedTaxIncluded":"true"},"seller":{"@type":"Organization","@id":"https:\/\/tabaccomd.com\/ro\/#organization"}}},{"@type":"WebPage","@id":"https:\/\/tabaccomd.com\/ro\/product\/trabucuri-romeo-y-julieta-churchills-25\/#webpage","url":"https:\/\/tabaccomd.com\/ro\/product\/trabucuri-romeo-y-julieta-churchills-25\/","name":"Trabucuri Romeo y Julieta Churchills 25 cump\u0103ra\u021bi \u00een Chi\u0219in\u0103u \u2b50 \u2013 Tabacco House","description":"Trabucuri Romeo y Julieta Churchills 25 \u00een Chi\u0219in\u0103u cu livrare. \u260e 061-000-935 Site-ul nostru tabaccomd.com ofer\u0103 o gam\u0103 larg\u0103 de trabucuri, cigarillos, umidificatoare, ghilotine, brichete, chibrituri, chibrituri pentru trabucuri, scrumiere pentru trabucuri.\u2b50\u2b50\u2b50\u2b50\u2b50","inLanguage":"ro-RO","isPartOf":{"@id":"https:\/\/tabaccomd.com\/ro\/#website"},"breadcrumb":{"@id":"https:\/\/tabaccomd.com\/ro\/product\/trabucuri-romeo-y-julieta-churchills-25\/#breadcrumblist"},"image":{"@type":"ImageObject","url":"https:\/\/tabaccomd.com\/wp-content\/uploads\/2023\/12\/romeo-and-julieta-churchills.jpg","@id":"https:\/\/tabaccomd.com\/ro\/product\/trabucuri-romeo-y-julieta-churchills-25\/#mainImage","width":1000,"height":1000,"caption":"\u0421\u0438\u0433\u0430\u0440\u044b Romeo y Julieta Churchills 25"},"primaryImageOfPage":{"@id":"https:\/\/tabaccomd.com\/ro\/product\/trabucuri-romeo-y-julieta-churchills-25\/#mainImage"},"datePublished":"2023-12-05T12:40:05+03:00","dateModified":"2024-01-04T16:28:22+03:00"},{"@type":"WebSite","@id":"https:\/\/tabaccomd.com\/ro\/#website","url":"https:\/\/tabaccomd.com\/ro\/","name":"Tabacco House","alternateName":"tobaccomd.com","description":"\u041c\u0430\u0433\u0430\u0437\u0438\u043d \u0442\u0430\u0431\u0430\u0447\u043d\u044b\u0445 \u0438\u0437\u0434\u0435\u043b\u0438\u0439","inLanguage":"ro-RO","publisher":{"@id":"https:\/\/tabaccomd.com\/ro\/#organization"}}]},"og:locale":"ro_RO","og:site_name":"Tabacco House \u2013 \u041c\u0430\u0433\u0430\u0437\u0438\u043d \u0442\u0430\u0431\u0430\u0447\u043d\u044b\u0445 \u0438\u0437\u0434\u0435\u043b\u0438\u0439","og:type":"article","og:title":"Trabucuri Romeo y Julieta Churchills 25 cump\u0103ra\u021bi \u00een Chi\u0219in\u0103u \u2b50 \u2013 Tabacco House","og:description":"Trabucuri Romeo y Julieta Churchills 25 \u00een Chi\u0219in\u0103u cu livrare. \u260e 061-000-935 Site-ul nostru tabaccomd.com ofer\u0103 o gam\u0103 larg\u0103 de trabucuri, cigarillos, umidificatoare, ghilotine, brichete, chibrituri, chibrituri pentru trabucuri, scrumiere pentru trabucuri.\u2b50\u2b50\u2b50\u2b50\u2b50","og:url":"https:\/\/tabaccomd.com\/ro\/product\/trabucuri-romeo-y-julieta-churchills-25\/","article:published_time":"2023-12-05T09:40:05+00:00","article:modified_time":"2024-01-04T13:28:22+00:00","article:publisher":"https:\/\/www.facebook.com\/tabaccomd.com\/","twitter:card":"summary_large_image","twitter:title":"Trabucuri Romeo y Julieta Churchills 25 cump\u0103ra\u021bi \u00een Chi\u0219in\u0103u \u2b50 \u2013 Tabacco House","twitter:description":"Trabucuri Romeo y Julieta Churchills 25 \u00een Chi\u0219in\u0103u cu livrare. \u260e 061-000-935 Site-ul nostru tabaccomd.com ofer\u0103 o gam\u0103 larg\u0103 de trabucuri, cigarillos, umidificatoare, ghilotine, brichete, chibrituri, chibrituri pentru trabucuri, scrumiere pentru trabucuri.\u2b50\u2b50\u2b50\u2b50\u2b50"},"aioseo_meta_data":{"post_id":"129931","title":"#post_title cump\u0103ra\u021bi \u00een Chi\u0219in\u0103u \u2b50 #separator_sa #site_title","description":"#post_title \u00een Chi\u0219in\u0103u cu livrare. \u260e 061-000-935 Site-ul nostru tabaccomd.com ofer\u0103 o gam\u0103 larg\u0103 de trabucuri, cigarillos, umidificatoare, ghilotine, brichete, chibrituri, chibrituri pentru trabucuri, scrumiere pentru trabucuri.\u2b50\u2b50\u2b50\u2b50\u2b50","keywords":[],"keyphrases":{"focus":{"keyphrase":"Trabucuri Romeo y Julieta Churchills 25","score":78,"analysis":{"keyphraseInTitle":{"score":9,"maxScore":9,"error":0},"keyphraseInDescription":{"score":9,"maxScore":9,"error":0},"keyphraseLength":{"score":6,"maxScore":9,"error":1,"length":5},"keyphraseInURL":{"score":5,"maxScore":5,"error":0},"keyphraseInIntroduction":{"score":3,"maxScore":9,"error":1},"keyphraseInSubHeadings":[],"keyphraseInImageAlt":[]}},"additional":[]},"primary_term":null,"canonical_url":null,"og_title":null,"og_description":null,"og_object_type":"default","og_image_type":"default","og_image_url":null,"og_image_width":null,"og_image_height":null,"og_image_custom_url":null,"og_image_custom_fields":null,"og_video":"","og_custom_url":null,"og_article_section":null,"og_article_tags":[],"twitter_use_og":false,"twitter_card":"default","twitter_image_type":"default","twitter_image_url":null,"twitter_image_custom_url":null,"twitter_image_custom_fields":null,"twitter_title":null,"twitter_description":null,"schema":{"blockGraphs":[],"customGraphs":[],"default":{"data":{"Article":[],"Course":[],"Dataset":[],"FAQPage":[],"Movie":[],"Person":[],"Product":[],"ProductReview":[],"Car":[],"Recipe":[],"Service":[],"SoftwareApplication":[],"WebPage":[]},"graphName":"ItemPage","isEnabled":true},"graphs":[]},"schema_type":"default","schema_type_options":null,"pillar_content":false,"robots_default":true,"robots_noindex":false,"robots_noarchive":false,"robots_nosnippet":false,"robots_nofollow":false,"robots_noimageindex":false,"robots_noodp":false,"robots_notranslate":false,"robots_max_snippet":"-1","robots_max_videopreview":"-1","robots_max_imagepreview":"large","priority":null,"frequency":"default","local_seo":null,"seo_analyzer_scan_date":"2025-10-20 15:13:02","breadcrumb_settings":null,"limit_modified_date":false,"reviewed_by":null,"open_ai":null,"ai":null,"created":"2023-12-05 09:40:33","updated":"2025-10-20 15:13:02"},"aioseo_breadcrumb":"<div class=\"aioseo-breadcrumbs\"><span class=\"aioseo-breadcrumb\">\n\t<a href=\"https:\/\/tabaccomd.com\/ro\/\" title=\"\u0413\u043b\u0430\u0432\u043d\u0430\u044f\">\u0413\u043b\u0430\u0432\u043d\u0430\u044f<\/a>\n<\/span><span class=\"aioseo-breadcrumb-separator\">\u00bb<\/span><span class=\"aioseo-breadcrumb\">\n\t<a href=\"https:\/\/tabaccomd.com\/ro\/catalog\/\" title=\"Catalog\">Catalog<\/a>\n<\/span><span class=\"aioseo-breadcrumb-separator\">\u00bb<\/span><span class=\"aioseo-breadcrumb\">\n\t<a href=\"https:\/\/tabaccomd.com\/ro\/product-category\/trabucuri\/\" title=\"Trabucuri\">Trabucuri<\/a>\n<\/span><span class=\"aioseo-breadcrumb-separator\">\u00bb<\/span><span class=\"aioseo-breadcrumb\">\n\t<a href=\"https:\/\/tabaccomd.com\/ro\/product-category\/trabucuri\/trabucuri-din-cuba\/\" title=\"Trabucuri din Cuba\">Trabucuri din Cuba<\/a>\n<\/span><span class=\"aioseo-breadcrumb-separator\">\u00bb<\/span><span class=\"aioseo-breadcrumb\">\n\tTrabucuri Romeo y Julieta Churchills 25\n<\/span><\/div>","aioseo_breadcrumb_json":[{"label":"\u0413\u043b\u0430\u0432\u043d\u0430\u044f","link":"https:\/\/tabaccomd.com\/ro\/"},{"label":"Catalog","link":"https:\/\/tabaccomd.com\/ro\/catalog\/"},{"label":"Trabucuri","link":"https:\/\/tabaccomd.com\/ro\/product-category\/trabucuri\/"},{"label":"Trabucuri din Cuba","link":"https:\/\/tabaccomd.com\/ro\/product-category\/trabucuri\/trabucuri-din-cuba\/"},{"label":"Trabucuri Romeo y Julieta Churchills 25","link":"https:\/\/tabaccomd.com\/ro\/product\/trabucuri-romeo-y-julieta-churchills-25\/"}],"images_for_1c":[{"url":"https:\/\/tabaccomd.com\/wp-content\/uploads\/2023\/12\/romeo-and-julieta-churchills.jpg","type":"featured","alt":"\u0421\u0438\u0433\u0430\u0440\u044b Romeo y Julieta Churchills 25","filename":"romeo-and-julieta-churchills.jpg"},{"url":"https:\/\/tabaccomd.com\/wp-content\/uploads\/2023\/12\/Churchills-1.jpg","type":"gallery","alt":"","filename":"Churchills-1.jpg"},{"url":"https:\/\/tabaccomd.com\/wp-content\/uploads\/2023\/12\/RYJ_Church91.jpg","type":"gallery","alt":"","filename":"RYJ_Church91.jpg"},{"url":"https:\/\/tabaccomd.com\/wp-content\/uploads\/2023\/12\/RYJ_Church293.jpg","type":"gallery","alt":"","filename":"RYJ_Church293.jpg"}],"additional_data_1c":{"modified_date":"2024-01-04 16:28:22","permalink":"https:\/\/tabaccomd.com\/ro\/product\/trabucuri-romeo-y-julieta-churchills-25\/","stock_status":"instock","manage_stock":"no"},"_links":{"self":[{"href":"https:\/\/tabaccomd.com\/ro\/wp-json\/wp\/v2\/product\/129931","targetHints":{"allow":["GET"]}}],"collection":[{"href":"https:\/\/tabaccomd.com\/ro\/wp-json\/wp\/v2\/product"}],"about":[{"href":"https:\/\/tabaccomd.com\/ro\/wp-json\/wp\/v2\/types\/product"}],"wp:featuredmedia":[{"embeddable":true,"href":"https:\/\/tabaccomd.com\/ro\/wp-json\/wp\/v2\/media\/129930"}],"wp:attachment":[{"href":"https:\/\/tabaccomd.com\/ro\/wp-json\/wp\/v2\/media?parent=129931"}],"wp:term":[{"taxonomy":"product_brand","embeddable":true,"href":"https:\/\/tabaccomd.com\/ro\/wp-json\/wp\/v2\/product_brand?post=129931"},{"taxonomy":"product_cat","embeddable":true,"href":"https:\/\/tabaccomd.com\/ro\/wp-json\/wp\/v2\/product_cat?post=129931"},{"taxonomy":"product_tag","embeddable":true,"href":"https:\/\/tabaccomd.com\/ro\/wp-json\/wp\/v2\/product_tag?post=129931"}],"curies":[{"name":"wp","href":"https:\/\/api.w.org\/{rel}","templated":true}]}}