{"id":129547,"date":"2023-11-29T00:13:54","date_gmt":"2023-11-28T21:13:54","guid":{"rendered":"https:\/\/tabaccomd.com\/?post_type=product&#038;p=129547"},"modified":"2024-01-05T01:41:54","modified_gmt":"2024-01-04T22:41:54","slug":"trabucuri-montecristo-petit-edmundo-25","status":"publish","type":"product","link":"https:\/\/tabaccomd.com\/ro\/product\/trabucuri-montecristo-petit-edmundo-25\/","title":{"rendered":"Trabucuri Montecristo Petit Edmundo 25"},"content":{"rendered":"<p><a href=\"https:\/\/tabaccomd.com\/ro\/categorie-produs\/trabucuri\/trabucuri-din-cuba\/\" target=\"_blank\" rel=\"noopener\">Montecristo Petit Edmundo<\/a> este un trabuc scurt \u0219i groas, cu o intensitate u\u0219or sub medie. Aromele predominante sunt p\u0103m\u00e2ntul \u0219i crengile de alun, iar \u00een gust predomin\u0103 tonuri de p\u0103m\u00e2nt \u00een combina\u021bie cu p\u00e2inea proasp\u0103t coapt\u0103. Prima treime te imerseaz\u0103 imediat \u00een aroma gustului, unde uimitoarea combina\u021bie de p\u0103m\u00e2nt crud \u0219i coaja de p\u00e2ine se \u00eembin\u0103 cu nuan\u021be de prune. A doua treime este tradi\u021bional marcat\u0103 printr-o cre\u0219tere a intensit\u0103\u021bii, aici se simte gustul frunzelor uscate, al condimentelor \u0219i al laptelui condensat, ceea ce reprezint\u0103 o combina\u021bie uimitoare de arome. Fumul devine mai dulce \u0219i mai bogat. \u00cen ultima treime <a href=\"https:\/\/tabaccomd.com\/ro\/categorie-produs\/trabucuri\/trabucuri-din-cuba\/\" target=\"_blank\" rel=\"noopener\">trabucii Montecristo Petit Edmundo<\/a>, se contopesc consisten\u021bele distincte ale gamei de arome, pe care dore\u0219ti mereu s\u0103 le \u00eencerci din nou. Nu este recomandat s\u0103 fumezi <strong> trabucul <\/strong> p\u00e2n\u0103 la cap\u0103t; restul nu ar trebui s\u0103 fie mai mic dec\u00e2t diametrul trabucii. Va merge excelent cu o cea\u0219c\u0103 de cafea sau un pahar de calvados.<\/p>\n","protected":false},"excerpt":{"rendered":"<ul>\n<li>Pret pentru 25 buc\u0103\u021bi<\/li>\n<li>\u021aara: Cuba<\/li>\n<li>Producator: Habanos S.A.<\/li>\n<li>Puterea: Puternic<\/li>\n<li>Dimensiune: 110*20,64 mm<\/li>\n<li>Format: Petit Robusto<\/li>\n<li><\/li>\n<\/ul>\n","protected":false},"featured_media":129546,"template":"","meta":{"om_disable_all_campaigns":false,"_monsterinsights_skip_tracking":false,"_monsterinsights_sitenote_active":false,"_monsterinsights_sitenote_note":"","_monsterinsights_sitenote_category":0},"product_brand":[],"product_cat":[155],"product_tag":[],"class_list":{"0":"post-129547","1":"product","2":"type-product","3":"status-publish","4":"has-post-thumbnail","6":"product_cat-trabucuri-din-cuba","8":"first","9":"instock","10":"taxable","11":"shipping-taxable","12":"purchasable","13":"product-type-simple"},"aioseo_notices":[],"aioseo_head":"\n\t\t<!-- All in One SEO Pro 4.9.6.2 - aioseo.com -->\n\t<meta name=\"description\" content=\"Trabucuri Montecristo Petit Edmundo 25 \u00een Chi\u0219in\u0103u cu livrare. \u260e 061-000-935 Site-ul nostru tabaccomd.com ofer\u0103 o gam\u0103 larg\u0103 de trabucuri, cigarillos, umidificatoare, ghilotine, brichete, chibrituri, chibrituri pentru trabucuri, scrumiere pentru trabucuri.\u2b50\u2b50\u2b50\u2b50\u2b50\" \/>\n\t<meta name=\"robots\" content=\"max-image-preview:large\" \/>\n\t<link rel=\"canonical\" href=\"https:\/\/tabaccomd.com\/ro\/product\/trabucuri-montecristo-petit-edmundo-25\/\" \/>\n\t<meta name=\"generator\" content=\"All in One SEO Pro (AIOSEO) 4.9.6.2\" \/>\n\t\t<meta property=\"og:locale\" content=\"ro_RO\" \/>\n\t\t<meta property=\"og:site_name\" content=\"Tabacco House \u2013 \u041c\u0430\u0433\u0430\u0437\u0438\u043d \u0442\u0430\u0431\u0430\u0447\u043d\u044b\u0445 \u0438\u0437\u0434\u0435\u043b\u0438\u0439\" \/>\n\t\t<meta property=\"og:type\" content=\"article\" \/>\n\t\t<meta property=\"og:title\" content=\"Trabucuri Montecristo Petit Edmundo 25 cump\u0103ra\u021bi \u00een Chi\u0219in\u0103u \u2b50\u2013 Tabacco House\" \/>\n\t\t<meta property=\"og:description\" content=\"Trabucuri Montecristo Petit Edmundo 25 \u00een Chi\u0219in\u0103u cu livrare. \u260e 061-000-935 Site-ul nostru tabaccomd.com ofer\u0103 o gam\u0103 larg\u0103 de trabucuri, cigarillos, umidificatoare, ghilotine, brichete, chibrituri, chibrituri pentru trabucuri, scrumiere pentru trabucuri.\u2b50\u2b50\u2b50\u2b50\u2b50\" \/>\n\t\t<meta property=\"og:url\" content=\"https:\/\/tabaccomd.com\/ro\/product\/trabucuri-montecristo-petit-edmundo-25\/\" \/>\n\t\t<meta property=\"article:published_time\" content=\"2023-11-28T21:13:54+00:00\" \/>\n\t\t<meta property=\"article:modified_time\" content=\"2024-01-04T22:41:54+00:00\" \/>\n\t\t<meta property=\"article:publisher\" content=\"https:\/\/www.facebook.com\/tabaccomd.com\/\" \/>\n\t\t<meta name=\"twitter:card\" content=\"summary_large_image\" \/>\n\t\t<meta name=\"twitter:title\" content=\"Trabucuri Montecristo Petit Edmundo 25 cump\u0103ra\u021bi \u00een Chi\u0219in\u0103u \u2b50\u2013 Tabacco House\" \/>\n\t\t<meta name=\"twitter:description\" content=\"Trabucuri Montecristo Petit Edmundo 25 \u00een Chi\u0219in\u0103u cu livrare. \u260e 061-000-935 Site-ul nostru tabaccomd.com ofer\u0103 o gam\u0103 larg\u0103 de trabucuri, cigarillos, umidificatoare, ghilotine, brichete, chibrituri, chibrituri pentru trabucuri, scrumiere pentru trabucuri.\u2b50\u2b50\u2b50\u2b50\u2b50\" \/>\n\t\t<script type=\"application\/ld+json\" class=\"aioseo-schema\">\n\t\t\t{\"@context\":\"https:\\\/\\\/schema.org\",\"@graph\":[{\"@type\":\"BreadcrumbList\",\"@id\":\"https:\\\/\\\/tabaccomd.com\\\/ro\\\/product\\\/trabucuri-montecristo-petit-edmundo-25\\\/#breadcrumblist\",\"itemListElement\":[{\"@type\":\"ListItem\",\"@id\":\"https:\\\/\\\/tabaccomd.com\\\/ro\\\/#listItem\",\"position\":1,\"name\":\"\\u0413\\u043b\\u0430\\u0432\\u043d\\u0430\\u044f\",\"item\":\"https:\\\/\\\/tabaccomd.com\\\/ro\\\/\",\"nextItem\":{\"@type\":\"ListItem\",\"@id\":\"https:\\\/\\\/tabaccomd.com\\\/ro\\\/catalog\\\/#listItem\",\"name\":\"Catalog\"}},{\"@type\":\"ListItem\",\"@id\":\"https:\\\/\\\/tabaccomd.com\\\/ro\\\/catalog\\\/#listItem\",\"position\":2,\"name\":\"Catalog\",\"item\":\"https:\\\/\\\/tabaccomd.com\\\/ro\\\/catalog\\\/\",\"nextItem\":{\"@type\":\"ListItem\",\"@id\":\"https:\\\/\\\/tabaccomd.com\\\/ro\\\/product-category\\\/trabucuri\\\/#listItem\",\"name\":\"Trabucuri\"},\"previousItem\":{\"@type\":\"ListItem\",\"@id\":\"https:\\\/\\\/tabaccomd.com\\\/ro\\\/#listItem\",\"name\":\"\\u0413\\u043b\\u0430\\u0432\\u043d\\u0430\\u044f\"}},{\"@type\":\"ListItem\",\"@id\":\"https:\\\/\\\/tabaccomd.com\\\/ro\\\/product-category\\\/trabucuri\\\/#listItem\",\"position\":3,\"name\":\"Trabucuri\",\"item\":\"https:\\\/\\\/tabaccomd.com\\\/ro\\\/product-category\\\/trabucuri\\\/\",\"nextItem\":{\"@type\":\"ListItem\",\"@id\":\"https:\\\/\\\/tabaccomd.com\\\/ro\\\/product-category\\\/trabucuri\\\/trabucuri-din-cuba\\\/#listItem\",\"name\":\"Trabucuri din Cuba\"},\"previousItem\":{\"@type\":\"ListItem\",\"@id\":\"https:\\\/\\\/tabaccomd.com\\\/ro\\\/catalog\\\/#listItem\",\"name\":\"Catalog\"}},{\"@type\":\"ListItem\",\"@id\":\"https:\\\/\\\/tabaccomd.com\\\/ro\\\/product-category\\\/trabucuri\\\/trabucuri-din-cuba\\\/#listItem\",\"position\":4,\"name\":\"Trabucuri din Cuba\",\"item\":\"https:\\\/\\\/tabaccomd.com\\\/ro\\\/product-category\\\/trabucuri\\\/trabucuri-din-cuba\\\/\",\"nextItem\":{\"@type\":\"ListItem\",\"@id\":\"https:\\\/\\\/tabaccomd.com\\\/ro\\\/product\\\/trabucuri-montecristo-petit-edmundo-25\\\/#listItem\",\"name\":\"Trabucuri Montecristo Petit Edmundo 25\"},\"previousItem\":{\"@type\":\"ListItem\",\"@id\":\"https:\\\/\\\/tabaccomd.com\\\/ro\\\/product-category\\\/trabucuri\\\/#listItem\",\"name\":\"Trabucuri\"}},{\"@type\":\"ListItem\",\"@id\":\"https:\\\/\\\/tabaccomd.com\\\/ro\\\/product\\\/trabucuri-montecristo-petit-edmundo-25\\\/#listItem\",\"position\":5,\"name\":\"Trabucuri Montecristo Petit Edmundo 25\",\"previousItem\":{\"@type\":\"ListItem\",\"@id\":\"https:\\\/\\\/tabaccomd.com\\\/ro\\\/product-category\\\/trabucuri\\\/trabucuri-din-cuba\\\/#listItem\",\"name\":\"Trabucuri din Cuba\"}}]},{\"@type\":\"Organization\",\"@id\":\"https:\\\/\\\/tabaccomd.com\\\/ro\\\/#organization\",\"name\":\"Tabacco House\",\"description\":\"\\u041c\\u0430\\u0433\\u0430\\u0437\\u0438\\u043d \\u0442\\u0430\\u0431\\u0430\\u0447\\u043d\\u044b\\u0445 \\u0438\\u0437\\u0434\\u0435\\u043b\\u0438\\u0439\",\"url\":\"https:\\\/\\\/tabaccomd.com\\\/ro\\\/\",\"email\":\"Office@cazacuhouse.com\",\"telephone\":\"+37361000935\",\"logo\":{\"@type\":\"ImageObject\",\"url\":\"https:\\\/\\\/tabaccomd.com\\\/wp-content\\\/uploads\\\/2024\\\/02\\\/logo_header3.png\",\"@id\":\"https:\\\/\\\/tabaccomd.com\\\/ro\\\/product\\\/trabucuri-montecristo-petit-edmundo-25\\\/#organizationLogo\",\"width\":32,\"height\":32,\"caption\":\"Tabacco House\"},\"image\":{\"@id\":\"https:\\\/\\\/tabaccomd.com\\\/ro\\\/product\\\/trabucuri-montecristo-petit-edmundo-25\\\/#organizationLogo\"},\"sameAs\":[\"https:\\\/\\\/www.facebook.com\\\/tabaccomd.com\\\/\",\"https:\\\/\\\/www.instagram.com\\\/tabaccomd.com\\\/\"],\"address\":{\"@id\":\"https:\\\/\\\/tabaccomd.com\\\/ro\\\/#postaladdress\",\"@type\":\"PostalAddress\",\"streetAddress\":\"Strada Albi\\u015foara 4, Chi\\u0219in\\u0103u, Bulevardul \\u0218tefan cel Mare \\u0219i Sf\\u00eent 136, Chi\\u0219in\\u0103u\",\"addressLocality\":\"Chi\\u0219in\\u0103u\",\"addressCountry\":\"MD\"}},{\"@type\":\"Product\",\"@id\":\"https:\\\/\\\/tabaccomd.com\\\/ro\\\/product\\\/trabucuri-montecristo-petit-edmundo-25\\\/#wooCommerceProduct\",\"name\":\"Trabucuri Montecristo Petit Edmundo 25\",\"description\":\"Pret pentru 25 buc\\u0103\\u021bi\\r\\n \\t\\u021aara: Cuba\\r\\n \\tProducator: Habanos S.A.\\r\\n \\tPuterea: Puternic\\r\\n \\tDimensiune: 110*20,64 mm\\r\\n \\tFormat: Petit Robusto\",\"url\":\"https:\\\/\\\/tabaccomd.com\\\/ro\\\/product\\\/trabucuri-montecristo-petit-edmundo-25\\\/\",\"sku\":\"MON029\",\"image\":{\"@type\":\"ImageObject\",\"url\":\"https:\\\/\\\/tabaccomd.com\\\/wp-content\\\/uploads\\\/2023\\\/11\\\/petit-edmundo-.jpg\",\"@id\":\"https:\\\/\\\/tabaccomd.com\\\/ro\\\/product\\\/trabucuri-montecristo-petit-edmundo-25\\\/#productImage\",\"width\":1000,\"height\":1000,\"caption\":\"\\u0421\\u0438\\u0433\\u0430\\u0440\\u044b Montecristo Petit Edmundo 25\"},\"offers\":{\"@type\":\"Offer\",\"url\":\"https:\\\/\\\/tabaccomd.com\\\/ro\\\/product\\\/trabucuri-montecristo-petit-edmundo-25\\\/#wooCommerceOffer\",\"price\":12000,\"priceCurrency\":\"MDL\",\"category\":\"Trabucuri din Cuba\",\"availability\":\"https:\\\/\\\/schema.org\\\/InStock\",\"priceSpecification\":{\"@type\":\"PriceSpecification\",\"price\":12000,\"priceCurrency\":\"MDL\",\"valueAddedTaxIncluded\":\"true\"},\"seller\":{\"@type\":\"Organization\",\"@id\":\"https:\\\/\\\/tabaccomd.com\\\/ro\\\/#organization\"}}},{\"@type\":\"WebPage\",\"@id\":\"https:\\\/\\\/tabaccomd.com\\\/ro\\\/product\\\/trabucuri-montecristo-petit-edmundo-25\\\/#webpage\",\"url\":\"https:\\\/\\\/tabaccomd.com\\\/ro\\\/product\\\/trabucuri-montecristo-petit-edmundo-25\\\/\",\"name\":\"Trabucuri Montecristo Petit Edmundo 25 cump\\u0103ra\\u021bi \\u00een Chi\\u0219in\\u0103u \\u2b50\\u2013 Tabacco House\",\"description\":\"Trabucuri Montecristo Petit Edmundo 25 \\u00een Chi\\u0219in\\u0103u cu livrare. \\u260e 061-000-935 Site-ul nostru tabaccomd.com ofer\\u0103 o gam\\u0103 larg\\u0103 de trabucuri, cigarillos, umidificatoare, ghilotine, brichete, chibrituri, chibrituri pentru trabucuri, scrumiere pentru trabucuri.\\u2b50\\u2b50\\u2b50\\u2b50\\u2b50\",\"inLanguage\":\"ro-RO\",\"isPartOf\":{\"@id\":\"https:\\\/\\\/tabaccomd.com\\\/ro\\\/#website\"},\"breadcrumb\":{\"@id\":\"https:\\\/\\\/tabaccomd.com\\\/ro\\\/product\\\/trabucuri-montecristo-petit-edmundo-25\\\/#breadcrumblist\"},\"image\":{\"@type\":\"ImageObject\",\"url\":\"https:\\\/\\\/tabaccomd.com\\\/wp-content\\\/uploads\\\/2023\\\/11\\\/petit-edmundo-.jpg\",\"@id\":\"https:\\\/\\\/tabaccomd.com\\\/ro\\\/product\\\/trabucuri-montecristo-petit-edmundo-25\\\/#mainImage\",\"width\":1000,\"height\":1000,\"caption\":\"\\u0421\\u0438\\u0433\\u0430\\u0440\\u044b Montecristo Petit Edmundo 25\"},\"primaryImageOfPage\":{\"@id\":\"https:\\\/\\\/tabaccomd.com\\\/ro\\\/product\\\/trabucuri-montecristo-petit-edmundo-25\\\/#mainImage\"},\"datePublished\":\"2023-11-29T00:13:54+03:00\",\"dateModified\":\"2024-01-05T01:41:54+03:00\"},{\"@type\":\"WebSite\",\"@id\":\"https:\\\/\\\/tabaccomd.com\\\/ro\\\/#website\",\"url\":\"https:\\\/\\\/tabaccomd.com\\\/ro\\\/\",\"name\":\"Tabacco House\",\"alternateName\":\"tobaccomd.com\",\"description\":\"\\u041c\\u0430\\u0433\\u0430\\u0437\\u0438\\u043d \\u0442\\u0430\\u0431\\u0430\\u0447\\u043d\\u044b\\u0445 \\u0438\\u0437\\u0434\\u0435\\u043b\\u0438\\u0439\",\"inLanguage\":\"ro-RO\",\"publisher\":{\"@id\":\"https:\\\/\\\/tabaccomd.com\\\/ro\\\/#organization\"}}]}\n\t\t<\/script>\n\t\t<!-- All in One SEO Pro -->\r\n\t\t<title>Trabucuri Montecristo Petit Edmundo 25 cump\u0103ra\u021bi \u00een Chi\u0219in\u0103u \u2b50\u2013 Tabacco House<\/title>\n\n","aioseo_head_json":{"title":"Trabucuri Montecristo Petit Edmundo 25 cump\u0103ra\u021bi \u00een Chi\u0219in\u0103u \u2b50\u2013 Tabacco House","description":"Trabucuri Montecristo Petit Edmundo 25 \u00een Chi\u0219in\u0103u cu livrare. \u260e 061-000-935 Site-ul nostru tabaccomd.com ofer\u0103 o gam\u0103 larg\u0103 de trabucuri, cigarillos, umidificatoare, ghilotine, brichete, chibrituri, chibrituri pentru trabucuri, scrumiere pentru trabucuri.\u2b50\u2b50\u2b50\u2b50\u2b50","canonical_url":"https:\/\/tabaccomd.com\/ro\/product\/trabucuri-montecristo-petit-edmundo-25\/","robots":"max-image-preview:large","keywords":"","webmasterTools":{"miscellaneous":""},"schema":{"@context":"https:\/\/schema.org","@graph":[{"@type":"BreadcrumbList","@id":"https:\/\/tabaccomd.com\/ro\/product\/trabucuri-montecristo-petit-edmundo-25\/#breadcrumblist","itemListElement":[{"@type":"ListItem","@id":"https:\/\/tabaccomd.com\/ro\/#listItem","position":1,"name":"\u0413\u043b\u0430\u0432\u043d\u0430\u044f","item":"https:\/\/tabaccomd.com\/ro\/","nextItem":{"@type":"ListItem","@id":"https:\/\/tabaccomd.com\/ro\/catalog\/#listItem","name":"Catalog"}},{"@type":"ListItem","@id":"https:\/\/tabaccomd.com\/ro\/catalog\/#listItem","position":2,"name":"Catalog","item":"https:\/\/tabaccomd.com\/ro\/catalog\/","nextItem":{"@type":"ListItem","@id":"https:\/\/tabaccomd.com\/ro\/product-category\/trabucuri\/#listItem","name":"Trabucuri"},"previousItem":{"@type":"ListItem","@id":"https:\/\/tabaccomd.com\/ro\/#listItem","name":"\u0413\u043b\u0430\u0432\u043d\u0430\u044f"}},{"@type":"ListItem","@id":"https:\/\/tabaccomd.com\/ro\/product-category\/trabucuri\/#listItem","position":3,"name":"Trabucuri","item":"https:\/\/tabaccomd.com\/ro\/product-category\/trabucuri\/","nextItem":{"@type":"ListItem","@id":"https:\/\/tabaccomd.com\/ro\/product-category\/trabucuri\/trabucuri-din-cuba\/#listItem","name":"Trabucuri din Cuba"},"previousItem":{"@type":"ListItem","@id":"https:\/\/tabaccomd.com\/ro\/catalog\/#listItem","name":"Catalog"}},{"@type":"ListItem","@id":"https:\/\/tabaccomd.com\/ro\/product-category\/trabucuri\/trabucuri-din-cuba\/#listItem","position":4,"name":"Trabucuri din Cuba","item":"https:\/\/tabaccomd.com\/ro\/product-category\/trabucuri\/trabucuri-din-cuba\/","nextItem":{"@type":"ListItem","@id":"https:\/\/tabaccomd.com\/ro\/product\/trabucuri-montecristo-petit-edmundo-25\/#listItem","name":"Trabucuri Montecristo Petit Edmundo 25"},"previousItem":{"@type":"ListItem","@id":"https:\/\/tabaccomd.com\/ro\/product-category\/trabucuri\/#listItem","name":"Trabucuri"}},{"@type":"ListItem","@id":"https:\/\/tabaccomd.com\/ro\/product\/trabucuri-montecristo-petit-edmundo-25\/#listItem","position":5,"name":"Trabucuri Montecristo Petit Edmundo 25","previousItem":{"@type":"ListItem","@id":"https:\/\/tabaccomd.com\/ro\/product-category\/trabucuri\/trabucuri-din-cuba\/#listItem","name":"Trabucuri din Cuba"}}]},{"@type":"Organization","@id":"https:\/\/tabaccomd.com\/ro\/#organization","name":"Tabacco House","description":"\u041c\u0430\u0433\u0430\u0437\u0438\u043d \u0442\u0430\u0431\u0430\u0447\u043d\u044b\u0445 \u0438\u0437\u0434\u0435\u043b\u0438\u0439","url":"https:\/\/tabaccomd.com\/ro\/","email":"Office@cazacuhouse.com","telephone":"+37361000935","logo":{"@type":"ImageObject","url":"https:\/\/tabaccomd.com\/wp-content\/uploads\/2024\/02\/logo_header3.png","@id":"https:\/\/tabaccomd.com\/ro\/product\/trabucuri-montecristo-petit-edmundo-25\/#organizationLogo","width":32,"height":32,"caption":"Tabacco House"},"image":{"@id":"https:\/\/tabaccomd.com\/ro\/product\/trabucuri-montecristo-petit-edmundo-25\/#organizationLogo"},"sameAs":["https:\/\/www.facebook.com\/tabaccomd.com\/","https:\/\/www.instagram.com\/tabaccomd.com\/"],"address":{"@id":"https:\/\/tabaccomd.com\/ro\/#postaladdress","@type":"PostalAddress","streetAddress":"Strada Albi\u015foara 4, Chi\u0219in\u0103u, Bulevardul \u0218tefan cel Mare \u0219i Sf\u00eent 136, Chi\u0219in\u0103u","addressLocality":"Chi\u0219in\u0103u","addressCountry":"MD"}},{"@type":"Product","@id":"https:\/\/tabaccomd.com\/ro\/product\/trabucuri-montecristo-petit-edmundo-25\/#wooCommerceProduct","name":"Trabucuri Montecristo Petit Edmundo 25","description":"Pret pentru 25 buc\u0103\u021bi\r\n \t\u021aara: Cuba\r\n \tProducator: Habanos S.A.\r\n \tPuterea: Puternic\r\n \tDimensiune: 110*20,64 mm\r\n \tFormat: Petit Robusto","url":"https:\/\/tabaccomd.com\/ro\/product\/trabucuri-montecristo-petit-edmundo-25\/","sku":"MON029","image":{"@type":"ImageObject","url":"https:\/\/tabaccomd.com\/wp-content\/uploads\/2023\/11\/petit-edmundo-.jpg","@id":"https:\/\/tabaccomd.com\/ro\/product\/trabucuri-montecristo-petit-edmundo-25\/#productImage","width":1000,"height":1000,"caption":"\u0421\u0438\u0433\u0430\u0440\u044b Montecristo Petit Edmundo 25"},"offers":{"@type":"Offer","url":"https:\/\/tabaccomd.com\/ro\/product\/trabucuri-montecristo-petit-edmundo-25\/#wooCommerceOffer","price":12000,"priceCurrency":"MDL","category":"Trabucuri din Cuba","availability":"https:\/\/schema.org\/InStock","priceSpecification":{"@type":"PriceSpecification","price":12000,"priceCurrency":"MDL","valueAddedTaxIncluded":"true"},"seller":{"@type":"Organization","@id":"https:\/\/tabaccomd.com\/ro\/#organization"}}},{"@type":"WebPage","@id":"https:\/\/tabaccomd.com\/ro\/product\/trabucuri-montecristo-petit-edmundo-25\/#webpage","url":"https:\/\/tabaccomd.com\/ro\/product\/trabucuri-montecristo-petit-edmundo-25\/","name":"Trabucuri Montecristo Petit Edmundo 25 cump\u0103ra\u021bi \u00een Chi\u0219in\u0103u \u2b50\u2013 Tabacco House","description":"Trabucuri Montecristo Petit Edmundo 25 \u00een Chi\u0219in\u0103u cu livrare. \u260e 061-000-935 Site-ul nostru tabaccomd.com ofer\u0103 o gam\u0103 larg\u0103 de trabucuri, cigarillos, umidificatoare, ghilotine, brichete, chibrituri, chibrituri pentru trabucuri, scrumiere pentru trabucuri.\u2b50\u2b50\u2b50\u2b50\u2b50","inLanguage":"ro-RO","isPartOf":{"@id":"https:\/\/tabaccomd.com\/ro\/#website"},"breadcrumb":{"@id":"https:\/\/tabaccomd.com\/ro\/product\/trabucuri-montecristo-petit-edmundo-25\/#breadcrumblist"},"image":{"@type":"ImageObject","url":"https:\/\/tabaccomd.com\/wp-content\/uploads\/2023\/11\/petit-edmundo-.jpg","@id":"https:\/\/tabaccomd.com\/ro\/product\/trabucuri-montecristo-petit-edmundo-25\/#mainImage","width":1000,"height":1000,"caption":"\u0421\u0438\u0433\u0430\u0440\u044b Montecristo Petit Edmundo 25"},"primaryImageOfPage":{"@id":"https:\/\/tabaccomd.com\/ro\/product\/trabucuri-montecristo-petit-edmundo-25\/#mainImage"},"datePublished":"2023-11-29T00:13:54+03:00","dateModified":"2024-01-05T01:41:54+03:00"},{"@type":"WebSite","@id":"https:\/\/tabaccomd.com\/ro\/#website","url":"https:\/\/tabaccomd.com\/ro\/","name":"Tabacco House","alternateName":"tobaccomd.com","description":"\u041c\u0430\u0433\u0430\u0437\u0438\u043d \u0442\u0430\u0431\u0430\u0447\u043d\u044b\u0445 \u0438\u0437\u0434\u0435\u043b\u0438\u0439","inLanguage":"ro-RO","publisher":{"@id":"https:\/\/tabaccomd.com\/ro\/#organization"}}]},"og:locale":"ro_RO","og:site_name":"Tabacco House \u2013 \u041c\u0430\u0433\u0430\u0437\u0438\u043d \u0442\u0430\u0431\u0430\u0447\u043d\u044b\u0445 \u0438\u0437\u0434\u0435\u043b\u0438\u0439","og:type":"article","og:title":"Trabucuri Montecristo Petit Edmundo 25 cump\u0103ra\u021bi \u00een Chi\u0219in\u0103u \u2b50\u2013 Tabacco House","og:description":"Trabucuri Montecristo Petit Edmundo 25 \u00een Chi\u0219in\u0103u cu livrare. \u260e 061-000-935 Site-ul nostru tabaccomd.com ofer\u0103 o gam\u0103 larg\u0103 de trabucuri, cigarillos, umidificatoare, ghilotine, brichete, chibrituri, chibrituri pentru trabucuri, scrumiere pentru trabucuri.\u2b50\u2b50\u2b50\u2b50\u2b50","og:url":"https:\/\/tabaccomd.com\/ro\/product\/trabucuri-montecristo-petit-edmundo-25\/","article:published_time":"2023-11-28T21:13:54+00:00","article:modified_time":"2024-01-04T22:41:54+00:00","article:publisher":"https:\/\/www.facebook.com\/tabaccomd.com\/","twitter:card":"summary_large_image","twitter:title":"Trabucuri Montecristo Petit Edmundo 25 cump\u0103ra\u021bi \u00een Chi\u0219in\u0103u \u2b50\u2013 Tabacco House","twitter:description":"Trabucuri Montecristo Petit Edmundo 25 \u00een Chi\u0219in\u0103u cu livrare. \u260e 061-000-935 Site-ul nostru tabaccomd.com ofer\u0103 o gam\u0103 larg\u0103 de trabucuri, cigarillos, umidificatoare, ghilotine, brichete, chibrituri, chibrituri pentru trabucuri, scrumiere pentru trabucuri.\u2b50\u2b50\u2b50\u2b50\u2b50"},"aioseo_meta_data":{"post_id":"129547","title":"#post_title cump\u0103ra\u021bi \u00een Chi\u0219in\u0103u \u2b50#separator_sa #site_title","description":"#post_title \u00een Chi\u0219in\u0103u cu livrare. \u260e 061-000-935 Site-ul nostru tabaccomd.com ofer\u0103 o gam\u0103 larg\u0103 de trabucuri, cigarillos, umidificatoare, ghilotine, brichete, chibrituri, chibrituri pentru trabucuri, scrumiere pentru trabucuri.\u2b50\u2b50\u2b50\u2b50\u2b50","keywords":[],"keyphrases":{"focus":{"keyphrase":"Trabucuri Montecristo Petit Edmundo 25","score":85,"analysis":{"keyphraseInTitle":{"score":9,"maxScore":9,"error":0},"keyphraseInDescription":{"score":9,"maxScore":9,"error":0},"keyphraseLength":{"score":9,"maxScore":9,"error":0,"length":4},"keyphraseInURL":{"score":5,"maxScore":5,"error":0},"keyphraseInIntroduction":{"score":3,"maxScore":9,"error":1},"keyphraseInSubHeadings":[],"keyphraseInImageAlt":[]}},"additional":[]},"primary_term":null,"canonical_url":null,"og_title":null,"og_description":null,"og_object_type":"default","og_image_type":"default","og_image_url":null,"og_image_width":null,"og_image_height":null,"og_image_custom_url":null,"og_image_custom_fields":null,"og_video":"","og_custom_url":null,"og_article_section":null,"og_article_tags":[],"twitter_use_og":false,"twitter_card":"default","twitter_image_type":"default","twitter_image_url":null,"twitter_image_custom_url":null,"twitter_image_custom_fields":null,"twitter_title":null,"twitter_description":null,"schema":{"blockGraphs":[],"customGraphs":[],"default":{"data":{"Article":[],"Course":[],"Dataset":[],"FAQPage":[],"Movie":[],"Person":[],"Product":[],"ProductReview":[],"Car":[],"Recipe":[],"Service":[],"SoftwareApplication":[],"WebPage":[]},"graphName":"ItemPage","isEnabled":true},"graphs":[]},"schema_type":"default","schema_type_options":null,"pillar_content":false,"robots_default":true,"robots_noindex":false,"robots_noarchive":false,"robots_nosnippet":false,"robots_nofollow":false,"robots_noimageindex":false,"robots_noodp":false,"robots_notranslate":false,"robots_max_snippet":"-1","robots_max_videopreview":"-1","robots_max_imagepreview":"large","priority":null,"frequency":"default","local_seo":null,"seo_analyzer_scan_date":"2025-10-20 14:28:08","breadcrumb_settings":null,"limit_modified_date":false,"reviewed_by":null,"open_ai":null,"ai":null,"created":"2023-11-28 21:14:24","updated":"2025-10-20 14:28:08"},"aioseo_breadcrumb":"<div class=\"aioseo-breadcrumbs\"><span class=\"aioseo-breadcrumb\">\n\t<a href=\"https:\/\/tabaccomd.com\/ro\/\" title=\"\u0413\u043b\u0430\u0432\u043d\u0430\u044f\">\u0413\u043b\u0430\u0432\u043d\u0430\u044f<\/a>\n<\/span><span class=\"aioseo-breadcrumb-separator\">\u00bb<\/span><span class=\"aioseo-breadcrumb\">\n\t<a href=\"https:\/\/tabaccomd.com\/ro\/catalog\/\" title=\"Catalog\">Catalog<\/a>\n<\/span><span class=\"aioseo-breadcrumb-separator\">\u00bb<\/span><span class=\"aioseo-breadcrumb\">\n\t<a href=\"https:\/\/tabaccomd.com\/ro\/product-category\/trabucuri\/\" title=\"Trabucuri\">Trabucuri<\/a>\n<\/span><span class=\"aioseo-breadcrumb-separator\">\u00bb<\/span><span class=\"aioseo-breadcrumb\">\n\t<a href=\"https:\/\/tabaccomd.com\/ro\/product-category\/trabucuri\/trabucuri-din-cuba\/\" title=\"Trabucuri din Cuba\">Trabucuri din Cuba<\/a>\n<\/span><span class=\"aioseo-breadcrumb-separator\">\u00bb<\/span><span class=\"aioseo-breadcrumb\">\n\tTrabucuri Montecristo Petit Edmundo 25\n<\/span><\/div>","aioseo_breadcrumb_json":[{"label":"\u0413\u043b\u0430\u0432\u043d\u0430\u044f","link":"https:\/\/tabaccomd.com\/ro\/"},{"label":"Catalog","link":"https:\/\/tabaccomd.com\/ro\/catalog\/"},{"label":"Trabucuri","link":"https:\/\/tabaccomd.com\/ro\/product-category\/trabucuri\/"},{"label":"Trabucuri din Cuba","link":"https:\/\/tabaccomd.com\/ro\/product-category\/trabucuri\/trabucuri-din-cuba\/"},{"label":"Trabucuri Montecristo Petit Edmundo 25","link":"https:\/\/tabaccomd.com\/ro\/product\/trabucuri-montecristo-petit-edmundo-25\/"}],"images_for_1c":[{"url":"https:\/\/tabaccomd.com\/wp-content\/uploads\/2023\/11\/petit-edmundo-.jpg","type":"featured","alt":"\u0421\u0438\u0433\u0430\u0440\u044b Montecristo Petit Edmundo 25","filename":"petit-edmundo-.jpg"},{"url":"https:\/\/tabaccomd.com\/wp-content\/uploads\/2023\/11\/MontePetitEd_Box_New5.jpg","type":"gallery","alt":"","filename":"MontePetitEd_Box_New5.jpg"},{"url":"https:\/\/tabaccomd.com\/wp-content\/uploads\/2023\/11\/Montecristo-Petit-Edmundo-1.jpg","type":"gallery","alt":"","filename":"Montecristo-Petit-Edmundo-1.jpg"}],"additional_data_1c":{"modified_date":"2024-01-05 01:41:54","permalink":"https:\/\/tabaccomd.com\/ro\/product\/trabucuri-montecristo-petit-edmundo-25\/","stock_status":"instock","manage_stock":"no"},"_links":{"self":[{"href":"https:\/\/tabaccomd.com\/ro\/wp-json\/wp\/v2\/product\/129547","targetHints":{"allow":["GET"]}}],"collection":[{"href":"https:\/\/tabaccomd.com\/ro\/wp-json\/wp\/v2\/product"}],"about":[{"href":"https:\/\/tabaccomd.com\/ro\/wp-json\/wp\/v2\/types\/product"}],"wp:featuredmedia":[{"embeddable":true,"href":"https:\/\/tabaccomd.com\/ro\/wp-json\/wp\/v2\/media\/129546"}],"wp:attachment":[{"href":"https:\/\/tabaccomd.com\/ro\/wp-json\/wp\/v2\/media?parent=129547"}],"wp:term":[{"taxonomy":"product_brand","embeddable":true,"href":"https:\/\/tabaccomd.com\/ro\/wp-json\/wp\/v2\/product_brand?post=129547"},{"taxonomy":"product_cat","embeddable":true,"href":"https:\/\/tabaccomd.com\/ro\/wp-json\/wp\/v2\/product_cat?post=129547"},{"taxonomy":"product_tag","embeddable":true,"href":"https:\/\/tabaccomd.com\/ro\/wp-json\/wp\/v2\/product_tag?post=129547"}],"curies":[{"name":"wp","href":"https:\/\/api.w.org\/{rel}","templated":true}]}}