{"id":128536,"date":"2023-11-09T01:51:00","date_gmt":"2023-11-08T22:51:00","guid":{"rendered":"https:\/\/tabaccomd.com\/?post_type=product&#038;p=128536"},"modified":"2025-05-01T11:45:50","modified_gmt":"2025-05-01T08:45:50","slug":"bere-birra-morretti-in-can-0-5-l","status":"publish","type":"product","link":"https:\/\/tabaccomd.com\/ro\/product\/bere-birra-morretti-in-can-0-5-l\/","title":{"rendered":"Bere Birra Moretti in can 0.5l"},"content":{"rendered":"<p><a href=\"https:\/\/tabaccomd.com\/ro\/categorie-produs\/alcool-2\/beer-ro\/\" target=\"_blank\" rel=\"noopener\">Birra Moretti<\/a> \u2013 o marc\u0103 italian\u0103 de bere cu o istorie bogat\u0103 \u0219i popularitate extins\u0103 \u00een Italia \u0219i \u00een afara ei. Aceast\u0103 bere este produs\u0103 de compania Birra Moretti, fondat\u0103 \u00een 1859 \u00een regiunea Friuli-Venezia Giulia din Italia. Birra Moretti este o\u00a0<strong>bere\u00a0<\/strong>lager blond\u0103 \u0219i are \u00een mod obi\u0219nuit o culoare aurie. Este cunoscut\u0103 pentru gustul s\u0103u r\u0103coritor cu note de mal\u021b \u0219i hamei, ceea ce o face o alegere excelent\u0103 pentru a-\u021bi potoli setea. Aceast\u0103 bere are, de asemenea, o u\u0219oar\u0103 am\u0103r\u0103ciune \u0219i un gust curat \u0219i echilibrat. Birra Moretti este disponibil\u0103 \u00een diverse variante, inclusiv <a href=\"https:\/\/tabaccomd.com\/ro\/categorie-produs\/alcool-2\/beer-ro\/\" target=\"_blank\" rel=\"noopener\">berea Birra Moretti<\/a> clasic\u0103, Birra Moretti La Rossa (berea neagr\u0103) \u0219i altele. Aceste soiuri diferite pot avea caracteristici de gust \u0219i arome variate, permi\u021b\u00e2nd iubitorilor de bere s\u0103-\u0219i aleag\u0103 berea preferat\u0103 \u00een func\u021bie de preferin\u021bele lor.<\/p>\n","protected":false},"excerpt":{"rendered":"<ul>\n<li>\u021aara produc\u0103torului: Italia<\/li>\n<li>Produc\u0103tor: Heineken<\/li>\n<li>Bere: Lager, blond\u0103<\/li>\n<li>T\u0103rie: 4,6%<\/li>\n<li>Volum: 0.5l<\/li>\n<\/ul>\n","protected":false},"featured_media":128537,"template":"","meta":{"om_disable_all_campaigns":false,"_monsterinsights_skip_tracking":false,"_monsterinsights_sitenote_active":false,"_monsterinsights_sitenote_note":"","_monsterinsights_sitenote_category":0},"product_brand":[],"product_cat":[400],"product_tag":[],"class_list":{"0":"post-128536","1":"product","2":"type-product","3":"status-publish","4":"has-post-thumbnail","6":"product_cat-beer-ro","8":"first","9":"instock","10":"taxable","11":"shipping-taxable","12":"purchasable","13":"product-type-simple"},"aioseo_notices":[],"aioseo_head":"\n\t\t<!-- All in One SEO Pro 4.9.5.2 - aioseo.com -->\n\t<meta name=\"description\" content=\"Bere Birra Moretti in can 0.5l la Chi\u0219in\u0103u cu livrare. \u2b50\u2b50\u2b50\u2b50\u2b50\u260e 061-000-935 Pe site-ul nostru tabaccomd.com avem o selec\u021bie larg\u0103 de b\u0103uturi alcoolice de elit\u0103: whiskey, coniac, rom, gin, vin spumant...\" \/>\n\t<meta name=\"robots\" content=\"max-image-preview:large\" \/>\n\t<link rel=\"canonical\" href=\"https:\/\/tabaccomd.com\/ro\/product\/bere-birra-morretti-in-can-0-5-l\/\" \/>\n\t<meta name=\"generator\" content=\"All in One SEO Pro (AIOSEO) 4.9.5.2\" \/>\n\t\t<meta property=\"og:locale\" content=\"ro_RO\" \/>\n\t\t<meta property=\"og:site_name\" content=\"Tabacco House \u2013 \u041c\u0430\u0433\u0430\u0437\u0438\u043d \u0442\u0430\u0431\u0430\u0447\u043d\u044b\u0445 \u0438\u0437\u0434\u0435\u043b\u0438\u0439\" \/>\n\t\t<meta property=\"og:type\" content=\"article\" \/>\n\t\t<meta property=\"og:title\" content=\"Bere Birra Moretti in can 0.5l cump\u0103ra\u021bi \u00een Chi\u0219in\u0103u \u2b50 \u2013 Tabacco House\" \/>\n\t\t<meta property=\"og:description\" content=\"Bere Birra Moretti in can 0.5l la Chi\u0219in\u0103u cu livrare. \u2b50\u2b50\u2b50\u2b50\u2b50\u260e 061-000-935 Pe site-ul nostru tabaccomd.com avem o selec\u021bie larg\u0103 de b\u0103uturi alcoolice de elit\u0103: whiskey, coniac, rom, gin, vin spumant...\" \/>\n\t\t<meta property=\"og:url\" content=\"https:\/\/tabaccomd.com\/ro\/product\/bere-birra-morretti-in-can-0-5-l\/\" \/>\n\t\t<meta property=\"article:published_time\" content=\"2023-11-08T22:51:00+00:00\" \/>\n\t\t<meta property=\"article:modified_time\" content=\"2025-05-01T08:45:50+00:00\" \/>\n\t\t<meta property=\"article:publisher\" content=\"https:\/\/www.facebook.com\/tabaccomd.com\/\" \/>\n\t\t<meta name=\"twitter:card\" content=\"summary_large_image\" \/>\n\t\t<meta name=\"twitter:title\" content=\"Bere Birra Moretti in can 0.5l cump\u0103ra\u021bi \u00een Chi\u0219in\u0103u \u2b50 \u2013 Tabacco House\" \/>\n\t\t<meta name=\"twitter:description\" content=\"Bere Birra Moretti in can 0.5l la Chi\u0219in\u0103u cu livrare. \u2b50\u2b50\u2b50\u2b50\u2b50\u260e 061-000-935 Pe site-ul nostru tabaccomd.com avem o selec\u021bie larg\u0103 de b\u0103uturi alcoolice de elit\u0103: whiskey, coniac, rom, gin, vin spumant...\" \/>\n\t\t<script type=\"application\/ld+json\" class=\"aioseo-schema\">\n\t\t\t{\"@context\":\"https:\\\/\\\/schema.org\",\"@graph\":[{\"@type\":\"BreadcrumbList\",\"@id\":\"https:\\\/\\\/tabaccomd.com\\\/ro\\\/product\\\/bere-birra-morretti-in-can-0-5-l\\\/#breadcrumblist\",\"itemListElement\":[{\"@type\":\"ListItem\",\"@id\":\"https:\\\/\\\/tabaccomd.com\\\/ro\\\/#listItem\",\"position\":1,\"name\":\"\\u0413\\u043b\\u0430\\u0432\\u043d\\u0430\\u044f\",\"item\":\"https:\\\/\\\/tabaccomd.com\\\/ro\\\/\",\"nextItem\":{\"@type\":\"ListItem\",\"@id\":\"https:\\\/\\\/tabaccomd.com\\\/ro\\\/catalog\\\/#listItem\",\"name\":\"Catalog\"}},{\"@type\":\"ListItem\",\"@id\":\"https:\\\/\\\/tabaccomd.com\\\/ro\\\/catalog\\\/#listItem\",\"position\":2,\"name\":\"Catalog\",\"item\":\"https:\\\/\\\/tabaccomd.com\\\/ro\\\/catalog\\\/\",\"nextItem\":{\"@type\":\"ListItem\",\"@id\":\"https:\\\/\\\/tabaccomd.com\\\/ro\\\/product-category\\\/alcool-2\\\/#listItem\",\"name\":\"Alcool\"},\"previousItem\":{\"@type\":\"ListItem\",\"@id\":\"https:\\\/\\\/tabaccomd.com\\\/ro\\\/#listItem\",\"name\":\"\\u0413\\u043b\\u0430\\u0432\\u043d\\u0430\\u044f\"}},{\"@type\":\"ListItem\",\"@id\":\"https:\\\/\\\/tabaccomd.com\\\/ro\\\/product-category\\\/alcool-2\\\/#listItem\",\"position\":3,\"name\":\"Alcool\",\"item\":\"https:\\\/\\\/tabaccomd.com\\\/ro\\\/product-category\\\/alcool-2\\\/\",\"nextItem\":{\"@type\":\"ListItem\",\"@id\":\"https:\\\/\\\/tabaccomd.com\\\/ro\\\/product-category\\\/alcool-2\\\/beer-ro\\\/#listItem\",\"name\":\"Bere\"},\"previousItem\":{\"@type\":\"ListItem\",\"@id\":\"https:\\\/\\\/tabaccomd.com\\\/ro\\\/catalog\\\/#listItem\",\"name\":\"Catalog\"}},{\"@type\":\"ListItem\",\"@id\":\"https:\\\/\\\/tabaccomd.com\\\/ro\\\/product-category\\\/alcool-2\\\/beer-ro\\\/#listItem\",\"position\":4,\"name\":\"Bere\",\"item\":\"https:\\\/\\\/tabaccomd.com\\\/ro\\\/product-category\\\/alcool-2\\\/beer-ro\\\/\",\"nextItem\":{\"@type\":\"ListItem\",\"@id\":\"https:\\\/\\\/tabaccomd.com\\\/ro\\\/product\\\/bere-birra-morretti-in-can-0-5-l\\\/#listItem\",\"name\":\"Bere Birra Moretti in can 0.5l\"},\"previousItem\":{\"@type\":\"ListItem\",\"@id\":\"https:\\\/\\\/tabaccomd.com\\\/ro\\\/product-category\\\/alcool-2\\\/#listItem\",\"name\":\"Alcool\"}},{\"@type\":\"ListItem\",\"@id\":\"https:\\\/\\\/tabaccomd.com\\\/ro\\\/product\\\/bere-birra-morretti-in-can-0-5-l\\\/#listItem\",\"position\":5,\"name\":\"Bere Birra Moretti in can 0.5l\",\"previousItem\":{\"@type\":\"ListItem\",\"@id\":\"https:\\\/\\\/tabaccomd.com\\\/ro\\\/product-category\\\/alcool-2\\\/beer-ro\\\/#listItem\",\"name\":\"Bere\"}}]},{\"@type\":\"Organization\",\"@id\":\"https:\\\/\\\/tabaccomd.com\\\/ro\\\/#organization\",\"name\":\"Tabacco House\",\"description\":\"\\u041c\\u0430\\u0433\\u0430\\u0437\\u0438\\u043d \\u0442\\u0430\\u0431\\u0430\\u0447\\u043d\\u044b\\u0445 \\u0438\\u0437\\u0434\\u0435\\u043b\\u0438\\u0439\",\"url\":\"https:\\\/\\\/tabaccomd.com\\\/ro\\\/\",\"email\":\"Office@cazacuhouse.com\",\"telephone\":\"+37361000935\",\"logo\":{\"@type\":\"ImageObject\",\"url\":\"https:\\\/\\\/tabaccomd.com\\\/wp-content\\\/uploads\\\/2024\\\/02\\\/logo_header3.png\",\"@id\":\"https:\\\/\\\/tabaccomd.com\\\/ro\\\/product\\\/bere-birra-morretti-in-can-0-5-l\\\/#organizationLogo\",\"width\":32,\"height\":32,\"caption\":\"Tabacco House\"},\"image\":{\"@id\":\"https:\\\/\\\/tabaccomd.com\\\/ro\\\/product\\\/bere-birra-morretti-in-can-0-5-l\\\/#organizationLogo\"},\"sameAs\":[\"https:\\\/\\\/www.facebook.com\\\/tabaccomd.com\\\/\",\"https:\\\/\\\/www.instagram.com\\\/tabaccomd.com\\\/\"],\"address\":{\"@id\":\"https:\\\/\\\/tabaccomd.com\\\/ro\\\/#postaladdress\",\"@type\":\"PostalAddress\",\"streetAddress\":\"Strada Albi\\u015foara 4, Chi\\u0219in\\u0103u, Bulevardul \\u0218tefan cel Mare \\u0219i Sf\\u00eent 136, Chi\\u0219in\\u0103u\",\"addressLocality\":\"Chi\\u0219in\\u0103u\",\"addressCountry\":\"MD\"}},{\"@type\":\"Product\",\"@id\":\"https:\\\/\\\/tabaccomd.com\\\/ro\\\/product\\\/bere-birra-morretti-in-can-0-5-l\\\/#wooCommerceProduct\",\"name\":\"Bere Birra Moretti in can 0.5l\",\"description\":\"\\u021aara produc\\u0103torului: Italia\\r\\n \\tProduc\\u0103tor: Heineken\\r\\n \\tBere: Lager, blond\\u0103\\r\\n \\tT\\u0103rie: 4,6%\\r\\n \\tVolum: 0.5l\",\"url\":\"https:\\\/\\\/tabaccomd.com\\\/ro\\\/product\\\/bere-birra-morretti-in-can-0-5-l\\\/\",\"sku\":\"10088s\",\"image\":{\"@type\":\"ImageObject\",\"url\":\"https:\\\/\\\/tabaccomd.com\\\/wp-content\\\/uploads\\\/2023\\\/11\\\/birra-moretti-in-can-05-.jpg\",\"@id\":\"https:\\\/\\\/tabaccomd.com\\\/ro\\\/product\\\/bere-birra-morretti-in-can-0-5-l\\\/#productImage\",\"width\":1000,\"height\":1000,\"caption\":\"Bere Birra Morretti in can 0.5 l\"},\"offers\":{\"@type\":\"Offer\",\"url\":\"https:\\\/\\\/tabaccomd.com\\\/ro\\\/product\\\/bere-birra-morretti-in-can-0-5-l\\\/#wooCommerceOffer\",\"price\":30,\"priceCurrency\":\"MDL\",\"category\":\"Bere\",\"availability\":\"https:\\\/\\\/schema.org\\\/InStock\",\"priceSpecification\":{\"@type\":\"PriceSpecification\",\"price\":30,\"priceCurrency\":\"MDL\",\"valueAddedTaxIncluded\":\"true\"},\"seller\":{\"@type\":\"Organization\",\"@id\":\"https:\\\/\\\/tabaccomd.com\\\/ro\\\/#organization\"}}},{\"@type\":\"WebPage\",\"@id\":\"https:\\\/\\\/tabaccomd.com\\\/ro\\\/product\\\/bere-birra-morretti-in-can-0-5-l\\\/#webpage\",\"url\":\"https:\\\/\\\/tabaccomd.com\\\/ro\\\/product\\\/bere-birra-morretti-in-can-0-5-l\\\/\",\"name\":\"Bere Birra Moretti in can 0.5l cump\\u0103ra\\u021bi \\u00een Chi\\u0219in\\u0103u \\u2b50 \\u2013 Tabacco House\",\"description\":\"Bere Birra Moretti in can 0.5l la Chi\\u0219in\\u0103u cu livrare. \\u2b50\\u2b50\\u2b50\\u2b50\\u2b50\\u260e 061-000-935 Pe site-ul nostru tabaccomd.com avem o selec\\u021bie larg\\u0103 de b\\u0103uturi alcoolice de elit\\u0103: whiskey, coniac, rom, gin, vin spumant...\",\"inLanguage\":\"ro-RO\",\"isPartOf\":{\"@id\":\"https:\\\/\\\/tabaccomd.com\\\/ro\\\/#website\"},\"breadcrumb\":{\"@id\":\"https:\\\/\\\/tabaccomd.com\\\/ro\\\/product\\\/bere-birra-morretti-in-can-0-5-l\\\/#breadcrumblist\"},\"image\":{\"@type\":\"ImageObject\",\"url\":\"https:\\\/\\\/tabaccomd.com\\\/wp-content\\\/uploads\\\/2023\\\/11\\\/birra-moretti-in-can-05-.jpg\",\"@id\":\"https:\\\/\\\/tabaccomd.com\\\/ro\\\/product\\\/bere-birra-morretti-in-can-0-5-l\\\/#mainImage\",\"width\":1000,\"height\":1000,\"caption\":\"Bere Birra Morretti in can 0.5 l\"},\"primaryImageOfPage\":{\"@id\":\"https:\\\/\\\/tabaccomd.com\\\/ro\\\/product\\\/bere-birra-morretti-in-can-0-5-l\\\/#mainImage\"},\"datePublished\":\"2023-11-09T01:51:00+03:00\",\"dateModified\":\"2025-05-01T11:45:50+03:00\"},{\"@type\":\"WebSite\",\"@id\":\"https:\\\/\\\/tabaccomd.com\\\/ro\\\/#website\",\"url\":\"https:\\\/\\\/tabaccomd.com\\\/ro\\\/\",\"name\":\"Tabacco House\",\"alternateName\":\"tobaccomd.com\",\"description\":\"\\u041c\\u0430\\u0433\\u0430\\u0437\\u0438\\u043d \\u0442\\u0430\\u0431\\u0430\\u0447\\u043d\\u044b\\u0445 \\u0438\\u0437\\u0434\\u0435\\u043b\\u0438\\u0439\",\"inLanguage\":\"ro-RO\",\"publisher\":{\"@id\":\"https:\\\/\\\/tabaccomd.com\\\/ro\\\/#organization\"}}]}\n\t\t<\/script>\n\t\t<!-- All in One SEO Pro -->\r\n\t\t<title>Bere Birra Moretti in can 0.5l cump\u0103ra\u021bi \u00een Chi\u0219in\u0103u \u2b50 \u2013 Tabacco House<\/title>\n\n","aioseo_head_json":{"title":"Bere Birra Moretti in can 0.5l cump\u0103ra\u021bi \u00een Chi\u0219in\u0103u \u2b50 \u2013 Tabacco House","description":"Bere Birra Moretti in can 0.5l la Chi\u0219in\u0103u cu livrare. \u2b50\u2b50\u2b50\u2b50\u2b50\u260e 061-000-935 Pe site-ul nostru tabaccomd.com avem o selec\u021bie larg\u0103 de b\u0103uturi alcoolice de elit\u0103: whiskey, coniac, rom, gin, vin spumant...","canonical_url":"https:\/\/tabaccomd.com\/ro\/product\/bere-birra-morretti-in-can-0-5-l\/","robots":"max-image-preview:large","keywords":"","webmasterTools":{"miscellaneous":""},"schema":{"@context":"https:\/\/schema.org","@graph":[{"@type":"BreadcrumbList","@id":"https:\/\/tabaccomd.com\/ro\/product\/bere-birra-morretti-in-can-0-5-l\/#breadcrumblist","itemListElement":[{"@type":"ListItem","@id":"https:\/\/tabaccomd.com\/ro\/#listItem","position":1,"name":"\u0413\u043b\u0430\u0432\u043d\u0430\u044f","item":"https:\/\/tabaccomd.com\/ro\/","nextItem":{"@type":"ListItem","@id":"https:\/\/tabaccomd.com\/ro\/catalog\/#listItem","name":"Catalog"}},{"@type":"ListItem","@id":"https:\/\/tabaccomd.com\/ro\/catalog\/#listItem","position":2,"name":"Catalog","item":"https:\/\/tabaccomd.com\/ro\/catalog\/","nextItem":{"@type":"ListItem","@id":"https:\/\/tabaccomd.com\/ro\/product-category\/alcool-2\/#listItem","name":"Alcool"},"previousItem":{"@type":"ListItem","@id":"https:\/\/tabaccomd.com\/ro\/#listItem","name":"\u0413\u043b\u0430\u0432\u043d\u0430\u044f"}},{"@type":"ListItem","@id":"https:\/\/tabaccomd.com\/ro\/product-category\/alcool-2\/#listItem","position":3,"name":"Alcool","item":"https:\/\/tabaccomd.com\/ro\/product-category\/alcool-2\/","nextItem":{"@type":"ListItem","@id":"https:\/\/tabaccomd.com\/ro\/product-category\/alcool-2\/beer-ro\/#listItem","name":"Bere"},"previousItem":{"@type":"ListItem","@id":"https:\/\/tabaccomd.com\/ro\/catalog\/#listItem","name":"Catalog"}},{"@type":"ListItem","@id":"https:\/\/tabaccomd.com\/ro\/product-category\/alcool-2\/beer-ro\/#listItem","position":4,"name":"Bere","item":"https:\/\/tabaccomd.com\/ro\/product-category\/alcool-2\/beer-ro\/","nextItem":{"@type":"ListItem","@id":"https:\/\/tabaccomd.com\/ro\/product\/bere-birra-morretti-in-can-0-5-l\/#listItem","name":"Bere Birra Moretti in can 0.5l"},"previousItem":{"@type":"ListItem","@id":"https:\/\/tabaccomd.com\/ro\/product-category\/alcool-2\/#listItem","name":"Alcool"}},{"@type":"ListItem","@id":"https:\/\/tabaccomd.com\/ro\/product\/bere-birra-morretti-in-can-0-5-l\/#listItem","position":5,"name":"Bere Birra Moretti in can 0.5l","previousItem":{"@type":"ListItem","@id":"https:\/\/tabaccomd.com\/ro\/product-category\/alcool-2\/beer-ro\/#listItem","name":"Bere"}}]},{"@type":"Organization","@id":"https:\/\/tabaccomd.com\/ro\/#organization","name":"Tabacco House","description":"\u041c\u0430\u0433\u0430\u0437\u0438\u043d \u0442\u0430\u0431\u0430\u0447\u043d\u044b\u0445 \u0438\u0437\u0434\u0435\u043b\u0438\u0439","url":"https:\/\/tabaccomd.com\/ro\/","email":"Office@cazacuhouse.com","telephone":"+37361000935","logo":{"@type":"ImageObject","url":"https:\/\/tabaccomd.com\/wp-content\/uploads\/2024\/02\/logo_header3.png","@id":"https:\/\/tabaccomd.com\/ro\/product\/bere-birra-morretti-in-can-0-5-l\/#organizationLogo","width":32,"height":32,"caption":"Tabacco House"},"image":{"@id":"https:\/\/tabaccomd.com\/ro\/product\/bere-birra-morretti-in-can-0-5-l\/#organizationLogo"},"sameAs":["https:\/\/www.facebook.com\/tabaccomd.com\/","https:\/\/www.instagram.com\/tabaccomd.com\/"],"address":{"@id":"https:\/\/tabaccomd.com\/ro\/#postaladdress","@type":"PostalAddress","streetAddress":"Strada Albi\u015foara 4, Chi\u0219in\u0103u, Bulevardul \u0218tefan cel Mare \u0219i Sf\u00eent 136, Chi\u0219in\u0103u","addressLocality":"Chi\u0219in\u0103u","addressCountry":"MD"}},{"@type":"Product","@id":"https:\/\/tabaccomd.com\/ro\/product\/bere-birra-morretti-in-can-0-5-l\/#wooCommerceProduct","name":"Bere Birra Moretti in can 0.5l","description":"\u021aara produc\u0103torului: Italia\r\n \tProduc\u0103tor: Heineken\r\n \tBere: Lager, blond\u0103\r\n \tT\u0103rie: 4,6%\r\n \tVolum: 0.5l","url":"https:\/\/tabaccomd.com\/ro\/product\/bere-birra-morretti-in-can-0-5-l\/","sku":"10088s","image":{"@type":"ImageObject","url":"https:\/\/tabaccomd.com\/wp-content\/uploads\/2023\/11\/birra-moretti-in-can-05-.jpg","@id":"https:\/\/tabaccomd.com\/ro\/product\/bere-birra-morretti-in-can-0-5-l\/#productImage","width":1000,"height":1000,"caption":"Bere Birra Morretti in can 0.5 l"},"offers":{"@type":"Offer","url":"https:\/\/tabaccomd.com\/ro\/product\/bere-birra-morretti-in-can-0-5-l\/#wooCommerceOffer","price":30,"priceCurrency":"MDL","category":"Bere","availability":"https:\/\/schema.org\/InStock","priceSpecification":{"@type":"PriceSpecification","price":30,"priceCurrency":"MDL","valueAddedTaxIncluded":"true"},"seller":{"@type":"Organization","@id":"https:\/\/tabaccomd.com\/ro\/#organization"}}},{"@type":"WebPage","@id":"https:\/\/tabaccomd.com\/ro\/product\/bere-birra-morretti-in-can-0-5-l\/#webpage","url":"https:\/\/tabaccomd.com\/ro\/product\/bere-birra-morretti-in-can-0-5-l\/","name":"Bere Birra Moretti in can 0.5l cump\u0103ra\u021bi \u00een Chi\u0219in\u0103u \u2b50 \u2013 Tabacco House","description":"Bere Birra Moretti in can 0.5l la Chi\u0219in\u0103u cu livrare. \u2b50\u2b50\u2b50\u2b50\u2b50\u260e 061-000-935 Pe site-ul nostru tabaccomd.com avem o selec\u021bie larg\u0103 de b\u0103uturi alcoolice de elit\u0103: whiskey, coniac, rom, gin, vin spumant...","inLanguage":"ro-RO","isPartOf":{"@id":"https:\/\/tabaccomd.com\/ro\/#website"},"breadcrumb":{"@id":"https:\/\/tabaccomd.com\/ro\/product\/bere-birra-morretti-in-can-0-5-l\/#breadcrumblist"},"image":{"@type":"ImageObject","url":"https:\/\/tabaccomd.com\/wp-content\/uploads\/2023\/11\/birra-moretti-in-can-05-.jpg","@id":"https:\/\/tabaccomd.com\/ro\/product\/bere-birra-morretti-in-can-0-5-l\/#mainImage","width":1000,"height":1000,"caption":"Bere Birra Morretti in can 0.5 l"},"primaryImageOfPage":{"@id":"https:\/\/tabaccomd.com\/ro\/product\/bere-birra-morretti-in-can-0-5-l\/#mainImage"},"datePublished":"2023-11-09T01:51:00+03:00","dateModified":"2025-05-01T11:45:50+03:00"},{"@type":"WebSite","@id":"https:\/\/tabaccomd.com\/ro\/#website","url":"https:\/\/tabaccomd.com\/ro\/","name":"Tabacco House","alternateName":"tobaccomd.com","description":"\u041c\u0430\u0433\u0430\u0437\u0438\u043d \u0442\u0430\u0431\u0430\u0447\u043d\u044b\u0445 \u0438\u0437\u0434\u0435\u043b\u0438\u0439","inLanguage":"ro-RO","publisher":{"@id":"https:\/\/tabaccomd.com\/ro\/#organization"}}]},"og:locale":"ro_RO","og:site_name":"Tabacco House \u2013 \u041c\u0430\u0433\u0430\u0437\u0438\u043d \u0442\u0430\u0431\u0430\u0447\u043d\u044b\u0445 \u0438\u0437\u0434\u0435\u043b\u0438\u0439","og:type":"article","og:title":"Bere Birra Moretti in can 0.5l cump\u0103ra\u021bi \u00een Chi\u0219in\u0103u \u2b50 \u2013 Tabacco House","og:description":"Bere Birra Moretti in can 0.5l la Chi\u0219in\u0103u cu livrare. \u2b50\u2b50\u2b50\u2b50\u2b50\u260e 061-000-935 Pe site-ul nostru tabaccomd.com avem o selec\u021bie larg\u0103 de b\u0103uturi alcoolice de elit\u0103: whiskey, coniac, rom, gin, vin spumant...","og:url":"https:\/\/tabaccomd.com\/ro\/product\/bere-birra-morretti-in-can-0-5-l\/","article:published_time":"2023-11-08T22:51:00+00:00","article:modified_time":"2025-05-01T08:45:50+00:00","article:publisher":"https:\/\/www.facebook.com\/tabaccomd.com\/","twitter:card":"summary_large_image","twitter:title":"Bere Birra Moretti in can 0.5l cump\u0103ra\u021bi \u00een Chi\u0219in\u0103u \u2b50 \u2013 Tabacco House","twitter:description":"Bere Birra Moretti in can 0.5l la Chi\u0219in\u0103u cu livrare. \u2b50\u2b50\u2b50\u2b50\u2b50\u260e 061-000-935 Pe site-ul nostru tabaccomd.com avem o selec\u021bie larg\u0103 de b\u0103uturi alcoolice de elit\u0103: whiskey, coniac, rom, gin, vin spumant..."},"aioseo_meta_data":{"post_id":"128536","title":"#post_title cump\u0103ra\u021bi \u00een Chi\u0219in\u0103u \u2b50 #separator_sa #site_title","description":"#post_title la Chi\u0219in\u0103u cu livrare. \u2b50\u2b50\u2b50\u2b50\u2b50\u260e 061-000-935 Pe site-ul nostru tabaccomd.com avem o selec\u021bie larg\u0103 de b\u0103uturi alcoolice de elit\u0103: whiskey, coniac, rom, gin, vin spumant...","keywords":null,"keyphrases":{"focus":{"keyphrase":"Bere Birra Morretti in can 0.5 l","score":40,"analysis":{"keyphraseInTitle":{"score":3,"maxScore":9,"error":1},"keyphraseInDescription":{"score":3,"maxScore":9,"error":1},"keyphraseLength":{"score":6,"maxScore":9,"error":1,"length":7},"keyphraseInURL":{"score":5,"maxScore":5,"error":0},"keyphraseInIntroduction":{"score":3,"maxScore":9,"error":1},"keyphraseInSubHeadings":[],"keyphraseInImageAlt":[],"keywordDensity":{"score":0,"type":"low","maxScore":9,"error":1}}},"additional":[]},"primary_term":null,"canonical_url":null,"og_title":null,"og_description":null,"og_object_type":"default","og_image_type":"default","og_image_url":null,"og_image_width":null,"og_image_height":null,"og_image_custom_url":null,"og_image_custom_fields":null,"og_video":"","og_custom_url":null,"og_article_section":null,"og_article_tags":null,"twitter_use_og":false,"twitter_card":"default","twitter_image_type":"default","twitter_image_url":null,"twitter_image_custom_url":null,"twitter_image_custom_fields":null,"twitter_title":null,"twitter_description":null,"schema":{"blockGraphs":[],"customGraphs":[],"default":{"data":{"Article":[],"Course":[],"Dataset":[],"FAQPage":[],"Movie":[],"Person":[],"Product":[],"ProductReview":[],"Car":[],"Recipe":[],"Service":[],"SoftwareApplication":[],"WebPage":[]},"graphName":"ItemPage","isEnabled":true},"graphs":[]},"schema_type":"default","schema_type_options":null,"pillar_content":false,"robots_default":true,"robots_noindex":false,"robots_noarchive":false,"robots_nosnippet":false,"robots_nofollow":false,"robots_noimageindex":false,"robots_noodp":false,"robots_notranslate":false,"robots_max_snippet":"-1","robots_max_videopreview":"-1","robots_max_imagepreview":"large","priority":null,"frequency":"default","local_seo":null,"seo_analyzer_scan_date":"2025-10-20 13:13:49","breadcrumb_settings":null,"limit_modified_date":false,"reviewed_by":null,"open_ai":null,"ai":null,"created":"2023-11-08 22:48:21","updated":"2025-10-20 13:13:49"},"aioseo_breadcrumb":"<div class=\"aioseo-breadcrumbs\"><span class=\"aioseo-breadcrumb\">\n\t<a href=\"https:\/\/tabaccomd.com\/ro\/\" title=\"\u0413\u043b\u0430\u0432\u043d\u0430\u044f\">\u0413\u043b\u0430\u0432\u043d\u0430\u044f<\/a>\n<\/span><span class=\"aioseo-breadcrumb-separator\">\u00bb<\/span><span class=\"aioseo-breadcrumb\">\n\t<a href=\"https:\/\/tabaccomd.com\/ro\/catalog\/\" title=\"Catalog\">Catalog<\/a>\n<\/span><span class=\"aioseo-breadcrumb-separator\">\u00bb<\/span><span class=\"aioseo-breadcrumb\">\n\t<a href=\"https:\/\/tabaccomd.com\/ro\/product-category\/alcool-2\/\" title=\"Alcool\">Alcool<\/a>\n<\/span><span class=\"aioseo-breadcrumb-separator\">\u00bb<\/span><span class=\"aioseo-breadcrumb\">\n\t<a href=\"https:\/\/tabaccomd.com\/ro\/product-category\/alcool-2\/beer-ro\/\" title=\"Bere\">Bere<\/a>\n<\/span><span class=\"aioseo-breadcrumb-separator\">\u00bb<\/span><span class=\"aioseo-breadcrumb\">\n\tBere Birra Moretti in can 0.5l\n<\/span><\/div>","aioseo_breadcrumb_json":[{"label":"\u0413\u043b\u0430\u0432\u043d\u0430\u044f","link":"https:\/\/tabaccomd.com\/ro\/"},{"label":"Catalog","link":"https:\/\/tabaccomd.com\/ro\/catalog\/"},{"label":"Alcool","link":"https:\/\/tabaccomd.com\/ro\/product-category\/alcool-2\/"},{"label":"Bere","link":"https:\/\/tabaccomd.com\/ro\/product-category\/alcool-2\/beer-ro\/"},{"label":"Bere Birra Moretti in can 0.5l","link":"https:\/\/tabaccomd.com\/ro\/product\/bere-birra-morretti-in-can-0-5-l\/"}],"images_for_1c":[{"url":"https:\/\/tabaccomd.com\/wp-content\/uploads\/2023\/11\/birra-moretti-in-can-05-.jpg","type":"featured","alt":"Bere Birra Morretti in can 0.5 l","filename":"birra-moretti-in-can-05-.jpg"}],"additional_data_1c":{"modified_date":"2025-05-01 11:45:50","permalink":"https:\/\/tabaccomd.com\/ro\/product\/bere-birra-morretti-in-can-0-5-l\/","stock_status":"instock","manage_stock":"no"},"_links":{"self":[{"href":"https:\/\/tabaccomd.com\/ro\/wp-json\/wp\/v2\/product\/128536","targetHints":{"allow":["GET"]}}],"collection":[{"href":"https:\/\/tabaccomd.com\/ro\/wp-json\/wp\/v2\/product"}],"about":[{"href":"https:\/\/tabaccomd.com\/ro\/wp-json\/wp\/v2\/types\/product"}],"wp:featuredmedia":[{"embeddable":true,"href":"https:\/\/tabaccomd.com\/ro\/wp-json\/wp\/v2\/media\/128537"}],"wp:attachment":[{"href":"https:\/\/tabaccomd.com\/ro\/wp-json\/wp\/v2\/media?parent=128536"}],"wp:term":[{"taxonomy":"product_brand","embeddable":true,"href":"https:\/\/tabaccomd.com\/ro\/wp-json\/wp\/v2\/product_brand?post=128536"},{"taxonomy":"product_cat","embeddable":true,"href":"https:\/\/tabaccomd.com\/ro\/wp-json\/wp\/v2\/product_cat?post=128536"},{"taxonomy":"product_tag","embeddable":true,"href":"https:\/\/tabaccomd.com\/ro\/wp-json\/wp\/v2\/product_tag?post=128536"}],"curies":[{"name":"wp","href":"https:\/\/api.w.org\/{rel}","templated":true}]}}