{"id":128481,"date":"2023-11-08T13:57:27","date_gmt":"2023-11-08T10:57:27","guid":{"rendered":"https:\/\/tabaccomd.com\/?post_type=product&#038;p=128481"},"modified":"2025-05-01T15:17:49","modified_gmt":"2025-05-01T12:17:49","slug":"bautura-fara-alcool-don-simon-apple-juice-1-l","status":"publish","type":"product","link":"https:\/\/tabaccomd.com\/ro\/product\/bautura-fara-alcool-don-simon-apple-juice-1-l\/","title":{"rendered":"B\u0103utur\u0103 f\u0103r\u0103 alcool Don Simon Apple Juice 1l"},"content":{"rendered":"<p>Suc de mere Don Simon este un suc natural produs de compania Don Simon. Acest suc este ob\u021binut din mere coapte \u0219i reprezint\u0103 o b\u0103utur\u0103 revigorant\u0103 cu un gust \u0219i arom\u0103 natural\u0103 de mere. De obicei, <strong> suc de mere <\/strong> Don Simon se consum\u0103 ca b\u0103utur\u0103, dar poate fi, de asemenea, folosit \u00een buc\u0103t\u0103rie pentru a prepara diverse feluri de m\u00e2ncare \u0219i cocktailuri. Don Simon Apple Juice\u00a0este popular datorit\u0103 calit\u0103\u021bii ridicate \u0219i compozi\u021biei naturale, ceea ce \u00eel face atractiv pentru cei care apreciaz\u0103 b\u0103uturile naturale \u0219i gustoase. Acest suc ofer\u0103 posibilitatea de a te bucura de gustul proasp\u0103t \u0219i aroma merelor \u00een orice moment.<\/p>\n","protected":false},"excerpt":{"rendered":"<ul>\n<li>\u021aara produc\u0103torului: Spania<\/li>\n<li>Produc\u0103tor: J. Garc\u00eda Carri\u00f3n<\/li>\n<li>Volum: 1l<\/li>\n<li>T\u0103rie: 0% (f\u0103r\u0103 alcool)<\/li>\n<\/ul>\n","protected":false},"featured_media":128479,"template":"","meta":{"om_disable_all_campaigns":false,"_monsterinsights_skip_tracking":false,"_monsterinsights_sitenote_active":false,"_monsterinsights_sitenote_note":"","_monsterinsights_sitenote_category":0},"product_brand":[],"product_cat":[398],"product_tag":[],"class_list":{"0":"post-128481","1":"product","2":"type-product","3":"status-publish","4":"has-post-thumbnail","6":"product_cat-bauturi-nealcoolice-ro","8":"first","9":"outofstock","10":"taxable","11":"shipping-taxable","12":"purchasable","13":"product-type-simple"},"aioseo_notices":[],"aioseo_head":"\n\t\t<!-- All in One SEO Pro 4.9.6.2 - aioseo.com -->\n\t<meta name=\"description\" content=\"B\u0103utur\u0103 f\u0103r\u0103 alcool Don Simon Apple Juice 1l la Chi\u0219in\u0103u cu livrare. \u2b50\u2b50\u2b50\u2b50\u2b50\u260e 061-000-935 Pe site-ul nostru tabaccomd.com avem o selec\u021bie larg\u0103 de b\u0103uturi alcoolice de elit\u0103: whiskey, coniac, rom, gin, vin spumant...\" \/>\n\t<meta name=\"robots\" content=\"max-image-preview:large\" \/>\n\t<link rel=\"canonical\" href=\"https:\/\/tabaccomd.com\/ro\/product\/bautura-fara-alcool-don-simon-apple-juice-1-l\/\" \/>\n\t<meta name=\"generator\" content=\"All in One SEO Pro (AIOSEO) 4.9.6.2\" \/>\n\t\t<meta property=\"og:locale\" content=\"ro_RO\" \/>\n\t\t<meta property=\"og:site_name\" content=\"Tabacco House \u2013 \u041c\u0430\u0433\u0430\u0437\u0438\u043d \u0442\u0430\u0431\u0430\u0447\u043d\u044b\u0445 \u0438\u0437\u0434\u0435\u043b\u0438\u0439\" \/>\n\t\t<meta property=\"og:type\" content=\"article\" \/>\n\t\t<meta property=\"og:title\" content=\"B\u0103utur\u0103 f\u0103r\u0103 alcool Don Simon Apple Juice 1l cump\u0103ra\u021bi \u00een Chi\u0219in\u0103u \u2b50 \ufeff \u2013 Tabacco House\" \/>\n\t\t<meta property=\"og:description\" content=\"B\u0103utur\u0103 f\u0103r\u0103 alcool Don Simon Apple Juice 1l la Chi\u0219in\u0103u cu livrare. \u2b50\u2b50\u2b50\u2b50\u2b50\u260e 061-000-935 Pe site-ul nostru tabaccomd.com avem o selec\u021bie larg\u0103 de b\u0103uturi alcoolice de elit\u0103: whiskey, coniac, rom, gin, vin spumant...\" \/>\n\t\t<meta property=\"og:url\" content=\"https:\/\/tabaccomd.com\/ro\/product\/bautura-fara-alcool-don-simon-apple-juice-1-l\/\" \/>\n\t\t<meta property=\"article:published_time\" content=\"2023-11-08T10:57:27+00:00\" \/>\n\t\t<meta property=\"article:modified_time\" content=\"2025-05-01T12:17:49+00:00\" \/>\n\t\t<meta property=\"article:publisher\" content=\"https:\/\/www.facebook.com\/tabaccomd.com\/\" \/>\n\t\t<meta name=\"twitter:card\" content=\"summary_large_image\" \/>\n\t\t<meta name=\"twitter:title\" content=\"B\u0103utur\u0103 f\u0103r\u0103 alcool Don Simon Apple Juice 1l cump\u0103ra\u021bi \u00een Chi\u0219in\u0103u \u2b50 \ufeff \u2013 Tabacco House\" \/>\n\t\t<meta name=\"twitter:description\" content=\"B\u0103utur\u0103 f\u0103r\u0103 alcool Don Simon Apple Juice 1l la Chi\u0219in\u0103u cu livrare. \u2b50\u2b50\u2b50\u2b50\u2b50\u260e 061-000-935 Pe site-ul nostru tabaccomd.com avem o selec\u021bie larg\u0103 de b\u0103uturi alcoolice de elit\u0103: whiskey, coniac, rom, gin, vin spumant...\" \/>\n\t\t<script type=\"application\/ld+json\" class=\"aioseo-schema\">\n\t\t\t{\"@context\":\"https:\\\/\\\/schema.org\",\"@graph\":[{\"@type\":\"BreadcrumbList\",\"@id\":\"https:\\\/\\\/tabaccomd.com\\\/ro\\\/product\\\/bautura-fara-alcool-don-simon-apple-juice-1-l\\\/#breadcrumblist\",\"itemListElement\":[{\"@type\":\"ListItem\",\"@id\":\"https:\\\/\\\/tabaccomd.com\\\/ro\\\/#listItem\",\"position\":1,\"name\":\"\\u0413\\u043b\\u0430\\u0432\\u043d\\u0430\\u044f\",\"item\":\"https:\\\/\\\/tabaccomd.com\\\/ro\\\/\",\"nextItem\":{\"@type\":\"ListItem\",\"@id\":\"https:\\\/\\\/tabaccomd.com\\\/ro\\\/catalog\\\/#listItem\",\"name\":\"Catalog\"}},{\"@type\":\"ListItem\",\"@id\":\"https:\\\/\\\/tabaccomd.com\\\/ro\\\/catalog\\\/#listItem\",\"position\":2,\"name\":\"Catalog\",\"item\":\"https:\\\/\\\/tabaccomd.com\\\/ro\\\/catalog\\\/\",\"nextItem\":{\"@type\":\"ListItem\",\"@id\":\"https:\\\/\\\/tabaccomd.com\\\/ro\\\/product-category\\\/alcool-2\\\/#listItem\",\"name\":\"Alcool\"},\"previousItem\":{\"@type\":\"ListItem\",\"@id\":\"https:\\\/\\\/tabaccomd.com\\\/ro\\\/#listItem\",\"name\":\"\\u0413\\u043b\\u0430\\u0432\\u043d\\u0430\\u044f\"}},{\"@type\":\"ListItem\",\"@id\":\"https:\\\/\\\/tabaccomd.com\\\/ro\\\/product-category\\\/alcool-2\\\/#listItem\",\"position\":3,\"name\":\"Alcool\",\"item\":\"https:\\\/\\\/tabaccomd.com\\\/ro\\\/product-category\\\/alcool-2\\\/\",\"nextItem\":{\"@type\":\"ListItem\",\"@id\":\"https:\\\/\\\/tabaccomd.com\\\/ro\\\/product-category\\\/alcool-2\\\/bauturi-nealcoolice-ro\\\/#listItem\",\"name\":\"B\\u0103uturi nealcoolice\"},\"previousItem\":{\"@type\":\"ListItem\",\"@id\":\"https:\\\/\\\/tabaccomd.com\\\/ro\\\/catalog\\\/#listItem\",\"name\":\"Catalog\"}},{\"@type\":\"ListItem\",\"@id\":\"https:\\\/\\\/tabaccomd.com\\\/ro\\\/product-category\\\/alcool-2\\\/bauturi-nealcoolice-ro\\\/#listItem\",\"position\":4,\"name\":\"B\\u0103uturi nealcoolice\",\"item\":\"https:\\\/\\\/tabaccomd.com\\\/ro\\\/product-category\\\/alcool-2\\\/bauturi-nealcoolice-ro\\\/\",\"nextItem\":{\"@type\":\"ListItem\",\"@id\":\"https:\\\/\\\/tabaccomd.com\\\/ro\\\/product\\\/bautura-fara-alcool-don-simon-apple-juice-1-l\\\/#listItem\",\"name\":\"B\\u0103utur\\u0103 f\\u0103r\\u0103 alcool Don Simon Apple Juice 1l\"},\"previousItem\":{\"@type\":\"ListItem\",\"@id\":\"https:\\\/\\\/tabaccomd.com\\\/ro\\\/product-category\\\/alcool-2\\\/#listItem\",\"name\":\"Alcool\"}},{\"@type\":\"ListItem\",\"@id\":\"https:\\\/\\\/tabaccomd.com\\\/ro\\\/product\\\/bautura-fara-alcool-don-simon-apple-juice-1-l\\\/#listItem\",\"position\":5,\"name\":\"B\\u0103utur\\u0103 f\\u0103r\\u0103 alcool Don Simon Apple Juice 1l\",\"previousItem\":{\"@type\":\"ListItem\",\"@id\":\"https:\\\/\\\/tabaccomd.com\\\/ro\\\/product-category\\\/alcool-2\\\/bauturi-nealcoolice-ro\\\/#listItem\",\"name\":\"B\\u0103uturi nealcoolice\"}}]},{\"@type\":\"Organization\",\"@id\":\"https:\\\/\\\/tabaccomd.com\\\/ro\\\/#organization\",\"name\":\"Tabacco House\",\"description\":\"\\u041c\\u0430\\u0433\\u0430\\u0437\\u0438\\u043d \\u0442\\u0430\\u0431\\u0430\\u0447\\u043d\\u044b\\u0445 \\u0438\\u0437\\u0434\\u0435\\u043b\\u0438\\u0439\",\"url\":\"https:\\\/\\\/tabaccomd.com\\\/ro\\\/\",\"email\":\"Office@cazacuhouse.com\",\"telephone\":\"+37361000935\",\"logo\":{\"@type\":\"ImageObject\",\"url\":\"https:\\\/\\\/tabaccomd.com\\\/wp-content\\\/uploads\\\/2024\\\/02\\\/logo_header3.png\",\"@id\":\"https:\\\/\\\/tabaccomd.com\\\/ro\\\/product\\\/bautura-fara-alcool-don-simon-apple-juice-1-l\\\/#organizationLogo\",\"width\":32,\"height\":32,\"caption\":\"Tabacco House\"},\"image\":{\"@id\":\"https:\\\/\\\/tabaccomd.com\\\/ro\\\/product\\\/bautura-fara-alcool-don-simon-apple-juice-1-l\\\/#organizationLogo\"},\"sameAs\":[\"https:\\\/\\\/www.facebook.com\\\/tabaccomd.com\\\/\",\"https:\\\/\\\/www.instagram.com\\\/tabaccomd.com\\\/\"],\"address\":{\"@id\":\"https:\\\/\\\/tabaccomd.com\\\/ro\\\/#postaladdress\",\"@type\":\"PostalAddress\",\"streetAddress\":\"Strada Albi\\u015foara 4, Chi\\u0219in\\u0103u, Bulevardul \\u0218tefan cel Mare \\u0219i Sf\\u00eent 136, Chi\\u0219in\\u0103u\",\"addressLocality\":\"Chi\\u0219in\\u0103u\",\"addressCountry\":\"MD\"}},{\"@type\":\"Product\",\"@id\":\"https:\\\/\\\/tabaccomd.com\\\/ro\\\/product\\\/bautura-fara-alcool-don-simon-apple-juice-1-l\\\/#wooCommerceProduct\",\"name\":\"B\\u0103utur\\u0103 f\\u0103r\\u0103 alcool Don Simon Apple Juice 1l\",\"description\":\"\\u021aara produc\\u0103torului: Spania\\r\\n \\tProduc\\u0103tor: J. Garc\\u00eda Carri\\u00f3n\\r\\n \\tVolum: 1l\\r\\n \\tT\\u0103rie: 0% (f\\u0103r\\u0103 alcool)\",\"url\":\"https:\\\/\\\/tabaccomd.com\\\/ro\\\/product\\\/bautura-fara-alcool-don-simon-apple-juice-1-l\\\/\",\"sku\":\"17009s\",\"image\":{\"@type\":\"ImageObject\",\"url\":\"https:\\\/\\\/tabaccomd.com\\\/wp-content\\\/uploads\\\/2023\\\/11\\\/don-simon-apple-juice.jpg\",\"@id\":\"https:\\\/\\\/tabaccomd.com\\\/ro\\\/product\\\/bautura-fara-alcool-don-simon-apple-juice-1-l\\\/#productImage\",\"width\":1000,\"height\":1000,\"caption\":\"\\u0411\\u0435\\u0437\\u0430\\u043b\\u043a\\u043e\\u0433\\u043e\\u043b\\u044c\\u043d\\u044b\\u0439 \\u043d\\u0430\\u043f\\u0438\\u0442\\u043e\\u043a Don Simon Apple Juice 1 \\u043b\"},\"offers\":{\"@type\":\"Offer\",\"url\":\"https:\\\/\\\/tabaccomd.com\\\/ro\\\/product\\\/bautura-fara-alcool-don-simon-apple-juice-1-l\\\/#wooCommerceOffer\",\"price\":85,\"priceCurrency\":\"MDL\",\"category\":\"B\\u0103uturi nealcoolice\",\"availability\":\"https:\\\/\\\/schema.org\\\/OutOfStock\",\"priceSpecification\":{\"@type\":\"PriceSpecification\",\"price\":85,\"priceCurrency\":\"MDL\",\"valueAddedTaxIncluded\":\"true\"},\"seller\":{\"@type\":\"Organization\",\"@id\":\"https:\\\/\\\/tabaccomd.com\\\/ro\\\/#organization\"}}},{\"@type\":\"WebPage\",\"@id\":\"https:\\\/\\\/tabaccomd.com\\\/ro\\\/product\\\/bautura-fara-alcool-don-simon-apple-juice-1-l\\\/#webpage\",\"url\":\"https:\\\/\\\/tabaccomd.com\\\/ro\\\/product\\\/bautura-fara-alcool-don-simon-apple-juice-1-l\\\/\",\"name\":\"B\\u0103utur\\u0103 f\\u0103r\\u0103 alcool Don Simon Apple Juice 1l cump\\u0103ra\\u021bi \\u00een Chi\\u0219in\\u0103u \\u2b50 \\ufeff \\u2013 Tabacco House\",\"description\":\"B\\u0103utur\\u0103 f\\u0103r\\u0103 alcool Don Simon Apple Juice 1l la Chi\\u0219in\\u0103u cu livrare. \\u2b50\\u2b50\\u2b50\\u2b50\\u2b50\\u260e 061-000-935 Pe site-ul nostru tabaccomd.com avem o selec\\u021bie larg\\u0103 de b\\u0103uturi alcoolice de elit\\u0103: whiskey, coniac, rom, gin, vin spumant...\",\"inLanguage\":\"ro-RO\",\"isPartOf\":{\"@id\":\"https:\\\/\\\/tabaccomd.com\\\/ro\\\/#website\"},\"breadcrumb\":{\"@id\":\"https:\\\/\\\/tabaccomd.com\\\/ro\\\/product\\\/bautura-fara-alcool-don-simon-apple-juice-1-l\\\/#breadcrumblist\"},\"image\":{\"@type\":\"ImageObject\",\"url\":\"https:\\\/\\\/tabaccomd.com\\\/wp-content\\\/uploads\\\/2023\\\/11\\\/don-simon-apple-juice.jpg\",\"@id\":\"https:\\\/\\\/tabaccomd.com\\\/ro\\\/product\\\/bautura-fara-alcool-don-simon-apple-juice-1-l\\\/#mainImage\",\"width\":1000,\"height\":1000,\"caption\":\"\\u0411\\u0435\\u0437\\u0430\\u043b\\u043a\\u043e\\u0433\\u043e\\u043b\\u044c\\u043d\\u044b\\u0439 \\u043d\\u0430\\u043f\\u0438\\u0442\\u043e\\u043a Don Simon Apple Juice 1 \\u043b\"},\"primaryImageOfPage\":{\"@id\":\"https:\\\/\\\/tabaccomd.com\\\/ro\\\/product\\\/bautura-fara-alcool-don-simon-apple-juice-1-l\\\/#mainImage\"},\"datePublished\":\"2023-11-08T13:57:27+03:00\",\"dateModified\":\"2025-05-01T15:17:49+03:00\"},{\"@type\":\"WebSite\",\"@id\":\"https:\\\/\\\/tabaccomd.com\\\/ro\\\/#website\",\"url\":\"https:\\\/\\\/tabaccomd.com\\\/ro\\\/\",\"name\":\"Tabacco House\",\"alternateName\":\"tobaccomd.com\",\"description\":\"\\u041c\\u0430\\u0433\\u0430\\u0437\\u0438\\u043d \\u0442\\u0430\\u0431\\u0430\\u0447\\u043d\\u044b\\u0445 \\u0438\\u0437\\u0434\\u0435\\u043b\\u0438\\u0439\",\"inLanguage\":\"ro-RO\",\"publisher\":{\"@id\":\"https:\\\/\\\/tabaccomd.com\\\/ro\\\/#organization\"}}]}\n\t\t<\/script>\n\t\t<!-- All in One SEO Pro -->\r\n\t\t<title>B\u0103utur\u0103 f\u0103r\u0103 alcool Don Simon Apple Juice 1l cump\u0103ra\u021bi \u00een Chi\u0219in\u0103u \u2b50 \ufeff \u2013 Tabacco House<\/title>\n\n","aioseo_head_json":{"title":"B\u0103utur\u0103 f\u0103r\u0103 alcool Don Simon Apple Juice 1l cump\u0103ra\u021bi \u00een Chi\u0219in\u0103u \u2b50 \ufeff \u2013 Tabacco House","description":"B\u0103utur\u0103 f\u0103r\u0103 alcool Don Simon Apple Juice 1l la Chi\u0219in\u0103u cu livrare. \u2b50\u2b50\u2b50\u2b50\u2b50\u260e 061-000-935 Pe site-ul nostru tabaccomd.com avem o selec\u021bie larg\u0103 de b\u0103uturi alcoolice de elit\u0103: whiskey, coniac, rom, gin, vin spumant...","canonical_url":"https:\/\/tabaccomd.com\/ro\/product\/bautura-fara-alcool-don-simon-apple-juice-1-l\/","robots":"max-image-preview:large","keywords":"","webmasterTools":{"miscellaneous":""},"schema":{"@context":"https:\/\/schema.org","@graph":[{"@type":"BreadcrumbList","@id":"https:\/\/tabaccomd.com\/ro\/product\/bautura-fara-alcool-don-simon-apple-juice-1-l\/#breadcrumblist","itemListElement":[{"@type":"ListItem","@id":"https:\/\/tabaccomd.com\/ro\/#listItem","position":1,"name":"\u0413\u043b\u0430\u0432\u043d\u0430\u044f","item":"https:\/\/tabaccomd.com\/ro\/","nextItem":{"@type":"ListItem","@id":"https:\/\/tabaccomd.com\/ro\/catalog\/#listItem","name":"Catalog"}},{"@type":"ListItem","@id":"https:\/\/tabaccomd.com\/ro\/catalog\/#listItem","position":2,"name":"Catalog","item":"https:\/\/tabaccomd.com\/ro\/catalog\/","nextItem":{"@type":"ListItem","@id":"https:\/\/tabaccomd.com\/ro\/product-category\/alcool-2\/#listItem","name":"Alcool"},"previousItem":{"@type":"ListItem","@id":"https:\/\/tabaccomd.com\/ro\/#listItem","name":"\u0413\u043b\u0430\u0432\u043d\u0430\u044f"}},{"@type":"ListItem","@id":"https:\/\/tabaccomd.com\/ro\/product-category\/alcool-2\/#listItem","position":3,"name":"Alcool","item":"https:\/\/tabaccomd.com\/ro\/product-category\/alcool-2\/","nextItem":{"@type":"ListItem","@id":"https:\/\/tabaccomd.com\/ro\/product-category\/alcool-2\/bauturi-nealcoolice-ro\/#listItem","name":"B\u0103uturi nealcoolice"},"previousItem":{"@type":"ListItem","@id":"https:\/\/tabaccomd.com\/ro\/catalog\/#listItem","name":"Catalog"}},{"@type":"ListItem","@id":"https:\/\/tabaccomd.com\/ro\/product-category\/alcool-2\/bauturi-nealcoolice-ro\/#listItem","position":4,"name":"B\u0103uturi nealcoolice","item":"https:\/\/tabaccomd.com\/ro\/product-category\/alcool-2\/bauturi-nealcoolice-ro\/","nextItem":{"@type":"ListItem","@id":"https:\/\/tabaccomd.com\/ro\/product\/bautura-fara-alcool-don-simon-apple-juice-1-l\/#listItem","name":"B\u0103utur\u0103 f\u0103r\u0103 alcool Don Simon Apple Juice 1l"},"previousItem":{"@type":"ListItem","@id":"https:\/\/tabaccomd.com\/ro\/product-category\/alcool-2\/#listItem","name":"Alcool"}},{"@type":"ListItem","@id":"https:\/\/tabaccomd.com\/ro\/product\/bautura-fara-alcool-don-simon-apple-juice-1-l\/#listItem","position":5,"name":"B\u0103utur\u0103 f\u0103r\u0103 alcool Don Simon Apple Juice 1l","previousItem":{"@type":"ListItem","@id":"https:\/\/tabaccomd.com\/ro\/product-category\/alcool-2\/bauturi-nealcoolice-ro\/#listItem","name":"B\u0103uturi nealcoolice"}}]},{"@type":"Organization","@id":"https:\/\/tabaccomd.com\/ro\/#organization","name":"Tabacco House","description":"\u041c\u0430\u0433\u0430\u0437\u0438\u043d \u0442\u0430\u0431\u0430\u0447\u043d\u044b\u0445 \u0438\u0437\u0434\u0435\u043b\u0438\u0439","url":"https:\/\/tabaccomd.com\/ro\/","email":"Office@cazacuhouse.com","telephone":"+37361000935","logo":{"@type":"ImageObject","url":"https:\/\/tabaccomd.com\/wp-content\/uploads\/2024\/02\/logo_header3.png","@id":"https:\/\/tabaccomd.com\/ro\/product\/bautura-fara-alcool-don-simon-apple-juice-1-l\/#organizationLogo","width":32,"height":32,"caption":"Tabacco House"},"image":{"@id":"https:\/\/tabaccomd.com\/ro\/product\/bautura-fara-alcool-don-simon-apple-juice-1-l\/#organizationLogo"},"sameAs":["https:\/\/www.facebook.com\/tabaccomd.com\/","https:\/\/www.instagram.com\/tabaccomd.com\/"],"address":{"@id":"https:\/\/tabaccomd.com\/ro\/#postaladdress","@type":"PostalAddress","streetAddress":"Strada Albi\u015foara 4, Chi\u0219in\u0103u, Bulevardul \u0218tefan cel Mare \u0219i Sf\u00eent 136, Chi\u0219in\u0103u","addressLocality":"Chi\u0219in\u0103u","addressCountry":"MD"}},{"@type":"Product","@id":"https:\/\/tabaccomd.com\/ro\/product\/bautura-fara-alcool-don-simon-apple-juice-1-l\/#wooCommerceProduct","name":"B\u0103utur\u0103 f\u0103r\u0103 alcool Don Simon Apple Juice 1l","description":"\u021aara produc\u0103torului: Spania\r\n \tProduc\u0103tor: J. Garc\u00eda Carri\u00f3n\r\n \tVolum: 1l\r\n \tT\u0103rie: 0% (f\u0103r\u0103 alcool)","url":"https:\/\/tabaccomd.com\/ro\/product\/bautura-fara-alcool-don-simon-apple-juice-1-l\/","sku":"17009s","image":{"@type":"ImageObject","url":"https:\/\/tabaccomd.com\/wp-content\/uploads\/2023\/11\/don-simon-apple-juice.jpg","@id":"https:\/\/tabaccomd.com\/ro\/product\/bautura-fara-alcool-don-simon-apple-juice-1-l\/#productImage","width":1000,"height":1000,"caption":"\u0411\u0435\u0437\u0430\u043b\u043a\u043e\u0433\u043e\u043b\u044c\u043d\u044b\u0439 \u043d\u0430\u043f\u0438\u0442\u043e\u043a Don Simon Apple Juice 1 \u043b"},"offers":{"@type":"Offer","url":"https:\/\/tabaccomd.com\/ro\/product\/bautura-fara-alcool-don-simon-apple-juice-1-l\/#wooCommerceOffer","price":85,"priceCurrency":"MDL","category":"B\u0103uturi nealcoolice","availability":"https:\/\/schema.org\/OutOfStock","priceSpecification":{"@type":"PriceSpecification","price":85,"priceCurrency":"MDL","valueAddedTaxIncluded":"true"},"seller":{"@type":"Organization","@id":"https:\/\/tabaccomd.com\/ro\/#organization"}}},{"@type":"WebPage","@id":"https:\/\/tabaccomd.com\/ro\/product\/bautura-fara-alcool-don-simon-apple-juice-1-l\/#webpage","url":"https:\/\/tabaccomd.com\/ro\/product\/bautura-fara-alcool-don-simon-apple-juice-1-l\/","name":"B\u0103utur\u0103 f\u0103r\u0103 alcool Don Simon Apple Juice 1l cump\u0103ra\u021bi \u00een Chi\u0219in\u0103u \u2b50 \ufeff \u2013 Tabacco House","description":"B\u0103utur\u0103 f\u0103r\u0103 alcool Don Simon Apple Juice 1l la Chi\u0219in\u0103u cu livrare. \u2b50\u2b50\u2b50\u2b50\u2b50\u260e 061-000-935 Pe site-ul nostru tabaccomd.com avem o selec\u021bie larg\u0103 de b\u0103uturi alcoolice de elit\u0103: whiskey, coniac, rom, gin, vin spumant...","inLanguage":"ro-RO","isPartOf":{"@id":"https:\/\/tabaccomd.com\/ro\/#website"},"breadcrumb":{"@id":"https:\/\/tabaccomd.com\/ro\/product\/bautura-fara-alcool-don-simon-apple-juice-1-l\/#breadcrumblist"},"image":{"@type":"ImageObject","url":"https:\/\/tabaccomd.com\/wp-content\/uploads\/2023\/11\/don-simon-apple-juice.jpg","@id":"https:\/\/tabaccomd.com\/ro\/product\/bautura-fara-alcool-don-simon-apple-juice-1-l\/#mainImage","width":1000,"height":1000,"caption":"\u0411\u0435\u0437\u0430\u043b\u043a\u043e\u0433\u043e\u043b\u044c\u043d\u044b\u0439 \u043d\u0430\u043f\u0438\u0442\u043e\u043a Don Simon Apple Juice 1 \u043b"},"primaryImageOfPage":{"@id":"https:\/\/tabaccomd.com\/ro\/product\/bautura-fara-alcool-don-simon-apple-juice-1-l\/#mainImage"},"datePublished":"2023-11-08T13:57:27+03:00","dateModified":"2025-05-01T15:17:49+03:00"},{"@type":"WebSite","@id":"https:\/\/tabaccomd.com\/ro\/#website","url":"https:\/\/tabaccomd.com\/ro\/","name":"Tabacco House","alternateName":"tobaccomd.com","description":"\u041c\u0430\u0433\u0430\u0437\u0438\u043d \u0442\u0430\u0431\u0430\u0447\u043d\u044b\u0445 \u0438\u0437\u0434\u0435\u043b\u0438\u0439","inLanguage":"ro-RO","publisher":{"@id":"https:\/\/tabaccomd.com\/ro\/#organization"}}]},"og:locale":"ro_RO","og:site_name":"Tabacco House \u2013 \u041c\u0430\u0433\u0430\u0437\u0438\u043d \u0442\u0430\u0431\u0430\u0447\u043d\u044b\u0445 \u0438\u0437\u0434\u0435\u043b\u0438\u0439","og:type":"article","og:title":"B\u0103utur\u0103 f\u0103r\u0103 alcool Don Simon Apple Juice 1l cump\u0103ra\u021bi \u00een Chi\u0219in\u0103u \u2b50 \ufeff \u2013 Tabacco House","og:description":"B\u0103utur\u0103 f\u0103r\u0103 alcool Don Simon Apple Juice 1l la Chi\u0219in\u0103u cu livrare. \u2b50\u2b50\u2b50\u2b50\u2b50\u260e 061-000-935 Pe site-ul nostru tabaccomd.com avem o selec\u021bie larg\u0103 de b\u0103uturi alcoolice de elit\u0103: whiskey, coniac, rom, gin, vin spumant...","og:url":"https:\/\/tabaccomd.com\/ro\/product\/bautura-fara-alcool-don-simon-apple-juice-1-l\/","article:published_time":"2023-11-08T10:57:27+00:00","article:modified_time":"2025-05-01T12:17:49+00:00","article:publisher":"https:\/\/www.facebook.com\/tabaccomd.com\/","twitter:card":"summary_large_image","twitter:title":"B\u0103utur\u0103 f\u0103r\u0103 alcool Don Simon Apple Juice 1l cump\u0103ra\u021bi \u00een Chi\u0219in\u0103u \u2b50 \ufeff \u2013 Tabacco House","twitter:description":"B\u0103utur\u0103 f\u0103r\u0103 alcool Don Simon Apple Juice 1l la Chi\u0219in\u0103u cu livrare. \u2b50\u2b50\u2b50\u2b50\u2b50\u260e 061-000-935 Pe site-ul nostru tabaccomd.com avem o selec\u021bie larg\u0103 de b\u0103uturi alcoolice de elit\u0103: whiskey, coniac, rom, gin, vin spumant..."},"aioseo_meta_data":{"post_id":"128481","title":"#post_title cump\u0103ra\u021bi \u00een Chi\u0219in\u0103u \u2b50 \ufeff #separator_sa #site_title","description":"#post_title la Chi\u0219in\u0103u cu livrare. \u2b50\u2b50\u2b50\u2b50\u2b50\u260e 061-000-935 Pe site-ul nostru tabaccomd.com avem o selec\u021bie larg\u0103 de b\u0103uturi alcoolice de elit\u0103: whiskey, coniac, rom, gin, vin spumant...","keywords":[],"keyphrases":{"focus":{"keyphrase":"B\u0103utur\u0103 f\u0103r\u0103 alcool Don Simon Apple Juice 1 l","score":78,"analysis":{"keyphraseInTitle":{"score":9,"maxScore":9,"error":0},"keyphraseInDescription":{"score":9,"maxScore":9,"error":0},"keyphraseLength":{"score":6,"maxScore":9,"error":1,"length":8},"keyphraseInURL":{"score":5,"maxScore":5,"error":0},"keyphraseInIntroduction":{"score":3,"maxScore":9,"error":1},"keyphraseInSubHeadings":[],"keyphraseInImageAlt":[]}},"additional":[]},"primary_term":null,"canonical_url":null,"og_title":null,"og_description":null,"og_object_type":"default","og_image_type":"default","og_image_url":null,"og_image_width":null,"og_image_height":null,"og_image_custom_url":null,"og_image_custom_fields":null,"og_video":"","og_custom_url":null,"og_article_section":null,"og_article_tags":[],"twitter_use_og":false,"twitter_card":"default","twitter_image_type":"default","twitter_image_url":null,"twitter_image_custom_url":null,"twitter_image_custom_fields":null,"twitter_title":null,"twitter_description":null,"schema":{"blockGraphs":[],"customGraphs":[],"default":{"data":{"Article":[],"Course":[],"Dataset":[],"FAQPage":[],"Movie":[],"Person":[],"Product":[],"ProductReview":[],"Car":[],"Recipe":[],"Service":[],"SoftwareApplication":[],"WebPage":[]},"graphName":"ItemPage","isEnabled":true},"graphs":[]},"schema_type":"default","schema_type_options":null,"pillar_content":false,"robots_default":true,"robots_noindex":false,"robots_noarchive":false,"robots_nosnippet":false,"robots_nofollow":false,"robots_noimageindex":false,"robots_noodp":false,"robots_notranslate":false,"robots_max_snippet":"-1","robots_max_videopreview":"-1","robots_max_imagepreview":"large","priority":null,"frequency":"default","local_seo":null,"seo_analyzer_scan_date":"2025-10-20 13:05:43","breadcrumb_settings":null,"limit_modified_date":false,"reviewed_by":null,"open_ai":null,"ai":null,"created":"2023-11-08 11:00:02","updated":"2025-10-20 13:05:43"},"aioseo_breadcrumb":"<div class=\"aioseo-breadcrumbs\"><span class=\"aioseo-breadcrumb\">\n\t<a href=\"https:\/\/tabaccomd.com\/ro\/\" title=\"\u0413\u043b\u0430\u0432\u043d\u0430\u044f\">\u0413\u043b\u0430\u0432\u043d\u0430\u044f<\/a>\n<\/span><span class=\"aioseo-breadcrumb-separator\">\u00bb<\/span><span class=\"aioseo-breadcrumb\">\n\t<a href=\"https:\/\/tabaccomd.com\/ro\/catalog\/\" title=\"Catalog\">Catalog<\/a>\n<\/span><span class=\"aioseo-breadcrumb-separator\">\u00bb<\/span><span class=\"aioseo-breadcrumb\">\n\t<a href=\"https:\/\/tabaccomd.com\/ro\/product-category\/alcool-2\/\" title=\"Alcool\">Alcool<\/a>\n<\/span><span class=\"aioseo-breadcrumb-separator\">\u00bb<\/span><span class=\"aioseo-breadcrumb\">\n\t<a href=\"https:\/\/tabaccomd.com\/ro\/product-category\/alcool-2\/bauturi-nealcoolice-ro\/\" title=\"B\u0103uturi nealcoolice\">B\u0103uturi nealcoolice<\/a>\n<\/span><span class=\"aioseo-breadcrumb-separator\">\u00bb<\/span><span class=\"aioseo-breadcrumb\">\n\tB\u0103utur\u0103 f\u0103r\u0103 alcool Don Simon Apple Juice 1l\n<\/span><\/div>","aioseo_breadcrumb_json":[{"label":"\u0413\u043b\u0430\u0432\u043d\u0430\u044f","link":"https:\/\/tabaccomd.com\/ro\/"},{"label":"Catalog","link":"https:\/\/tabaccomd.com\/ro\/catalog\/"},{"label":"Alcool","link":"https:\/\/tabaccomd.com\/ro\/product-category\/alcool-2\/"},{"label":"B\u0103uturi nealcoolice","link":"https:\/\/tabaccomd.com\/ro\/product-category\/alcool-2\/bauturi-nealcoolice-ro\/"},{"label":"B\u0103utur\u0103 f\u0103r\u0103 alcool Don Simon Apple Juice 1l","link":"https:\/\/tabaccomd.com\/ro\/product\/bautura-fara-alcool-don-simon-apple-juice-1-l\/"}],"images_for_1c":[{"url":"https:\/\/tabaccomd.com\/wp-content\/uploads\/2023\/11\/don-simon-apple-juice.jpg","type":"featured","alt":"\u0411\u0435\u0437\u0430\u043b\u043a\u043e\u0433\u043e\u043b\u044c\u043d\u044b\u0439 \u043d\u0430\u043f\u0438\u0442\u043e\u043a Don Simon Apple Juice 1 \u043b","filename":"don-simon-apple-juice.jpg"}],"additional_data_1c":{"modified_date":"2025-05-01 15:17:49","permalink":"https:\/\/tabaccomd.com\/ro\/product\/bautura-fara-alcool-don-simon-apple-juice-1-l\/","stock_status":"outofstock","manage_stock":"no"},"_links":{"self":[{"href":"https:\/\/tabaccomd.com\/ro\/wp-json\/wp\/v2\/product\/128481","targetHints":{"allow":["GET"]}}],"collection":[{"href":"https:\/\/tabaccomd.com\/ro\/wp-json\/wp\/v2\/product"}],"about":[{"href":"https:\/\/tabaccomd.com\/ro\/wp-json\/wp\/v2\/types\/product"}],"wp:featuredmedia":[{"embeddable":true,"href":"https:\/\/tabaccomd.com\/ro\/wp-json\/wp\/v2\/media\/128479"}],"wp:attachment":[{"href":"https:\/\/tabaccomd.com\/ro\/wp-json\/wp\/v2\/media?parent=128481"}],"wp:term":[{"taxonomy":"product_brand","embeddable":true,"href":"https:\/\/tabaccomd.com\/ro\/wp-json\/wp\/v2\/product_brand?post=128481"},{"taxonomy":"product_cat","embeddable":true,"href":"https:\/\/tabaccomd.com\/ro\/wp-json\/wp\/v2\/product_cat?post=128481"},{"taxonomy":"product_tag","embeddable":true,"href":"https:\/\/tabaccomd.com\/ro\/wp-json\/wp\/v2\/product_tag?post=128481"}],"curies":[{"name":"wp","href":"https:\/\/api.w.org\/{rel}","templated":true}]}}