{"id":128374,"date":"2023-11-05T22:29:51","date_gmt":"2023-11-05T19:29:51","guid":{"rendered":"https:\/\/tabaccomd.com\/?post_type=product&#038;p=128374"},"modified":"2025-05-01T14:30:16","modified_gmt":"2025-05-01T11:30:16","slug":"bautura-fara-alcool-thomas-henry-tonic-water-0-2-l","status":"publish","type":"product","link":"https:\/\/tabaccomd.com\/ro\/product\/bautura-fara-alcool-thomas-henry-tonic-water-0-2-l\/","title":{"rendered":"B\u0103utur\u0103 f\u0103r\u0103 alcool Thomas Henry Tonic Water 0.2l"},"content":{"rendered":"<p><strong>Apa tonic\u0103 Thomas Henry<\/strong> este o b\u0103utur\u0103 premium f\u0103r\u0103 alcool din Germania, creat\u0103 pentru cunosc\u0103torii de gusturi rafinate \u0219i acompaniamentul perfect pentru cocktailuri. Cu o combina\u021bie echilibrat\u0103 de am\u0103r\u0103ciune de chinin\u0103 \u0219i note proaspete de citrice, acest tonic a devenit un favorit al barmanilor din \u00eentreaga lume. Apa tonic\u0103 Thomas Henry are un gust str\u0103lucitor \u0219i r\u0103coritor, cu am\u0103r\u0103ciunea caracteristic\u0103 a chininei \u0219i note subtile de citrice. Profilul s\u0103u rafinat \u00eel face o component\u0103 ideal\u0103 pentru cocktailuri clasice, cum ar fi gin tonic, precum \u0219i pentru asocierea cu rom, vodc\u0103, vermut \u0219i aperitive pe baz\u0103 de vin. Este, de asemenea, foarte r\u0103coritor atunci c\u00e2nd este servit simplu cu ghea\u021b\u0103 \u0219i o felie de l\u0103m\u00e2ie sau lime.<\/p>\n","protected":false},"excerpt":{"rendered":"<ul>\n<li>Tip: B\u0103utur\u0103 carbogazoas\u0103 f\u0103r\u0103 alcool<\/li>\n<li>Produc\u0103tor: Thomas Henry GmbH<\/li>\n<li>\u021aara produc\u0103torului: Germania<\/li>\n<li>Volum: 0,2l<\/li>\n<li>Produs vegan \u0219i f\u0103r\u0103 gluten<\/li>\n<\/ul>\n","protected":false},"featured_media":128373,"template":"","meta":{"om_disable_all_campaigns":false,"_monsterinsights_skip_tracking":false,"_monsterinsights_sitenote_active":false,"_monsterinsights_sitenote_note":"","_monsterinsights_sitenote_category":0},"product_brand":[],"product_cat":[398],"product_tag":[],"class_list":{"0":"post-128374","1":"product","2":"type-product","3":"status-publish","4":"has-post-thumbnail","6":"product_cat-bauturi-nealcoolice-ro","8":"first","9":"instock","10":"taxable","11":"shipping-taxable","12":"purchasable","13":"product-type-simple"},"aioseo_notices":[],"aioseo_head":"\n\t\t<!-- All in One SEO Pro 4.9.5.2 - aioseo.com -->\n\t<meta name=\"description\" content=\"B\u0103utur\u0103 f\u0103r\u0103 alcool Thomas Henry Tonic Water 0.2l la Chi\u0219in\u0103u cu livrare. \u2b50\u2b50\u2b50\u2b50\u2b50\u260e 061-000-935 Pe site-ul nostru tabaccomd.com avem o selec\u021bie larg\u0103 de b\u0103uturi alcoolice de elit\u0103: whiskey, coniac, rom, gin, vin spumant...\" \/>\n\t<meta name=\"robots\" content=\"max-image-preview:large\" \/>\n\t<link rel=\"canonical\" href=\"https:\/\/tabaccomd.com\/ro\/product\/bautura-fara-alcool-thomas-henry-tonic-water-0-2-l\/\" \/>\n\t<meta name=\"generator\" content=\"All in One SEO Pro (AIOSEO) 4.9.5.2\" \/>\n\t\t<meta property=\"og:locale\" content=\"ro_RO\" \/>\n\t\t<meta property=\"og:site_name\" content=\"Tabacco House \u2013 \u041c\u0430\u0433\u0430\u0437\u0438\u043d \u0442\u0430\u0431\u0430\u0447\u043d\u044b\u0445 \u0438\u0437\u0434\u0435\u043b\u0438\u0439\" \/>\n\t\t<meta property=\"og:type\" content=\"article\" \/>\n\t\t<meta property=\"og:title\" content=\"B\u0103utur\u0103 f\u0103r\u0103 alcool Thomas Henry Tonic Water 0.2l cump\u0103ra\u021bi \u00een Chi\u0219in\u0103u \u2b50 \u2013 Tabacco House\" \/>\n\t\t<meta property=\"og:description\" content=\"B\u0103utur\u0103 f\u0103r\u0103 alcool Thomas Henry Tonic Water 0.2l la Chi\u0219in\u0103u cu livrare. \u2b50\u2b50\u2b50\u2b50\u2b50\u260e 061-000-935 Pe site-ul nostru tabaccomd.com avem o selec\u021bie larg\u0103 de b\u0103uturi alcoolice de elit\u0103: whiskey, coniac, rom, gin, vin spumant...\" \/>\n\t\t<meta property=\"og:url\" content=\"https:\/\/tabaccomd.com\/ro\/product\/bautura-fara-alcool-thomas-henry-tonic-water-0-2-l\/\" \/>\n\t\t<meta property=\"article:published_time\" content=\"2023-11-05T19:29:51+00:00\" \/>\n\t\t<meta property=\"article:modified_time\" content=\"2025-05-01T11:30:16+00:00\" \/>\n\t\t<meta property=\"article:publisher\" content=\"https:\/\/www.facebook.com\/tabaccomd.com\/\" \/>\n\t\t<meta name=\"twitter:card\" content=\"summary_large_image\" \/>\n\t\t<meta name=\"twitter:title\" content=\"B\u0103utur\u0103 f\u0103r\u0103 alcool Thomas Henry Tonic Water 0.2l cump\u0103ra\u021bi \u00een Chi\u0219in\u0103u \u2b50 \u2013 Tabacco House\" \/>\n\t\t<meta name=\"twitter:description\" content=\"B\u0103utur\u0103 f\u0103r\u0103 alcool Thomas Henry Tonic Water 0.2l la Chi\u0219in\u0103u cu livrare. \u2b50\u2b50\u2b50\u2b50\u2b50\u260e 061-000-935 Pe site-ul nostru tabaccomd.com avem o selec\u021bie larg\u0103 de b\u0103uturi alcoolice de elit\u0103: whiskey, coniac, rom, gin, vin spumant...\" \/>\n\t\t<script type=\"application\/ld+json\" class=\"aioseo-schema\">\n\t\t\t{\"@context\":\"https:\\\/\\\/schema.org\",\"@graph\":[{\"@type\":\"BreadcrumbList\",\"@id\":\"https:\\\/\\\/tabaccomd.com\\\/ro\\\/product\\\/bautura-fara-alcool-thomas-henry-tonic-water-0-2-l\\\/#breadcrumblist\",\"itemListElement\":[{\"@type\":\"ListItem\",\"@id\":\"https:\\\/\\\/tabaccomd.com\\\/ro\\\/#listItem\",\"position\":1,\"name\":\"\\u0413\\u043b\\u0430\\u0432\\u043d\\u0430\\u044f\",\"item\":\"https:\\\/\\\/tabaccomd.com\\\/ro\\\/\",\"nextItem\":{\"@type\":\"ListItem\",\"@id\":\"https:\\\/\\\/tabaccomd.com\\\/ro\\\/catalog\\\/#listItem\",\"name\":\"Catalog\"}},{\"@type\":\"ListItem\",\"@id\":\"https:\\\/\\\/tabaccomd.com\\\/ro\\\/catalog\\\/#listItem\",\"position\":2,\"name\":\"Catalog\",\"item\":\"https:\\\/\\\/tabaccomd.com\\\/ro\\\/catalog\\\/\",\"nextItem\":{\"@type\":\"ListItem\",\"@id\":\"https:\\\/\\\/tabaccomd.com\\\/ro\\\/product-category\\\/alcool-2\\\/#listItem\",\"name\":\"Alcool\"},\"previousItem\":{\"@type\":\"ListItem\",\"@id\":\"https:\\\/\\\/tabaccomd.com\\\/ro\\\/#listItem\",\"name\":\"\\u0413\\u043b\\u0430\\u0432\\u043d\\u0430\\u044f\"}},{\"@type\":\"ListItem\",\"@id\":\"https:\\\/\\\/tabaccomd.com\\\/ro\\\/product-category\\\/alcool-2\\\/#listItem\",\"position\":3,\"name\":\"Alcool\",\"item\":\"https:\\\/\\\/tabaccomd.com\\\/ro\\\/product-category\\\/alcool-2\\\/\",\"nextItem\":{\"@type\":\"ListItem\",\"@id\":\"https:\\\/\\\/tabaccomd.com\\\/ro\\\/product-category\\\/alcool-2\\\/bauturi-nealcoolice-ro\\\/#listItem\",\"name\":\"B\\u0103uturi nealcoolice\"},\"previousItem\":{\"@type\":\"ListItem\",\"@id\":\"https:\\\/\\\/tabaccomd.com\\\/ro\\\/catalog\\\/#listItem\",\"name\":\"Catalog\"}},{\"@type\":\"ListItem\",\"@id\":\"https:\\\/\\\/tabaccomd.com\\\/ro\\\/product-category\\\/alcool-2\\\/bauturi-nealcoolice-ro\\\/#listItem\",\"position\":4,\"name\":\"B\\u0103uturi nealcoolice\",\"item\":\"https:\\\/\\\/tabaccomd.com\\\/ro\\\/product-category\\\/alcool-2\\\/bauturi-nealcoolice-ro\\\/\",\"nextItem\":{\"@type\":\"ListItem\",\"@id\":\"https:\\\/\\\/tabaccomd.com\\\/ro\\\/product\\\/bautura-fara-alcool-thomas-henry-tonic-water-0-2-l\\\/#listItem\",\"name\":\"B\\u0103utur\\u0103 f\\u0103r\\u0103 alcool Thomas Henry Tonic Water 0.2l\"},\"previousItem\":{\"@type\":\"ListItem\",\"@id\":\"https:\\\/\\\/tabaccomd.com\\\/ro\\\/product-category\\\/alcool-2\\\/#listItem\",\"name\":\"Alcool\"}},{\"@type\":\"ListItem\",\"@id\":\"https:\\\/\\\/tabaccomd.com\\\/ro\\\/product\\\/bautura-fara-alcool-thomas-henry-tonic-water-0-2-l\\\/#listItem\",\"position\":5,\"name\":\"B\\u0103utur\\u0103 f\\u0103r\\u0103 alcool Thomas Henry Tonic Water 0.2l\",\"previousItem\":{\"@type\":\"ListItem\",\"@id\":\"https:\\\/\\\/tabaccomd.com\\\/ro\\\/product-category\\\/alcool-2\\\/bauturi-nealcoolice-ro\\\/#listItem\",\"name\":\"B\\u0103uturi nealcoolice\"}}]},{\"@type\":\"Organization\",\"@id\":\"https:\\\/\\\/tabaccomd.com\\\/ro\\\/#organization\",\"name\":\"Tabacco House\",\"description\":\"\\u041c\\u0430\\u0433\\u0430\\u0437\\u0438\\u043d \\u0442\\u0430\\u0431\\u0430\\u0447\\u043d\\u044b\\u0445 \\u0438\\u0437\\u0434\\u0435\\u043b\\u0438\\u0439\",\"url\":\"https:\\\/\\\/tabaccomd.com\\\/ro\\\/\",\"email\":\"Office@cazacuhouse.com\",\"telephone\":\"+37361000935\",\"logo\":{\"@type\":\"ImageObject\",\"url\":\"https:\\\/\\\/tabaccomd.com\\\/wp-content\\\/uploads\\\/2024\\\/02\\\/logo_header3.png\",\"@id\":\"https:\\\/\\\/tabaccomd.com\\\/ro\\\/product\\\/bautura-fara-alcool-thomas-henry-tonic-water-0-2-l\\\/#organizationLogo\",\"width\":32,\"height\":32,\"caption\":\"Tabacco House\"},\"image\":{\"@id\":\"https:\\\/\\\/tabaccomd.com\\\/ro\\\/product\\\/bautura-fara-alcool-thomas-henry-tonic-water-0-2-l\\\/#organizationLogo\"},\"sameAs\":[\"https:\\\/\\\/www.facebook.com\\\/tabaccomd.com\\\/\",\"https:\\\/\\\/www.instagram.com\\\/tabaccomd.com\\\/\"],\"address\":{\"@id\":\"https:\\\/\\\/tabaccomd.com\\\/ro\\\/#postaladdress\",\"@type\":\"PostalAddress\",\"streetAddress\":\"Strada Albi\\u015foara 4, Chi\\u0219in\\u0103u, Bulevardul \\u0218tefan cel Mare \\u0219i Sf\\u00eent 136, Chi\\u0219in\\u0103u\",\"addressLocality\":\"Chi\\u0219in\\u0103u\",\"addressCountry\":\"MD\"}},{\"@type\":\"Product\",\"@id\":\"https:\\\/\\\/tabaccomd.com\\\/ro\\\/product\\\/bautura-fara-alcool-thomas-henry-tonic-water-0-2-l\\\/#wooCommerceProduct\",\"name\":\"B\\u0103utur\\u0103 f\\u0103r\\u0103 alcool Thomas Henry Tonic Water 0.2l\",\"description\":\"Tip: B\\u0103utur\\u0103 carbogazoas\\u0103 f\\u0103r\\u0103 alcool\\r\\n \\tProduc\\u0103tor: Thomas Henry GmbH\\r\\n \\t\\u021aara produc\\u0103torului: Germania\\r\\n \\tVolum: 0,2l\\r\\n \\tProdus vegan \\u0219i f\\u0103r\\u0103 gluten\",\"url\":\"https:\\\/\\\/tabaccomd.com\\\/ro\\\/product\\\/bautura-fara-alcool-thomas-henry-tonic-water-0-2-l\\\/\",\"sku\":\"ALK193\",\"image\":{\"@type\":\"ImageObject\",\"url\":\"https:\\\/\\\/tabaccomd.com\\\/wp-content\\\/uploads\\\/2023\\\/11\\\/tonic-water-0.2.jpg\",\"@id\":\"https:\\\/\\\/tabaccomd.com\\\/ro\\\/product\\\/bautura-fara-alcool-thomas-henry-tonic-water-0-2-l\\\/#productImage\",\"width\":1000,\"height\":1000,\"caption\":\"\\u0411\\u0435\\u0437\\u0430\\u043b\\u043a\\u043e\\u0433\\u043e\\u043b\\u044c\\u043d\\u044b\\u0439 \\u043d\\u0430\\u043f\\u0438\\u0442\\u043e\\u043a Thomas Henry Tonic Water 0.2 \\u043b\"},\"offers\":{\"@type\":\"Offer\",\"url\":\"https:\\\/\\\/tabaccomd.com\\\/ro\\\/product\\\/bautura-fara-alcool-thomas-henry-tonic-water-0-2-l\\\/#wooCommerceOffer\",\"price\":35,\"priceCurrency\":\"MDL\",\"category\":\"B\\u0103uturi nealcoolice\",\"availability\":\"https:\\\/\\\/schema.org\\\/InStock\",\"priceSpecification\":{\"@type\":\"PriceSpecification\",\"price\":35,\"priceCurrency\":\"MDL\",\"valueAddedTaxIncluded\":\"true\"},\"seller\":{\"@type\":\"Organization\",\"@id\":\"https:\\\/\\\/tabaccomd.com\\\/ro\\\/#organization\"}}},{\"@type\":\"WebPage\",\"@id\":\"https:\\\/\\\/tabaccomd.com\\\/ro\\\/product\\\/bautura-fara-alcool-thomas-henry-tonic-water-0-2-l\\\/#webpage\",\"url\":\"https:\\\/\\\/tabaccomd.com\\\/ro\\\/product\\\/bautura-fara-alcool-thomas-henry-tonic-water-0-2-l\\\/\",\"name\":\"B\\u0103utur\\u0103 f\\u0103r\\u0103 alcool Thomas Henry Tonic Water 0.2l cump\\u0103ra\\u021bi \\u00een Chi\\u0219in\\u0103u \\u2b50 \\u2013 Tabacco House\",\"description\":\"B\\u0103utur\\u0103 f\\u0103r\\u0103 alcool Thomas Henry Tonic Water 0.2l la Chi\\u0219in\\u0103u cu livrare. \\u2b50\\u2b50\\u2b50\\u2b50\\u2b50\\u260e 061-000-935 Pe site-ul nostru tabaccomd.com avem o selec\\u021bie larg\\u0103 de b\\u0103uturi alcoolice de elit\\u0103: whiskey, coniac, rom, gin, vin spumant...\",\"inLanguage\":\"ro-RO\",\"isPartOf\":{\"@id\":\"https:\\\/\\\/tabaccomd.com\\\/ro\\\/#website\"},\"breadcrumb\":{\"@id\":\"https:\\\/\\\/tabaccomd.com\\\/ro\\\/product\\\/bautura-fara-alcool-thomas-henry-tonic-water-0-2-l\\\/#breadcrumblist\"},\"image\":{\"@type\":\"ImageObject\",\"url\":\"https:\\\/\\\/tabaccomd.com\\\/wp-content\\\/uploads\\\/2023\\\/11\\\/tonic-water-0.2.jpg\",\"@id\":\"https:\\\/\\\/tabaccomd.com\\\/ro\\\/product\\\/bautura-fara-alcool-thomas-henry-tonic-water-0-2-l\\\/#mainImage\",\"width\":1000,\"height\":1000,\"caption\":\"\\u0411\\u0435\\u0437\\u0430\\u043b\\u043a\\u043e\\u0433\\u043e\\u043b\\u044c\\u043d\\u044b\\u0439 \\u043d\\u0430\\u043f\\u0438\\u0442\\u043e\\u043a Thomas Henry Tonic Water 0.2 \\u043b\"},\"primaryImageOfPage\":{\"@id\":\"https:\\\/\\\/tabaccomd.com\\\/ro\\\/product\\\/bautura-fara-alcool-thomas-henry-tonic-water-0-2-l\\\/#mainImage\"},\"datePublished\":\"2023-11-05T22:29:51+03:00\",\"dateModified\":\"2025-05-01T14:30:16+03:00\"},{\"@type\":\"WebSite\",\"@id\":\"https:\\\/\\\/tabaccomd.com\\\/ro\\\/#website\",\"url\":\"https:\\\/\\\/tabaccomd.com\\\/ro\\\/\",\"name\":\"Tabacco House\",\"alternateName\":\"tobaccomd.com\",\"description\":\"\\u041c\\u0430\\u0433\\u0430\\u0437\\u0438\\u043d \\u0442\\u0430\\u0431\\u0430\\u0447\\u043d\\u044b\\u0445 \\u0438\\u0437\\u0434\\u0435\\u043b\\u0438\\u0439\",\"inLanguage\":\"ro-RO\",\"publisher\":{\"@id\":\"https:\\\/\\\/tabaccomd.com\\\/ro\\\/#organization\"}}]}\n\t\t<\/script>\n\t\t<!-- All in One SEO Pro -->\r\n\t\t<title>B\u0103utur\u0103 f\u0103r\u0103 alcool Thomas Henry Tonic Water 0.2l cump\u0103ra\u021bi \u00een Chi\u0219in\u0103u \u2b50 \u2013 Tabacco House<\/title>\n\n","aioseo_head_json":{"title":"B\u0103utur\u0103 f\u0103r\u0103 alcool Thomas Henry Tonic Water 0.2l cump\u0103ra\u021bi \u00een Chi\u0219in\u0103u \u2b50 \u2013 Tabacco House","description":"B\u0103utur\u0103 f\u0103r\u0103 alcool Thomas Henry Tonic Water 0.2l la Chi\u0219in\u0103u cu livrare. \u2b50\u2b50\u2b50\u2b50\u2b50\u260e 061-000-935 Pe site-ul nostru tabaccomd.com avem o selec\u021bie larg\u0103 de b\u0103uturi alcoolice de elit\u0103: whiskey, coniac, rom, gin, vin spumant...","canonical_url":"https:\/\/tabaccomd.com\/ro\/product\/bautura-fara-alcool-thomas-henry-tonic-water-0-2-l\/","robots":"max-image-preview:large","keywords":"","webmasterTools":{"miscellaneous":""},"schema":{"@context":"https:\/\/schema.org","@graph":[{"@type":"BreadcrumbList","@id":"https:\/\/tabaccomd.com\/ro\/product\/bautura-fara-alcool-thomas-henry-tonic-water-0-2-l\/#breadcrumblist","itemListElement":[{"@type":"ListItem","@id":"https:\/\/tabaccomd.com\/ro\/#listItem","position":1,"name":"\u0413\u043b\u0430\u0432\u043d\u0430\u044f","item":"https:\/\/tabaccomd.com\/ro\/","nextItem":{"@type":"ListItem","@id":"https:\/\/tabaccomd.com\/ro\/catalog\/#listItem","name":"Catalog"}},{"@type":"ListItem","@id":"https:\/\/tabaccomd.com\/ro\/catalog\/#listItem","position":2,"name":"Catalog","item":"https:\/\/tabaccomd.com\/ro\/catalog\/","nextItem":{"@type":"ListItem","@id":"https:\/\/tabaccomd.com\/ro\/product-category\/alcool-2\/#listItem","name":"Alcool"},"previousItem":{"@type":"ListItem","@id":"https:\/\/tabaccomd.com\/ro\/#listItem","name":"\u0413\u043b\u0430\u0432\u043d\u0430\u044f"}},{"@type":"ListItem","@id":"https:\/\/tabaccomd.com\/ro\/product-category\/alcool-2\/#listItem","position":3,"name":"Alcool","item":"https:\/\/tabaccomd.com\/ro\/product-category\/alcool-2\/","nextItem":{"@type":"ListItem","@id":"https:\/\/tabaccomd.com\/ro\/product-category\/alcool-2\/bauturi-nealcoolice-ro\/#listItem","name":"B\u0103uturi nealcoolice"},"previousItem":{"@type":"ListItem","@id":"https:\/\/tabaccomd.com\/ro\/catalog\/#listItem","name":"Catalog"}},{"@type":"ListItem","@id":"https:\/\/tabaccomd.com\/ro\/product-category\/alcool-2\/bauturi-nealcoolice-ro\/#listItem","position":4,"name":"B\u0103uturi nealcoolice","item":"https:\/\/tabaccomd.com\/ro\/product-category\/alcool-2\/bauturi-nealcoolice-ro\/","nextItem":{"@type":"ListItem","@id":"https:\/\/tabaccomd.com\/ro\/product\/bautura-fara-alcool-thomas-henry-tonic-water-0-2-l\/#listItem","name":"B\u0103utur\u0103 f\u0103r\u0103 alcool Thomas Henry Tonic Water 0.2l"},"previousItem":{"@type":"ListItem","@id":"https:\/\/tabaccomd.com\/ro\/product-category\/alcool-2\/#listItem","name":"Alcool"}},{"@type":"ListItem","@id":"https:\/\/tabaccomd.com\/ro\/product\/bautura-fara-alcool-thomas-henry-tonic-water-0-2-l\/#listItem","position":5,"name":"B\u0103utur\u0103 f\u0103r\u0103 alcool Thomas Henry Tonic Water 0.2l","previousItem":{"@type":"ListItem","@id":"https:\/\/tabaccomd.com\/ro\/product-category\/alcool-2\/bauturi-nealcoolice-ro\/#listItem","name":"B\u0103uturi nealcoolice"}}]},{"@type":"Organization","@id":"https:\/\/tabaccomd.com\/ro\/#organization","name":"Tabacco House","description":"\u041c\u0430\u0433\u0430\u0437\u0438\u043d \u0442\u0430\u0431\u0430\u0447\u043d\u044b\u0445 \u0438\u0437\u0434\u0435\u043b\u0438\u0439","url":"https:\/\/tabaccomd.com\/ro\/","email":"Office@cazacuhouse.com","telephone":"+37361000935","logo":{"@type":"ImageObject","url":"https:\/\/tabaccomd.com\/wp-content\/uploads\/2024\/02\/logo_header3.png","@id":"https:\/\/tabaccomd.com\/ro\/product\/bautura-fara-alcool-thomas-henry-tonic-water-0-2-l\/#organizationLogo","width":32,"height":32,"caption":"Tabacco House"},"image":{"@id":"https:\/\/tabaccomd.com\/ro\/product\/bautura-fara-alcool-thomas-henry-tonic-water-0-2-l\/#organizationLogo"},"sameAs":["https:\/\/www.facebook.com\/tabaccomd.com\/","https:\/\/www.instagram.com\/tabaccomd.com\/"],"address":{"@id":"https:\/\/tabaccomd.com\/ro\/#postaladdress","@type":"PostalAddress","streetAddress":"Strada Albi\u015foara 4, Chi\u0219in\u0103u, Bulevardul \u0218tefan cel Mare \u0219i Sf\u00eent 136, Chi\u0219in\u0103u","addressLocality":"Chi\u0219in\u0103u","addressCountry":"MD"}},{"@type":"Product","@id":"https:\/\/tabaccomd.com\/ro\/product\/bautura-fara-alcool-thomas-henry-tonic-water-0-2-l\/#wooCommerceProduct","name":"B\u0103utur\u0103 f\u0103r\u0103 alcool Thomas Henry Tonic Water 0.2l","description":"Tip: B\u0103utur\u0103 carbogazoas\u0103 f\u0103r\u0103 alcool\r\n \tProduc\u0103tor: Thomas Henry GmbH\r\n \t\u021aara produc\u0103torului: Germania\r\n \tVolum: 0,2l\r\n \tProdus vegan \u0219i f\u0103r\u0103 gluten","url":"https:\/\/tabaccomd.com\/ro\/product\/bautura-fara-alcool-thomas-henry-tonic-water-0-2-l\/","sku":"ALK193","image":{"@type":"ImageObject","url":"https:\/\/tabaccomd.com\/wp-content\/uploads\/2023\/11\/tonic-water-0.2.jpg","@id":"https:\/\/tabaccomd.com\/ro\/product\/bautura-fara-alcool-thomas-henry-tonic-water-0-2-l\/#productImage","width":1000,"height":1000,"caption":"\u0411\u0435\u0437\u0430\u043b\u043a\u043e\u0433\u043e\u043b\u044c\u043d\u044b\u0439 \u043d\u0430\u043f\u0438\u0442\u043e\u043a Thomas Henry Tonic Water 0.2 \u043b"},"offers":{"@type":"Offer","url":"https:\/\/tabaccomd.com\/ro\/product\/bautura-fara-alcool-thomas-henry-tonic-water-0-2-l\/#wooCommerceOffer","price":35,"priceCurrency":"MDL","category":"B\u0103uturi nealcoolice","availability":"https:\/\/schema.org\/InStock","priceSpecification":{"@type":"PriceSpecification","price":35,"priceCurrency":"MDL","valueAddedTaxIncluded":"true"},"seller":{"@type":"Organization","@id":"https:\/\/tabaccomd.com\/ro\/#organization"}}},{"@type":"WebPage","@id":"https:\/\/tabaccomd.com\/ro\/product\/bautura-fara-alcool-thomas-henry-tonic-water-0-2-l\/#webpage","url":"https:\/\/tabaccomd.com\/ro\/product\/bautura-fara-alcool-thomas-henry-tonic-water-0-2-l\/","name":"B\u0103utur\u0103 f\u0103r\u0103 alcool Thomas Henry Tonic Water 0.2l cump\u0103ra\u021bi \u00een Chi\u0219in\u0103u \u2b50 \u2013 Tabacco House","description":"B\u0103utur\u0103 f\u0103r\u0103 alcool Thomas Henry Tonic Water 0.2l la Chi\u0219in\u0103u cu livrare. \u2b50\u2b50\u2b50\u2b50\u2b50\u260e 061-000-935 Pe site-ul nostru tabaccomd.com avem o selec\u021bie larg\u0103 de b\u0103uturi alcoolice de elit\u0103: whiskey, coniac, rom, gin, vin spumant...","inLanguage":"ro-RO","isPartOf":{"@id":"https:\/\/tabaccomd.com\/ro\/#website"},"breadcrumb":{"@id":"https:\/\/tabaccomd.com\/ro\/product\/bautura-fara-alcool-thomas-henry-tonic-water-0-2-l\/#breadcrumblist"},"image":{"@type":"ImageObject","url":"https:\/\/tabaccomd.com\/wp-content\/uploads\/2023\/11\/tonic-water-0.2.jpg","@id":"https:\/\/tabaccomd.com\/ro\/product\/bautura-fara-alcool-thomas-henry-tonic-water-0-2-l\/#mainImage","width":1000,"height":1000,"caption":"\u0411\u0435\u0437\u0430\u043b\u043a\u043e\u0433\u043e\u043b\u044c\u043d\u044b\u0439 \u043d\u0430\u043f\u0438\u0442\u043e\u043a Thomas Henry Tonic Water 0.2 \u043b"},"primaryImageOfPage":{"@id":"https:\/\/tabaccomd.com\/ro\/product\/bautura-fara-alcool-thomas-henry-tonic-water-0-2-l\/#mainImage"},"datePublished":"2023-11-05T22:29:51+03:00","dateModified":"2025-05-01T14:30:16+03:00"},{"@type":"WebSite","@id":"https:\/\/tabaccomd.com\/ro\/#website","url":"https:\/\/tabaccomd.com\/ro\/","name":"Tabacco House","alternateName":"tobaccomd.com","description":"\u041c\u0430\u0433\u0430\u0437\u0438\u043d \u0442\u0430\u0431\u0430\u0447\u043d\u044b\u0445 \u0438\u0437\u0434\u0435\u043b\u0438\u0439","inLanguage":"ro-RO","publisher":{"@id":"https:\/\/tabaccomd.com\/ro\/#organization"}}]},"og:locale":"ro_RO","og:site_name":"Tabacco House \u2013 \u041c\u0430\u0433\u0430\u0437\u0438\u043d \u0442\u0430\u0431\u0430\u0447\u043d\u044b\u0445 \u0438\u0437\u0434\u0435\u043b\u0438\u0439","og:type":"article","og:title":"B\u0103utur\u0103 f\u0103r\u0103 alcool Thomas Henry Tonic Water 0.2l cump\u0103ra\u021bi \u00een Chi\u0219in\u0103u \u2b50 \u2013 Tabacco House","og:description":"B\u0103utur\u0103 f\u0103r\u0103 alcool Thomas Henry Tonic Water 0.2l la Chi\u0219in\u0103u cu livrare. \u2b50\u2b50\u2b50\u2b50\u2b50\u260e 061-000-935 Pe site-ul nostru tabaccomd.com avem o selec\u021bie larg\u0103 de b\u0103uturi alcoolice de elit\u0103: whiskey, coniac, rom, gin, vin spumant...","og:url":"https:\/\/tabaccomd.com\/ro\/product\/bautura-fara-alcool-thomas-henry-tonic-water-0-2-l\/","article:published_time":"2023-11-05T19:29:51+00:00","article:modified_time":"2025-05-01T11:30:16+00:00","article:publisher":"https:\/\/www.facebook.com\/tabaccomd.com\/","twitter:card":"summary_large_image","twitter:title":"B\u0103utur\u0103 f\u0103r\u0103 alcool Thomas Henry Tonic Water 0.2l cump\u0103ra\u021bi \u00een Chi\u0219in\u0103u \u2b50 \u2013 Tabacco House","twitter:description":"B\u0103utur\u0103 f\u0103r\u0103 alcool Thomas Henry Tonic Water 0.2l la Chi\u0219in\u0103u cu livrare. \u2b50\u2b50\u2b50\u2b50\u2b50\u260e 061-000-935 Pe site-ul nostru tabaccomd.com avem o selec\u021bie larg\u0103 de b\u0103uturi alcoolice de elit\u0103: whiskey, coniac, rom, gin, vin spumant..."},"aioseo_meta_data":{"post_id":"128374","title":"#post_title cump\u0103ra\u021bi \u00een Chi\u0219in\u0103u \u2b50 #separator_sa #site_title","description":"#post_title la Chi\u0219in\u0103u cu livrare. \u2b50\u2b50\u2b50\u2b50\u2b50\u260e 061-000-935 Pe site-ul nostru tabaccomd.com avem o selec\u021bie larg\u0103 de b\u0103uturi alcoolice de elit\u0103: whiskey, coniac, rom, gin, vin spumant...","keywords":[],"keyphrases":{"focus":{"keyphrase":"B\u0103utur\u0103 f\u0103r\u0103 alcool Thomas Henry Tonic Water 0.2 l","score":78,"analysis":{"keyphraseInTitle":{"score":9,"maxScore":9,"error":0},"keyphraseInDescription":{"score":9,"maxScore":9,"error":0},"keyphraseLength":{"score":6,"maxScore":9,"error":1,"length":8},"keyphraseInURL":{"score":5,"maxScore":5,"error":0},"keyphraseInIntroduction":{"score":3,"maxScore":9,"error":1},"keyphraseInSubHeadings":[],"keyphraseInImageAlt":[]}},"additional":[]},"primary_term":null,"canonical_url":null,"og_title":null,"og_description":null,"og_object_type":"default","og_image_type":"default","og_image_url":null,"og_image_width":null,"og_image_height":null,"og_image_custom_url":null,"og_image_custom_fields":null,"og_video":"","og_custom_url":null,"og_article_section":null,"og_article_tags":[],"twitter_use_og":false,"twitter_card":"default","twitter_image_type":"default","twitter_image_url":null,"twitter_image_custom_url":null,"twitter_image_custom_fields":null,"twitter_title":null,"twitter_description":null,"schema":{"blockGraphs":[],"customGraphs":[],"default":{"data":{"Article":[],"Course":[],"Dataset":[],"FAQPage":[],"Movie":[],"Person":[],"Product":[],"ProductReview":[],"Car":[],"Recipe":[],"Service":[],"SoftwareApplication":[],"WebPage":[]},"graphName":"ItemPage","isEnabled":true},"graphs":[]},"schema_type":"default","schema_type_options":null,"pillar_content":false,"robots_default":true,"robots_noindex":false,"robots_noarchive":false,"robots_nosnippet":false,"robots_nofollow":false,"robots_noimageindex":false,"robots_noodp":false,"robots_notranslate":false,"robots_max_snippet":"-1","robots_max_videopreview":"-1","robots_max_imagepreview":"large","priority":null,"frequency":"default","local_seo":null,"seo_analyzer_scan_date":"2025-10-20 12:57:01","breadcrumb_settings":null,"limit_modified_date":false,"reviewed_by":null,"open_ai":null,"ai":null,"created":"2023-11-05 19:31:06","updated":"2025-10-20 12:57:01"},"aioseo_breadcrumb":"<div class=\"aioseo-breadcrumbs\"><span class=\"aioseo-breadcrumb\">\n\t<a href=\"https:\/\/tabaccomd.com\/ro\/\" title=\"\u0413\u043b\u0430\u0432\u043d\u0430\u044f\">\u0413\u043b\u0430\u0432\u043d\u0430\u044f<\/a>\n<\/span><span class=\"aioseo-breadcrumb-separator\">\u00bb<\/span><span class=\"aioseo-breadcrumb\">\n\t<a href=\"https:\/\/tabaccomd.com\/ro\/catalog\/\" title=\"Catalog\">Catalog<\/a>\n<\/span><span class=\"aioseo-breadcrumb-separator\">\u00bb<\/span><span class=\"aioseo-breadcrumb\">\n\t<a href=\"https:\/\/tabaccomd.com\/ro\/product-category\/alcool-2\/\" title=\"Alcool\">Alcool<\/a>\n<\/span><span class=\"aioseo-breadcrumb-separator\">\u00bb<\/span><span class=\"aioseo-breadcrumb\">\n\t<a href=\"https:\/\/tabaccomd.com\/ro\/product-category\/alcool-2\/bauturi-nealcoolice-ro\/\" title=\"B\u0103uturi nealcoolice\">B\u0103uturi nealcoolice<\/a>\n<\/span><span class=\"aioseo-breadcrumb-separator\">\u00bb<\/span><span class=\"aioseo-breadcrumb\">\n\tB\u0103utur\u0103 f\u0103r\u0103 alcool Thomas Henry Tonic Water 0.2l\n<\/span><\/div>","aioseo_breadcrumb_json":[{"label":"\u0413\u043b\u0430\u0432\u043d\u0430\u044f","link":"https:\/\/tabaccomd.com\/ro\/"},{"label":"Catalog","link":"https:\/\/tabaccomd.com\/ro\/catalog\/"},{"label":"Alcool","link":"https:\/\/tabaccomd.com\/ro\/product-category\/alcool-2\/"},{"label":"B\u0103uturi nealcoolice","link":"https:\/\/tabaccomd.com\/ro\/product-category\/alcool-2\/bauturi-nealcoolice-ro\/"},{"label":"B\u0103utur\u0103 f\u0103r\u0103 alcool Thomas Henry Tonic Water 0.2l","link":"https:\/\/tabaccomd.com\/ro\/product\/bautura-fara-alcool-thomas-henry-tonic-water-0-2-l\/"}],"images_for_1c":[{"url":"https:\/\/tabaccomd.com\/wp-content\/uploads\/2023\/11\/tonic-water-0.2.jpg","type":"featured","alt":"\u0411\u0435\u0437\u0430\u043b\u043a\u043e\u0433\u043e\u043b\u044c\u043d\u044b\u0439 \u043d\u0430\u043f\u0438\u0442\u043e\u043a Thomas Henry Tonic Water 0.2 \u043b","filename":"tonic-water-0.2.jpg"}],"additional_data_1c":{"modified_date":"2025-05-01 14:30:16","permalink":"https:\/\/tabaccomd.com\/ro\/product\/bautura-fara-alcool-thomas-henry-tonic-water-0-2-l\/","stock_status":"instock","manage_stock":"no"},"_links":{"self":[{"href":"https:\/\/tabaccomd.com\/ro\/wp-json\/wp\/v2\/product\/128374","targetHints":{"allow":["GET"]}}],"collection":[{"href":"https:\/\/tabaccomd.com\/ro\/wp-json\/wp\/v2\/product"}],"about":[{"href":"https:\/\/tabaccomd.com\/ro\/wp-json\/wp\/v2\/types\/product"}],"wp:featuredmedia":[{"embeddable":true,"href":"https:\/\/tabaccomd.com\/ro\/wp-json\/wp\/v2\/media\/128373"}],"wp:attachment":[{"href":"https:\/\/tabaccomd.com\/ro\/wp-json\/wp\/v2\/media?parent=128374"}],"wp:term":[{"taxonomy":"product_brand","embeddable":true,"href":"https:\/\/tabaccomd.com\/ro\/wp-json\/wp\/v2\/product_brand?post=128374"},{"taxonomy":"product_cat","embeddable":true,"href":"https:\/\/tabaccomd.com\/ro\/wp-json\/wp\/v2\/product_cat?post=128374"},{"taxonomy":"product_tag","embeddable":true,"href":"https:\/\/tabaccomd.com\/ro\/wp-json\/wp\/v2\/product_tag?post=128374"}],"curies":[{"name":"wp","href":"https:\/\/api.w.org\/{rel}","templated":true}]}}