{"id":128317,"date":"2023-11-04T23:24:46","date_gmt":"2023-11-04T20:24:46","guid":{"rendered":"https:\/\/tabaccomd.com\/?post_type=product&#038;p=128317"},"modified":"2025-05-01T10:28:19","modified_gmt":"2025-05-01T07:28:19","slug":"absint-35-0-5-l","status":"publish","type":"product","link":"https:\/\/tabaccomd.com\/ro\/product\/absint-35-0-5-l\/","title":{"rendered":"Absint &#8222;35&#8221; 0.5l"},"content":{"rendered":"<p><a href=\"https:\/\/tabaccomd.com\/ro\/categorie-produs\/alcool-2\/absent-ro\/\" target=\"_blank\" rel=\"noopener\">Absint &#8222;35&#8221;<\/a> se distinge printr-o caracteristic\u0103 distinctiv\u0103, \u0219i anume absen\u021ba anasonului \u00een re\u021beta sa \u0219i con\u021binutul ridicat de tuion. De asemenea, b\u0103utura este colorat\u0103 cu extracte naturale de plante, ceea ce explic\u0103 nuan\u021ba sa u\u0219or verde-oliv. \u00cen gustul acestui <strong> absint <\/strong>, se pot observa bine nuan\u021bele u\u0219or am\u0103rui ale tuionului, ceea ce \u00eei confer\u0103 un caracter distinct. Formula echilibrat\u0103 a extractelor de plante asigur\u0103 un gust armonios. Gustul <a href=\"https:\/\/tabaccomd.com\/ro\/categorie-produs\/alcool-2\/absent-ro\/\" target=\"_blank\" rel=\"noopener\">absint &#8222;35&#8221;<\/a> este expresiv \u0219i u\u0219or amar, cu predominan\u021ba notelor de plante \u0219i pelin. Nuan\u021bele distincte ale tuionului sunt clar vizibile.<\/p>\n","protected":false},"excerpt":{"rendered":"<ul>\n<li>\u021aara produc\u0103torului: Cehia<\/li>\n<li>Produc\u0103tor: L&#8217;OR special drinks<\/li>\n<li>T\u0103rie: 70%<\/li>\n<li>Volum: 0.5l<\/li>\n<\/ul>\n","protected":false},"featured_media":128316,"template":"","meta":{"om_disable_all_campaigns":false,"_monsterinsights_skip_tracking":false,"_monsterinsights_sitenote_active":false,"_monsterinsights_sitenote_note":"","_monsterinsights_sitenote_category":0},"product_brand":[],"product_cat":[396],"product_tag":[],"class_list":{"0":"post-128317","1":"product","2":"type-product","3":"status-publish","4":"has-post-thumbnail","6":"product_cat-absent-ro","8":"first","9":"instock","10":"taxable","11":"shipping-taxable","12":"purchasable","13":"product-type-simple"},"aioseo_notices":[],"aioseo_head":"\n\t\t<!-- All in One SEO Pro 4.9.5.2 - aioseo.com -->\n\t<meta name=\"description\" content=\"Absint \u201e35\u201d 0.5l la Chi\u0219in\u0103u cu livrare. \u2b50\u2b50\u2b50\u2b50\u2b50\u260e 061-000-935 Pe site-ul nostru tabaccomd.com avem o selec\u021bie larg\u0103 de b\u0103uturi alcoolice de elit\u0103: whiskey, coniac, rom, gin, vin spumant...\" \/>\n\t<meta name=\"robots\" content=\"max-image-preview:large\" \/>\n\t<link rel=\"canonical\" href=\"https:\/\/tabaccomd.com\/ro\/product\/absint-35-0-5-l\/\" \/>\n\t<meta name=\"generator\" content=\"All in One SEO Pro (AIOSEO) 4.9.5.2\" \/>\n\t\t<meta property=\"og:locale\" content=\"ro_RO\" \/>\n\t\t<meta property=\"og:site_name\" content=\"Tabacco House \u2013 \u041c\u0430\u0433\u0430\u0437\u0438\u043d \u0442\u0430\u0431\u0430\u0447\u043d\u044b\u0445 \u0438\u0437\u0434\u0435\u043b\u0438\u0439\" \/>\n\t\t<meta property=\"og:type\" content=\"article\" \/>\n\t\t<meta property=\"og:title\" content=\"Absint \u201e35\u201d 0.5l cump\u0103ra\u021bi \u00een Chi\u0219in\u0103u \u2b50 \u2013 Tabacco House\" \/>\n\t\t<meta property=\"og:description\" content=\"Absint \u201e35\u201d 0.5l la Chi\u0219in\u0103u cu livrare. \u2b50\u2b50\u2b50\u2b50\u2b50\u260e 061-000-935 Pe site-ul nostru tabaccomd.com avem o selec\u021bie larg\u0103 de b\u0103uturi alcoolice de elit\u0103: whiskey, coniac, rom, gin, vin spumant...\" \/>\n\t\t<meta property=\"og:url\" content=\"https:\/\/tabaccomd.com\/ro\/product\/absint-35-0-5-l\/\" \/>\n\t\t<meta property=\"article:published_time\" content=\"2023-11-04T20:24:46+00:00\" \/>\n\t\t<meta property=\"article:modified_time\" content=\"2025-05-01T07:28:19+00:00\" \/>\n\t\t<meta property=\"article:publisher\" content=\"https:\/\/www.facebook.com\/tabaccomd.com\/\" \/>\n\t\t<meta name=\"twitter:card\" content=\"summary_large_image\" \/>\n\t\t<meta name=\"twitter:title\" content=\"Absint \u201e35\u201d 0.5l cump\u0103ra\u021bi \u00een Chi\u0219in\u0103u \u2b50 \u2013 Tabacco House\" \/>\n\t\t<meta name=\"twitter:description\" content=\"Absint \u201e35\u201d 0.5l la Chi\u0219in\u0103u cu livrare. \u2b50\u2b50\u2b50\u2b50\u2b50\u260e 061-000-935 Pe site-ul nostru tabaccomd.com avem o selec\u021bie larg\u0103 de b\u0103uturi alcoolice de elit\u0103: whiskey, coniac, rom, gin, vin spumant...\" \/>\n\t\t<script type=\"application\/ld+json\" class=\"aioseo-schema\">\n\t\t\t{\"@context\":\"https:\\\/\\\/schema.org\",\"@graph\":[{\"@type\":\"BreadcrumbList\",\"@id\":\"https:\\\/\\\/tabaccomd.com\\\/ro\\\/product\\\/absint-35-0-5-l\\\/#breadcrumblist\",\"itemListElement\":[{\"@type\":\"ListItem\",\"@id\":\"https:\\\/\\\/tabaccomd.com\\\/ro\\\/#listItem\",\"position\":1,\"name\":\"\\u0413\\u043b\\u0430\\u0432\\u043d\\u0430\\u044f\",\"item\":\"https:\\\/\\\/tabaccomd.com\\\/ro\\\/\",\"nextItem\":{\"@type\":\"ListItem\",\"@id\":\"https:\\\/\\\/tabaccomd.com\\\/ro\\\/catalog\\\/#listItem\",\"name\":\"Catalog\"}},{\"@type\":\"ListItem\",\"@id\":\"https:\\\/\\\/tabaccomd.com\\\/ro\\\/catalog\\\/#listItem\",\"position\":2,\"name\":\"Catalog\",\"item\":\"https:\\\/\\\/tabaccomd.com\\\/ro\\\/catalog\\\/\",\"nextItem\":{\"@type\":\"ListItem\",\"@id\":\"https:\\\/\\\/tabaccomd.com\\\/ro\\\/product-category\\\/alcool-2\\\/#listItem\",\"name\":\"Alcool\"},\"previousItem\":{\"@type\":\"ListItem\",\"@id\":\"https:\\\/\\\/tabaccomd.com\\\/ro\\\/#listItem\",\"name\":\"\\u0413\\u043b\\u0430\\u0432\\u043d\\u0430\\u044f\"}},{\"@type\":\"ListItem\",\"@id\":\"https:\\\/\\\/tabaccomd.com\\\/ro\\\/product-category\\\/alcool-2\\\/#listItem\",\"position\":3,\"name\":\"Alcool\",\"item\":\"https:\\\/\\\/tabaccomd.com\\\/ro\\\/product-category\\\/alcool-2\\\/\",\"nextItem\":{\"@type\":\"ListItem\",\"@id\":\"https:\\\/\\\/tabaccomd.com\\\/ro\\\/product-category\\\/alcool-2\\\/absent-ro\\\/#listItem\",\"name\":\"Absent\"},\"previousItem\":{\"@type\":\"ListItem\",\"@id\":\"https:\\\/\\\/tabaccomd.com\\\/ro\\\/catalog\\\/#listItem\",\"name\":\"Catalog\"}},{\"@type\":\"ListItem\",\"@id\":\"https:\\\/\\\/tabaccomd.com\\\/ro\\\/product-category\\\/alcool-2\\\/absent-ro\\\/#listItem\",\"position\":4,\"name\":\"Absent\",\"item\":\"https:\\\/\\\/tabaccomd.com\\\/ro\\\/product-category\\\/alcool-2\\\/absent-ro\\\/\",\"nextItem\":{\"@type\":\"ListItem\",\"@id\":\"https:\\\/\\\/tabaccomd.com\\\/ro\\\/product\\\/absint-35-0-5-l\\\/#listItem\",\"name\":\"Absint &#8222;35&#8221; 0.5l\"},\"previousItem\":{\"@type\":\"ListItem\",\"@id\":\"https:\\\/\\\/tabaccomd.com\\\/ro\\\/product-category\\\/alcool-2\\\/#listItem\",\"name\":\"Alcool\"}},{\"@type\":\"ListItem\",\"@id\":\"https:\\\/\\\/tabaccomd.com\\\/ro\\\/product\\\/absint-35-0-5-l\\\/#listItem\",\"position\":5,\"name\":\"Absint &#8222;35&#8221; 0.5l\",\"previousItem\":{\"@type\":\"ListItem\",\"@id\":\"https:\\\/\\\/tabaccomd.com\\\/ro\\\/product-category\\\/alcool-2\\\/absent-ro\\\/#listItem\",\"name\":\"Absent\"}}]},{\"@type\":\"Organization\",\"@id\":\"https:\\\/\\\/tabaccomd.com\\\/ro\\\/#organization\",\"name\":\"Tabacco House\",\"description\":\"\\u041c\\u0430\\u0433\\u0430\\u0437\\u0438\\u043d \\u0442\\u0430\\u0431\\u0430\\u0447\\u043d\\u044b\\u0445 \\u0438\\u0437\\u0434\\u0435\\u043b\\u0438\\u0439\",\"url\":\"https:\\\/\\\/tabaccomd.com\\\/ro\\\/\",\"email\":\"Office@cazacuhouse.com\",\"telephone\":\"+37361000935\",\"logo\":{\"@type\":\"ImageObject\",\"url\":\"https:\\\/\\\/tabaccomd.com\\\/wp-content\\\/uploads\\\/2024\\\/02\\\/logo_header3.png\",\"@id\":\"https:\\\/\\\/tabaccomd.com\\\/ro\\\/product\\\/absint-35-0-5-l\\\/#organizationLogo\",\"width\":32,\"height\":32,\"caption\":\"Tabacco House\"},\"image\":{\"@id\":\"https:\\\/\\\/tabaccomd.com\\\/ro\\\/product\\\/absint-35-0-5-l\\\/#organizationLogo\"},\"sameAs\":[\"https:\\\/\\\/www.facebook.com\\\/tabaccomd.com\\\/\",\"https:\\\/\\\/www.instagram.com\\\/tabaccomd.com\\\/\"],\"address\":{\"@id\":\"https:\\\/\\\/tabaccomd.com\\\/ro\\\/#postaladdress\",\"@type\":\"PostalAddress\",\"streetAddress\":\"Strada Albi\\u015foara 4, Chi\\u0219in\\u0103u, Bulevardul \\u0218tefan cel Mare \\u0219i Sf\\u00eent 136, Chi\\u0219in\\u0103u\",\"addressLocality\":\"Chi\\u0219in\\u0103u\",\"addressCountry\":\"MD\"}},{\"@type\":\"Product\",\"@id\":\"https:\\\/\\\/tabaccomd.com\\\/ro\\\/product\\\/absint-35-0-5-l\\\/#wooCommerceProduct\",\"name\":\"Absint \\\"35\\\" 0.5l\",\"description\":\"\\u021aara produc\\u0103torului: Cehia\\r\\n \\tProduc\\u0103tor: L'OR special drinks\\r\\n \\tT\\u0103rie: 70%\\r\\n \\tVolum: 0.5l\",\"url\":\"https:\\\/\\\/tabaccomd.com\\\/ro\\\/product\\\/absint-35-0-5-l\\\/\",\"sku\":\"ALK181\",\"image\":{\"@type\":\"ImageObject\",\"url\":\"https:\\\/\\\/tabaccomd.com\\\/wp-content\\\/uploads\\\/2023\\\/11\\\/absinth-55.jpg\",\"@id\":\"https:\\\/\\\/tabaccomd.com\\\/ro\\\/product\\\/absint-35-0-5-l\\\/#productImage\",\"width\":1000,\"height\":1000,\"caption\":\"\\u0410\\u0431\\u0441\\u0435\\u043d\\u0442 \\\"35\\\" 0.5 \\u043b\"},\"offers\":{\"@type\":\"Offer\",\"url\":\"https:\\\/\\\/tabaccomd.com\\\/ro\\\/product\\\/absint-35-0-5-l\\\/#wooCommerceOffer\",\"price\":850,\"priceCurrency\":\"MDL\",\"category\":\"Absent\",\"availability\":\"https:\\\/\\\/schema.org\\\/InStock\",\"priceSpecification\":{\"@type\":\"PriceSpecification\",\"price\":850,\"priceCurrency\":\"MDL\",\"valueAddedTaxIncluded\":\"true\"},\"seller\":{\"@type\":\"Organization\",\"@id\":\"https:\\\/\\\/tabaccomd.com\\\/ro\\\/#organization\"}}},{\"@type\":\"WebPage\",\"@id\":\"https:\\\/\\\/tabaccomd.com\\\/ro\\\/product\\\/absint-35-0-5-l\\\/#webpage\",\"url\":\"https:\\\/\\\/tabaccomd.com\\\/ro\\\/product\\\/absint-35-0-5-l\\\/\",\"name\":\"Absint \\u201e35\\u201d 0.5l cump\\u0103ra\\u021bi \\u00een Chi\\u0219in\\u0103u \\u2b50 \\u2013 Tabacco House\",\"description\":\"Absint \\u201e35\\u201d 0.5l la Chi\\u0219in\\u0103u cu livrare. \\u2b50\\u2b50\\u2b50\\u2b50\\u2b50\\u260e 061-000-935 Pe site-ul nostru tabaccomd.com avem o selec\\u021bie larg\\u0103 de b\\u0103uturi alcoolice de elit\\u0103: whiskey, coniac, rom, gin, vin spumant...\",\"inLanguage\":\"ro-RO\",\"isPartOf\":{\"@id\":\"https:\\\/\\\/tabaccomd.com\\\/ro\\\/#website\"},\"breadcrumb\":{\"@id\":\"https:\\\/\\\/tabaccomd.com\\\/ro\\\/product\\\/absint-35-0-5-l\\\/#breadcrumblist\"},\"image\":{\"@type\":\"ImageObject\",\"url\":\"https:\\\/\\\/tabaccomd.com\\\/wp-content\\\/uploads\\\/2023\\\/11\\\/absinth-55.jpg\",\"@id\":\"https:\\\/\\\/tabaccomd.com\\\/ro\\\/product\\\/absint-35-0-5-l\\\/#mainImage\",\"width\":1000,\"height\":1000,\"caption\":\"\\u0410\\u0431\\u0441\\u0435\\u043d\\u0442 \\\"35\\\" 0.5 \\u043b\"},\"primaryImageOfPage\":{\"@id\":\"https:\\\/\\\/tabaccomd.com\\\/ro\\\/product\\\/absint-35-0-5-l\\\/#mainImage\"},\"datePublished\":\"2023-11-04T23:24:46+03:00\",\"dateModified\":\"2025-05-01T10:28:19+03:00\"},{\"@type\":\"WebSite\",\"@id\":\"https:\\\/\\\/tabaccomd.com\\\/ro\\\/#website\",\"url\":\"https:\\\/\\\/tabaccomd.com\\\/ro\\\/\",\"name\":\"Tabacco House\",\"alternateName\":\"tobaccomd.com\",\"description\":\"\\u041c\\u0430\\u0433\\u0430\\u0437\\u0438\\u043d \\u0442\\u0430\\u0431\\u0430\\u0447\\u043d\\u044b\\u0445 \\u0438\\u0437\\u0434\\u0435\\u043b\\u0438\\u0439\",\"inLanguage\":\"ro-RO\",\"publisher\":{\"@id\":\"https:\\\/\\\/tabaccomd.com\\\/ro\\\/#organization\"}}]}\n\t\t<\/script>\n\t\t<!-- All in One SEO Pro -->\r\n\t\t<title>Absint \u201e35\u201d 0.5l cump\u0103ra\u021bi \u00een Chi\u0219in\u0103u \u2b50 \u2013 Tabacco House<\/title>\n\n","aioseo_head_json":{"title":"Absint \u201e35\u201d 0.5l cump\u0103ra\u021bi \u00een Chi\u0219in\u0103u \u2b50 \u2013 Tabacco House","description":"Absint \u201e35\u201d 0.5l la Chi\u0219in\u0103u cu livrare. \u2b50\u2b50\u2b50\u2b50\u2b50\u260e 061-000-935 Pe site-ul nostru tabaccomd.com avem o selec\u021bie larg\u0103 de b\u0103uturi alcoolice de elit\u0103: whiskey, coniac, rom, gin, vin spumant...","canonical_url":"https:\/\/tabaccomd.com\/ro\/product\/absint-35-0-5-l\/","robots":"max-image-preview:large","keywords":"","webmasterTools":{"miscellaneous":""},"schema":{"@context":"https:\/\/schema.org","@graph":[{"@type":"BreadcrumbList","@id":"https:\/\/tabaccomd.com\/ro\/product\/absint-35-0-5-l\/#breadcrumblist","itemListElement":[{"@type":"ListItem","@id":"https:\/\/tabaccomd.com\/ro\/#listItem","position":1,"name":"\u0413\u043b\u0430\u0432\u043d\u0430\u044f","item":"https:\/\/tabaccomd.com\/ro\/","nextItem":{"@type":"ListItem","@id":"https:\/\/tabaccomd.com\/ro\/catalog\/#listItem","name":"Catalog"}},{"@type":"ListItem","@id":"https:\/\/tabaccomd.com\/ro\/catalog\/#listItem","position":2,"name":"Catalog","item":"https:\/\/tabaccomd.com\/ro\/catalog\/","nextItem":{"@type":"ListItem","@id":"https:\/\/tabaccomd.com\/ro\/product-category\/alcool-2\/#listItem","name":"Alcool"},"previousItem":{"@type":"ListItem","@id":"https:\/\/tabaccomd.com\/ro\/#listItem","name":"\u0413\u043b\u0430\u0432\u043d\u0430\u044f"}},{"@type":"ListItem","@id":"https:\/\/tabaccomd.com\/ro\/product-category\/alcool-2\/#listItem","position":3,"name":"Alcool","item":"https:\/\/tabaccomd.com\/ro\/product-category\/alcool-2\/","nextItem":{"@type":"ListItem","@id":"https:\/\/tabaccomd.com\/ro\/product-category\/alcool-2\/absent-ro\/#listItem","name":"Absent"},"previousItem":{"@type":"ListItem","@id":"https:\/\/tabaccomd.com\/ro\/catalog\/#listItem","name":"Catalog"}},{"@type":"ListItem","@id":"https:\/\/tabaccomd.com\/ro\/product-category\/alcool-2\/absent-ro\/#listItem","position":4,"name":"Absent","item":"https:\/\/tabaccomd.com\/ro\/product-category\/alcool-2\/absent-ro\/","nextItem":{"@type":"ListItem","@id":"https:\/\/tabaccomd.com\/ro\/product\/absint-35-0-5-l\/#listItem","name":"Absint &#8222;35&#8221; 0.5l"},"previousItem":{"@type":"ListItem","@id":"https:\/\/tabaccomd.com\/ro\/product-category\/alcool-2\/#listItem","name":"Alcool"}},{"@type":"ListItem","@id":"https:\/\/tabaccomd.com\/ro\/product\/absint-35-0-5-l\/#listItem","position":5,"name":"Absint &#8222;35&#8221; 0.5l","previousItem":{"@type":"ListItem","@id":"https:\/\/tabaccomd.com\/ro\/product-category\/alcool-2\/absent-ro\/#listItem","name":"Absent"}}]},{"@type":"Organization","@id":"https:\/\/tabaccomd.com\/ro\/#organization","name":"Tabacco House","description":"\u041c\u0430\u0433\u0430\u0437\u0438\u043d \u0442\u0430\u0431\u0430\u0447\u043d\u044b\u0445 \u0438\u0437\u0434\u0435\u043b\u0438\u0439","url":"https:\/\/tabaccomd.com\/ro\/","email":"Office@cazacuhouse.com","telephone":"+37361000935","logo":{"@type":"ImageObject","url":"https:\/\/tabaccomd.com\/wp-content\/uploads\/2024\/02\/logo_header3.png","@id":"https:\/\/tabaccomd.com\/ro\/product\/absint-35-0-5-l\/#organizationLogo","width":32,"height":32,"caption":"Tabacco House"},"image":{"@id":"https:\/\/tabaccomd.com\/ro\/product\/absint-35-0-5-l\/#organizationLogo"},"sameAs":["https:\/\/www.facebook.com\/tabaccomd.com\/","https:\/\/www.instagram.com\/tabaccomd.com\/"],"address":{"@id":"https:\/\/tabaccomd.com\/ro\/#postaladdress","@type":"PostalAddress","streetAddress":"Strada Albi\u015foara 4, Chi\u0219in\u0103u, Bulevardul \u0218tefan cel Mare \u0219i Sf\u00eent 136, Chi\u0219in\u0103u","addressLocality":"Chi\u0219in\u0103u","addressCountry":"MD"}},{"@type":"Product","@id":"https:\/\/tabaccomd.com\/ro\/product\/absint-35-0-5-l\/#wooCommerceProduct","name":"Absint \"35\" 0.5l","description":"\u021aara produc\u0103torului: Cehia\r\n \tProduc\u0103tor: L'OR special drinks\r\n \tT\u0103rie: 70%\r\n \tVolum: 0.5l","url":"https:\/\/tabaccomd.com\/ro\/product\/absint-35-0-5-l\/","sku":"ALK181","image":{"@type":"ImageObject","url":"https:\/\/tabaccomd.com\/wp-content\/uploads\/2023\/11\/absinth-55.jpg","@id":"https:\/\/tabaccomd.com\/ro\/product\/absint-35-0-5-l\/#productImage","width":1000,"height":1000,"caption":"\u0410\u0431\u0441\u0435\u043d\u0442 \"35\" 0.5 \u043b"},"offers":{"@type":"Offer","url":"https:\/\/tabaccomd.com\/ro\/product\/absint-35-0-5-l\/#wooCommerceOffer","price":850,"priceCurrency":"MDL","category":"Absent","availability":"https:\/\/schema.org\/InStock","priceSpecification":{"@type":"PriceSpecification","price":850,"priceCurrency":"MDL","valueAddedTaxIncluded":"true"},"seller":{"@type":"Organization","@id":"https:\/\/tabaccomd.com\/ro\/#organization"}}},{"@type":"WebPage","@id":"https:\/\/tabaccomd.com\/ro\/product\/absint-35-0-5-l\/#webpage","url":"https:\/\/tabaccomd.com\/ro\/product\/absint-35-0-5-l\/","name":"Absint \u201e35\u201d 0.5l cump\u0103ra\u021bi \u00een Chi\u0219in\u0103u \u2b50 \u2013 Tabacco House","description":"Absint \u201e35\u201d 0.5l la Chi\u0219in\u0103u cu livrare. \u2b50\u2b50\u2b50\u2b50\u2b50\u260e 061-000-935 Pe site-ul nostru tabaccomd.com avem o selec\u021bie larg\u0103 de b\u0103uturi alcoolice de elit\u0103: whiskey, coniac, rom, gin, vin spumant...","inLanguage":"ro-RO","isPartOf":{"@id":"https:\/\/tabaccomd.com\/ro\/#website"},"breadcrumb":{"@id":"https:\/\/tabaccomd.com\/ro\/product\/absint-35-0-5-l\/#breadcrumblist"},"image":{"@type":"ImageObject","url":"https:\/\/tabaccomd.com\/wp-content\/uploads\/2023\/11\/absinth-55.jpg","@id":"https:\/\/tabaccomd.com\/ro\/product\/absint-35-0-5-l\/#mainImage","width":1000,"height":1000,"caption":"\u0410\u0431\u0441\u0435\u043d\u0442 \"35\" 0.5 \u043b"},"primaryImageOfPage":{"@id":"https:\/\/tabaccomd.com\/ro\/product\/absint-35-0-5-l\/#mainImage"},"datePublished":"2023-11-04T23:24:46+03:00","dateModified":"2025-05-01T10:28:19+03:00"},{"@type":"WebSite","@id":"https:\/\/tabaccomd.com\/ro\/#website","url":"https:\/\/tabaccomd.com\/ro\/","name":"Tabacco House","alternateName":"tobaccomd.com","description":"\u041c\u0430\u0433\u0430\u0437\u0438\u043d \u0442\u0430\u0431\u0430\u0447\u043d\u044b\u0445 \u0438\u0437\u0434\u0435\u043b\u0438\u0439","inLanguage":"ro-RO","publisher":{"@id":"https:\/\/tabaccomd.com\/ro\/#organization"}}]},"og:locale":"ro_RO","og:site_name":"Tabacco House \u2013 \u041c\u0430\u0433\u0430\u0437\u0438\u043d \u0442\u0430\u0431\u0430\u0447\u043d\u044b\u0445 \u0438\u0437\u0434\u0435\u043b\u0438\u0439","og:type":"article","og:title":"Absint \u201e35\u201d 0.5l cump\u0103ra\u021bi \u00een Chi\u0219in\u0103u \u2b50 \u2013 Tabacco House","og:description":"Absint \u201e35\u201d 0.5l la Chi\u0219in\u0103u cu livrare. \u2b50\u2b50\u2b50\u2b50\u2b50\u260e 061-000-935 Pe site-ul nostru tabaccomd.com avem o selec\u021bie larg\u0103 de b\u0103uturi alcoolice de elit\u0103: whiskey, coniac, rom, gin, vin spumant...","og:url":"https:\/\/tabaccomd.com\/ro\/product\/absint-35-0-5-l\/","article:published_time":"2023-11-04T20:24:46+00:00","article:modified_time":"2025-05-01T07:28:19+00:00","article:publisher":"https:\/\/www.facebook.com\/tabaccomd.com\/","twitter:card":"summary_large_image","twitter:title":"Absint \u201e35\u201d 0.5l cump\u0103ra\u021bi \u00een Chi\u0219in\u0103u \u2b50 \u2013 Tabacco House","twitter:description":"Absint \u201e35\u201d 0.5l la Chi\u0219in\u0103u cu livrare. \u2b50\u2b50\u2b50\u2b50\u2b50\u260e 061-000-935 Pe site-ul nostru tabaccomd.com avem o selec\u021bie larg\u0103 de b\u0103uturi alcoolice de elit\u0103: whiskey, coniac, rom, gin, vin spumant..."},"aioseo_meta_data":{"post_id":"128317","title":"#post_title cump\u0103ra\u021bi \u00een Chi\u0219in\u0103u \u2b50 #separator_sa #site_title","description":"#post_title la Chi\u0219in\u0103u cu livrare. \u2b50\u2b50\u2b50\u2b50\u2b50\u260e 061-000-935 Pe site-ul nostru tabaccomd.com avem o selec\u021bie larg\u0103 de b\u0103uturi alcoolice de elit\u0103: whiskey, coniac, rom, gin, vin spumant...","keywords":[],"keyphrases":{"focus":{"keyphrase":"Absint \"35\" 0.5 l","score":56,"analysis":{"keyphraseInTitle":{"score":3,"maxScore":9,"error":1},"keyphraseInDescription":{"score":3,"maxScore":9,"error":1},"keyphraseLength":{"score":9,"maxScore":9,"error":0,"length":2},"keyphraseInURL":{"score":5,"maxScore":5,"error":0},"keyphraseInIntroduction":{"score":3,"maxScore":9,"error":1},"keyphraseInSubHeadings":[],"keyphraseInImageAlt":[]}},"additional":[]},"primary_term":null,"canonical_url":null,"og_title":null,"og_description":null,"og_object_type":"default","og_image_type":"default","og_image_url":null,"og_image_width":null,"og_image_height":null,"og_image_custom_url":null,"og_image_custom_fields":null,"og_video":"","og_custom_url":null,"og_article_section":null,"og_article_tags":[],"twitter_use_og":false,"twitter_card":"default","twitter_image_type":"default","twitter_image_url":null,"twitter_image_custom_url":null,"twitter_image_custom_fields":null,"twitter_title":null,"twitter_description":null,"schema":{"blockGraphs":[],"customGraphs":[],"default":{"data":{"Article":[],"Course":[],"Dataset":[],"FAQPage":[],"Movie":[],"Person":[],"Product":[],"ProductReview":[],"Car":[],"Recipe":[],"Service":[],"SoftwareApplication":[],"WebPage":[]},"graphName":"ItemPage","isEnabled":true},"graphs":[]},"schema_type":"default","schema_type_options":null,"pillar_content":false,"robots_default":true,"robots_noindex":false,"robots_noarchive":false,"robots_nosnippet":false,"robots_nofollow":false,"robots_noimageindex":false,"robots_noodp":false,"robots_notranslate":false,"robots_max_snippet":"-1","robots_max_videopreview":"-1","robots_max_imagepreview":"large","priority":null,"frequency":"default","local_seo":null,"seo_analyzer_scan_date":"2025-10-20 12:47:39","breadcrumb_settings":null,"limit_modified_date":false,"reviewed_by":null,"open_ai":null,"ai":null,"created":"2023-11-04 20:26:07","updated":"2025-10-20 12:47:39"},"aioseo_breadcrumb":"<div class=\"aioseo-breadcrumbs\"><span class=\"aioseo-breadcrumb\">\n\t<a href=\"https:\/\/tabaccomd.com\/ro\/\" title=\"\u0413\u043b\u0430\u0432\u043d\u0430\u044f\">\u0413\u043b\u0430\u0432\u043d\u0430\u044f<\/a>\n<\/span><span class=\"aioseo-breadcrumb-separator\">\u00bb<\/span><span class=\"aioseo-breadcrumb\">\n\t<a href=\"https:\/\/tabaccomd.com\/ro\/catalog\/\" title=\"Catalog\">Catalog<\/a>\n<\/span><span class=\"aioseo-breadcrumb-separator\">\u00bb<\/span><span class=\"aioseo-breadcrumb\">\n\t<a href=\"https:\/\/tabaccomd.com\/ro\/product-category\/alcool-2\/\" title=\"Alcool\">Alcool<\/a>\n<\/span><span class=\"aioseo-breadcrumb-separator\">\u00bb<\/span><span class=\"aioseo-breadcrumb\">\n\t<a href=\"https:\/\/tabaccomd.com\/ro\/product-category\/alcool-2\/absent-ro\/\" title=\"Absent\">Absent<\/a>\n<\/span><span class=\"aioseo-breadcrumb-separator\">\u00bb<\/span><span class=\"aioseo-breadcrumb\">\n\tAbsint \u201e35\u201d 0.5l\n<\/span><\/div>","aioseo_breadcrumb_json":[{"label":"\u0413\u043b\u0430\u0432\u043d\u0430\u044f","link":"https:\/\/tabaccomd.com\/ro\/"},{"label":"Catalog","link":"https:\/\/tabaccomd.com\/ro\/catalog\/"},{"label":"Alcool","link":"https:\/\/tabaccomd.com\/ro\/product-category\/alcool-2\/"},{"label":"Absent","link":"https:\/\/tabaccomd.com\/ro\/product-category\/alcool-2\/absent-ro\/"},{"label":"Absint &#8222;35&#8221; 0.5l","link":"https:\/\/tabaccomd.com\/ro\/product\/absint-35-0-5-l\/"}],"images_for_1c":[{"url":"https:\/\/tabaccomd.com\/wp-content\/uploads\/2023\/11\/absinth-55.jpg","type":"featured","alt":"\u0410\u0431\u0441\u0435\u043d\u0442 \"35\" 0.5 \u043b","filename":"absinth-55.jpg"}],"additional_data_1c":{"modified_date":"2025-05-01 10:28:19","permalink":"https:\/\/tabaccomd.com\/ro\/product\/absint-35-0-5-l\/","stock_status":"instock","manage_stock":"no"},"_links":{"self":[{"href":"https:\/\/tabaccomd.com\/ro\/wp-json\/wp\/v2\/product\/128317","targetHints":{"allow":["GET"]}}],"collection":[{"href":"https:\/\/tabaccomd.com\/ro\/wp-json\/wp\/v2\/product"}],"about":[{"href":"https:\/\/tabaccomd.com\/ro\/wp-json\/wp\/v2\/types\/product"}],"wp:featuredmedia":[{"embeddable":true,"href":"https:\/\/tabaccomd.com\/ro\/wp-json\/wp\/v2\/media\/128316"}],"wp:attachment":[{"href":"https:\/\/tabaccomd.com\/ro\/wp-json\/wp\/v2\/media?parent=128317"}],"wp:term":[{"taxonomy":"product_brand","embeddable":true,"href":"https:\/\/tabaccomd.com\/ro\/wp-json\/wp\/v2\/product_brand?post=128317"},{"taxonomy":"product_cat","embeddable":true,"href":"https:\/\/tabaccomd.com\/ro\/wp-json\/wp\/v2\/product_cat?post=128317"},{"taxonomy":"product_tag","embeddable":true,"href":"https:\/\/tabaccomd.com\/ro\/wp-json\/wp\/v2\/product_tag?post=128317"}],"curies":[{"name":"wp","href":"https:\/\/api.w.org\/{rel}","templated":true}]}}