{"id":128272,"date":"2023-11-03T23:30:21","date_gmt":"2023-11-03T20:30:21","guid":{"rendered":"https:\/\/tabaccomd.com\/?post_type=product&#038;p=128272"},"modified":"2025-05-01T12:01:35","modified_gmt":"2025-05-01T09:01:35","slug":"sampanie-pentru-copii-fara-alcool-tom-jerry-0-75-l","status":"publish","type":"product","link":"https:\/\/tabaccomd.com\/ro\/product\/sampanie-pentru-copii-fara-alcool-tom-jerry-0-75-l\/","title":{"rendered":"\u0218ampanie pentru copii f\u0103r\u0103 alcool &#8222;Tom &amp; Jerry&#8221; 0.75l"},"content":{"rendered":"<p>\u0218ampanie pentru copii f\u0103r\u0103 alcool &#8222;Tom \u0219i Jerry&#8221; este o b\u0103utur\u0103 r\u0103coritoare pentru copii, nealcoolic\u0103, cu arom\u0103 de struguri copt \u0219i suculen\u021bi. Aceast\u0103 b\u0103utur\u0103 con\u021bine 12% suc de struguri natural. Este o b\u0103utur\u0103 efervescent\u0103 pentru copii de la compania &#8222;Vitapress&#8221;, cu un ambalaj colorat \u0219i ilustra\u021bii cu personaje iubite din desene animate \u0219i filme artistice, care poate decora masa \u0219i aduce o not\u0103 festiv\u0103. Gustul <strong> \u0218ampanie pentru copii <\/strong> este proasp\u0103t, rafinat, u\u0219or acri\u0219or, cu subtile arome de struguri copt.<\/p>\n","protected":false},"excerpt":{"rendered":"<ul>\n<li>\u021aara produc\u0103torului: Ungaria<\/li>\n<li>Produc\u0103tor: Vitapress<\/li>\n<li>\u0218ampanie pentru copii<\/li>\n<li>Volum: 0.75l<\/li>\n<\/ul>\n","protected":false},"featured_media":128273,"template":"","meta":{"om_disable_all_campaigns":false,"_monsterinsights_skip_tracking":false,"_monsterinsights_sitenote_active":false,"_monsterinsights_sitenote_note":"","_monsterinsights_sitenote_category":0},"product_brand":[],"product_cat":[398],"product_tag":[],"class_list":{"0":"post-128272","1":"product","2":"type-product","3":"status-publish","4":"has-post-thumbnail","6":"product_cat-bauturi-nealcoolice-ro","8":"first","9":"instock","10":"taxable","11":"shipping-taxable","12":"purchasable","13":"product-type-simple"},"aioseo_notices":[],"aioseo_head":"\n\t\t<!-- All in One SEO Pro 4.9.5.2 - aioseo.com -->\n\t<meta name=\"description\" content=\"\u0218ampanie pentru copii f\u0103r\u0103 alcool \u201eTom &amp; Jerry\u201d 0.75l la Chi\u0219in\u0103u cu livrare. \u2b50\u2b50\u2b50\u2b50\u2b50\u260e 061-000-935 Pe site-ul nostru tabaccomd.com avem o selec\u021bie larg\u0103 de b\u0103uturi alcoolice de elit\u0103: whiskey, coniac, rom, gin, vin spumant...\" \/>\n\t<meta name=\"robots\" content=\"max-image-preview:large\" \/>\n\t<link rel=\"canonical\" href=\"https:\/\/tabaccomd.com\/ro\/product\/sampanie-pentru-copii-fara-alcool-tom-jerry-0-75-l\/\" \/>\n\t<meta name=\"generator\" content=\"All in One SEO Pro (AIOSEO) 4.9.5.2\" \/>\n\t\t<meta property=\"og:locale\" content=\"ro_RO\" \/>\n\t\t<meta property=\"og:site_name\" content=\"Tabacco House \u2013 \u041c\u0430\u0433\u0430\u0437\u0438\u043d \u0442\u0430\u0431\u0430\u0447\u043d\u044b\u0445 \u0438\u0437\u0434\u0435\u043b\u0438\u0439\" \/>\n\t\t<meta property=\"og:type\" content=\"article\" \/>\n\t\t<meta property=\"og:title\" content=\"\u0218ampanie pentru copii f\u0103r\u0103 alcool \u201eTom &amp; Jerry\u201d 0.75l cump\u0103ra\u021bi \u00een Chi\u0219in\u0103u \u2b50 \u2013 Tabacco House\" \/>\n\t\t<meta property=\"og:description\" content=\"\u0218ampanie pentru copii f\u0103r\u0103 alcool \u201eTom &amp; Jerry\u201d 0.75l la Chi\u0219in\u0103u cu livrare. \u2b50\u2b50\u2b50\u2b50\u2b50\u260e 061-000-935 Pe site-ul nostru tabaccomd.com avem o selec\u021bie larg\u0103 de b\u0103uturi alcoolice de elit\u0103: whiskey, coniac, rom, gin, vin spumant...\" \/>\n\t\t<meta property=\"og:url\" content=\"https:\/\/tabaccomd.com\/ro\/product\/sampanie-pentru-copii-fara-alcool-tom-jerry-0-75-l\/\" \/>\n\t\t<meta property=\"article:published_time\" content=\"2023-11-03T20:30:21+00:00\" \/>\n\t\t<meta property=\"article:modified_time\" content=\"2025-05-01T09:01:35+00:00\" \/>\n\t\t<meta property=\"article:publisher\" content=\"https:\/\/www.facebook.com\/tabaccomd.com\/\" \/>\n\t\t<meta name=\"twitter:card\" content=\"summary_large_image\" \/>\n\t\t<meta name=\"twitter:title\" content=\"\u0218ampanie pentru copii f\u0103r\u0103 alcool \u201eTom &amp; Jerry\u201d 0.75l cump\u0103ra\u021bi \u00een Chi\u0219in\u0103u \u2b50 \u2013 Tabacco House\" \/>\n\t\t<meta name=\"twitter:description\" content=\"\u0218ampanie pentru copii f\u0103r\u0103 alcool \u201eTom &amp; Jerry\u201d 0.75l la Chi\u0219in\u0103u cu livrare. \u2b50\u2b50\u2b50\u2b50\u2b50\u260e 061-000-935 Pe site-ul nostru tabaccomd.com avem o selec\u021bie larg\u0103 de b\u0103uturi alcoolice de elit\u0103: whiskey, coniac, rom, gin, vin spumant...\" \/>\n\t\t<script type=\"application\/ld+json\" class=\"aioseo-schema\">\n\t\t\t{\"@context\":\"https:\\\/\\\/schema.org\",\"@graph\":[{\"@type\":\"BreadcrumbList\",\"@id\":\"https:\\\/\\\/tabaccomd.com\\\/ro\\\/product\\\/sampanie-pentru-copii-fara-alcool-tom-jerry-0-75-l\\\/#breadcrumblist\",\"itemListElement\":[{\"@type\":\"ListItem\",\"@id\":\"https:\\\/\\\/tabaccomd.com\\\/ro\\\/#listItem\",\"position\":1,\"name\":\"\\u0413\\u043b\\u0430\\u0432\\u043d\\u0430\\u044f\",\"item\":\"https:\\\/\\\/tabaccomd.com\\\/ro\\\/\",\"nextItem\":{\"@type\":\"ListItem\",\"@id\":\"https:\\\/\\\/tabaccomd.com\\\/ro\\\/catalog\\\/#listItem\",\"name\":\"Catalog\"}},{\"@type\":\"ListItem\",\"@id\":\"https:\\\/\\\/tabaccomd.com\\\/ro\\\/catalog\\\/#listItem\",\"position\":2,\"name\":\"Catalog\",\"item\":\"https:\\\/\\\/tabaccomd.com\\\/ro\\\/catalog\\\/\",\"nextItem\":{\"@type\":\"ListItem\",\"@id\":\"https:\\\/\\\/tabaccomd.com\\\/ro\\\/product-category\\\/alcool-2\\\/#listItem\",\"name\":\"Alcool\"},\"previousItem\":{\"@type\":\"ListItem\",\"@id\":\"https:\\\/\\\/tabaccomd.com\\\/ro\\\/#listItem\",\"name\":\"\\u0413\\u043b\\u0430\\u0432\\u043d\\u0430\\u044f\"}},{\"@type\":\"ListItem\",\"@id\":\"https:\\\/\\\/tabaccomd.com\\\/ro\\\/product-category\\\/alcool-2\\\/#listItem\",\"position\":3,\"name\":\"Alcool\",\"item\":\"https:\\\/\\\/tabaccomd.com\\\/ro\\\/product-category\\\/alcool-2\\\/\",\"nextItem\":{\"@type\":\"ListItem\",\"@id\":\"https:\\\/\\\/tabaccomd.com\\\/ro\\\/product-category\\\/alcool-2\\\/bauturi-nealcoolice-ro\\\/#listItem\",\"name\":\"B\\u0103uturi nealcoolice\"},\"previousItem\":{\"@type\":\"ListItem\",\"@id\":\"https:\\\/\\\/tabaccomd.com\\\/ro\\\/catalog\\\/#listItem\",\"name\":\"Catalog\"}},{\"@type\":\"ListItem\",\"@id\":\"https:\\\/\\\/tabaccomd.com\\\/ro\\\/product-category\\\/alcool-2\\\/bauturi-nealcoolice-ro\\\/#listItem\",\"position\":4,\"name\":\"B\\u0103uturi nealcoolice\",\"item\":\"https:\\\/\\\/tabaccomd.com\\\/ro\\\/product-category\\\/alcool-2\\\/bauturi-nealcoolice-ro\\\/\",\"nextItem\":{\"@type\":\"ListItem\",\"@id\":\"https:\\\/\\\/tabaccomd.com\\\/ro\\\/product\\\/sampanie-pentru-copii-fara-alcool-tom-jerry-0-75-l\\\/#listItem\",\"name\":\"\\u0218ampanie pentru copii f\\u0103r\\u0103 alcool &#8222;Tom &amp; Jerry&#8221; 0.75l\"},\"previousItem\":{\"@type\":\"ListItem\",\"@id\":\"https:\\\/\\\/tabaccomd.com\\\/ro\\\/product-category\\\/alcool-2\\\/#listItem\",\"name\":\"Alcool\"}},{\"@type\":\"ListItem\",\"@id\":\"https:\\\/\\\/tabaccomd.com\\\/ro\\\/product\\\/sampanie-pentru-copii-fara-alcool-tom-jerry-0-75-l\\\/#listItem\",\"position\":5,\"name\":\"\\u0218ampanie pentru copii f\\u0103r\\u0103 alcool &#8222;Tom &amp; Jerry&#8221; 0.75l\",\"previousItem\":{\"@type\":\"ListItem\",\"@id\":\"https:\\\/\\\/tabaccomd.com\\\/ro\\\/product-category\\\/alcool-2\\\/bauturi-nealcoolice-ro\\\/#listItem\",\"name\":\"B\\u0103uturi nealcoolice\"}}]},{\"@type\":\"Organization\",\"@id\":\"https:\\\/\\\/tabaccomd.com\\\/ro\\\/#organization\",\"name\":\"Tabacco House\",\"description\":\"\\u041c\\u0430\\u0433\\u0430\\u0437\\u0438\\u043d \\u0442\\u0430\\u0431\\u0430\\u0447\\u043d\\u044b\\u0445 \\u0438\\u0437\\u0434\\u0435\\u043b\\u0438\\u0439\",\"url\":\"https:\\\/\\\/tabaccomd.com\\\/ro\\\/\",\"email\":\"Office@cazacuhouse.com\",\"telephone\":\"+37361000935\",\"logo\":{\"@type\":\"ImageObject\",\"url\":\"https:\\\/\\\/tabaccomd.com\\\/wp-content\\\/uploads\\\/2024\\\/02\\\/logo_header3.png\",\"@id\":\"https:\\\/\\\/tabaccomd.com\\\/ro\\\/product\\\/sampanie-pentru-copii-fara-alcool-tom-jerry-0-75-l\\\/#organizationLogo\",\"width\":32,\"height\":32,\"caption\":\"Tabacco House\"},\"image\":{\"@id\":\"https:\\\/\\\/tabaccomd.com\\\/ro\\\/product\\\/sampanie-pentru-copii-fara-alcool-tom-jerry-0-75-l\\\/#organizationLogo\"},\"sameAs\":[\"https:\\\/\\\/www.facebook.com\\\/tabaccomd.com\\\/\",\"https:\\\/\\\/www.instagram.com\\\/tabaccomd.com\\\/\"],\"address\":{\"@id\":\"https:\\\/\\\/tabaccomd.com\\\/ro\\\/#postaladdress\",\"@type\":\"PostalAddress\",\"streetAddress\":\"Strada Albi\\u015foara 4, Chi\\u0219in\\u0103u, Bulevardul \\u0218tefan cel Mare \\u0219i Sf\\u00eent 136, Chi\\u0219in\\u0103u\",\"addressLocality\":\"Chi\\u0219in\\u0103u\",\"addressCountry\":\"MD\"}},{\"@type\":\"Product\",\"@id\":\"https:\\\/\\\/tabaccomd.com\\\/ro\\\/product\\\/sampanie-pentru-copii-fara-alcool-tom-jerry-0-75-l\\\/#wooCommerceProduct\",\"name\":\"\\u0218ampanie pentru copii f\\u0103r\\u0103 alcool \\\"Tom &amp; Jerry\\\" 0.75l\",\"description\":\"\\u021aara produc\\u0103torului: Ungaria\\r\\n \\tProduc\\u0103tor: Vitapress\\r\\n \\t\\u0218ampanie pentru copii\\r\\n \\tVolum: 0.75l\",\"url\":\"https:\\\/\\\/tabaccomd.com\\\/ro\\\/product\\\/sampanie-pentru-copii-fara-alcool-tom-jerry-0-75-l\\\/\",\"sku\":\"ALK174\",\"image\":{\"@type\":\"ImageObject\",\"url\":\"https:\\\/\\\/tabaccomd.com\\\/wp-content\\\/uploads\\\/2023\\\/11\\\/tom-and-jerry-0.75.jpg\",\"@id\":\"https:\\\/\\\/tabaccomd.com\\\/ro\\\/product\\\/sampanie-pentru-copii-fara-alcool-tom-jerry-0-75-l\\\/#productImage\",\"width\":1000,\"height\":1000,\"caption\":\"\\u0218ampanie pentru copii f\\u0103r\\u0103 alcool \\\"Tom &amp; Jerry\\\" 0.75 l\"},\"offers\":{\"@type\":\"Offer\",\"url\":\"https:\\\/\\\/tabaccomd.com\\\/ro\\\/product\\\/sampanie-pentru-copii-fara-alcool-tom-jerry-0-75-l\\\/#wooCommerceOffer\",\"price\":80,\"priceCurrency\":\"MDL\",\"category\":\"B\\u0103uturi nealcoolice\",\"availability\":\"https:\\\/\\\/schema.org\\\/InStock\",\"priceSpecification\":{\"@type\":\"PriceSpecification\",\"price\":80,\"priceCurrency\":\"MDL\",\"valueAddedTaxIncluded\":\"true\"},\"seller\":{\"@type\":\"Organization\",\"@id\":\"https:\\\/\\\/tabaccomd.com\\\/ro\\\/#organization\"}}},{\"@type\":\"WebPage\",\"@id\":\"https:\\\/\\\/tabaccomd.com\\\/ro\\\/product\\\/sampanie-pentru-copii-fara-alcool-tom-jerry-0-75-l\\\/#webpage\",\"url\":\"https:\\\/\\\/tabaccomd.com\\\/ro\\\/product\\\/sampanie-pentru-copii-fara-alcool-tom-jerry-0-75-l\\\/\",\"name\":\"\\u0218ampanie pentru copii f\\u0103r\\u0103 alcool \\u201eTom & Jerry\\u201d 0.75l cump\\u0103ra\\u021bi \\u00een Chi\\u0219in\\u0103u \\u2b50 \\u2013 Tabacco House\",\"description\":\"\\u0218ampanie pentru copii f\\u0103r\\u0103 alcool \\u201eTom & Jerry\\u201d 0.75l la Chi\\u0219in\\u0103u cu livrare. \\u2b50\\u2b50\\u2b50\\u2b50\\u2b50\\u260e 061-000-935 Pe site-ul nostru tabaccomd.com avem o selec\\u021bie larg\\u0103 de b\\u0103uturi alcoolice de elit\\u0103: whiskey, coniac, rom, gin, vin spumant...\",\"inLanguage\":\"ro-RO\",\"isPartOf\":{\"@id\":\"https:\\\/\\\/tabaccomd.com\\\/ro\\\/#website\"},\"breadcrumb\":{\"@id\":\"https:\\\/\\\/tabaccomd.com\\\/ro\\\/product\\\/sampanie-pentru-copii-fara-alcool-tom-jerry-0-75-l\\\/#breadcrumblist\"},\"image\":{\"@type\":\"ImageObject\",\"url\":\"https:\\\/\\\/tabaccomd.com\\\/wp-content\\\/uploads\\\/2023\\\/11\\\/tom-and-jerry-0.75.jpg\",\"@id\":\"https:\\\/\\\/tabaccomd.com\\\/ro\\\/product\\\/sampanie-pentru-copii-fara-alcool-tom-jerry-0-75-l\\\/#mainImage\",\"width\":1000,\"height\":1000,\"caption\":\"\\u0218ampanie pentru copii f\\u0103r\\u0103 alcool \\\"Tom &amp; Jerry\\\" 0.75 l\"},\"primaryImageOfPage\":{\"@id\":\"https:\\\/\\\/tabaccomd.com\\\/ro\\\/product\\\/sampanie-pentru-copii-fara-alcool-tom-jerry-0-75-l\\\/#mainImage\"},\"datePublished\":\"2023-11-03T23:30:21+03:00\",\"dateModified\":\"2025-05-01T12:01:35+03:00\"},{\"@type\":\"WebSite\",\"@id\":\"https:\\\/\\\/tabaccomd.com\\\/ro\\\/#website\",\"url\":\"https:\\\/\\\/tabaccomd.com\\\/ro\\\/\",\"name\":\"Tabacco House\",\"alternateName\":\"tobaccomd.com\",\"description\":\"\\u041c\\u0430\\u0433\\u0430\\u0437\\u0438\\u043d \\u0442\\u0430\\u0431\\u0430\\u0447\\u043d\\u044b\\u0445 \\u0438\\u0437\\u0434\\u0435\\u043b\\u0438\\u0439\",\"inLanguage\":\"ro-RO\",\"publisher\":{\"@id\":\"https:\\\/\\\/tabaccomd.com\\\/ro\\\/#organization\"}}]}\n\t\t<\/script>\n\t\t<!-- All in One SEO Pro -->\r\n\t\t<title>\u0218ampanie pentru copii f\u0103r\u0103 alcool \u201eTom &amp; Jerry\u201d 0.75l cump\u0103ra\u021bi \u00een Chi\u0219in\u0103u \u2b50 \u2013 Tabacco House<\/title>\n\n","aioseo_head_json":{"title":"\u0218ampanie pentru copii f\u0103r\u0103 alcool \u201eTom & Jerry\u201d 0.75l cump\u0103ra\u021bi \u00een Chi\u0219in\u0103u \u2b50 \u2013 Tabacco House","description":"\u0218ampanie pentru copii f\u0103r\u0103 alcool \u201eTom & Jerry\u201d 0.75l la Chi\u0219in\u0103u cu livrare. \u2b50\u2b50\u2b50\u2b50\u2b50\u260e 061-000-935 Pe site-ul nostru tabaccomd.com avem o selec\u021bie larg\u0103 de b\u0103uturi alcoolice de elit\u0103: whiskey, coniac, rom, gin, vin spumant...","canonical_url":"https:\/\/tabaccomd.com\/ro\/product\/sampanie-pentru-copii-fara-alcool-tom-jerry-0-75-l\/","robots":"max-image-preview:large","keywords":"","webmasterTools":{"miscellaneous":""},"schema":{"@context":"https:\/\/schema.org","@graph":[{"@type":"BreadcrumbList","@id":"https:\/\/tabaccomd.com\/ro\/product\/sampanie-pentru-copii-fara-alcool-tom-jerry-0-75-l\/#breadcrumblist","itemListElement":[{"@type":"ListItem","@id":"https:\/\/tabaccomd.com\/ro\/#listItem","position":1,"name":"\u0413\u043b\u0430\u0432\u043d\u0430\u044f","item":"https:\/\/tabaccomd.com\/ro\/","nextItem":{"@type":"ListItem","@id":"https:\/\/tabaccomd.com\/ro\/catalog\/#listItem","name":"Catalog"}},{"@type":"ListItem","@id":"https:\/\/tabaccomd.com\/ro\/catalog\/#listItem","position":2,"name":"Catalog","item":"https:\/\/tabaccomd.com\/ro\/catalog\/","nextItem":{"@type":"ListItem","@id":"https:\/\/tabaccomd.com\/ro\/product-category\/alcool-2\/#listItem","name":"Alcool"},"previousItem":{"@type":"ListItem","@id":"https:\/\/tabaccomd.com\/ro\/#listItem","name":"\u0413\u043b\u0430\u0432\u043d\u0430\u044f"}},{"@type":"ListItem","@id":"https:\/\/tabaccomd.com\/ro\/product-category\/alcool-2\/#listItem","position":3,"name":"Alcool","item":"https:\/\/tabaccomd.com\/ro\/product-category\/alcool-2\/","nextItem":{"@type":"ListItem","@id":"https:\/\/tabaccomd.com\/ro\/product-category\/alcool-2\/bauturi-nealcoolice-ro\/#listItem","name":"B\u0103uturi nealcoolice"},"previousItem":{"@type":"ListItem","@id":"https:\/\/tabaccomd.com\/ro\/catalog\/#listItem","name":"Catalog"}},{"@type":"ListItem","@id":"https:\/\/tabaccomd.com\/ro\/product-category\/alcool-2\/bauturi-nealcoolice-ro\/#listItem","position":4,"name":"B\u0103uturi nealcoolice","item":"https:\/\/tabaccomd.com\/ro\/product-category\/alcool-2\/bauturi-nealcoolice-ro\/","nextItem":{"@type":"ListItem","@id":"https:\/\/tabaccomd.com\/ro\/product\/sampanie-pentru-copii-fara-alcool-tom-jerry-0-75-l\/#listItem","name":"\u0218ampanie pentru copii f\u0103r\u0103 alcool &#8222;Tom &amp; Jerry&#8221; 0.75l"},"previousItem":{"@type":"ListItem","@id":"https:\/\/tabaccomd.com\/ro\/product-category\/alcool-2\/#listItem","name":"Alcool"}},{"@type":"ListItem","@id":"https:\/\/tabaccomd.com\/ro\/product\/sampanie-pentru-copii-fara-alcool-tom-jerry-0-75-l\/#listItem","position":5,"name":"\u0218ampanie pentru copii f\u0103r\u0103 alcool &#8222;Tom &amp; Jerry&#8221; 0.75l","previousItem":{"@type":"ListItem","@id":"https:\/\/tabaccomd.com\/ro\/product-category\/alcool-2\/bauturi-nealcoolice-ro\/#listItem","name":"B\u0103uturi nealcoolice"}}]},{"@type":"Organization","@id":"https:\/\/tabaccomd.com\/ro\/#organization","name":"Tabacco House","description":"\u041c\u0430\u0433\u0430\u0437\u0438\u043d \u0442\u0430\u0431\u0430\u0447\u043d\u044b\u0445 \u0438\u0437\u0434\u0435\u043b\u0438\u0439","url":"https:\/\/tabaccomd.com\/ro\/","email":"Office@cazacuhouse.com","telephone":"+37361000935","logo":{"@type":"ImageObject","url":"https:\/\/tabaccomd.com\/wp-content\/uploads\/2024\/02\/logo_header3.png","@id":"https:\/\/tabaccomd.com\/ro\/product\/sampanie-pentru-copii-fara-alcool-tom-jerry-0-75-l\/#organizationLogo","width":32,"height":32,"caption":"Tabacco House"},"image":{"@id":"https:\/\/tabaccomd.com\/ro\/product\/sampanie-pentru-copii-fara-alcool-tom-jerry-0-75-l\/#organizationLogo"},"sameAs":["https:\/\/www.facebook.com\/tabaccomd.com\/","https:\/\/www.instagram.com\/tabaccomd.com\/"],"address":{"@id":"https:\/\/tabaccomd.com\/ro\/#postaladdress","@type":"PostalAddress","streetAddress":"Strada Albi\u015foara 4, Chi\u0219in\u0103u, Bulevardul \u0218tefan cel Mare \u0219i Sf\u00eent 136, Chi\u0219in\u0103u","addressLocality":"Chi\u0219in\u0103u","addressCountry":"MD"}},{"@type":"Product","@id":"https:\/\/tabaccomd.com\/ro\/product\/sampanie-pentru-copii-fara-alcool-tom-jerry-0-75-l\/#wooCommerceProduct","name":"\u0218ampanie pentru copii f\u0103r\u0103 alcool \"Tom &amp; Jerry\" 0.75l","description":"\u021aara produc\u0103torului: Ungaria\r\n \tProduc\u0103tor: Vitapress\r\n \t\u0218ampanie pentru copii\r\n \tVolum: 0.75l","url":"https:\/\/tabaccomd.com\/ro\/product\/sampanie-pentru-copii-fara-alcool-tom-jerry-0-75-l\/","sku":"ALK174","image":{"@type":"ImageObject","url":"https:\/\/tabaccomd.com\/wp-content\/uploads\/2023\/11\/tom-and-jerry-0.75.jpg","@id":"https:\/\/tabaccomd.com\/ro\/product\/sampanie-pentru-copii-fara-alcool-tom-jerry-0-75-l\/#productImage","width":1000,"height":1000,"caption":"\u0218ampanie pentru copii f\u0103r\u0103 alcool \"Tom &amp; Jerry\" 0.75 l"},"offers":{"@type":"Offer","url":"https:\/\/tabaccomd.com\/ro\/product\/sampanie-pentru-copii-fara-alcool-tom-jerry-0-75-l\/#wooCommerceOffer","price":80,"priceCurrency":"MDL","category":"B\u0103uturi nealcoolice","availability":"https:\/\/schema.org\/InStock","priceSpecification":{"@type":"PriceSpecification","price":80,"priceCurrency":"MDL","valueAddedTaxIncluded":"true"},"seller":{"@type":"Organization","@id":"https:\/\/tabaccomd.com\/ro\/#organization"}}},{"@type":"WebPage","@id":"https:\/\/tabaccomd.com\/ro\/product\/sampanie-pentru-copii-fara-alcool-tom-jerry-0-75-l\/#webpage","url":"https:\/\/tabaccomd.com\/ro\/product\/sampanie-pentru-copii-fara-alcool-tom-jerry-0-75-l\/","name":"\u0218ampanie pentru copii f\u0103r\u0103 alcool \u201eTom & Jerry\u201d 0.75l cump\u0103ra\u021bi \u00een Chi\u0219in\u0103u \u2b50 \u2013 Tabacco House","description":"\u0218ampanie pentru copii f\u0103r\u0103 alcool \u201eTom & Jerry\u201d 0.75l la Chi\u0219in\u0103u cu livrare. \u2b50\u2b50\u2b50\u2b50\u2b50\u260e 061-000-935 Pe site-ul nostru tabaccomd.com avem o selec\u021bie larg\u0103 de b\u0103uturi alcoolice de elit\u0103: whiskey, coniac, rom, gin, vin spumant...","inLanguage":"ro-RO","isPartOf":{"@id":"https:\/\/tabaccomd.com\/ro\/#website"},"breadcrumb":{"@id":"https:\/\/tabaccomd.com\/ro\/product\/sampanie-pentru-copii-fara-alcool-tom-jerry-0-75-l\/#breadcrumblist"},"image":{"@type":"ImageObject","url":"https:\/\/tabaccomd.com\/wp-content\/uploads\/2023\/11\/tom-and-jerry-0.75.jpg","@id":"https:\/\/tabaccomd.com\/ro\/product\/sampanie-pentru-copii-fara-alcool-tom-jerry-0-75-l\/#mainImage","width":1000,"height":1000,"caption":"\u0218ampanie pentru copii f\u0103r\u0103 alcool \"Tom &amp; Jerry\" 0.75 l"},"primaryImageOfPage":{"@id":"https:\/\/tabaccomd.com\/ro\/product\/sampanie-pentru-copii-fara-alcool-tom-jerry-0-75-l\/#mainImage"},"datePublished":"2023-11-03T23:30:21+03:00","dateModified":"2025-05-01T12:01:35+03:00"},{"@type":"WebSite","@id":"https:\/\/tabaccomd.com\/ro\/#website","url":"https:\/\/tabaccomd.com\/ro\/","name":"Tabacco House","alternateName":"tobaccomd.com","description":"\u041c\u0430\u0433\u0430\u0437\u0438\u043d \u0442\u0430\u0431\u0430\u0447\u043d\u044b\u0445 \u0438\u0437\u0434\u0435\u043b\u0438\u0439","inLanguage":"ro-RO","publisher":{"@id":"https:\/\/tabaccomd.com\/ro\/#organization"}}]},"og:locale":"ro_RO","og:site_name":"Tabacco House \u2013 \u041c\u0430\u0433\u0430\u0437\u0438\u043d \u0442\u0430\u0431\u0430\u0447\u043d\u044b\u0445 \u0438\u0437\u0434\u0435\u043b\u0438\u0439","og:type":"article","og:title":"\u0218ampanie pentru copii f\u0103r\u0103 alcool \u201eTom &amp; Jerry\u201d 0.75l cump\u0103ra\u021bi \u00een Chi\u0219in\u0103u \u2b50 \u2013 Tabacco House","og:description":"\u0218ampanie pentru copii f\u0103r\u0103 alcool \u201eTom &amp; Jerry\u201d 0.75l la Chi\u0219in\u0103u cu livrare. \u2b50\u2b50\u2b50\u2b50\u2b50\u260e 061-000-935 Pe site-ul nostru tabaccomd.com avem o selec\u021bie larg\u0103 de b\u0103uturi alcoolice de elit\u0103: whiskey, coniac, rom, gin, vin spumant...","og:url":"https:\/\/tabaccomd.com\/ro\/product\/sampanie-pentru-copii-fara-alcool-tom-jerry-0-75-l\/","article:published_time":"2023-11-03T20:30:21+00:00","article:modified_time":"2025-05-01T09:01:35+00:00","article:publisher":"https:\/\/www.facebook.com\/tabaccomd.com\/","twitter:card":"summary_large_image","twitter:title":"\u0218ampanie pentru copii f\u0103r\u0103 alcool \u201eTom &amp; Jerry\u201d 0.75l cump\u0103ra\u021bi \u00een Chi\u0219in\u0103u \u2b50 \u2013 Tabacco House","twitter:description":"\u0218ampanie pentru copii f\u0103r\u0103 alcool \u201eTom &amp; Jerry\u201d 0.75l la Chi\u0219in\u0103u cu livrare. \u2b50\u2b50\u2b50\u2b50\u2b50\u260e 061-000-935 Pe site-ul nostru tabaccomd.com avem o selec\u021bie larg\u0103 de b\u0103uturi alcoolice de elit\u0103: whiskey, coniac, rom, gin, vin spumant..."},"aioseo_meta_data":{"post_id":"128272","title":"#post_title cump\u0103ra\u021bi \u00een Chi\u0219in\u0103u \u2b50 #separator_sa #site_title","description":"#post_title la Chi\u0219in\u0103u cu livrare. \u2b50\u2b50\u2b50\u2b50\u2b50\u260e 061-000-935 Pe site-ul nostru tabaccomd.com avem o selec\u021bie larg\u0103 de b\u0103uturi alcoolice de elit\u0103: whiskey, coniac, rom, gin, vin spumant...","keywords":null,"keyphrases":{"focus":{"keyphrase":"\u0218ampanie pentru copii f\u0103r\u0103 alcool \"Tom &amp; Jerry\" 0.75 l","score":26,"analysis":{"keyphraseInTitle":{"score":3,"maxScore":9,"error":1},"keyphraseInDescription":{"score":3,"maxScore":9,"error":1},"keyphraseLength":{"score":3,"maxScore":9,"error":1,"length":10},"keyphraseInURL":{"score":1,"maxScore":5,"error":1},"keyphraseInIntroduction":{"score":3,"maxScore":9,"error":1},"keyphraseInSubHeadings":[],"keyphraseInImageAlt":[],"keywordDensity":{"score":0,"type":"low","maxScore":9,"error":1}}},"additional":[]},"primary_term":null,"canonical_url":null,"og_title":null,"og_description":null,"og_object_type":"default","og_image_type":"default","og_image_url":null,"og_image_width":null,"og_image_height":null,"og_image_custom_url":null,"og_image_custom_fields":null,"og_video":"","og_custom_url":null,"og_article_section":null,"og_article_tags":null,"twitter_use_og":false,"twitter_card":"default","twitter_image_type":"default","twitter_image_url":null,"twitter_image_custom_url":null,"twitter_image_custom_fields":null,"twitter_title":null,"twitter_description":null,"schema":{"blockGraphs":[],"customGraphs":[],"default":{"data":{"Article":[],"Course":[],"Dataset":[],"FAQPage":[],"Movie":[],"Person":[],"Product":[],"ProductReview":[],"Car":[],"Recipe":[],"Service":[],"SoftwareApplication":[],"WebPage":[]},"graphName":"ItemPage","isEnabled":true},"graphs":[]},"schema_type":"default","schema_type_options":null,"pillar_content":false,"robots_default":true,"robots_noindex":false,"robots_noarchive":false,"robots_nosnippet":false,"robots_nofollow":false,"robots_noimageindex":false,"robots_noodp":false,"robots_notranslate":false,"robots_max_snippet":"-1","robots_max_videopreview":"-1","robots_max_imagepreview":"large","priority":null,"frequency":"default","local_seo":null,"seo_analyzer_scan_date":"2025-10-20 12:43:59","breadcrumb_settings":null,"limit_modified_date":false,"reviewed_by":null,"open_ai":null,"ai":null,"created":"2023-11-03 20:27:11","updated":"2025-10-20 12:43:59"},"aioseo_breadcrumb":"<div class=\"aioseo-breadcrumbs\"><span class=\"aioseo-breadcrumb\">\n\t<a href=\"https:\/\/tabaccomd.com\/ro\/\" title=\"\u0413\u043b\u0430\u0432\u043d\u0430\u044f\">\u0413\u043b\u0430\u0432\u043d\u0430\u044f<\/a>\n<\/span><span class=\"aioseo-breadcrumb-separator\">\u00bb<\/span><span class=\"aioseo-breadcrumb\">\n\t<a href=\"https:\/\/tabaccomd.com\/ro\/catalog\/\" title=\"Catalog\">Catalog<\/a>\n<\/span><span class=\"aioseo-breadcrumb-separator\">\u00bb<\/span><span class=\"aioseo-breadcrumb\">\n\t<a href=\"https:\/\/tabaccomd.com\/ro\/product-category\/alcool-2\/\" title=\"Alcool\">Alcool<\/a>\n<\/span><span class=\"aioseo-breadcrumb-separator\">\u00bb<\/span><span class=\"aioseo-breadcrumb\">\n\t<a href=\"https:\/\/tabaccomd.com\/ro\/product-category\/alcool-2\/bauturi-nealcoolice-ro\/\" title=\"B\u0103uturi nealcoolice\">B\u0103uturi nealcoolice<\/a>\n<\/span><span class=\"aioseo-breadcrumb-separator\">\u00bb<\/span><span class=\"aioseo-breadcrumb\">\n\t\u0218ampanie pentru copii f\u0103r\u0103 alcool \u201eTom &amp; Jerry\u201d 0.75l\n<\/span><\/div>","aioseo_breadcrumb_json":[{"label":"\u0413\u043b\u0430\u0432\u043d\u0430\u044f","link":"https:\/\/tabaccomd.com\/ro\/"},{"label":"Catalog","link":"https:\/\/tabaccomd.com\/ro\/catalog\/"},{"label":"Alcool","link":"https:\/\/tabaccomd.com\/ro\/product-category\/alcool-2\/"},{"label":"B\u0103uturi nealcoolice","link":"https:\/\/tabaccomd.com\/ro\/product-category\/alcool-2\/bauturi-nealcoolice-ro\/"},{"label":"\u0218ampanie pentru copii f\u0103r\u0103 alcool &#8222;Tom &amp; Jerry&#8221; 0.75l","link":"https:\/\/tabaccomd.com\/ro\/product\/sampanie-pentru-copii-fara-alcool-tom-jerry-0-75-l\/"}],"images_for_1c":[{"url":"https:\/\/tabaccomd.com\/wp-content\/uploads\/2023\/11\/tom-and-jerry-0.75.jpg","type":"featured","alt":"\u0218ampanie pentru copii f\u0103r\u0103 alcool \"Tom &amp; Jerry\" 0.75 l","filename":"tom-and-jerry-0.75.jpg"}],"additional_data_1c":{"modified_date":"2025-05-01 12:01:35","permalink":"https:\/\/tabaccomd.com\/ro\/product\/sampanie-pentru-copii-fara-alcool-tom-jerry-0-75-l\/","stock_status":"instock","manage_stock":"no"},"_links":{"self":[{"href":"https:\/\/tabaccomd.com\/ro\/wp-json\/wp\/v2\/product\/128272","targetHints":{"allow":["GET"]}}],"collection":[{"href":"https:\/\/tabaccomd.com\/ro\/wp-json\/wp\/v2\/product"}],"about":[{"href":"https:\/\/tabaccomd.com\/ro\/wp-json\/wp\/v2\/types\/product"}],"wp:featuredmedia":[{"embeddable":true,"href":"https:\/\/tabaccomd.com\/ro\/wp-json\/wp\/v2\/media\/128273"}],"wp:attachment":[{"href":"https:\/\/tabaccomd.com\/ro\/wp-json\/wp\/v2\/media?parent=128272"}],"wp:term":[{"taxonomy":"product_brand","embeddable":true,"href":"https:\/\/tabaccomd.com\/ro\/wp-json\/wp\/v2\/product_brand?post=128272"},{"taxonomy":"product_cat","embeddable":true,"href":"https:\/\/tabaccomd.com\/ro\/wp-json\/wp\/v2\/product_cat?post=128272"},{"taxonomy":"product_tag","embeddable":true,"href":"https:\/\/tabaccomd.com\/ro\/wp-json\/wp\/v2\/product_tag?post=128272"}],"curies":[{"name":"wp","href":"https:\/\/api.w.org\/{rel}","templated":true}]}}