{"id":127970,"date":"2023-10-24T14:22:42","date_gmt":"2023-10-24T11:22:42","guid":{"rendered":"https:\/\/tabaccomd.com\/?post_type=product&#038;p=127970"},"modified":"2025-03-17T12:25:32","modified_gmt":"2025-03-17T09:25:32","slug":"rom-bacardi-reserva-ocho-8-years-0-7-l","status":"publish","type":"product","link":"https:\/\/tabaccomd.com\/ro\/product\/rom-bacardi-reserva-ocho-8-years-0-7-l\/","title":{"rendered":"Rom Bacardi Reserva Ocho 8 years 0.7l"},"content":{"rendered":"<p><a href=\"https:\/\/tabaccomd.com\/ro\/categorie-produs\/alcool-2\/rom-2\/\" target=\"_blank\" rel=\"noopener\">Bacardi Reserva Ocho 8 Ani<\/a> este un rom produs de compania Bacardi, unul dintre cei mai mari produc\u0103tori de rom din lume. &#8222;Reserva Ocho&#8221; indic\u0103 faptul c\u0103 acest rom a fost maturat \u00een butoaie de stejar timp de 8 ani, ceea ce \u00eei confer\u0103 un gust bogat \u0219i profund. Acest rom se remarc\u0103 prin aromele puternice de stejar, vanilie \u0219i condimente. De asemenea, poate avea nuan\u021be de caramel, ciocolat\u0103 \u0219i fructe uscate, ceea ce \u00eei confer\u0103 un profil de gust complex \u0219i bogat. <a href=\"https:\/\/tabaccomd.com\/ro\/categorie-produs\/alcool-2\/rom-2\/\" target=\"_blank\" rel=\"noopener\">Rom Bacardi Reserva Ocho<\/a> este apreciat de cunosc\u0103torii de rom pentru natura sa profund\u0103 \u0219i bogat\u0103. Acest <strong> rom <\/strong> poate fi savurat ca atare pentru o experien\u021b\u0103 autentic\u0103 cu rom sau poate fi utilizat pentru a crea cocktailuri rafinate. El este popular at\u00e2t printre cei care apreciaz\u0103 romul \u00een form\u0103 pur\u0103, c\u00e2t \u0219i printre cei care caut\u0103 un rom de \u00eenalt\u0103 calitate pentru cocktailuri.<\/p>\n<p>Pute\u021bi achizi\u021biona romul Bacardi Reserva Ocho 8 years 0.7l \u00een Moldova, Chi\u0219in\u0103u, \u00een re\u021beaua de magazine Tabacco House.<\/p>\n","protected":false},"excerpt":{"rendered":"<ul>\n<li>\u021aara produc\u0103torului: SUA, Washington<\/li>\n<li>Produc\u0103tor: Bacardi Limited<\/li>\n<li>T\u0103rie: 40%<\/li>\n<li>Volum: 0.7l<\/li>\n<li>\u00cenvechire: 8 ani<\/li>\n<\/ul>\n","protected":false},"featured_media":147759,"template":"","meta":{"om_disable_all_campaigns":false,"_monsterinsights_skip_tracking":false,"_monsterinsights_sitenote_active":false,"_monsterinsights_sitenote_note":"","_monsterinsights_sitenote_category":0},"product_brand":[],"product_cat":[225],"product_tag":[],"class_list":{"0":"post-127970","1":"product","2":"type-product","3":"status-publish","4":"has-post-thumbnail","6":"product_cat-rom-2","8":"first","9":"instock","10":"taxable","11":"shipping-taxable","12":"purchasable","13":"product-type-simple"},"aioseo_notices":[],"aioseo_head":"\n\t\t<!-- All in One SEO Pro 4.9.5.2 - aioseo.com -->\n\t<meta name=\"description\" content=\"Rom Bacardi Reserva Ocho 8 years 0.7l - \u2728\u00cen magazinul online tabaccomd.com \u00cen sortiment: \u021big\u0103ri, \ud83c\udf7ealcool, brichete, narghilele... \ud83d\udcde Apela\u021bi la 061000935\" \/>\n\t<meta name=\"robots\" content=\"max-image-preview:large\" \/>\n\t<link rel=\"canonical\" href=\"https:\/\/tabaccomd.com\/ro\/product\/rom-bacardi-reserva-ocho-8-years-0-7-l\/\" \/>\n\t<meta name=\"generator\" content=\"All in One SEO Pro (AIOSEO) 4.9.5.2\" \/>\n\t\t<meta property=\"og:locale\" content=\"ro_RO\" \/>\n\t\t<meta property=\"og:site_name\" content=\"Tabacco House \u2013 \u041c\u0430\u0433\u0430\u0437\u0438\u043d \u0442\u0430\u0431\u0430\u0447\u043d\u044b\u0445 \u0438\u0437\u0434\u0435\u043b\u0438\u0439\" \/>\n\t\t<meta property=\"og:type\" content=\"article\" \/>\n\t\t<meta property=\"og:title\" content=\"Rom Bacardi Reserva Ocho 8 years 0.7l cump\u0103ra\u021bi \u00een Chi\u0219in\u0103u \u2b50 \u2013 Tabacco House\" \/>\n\t\t<meta property=\"og:description\" content=\"Rom Bacardi Reserva Ocho 8 years 0.7l - \u2728\u00cen magazinul online tabaccomd.com \u00cen sortiment: \u021big\u0103ri, \ud83c\udf7ealcool, brichete, narghilele... \ud83d\udcde Apela\u021bi la 061000935\" \/>\n\t\t<meta property=\"og:url\" content=\"https:\/\/tabaccomd.com\/ro\/product\/rom-bacardi-reserva-ocho-8-years-0-7-l\/\" \/>\n\t\t<meta property=\"article:published_time\" content=\"2023-10-24T11:22:42+00:00\" \/>\n\t\t<meta property=\"article:modified_time\" content=\"2025-03-17T09:25:32+00:00\" \/>\n\t\t<meta property=\"article:publisher\" content=\"https:\/\/www.facebook.com\/tabaccomd.com\/\" \/>\n\t\t<meta name=\"twitter:card\" content=\"summary_large_image\" \/>\n\t\t<meta name=\"twitter:title\" content=\"Rom Bacardi Reserva Ocho 8 years 0.7l cump\u0103ra\u021bi \u00een Chi\u0219in\u0103u \u2b50 \u2013 Tabacco House\" \/>\n\t\t<meta name=\"twitter:description\" content=\"Rom Bacardi Reserva Ocho 8 years 0.7l - \u2728\u00cen magazinul online tabaccomd.com \u00cen sortiment: \u021big\u0103ri, \ud83c\udf7ealcool, brichete, narghilele... \ud83d\udcde Apela\u021bi la 061000935\" \/>\n\t\t<script type=\"application\/ld+json\" class=\"aioseo-schema\">\n\t\t\t{\"@context\":\"https:\\\/\\\/schema.org\",\"@graph\":[{\"@type\":\"BreadcrumbList\",\"@id\":\"https:\\\/\\\/tabaccomd.com\\\/ro\\\/product\\\/rom-bacardi-reserva-ocho-8-years-0-7-l\\\/#breadcrumblist\",\"itemListElement\":[{\"@type\":\"ListItem\",\"@id\":\"https:\\\/\\\/tabaccomd.com\\\/ro\\\/#listItem\",\"position\":1,\"name\":\"\\u0413\\u043b\\u0430\\u0432\\u043d\\u0430\\u044f\",\"item\":\"https:\\\/\\\/tabaccomd.com\\\/ro\\\/\",\"nextItem\":{\"@type\":\"ListItem\",\"@id\":\"https:\\\/\\\/tabaccomd.com\\\/ro\\\/catalog\\\/#listItem\",\"name\":\"Catalog\"}},{\"@type\":\"ListItem\",\"@id\":\"https:\\\/\\\/tabaccomd.com\\\/ro\\\/catalog\\\/#listItem\",\"position\":2,\"name\":\"Catalog\",\"item\":\"https:\\\/\\\/tabaccomd.com\\\/ro\\\/catalog\\\/\",\"nextItem\":{\"@type\":\"ListItem\",\"@id\":\"https:\\\/\\\/tabaccomd.com\\\/ro\\\/product-category\\\/alcool-2\\\/#listItem\",\"name\":\"Alcool\"},\"previousItem\":{\"@type\":\"ListItem\",\"@id\":\"https:\\\/\\\/tabaccomd.com\\\/ro\\\/#listItem\",\"name\":\"\\u0413\\u043b\\u0430\\u0432\\u043d\\u0430\\u044f\"}},{\"@type\":\"ListItem\",\"@id\":\"https:\\\/\\\/tabaccomd.com\\\/ro\\\/product-category\\\/alcool-2\\\/#listItem\",\"position\":3,\"name\":\"Alcool\",\"item\":\"https:\\\/\\\/tabaccomd.com\\\/ro\\\/product-category\\\/alcool-2\\\/\",\"nextItem\":{\"@type\":\"ListItem\",\"@id\":\"https:\\\/\\\/tabaccomd.com\\\/ro\\\/product-category\\\/alcool-2\\\/rom-2\\\/#listItem\",\"name\":\"Rom\"},\"previousItem\":{\"@type\":\"ListItem\",\"@id\":\"https:\\\/\\\/tabaccomd.com\\\/ro\\\/catalog\\\/#listItem\",\"name\":\"Catalog\"}},{\"@type\":\"ListItem\",\"@id\":\"https:\\\/\\\/tabaccomd.com\\\/ro\\\/product-category\\\/alcool-2\\\/rom-2\\\/#listItem\",\"position\":4,\"name\":\"Rom\",\"item\":\"https:\\\/\\\/tabaccomd.com\\\/ro\\\/product-category\\\/alcool-2\\\/rom-2\\\/\",\"nextItem\":{\"@type\":\"ListItem\",\"@id\":\"https:\\\/\\\/tabaccomd.com\\\/ro\\\/product\\\/rom-bacardi-reserva-ocho-8-years-0-7-l\\\/#listItem\",\"name\":\"Rom Bacardi Reserva Ocho 8 years 0.7l\"},\"previousItem\":{\"@type\":\"ListItem\",\"@id\":\"https:\\\/\\\/tabaccomd.com\\\/ro\\\/product-category\\\/alcool-2\\\/#listItem\",\"name\":\"Alcool\"}},{\"@type\":\"ListItem\",\"@id\":\"https:\\\/\\\/tabaccomd.com\\\/ro\\\/product\\\/rom-bacardi-reserva-ocho-8-years-0-7-l\\\/#listItem\",\"position\":5,\"name\":\"Rom Bacardi Reserva Ocho 8 years 0.7l\",\"previousItem\":{\"@type\":\"ListItem\",\"@id\":\"https:\\\/\\\/tabaccomd.com\\\/ro\\\/product-category\\\/alcool-2\\\/rom-2\\\/#listItem\",\"name\":\"Rom\"}}]},{\"@type\":\"Organization\",\"@id\":\"https:\\\/\\\/tabaccomd.com\\\/ro\\\/#organization\",\"name\":\"Tabacco House\",\"description\":\"\\u041c\\u0430\\u0433\\u0430\\u0437\\u0438\\u043d \\u0442\\u0430\\u0431\\u0430\\u0447\\u043d\\u044b\\u0445 \\u0438\\u0437\\u0434\\u0435\\u043b\\u0438\\u0439\",\"url\":\"https:\\\/\\\/tabaccomd.com\\\/ro\\\/\",\"email\":\"Office@cazacuhouse.com\",\"telephone\":\"+37361000935\",\"logo\":{\"@type\":\"ImageObject\",\"url\":\"https:\\\/\\\/tabaccomd.com\\\/wp-content\\\/uploads\\\/2024\\\/02\\\/logo_header3.png\",\"@id\":\"https:\\\/\\\/tabaccomd.com\\\/ro\\\/product\\\/rom-bacardi-reserva-ocho-8-years-0-7-l\\\/#organizationLogo\",\"width\":32,\"height\":32,\"caption\":\"Tabacco House\"},\"image\":{\"@id\":\"https:\\\/\\\/tabaccomd.com\\\/ro\\\/product\\\/rom-bacardi-reserva-ocho-8-years-0-7-l\\\/#organizationLogo\"},\"sameAs\":[\"https:\\\/\\\/www.facebook.com\\\/tabaccomd.com\\\/\",\"https:\\\/\\\/www.instagram.com\\\/tabaccomd.com\\\/\"],\"address\":{\"@id\":\"https:\\\/\\\/tabaccomd.com\\\/ro\\\/#postaladdress\",\"@type\":\"PostalAddress\",\"streetAddress\":\"Strada Albi\\u015foara 4, Chi\\u0219in\\u0103u, Bulevardul \\u0218tefan cel Mare \\u0219i Sf\\u00eent 136, Chi\\u0219in\\u0103u\",\"addressLocality\":\"Chi\\u0219in\\u0103u\",\"addressCountry\":\"MD\"}},{\"@type\":\"Product\",\"@id\":\"https:\\\/\\\/tabaccomd.com\\\/ro\\\/product\\\/rom-bacardi-reserva-ocho-8-years-0-7-l\\\/#wooCommerceProduct\",\"name\":\"Rom Bacardi Reserva Ocho 8 years 0.7l\",\"description\":\"\\u021aara produc\\u0103torului: SUA, Washington\\r\\n \\tProduc\\u0103tor: Bacardi Limited\\r\\n \\tT\\u0103rie: 40%\\r\\n \\tVolum: 0.7l\\r\\n \\t\\u00cenvechire: 8 ani\",\"url\":\"https:\\\/\\\/tabaccomd.com\\\/ro\\\/product\\\/rom-bacardi-reserva-ocho-8-years-0-7-l\\\/\",\"sku\":\"6033s\",\"image\":{\"@type\":\"ImageObject\",\"url\":\"https:\\\/\\\/tabaccomd.com\\\/wp-content\\\/uploads\\\/2023\\\/10\\\/ocho-bacardi_8_years-reserve.jpg\",\"@id\":\"https:\\\/\\\/tabaccomd.com\\\/ro\\\/product\\\/rom-bacardi-reserva-ocho-8-years-0-7-l\\\/#productImage\",\"width\":1200,\"height\":1200,\"caption\":\"ocho-bacardi_8_years-reserve\"},\"offers\":{\"@type\":\"Offer\",\"url\":\"https:\\\/\\\/tabaccomd.com\\\/ro\\\/product\\\/rom-bacardi-reserva-ocho-8-years-0-7-l\\\/#wooCommerceOffer\",\"price\":755,\"priceCurrency\":\"MDL\",\"category\":\"Rom\",\"availability\":\"https:\\\/\\\/schema.org\\\/InStock\",\"priceSpecification\":{\"@type\":\"PriceSpecification\",\"price\":755,\"priceCurrency\":\"MDL\",\"valueAddedTaxIncluded\":\"true\"},\"seller\":{\"@type\":\"Organization\",\"@id\":\"https:\\\/\\\/tabaccomd.com\\\/ro\\\/#organization\"}}},{\"@type\":\"WebPage\",\"@id\":\"https:\\\/\\\/tabaccomd.com\\\/ro\\\/product\\\/rom-bacardi-reserva-ocho-8-years-0-7-l\\\/#webpage\",\"url\":\"https:\\\/\\\/tabaccomd.com\\\/ro\\\/product\\\/rom-bacardi-reserva-ocho-8-years-0-7-l\\\/\",\"name\":\"Rom Bacardi Reserva Ocho 8 years 0.7l cump\\u0103ra\\u021bi \\u00een Chi\\u0219in\\u0103u \\u2b50 \\u2013 Tabacco House\",\"description\":\"Rom Bacardi Reserva Ocho 8 years 0.7l - \\u2728\\u00cen magazinul online tabaccomd.com \\u00cen sortiment: \\u021big\\u0103ri, \\ud83c\\udf7ealcool, brichete, narghilele... \\ud83d\\udcde Apela\\u021bi la 061000935\",\"inLanguage\":\"ro-RO\",\"isPartOf\":{\"@id\":\"https:\\\/\\\/tabaccomd.com\\\/ro\\\/#website\"},\"breadcrumb\":{\"@id\":\"https:\\\/\\\/tabaccomd.com\\\/ro\\\/product\\\/rom-bacardi-reserva-ocho-8-years-0-7-l\\\/#breadcrumblist\"},\"image\":{\"@type\":\"ImageObject\",\"url\":\"https:\\\/\\\/tabaccomd.com\\\/wp-content\\\/uploads\\\/2023\\\/10\\\/ocho-bacardi_8_years-reserve.jpg\",\"@id\":\"https:\\\/\\\/tabaccomd.com\\\/ro\\\/product\\\/rom-bacardi-reserva-ocho-8-years-0-7-l\\\/#mainImage\",\"width\":1200,\"height\":1200,\"caption\":\"ocho-bacardi_8_years-reserve\"},\"primaryImageOfPage\":{\"@id\":\"https:\\\/\\\/tabaccomd.com\\\/ro\\\/product\\\/rom-bacardi-reserva-ocho-8-years-0-7-l\\\/#mainImage\"},\"datePublished\":\"2023-10-24T14:22:42+03:00\",\"dateModified\":\"2025-03-17T12:25:32+03:00\"},{\"@type\":\"WebSite\",\"@id\":\"https:\\\/\\\/tabaccomd.com\\\/ro\\\/#website\",\"url\":\"https:\\\/\\\/tabaccomd.com\\\/ro\\\/\",\"name\":\"Tabacco House\",\"alternateName\":\"tobaccomd.com\",\"description\":\"\\u041c\\u0430\\u0433\\u0430\\u0437\\u0438\\u043d \\u0442\\u0430\\u0431\\u0430\\u0447\\u043d\\u044b\\u0445 \\u0438\\u0437\\u0434\\u0435\\u043b\\u0438\\u0439\",\"inLanguage\":\"ro-RO\",\"publisher\":{\"@id\":\"https:\\\/\\\/tabaccomd.com\\\/ro\\\/#organization\"}}]}\n\t\t<\/script>\n\t\t<!-- All in One SEO Pro -->\r\n\t\t<title>Rom Bacardi Reserva Ocho 8 years 0.7l cump\u0103ra\u021bi \u00een Chi\u0219in\u0103u \u2b50 \u2013 Tabacco House<\/title>\n\n","aioseo_head_json":{"title":"Rom Bacardi Reserva Ocho 8 years 0.7l cump\u0103ra\u021bi \u00een Chi\u0219in\u0103u \u2b50 \u2013 Tabacco House","description":"Rom Bacardi Reserva Ocho 8 years 0.7l - \u2728\u00cen magazinul online tabaccomd.com \u00cen sortiment: \u021big\u0103ri, \ud83c\udf7ealcool, brichete, narghilele... \ud83d\udcde Apela\u021bi la 061000935","canonical_url":"https:\/\/tabaccomd.com\/ro\/product\/rom-bacardi-reserva-ocho-8-years-0-7-l\/","robots":"max-image-preview:large","keywords":"","webmasterTools":{"miscellaneous":""},"schema":{"@context":"https:\/\/schema.org","@graph":[{"@type":"BreadcrumbList","@id":"https:\/\/tabaccomd.com\/ro\/product\/rom-bacardi-reserva-ocho-8-years-0-7-l\/#breadcrumblist","itemListElement":[{"@type":"ListItem","@id":"https:\/\/tabaccomd.com\/ro\/#listItem","position":1,"name":"\u0413\u043b\u0430\u0432\u043d\u0430\u044f","item":"https:\/\/tabaccomd.com\/ro\/","nextItem":{"@type":"ListItem","@id":"https:\/\/tabaccomd.com\/ro\/catalog\/#listItem","name":"Catalog"}},{"@type":"ListItem","@id":"https:\/\/tabaccomd.com\/ro\/catalog\/#listItem","position":2,"name":"Catalog","item":"https:\/\/tabaccomd.com\/ro\/catalog\/","nextItem":{"@type":"ListItem","@id":"https:\/\/tabaccomd.com\/ro\/product-category\/alcool-2\/#listItem","name":"Alcool"},"previousItem":{"@type":"ListItem","@id":"https:\/\/tabaccomd.com\/ro\/#listItem","name":"\u0413\u043b\u0430\u0432\u043d\u0430\u044f"}},{"@type":"ListItem","@id":"https:\/\/tabaccomd.com\/ro\/product-category\/alcool-2\/#listItem","position":3,"name":"Alcool","item":"https:\/\/tabaccomd.com\/ro\/product-category\/alcool-2\/","nextItem":{"@type":"ListItem","@id":"https:\/\/tabaccomd.com\/ro\/product-category\/alcool-2\/rom-2\/#listItem","name":"Rom"},"previousItem":{"@type":"ListItem","@id":"https:\/\/tabaccomd.com\/ro\/catalog\/#listItem","name":"Catalog"}},{"@type":"ListItem","@id":"https:\/\/tabaccomd.com\/ro\/product-category\/alcool-2\/rom-2\/#listItem","position":4,"name":"Rom","item":"https:\/\/tabaccomd.com\/ro\/product-category\/alcool-2\/rom-2\/","nextItem":{"@type":"ListItem","@id":"https:\/\/tabaccomd.com\/ro\/product\/rom-bacardi-reserva-ocho-8-years-0-7-l\/#listItem","name":"Rom Bacardi Reserva Ocho 8 years 0.7l"},"previousItem":{"@type":"ListItem","@id":"https:\/\/tabaccomd.com\/ro\/product-category\/alcool-2\/#listItem","name":"Alcool"}},{"@type":"ListItem","@id":"https:\/\/tabaccomd.com\/ro\/product\/rom-bacardi-reserva-ocho-8-years-0-7-l\/#listItem","position":5,"name":"Rom Bacardi Reserva Ocho 8 years 0.7l","previousItem":{"@type":"ListItem","@id":"https:\/\/tabaccomd.com\/ro\/product-category\/alcool-2\/rom-2\/#listItem","name":"Rom"}}]},{"@type":"Organization","@id":"https:\/\/tabaccomd.com\/ro\/#organization","name":"Tabacco House","description":"\u041c\u0430\u0433\u0430\u0437\u0438\u043d \u0442\u0430\u0431\u0430\u0447\u043d\u044b\u0445 \u0438\u0437\u0434\u0435\u043b\u0438\u0439","url":"https:\/\/tabaccomd.com\/ro\/","email":"Office@cazacuhouse.com","telephone":"+37361000935","logo":{"@type":"ImageObject","url":"https:\/\/tabaccomd.com\/wp-content\/uploads\/2024\/02\/logo_header3.png","@id":"https:\/\/tabaccomd.com\/ro\/product\/rom-bacardi-reserva-ocho-8-years-0-7-l\/#organizationLogo","width":32,"height":32,"caption":"Tabacco House"},"image":{"@id":"https:\/\/tabaccomd.com\/ro\/product\/rom-bacardi-reserva-ocho-8-years-0-7-l\/#organizationLogo"},"sameAs":["https:\/\/www.facebook.com\/tabaccomd.com\/","https:\/\/www.instagram.com\/tabaccomd.com\/"],"address":{"@id":"https:\/\/tabaccomd.com\/ro\/#postaladdress","@type":"PostalAddress","streetAddress":"Strada Albi\u015foara 4, Chi\u0219in\u0103u, Bulevardul \u0218tefan cel Mare \u0219i Sf\u00eent 136, Chi\u0219in\u0103u","addressLocality":"Chi\u0219in\u0103u","addressCountry":"MD"}},{"@type":"Product","@id":"https:\/\/tabaccomd.com\/ro\/product\/rom-bacardi-reserva-ocho-8-years-0-7-l\/#wooCommerceProduct","name":"Rom Bacardi Reserva Ocho 8 years 0.7l","description":"\u021aara produc\u0103torului: SUA, Washington\r\n \tProduc\u0103tor: Bacardi Limited\r\n \tT\u0103rie: 40%\r\n \tVolum: 0.7l\r\n \t\u00cenvechire: 8 ani","url":"https:\/\/tabaccomd.com\/ro\/product\/rom-bacardi-reserva-ocho-8-years-0-7-l\/","sku":"6033s","image":{"@type":"ImageObject","url":"https:\/\/tabaccomd.com\/wp-content\/uploads\/2023\/10\/ocho-bacardi_8_years-reserve.jpg","@id":"https:\/\/tabaccomd.com\/ro\/product\/rom-bacardi-reserva-ocho-8-years-0-7-l\/#productImage","width":1200,"height":1200,"caption":"ocho-bacardi_8_years-reserve"},"offers":{"@type":"Offer","url":"https:\/\/tabaccomd.com\/ro\/product\/rom-bacardi-reserva-ocho-8-years-0-7-l\/#wooCommerceOffer","price":755,"priceCurrency":"MDL","category":"Rom","availability":"https:\/\/schema.org\/InStock","priceSpecification":{"@type":"PriceSpecification","price":755,"priceCurrency":"MDL","valueAddedTaxIncluded":"true"},"seller":{"@type":"Organization","@id":"https:\/\/tabaccomd.com\/ro\/#organization"}}},{"@type":"WebPage","@id":"https:\/\/tabaccomd.com\/ro\/product\/rom-bacardi-reserva-ocho-8-years-0-7-l\/#webpage","url":"https:\/\/tabaccomd.com\/ro\/product\/rom-bacardi-reserva-ocho-8-years-0-7-l\/","name":"Rom Bacardi Reserva Ocho 8 years 0.7l cump\u0103ra\u021bi \u00een Chi\u0219in\u0103u \u2b50 \u2013 Tabacco House","description":"Rom Bacardi Reserva Ocho 8 years 0.7l - \u2728\u00cen magazinul online tabaccomd.com \u00cen sortiment: \u021big\u0103ri, \ud83c\udf7ealcool, brichete, narghilele... \ud83d\udcde Apela\u021bi la 061000935","inLanguage":"ro-RO","isPartOf":{"@id":"https:\/\/tabaccomd.com\/ro\/#website"},"breadcrumb":{"@id":"https:\/\/tabaccomd.com\/ro\/product\/rom-bacardi-reserva-ocho-8-years-0-7-l\/#breadcrumblist"},"image":{"@type":"ImageObject","url":"https:\/\/tabaccomd.com\/wp-content\/uploads\/2023\/10\/ocho-bacardi_8_years-reserve.jpg","@id":"https:\/\/tabaccomd.com\/ro\/product\/rom-bacardi-reserva-ocho-8-years-0-7-l\/#mainImage","width":1200,"height":1200,"caption":"ocho-bacardi_8_years-reserve"},"primaryImageOfPage":{"@id":"https:\/\/tabaccomd.com\/ro\/product\/rom-bacardi-reserva-ocho-8-years-0-7-l\/#mainImage"},"datePublished":"2023-10-24T14:22:42+03:00","dateModified":"2025-03-17T12:25:32+03:00"},{"@type":"WebSite","@id":"https:\/\/tabaccomd.com\/ro\/#website","url":"https:\/\/tabaccomd.com\/ro\/","name":"Tabacco House","alternateName":"tobaccomd.com","description":"\u041c\u0430\u0433\u0430\u0437\u0438\u043d \u0442\u0430\u0431\u0430\u0447\u043d\u044b\u0445 \u0438\u0437\u0434\u0435\u043b\u0438\u0439","inLanguage":"ro-RO","publisher":{"@id":"https:\/\/tabaccomd.com\/ro\/#organization"}}]},"og:locale":"ro_RO","og:site_name":"Tabacco House \u2013 \u041c\u0430\u0433\u0430\u0437\u0438\u043d \u0442\u0430\u0431\u0430\u0447\u043d\u044b\u0445 \u0438\u0437\u0434\u0435\u043b\u0438\u0439","og:type":"article","og:title":"Rom Bacardi Reserva Ocho 8 years 0.7l cump\u0103ra\u021bi \u00een Chi\u0219in\u0103u \u2b50 \u2013 Tabacco House","og:description":"Rom Bacardi Reserva Ocho 8 years 0.7l - \u2728\u00cen magazinul online tabaccomd.com \u00cen sortiment: \u021big\u0103ri, \ud83c\udf7ealcool, brichete, narghilele... \ud83d\udcde Apela\u021bi la 061000935","og:url":"https:\/\/tabaccomd.com\/ro\/product\/rom-bacardi-reserva-ocho-8-years-0-7-l\/","article:published_time":"2023-10-24T11:22:42+00:00","article:modified_time":"2025-03-17T09:25:32+00:00","article:publisher":"https:\/\/www.facebook.com\/tabaccomd.com\/","twitter:card":"summary_large_image","twitter:title":"Rom Bacardi Reserva Ocho 8 years 0.7l cump\u0103ra\u021bi \u00een Chi\u0219in\u0103u \u2b50 \u2013 Tabacco House","twitter:description":"Rom Bacardi Reserva Ocho 8 years 0.7l - \u2728\u00cen magazinul online tabaccomd.com \u00cen sortiment: \u021big\u0103ri, \ud83c\udf7ealcool, brichete, narghilele... \ud83d\udcde Apela\u021bi la 061000935"},"aioseo_meta_data":{"post_id":"127970","title":"#post_title cump\u0103ra\u021bi \u00een Chi\u0219in\u0103u \u2b50 #separator_sa #site_title","description":"#post_title - \u2728\u00cen magazinul online tabaccomd.com \u00cen sortiment: \u021big\u0103ri, \ud83c\udf7ealcool, brichete, narghilele... \ud83d\udcde Apela\u021bi la 061000935","keywords":null,"keyphrases":{"focus":{"keyphrase":"Rom Bacardi Reserva Ocho 8 Years 0.7 l","score":40,"analysis":{"keyphraseInTitle":{"score":3,"maxScore":9,"error":1},"keyphraseInDescription":{"score":3,"maxScore":9,"error":1},"keyphraseLength":{"score":6,"maxScore":9,"error":1,"length":8},"keyphraseInURL":{"score":5,"maxScore":5,"error":0},"keyphraseInIntroduction":{"score":3,"maxScore":9,"error":1},"keyphraseInSubHeadings":[],"keyphraseInImageAlt":[],"keywordDensity":{"score":0,"type":"low","maxScore":9,"error":1}}},"additional":[]},"primary_term":null,"canonical_url":null,"og_title":null,"og_description":null,"og_object_type":"default","og_image_type":"default","og_image_url":null,"og_image_width":null,"og_image_height":null,"og_image_custom_url":null,"og_image_custom_fields":null,"og_video":"","og_custom_url":null,"og_article_section":null,"og_article_tags":null,"twitter_use_og":false,"twitter_card":"default","twitter_image_type":"default","twitter_image_url":null,"twitter_image_custom_url":null,"twitter_image_custom_fields":null,"twitter_title":null,"twitter_description":null,"schema":{"blockGraphs":[],"customGraphs":[],"default":{"data":{"Article":[],"Course":[],"Dataset":[],"FAQPage":[],"Movie":[],"Person":[],"Product":[],"ProductReview":[],"Car":[],"Recipe":[],"Service":[],"SoftwareApplication":[],"WebPage":[]},"graphName":"ItemPage","isEnabled":true},"graphs":[]},"schema_type":"default","schema_type_options":null,"pillar_content":false,"robots_default":true,"robots_noindex":false,"robots_noarchive":false,"robots_nosnippet":false,"robots_nofollow":false,"robots_noimageindex":false,"robots_noodp":false,"robots_notranslate":false,"robots_max_snippet":"-1","robots_max_videopreview":"-1","robots_max_imagepreview":"large","priority":null,"frequency":"default","local_seo":null,"seo_analyzer_scan_date":"2025-10-20 12:17:24","breadcrumb_settings":null,"limit_modified_date":false,"reviewed_by":null,"open_ai":null,"ai":null,"created":"2023-10-24 11:22:55","updated":"2025-10-20 12:17:24"},"aioseo_breadcrumb":"<div class=\"aioseo-breadcrumbs\"><span class=\"aioseo-breadcrumb\">\n\t<a href=\"https:\/\/tabaccomd.com\/ro\/\" title=\"\u0413\u043b\u0430\u0432\u043d\u0430\u044f\">\u0413\u043b\u0430\u0432\u043d\u0430\u044f<\/a>\n<\/span><span class=\"aioseo-breadcrumb-separator\">\u00bb<\/span><span class=\"aioseo-breadcrumb\">\n\t<a href=\"https:\/\/tabaccomd.com\/ro\/catalog\/\" title=\"Catalog\">Catalog<\/a>\n<\/span><span class=\"aioseo-breadcrumb-separator\">\u00bb<\/span><span class=\"aioseo-breadcrumb\">\n\t<a href=\"https:\/\/tabaccomd.com\/ro\/product-category\/alcool-2\/\" title=\"Alcool\">Alcool<\/a>\n<\/span><span class=\"aioseo-breadcrumb-separator\">\u00bb<\/span><span class=\"aioseo-breadcrumb\">\n\t<a href=\"https:\/\/tabaccomd.com\/ro\/product-category\/alcool-2\/rom-2\/\" title=\"Rom\">Rom<\/a>\n<\/span><span class=\"aioseo-breadcrumb-separator\">\u00bb<\/span><span class=\"aioseo-breadcrumb\">\n\tRom Bacardi Reserva Ocho 8 years 0.7l\n<\/span><\/div>","aioseo_breadcrumb_json":[{"label":"\u0413\u043b\u0430\u0432\u043d\u0430\u044f","link":"https:\/\/tabaccomd.com\/ro\/"},{"label":"Catalog","link":"https:\/\/tabaccomd.com\/ro\/catalog\/"},{"label":"Alcool","link":"https:\/\/tabaccomd.com\/ro\/product-category\/alcool-2\/"},{"label":"Rom","link":"https:\/\/tabaccomd.com\/ro\/product-category\/alcool-2\/rom-2\/"},{"label":"Rom Bacardi Reserva Ocho 8 years 0.7l","link":"https:\/\/tabaccomd.com\/ro\/product\/rom-bacardi-reserva-ocho-8-years-0-7-l\/"}],"images_for_1c":[{"url":"https:\/\/tabaccomd.com\/wp-content\/uploads\/2023\/10\/ocho-bacardi_8_years-reserve.jpg","type":"featured","alt":"ocho-bacardi_8_years-reserve","filename":"ocho-bacardi_8_years-reserve.jpg"}],"additional_data_1c":{"modified_date":"2025-03-17 12:25:32","permalink":"https:\/\/tabaccomd.com\/ro\/product\/rom-bacardi-reserva-ocho-8-years-0-7-l\/","stock_status":"instock","manage_stock":"no"},"_links":{"self":[{"href":"https:\/\/tabaccomd.com\/ro\/wp-json\/wp\/v2\/product\/127970","targetHints":{"allow":["GET"]}}],"collection":[{"href":"https:\/\/tabaccomd.com\/ro\/wp-json\/wp\/v2\/product"}],"about":[{"href":"https:\/\/tabaccomd.com\/ro\/wp-json\/wp\/v2\/types\/product"}],"wp:featuredmedia":[{"embeddable":true,"href":"https:\/\/tabaccomd.com\/ro\/wp-json\/wp\/v2\/media\/147759"}],"wp:attachment":[{"href":"https:\/\/tabaccomd.com\/ro\/wp-json\/wp\/v2\/media?parent=127970"}],"wp:term":[{"taxonomy":"product_brand","embeddable":true,"href":"https:\/\/tabaccomd.com\/ro\/wp-json\/wp\/v2\/product_brand?post=127970"},{"taxonomy":"product_cat","embeddable":true,"href":"https:\/\/tabaccomd.com\/ro\/wp-json\/wp\/v2\/product_cat?post=127970"},{"taxonomy":"product_tag","embeddable":true,"href":"https:\/\/tabaccomd.com\/ro\/wp-json\/wp\/v2\/product_tag?post=127970"}],"curies":[{"name":"wp","href":"https:\/\/api.w.org\/{rel}","templated":true}]}}