{"id":127945,"date":"2023-10-23T16:00:46","date_gmt":"2023-10-23T13:00:46","guid":{"rendered":"https:\/\/tabaccomd.com\/product\/filtre-pentru-tigari-rulate-mascotte-xl-6mm\/"},"modified":"2025-12-01T14:03:49","modified_gmt":"2025-12-01T11:03:49","slug":"filtre-pentru-tigari-rulate-mascotte-xl-6mm","status":"publish","type":"product","link":"https:\/\/tabaccomd.com\/ro\/product\/filtre-pentru-tigari-rulate-mascotte-xl-6mm\/","title":{"rendered":"Filtre pentru \u021big\u0103ri Mascotte Slim XL 6mm"},"content":{"rendered":"<p><a href=\"https:\/\/tabaccomd.com\/ro\/categorie-produs\/totul-pentru-rulat\/filtre-de-tigara-2\/\">Filtrele<\/a> biodegradabile Mascotte Organic sunt realizate din fibre de celuloz\u0103 naturale, nealbite, d\u00e2ndu-le culoarea bej caracteristic\u0103. Aceste filtre se disting prin lungimea lor extraordinar\u0103 de 19 mm, fa\u021b\u0103 de 15 mm a filtrelor standard. Aceast\u0103 lungime suplimentar\u0103 contribuie la o arom\u0103 mai echilibrat\u0103 \u0219i mai bogat\u0103, f\u0103c\u00e2nd experien\u021ba dvs. de fumat mai pl\u0103cut\u0103. Ceea ce este, de asemenea, important este c\u0103 filtrele biodegradabile Mascotte Organic se descompun \u00een mod natural, f\u0103c\u00e2ndu-le mai ecologice. Utilizarea lor ajut\u0103 la reducerea nivelului de nicotin\u0103 \u0219i gudron, ceea ce poate fi benefic pentru \u00eengrijirea s\u0103n\u0103t\u0103\u021bii dvs. A\u0219adar, utilizarea \u021big\u0103rilor cu filtre biodegradabile Mascotte Organic nu numai c\u0103 v\u0103 ofer\u0103 o experien\u021b\u0103 pl\u0103cut\u0103 de fumat, dar v\u0103 ajut\u0103 \u0219i s\u0103 salva\u021bi mediul \u00eenconjur\u0103tor \u0219i poate chiar s\u0103 economisi\u021bi bani.<\/p>\n<p>Pute\u021bi achizi\u021biona filtrele pentru \u021big\u0103ri Mascotte Slim XL 6mm \u00een Moldova, Chi\u0219in\u0103u, \u00een re\u021beaua de magazine Tabacco House.<\/p>\n","protected":false},"excerpt":{"rendered":"<ul>\n<li>Produc\u0103tor: Mignot &amp; De Block enterprise<\/li>\n<li>\u021aara produc\u0103torului: Olanda<\/li>\n<li>Diametru\/Lungime: 6mm x 19mm<\/li>\n<li>Cantitate: 120 buc\u0103\u021bi<\/li>\n<li>Format: Slim XL<\/li>\n<\/ul>\n","protected":false},"featured_media":127941,"template":"","meta":{"om_disable_all_campaigns":false,"_monsterinsights_skip_tracking":false,"_monsterinsights_sitenote_active":false,"_monsterinsights_sitenote_note":"","_monsterinsights_sitenote_category":0},"product_brand":[],"product_cat":[172],"product_tag":[],"class_list":{"0":"post-127945","1":"product","2":"type-product","3":"status-publish","4":"has-post-thumbnail","6":"product_cat-filtre-pentru-tigari","8":"first","9":"instock","10":"taxable","11":"shipping-taxable","12":"purchasable","13":"product-type-simple"},"aioseo_notices":[],"aioseo_head":"\n\t\t<!-- All in One SEO Pro 4.9.5.2 - aioseo.com -->\n\t<meta name=\"robots\" content=\"max-image-preview:large\" \/>\n\t<link rel=\"canonical\" href=\"https:\/\/tabaccomd.com\/ro\/product\/filtre-pentru-tigari-rulate-mascotte-xl-6mm\/\" \/>\n\t<meta name=\"generator\" content=\"All in One SEO Pro (AIOSEO) 4.9.5.2\" \/>\n\t\t<meta property=\"og:locale\" content=\"ro_RO\" \/>\n\t\t<meta property=\"og:site_name\" content=\"Tabacco House \u2013 \u041c\u0430\u0433\u0430\u0437\u0438\u043d \u0442\u0430\u0431\u0430\u0447\u043d\u044b\u0445 \u0438\u0437\u0434\u0435\u043b\u0438\u0439\" \/>\n\t\t<meta property=\"og:type\" content=\"article\" \/>\n\t\t<meta property=\"og:title\" content=\"Filtre pentru \u021big\u0103ri Mascotte Slim XL 6mm \u2013 Tabacco House\" \/>\n\t\t<meta property=\"og:url\" content=\"https:\/\/tabaccomd.com\/ro\/product\/filtre-pentru-tigari-rulate-mascotte-xl-6mm\/\" \/>\n\t\t<meta property=\"article:published_time\" content=\"2023-10-23T13:00:46+00:00\" \/>\n\t\t<meta property=\"article:modified_time\" content=\"2025-12-01T11:03:49+00:00\" \/>\n\t\t<meta property=\"article:publisher\" content=\"https:\/\/www.facebook.com\/tabaccomd.com\/\" \/>\n\t\t<meta name=\"twitter:card\" content=\"summary_large_image\" \/>\n\t\t<meta name=\"twitter:title\" content=\"Filtre pentru \u021big\u0103ri Mascotte Slim XL 6mm \u2013 Tabacco House\" \/>\n\t\t<script type=\"application\/ld+json\" class=\"aioseo-schema\">\n\t\t\t{\"@context\":\"https:\\\/\\\/schema.org\",\"@graph\":[{\"@type\":\"BreadcrumbList\",\"@id\":\"https:\\\/\\\/tabaccomd.com\\\/ro\\\/product\\\/filtre-pentru-tigari-rulate-mascotte-xl-6mm\\\/#breadcrumblist\",\"itemListElement\":[{\"@type\":\"ListItem\",\"@id\":\"https:\\\/\\\/tabaccomd.com\\\/ro\\\/#listItem\",\"position\":1,\"name\":\"\\u0413\\u043b\\u0430\\u0432\\u043d\\u0430\\u044f\",\"item\":\"https:\\\/\\\/tabaccomd.com\\\/ro\\\/\",\"nextItem\":{\"@type\":\"ListItem\",\"@id\":\"https:\\\/\\\/tabaccomd.com\\\/ro\\\/catalog\\\/#listItem\",\"name\":\"Catalog\"}},{\"@type\":\"ListItem\",\"@id\":\"https:\\\/\\\/tabaccomd.com\\\/ro\\\/catalog\\\/#listItem\",\"position\":2,\"name\":\"Catalog\",\"item\":\"https:\\\/\\\/tabaccomd.com\\\/ro\\\/catalog\\\/\",\"nextItem\":{\"@type\":\"ListItem\",\"@id\":\"https:\\\/\\\/tabaccomd.com\\\/ro\\\/product-category\\\/totul-pentru-rulat\\\/#listItem\",\"name\":\"Totul pentru rulat\"},\"previousItem\":{\"@type\":\"ListItem\",\"@id\":\"https:\\\/\\\/tabaccomd.com\\\/ro\\\/#listItem\",\"name\":\"\\u0413\\u043b\\u0430\\u0432\\u043d\\u0430\\u044f\"}},{\"@type\":\"ListItem\",\"@id\":\"https:\\\/\\\/tabaccomd.com\\\/ro\\\/product-category\\\/totul-pentru-rulat\\\/#listItem\",\"position\":3,\"name\":\"Totul pentru rulat\",\"item\":\"https:\\\/\\\/tabaccomd.com\\\/ro\\\/product-category\\\/totul-pentru-rulat\\\/\",\"nextItem\":{\"@type\":\"ListItem\",\"@id\":\"https:\\\/\\\/tabaccomd.com\\\/ro\\\/product-category\\\/totul-pentru-rulat\\\/filtre-pentru-tigari\\\/#listItem\",\"name\":\"Filtre pentru \\u021big\\u0103ri\"},\"previousItem\":{\"@type\":\"ListItem\",\"@id\":\"https:\\\/\\\/tabaccomd.com\\\/ro\\\/catalog\\\/#listItem\",\"name\":\"Catalog\"}},{\"@type\":\"ListItem\",\"@id\":\"https:\\\/\\\/tabaccomd.com\\\/ro\\\/product-category\\\/totul-pentru-rulat\\\/filtre-pentru-tigari\\\/#listItem\",\"position\":4,\"name\":\"Filtre pentru \\u021big\\u0103ri\",\"item\":\"https:\\\/\\\/tabaccomd.com\\\/ro\\\/product-category\\\/totul-pentru-rulat\\\/filtre-pentru-tigari\\\/\",\"nextItem\":{\"@type\":\"ListItem\",\"@id\":\"https:\\\/\\\/tabaccomd.com\\\/ro\\\/product\\\/filtre-pentru-tigari-rulate-mascotte-xl-6mm\\\/#listItem\",\"name\":\"Filtre pentru \\u021big\\u0103ri Mascotte Slim XL 6mm\"},\"previousItem\":{\"@type\":\"ListItem\",\"@id\":\"https:\\\/\\\/tabaccomd.com\\\/ro\\\/product-category\\\/totul-pentru-rulat\\\/#listItem\",\"name\":\"Totul pentru rulat\"}},{\"@type\":\"ListItem\",\"@id\":\"https:\\\/\\\/tabaccomd.com\\\/ro\\\/product\\\/filtre-pentru-tigari-rulate-mascotte-xl-6mm\\\/#listItem\",\"position\":5,\"name\":\"Filtre pentru \\u021big\\u0103ri Mascotte Slim XL 6mm\",\"previousItem\":{\"@type\":\"ListItem\",\"@id\":\"https:\\\/\\\/tabaccomd.com\\\/ro\\\/product-category\\\/totul-pentru-rulat\\\/filtre-pentru-tigari\\\/#listItem\",\"name\":\"Filtre pentru \\u021big\\u0103ri\"}}]},{\"@type\":\"Organization\",\"@id\":\"https:\\\/\\\/tabaccomd.com\\\/ro\\\/#organization\",\"name\":\"Tabacco House\",\"description\":\"\\u041c\\u0430\\u0433\\u0430\\u0437\\u0438\\u043d \\u0442\\u0430\\u0431\\u0430\\u0447\\u043d\\u044b\\u0445 \\u0438\\u0437\\u0434\\u0435\\u043b\\u0438\\u0439\",\"url\":\"https:\\\/\\\/tabaccomd.com\\\/ro\\\/\",\"email\":\"Office@cazacuhouse.com\",\"telephone\":\"+37361000935\",\"logo\":{\"@type\":\"ImageObject\",\"url\":\"https:\\\/\\\/tabaccomd.com\\\/wp-content\\\/uploads\\\/2024\\\/02\\\/logo_header3.png\",\"@id\":\"https:\\\/\\\/tabaccomd.com\\\/ro\\\/product\\\/filtre-pentru-tigari-rulate-mascotte-xl-6mm\\\/#organizationLogo\",\"width\":32,\"height\":32,\"caption\":\"Tabacco House\"},\"image\":{\"@id\":\"https:\\\/\\\/tabaccomd.com\\\/ro\\\/product\\\/filtre-pentru-tigari-rulate-mascotte-xl-6mm\\\/#organizationLogo\"},\"sameAs\":[\"https:\\\/\\\/www.facebook.com\\\/tabaccomd.com\\\/\",\"https:\\\/\\\/www.instagram.com\\\/tabaccomd.com\\\/\"],\"address\":{\"@id\":\"https:\\\/\\\/tabaccomd.com\\\/ro\\\/#postaladdress\",\"@type\":\"PostalAddress\",\"streetAddress\":\"Strada Albi\\u015foara 4, Chi\\u0219in\\u0103u, Bulevardul \\u0218tefan cel Mare \\u0219i Sf\\u00eent 136, Chi\\u0219in\\u0103u\",\"addressLocality\":\"Chi\\u0219in\\u0103u\",\"addressCountry\":\"MD\"}},{\"@type\":\"Product\",\"@id\":\"https:\\\/\\\/tabaccomd.com\\\/ro\\\/product\\\/filtre-pentru-tigari-rulate-mascotte-xl-6mm\\\/#wooCommerceProduct\",\"name\":\"Filtre pentru \\u021big\\u0103ri Mascotte Slim XL 6mm\",\"description\":\"Produc\\u0103tor: Mignot &amp; De Block enterprise\\r\\n \\t\\u021aara produc\\u0103torului: Olanda\\r\\n \\tDiametru\\\/Lungime: 6mm x 19mm\\r\\n \\tCantitate: 120 buc\\u0103\\u021bi\\r\\n \\tFormat: Slim XL\",\"url\":\"https:\\\/\\\/tabaccomd.com\\\/ro\\\/product\\\/filtre-pentru-tigari-rulate-mascotte-xl-6mm\\\/\",\"sku\":\"MSFO120P\",\"image\":{\"@type\":\"ImageObject\",\"url\":\"https:\\\/\\\/tabaccomd.com\\\/wp-content\\\/uploads\\\/2023\\\/10\\\/filtre-mascotte.jpg\",\"@id\":\"https:\\\/\\\/tabaccomd.com\\\/ro\\\/product\\\/filtre-pentru-tigari-rulate-mascotte-xl-6mm\\\/#productImage\",\"width\":1150,\"height\":1150,\"caption\":\"filtre mascotte\"},\"offers\":{\"@type\":\"Offer\",\"url\":\"https:\\\/\\\/tabaccomd.com\\\/ro\\\/product\\\/filtre-pentru-tigari-rulate-mascotte-xl-6mm\\\/#wooCommerceOffer\",\"price\":15,\"priceCurrency\":\"MDL\",\"category\":\"Filtre pentru \\u021big\\u0103ri\",\"availability\":\"https:\\\/\\\/schema.org\\\/InStock\",\"priceSpecification\":{\"@type\":\"PriceSpecification\",\"price\":15,\"priceCurrency\":\"MDL\",\"valueAddedTaxIncluded\":\"true\"},\"seller\":{\"@type\":\"Organization\",\"@id\":\"https:\\\/\\\/tabaccomd.com\\\/ro\\\/#organization\"}}},{\"@type\":\"WebPage\",\"@id\":\"https:\\\/\\\/tabaccomd.com\\\/ro\\\/product\\\/filtre-pentru-tigari-rulate-mascotte-xl-6mm\\\/#webpage\",\"url\":\"https:\\\/\\\/tabaccomd.com\\\/ro\\\/product\\\/filtre-pentru-tigari-rulate-mascotte-xl-6mm\\\/\",\"name\":\"Filtre pentru \\u021big\\u0103ri Mascotte Slim XL 6mm \\u2013 Tabacco House\",\"inLanguage\":\"ro-RO\",\"isPartOf\":{\"@id\":\"https:\\\/\\\/tabaccomd.com\\\/ro\\\/#website\"},\"breadcrumb\":{\"@id\":\"https:\\\/\\\/tabaccomd.com\\\/ro\\\/product\\\/filtre-pentru-tigari-rulate-mascotte-xl-6mm\\\/#breadcrumblist\"},\"image\":{\"@type\":\"ImageObject\",\"url\":\"https:\\\/\\\/tabaccomd.com\\\/wp-content\\\/uploads\\\/2023\\\/10\\\/filtre-mascotte.jpg\",\"@id\":\"https:\\\/\\\/tabaccomd.com\\\/ro\\\/product\\\/filtre-pentru-tigari-rulate-mascotte-xl-6mm\\\/#mainImage\",\"width\":1150,\"height\":1150,\"caption\":\"filtre mascotte\"},\"primaryImageOfPage\":{\"@id\":\"https:\\\/\\\/tabaccomd.com\\\/ro\\\/product\\\/filtre-pentru-tigari-rulate-mascotte-xl-6mm\\\/#mainImage\"},\"datePublished\":\"2023-10-23T16:00:46+03:00\",\"dateModified\":\"2025-12-01T14:03:49+03:00\"},{\"@type\":\"WebSite\",\"@id\":\"https:\\\/\\\/tabaccomd.com\\\/ro\\\/#website\",\"url\":\"https:\\\/\\\/tabaccomd.com\\\/ro\\\/\",\"name\":\"Tabacco House\",\"alternateName\":\"tobaccomd.com\",\"description\":\"\\u041c\\u0430\\u0433\\u0430\\u0437\\u0438\\u043d \\u0442\\u0430\\u0431\\u0430\\u0447\\u043d\\u044b\\u0445 \\u0438\\u0437\\u0434\\u0435\\u043b\\u0438\\u0439\",\"inLanguage\":\"ro-RO\",\"publisher\":{\"@id\":\"https:\\\/\\\/tabaccomd.com\\\/ro\\\/#organization\"}}]}\n\t\t<\/script>\n\t\t<!-- All in One SEO Pro -->\r\n\t\t<title>Filtre pentru \u021big\u0103ri Mascotte Slim XL 6mm \u2013 Tabacco House<\/title>\n\n","aioseo_head_json":{"title":"Filtre pentru \u021big\u0103ri Mascotte Slim XL 6mm \u2013 Tabacco House","description":"","canonical_url":"https:\/\/tabaccomd.com\/ro\/product\/filtre-pentru-tigari-rulate-mascotte-xl-6mm\/","robots":"max-image-preview:large","keywords":"","webmasterTools":{"miscellaneous":""},"schema":{"@context":"https:\/\/schema.org","@graph":[{"@type":"BreadcrumbList","@id":"https:\/\/tabaccomd.com\/ro\/product\/filtre-pentru-tigari-rulate-mascotte-xl-6mm\/#breadcrumblist","itemListElement":[{"@type":"ListItem","@id":"https:\/\/tabaccomd.com\/ro\/#listItem","position":1,"name":"\u0413\u043b\u0430\u0432\u043d\u0430\u044f","item":"https:\/\/tabaccomd.com\/ro\/","nextItem":{"@type":"ListItem","@id":"https:\/\/tabaccomd.com\/ro\/catalog\/#listItem","name":"Catalog"}},{"@type":"ListItem","@id":"https:\/\/tabaccomd.com\/ro\/catalog\/#listItem","position":2,"name":"Catalog","item":"https:\/\/tabaccomd.com\/ro\/catalog\/","nextItem":{"@type":"ListItem","@id":"https:\/\/tabaccomd.com\/ro\/product-category\/totul-pentru-rulat\/#listItem","name":"Totul pentru rulat"},"previousItem":{"@type":"ListItem","@id":"https:\/\/tabaccomd.com\/ro\/#listItem","name":"\u0413\u043b\u0430\u0432\u043d\u0430\u044f"}},{"@type":"ListItem","@id":"https:\/\/tabaccomd.com\/ro\/product-category\/totul-pentru-rulat\/#listItem","position":3,"name":"Totul pentru rulat","item":"https:\/\/tabaccomd.com\/ro\/product-category\/totul-pentru-rulat\/","nextItem":{"@type":"ListItem","@id":"https:\/\/tabaccomd.com\/ro\/product-category\/totul-pentru-rulat\/filtre-pentru-tigari\/#listItem","name":"Filtre pentru \u021big\u0103ri"},"previousItem":{"@type":"ListItem","@id":"https:\/\/tabaccomd.com\/ro\/catalog\/#listItem","name":"Catalog"}},{"@type":"ListItem","@id":"https:\/\/tabaccomd.com\/ro\/product-category\/totul-pentru-rulat\/filtre-pentru-tigari\/#listItem","position":4,"name":"Filtre pentru \u021big\u0103ri","item":"https:\/\/tabaccomd.com\/ro\/product-category\/totul-pentru-rulat\/filtre-pentru-tigari\/","nextItem":{"@type":"ListItem","@id":"https:\/\/tabaccomd.com\/ro\/product\/filtre-pentru-tigari-rulate-mascotte-xl-6mm\/#listItem","name":"Filtre pentru \u021big\u0103ri Mascotte Slim XL 6mm"},"previousItem":{"@type":"ListItem","@id":"https:\/\/tabaccomd.com\/ro\/product-category\/totul-pentru-rulat\/#listItem","name":"Totul pentru rulat"}},{"@type":"ListItem","@id":"https:\/\/tabaccomd.com\/ro\/product\/filtre-pentru-tigari-rulate-mascotte-xl-6mm\/#listItem","position":5,"name":"Filtre pentru \u021big\u0103ri Mascotte Slim XL 6mm","previousItem":{"@type":"ListItem","@id":"https:\/\/tabaccomd.com\/ro\/product-category\/totul-pentru-rulat\/filtre-pentru-tigari\/#listItem","name":"Filtre pentru \u021big\u0103ri"}}]},{"@type":"Organization","@id":"https:\/\/tabaccomd.com\/ro\/#organization","name":"Tabacco House","description":"\u041c\u0430\u0433\u0430\u0437\u0438\u043d \u0442\u0430\u0431\u0430\u0447\u043d\u044b\u0445 \u0438\u0437\u0434\u0435\u043b\u0438\u0439","url":"https:\/\/tabaccomd.com\/ro\/","email":"Office@cazacuhouse.com","telephone":"+37361000935","logo":{"@type":"ImageObject","url":"https:\/\/tabaccomd.com\/wp-content\/uploads\/2024\/02\/logo_header3.png","@id":"https:\/\/tabaccomd.com\/ro\/product\/filtre-pentru-tigari-rulate-mascotte-xl-6mm\/#organizationLogo","width":32,"height":32,"caption":"Tabacco House"},"image":{"@id":"https:\/\/tabaccomd.com\/ro\/product\/filtre-pentru-tigari-rulate-mascotte-xl-6mm\/#organizationLogo"},"sameAs":["https:\/\/www.facebook.com\/tabaccomd.com\/","https:\/\/www.instagram.com\/tabaccomd.com\/"],"address":{"@id":"https:\/\/tabaccomd.com\/ro\/#postaladdress","@type":"PostalAddress","streetAddress":"Strada Albi\u015foara 4, Chi\u0219in\u0103u, Bulevardul \u0218tefan cel Mare \u0219i Sf\u00eent 136, Chi\u0219in\u0103u","addressLocality":"Chi\u0219in\u0103u","addressCountry":"MD"}},{"@type":"Product","@id":"https:\/\/tabaccomd.com\/ro\/product\/filtre-pentru-tigari-rulate-mascotte-xl-6mm\/#wooCommerceProduct","name":"Filtre pentru \u021big\u0103ri Mascotte Slim XL 6mm","description":"Produc\u0103tor: Mignot &amp; De Block enterprise\r\n \t\u021aara produc\u0103torului: Olanda\r\n \tDiametru\/Lungime: 6mm x 19mm\r\n \tCantitate: 120 buc\u0103\u021bi\r\n \tFormat: Slim XL","url":"https:\/\/tabaccomd.com\/ro\/product\/filtre-pentru-tigari-rulate-mascotte-xl-6mm\/","sku":"MSFO120P","image":{"@type":"ImageObject","url":"https:\/\/tabaccomd.com\/wp-content\/uploads\/2023\/10\/filtre-mascotte.jpg","@id":"https:\/\/tabaccomd.com\/ro\/product\/filtre-pentru-tigari-rulate-mascotte-xl-6mm\/#productImage","width":1150,"height":1150,"caption":"filtre mascotte"},"offers":{"@type":"Offer","url":"https:\/\/tabaccomd.com\/ro\/product\/filtre-pentru-tigari-rulate-mascotte-xl-6mm\/#wooCommerceOffer","price":15,"priceCurrency":"MDL","category":"Filtre pentru \u021big\u0103ri","availability":"https:\/\/schema.org\/InStock","priceSpecification":{"@type":"PriceSpecification","price":15,"priceCurrency":"MDL","valueAddedTaxIncluded":"true"},"seller":{"@type":"Organization","@id":"https:\/\/tabaccomd.com\/ro\/#organization"}}},{"@type":"WebPage","@id":"https:\/\/tabaccomd.com\/ro\/product\/filtre-pentru-tigari-rulate-mascotte-xl-6mm\/#webpage","url":"https:\/\/tabaccomd.com\/ro\/product\/filtre-pentru-tigari-rulate-mascotte-xl-6mm\/","name":"Filtre pentru \u021big\u0103ri Mascotte Slim XL 6mm \u2013 Tabacco House","inLanguage":"ro-RO","isPartOf":{"@id":"https:\/\/tabaccomd.com\/ro\/#website"},"breadcrumb":{"@id":"https:\/\/tabaccomd.com\/ro\/product\/filtre-pentru-tigari-rulate-mascotte-xl-6mm\/#breadcrumblist"},"image":{"@type":"ImageObject","url":"https:\/\/tabaccomd.com\/wp-content\/uploads\/2023\/10\/filtre-mascotte.jpg","@id":"https:\/\/tabaccomd.com\/ro\/product\/filtre-pentru-tigari-rulate-mascotte-xl-6mm\/#mainImage","width":1150,"height":1150,"caption":"filtre mascotte"},"primaryImageOfPage":{"@id":"https:\/\/tabaccomd.com\/ro\/product\/filtre-pentru-tigari-rulate-mascotte-xl-6mm\/#mainImage"},"datePublished":"2023-10-23T16:00:46+03:00","dateModified":"2025-12-01T14:03:49+03:00"},{"@type":"WebSite","@id":"https:\/\/tabaccomd.com\/ro\/#website","url":"https:\/\/tabaccomd.com\/ro\/","name":"Tabacco House","alternateName":"tobaccomd.com","description":"\u041c\u0430\u0433\u0430\u0437\u0438\u043d \u0442\u0430\u0431\u0430\u0447\u043d\u044b\u0445 \u0438\u0437\u0434\u0435\u043b\u0438\u0439","inLanguage":"ro-RO","publisher":{"@id":"https:\/\/tabaccomd.com\/ro\/#organization"}}]},"og:locale":"ro_RO","og:site_name":"Tabacco House \u2013 \u041c\u0430\u0433\u0430\u0437\u0438\u043d \u0442\u0430\u0431\u0430\u0447\u043d\u044b\u0445 \u0438\u0437\u0434\u0435\u043b\u0438\u0439","og:type":"article","og:title":"Filtre pentru \u021big\u0103ri Mascotte Slim XL 6mm \u2013 Tabacco House","og:url":"https:\/\/tabaccomd.com\/ro\/product\/filtre-pentru-tigari-rulate-mascotte-xl-6mm\/","article:published_time":"2023-10-23T13:00:46+00:00","article:modified_time":"2025-12-01T11:03:49+00:00","article:publisher":"https:\/\/www.facebook.com\/tabaccomd.com\/","twitter:card":"summary_large_image","twitter:title":"Filtre pentru \u021big\u0103ri Mascotte Slim XL 6mm \u2013 Tabacco House"},"aioseo_meta_data":{"post_id":"127945","title":null,"description":null,"keywords":null,"keyphrases":null,"primary_term":null,"canonical_url":null,"og_title":null,"og_description":null,"og_object_type":"default","og_image_type":"default","og_image_url":null,"og_image_width":null,"og_image_height":null,"og_image_custom_url":null,"og_image_custom_fields":null,"og_video":null,"og_custom_url":null,"og_article_section":null,"og_article_tags":null,"twitter_use_og":false,"twitter_card":"default","twitter_image_type":"default","twitter_image_url":null,"twitter_image_custom_url":null,"twitter_image_custom_fields":null,"twitter_title":null,"twitter_description":null,"schema":{"blockGraphs":[],"customGraphs":[],"default":{"data":{"Article":[],"Course":[],"Dataset":[],"FAQPage":[],"Movie":[],"Person":[],"Product":[],"ProductReview":[],"Car":[],"Recipe":[],"Service":[],"SoftwareApplication":[],"WebPage":[]},"graphName":"","isEnabled":true},"graphs":[]},"schema_type":"default","schema_type_options":null,"pillar_content":false,"robots_default":true,"robots_noindex":false,"robots_noarchive":false,"robots_nosnippet":false,"robots_nofollow":false,"robots_noimageindex":false,"robots_noodp":false,"robots_notranslate":false,"robots_max_snippet":null,"robots_max_videopreview":null,"robots_max_imagepreview":"large","priority":null,"frequency":null,"local_seo":null,"seo_analyzer_scan_date":"2025-12-01 11:19:00","breadcrumb_settings":null,"limit_modified_date":false,"reviewed_by":null,"open_ai":null,"ai":null,"created":"2023-10-23 13:21:53","updated":"2025-12-01 11:19:00"},"aioseo_breadcrumb":"<div class=\"aioseo-breadcrumbs\"><span class=\"aioseo-breadcrumb\">\n\t<a href=\"https:\/\/tabaccomd.com\/ro\/\" title=\"\u0413\u043b\u0430\u0432\u043d\u0430\u044f\">\u0413\u043b\u0430\u0432\u043d\u0430\u044f<\/a>\n<\/span><span class=\"aioseo-breadcrumb-separator\">\u00bb<\/span><span class=\"aioseo-breadcrumb\">\n\t<a href=\"https:\/\/tabaccomd.com\/ro\/catalog\/\" title=\"Catalog\">Catalog<\/a>\n<\/span><span class=\"aioseo-breadcrumb-separator\">\u00bb<\/span><span class=\"aioseo-breadcrumb\">\n\t<a href=\"https:\/\/tabaccomd.com\/ro\/product-category\/totul-pentru-rulat\/\" title=\"Totul pentru rulat\">Totul pentru rulat<\/a>\n<\/span><span class=\"aioseo-breadcrumb-separator\">\u00bb<\/span><span class=\"aioseo-breadcrumb\">\n\t<a href=\"https:\/\/tabaccomd.com\/ro\/product-category\/totul-pentru-rulat\/filtre-pentru-tigari\/\" title=\"Filtre pentru \u021big\u0103ri\">Filtre pentru \u021big\u0103ri<\/a>\n<\/span><span class=\"aioseo-breadcrumb-separator\">\u00bb<\/span><span class=\"aioseo-breadcrumb\">\n\tFiltre pentru \u021big\u0103ri Mascotte Slim XL 6mm\n<\/span><\/div>","aioseo_breadcrumb_json":[{"label":"\u0413\u043b\u0430\u0432\u043d\u0430\u044f","link":"https:\/\/tabaccomd.com\/ro\/"},{"label":"Catalog","link":"https:\/\/tabaccomd.com\/ro\/catalog\/"},{"label":"Totul pentru rulat","link":"https:\/\/tabaccomd.com\/ro\/product-category\/totul-pentru-rulat\/"},{"label":"Filtre pentru \u021big\u0103ri","link":"https:\/\/tabaccomd.com\/ro\/product-category\/totul-pentru-rulat\/filtre-pentru-tigari\/"},{"label":"Filtre pentru \u021big\u0103ri Mascotte Slim XL 6mm","link":"https:\/\/tabaccomd.com\/ro\/product\/filtre-pentru-tigari-rulate-mascotte-xl-6mm\/"}],"images_for_1c":[{"url":"https:\/\/tabaccomd.com\/wp-content\/uploads\/2023\/10\/filtre-mascotte.jpg","type":"featured","alt":"filtre mascotte","filename":"filtre-mascotte.jpg"}],"additional_data_1c":{"modified_date":"2025-12-01 14:03:49","permalink":"https:\/\/tabaccomd.com\/ro\/product\/filtre-pentru-tigari-rulate-mascotte-xl-6mm\/","stock_status":"instock","manage_stock":"no"},"_links":{"self":[{"href":"https:\/\/tabaccomd.com\/ro\/wp-json\/wp\/v2\/product\/127945","targetHints":{"allow":["GET"]}}],"collection":[{"href":"https:\/\/tabaccomd.com\/ro\/wp-json\/wp\/v2\/product"}],"about":[{"href":"https:\/\/tabaccomd.com\/ro\/wp-json\/wp\/v2\/types\/product"}],"wp:featuredmedia":[{"embeddable":true,"href":"https:\/\/tabaccomd.com\/ro\/wp-json\/wp\/v2\/media\/127941"}],"wp:attachment":[{"href":"https:\/\/tabaccomd.com\/ro\/wp-json\/wp\/v2\/media?parent=127945"}],"wp:term":[{"taxonomy":"product_brand","embeddable":true,"href":"https:\/\/tabaccomd.com\/ro\/wp-json\/wp\/v2\/product_brand?post=127945"},{"taxonomy":"product_cat","embeddable":true,"href":"https:\/\/tabaccomd.com\/ro\/wp-json\/wp\/v2\/product_cat?post=127945"},{"taxonomy":"product_tag","embeddable":true,"href":"https:\/\/tabaccomd.com\/ro\/wp-json\/wp\/v2\/product_tag?post=127945"}],"curies":[{"name":"wp","href":"https:\/\/api.w.org\/{rel}","templated":true}]}}