{"id":127697,"date":"2023-10-13T18:05:46","date_gmt":"2023-10-13T15:05:46","guid":{"rendered":"https:\/\/tabaccomd.com\/product\/elf-bar-800-blue-razz-lemonade\/"},"modified":"2023-10-17T13:35:11","modified_gmt":"2023-10-17T10:35:11","slug":"elf-bar-800-blue-razz-lemonade","status":"publish","type":"product","link":"https:\/\/tabaccomd.com\/ro\/product\/elf-bar-800-blue-razz-lemonade\/","title":{"rendered":"Elf Bar 800 &#8211; Blue Razz Lemonade"},"content":{"rendered":"<p>Combina\u021bia de zmeur\u0103 dulce cu l\u0103m\u00e2ie acri\u0219oar\u0103 rece creeaz\u0103 o arom\u0103 fructat\u0103 proasp\u0103t\u0103 \u0219i dulce care poate ad\u0103uga o dulcea\u021b\u0103 \u0219i luminozitate pl\u0103cut\u0103 produsului. Aceste trei componente func\u021bioneaz\u0103 bine \u00eempreun\u0103 pentru a face aceast\u0103 arom\u0103 de <a href=\"https:\/\/tabaccomd.com\/ro\/categorie-produs\/e-shisha-ro-2\/elfbar-ro-2\/\">vape<\/a> de unic\u0103 folosin\u021b\u0103 atractiv\u0103 \u0219i apetisant\u0103.<\/p>\n<p>Pute\u021bi achizi\u021biona Elf Bar 800 &#8211; Blue Razz Lemonade \u00een Moldova, Chi\u0219in\u0103u, \u00een re\u021beaua de magazine Tabacco House.<\/p>\n","protected":false},"excerpt":{"rendered":"<ul>\n<li>Brand: Elf Bar<\/li>\n<li>Capacitate cartu\u0219: 3,2 ml<\/li>\n<li>Produc\u0103tor: China<\/li>\n<li>Con\u021binut de nicotin\u0103: 20 mg\/ml<\/li>\n<li>Baterie: 550 mAh<\/li>\n<li>Num\u0103r de pufuri: 800<\/li>\n<li>Arom\u0103: Limonad\u0103 r\u0103coritoare \u0219i zmeur\u0103<\/li>\n<\/ul>\n","protected":false},"featured_media":127694,"template":"","meta":{"om_disable_all_campaigns":false,"_monsterinsights_skip_tracking":false,"_monsterinsights_sitenote_active":false,"_monsterinsights_sitenote_note":"","_monsterinsights_sitenote_category":0},"product_brand":[],"product_cat":[229],"product_tag":[],"class_list":{"0":"post-127697","1":"product","2":"type-product","3":"status-publish","4":"has-post-thumbnail","6":"product_cat-elfbar-ro-2","8":"first","9":"outofstock","10":"purchasable","11":"product-type-simple"},"aioseo_notices":[],"aioseo_head":"\n\t\t<!-- All in One SEO Pro 4.9.5.2 - aioseo.com -->\n\t<meta name=\"robots\" content=\"max-image-preview:large\" \/>\n\t<link rel=\"canonical\" href=\"https:\/\/tabaccomd.com\/ro\/product\/elf-bar-800-blue-razz-lemonade\/\" \/>\n\t<meta name=\"generator\" content=\"All in One SEO Pro (AIOSEO) 4.9.5.2\" \/>\n\t\t<meta property=\"og:locale\" content=\"ro_RO\" \/>\n\t\t<meta property=\"og:site_name\" content=\"Tabacco House \u2013 \u041c\u0430\u0433\u0430\u0437\u0438\u043d \u0442\u0430\u0431\u0430\u0447\u043d\u044b\u0445 \u0438\u0437\u0434\u0435\u043b\u0438\u0439\" \/>\n\t\t<meta property=\"og:type\" content=\"article\" \/>\n\t\t<meta property=\"og:title\" content=\"Elf Bar 800 \u2013 Blue Razz Lemonade cump\u0103ra\u021bi \u00een Chi\u0219in\u0103u \u2b50 \u2013 Tabacco House\" \/>\n\t\t<meta property=\"og:url\" content=\"https:\/\/tabaccomd.com\/ro\/product\/elf-bar-800-blue-razz-lemonade\/\" \/>\n\t\t<meta property=\"article:published_time\" content=\"2023-10-13T15:05:46+00:00\" \/>\n\t\t<meta property=\"article:modified_time\" content=\"2023-10-17T10:35:11+00:00\" \/>\n\t\t<meta property=\"article:publisher\" content=\"https:\/\/www.facebook.com\/tabaccomd.com\/\" \/>\n\t\t<meta name=\"twitter:card\" content=\"summary_large_image\" \/>\n\t\t<meta name=\"twitter:title\" content=\"Elf Bar 800 \u2013 Blue Razz Lemonade cump\u0103ra\u021bi \u00een Chi\u0219in\u0103u \u2b50 \u2013 Tabacco House\" \/>\n\t\t<script type=\"application\/ld+json\" class=\"aioseo-schema\">\n\t\t\t{\"@context\":\"https:\\\/\\\/schema.org\",\"@graph\":[{\"@type\":\"BreadcrumbList\",\"@id\":\"https:\\\/\\\/tabaccomd.com\\\/ro\\\/product\\\/elf-bar-800-blue-razz-lemonade\\\/#breadcrumblist\",\"itemListElement\":[{\"@type\":\"ListItem\",\"@id\":\"https:\\\/\\\/tabaccomd.com\\\/ro\\\/#listItem\",\"position\":1,\"name\":\"\\u0413\\u043b\\u0430\\u0432\\u043d\\u0430\\u044f\",\"item\":\"https:\\\/\\\/tabaccomd.com\\\/ro\\\/\",\"nextItem\":{\"@type\":\"ListItem\",\"@id\":\"https:\\\/\\\/tabaccomd.com\\\/ro\\\/catalog\\\/#listItem\",\"name\":\"Catalog\"}},{\"@type\":\"ListItem\",\"@id\":\"https:\\\/\\\/tabaccomd.com\\\/ro\\\/catalog\\\/#listItem\",\"position\":2,\"name\":\"Catalog\",\"item\":\"https:\\\/\\\/tabaccomd.com\\\/ro\\\/catalog\\\/\",\"nextItem\":{\"@type\":\"ListItem\",\"@id\":\"https:\\\/\\\/tabaccomd.com\\\/ro\\\/product-category\\\/e-shisha-ro-2\\\/#listItem\",\"name\":\"E-Shisha\"},\"previousItem\":{\"@type\":\"ListItem\",\"@id\":\"https:\\\/\\\/tabaccomd.com\\\/ro\\\/#listItem\",\"name\":\"\\u0413\\u043b\\u0430\\u0432\\u043d\\u0430\\u044f\"}},{\"@type\":\"ListItem\",\"@id\":\"https:\\\/\\\/tabaccomd.com\\\/ro\\\/product-category\\\/e-shisha-ro-2\\\/#listItem\",\"position\":3,\"name\":\"E-Shisha\",\"item\":\"https:\\\/\\\/tabaccomd.com\\\/ro\\\/product-category\\\/e-shisha-ro-2\\\/\",\"nextItem\":{\"@type\":\"ListItem\",\"@id\":\"https:\\\/\\\/tabaccomd.com\\\/ro\\\/product-category\\\/e-shisha-ro-2\\\/elfbar-ro-2\\\/#listItem\",\"name\":\"Elfbar\"},\"previousItem\":{\"@type\":\"ListItem\",\"@id\":\"https:\\\/\\\/tabaccomd.com\\\/ro\\\/catalog\\\/#listItem\",\"name\":\"Catalog\"}},{\"@type\":\"ListItem\",\"@id\":\"https:\\\/\\\/tabaccomd.com\\\/ro\\\/product-category\\\/e-shisha-ro-2\\\/elfbar-ro-2\\\/#listItem\",\"position\":4,\"name\":\"Elfbar\",\"item\":\"https:\\\/\\\/tabaccomd.com\\\/ro\\\/product-category\\\/e-shisha-ro-2\\\/elfbar-ro-2\\\/\",\"nextItem\":{\"@type\":\"ListItem\",\"@id\":\"https:\\\/\\\/tabaccomd.com\\\/ro\\\/product\\\/elf-bar-800-blue-razz-lemonade\\\/#listItem\",\"name\":\"Elf Bar 800 &#8211; Blue Razz Lemonade\"},\"previousItem\":{\"@type\":\"ListItem\",\"@id\":\"https:\\\/\\\/tabaccomd.com\\\/ro\\\/product-category\\\/e-shisha-ro-2\\\/#listItem\",\"name\":\"E-Shisha\"}},{\"@type\":\"ListItem\",\"@id\":\"https:\\\/\\\/tabaccomd.com\\\/ro\\\/product\\\/elf-bar-800-blue-razz-lemonade\\\/#listItem\",\"position\":5,\"name\":\"Elf Bar 800 &#8211; Blue Razz Lemonade\",\"previousItem\":{\"@type\":\"ListItem\",\"@id\":\"https:\\\/\\\/tabaccomd.com\\\/ro\\\/product-category\\\/e-shisha-ro-2\\\/elfbar-ro-2\\\/#listItem\",\"name\":\"Elfbar\"}}]},{\"@type\":\"Organization\",\"@id\":\"https:\\\/\\\/tabaccomd.com\\\/ro\\\/#organization\",\"name\":\"Tabacco House\",\"description\":\"\\u041c\\u0430\\u0433\\u0430\\u0437\\u0438\\u043d \\u0442\\u0430\\u0431\\u0430\\u0447\\u043d\\u044b\\u0445 \\u0438\\u0437\\u0434\\u0435\\u043b\\u0438\\u0439\",\"url\":\"https:\\\/\\\/tabaccomd.com\\\/ro\\\/\",\"email\":\"Office@cazacuhouse.com\",\"telephone\":\"+37361000935\",\"logo\":{\"@type\":\"ImageObject\",\"url\":\"https:\\\/\\\/tabaccomd.com\\\/wp-content\\\/uploads\\\/2024\\\/02\\\/logo_header3.png\",\"@id\":\"https:\\\/\\\/tabaccomd.com\\\/ro\\\/product\\\/elf-bar-800-blue-razz-lemonade\\\/#organizationLogo\",\"width\":32,\"height\":32,\"caption\":\"Tabacco House\"},\"image\":{\"@id\":\"https:\\\/\\\/tabaccomd.com\\\/ro\\\/product\\\/elf-bar-800-blue-razz-lemonade\\\/#organizationLogo\"},\"sameAs\":[\"https:\\\/\\\/www.facebook.com\\\/tabaccomd.com\\\/\",\"https:\\\/\\\/www.instagram.com\\\/tabaccomd.com\\\/\"],\"address\":{\"@id\":\"https:\\\/\\\/tabaccomd.com\\\/ro\\\/#postaladdress\",\"@type\":\"PostalAddress\",\"streetAddress\":\"Strada Albi\\u015foara 4, Chi\\u0219in\\u0103u, Bulevardul \\u0218tefan cel Mare \\u0219i Sf\\u00eent 136, Chi\\u0219in\\u0103u\",\"addressLocality\":\"Chi\\u0219in\\u0103u\",\"addressCountry\":\"MD\"}},{\"@type\":\"Product\",\"@id\":\"https:\\\/\\\/tabaccomd.com\\\/ro\\\/product\\\/elf-bar-800-blue-razz-lemonade\\\/#wooCommerceProduct\",\"name\":\"Elf Bar 800 - Blue Razz Lemonade\",\"description\":\"Brand: Elf Bar\\r\\n \\tCapacitate cartu\\u0219: 3,2 ml\\r\\n \\tProduc\\u0103tor: China\\r\\n \\tCon\\u021binut de nicotin\\u0103: 20 mg\\\/ml\\r\\n \\tBaterie: 550 mAh\\r\\n \\tNum\\u0103r de pufuri: 800\\r\\n \\tArom\\u0103: Limonad\\u0103 r\\u0103coritoare \\u0219i zmeur\\u0103\",\"url\":\"https:\\\/\\\/tabaccomd.com\\\/ro\\\/product\\\/elf-bar-800-blue-razz-lemonade\\\/\",\"sku\":\"ELF038\",\"image\":{\"@type\":\"ImageObject\",\"url\":\"https:\\\/\\\/tabaccomd.com\\\/wp-content\\\/uploads\\\/2023\\\/10\\\/IMG_5205.jpg\",\"@id\":\"https:\\\/\\\/tabaccomd.com\\\/ro\\\/product\\\/elf-bar-800-blue-razz-lemonade\\\/#productImage\",\"width\":1500,\"height\":1500,\"caption\":\"IMG_5205\"},\"offers\":{\"@type\":\"Offer\",\"url\":\"https:\\\/\\\/tabaccomd.com\\\/ro\\\/product\\\/elf-bar-800-blue-razz-lemonade\\\/#wooCommerceOffer\",\"price\":190,\"priceCurrency\":\"MDL\",\"category\":\"Elfbar\",\"availability\":\"https:\\\/\\\/schema.org\\\/OutOfStock\",\"priceSpecification\":{\"@type\":\"PriceSpecification\",\"price\":190,\"priceCurrency\":\"MDL\",\"valueAddedTaxIncluded\":\"true\"},\"seller\":{\"@type\":\"Organization\",\"@id\":\"https:\\\/\\\/tabaccomd.com\\\/ro\\\/#organization\"}}},{\"@type\":\"WebPage\",\"@id\":\"https:\\\/\\\/tabaccomd.com\\\/ro\\\/product\\\/elf-bar-800-blue-razz-lemonade\\\/#webpage\",\"url\":\"https:\\\/\\\/tabaccomd.com\\\/ro\\\/product\\\/elf-bar-800-blue-razz-lemonade\\\/\",\"name\":\"Elf Bar 800 \\u2013 Blue Razz Lemonade cump\\u0103ra\\u021bi \\u00een Chi\\u0219in\\u0103u \\u2b50 \\u2013 Tabacco House\",\"inLanguage\":\"ro-RO\",\"isPartOf\":{\"@id\":\"https:\\\/\\\/tabaccomd.com\\\/ro\\\/#website\"},\"breadcrumb\":{\"@id\":\"https:\\\/\\\/tabaccomd.com\\\/ro\\\/product\\\/elf-bar-800-blue-razz-lemonade\\\/#breadcrumblist\"},\"image\":{\"@type\":\"ImageObject\",\"url\":\"https:\\\/\\\/tabaccomd.com\\\/wp-content\\\/uploads\\\/2023\\\/10\\\/IMG_5205.jpg\",\"@id\":\"https:\\\/\\\/tabaccomd.com\\\/ro\\\/product\\\/elf-bar-800-blue-razz-lemonade\\\/#mainImage\",\"width\":1500,\"height\":1500,\"caption\":\"IMG_5205\"},\"primaryImageOfPage\":{\"@id\":\"https:\\\/\\\/tabaccomd.com\\\/ro\\\/product\\\/elf-bar-800-blue-razz-lemonade\\\/#mainImage\"},\"datePublished\":\"2023-10-13T18:05:46+03:00\",\"dateModified\":\"2023-10-17T13:35:11+03:00\"},{\"@type\":\"WebSite\",\"@id\":\"https:\\\/\\\/tabaccomd.com\\\/ro\\\/#website\",\"url\":\"https:\\\/\\\/tabaccomd.com\\\/ro\\\/\",\"name\":\"Tabacco House\",\"alternateName\":\"tobaccomd.com\",\"description\":\"\\u041c\\u0430\\u0433\\u0430\\u0437\\u0438\\u043d \\u0442\\u0430\\u0431\\u0430\\u0447\\u043d\\u044b\\u0445 \\u0438\\u0437\\u0434\\u0435\\u043b\\u0438\\u0439\",\"inLanguage\":\"ro-RO\",\"publisher\":{\"@id\":\"https:\\\/\\\/tabaccomd.com\\\/ro\\\/#organization\"}}]}\n\t\t<\/script>\n\t\t<!-- All in One SEO Pro -->\r\n\t\t<title>Elf Bar 800 \u2013 Blue Razz Lemonade cump\u0103ra\u021bi \u00een Chi\u0219in\u0103u \u2b50 \u2013 Tabacco House<\/title>\n\n","aioseo_head_json":{"title":"Elf Bar 800 \u2013 Blue Razz Lemonade cump\u0103ra\u021bi \u00een Chi\u0219in\u0103u \u2b50 \u2013 Tabacco House","description":"","canonical_url":"https:\/\/tabaccomd.com\/ro\/product\/elf-bar-800-blue-razz-lemonade\/","robots":"max-image-preview:large","keywords":"","webmasterTools":{"miscellaneous":""},"schema":{"@context":"https:\/\/schema.org","@graph":[{"@type":"BreadcrumbList","@id":"https:\/\/tabaccomd.com\/ro\/product\/elf-bar-800-blue-razz-lemonade\/#breadcrumblist","itemListElement":[{"@type":"ListItem","@id":"https:\/\/tabaccomd.com\/ro\/#listItem","position":1,"name":"\u0413\u043b\u0430\u0432\u043d\u0430\u044f","item":"https:\/\/tabaccomd.com\/ro\/","nextItem":{"@type":"ListItem","@id":"https:\/\/tabaccomd.com\/ro\/catalog\/#listItem","name":"Catalog"}},{"@type":"ListItem","@id":"https:\/\/tabaccomd.com\/ro\/catalog\/#listItem","position":2,"name":"Catalog","item":"https:\/\/tabaccomd.com\/ro\/catalog\/","nextItem":{"@type":"ListItem","@id":"https:\/\/tabaccomd.com\/ro\/product-category\/e-shisha-ro-2\/#listItem","name":"E-Shisha"},"previousItem":{"@type":"ListItem","@id":"https:\/\/tabaccomd.com\/ro\/#listItem","name":"\u0413\u043b\u0430\u0432\u043d\u0430\u044f"}},{"@type":"ListItem","@id":"https:\/\/tabaccomd.com\/ro\/product-category\/e-shisha-ro-2\/#listItem","position":3,"name":"E-Shisha","item":"https:\/\/tabaccomd.com\/ro\/product-category\/e-shisha-ro-2\/","nextItem":{"@type":"ListItem","@id":"https:\/\/tabaccomd.com\/ro\/product-category\/e-shisha-ro-2\/elfbar-ro-2\/#listItem","name":"Elfbar"},"previousItem":{"@type":"ListItem","@id":"https:\/\/tabaccomd.com\/ro\/catalog\/#listItem","name":"Catalog"}},{"@type":"ListItem","@id":"https:\/\/tabaccomd.com\/ro\/product-category\/e-shisha-ro-2\/elfbar-ro-2\/#listItem","position":4,"name":"Elfbar","item":"https:\/\/tabaccomd.com\/ro\/product-category\/e-shisha-ro-2\/elfbar-ro-2\/","nextItem":{"@type":"ListItem","@id":"https:\/\/tabaccomd.com\/ro\/product\/elf-bar-800-blue-razz-lemonade\/#listItem","name":"Elf Bar 800 &#8211; Blue Razz Lemonade"},"previousItem":{"@type":"ListItem","@id":"https:\/\/tabaccomd.com\/ro\/product-category\/e-shisha-ro-2\/#listItem","name":"E-Shisha"}},{"@type":"ListItem","@id":"https:\/\/tabaccomd.com\/ro\/product\/elf-bar-800-blue-razz-lemonade\/#listItem","position":5,"name":"Elf Bar 800 &#8211; Blue Razz Lemonade","previousItem":{"@type":"ListItem","@id":"https:\/\/tabaccomd.com\/ro\/product-category\/e-shisha-ro-2\/elfbar-ro-2\/#listItem","name":"Elfbar"}}]},{"@type":"Organization","@id":"https:\/\/tabaccomd.com\/ro\/#organization","name":"Tabacco House","description":"\u041c\u0430\u0433\u0430\u0437\u0438\u043d \u0442\u0430\u0431\u0430\u0447\u043d\u044b\u0445 \u0438\u0437\u0434\u0435\u043b\u0438\u0439","url":"https:\/\/tabaccomd.com\/ro\/","email":"Office@cazacuhouse.com","telephone":"+37361000935","logo":{"@type":"ImageObject","url":"https:\/\/tabaccomd.com\/wp-content\/uploads\/2024\/02\/logo_header3.png","@id":"https:\/\/tabaccomd.com\/ro\/product\/elf-bar-800-blue-razz-lemonade\/#organizationLogo","width":32,"height":32,"caption":"Tabacco House"},"image":{"@id":"https:\/\/tabaccomd.com\/ro\/product\/elf-bar-800-blue-razz-lemonade\/#organizationLogo"},"sameAs":["https:\/\/www.facebook.com\/tabaccomd.com\/","https:\/\/www.instagram.com\/tabaccomd.com\/"],"address":{"@id":"https:\/\/tabaccomd.com\/ro\/#postaladdress","@type":"PostalAddress","streetAddress":"Strada Albi\u015foara 4, Chi\u0219in\u0103u, Bulevardul \u0218tefan cel Mare \u0219i Sf\u00eent 136, Chi\u0219in\u0103u","addressLocality":"Chi\u0219in\u0103u","addressCountry":"MD"}},{"@type":"Product","@id":"https:\/\/tabaccomd.com\/ro\/product\/elf-bar-800-blue-razz-lemonade\/#wooCommerceProduct","name":"Elf Bar 800 - Blue Razz Lemonade","description":"Brand: Elf Bar\r\n \tCapacitate cartu\u0219: 3,2 ml\r\n \tProduc\u0103tor: China\r\n \tCon\u021binut de nicotin\u0103: 20 mg\/ml\r\n \tBaterie: 550 mAh\r\n \tNum\u0103r de pufuri: 800\r\n \tArom\u0103: Limonad\u0103 r\u0103coritoare \u0219i zmeur\u0103","url":"https:\/\/tabaccomd.com\/ro\/product\/elf-bar-800-blue-razz-lemonade\/","sku":"ELF038","image":{"@type":"ImageObject","url":"https:\/\/tabaccomd.com\/wp-content\/uploads\/2023\/10\/IMG_5205.jpg","@id":"https:\/\/tabaccomd.com\/ro\/product\/elf-bar-800-blue-razz-lemonade\/#productImage","width":1500,"height":1500,"caption":"IMG_5205"},"offers":{"@type":"Offer","url":"https:\/\/tabaccomd.com\/ro\/product\/elf-bar-800-blue-razz-lemonade\/#wooCommerceOffer","price":190,"priceCurrency":"MDL","category":"Elfbar","availability":"https:\/\/schema.org\/OutOfStock","priceSpecification":{"@type":"PriceSpecification","price":190,"priceCurrency":"MDL","valueAddedTaxIncluded":"true"},"seller":{"@type":"Organization","@id":"https:\/\/tabaccomd.com\/ro\/#organization"}}},{"@type":"WebPage","@id":"https:\/\/tabaccomd.com\/ro\/product\/elf-bar-800-blue-razz-lemonade\/#webpage","url":"https:\/\/tabaccomd.com\/ro\/product\/elf-bar-800-blue-razz-lemonade\/","name":"Elf Bar 800 \u2013 Blue Razz Lemonade cump\u0103ra\u021bi \u00een Chi\u0219in\u0103u \u2b50 \u2013 Tabacco House","inLanguage":"ro-RO","isPartOf":{"@id":"https:\/\/tabaccomd.com\/ro\/#website"},"breadcrumb":{"@id":"https:\/\/tabaccomd.com\/ro\/product\/elf-bar-800-blue-razz-lemonade\/#breadcrumblist"},"image":{"@type":"ImageObject","url":"https:\/\/tabaccomd.com\/wp-content\/uploads\/2023\/10\/IMG_5205.jpg","@id":"https:\/\/tabaccomd.com\/ro\/product\/elf-bar-800-blue-razz-lemonade\/#mainImage","width":1500,"height":1500,"caption":"IMG_5205"},"primaryImageOfPage":{"@id":"https:\/\/tabaccomd.com\/ro\/product\/elf-bar-800-blue-razz-lemonade\/#mainImage"},"datePublished":"2023-10-13T18:05:46+03:00","dateModified":"2023-10-17T13:35:11+03:00"},{"@type":"WebSite","@id":"https:\/\/tabaccomd.com\/ro\/#website","url":"https:\/\/tabaccomd.com\/ro\/","name":"Tabacco House","alternateName":"tobaccomd.com","description":"\u041c\u0430\u0433\u0430\u0437\u0438\u043d \u0442\u0430\u0431\u0430\u0447\u043d\u044b\u0445 \u0438\u0437\u0434\u0435\u043b\u0438\u0439","inLanguage":"ro-RO","publisher":{"@id":"https:\/\/tabaccomd.com\/ro\/#organization"}}]},"og:locale":"ro_RO","og:site_name":"Tabacco House \u2013 \u041c\u0430\u0433\u0430\u0437\u0438\u043d \u0442\u0430\u0431\u0430\u0447\u043d\u044b\u0445 \u0438\u0437\u0434\u0435\u043b\u0438\u0439","og:type":"article","og:title":"Elf Bar 800 \u2013 Blue Razz Lemonade cump\u0103ra\u021bi \u00een Chi\u0219in\u0103u \u2b50 \u2013 Tabacco House","og:url":"https:\/\/tabaccomd.com\/ro\/product\/elf-bar-800-blue-razz-lemonade\/","article:published_time":"2023-10-13T15:05:46+00:00","article:modified_time":"2023-10-17T10:35:11+00:00","article:publisher":"https:\/\/www.facebook.com\/tabaccomd.com\/","twitter:card":"summary_large_image","twitter:title":"Elf Bar 800 \u2013 Blue Razz Lemonade cump\u0103ra\u021bi \u00een Chi\u0219in\u0103u \u2b50 \u2013 Tabacco House"},"aioseo_meta_data":{"post_id":"127697","title":"#post_title cump\u0103ra\u021bi \u00een Chi\u0219in\u0103u \u2b50 #separator_sa #site_title","description":null,"keywords":[],"keyphrases":{"focus":{"keyphrase":"Elf Bar 800 - Blue Razz Lemonade","score":49,"analysis":{"keyphraseInTitle":{"score":3,"maxScore":9,"error":1},"keyphraseInDescription":{"score":3,"maxScore":9,"error":1},"keyphraseLength":{"score":6,"maxScore":9,"error":1,"length":5},"keyphraseInURL":{"score":5,"maxScore":5,"error":0},"keyphraseInIntroduction":{"score":3,"maxScore":9,"error":1},"keyphraseInSubHeadings":[],"keyphraseInImageAlt":[]}},"additional":[]},"primary_term":null,"canonical_url":null,"og_title":null,"og_description":null,"og_object_type":"default","og_image_type":"default","og_image_url":null,"og_image_width":null,"og_image_height":null,"og_image_custom_url":null,"og_image_custom_fields":null,"og_video":"","og_custom_url":null,"og_article_section":null,"og_article_tags":[],"twitter_use_og":false,"twitter_card":"default","twitter_image_type":"default","twitter_image_url":null,"twitter_image_custom_url":null,"twitter_image_custom_fields":null,"twitter_title":null,"twitter_description":null,"schema":{"blockGraphs":[],"customGraphs":[],"default":{"data":{"Article":[],"Course":[],"Dataset":[],"FAQPage":[],"Movie":[],"Person":[],"Product":[],"ProductReview":[],"Car":[],"Recipe":[],"Service":[],"SoftwareApplication":[],"WebPage":[]},"graphName":"ItemPage","isEnabled":true},"graphs":[]},"schema_type":"default","schema_type_options":null,"pillar_content":false,"robots_default":true,"robots_noindex":false,"robots_noarchive":false,"robots_nosnippet":false,"robots_nofollow":false,"robots_noimageindex":false,"robots_noodp":false,"robots_notranslate":false,"robots_max_snippet":"-1","robots_max_videopreview":"-1","robots_max_imagepreview":"large","priority":null,"frequency":"default","local_seo":null,"seo_analyzer_scan_date":"2025-10-20 11:41:25","breadcrumb_settings":null,"limit_modified_date":false,"reviewed_by":null,"open_ai":null,"ai":null,"created":"2023-10-17 08:00:23","updated":"2025-10-20 11:41:25"},"aioseo_breadcrumb":"<div class=\"aioseo-breadcrumbs\"><span class=\"aioseo-breadcrumb\">\n\t<a href=\"https:\/\/tabaccomd.com\/ro\/\" title=\"\u0413\u043b\u0430\u0432\u043d\u0430\u044f\">\u0413\u043b\u0430\u0432\u043d\u0430\u044f<\/a>\n<\/span><span class=\"aioseo-breadcrumb-separator\">\u00bb<\/span><span class=\"aioseo-breadcrumb\">\n\t<a href=\"https:\/\/tabaccomd.com\/ro\/catalog\/\" title=\"Catalog\">Catalog<\/a>\n<\/span><span class=\"aioseo-breadcrumb-separator\">\u00bb<\/span><span class=\"aioseo-breadcrumb\">\n\t<a href=\"https:\/\/tabaccomd.com\/ro\/product-category\/e-shisha-ro-2\/\" title=\"E-Shisha\">E-Shisha<\/a>\n<\/span><span class=\"aioseo-breadcrumb-separator\">\u00bb<\/span><span class=\"aioseo-breadcrumb\">\n\t<a href=\"https:\/\/tabaccomd.com\/ro\/product-category\/e-shisha-ro-2\/elfbar-ro-2\/\" title=\"Elfbar\">Elfbar<\/a>\n<\/span><span class=\"aioseo-breadcrumb-separator\">\u00bb<\/span><span class=\"aioseo-breadcrumb\">\n\tElf Bar 800 \u2013 Blue Razz Lemonade\n<\/span><\/div>","aioseo_breadcrumb_json":[{"label":"\u0413\u043b\u0430\u0432\u043d\u0430\u044f","link":"https:\/\/tabaccomd.com\/ro\/"},{"label":"Catalog","link":"https:\/\/tabaccomd.com\/ro\/catalog\/"},{"label":"E-Shisha","link":"https:\/\/tabaccomd.com\/ro\/product-category\/e-shisha-ro-2\/"},{"label":"Elfbar","link":"https:\/\/tabaccomd.com\/ro\/product-category\/e-shisha-ro-2\/elfbar-ro-2\/"},{"label":"Elf Bar 800 &#8211; Blue Razz Lemonade","link":"https:\/\/tabaccomd.com\/ro\/product\/elf-bar-800-blue-razz-lemonade\/"}],"images_for_1c":[{"url":"https:\/\/tabaccomd.com\/wp-content\/uploads\/2023\/10\/IMG_5205.jpg","type":"featured","alt":"Elf Bar 800 - Blue Razz Lemonade","filename":"IMG_5205.jpg"}],"additional_data_1c":{"modified_date":"2023-10-17 13:35:11","permalink":"https:\/\/tabaccomd.com\/ro\/product\/elf-bar-800-blue-razz-lemonade\/","stock_status":"outofstock","manage_stock":"no"},"_links":{"self":[{"href":"https:\/\/tabaccomd.com\/ro\/wp-json\/wp\/v2\/product\/127697","targetHints":{"allow":["GET"]}}],"collection":[{"href":"https:\/\/tabaccomd.com\/ro\/wp-json\/wp\/v2\/product"}],"about":[{"href":"https:\/\/tabaccomd.com\/ro\/wp-json\/wp\/v2\/types\/product"}],"wp:featuredmedia":[{"embeddable":true,"href":"https:\/\/tabaccomd.com\/ro\/wp-json\/wp\/v2\/media\/127694"}],"wp:attachment":[{"href":"https:\/\/tabaccomd.com\/ro\/wp-json\/wp\/v2\/media?parent=127697"}],"wp:term":[{"taxonomy":"product_brand","embeddable":true,"href":"https:\/\/tabaccomd.com\/ro\/wp-json\/wp\/v2\/product_brand?post=127697"},{"taxonomy":"product_cat","embeddable":true,"href":"https:\/\/tabaccomd.com\/ro\/wp-json\/wp\/v2\/product_cat?post=127697"},{"taxonomy":"product_tag","embeddable":true,"href":"https:\/\/tabaccomd.com\/ro\/wp-json\/wp\/v2\/product_tag?post=127697"}],"curies":[{"name":"wp","href":"https:\/\/api.w.org\/{rel}","templated":true}]}}