{"id":127532,"date":"2023-10-12T22:49:26","date_gmt":"2023-10-12T19:49:26","guid":{"rendered":"https:\/\/tabaccomd.com\/?post_type=product&#038;p=127532"},"modified":"2025-04-29T16:44:54","modified_gmt":"2025-04-29T13:44:54","slug":"gin-palmbridge-rose-1-l","status":"publish","type":"product","link":"https:\/\/tabaccomd.com\/ro\/product\/gin-palmbridge-rose-1-l\/","title":{"rendered":"Gin Palmbridge Rose 1l"},"content":{"rendered":"<p><a href=\"https:\/\/tabaccomd.com\/ro\/categorie-produs\/alcool-2\/gin-2\/\" target=\"_blank\" rel=\"noopener\">Ginul <\/a>\u2013 este o b\u0103utur\u0103 alcoolic\u0103 ob\u021binut\u0103 prin distilarea alcoolului ob\u021binut din cereale sau alcool brut, cu ad\u0103ugarea de ingrediente botanice, inclusiv ienup\u0103r, coriandru, coaj\u0103 de portocal\u0103 \u0219i l\u0103m\u00e2ie, precum \u0219i alte mirodenii \u0219i plante. Aceste componente botanice \u00eei confer\u0103 ginului gustul \u0219i aroma caracteristice.<\/p>\n","protected":false},"excerpt":{"rendered":"<ul>\n<li>Tip: Gin aromatizat<\/li>\n<li>T\u0103rie: 37,5%<\/li>\n<li>Volum: 1l<\/li>\n<li>Produc\u0103tor: Antonio Nadal Destil leries<\/li>\n<li>\u021aara produc\u0103torului: Spania (Mallorca)<\/li>\n<\/ul>\n","protected":false},"featured_media":127527,"template":"","meta":{"om_disable_all_campaigns":false,"_monsterinsights_skip_tracking":false,"_monsterinsights_sitenote_active":false,"_monsterinsights_sitenote_note":"","_monsterinsights_sitenote_category":0},"product_brand":[],"product_cat":[223],"product_tag":[],"class_list":{"0":"post-127532","1":"product","2":"type-product","3":"status-publish","4":"has-post-thumbnail","6":"product_cat-gin-2","8":"first","9":"instock","10":"taxable","11":"shipping-taxable","12":"purchasable","13":"product-type-simple"},"aioseo_notices":[],"aioseo_head":"\n\t\t<!-- All in One SEO Pro 4.9.5.2 - aioseo.com -->\n\t<meta name=\"description\" content=\"Gin Palmbridge Rose 1l - \u2728\u00cen magazinul online tabaccomd.com \u00cen sortiment: \u021big\u0103ri, \ud83c\udf7ealcool, brichete, narghilele... \ud83d\udcde Apela\u021bi la 061000935\" \/>\n\t<meta name=\"robots\" content=\"max-image-preview:large\" \/>\n\t<link rel=\"canonical\" href=\"https:\/\/tabaccomd.com\/ro\/product\/gin-palmbridge-rose-1-l\/\" \/>\n\t<meta name=\"generator\" content=\"All in One SEO Pro (AIOSEO) 4.9.5.2\" \/>\n\t\t<meta property=\"og:locale\" content=\"ro_RO\" \/>\n\t\t<meta property=\"og:site_name\" content=\"Tabacco House \u2013 \u041c\u0430\u0433\u0430\u0437\u0438\u043d \u0442\u0430\u0431\u0430\u0447\u043d\u044b\u0445 \u0438\u0437\u0434\u0435\u043b\u0438\u0439\" \/>\n\t\t<meta property=\"og:type\" content=\"article\" \/>\n\t\t<meta property=\"og:title\" content=\"Gin Palmbridge Rose 1l cump\u0103ra\u021bi \u00een Chi\u0219in\u0103u \u2b50 \u2013 Tabacco House\" \/>\n\t\t<meta property=\"og:description\" content=\"Gin Palmbridge Rose 1l - \u2728\u00cen magazinul online tabaccomd.com \u00cen sortiment: \u021big\u0103ri, \ud83c\udf7ealcool, brichete, narghilele... \ud83d\udcde Apela\u021bi la 061000935\" \/>\n\t\t<meta property=\"og:url\" content=\"https:\/\/tabaccomd.com\/ro\/product\/gin-palmbridge-rose-1-l\/\" \/>\n\t\t<meta property=\"article:published_time\" content=\"2023-10-12T19:49:26+00:00\" \/>\n\t\t<meta property=\"article:modified_time\" content=\"2025-04-29T13:44:54+00:00\" \/>\n\t\t<meta property=\"article:publisher\" content=\"https:\/\/www.facebook.com\/tabaccomd.com\/\" \/>\n\t\t<meta name=\"twitter:card\" content=\"summary_large_image\" \/>\n\t\t<meta name=\"twitter:title\" content=\"Gin Palmbridge Rose 1l cump\u0103ra\u021bi \u00een Chi\u0219in\u0103u \u2b50 \u2013 Tabacco House\" \/>\n\t\t<meta name=\"twitter:description\" content=\"Gin Palmbridge Rose 1l - \u2728\u00cen magazinul online tabaccomd.com \u00cen sortiment: \u021big\u0103ri, \ud83c\udf7ealcool, brichete, narghilele... \ud83d\udcde Apela\u021bi la 061000935\" \/>\n\t\t<script type=\"application\/ld+json\" class=\"aioseo-schema\">\n\t\t\t{\"@context\":\"https:\\\/\\\/schema.org\",\"@graph\":[{\"@type\":\"BreadcrumbList\",\"@id\":\"https:\\\/\\\/tabaccomd.com\\\/ro\\\/product\\\/gin-palmbridge-rose-1-l\\\/#breadcrumblist\",\"itemListElement\":[{\"@type\":\"ListItem\",\"@id\":\"https:\\\/\\\/tabaccomd.com\\\/ro\\\/#listItem\",\"position\":1,\"name\":\"\\u0413\\u043b\\u0430\\u0432\\u043d\\u0430\\u044f\",\"item\":\"https:\\\/\\\/tabaccomd.com\\\/ro\\\/\",\"nextItem\":{\"@type\":\"ListItem\",\"@id\":\"https:\\\/\\\/tabaccomd.com\\\/ro\\\/catalog\\\/#listItem\",\"name\":\"Catalog\"}},{\"@type\":\"ListItem\",\"@id\":\"https:\\\/\\\/tabaccomd.com\\\/ro\\\/catalog\\\/#listItem\",\"position\":2,\"name\":\"Catalog\",\"item\":\"https:\\\/\\\/tabaccomd.com\\\/ro\\\/catalog\\\/\",\"nextItem\":{\"@type\":\"ListItem\",\"@id\":\"https:\\\/\\\/tabaccomd.com\\\/ro\\\/product-category\\\/alcool-2\\\/#listItem\",\"name\":\"Alcool\"},\"previousItem\":{\"@type\":\"ListItem\",\"@id\":\"https:\\\/\\\/tabaccomd.com\\\/ro\\\/#listItem\",\"name\":\"\\u0413\\u043b\\u0430\\u0432\\u043d\\u0430\\u044f\"}},{\"@type\":\"ListItem\",\"@id\":\"https:\\\/\\\/tabaccomd.com\\\/ro\\\/product-category\\\/alcool-2\\\/#listItem\",\"position\":3,\"name\":\"Alcool\",\"item\":\"https:\\\/\\\/tabaccomd.com\\\/ro\\\/product-category\\\/alcool-2\\\/\",\"nextItem\":{\"@type\":\"ListItem\",\"@id\":\"https:\\\/\\\/tabaccomd.com\\\/ro\\\/product-category\\\/alcool-2\\\/gin-2\\\/#listItem\",\"name\":\"Gin\"},\"previousItem\":{\"@type\":\"ListItem\",\"@id\":\"https:\\\/\\\/tabaccomd.com\\\/ro\\\/catalog\\\/#listItem\",\"name\":\"Catalog\"}},{\"@type\":\"ListItem\",\"@id\":\"https:\\\/\\\/tabaccomd.com\\\/ro\\\/product-category\\\/alcool-2\\\/gin-2\\\/#listItem\",\"position\":4,\"name\":\"Gin\",\"item\":\"https:\\\/\\\/tabaccomd.com\\\/ro\\\/product-category\\\/alcool-2\\\/gin-2\\\/\",\"nextItem\":{\"@type\":\"ListItem\",\"@id\":\"https:\\\/\\\/tabaccomd.com\\\/ro\\\/product\\\/gin-palmbridge-rose-1-l\\\/#listItem\",\"name\":\"Gin Palmbridge Rose 1l\"},\"previousItem\":{\"@type\":\"ListItem\",\"@id\":\"https:\\\/\\\/tabaccomd.com\\\/ro\\\/product-category\\\/alcool-2\\\/#listItem\",\"name\":\"Alcool\"}},{\"@type\":\"ListItem\",\"@id\":\"https:\\\/\\\/tabaccomd.com\\\/ro\\\/product\\\/gin-palmbridge-rose-1-l\\\/#listItem\",\"position\":5,\"name\":\"Gin Palmbridge Rose 1l\",\"previousItem\":{\"@type\":\"ListItem\",\"@id\":\"https:\\\/\\\/tabaccomd.com\\\/ro\\\/product-category\\\/alcool-2\\\/gin-2\\\/#listItem\",\"name\":\"Gin\"}}]},{\"@type\":\"Organization\",\"@id\":\"https:\\\/\\\/tabaccomd.com\\\/ro\\\/#organization\",\"name\":\"Tabacco House\",\"description\":\"\\u041c\\u0430\\u0433\\u0430\\u0437\\u0438\\u043d \\u0442\\u0430\\u0431\\u0430\\u0447\\u043d\\u044b\\u0445 \\u0438\\u0437\\u0434\\u0435\\u043b\\u0438\\u0439\",\"url\":\"https:\\\/\\\/tabaccomd.com\\\/ro\\\/\",\"email\":\"Office@cazacuhouse.com\",\"telephone\":\"+37361000935\",\"logo\":{\"@type\":\"ImageObject\",\"url\":\"https:\\\/\\\/tabaccomd.com\\\/wp-content\\\/uploads\\\/2024\\\/02\\\/logo_header3.png\",\"@id\":\"https:\\\/\\\/tabaccomd.com\\\/ro\\\/product\\\/gin-palmbridge-rose-1-l\\\/#organizationLogo\",\"width\":32,\"height\":32,\"caption\":\"Tabacco House\"},\"image\":{\"@id\":\"https:\\\/\\\/tabaccomd.com\\\/ro\\\/product\\\/gin-palmbridge-rose-1-l\\\/#organizationLogo\"},\"sameAs\":[\"https:\\\/\\\/www.facebook.com\\\/tabaccomd.com\\\/\",\"https:\\\/\\\/www.instagram.com\\\/tabaccomd.com\\\/\"],\"address\":{\"@id\":\"https:\\\/\\\/tabaccomd.com\\\/ro\\\/#postaladdress\",\"@type\":\"PostalAddress\",\"streetAddress\":\"Strada Albi\\u015foara 4, Chi\\u0219in\\u0103u, Bulevardul \\u0218tefan cel Mare \\u0219i Sf\\u00eent 136, Chi\\u0219in\\u0103u\",\"addressLocality\":\"Chi\\u0219in\\u0103u\",\"addressCountry\":\"MD\"}},{\"@type\":\"Product\",\"@id\":\"https:\\\/\\\/tabaccomd.com\\\/ro\\\/product\\\/gin-palmbridge-rose-1-l\\\/#wooCommerceProduct\",\"name\":\"Gin Palmbridge Rose 1l\",\"description\":\"Tip: Gin aromatizat\\r\\n \\tT\\u0103rie: 37,5%\\r\\n \\tVolum: 1l\\r\\n \\tProduc\\u0103tor: Antonio Nadal Destil leries\\r\\n \\t\\u021aara produc\\u0103torului: Spania (Mallorca)\",\"url\":\"https:\\\/\\\/tabaccomd.com\\\/ro\\\/product\\\/gin-palmbridge-rose-1-l\\\/\",\"sku\":\"ALK083\",\"image\":{\"@type\":\"ImageObject\",\"url\":\"https:\\\/\\\/tabaccomd.com\\\/wp-content\\\/uploads\\\/2023\\\/10\\\/palmbridge-rose-1l.jpg\",\"@id\":\"https:\\\/\\\/tabaccomd.com\\\/ro\\\/product\\\/gin-palmbridge-rose-1-l\\\/#productImage\",\"width\":1000,\"height\":1000,\"caption\":\"\\u0414\\u0436\\u0438\\u043d Palmbridge Rose 1 \\u043b\"},\"offers\":{\"@type\":\"Offer\",\"url\":\"https:\\\/\\\/tabaccomd.com\\\/ro\\\/product\\\/gin-palmbridge-rose-1-l\\\/#wooCommerceOffer\",\"price\":325,\"priceCurrency\":\"MDL\",\"category\":\"Gin\",\"availability\":\"https:\\\/\\\/schema.org\\\/InStock\",\"priceSpecification\":{\"@type\":\"PriceSpecification\",\"price\":325,\"priceCurrency\":\"MDL\",\"valueAddedTaxIncluded\":\"true\"},\"seller\":{\"@type\":\"Organization\",\"@id\":\"https:\\\/\\\/tabaccomd.com\\\/ro\\\/#organization\"}}},{\"@type\":\"WebPage\",\"@id\":\"https:\\\/\\\/tabaccomd.com\\\/ro\\\/product\\\/gin-palmbridge-rose-1-l\\\/#webpage\",\"url\":\"https:\\\/\\\/tabaccomd.com\\\/ro\\\/product\\\/gin-palmbridge-rose-1-l\\\/\",\"name\":\"Gin Palmbridge Rose 1l cump\\u0103ra\\u021bi \\u00een Chi\\u0219in\\u0103u \\u2b50 \\u2013 Tabacco House\",\"description\":\"Gin Palmbridge Rose 1l - \\u2728\\u00cen magazinul online tabaccomd.com \\u00cen sortiment: \\u021big\\u0103ri, \\ud83c\\udf7ealcool, brichete, narghilele... \\ud83d\\udcde Apela\\u021bi la 061000935\",\"inLanguage\":\"ro-RO\",\"isPartOf\":{\"@id\":\"https:\\\/\\\/tabaccomd.com\\\/ro\\\/#website\"},\"breadcrumb\":{\"@id\":\"https:\\\/\\\/tabaccomd.com\\\/ro\\\/product\\\/gin-palmbridge-rose-1-l\\\/#breadcrumblist\"},\"image\":{\"@type\":\"ImageObject\",\"url\":\"https:\\\/\\\/tabaccomd.com\\\/wp-content\\\/uploads\\\/2023\\\/10\\\/palmbridge-rose-1l.jpg\",\"@id\":\"https:\\\/\\\/tabaccomd.com\\\/ro\\\/product\\\/gin-palmbridge-rose-1-l\\\/#mainImage\",\"width\":1000,\"height\":1000,\"caption\":\"\\u0414\\u0436\\u0438\\u043d Palmbridge Rose 1 \\u043b\"},\"primaryImageOfPage\":{\"@id\":\"https:\\\/\\\/tabaccomd.com\\\/ro\\\/product\\\/gin-palmbridge-rose-1-l\\\/#mainImage\"},\"datePublished\":\"2023-10-12T22:49:26+03:00\",\"dateModified\":\"2025-04-29T16:44:54+03:00\"},{\"@type\":\"WebSite\",\"@id\":\"https:\\\/\\\/tabaccomd.com\\\/ro\\\/#website\",\"url\":\"https:\\\/\\\/tabaccomd.com\\\/ro\\\/\",\"name\":\"Tabacco House\",\"alternateName\":\"tobaccomd.com\",\"description\":\"\\u041c\\u0430\\u0433\\u0430\\u0437\\u0438\\u043d \\u0442\\u0430\\u0431\\u0430\\u0447\\u043d\\u044b\\u0445 \\u0438\\u0437\\u0434\\u0435\\u043b\\u0438\\u0439\",\"inLanguage\":\"ro-RO\",\"publisher\":{\"@id\":\"https:\\\/\\\/tabaccomd.com\\\/ro\\\/#organization\"}}]}\n\t\t<\/script>\n\t\t<!-- All in One SEO Pro -->\r\n\t\t<title>Gin Palmbridge Rose 1l cump\u0103ra\u021bi \u00een Chi\u0219in\u0103u \u2b50 \u2013 Tabacco House<\/title>\n\n","aioseo_head_json":{"title":"Gin Palmbridge Rose 1l cump\u0103ra\u021bi \u00een Chi\u0219in\u0103u \u2b50 \u2013 Tabacco House","description":"Gin Palmbridge Rose 1l - \u2728\u00cen magazinul online tabaccomd.com \u00cen sortiment: \u021big\u0103ri, \ud83c\udf7ealcool, brichete, narghilele... \ud83d\udcde Apela\u021bi la 061000935","canonical_url":"https:\/\/tabaccomd.com\/ro\/product\/gin-palmbridge-rose-1-l\/","robots":"max-image-preview:large","keywords":"","webmasterTools":{"miscellaneous":""},"schema":{"@context":"https:\/\/schema.org","@graph":[{"@type":"BreadcrumbList","@id":"https:\/\/tabaccomd.com\/ro\/product\/gin-palmbridge-rose-1-l\/#breadcrumblist","itemListElement":[{"@type":"ListItem","@id":"https:\/\/tabaccomd.com\/ro\/#listItem","position":1,"name":"\u0413\u043b\u0430\u0432\u043d\u0430\u044f","item":"https:\/\/tabaccomd.com\/ro\/","nextItem":{"@type":"ListItem","@id":"https:\/\/tabaccomd.com\/ro\/catalog\/#listItem","name":"Catalog"}},{"@type":"ListItem","@id":"https:\/\/tabaccomd.com\/ro\/catalog\/#listItem","position":2,"name":"Catalog","item":"https:\/\/tabaccomd.com\/ro\/catalog\/","nextItem":{"@type":"ListItem","@id":"https:\/\/tabaccomd.com\/ro\/product-category\/alcool-2\/#listItem","name":"Alcool"},"previousItem":{"@type":"ListItem","@id":"https:\/\/tabaccomd.com\/ro\/#listItem","name":"\u0413\u043b\u0430\u0432\u043d\u0430\u044f"}},{"@type":"ListItem","@id":"https:\/\/tabaccomd.com\/ro\/product-category\/alcool-2\/#listItem","position":3,"name":"Alcool","item":"https:\/\/tabaccomd.com\/ro\/product-category\/alcool-2\/","nextItem":{"@type":"ListItem","@id":"https:\/\/tabaccomd.com\/ro\/product-category\/alcool-2\/gin-2\/#listItem","name":"Gin"},"previousItem":{"@type":"ListItem","@id":"https:\/\/tabaccomd.com\/ro\/catalog\/#listItem","name":"Catalog"}},{"@type":"ListItem","@id":"https:\/\/tabaccomd.com\/ro\/product-category\/alcool-2\/gin-2\/#listItem","position":4,"name":"Gin","item":"https:\/\/tabaccomd.com\/ro\/product-category\/alcool-2\/gin-2\/","nextItem":{"@type":"ListItem","@id":"https:\/\/tabaccomd.com\/ro\/product\/gin-palmbridge-rose-1-l\/#listItem","name":"Gin Palmbridge Rose 1l"},"previousItem":{"@type":"ListItem","@id":"https:\/\/tabaccomd.com\/ro\/product-category\/alcool-2\/#listItem","name":"Alcool"}},{"@type":"ListItem","@id":"https:\/\/tabaccomd.com\/ro\/product\/gin-palmbridge-rose-1-l\/#listItem","position":5,"name":"Gin Palmbridge Rose 1l","previousItem":{"@type":"ListItem","@id":"https:\/\/tabaccomd.com\/ro\/product-category\/alcool-2\/gin-2\/#listItem","name":"Gin"}}]},{"@type":"Organization","@id":"https:\/\/tabaccomd.com\/ro\/#organization","name":"Tabacco House","description":"\u041c\u0430\u0433\u0430\u0437\u0438\u043d \u0442\u0430\u0431\u0430\u0447\u043d\u044b\u0445 \u0438\u0437\u0434\u0435\u043b\u0438\u0439","url":"https:\/\/tabaccomd.com\/ro\/","email":"Office@cazacuhouse.com","telephone":"+37361000935","logo":{"@type":"ImageObject","url":"https:\/\/tabaccomd.com\/wp-content\/uploads\/2024\/02\/logo_header3.png","@id":"https:\/\/tabaccomd.com\/ro\/product\/gin-palmbridge-rose-1-l\/#organizationLogo","width":32,"height":32,"caption":"Tabacco House"},"image":{"@id":"https:\/\/tabaccomd.com\/ro\/product\/gin-palmbridge-rose-1-l\/#organizationLogo"},"sameAs":["https:\/\/www.facebook.com\/tabaccomd.com\/","https:\/\/www.instagram.com\/tabaccomd.com\/"],"address":{"@id":"https:\/\/tabaccomd.com\/ro\/#postaladdress","@type":"PostalAddress","streetAddress":"Strada Albi\u015foara 4, Chi\u0219in\u0103u, Bulevardul \u0218tefan cel Mare \u0219i Sf\u00eent 136, Chi\u0219in\u0103u","addressLocality":"Chi\u0219in\u0103u","addressCountry":"MD"}},{"@type":"Product","@id":"https:\/\/tabaccomd.com\/ro\/product\/gin-palmbridge-rose-1-l\/#wooCommerceProduct","name":"Gin Palmbridge Rose 1l","description":"Tip: Gin aromatizat\r\n \tT\u0103rie: 37,5%\r\n \tVolum: 1l\r\n \tProduc\u0103tor: Antonio Nadal Destil leries\r\n \t\u021aara produc\u0103torului: Spania (Mallorca)","url":"https:\/\/tabaccomd.com\/ro\/product\/gin-palmbridge-rose-1-l\/","sku":"ALK083","image":{"@type":"ImageObject","url":"https:\/\/tabaccomd.com\/wp-content\/uploads\/2023\/10\/palmbridge-rose-1l.jpg","@id":"https:\/\/tabaccomd.com\/ro\/product\/gin-palmbridge-rose-1-l\/#productImage","width":1000,"height":1000,"caption":"\u0414\u0436\u0438\u043d Palmbridge Rose 1 \u043b"},"offers":{"@type":"Offer","url":"https:\/\/tabaccomd.com\/ro\/product\/gin-palmbridge-rose-1-l\/#wooCommerceOffer","price":325,"priceCurrency":"MDL","category":"Gin","availability":"https:\/\/schema.org\/InStock","priceSpecification":{"@type":"PriceSpecification","price":325,"priceCurrency":"MDL","valueAddedTaxIncluded":"true"},"seller":{"@type":"Organization","@id":"https:\/\/tabaccomd.com\/ro\/#organization"}}},{"@type":"WebPage","@id":"https:\/\/tabaccomd.com\/ro\/product\/gin-palmbridge-rose-1-l\/#webpage","url":"https:\/\/tabaccomd.com\/ro\/product\/gin-palmbridge-rose-1-l\/","name":"Gin Palmbridge Rose 1l cump\u0103ra\u021bi \u00een Chi\u0219in\u0103u \u2b50 \u2013 Tabacco House","description":"Gin Palmbridge Rose 1l - \u2728\u00cen magazinul online tabaccomd.com \u00cen sortiment: \u021big\u0103ri, \ud83c\udf7ealcool, brichete, narghilele... \ud83d\udcde Apela\u021bi la 061000935","inLanguage":"ro-RO","isPartOf":{"@id":"https:\/\/tabaccomd.com\/ro\/#website"},"breadcrumb":{"@id":"https:\/\/tabaccomd.com\/ro\/product\/gin-palmbridge-rose-1-l\/#breadcrumblist"},"image":{"@type":"ImageObject","url":"https:\/\/tabaccomd.com\/wp-content\/uploads\/2023\/10\/palmbridge-rose-1l.jpg","@id":"https:\/\/tabaccomd.com\/ro\/product\/gin-palmbridge-rose-1-l\/#mainImage","width":1000,"height":1000,"caption":"\u0414\u0436\u0438\u043d Palmbridge Rose 1 \u043b"},"primaryImageOfPage":{"@id":"https:\/\/tabaccomd.com\/ro\/product\/gin-palmbridge-rose-1-l\/#mainImage"},"datePublished":"2023-10-12T22:49:26+03:00","dateModified":"2025-04-29T16:44:54+03:00"},{"@type":"WebSite","@id":"https:\/\/tabaccomd.com\/ro\/#website","url":"https:\/\/tabaccomd.com\/ro\/","name":"Tabacco House","alternateName":"tobaccomd.com","description":"\u041c\u0430\u0433\u0430\u0437\u0438\u043d \u0442\u0430\u0431\u0430\u0447\u043d\u044b\u0445 \u0438\u0437\u0434\u0435\u043b\u0438\u0439","inLanguage":"ro-RO","publisher":{"@id":"https:\/\/tabaccomd.com\/ro\/#organization"}}]},"og:locale":"ro_RO","og:site_name":"Tabacco House \u2013 \u041c\u0430\u0433\u0430\u0437\u0438\u043d \u0442\u0430\u0431\u0430\u0447\u043d\u044b\u0445 \u0438\u0437\u0434\u0435\u043b\u0438\u0439","og:type":"article","og:title":"Gin Palmbridge Rose 1l cump\u0103ra\u021bi \u00een Chi\u0219in\u0103u \u2b50 \u2013 Tabacco House","og:description":"Gin Palmbridge Rose 1l - \u2728\u00cen magazinul online tabaccomd.com \u00cen sortiment: \u021big\u0103ri, \ud83c\udf7ealcool, brichete, narghilele... \ud83d\udcde Apela\u021bi la 061000935","og:url":"https:\/\/tabaccomd.com\/ro\/product\/gin-palmbridge-rose-1-l\/","article:published_time":"2023-10-12T19:49:26+00:00","article:modified_time":"2025-04-29T13:44:54+00:00","article:publisher":"https:\/\/www.facebook.com\/tabaccomd.com\/","twitter:card":"summary_large_image","twitter:title":"Gin Palmbridge Rose 1l cump\u0103ra\u021bi \u00een Chi\u0219in\u0103u \u2b50 \u2013 Tabacco House","twitter:description":"Gin Palmbridge Rose 1l - \u2728\u00cen magazinul online tabaccomd.com \u00cen sortiment: \u021big\u0103ri, \ud83c\udf7ealcool, brichete, narghilele... \ud83d\udcde Apela\u021bi la 061000935"},"aioseo_meta_data":{"post_id":"127532","title":"#post_title cump\u0103ra\u021bi \u00een Chi\u0219in\u0103u \u2b50 #separator_sa #site_title","description":"#post_title - \u2728\u00cen magazinul online tabaccomd.com \u00cen sortiment: \u021big\u0103ri, \ud83c\udf7ealcool, brichete, narghilele... \ud83d\udcde Apela\u021bi la 061000935","keywords":[],"keyphrases":{"focus":{"keyphrase":"Gin Palmbridge Rose 1 l","score":64,"analysis":{"keyphraseInTitle":{"score":9,"maxScore":9,"error":0},"keyphraseInDescription":{"score":9,"maxScore":9,"error":0},"keyphraseLength":{"score":6,"maxScore":9,"error":1,"length":5},"keyphraseInURL":{"score":5,"maxScore":5,"error":0},"keyphraseInIntroduction":{"score":3,"maxScore":9,"error":1},"keyphraseInSubHeadings":[],"keyphraseInImageAlt":[],"keywordDensity":{"score":0,"type":"low","maxScore":9,"error":1}}},"additional":[]},"primary_term":null,"canonical_url":null,"og_title":null,"og_description":null,"og_object_type":"default","og_image_type":"default","og_image_url":null,"og_image_width":null,"og_image_height":null,"og_image_custom_url":null,"og_image_custom_fields":null,"og_video":"","og_custom_url":null,"og_article_section":null,"og_article_tags":[],"twitter_use_og":false,"twitter_card":"default","twitter_image_type":"default","twitter_image_url":null,"twitter_image_custom_url":null,"twitter_image_custom_fields":null,"twitter_title":null,"twitter_description":null,"schema":{"blockGraphs":[],"customGraphs":[],"default":{"data":{"Article":[],"Course":[],"Dataset":[],"FAQPage":[],"Movie":[],"Person":[],"Product":[],"ProductReview":[],"Car":[],"Recipe":[],"Service":[],"SoftwareApplication":[],"WebPage":[]},"graphName":"ItemPage","isEnabled":true},"graphs":[]},"schema_type":"default","schema_type_options":null,"pillar_content":false,"robots_default":true,"robots_noindex":false,"robots_noarchive":false,"robots_nosnippet":false,"robots_nofollow":false,"robots_noimageindex":false,"robots_noodp":false,"robots_notranslate":false,"robots_max_snippet":"-1","robots_max_videopreview":"-1","robots_max_imagepreview":"large","priority":null,"frequency":"default","local_seo":null,"seo_analyzer_scan_date":"2025-10-20 11:39:45","breadcrumb_settings":null,"limit_modified_date":false,"reviewed_by":null,"open_ai":null,"ai":null,"created":"2023-10-12 19:49:48","updated":"2025-10-20 11:39:45"},"aioseo_breadcrumb":"<div class=\"aioseo-breadcrumbs\"><span class=\"aioseo-breadcrumb\">\n\t<a href=\"https:\/\/tabaccomd.com\/ro\/\" title=\"\u0413\u043b\u0430\u0432\u043d\u0430\u044f\">\u0413\u043b\u0430\u0432\u043d\u0430\u044f<\/a>\n<\/span><span class=\"aioseo-breadcrumb-separator\">\u00bb<\/span><span class=\"aioseo-breadcrumb\">\n\t<a href=\"https:\/\/tabaccomd.com\/ro\/catalog\/\" title=\"Catalog\">Catalog<\/a>\n<\/span><span class=\"aioseo-breadcrumb-separator\">\u00bb<\/span><span class=\"aioseo-breadcrumb\">\n\t<a href=\"https:\/\/tabaccomd.com\/ro\/product-category\/alcool-2\/\" title=\"Alcool\">Alcool<\/a>\n<\/span><span class=\"aioseo-breadcrumb-separator\">\u00bb<\/span><span class=\"aioseo-breadcrumb\">\n\t<a href=\"https:\/\/tabaccomd.com\/ro\/product-category\/alcool-2\/gin-2\/\" title=\"Gin\">Gin<\/a>\n<\/span><span class=\"aioseo-breadcrumb-separator\">\u00bb<\/span><span class=\"aioseo-breadcrumb\">\n\tGin Palmbridge Rose 1l\n<\/span><\/div>","aioseo_breadcrumb_json":[{"label":"\u0413\u043b\u0430\u0432\u043d\u0430\u044f","link":"https:\/\/tabaccomd.com\/ro\/"},{"label":"Catalog","link":"https:\/\/tabaccomd.com\/ro\/catalog\/"},{"label":"Alcool","link":"https:\/\/tabaccomd.com\/ro\/product-category\/alcool-2\/"},{"label":"Gin","link":"https:\/\/tabaccomd.com\/ro\/product-category\/alcool-2\/gin-2\/"},{"label":"Gin Palmbridge Rose 1l","link":"https:\/\/tabaccomd.com\/ro\/product\/gin-palmbridge-rose-1-l\/"}],"images_for_1c":[{"url":"https:\/\/tabaccomd.com\/wp-content\/uploads\/2023\/10\/palmbridge-rose-1l.jpg","type":"featured","alt":"\u0414\u0436\u0438\u043d Palmbridge Rose 1 \u043b","filename":"palmbridge-rose-1l.jpg"}],"additional_data_1c":{"modified_date":"2025-04-29 16:44:54","permalink":"https:\/\/tabaccomd.com\/ro\/product\/gin-palmbridge-rose-1-l\/","stock_status":"instock","manage_stock":"no"},"_links":{"self":[{"href":"https:\/\/tabaccomd.com\/ro\/wp-json\/wp\/v2\/product\/127532","targetHints":{"allow":["GET"]}}],"collection":[{"href":"https:\/\/tabaccomd.com\/ro\/wp-json\/wp\/v2\/product"}],"about":[{"href":"https:\/\/tabaccomd.com\/ro\/wp-json\/wp\/v2\/types\/product"}],"wp:featuredmedia":[{"embeddable":true,"href":"https:\/\/tabaccomd.com\/ro\/wp-json\/wp\/v2\/media\/127527"}],"wp:attachment":[{"href":"https:\/\/tabaccomd.com\/ro\/wp-json\/wp\/v2\/media?parent=127532"}],"wp:term":[{"taxonomy":"product_brand","embeddable":true,"href":"https:\/\/tabaccomd.com\/ro\/wp-json\/wp\/v2\/product_brand?post=127532"},{"taxonomy":"product_cat","embeddable":true,"href":"https:\/\/tabaccomd.com\/ro\/wp-json\/wp\/v2\/product_cat?post=127532"},{"taxonomy":"product_tag","embeddable":true,"href":"https:\/\/tabaccomd.com\/ro\/wp-json\/wp\/v2\/product_tag?post=127532"}],"curies":[{"name":"wp","href":"https:\/\/api.w.org\/{rel}","templated":true}]}}