{"id":127391,"date":"2023-10-09T14:38:26","date_gmt":"2023-10-09T11:38:26","guid":{"rendered":"https:\/\/tabaccomd.com\/?post_type=product&#038;p=127391"},"modified":"2025-04-29T13:21:10","modified_gmt":"2025-04-29T10:21:10","slug":"tequila-jose-cuervo-silver-1-l","status":"publish","type":"product","link":"https:\/\/tabaccomd.com\/ro\/product\/tequila-jose-cuervo-silver-1-l\/","title":{"rendered":"Tequila Jose Cuervo Silver 1l"},"content":{"rendered":"<p class=\"vc_tta-tabs-container\"><a href=\"https:\/\/tabaccomd.com\/ro\/categorie-produs\/alcool-2\/tequila-2\/\" target=\"_blank\" rel=\"noopener\">Tequila Jose Cuervo Silver<\/a>, este una dintre cele mai populare tipuri de tequila din lume.\u00a0<a href=\"https:\/\/tabaccomd.com\/ro\/categorie-produs\/alcool-2\/tequila-2\/\">Jose Cuervo\u00a0Silver<\/a>\u00a0este clasificat\u0103 ca \u201eblanco\u201d (alb\u0103) sau \u201eplata\u201d (argintie) Tequila, ceea ce \u00eenseamn\u0103 c\u0103 nu este supus\u0103 unei perioade lungi de maturare \u00een butoaie de stejar. Acest lucru \u00eei confer\u0103 un gust curat \u0219i proasp\u0103t. Aceast\u0103\u00a0<strong>tequila\u00a0<\/strong>are o arom\u0103 curat\u0103 \u0219i proasp\u0103t\u0103, cu note subtile de agave, citrice \u0219i u\u0219oare nuan\u021be de vanilie. Gustul Jose Cuervo Especial Silver are o textur\u0103 moale \u0219i arome pronun\u021bate de agave, citrice \u0219i condimente u\u0219oare. Jose Cuervo\u00a0 Silver este o tequila proasp\u0103t\u0103 \u0219i curat\u0103, care aduce bucurie \u0219i autenticitatea Mexicului \u00eentr-o varietate de cocktailuri \u0219i situa\u021bii.<\/p>\n","protected":false},"excerpt":{"rendered":"<div class=\"uncode_text_column\">\n<ul>\n<li>Tip: Tequila Blanco (Silver), categoria mixto<\/li>\n<li>T\u0103rie: 38%<\/li>\n<li>Produc\u0103tor: Casa Cuervo S.A. de C.V.<\/li>\n<li>\u021aara produc\u0103torului: Mexic<\/li>\n<li>Volum: 1l<\/li>\n<\/ul>\n<\/div>\n<form class=\"cart dynamic-button\" action=\"https:\/\/tabaccomd.com\/ro\/produs\/tequila-jose-cuervo-silver-0-7-l\/\" enctype=\"multipart\/form-data\" method=\"post\"><\/form>\n","protected":false},"featured_media":127393,"template":"","meta":{"om_disable_all_campaigns":false,"_monsterinsights_skip_tracking":false,"_monsterinsights_sitenote_active":false,"_monsterinsights_sitenote_note":"","_monsterinsights_sitenote_category":0},"product_brand":[],"product_cat":[222],"product_tag":[],"class_list":{"0":"post-127391","1":"product","2":"type-product","3":"status-publish","4":"has-post-thumbnail","6":"product_cat-tequila-2","8":"first","9":"instock","10":"taxable","11":"shipping-taxable","12":"purchasable","13":"product-type-simple"},"aioseo_notices":[],"aioseo_head":"\n\t\t<!-- All in One SEO Pro 4.9.6.2 - aioseo.com -->\n\t<meta name=\"description\" content=\"Tequila Jose Cuervo Silver 1l la Chi\u0219in\u0103u cu livrare. \u2b50\u2b50\u2b50\u2b50\u2b50\u260e 061-000-935 Pe site-ul nostru tabaccomd.com avem o selec\u021bie larg\u0103 de b\u0103uturi alcoolice de elit\u0103: whiskey, coniac, rom, gin, vin spumant...\" \/>\n\t<meta name=\"robots\" content=\"max-image-preview:large\" \/>\n\t<link rel=\"canonical\" href=\"https:\/\/tabaccomd.com\/ro\/product\/tequila-jose-cuervo-silver-1-l\/\" \/>\n\t<meta name=\"generator\" content=\"All in One SEO Pro (AIOSEO) 4.9.6.2\" \/>\n\t\t<meta property=\"og:locale\" content=\"ro_RO\" \/>\n\t\t<meta property=\"og:site_name\" content=\"Tabacco House \u2013 \u041c\u0430\u0433\u0430\u0437\u0438\u043d \u0442\u0430\u0431\u0430\u0447\u043d\u044b\u0445 \u0438\u0437\u0434\u0435\u043b\u0438\u0439\" \/>\n\t\t<meta property=\"og:type\" content=\"article\" \/>\n\t\t<meta property=\"og:title\" content=\"Tequila Jose Cuervo Silver 1l cump\u0103ra\u021bi \u00een Chi\u0219in\u0103u \u2b50 \u2013 Tabacco House\" \/>\n\t\t<meta property=\"og:description\" content=\"Tequila Jose Cuervo Silver 1l la Chi\u0219in\u0103u cu livrare. \u2b50\u2b50\u2b50\u2b50\u2b50\u260e 061-000-935 Pe site-ul nostru tabaccomd.com avem o selec\u021bie larg\u0103 de b\u0103uturi alcoolice de elit\u0103: whiskey, coniac, rom, gin, vin spumant...\" \/>\n\t\t<meta property=\"og:url\" content=\"https:\/\/tabaccomd.com\/ro\/product\/tequila-jose-cuervo-silver-1-l\/\" \/>\n\t\t<meta property=\"article:published_time\" content=\"2023-10-09T11:38:26+00:00\" \/>\n\t\t<meta property=\"article:modified_time\" content=\"2025-04-29T10:21:10+00:00\" \/>\n\t\t<meta property=\"article:publisher\" content=\"https:\/\/www.facebook.com\/tabaccomd.com\/\" \/>\n\t\t<meta name=\"twitter:card\" content=\"summary_large_image\" \/>\n\t\t<meta name=\"twitter:title\" content=\"Tequila Jose Cuervo Silver 1l cump\u0103ra\u021bi \u00een Chi\u0219in\u0103u \u2b50 \u2013 Tabacco House\" \/>\n\t\t<meta name=\"twitter:description\" content=\"Tequila Jose Cuervo Silver 1l la Chi\u0219in\u0103u cu livrare. \u2b50\u2b50\u2b50\u2b50\u2b50\u260e 061-000-935 Pe site-ul nostru tabaccomd.com avem o selec\u021bie larg\u0103 de b\u0103uturi alcoolice de elit\u0103: whiskey, coniac, rom, gin, vin spumant...\" \/>\n\t\t<script type=\"application\/ld+json\" class=\"aioseo-schema\">\n\t\t\t{\"@context\":\"https:\\\/\\\/schema.org\",\"@graph\":[{\"@type\":\"BreadcrumbList\",\"@id\":\"https:\\\/\\\/tabaccomd.com\\\/ro\\\/product\\\/tequila-jose-cuervo-silver-1-l\\\/#breadcrumblist\",\"itemListElement\":[{\"@type\":\"ListItem\",\"@id\":\"https:\\\/\\\/tabaccomd.com\\\/ro\\\/#listItem\",\"position\":1,\"name\":\"\\u0413\\u043b\\u0430\\u0432\\u043d\\u0430\\u044f\",\"item\":\"https:\\\/\\\/tabaccomd.com\\\/ro\\\/\",\"nextItem\":{\"@type\":\"ListItem\",\"@id\":\"https:\\\/\\\/tabaccomd.com\\\/ro\\\/catalog\\\/#listItem\",\"name\":\"Catalog\"}},{\"@type\":\"ListItem\",\"@id\":\"https:\\\/\\\/tabaccomd.com\\\/ro\\\/catalog\\\/#listItem\",\"position\":2,\"name\":\"Catalog\",\"item\":\"https:\\\/\\\/tabaccomd.com\\\/ro\\\/catalog\\\/\",\"nextItem\":{\"@type\":\"ListItem\",\"@id\":\"https:\\\/\\\/tabaccomd.com\\\/ro\\\/product-category\\\/alcool-2\\\/#listItem\",\"name\":\"Alcool\"},\"previousItem\":{\"@type\":\"ListItem\",\"@id\":\"https:\\\/\\\/tabaccomd.com\\\/ro\\\/#listItem\",\"name\":\"\\u0413\\u043b\\u0430\\u0432\\u043d\\u0430\\u044f\"}},{\"@type\":\"ListItem\",\"@id\":\"https:\\\/\\\/tabaccomd.com\\\/ro\\\/product-category\\\/alcool-2\\\/#listItem\",\"position\":3,\"name\":\"Alcool\",\"item\":\"https:\\\/\\\/tabaccomd.com\\\/ro\\\/product-category\\\/alcool-2\\\/\",\"nextItem\":{\"@type\":\"ListItem\",\"@id\":\"https:\\\/\\\/tabaccomd.com\\\/ro\\\/product-category\\\/alcool-2\\\/tequila-2\\\/#listItem\",\"name\":\"Tequila\"},\"previousItem\":{\"@type\":\"ListItem\",\"@id\":\"https:\\\/\\\/tabaccomd.com\\\/ro\\\/catalog\\\/#listItem\",\"name\":\"Catalog\"}},{\"@type\":\"ListItem\",\"@id\":\"https:\\\/\\\/tabaccomd.com\\\/ro\\\/product-category\\\/alcool-2\\\/tequila-2\\\/#listItem\",\"position\":4,\"name\":\"Tequila\",\"item\":\"https:\\\/\\\/tabaccomd.com\\\/ro\\\/product-category\\\/alcool-2\\\/tequila-2\\\/\",\"nextItem\":{\"@type\":\"ListItem\",\"@id\":\"https:\\\/\\\/tabaccomd.com\\\/ro\\\/product\\\/tequila-jose-cuervo-silver-1-l\\\/#listItem\",\"name\":\"Tequila Jose Cuervo Silver 1l\"},\"previousItem\":{\"@type\":\"ListItem\",\"@id\":\"https:\\\/\\\/tabaccomd.com\\\/ro\\\/product-category\\\/alcool-2\\\/#listItem\",\"name\":\"Alcool\"}},{\"@type\":\"ListItem\",\"@id\":\"https:\\\/\\\/tabaccomd.com\\\/ro\\\/product\\\/tequila-jose-cuervo-silver-1-l\\\/#listItem\",\"position\":5,\"name\":\"Tequila Jose Cuervo Silver 1l\",\"previousItem\":{\"@type\":\"ListItem\",\"@id\":\"https:\\\/\\\/tabaccomd.com\\\/ro\\\/product-category\\\/alcool-2\\\/tequila-2\\\/#listItem\",\"name\":\"Tequila\"}}]},{\"@type\":\"Organization\",\"@id\":\"https:\\\/\\\/tabaccomd.com\\\/ro\\\/#organization\",\"name\":\"Tabacco House\",\"description\":\"\\u041c\\u0430\\u0433\\u0430\\u0437\\u0438\\u043d \\u0442\\u0430\\u0431\\u0430\\u0447\\u043d\\u044b\\u0445 \\u0438\\u0437\\u0434\\u0435\\u043b\\u0438\\u0439\",\"url\":\"https:\\\/\\\/tabaccomd.com\\\/ro\\\/\",\"email\":\"Office@cazacuhouse.com\",\"telephone\":\"+37361000935\",\"logo\":{\"@type\":\"ImageObject\",\"url\":\"https:\\\/\\\/tabaccomd.com\\\/wp-content\\\/uploads\\\/2024\\\/02\\\/logo_header3.png\",\"@id\":\"https:\\\/\\\/tabaccomd.com\\\/ro\\\/product\\\/tequila-jose-cuervo-silver-1-l\\\/#organizationLogo\",\"width\":32,\"height\":32,\"caption\":\"Tabacco House\"},\"image\":{\"@id\":\"https:\\\/\\\/tabaccomd.com\\\/ro\\\/product\\\/tequila-jose-cuervo-silver-1-l\\\/#organizationLogo\"},\"sameAs\":[\"https:\\\/\\\/www.facebook.com\\\/tabaccomd.com\\\/\",\"https:\\\/\\\/www.instagram.com\\\/tabaccomd.com\\\/\"],\"address\":{\"@id\":\"https:\\\/\\\/tabaccomd.com\\\/ro\\\/#postaladdress\",\"@type\":\"PostalAddress\",\"streetAddress\":\"Strada Albi\\u015foara 4, Chi\\u0219in\\u0103u, Bulevardul \\u0218tefan cel Mare \\u0219i Sf\\u00eent 136, Chi\\u0219in\\u0103u\",\"addressLocality\":\"Chi\\u0219in\\u0103u\",\"addressCountry\":\"MD\"}},{\"@type\":\"Product\",\"@id\":\"https:\\\/\\\/tabaccomd.com\\\/ro\\\/product\\\/tequila-jose-cuervo-silver-1-l\\\/#wooCommerceProduct\",\"name\":\"Tequila Jose Cuervo Silver 1l\",\"description\":\"Tip: Tequila Blanco (Silver), categoria mixto\\r\\n \\tT\\u0103rie: 38%\\r\\n \\tProduc\\u0103tor: Casa Cuervo S.A. de C.V.\\r\\n \\t\\u021aara produc\\u0103torului: Mexic\\r\\n \\tVolum: 1l\",\"url\":\"https:\\\/\\\/tabaccomd.com\\\/ro\\\/product\\\/tequila-jose-cuervo-silver-1-l\\\/\",\"sku\":\"ALK066\",\"image\":{\"@type\":\"ImageObject\",\"url\":\"https:\\\/\\\/tabaccomd.com\\\/wp-content\\\/uploads\\\/2023\\\/10\\\/jose-cuervo-1l.jpg\",\"@id\":\"https:\\\/\\\/tabaccomd.com\\\/ro\\\/product\\\/tequila-jose-cuervo-silver-1-l\\\/#productImage\",\"width\":1000,\"height\":1000,\"caption\":\"Tequila Jose Cuervo Silver 1 l\"},\"offers\":{\"@type\":\"Offer\",\"url\":\"https:\\\/\\\/tabaccomd.com\\\/ro\\\/product\\\/tequila-jose-cuervo-silver-1-l\\\/#wooCommerceOffer\",\"price\":545,\"priceCurrency\":\"MDL\",\"category\":\"Tequila\",\"availability\":\"https:\\\/\\\/schema.org\\\/InStock\",\"priceSpecification\":{\"@type\":\"PriceSpecification\",\"price\":545,\"priceCurrency\":\"MDL\",\"valueAddedTaxIncluded\":\"true\"},\"seller\":{\"@type\":\"Organization\",\"@id\":\"https:\\\/\\\/tabaccomd.com\\\/ro\\\/#organization\"}}},{\"@type\":\"WebPage\",\"@id\":\"https:\\\/\\\/tabaccomd.com\\\/ro\\\/product\\\/tequila-jose-cuervo-silver-1-l\\\/#webpage\",\"url\":\"https:\\\/\\\/tabaccomd.com\\\/ro\\\/product\\\/tequila-jose-cuervo-silver-1-l\\\/\",\"name\":\"Tequila Jose Cuervo Silver 1l cump\\u0103ra\\u021bi \\u00een Chi\\u0219in\\u0103u \\u2b50 \\u2013 Tabacco House\",\"description\":\"Tequila Jose Cuervo Silver 1l la Chi\\u0219in\\u0103u cu livrare. \\u2b50\\u2b50\\u2b50\\u2b50\\u2b50\\u260e 061-000-935 Pe site-ul nostru tabaccomd.com avem o selec\\u021bie larg\\u0103 de b\\u0103uturi alcoolice de elit\\u0103: whiskey, coniac, rom, gin, vin spumant...\",\"inLanguage\":\"ro-RO\",\"isPartOf\":{\"@id\":\"https:\\\/\\\/tabaccomd.com\\\/ro\\\/#website\"},\"breadcrumb\":{\"@id\":\"https:\\\/\\\/tabaccomd.com\\\/ro\\\/product\\\/tequila-jose-cuervo-silver-1-l\\\/#breadcrumblist\"},\"image\":{\"@type\":\"ImageObject\",\"url\":\"https:\\\/\\\/tabaccomd.com\\\/wp-content\\\/uploads\\\/2023\\\/10\\\/jose-cuervo-1l.jpg\",\"@id\":\"https:\\\/\\\/tabaccomd.com\\\/ro\\\/product\\\/tequila-jose-cuervo-silver-1-l\\\/#mainImage\",\"width\":1000,\"height\":1000,\"caption\":\"Tequila Jose Cuervo Silver 1 l\"},\"primaryImageOfPage\":{\"@id\":\"https:\\\/\\\/tabaccomd.com\\\/ro\\\/product\\\/tequila-jose-cuervo-silver-1-l\\\/#mainImage\"},\"datePublished\":\"2023-10-09T14:38:26+03:00\",\"dateModified\":\"2025-04-29T13:21:10+03:00\"},{\"@type\":\"WebSite\",\"@id\":\"https:\\\/\\\/tabaccomd.com\\\/ro\\\/#website\",\"url\":\"https:\\\/\\\/tabaccomd.com\\\/ro\\\/\",\"name\":\"Tabacco House\",\"alternateName\":\"tobaccomd.com\",\"description\":\"\\u041c\\u0430\\u0433\\u0430\\u0437\\u0438\\u043d \\u0442\\u0430\\u0431\\u0430\\u0447\\u043d\\u044b\\u0445 \\u0438\\u0437\\u0434\\u0435\\u043b\\u0438\\u0439\",\"inLanguage\":\"ro-RO\",\"publisher\":{\"@id\":\"https:\\\/\\\/tabaccomd.com\\\/ro\\\/#organization\"}}]}\n\t\t<\/script>\n\t\t<!-- All in One SEO Pro -->\r\n\t\t<title>Tequila Jose Cuervo Silver 1l cump\u0103ra\u021bi \u00een Chi\u0219in\u0103u \u2b50 \u2013 Tabacco House<\/title>\n\n","aioseo_head_json":{"title":"Tequila Jose Cuervo Silver 1l cump\u0103ra\u021bi \u00een Chi\u0219in\u0103u \u2b50 \u2013 Tabacco House","description":"Tequila Jose Cuervo Silver 1l la Chi\u0219in\u0103u cu livrare. \u2b50\u2b50\u2b50\u2b50\u2b50\u260e 061-000-935 Pe site-ul nostru tabaccomd.com avem o selec\u021bie larg\u0103 de b\u0103uturi alcoolice de elit\u0103: whiskey, coniac, rom, gin, vin spumant...","canonical_url":"https:\/\/tabaccomd.com\/ro\/product\/tequila-jose-cuervo-silver-1-l\/","robots":"max-image-preview:large","keywords":"","webmasterTools":{"miscellaneous":""},"schema":{"@context":"https:\/\/schema.org","@graph":[{"@type":"BreadcrumbList","@id":"https:\/\/tabaccomd.com\/ro\/product\/tequila-jose-cuervo-silver-1-l\/#breadcrumblist","itemListElement":[{"@type":"ListItem","@id":"https:\/\/tabaccomd.com\/ro\/#listItem","position":1,"name":"\u0413\u043b\u0430\u0432\u043d\u0430\u044f","item":"https:\/\/tabaccomd.com\/ro\/","nextItem":{"@type":"ListItem","@id":"https:\/\/tabaccomd.com\/ro\/catalog\/#listItem","name":"Catalog"}},{"@type":"ListItem","@id":"https:\/\/tabaccomd.com\/ro\/catalog\/#listItem","position":2,"name":"Catalog","item":"https:\/\/tabaccomd.com\/ro\/catalog\/","nextItem":{"@type":"ListItem","@id":"https:\/\/tabaccomd.com\/ro\/product-category\/alcool-2\/#listItem","name":"Alcool"},"previousItem":{"@type":"ListItem","@id":"https:\/\/tabaccomd.com\/ro\/#listItem","name":"\u0413\u043b\u0430\u0432\u043d\u0430\u044f"}},{"@type":"ListItem","@id":"https:\/\/tabaccomd.com\/ro\/product-category\/alcool-2\/#listItem","position":3,"name":"Alcool","item":"https:\/\/tabaccomd.com\/ro\/product-category\/alcool-2\/","nextItem":{"@type":"ListItem","@id":"https:\/\/tabaccomd.com\/ro\/product-category\/alcool-2\/tequila-2\/#listItem","name":"Tequila"},"previousItem":{"@type":"ListItem","@id":"https:\/\/tabaccomd.com\/ro\/catalog\/#listItem","name":"Catalog"}},{"@type":"ListItem","@id":"https:\/\/tabaccomd.com\/ro\/product-category\/alcool-2\/tequila-2\/#listItem","position":4,"name":"Tequila","item":"https:\/\/tabaccomd.com\/ro\/product-category\/alcool-2\/tequila-2\/","nextItem":{"@type":"ListItem","@id":"https:\/\/tabaccomd.com\/ro\/product\/tequila-jose-cuervo-silver-1-l\/#listItem","name":"Tequila Jose Cuervo Silver 1l"},"previousItem":{"@type":"ListItem","@id":"https:\/\/tabaccomd.com\/ro\/product-category\/alcool-2\/#listItem","name":"Alcool"}},{"@type":"ListItem","@id":"https:\/\/tabaccomd.com\/ro\/product\/tequila-jose-cuervo-silver-1-l\/#listItem","position":5,"name":"Tequila Jose Cuervo Silver 1l","previousItem":{"@type":"ListItem","@id":"https:\/\/tabaccomd.com\/ro\/product-category\/alcool-2\/tequila-2\/#listItem","name":"Tequila"}}]},{"@type":"Organization","@id":"https:\/\/tabaccomd.com\/ro\/#organization","name":"Tabacco House","description":"\u041c\u0430\u0433\u0430\u0437\u0438\u043d \u0442\u0430\u0431\u0430\u0447\u043d\u044b\u0445 \u0438\u0437\u0434\u0435\u043b\u0438\u0439","url":"https:\/\/tabaccomd.com\/ro\/","email":"Office@cazacuhouse.com","telephone":"+37361000935","logo":{"@type":"ImageObject","url":"https:\/\/tabaccomd.com\/wp-content\/uploads\/2024\/02\/logo_header3.png","@id":"https:\/\/tabaccomd.com\/ro\/product\/tequila-jose-cuervo-silver-1-l\/#organizationLogo","width":32,"height":32,"caption":"Tabacco House"},"image":{"@id":"https:\/\/tabaccomd.com\/ro\/product\/tequila-jose-cuervo-silver-1-l\/#organizationLogo"},"sameAs":["https:\/\/www.facebook.com\/tabaccomd.com\/","https:\/\/www.instagram.com\/tabaccomd.com\/"],"address":{"@id":"https:\/\/tabaccomd.com\/ro\/#postaladdress","@type":"PostalAddress","streetAddress":"Strada Albi\u015foara 4, Chi\u0219in\u0103u, Bulevardul \u0218tefan cel Mare \u0219i Sf\u00eent 136, Chi\u0219in\u0103u","addressLocality":"Chi\u0219in\u0103u","addressCountry":"MD"}},{"@type":"Product","@id":"https:\/\/tabaccomd.com\/ro\/product\/tequila-jose-cuervo-silver-1-l\/#wooCommerceProduct","name":"Tequila Jose Cuervo Silver 1l","description":"Tip: Tequila Blanco (Silver), categoria mixto\r\n \tT\u0103rie: 38%\r\n \tProduc\u0103tor: Casa Cuervo S.A. de C.V.\r\n \t\u021aara produc\u0103torului: Mexic\r\n \tVolum: 1l","url":"https:\/\/tabaccomd.com\/ro\/product\/tequila-jose-cuervo-silver-1-l\/","sku":"ALK066","image":{"@type":"ImageObject","url":"https:\/\/tabaccomd.com\/wp-content\/uploads\/2023\/10\/jose-cuervo-1l.jpg","@id":"https:\/\/tabaccomd.com\/ro\/product\/tequila-jose-cuervo-silver-1-l\/#productImage","width":1000,"height":1000,"caption":"Tequila Jose Cuervo Silver 1 l"},"offers":{"@type":"Offer","url":"https:\/\/tabaccomd.com\/ro\/product\/tequila-jose-cuervo-silver-1-l\/#wooCommerceOffer","price":545,"priceCurrency":"MDL","category":"Tequila","availability":"https:\/\/schema.org\/InStock","priceSpecification":{"@type":"PriceSpecification","price":545,"priceCurrency":"MDL","valueAddedTaxIncluded":"true"},"seller":{"@type":"Organization","@id":"https:\/\/tabaccomd.com\/ro\/#organization"}}},{"@type":"WebPage","@id":"https:\/\/tabaccomd.com\/ro\/product\/tequila-jose-cuervo-silver-1-l\/#webpage","url":"https:\/\/tabaccomd.com\/ro\/product\/tequila-jose-cuervo-silver-1-l\/","name":"Tequila Jose Cuervo Silver 1l cump\u0103ra\u021bi \u00een Chi\u0219in\u0103u \u2b50 \u2013 Tabacco House","description":"Tequila Jose Cuervo Silver 1l la Chi\u0219in\u0103u cu livrare. \u2b50\u2b50\u2b50\u2b50\u2b50\u260e 061-000-935 Pe site-ul nostru tabaccomd.com avem o selec\u021bie larg\u0103 de b\u0103uturi alcoolice de elit\u0103: whiskey, coniac, rom, gin, vin spumant...","inLanguage":"ro-RO","isPartOf":{"@id":"https:\/\/tabaccomd.com\/ro\/#website"},"breadcrumb":{"@id":"https:\/\/tabaccomd.com\/ro\/product\/tequila-jose-cuervo-silver-1-l\/#breadcrumblist"},"image":{"@type":"ImageObject","url":"https:\/\/tabaccomd.com\/wp-content\/uploads\/2023\/10\/jose-cuervo-1l.jpg","@id":"https:\/\/tabaccomd.com\/ro\/product\/tequila-jose-cuervo-silver-1-l\/#mainImage","width":1000,"height":1000,"caption":"Tequila Jose Cuervo Silver 1 l"},"primaryImageOfPage":{"@id":"https:\/\/tabaccomd.com\/ro\/product\/tequila-jose-cuervo-silver-1-l\/#mainImage"},"datePublished":"2023-10-09T14:38:26+03:00","dateModified":"2025-04-29T13:21:10+03:00"},{"@type":"WebSite","@id":"https:\/\/tabaccomd.com\/ro\/#website","url":"https:\/\/tabaccomd.com\/ro\/","name":"Tabacco House","alternateName":"tobaccomd.com","description":"\u041c\u0430\u0433\u0430\u0437\u0438\u043d \u0442\u0430\u0431\u0430\u0447\u043d\u044b\u0445 \u0438\u0437\u0434\u0435\u043b\u0438\u0439","inLanguage":"ro-RO","publisher":{"@id":"https:\/\/tabaccomd.com\/ro\/#organization"}}]},"og:locale":"ro_RO","og:site_name":"Tabacco House \u2013 \u041c\u0430\u0433\u0430\u0437\u0438\u043d \u0442\u0430\u0431\u0430\u0447\u043d\u044b\u0445 \u0438\u0437\u0434\u0435\u043b\u0438\u0439","og:type":"article","og:title":"Tequila Jose Cuervo Silver 1l cump\u0103ra\u021bi \u00een Chi\u0219in\u0103u \u2b50 \u2013 Tabacco House","og:description":"Tequila Jose Cuervo Silver 1l la Chi\u0219in\u0103u cu livrare. \u2b50\u2b50\u2b50\u2b50\u2b50\u260e 061-000-935 Pe site-ul nostru tabaccomd.com avem o selec\u021bie larg\u0103 de b\u0103uturi alcoolice de elit\u0103: whiskey, coniac, rom, gin, vin spumant...","og:url":"https:\/\/tabaccomd.com\/ro\/product\/tequila-jose-cuervo-silver-1-l\/","article:published_time":"2023-10-09T11:38:26+00:00","article:modified_time":"2025-04-29T10:21:10+00:00","article:publisher":"https:\/\/www.facebook.com\/tabaccomd.com\/","twitter:card":"summary_large_image","twitter:title":"Tequila Jose Cuervo Silver 1l cump\u0103ra\u021bi \u00een Chi\u0219in\u0103u \u2b50 \u2013 Tabacco House","twitter:description":"Tequila Jose Cuervo Silver 1l la Chi\u0219in\u0103u cu livrare. \u2b50\u2b50\u2b50\u2b50\u2b50\u260e 061-000-935 Pe site-ul nostru tabaccomd.com avem o selec\u021bie larg\u0103 de b\u0103uturi alcoolice de elit\u0103: whiskey, coniac, rom, gin, vin spumant..."},"aioseo_meta_data":{"post_id":"127391","title":"#post_title cump\u0103ra\u021bi \u00een Chi\u0219in\u0103u \u2b50 #separator_sa #site_title","description":"#post_title la Chi\u0219in\u0103u cu livrare. \u2b50\u2b50\u2b50\u2b50\u2b50\u260e 061-000-935 Pe site-ul nostru tabaccomd.com avem o selec\u021bie larg\u0103 de b\u0103uturi alcoolice de elit\u0103: whiskey, coniac, rom, gin, vin spumant...","keywords":null,"keyphrases":{"focus":{"keyphrase":"Tequila Jose Cuervo Silver 1 l","score":40,"analysis":{"keyphraseInTitle":{"score":3,"maxScore":9,"error":1},"keyphraseInDescription":{"score":3,"maxScore":9,"error":1},"keyphraseLength":{"score":6,"maxScore":9,"error":1,"length":6},"keyphraseInURL":{"score":5,"maxScore":5,"error":0},"keyphraseInIntroduction":{"score":3,"maxScore":9,"error":1},"keyphraseInSubHeadings":[],"keyphraseInImageAlt":[],"keywordDensity":{"score":0,"type":"low","maxScore":9,"error":1}}},"additional":[]},"primary_term":null,"canonical_url":null,"og_title":null,"og_description":null,"og_object_type":"default","og_image_type":"default","og_image_url":null,"og_image_width":null,"og_image_height":null,"og_image_custom_url":null,"og_image_custom_fields":null,"og_video":"","og_custom_url":null,"og_article_section":null,"og_article_tags":null,"twitter_use_og":false,"twitter_card":"default","twitter_image_type":"default","twitter_image_url":null,"twitter_image_custom_url":null,"twitter_image_custom_fields":null,"twitter_title":null,"twitter_description":null,"schema":{"blockGraphs":[],"customGraphs":[],"default":{"data":{"Article":[],"Course":[],"Dataset":[],"FAQPage":[],"Movie":[],"Person":[],"Product":[],"ProductReview":[],"Car":[],"Recipe":[],"Service":[],"SoftwareApplication":[],"WebPage":[]},"graphName":"ItemPage","isEnabled":true},"graphs":[]},"schema_type":"default","schema_type_options":null,"pillar_content":false,"robots_default":true,"robots_noindex":false,"robots_noarchive":false,"robots_nosnippet":false,"robots_nofollow":false,"robots_noimageindex":false,"robots_noodp":false,"robots_notranslate":false,"robots_max_snippet":"-1","robots_max_videopreview":"-1","robots_max_imagepreview":"large","priority":null,"frequency":"default","local_seo":null,"seo_analyzer_scan_date":"2025-10-20 11:27:05","breadcrumb_settings":null,"limit_modified_date":false,"reviewed_by":null,"open_ai":null,"ai":null,"created":"2023-10-09 11:31:15","updated":"2025-10-20 11:27:05"},"aioseo_breadcrumb":"<div class=\"aioseo-breadcrumbs\"><span class=\"aioseo-breadcrumb\">\n\t<a href=\"https:\/\/tabaccomd.com\/ro\/\" title=\"\u0413\u043b\u0430\u0432\u043d\u0430\u044f\">\u0413\u043b\u0430\u0432\u043d\u0430\u044f<\/a>\n<\/span><span class=\"aioseo-breadcrumb-separator\">\u00bb<\/span><span class=\"aioseo-breadcrumb\">\n\t<a href=\"https:\/\/tabaccomd.com\/ro\/catalog\/\" title=\"Catalog\">Catalog<\/a>\n<\/span><span class=\"aioseo-breadcrumb-separator\">\u00bb<\/span><span class=\"aioseo-breadcrumb\">\n\t<a href=\"https:\/\/tabaccomd.com\/ro\/product-category\/alcool-2\/\" title=\"Alcool\">Alcool<\/a>\n<\/span><span class=\"aioseo-breadcrumb-separator\">\u00bb<\/span><span class=\"aioseo-breadcrumb\">\n\t<a href=\"https:\/\/tabaccomd.com\/ro\/product-category\/alcool-2\/tequila-2\/\" title=\"Tequila\">Tequila<\/a>\n<\/span><span class=\"aioseo-breadcrumb-separator\">\u00bb<\/span><span class=\"aioseo-breadcrumb\">\n\tTequila Jose Cuervo Silver 1l\n<\/span><\/div>","aioseo_breadcrumb_json":[{"label":"\u0413\u043b\u0430\u0432\u043d\u0430\u044f","link":"https:\/\/tabaccomd.com\/ro\/"},{"label":"Catalog","link":"https:\/\/tabaccomd.com\/ro\/catalog\/"},{"label":"Alcool","link":"https:\/\/tabaccomd.com\/ro\/product-category\/alcool-2\/"},{"label":"Tequila","link":"https:\/\/tabaccomd.com\/ro\/product-category\/alcool-2\/tequila-2\/"},{"label":"Tequila Jose Cuervo Silver 1l","link":"https:\/\/tabaccomd.com\/ro\/product\/tequila-jose-cuervo-silver-1-l\/"}],"images_for_1c":[{"url":"https:\/\/tabaccomd.com\/wp-content\/uploads\/2023\/10\/jose-cuervo-1l.jpg","type":"featured","alt":"Tequila Jose Cuervo Silver 1 l","filename":"jose-cuervo-1l.jpg"}],"additional_data_1c":{"modified_date":"2025-04-29 13:21:10","permalink":"https:\/\/tabaccomd.com\/ro\/product\/tequila-jose-cuervo-silver-1-l\/","stock_status":"instock","manage_stock":"no"},"_links":{"self":[{"href":"https:\/\/tabaccomd.com\/ro\/wp-json\/wp\/v2\/product\/127391","targetHints":{"allow":["GET"]}}],"collection":[{"href":"https:\/\/tabaccomd.com\/ro\/wp-json\/wp\/v2\/product"}],"about":[{"href":"https:\/\/tabaccomd.com\/ro\/wp-json\/wp\/v2\/types\/product"}],"wp:featuredmedia":[{"embeddable":true,"href":"https:\/\/tabaccomd.com\/ro\/wp-json\/wp\/v2\/media\/127393"}],"wp:attachment":[{"href":"https:\/\/tabaccomd.com\/ro\/wp-json\/wp\/v2\/media?parent=127391"}],"wp:term":[{"taxonomy":"product_brand","embeddable":true,"href":"https:\/\/tabaccomd.com\/ro\/wp-json\/wp\/v2\/product_brand?post=127391"},{"taxonomy":"product_cat","embeddable":true,"href":"https:\/\/tabaccomd.com\/ro\/wp-json\/wp\/v2\/product_cat?post=127391"},{"taxonomy":"product_tag","embeddable":true,"href":"https:\/\/tabaccomd.com\/ro\/wp-json\/wp\/v2\/product_tag?post=127391"}],"curies":[{"name":"wp","href":"https:\/\/api.w.org\/{rel}","templated":true}]}}