{"id":127329,"date":"2023-10-06T16:02:25","date_gmt":"2023-10-06T13:02:25","guid":{"rendered":"https:\/\/tabaccomd.com\/product\/tabacco-combo-pack-pentru-narghilea-2\/"},"modified":"2024-04-27T14:43:25","modified_gmt":"2024-04-27T11:43:25","slug":"tabacco-combo-pack-pentru-narghilea-2","status":"publish","type":"product","link":"https:\/\/tabaccomd.com\/ro\/product\/tabacco-combo-pack-pentru-narghilea-2\/","title":{"rendered":"Tabacco Combo Pack pentru Narghilea &#8211; 2"},"content":{"rendered":"<p>La alegerea a oricare 2 arome de tutun de narghilea de \u00eenalt\u0103 calitate H Hookah \u00een volum de 50 de grame \u0219i c\u0103rbune natural de cocos TOM COCO Gold C25 \u00een volum de 1 kg, ve\u021bi primi cadou 2 pachete de tutun H Hookah \u00een volum de 50 de grame. <strong>Promo\u021bie valabil\u0103 doar online!<\/strong><\/p>\n<p>Pute\u021bi achizi\u021biona Combo Pack pentru Narghilea \u00een Moldova, Chi\u0219in\u0103u, \u00een re\u021beaua de magazine Tabacco House.<\/p>\n","protected":false},"excerpt":{"rendered":"<ul>\n<li><strong>Promo\u021bie valabil\u0103 doar online!<\/strong><\/li>\n<li>Volum tutun: 2x50g<\/li>\n<li>Cantitatea de fum: Mult\u0103<\/li>\n<li>Produc\u0103tor: Georgia<\/li>\n<li>T\u0103rie: Medie<\/li>\n<li>Volum c\u0103rbune: TOM COCO Gold 1kg<\/li>\n<li>Dimensiune cuburi: 25x25x25<\/li>\n<li><strong>Cadou: 2x50g tutun de narghilea H Hookah la alegerea dvs<\/strong><\/li>\n<\/ul>\n","protected":false},"featured_media":127328,"template":"","meta":{"om_disable_all_campaigns":false,"_monsterinsights_skip_tracking":false,"_monsterinsights_sitenote_active":false,"_monsterinsights_sitenote_note":"","_monsterinsights_sitenote_category":0},"product_brand":[],"product_cat":[230,380],"product_tag":[],"class_list":{"0":"post-127329","1":"product","2":"type-product","3":"status-publish","4":"has-post-thumbnail","6":"product_cat-tutun-pentru-narghilea","7":"product_cat----h-hookah","9":"first","10":"instock","11":"sale","12":"taxable","13":"shipping-taxable","14":"purchasable","15":"product-type-simple"},"aioseo_notices":[],"aioseo_head":"\n\t\t<!-- All in One SEO Pro 4.9.5.2 - aioseo.com -->\n\t<meta name=\"robots\" content=\"max-image-preview:large\" \/>\n\t<link rel=\"canonical\" href=\"https:\/\/tabaccomd.com\/ro\/product\/tabacco-combo-pack-pentru-narghilea-2\/\" \/>\n\t<meta name=\"generator\" content=\"All in One SEO Pro (AIOSEO) 4.9.5.2\" \/>\n\t\t<meta property=\"og:locale\" content=\"ro_RO\" \/>\n\t\t<meta property=\"og:site_name\" content=\"Tabacco House \u2013 \u041c\u0430\u0433\u0430\u0437\u0438\u043d \u0442\u0430\u0431\u0430\u0447\u043d\u044b\u0445 \u0438\u0437\u0434\u0435\u043b\u0438\u0439\" \/>\n\t\t<meta property=\"og:type\" content=\"article\" \/>\n\t\t<meta property=\"og:title\" content=\"Tabacco Combo Pack pentru Narghilea \u2013 2 \u2013 Tabacco House\" \/>\n\t\t<meta property=\"og:url\" content=\"https:\/\/tabaccomd.com\/ro\/product\/tabacco-combo-pack-pentru-narghilea-2\/\" \/>\n\t\t<meta property=\"article:published_time\" content=\"2023-10-06T13:02:25+00:00\" \/>\n\t\t<meta property=\"article:modified_time\" content=\"2024-04-27T11:43:25+00:00\" \/>\n\t\t<meta property=\"article:publisher\" content=\"https:\/\/www.facebook.com\/tabaccomd.com\/\" \/>\n\t\t<meta name=\"twitter:card\" content=\"summary_large_image\" \/>\n\t\t<meta name=\"twitter:title\" content=\"Tabacco Combo Pack pentru Narghilea \u2013 2 \u2013 Tabacco House\" \/>\n\t\t<script type=\"application\/ld+json\" class=\"aioseo-schema\">\n\t\t\t{\"@context\":\"https:\\\/\\\/schema.org\",\"@graph\":[{\"@type\":\"BreadcrumbList\",\"@id\":\"https:\\\/\\\/tabaccomd.com\\\/ro\\\/product\\\/tabacco-combo-pack-pentru-narghilea-2\\\/#breadcrumblist\",\"itemListElement\":[{\"@type\":\"ListItem\",\"@id\":\"https:\\\/\\\/tabaccomd.com\\\/ro\\\/#listItem\",\"position\":1,\"name\":\"\\u0413\\u043b\\u0430\\u0432\\u043d\\u0430\\u044f\",\"item\":\"https:\\\/\\\/tabaccomd.com\\\/ro\\\/\",\"nextItem\":{\"@type\":\"ListItem\",\"@id\":\"https:\\\/\\\/tabaccomd.com\\\/ro\\\/catalog\\\/#listItem\",\"name\":\"Catalog\"}},{\"@type\":\"ListItem\",\"@id\":\"https:\\\/\\\/tabaccomd.com\\\/ro\\\/catalog\\\/#listItem\",\"position\":2,\"name\":\"Catalog\",\"item\":\"https:\\\/\\\/tabaccomd.com\\\/ro\\\/catalog\\\/\",\"nextItem\":{\"@type\":\"ListItem\",\"@id\":\"https:\\\/\\\/tabaccomd.com\\\/ro\\\/product-category\\\/tutun\\\/#listItem\",\"name\":\"Tutun\"},\"previousItem\":{\"@type\":\"ListItem\",\"@id\":\"https:\\\/\\\/tabaccomd.com\\\/ro\\\/#listItem\",\"name\":\"\\u0413\\u043b\\u0430\\u0432\\u043d\\u0430\\u044f\"}},{\"@type\":\"ListItem\",\"@id\":\"https:\\\/\\\/tabaccomd.com\\\/ro\\\/product-category\\\/tutun\\\/#listItem\",\"position\":3,\"name\":\"Tutun\",\"item\":\"https:\\\/\\\/tabaccomd.com\\\/ro\\\/product-category\\\/tutun\\\/\",\"nextItem\":{\"@type\":\"ListItem\",\"@id\":\"https:\\\/\\\/tabaccomd.com\\\/ro\\\/product-category\\\/tutun\\\/tutun-pentru-narghilea\\\/#listItem\",\"name\":\"Tutun pentru narghilea\"},\"previousItem\":{\"@type\":\"ListItem\",\"@id\":\"https:\\\/\\\/tabaccomd.com\\\/ro\\\/catalog\\\/#listItem\",\"name\":\"Catalog\"}},{\"@type\":\"ListItem\",\"@id\":\"https:\\\/\\\/tabaccomd.com\\\/ro\\\/product-category\\\/tutun\\\/tutun-pentru-narghilea\\\/#listItem\",\"position\":4,\"name\":\"Tutun pentru narghilea\",\"item\":\"https:\\\/\\\/tabaccomd.com\\\/ro\\\/product-category\\\/tutun\\\/tutun-pentru-narghilea\\\/\",\"nextItem\":{\"@type\":\"ListItem\",\"@id\":\"https:\\\/\\\/tabaccomd.com\\\/ro\\\/product-category\\\/tutun\\\/tutun-pentru-narghilea\\\/%d1%82%d0%b0%d0%b1%d0%b0%d0%ba-%d0%b4%d0%bb%d1%8f-%d0%ba%d0%b0%d0%bb%d1%8c%d1%8f%d0%bd%d0%b0-h-hookah\\\/#listItem\",\"name\":\"Tutun pentru Narghilea H Hookah\"},\"previousItem\":{\"@type\":\"ListItem\",\"@id\":\"https:\\\/\\\/tabaccomd.com\\\/ro\\\/product-category\\\/tutun\\\/#listItem\",\"name\":\"Tutun\"}},{\"@type\":\"ListItem\",\"@id\":\"https:\\\/\\\/tabaccomd.com\\\/ro\\\/product-category\\\/tutun\\\/tutun-pentru-narghilea\\\/%d1%82%d0%b0%d0%b1%d0%b0%d0%ba-%d0%b4%d0%bb%d1%8f-%d0%ba%d0%b0%d0%bb%d1%8c%d1%8f%d0%bd%d0%b0-h-hookah\\\/#listItem\",\"position\":5,\"name\":\"Tutun pentru Narghilea H Hookah\",\"item\":\"https:\\\/\\\/tabaccomd.com\\\/ro\\\/product-category\\\/tutun\\\/tutun-pentru-narghilea\\\/%d1%82%d0%b0%d0%b1%d0%b0%d0%ba-%d0%b4%d0%bb%d1%8f-%d0%ba%d0%b0%d0%bb%d1%8c%d1%8f%d0%bd%d0%b0-h-hookah\\\/\",\"nextItem\":{\"@type\":\"ListItem\",\"@id\":\"https:\\\/\\\/tabaccomd.com\\\/ro\\\/product\\\/tabacco-combo-pack-pentru-narghilea-2\\\/#listItem\",\"name\":\"Tabacco Combo Pack pentru Narghilea &#8211; 2\"},\"previousItem\":{\"@type\":\"ListItem\",\"@id\":\"https:\\\/\\\/tabaccomd.com\\\/ro\\\/product-category\\\/tutun\\\/tutun-pentru-narghilea\\\/#listItem\",\"name\":\"Tutun pentru narghilea\"}},{\"@type\":\"ListItem\",\"@id\":\"https:\\\/\\\/tabaccomd.com\\\/ro\\\/product\\\/tabacco-combo-pack-pentru-narghilea-2\\\/#listItem\",\"position\":6,\"name\":\"Tabacco Combo Pack pentru Narghilea &#8211; 2\",\"previousItem\":{\"@type\":\"ListItem\",\"@id\":\"https:\\\/\\\/tabaccomd.com\\\/ro\\\/product-category\\\/tutun\\\/tutun-pentru-narghilea\\\/%d1%82%d0%b0%d0%b1%d0%b0%d0%ba-%d0%b4%d0%bb%d1%8f-%d0%ba%d0%b0%d0%bb%d1%8c%d1%8f%d0%bd%d0%b0-h-hookah\\\/#listItem\",\"name\":\"Tutun pentru Narghilea H Hookah\"}}]},{\"@type\":\"Organization\",\"@id\":\"https:\\\/\\\/tabaccomd.com\\\/ro\\\/#organization\",\"name\":\"Tabacco House\",\"description\":\"\\u041c\\u0430\\u0433\\u0430\\u0437\\u0438\\u043d \\u0442\\u0430\\u0431\\u0430\\u0447\\u043d\\u044b\\u0445 \\u0438\\u0437\\u0434\\u0435\\u043b\\u0438\\u0439\",\"url\":\"https:\\\/\\\/tabaccomd.com\\\/ro\\\/\",\"email\":\"Office@cazacuhouse.com\",\"telephone\":\"+37361000935\",\"logo\":{\"@type\":\"ImageObject\",\"url\":\"https:\\\/\\\/tabaccomd.com\\\/wp-content\\\/uploads\\\/2024\\\/02\\\/logo_header3.png\",\"@id\":\"https:\\\/\\\/tabaccomd.com\\\/ro\\\/product\\\/tabacco-combo-pack-pentru-narghilea-2\\\/#organizationLogo\",\"width\":32,\"height\":32,\"caption\":\"Tabacco House\"},\"image\":{\"@id\":\"https:\\\/\\\/tabaccomd.com\\\/ro\\\/product\\\/tabacco-combo-pack-pentru-narghilea-2\\\/#organizationLogo\"},\"sameAs\":[\"https:\\\/\\\/www.facebook.com\\\/tabaccomd.com\\\/\",\"https:\\\/\\\/www.instagram.com\\\/tabaccomd.com\\\/\"],\"address\":{\"@id\":\"https:\\\/\\\/tabaccomd.com\\\/ro\\\/#postaladdress\",\"@type\":\"PostalAddress\",\"streetAddress\":\"Strada Albi\\u015foara 4, Chi\\u0219in\\u0103u, Bulevardul \\u0218tefan cel Mare \\u0219i Sf\\u00eent 136, Chi\\u0219in\\u0103u\",\"addressLocality\":\"Chi\\u0219in\\u0103u\",\"addressCountry\":\"MD\"}},{\"@type\":\"Product\",\"@id\":\"https:\\\/\\\/tabaccomd.com\\\/ro\\\/product\\\/tabacco-combo-pack-pentru-narghilea-2\\\/#wooCommerceProduct\",\"name\":\"Tabacco Combo Pack pentru Narghilea - 2\",\"description\":\"Promo\\u021bie valabil\\u0103 doar online!\\r\\n \\tVolum tutun: 2x50g\\r\\n \\tCantitatea de fum: Mult\\u0103\\r\\n \\tProduc\\u0103tor: Georgia\\r\\n \\tT\\u0103rie: Medie\\r\\n \\tVolum c\\u0103rbune: TOM COCO Gold 1kg\\r\\n \\tDimensiune cuburi: 25x25x25\\r\\n \\tCadou: 2x50g tutun de narghilea H Hookah la alegerea dvs\",\"url\":\"https:\\\/\\\/tabaccomd.com\\\/ro\\\/product\\\/tabacco-combo-pack-pentru-narghilea-2\\\/\",\"image\":{\"@type\":\"ImageObject\",\"url\":\"https:\\\/\\\/tabaccomd.com\\\/wp-content\\\/uploads\\\/2023\\\/10\\\/8.png\",\"@id\":\"https:\\\/\\\/tabaccomd.com\\\/ro\\\/product\\\/tabacco-combo-pack-pentru-narghilea-2\\\/#productImage\",\"width\":2000,\"height\":2000,\"caption\":\"Combo 2\"},\"offers\":{\"@type\":\"Offer\",\"url\":\"https:\\\/\\\/tabaccomd.com\\\/ro\\\/product\\\/tabacco-combo-pack-pentru-narghilea-2\\\/#wooCommerceOffer\",\"price\":260,\"priceCurrency\":\"MDL\",\"category\":\"Tutun pentru narghilea\",\"availability\":\"https:\\\/\\\/schema.org\\\/InStock\",\"priceSpecification\":{\"@type\":\"PriceSpecification\",\"price\":260,\"priceCurrency\":\"MDL\",\"valueAddedTaxIncluded\":\"true\"},\"seller\":{\"@type\":\"Organization\",\"@id\":\"https:\\\/\\\/tabaccomd.com\\\/ro\\\/#organization\"}}},{\"@type\":\"WebPage\",\"@id\":\"https:\\\/\\\/tabaccomd.com\\\/ro\\\/product\\\/tabacco-combo-pack-pentru-narghilea-2\\\/#webpage\",\"url\":\"https:\\\/\\\/tabaccomd.com\\\/ro\\\/product\\\/tabacco-combo-pack-pentru-narghilea-2\\\/\",\"name\":\"Tabacco Combo Pack pentru Narghilea \\u2013 2 \\u2013 Tabacco House\",\"inLanguage\":\"ro-RO\",\"isPartOf\":{\"@id\":\"https:\\\/\\\/tabaccomd.com\\\/ro\\\/#website\"},\"breadcrumb\":{\"@id\":\"https:\\\/\\\/tabaccomd.com\\\/ro\\\/product\\\/tabacco-combo-pack-pentru-narghilea-2\\\/#breadcrumblist\"},\"image\":{\"@type\":\"ImageObject\",\"url\":\"https:\\\/\\\/tabaccomd.com\\\/wp-content\\\/uploads\\\/2023\\\/10\\\/8.png\",\"@id\":\"https:\\\/\\\/tabaccomd.com\\\/ro\\\/product\\\/tabacco-combo-pack-pentru-narghilea-2\\\/#mainImage\",\"width\":2000,\"height\":2000,\"caption\":\"Combo 2\"},\"primaryImageOfPage\":{\"@id\":\"https:\\\/\\\/tabaccomd.com\\\/ro\\\/product\\\/tabacco-combo-pack-pentru-narghilea-2\\\/#mainImage\"},\"datePublished\":\"2023-10-06T16:02:25+03:00\",\"dateModified\":\"2024-04-27T14:43:25+03:00\"},{\"@type\":\"WebSite\",\"@id\":\"https:\\\/\\\/tabaccomd.com\\\/ro\\\/#website\",\"url\":\"https:\\\/\\\/tabaccomd.com\\\/ro\\\/\",\"name\":\"Tabacco House\",\"alternateName\":\"tobaccomd.com\",\"description\":\"\\u041c\\u0430\\u0433\\u0430\\u0437\\u0438\\u043d \\u0442\\u0430\\u0431\\u0430\\u0447\\u043d\\u044b\\u0445 \\u0438\\u0437\\u0434\\u0435\\u043b\\u0438\\u0439\",\"inLanguage\":\"ro-RO\",\"publisher\":{\"@id\":\"https:\\\/\\\/tabaccomd.com\\\/ro\\\/#organization\"}}]}\n\t\t<\/script>\n\t\t<!-- All in One SEO Pro -->\r\n\t\t<title>Tabacco Combo Pack pentru Narghilea \u2013 2 \u2013 Tabacco House<\/title>\n\n","aioseo_head_json":{"title":"Tabacco Combo Pack pentru Narghilea \u2013 2 \u2013 Tabacco House","description":"","canonical_url":"https:\/\/tabaccomd.com\/ro\/product\/tabacco-combo-pack-pentru-narghilea-2\/","robots":"max-image-preview:large","keywords":"","webmasterTools":{"miscellaneous":""},"schema":{"@context":"https:\/\/schema.org","@graph":[{"@type":"BreadcrumbList","@id":"https:\/\/tabaccomd.com\/ro\/product\/tabacco-combo-pack-pentru-narghilea-2\/#breadcrumblist","itemListElement":[{"@type":"ListItem","@id":"https:\/\/tabaccomd.com\/ro\/#listItem","position":1,"name":"\u0413\u043b\u0430\u0432\u043d\u0430\u044f","item":"https:\/\/tabaccomd.com\/ro\/","nextItem":{"@type":"ListItem","@id":"https:\/\/tabaccomd.com\/ro\/catalog\/#listItem","name":"Catalog"}},{"@type":"ListItem","@id":"https:\/\/tabaccomd.com\/ro\/catalog\/#listItem","position":2,"name":"Catalog","item":"https:\/\/tabaccomd.com\/ro\/catalog\/","nextItem":{"@type":"ListItem","@id":"https:\/\/tabaccomd.com\/ro\/product-category\/tutun\/#listItem","name":"Tutun"},"previousItem":{"@type":"ListItem","@id":"https:\/\/tabaccomd.com\/ro\/#listItem","name":"\u0413\u043b\u0430\u0432\u043d\u0430\u044f"}},{"@type":"ListItem","@id":"https:\/\/tabaccomd.com\/ro\/product-category\/tutun\/#listItem","position":3,"name":"Tutun","item":"https:\/\/tabaccomd.com\/ro\/product-category\/tutun\/","nextItem":{"@type":"ListItem","@id":"https:\/\/tabaccomd.com\/ro\/product-category\/tutun\/tutun-pentru-narghilea\/#listItem","name":"Tutun pentru narghilea"},"previousItem":{"@type":"ListItem","@id":"https:\/\/tabaccomd.com\/ro\/catalog\/#listItem","name":"Catalog"}},{"@type":"ListItem","@id":"https:\/\/tabaccomd.com\/ro\/product-category\/tutun\/tutun-pentru-narghilea\/#listItem","position":4,"name":"Tutun pentru narghilea","item":"https:\/\/tabaccomd.com\/ro\/product-category\/tutun\/tutun-pentru-narghilea\/","nextItem":{"@type":"ListItem","@id":"https:\/\/tabaccomd.com\/ro\/product-category\/tutun\/tutun-pentru-narghilea\/%d1%82%d0%b0%d0%b1%d0%b0%d0%ba-%d0%b4%d0%bb%d1%8f-%d0%ba%d0%b0%d0%bb%d1%8c%d1%8f%d0%bd%d0%b0-h-hookah\/#listItem","name":"Tutun pentru Narghilea H Hookah"},"previousItem":{"@type":"ListItem","@id":"https:\/\/tabaccomd.com\/ro\/product-category\/tutun\/#listItem","name":"Tutun"}},{"@type":"ListItem","@id":"https:\/\/tabaccomd.com\/ro\/product-category\/tutun\/tutun-pentru-narghilea\/%d1%82%d0%b0%d0%b1%d0%b0%d0%ba-%d0%b4%d0%bb%d1%8f-%d0%ba%d0%b0%d0%bb%d1%8c%d1%8f%d0%bd%d0%b0-h-hookah\/#listItem","position":5,"name":"Tutun pentru Narghilea H Hookah","item":"https:\/\/tabaccomd.com\/ro\/product-category\/tutun\/tutun-pentru-narghilea\/%d1%82%d0%b0%d0%b1%d0%b0%d0%ba-%d0%b4%d0%bb%d1%8f-%d0%ba%d0%b0%d0%bb%d1%8c%d1%8f%d0%bd%d0%b0-h-hookah\/","nextItem":{"@type":"ListItem","@id":"https:\/\/tabaccomd.com\/ro\/product\/tabacco-combo-pack-pentru-narghilea-2\/#listItem","name":"Tabacco Combo Pack pentru Narghilea &#8211; 2"},"previousItem":{"@type":"ListItem","@id":"https:\/\/tabaccomd.com\/ro\/product-category\/tutun\/tutun-pentru-narghilea\/#listItem","name":"Tutun pentru narghilea"}},{"@type":"ListItem","@id":"https:\/\/tabaccomd.com\/ro\/product\/tabacco-combo-pack-pentru-narghilea-2\/#listItem","position":6,"name":"Tabacco Combo Pack pentru Narghilea &#8211; 2","previousItem":{"@type":"ListItem","@id":"https:\/\/tabaccomd.com\/ro\/product-category\/tutun\/tutun-pentru-narghilea\/%d1%82%d0%b0%d0%b1%d0%b0%d0%ba-%d0%b4%d0%bb%d1%8f-%d0%ba%d0%b0%d0%bb%d1%8c%d1%8f%d0%bd%d0%b0-h-hookah\/#listItem","name":"Tutun pentru Narghilea H Hookah"}}]},{"@type":"Organization","@id":"https:\/\/tabaccomd.com\/ro\/#organization","name":"Tabacco House","description":"\u041c\u0430\u0433\u0430\u0437\u0438\u043d \u0442\u0430\u0431\u0430\u0447\u043d\u044b\u0445 \u0438\u0437\u0434\u0435\u043b\u0438\u0439","url":"https:\/\/tabaccomd.com\/ro\/","email":"Office@cazacuhouse.com","telephone":"+37361000935","logo":{"@type":"ImageObject","url":"https:\/\/tabaccomd.com\/wp-content\/uploads\/2024\/02\/logo_header3.png","@id":"https:\/\/tabaccomd.com\/ro\/product\/tabacco-combo-pack-pentru-narghilea-2\/#organizationLogo","width":32,"height":32,"caption":"Tabacco House"},"image":{"@id":"https:\/\/tabaccomd.com\/ro\/product\/tabacco-combo-pack-pentru-narghilea-2\/#organizationLogo"},"sameAs":["https:\/\/www.facebook.com\/tabaccomd.com\/","https:\/\/www.instagram.com\/tabaccomd.com\/"],"address":{"@id":"https:\/\/tabaccomd.com\/ro\/#postaladdress","@type":"PostalAddress","streetAddress":"Strada Albi\u015foara 4, Chi\u0219in\u0103u, Bulevardul \u0218tefan cel Mare \u0219i Sf\u00eent 136, Chi\u0219in\u0103u","addressLocality":"Chi\u0219in\u0103u","addressCountry":"MD"}},{"@type":"Product","@id":"https:\/\/tabaccomd.com\/ro\/product\/tabacco-combo-pack-pentru-narghilea-2\/#wooCommerceProduct","name":"Tabacco Combo Pack pentru Narghilea - 2","description":"Promo\u021bie valabil\u0103 doar online!\r\n \tVolum tutun: 2x50g\r\n \tCantitatea de fum: Mult\u0103\r\n \tProduc\u0103tor: Georgia\r\n \tT\u0103rie: Medie\r\n \tVolum c\u0103rbune: TOM COCO Gold 1kg\r\n \tDimensiune cuburi: 25x25x25\r\n \tCadou: 2x50g tutun de narghilea H Hookah la alegerea dvs","url":"https:\/\/tabaccomd.com\/ro\/product\/tabacco-combo-pack-pentru-narghilea-2\/","image":{"@type":"ImageObject","url":"https:\/\/tabaccomd.com\/wp-content\/uploads\/2023\/10\/8.png","@id":"https:\/\/tabaccomd.com\/ro\/product\/tabacco-combo-pack-pentru-narghilea-2\/#productImage","width":2000,"height":2000,"caption":"Combo 2"},"offers":{"@type":"Offer","url":"https:\/\/tabaccomd.com\/ro\/product\/tabacco-combo-pack-pentru-narghilea-2\/#wooCommerceOffer","price":260,"priceCurrency":"MDL","category":"Tutun pentru narghilea","availability":"https:\/\/schema.org\/InStock","priceSpecification":{"@type":"PriceSpecification","price":260,"priceCurrency":"MDL","valueAddedTaxIncluded":"true"},"seller":{"@type":"Organization","@id":"https:\/\/tabaccomd.com\/ro\/#organization"}}},{"@type":"WebPage","@id":"https:\/\/tabaccomd.com\/ro\/product\/tabacco-combo-pack-pentru-narghilea-2\/#webpage","url":"https:\/\/tabaccomd.com\/ro\/product\/tabacco-combo-pack-pentru-narghilea-2\/","name":"Tabacco Combo Pack pentru Narghilea \u2013 2 \u2013 Tabacco House","inLanguage":"ro-RO","isPartOf":{"@id":"https:\/\/tabaccomd.com\/ro\/#website"},"breadcrumb":{"@id":"https:\/\/tabaccomd.com\/ro\/product\/tabacco-combo-pack-pentru-narghilea-2\/#breadcrumblist"},"image":{"@type":"ImageObject","url":"https:\/\/tabaccomd.com\/wp-content\/uploads\/2023\/10\/8.png","@id":"https:\/\/tabaccomd.com\/ro\/product\/tabacco-combo-pack-pentru-narghilea-2\/#mainImage","width":2000,"height":2000,"caption":"Combo 2"},"primaryImageOfPage":{"@id":"https:\/\/tabaccomd.com\/ro\/product\/tabacco-combo-pack-pentru-narghilea-2\/#mainImage"},"datePublished":"2023-10-06T16:02:25+03:00","dateModified":"2024-04-27T14:43:25+03:00"},{"@type":"WebSite","@id":"https:\/\/tabaccomd.com\/ro\/#website","url":"https:\/\/tabaccomd.com\/ro\/","name":"Tabacco House","alternateName":"tobaccomd.com","description":"\u041c\u0430\u0433\u0430\u0437\u0438\u043d \u0442\u0430\u0431\u0430\u0447\u043d\u044b\u0445 \u0438\u0437\u0434\u0435\u043b\u0438\u0439","inLanguage":"ro-RO","publisher":{"@id":"https:\/\/tabaccomd.com\/ro\/#organization"}}]},"og:locale":"ro_RO","og:site_name":"Tabacco House \u2013 \u041c\u0430\u0433\u0430\u0437\u0438\u043d \u0442\u0430\u0431\u0430\u0447\u043d\u044b\u0445 \u0438\u0437\u0434\u0435\u043b\u0438\u0439","og:type":"article","og:title":"Tabacco Combo Pack pentru Narghilea \u2013 2 \u2013 Tabacco House","og:url":"https:\/\/tabaccomd.com\/ro\/product\/tabacco-combo-pack-pentru-narghilea-2\/","article:published_time":"2023-10-06T13:02:25+00:00","article:modified_time":"2024-04-27T11:43:25+00:00","article:publisher":"https:\/\/www.facebook.com\/tabaccomd.com\/","twitter:card":"summary_large_image","twitter:title":"Tabacco Combo Pack pentru Narghilea \u2013 2 \u2013 Tabacco House"},"aioseo_meta_data":{"post_id":"127329","title":null,"description":null,"keywords":null,"keyphrases":null,"primary_term":null,"canonical_url":null,"og_title":null,"og_description":null,"og_object_type":"default","og_image_type":"default","og_image_url":null,"og_image_width":null,"og_image_height":null,"og_image_custom_url":null,"og_image_custom_fields":null,"og_video":null,"og_custom_url":null,"og_article_section":null,"og_article_tags":null,"twitter_use_og":false,"twitter_card":"default","twitter_image_type":"default","twitter_image_url":null,"twitter_image_custom_url":null,"twitter_image_custom_fields":null,"twitter_title":null,"twitter_description":null,"schema":{"blockGraphs":[],"customGraphs":[],"default":{"data":{"Article":[],"Course":[],"Dataset":[],"FAQPage":[],"Movie":[],"Person":[],"Product":[],"ProductReview":[],"Car":[],"Recipe":[],"Service":[],"SoftwareApplication":[],"WebPage":[]},"graphName":"","isEnabled":true},"graphs":[]},"schema_type":"default","schema_type_options":null,"pillar_content":false,"robots_default":true,"robots_noindex":false,"robots_noarchive":false,"robots_nosnippet":false,"robots_nofollow":false,"robots_noimageindex":false,"robots_noodp":false,"robots_notranslate":false,"robots_max_snippet":null,"robots_max_videopreview":null,"robots_max_imagepreview":"large","priority":null,"frequency":null,"local_seo":null,"seo_analyzer_scan_date":"2025-10-20 11:20:59","breadcrumb_settings":null,"limit_modified_date":false,"reviewed_by":null,"open_ai":null,"ai":null,"created":"2023-10-06 13:30:15","updated":"2025-10-20 11:20:59"},"aioseo_breadcrumb":"<div class=\"aioseo-breadcrumbs\"><span class=\"aioseo-breadcrumb\">\n\t<a href=\"https:\/\/tabaccomd.com\/ro\/\" title=\"\u0413\u043b\u0430\u0432\u043d\u0430\u044f\">\u0413\u043b\u0430\u0432\u043d\u0430\u044f<\/a>\n<\/span><span class=\"aioseo-breadcrumb-separator\">\u00bb<\/span><span class=\"aioseo-breadcrumb\">\n\t<a href=\"https:\/\/tabaccomd.com\/ro\/catalog\/\" title=\"Catalog\">Catalog<\/a>\n<\/span><span class=\"aioseo-breadcrumb-separator\">\u00bb<\/span><span class=\"aioseo-breadcrumb\">\n\t<a href=\"https:\/\/tabaccomd.com\/ro\/product-category\/tutun\/\" title=\"Tutun\">Tutun<\/a>\n<\/span><span class=\"aioseo-breadcrumb-separator\">\u00bb<\/span><span class=\"aioseo-breadcrumb\">\n\t<a href=\"https:\/\/tabaccomd.com\/ro\/product-category\/tutun\/tutun-pentru-narghilea\/\" title=\"Tutun pentru narghilea\">Tutun pentru narghilea<\/a>\n<\/span><span class=\"aioseo-breadcrumb-separator\">\u00bb<\/span><span class=\"aioseo-breadcrumb\">\n\t<a href=\"https:\/\/tabaccomd.com\/ro\/product-category\/tutun\/tutun-pentru-narghilea\/%d1%82%d0%b0%d0%b1%d0%b0%d0%ba-%d0%b4%d0%bb%d1%8f-%d0%ba%d0%b0%d0%bb%d1%8c%d1%8f%d0%bd%d0%b0-h-hookah\/\" title=\"Tutun pentru Narghilea H Hookah\">Tutun pentru Narghilea H Hookah<\/a>\n<\/span><span class=\"aioseo-breadcrumb-separator\">\u00bb<\/span><span class=\"aioseo-breadcrumb\">\n\tTabacco Combo Pack pentru Narghilea \u2013 2\n<\/span><\/div>","aioseo_breadcrumb_json":[{"label":"\u0413\u043b\u0430\u0432\u043d\u0430\u044f","link":"https:\/\/tabaccomd.com\/ro\/"},{"label":"Catalog","link":"https:\/\/tabaccomd.com\/ro\/catalog\/"},{"label":"Tutun","link":"https:\/\/tabaccomd.com\/ro\/product-category\/tutun\/"},{"label":"Tutun pentru narghilea","link":"https:\/\/tabaccomd.com\/ro\/product-category\/tutun\/tutun-pentru-narghilea\/"},{"label":"Tutun pentru Narghilea H Hookah","link":"https:\/\/tabaccomd.com\/ro\/product-category\/tutun\/tutun-pentru-narghilea\/%d1%82%d0%b0%d0%b1%d0%b0%d0%ba-%d0%b4%d0%bb%d1%8f-%d0%ba%d0%b0%d0%bb%d1%8c%d1%8f%d0%bd%d0%b0-h-hookah\/"},{"label":"Tabacco Combo Pack pentru Narghilea &#8211; 2","link":"https:\/\/tabaccomd.com\/ro\/product\/tabacco-combo-pack-pentru-narghilea-2\/"}],"images_for_1c":[{"url":"https:\/\/tabaccomd.com\/wp-content\/uploads\/2023\/10\/8.png","type":"featured","alt":"Combo 2","filename":"8.png"}],"additional_data_1c":{"modified_date":"2024-04-27 14:43:25","permalink":"https:\/\/tabaccomd.com\/ro\/product\/tabacco-combo-pack-pentru-narghilea-2\/","stock_status":"instock","manage_stock":"no"},"_links":{"self":[{"href":"https:\/\/tabaccomd.com\/ro\/wp-json\/wp\/v2\/product\/127329","targetHints":{"allow":["GET"]}}],"collection":[{"href":"https:\/\/tabaccomd.com\/ro\/wp-json\/wp\/v2\/product"}],"about":[{"href":"https:\/\/tabaccomd.com\/ro\/wp-json\/wp\/v2\/types\/product"}],"wp:featuredmedia":[{"embeddable":true,"href":"https:\/\/tabaccomd.com\/ro\/wp-json\/wp\/v2\/media\/127328"}],"wp:attachment":[{"href":"https:\/\/tabaccomd.com\/ro\/wp-json\/wp\/v2\/media?parent=127329"}],"wp:term":[{"taxonomy":"product_brand","embeddable":true,"href":"https:\/\/tabaccomd.com\/ro\/wp-json\/wp\/v2\/product_brand?post=127329"},{"taxonomy":"product_cat","embeddable":true,"href":"https:\/\/tabaccomd.com\/ro\/wp-json\/wp\/v2\/product_cat?post=127329"},{"taxonomy":"product_tag","embeddable":true,"href":"https:\/\/tabaccomd.com\/ro\/wp-json\/wp\/v2\/product_tag?post=127329"}],"curies":[{"name":"wp","href":"https:\/\/api.w.org\/{rel}","templated":true}]}}