{"id":127303,"date":"2023-10-05T21:37:01","date_gmt":"2023-10-05T18:37:01","guid":{"rendered":"https:\/\/tabaccomd.com\/?post_type=product&#038;p=127303"},"modified":"2025-07-07T17:26:26","modified_gmt":"2025-07-07T14:26:26","slug":"whisky-jack-daniels-honey-0-7-l","status":"publish","type":"product","link":"https:\/\/tabaccomd.com\/ro\/product\/whisky-jack-daniels-honey-0-7-l\/","title":{"rendered":"Whisky Jack Daniel\u2019s Honey 0.7l"},"content":{"rendered":"<div class=\"vc_tta-tabs-container\">\n<div class=\"vc_tta-tabs-scroller text-center\">\n<p>Jack Daniel\u2019s Tennessee Honey este un lichior aromatizat pe baz\u0103 de celebrul\u00a0<a href=\"https:\/\/tabaccomd.com\/ro\/categorie-produs\/alcool-2\/whisky-2\/\">whisky<\/a>\u00a0din Tennessee, Jack Daniel\u2019s Old No. 7, \u00eembog\u0103\u021bit cu miere natural\u0103. B\u0103utura \u00eembin\u0103 gustul caracteristic al whisky-ului clasic cu o not\u0103 dulce \u0219i delicat\u0103 de miere, oferind un profil armonios \u0219i u\u0219or de recunoscut. Este alegerea ideal\u0103 pentru cei care prefer\u0103 b\u0103uturi spirtoase mai bl\u00e2nde \u0219i u\u0219or dulci. Jack Daniel\u2019s Honey este excelent pentru a fi savurat simplu, cu ghea\u021b\u0103 sau ca baz\u0103 \u00een cocktailuri. Este o b\u0103utur\u0103 accesibil\u0103 \u0219i versatil\u0103, apreciat\u0103 at\u00e2t de \u00eencep\u0103tori, c\u00e2t \u0219i de iubitorii de whisky cu un caracter mai fin.<\/p>\n<\/div>\n<\/div>\n<div class=\"tab-content wpb_wrapper\">\n<div id=\"tab-9407\" class=\"tab-pane in active fade half-internal-gutter double-block-padding\">\n<div class=\"product-tab\">\n<div class=\"uncode_text_column\">\n<ul>\n<li><strong data-start=\"632\" data-end=\"644\">Culoare:<\/strong>\u00a0auriu cu nuan\u021be de miere<\/li>\n<li><strong data-start=\"672\" data-end=\"682\" data-is-only-node=\"\">Arom\u0103:<\/strong>\u00a0miere, vanilie, note u\u0219oare de lemn \u0219i caramel<\/li>\n<li><strong data-start=\"732\" data-end=\"741\">Gust:<\/strong>\u00a0catifelat, dulceag, cu accente pronun\u021bate de miere, vanilie, stejar \u0219i un strop de condiment<\/li>\n<li><strong data-start=\"837\" data-end=\"850\">Postgust:<\/strong>\u00a0neted, cu o dulcea\u021b\u0103 pl\u0103cut\u0103 \u0219i un final cald<\/li>\n<\/ul>\n<p>Pute\u021bi achizi\u021biona whisky-ul Jack Daniel\u2019s Honey 0,7l \u00een Moldova, Chi\u0219in\u0103u, \u00een re\u021beaua de magazine Tabacco House.<\/p>\n<\/div>\n<\/div>\n<\/div>\n<\/div>\n","protected":false},"excerpt":{"rendered":"<ul>\n<li>\u021aara produc\u0103toare: Lynchburg, Tennessee, SUA<\/li>\n<li>Produc\u0103tor: Jack Daniel\u2019s Distillery (Brown-Forman)<\/li>\n<li>T\u0103rie: 35%<\/li>\n<li>Tip: Lichior de whisky aromatizat<\/li>\n<li>Volum: 0,7l<\/li>\n<\/ul>\n","protected":false},"featured_media":152440,"template":"","meta":{"om_disable_all_campaigns":false,"_monsterinsights_skip_tracking":false,"_monsterinsights_sitenote_active":false,"_monsterinsights_sitenote_note":"","_monsterinsights_sitenote_category":0},"product_brand":[],"product_cat":[221],"product_tag":[],"class_list":{"0":"post-127303","1":"product","2":"type-product","3":"status-publish","4":"has-post-thumbnail","6":"product_cat-whisky-2","8":"first","9":"instock","10":"taxable","11":"shipping-taxable","12":"purchasable","13":"product-type-simple"},"aioseo_notices":[],"aioseo_head":"\n\t\t<!-- All in One SEO Pro 4.9.6.2 - aioseo.com -->\n\t<meta name=\"description\" content=\"Whisky Jack Daniel\u2019s Honey 0.7l la Chi\u0219in\u0103u cu livrare. \u2b50\u2b50\u2b50\u2b50\u2b50\u260e 061-000-935 Pe site-ul nostru tabaccomd.com avem o selec\u021bie larg\u0103 de b\u0103uturi alcoolice de elit\u0103: whiskey, coniac, rom, gin, vin spumant...\" \/>\n\t<meta name=\"robots\" content=\"max-image-preview:large\" \/>\n\t<link rel=\"canonical\" href=\"https:\/\/tabaccomd.com\/ro\/product\/whisky-jack-daniels-honey-0-7-l\/\" \/>\n\t<meta name=\"generator\" content=\"All in One SEO Pro (AIOSEO) 4.9.6.2\" \/>\n\t\t<meta property=\"og:locale\" content=\"ro_RO\" \/>\n\t\t<meta property=\"og:site_name\" content=\"Tabacco House \u2013 \u041c\u0430\u0433\u0430\u0437\u0438\u043d \u0442\u0430\u0431\u0430\u0447\u043d\u044b\u0445 \u0438\u0437\u0434\u0435\u043b\u0438\u0439\" \/>\n\t\t<meta property=\"og:type\" content=\"article\" \/>\n\t\t<meta property=\"og:title\" content=\"Whisky Jack Daniel\u2019s Honey 0.7l cump\u0103ra\u021bi \u00een Chi\u0219in\u0103u \u2b50 \u2013 Tabacco House\" \/>\n\t\t<meta property=\"og:description\" content=\"Whisky Jack Daniel\u2019s Honey 0.7l la Chi\u0219in\u0103u cu livrare. \u2b50\u2b50\u2b50\u2b50\u2b50\u260e 061-000-935 Pe site-ul nostru tabaccomd.com avem o selec\u021bie larg\u0103 de b\u0103uturi alcoolice de elit\u0103: whiskey, coniac, rom, gin, vin spumant...\" \/>\n\t\t<meta property=\"og:url\" content=\"https:\/\/tabaccomd.com\/ro\/product\/whisky-jack-daniels-honey-0-7-l\/\" \/>\n\t\t<meta property=\"article:published_time\" content=\"2023-10-05T18:37:01+00:00\" \/>\n\t\t<meta property=\"article:modified_time\" content=\"2025-07-07T14:26:26+00:00\" \/>\n\t\t<meta property=\"article:publisher\" content=\"https:\/\/www.facebook.com\/tabaccomd.com\/\" \/>\n\t\t<meta name=\"twitter:card\" content=\"summary_large_image\" \/>\n\t\t<meta name=\"twitter:title\" content=\"Whisky Jack Daniel\u2019s Honey 0.7l cump\u0103ra\u021bi \u00een Chi\u0219in\u0103u \u2b50 \u2013 Tabacco House\" \/>\n\t\t<meta name=\"twitter:description\" content=\"Whisky Jack Daniel\u2019s Honey 0.7l la Chi\u0219in\u0103u cu livrare. \u2b50\u2b50\u2b50\u2b50\u2b50\u260e 061-000-935 Pe site-ul nostru tabaccomd.com avem o selec\u021bie larg\u0103 de b\u0103uturi alcoolice de elit\u0103: whiskey, coniac, rom, gin, vin spumant...\" \/>\n\t\t<script type=\"application\/ld+json\" class=\"aioseo-schema\">\n\t\t\t{\"@context\":\"https:\\\/\\\/schema.org\",\"@graph\":[{\"@type\":\"BreadcrumbList\",\"@id\":\"https:\\\/\\\/tabaccomd.com\\\/ro\\\/product\\\/whisky-jack-daniels-honey-0-7-l\\\/#breadcrumblist\",\"itemListElement\":[{\"@type\":\"ListItem\",\"@id\":\"https:\\\/\\\/tabaccomd.com\\\/ro\\\/#listItem\",\"position\":1,\"name\":\"\\u0413\\u043b\\u0430\\u0432\\u043d\\u0430\\u044f\",\"item\":\"https:\\\/\\\/tabaccomd.com\\\/ro\\\/\",\"nextItem\":{\"@type\":\"ListItem\",\"@id\":\"https:\\\/\\\/tabaccomd.com\\\/ro\\\/catalog\\\/#listItem\",\"name\":\"Catalog\"}},{\"@type\":\"ListItem\",\"@id\":\"https:\\\/\\\/tabaccomd.com\\\/ro\\\/catalog\\\/#listItem\",\"position\":2,\"name\":\"Catalog\",\"item\":\"https:\\\/\\\/tabaccomd.com\\\/ro\\\/catalog\\\/\",\"nextItem\":{\"@type\":\"ListItem\",\"@id\":\"https:\\\/\\\/tabaccomd.com\\\/ro\\\/product-category\\\/alcool-2\\\/#listItem\",\"name\":\"Alcool\"},\"previousItem\":{\"@type\":\"ListItem\",\"@id\":\"https:\\\/\\\/tabaccomd.com\\\/ro\\\/#listItem\",\"name\":\"\\u0413\\u043b\\u0430\\u0432\\u043d\\u0430\\u044f\"}},{\"@type\":\"ListItem\",\"@id\":\"https:\\\/\\\/tabaccomd.com\\\/ro\\\/product-category\\\/alcool-2\\\/#listItem\",\"position\":3,\"name\":\"Alcool\",\"item\":\"https:\\\/\\\/tabaccomd.com\\\/ro\\\/product-category\\\/alcool-2\\\/\",\"nextItem\":{\"@type\":\"ListItem\",\"@id\":\"https:\\\/\\\/tabaccomd.com\\\/ro\\\/product-category\\\/alcool-2\\\/whisky-2\\\/#listItem\",\"name\":\"Whisky\"},\"previousItem\":{\"@type\":\"ListItem\",\"@id\":\"https:\\\/\\\/tabaccomd.com\\\/ro\\\/catalog\\\/#listItem\",\"name\":\"Catalog\"}},{\"@type\":\"ListItem\",\"@id\":\"https:\\\/\\\/tabaccomd.com\\\/ro\\\/product-category\\\/alcool-2\\\/whisky-2\\\/#listItem\",\"position\":4,\"name\":\"Whisky\",\"item\":\"https:\\\/\\\/tabaccomd.com\\\/ro\\\/product-category\\\/alcool-2\\\/whisky-2\\\/\",\"nextItem\":{\"@type\":\"ListItem\",\"@id\":\"https:\\\/\\\/tabaccomd.com\\\/ro\\\/product\\\/whisky-jack-daniels-honey-0-7-l\\\/#listItem\",\"name\":\"Whisky Jack Daniel\\u2019s Honey 0.7l\"},\"previousItem\":{\"@type\":\"ListItem\",\"@id\":\"https:\\\/\\\/tabaccomd.com\\\/ro\\\/product-category\\\/alcool-2\\\/#listItem\",\"name\":\"Alcool\"}},{\"@type\":\"ListItem\",\"@id\":\"https:\\\/\\\/tabaccomd.com\\\/ro\\\/product\\\/whisky-jack-daniels-honey-0-7-l\\\/#listItem\",\"position\":5,\"name\":\"Whisky Jack Daniel\\u2019s Honey 0.7l\",\"previousItem\":{\"@type\":\"ListItem\",\"@id\":\"https:\\\/\\\/tabaccomd.com\\\/ro\\\/product-category\\\/alcool-2\\\/whisky-2\\\/#listItem\",\"name\":\"Whisky\"}}]},{\"@type\":\"Organization\",\"@id\":\"https:\\\/\\\/tabaccomd.com\\\/ro\\\/#organization\",\"name\":\"Tabacco House\",\"description\":\"\\u041c\\u0430\\u0433\\u0430\\u0437\\u0438\\u043d \\u0442\\u0430\\u0431\\u0430\\u0447\\u043d\\u044b\\u0445 \\u0438\\u0437\\u0434\\u0435\\u043b\\u0438\\u0439\",\"url\":\"https:\\\/\\\/tabaccomd.com\\\/ro\\\/\",\"email\":\"Office@cazacuhouse.com\",\"telephone\":\"+37361000935\",\"logo\":{\"@type\":\"ImageObject\",\"url\":\"https:\\\/\\\/tabaccomd.com\\\/wp-content\\\/uploads\\\/2024\\\/02\\\/logo_header3.png\",\"@id\":\"https:\\\/\\\/tabaccomd.com\\\/ro\\\/product\\\/whisky-jack-daniels-honey-0-7-l\\\/#organizationLogo\",\"width\":32,\"height\":32,\"caption\":\"Tabacco House\"},\"image\":{\"@id\":\"https:\\\/\\\/tabaccomd.com\\\/ro\\\/product\\\/whisky-jack-daniels-honey-0-7-l\\\/#organizationLogo\"},\"sameAs\":[\"https:\\\/\\\/www.facebook.com\\\/tabaccomd.com\\\/\",\"https:\\\/\\\/www.instagram.com\\\/tabaccomd.com\\\/\"],\"address\":{\"@id\":\"https:\\\/\\\/tabaccomd.com\\\/ro\\\/#postaladdress\",\"@type\":\"PostalAddress\",\"streetAddress\":\"Strada Albi\\u015foara 4, Chi\\u0219in\\u0103u, Bulevardul \\u0218tefan cel Mare \\u0219i Sf\\u00eent 136, Chi\\u0219in\\u0103u\",\"addressLocality\":\"Chi\\u0219in\\u0103u\",\"addressCountry\":\"MD\"}},{\"@type\":\"Product\",\"@id\":\"https:\\\/\\\/tabaccomd.com\\\/ro\\\/product\\\/whisky-jack-daniels-honey-0-7-l\\\/#wooCommerceProduct\",\"name\":\"Whisky Jack Daniel\\u2019s Honey 0.7l\",\"description\":\"\\u021aara produc\\u0103toare: Lynchburg, Tennessee, SUA\\r\\n \\tProduc\\u0103tor: Jack Daniel\\u2019s Distillery (Brown-Forman)\\r\\n \\tT\\u0103rie: 35%\\r\\n \\tTip: Lichior de whisky aromatizat\\r\\n \\tVolum: 0,7l\",\"url\":\"https:\\\/\\\/tabaccomd.com\\\/ro\\\/product\\\/whisky-jack-daniels-honey-0-7-l\\\/\",\"sku\":\"2140s\",\"image\":{\"@type\":\"ImageObject\",\"url\":\"https:\\\/\\\/tabaccomd.com\\\/wp-content\\\/uploads\\\/2023\\\/10\\\/jack-daniels-honey-whisky-07l.JPG\",\"@id\":\"https:\\\/\\\/tabaccomd.com\\\/ro\\\/product\\\/whisky-jack-daniels-honey-0-7-l\\\/#productImage\",\"width\":1200,\"height\":1200,\"caption\":\"jack-daniels-honey-whisky-07l\"},\"offers\":{\"@type\":\"Offer\",\"url\":\"https:\\\/\\\/tabaccomd.com\\\/ro\\\/product\\\/whisky-jack-daniels-honey-0-7-l\\\/#wooCommerceOffer\",\"price\":535,\"priceCurrency\":\"MDL\",\"category\":\"Whisky\",\"availability\":\"https:\\\/\\\/schema.org\\\/InStock\",\"priceSpecification\":{\"@type\":\"PriceSpecification\",\"price\":535,\"priceCurrency\":\"MDL\",\"valueAddedTaxIncluded\":\"true\"},\"seller\":{\"@type\":\"Organization\",\"@id\":\"https:\\\/\\\/tabaccomd.com\\\/ro\\\/#organization\"}}},{\"@type\":\"WebPage\",\"@id\":\"https:\\\/\\\/tabaccomd.com\\\/ro\\\/product\\\/whisky-jack-daniels-honey-0-7-l\\\/#webpage\",\"url\":\"https:\\\/\\\/tabaccomd.com\\\/ro\\\/product\\\/whisky-jack-daniels-honey-0-7-l\\\/\",\"name\":\"Whisky Jack Daniel\\u2019s Honey 0.7l cump\\u0103ra\\u021bi \\u00een Chi\\u0219in\\u0103u \\u2b50 \\u2013 Tabacco House\",\"description\":\"Whisky Jack Daniel\\u2019s Honey 0.7l la Chi\\u0219in\\u0103u cu livrare. \\u2b50\\u2b50\\u2b50\\u2b50\\u2b50\\u260e 061-000-935 Pe site-ul nostru tabaccomd.com avem o selec\\u021bie larg\\u0103 de b\\u0103uturi alcoolice de elit\\u0103: whiskey, coniac, rom, gin, vin spumant...\",\"inLanguage\":\"ro-RO\",\"isPartOf\":{\"@id\":\"https:\\\/\\\/tabaccomd.com\\\/ro\\\/#website\"},\"breadcrumb\":{\"@id\":\"https:\\\/\\\/tabaccomd.com\\\/ro\\\/product\\\/whisky-jack-daniels-honey-0-7-l\\\/#breadcrumblist\"},\"image\":{\"@type\":\"ImageObject\",\"url\":\"https:\\\/\\\/tabaccomd.com\\\/wp-content\\\/uploads\\\/2023\\\/10\\\/jack-daniels-honey-whisky-07l.JPG\",\"@id\":\"https:\\\/\\\/tabaccomd.com\\\/ro\\\/product\\\/whisky-jack-daniels-honey-0-7-l\\\/#mainImage\",\"width\":1200,\"height\":1200,\"caption\":\"jack-daniels-honey-whisky-07l\"},\"primaryImageOfPage\":{\"@id\":\"https:\\\/\\\/tabaccomd.com\\\/ro\\\/product\\\/whisky-jack-daniels-honey-0-7-l\\\/#mainImage\"},\"datePublished\":\"2023-10-05T21:37:01+03:00\",\"dateModified\":\"2025-07-07T17:26:26+03:00\"},{\"@type\":\"WebSite\",\"@id\":\"https:\\\/\\\/tabaccomd.com\\\/ro\\\/#website\",\"url\":\"https:\\\/\\\/tabaccomd.com\\\/ro\\\/\",\"name\":\"Tabacco House\",\"alternateName\":\"tobaccomd.com\",\"description\":\"\\u041c\\u0430\\u0433\\u0430\\u0437\\u0438\\u043d \\u0442\\u0430\\u0431\\u0430\\u0447\\u043d\\u044b\\u0445 \\u0438\\u0437\\u0434\\u0435\\u043b\\u0438\\u0439\",\"inLanguage\":\"ro-RO\",\"publisher\":{\"@id\":\"https:\\\/\\\/tabaccomd.com\\\/ro\\\/#organization\"}}]}\n\t\t<\/script>\n\t\t<!-- All in One SEO Pro -->\r\n\t\t<title>Whisky Jack Daniel\u2019s Honey 0.7l cump\u0103ra\u021bi \u00een Chi\u0219in\u0103u \u2b50 \u2013 Tabacco House<\/title>\n\n","aioseo_head_json":{"title":"Whisky Jack Daniel\u2019s Honey 0.7l cump\u0103ra\u021bi \u00een Chi\u0219in\u0103u \u2b50 \u2013 Tabacco House","description":"Whisky Jack Daniel\u2019s Honey 0.7l la Chi\u0219in\u0103u cu livrare. \u2b50\u2b50\u2b50\u2b50\u2b50\u260e 061-000-935 Pe site-ul nostru tabaccomd.com avem o selec\u021bie larg\u0103 de b\u0103uturi alcoolice de elit\u0103: whiskey, coniac, rom, gin, vin spumant...","canonical_url":"https:\/\/tabaccomd.com\/ro\/product\/whisky-jack-daniels-honey-0-7-l\/","robots":"max-image-preview:large","keywords":"","webmasterTools":{"miscellaneous":""},"schema":{"@context":"https:\/\/schema.org","@graph":[{"@type":"BreadcrumbList","@id":"https:\/\/tabaccomd.com\/ro\/product\/whisky-jack-daniels-honey-0-7-l\/#breadcrumblist","itemListElement":[{"@type":"ListItem","@id":"https:\/\/tabaccomd.com\/ro\/#listItem","position":1,"name":"\u0413\u043b\u0430\u0432\u043d\u0430\u044f","item":"https:\/\/tabaccomd.com\/ro\/","nextItem":{"@type":"ListItem","@id":"https:\/\/tabaccomd.com\/ro\/catalog\/#listItem","name":"Catalog"}},{"@type":"ListItem","@id":"https:\/\/tabaccomd.com\/ro\/catalog\/#listItem","position":2,"name":"Catalog","item":"https:\/\/tabaccomd.com\/ro\/catalog\/","nextItem":{"@type":"ListItem","@id":"https:\/\/tabaccomd.com\/ro\/product-category\/alcool-2\/#listItem","name":"Alcool"},"previousItem":{"@type":"ListItem","@id":"https:\/\/tabaccomd.com\/ro\/#listItem","name":"\u0413\u043b\u0430\u0432\u043d\u0430\u044f"}},{"@type":"ListItem","@id":"https:\/\/tabaccomd.com\/ro\/product-category\/alcool-2\/#listItem","position":3,"name":"Alcool","item":"https:\/\/tabaccomd.com\/ro\/product-category\/alcool-2\/","nextItem":{"@type":"ListItem","@id":"https:\/\/tabaccomd.com\/ro\/product-category\/alcool-2\/whisky-2\/#listItem","name":"Whisky"},"previousItem":{"@type":"ListItem","@id":"https:\/\/tabaccomd.com\/ro\/catalog\/#listItem","name":"Catalog"}},{"@type":"ListItem","@id":"https:\/\/tabaccomd.com\/ro\/product-category\/alcool-2\/whisky-2\/#listItem","position":4,"name":"Whisky","item":"https:\/\/tabaccomd.com\/ro\/product-category\/alcool-2\/whisky-2\/","nextItem":{"@type":"ListItem","@id":"https:\/\/tabaccomd.com\/ro\/product\/whisky-jack-daniels-honey-0-7-l\/#listItem","name":"Whisky Jack Daniel\u2019s Honey 0.7l"},"previousItem":{"@type":"ListItem","@id":"https:\/\/tabaccomd.com\/ro\/product-category\/alcool-2\/#listItem","name":"Alcool"}},{"@type":"ListItem","@id":"https:\/\/tabaccomd.com\/ro\/product\/whisky-jack-daniels-honey-0-7-l\/#listItem","position":5,"name":"Whisky Jack Daniel\u2019s Honey 0.7l","previousItem":{"@type":"ListItem","@id":"https:\/\/tabaccomd.com\/ro\/product-category\/alcool-2\/whisky-2\/#listItem","name":"Whisky"}}]},{"@type":"Organization","@id":"https:\/\/tabaccomd.com\/ro\/#organization","name":"Tabacco House","description":"\u041c\u0430\u0433\u0430\u0437\u0438\u043d \u0442\u0430\u0431\u0430\u0447\u043d\u044b\u0445 \u0438\u0437\u0434\u0435\u043b\u0438\u0439","url":"https:\/\/tabaccomd.com\/ro\/","email":"Office@cazacuhouse.com","telephone":"+37361000935","logo":{"@type":"ImageObject","url":"https:\/\/tabaccomd.com\/wp-content\/uploads\/2024\/02\/logo_header3.png","@id":"https:\/\/tabaccomd.com\/ro\/product\/whisky-jack-daniels-honey-0-7-l\/#organizationLogo","width":32,"height":32,"caption":"Tabacco House"},"image":{"@id":"https:\/\/tabaccomd.com\/ro\/product\/whisky-jack-daniels-honey-0-7-l\/#organizationLogo"},"sameAs":["https:\/\/www.facebook.com\/tabaccomd.com\/","https:\/\/www.instagram.com\/tabaccomd.com\/"],"address":{"@id":"https:\/\/tabaccomd.com\/ro\/#postaladdress","@type":"PostalAddress","streetAddress":"Strada Albi\u015foara 4, Chi\u0219in\u0103u, Bulevardul \u0218tefan cel Mare \u0219i Sf\u00eent 136, Chi\u0219in\u0103u","addressLocality":"Chi\u0219in\u0103u","addressCountry":"MD"}},{"@type":"Product","@id":"https:\/\/tabaccomd.com\/ro\/product\/whisky-jack-daniels-honey-0-7-l\/#wooCommerceProduct","name":"Whisky Jack Daniel\u2019s Honey 0.7l","description":"\u021aara produc\u0103toare: Lynchburg, Tennessee, SUA\r\n \tProduc\u0103tor: Jack Daniel\u2019s Distillery (Brown-Forman)\r\n \tT\u0103rie: 35%\r\n \tTip: Lichior de whisky aromatizat\r\n \tVolum: 0,7l","url":"https:\/\/tabaccomd.com\/ro\/product\/whisky-jack-daniels-honey-0-7-l\/","sku":"2140s","image":{"@type":"ImageObject","url":"https:\/\/tabaccomd.com\/wp-content\/uploads\/2023\/10\/jack-daniels-honey-whisky-07l.JPG","@id":"https:\/\/tabaccomd.com\/ro\/product\/whisky-jack-daniels-honey-0-7-l\/#productImage","width":1200,"height":1200,"caption":"jack-daniels-honey-whisky-07l"},"offers":{"@type":"Offer","url":"https:\/\/tabaccomd.com\/ro\/product\/whisky-jack-daniels-honey-0-7-l\/#wooCommerceOffer","price":535,"priceCurrency":"MDL","category":"Whisky","availability":"https:\/\/schema.org\/InStock","priceSpecification":{"@type":"PriceSpecification","price":535,"priceCurrency":"MDL","valueAddedTaxIncluded":"true"},"seller":{"@type":"Organization","@id":"https:\/\/tabaccomd.com\/ro\/#organization"}}},{"@type":"WebPage","@id":"https:\/\/tabaccomd.com\/ro\/product\/whisky-jack-daniels-honey-0-7-l\/#webpage","url":"https:\/\/tabaccomd.com\/ro\/product\/whisky-jack-daniels-honey-0-7-l\/","name":"Whisky Jack Daniel\u2019s Honey 0.7l cump\u0103ra\u021bi \u00een Chi\u0219in\u0103u \u2b50 \u2013 Tabacco House","description":"Whisky Jack Daniel\u2019s Honey 0.7l la Chi\u0219in\u0103u cu livrare. \u2b50\u2b50\u2b50\u2b50\u2b50\u260e 061-000-935 Pe site-ul nostru tabaccomd.com avem o selec\u021bie larg\u0103 de b\u0103uturi alcoolice de elit\u0103: whiskey, coniac, rom, gin, vin spumant...","inLanguage":"ro-RO","isPartOf":{"@id":"https:\/\/tabaccomd.com\/ro\/#website"},"breadcrumb":{"@id":"https:\/\/tabaccomd.com\/ro\/product\/whisky-jack-daniels-honey-0-7-l\/#breadcrumblist"},"image":{"@type":"ImageObject","url":"https:\/\/tabaccomd.com\/wp-content\/uploads\/2023\/10\/jack-daniels-honey-whisky-07l.JPG","@id":"https:\/\/tabaccomd.com\/ro\/product\/whisky-jack-daniels-honey-0-7-l\/#mainImage","width":1200,"height":1200,"caption":"jack-daniels-honey-whisky-07l"},"primaryImageOfPage":{"@id":"https:\/\/tabaccomd.com\/ro\/product\/whisky-jack-daniels-honey-0-7-l\/#mainImage"},"datePublished":"2023-10-05T21:37:01+03:00","dateModified":"2025-07-07T17:26:26+03:00"},{"@type":"WebSite","@id":"https:\/\/tabaccomd.com\/ro\/#website","url":"https:\/\/tabaccomd.com\/ro\/","name":"Tabacco House","alternateName":"tobaccomd.com","description":"\u041c\u0430\u0433\u0430\u0437\u0438\u043d \u0442\u0430\u0431\u0430\u0447\u043d\u044b\u0445 \u0438\u0437\u0434\u0435\u043b\u0438\u0439","inLanguage":"ro-RO","publisher":{"@id":"https:\/\/tabaccomd.com\/ro\/#organization"}}]},"og:locale":"ro_RO","og:site_name":"Tabacco House \u2013 \u041c\u0430\u0433\u0430\u0437\u0438\u043d \u0442\u0430\u0431\u0430\u0447\u043d\u044b\u0445 \u0438\u0437\u0434\u0435\u043b\u0438\u0439","og:type":"article","og:title":"Whisky Jack Daniel\u2019s Honey 0.7l cump\u0103ra\u021bi \u00een Chi\u0219in\u0103u \u2b50 \u2013 Tabacco House","og:description":"Whisky Jack Daniel\u2019s Honey 0.7l la Chi\u0219in\u0103u cu livrare. \u2b50\u2b50\u2b50\u2b50\u2b50\u260e 061-000-935 Pe site-ul nostru tabaccomd.com avem o selec\u021bie larg\u0103 de b\u0103uturi alcoolice de elit\u0103: whiskey, coniac, rom, gin, vin spumant...","og:url":"https:\/\/tabaccomd.com\/ro\/product\/whisky-jack-daniels-honey-0-7-l\/","article:published_time":"2023-10-05T18:37:01+00:00","article:modified_time":"2025-07-07T14:26:26+00:00","article:publisher":"https:\/\/www.facebook.com\/tabaccomd.com\/","twitter:card":"summary_large_image","twitter:title":"Whisky Jack Daniel\u2019s Honey 0.7l cump\u0103ra\u021bi \u00een Chi\u0219in\u0103u \u2b50 \u2013 Tabacco House","twitter:description":"Whisky Jack Daniel\u2019s Honey 0.7l la Chi\u0219in\u0103u cu livrare. \u2b50\u2b50\u2b50\u2b50\u2b50\u260e 061-000-935 Pe site-ul nostru tabaccomd.com avem o selec\u021bie larg\u0103 de b\u0103uturi alcoolice de elit\u0103: whiskey, coniac, rom, gin, vin spumant..."},"aioseo_meta_data":{"post_id":"127303","title":"#post_title cump\u0103ra\u021bi \u00een Chi\u0219in\u0103u \u2b50 #separator_sa #site_title","description":"#post_title la Chi\u0219in\u0103u cu livrare. \u2b50\u2b50\u2b50\u2b50\u2b50\u260e 061-000-935 Pe site-ul nostru tabaccomd.com avem o selec\u021bie larg\u0103 de b\u0103uturi alcoolice de elit\u0103: whiskey, coniac, rom, gin, vin spumant...","keywords":null,"keyphrases":{"focus":{"keyphrase":"Whisky Jack Daniel\u2019s Honey 0.7 l","score":40,"analysis":{"keyphraseInTitle":{"score":3,"maxScore":9,"error":1},"keyphraseInDescription":{"score":3,"maxScore":9,"error":1},"keyphraseLength":{"score":6,"maxScore":9,"error":1,"length":6},"keyphraseInURL":{"score":5,"maxScore":5,"error":0},"keyphraseInIntroduction":{"score":3,"maxScore":9,"error":1},"keyphraseInSubHeadings":[],"keyphraseInImageAlt":[],"keywordDensity":{"score":0,"type":"low","maxScore":9,"error":1}}},"additional":[]},"primary_term":null,"canonical_url":null,"og_title":null,"og_description":null,"og_object_type":"default","og_image_type":"default","og_image_url":null,"og_image_width":null,"og_image_height":null,"og_image_custom_url":null,"og_image_custom_fields":null,"og_video":"","og_custom_url":null,"og_article_section":null,"og_article_tags":null,"twitter_use_og":false,"twitter_card":"default","twitter_image_type":"default","twitter_image_url":null,"twitter_image_custom_url":null,"twitter_image_custom_fields":null,"twitter_title":null,"twitter_description":null,"schema":{"blockGraphs":[],"customGraphs":[],"default":{"data":{"Article":[],"Course":[],"Dataset":[],"FAQPage":[],"Movie":[],"Person":[],"Product":[],"ProductReview":[],"Car":[],"Recipe":[],"Service":[],"SoftwareApplication":[],"WebPage":[]},"graphName":"Product","isEnabled":true},"graphs":[]},"schema_type":"default","schema_type_options":null,"pillar_content":false,"robots_default":true,"robots_noindex":false,"robots_noarchive":false,"robots_nosnippet":false,"robots_nofollow":false,"robots_noimageindex":false,"robots_noodp":false,"robots_notranslate":false,"robots_max_snippet":"-1","robots_max_videopreview":"-1","robots_max_imagepreview":"large","priority":null,"frequency":"default","local_seo":null,"seo_analyzer_scan_date":"2025-10-20 11:17:01","breadcrumb_settings":null,"limit_modified_date":false,"reviewed_by":"0","open_ai":null,"ai":{"faqs":[],"keyPoints":[],"titles":[],"descriptions":[],"socialPosts":{"email":[],"linkedin":[],"twitter":[],"facebook":[],"instagram":[]}},"created":"2023-10-05 18:29:19","updated":"2025-10-20 11:17:01"},"aioseo_breadcrumb":"<div class=\"aioseo-breadcrumbs\"><span class=\"aioseo-breadcrumb\">\n\t<a href=\"https:\/\/tabaccomd.com\/ro\/\" title=\"\u0413\u043b\u0430\u0432\u043d\u0430\u044f\">\u0413\u043b\u0430\u0432\u043d\u0430\u044f<\/a>\n<\/span><span class=\"aioseo-breadcrumb-separator\">\u00bb<\/span><span class=\"aioseo-breadcrumb\">\n\t<a href=\"https:\/\/tabaccomd.com\/ro\/catalog\/\" title=\"Catalog\">Catalog<\/a>\n<\/span><span class=\"aioseo-breadcrumb-separator\">\u00bb<\/span><span class=\"aioseo-breadcrumb\">\n\t<a href=\"https:\/\/tabaccomd.com\/ro\/product-category\/alcool-2\/\" title=\"Alcool\">Alcool<\/a>\n<\/span><span class=\"aioseo-breadcrumb-separator\">\u00bb<\/span><span class=\"aioseo-breadcrumb\">\n\t<a href=\"https:\/\/tabaccomd.com\/ro\/product-category\/alcool-2\/whisky-2\/\" title=\"Whisky\">Whisky<\/a>\n<\/span><span class=\"aioseo-breadcrumb-separator\">\u00bb<\/span><span class=\"aioseo-breadcrumb\">\n\tWhisky Jack Daniel\u2019s Honey 0.7l\n<\/span><\/div>","aioseo_breadcrumb_json":[{"label":"\u0413\u043b\u0430\u0432\u043d\u0430\u044f","link":"https:\/\/tabaccomd.com\/ro\/"},{"label":"Catalog","link":"https:\/\/tabaccomd.com\/ro\/catalog\/"},{"label":"Alcool","link":"https:\/\/tabaccomd.com\/ro\/product-category\/alcool-2\/"},{"label":"Whisky","link":"https:\/\/tabaccomd.com\/ro\/product-category\/alcool-2\/whisky-2\/"},{"label":"Whisky Jack Daniel\u2019s Honey 0.7l","link":"https:\/\/tabaccomd.com\/ro\/product\/whisky-jack-daniels-honey-0-7-l\/"}],"images_for_1c":[{"url":"https:\/\/tabaccomd.com\/wp-content\/uploads\/2023\/10\/jack-daniels-honey-whisky-07l.JPG","type":"featured","alt":"jack-daniels-honey-whisky-07l","filename":"jack-daniels-honey-whisky-07l.JPG"}],"additional_data_1c":{"modified_date":"2025-07-07 17:26:26","permalink":"https:\/\/tabaccomd.com\/ro\/product\/whisky-jack-daniels-honey-0-7-l\/","stock_status":"instock","manage_stock":"no"},"_links":{"self":[{"href":"https:\/\/tabaccomd.com\/ro\/wp-json\/wp\/v2\/product\/127303","targetHints":{"allow":["GET"]}}],"collection":[{"href":"https:\/\/tabaccomd.com\/ro\/wp-json\/wp\/v2\/product"}],"about":[{"href":"https:\/\/tabaccomd.com\/ro\/wp-json\/wp\/v2\/types\/product"}],"wp:featuredmedia":[{"embeddable":true,"href":"https:\/\/tabaccomd.com\/ro\/wp-json\/wp\/v2\/media\/152440"}],"wp:attachment":[{"href":"https:\/\/tabaccomd.com\/ro\/wp-json\/wp\/v2\/media?parent=127303"}],"wp:term":[{"taxonomy":"product_brand","embeddable":true,"href":"https:\/\/tabaccomd.com\/ro\/wp-json\/wp\/v2\/product_brand?post=127303"},{"taxonomy":"product_cat","embeddable":true,"href":"https:\/\/tabaccomd.com\/ro\/wp-json\/wp\/v2\/product_cat?post=127303"},{"taxonomy":"product_tag","embeddable":true,"href":"https:\/\/tabaccomd.com\/ro\/wp-json\/wp\/v2\/product_tag?post=127303"}],"curies":[{"name":"wp","href":"https:\/\/api.w.org\/{rel}","templated":true}]}}