{"id":125663,"date":"2023-07-24T16:50:06","date_gmt":"2023-07-24T13:50:06","guid":{"rendered":"https:\/\/tabaccomd.com\/product\/narghilea-rabia-bottom-white-445784\/"},"modified":"2023-07-24T16:50:06","modified_gmt":"2023-07-24T13:50:06","slug":"narghilea-rabia-bottom-white-445784","status":"publish","type":"product","link":"https:\/\/tabaccomd.com\/ro\/product\/narghilea-rabia-bottom-white-445784\/","title":{"rendered":"Narghilea &#8211; Rabia bottom white &#8211; 445784"},"content":{"rendered":"<p><a href=\"https:\/\/tabaccomd.com\/ro\/categorie-produs\/narghilea-ro\/\">Narghileaua<\/a> Rabia este un model modern \u0219i inovator care ofer\u0103 o calitate \u00eenalt\u0103 \u0219i un design unic. Este realizat din materiale calitative \u0219i sigure, ceea ce asigur\u0103 durabilitatea \u0219i fiabilitatea \u00een utilizare. Caracteristicile de performan\u021b\u0103 ale narghilelei Rabia sunt concepute pentru a oferi un fum dens \u0219i bogat cu efort minim. Mecanismele de r\u0103cire \u00eencorporate ajut\u0103 la netezirea temperaturii fumului, reduc\u00e2nd irita\u021bia g\u00e2tului \u0219i f\u0103c\u00e2nd experien\u021ba de fumat mai confortabil\u0103. Modelul Rabia poate oferi, de asemenea, diverse set\u0103ri pentru a regla intensitatea tragerii, permi\u021b\u00e2ndu-v\u0103 s\u0103 v\u0103 bucura\u021bi de narghilea \u00een func\u021bie de preferin\u021bele personale.<\/p>\n","protected":false},"excerpt":{"rendered":"<ul>\n<li>\u00cen\u0103l\u021bime: 45 cm<\/li>\n<li>Culoare: negru cu alb<\/li>\n<li>Cu un furtun<\/li>\n<\/ul>\n","protected":false},"featured_media":125661,"template":"","meta":{"om_disable_all_campaigns":false,"_monsterinsights_skip_tracking":false,"_monsterinsights_sitenote_active":false,"_monsterinsights_sitenote_note":"","_monsterinsights_sitenote_category":0},"product_brand":[],"product_cat":[378],"product_tag":[],"class_list":{"0":"post-125663","1":"product","2":"type-product","3":"status-publish","4":"has-post-thumbnail","6":"product_cat-alta-narghilea","8":"first","9":"outofstock","10":"purchasable","11":"product-type-simple"},"aioseo_notices":[],"aioseo_head":"\n\t\t<!-- All in One SEO Pro 4.9.5.2 - aioseo.com -->\n\t<meta name=\"robots\" content=\"max-image-preview:large\" \/>\n\t<link rel=\"canonical\" href=\"https:\/\/tabaccomd.com\/ro\/product\/narghilea-rabia-bottom-white-445784\/\" \/>\n\t<meta name=\"generator\" content=\"All in One SEO Pro (AIOSEO) 4.9.5.2\" \/>\n\t\t<meta property=\"og:locale\" content=\"ro_RO\" \/>\n\t\t<meta property=\"og:site_name\" content=\"Tabacco House \u2013 \u041c\u0430\u0433\u0430\u0437\u0438\u043d \u0442\u0430\u0431\u0430\u0447\u043d\u044b\u0445 \u0438\u0437\u0434\u0435\u043b\u0438\u0439\" \/>\n\t\t<meta property=\"og:type\" content=\"article\" \/>\n\t\t<meta property=\"og:title\" content=\"Narghilea \u2013 Rabia bottom white \u2013 445784 \u2013 Tabacco House\" \/>\n\t\t<meta property=\"og:url\" content=\"https:\/\/tabaccomd.com\/ro\/product\/narghilea-rabia-bottom-white-445784\/\" \/>\n\t\t<meta property=\"article:published_time\" content=\"2023-07-24T13:50:06+00:00\" \/>\n\t\t<meta property=\"article:modified_time\" content=\"2023-07-24T13:50:06+00:00\" \/>\n\t\t<meta property=\"article:publisher\" content=\"https:\/\/www.facebook.com\/tabaccomd.com\/\" \/>\n\t\t<meta name=\"twitter:card\" content=\"summary_large_image\" \/>\n\t\t<meta name=\"twitter:title\" content=\"Narghilea \u2013 Rabia bottom white \u2013 445784 \u2013 Tabacco House\" \/>\n\t\t<script type=\"application\/ld+json\" class=\"aioseo-schema\">\n\t\t\t{\"@context\":\"https:\\\/\\\/schema.org\",\"@graph\":[{\"@type\":\"BreadcrumbList\",\"@id\":\"https:\\\/\\\/tabaccomd.com\\\/ro\\\/product\\\/narghilea-rabia-bottom-white-445784\\\/#breadcrumblist\",\"itemListElement\":[{\"@type\":\"ListItem\",\"@id\":\"https:\\\/\\\/tabaccomd.com\\\/ro\\\/#listItem\",\"position\":1,\"name\":\"\\u0413\\u043b\\u0430\\u0432\\u043d\\u0430\\u044f\",\"item\":\"https:\\\/\\\/tabaccomd.com\\\/ro\\\/\",\"nextItem\":{\"@type\":\"ListItem\",\"@id\":\"https:\\\/\\\/tabaccomd.com\\\/ro\\\/catalog\\\/#listItem\",\"name\":\"Catalog\"}},{\"@type\":\"ListItem\",\"@id\":\"https:\\\/\\\/tabaccomd.com\\\/ro\\\/catalog\\\/#listItem\",\"position\":2,\"name\":\"Catalog\",\"item\":\"https:\\\/\\\/tabaccomd.com\\\/ro\\\/catalog\\\/\",\"nextItem\":{\"@type\":\"ListItem\",\"@id\":\"https:\\\/\\\/tabaccomd.com\\\/ro\\\/product-category\\\/narghilea-ro\\\/#listItem\",\"name\":\"Narghilea\"},\"previousItem\":{\"@type\":\"ListItem\",\"@id\":\"https:\\\/\\\/tabaccomd.com\\\/ro\\\/#listItem\",\"name\":\"\\u0413\\u043b\\u0430\\u0432\\u043d\\u0430\\u044f\"}},{\"@type\":\"ListItem\",\"@id\":\"https:\\\/\\\/tabaccomd.com\\\/ro\\\/product-category\\\/narghilea-ro\\\/#listItem\",\"position\":3,\"name\":\"Narghilea\",\"item\":\"https:\\\/\\\/tabaccomd.com\\\/ro\\\/product-category\\\/narghilea-ro\\\/\",\"nextItem\":{\"@type\":\"ListItem\",\"@id\":\"https:\\\/\\\/tabaccomd.com\\\/ro\\\/product-category\\\/narghilea-ro\\\/alta-narghilea\\\/#listItem\",\"name\":\"Alt\\u0103 narghilea\"},\"previousItem\":{\"@type\":\"ListItem\",\"@id\":\"https:\\\/\\\/tabaccomd.com\\\/ro\\\/catalog\\\/#listItem\",\"name\":\"Catalog\"}},{\"@type\":\"ListItem\",\"@id\":\"https:\\\/\\\/tabaccomd.com\\\/ro\\\/product-category\\\/narghilea-ro\\\/alta-narghilea\\\/#listItem\",\"position\":4,\"name\":\"Alt\\u0103 narghilea\",\"item\":\"https:\\\/\\\/tabaccomd.com\\\/ro\\\/product-category\\\/narghilea-ro\\\/alta-narghilea\\\/\",\"nextItem\":{\"@type\":\"ListItem\",\"@id\":\"https:\\\/\\\/tabaccomd.com\\\/ro\\\/product\\\/narghilea-rabia-bottom-white-445784\\\/#listItem\",\"name\":\"Narghilea &#8211; Rabia bottom white &#8211; 445784\"},\"previousItem\":{\"@type\":\"ListItem\",\"@id\":\"https:\\\/\\\/tabaccomd.com\\\/ro\\\/product-category\\\/narghilea-ro\\\/#listItem\",\"name\":\"Narghilea\"}},{\"@type\":\"ListItem\",\"@id\":\"https:\\\/\\\/tabaccomd.com\\\/ro\\\/product\\\/narghilea-rabia-bottom-white-445784\\\/#listItem\",\"position\":5,\"name\":\"Narghilea &#8211; Rabia bottom white &#8211; 445784\",\"previousItem\":{\"@type\":\"ListItem\",\"@id\":\"https:\\\/\\\/tabaccomd.com\\\/ro\\\/product-category\\\/narghilea-ro\\\/alta-narghilea\\\/#listItem\",\"name\":\"Alt\\u0103 narghilea\"}}]},{\"@type\":\"Organization\",\"@id\":\"https:\\\/\\\/tabaccomd.com\\\/ro\\\/#organization\",\"name\":\"Tabacco House\",\"description\":\"\\u041c\\u0430\\u0433\\u0430\\u0437\\u0438\\u043d \\u0442\\u0430\\u0431\\u0430\\u0447\\u043d\\u044b\\u0445 \\u0438\\u0437\\u0434\\u0435\\u043b\\u0438\\u0439\",\"url\":\"https:\\\/\\\/tabaccomd.com\\\/ro\\\/\",\"email\":\"Office@cazacuhouse.com\",\"telephone\":\"+37361000935\",\"logo\":{\"@type\":\"ImageObject\",\"url\":\"https:\\\/\\\/tabaccomd.com\\\/wp-content\\\/uploads\\\/2024\\\/02\\\/logo_header3.png\",\"@id\":\"https:\\\/\\\/tabaccomd.com\\\/ro\\\/product\\\/narghilea-rabia-bottom-white-445784\\\/#organizationLogo\",\"width\":32,\"height\":32,\"caption\":\"Tabacco House\"},\"image\":{\"@id\":\"https:\\\/\\\/tabaccomd.com\\\/ro\\\/product\\\/narghilea-rabia-bottom-white-445784\\\/#organizationLogo\"},\"sameAs\":[\"https:\\\/\\\/www.facebook.com\\\/tabaccomd.com\\\/\",\"https:\\\/\\\/www.instagram.com\\\/tabaccomd.com\\\/\"],\"address\":{\"@id\":\"https:\\\/\\\/tabaccomd.com\\\/ro\\\/#postaladdress\",\"@type\":\"PostalAddress\",\"streetAddress\":\"Strada Albi\\u015foara 4, Chi\\u0219in\\u0103u, Bulevardul \\u0218tefan cel Mare \\u0219i Sf\\u00eent 136, Chi\\u0219in\\u0103u\",\"addressLocality\":\"Chi\\u0219in\\u0103u\",\"addressCountry\":\"MD\"}},{\"@type\":\"Product\",\"@id\":\"https:\\\/\\\/tabaccomd.com\\\/ro\\\/product\\\/narghilea-rabia-bottom-white-445784\\\/#wooCommerceProduct\",\"name\":\"Narghilea - Rabia bottom white - 445784\",\"description\":\"\\u00cen\\u0103l\\u021bime: 45 cm\\r\\n \\tCuloare: negru cu alb\\r\\n \\tCu un furtun\",\"url\":\"https:\\\/\\\/tabaccomd.com\\\/ro\\\/product\\\/narghilea-rabia-bottom-white-445784\\\/\",\"sku\":\"445784\",\"image\":{\"@type\":\"ImageObject\",\"url\":\"https:\\\/\\\/tabaccomd.com\\\/wp-content\\\/uploads\\\/2023\\\/07\\\/Narghilea-Rabia-bottom-white-445784.jpg\",\"@id\":\"https:\\\/\\\/tabaccomd.com\\\/ro\\\/product\\\/narghilea-rabia-bottom-white-445784\\\/#productImage\",\"width\":1404,\"height\":1406,\"caption\":\"Narghilea Rabia bottom white 445784\"},\"offers\":{\"@type\":\"Offer\",\"url\":\"https:\\\/\\\/tabaccomd.com\\\/ro\\\/product\\\/narghilea-rabia-bottom-white-445784\\\/#wooCommerceOffer\",\"price\":1080,\"priceCurrency\":\"MDL\",\"category\":\"Alt\\u0103 narghilea\",\"availability\":\"https:\\\/\\\/schema.org\\\/OutOfStock\",\"priceSpecification\":{\"@type\":\"PriceSpecification\",\"price\":1080,\"priceCurrency\":\"MDL\",\"valueAddedTaxIncluded\":\"true\"},\"seller\":{\"@type\":\"Organization\",\"@id\":\"https:\\\/\\\/tabaccomd.com\\\/ro\\\/#organization\"}}},{\"@type\":\"WebPage\",\"@id\":\"https:\\\/\\\/tabaccomd.com\\\/ro\\\/product\\\/narghilea-rabia-bottom-white-445784\\\/#webpage\",\"url\":\"https:\\\/\\\/tabaccomd.com\\\/ro\\\/product\\\/narghilea-rabia-bottom-white-445784\\\/\",\"name\":\"Narghilea \\u2013 Rabia bottom white \\u2013 445784 \\u2013 Tabacco House\",\"inLanguage\":\"ro-RO\",\"isPartOf\":{\"@id\":\"https:\\\/\\\/tabaccomd.com\\\/ro\\\/#website\"},\"breadcrumb\":{\"@id\":\"https:\\\/\\\/tabaccomd.com\\\/ro\\\/product\\\/narghilea-rabia-bottom-white-445784\\\/#breadcrumblist\"},\"image\":{\"@type\":\"ImageObject\",\"url\":\"https:\\\/\\\/tabaccomd.com\\\/wp-content\\\/uploads\\\/2023\\\/07\\\/Narghilea-Rabia-bottom-white-445784.jpg\",\"@id\":\"https:\\\/\\\/tabaccomd.com\\\/ro\\\/product\\\/narghilea-rabia-bottom-white-445784\\\/#mainImage\",\"width\":1404,\"height\":1406,\"caption\":\"Narghilea Rabia bottom white 445784\"},\"primaryImageOfPage\":{\"@id\":\"https:\\\/\\\/tabaccomd.com\\\/ro\\\/product\\\/narghilea-rabia-bottom-white-445784\\\/#mainImage\"},\"datePublished\":\"2023-07-24T16:50:06+03:00\",\"dateModified\":\"2023-07-24T16:50:06+03:00\"},{\"@type\":\"WebSite\",\"@id\":\"https:\\\/\\\/tabaccomd.com\\\/ro\\\/#website\",\"url\":\"https:\\\/\\\/tabaccomd.com\\\/ro\\\/\",\"name\":\"Tabacco House\",\"alternateName\":\"tobaccomd.com\",\"description\":\"\\u041c\\u0430\\u0433\\u0430\\u0437\\u0438\\u043d \\u0442\\u0430\\u0431\\u0430\\u0447\\u043d\\u044b\\u0445 \\u0438\\u0437\\u0434\\u0435\\u043b\\u0438\\u0439\",\"inLanguage\":\"ro-RO\",\"publisher\":{\"@id\":\"https:\\\/\\\/tabaccomd.com\\\/ro\\\/#organization\"}}]}\n\t\t<\/script>\n\t\t<!-- All in One SEO Pro -->\r\n\t\t<title>Narghilea \u2013 Rabia bottom white \u2013 445784 \u2013 Tabacco House<\/title>\n\n","aioseo_head_json":{"title":"Narghilea \u2013 Rabia bottom white \u2013 445784 \u2013 Tabacco House","description":"","canonical_url":"https:\/\/tabaccomd.com\/ro\/product\/narghilea-rabia-bottom-white-445784\/","robots":"max-image-preview:large","keywords":"","webmasterTools":{"miscellaneous":""},"schema":{"@context":"https:\/\/schema.org","@graph":[{"@type":"BreadcrumbList","@id":"https:\/\/tabaccomd.com\/ro\/product\/narghilea-rabia-bottom-white-445784\/#breadcrumblist","itemListElement":[{"@type":"ListItem","@id":"https:\/\/tabaccomd.com\/ro\/#listItem","position":1,"name":"\u0413\u043b\u0430\u0432\u043d\u0430\u044f","item":"https:\/\/tabaccomd.com\/ro\/","nextItem":{"@type":"ListItem","@id":"https:\/\/tabaccomd.com\/ro\/catalog\/#listItem","name":"Catalog"}},{"@type":"ListItem","@id":"https:\/\/tabaccomd.com\/ro\/catalog\/#listItem","position":2,"name":"Catalog","item":"https:\/\/tabaccomd.com\/ro\/catalog\/","nextItem":{"@type":"ListItem","@id":"https:\/\/tabaccomd.com\/ro\/product-category\/narghilea-ro\/#listItem","name":"Narghilea"},"previousItem":{"@type":"ListItem","@id":"https:\/\/tabaccomd.com\/ro\/#listItem","name":"\u0413\u043b\u0430\u0432\u043d\u0430\u044f"}},{"@type":"ListItem","@id":"https:\/\/tabaccomd.com\/ro\/product-category\/narghilea-ro\/#listItem","position":3,"name":"Narghilea","item":"https:\/\/tabaccomd.com\/ro\/product-category\/narghilea-ro\/","nextItem":{"@type":"ListItem","@id":"https:\/\/tabaccomd.com\/ro\/product-category\/narghilea-ro\/alta-narghilea\/#listItem","name":"Alt\u0103 narghilea"},"previousItem":{"@type":"ListItem","@id":"https:\/\/tabaccomd.com\/ro\/catalog\/#listItem","name":"Catalog"}},{"@type":"ListItem","@id":"https:\/\/tabaccomd.com\/ro\/product-category\/narghilea-ro\/alta-narghilea\/#listItem","position":4,"name":"Alt\u0103 narghilea","item":"https:\/\/tabaccomd.com\/ro\/product-category\/narghilea-ro\/alta-narghilea\/","nextItem":{"@type":"ListItem","@id":"https:\/\/tabaccomd.com\/ro\/product\/narghilea-rabia-bottom-white-445784\/#listItem","name":"Narghilea &#8211; Rabia bottom white &#8211; 445784"},"previousItem":{"@type":"ListItem","@id":"https:\/\/tabaccomd.com\/ro\/product-category\/narghilea-ro\/#listItem","name":"Narghilea"}},{"@type":"ListItem","@id":"https:\/\/tabaccomd.com\/ro\/product\/narghilea-rabia-bottom-white-445784\/#listItem","position":5,"name":"Narghilea &#8211; Rabia bottom white &#8211; 445784","previousItem":{"@type":"ListItem","@id":"https:\/\/tabaccomd.com\/ro\/product-category\/narghilea-ro\/alta-narghilea\/#listItem","name":"Alt\u0103 narghilea"}}]},{"@type":"Organization","@id":"https:\/\/tabaccomd.com\/ro\/#organization","name":"Tabacco House","description":"\u041c\u0430\u0433\u0430\u0437\u0438\u043d \u0442\u0430\u0431\u0430\u0447\u043d\u044b\u0445 \u0438\u0437\u0434\u0435\u043b\u0438\u0439","url":"https:\/\/tabaccomd.com\/ro\/","email":"Office@cazacuhouse.com","telephone":"+37361000935","logo":{"@type":"ImageObject","url":"https:\/\/tabaccomd.com\/wp-content\/uploads\/2024\/02\/logo_header3.png","@id":"https:\/\/tabaccomd.com\/ro\/product\/narghilea-rabia-bottom-white-445784\/#organizationLogo","width":32,"height":32,"caption":"Tabacco House"},"image":{"@id":"https:\/\/tabaccomd.com\/ro\/product\/narghilea-rabia-bottom-white-445784\/#organizationLogo"},"sameAs":["https:\/\/www.facebook.com\/tabaccomd.com\/","https:\/\/www.instagram.com\/tabaccomd.com\/"],"address":{"@id":"https:\/\/tabaccomd.com\/ro\/#postaladdress","@type":"PostalAddress","streetAddress":"Strada Albi\u015foara 4, Chi\u0219in\u0103u, Bulevardul \u0218tefan cel Mare \u0219i Sf\u00eent 136, Chi\u0219in\u0103u","addressLocality":"Chi\u0219in\u0103u","addressCountry":"MD"}},{"@type":"Product","@id":"https:\/\/tabaccomd.com\/ro\/product\/narghilea-rabia-bottom-white-445784\/#wooCommerceProduct","name":"Narghilea - Rabia bottom white - 445784","description":"\u00cen\u0103l\u021bime: 45 cm\r\n \tCuloare: negru cu alb\r\n \tCu un furtun","url":"https:\/\/tabaccomd.com\/ro\/product\/narghilea-rabia-bottom-white-445784\/","sku":"445784","image":{"@type":"ImageObject","url":"https:\/\/tabaccomd.com\/wp-content\/uploads\/2023\/07\/Narghilea-Rabia-bottom-white-445784.jpg","@id":"https:\/\/tabaccomd.com\/ro\/product\/narghilea-rabia-bottom-white-445784\/#productImage","width":1404,"height":1406,"caption":"Narghilea Rabia bottom white 445784"},"offers":{"@type":"Offer","url":"https:\/\/tabaccomd.com\/ro\/product\/narghilea-rabia-bottom-white-445784\/#wooCommerceOffer","price":1080,"priceCurrency":"MDL","category":"Alt\u0103 narghilea","availability":"https:\/\/schema.org\/OutOfStock","priceSpecification":{"@type":"PriceSpecification","price":1080,"priceCurrency":"MDL","valueAddedTaxIncluded":"true"},"seller":{"@type":"Organization","@id":"https:\/\/tabaccomd.com\/ro\/#organization"}}},{"@type":"WebPage","@id":"https:\/\/tabaccomd.com\/ro\/product\/narghilea-rabia-bottom-white-445784\/#webpage","url":"https:\/\/tabaccomd.com\/ro\/product\/narghilea-rabia-bottom-white-445784\/","name":"Narghilea \u2013 Rabia bottom white \u2013 445784 \u2013 Tabacco House","inLanguage":"ro-RO","isPartOf":{"@id":"https:\/\/tabaccomd.com\/ro\/#website"},"breadcrumb":{"@id":"https:\/\/tabaccomd.com\/ro\/product\/narghilea-rabia-bottom-white-445784\/#breadcrumblist"},"image":{"@type":"ImageObject","url":"https:\/\/tabaccomd.com\/wp-content\/uploads\/2023\/07\/Narghilea-Rabia-bottom-white-445784.jpg","@id":"https:\/\/tabaccomd.com\/ro\/product\/narghilea-rabia-bottom-white-445784\/#mainImage","width":1404,"height":1406,"caption":"Narghilea Rabia bottom white 445784"},"primaryImageOfPage":{"@id":"https:\/\/tabaccomd.com\/ro\/product\/narghilea-rabia-bottom-white-445784\/#mainImage"},"datePublished":"2023-07-24T16:50:06+03:00","dateModified":"2023-07-24T16:50:06+03:00"},{"@type":"WebSite","@id":"https:\/\/tabaccomd.com\/ro\/#website","url":"https:\/\/tabaccomd.com\/ro\/","name":"Tabacco House","alternateName":"tobaccomd.com","description":"\u041c\u0430\u0433\u0430\u0437\u0438\u043d \u0442\u0430\u0431\u0430\u0447\u043d\u044b\u0445 \u0438\u0437\u0434\u0435\u043b\u0438\u0439","inLanguage":"ro-RO","publisher":{"@id":"https:\/\/tabaccomd.com\/ro\/#organization"}}]},"og:locale":"ro_RO","og:site_name":"Tabacco House \u2013 \u041c\u0430\u0433\u0430\u0437\u0438\u043d \u0442\u0430\u0431\u0430\u0447\u043d\u044b\u0445 \u0438\u0437\u0434\u0435\u043b\u0438\u0439","og:type":"article","og:title":"Narghilea \u2013 Rabia bottom white \u2013 445784 \u2013 Tabacco House","og:url":"https:\/\/tabaccomd.com\/ro\/product\/narghilea-rabia-bottom-white-445784\/","article:published_time":"2023-07-24T13:50:06+00:00","article:modified_time":"2023-07-24T13:50:06+00:00","article:publisher":"https:\/\/www.facebook.com\/tabaccomd.com\/","twitter:card":"summary_large_image","twitter:title":"Narghilea \u2013 Rabia bottom white \u2013 445784 \u2013 Tabacco House"},"aioseo_meta_data":{"post_id":"125663","title":null,"description":null,"keywords":null,"keyphrases":null,"primary_term":null,"canonical_url":null,"og_title":null,"og_description":null,"og_object_type":"default","og_image_type":"default","og_image_url":null,"og_image_width":null,"og_image_height":null,"og_image_custom_url":null,"og_image_custom_fields":null,"og_video":null,"og_custom_url":null,"og_article_section":null,"og_article_tags":null,"twitter_use_og":false,"twitter_card":"default","twitter_image_type":"default","twitter_image_url":null,"twitter_image_custom_url":null,"twitter_image_custom_fields":null,"twitter_title":null,"twitter_description":null,"schema":{"blockGraphs":[],"customGraphs":[],"default":{"data":{"Article":[],"Course":[],"Dataset":[],"FAQPage":[],"Movie":[],"Person":[],"Product":[],"ProductReview":[],"Car":[],"Recipe":[],"Service":[],"SoftwareApplication":[],"WebPage":[]},"graphName":"ItemPage","isEnabled":true},"graphs":[]},"schema_type":"default","schema_type_options":null,"pillar_content":false,"robots_default":true,"robots_noindex":false,"robots_noarchive":false,"robots_nosnippet":false,"robots_nofollow":false,"robots_noimageindex":false,"robots_noodp":false,"robots_notranslate":false,"robots_max_snippet":null,"robots_max_videopreview":null,"robots_max_imagepreview":"large","priority":null,"frequency":null,"local_seo":null,"seo_analyzer_scan_date":"2025-10-20 09:42:56","breadcrumb_settings":null,"limit_modified_date":false,"reviewed_by":null,"open_ai":null,"ai":null,"created":"2023-08-10 10:19:32","updated":"2025-10-20 09:42:56"},"aioseo_breadcrumb":"<div class=\"aioseo-breadcrumbs\"><span class=\"aioseo-breadcrumb\">\n\t<a href=\"https:\/\/tabaccomd.com\/ro\/\" title=\"\u0413\u043b\u0430\u0432\u043d\u0430\u044f\">\u0413\u043b\u0430\u0432\u043d\u0430\u044f<\/a>\n<\/span><span class=\"aioseo-breadcrumb-separator\">\u00bb<\/span><span class=\"aioseo-breadcrumb\">\n\t<a href=\"https:\/\/tabaccomd.com\/ro\/catalog\/\" title=\"Catalog\">Catalog<\/a>\n<\/span><span class=\"aioseo-breadcrumb-separator\">\u00bb<\/span><span class=\"aioseo-breadcrumb\">\n\t<a href=\"https:\/\/tabaccomd.com\/ro\/product-category\/narghilea-ro\/\" title=\"Narghilea\">Narghilea<\/a>\n<\/span><span class=\"aioseo-breadcrumb-separator\">\u00bb<\/span><span class=\"aioseo-breadcrumb\">\n\t<a href=\"https:\/\/tabaccomd.com\/ro\/product-category\/narghilea-ro\/alta-narghilea\/\" title=\"Alt\u0103 narghilea\">Alt\u0103 narghilea<\/a>\n<\/span><span class=\"aioseo-breadcrumb-separator\">\u00bb<\/span><span class=\"aioseo-breadcrumb\">\n\tNarghilea \u2013 Rabia bottom white \u2013 445784\n<\/span><\/div>","aioseo_breadcrumb_json":[{"label":"\u0413\u043b\u0430\u0432\u043d\u0430\u044f","link":"https:\/\/tabaccomd.com\/ro\/"},{"label":"Catalog","link":"https:\/\/tabaccomd.com\/ro\/catalog\/"},{"label":"Narghilea","link":"https:\/\/tabaccomd.com\/ro\/product-category\/narghilea-ro\/"},{"label":"Alt\u0103 narghilea","link":"https:\/\/tabaccomd.com\/ro\/product-category\/narghilea-ro\/alta-narghilea\/"},{"label":"Narghilea &#8211; Rabia bottom white &#8211; 445784","link":"https:\/\/tabaccomd.com\/ro\/product\/narghilea-rabia-bottom-white-445784\/"}],"images_for_1c":[{"url":"https:\/\/tabaccomd.com\/wp-content\/uploads\/2023\/07\/Narghilea-Rabia-bottom-white-445784.jpg","type":"featured","alt":"Narghilea Rabia bottom white 445784","filename":"Narghilea-Rabia-bottom-white-445784.jpg"}],"additional_data_1c":{"modified_date":"2023-07-24 16:50:06","permalink":"https:\/\/tabaccomd.com\/ro\/product\/narghilea-rabia-bottom-white-445784\/","stock_status":"outofstock","manage_stock":"no"},"_links":{"self":[{"href":"https:\/\/tabaccomd.com\/ro\/wp-json\/wp\/v2\/product\/125663","targetHints":{"allow":["GET"]}}],"collection":[{"href":"https:\/\/tabaccomd.com\/ro\/wp-json\/wp\/v2\/product"}],"about":[{"href":"https:\/\/tabaccomd.com\/ro\/wp-json\/wp\/v2\/types\/product"}],"wp:featuredmedia":[{"embeddable":true,"href":"https:\/\/tabaccomd.com\/ro\/wp-json\/wp\/v2\/media\/125661"}],"wp:attachment":[{"href":"https:\/\/tabaccomd.com\/ro\/wp-json\/wp\/v2\/media?parent=125663"}],"wp:term":[{"taxonomy":"product_brand","embeddable":true,"href":"https:\/\/tabaccomd.com\/ro\/wp-json\/wp\/v2\/product_brand?post=125663"},{"taxonomy":"product_cat","embeddable":true,"href":"https:\/\/tabaccomd.com\/ro\/wp-json\/wp\/v2\/product_cat?post=125663"},{"taxonomy":"product_tag","embeddable":true,"href":"https:\/\/tabaccomd.com\/ro\/wp-json\/wp\/v2\/product_tag?post=125663"}],"curies":[{"name":"wp","href":"https:\/\/api.w.org\/{rel}","templated":true}]}}