{"id":125619,"date":"2023-07-24T16:30:27","date_gmt":"2023-07-24T13:30:27","guid":{"rendered":"https:\/\/tabaccomd.com\/product\/pipa-jean-claude-brown-acrylic-402525\/"},"modified":"2023-07-24T16:30:27","modified_gmt":"2023-07-24T13:30:27","slug":"pipa-jean-claude-brown-acrylic-402525","status":"publish","type":"product","link":"https:\/\/tabaccomd.com\/ro\/product\/pipa-jean-claude-brown-acrylic-402525\/","title":{"rendered":"Pip\u0103 Jean Claude brown acrylic 402525"},"content":{"rendered":"<p><a href=\"https:\/\/tabaccomd.com\/ro\/categorie-produs\/pipe\/pipe-bb-2\/\">Pipele<\/a> din briar de la Jean Claude sunt produse de \u00eenalt\u0103 calitate, realizate din lemn de briar durabil \u0219i rezistent. Acest lemn unic are o rezisten\u021b\u0103 excelent\u0103 la c\u0103ldur\u0103 \u0219i foc, f\u0103c\u00e2nd pipele durabile \u0219i fiabile. Designul pipelor Jean Claude combin\u0103 stilul \u0219i func\u021bionalitatea, inclusiv o varietate de forme \u0219i finisaje. Mu\u0219tiucurile sunt realizate din acril sau din alte materiale de calitate, oferind confort la fumat. Pipele din briar de la Jean Claude sunt c\u0103utate printre cunosc\u0103torii de tutun \u0219i accesorii de fumat de ultim\u0103 genera\u021bie.<\/p>\n","protected":false},"excerpt":{"rendered":"<ul>\n<li>Materialul pipei: briar<\/li>\n<li>Materialul mu\u0219tiucului: acril<\/li>\n<li>Brand: Jean Claude<\/li>\n<li>Modele \u00een asortiment<\/li>\n<li>Pre\u021bul este indicat pentru 1 pip\u0103<\/li>\n<\/ul>\n","protected":false},"featured_media":125617,"template":"","meta":{"om_disable_all_campaigns":false,"_monsterinsights_skip_tracking":false,"_monsterinsights_sitenote_active":false,"_monsterinsights_sitenote_note":"","_monsterinsights_sitenote_category":0},"product_brand":[],"product_cat":[186],"product_tag":[],"class_list":{"0":"post-125619","1":"product","2":"type-product","3":"status-publish","4":"has-post-thumbnail","6":"product_cat-pipe-de-alte-branduri","8":"first","9":"outofstock","10":"purchasable","11":"product-type-simple"},"aioseo_notices":[],"aioseo_head":"\n\t\t<!-- All in One SEO Pro 4.9.5.2 - aioseo.com -->\n\t<meta name=\"robots\" content=\"max-image-preview:large\" \/>\n\t<link rel=\"canonical\" href=\"https:\/\/tabaccomd.com\/ro\/product\/pipa-jean-claude-brown-acrylic-402525\/\" \/>\n\t<meta name=\"generator\" content=\"All in One SEO Pro (AIOSEO) 4.9.5.2\" \/>\n\t\t<meta property=\"og:locale\" content=\"ro_RO\" \/>\n\t\t<meta property=\"og:site_name\" content=\"Tabacco House \u2013 \u041c\u0430\u0433\u0430\u0437\u0438\u043d \u0442\u0430\u0431\u0430\u0447\u043d\u044b\u0445 \u0438\u0437\u0434\u0435\u043b\u0438\u0439\" \/>\n\t\t<meta property=\"og:type\" content=\"article\" \/>\n\t\t<meta property=\"og:title\" content=\"Pip\u0103 Jean Claude brown acrylic 402525 \u2013 Tabacco House\" \/>\n\t\t<meta property=\"og:url\" content=\"https:\/\/tabaccomd.com\/ro\/product\/pipa-jean-claude-brown-acrylic-402525\/\" \/>\n\t\t<meta property=\"article:published_time\" content=\"2023-07-24T13:30:27+00:00\" \/>\n\t\t<meta property=\"article:modified_time\" content=\"2023-07-24T13:30:27+00:00\" \/>\n\t\t<meta property=\"article:publisher\" content=\"https:\/\/www.facebook.com\/tabaccomd.com\/\" \/>\n\t\t<meta name=\"twitter:card\" content=\"summary_large_image\" \/>\n\t\t<meta name=\"twitter:title\" content=\"Pip\u0103 Jean Claude brown acrylic 402525 \u2013 Tabacco House\" \/>\n\t\t<script type=\"application\/ld+json\" class=\"aioseo-schema\">\n\t\t\t{\"@context\":\"https:\\\/\\\/schema.org\",\"@graph\":[{\"@type\":\"BreadcrumbList\",\"@id\":\"https:\\\/\\\/tabaccomd.com\\\/ro\\\/product\\\/pipa-jean-claude-brown-acrylic-402525\\\/#breadcrumblist\",\"itemListElement\":[{\"@type\":\"ListItem\",\"@id\":\"https:\\\/\\\/tabaccomd.com\\\/ro\\\/#listItem\",\"position\":1,\"name\":\"\\u0413\\u043b\\u0430\\u0432\\u043d\\u0430\\u044f\",\"item\":\"https:\\\/\\\/tabaccomd.com\\\/ro\\\/\",\"nextItem\":{\"@type\":\"ListItem\",\"@id\":\"https:\\\/\\\/tabaccomd.com\\\/ro\\\/catalog\\\/#listItem\",\"name\":\"Catalog\"}},{\"@type\":\"ListItem\",\"@id\":\"https:\\\/\\\/tabaccomd.com\\\/ro\\\/catalog\\\/#listItem\",\"position\":2,\"name\":\"Catalog\",\"item\":\"https:\\\/\\\/tabaccomd.com\\\/ro\\\/catalog\\\/\",\"nextItem\":{\"@type\":\"ListItem\",\"@id\":\"https:\\\/\\\/tabaccomd.com\\\/ro\\\/product-category\\\/pipe\\\/#listItem\",\"name\":\"Pipe\"},\"previousItem\":{\"@type\":\"ListItem\",\"@id\":\"https:\\\/\\\/tabaccomd.com\\\/ro\\\/#listItem\",\"name\":\"\\u0413\\u043b\\u0430\\u0432\\u043d\\u0430\\u044f\"}},{\"@type\":\"ListItem\",\"@id\":\"https:\\\/\\\/tabaccomd.com\\\/ro\\\/product-category\\\/pipe\\\/#listItem\",\"position\":3,\"name\":\"Pipe\",\"item\":\"https:\\\/\\\/tabaccomd.com\\\/ro\\\/product-category\\\/pipe\\\/\",\"nextItem\":{\"@type\":\"ListItem\",\"@id\":\"https:\\\/\\\/tabaccomd.com\\\/ro\\\/product-category\\\/pipe\\\/pipe-de-alte-branduri\\\/#listItem\",\"name\":\"Pipe de alte branduri\"},\"previousItem\":{\"@type\":\"ListItem\",\"@id\":\"https:\\\/\\\/tabaccomd.com\\\/ro\\\/catalog\\\/#listItem\",\"name\":\"Catalog\"}},{\"@type\":\"ListItem\",\"@id\":\"https:\\\/\\\/tabaccomd.com\\\/ro\\\/product-category\\\/pipe\\\/pipe-de-alte-branduri\\\/#listItem\",\"position\":4,\"name\":\"Pipe de alte branduri\",\"item\":\"https:\\\/\\\/tabaccomd.com\\\/ro\\\/product-category\\\/pipe\\\/pipe-de-alte-branduri\\\/\",\"nextItem\":{\"@type\":\"ListItem\",\"@id\":\"https:\\\/\\\/tabaccomd.com\\\/ro\\\/product\\\/pipa-jean-claude-brown-acrylic-402525\\\/#listItem\",\"name\":\"Pip\\u0103 Jean Claude brown acrylic 402525\"},\"previousItem\":{\"@type\":\"ListItem\",\"@id\":\"https:\\\/\\\/tabaccomd.com\\\/ro\\\/product-category\\\/pipe\\\/#listItem\",\"name\":\"Pipe\"}},{\"@type\":\"ListItem\",\"@id\":\"https:\\\/\\\/tabaccomd.com\\\/ro\\\/product\\\/pipa-jean-claude-brown-acrylic-402525\\\/#listItem\",\"position\":5,\"name\":\"Pip\\u0103 Jean Claude brown acrylic 402525\",\"previousItem\":{\"@type\":\"ListItem\",\"@id\":\"https:\\\/\\\/tabaccomd.com\\\/ro\\\/product-category\\\/pipe\\\/pipe-de-alte-branduri\\\/#listItem\",\"name\":\"Pipe de alte branduri\"}}]},{\"@type\":\"Organization\",\"@id\":\"https:\\\/\\\/tabaccomd.com\\\/ro\\\/#organization\",\"name\":\"Tabacco House\",\"description\":\"\\u041c\\u0430\\u0433\\u0430\\u0437\\u0438\\u043d \\u0442\\u0430\\u0431\\u0430\\u0447\\u043d\\u044b\\u0445 \\u0438\\u0437\\u0434\\u0435\\u043b\\u0438\\u0439\",\"url\":\"https:\\\/\\\/tabaccomd.com\\\/ro\\\/\",\"email\":\"Office@cazacuhouse.com\",\"telephone\":\"+37361000935\",\"logo\":{\"@type\":\"ImageObject\",\"url\":\"https:\\\/\\\/tabaccomd.com\\\/wp-content\\\/uploads\\\/2024\\\/02\\\/logo_header3.png\",\"@id\":\"https:\\\/\\\/tabaccomd.com\\\/ro\\\/product\\\/pipa-jean-claude-brown-acrylic-402525\\\/#organizationLogo\",\"width\":32,\"height\":32,\"caption\":\"Tabacco House\"},\"image\":{\"@id\":\"https:\\\/\\\/tabaccomd.com\\\/ro\\\/product\\\/pipa-jean-claude-brown-acrylic-402525\\\/#organizationLogo\"},\"sameAs\":[\"https:\\\/\\\/www.facebook.com\\\/tabaccomd.com\\\/\",\"https:\\\/\\\/www.instagram.com\\\/tabaccomd.com\\\/\"],\"address\":{\"@id\":\"https:\\\/\\\/tabaccomd.com\\\/ro\\\/#postaladdress\",\"@type\":\"PostalAddress\",\"streetAddress\":\"Strada Albi\\u015foara 4, Chi\\u0219in\\u0103u, Bulevardul \\u0218tefan cel Mare \\u0219i Sf\\u00eent 136, Chi\\u0219in\\u0103u\",\"addressLocality\":\"Chi\\u0219in\\u0103u\",\"addressCountry\":\"MD\"}},{\"@type\":\"Product\",\"@id\":\"https:\\\/\\\/tabaccomd.com\\\/ro\\\/product\\\/pipa-jean-claude-brown-acrylic-402525\\\/#wooCommerceProduct\",\"name\":\"Pip\\u0103 Jean Claude brown acrylic 402525\",\"description\":\"Materialul pipei: briar\\r\\n \\tMaterialul mu\\u0219tiucului: acril\\r\\n \\tBrand: Jean Claude\\r\\n \\tModele \\u00een asortiment\\r\\n \\tPre\\u021bul este indicat pentru 1 pip\\u0103\",\"url\":\"https:\\\/\\\/tabaccomd.com\\\/ro\\\/product\\\/pipa-jean-claude-brown-acrylic-402525\\\/\",\"sku\":\"402525\",\"image\":{\"@type\":\"ImageObject\",\"url\":\"https:\\\/\\\/tabaccomd.com\\\/wp-content\\\/uploads\\\/2023\\\/07\\\/Pipa-Jean-Claude-brown-acrylic-402525-1.jpg\",\"@id\":\"https:\\\/\\\/tabaccomd.com\\\/ro\\\/product\\\/pipa-jean-claude-brown-acrylic-402525\\\/#productImage\",\"width\":1332,\"height\":1332,\"caption\":\"Pipa Jean Claude brown acrylic 402525\"},\"offers\":{\"@type\":\"Offer\",\"url\":\"https:\\\/\\\/tabaccomd.com\\\/ro\\\/product\\\/pipa-jean-claude-brown-acrylic-402525\\\/#wooCommerceOffer\",\"price\":720,\"priceCurrency\":\"MDL\",\"category\":\"Pipe de alte branduri\",\"availability\":\"https:\\\/\\\/schema.org\\\/OutOfStock\",\"priceSpecification\":{\"@type\":\"PriceSpecification\",\"price\":720,\"priceCurrency\":\"MDL\",\"valueAddedTaxIncluded\":\"true\"},\"seller\":{\"@type\":\"Organization\",\"@id\":\"https:\\\/\\\/tabaccomd.com\\\/ro\\\/#organization\"}}},{\"@type\":\"WebPage\",\"@id\":\"https:\\\/\\\/tabaccomd.com\\\/ro\\\/product\\\/pipa-jean-claude-brown-acrylic-402525\\\/#webpage\",\"url\":\"https:\\\/\\\/tabaccomd.com\\\/ro\\\/product\\\/pipa-jean-claude-brown-acrylic-402525\\\/\",\"name\":\"Pip\\u0103 Jean Claude brown acrylic 402525 \\u2013 Tabacco House\",\"inLanguage\":\"ro-RO\",\"isPartOf\":{\"@id\":\"https:\\\/\\\/tabaccomd.com\\\/ro\\\/#website\"},\"breadcrumb\":{\"@id\":\"https:\\\/\\\/tabaccomd.com\\\/ro\\\/product\\\/pipa-jean-claude-brown-acrylic-402525\\\/#breadcrumblist\"},\"image\":{\"@type\":\"ImageObject\",\"url\":\"https:\\\/\\\/tabaccomd.com\\\/wp-content\\\/uploads\\\/2023\\\/07\\\/Pipa-Jean-Claude-brown-acrylic-402525-1.jpg\",\"@id\":\"https:\\\/\\\/tabaccomd.com\\\/ro\\\/product\\\/pipa-jean-claude-brown-acrylic-402525\\\/#mainImage\",\"width\":1332,\"height\":1332,\"caption\":\"Pipa Jean Claude brown acrylic 402525\"},\"primaryImageOfPage\":{\"@id\":\"https:\\\/\\\/tabaccomd.com\\\/ro\\\/product\\\/pipa-jean-claude-brown-acrylic-402525\\\/#mainImage\"},\"datePublished\":\"2023-07-24T16:30:27+03:00\",\"dateModified\":\"2023-07-24T16:30:27+03:00\"},{\"@type\":\"WebSite\",\"@id\":\"https:\\\/\\\/tabaccomd.com\\\/ro\\\/#website\",\"url\":\"https:\\\/\\\/tabaccomd.com\\\/ro\\\/\",\"name\":\"Tabacco House\",\"alternateName\":\"tobaccomd.com\",\"description\":\"\\u041c\\u0430\\u0433\\u0430\\u0437\\u0438\\u043d \\u0442\\u0430\\u0431\\u0430\\u0447\\u043d\\u044b\\u0445 \\u0438\\u0437\\u0434\\u0435\\u043b\\u0438\\u0439\",\"inLanguage\":\"ro-RO\",\"publisher\":{\"@id\":\"https:\\\/\\\/tabaccomd.com\\\/ro\\\/#organization\"}}]}\n\t\t<\/script>\n\t\t<!-- All in One SEO Pro -->\r\n\t\t<title>Pip\u0103 Jean Claude brown acrylic 402525 \u2013 Tabacco House<\/title>\n\n","aioseo_head_json":{"title":"Pip\u0103 Jean Claude brown acrylic 402525 \u2013 Tabacco House","description":"","canonical_url":"https:\/\/tabaccomd.com\/ro\/product\/pipa-jean-claude-brown-acrylic-402525\/","robots":"max-image-preview:large","keywords":"","webmasterTools":{"miscellaneous":""},"schema":{"@context":"https:\/\/schema.org","@graph":[{"@type":"BreadcrumbList","@id":"https:\/\/tabaccomd.com\/ro\/product\/pipa-jean-claude-brown-acrylic-402525\/#breadcrumblist","itemListElement":[{"@type":"ListItem","@id":"https:\/\/tabaccomd.com\/ro\/#listItem","position":1,"name":"\u0413\u043b\u0430\u0432\u043d\u0430\u044f","item":"https:\/\/tabaccomd.com\/ro\/","nextItem":{"@type":"ListItem","@id":"https:\/\/tabaccomd.com\/ro\/catalog\/#listItem","name":"Catalog"}},{"@type":"ListItem","@id":"https:\/\/tabaccomd.com\/ro\/catalog\/#listItem","position":2,"name":"Catalog","item":"https:\/\/tabaccomd.com\/ro\/catalog\/","nextItem":{"@type":"ListItem","@id":"https:\/\/tabaccomd.com\/ro\/product-category\/pipe\/#listItem","name":"Pipe"},"previousItem":{"@type":"ListItem","@id":"https:\/\/tabaccomd.com\/ro\/#listItem","name":"\u0413\u043b\u0430\u0432\u043d\u0430\u044f"}},{"@type":"ListItem","@id":"https:\/\/tabaccomd.com\/ro\/product-category\/pipe\/#listItem","position":3,"name":"Pipe","item":"https:\/\/tabaccomd.com\/ro\/product-category\/pipe\/","nextItem":{"@type":"ListItem","@id":"https:\/\/tabaccomd.com\/ro\/product-category\/pipe\/pipe-de-alte-branduri\/#listItem","name":"Pipe de alte branduri"},"previousItem":{"@type":"ListItem","@id":"https:\/\/tabaccomd.com\/ro\/catalog\/#listItem","name":"Catalog"}},{"@type":"ListItem","@id":"https:\/\/tabaccomd.com\/ro\/product-category\/pipe\/pipe-de-alte-branduri\/#listItem","position":4,"name":"Pipe de alte branduri","item":"https:\/\/tabaccomd.com\/ro\/product-category\/pipe\/pipe-de-alte-branduri\/","nextItem":{"@type":"ListItem","@id":"https:\/\/tabaccomd.com\/ro\/product\/pipa-jean-claude-brown-acrylic-402525\/#listItem","name":"Pip\u0103 Jean Claude brown acrylic 402525"},"previousItem":{"@type":"ListItem","@id":"https:\/\/tabaccomd.com\/ro\/product-category\/pipe\/#listItem","name":"Pipe"}},{"@type":"ListItem","@id":"https:\/\/tabaccomd.com\/ro\/product\/pipa-jean-claude-brown-acrylic-402525\/#listItem","position":5,"name":"Pip\u0103 Jean Claude brown acrylic 402525","previousItem":{"@type":"ListItem","@id":"https:\/\/tabaccomd.com\/ro\/product-category\/pipe\/pipe-de-alte-branduri\/#listItem","name":"Pipe de alte branduri"}}]},{"@type":"Organization","@id":"https:\/\/tabaccomd.com\/ro\/#organization","name":"Tabacco House","description":"\u041c\u0430\u0433\u0430\u0437\u0438\u043d \u0442\u0430\u0431\u0430\u0447\u043d\u044b\u0445 \u0438\u0437\u0434\u0435\u043b\u0438\u0439","url":"https:\/\/tabaccomd.com\/ro\/","email":"Office@cazacuhouse.com","telephone":"+37361000935","logo":{"@type":"ImageObject","url":"https:\/\/tabaccomd.com\/wp-content\/uploads\/2024\/02\/logo_header3.png","@id":"https:\/\/tabaccomd.com\/ro\/product\/pipa-jean-claude-brown-acrylic-402525\/#organizationLogo","width":32,"height":32,"caption":"Tabacco House"},"image":{"@id":"https:\/\/tabaccomd.com\/ro\/product\/pipa-jean-claude-brown-acrylic-402525\/#organizationLogo"},"sameAs":["https:\/\/www.facebook.com\/tabaccomd.com\/","https:\/\/www.instagram.com\/tabaccomd.com\/"],"address":{"@id":"https:\/\/tabaccomd.com\/ro\/#postaladdress","@type":"PostalAddress","streetAddress":"Strada Albi\u015foara 4, Chi\u0219in\u0103u, Bulevardul \u0218tefan cel Mare \u0219i Sf\u00eent 136, Chi\u0219in\u0103u","addressLocality":"Chi\u0219in\u0103u","addressCountry":"MD"}},{"@type":"Product","@id":"https:\/\/tabaccomd.com\/ro\/product\/pipa-jean-claude-brown-acrylic-402525\/#wooCommerceProduct","name":"Pip\u0103 Jean Claude brown acrylic 402525","description":"Materialul pipei: briar\r\n \tMaterialul mu\u0219tiucului: acril\r\n \tBrand: Jean Claude\r\n \tModele \u00een asortiment\r\n \tPre\u021bul este indicat pentru 1 pip\u0103","url":"https:\/\/tabaccomd.com\/ro\/product\/pipa-jean-claude-brown-acrylic-402525\/","sku":"402525","image":{"@type":"ImageObject","url":"https:\/\/tabaccomd.com\/wp-content\/uploads\/2023\/07\/Pipa-Jean-Claude-brown-acrylic-402525-1.jpg","@id":"https:\/\/tabaccomd.com\/ro\/product\/pipa-jean-claude-brown-acrylic-402525\/#productImage","width":1332,"height":1332,"caption":"Pipa Jean Claude brown acrylic 402525"},"offers":{"@type":"Offer","url":"https:\/\/tabaccomd.com\/ro\/product\/pipa-jean-claude-brown-acrylic-402525\/#wooCommerceOffer","price":720,"priceCurrency":"MDL","category":"Pipe de alte branduri","availability":"https:\/\/schema.org\/OutOfStock","priceSpecification":{"@type":"PriceSpecification","price":720,"priceCurrency":"MDL","valueAddedTaxIncluded":"true"},"seller":{"@type":"Organization","@id":"https:\/\/tabaccomd.com\/ro\/#organization"}}},{"@type":"WebPage","@id":"https:\/\/tabaccomd.com\/ro\/product\/pipa-jean-claude-brown-acrylic-402525\/#webpage","url":"https:\/\/tabaccomd.com\/ro\/product\/pipa-jean-claude-brown-acrylic-402525\/","name":"Pip\u0103 Jean Claude brown acrylic 402525 \u2013 Tabacco House","inLanguage":"ro-RO","isPartOf":{"@id":"https:\/\/tabaccomd.com\/ro\/#website"},"breadcrumb":{"@id":"https:\/\/tabaccomd.com\/ro\/product\/pipa-jean-claude-brown-acrylic-402525\/#breadcrumblist"},"image":{"@type":"ImageObject","url":"https:\/\/tabaccomd.com\/wp-content\/uploads\/2023\/07\/Pipa-Jean-Claude-brown-acrylic-402525-1.jpg","@id":"https:\/\/tabaccomd.com\/ro\/product\/pipa-jean-claude-brown-acrylic-402525\/#mainImage","width":1332,"height":1332,"caption":"Pipa Jean Claude brown acrylic 402525"},"primaryImageOfPage":{"@id":"https:\/\/tabaccomd.com\/ro\/product\/pipa-jean-claude-brown-acrylic-402525\/#mainImage"},"datePublished":"2023-07-24T16:30:27+03:00","dateModified":"2023-07-24T16:30:27+03:00"},{"@type":"WebSite","@id":"https:\/\/tabaccomd.com\/ro\/#website","url":"https:\/\/tabaccomd.com\/ro\/","name":"Tabacco House","alternateName":"tobaccomd.com","description":"\u041c\u0430\u0433\u0430\u0437\u0438\u043d \u0442\u0430\u0431\u0430\u0447\u043d\u044b\u0445 \u0438\u0437\u0434\u0435\u043b\u0438\u0439","inLanguage":"ro-RO","publisher":{"@id":"https:\/\/tabaccomd.com\/ro\/#organization"}}]},"og:locale":"ro_RO","og:site_name":"Tabacco House \u2013 \u041c\u0430\u0433\u0430\u0437\u0438\u043d \u0442\u0430\u0431\u0430\u0447\u043d\u044b\u0445 \u0438\u0437\u0434\u0435\u043b\u0438\u0439","og:type":"article","og:title":"Pip\u0103 Jean Claude brown acrylic 402525 \u2013 Tabacco House","og:url":"https:\/\/tabaccomd.com\/ro\/product\/pipa-jean-claude-brown-acrylic-402525\/","article:published_time":"2023-07-24T13:30:27+00:00","article:modified_time":"2023-07-24T13:30:27+00:00","article:publisher":"https:\/\/www.facebook.com\/tabaccomd.com\/","twitter:card":"summary_large_image","twitter:title":"Pip\u0103 Jean Claude brown acrylic 402525 \u2013 Tabacco House"},"aioseo_meta_data":{"post_id":"125619","title":null,"description":null,"keywords":null,"keyphrases":null,"primary_term":null,"canonical_url":null,"og_title":null,"og_description":null,"og_object_type":"default","og_image_type":"default","og_image_url":null,"og_image_width":null,"og_image_height":null,"og_image_custom_url":null,"og_image_custom_fields":null,"og_video":null,"og_custom_url":null,"og_article_section":null,"og_article_tags":null,"twitter_use_og":false,"twitter_card":"default","twitter_image_type":"default","twitter_image_url":null,"twitter_image_custom_url":null,"twitter_image_custom_fields":null,"twitter_title":null,"twitter_description":null,"schema":{"blockGraphs":[],"customGraphs":[],"default":{"data":{"Article":[],"Course":[],"Dataset":[],"FAQPage":[],"Movie":[],"Person":[],"Product":[],"ProductReview":[],"Car":[],"Recipe":[],"Service":[],"SoftwareApplication":[],"WebPage":[]},"graphName":"ItemPage","isEnabled":true},"graphs":[]},"schema_type":"default","schema_type_options":null,"pillar_content":false,"robots_default":true,"robots_noindex":false,"robots_noarchive":false,"robots_nosnippet":false,"robots_nofollow":false,"robots_noimageindex":false,"robots_noodp":false,"robots_notranslate":false,"robots_max_snippet":null,"robots_max_videopreview":null,"robots_max_imagepreview":"large","priority":null,"frequency":null,"local_seo":null,"seo_analyzer_scan_date":"2025-10-20 09:34:38","breadcrumb_settings":null,"limit_modified_date":false,"reviewed_by":null,"open_ai":null,"ai":null,"created":"2023-08-09 12:02:54","updated":"2025-10-20 09:34:38"},"aioseo_breadcrumb":"<div class=\"aioseo-breadcrumbs\"><span class=\"aioseo-breadcrumb\">\n\t<a href=\"https:\/\/tabaccomd.com\/ro\/\" title=\"\u0413\u043b\u0430\u0432\u043d\u0430\u044f\">\u0413\u043b\u0430\u0432\u043d\u0430\u044f<\/a>\n<\/span><span class=\"aioseo-breadcrumb-separator\">\u00bb<\/span><span class=\"aioseo-breadcrumb\">\n\t<a href=\"https:\/\/tabaccomd.com\/ro\/catalog\/\" title=\"Catalog\">Catalog<\/a>\n<\/span><span class=\"aioseo-breadcrumb-separator\">\u00bb<\/span><span class=\"aioseo-breadcrumb\">\n\t<a href=\"https:\/\/tabaccomd.com\/ro\/product-category\/pipe\/\" title=\"Pipe\">Pipe<\/a>\n<\/span><span class=\"aioseo-breadcrumb-separator\">\u00bb<\/span><span class=\"aioseo-breadcrumb\">\n\t<a href=\"https:\/\/tabaccomd.com\/ro\/product-category\/pipe\/pipe-de-alte-branduri\/\" title=\"Pipe de alte branduri\">Pipe de alte branduri<\/a>\n<\/span><span class=\"aioseo-breadcrumb-separator\">\u00bb<\/span><span class=\"aioseo-breadcrumb\">\n\tPip\u0103 Jean Claude brown acrylic 402525\n<\/span><\/div>","aioseo_breadcrumb_json":[{"label":"\u0413\u043b\u0430\u0432\u043d\u0430\u044f","link":"https:\/\/tabaccomd.com\/ro\/"},{"label":"Catalog","link":"https:\/\/tabaccomd.com\/ro\/catalog\/"},{"label":"Pipe","link":"https:\/\/tabaccomd.com\/ro\/product-category\/pipe\/"},{"label":"Pipe de alte branduri","link":"https:\/\/tabaccomd.com\/ro\/product-category\/pipe\/pipe-de-alte-branduri\/"},{"label":"Pip\u0103 Jean Claude brown acrylic 402525","link":"https:\/\/tabaccomd.com\/ro\/product\/pipa-jean-claude-brown-acrylic-402525\/"}],"images_for_1c":[{"url":"https:\/\/tabaccomd.com\/wp-content\/uploads\/2023\/07\/Pipa-Jean-Claude-brown-acrylic-402525-1.jpg","type":"featured","alt":"Pipa Jean Claude brown acrylic 402525","filename":"Pipa-Jean-Claude-brown-acrylic-402525-1.jpg"}],"additional_data_1c":{"modified_date":"2023-07-24 16:30:27","permalink":"https:\/\/tabaccomd.com\/ro\/product\/pipa-jean-claude-brown-acrylic-402525\/","stock_status":"outofstock","manage_stock":"no"},"_links":{"self":[{"href":"https:\/\/tabaccomd.com\/ro\/wp-json\/wp\/v2\/product\/125619","targetHints":{"allow":["GET"]}}],"collection":[{"href":"https:\/\/tabaccomd.com\/ro\/wp-json\/wp\/v2\/product"}],"about":[{"href":"https:\/\/tabaccomd.com\/ro\/wp-json\/wp\/v2\/types\/product"}],"wp:featuredmedia":[{"embeddable":true,"href":"https:\/\/tabaccomd.com\/ro\/wp-json\/wp\/v2\/media\/125617"}],"wp:attachment":[{"href":"https:\/\/tabaccomd.com\/ro\/wp-json\/wp\/v2\/media?parent=125619"}],"wp:term":[{"taxonomy":"product_brand","embeddable":true,"href":"https:\/\/tabaccomd.com\/ro\/wp-json\/wp\/v2\/product_brand?post=125619"},{"taxonomy":"product_cat","embeddable":true,"href":"https:\/\/tabaccomd.com\/ro\/wp-json\/wp\/v2\/product_cat?post=125619"},{"taxonomy":"product_tag","embeddable":true,"href":"https:\/\/tabaccomd.com\/ro\/wp-json\/wp\/v2\/product_tag?post=125619"}],"curies":[{"name":"wp","href":"https:\/\/api.w.org\/{rel}","templated":true}]}}