{"id":125605,"date":"2023-07-24T16:40:45","date_gmt":"2023-07-24T13:40:45","guid":{"rendered":"https:\/\/tabaccomd.com\/product\/set-pentru-pipa-geantapipa-409126\/"},"modified":"2026-02-17T16:53:50","modified_gmt":"2026-02-17T13:53:50","slug":"set-pentru-pipa-geantapipa-409126","status":"publish","type":"product","link":"https:\/\/tabaccomd.com\/ro\/product\/set-pentru-pipa-geantapipa-409126\/","title":{"rendered":"Set de pip\u0103 pentru \u00eencep\u0103tori Jean Claude 409126"},"content":{"rendered":"<p><a href=\"https:\/\/tabaccomd.com\/ro\/product-category\/pipe\/pipe-de-alte-branduri\/\">Setul de pip\u0103<\/a> pentru \u00eencep\u0103tori Jean Claude este alegerea perfect\u0103 pentru noii fum\u0103tori de pip\u0103. Setul include o pip\u0103 curbat\u0103 din lemn de briar de \u00eenalt\u0103 calitate, cu mu\u0219tiuc acrilic, o hus\u0103 din imita\u021bie de piele maro pentru depozitarea convenabil\u0103 a tuturor accesoriilor, precum \u0219i unelte pentru cur\u0103\u021barea pipelor, 3 perii pentru pipe, 3 filtre cu c\u0103rbune activ pentru r\u0103cirea \u0219i filtrarea fumului \u0219i chibrituri cubaneze. Acest kit este conceput pentru un \u00eenceput confortabil \u0219i pl\u0103cut la fumatul de pip\u0103.<\/p>\n<p>Pute\u021bi achizi\u021biona setul\u00a0de pip\u0103 pentru \u00eencep\u0103tori Jean Claude 409126 \u00een Moldova, Chi\u0219in\u0103u, \u00een re\u021beaua de magazine Tabacco House.<\/p>\n","protected":false},"excerpt":{"rendered":"<ul>\n<li>Material pip\u0103: Briar<\/li>\n<li>Material mu\u0219tiuc: Acril<\/li>\n<li>Material geanta: Piele fals\u0103<\/li>\n<li>Brand: Jean Claude<\/li>\n<li>Culoare: Maro deschis<\/li>\n<li>Ambalaj de cadou<\/li>\n<\/ul>\n","protected":false},"featured_media":156716,"template":"","meta":{"om_disable_all_campaigns":false,"_monsterinsights_skip_tracking":false,"_monsterinsights_sitenote_active":false,"_monsterinsights_sitenote_note":"","_monsterinsights_sitenote_category":0},"product_brand":[],"product_cat":[186,366],"product_tag":[],"class_list":{"0":"post-125605","1":"product","2":"type-product","3":"status-publish","4":"has-post-thumbnail","6":"product_cat-pipe-de-alte-branduri","7":"product_cat-seturi-pentru-pipa","9":"first","10":"instock","11":"purchasable","12":"product-type-simple"},"aioseo_notices":[],"aioseo_head":"\n\t\t<!-- All in One SEO Pro 4.9.5.2 - aioseo.com -->\n\t<meta name=\"robots\" content=\"max-image-preview:large\" \/>\n\t<link rel=\"canonical\" href=\"https:\/\/tabaccomd.com\/ro\/product\/set-pentru-pipa-geantapipa-409126\/\" \/>\n\t<meta name=\"generator\" content=\"All in One SEO Pro (AIOSEO) 4.9.5.2\" \/>\n\t\t<meta property=\"og:locale\" content=\"ro_RO\" \/>\n\t\t<meta property=\"og:site_name\" content=\"Tabacco House \u2013 \u041c\u0430\u0433\u0430\u0437\u0438\u043d \u0442\u0430\u0431\u0430\u0447\u043d\u044b\u0445 \u0438\u0437\u0434\u0435\u043b\u0438\u0439\" \/>\n\t\t<meta property=\"og:type\" content=\"article\" \/>\n\t\t<meta property=\"og:title\" content=\"Set de pip\u0103 pentru \u00eencep\u0103tori Jean Claude 409126 \u2013 Tabacco House\" \/>\n\t\t<meta property=\"og:url\" content=\"https:\/\/tabaccomd.com\/ro\/product\/set-pentru-pipa-geantapipa-409126\/\" \/>\n\t\t<meta property=\"article:published_time\" content=\"2023-07-24T13:40:45+00:00\" \/>\n\t\t<meta property=\"article:modified_time\" content=\"2026-02-17T13:53:50+00:00\" \/>\n\t\t<meta property=\"article:publisher\" content=\"https:\/\/www.facebook.com\/tabaccomd.com\/\" \/>\n\t\t<meta name=\"twitter:card\" content=\"summary_large_image\" \/>\n\t\t<meta name=\"twitter:title\" content=\"Set de pip\u0103 pentru \u00eencep\u0103tori Jean Claude 409126 \u2013 Tabacco House\" \/>\n\t\t<script type=\"application\/ld+json\" class=\"aioseo-schema\">\n\t\t\t{\"@context\":\"https:\\\/\\\/schema.org\",\"@graph\":[{\"@type\":\"BreadcrumbList\",\"@id\":\"https:\\\/\\\/tabaccomd.com\\\/ro\\\/product\\\/set-pentru-pipa-geantapipa-409126\\\/#breadcrumblist\",\"itemListElement\":[{\"@type\":\"ListItem\",\"@id\":\"https:\\\/\\\/tabaccomd.com\\\/ro\\\/#listItem\",\"position\":1,\"name\":\"\\u0413\\u043b\\u0430\\u0432\\u043d\\u0430\\u044f\",\"item\":\"https:\\\/\\\/tabaccomd.com\\\/ro\\\/\",\"nextItem\":{\"@type\":\"ListItem\",\"@id\":\"https:\\\/\\\/tabaccomd.com\\\/ro\\\/catalog\\\/#listItem\",\"name\":\"Catalog\"}},{\"@type\":\"ListItem\",\"@id\":\"https:\\\/\\\/tabaccomd.com\\\/ro\\\/catalog\\\/#listItem\",\"position\":2,\"name\":\"Catalog\",\"item\":\"https:\\\/\\\/tabaccomd.com\\\/ro\\\/catalog\\\/\",\"nextItem\":{\"@type\":\"ListItem\",\"@id\":\"https:\\\/\\\/tabaccomd.com\\\/ro\\\/product-category\\\/pipe\\\/#listItem\",\"name\":\"Pipe\"},\"previousItem\":{\"@type\":\"ListItem\",\"@id\":\"https:\\\/\\\/tabaccomd.com\\\/ro\\\/#listItem\",\"name\":\"\\u0413\\u043b\\u0430\\u0432\\u043d\\u0430\\u044f\"}},{\"@type\":\"ListItem\",\"@id\":\"https:\\\/\\\/tabaccomd.com\\\/ro\\\/product-category\\\/pipe\\\/#listItem\",\"position\":3,\"name\":\"Pipe\",\"item\":\"https:\\\/\\\/tabaccomd.com\\\/ro\\\/product-category\\\/pipe\\\/\",\"nextItem\":{\"@type\":\"ListItem\",\"@id\":\"https:\\\/\\\/tabaccomd.com\\\/ro\\\/product-category\\\/pipe\\\/pipe-de-alte-branduri\\\/#listItem\",\"name\":\"Pipe de alte branduri\"},\"previousItem\":{\"@type\":\"ListItem\",\"@id\":\"https:\\\/\\\/tabaccomd.com\\\/ro\\\/catalog\\\/#listItem\",\"name\":\"Catalog\"}},{\"@type\":\"ListItem\",\"@id\":\"https:\\\/\\\/tabaccomd.com\\\/ro\\\/product-category\\\/pipe\\\/pipe-de-alte-branduri\\\/#listItem\",\"position\":4,\"name\":\"Pipe de alte branduri\",\"item\":\"https:\\\/\\\/tabaccomd.com\\\/ro\\\/product-category\\\/pipe\\\/pipe-de-alte-branduri\\\/\",\"nextItem\":{\"@type\":\"ListItem\",\"@id\":\"https:\\\/\\\/tabaccomd.com\\\/ro\\\/product\\\/set-pentru-pipa-geantapipa-409126\\\/#listItem\",\"name\":\"Set de pip\\u0103 pentru \\u00eencep\\u0103tori Jean Claude 409126\"},\"previousItem\":{\"@type\":\"ListItem\",\"@id\":\"https:\\\/\\\/tabaccomd.com\\\/ro\\\/product-category\\\/pipe\\\/#listItem\",\"name\":\"Pipe\"}},{\"@type\":\"ListItem\",\"@id\":\"https:\\\/\\\/tabaccomd.com\\\/ro\\\/product\\\/set-pentru-pipa-geantapipa-409126\\\/#listItem\",\"position\":5,\"name\":\"Set de pip\\u0103 pentru \\u00eencep\\u0103tori Jean Claude 409126\",\"previousItem\":{\"@type\":\"ListItem\",\"@id\":\"https:\\\/\\\/tabaccomd.com\\\/ro\\\/product-category\\\/pipe\\\/pipe-de-alte-branduri\\\/#listItem\",\"name\":\"Pipe de alte branduri\"}}]},{\"@type\":\"Organization\",\"@id\":\"https:\\\/\\\/tabaccomd.com\\\/ro\\\/#organization\",\"name\":\"Tabacco House\",\"description\":\"\\u041c\\u0430\\u0433\\u0430\\u0437\\u0438\\u043d \\u0442\\u0430\\u0431\\u0430\\u0447\\u043d\\u044b\\u0445 \\u0438\\u0437\\u0434\\u0435\\u043b\\u0438\\u0439\",\"url\":\"https:\\\/\\\/tabaccomd.com\\\/ro\\\/\",\"email\":\"Office@cazacuhouse.com\",\"telephone\":\"+37361000935\",\"logo\":{\"@type\":\"ImageObject\",\"url\":\"https:\\\/\\\/tabaccomd.com\\\/wp-content\\\/uploads\\\/2024\\\/02\\\/logo_header3.png\",\"@id\":\"https:\\\/\\\/tabaccomd.com\\\/ro\\\/product\\\/set-pentru-pipa-geantapipa-409126\\\/#organizationLogo\",\"width\":32,\"height\":32,\"caption\":\"Tabacco House\"},\"image\":{\"@id\":\"https:\\\/\\\/tabaccomd.com\\\/ro\\\/product\\\/set-pentru-pipa-geantapipa-409126\\\/#organizationLogo\"},\"sameAs\":[\"https:\\\/\\\/www.facebook.com\\\/tabaccomd.com\\\/\",\"https:\\\/\\\/www.instagram.com\\\/tabaccomd.com\\\/\"],\"address\":{\"@id\":\"https:\\\/\\\/tabaccomd.com\\\/ro\\\/#postaladdress\",\"@type\":\"PostalAddress\",\"streetAddress\":\"Strada Albi\\u015foara 4, Chi\\u0219in\\u0103u, Bulevardul \\u0218tefan cel Mare \\u0219i Sf\\u00eent 136, Chi\\u0219in\\u0103u\",\"addressLocality\":\"Chi\\u0219in\\u0103u\",\"addressCountry\":\"MD\"}},{\"@type\":\"Product\",\"@id\":\"https:\\\/\\\/tabaccomd.com\\\/ro\\\/product\\\/set-pentru-pipa-geantapipa-409126\\\/#wooCommerceProduct\",\"name\":\"Set de pip\\u0103 pentru \\u00eencep\\u0103tori Jean Claude 409126\",\"description\":\"Material pip\\u0103: Briar\\r\\n \\tMaterial mu\\u0219tiuc: Acril\\r\\n \\tMaterial geanta: Piele fals\\u0103\\r\\n \\tBrand: Jean Claude\\r\\n \\tCuloare: Maro deschis\\r\\n \\tAmbalaj de cadou\",\"url\":\"https:\\\/\\\/tabaccomd.com\\\/ro\\\/product\\\/set-pentru-pipa-geantapipa-409126\\\/\",\"sku\":\"409126\",\"image\":{\"@type\":\"ImageObject\",\"url\":\"https:\\\/\\\/tabaccomd.com\\\/wp-content\\\/uploads\\\/2023\\\/07\\\/set-incepatori-pipa-Jean-Claude-409126.jpg\",\"@id\":\"https:\\\/\\\/tabaccomd.com\\\/ro\\\/product\\\/set-pentru-pipa-geantapipa-409126\\\/#productImage\",\"width\":1200,\"height\":1200,\"caption\":\"set-incepatori-pipa-Jean-Claude-409126\"},\"offers\":{\"@type\":\"Offer\",\"url\":\"https:\\\/\\\/tabaccomd.com\\\/ro\\\/product\\\/set-pentru-pipa-geantapipa-409126\\\/#wooCommerceOffer\",\"price\":940,\"priceCurrency\":\"MDL\",\"category\":\"Pipe de alte branduri\",\"availability\":\"https:\\\/\\\/schema.org\\\/InStock\",\"priceSpecification\":{\"@type\":\"PriceSpecification\",\"price\":940,\"priceCurrency\":\"MDL\",\"valueAddedTaxIncluded\":\"true\"},\"seller\":{\"@type\":\"Organization\",\"@id\":\"https:\\\/\\\/tabaccomd.com\\\/ro\\\/#organization\"}}},{\"@type\":\"WebPage\",\"@id\":\"https:\\\/\\\/tabaccomd.com\\\/ro\\\/product\\\/set-pentru-pipa-geantapipa-409126\\\/#webpage\",\"url\":\"https:\\\/\\\/tabaccomd.com\\\/ro\\\/product\\\/set-pentru-pipa-geantapipa-409126\\\/\",\"name\":\"Set de pip\\u0103 pentru \\u00eencep\\u0103tori Jean Claude 409126 \\u2013 Tabacco House\",\"inLanguage\":\"ro-RO\",\"isPartOf\":{\"@id\":\"https:\\\/\\\/tabaccomd.com\\\/ro\\\/#website\"},\"breadcrumb\":{\"@id\":\"https:\\\/\\\/tabaccomd.com\\\/ro\\\/product\\\/set-pentru-pipa-geantapipa-409126\\\/#breadcrumblist\"},\"image\":{\"@type\":\"ImageObject\",\"url\":\"https:\\\/\\\/tabaccomd.com\\\/wp-content\\\/uploads\\\/2023\\\/07\\\/set-incepatori-pipa-Jean-Claude-409126.jpg\",\"@id\":\"https:\\\/\\\/tabaccomd.com\\\/ro\\\/product\\\/set-pentru-pipa-geantapipa-409126\\\/#mainImage\",\"width\":1200,\"height\":1200,\"caption\":\"set-incepatori-pipa-Jean-Claude-409126\"},\"primaryImageOfPage\":{\"@id\":\"https:\\\/\\\/tabaccomd.com\\\/ro\\\/product\\\/set-pentru-pipa-geantapipa-409126\\\/#mainImage\"},\"datePublished\":\"2023-07-24T16:40:45+03:00\",\"dateModified\":\"2026-02-17T16:53:50+03:00\"},{\"@type\":\"WebSite\",\"@id\":\"https:\\\/\\\/tabaccomd.com\\\/ro\\\/#website\",\"url\":\"https:\\\/\\\/tabaccomd.com\\\/ro\\\/\",\"name\":\"Tabacco House\",\"alternateName\":\"tobaccomd.com\",\"description\":\"\\u041c\\u0430\\u0433\\u0430\\u0437\\u0438\\u043d \\u0442\\u0430\\u0431\\u0430\\u0447\\u043d\\u044b\\u0445 \\u0438\\u0437\\u0434\\u0435\\u043b\\u0438\\u0439\",\"inLanguage\":\"ro-RO\",\"publisher\":{\"@id\":\"https:\\\/\\\/tabaccomd.com\\\/ro\\\/#organization\"}}]}\n\t\t<\/script>\n\t\t<!-- All in One SEO Pro -->\r\n\t\t<title>Set de pip\u0103 pentru \u00eencep\u0103tori Jean Claude 409126 \u2013 Tabacco House<\/title>\n\n","aioseo_head_json":{"title":"Set de pip\u0103 pentru \u00eencep\u0103tori Jean Claude 409126 \u2013 Tabacco House","description":"","canonical_url":"https:\/\/tabaccomd.com\/ro\/product\/set-pentru-pipa-geantapipa-409126\/","robots":"max-image-preview:large","keywords":"","webmasterTools":{"miscellaneous":""},"schema":{"@context":"https:\/\/schema.org","@graph":[{"@type":"BreadcrumbList","@id":"https:\/\/tabaccomd.com\/ro\/product\/set-pentru-pipa-geantapipa-409126\/#breadcrumblist","itemListElement":[{"@type":"ListItem","@id":"https:\/\/tabaccomd.com\/ro\/#listItem","position":1,"name":"\u0413\u043b\u0430\u0432\u043d\u0430\u044f","item":"https:\/\/tabaccomd.com\/ro\/","nextItem":{"@type":"ListItem","@id":"https:\/\/tabaccomd.com\/ro\/catalog\/#listItem","name":"Catalog"}},{"@type":"ListItem","@id":"https:\/\/tabaccomd.com\/ro\/catalog\/#listItem","position":2,"name":"Catalog","item":"https:\/\/tabaccomd.com\/ro\/catalog\/","nextItem":{"@type":"ListItem","@id":"https:\/\/tabaccomd.com\/ro\/product-category\/pipe\/#listItem","name":"Pipe"},"previousItem":{"@type":"ListItem","@id":"https:\/\/tabaccomd.com\/ro\/#listItem","name":"\u0413\u043b\u0430\u0432\u043d\u0430\u044f"}},{"@type":"ListItem","@id":"https:\/\/tabaccomd.com\/ro\/product-category\/pipe\/#listItem","position":3,"name":"Pipe","item":"https:\/\/tabaccomd.com\/ro\/product-category\/pipe\/","nextItem":{"@type":"ListItem","@id":"https:\/\/tabaccomd.com\/ro\/product-category\/pipe\/pipe-de-alte-branduri\/#listItem","name":"Pipe de alte branduri"},"previousItem":{"@type":"ListItem","@id":"https:\/\/tabaccomd.com\/ro\/catalog\/#listItem","name":"Catalog"}},{"@type":"ListItem","@id":"https:\/\/tabaccomd.com\/ro\/product-category\/pipe\/pipe-de-alte-branduri\/#listItem","position":4,"name":"Pipe de alte branduri","item":"https:\/\/tabaccomd.com\/ro\/product-category\/pipe\/pipe-de-alte-branduri\/","nextItem":{"@type":"ListItem","@id":"https:\/\/tabaccomd.com\/ro\/product\/set-pentru-pipa-geantapipa-409126\/#listItem","name":"Set de pip\u0103 pentru \u00eencep\u0103tori Jean Claude 409126"},"previousItem":{"@type":"ListItem","@id":"https:\/\/tabaccomd.com\/ro\/product-category\/pipe\/#listItem","name":"Pipe"}},{"@type":"ListItem","@id":"https:\/\/tabaccomd.com\/ro\/product\/set-pentru-pipa-geantapipa-409126\/#listItem","position":5,"name":"Set de pip\u0103 pentru \u00eencep\u0103tori Jean Claude 409126","previousItem":{"@type":"ListItem","@id":"https:\/\/tabaccomd.com\/ro\/product-category\/pipe\/pipe-de-alte-branduri\/#listItem","name":"Pipe de alte branduri"}}]},{"@type":"Organization","@id":"https:\/\/tabaccomd.com\/ro\/#organization","name":"Tabacco House","description":"\u041c\u0430\u0433\u0430\u0437\u0438\u043d \u0442\u0430\u0431\u0430\u0447\u043d\u044b\u0445 \u0438\u0437\u0434\u0435\u043b\u0438\u0439","url":"https:\/\/tabaccomd.com\/ro\/","email":"Office@cazacuhouse.com","telephone":"+37361000935","logo":{"@type":"ImageObject","url":"https:\/\/tabaccomd.com\/wp-content\/uploads\/2024\/02\/logo_header3.png","@id":"https:\/\/tabaccomd.com\/ro\/product\/set-pentru-pipa-geantapipa-409126\/#organizationLogo","width":32,"height":32,"caption":"Tabacco House"},"image":{"@id":"https:\/\/tabaccomd.com\/ro\/product\/set-pentru-pipa-geantapipa-409126\/#organizationLogo"},"sameAs":["https:\/\/www.facebook.com\/tabaccomd.com\/","https:\/\/www.instagram.com\/tabaccomd.com\/"],"address":{"@id":"https:\/\/tabaccomd.com\/ro\/#postaladdress","@type":"PostalAddress","streetAddress":"Strada Albi\u015foara 4, Chi\u0219in\u0103u, Bulevardul \u0218tefan cel Mare \u0219i Sf\u00eent 136, Chi\u0219in\u0103u","addressLocality":"Chi\u0219in\u0103u","addressCountry":"MD"}},{"@type":"Product","@id":"https:\/\/tabaccomd.com\/ro\/product\/set-pentru-pipa-geantapipa-409126\/#wooCommerceProduct","name":"Set de pip\u0103 pentru \u00eencep\u0103tori Jean Claude 409126","description":"Material pip\u0103: Briar\r\n \tMaterial mu\u0219tiuc: Acril\r\n \tMaterial geanta: Piele fals\u0103\r\n \tBrand: Jean Claude\r\n \tCuloare: Maro deschis\r\n \tAmbalaj de cadou","url":"https:\/\/tabaccomd.com\/ro\/product\/set-pentru-pipa-geantapipa-409126\/","sku":"409126","image":{"@type":"ImageObject","url":"https:\/\/tabaccomd.com\/wp-content\/uploads\/2023\/07\/set-incepatori-pipa-Jean-Claude-409126.jpg","@id":"https:\/\/tabaccomd.com\/ro\/product\/set-pentru-pipa-geantapipa-409126\/#productImage","width":1200,"height":1200,"caption":"set-incepatori-pipa-Jean-Claude-409126"},"offers":{"@type":"Offer","url":"https:\/\/tabaccomd.com\/ro\/product\/set-pentru-pipa-geantapipa-409126\/#wooCommerceOffer","price":940,"priceCurrency":"MDL","category":"Pipe de alte branduri","availability":"https:\/\/schema.org\/InStock","priceSpecification":{"@type":"PriceSpecification","price":940,"priceCurrency":"MDL","valueAddedTaxIncluded":"true"},"seller":{"@type":"Organization","@id":"https:\/\/tabaccomd.com\/ro\/#organization"}}},{"@type":"WebPage","@id":"https:\/\/tabaccomd.com\/ro\/product\/set-pentru-pipa-geantapipa-409126\/#webpage","url":"https:\/\/tabaccomd.com\/ro\/product\/set-pentru-pipa-geantapipa-409126\/","name":"Set de pip\u0103 pentru \u00eencep\u0103tori Jean Claude 409126 \u2013 Tabacco House","inLanguage":"ro-RO","isPartOf":{"@id":"https:\/\/tabaccomd.com\/ro\/#website"},"breadcrumb":{"@id":"https:\/\/tabaccomd.com\/ro\/product\/set-pentru-pipa-geantapipa-409126\/#breadcrumblist"},"image":{"@type":"ImageObject","url":"https:\/\/tabaccomd.com\/wp-content\/uploads\/2023\/07\/set-incepatori-pipa-Jean-Claude-409126.jpg","@id":"https:\/\/tabaccomd.com\/ro\/product\/set-pentru-pipa-geantapipa-409126\/#mainImage","width":1200,"height":1200,"caption":"set-incepatori-pipa-Jean-Claude-409126"},"primaryImageOfPage":{"@id":"https:\/\/tabaccomd.com\/ro\/product\/set-pentru-pipa-geantapipa-409126\/#mainImage"},"datePublished":"2023-07-24T16:40:45+03:00","dateModified":"2026-02-17T16:53:50+03:00"},{"@type":"WebSite","@id":"https:\/\/tabaccomd.com\/ro\/#website","url":"https:\/\/tabaccomd.com\/ro\/","name":"Tabacco House","alternateName":"tobaccomd.com","description":"\u041c\u0430\u0433\u0430\u0437\u0438\u043d \u0442\u0430\u0431\u0430\u0447\u043d\u044b\u0445 \u0438\u0437\u0434\u0435\u043b\u0438\u0439","inLanguage":"ro-RO","publisher":{"@id":"https:\/\/tabaccomd.com\/ro\/#organization"}}]},"og:locale":"ro_RO","og:site_name":"Tabacco House \u2013 \u041c\u0430\u0433\u0430\u0437\u0438\u043d \u0442\u0430\u0431\u0430\u0447\u043d\u044b\u0445 \u0438\u0437\u0434\u0435\u043b\u0438\u0439","og:type":"article","og:title":"Set de pip\u0103 pentru \u00eencep\u0103tori Jean Claude 409126 \u2013 Tabacco House","og:url":"https:\/\/tabaccomd.com\/ro\/product\/set-pentru-pipa-geantapipa-409126\/","article:published_time":"2023-07-24T13:40:45+00:00","article:modified_time":"2026-02-17T13:53:50+00:00","article:publisher":"https:\/\/www.facebook.com\/tabaccomd.com\/","twitter:card":"summary_large_image","twitter:title":"Set de pip\u0103 pentru \u00eencep\u0103tori Jean Claude 409126 \u2013 Tabacco House"},"aioseo_meta_data":{"post_id":"125605","title":null,"description":null,"keywords":null,"keyphrases":null,"primary_term":null,"canonical_url":null,"og_title":null,"og_description":null,"og_object_type":"default","og_image_type":"default","og_image_url":null,"og_image_width":null,"og_image_height":null,"og_image_custom_url":null,"og_image_custom_fields":null,"og_video":null,"og_custom_url":null,"og_article_section":null,"og_article_tags":null,"twitter_use_og":false,"twitter_card":"default","twitter_image_type":"default","twitter_image_url":null,"twitter_image_custom_url":null,"twitter_image_custom_fields":null,"twitter_title":null,"twitter_description":null,"schema":{"blockGraphs":[],"customGraphs":[],"default":{"data":{"Article":[],"Course":[],"Dataset":[],"FAQPage":[],"Movie":[],"Person":[],"Product":[],"ProductReview":[],"Car":[],"Recipe":[],"Service":[],"SoftwareApplication":[],"WebPage":[]},"graphName":"ItemPage","isEnabled":true},"graphs":[]},"schema_type":"default","schema_type_options":null,"pillar_content":false,"robots_default":true,"robots_noindex":false,"robots_noarchive":false,"robots_nosnippet":false,"robots_nofollow":false,"robots_noimageindex":false,"robots_noodp":false,"robots_notranslate":false,"robots_max_snippet":null,"robots_max_videopreview":null,"robots_max_imagepreview":"large","priority":null,"frequency":null,"local_seo":null,"seo_analyzer_scan_date":"2026-02-17 14:06:49","breadcrumb_settings":null,"limit_modified_date":false,"reviewed_by":null,"open_ai":null,"ai":null,"created":"2023-08-09 10:10:52","updated":"2026-02-17 14:06:49"},"aioseo_breadcrumb":"<div class=\"aioseo-breadcrumbs\"><span class=\"aioseo-breadcrumb\">\n\t<a href=\"https:\/\/tabaccomd.com\/ro\/\" title=\"\u0413\u043b\u0430\u0432\u043d\u0430\u044f\">\u0413\u043b\u0430\u0432\u043d\u0430\u044f<\/a>\n<\/span><span class=\"aioseo-breadcrumb-separator\">\u00bb<\/span><span class=\"aioseo-breadcrumb\">\n\t<a href=\"https:\/\/tabaccomd.com\/ro\/catalog\/\" title=\"Catalog\">Catalog<\/a>\n<\/span><span class=\"aioseo-breadcrumb-separator\">\u00bb<\/span><span class=\"aioseo-breadcrumb\">\n\t<a href=\"https:\/\/tabaccomd.com\/ro\/product-category\/pipe\/\" title=\"Pipe\">Pipe<\/a>\n<\/span><span class=\"aioseo-breadcrumb-separator\">\u00bb<\/span><span class=\"aioseo-breadcrumb\">\n\t<a href=\"https:\/\/tabaccomd.com\/ro\/product-category\/pipe\/pipe-de-alte-branduri\/\" title=\"Pipe de alte branduri\">Pipe de alte branduri<\/a>\n<\/span><span class=\"aioseo-breadcrumb-separator\">\u00bb<\/span><span class=\"aioseo-breadcrumb\">\n\tSet de pip\u0103 pentru \u00eencep\u0103tori Jean Claude 409126\n<\/span><\/div>","aioseo_breadcrumb_json":[{"label":"\u0413\u043b\u0430\u0432\u043d\u0430\u044f","link":"https:\/\/tabaccomd.com\/ro\/"},{"label":"Catalog","link":"https:\/\/tabaccomd.com\/ro\/catalog\/"},{"label":"Pipe","link":"https:\/\/tabaccomd.com\/ro\/product-category\/pipe\/"},{"label":"Pipe de alte branduri","link":"https:\/\/tabaccomd.com\/ro\/product-category\/pipe\/pipe-de-alte-branduri\/"},{"label":"Set de pip\u0103 pentru \u00eencep\u0103tori Jean Claude 409126","link":"https:\/\/tabaccomd.com\/ro\/product\/set-pentru-pipa-geantapipa-409126\/"}],"images_for_1c":[{"url":"https:\/\/tabaccomd.com\/wp-content\/uploads\/2023\/07\/set-incepatori-pipa-Jean-Claude-409126.jpg","type":"featured","alt":"set-incepatori-pipa-Jean-Claude-409126","filename":"set-incepatori-pipa-Jean-Claude-409126.jpg"}],"additional_data_1c":{"modified_date":"2026-02-17 16:53:50","permalink":"https:\/\/tabaccomd.com\/ro\/product\/set-pentru-pipa-geantapipa-409126\/","stock_status":"instock","manage_stock":"no"},"_links":{"self":[{"href":"https:\/\/tabaccomd.com\/ro\/wp-json\/wp\/v2\/product\/125605","targetHints":{"allow":["GET"]}}],"collection":[{"href":"https:\/\/tabaccomd.com\/ro\/wp-json\/wp\/v2\/product"}],"about":[{"href":"https:\/\/tabaccomd.com\/ro\/wp-json\/wp\/v2\/types\/product"}],"wp:featuredmedia":[{"embeddable":true,"href":"https:\/\/tabaccomd.com\/ro\/wp-json\/wp\/v2\/media\/156716"}],"wp:attachment":[{"href":"https:\/\/tabaccomd.com\/ro\/wp-json\/wp\/v2\/media?parent=125605"}],"wp:term":[{"taxonomy":"product_brand","embeddable":true,"href":"https:\/\/tabaccomd.com\/ro\/wp-json\/wp\/v2\/product_brand?post=125605"},{"taxonomy":"product_cat","embeddable":true,"href":"https:\/\/tabaccomd.com\/ro\/wp-json\/wp\/v2\/product_cat?post=125605"},{"taxonomy":"product_tag","embeddable":true,"href":"https:\/\/tabaccomd.com\/ro\/wp-json\/wp\/v2\/product_tag?post=125605"}],"curies":[{"name":"wp","href":"https:\/\/api.w.org\/{rel}","templated":true}]}}