{"id":125559,"date":"2026-01-29T17:25:52","date_gmt":"2026-01-29T14:25:52","guid":{"rendered":"https:\/\/tabaccomd.com\/product\/mustiuc-denicotea-standart-slim-line-013204\/"},"modified":"2026-02-03T15:14:02","modified_gmt":"2026-02-03T12:14:02","slug":"mustiuc-denicotea-standart-slim-line-013204","status":"publish","type":"product","link":"https:\/\/tabaccomd.com\/ro\/product\/mustiuc-denicotea-standart-slim-line-013204\/","title":{"rendered":"Mu\u0219tiuc Denicotea Standard Slimline 013204"},"content":{"rendered":"<p><a href=\"https:\/\/tabaccomd.com\/ro\/categorie-produs\/totul-pentru-rulat\/titular-de-tigara-2\/\">Mu\u0219tiucurile<\/a> acrilice pentru \u021big\u0103ri sunt utilizate \u00een mod obi\u0219nuit pentru a atenua senza\u021bia de fumat \u0219i, de asemenea, pentru a reduce contactul dintre buze \u0219i \u021bigar\u0103. Aceste piese vin \u00eentr-o varietate de forme \u0219i culori, iar utilizarea lor poate fi at\u00e2t un element decorativ, c\u00e2t \u0219i o m\u0103sur\u0103 practic\u0103 de s\u0103n\u0103tate. Sunt convenabile pentru cei care doresc s\u0103 evite \u00eeng\u0103lbenirea din\u021bilor \u0219i buzelor de la fumatul pe termen lung, precum \u0219i pentru cei care doresc s\u0103 reduc\u0103 impactul fumului de tutun asupra sistemului respirator.<\/p>\n<p>Pute\u021bi achizi\u021biona mu\u0219tiucul Denicotea Standard Slimline 013204 \u00een Moldova, Chi\u0219in\u0103u, \u00een re\u021beaua de magazine Tabacco House.<\/p>\n","protected":false},"excerpt":{"rendered":"<ul>\n<li>Produc\u0103tor: Denicotea International GmbH<\/li>\n<li>\u021aara produc\u0103torului: Germania<\/li>\n<li>Culoare: Neagr\u0103<\/li>\n<li>Setul con\u021bine: 10 filtre<\/li>\n<li>Diametru: 7 mm<\/li>\n<li>Lungimea mu\u0219tiucului: 78 mm<\/li>\n<li>Material: Acril<\/li>\n<\/ul>\n","protected":false},"featured_media":125556,"template":"","meta":{"om_disable_all_campaigns":false,"_monsterinsights_skip_tracking":false,"_monsterinsights_sitenote_active":false,"_monsterinsights_sitenote_note":"","_monsterinsights_sitenote_category":0},"product_brand":[],"product_cat":[165],"product_tag":[],"class_list":{"0":"post-125559","1":"product","2":"type-product","3":"status-publish","4":"has-post-thumbnail","6":"product_cat-mustiucuri-pentru-tigari","8":"first","9":"instock","10":"purchasable","11":"product-type-simple"},"aioseo_notices":[],"aioseo_head":"\n\t\t<!-- All in One SEO Pro 4.9.5.2 - aioseo.com -->\n\t<meta name=\"robots\" content=\"max-image-preview:large\" \/>\n\t<link rel=\"canonical\" href=\"https:\/\/tabaccomd.com\/ro\/product\/mustiuc-denicotea-standart-slim-line-013204\/\" \/>\n\t<meta name=\"generator\" content=\"All in One SEO Pro (AIOSEO) 4.9.5.2\" \/>\n\t\t<meta property=\"og:locale\" content=\"ro_RO\" \/>\n\t\t<meta property=\"og:site_name\" content=\"Tabacco House \u2013 \u041c\u0430\u0433\u0430\u0437\u0438\u043d \u0442\u0430\u0431\u0430\u0447\u043d\u044b\u0445 \u0438\u0437\u0434\u0435\u043b\u0438\u0439\" \/>\n\t\t<meta property=\"og:type\" content=\"article\" \/>\n\t\t<meta property=\"og:title\" content=\"Mu\u0219tiuc Denicotea Standard Slimline 013204 \u2013 Tabacco House\" \/>\n\t\t<meta property=\"og:url\" content=\"https:\/\/tabaccomd.com\/ro\/product\/mustiuc-denicotea-standart-slim-line-013204\/\" \/>\n\t\t<meta property=\"article:published_time\" content=\"2026-01-29T14:25:52+00:00\" \/>\n\t\t<meta property=\"article:modified_time\" content=\"2026-02-03T12:14:02+00:00\" \/>\n\t\t<meta property=\"article:publisher\" content=\"https:\/\/www.facebook.com\/tabaccomd.com\/\" \/>\n\t\t<meta name=\"twitter:card\" content=\"summary_large_image\" \/>\n\t\t<meta name=\"twitter:title\" content=\"Mu\u0219tiuc Denicotea Standard Slimline 013204 \u2013 Tabacco House\" \/>\n\t\t<script type=\"application\/ld+json\" class=\"aioseo-schema\">\n\t\t\t{\"@context\":\"https:\\\/\\\/schema.org\",\"@graph\":[{\"@type\":\"BreadcrumbList\",\"@id\":\"https:\\\/\\\/tabaccomd.com\\\/ro\\\/product\\\/mustiuc-denicotea-standart-slim-line-013204\\\/#breadcrumblist\",\"itemListElement\":[{\"@type\":\"ListItem\",\"@id\":\"https:\\\/\\\/tabaccomd.com\\\/ro\\\/#listItem\",\"position\":1,\"name\":\"\\u0413\\u043b\\u0430\\u0432\\u043d\\u0430\\u044f\",\"item\":\"https:\\\/\\\/tabaccomd.com\\\/ro\\\/\",\"nextItem\":{\"@type\":\"ListItem\",\"@id\":\"https:\\\/\\\/tabaccomd.com\\\/ro\\\/catalog\\\/#listItem\",\"name\":\"Catalog\"}},{\"@type\":\"ListItem\",\"@id\":\"https:\\\/\\\/tabaccomd.com\\\/ro\\\/catalog\\\/#listItem\",\"position\":2,\"name\":\"Catalog\",\"item\":\"https:\\\/\\\/tabaccomd.com\\\/ro\\\/catalog\\\/\",\"nextItem\":{\"@type\":\"ListItem\",\"@id\":\"https:\\\/\\\/tabaccomd.com\\\/ro\\\/product-category\\\/totul-pentru-rulat\\\/#listItem\",\"name\":\"Totul pentru rulat\"},\"previousItem\":{\"@type\":\"ListItem\",\"@id\":\"https:\\\/\\\/tabaccomd.com\\\/ro\\\/#listItem\",\"name\":\"\\u0413\\u043b\\u0430\\u0432\\u043d\\u0430\\u044f\"}},{\"@type\":\"ListItem\",\"@id\":\"https:\\\/\\\/tabaccomd.com\\\/ro\\\/product-category\\\/totul-pentru-rulat\\\/#listItem\",\"position\":3,\"name\":\"Totul pentru rulat\",\"item\":\"https:\\\/\\\/tabaccomd.com\\\/ro\\\/product-category\\\/totul-pentru-rulat\\\/\",\"nextItem\":{\"@type\":\"ListItem\",\"@id\":\"https:\\\/\\\/tabaccomd.com\\\/ro\\\/product-category\\\/totul-pentru-rulat\\\/mustiucuri-pentru-tigari\\\/#listItem\",\"name\":\"Mu\\u0219tiucuri pentru \\u021big\\u0103ri\"},\"previousItem\":{\"@type\":\"ListItem\",\"@id\":\"https:\\\/\\\/tabaccomd.com\\\/ro\\\/catalog\\\/#listItem\",\"name\":\"Catalog\"}},{\"@type\":\"ListItem\",\"@id\":\"https:\\\/\\\/tabaccomd.com\\\/ro\\\/product-category\\\/totul-pentru-rulat\\\/mustiucuri-pentru-tigari\\\/#listItem\",\"position\":4,\"name\":\"Mu\\u0219tiucuri pentru \\u021big\\u0103ri\",\"item\":\"https:\\\/\\\/tabaccomd.com\\\/ro\\\/product-category\\\/totul-pentru-rulat\\\/mustiucuri-pentru-tigari\\\/\",\"nextItem\":{\"@type\":\"ListItem\",\"@id\":\"https:\\\/\\\/tabaccomd.com\\\/ro\\\/product\\\/mustiuc-denicotea-standart-slim-line-013204\\\/#listItem\",\"name\":\"Mu\\u0219tiuc Denicotea Standard Slimline 013204\"},\"previousItem\":{\"@type\":\"ListItem\",\"@id\":\"https:\\\/\\\/tabaccomd.com\\\/ro\\\/product-category\\\/totul-pentru-rulat\\\/#listItem\",\"name\":\"Totul pentru rulat\"}},{\"@type\":\"ListItem\",\"@id\":\"https:\\\/\\\/tabaccomd.com\\\/ro\\\/product\\\/mustiuc-denicotea-standart-slim-line-013204\\\/#listItem\",\"position\":5,\"name\":\"Mu\\u0219tiuc Denicotea Standard Slimline 013204\",\"previousItem\":{\"@type\":\"ListItem\",\"@id\":\"https:\\\/\\\/tabaccomd.com\\\/ro\\\/product-category\\\/totul-pentru-rulat\\\/mustiucuri-pentru-tigari\\\/#listItem\",\"name\":\"Mu\\u0219tiucuri pentru \\u021big\\u0103ri\"}}]},{\"@type\":\"Organization\",\"@id\":\"https:\\\/\\\/tabaccomd.com\\\/ro\\\/#organization\",\"name\":\"Tabacco House\",\"description\":\"\\u041c\\u0430\\u0433\\u0430\\u0437\\u0438\\u043d \\u0442\\u0430\\u0431\\u0430\\u0447\\u043d\\u044b\\u0445 \\u0438\\u0437\\u0434\\u0435\\u043b\\u0438\\u0439\",\"url\":\"https:\\\/\\\/tabaccomd.com\\\/ro\\\/\",\"email\":\"Office@cazacuhouse.com\",\"telephone\":\"+37361000935\",\"logo\":{\"@type\":\"ImageObject\",\"url\":\"https:\\\/\\\/tabaccomd.com\\\/wp-content\\\/uploads\\\/2024\\\/02\\\/logo_header3.png\",\"@id\":\"https:\\\/\\\/tabaccomd.com\\\/ro\\\/product\\\/mustiuc-denicotea-standart-slim-line-013204\\\/#organizationLogo\",\"width\":32,\"height\":32,\"caption\":\"Tabacco House\"},\"image\":{\"@id\":\"https:\\\/\\\/tabaccomd.com\\\/ro\\\/product\\\/mustiuc-denicotea-standart-slim-line-013204\\\/#organizationLogo\"},\"sameAs\":[\"https:\\\/\\\/www.facebook.com\\\/tabaccomd.com\\\/\",\"https:\\\/\\\/www.instagram.com\\\/tabaccomd.com\\\/\"],\"address\":{\"@id\":\"https:\\\/\\\/tabaccomd.com\\\/ro\\\/#postaladdress\",\"@type\":\"PostalAddress\",\"streetAddress\":\"Strada Albi\\u015foara 4, Chi\\u0219in\\u0103u, Bulevardul \\u0218tefan cel Mare \\u0219i Sf\\u00eent 136, Chi\\u0219in\\u0103u\",\"addressLocality\":\"Chi\\u0219in\\u0103u\",\"addressCountry\":\"MD\"}},{\"@type\":\"Product\",\"@id\":\"https:\\\/\\\/tabaccomd.com\\\/ro\\\/product\\\/mustiuc-denicotea-standart-slim-line-013204\\\/#wooCommerceProduct\",\"name\":\"Mu\\u0219tiuc Denicotea Standard Slimline 013204\",\"description\":\"Produc\\u0103tor: Denicotea International GmbH\\r\\n \\t\\u021aara produc\\u0103torului: Germania\\r\\n \\tCuloare: Neagr\\u0103\\r\\n \\tSetul con\\u021bine: 10 filtre\\r\\n \\tDiametru: 7 mm\\r\\n \\tLungimea mu\\u0219tiucului: 78 mm\\r\\n \\tMaterial: Acril\",\"url\":\"https:\\\/\\\/tabaccomd.com\\\/ro\\\/product\\\/mustiuc-denicotea-standart-slim-line-013204\\\/\",\"sku\":\"013204\",\"image\":{\"@type\":\"ImageObject\",\"url\":\"https:\\\/\\\/tabaccomd.com\\\/wp-content\\\/uploads\\\/2023\\\/07\\\/Mustiuc-Denicotea-standart-slim-line-013204.jpg\",\"@id\":\"https:\\\/\\\/tabaccomd.com\\\/ro\\\/product\\\/mustiuc-denicotea-standart-slim-line-013204\\\/#productImage\",\"width\":1370,\"height\":1364,\"caption\":\"Mustiuc Denicotea standart slim line 013204\"},\"offers\":{\"@type\":\"Offer\",\"url\":\"https:\\\/\\\/tabaccomd.com\\\/ro\\\/product\\\/mustiuc-denicotea-standart-slim-line-013204\\\/#wooCommerceOffer\",\"price\":190,\"priceCurrency\":\"MDL\",\"category\":\"Mu\\u0219tiucuri pentru \\u021big\\u0103ri\",\"availability\":\"https:\\\/\\\/schema.org\\\/InStock\",\"priceSpecification\":{\"@type\":\"PriceSpecification\",\"price\":190,\"priceCurrency\":\"MDL\",\"valueAddedTaxIncluded\":\"true\"},\"seller\":{\"@type\":\"Organization\",\"@id\":\"https:\\\/\\\/tabaccomd.com\\\/ro\\\/#organization\"}}},{\"@type\":\"WebPage\",\"@id\":\"https:\\\/\\\/tabaccomd.com\\\/ro\\\/product\\\/mustiuc-denicotea-standart-slim-line-013204\\\/#webpage\",\"url\":\"https:\\\/\\\/tabaccomd.com\\\/ro\\\/product\\\/mustiuc-denicotea-standart-slim-line-013204\\\/\",\"name\":\"Mu\\u0219tiuc Denicotea Standard Slimline 013204 \\u2013 Tabacco House\",\"inLanguage\":\"ro-RO\",\"isPartOf\":{\"@id\":\"https:\\\/\\\/tabaccomd.com\\\/ro\\\/#website\"},\"breadcrumb\":{\"@id\":\"https:\\\/\\\/tabaccomd.com\\\/ro\\\/product\\\/mustiuc-denicotea-standart-slim-line-013204\\\/#breadcrumblist\"},\"image\":{\"@type\":\"ImageObject\",\"url\":\"https:\\\/\\\/tabaccomd.com\\\/wp-content\\\/uploads\\\/2023\\\/07\\\/Mustiuc-Denicotea-standart-slim-line-013204.jpg\",\"@id\":\"https:\\\/\\\/tabaccomd.com\\\/ro\\\/product\\\/mustiuc-denicotea-standart-slim-line-013204\\\/#mainImage\",\"width\":1370,\"height\":1364,\"caption\":\"Mustiuc Denicotea standart slim line 013204\"},\"primaryImageOfPage\":{\"@id\":\"https:\\\/\\\/tabaccomd.com\\\/ro\\\/product\\\/mustiuc-denicotea-standart-slim-line-013204\\\/#mainImage\"},\"datePublished\":\"2026-01-29T17:25:52+03:00\",\"dateModified\":\"2026-02-03T15:14:02+03:00\"},{\"@type\":\"WebSite\",\"@id\":\"https:\\\/\\\/tabaccomd.com\\\/ro\\\/#website\",\"url\":\"https:\\\/\\\/tabaccomd.com\\\/ro\\\/\",\"name\":\"Tabacco House\",\"alternateName\":\"tobaccomd.com\",\"description\":\"\\u041c\\u0430\\u0433\\u0430\\u0437\\u0438\\u043d \\u0442\\u0430\\u0431\\u0430\\u0447\\u043d\\u044b\\u0445 \\u0438\\u0437\\u0434\\u0435\\u043b\\u0438\\u0439\",\"inLanguage\":\"ro-RO\",\"publisher\":{\"@id\":\"https:\\\/\\\/tabaccomd.com\\\/ro\\\/#organization\"}}]}\n\t\t<\/script>\n\t\t<!-- All in One SEO Pro -->\r\n\t\t<title>Mu\u0219tiuc Denicotea Standard Slimline 013204 \u2013 Tabacco House<\/title>\n\n","aioseo_head_json":{"title":"Mu\u0219tiuc Denicotea Standard Slimline 013204 \u2013 Tabacco House","description":"","canonical_url":"https:\/\/tabaccomd.com\/ro\/product\/mustiuc-denicotea-standart-slim-line-013204\/","robots":"max-image-preview:large","keywords":"","webmasterTools":{"miscellaneous":""},"schema":{"@context":"https:\/\/schema.org","@graph":[{"@type":"BreadcrumbList","@id":"https:\/\/tabaccomd.com\/ro\/product\/mustiuc-denicotea-standart-slim-line-013204\/#breadcrumblist","itemListElement":[{"@type":"ListItem","@id":"https:\/\/tabaccomd.com\/ro\/#listItem","position":1,"name":"\u0413\u043b\u0430\u0432\u043d\u0430\u044f","item":"https:\/\/tabaccomd.com\/ro\/","nextItem":{"@type":"ListItem","@id":"https:\/\/tabaccomd.com\/ro\/catalog\/#listItem","name":"Catalog"}},{"@type":"ListItem","@id":"https:\/\/tabaccomd.com\/ro\/catalog\/#listItem","position":2,"name":"Catalog","item":"https:\/\/tabaccomd.com\/ro\/catalog\/","nextItem":{"@type":"ListItem","@id":"https:\/\/tabaccomd.com\/ro\/product-category\/totul-pentru-rulat\/#listItem","name":"Totul pentru rulat"},"previousItem":{"@type":"ListItem","@id":"https:\/\/tabaccomd.com\/ro\/#listItem","name":"\u0413\u043b\u0430\u0432\u043d\u0430\u044f"}},{"@type":"ListItem","@id":"https:\/\/tabaccomd.com\/ro\/product-category\/totul-pentru-rulat\/#listItem","position":3,"name":"Totul pentru rulat","item":"https:\/\/tabaccomd.com\/ro\/product-category\/totul-pentru-rulat\/","nextItem":{"@type":"ListItem","@id":"https:\/\/tabaccomd.com\/ro\/product-category\/totul-pentru-rulat\/mustiucuri-pentru-tigari\/#listItem","name":"Mu\u0219tiucuri pentru \u021big\u0103ri"},"previousItem":{"@type":"ListItem","@id":"https:\/\/tabaccomd.com\/ro\/catalog\/#listItem","name":"Catalog"}},{"@type":"ListItem","@id":"https:\/\/tabaccomd.com\/ro\/product-category\/totul-pentru-rulat\/mustiucuri-pentru-tigari\/#listItem","position":4,"name":"Mu\u0219tiucuri pentru \u021big\u0103ri","item":"https:\/\/tabaccomd.com\/ro\/product-category\/totul-pentru-rulat\/mustiucuri-pentru-tigari\/","nextItem":{"@type":"ListItem","@id":"https:\/\/tabaccomd.com\/ro\/product\/mustiuc-denicotea-standart-slim-line-013204\/#listItem","name":"Mu\u0219tiuc Denicotea Standard Slimline 013204"},"previousItem":{"@type":"ListItem","@id":"https:\/\/tabaccomd.com\/ro\/product-category\/totul-pentru-rulat\/#listItem","name":"Totul pentru rulat"}},{"@type":"ListItem","@id":"https:\/\/tabaccomd.com\/ro\/product\/mustiuc-denicotea-standart-slim-line-013204\/#listItem","position":5,"name":"Mu\u0219tiuc Denicotea Standard Slimline 013204","previousItem":{"@type":"ListItem","@id":"https:\/\/tabaccomd.com\/ro\/product-category\/totul-pentru-rulat\/mustiucuri-pentru-tigari\/#listItem","name":"Mu\u0219tiucuri pentru \u021big\u0103ri"}}]},{"@type":"Organization","@id":"https:\/\/tabaccomd.com\/ro\/#organization","name":"Tabacco House","description":"\u041c\u0430\u0433\u0430\u0437\u0438\u043d \u0442\u0430\u0431\u0430\u0447\u043d\u044b\u0445 \u0438\u0437\u0434\u0435\u043b\u0438\u0439","url":"https:\/\/tabaccomd.com\/ro\/","email":"Office@cazacuhouse.com","telephone":"+37361000935","logo":{"@type":"ImageObject","url":"https:\/\/tabaccomd.com\/wp-content\/uploads\/2024\/02\/logo_header3.png","@id":"https:\/\/tabaccomd.com\/ro\/product\/mustiuc-denicotea-standart-slim-line-013204\/#organizationLogo","width":32,"height":32,"caption":"Tabacco House"},"image":{"@id":"https:\/\/tabaccomd.com\/ro\/product\/mustiuc-denicotea-standart-slim-line-013204\/#organizationLogo"},"sameAs":["https:\/\/www.facebook.com\/tabaccomd.com\/","https:\/\/www.instagram.com\/tabaccomd.com\/"],"address":{"@id":"https:\/\/tabaccomd.com\/ro\/#postaladdress","@type":"PostalAddress","streetAddress":"Strada Albi\u015foara 4, Chi\u0219in\u0103u, Bulevardul \u0218tefan cel Mare \u0219i Sf\u00eent 136, Chi\u0219in\u0103u","addressLocality":"Chi\u0219in\u0103u","addressCountry":"MD"}},{"@type":"Product","@id":"https:\/\/tabaccomd.com\/ro\/product\/mustiuc-denicotea-standart-slim-line-013204\/#wooCommerceProduct","name":"Mu\u0219tiuc Denicotea Standard Slimline 013204","description":"Produc\u0103tor: Denicotea International GmbH\r\n \t\u021aara produc\u0103torului: Germania\r\n \tCuloare: Neagr\u0103\r\n \tSetul con\u021bine: 10 filtre\r\n \tDiametru: 7 mm\r\n \tLungimea mu\u0219tiucului: 78 mm\r\n \tMaterial: Acril","url":"https:\/\/tabaccomd.com\/ro\/product\/mustiuc-denicotea-standart-slim-line-013204\/","sku":"013204","image":{"@type":"ImageObject","url":"https:\/\/tabaccomd.com\/wp-content\/uploads\/2023\/07\/Mustiuc-Denicotea-standart-slim-line-013204.jpg","@id":"https:\/\/tabaccomd.com\/ro\/product\/mustiuc-denicotea-standart-slim-line-013204\/#productImage","width":1370,"height":1364,"caption":"Mustiuc Denicotea standart slim line 013204"},"offers":{"@type":"Offer","url":"https:\/\/tabaccomd.com\/ro\/product\/mustiuc-denicotea-standart-slim-line-013204\/#wooCommerceOffer","price":190,"priceCurrency":"MDL","category":"Mu\u0219tiucuri pentru \u021big\u0103ri","availability":"https:\/\/schema.org\/InStock","priceSpecification":{"@type":"PriceSpecification","price":190,"priceCurrency":"MDL","valueAddedTaxIncluded":"true"},"seller":{"@type":"Organization","@id":"https:\/\/tabaccomd.com\/ro\/#organization"}}},{"@type":"WebPage","@id":"https:\/\/tabaccomd.com\/ro\/product\/mustiuc-denicotea-standart-slim-line-013204\/#webpage","url":"https:\/\/tabaccomd.com\/ro\/product\/mustiuc-denicotea-standart-slim-line-013204\/","name":"Mu\u0219tiuc Denicotea Standard Slimline 013204 \u2013 Tabacco House","inLanguage":"ro-RO","isPartOf":{"@id":"https:\/\/tabaccomd.com\/ro\/#website"},"breadcrumb":{"@id":"https:\/\/tabaccomd.com\/ro\/product\/mustiuc-denicotea-standart-slim-line-013204\/#breadcrumblist"},"image":{"@type":"ImageObject","url":"https:\/\/tabaccomd.com\/wp-content\/uploads\/2023\/07\/Mustiuc-Denicotea-standart-slim-line-013204.jpg","@id":"https:\/\/tabaccomd.com\/ro\/product\/mustiuc-denicotea-standart-slim-line-013204\/#mainImage","width":1370,"height":1364,"caption":"Mustiuc Denicotea standart slim line 013204"},"primaryImageOfPage":{"@id":"https:\/\/tabaccomd.com\/ro\/product\/mustiuc-denicotea-standart-slim-line-013204\/#mainImage"},"datePublished":"2026-01-29T17:25:52+03:00","dateModified":"2026-02-03T15:14:02+03:00"},{"@type":"WebSite","@id":"https:\/\/tabaccomd.com\/ro\/#website","url":"https:\/\/tabaccomd.com\/ro\/","name":"Tabacco House","alternateName":"tobaccomd.com","description":"\u041c\u0430\u0433\u0430\u0437\u0438\u043d \u0442\u0430\u0431\u0430\u0447\u043d\u044b\u0445 \u0438\u0437\u0434\u0435\u043b\u0438\u0439","inLanguage":"ro-RO","publisher":{"@id":"https:\/\/tabaccomd.com\/ro\/#organization"}}]},"og:locale":"ro_RO","og:site_name":"Tabacco House \u2013 \u041c\u0430\u0433\u0430\u0437\u0438\u043d \u0442\u0430\u0431\u0430\u0447\u043d\u044b\u0445 \u0438\u0437\u0434\u0435\u043b\u0438\u0439","og:type":"article","og:title":"Mu\u0219tiuc Denicotea Standard Slimline 013204 \u2013 Tabacco House","og:url":"https:\/\/tabaccomd.com\/ro\/product\/mustiuc-denicotea-standart-slim-line-013204\/","article:published_time":"2026-01-29T14:25:52+00:00","article:modified_time":"2026-02-03T12:14:02+00:00","article:publisher":"https:\/\/www.facebook.com\/tabaccomd.com\/","twitter:card":"summary_large_image","twitter:title":"Mu\u0219tiuc Denicotea Standard Slimline 013204 \u2013 Tabacco House"},"aioseo_meta_data":{"post_id":"125559","title":null,"description":null,"keywords":null,"keyphrases":null,"primary_term":null,"canonical_url":null,"og_title":null,"og_description":null,"og_object_type":"default","og_image_type":"default","og_image_url":null,"og_image_width":null,"og_image_height":null,"og_image_custom_url":null,"og_image_custom_fields":null,"og_video":null,"og_custom_url":null,"og_article_section":null,"og_article_tags":null,"twitter_use_og":false,"twitter_card":"default","twitter_image_type":"default","twitter_image_url":null,"twitter_image_custom_url":null,"twitter_image_custom_fields":null,"twitter_title":null,"twitter_description":null,"schema":{"blockGraphs":[],"customGraphs":[],"default":{"data":{"Article":[],"Course":[],"Dataset":[],"FAQPage":[],"Movie":[],"Person":[],"Product":[],"ProductReview":[],"Car":[],"Recipe":[],"Service":[],"SoftwareApplication":[],"WebPage":[]},"graphName":"ItemPage","isEnabled":true},"graphs":[]},"schema_type":"default","schema_type_options":null,"pillar_content":false,"robots_default":true,"robots_noindex":false,"robots_noarchive":false,"robots_nosnippet":false,"robots_nofollow":false,"robots_noimageindex":false,"robots_noodp":false,"robots_notranslate":false,"robots_max_snippet":null,"robots_max_videopreview":null,"robots_max_imagepreview":"large","priority":null,"frequency":null,"local_seo":null,"seo_analyzer_scan_date":"2026-02-03 12:24:24","breadcrumb_settings":null,"limit_modified_date":false,"reviewed_by":null,"open_ai":null,"ai":null,"created":"2023-08-08 11:26:21","updated":"2026-02-03 12:24:24"},"aioseo_breadcrumb":"<div class=\"aioseo-breadcrumbs\"><span class=\"aioseo-breadcrumb\">\n\t<a href=\"https:\/\/tabaccomd.com\/ro\/\" title=\"\u0413\u043b\u0430\u0432\u043d\u0430\u044f\">\u0413\u043b\u0430\u0432\u043d\u0430\u044f<\/a>\n<\/span><span class=\"aioseo-breadcrumb-separator\">\u00bb<\/span><span class=\"aioseo-breadcrumb\">\n\t<a href=\"https:\/\/tabaccomd.com\/ro\/catalog\/\" title=\"Catalog\">Catalog<\/a>\n<\/span><span class=\"aioseo-breadcrumb-separator\">\u00bb<\/span><span class=\"aioseo-breadcrumb\">\n\t<a href=\"https:\/\/tabaccomd.com\/ro\/product-category\/totul-pentru-rulat\/\" title=\"Totul pentru rulat\">Totul pentru rulat<\/a>\n<\/span><span class=\"aioseo-breadcrumb-separator\">\u00bb<\/span><span class=\"aioseo-breadcrumb\">\n\t<a href=\"https:\/\/tabaccomd.com\/ro\/product-category\/totul-pentru-rulat\/mustiucuri-pentru-tigari\/\" title=\"Mu\u0219tiucuri pentru \u021big\u0103ri\">Mu\u0219tiucuri pentru \u021big\u0103ri<\/a>\n<\/span><span class=\"aioseo-breadcrumb-separator\">\u00bb<\/span><span class=\"aioseo-breadcrumb\">\n\tMu\u0219tiuc Denicotea Standard Slimline 013204\n<\/span><\/div>","aioseo_breadcrumb_json":[{"label":"\u0413\u043b\u0430\u0432\u043d\u0430\u044f","link":"https:\/\/tabaccomd.com\/ro\/"},{"label":"Catalog","link":"https:\/\/tabaccomd.com\/ro\/catalog\/"},{"label":"Totul pentru rulat","link":"https:\/\/tabaccomd.com\/ro\/product-category\/totul-pentru-rulat\/"},{"label":"Mu\u0219tiucuri pentru \u021big\u0103ri","link":"https:\/\/tabaccomd.com\/ro\/product-category\/totul-pentru-rulat\/mustiucuri-pentru-tigari\/"},{"label":"Mu\u0219tiuc Denicotea Standard Slimline 013204","link":"https:\/\/tabaccomd.com\/ro\/product\/mustiuc-denicotea-standart-slim-line-013204\/"}],"images_for_1c":[{"url":"https:\/\/tabaccomd.com\/wp-content\/uploads\/2023\/07\/Mustiuc-Denicotea-standart-slim-line-013204.jpg","type":"featured","alt":"Mustiuc Denicotea standart slim line 013204","filename":"Mustiuc-Denicotea-standart-slim-line-013204.jpg"},{"url":"https:\/\/tabaccomd.com\/wp-content\/uploads\/2023\/07\/Mustiuc-Denicotea-standart-slim-line-013204-2.jpg","type":"gallery","alt":"Mustiuc Denicotea standart slim line 013204 (2)","filename":"Mustiuc-Denicotea-standart-slim-line-013204-2.jpg"}],"additional_data_1c":{"modified_date":"2026-02-03 15:14:02","permalink":"https:\/\/tabaccomd.com\/ro\/product\/mustiuc-denicotea-standart-slim-line-013204\/","stock_status":"instock","manage_stock":"no"},"_links":{"self":[{"href":"https:\/\/tabaccomd.com\/ro\/wp-json\/wp\/v2\/product\/125559","targetHints":{"allow":["GET"]}}],"collection":[{"href":"https:\/\/tabaccomd.com\/ro\/wp-json\/wp\/v2\/product"}],"about":[{"href":"https:\/\/tabaccomd.com\/ro\/wp-json\/wp\/v2\/types\/product"}],"wp:featuredmedia":[{"embeddable":true,"href":"https:\/\/tabaccomd.com\/ro\/wp-json\/wp\/v2\/media\/125556"}],"wp:attachment":[{"href":"https:\/\/tabaccomd.com\/ro\/wp-json\/wp\/v2\/media?parent=125559"}],"wp:term":[{"taxonomy":"product_brand","embeddable":true,"href":"https:\/\/tabaccomd.com\/ro\/wp-json\/wp\/v2\/product_brand?post=125559"},{"taxonomy":"product_cat","embeddable":true,"href":"https:\/\/tabaccomd.com\/ro\/wp-json\/wp\/v2\/product_cat?post=125559"},{"taxonomy":"product_tag","embeddable":true,"href":"https:\/\/tabaccomd.com\/ro\/wp-json\/wp\/v2\/product_tag?post=125559"}],"curies":[{"name":"wp","href":"https:\/\/api.w.org\/{rel}","templated":true}]}}