{"id":120615,"date":"2023-06-16T13:46:38","date_gmt":"2023-06-16T10:46:38","guid":{"rendered":"https:\/\/tabaccomd.com\/?post_type=product&#038;p=120615"},"modified":"2025-04-30T14:07:12","modified_gmt":"2025-04-30T11:07:12","slug":"vin-spumant-mo%d1%91t-chandon-brut-imperial-gb-1-5-l","status":"publish","type":"product","link":"https:\/\/tabaccomd.com\/ro\/product\/vin-spumant-mo%d1%91t-chandon-brut-imperial-gb-1-5-l\/","title":{"rendered":"\u0218ampanie Mo\u0451t&#038;Chandon Brut Imperial GB 1.5l"},"content":{"rendered":"<p>Mo\u00ebt &amp; Chandon Brut Imp\u00e9rial este o\u00a0<a href=\"https:\/\/tabaccomd.com\/ro\/categorie-produs\/alcool-2\/igristoe-vino\/\">\u0219ampanie<\/a>\u00a0francez\u0103 clasic\u0103, semn\u0103tura casei Mo\u00ebt &amp; Chandon. Este cunoscut pentru gustul s\u0103u echilibrat, str\u0103lucirea elegant\u0103 \u0219i versatilitatea \u00een asocieri. Mo\u00ebt &amp; Chandon Brut Imp\u00e9rial combin\u0103 note fructate proaspete de m\u0103r verde \u0219i citrice cu note u\u0219oare de flori albe \u0219i migdale. Gustul s\u0103u este str\u0103lucitor \u0219i armonios, cu un postgust lung, fiind ideal at\u00e2t ca aperitiv, c\u00e2t \u0219i \u00een combina\u021bie cu fructe de mare, stridii, caviar sau gust\u0103ri u\u0219oare.<\/p>\n","protected":false},"excerpt":{"rendered":"<ul>\n<li>\u021aara produc\u0103torului: Fran\u021ba, Champagne<\/li>\n<li>Produc\u0103tor: Mo\u00ebt &amp; Chandon<\/li>\n<li>T\u0103rie: 12%<\/li>\n<li>Volum: 1,5l<\/li>\n<li>Ingrediente: Pinot Noir, Pinot Meunier, Chardonnay<\/li>\n<li>Tip: Brut (sec)<\/li>\n<\/ul>\n","protected":false},"featured_media":149566,"template":"","meta":{"om_disable_all_campaigns":false,"_monsterinsights_skip_tracking":false,"_monsterinsights_sitenote_active":false,"_monsterinsights_sitenote_note":"","_monsterinsights_sitenote_category":0},"product_brand":[],"product_cat":[226],"product_tag":[],"class_list":{"0":"post-120615","1":"product","2":"type-product","3":"status-publish","4":"has-post-thumbnail","6":"product_cat-igristoe-vino","8":"first","9":"instock","10":"taxable","11":"shipping-taxable","12":"purchasable","13":"product-type-simple"},"aioseo_notices":[],"aioseo_head":"\n\t\t<!-- All in One SEO Pro 4.9.5.2 - aioseo.com -->\n\t<meta name=\"robots\" content=\"max-image-preview:large\" \/>\n\t<link rel=\"canonical\" href=\"https:\/\/tabaccomd.com\/ro\/product\/vin-spumant-mo%d1%91t-chandon-brut-imperial-gb-1-5-l\/\" \/>\n\t<meta name=\"generator\" content=\"All in One SEO Pro (AIOSEO) 4.9.5.2\" \/>\n\t\t<meta property=\"og:locale\" content=\"ro_RO\" \/>\n\t\t<meta property=\"og:site_name\" content=\"Tabacco House \u2013 \u041c\u0430\u0433\u0430\u0437\u0438\u043d \u0442\u0430\u0431\u0430\u0447\u043d\u044b\u0445 \u0438\u0437\u0434\u0435\u043b\u0438\u0439\" \/>\n\t\t<meta property=\"og:type\" content=\"article\" \/>\n\t\t<meta property=\"og:title\" content=\"\u0218ampanie Mo\u0451t&amp;Chandon Brut Imperial GB 1.5l \u2013 Tabacco House\" \/>\n\t\t<meta property=\"og:url\" content=\"https:\/\/tabaccomd.com\/ro\/product\/vin-spumant-mo%d1%91t-chandon-brut-imperial-gb-1-5-l\/\" \/>\n\t\t<meta property=\"article:published_time\" content=\"2023-06-16T10:46:38+00:00\" \/>\n\t\t<meta property=\"article:modified_time\" content=\"2025-04-30T11:07:12+00:00\" \/>\n\t\t<meta property=\"article:publisher\" content=\"https:\/\/www.facebook.com\/tabaccomd.com\/\" \/>\n\t\t<meta name=\"twitter:card\" content=\"summary_large_image\" \/>\n\t\t<meta name=\"twitter:title\" content=\"\u0218ampanie Mo\u0451t&amp;Chandon Brut Imperial GB 1.5l \u2013 Tabacco House\" \/>\n\t\t<script type=\"application\/ld+json\" class=\"aioseo-schema\">\n\t\t\t{\"@context\":\"https:\\\/\\\/schema.org\",\"@graph\":[{\"@type\":\"BreadcrumbList\",\"@id\":\"https:\\\/\\\/tabaccomd.com\\\/ro\\\/product\\\/vin-spumant-mo%d1%91t-chandon-brut-imperial-gb-1-5-l\\\/#breadcrumblist\",\"itemListElement\":[{\"@type\":\"ListItem\",\"@id\":\"https:\\\/\\\/tabaccomd.com\\\/ro\\\/#listItem\",\"position\":1,\"name\":\"\\u0413\\u043b\\u0430\\u0432\\u043d\\u0430\\u044f\",\"item\":\"https:\\\/\\\/tabaccomd.com\\\/ro\\\/\",\"nextItem\":{\"@type\":\"ListItem\",\"@id\":\"https:\\\/\\\/tabaccomd.com\\\/ro\\\/catalog\\\/#listItem\",\"name\":\"Catalog\"}},{\"@type\":\"ListItem\",\"@id\":\"https:\\\/\\\/tabaccomd.com\\\/ro\\\/catalog\\\/#listItem\",\"position\":2,\"name\":\"Catalog\",\"item\":\"https:\\\/\\\/tabaccomd.com\\\/ro\\\/catalog\\\/\",\"nextItem\":{\"@type\":\"ListItem\",\"@id\":\"https:\\\/\\\/tabaccomd.com\\\/ro\\\/product-category\\\/alcool-2\\\/#listItem\",\"name\":\"Alcool\"},\"previousItem\":{\"@type\":\"ListItem\",\"@id\":\"https:\\\/\\\/tabaccomd.com\\\/ro\\\/#listItem\",\"name\":\"\\u0413\\u043b\\u0430\\u0432\\u043d\\u0430\\u044f\"}},{\"@type\":\"ListItem\",\"@id\":\"https:\\\/\\\/tabaccomd.com\\\/ro\\\/product-category\\\/alcool-2\\\/#listItem\",\"position\":3,\"name\":\"Alcool\",\"item\":\"https:\\\/\\\/tabaccomd.com\\\/ro\\\/product-category\\\/alcool-2\\\/\",\"nextItem\":{\"@type\":\"ListItem\",\"@id\":\"https:\\\/\\\/tabaccomd.com\\\/ro\\\/product-category\\\/alcool-2\\\/igristoe-vino\\\/#listItem\",\"name\":\"Vin spumant\"},\"previousItem\":{\"@type\":\"ListItem\",\"@id\":\"https:\\\/\\\/tabaccomd.com\\\/ro\\\/catalog\\\/#listItem\",\"name\":\"Catalog\"}},{\"@type\":\"ListItem\",\"@id\":\"https:\\\/\\\/tabaccomd.com\\\/ro\\\/product-category\\\/alcool-2\\\/igristoe-vino\\\/#listItem\",\"position\":4,\"name\":\"Vin spumant\",\"item\":\"https:\\\/\\\/tabaccomd.com\\\/ro\\\/product-category\\\/alcool-2\\\/igristoe-vino\\\/\",\"nextItem\":{\"@type\":\"ListItem\",\"@id\":\"https:\\\/\\\/tabaccomd.com\\\/ro\\\/product\\\/vin-spumant-mo%d1%91t-chandon-brut-imperial-gb-1-5-l\\\/#listItem\",\"name\":\"\\u0218ampanie Mo\\u0451t&#038;Chandon Brut Imperial GB 1.5l\"},\"previousItem\":{\"@type\":\"ListItem\",\"@id\":\"https:\\\/\\\/tabaccomd.com\\\/ro\\\/product-category\\\/alcool-2\\\/#listItem\",\"name\":\"Alcool\"}},{\"@type\":\"ListItem\",\"@id\":\"https:\\\/\\\/tabaccomd.com\\\/ro\\\/product\\\/vin-spumant-mo%d1%91t-chandon-brut-imperial-gb-1-5-l\\\/#listItem\",\"position\":5,\"name\":\"\\u0218ampanie Mo\\u0451t&#038;Chandon Brut Imperial GB 1.5l\",\"previousItem\":{\"@type\":\"ListItem\",\"@id\":\"https:\\\/\\\/tabaccomd.com\\\/ro\\\/product-category\\\/alcool-2\\\/igristoe-vino\\\/#listItem\",\"name\":\"Vin spumant\"}}]},{\"@type\":\"Organization\",\"@id\":\"https:\\\/\\\/tabaccomd.com\\\/ro\\\/#organization\",\"name\":\"Tabacco House\",\"description\":\"\\u041c\\u0430\\u0433\\u0430\\u0437\\u0438\\u043d \\u0442\\u0430\\u0431\\u0430\\u0447\\u043d\\u044b\\u0445 \\u0438\\u0437\\u0434\\u0435\\u043b\\u0438\\u0439\",\"url\":\"https:\\\/\\\/tabaccomd.com\\\/ro\\\/\",\"email\":\"Office@cazacuhouse.com\",\"telephone\":\"+37361000935\",\"logo\":{\"@type\":\"ImageObject\",\"url\":\"https:\\\/\\\/tabaccomd.com\\\/wp-content\\\/uploads\\\/2024\\\/02\\\/logo_header3.png\",\"@id\":\"https:\\\/\\\/tabaccomd.com\\\/ro\\\/product\\\/vin-spumant-mo%d1%91t-chandon-brut-imperial-gb-1-5-l\\\/#organizationLogo\",\"width\":32,\"height\":32,\"caption\":\"Tabacco House\"},\"image\":{\"@id\":\"https:\\\/\\\/tabaccomd.com\\\/ro\\\/product\\\/vin-spumant-mo%d1%91t-chandon-brut-imperial-gb-1-5-l\\\/#organizationLogo\"},\"sameAs\":[\"https:\\\/\\\/www.facebook.com\\\/tabaccomd.com\\\/\",\"https:\\\/\\\/www.instagram.com\\\/tabaccomd.com\\\/\"],\"address\":{\"@id\":\"https:\\\/\\\/tabaccomd.com\\\/ro\\\/#postaladdress\",\"@type\":\"PostalAddress\",\"streetAddress\":\"Strada Albi\\u015foara 4, Chi\\u0219in\\u0103u, Bulevardul \\u0218tefan cel Mare \\u0219i Sf\\u00eent 136, Chi\\u0219in\\u0103u\",\"addressLocality\":\"Chi\\u0219in\\u0103u\",\"addressCountry\":\"MD\"}},{\"@type\":\"Product\",\"@id\":\"https:\\\/\\\/tabaccomd.com\\\/ro\\\/product\\\/vin-spumant-mo%d1%91t-chandon-brut-imperial-gb-1-5-l\\\/#wooCommerceProduct\",\"name\":\"\\u0218ampanie Mo\\u0451t&Chandon Brut Imperial GB 1.5l\",\"description\":\"\\u021aara produc\\u0103torului: Fran\\u021ba, Champagne\\r\\n \\tProduc\\u0103tor: Mo\\u00ebt &amp; Chandon\\r\\n \\tT\\u0103rie: 12%\\r\\n \\tVolum: 1,5l\\r\\n \\tIngrediente: Pinot Noir, Pinot Meunier, Chardonnay\\r\\n \\tTip: Brut (sec)\",\"url\":\"https:\\\/\\\/tabaccomd.com\\\/ro\\\/product\\\/vin-spumant-mo%d1%91t-chandon-brut-imperial-gb-1-5-l\\\/\",\"sku\":\"Mo\\u0451t & Chandon Brut Imperial GB 1.5l\",\"image\":{\"@type\":\"ImageObject\",\"url\":\"https:\\\/\\\/tabaccomd.com\\\/wp-content\\\/uploads\\\/2023\\\/06\\\/moet-chandon-brut-imperial-gb-1500ml.jpg\",\"@id\":\"https:\\\/\\\/tabaccomd.com\\\/ro\\\/product\\\/vin-spumant-mo%d1%91t-chandon-brut-imperial-gb-1-5-l\\\/#productImage\",\"width\":1200,\"height\":1200,\"caption\":\"moet-chandon-brut-imperial-gb-1500ml\"},\"offers\":{\"@type\":\"Offer\",\"url\":\"https:\\\/\\\/tabaccomd.com\\\/ro\\\/product\\\/vin-spumant-mo%d1%91t-chandon-brut-imperial-gb-1-5-l\\\/#wooCommerceOffer\",\"price\":2970,\"priceCurrency\":\"MDL\",\"category\":\"Vin spumant\",\"availability\":\"https:\\\/\\\/schema.org\\\/InStock\",\"priceSpecification\":{\"@type\":\"PriceSpecification\",\"price\":2970,\"priceCurrency\":\"MDL\",\"valueAddedTaxIncluded\":\"true\"},\"seller\":{\"@type\":\"Organization\",\"@id\":\"https:\\\/\\\/tabaccomd.com\\\/ro\\\/#organization\"}}},{\"@type\":\"WebPage\",\"@id\":\"https:\\\/\\\/tabaccomd.com\\\/ro\\\/product\\\/vin-spumant-mo%d1%91t-chandon-brut-imperial-gb-1-5-l\\\/#webpage\",\"url\":\"https:\\\/\\\/tabaccomd.com\\\/ro\\\/product\\\/vin-spumant-mo%d1%91t-chandon-brut-imperial-gb-1-5-l\\\/\",\"name\":\"\\u0218ampanie Mo\\u0451t&Chandon Brut Imperial GB 1.5l \\u2013 Tabacco House\",\"inLanguage\":\"ro-RO\",\"isPartOf\":{\"@id\":\"https:\\\/\\\/tabaccomd.com\\\/ro\\\/#website\"},\"breadcrumb\":{\"@id\":\"https:\\\/\\\/tabaccomd.com\\\/ro\\\/product\\\/vin-spumant-mo%d1%91t-chandon-brut-imperial-gb-1-5-l\\\/#breadcrumblist\"},\"image\":{\"@type\":\"ImageObject\",\"url\":\"https:\\\/\\\/tabaccomd.com\\\/wp-content\\\/uploads\\\/2023\\\/06\\\/moet-chandon-brut-imperial-gb-1500ml.jpg\",\"@id\":\"https:\\\/\\\/tabaccomd.com\\\/ro\\\/product\\\/vin-spumant-mo%d1%91t-chandon-brut-imperial-gb-1-5-l\\\/#mainImage\",\"width\":1200,\"height\":1200,\"caption\":\"moet-chandon-brut-imperial-gb-1500ml\"},\"primaryImageOfPage\":{\"@id\":\"https:\\\/\\\/tabaccomd.com\\\/ro\\\/product\\\/vin-spumant-mo%d1%91t-chandon-brut-imperial-gb-1-5-l\\\/#mainImage\"},\"datePublished\":\"2023-06-16T13:46:38+03:00\",\"dateModified\":\"2025-04-30T14:07:12+03:00\"},{\"@type\":\"WebSite\",\"@id\":\"https:\\\/\\\/tabaccomd.com\\\/ro\\\/#website\",\"url\":\"https:\\\/\\\/tabaccomd.com\\\/ro\\\/\",\"name\":\"Tabacco House\",\"alternateName\":\"tobaccomd.com\",\"description\":\"\\u041c\\u0430\\u0433\\u0430\\u0437\\u0438\\u043d \\u0442\\u0430\\u0431\\u0430\\u0447\\u043d\\u044b\\u0445 \\u0438\\u0437\\u0434\\u0435\\u043b\\u0438\\u0439\",\"inLanguage\":\"ro-RO\",\"publisher\":{\"@id\":\"https:\\\/\\\/tabaccomd.com\\\/ro\\\/#organization\"}}]}\n\t\t<\/script>\n\t\t<!-- All in One SEO Pro -->\r\n\t\t<title>\u0218ampanie Mo\u0451t&amp;Chandon Brut Imperial GB 1.5l \u2013 Tabacco House<\/title>\n\n","aioseo_head_json":{"title":"\u0218ampanie Mo\u0451t&Chandon Brut Imperial GB 1.5l \u2013 Tabacco House","description":"","canonical_url":"https:\/\/tabaccomd.com\/ro\/product\/vin-spumant-mo%d1%91t-chandon-brut-imperial-gb-1-5-l\/","robots":"max-image-preview:large","keywords":"","webmasterTools":{"miscellaneous":""},"schema":{"@context":"https:\/\/schema.org","@graph":[{"@type":"BreadcrumbList","@id":"https:\/\/tabaccomd.com\/ro\/product\/vin-spumant-mo%d1%91t-chandon-brut-imperial-gb-1-5-l\/#breadcrumblist","itemListElement":[{"@type":"ListItem","@id":"https:\/\/tabaccomd.com\/ro\/#listItem","position":1,"name":"\u0413\u043b\u0430\u0432\u043d\u0430\u044f","item":"https:\/\/tabaccomd.com\/ro\/","nextItem":{"@type":"ListItem","@id":"https:\/\/tabaccomd.com\/ro\/catalog\/#listItem","name":"Catalog"}},{"@type":"ListItem","@id":"https:\/\/tabaccomd.com\/ro\/catalog\/#listItem","position":2,"name":"Catalog","item":"https:\/\/tabaccomd.com\/ro\/catalog\/","nextItem":{"@type":"ListItem","@id":"https:\/\/tabaccomd.com\/ro\/product-category\/alcool-2\/#listItem","name":"Alcool"},"previousItem":{"@type":"ListItem","@id":"https:\/\/tabaccomd.com\/ro\/#listItem","name":"\u0413\u043b\u0430\u0432\u043d\u0430\u044f"}},{"@type":"ListItem","@id":"https:\/\/tabaccomd.com\/ro\/product-category\/alcool-2\/#listItem","position":3,"name":"Alcool","item":"https:\/\/tabaccomd.com\/ro\/product-category\/alcool-2\/","nextItem":{"@type":"ListItem","@id":"https:\/\/tabaccomd.com\/ro\/product-category\/alcool-2\/igristoe-vino\/#listItem","name":"Vin spumant"},"previousItem":{"@type":"ListItem","@id":"https:\/\/tabaccomd.com\/ro\/catalog\/#listItem","name":"Catalog"}},{"@type":"ListItem","@id":"https:\/\/tabaccomd.com\/ro\/product-category\/alcool-2\/igristoe-vino\/#listItem","position":4,"name":"Vin spumant","item":"https:\/\/tabaccomd.com\/ro\/product-category\/alcool-2\/igristoe-vino\/","nextItem":{"@type":"ListItem","@id":"https:\/\/tabaccomd.com\/ro\/product\/vin-spumant-mo%d1%91t-chandon-brut-imperial-gb-1-5-l\/#listItem","name":"\u0218ampanie Mo\u0451t&#038;Chandon Brut Imperial GB 1.5l"},"previousItem":{"@type":"ListItem","@id":"https:\/\/tabaccomd.com\/ro\/product-category\/alcool-2\/#listItem","name":"Alcool"}},{"@type":"ListItem","@id":"https:\/\/tabaccomd.com\/ro\/product\/vin-spumant-mo%d1%91t-chandon-brut-imperial-gb-1-5-l\/#listItem","position":5,"name":"\u0218ampanie Mo\u0451t&#038;Chandon Brut Imperial GB 1.5l","previousItem":{"@type":"ListItem","@id":"https:\/\/tabaccomd.com\/ro\/product-category\/alcool-2\/igristoe-vino\/#listItem","name":"Vin spumant"}}]},{"@type":"Organization","@id":"https:\/\/tabaccomd.com\/ro\/#organization","name":"Tabacco House","description":"\u041c\u0430\u0433\u0430\u0437\u0438\u043d \u0442\u0430\u0431\u0430\u0447\u043d\u044b\u0445 \u0438\u0437\u0434\u0435\u043b\u0438\u0439","url":"https:\/\/tabaccomd.com\/ro\/","email":"Office@cazacuhouse.com","telephone":"+37361000935","logo":{"@type":"ImageObject","url":"https:\/\/tabaccomd.com\/wp-content\/uploads\/2024\/02\/logo_header3.png","@id":"https:\/\/tabaccomd.com\/ro\/product\/vin-spumant-mo%d1%91t-chandon-brut-imperial-gb-1-5-l\/#organizationLogo","width":32,"height":32,"caption":"Tabacco House"},"image":{"@id":"https:\/\/tabaccomd.com\/ro\/product\/vin-spumant-mo%d1%91t-chandon-brut-imperial-gb-1-5-l\/#organizationLogo"},"sameAs":["https:\/\/www.facebook.com\/tabaccomd.com\/","https:\/\/www.instagram.com\/tabaccomd.com\/"],"address":{"@id":"https:\/\/tabaccomd.com\/ro\/#postaladdress","@type":"PostalAddress","streetAddress":"Strada Albi\u015foara 4, Chi\u0219in\u0103u, Bulevardul \u0218tefan cel Mare \u0219i Sf\u00eent 136, Chi\u0219in\u0103u","addressLocality":"Chi\u0219in\u0103u","addressCountry":"MD"}},{"@type":"Product","@id":"https:\/\/tabaccomd.com\/ro\/product\/vin-spumant-mo%d1%91t-chandon-brut-imperial-gb-1-5-l\/#wooCommerceProduct","name":"\u0218ampanie Mo\u0451t&Chandon Brut Imperial GB 1.5l","description":"\u021aara produc\u0103torului: Fran\u021ba, Champagne\r\n \tProduc\u0103tor: Mo\u00ebt &amp; Chandon\r\n \tT\u0103rie: 12%\r\n \tVolum: 1,5l\r\n \tIngrediente: Pinot Noir, Pinot Meunier, Chardonnay\r\n \tTip: Brut (sec)","url":"https:\/\/tabaccomd.com\/ro\/product\/vin-spumant-mo%d1%91t-chandon-brut-imperial-gb-1-5-l\/","sku":"Mo\u0451t & Chandon Brut Imperial GB 1.5l","image":{"@type":"ImageObject","url":"https:\/\/tabaccomd.com\/wp-content\/uploads\/2023\/06\/moet-chandon-brut-imperial-gb-1500ml.jpg","@id":"https:\/\/tabaccomd.com\/ro\/product\/vin-spumant-mo%d1%91t-chandon-brut-imperial-gb-1-5-l\/#productImage","width":1200,"height":1200,"caption":"moet-chandon-brut-imperial-gb-1500ml"},"offers":{"@type":"Offer","url":"https:\/\/tabaccomd.com\/ro\/product\/vin-spumant-mo%d1%91t-chandon-brut-imperial-gb-1-5-l\/#wooCommerceOffer","price":2970,"priceCurrency":"MDL","category":"Vin spumant","availability":"https:\/\/schema.org\/InStock","priceSpecification":{"@type":"PriceSpecification","price":2970,"priceCurrency":"MDL","valueAddedTaxIncluded":"true"},"seller":{"@type":"Organization","@id":"https:\/\/tabaccomd.com\/ro\/#organization"}}},{"@type":"WebPage","@id":"https:\/\/tabaccomd.com\/ro\/product\/vin-spumant-mo%d1%91t-chandon-brut-imperial-gb-1-5-l\/#webpage","url":"https:\/\/tabaccomd.com\/ro\/product\/vin-spumant-mo%d1%91t-chandon-brut-imperial-gb-1-5-l\/","name":"\u0218ampanie Mo\u0451t&Chandon Brut Imperial GB 1.5l \u2013 Tabacco House","inLanguage":"ro-RO","isPartOf":{"@id":"https:\/\/tabaccomd.com\/ro\/#website"},"breadcrumb":{"@id":"https:\/\/tabaccomd.com\/ro\/product\/vin-spumant-mo%d1%91t-chandon-brut-imperial-gb-1-5-l\/#breadcrumblist"},"image":{"@type":"ImageObject","url":"https:\/\/tabaccomd.com\/wp-content\/uploads\/2023\/06\/moet-chandon-brut-imperial-gb-1500ml.jpg","@id":"https:\/\/tabaccomd.com\/ro\/product\/vin-spumant-mo%d1%91t-chandon-brut-imperial-gb-1-5-l\/#mainImage","width":1200,"height":1200,"caption":"moet-chandon-brut-imperial-gb-1500ml"},"primaryImageOfPage":{"@id":"https:\/\/tabaccomd.com\/ro\/product\/vin-spumant-mo%d1%91t-chandon-brut-imperial-gb-1-5-l\/#mainImage"},"datePublished":"2023-06-16T13:46:38+03:00","dateModified":"2025-04-30T14:07:12+03:00"},{"@type":"WebSite","@id":"https:\/\/tabaccomd.com\/ro\/#website","url":"https:\/\/tabaccomd.com\/ro\/","name":"Tabacco House","alternateName":"tobaccomd.com","description":"\u041c\u0430\u0433\u0430\u0437\u0438\u043d \u0442\u0430\u0431\u0430\u0447\u043d\u044b\u0445 \u0438\u0437\u0434\u0435\u043b\u0438\u0439","inLanguage":"ro-RO","publisher":{"@id":"https:\/\/tabaccomd.com\/ro\/#organization"}}]},"og:locale":"ro_RO","og:site_name":"Tabacco House \u2013 \u041c\u0430\u0433\u0430\u0437\u0438\u043d \u0442\u0430\u0431\u0430\u0447\u043d\u044b\u0445 \u0438\u0437\u0434\u0435\u043b\u0438\u0439","og:type":"article","og:title":"\u0218ampanie Mo\u0451t&amp;Chandon Brut Imperial GB 1.5l \u2013 Tabacco House","og:url":"https:\/\/tabaccomd.com\/ro\/product\/vin-spumant-mo%d1%91t-chandon-brut-imperial-gb-1-5-l\/","article:published_time":"2023-06-16T10:46:38+00:00","article:modified_time":"2025-04-30T11:07:12+00:00","article:publisher":"https:\/\/www.facebook.com\/tabaccomd.com\/","twitter:card":"summary_large_image","twitter:title":"\u0218ampanie Mo\u0451t&amp;Chandon Brut Imperial GB 1.5l \u2013 Tabacco House"},"aioseo_meta_data":{"post_id":"120615","title":null,"description":null,"keywords":null,"keyphrases":null,"primary_term":null,"canonical_url":null,"og_title":null,"og_description":null,"og_object_type":"default","og_image_type":"default","og_image_url":null,"og_image_width":null,"og_image_height":null,"og_image_custom_url":null,"og_image_custom_fields":null,"og_video":null,"og_custom_url":null,"og_article_section":null,"og_article_tags":null,"twitter_use_og":false,"twitter_card":"default","twitter_image_type":"default","twitter_image_url":null,"twitter_image_custom_url":null,"twitter_image_custom_fields":null,"twitter_title":null,"twitter_description":null,"schema":{"blockGraphs":[],"customGraphs":[],"default":{"data":{"Article":[],"Course":[],"Dataset":[],"FAQPage":[],"Movie":[],"Person":[],"Product":[],"ProductReview":[],"Car":[],"Recipe":[],"Service":[],"SoftwareApplication":[],"WebPage":[]},"graphName":"","isEnabled":true},"graphs":[]},"schema_type":"default","schema_type_options":null,"pillar_content":false,"robots_default":true,"robots_noindex":false,"robots_noarchive":false,"robots_nosnippet":false,"robots_nofollow":false,"robots_noimageindex":false,"robots_noodp":false,"robots_notranslate":false,"robots_max_snippet":null,"robots_max_videopreview":null,"robots_max_imagepreview":"large","priority":null,"frequency":null,"local_seo":null,"seo_analyzer_scan_date":"2025-10-20 09:07:44","breadcrumb_settings":null,"limit_modified_date":false,"reviewed_by":null,"open_ai":null,"ai":null,"created":"2023-06-16 10:46:38","updated":"2025-10-20 09:07:44"},"aioseo_breadcrumb":"<div class=\"aioseo-breadcrumbs\"><span class=\"aioseo-breadcrumb\">\n\t<a href=\"https:\/\/tabaccomd.com\/ro\/\" title=\"\u0413\u043b\u0430\u0432\u043d\u0430\u044f\">\u0413\u043b\u0430\u0432\u043d\u0430\u044f<\/a>\n<\/span><span class=\"aioseo-breadcrumb-separator\">\u00bb<\/span><span class=\"aioseo-breadcrumb\">\n\t<a href=\"https:\/\/tabaccomd.com\/ro\/catalog\/\" title=\"Catalog\">Catalog<\/a>\n<\/span><span class=\"aioseo-breadcrumb-separator\">\u00bb<\/span><span class=\"aioseo-breadcrumb\">\n\t<a href=\"https:\/\/tabaccomd.com\/ro\/product-category\/alcool-2\/\" title=\"Alcool\">Alcool<\/a>\n<\/span><span class=\"aioseo-breadcrumb-separator\">\u00bb<\/span><span class=\"aioseo-breadcrumb\">\n\t<a href=\"https:\/\/tabaccomd.com\/ro\/product-category\/alcool-2\/igristoe-vino\/\" title=\"Vin spumant\">Vin spumant<\/a>\n<\/span><span class=\"aioseo-breadcrumb-separator\">\u00bb<\/span><span class=\"aioseo-breadcrumb\">\n\t\u0218ampanie Mo\u0451t&amp;Chandon Brut Imperial GB 1.5l\n<\/span><\/div>","aioseo_breadcrumb_json":[{"label":"\u0413\u043b\u0430\u0432\u043d\u0430\u044f","link":"https:\/\/tabaccomd.com\/ro\/"},{"label":"Catalog","link":"https:\/\/tabaccomd.com\/ro\/catalog\/"},{"label":"Alcool","link":"https:\/\/tabaccomd.com\/ro\/product-category\/alcool-2\/"},{"label":"Vin spumant","link":"https:\/\/tabaccomd.com\/ro\/product-category\/alcool-2\/igristoe-vino\/"},{"label":"\u0218ampanie Mo\u0451t&#038;Chandon Brut Imperial GB 1.5l","link":"https:\/\/tabaccomd.com\/ro\/product\/vin-spumant-mo%d1%91t-chandon-brut-imperial-gb-1-5-l\/"}],"images_for_1c":[{"url":"https:\/\/tabaccomd.com\/wp-content\/uploads\/2023\/06\/moet-chandon-brut-imperial-gb-1500ml.jpg","type":"featured","alt":"moet-chandon-brut-imperial-gb-1500ml","filename":"moet-chandon-brut-imperial-gb-1500ml.jpg"}],"additional_data_1c":{"modified_date":"2025-04-30 14:07:12","permalink":"https:\/\/tabaccomd.com\/ro\/product\/vin-spumant-mo%d1%91t-chandon-brut-imperial-gb-1-5-l\/","stock_status":"instock","manage_stock":"no"},"_links":{"self":[{"href":"https:\/\/tabaccomd.com\/ro\/wp-json\/wp\/v2\/product\/120615","targetHints":{"allow":["GET"]}}],"collection":[{"href":"https:\/\/tabaccomd.com\/ro\/wp-json\/wp\/v2\/product"}],"about":[{"href":"https:\/\/tabaccomd.com\/ro\/wp-json\/wp\/v2\/types\/product"}],"wp:featuredmedia":[{"embeddable":true,"href":"https:\/\/tabaccomd.com\/ro\/wp-json\/wp\/v2\/media\/149566"}],"wp:attachment":[{"href":"https:\/\/tabaccomd.com\/ro\/wp-json\/wp\/v2\/media?parent=120615"}],"wp:term":[{"taxonomy":"product_brand","embeddable":true,"href":"https:\/\/tabaccomd.com\/ro\/wp-json\/wp\/v2\/product_brand?post=120615"},{"taxonomy":"product_cat","embeddable":true,"href":"https:\/\/tabaccomd.com\/ro\/wp-json\/wp\/v2\/product_cat?post=120615"},{"taxonomy":"product_tag","embeddable":true,"href":"https:\/\/tabaccomd.com\/ro\/wp-json\/wp\/v2\/product_tag?post=120615"}],"curies":[{"name":"wp","href":"https:\/\/api.w.org\/{rel}","templated":true}]}}