{"id":120490,"date":"2023-06-15T16:38:46","date_gmt":"2023-06-15T13:38:46","guid":{"rendered":"https:\/\/tabaccomd.com\/?post_type=product&#038;p=120490"},"modified":"2024-04-17T23:53:06","modified_gmt":"2024-04-17T20:53:06","slug":"vin-spumant-j-p-chenet-ice-edition-demi-sec-075-l","status":"publish","type":"product","link":"https:\/\/tabaccomd.com\/ro\/product\/vin-spumant-j-p-chenet-ice-edition-demi-sec-075-l\/","title":{"rendered":"Vin spumant J. P. Chenet Ice Edition Demi-Sec 0,75 l"},"content":{"rendered":"<p><strong><a href=\"https:\/\/tabaccomd.com\/ro\/categorie-produs\/alcool-2\/igristoe-vino\/\">Vinurile <\/a>J. P. Chenet Ice Edition Demi-Sec\u00a0<\/strong> aduce prospe\u021bime \u0219i u\u0219urin\u021b\u0103. Gustul s\u0103u semidulce \u0219i aroma fructelor proaspete \u00eel fac alegerea perfect\u0103 pentru zilele de var\u0103 \u0219i relaxare \u00een natur\u0103.<\/p>\n<div class=\"flex flex-grow flex-col gap-3 max-w-full\">\n<div class=\"min-h-[20px] flex flex-col items-start gap-3 overflow-x-auto whitespace-pre-wrap break-words\">\n<div class=\"markdown prose w-full break-words dark:prose-invert light\">\n<p>Gustul J. P. Chenet Ice Edition Demi-Sec 0,75 litri poate fi descris ca dulce \u0219i revigorant, cu note de piersic\u0103, portocal\u0103 \u0219i par\u0103. Acest vin este potrivit pentru servirea cu ghea\u021b\u0103 \u0219i pentru a te bucura de prospe\u021bime.<\/p>\n<p>J. P. Chenet Ice Edition Demi-Sec este alegerea pentru cei care doresc s\u0103 transforme orice moment \u00eentr-un moment de bucurie \u0219i prospe\u021bime.<\/p>\n<\/div>\n<\/div>\n<\/div>\n","protected":false},"excerpt":{"rendered":"<ul>\n<li>Volum: 0,75 l<\/li>\n<li>\u021aara: Fran\u021ba<\/li>\n<li>Culoare: alb\u0103<\/li>\n<li>Cetate: 10.5 %<\/li>\n<li>Demi-Sec<\/li>\n<\/ul>\n","protected":false},"featured_media":120492,"template":"","meta":{"om_disable_all_campaigns":false,"_monsterinsights_skip_tracking":false,"_monsterinsights_sitenote_active":false,"_monsterinsights_sitenote_note":"","_monsterinsights_sitenote_category":0},"product_brand":[],"product_cat":[226],"product_tag":[],"class_list":{"0":"post-120490","1":"product","2":"type-product","3":"status-publish","4":"has-post-thumbnail","6":"product_cat-igristoe-vino","8":"first","9":"instock","10":"taxable","11":"shipping-taxable","12":"purchasable","13":"product-type-simple"},"aioseo_notices":[],"aioseo_head":"\n\t\t<!-- All in One SEO Pro 4.9.5.2 - aioseo.com -->\n\t<meta name=\"description\" content=\"Vin spumant J. P. Chenet Ice Edition Demi-Sec 0,75 l - \u2728\u00cen magazinul online tabaccomd.com \u00cen sortiment: \u021big\u0103ri, \ud83c\udf7ealcool, brichete, narghilele... \ud83d\udcde Apela\u021bi la 061000935\" \/>\n\t<meta name=\"robots\" content=\"max-image-preview:large\" \/>\n\t<link rel=\"canonical\" href=\"https:\/\/tabaccomd.com\/ro\/product\/vin-spumant-j-p-chenet-ice-edition-demi-sec-075-l\/\" \/>\n\t<meta name=\"generator\" content=\"All in One SEO Pro (AIOSEO) 4.9.5.2\" \/>\n\t\t<meta property=\"og:locale\" content=\"ro_RO\" \/>\n\t\t<meta property=\"og:site_name\" content=\"Tabacco House \u2013 \u041c\u0430\u0433\u0430\u0437\u0438\u043d \u0442\u0430\u0431\u0430\u0447\u043d\u044b\u0445 \u0438\u0437\u0434\u0435\u043b\u0438\u0439\" \/>\n\t\t<meta property=\"og:type\" content=\"article\" \/>\n\t\t<meta property=\"og:title\" content=\"Vin spumant J. P. Chenet Ice Edition Demi-Sec 0,75 l cump\u0103ra\u021bi \u00een Chi\u0219in\u0103u \u2b50 \u2013 Tabacco House\" \/>\n\t\t<meta property=\"og:description\" content=\"Vin spumant J. P. Chenet Ice Edition Demi-Sec 0,75 l - \u2728\u00cen magazinul online tabaccomd.com \u00cen sortiment: \u021big\u0103ri, \ud83c\udf7ealcool, brichete, narghilele... \ud83d\udcde Apela\u021bi la 061000935\" \/>\n\t\t<meta property=\"og:url\" content=\"https:\/\/tabaccomd.com\/ro\/product\/vin-spumant-j-p-chenet-ice-edition-demi-sec-075-l\/\" \/>\n\t\t<meta property=\"article:published_time\" content=\"2023-06-15T13:38:46+00:00\" \/>\n\t\t<meta property=\"article:modified_time\" content=\"2024-04-17T20:53:06+00:00\" \/>\n\t\t<meta property=\"article:publisher\" content=\"https:\/\/www.facebook.com\/tabaccomd.com\/\" \/>\n\t\t<meta name=\"twitter:card\" content=\"summary_large_image\" \/>\n\t\t<meta name=\"twitter:title\" content=\"Vin spumant J. P. Chenet Ice Edition Demi-Sec 0,75 l cump\u0103ra\u021bi \u00een Chi\u0219in\u0103u \u2b50 \u2013 Tabacco House\" \/>\n\t\t<meta name=\"twitter:description\" content=\"Vin spumant J. P. Chenet Ice Edition Demi-Sec 0,75 l - \u2728\u00cen magazinul online tabaccomd.com \u00cen sortiment: \u021big\u0103ri, \ud83c\udf7ealcool, brichete, narghilele... \ud83d\udcde Apela\u021bi la 061000935\" \/>\n\t\t<script type=\"application\/ld+json\" class=\"aioseo-schema\">\n\t\t\t{\"@context\":\"https:\\\/\\\/schema.org\",\"@graph\":[{\"@type\":\"BreadcrumbList\",\"@id\":\"https:\\\/\\\/tabaccomd.com\\\/ro\\\/product\\\/vin-spumant-j-p-chenet-ice-edition-demi-sec-075-l\\\/#breadcrumblist\",\"itemListElement\":[{\"@type\":\"ListItem\",\"@id\":\"https:\\\/\\\/tabaccomd.com\\\/ro\\\/#listItem\",\"position\":1,\"name\":\"\\u0413\\u043b\\u0430\\u0432\\u043d\\u0430\\u044f\",\"item\":\"https:\\\/\\\/tabaccomd.com\\\/ro\\\/\",\"nextItem\":{\"@type\":\"ListItem\",\"@id\":\"https:\\\/\\\/tabaccomd.com\\\/ro\\\/catalog\\\/#listItem\",\"name\":\"Catalog\"}},{\"@type\":\"ListItem\",\"@id\":\"https:\\\/\\\/tabaccomd.com\\\/ro\\\/catalog\\\/#listItem\",\"position\":2,\"name\":\"Catalog\",\"item\":\"https:\\\/\\\/tabaccomd.com\\\/ro\\\/catalog\\\/\",\"nextItem\":{\"@type\":\"ListItem\",\"@id\":\"https:\\\/\\\/tabaccomd.com\\\/ro\\\/product-category\\\/alcool-2\\\/#listItem\",\"name\":\"Alcool\"},\"previousItem\":{\"@type\":\"ListItem\",\"@id\":\"https:\\\/\\\/tabaccomd.com\\\/ro\\\/#listItem\",\"name\":\"\\u0413\\u043b\\u0430\\u0432\\u043d\\u0430\\u044f\"}},{\"@type\":\"ListItem\",\"@id\":\"https:\\\/\\\/tabaccomd.com\\\/ro\\\/product-category\\\/alcool-2\\\/#listItem\",\"position\":3,\"name\":\"Alcool\",\"item\":\"https:\\\/\\\/tabaccomd.com\\\/ro\\\/product-category\\\/alcool-2\\\/\",\"nextItem\":{\"@type\":\"ListItem\",\"@id\":\"https:\\\/\\\/tabaccomd.com\\\/ro\\\/product-category\\\/alcool-2\\\/igristoe-vino\\\/#listItem\",\"name\":\"Vin spumant\"},\"previousItem\":{\"@type\":\"ListItem\",\"@id\":\"https:\\\/\\\/tabaccomd.com\\\/ro\\\/catalog\\\/#listItem\",\"name\":\"Catalog\"}},{\"@type\":\"ListItem\",\"@id\":\"https:\\\/\\\/tabaccomd.com\\\/ro\\\/product-category\\\/alcool-2\\\/igristoe-vino\\\/#listItem\",\"position\":4,\"name\":\"Vin spumant\",\"item\":\"https:\\\/\\\/tabaccomd.com\\\/ro\\\/product-category\\\/alcool-2\\\/igristoe-vino\\\/\",\"nextItem\":{\"@type\":\"ListItem\",\"@id\":\"https:\\\/\\\/tabaccomd.com\\\/ro\\\/product\\\/vin-spumant-j-p-chenet-ice-edition-demi-sec-075-l\\\/#listItem\",\"name\":\"Vin spumant J. P. Chenet Ice Edition Demi-Sec 0,75 l\"},\"previousItem\":{\"@type\":\"ListItem\",\"@id\":\"https:\\\/\\\/tabaccomd.com\\\/ro\\\/product-category\\\/alcool-2\\\/#listItem\",\"name\":\"Alcool\"}},{\"@type\":\"ListItem\",\"@id\":\"https:\\\/\\\/tabaccomd.com\\\/ro\\\/product\\\/vin-spumant-j-p-chenet-ice-edition-demi-sec-075-l\\\/#listItem\",\"position\":5,\"name\":\"Vin spumant J. P. Chenet Ice Edition Demi-Sec 0,75 l\",\"previousItem\":{\"@type\":\"ListItem\",\"@id\":\"https:\\\/\\\/tabaccomd.com\\\/ro\\\/product-category\\\/alcool-2\\\/igristoe-vino\\\/#listItem\",\"name\":\"Vin spumant\"}}]},{\"@type\":\"Organization\",\"@id\":\"https:\\\/\\\/tabaccomd.com\\\/ro\\\/#organization\",\"name\":\"Tabacco House\",\"description\":\"\\u041c\\u0430\\u0433\\u0430\\u0437\\u0438\\u043d \\u0442\\u0430\\u0431\\u0430\\u0447\\u043d\\u044b\\u0445 \\u0438\\u0437\\u0434\\u0435\\u043b\\u0438\\u0439\",\"url\":\"https:\\\/\\\/tabaccomd.com\\\/ro\\\/\",\"email\":\"Office@cazacuhouse.com\",\"telephone\":\"+37361000935\",\"logo\":{\"@type\":\"ImageObject\",\"url\":\"https:\\\/\\\/tabaccomd.com\\\/wp-content\\\/uploads\\\/2024\\\/02\\\/logo_header3.png\",\"@id\":\"https:\\\/\\\/tabaccomd.com\\\/ro\\\/product\\\/vin-spumant-j-p-chenet-ice-edition-demi-sec-075-l\\\/#organizationLogo\",\"width\":32,\"height\":32,\"caption\":\"Tabacco House\"},\"image\":{\"@id\":\"https:\\\/\\\/tabaccomd.com\\\/ro\\\/product\\\/vin-spumant-j-p-chenet-ice-edition-demi-sec-075-l\\\/#organizationLogo\"},\"sameAs\":[\"https:\\\/\\\/www.facebook.com\\\/tabaccomd.com\\\/\",\"https:\\\/\\\/www.instagram.com\\\/tabaccomd.com\\\/\"],\"address\":{\"@id\":\"https:\\\/\\\/tabaccomd.com\\\/ro\\\/#postaladdress\",\"@type\":\"PostalAddress\",\"streetAddress\":\"Strada Albi\\u015foara 4, Chi\\u0219in\\u0103u, Bulevardul \\u0218tefan cel Mare \\u0219i Sf\\u00eent 136, Chi\\u0219in\\u0103u\",\"addressLocality\":\"Chi\\u0219in\\u0103u\",\"addressCountry\":\"MD\"}},{\"@type\":\"Product\",\"@id\":\"https:\\\/\\\/tabaccomd.com\\\/ro\\\/product\\\/vin-spumant-j-p-chenet-ice-edition-demi-sec-075-l\\\/#wooCommerceProduct\",\"name\":\"Vin spumant J. P. Chenet Ice Edition Demi-Sec 0,75 l\",\"description\":\"Volum: 0,75 l\\r\\n \\t\\u021aara: Fran\\u021ba\\r\\n \\tCuloare: alb\\u0103\\r\\n \\tCetate: 10.5 %\\r\\n \\tDemi-Sec\",\"url\":\"https:\\\/\\\/tabaccomd.com\\\/ro\\\/product\\\/vin-spumant-j-p-chenet-ice-edition-demi-sec-075-l\\\/\",\"sku\":\"J. P. Chenet Ice Edition Demi-Sec 0,75 \\u043b-1\",\"image\":{\"@type\":\"ImageObject\",\"url\":\"https:\\\/\\\/tabaccomd.com\\\/wp-content\\\/uploads\\\/2023\\\/06\\\/8485371.jpg\",\"@id\":\"https:\\\/\\\/tabaccomd.com\\\/ro\\\/product\\\/vin-spumant-j-p-chenet-ice-edition-demi-sec-075-l\\\/#productImage\",\"width\":1000,\"height\":1000,\"caption\":\"J. P. Chenet Ice Edition Demi-Sec 0,75\"},\"offers\":{\"@type\":\"Offer\",\"url\":\"https:\\\/\\\/tabaccomd.com\\\/ro\\\/product\\\/vin-spumant-j-p-chenet-ice-edition-demi-sec-075-l\\\/#wooCommerceOffer\",\"price\":170,\"priceCurrency\":\"MDL\",\"category\":\"Vin spumant\",\"availability\":\"https:\\\/\\\/schema.org\\\/InStock\",\"priceSpecification\":{\"@type\":\"PriceSpecification\",\"price\":170,\"priceCurrency\":\"MDL\",\"valueAddedTaxIncluded\":\"true\"},\"seller\":{\"@type\":\"Organization\",\"@id\":\"https:\\\/\\\/tabaccomd.com\\\/ro\\\/#organization\"}}},{\"@type\":\"WebPage\",\"@id\":\"https:\\\/\\\/tabaccomd.com\\\/ro\\\/product\\\/vin-spumant-j-p-chenet-ice-edition-demi-sec-075-l\\\/#webpage\",\"url\":\"https:\\\/\\\/tabaccomd.com\\\/ro\\\/product\\\/vin-spumant-j-p-chenet-ice-edition-demi-sec-075-l\\\/\",\"name\":\"Vin spumant J. P. Chenet Ice Edition Demi-Sec 0,75 l cump\\u0103ra\\u021bi \\u00een Chi\\u0219in\\u0103u \\u2b50 \\u2013 Tabacco House\",\"description\":\"Vin spumant J. P. Chenet Ice Edition Demi-Sec 0,75 l - \\u2728\\u00cen magazinul online tabaccomd.com \\u00cen sortiment: \\u021big\\u0103ri, \\ud83c\\udf7ealcool, brichete, narghilele... \\ud83d\\udcde Apela\\u021bi la 061000935\",\"inLanguage\":\"ro-RO\",\"isPartOf\":{\"@id\":\"https:\\\/\\\/tabaccomd.com\\\/ro\\\/#website\"},\"breadcrumb\":{\"@id\":\"https:\\\/\\\/tabaccomd.com\\\/ro\\\/product\\\/vin-spumant-j-p-chenet-ice-edition-demi-sec-075-l\\\/#breadcrumblist\"},\"image\":{\"@type\":\"ImageObject\",\"url\":\"https:\\\/\\\/tabaccomd.com\\\/wp-content\\\/uploads\\\/2023\\\/06\\\/8485371.jpg\",\"@id\":\"https:\\\/\\\/tabaccomd.com\\\/ro\\\/product\\\/vin-spumant-j-p-chenet-ice-edition-demi-sec-075-l\\\/#mainImage\",\"width\":1000,\"height\":1000,\"caption\":\"J. P. Chenet Ice Edition Demi-Sec 0,75\"},\"primaryImageOfPage\":{\"@id\":\"https:\\\/\\\/tabaccomd.com\\\/ro\\\/product\\\/vin-spumant-j-p-chenet-ice-edition-demi-sec-075-l\\\/#mainImage\"},\"datePublished\":\"2023-06-15T16:38:46+03:00\",\"dateModified\":\"2024-04-17T23:53:06+03:00\"},{\"@type\":\"WebSite\",\"@id\":\"https:\\\/\\\/tabaccomd.com\\\/ro\\\/#website\",\"url\":\"https:\\\/\\\/tabaccomd.com\\\/ro\\\/\",\"name\":\"Tabacco House\",\"alternateName\":\"tobaccomd.com\",\"description\":\"\\u041c\\u0430\\u0433\\u0430\\u0437\\u0438\\u043d \\u0442\\u0430\\u0431\\u0430\\u0447\\u043d\\u044b\\u0445 \\u0438\\u0437\\u0434\\u0435\\u043b\\u0438\\u0439\",\"inLanguage\":\"ro-RO\",\"publisher\":{\"@id\":\"https:\\\/\\\/tabaccomd.com\\\/ro\\\/#organization\"}}]}\n\t\t<\/script>\n\t\t<!-- All in One SEO Pro -->\r\n\t\t<title>Vin spumant J. P. Chenet Ice Edition Demi-Sec 0,75 l cump\u0103ra\u021bi \u00een Chi\u0219in\u0103u \u2b50 \u2013 Tabacco House<\/title>\n\n","aioseo_head_json":{"title":"Vin spumant J. P. Chenet Ice Edition Demi-Sec 0,75 l cump\u0103ra\u021bi \u00een Chi\u0219in\u0103u \u2b50 \u2013 Tabacco House","description":"Vin spumant J. P. Chenet Ice Edition Demi-Sec 0,75 l - \u2728\u00cen magazinul online tabaccomd.com \u00cen sortiment: \u021big\u0103ri, \ud83c\udf7ealcool, brichete, narghilele... \ud83d\udcde Apela\u021bi la 061000935","canonical_url":"https:\/\/tabaccomd.com\/ro\/product\/vin-spumant-j-p-chenet-ice-edition-demi-sec-075-l\/","robots":"max-image-preview:large","keywords":"","webmasterTools":{"miscellaneous":""},"schema":{"@context":"https:\/\/schema.org","@graph":[{"@type":"BreadcrumbList","@id":"https:\/\/tabaccomd.com\/ro\/product\/vin-spumant-j-p-chenet-ice-edition-demi-sec-075-l\/#breadcrumblist","itemListElement":[{"@type":"ListItem","@id":"https:\/\/tabaccomd.com\/ro\/#listItem","position":1,"name":"\u0413\u043b\u0430\u0432\u043d\u0430\u044f","item":"https:\/\/tabaccomd.com\/ro\/","nextItem":{"@type":"ListItem","@id":"https:\/\/tabaccomd.com\/ro\/catalog\/#listItem","name":"Catalog"}},{"@type":"ListItem","@id":"https:\/\/tabaccomd.com\/ro\/catalog\/#listItem","position":2,"name":"Catalog","item":"https:\/\/tabaccomd.com\/ro\/catalog\/","nextItem":{"@type":"ListItem","@id":"https:\/\/tabaccomd.com\/ro\/product-category\/alcool-2\/#listItem","name":"Alcool"},"previousItem":{"@type":"ListItem","@id":"https:\/\/tabaccomd.com\/ro\/#listItem","name":"\u0413\u043b\u0430\u0432\u043d\u0430\u044f"}},{"@type":"ListItem","@id":"https:\/\/tabaccomd.com\/ro\/product-category\/alcool-2\/#listItem","position":3,"name":"Alcool","item":"https:\/\/tabaccomd.com\/ro\/product-category\/alcool-2\/","nextItem":{"@type":"ListItem","@id":"https:\/\/tabaccomd.com\/ro\/product-category\/alcool-2\/igristoe-vino\/#listItem","name":"Vin spumant"},"previousItem":{"@type":"ListItem","@id":"https:\/\/tabaccomd.com\/ro\/catalog\/#listItem","name":"Catalog"}},{"@type":"ListItem","@id":"https:\/\/tabaccomd.com\/ro\/product-category\/alcool-2\/igristoe-vino\/#listItem","position":4,"name":"Vin spumant","item":"https:\/\/tabaccomd.com\/ro\/product-category\/alcool-2\/igristoe-vino\/","nextItem":{"@type":"ListItem","@id":"https:\/\/tabaccomd.com\/ro\/product\/vin-spumant-j-p-chenet-ice-edition-demi-sec-075-l\/#listItem","name":"Vin spumant J. P. Chenet Ice Edition Demi-Sec 0,75 l"},"previousItem":{"@type":"ListItem","@id":"https:\/\/tabaccomd.com\/ro\/product-category\/alcool-2\/#listItem","name":"Alcool"}},{"@type":"ListItem","@id":"https:\/\/tabaccomd.com\/ro\/product\/vin-spumant-j-p-chenet-ice-edition-demi-sec-075-l\/#listItem","position":5,"name":"Vin spumant J. P. Chenet Ice Edition Demi-Sec 0,75 l","previousItem":{"@type":"ListItem","@id":"https:\/\/tabaccomd.com\/ro\/product-category\/alcool-2\/igristoe-vino\/#listItem","name":"Vin spumant"}}]},{"@type":"Organization","@id":"https:\/\/tabaccomd.com\/ro\/#organization","name":"Tabacco House","description":"\u041c\u0430\u0433\u0430\u0437\u0438\u043d \u0442\u0430\u0431\u0430\u0447\u043d\u044b\u0445 \u0438\u0437\u0434\u0435\u043b\u0438\u0439","url":"https:\/\/tabaccomd.com\/ro\/","email":"Office@cazacuhouse.com","telephone":"+37361000935","logo":{"@type":"ImageObject","url":"https:\/\/tabaccomd.com\/wp-content\/uploads\/2024\/02\/logo_header3.png","@id":"https:\/\/tabaccomd.com\/ro\/product\/vin-spumant-j-p-chenet-ice-edition-demi-sec-075-l\/#organizationLogo","width":32,"height":32,"caption":"Tabacco House"},"image":{"@id":"https:\/\/tabaccomd.com\/ro\/product\/vin-spumant-j-p-chenet-ice-edition-demi-sec-075-l\/#organizationLogo"},"sameAs":["https:\/\/www.facebook.com\/tabaccomd.com\/","https:\/\/www.instagram.com\/tabaccomd.com\/"],"address":{"@id":"https:\/\/tabaccomd.com\/ro\/#postaladdress","@type":"PostalAddress","streetAddress":"Strada Albi\u015foara 4, Chi\u0219in\u0103u, Bulevardul \u0218tefan cel Mare \u0219i Sf\u00eent 136, Chi\u0219in\u0103u","addressLocality":"Chi\u0219in\u0103u","addressCountry":"MD"}},{"@type":"Product","@id":"https:\/\/tabaccomd.com\/ro\/product\/vin-spumant-j-p-chenet-ice-edition-demi-sec-075-l\/#wooCommerceProduct","name":"Vin spumant J. P. Chenet Ice Edition Demi-Sec 0,75 l","description":"Volum: 0,75 l\r\n \t\u021aara: Fran\u021ba\r\n \tCuloare: alb\u0103\r\n \tCetate: 10.5 %\r\n \tDemi-Sec","url":"https:\/\/tabaccomd.com\/ro\/product\/vin-spumant-j-p-chenet-ice-edition-demi-sec-075-l\/","sku":"J. P. Chenet Ice Edition Demi-Sec 0,75 \u043b-1","image":{"@type":"ImageObject","url":"https:\/\/tabaccomd.com\/wp-content\/uploads\/2023\/06\/8485371.jpg","@id":"https:\/\/tabaccomd.com\/ro\/product\/vin-spumant-j-p-chenet-ice-edition-demi-sec-075-l\/#productImage","width":1000,"height":1000,"caption":"J. P. Chenet Ice Edition Demi-Sec 0,75"},"offers":{"@type":"Offer","url":"https:\/\/tabaccomd.com\/ro\/product\/vin-spumant-j-p-chenet-ice-edition-demi-sec-075-l\/#wooCommerceOffer","price":170,"priceCurrency":"MDL","category":"Vin spumant","availability":"https:\/\/schema.org\/InStock","priceSpecification":{"@type":"PriceSpecification","price":170,"priceCurrency":"MDL","valueAddedTaxIncluded":"true"},"seller":{"@type":"Organization","@id":"https:\/\/tabaccomd.com\/ro\/#organization"}}},{"@type":"WebPage","@id":"https:\/\/tabaccomd.com\/ro\/product\/vin-spumant-j-p-chenet-ice-edition-demi-sec-075-l\/#webpage","url":"https:\/\/tabaccomd.com\/ro\/product\/vin-spumant-j-p-chenet-ice-edition-demi-sec-075-l\/","name":"Vin spumant J. P. Chenet Ice Edition Demi-Sec 0,75 l cump\u0103ra\u021bi \u00een Chi\u0219in\u0103u \u2b50 \u2013 Tabacco House","description":"Vin spumant J. P. Chenet Ice Edition Demi-Sec 0,75 l - \u2728\u00cen magazinul online tabaccomd.com \u00cen sortiment: \u021big\u0103ri, \ud83c\udf7ealcool, brichete, narghilele... \ud83d\udcde Apela\u021bi la 061000935","inLanguage":"ro-RO","isPartOf":{"@id":"https:\/\/tabaccomd.com\/ro\/#website"},"breadcrumb":{"@id":"https:\/\/tabaccomd.com\/ro\/product\/vin-spumant-j-p-chenet-ice-edition-demi-sec-075-l\/#breadcrumblist"},"image":{"@type":"ImageObject","url":"https:\/\/tabaccomd.com\/wp-content\/uploads\/2023\/06\/8485371.jpg","@id":"https:\/\/tabaccomd.com\/ro\/product\/vin-spumant-j-p-chenet-ice-edition-demi-sec-075-l\/#mainImage","width":1000,"height":1000,"caption":"J. P. Chenet Ice Edition Demi-Sec 0,75"},"primaryImageOfPage":{"@id":"https:\/\/tabaccomd.com\/ro\/product\/vin-spumant-j-p-chenet-ice-edition-demi-sec-075-l\/#mainImage"},"datePublished":"2023-06-15T16:38:46+03:00","dateModified":"2024-04-17T23:53:06+03:00"},{"@type":"WebSite","@id":"https:\/\/tabaccomd.com\/ro\/#website","url":"https:\/\/tabaccomd.com\/ro\/","name":"Tabacco House","alternateName":"tobaccomd.com","description":"\u041c\u0430\u0433\u0430\u0437\u0438\u043d \u0442\u0430\u0431\u0430\u0447\u043d\u044b\u0445 \u0438\u0437\u0434\u0435\u043b\u0438\u0439","inLanguage":"ro-RO","publisher":{"@id":"https:\/\/tabaccomd.com\/ro\/#organization"}}]},"og:locale":"ro_RO","og:site_name":"Tabacco House \u2013 \u041c\u0430\u0433\u0430\u0437\u0438\u043d \u0442\u0430\u0431\u0430\u0447\u043d\u044b\u0445 \u0438\u0437\u0434\u0435\u043b\u0438\u0439","og:type":"article","og:title":"Vin spumant J. P. Chenet Ice Edition Demi-Sec 0,75 l cump\u0103ra\u021bi \u00een Chi\u0219in\u0103u \u2b50 \u2013 Tabacco House","og:description":"Vin spumant J. P. Chenet Ice Edition Demi-Sec 0,75 l - \u2728\u00cen magazinul online tabaccomd.com \u00cen sortiment: \u021big\u0103ri, \ud83c\udf7ealcool, brichete, narghilele... \ud83d\udcde Apela\u021bi la 061000935","og:url":"https:\/\/tabaccomd.com\/ro\/product\/vin-spumant-j-p-chenet-ice-edition-demi-sec-075-l\/","article:published_time":"2023-06-15T13:38:46+00:00","article:modified_time":"2024-04-17T20:53:06+00:00","article:publisher":"https:\/\/www.facebook.com\/tabaccomd.com\/","twitter:card":"summary_large_image","twitter:title":"Vin spumant J. P. Chenet Ice Edition Demi-Sec 0,75 l cump\u0103ra\u021bi \u00een Chi\u0219in\u0103u \u2b50 \u2013 Tabacco House","twitter:description":"Vin spumant J. P. Chenet Ice Edition Demi-Sec 0,75 l - \u2728\u00cen magazinul online tabaccomd.com \u00cen sortiment: \u021big\u0103ri, \ud83c\udf7ealcool, brichete, narghilele... \ud83d\udcde Apela\u021bi la 061000935"},"aioseo_meta_data":{"post_id":"120490","title":"#post_title cump\u0103ra\u021bi \u00een Chi\u0219in\u0103u \u2b50 #separator_sa #site_title","description":"#post_title - \u2728\u00cen magazinul online tabaccomd.com \u00cen sortiment: \u021big\u0103ri, \ud83c\udf7ealcool, brichete, narghilele... \ud83d\udcde Apela\u021bi la 061000935","keywords":[],"keyphrases":{"focus":{"keyphrase":"J. P. Chenet Ice Edition Demi-Sec 0,75","score":82,"analysis":{"keyphraseInTitle":{"score":9,"maxScore":9,"error":0},"keyphraseInDescription":{"score":9,"maxScore":9,"error":0},"keyphraseLength":{"score":6,"maxScore":9,"error":1,"length":7},"keyphraseInURL":{"score":5,"maxScore":5,"error":0},"keyphraseInIntroduction":{"score":3,"maxScore":9,"error":1},"keyphraseInSubHeadings":[],"keyphraseInImageAlt":[],"keywordDensity":{"type":"best","score":9,"maxScore":9,"error":0}}},"additional":[]},"primary_term":null,"canonical_url":null,"og_title":null,"og_description":null,"og_object_type":"default","og_image_type":"default","og_image_url":null,"og_image_width":null,"og_image_height":null,"og_image_custom_url":null,"og_image_custom_fields":null,"og_video":"","og_custom_url":null,"og_article_section":null,"og_article_tags":[],"twitter_use_og":false,"twitter_card":"default","twitter_image_type":"default","twitter_image_url":null,"twitter_image_custom_url":null,"twitter_image_custom_fields":null,"twitter_title":null,"twitter_description":null,"schema":{"blockGraphs":[],"customGraphs":[],"default":{"data":{"Article":[],"Course":[],"Dataset":[],"FAQPage":[],"Movie":[],"Person":[],"Product":[],"ProductReview":[],"Car":[],"Recipe":[],"Service":[],"SoftwareApplication":[],"WebPage":[]},"graphName":"ItemPage","isEnabled":true},"graphs":[]},"schema_type":"default","schema_type_options":null,"pillar_content":false,"robots_default":true,"robots_noindex":false,"robots_noarchive":false,"robots_nosnippet":false,"robots_nofollow":false,"robots_noimageindex":false,"robots_noodp":false,"robots_notranslate":false,"robots_max_snippet":"-1","robots_max_videopreview":"-1","robots_max_imagepreview":"large","priority":null,"frequency":"default","local_seo":null,"seo_analyzer_scan_date":"2025-10-20 09:00:14","breadcrumb_settings":null,"limit_modified_date":false,"reviewed_by":null,"open_ai":null,"ai":null,"created":"2023-06-15 13:38:47","updated":"2025-10-20 09:00:14"},"aioseo_breadcrumb":"<div class=\"aioseo-breadcrumbs\"><span class=\"aioseo-breadcrumb\">\n\t<a href=\"https:\/\/tabaccomd.com\/ro\/\" title=\"\u0413\u043b\u0430\u0432\u043d\u0430\u044f\">\u0413\u043b\u0430\u0432\u043d\u0430\u044f<\/a>\n<\/span><span class=\"aioseo-breadcrumb-separator\">\u00bb<\/span><span class=\"aioseo-breadcrumb\">\n\t<a href=\"https:\/\/tabaccomd.com\/ro\/catalog\/\" title=\"Catalog\">Catalog<\/a>\n<\/span><span class=\"aioseo-breadcrumb-separator\">\u00bb<\/span><span class=\"aioseo-breadcrumb\">\n\t<a href=\"https:\/\/tabaccomd.com\/ro\/product-category\/alcool-2\/\" title=\"Alcool\">Alcool<\/a>\n<\/span><span class=\"aioseo-breadcrumb-separator\">\u00bb<\/span><span class=\"aioseo-breadcrumb\">\n\t<a href=\"https:\/\/tabaccomd.com\/ro\/product-category\/alcool-2\/igristoe-vino\/\" title=\"Vin spumant\">Vin spumant<\/a>\n<\/span><span class=\"aioseo-breadcrumb-separator\">\u00bb<\/span><span class=\"aioseo-breadcrumb\">\n\tVin spumant J. P. Chenet Ice Edition Demi-Sec 0,75 l\n<\/span><\/div>","aioseo_breadcrumb_json":[{"label":"\u0413\u043b\u0430\u0432\u043d\u0430\u044f","link":"https:\/\/tabaccomd.com\/ro\/"},{"label":"Catalog","link":"https:\/\/tabaccomd.com\/ro\/catalog\/"},{"label":"Alcool","link":"https:\/\/tabaccomd.com\/ro\/product-category\/alcool-2\/"},{"label":"Vin spumant","link":"https:\/\/tabaccomd.com\/ro\/product-category\/alcool-2\/igristoe-vino\/"},{"label":"Vin spumant J. P. Chenet Ice Edition Demi-Sec 0,75 l","link":"https:\/\/tabaccomd.com\/ro\/product\/vin-spumant-j-p-chenet-ice-edition-demi-sec-075-l\/"}],"images_for_1c":[{"url":"https:\/\/tabaccomd.com\/wp-content\/uploads\/2023\/06\/8485371.jpg","type":"featured","alt":"J. P. Chenet Ice Edition Demi-Sec 0,75","filename":"8485371.jpg"}],"additional_data_1c":{"modified_date":"2024-04-17 23:53:06","permalink":"https:\/\/tabaccomd.com\/ro\/product\/vin-spumant-j-p-chenet-ice-edition-demi-sec-075-l\/","stock_status":"instock","manage_stock":"no"},"_links":{"self":[{"href":"https:\/\/tabaccomd.com\/ro\/wp-json\/wp\/v2\/product\/120490","targetHints":{"allow":["GET"]}}],"collection":[{"href":"https:\/\/tabaccomd.com\/ro\/wp-json\/wp\/v2\/product"}],"about":[{"href":"https:\/\/tabaccomd.com\/ro\/wp-json\/wp\/v2\/types\/product"}],"wp:featuredmedia":[{"embeddable":true,"href":"https:\/\/tabaccomd.com\/ro\/wp-json\/wp\/v2\/media\/120492"}],"wp:attachment":[{"href":"https:\/\/tabaccomd.com\/ro\/wp-json\/wp\/v2\/media?parent=120490"}],"wp:term":[{"taxonomy":"product_brand","embeddable":true,"href":"https:\/\/tabaccomd.com\/ro\/wp-json\/wp\/v2\/product_brand?post=120490"},{"taxonomy":"product_cat","embeddable":true,"href":"https:\/\/tabaccomd.com\/ro\/wp-json\/wp\/v2\/product_cat?post=120490"},{"taxonomy":"product_tag","embeddable":true,"href":"https:\/\/tabaccomd.com\/ro\/wp-json\/wp\/v2\/product_tag?post=120490"}],"curies":[{"name":"wp","href":"https:\/\/api.w.org\/{rel}","templated":true}]}}