{"id":120086,"date":"2023-06-10T22:20:23","date_gmt":"2023-06-10T19:20:23","guid":{"rendered":"https:\/\/tabaccomd.com\/product\/bricheta-zippo-limited-edition-car-48693\/"},"modified":"2025-01-08T13:14:35","modified_gmt":"2025-01-08T10:14:35","slug":"bricheta-zippo-limited-edition-car-48693","status":"publish","type":"product","link":"https:\/\/tabaccomd.com\/ro\/product\/bricheta-zippo-limited-edition-car-48693\/","title":{"rendered":"48693 Zippo Armor Limited Edition Car"},"content":{"rendered":"<p>Edi\u021bia limitat\u0103 a <a href=\"https:\/\/tabaccomd.com\/ro\/categorie-produs\/brichete\/brichete-zippo-2\/\">brichetelor<\/a> Zippo Limited Edition Car 48693 este dedicat\u0103 anivers\u0103rii a 75 de ani de la celebrul Zippo Car. Ma\u0219ina emblematic\u0103 a str\u0103b\u0103tut str\u0103zile din \u00eentreaga \u021bar\u0103, promov\u00e2nd brandul cu flac\u0103r\u0103 \u0219i capt\u00e2nd interesul \u0219i admira\u021bia publicului. Bricheta prezint\u0103 un design special, cu un cristal pe capac, iar combina\u021bia priceput\u0103 a dou\u0103 procese tehnologice, Imagine Foto 360\u00b0 \u0219i Laser Two-Tone, confer\u0103 brichetei un aspect elegant \u0219i sofisticat. Aceast\u0103 edi\u021bie limitat\u0103 reprezint\u0103 o pies\u0103 de colec\u021bie cu o semnifica\u021bie deosebit\u0103 pentru pasiona\u021bii de brichete Zippo \u0219i pentru cei care apreciaz\u0103 istoria \u0219i tradi\u021bia acestui brand iconic.<\/p>\n<p>Pute\u021bi achizi\u021biona bricheta Zippo Armor Limited Edition Car 48693 \u00een Moldova, Chi\u0219in\u0103u, \u00een re\u021beaua de magazine Tabacco House.<\/p>\n","protected":false},"excerpt":{"rendered":"<ul>\n<li>Corp Classic tradi\u021bional<\/li>\n<li>Garan\u021bie pe via\u021b\u0103<\/li>\n<li>Bricheta se livreaz\u0103 neumplut\u0103<\/li>\n<li>V\u0103 recomand\u0103m s\u0103 alimenta\u021bi numai combustibil Zippo de \u00eenalt\u0103 calitate<\/li>\n<\/ul>\n","protected":false},"featured_media":145546,"template":"","meta":{"om_disable_all_campaigns":false,"_monsterinsights_skip_tracking":false,"_monsterinsights_sitenote_active":false,"_monsterinsights_sitenote_note":"","_monsterinsights_sitenote_category":0},"product_brand":[],"product_cat":[175],"product_tag":[],"class_list":{"0":"post-120086","1":"product","2":"type-product","3":"status-publish","4":"has-post-thumbnail","6":"product_cat-brichete-zippo-2","8":"first","9":"outofstock","10":"taxable","11":"shipping-taxable","12":"purchasable","13":"product-type-simple"},"aioseo_notices":[],"aioseo_head":"\n\t\t<!-- All in One SEO Pro 4.9.5.2 - aioseo.com -->\n\t<meta name=\"description\" content=\"Bricheta Zippo Limited Edition Car 48693 rezistent\u0103 \u00een timp, reutilizabil\u0103 \u0219i cu garan\u021bie pe via\u021b\u0103. Cump\u0103ra\u021bi un brichet\u0103 Zippo la \u260e061-000-935.\" \/>\n\t<meta name=\"robots\" content=\"max-image-preview:large\" \/>\n\t<link rel=\"canonical\" href=\"https:\/\/tabaccomd.com\/ro\/product\/bricheta-zippo-limited-edition-car-48693\/\" \/>\n\t<meta name=\"generator\" content=\"All in One SEO Pro (AIOSEO) 4.9.5.2\" \/>\n\t\t<meta property=\"og:locale\" content=\"ro_RO\" \/>\n\t\t<meta property=\"og:site_name\" content=\"Tabacco House \u2013 \u041c\u0430\u0433\u0430\u0437\u0438\u043d \u0442\u0430\u0431\u0430\u0447\u043d\u044b\u0445 \u0438\u0437\u0434\u0435\u043b\u0438\u0439\" \/>\n\t\t<meta property=\"og:type\" content=\"article\" \/>\n\t\t<meta property=\"og:title\" content=\"48693 Zippo Armor Limited Edition Car \u2013 Tabacco House\" \/>\n\t\t<meta property=\"og:description\" content=\"Bricheta Zippo Limited Edition Car 48693 rezistent\u0103 \u00een timp, reutilizabil\u0103 \u0219i cu garan\u021bie pe via\u021b\u0103. Cump\u0103ra\u021bi un brichet\u0103 Zippo la \u260e061-000-935.\" \/>\n\t\t<meta property=\"og:url\" content=\"https:\/\/tabaccomd.com\/ro\/product\/bricheta-zippo-limited-edition-car-48693\/\" \/>\n\t\t<meta property=\"article:published_time\" content=\"2023-06-10T19:20:23+00:00\" \/>\n\t\t<meta property=\"article:modified_time\" content=\"2025-01-08T10:14:35+00:00\" \/>\n\t\t<meta property=\"article:publisher\" content=\"https:\/\/www.facebook.com\/tabaccomd.com\/\" \/>\n\t\t<meta name=\"twitter:card\" content=\"summary_large_image\" \/>\n\t\t<meta name=\"twitter:title\" content=\"48693 Zippo Armor Limited Edition Car \u2013 Tabacco House\" \/>\n\t\t<meta name=\"twitter:description\" content=\"Bricheta Zippo Limited Edition Car 48693 rezistent\u0103 \u00een timp, reutilizabil\u0103 \u0219i cu garan\u021bie pe via\u021b\u0103. Cump\u0103ra\u021bi un brichet\u0103 Zippo la \u260e061-000-935.\" \/>\n\t\t<script type=\"application\/ld+json\" class=\"aioseo-schema\">\n\t\t\t{\"@context\":\"https:\\\/\\\/schema.org\",\"@graph\":[{\"@type\":\"BreadcrumbList\",\"@id\":\"https:\\\/\\\/tabaccomd.com\\\/ro\\\/product\\\/bricheta-zippo-limited-edition-car-48693\\\/#breadcrumblist\",\"itemListElement\":[{\"@type\":\"ListItem\",\"@id\":\"https:\\\/\\\/tabaccomd.com\\\/ro\\\/#listItem\",\"position\":1,\"name\":\"\\u0413\\u043b\\u0430\\u0432\\u043d\\u0430\\u044f\",\"item\":\"https:\\\/\\\/tabaccomd.com\\\/ro\\\/\",\"nextItem\":{\"@type\":\"ListItem\",\"@id\":\"https:\\\/\\\/tabaccomd.com\\\/ro\\\/catalog\\\/#listItem\",\"name\":\"Catalog\"}},{\"@type\":\"ListItem\",\"@id\":\"https:\\\/\\\/tabaccomd.com\\\/ro\\\/catalog\\\/#listItem\",\"position\":2,\"name\":\"Catalog\",\"item\":\"https:\\\/\\\/tabaccomd.com\\\/ro\\\/catalog\\\/\",\"nextItem\":{\"@type\":\"ListItem\",\"@id\":\"https:\\\/\\\/tabaccomd.com\\\/ro\\\/product-category\\\/brichete\\\/#listItem\",\"name\":\"Brichete\"},\"previousItem\":{\"@type\":\"ListItem\",\"@id\":\"https:\\\/\\\/tabaccomd.com\\\/ro\\\/#listItem\",\"name\":\"\\u0413\\u043b\\u0430\\u0432\\u043d\\u0430\\u044f\"}},{\"@type\":\"ListItem\",\"@id\":\"https:\\\/\\\/tabaccomd.com\\\/ro\\\/product-category\\\/brichete\\\/#listItem\",\"position\":3,\"name\":\"Brichete\",\"item\":\"https:\\\/\\\/tabaccomd.com\\\/ro\\\/product-category\\\/brichete\\\/\",\"nextItem\":{\"@type\":\"ListItem\",\"@id\":\"https:\\\/\\\/tabaccomd.com\\\/ro\\\/product-category\\\/brichete\\\/brichete-zippo-2\\\/#listItem\",\"name\":\"Brichete Zippo\"},\"previousItem\":{\"@type\":\"ListItem\",\"@id\":\"https:\\\/\\\/tabaccomd.com\\\/ro\\\/catalog\\\/#listItem\",\"name\":\"Catalog\"}},{\"@type\":\"ListItem\",\"@id\":\"https:\\\/\\\/tabaccomd.com\\\/ro\\\/product-category\\\/brichete\\\/brichete-zippo-2\\\/#listItem\",\"position\":4,\"name\":\"Brichete Zippo\",\"item\":\"https:\\\/\\\/tabaccomd.com\\\/ro\\\/product-category\\\/brichete\\\/brichete-zippo-2\\\/\",\"nextItem\":{\"@type\":\"ListItem\",\"@id\":\"https:\\\/\\\/tabaccomd.com\\\/ro\\\/product\\\/bricheta-zippo-limited-edition-car-48693\\\/#listItem\",\"name\":\"48693 Zippo Armor Limited Edition Car\"},\"previousItem\":{\"@type\":\"ListItem\",\"@id\":\"https:\\\/\\\/tabaccomd.com\\\/ro\\\/product-category\\\/brichete\\\/#listItem\",\"name\":\"Brichete\"}},{\"@type\":\"ListItem\",\"@id\":\"https:\\\/\\\/tabaccomd.com\\\/ro\\\/product\\\/bricheta-zippo-limited-edition-car-48693\\\/#listItem\",\"position\":5,\"name\":\"48693 Zippo Armor Limited Edition Car\",\"previousItem\":{\"@type\":\"ListItem\",\"@id\":\"https:\\\/\\\/tabaccomd.com\\\/ro\\\/product-category\\\/brichete\\\/brichete-zippo-2\\\/#listItem\",\"name\":\"Brichete Zippo\"}}]},{\"@type\":\"Organization\",\"@id\":\"https:\\\/\\\/tabaccomd.com\\\/ro\\\/#organization\",\"name\":\"Tabacco House\",\"description\":\"\\u041c\\u0430\\u0433\\u0430\\u0437\\u0438\\u043d \\u0442\\u0430\\u0431\\u0430\\u0447\\u043d\\u044b\\u0445 \\u0438\\u0437\\u0434\\u0435\\u043b\\u0438\\u0439\",\"url\":\"https:\\\/\\\/tabaccomd.com\\\/ro\\\/\",\"email\":\"Office@cazacuhouse.com\",\"telephone\":\"+37361000935\",\"logo\":{\"@type\":\"ImageObject\",\"url\":\"https:\\\/\\\/tabaccomd.com\\\/wp-content\\\/uploads\\\/2024\\\/02\\\/logo_header3.png\",\"@id\":\"https:\\\/\\\/tabaccomd.com\\\/ro\\\/product\\\/bricheta-zippo-limited-edition-car-48693\\\/#organizationLogo\",\"width\":32,\"height\":32,\"caption\":\"Tabacco House\"},\"image\":{\"@id\":\"https:\\\/\\\/tabaccomd.com\\\/ro\\\/product\\\/bricheta-zippo-limited-edition-car-48693\\\/#organizationLogo\"},\"sameAs\":[\"https:\\\/\\\/www.facebook.com\\\/tabaccomd.com\\\/\",\"https:\\\/\\\/www.instagram.com\\\/tabaccomd.com\\\/\"],\"address\":{\"@id\":\"https:\\\/\\\/tabaccomd.com\\\/ro\\\/#postaladdress\",\"@type\":\"PostalAddress\",\"streetAddress\":\"Strada Albi\\u015foara 4, Chi\\u0219in\\u0103u, Bulevardul \\u0218tefan cel Mare \\u0219i Sf\\u00eent 136, Chi\\u0219in\\u0103u\",\"addressLocality\":\"Chi\\u0219in\\u0103u\",\"addressCountry\":\"MD\"}},{\"@type\":\"Product\",\"@id\":\"https:\\\/\\\/tabaccomd.com\\\/ro\\\/product\\\/bricheta-zippo-limited-edition-car-48693\\\/#wooCommerceProduct\",\"name\":\"48693 Zippo Armor Limited Edition Car\",\"description\":\"Corp Classic tradi\\u021bional\\r\\n \\tGaran\\u021bie pe via\\u021b\\u0103\\r\\n \\tBricheta se livreaz\\u0103 neumplut\\u0103\\r\\n \\tV\\u0103 recomand\\u0103m s\\u0103 alimenta\\u021bi numai combustibil Zippo de \\u00eenalt\\u0103 calitate\",\"url\":\"https:\\\/\\\/tabaccomd.com\\\/ro\\\/product\\\/bricheta-zippo-limited-edition-car-48693\\\/\",\"sku\":\"48693\",\"image\":{\"@type\":\"ImageObject\",\"url\":\"https:\\\/\\\/tabaccomd.com\\\/wp-content\\\/uploads\\\/2023\\\/06\\\/48693-Zippo-Armor-Limited-Edition-Car-4.jpg\",\"@id\":\"https:\\\/\\\/tabaccomd.com\\\/ro\\\/product\\\/bricheta-zippo-limited-edition-car-48693\\\/#productImage\",\"width\":1070,\"height\":1070,\"caption\":\"48693-Zippo-Armor-Limited-Edition-Car-4\"},\"offers\":{\"@type\":\"Offer\",\"url\":\"https:\\\/\\\/tabaccomd.com\\\/ro\\\/product\\\/bricheta-zippo-limited-edition-car-48693\\\/#wooCommerceOffer\",\"price\":3900,\"priceCurrency\":\"MDL\",\"category\":\"Brichete Zippo\",\"availability\":\"https:\\\/\\\/schema.org\\\/OutOfStock\",\"priceSpecification\":{\"@type\":\"PriceSpecification\",\"price\":3900,\"priceCurrency\":\"MDL\",\"valueAddedTaxIncluded\":\"true\"},\"seller\":{\"@type\":\"Organization\",\"@id\":\"https:\\\/\\\/tabaccomd.com\\\/ro\\\/#organization\"}}},{\"@type\":\"WebPage\",\"@id\":\"https:\\\/\\\/tabaccomd.com\\\/ro\\\/product\\\/bricheta-zippo-limited-edition-car-48693\\\/#webpage\",\"url\":\"https:\\\/\\\/tabaccomd.com\\\/ro\\\/product\\\/bricheta-zippo-limited-edition-car-48693\\\/\",\"name\":\"48693 Zippo Armor Limited Edition Car \\u2013 Tabacco House\",\"description\":\"Bricheta Zippo Limited Edition Car 48693 rezistent\\u0103 \\u00een timp, reutilizabil\\u0103 \\u0219i cu garan\\u021bie pe via\\u021b\\u0103. Cump\\u0103ra\\u021bi un brichet\\u0103 Zippo la \\u260e061-000-935.\",\"inLanguage\":\"ro-RO\",\"isPartOf\":{\"@id\":\"https:\\\/\\\/tabaccomd.com\\\/ro\\\/#website\"},\"breadcrumb\":{\"@id\":\"https:\\\/\\\/tabaccomd.com\\\/ro\\\/product\\\/bricheta-zippo-limited-edition-car-48693\\\/#breadcrumblist\"},\"image\":{\"@type\":\"ImageObject\",\"url\":\"https:\\\/\\\/tabaccomd.com\\\/wp-content\\\/uploads\\\/2023\\\/06\\\/48693-Zippo-Armor-Limited-Edition-Car-4.jpg\",\"@id\":\"https:\\\/\\\/tabaccomd.com\\\/ro\\\/product\\\/bricheta-zippo-limited-edition-car-48693\\\/#mainImage\",\"width\":1070,\"height\":1070,\"caption\":\"48693-Zippo-Armor-Limited-Edition-Car-4\"},\"primaryImageOfPage\":{\"@id\":\"https:\\\/\\\/tabaccomd.com\\\/ro\\\/product\\\/bricheta-zippo-limited-edition-car-48693\\\/#mainImage\"},\"datePublished\":\"2023-06-10T22:20:23+03:00\",\"dateModified\":\"2025-01-08T13:14:35+03:00\"},{\"@type\":\"WebSite\",\"@id\":\"https:\\\/\\\/tabaccomd.com\\\/ro\\\/#website\",\"url\":\"https:\\\/\\\/tabaccomd.com\\\/ro\\\/\",\"name\":\"Tabacco House\",\"alternateName\":\"tobaccomd.com\",\"description\":\"\\u041c\\u0430\\u0433\\u0430\\u0437\\u0438\\u043d \\u0442\\u0430\\u0431\\u0430\\u0447\\u043d\\u044b\\u0445 \\u0438\\u0437\\u0434\\u0435\\u043b\\u0438\\u0439\",\"inLanguage\":\"ro-RO\",\"publisher\":{\"@id\":\"https:\\\/\\\/tabaccomd.com\\\/ro\\\/#organization\"}}]}\n\t\t<\/script>\n\t\t<!-- All in One SEO Pro -->\r\n\t\t<title>48693 Zippo Armor Limited Edition Car \u2013 Tabacco House<\/title>\n\n","aioseo_head_json":{"title":"48693 Zippo Armor Limited Edition Car \u2013 Tabacco House","description":"Bricheta Zippo Limited Edition Car 48693 rezistent\u0103 \u00een timp, reutilizabil\u0103 \u0219i cu garan\u021bie pe via\u021b\u0103. Cump\u0103ra\u021bi un brichet\u0103 Zippo la \u260e061-000-935.","canonical_url":"https:\/\/tabaccomd.com\/ro\/product\/bricheta-zippo-limited-edition-car-48693\/","robots":"max-image-preview:large","keywords":"","webmasterTools":{"miscellaneous":""},"schema":{"@context":"https:\/\/schema.org","@graph":[{"@type":"BreadcrumbList","@id":"https:\/\/tabaccomd.com\/ro\/product\/bricheta-zippo-limited-edition-car-48693\/#breadcrumblist","itemListElement":[{"@type":"ListItem","@id":"https:\/\/tabaccomd.com\/ro\/#listItem","position":1,"name":"\u0413\u043b\u0430\u0432\u043d\u0430\u044f","item":"https:\/\/tabaccomd.com\/ro\/","nextItem":{"@type":"ListItem","@id":"https:\/\/tabaccomd.com\/ro\/catalog\/#listItem","name":"Catalog"}},{"@type":"ListItem","@id":"https:\/\/tabaccomd.com\/ro\/catalog\/#listItem","position":2,"name":"Catalog","item":"https:\/\/tabaccomd.com\/ro\/catalog\/","nextItem":{"@type":"ListItem","@id":"https:\/\/tabaccomd.com\/ro\/product-category\/brichete\/#listItem","name":"Brichete"},"previousItem":{"@type":"ListItem","@id":"https:\/\/tabaccomd.com\/ro\/#listItem","name":"\u0413\u043b\u0430\u0432\u043d\u0430\u044f"}},{"@type":"ListItem","@id":"https:\/\/tabaccomd.com\/ro\/product-category\/brichete\/#listItem","position":3,"name":"Brichete","item":"https:\/\/tabaccomd.com\/ro\/product-category\/brichete\/","nextItem":{"@type":"ListItem","@id":"https:\/\/tabaccomd.com\/ro\/product-category\/brichete\/brichete-zippo-2\/#listItem","name":"Brichete Zippo"},"previousItem":{"@type":"ListItem","@id":"https:\/\/tabaccomd.com\/ro\/catalog\/#listItem","name":"Catalog"}},{"@type":"ListItem","@id":"https:\/\/tabaccomd.com\/ro\/product-category\/brichete\/brichete-zippo-2\/#listItem","position":4,"name":"Brichete Zippo","item":"https:\/\/tabaccomd.com\/ro\/product-category\/brichete\/brichete-zippo-2\/","nextItem":{"@type":"ListItem","@id":"https:\/\/tabaccomd.com\/ro\/product\/bricheta-zippo-limited-edition-car-48693\/#listItem","name":"48693 Zippo Armor Limited Edition Car"},"previousItem":{"@type":"ListItem","@id":"https:\/\/tabaccomd.com\/ro\/product-category\/brichete\/#listItem","name":"Brichete"}},{"@type":"ListItem","@id":"https:\/\/tabaccomd.com\/ro\/product\/bricheta-zippo-limited-edition-car-48693\/#listItem","position":5,"name":"48693 Zippo Armor Limited Edition Car","previousItem":{"@type":"ListItem","@id":"https:\/\/tabaccomd.com\/ro\/product-category\/brichete\/brichete-zippo-2\/#listItem","name":"Brichete Zippo"}}]},{"@type":"Organization","@id":"https:\/\/tabaccomd.com\/ro\/#organization","name":"Tabacco House","description":"\u041c\u0430\u0433\u0430\u0437\u0438\u043d \u0442\u0430\u0431\u0430\u0447\u043d\u044b\u0445 \u0438\u0437\u0434\u0435\u043b\u0438\u0439","url":"https:\/\/tabaccomd.com\/ro\/","email":"Office@cazacuhouse.com","telephone":"+37361000935","logo":{"@type":"ImageObject","url":"https:\/\/tabaccomd.com\/wp-content\/uploads\/2024\/02\/logo_header3.png","@id":"https:\/\/tabaccomd.com\/ro\/product\/bricheta-zippo-limited-edition-car-48693\/#organizationLogo","width":32,"height":32,"caption":"Tabacco House"},"image":{"@id":"https:\/\/tabaccomd.com\/ro\/product\/bricheta-zippo-limited-edition-car-48693\/#organizationLogo"},"sameAs":["https:\/\/www.facebook.com\/tabaccomd.com\/","https:\/\/www.instagram.com\/tabaccomd.com\/"],"address":{"@id":"https:\/\/tabaccomd.com\/ro\/#postaladdress","@type":"PostalAddress","streetAddress":"Strada Albi\u015foara 4, Chi\u0219in\u0103u, Bulevardul \u0218tefan cel Mare \u0219i Sf\u00eent 136, Chi\u0219in\u0103u","addressLocality":"Chi\u0219in\u0103u","addressCountry":"MD"}},{"@type":"Product","@id":"https:\/\/tabaccomd.com\/ro\/product\/bricheta-zippo-limited-edition-car-48693\/#wooCommerceProduct","name":"48693 Zippo Armor Limited Edition Car","description":"Corp Classic tradi\u021bional\r\n \tGaran\u021bie pe via\u021b\u0103\r\n \tBricheta se livreaz\u0103 neumplut\u0103\r\n \tV\u0103 recomand\u0103m s\u0103 alimenta\u021bi numai combustibil Zippo de \u00eenalt\u0103 calitate","url":"https:\/\/tabaccomd.com\/ro\/product\/bricheta-zippo-limited-edition-car-48693\/","sku":"48693","image":{"@type":"ImageObject","url":"https:\/\/tabaccomd.com\/wp-content\/uploads\/2023\/06\/48693-Zippo-Armor-Limited-Edition-Car-4.jpg","@id":"https:\/\/tabaccomd.com\/ro\/product\/bricheta-zippo-limited-edition-car-48693\/#productImage","width":1070,"height":1070,"caption":"48693-Zippo-Armor-Limited-Edition-Car-4"},"offers":{"@type":"Offer","url":"https:\/\/tabaccomd.com\/ro\/product\/bricheta-zippo-limited-edition-car-48693\/#wooCommerceOffer","price":3900,"priceCurrency":"MDL","category":"Brichete Zippo","availability":"https:\/\/schema.org\/OutOfStock","priceSpecification":{"@type":"PriceSpecification","price":3900,"priceCurrency":"MDL","valueAddedTaxIncluded":"true"},"seller":{"@type":"Organization","@id":"https:\/\/tabaccomd.com\/ro\/#organization"}}},{"@type":"WebPage","@id":"https:\/\/tabaccomd.com\/ro\/product\/bricheta-zippo-limited-edition-car-48693\/#webpage","url":"https:\/\/tabaccomd.com\/ro\/product\/bricheta-zippo-limited-edition-car-48693\/","name":"48693 Zippo Armor Limited Edition Car \u2013 Tabacco House","description":"Bricheta Zippo Limited Edition Car 48693 rezistent\u0103 \u00een timp, reutilizabil\u0103 \u0219i cu garan\u021bie pe via\u021b\u0103. Cump\u0103ra\u021bi un brichet\u0103 Zippo la \u260e061-000-935.","inLanguage":"ro-RO","isPartOf":{"@id":"https:\/\/tabaccomd.com\/ro\/#website"},"breadcrumb":{"@id":"https:\/\/tabaccomd.com\/ro\/product\/bricheta-zippo-limited-edition-car-48693\/#breadcrumblist"},"image":{"@type":"ImageObject","url":"https:\/\/tabaccomd.com\/wp-content\/uploads\/2023\/06\/48693-Zippo-Armor-Limited-Edition-Car-4.jpg","@id":"https:\/\/tabaccomd.com\/ro\/product\/bricheta-zippo-limited-edition-car-48693\/#mainImage","width":1070,"height":1070,"caption":"48693-Zippo-Armor-Limited-Edition-Car-4"},"primaryImageOfPage":{"@id":"https:\/\/tabaccomd.com\/ro\/product\/bricheta-zippo-limited-edition-car-48693\/#mainImage"},"datePublished":"2023-06-10T22:20:23+03:00","dateModified":"2025-01-08T13:14:35+03:00"},{"@type":"WebSite","@id":"https:\/\/tabaccomd.com\/ro\/#website","url":"https:\/\/tabaccomd.com\/ro\/","name":"Tabacco House","alternateName":"tobaccomd.com","description":"\u041c\u0430\u0433\u0430\u0437\u0438\u043d \u0442\u0430\u0431\u0430\u0447\u043d\u044b\u0445 \u0438\u0437\u0434\u0435\u043b\u0438\u0439","inLanguage":"ro-RO","publisher":{"@id":"https:\/\/tabaccomd.com\/ro\/#organization"}}]},"og:locale":"ro_RO","og:site_name":"Tabacco House \u2013 \u041c\u0430\u0433\u0430\u0437\u0438\u043d \u0442\u0430\u0431\u0430\u0447\u043d\u044b\u0445 \u0438\u0437\u0434\u0435\u043b\u0438\u0439","og:type":"article","og:title":"48693 Zippo Armor Limited Edition Car \u2013 Tabacco House","og:description":"Bricheta Zippo Limited Edition Car 48693 rezistent\u0103 \u00een timp, reutilizabil\u0103 \u0219i cu garan\u021bie pe via\u021b\u0103. Cump\u0103ra\u021bi un brichet\u0103 Zippo la \u260e061-000-935.","og:url":"https:\/\/tabaccomd.com\/ro\/product\/bricheta-zippo-limited-edition-car-48693\/","article:published_time":"2023-06-10T19:20:23+00:00","article:modified_time":"2025-01-08T10:14:35+00:00","article:publisher":"https:\/\/www.facebook.com\/tabaccomd.com\/","twitter:card":"summary_large_image","twitter:title":"48693 Zippo Armor Limited Edition Car \u2013 Tabacco House","twitter:description":"Bricheta Zippo Limited Edition Car 48693 rezistent\u0103 \u00een timp, reutilizabil\u0103 \u0219i cu garan\u021bie pe via\u021b\u0103. Cump\u0103ra\u021bi un brichet\u0103 Zippo la \u260e061-000-935."},"aioseo_meta_data":{"post_id":"120086","title":null,"description":"Bricheta Zippo Limited Edition Car 48693 rezistent\u0103 \u00een timp, reutilizabil\u0103 \u0219i cu garan\u021bie pe via\u021b\u0103. Cump\u0103ra\u021bi un brichet\u0103 Zippo la \u260e061-000-935.","keywords":[],"keyphrases":{"focus":{"keyphrase":" Bricheta Zippo Limited Edition Car 48693","score":78,"analysis":{"keyphraseInTitle":{"score":9,"maxScore":9,"error":0},"keyphraseInDescription":{"score":9,"maxScore":9,"error":0},"keyphraseLength":{"score":6,"maxScore":9,"error":1,"length":5},"keyphraseInURL":{"score":5,"maxScore":5,"error":0},"keyphraseInIntroduction":{"score":3,"maxScore":9,"error":1},"keyphraseInSubHeadings":[],"keyphraseInImageAlt":[]}},"additional":[]},"primary_term":null,"canonical_url":null,"og_title":null,"og_description":null,"og_object_type":"default","og_image_type":"default","og_image_url":null,"og_image_width":null,"og_image_height":null,"og_image_custom_url":null,"og_image_custom_fields":null,"og_video":"","og_custom_url":null,"og_article_section":null,"og_article_tags":[],"twitter_use_og":false,"twitter_card":"default","twitter_image_type":"default","twitter_image_url":null,"twitter_image_custom_url":null,"twitter_image_custom_fields":null,"twitter_title":null,"twitter_description":null,"schema":{"blockGraphs":[],"customGraphs":[],"default":{"data":{"Article":[],"Course":[],"Dataset":[],"FAQPage":[],"Movie":[],"Person":[],"Product":[],"ProductReview":[],"Car":[],"Recipe":[],"Service":[],"SoftwareApplication":[],"WebPage":[]},"graphName":"ItemPage","isEnabled":true},"graphs":[]},"schema_type":"default","schema_type_options":null,"pillar_content":false,"robots_default":true,"robots_noindex":false,"robots_noarchive":false,"robots_nosnippet":false,"robots_nofollow":false,"robots_noimageindex":false,"robots_noodp":false,"robots_notranslate":false,"robots_max_snippet":"-1","robots_max_videopreview":"-1","robots_max_imagepreview":"large","priority":null,"frequency":"default","local_seo":null,"seo_analyzer_scan_date":"2025-10-20 08:08:43","breadcrumb_settings":null,"limit_modified_date":false,"reviewed_by":null,"open_ai":null,"ai":null,"created":"2023-06-10 19:46:13","updated":"2025-10-20 08:08:43"},"aioseo_breadcrumb":"<div class=\"aioseo-breadcrumbs\"><span class=\"aioseo-breadcrumb\">\n\t<a href=\"https:\/\/tabaccomd.com\/ro\/\" title=\"\u0413\u043b\u0430\u0432\u043d\u0430\u044f\">\u0413\u043b\u0430\u0432\u043d\u0430\u044f<\/a>\n<\/span><span class=\"aioseo-breadcrumb-separator\">\u00bb<\/span><span class=\"aioseo-breadcrumb\">\n\t<a href=\"https:\/\/tabaccomd.com\/ro\/catalog\/\" title=\"Catalog\">Catalog<\/a>\n<\/span><span class=\"aioseo-breadcrumb-separator\">\u00bb<\/span><span class=\"aioseo-breadcrumb\">\n\t<a href=\"https:\/\/tabaccomd.com\/ro\/product-category\/brichete\/\" title=\"Brichete\">Brichete<\/a>\n<\/span><span class=\"aioseo-breadcrumb-separator\">\u00bb<\/span><span class=\"aioseo-breadcrumb\">\n\t<a href=\"https:\/\/tabaccomd.com\/ro\/product-category\/brichete\/brichete-zippo-2\/\" title=\"Brichete Zippo\">Brichete Zippo<\/a>\n<\/span><span class=\"aioseo-breadcrumb-separator\">\u00bb<\/span><span class=\"aioseo-breadcrumb\">\n\t48693 Zippo Armor Limited Edition Car\n<\/span><\/div>","aioseo_breadcrumb_json":[{"label":"\u0413\u043b\u0430\u0432\u043d\u0430\u044f","link":"https:\/\/tabaccomd.com\/ro\/"},{"label":"Catalog","link":"https:\/\/tabaccomd.com\/ro\/catalog\/"},{"label":"Brichete","link":"https:\/\/tabaccomd.com\/ro\/product-category\/brichete\/"},{"label":"Brichete Zippo","link":"https:\/\/tabaccomd.com\/ro\/product-category\/brichete\/brichete-zippo-2\/"},{"label":"48693 Zippo Armor Limited Edition Car","link":"https:\/\/tabaccomd.com\/ro\/product\/bricheta-zippo-limited-edition-car-48693\/"}],"images_for_1c":[{"url":"https:\/\/tabaccomd.com\/wp-content\/uploads\/2023\/06\/48693-Zippo-Armor-Limited-Edition-Car-4.jpg","type":"featured","alt":"48693-Zippo-Armor-Limited-Edition-Car-4","filename":"48693-Zippo-Armor-Limited-Edition-Car-4.jpg"},{"url":"https:\/\/tabaccomd.com\/wp-content\/uploads\/2023\/06\/48693-Zippo-Armor-Limited-Edition-Car-1.jpg","type":"gallery","alt":"48693-Zippo-Armor-Limited-Edition-Car-1","filename":"48693-Zippo-Armor-Limited-Edition-Car-1.jpg"},{"url":"https:\/\/tabaccomd.com\/wp-content\/uploads\/2023\/06\/48693-Zippo-Armor-Limited-Edition-Car-0.jpg","type":"gallery","alt":"48693-Zippo-Armor-Limited-Edition-Car-0","filename":"48693-Zippo-Armor-Limited-Edition-Car-0.jpg"},{"url":"https:\/\/tabaccomd.com\/wp-content\/uploads\/2023\/06\/48693-Zippo-Armor-Limited-Edition-Car-2.jpg","type":"gallery","alt":"48693-Zippo-Armor-Limited-Edition-Car-2","filename":"48693-Zippo-Armor-Limited-Edition-Car-2.jpg"},{"url":"https:\/\/tabaccomd.com\/wp-content\/uploads\/2023\/06\/48693-Zippo-Armor-Limited-Edition-Car-3.jpg","type":"gallery","alt":"48693-Zippo-Armor-Limited-Edition-Car-3","filename":"48693-Zippo-Armor-Limited-Edition-Car-3.jpg"}],"additional_data_1c":{"modified_date":"2025-01-08 13:14:35","permalink":"https:\/\/tabaccomd.com\/ro\/product\/bricheta-zippo-limited-edition-car-48693\/","stock_status":"outofstock","manage_stock":"no"},"_links":{"self":[{"href":"https:\/\/tabaccomd.com\/ro\/wp-json\/wp\/v2\/product\/120086","targetHints":{"allow":["GET"]}}],"collection":[{"href":"https:\/\/tabaccomd.com\/ro\/wp-json\/wp\/v2\/product"}],"about":[{"href":"https:\/\/tabaccomd.com\/ro\/wp-json\/wp\/v2\/types\/product"}],"wp:featuredmedia":[{"embeddable":true,"href":"https:\/\/tabaccomd.com\/ro\/wp-json\/wp\/v2\/media\/145546"}],"wp:attachment":[{"href":"https:\/\/tabaccomd.com\/ro\/wp-json\/wp\/v2\/media?parent=120086"}],"wp:term":[{"taxonomy":"product_brand","embeddable":true,"href":"https:\/\/tabaccomd.com\/ro\/wp-json\/wp\/v2\/product_brand?post=120086"},{"taxonomy":"product_cat","embeddable":true,"href":"https:\/\/tabaccomd.com\/ro\/wp-json\/wp\/v2\/product_cat?post=120086"},{"taxonomy":"product_tag","embeddable":true,"href":"https:\/\/tabaccomd.com\/ro\/wp-json\/wp\/v2\/product_tag?post=120086"}],"curies":[{"name":"wp","href":"https:\/\/api.w.org\/{rel}","templated":true}]}}