{"id":119402,"date":"2026-01-06T15:41:54","date_gmt":"2026-01-06T12:41:54","guid":{"rendered":"https:\/\/new124.tabaccomd.com\/?post_type=product&#038;p=119402"},"modified":"2026-02-04T15:23:52","modified_gmt":"2026-02-04T12:23:52","slug":"set-sky-turbo-bricheta-si-ghilotina-238357","status":"publish","type":"product","link":"https:\/\/tabaccomd.com\/ro\/product\/set-sky-turbo-bricheta-si-ghilotina-238357\/","title":{"rendered":"Set SKY &#8222;Turbo brichet\u0103 \u0219i ghilotin\u0103&#8221; 238357"},"content":{"rendered":"<p>Acest set elegant ofer\u0103 dou\u0103 accesorii ideale pentru experien\u021ba suprem\u0103 de fumat: o <a href=\"https:\/\/tabaccomd.com\/ro\/categorie-produs\/brichete\/brichete-de-gaz-2\/\">brichet\u0103<\/a> cromat\u0103 cu o flac\u0103r\u0103 albastr\u0103 unic\u0103 \u0219i un t\u0103ietor de trabucuri elegant, coordonat \u00een culori. Este cadoul perfect at\u00e2t pentru \u00eencep\u0103tori, c\u00e2t \u0219i pentru iubitorii de trabucuri experimenta\u021bi, aduc\u00e2nd pl\u0103cere \u0219i stil fiec\u0103rui moment de fumat.<\/p>\n<p>Pute\u021bi achizi\u021biona setul SKY &#8222;Turbo brichet\u0103 \u0219i ghilotin\u0103&#8221; 238357 \u00een Moldova, Chi\u0219in\u0103u, \u00een re\u021beaua de magazine Tabacco House.<\/p>\n","protected":false},"excerpt":{"rendered":"<ul>\n<li>3-jet flac\u0103r\u0103<\/li>\n<li>Ghilotin\u0103 de t\u0103iat trabucuri dubl\u0103<\/li>\n<li>T\u0103iere p\u00e2n\u0103 la 22 mm<\/li>\n<li>Inel calibru: 55<\/li>\n<li>Material: Metal<\/li>\n<li>Produc\u0103tor: Sky, Germania<\/li>\n<\/ul>\n","protected":false},"featured_media":156543,"template":"","meta":{"om_disable_all_campaigns":false,"_monsterinsights_skip_tracking":false,"_monsterinsights_sitenote_active":false,"_monsterinsights_sitenote_note":"","_monsterinsights_sitenote_category":0},"product_brand":[],"product_cat":[162,173],"product_tag":[],"class_list":{"0":"post-119402","1":"product","2":"type-product","3":"status-publish","4":"has-post-thumbnail","6":"product_cat-ghilotina-2","7":"product_cat-brichete-de-gaz","9":"first","10":"instock","11":"taxable","12":"shipping-taxable","13":"purchasable","14":"product-type-simple"},"aioseo_notices":[],"aioseo_head":"\n\t\t<!-- All in One SEO Pro 4.9.6.2 - aioseo.com -->\n\t<meta name=\"description\" content=\"Set SKY \u201eTurbo brichet\u0103 \u0219i ghilotin\u0103\u201d 238357 \u00een Chi\u0219in\u0103u cu livrare. \u260e 061-000-935 Site-ul nostru tabaccomd.com ofer\u0103 o gam\u0103 larg\u0103 de trabucuri, cigarillos, umidificatoare, ghilotine, brichete, chibrituri, chibrituri pentru trabucuri, scrumiere pentru trabucuri.\u2b50\u2b50\u2b50\u2b50\u2b50\" \/>\n\t<meta name=\"robots\" content=\"max-image-preview:large\" \/>\n\t<link rel=\"canonical\" href=\"https:\/\/tabaccomd.com\/ro\/product\/set-sky-turbo-bricheta-si-ghilotina-238357\/\" \/>\n\t<meta name=\"generator\" content=\"All in One SEO Pro (AIOSEO) 4.9.6.2\" \/>\n\t\t<meta property=\"og:locale\" content=\"ro_RO\" \/>\n\t\t<meta property=\"og:site_name\" content=\"Tabacco House \u2013 \u041c\u0430\u0433\u0430\u0437\u0438\u043d \u0442\u0430\u0431\u0430\u0447\u043d\u044b\u0445 \u0438\u0437\u0434\u0435\u043b\u0438\u0439\" \/>\n\t\t<meta property=\"og:type\" content=\"article\" \/>\n\t\t<meta property=\"og:title\" content=\"Set SKY \u201eTurbo brichet\u0103 \u0219i ghilotin\u0103\u201d 238357 cump\u0103ra\u021bi \u00een Chi\u0219in\u0103u \u2b50 \u2013 Tabacco House\" \/>\n\t\t<meta property=\"og:description\" content=\"Set SKY \u201eTurbo brichet\u0103 \u0219i ghilotin\u0103\u201d 238357 \u00een Chi\u0219in\u0103u cu livrare. \u260e 061-000-935 Site-ul nostru tabaccomd.com ofer\u0103 o gam\u0103 larg\u0103 de trabucuri, cigarillos, umidificatoare, ghilotine, brichete, chibrituri, chibrituri pentru trabucuri, scrumiere pentru trabucuri.\u2b50\u2b50\u2b50\u2b50\u2b50\" \/>\n\t\t<meta property=\"og:url\" content=\"https:\/\/tabaccomd.com\/ro\/product\/set-sky-turbo-bricheta-si-ghilotina-238357\/\" \/>\n\t\t<meta property=\"article:published_time\" content=\"2026-01-06T12:41:54+00:00\" \/>\n\t\t<meta property=\"article:modified_time\" content=\"2026-02-04T12:23:52+00:00\" \/>\n\t\t<meta property=\"article:publisher\" content=\"https:\/\/www.facebook.com\/tabaccomd.com\/\" \/>\n\t\t<meta name=\"twitter:card\" content=\"summary_large_image\" \/>\n\t\t<meta name=\"twitter:title\" content=\"Set SKY \u201eTurbo brichet\u0103 \u0219i ghilotin\u0103\u201d 238357 cump\u0103ra\u021bi \u00een Chi\u0219in\u0103u \u2b50 \u2013 Tabacco House\" \/>\n\t\t<meta name=\"twitter:description\" content=\"Set SKY \u201eTurbo brichet\u0103 \u0219i ghilotin\u0103\u201d 238357 \u00een Chi\u0219in\u0103u cu livrare. \u260e 061-000-935 Site-ul nostru tabaccomd.com ofer\u0103 o gam\u0103 larg\u0103 de trabucuri, cigarillos, umidificatoare, ghilotine, brichete, chibrituri, chibrituri pentru trabucuri, scrumiere pentru trabucuri.\u2b50\u2b50\u2b50\u2b50\u2b50\" \/>\n\t\t<script type=\"application\/ld+json\" class=\"aioseo-schema\">\n\t\t\t{\"@context\":\"https:\\\/\\\/schema.org\",\"@graph\":[{\"@type\":\"BreadcrumbList\",\"@id\":\"https:\\\/\\\/tabaccomd.com\\\/ro\\\/product\\\/set-sky-turbo-bricheta-si-ghilotina-238357\\\/#breadcrumblist\",\"itemListElement\":[{\"@type\":\"ListItem\",\"@id\":\"https:\\\/\\\/tabaccomd.com\\\/ro\\\/#listItem\",\"position\":1,\"name\":\"\\u0413\\u043b\\u0430\\u0432\\u043d\\u0430\\u044f\",\"item\":\"https:\\\/\\\/tabaccomd.com\\\/ro\\\/\",\"nextItem\":{\"@type\":\"ListItem\",\"@id\":\"https:\\\/\\\/tabaccomd.com\\\/ro\\\/catalog\\\/#listItem\",\"name\":\"Catalog\"}},{\"@type\":\"ListItem\",\"@id\":\"https:\\\/\\\/tabaccomd.com\\\/ro\\\/catalog\\\/#listItem\",\"position\":2,\"name\":\"Catalog\",\"item\":\"https:\\\/\\\/tabaccomd.com\\\/ro\\\/catalog\\\/\",\"nextItem\":{\"@type\":\"ListItem\",\"@id\":\"https:\\\/\\\/tabaccomd.com\\\/ro\\\/product-category\\\/brichete\\\/#listItem\",\"name\":\"Brichete\"},\"previousItem\":{\"@type\":\"ListItem\",\"@id\":\"https:\\\/\\\/tabaccomd.com\\\/ro\\\/#listItem\",\"name\":\"\\u0413\\u043b\\u0430\\u0432\\u043d\\u0430\\u044f\"}},{\"@type\":\"ListItem\",\"@id\":\"https:\\\/\\\/tabaccomd.com\\\/ro\\\/product-category\\\/brichete\\\/#listItem\",\"position\":3,\"name\":\"Brichete\",\"item\":\"https:\\\/\\\/tabaccomd.com\\\/ro\\\/product-category\\\/brichete\\\/\",\"nextItem\":{\"@type\":\"ListItem\",\"@id\":\"https:\\\/\\\/tabaccomd.com\\\/ro\\\/product-category\\\/brichete\\\/brichete-de-gaz\\\/#listItem\",\"name\":\"Brichete de gaz\"},\"previousItem\":{\"@type\":\"ListItem\",\"@id\":\"https:\\\/\\\/tabaccomd.com\\\/ro\\\/catalog\\\/#listItem\",\"name\":\"Catalog\"}},{\"@type\":\"ListItem\",\"@id\":\"https:\\\/\\\/tabaccomd.com\\\/ro\\\/product-category\\\/brichete\\\/brichete-de-gaz\\\/#listItem\",\"position\":4,\"name\":\"Brichete de gaz\",\"item\":\"https:\\\/\\\/tabaccomd.com\\\/ro\\\/product-category\\\/brichete\\\/brichete-de-gaz\\\/\",\"nextItem\":{\"@type\":\"ListItem\",\"@id\":\"https:\\\/\\\/tabaccomd.com\\\/ro\\\/product\\\/set-sky-turbo-bricheta-si-ghilotina-238357\\\/#listItem\",\"name\":\"Set SKY &#8222;Turbo brichet\\u0103 \\u0219i ghilotin\\u0103&#8221; 238357\"},\"previousItem\":{\"@type\":\"ListItem\",\"@id\":\"https:\\\/\\\/tabaccomd.com\\\/ro\\\/product-category\\\/brichete\\\/#listItem\",\"name\":\"Brichete\"}},{\"@type\":\"ListItem\",\"@id\":\"https:\\\/\\\/tabaccomd.com\\\/ro\\\/product\\\/set-sky-turbo-bricheta-si-ghilotina-238357\\\/#listItem\",\"position\":5,\"name\":\"Set SKY &#8222;Turbo brichet\\u0103 \\u0219i ghilotin\\u0103&#8221; 238357\",\"previousItem\":{\"@type\":\"ListItem\",\"@id\":\"https:\\\/\\\/tabaccomd.com\\\/ro\\\/product-category\\\/brichete\\\/brichete-de-gaz\\\/#listItem\",\"name\":\"Brichete de gaz\"}}]},{\"@type\":\"Organization\",\"@id\":\"https:\\\/\\\/tabaccomd.com\\\/ro\\\/#organization\",\"name\":\"Tabacco House\",\"description\":\"\\u041c\\u0430\\u0433\\u0430\\u0437\\u0438\\u043d \\u0442\\u0430\\u0431\\u0430\\u0447\\u043d\\u044b\\u0445 \\u0438\\u0437\\u0434\\u0435\\u043b\\u0438\\u0439\",\"url\":\"https:\\\/\\\/tabaccomd.com\\\/ro\\\/\",\"email\":\"Office@cazacuhouse.com\",\"telephone\":\"+37361000935\",\"logo\":{\"@type\":\"ImageObject\",\"url\":\"https:\\\/\\\/tabaccomd.com\\\/wp-content\\\/uploads\\\/2024\\\/02\\\/logo_header3.png\",\"@id\":\"https:\\\/\\\/tabaccomd.com\\\/ro\\\/product\\\/set-sky-turbo-bricheta-si-ghilotina-238357\\\/#organizationLogo\",\"width\":32,\"height\":32,\"caption\":\"Tabacco House\"},\"image\":{\"@id\":\"https:\\\/\\\/tabaccomd.com\\\/ro\\\/product\\\/set-sky-turbo-bricheta-si-ghilotina-238357\\\/#organizationLogo\"},\"sameAs\":[\"https:\\\/\\\/www.facebook.com\\\/tabaccomd.com\\\/\",\"https:\\\/\\\/www.instagram.com\\\/tabaccomd.com\\\/\"],\"address\":{\"@id\":\"https:\\\/\\\/tabaccomd.com\\\/ro\\\/#postaladdress\",\"@type\":\"PostalAddress\",\"streetAddress\":\"Strada Albi\\u015foara 4, Chi\\u0219in\\u0103u, Bulevardul \\u0218tefan cel Mare \\u0219i Sf\\u00eent 136, Chi\\u0219in\\u0103u\",\"addressLocality\":\"Chi\\u0219in\\u0103u\",\"addressCountry\":\"MD\"}},{\"@type\":\"Product\",\"@id\":\"https:\\\/\\\/tabaccomd.com\\\/ro\\\/product\\\/set-sky-turbo-bricheta-si-ghilotina-238357\\\/#wooCommerceProduct\",\"name\":\"Set SKY \\\"Turbo brichet\\u0103 \\u0219i ghilotin\\u0103\\\" 238357\",\"description\":\"3-jet flac\\u0103r\\u0103\\r\\n \\tGhilotin\\u0103 de t\\u0103iat trabucuri dubl\\u0103\\r\\n \\tT\\u0103iere p\\u00e2n\\u0103 la 22 mm\\r\\n \\tInel calibru: 55\\r\\n \\tMaterial: Metal\\r\\n \\tProduc\\u0103tor: Sky, Germania\",\"url\":\"https:\\\/\\\/tabaccomd.com\\\/ro\\\/product\\\/set-sky-turbo-bricheta-si-ghilotina-238357\\\/\",\"sku\":\"238357\",\"image\":{\"@type\":\"ImageObject\",\"url\":\"https:\\\/\\\/tabaccomd.com\\\/wp-content\\\/uploads\\\/2023\\\/06\\\/set-sky-black-chrome-238357-turbo-cutter-lighter.jpg\",\"@id\":\"https:\\\/\\\/tabaccomd.com\\\/ro\\\/product\\\/set-sky-turbo-bricheta-si-ghilotina-238357\\\/#productImage\",\"width\":1200,\"height\":1200,\"caption\":\"set-sky-black-chrome-238357-turbo-cutter-lighter\"},\"offers\":{\"@type\":\"Offer\",\"url\":\"https:\\\/\\\/tabaccomd.com\\\/ro\\\/product\\\/set-sky-turbo-bricheta-si-ghilotina-238357\\\/#wooCommerceOffer\",\"price\":750,\"priceCurrency\":\"MDL\",\"category\":\"Ghilotin\\u0103\",\"availability\":\"https:\\\/\\\/schema.org\\\/InStock\",\"priceSpecification\":{\"@type\":\"PriceSpecification\",\"price\":750,\"priceCurrency\":\"MDL\",\"valueAddedTaxIncluded\":\"true\"},\"seller\":{\"@type\":\"Organization\",\"@id\":\"https:\\\/\\\/tabaccomd.com\\\/ro\\\/#organization\"}}},{\"@type\":\"WebPage\",\"@id\":\"https:\\\/\\\/tabaccomd.com\\\/ro\\\/product\\\/set-sky-turbo-bricheta-si-ghilotina-238357\\\/#webpage\",\"url\":\"https:\\\/\\\/tabaccomd.com\\\/ro\\\/product\\\/set-sky-turbo-bricheta-si-ghilotina-238357\\\/\",\"name\":\"Set SKY \\u201eTurbo brichet\\u0103 \\u0219i ghilotin\\u0103\\u201d 238357 cump\\u0103ra\\u021bi \\u00een Chi\\u0219in\\u0103u \\u2b50 \\u2013 Tabacco House\",\"description\":\"Set SKY \\u201eTurbo brichet\\u0103 \\u0219i ghilotin\\u0103\\u201d 238357 \\u00een Chi\\u0219in\\u0103u cu livrare. \\u260e 061-000-935 Site-ul nostru tabaccomd.com ofer\\u0103 o gam\\u0103 larg\\u0103 de trabucuri, cigarillos, umidificatoare, ghilotine, brichete, chibrituri, chibrituri pentru trabucuri, scrumiere pentru trabucuri.\\u2b50\\u2b50\\u2b50\\u2b50\\u2b50\",\"inLanguage\":\"ro-RO\",\"isPartOf\":{\"@id\":\"https:\\\/\\\/tabaccomd.com\\\/ro\\\/#website\"},\"breadcrumb\":{\"@id\":\"https:\\\/\\\/tabaccomd.com\\\/ro\\\/product\\\/set-sky-turbo-bricheta-si-ghilotina-238357\\\/#breadcrumblist\"},\"image\":{\"@type\":\"ImageObject\",\"url\":\"https:\\\/\\\/tabaccomd.com\\\/wp-content\\\/uploads\\\/2023\\\/06\\\/set-sky-black-chrome-238357-turbo-cutter-lighter.jpg\",\"@id\":\"https:\\\/\\\/tabaccomd.com\\\/ro\\\/product\\\/set-sky-turbo-bricheta-si-ghilotina-238357\\\/#mainImage\",\"width\":1200,\"height\":1200,\"caption\":\"set-sky-black-chrome-238357-turbo-cutter-lighter\"},\"primaryImageOfPage\":{\"@id\":\"https:\\\/\\\/tabaccomd.com\\\/ro\\\/product\\\/set-sky-turbo-bricheta-si-ghilotina-238357\\\/#mainImage\"},\"datePublished\":\"2026-01-06T15:41:54+03:00\",\"dateModified\":\"2026-02-04T15:23:52+03:00\"},{\"@type\":\"WebSite\",\"@id\":\"https:\\\/\\\/tabaccomd.com\\\/ro\\\/#website\",\"url\":\"https:\\\/\\\/tabaccomd.com\\\/ro\\\/\",\"name\":\"Tabacco House\",\"alternateName\":\"tobaccomd.com\",\"description\":\"\\u041c\\u0430\\u0433\\u0430\\u0437\\u0438\\u043d \\u0442\\u0430\\u0431\\u0430\\u0447\\u043d\\u044b\\u0445 \\u0438\\u0437\\u0434\\u0435\\u043b\\u0438\\u0439\",\"inLanguage\":\"ro-RO\",\"publisher\":{\"@id\":\"https:\\\/\\\/tabaccomd.com\\\/ro\\\/#organization\"}}]}\n\t\t<\/script>\n\t\t<!-- All in One SEO Pro -->\r\n\t\t<title>Set SKY \u201eTurbo brichet\u0103 \u0219i ghilotin\u0103\u201d 238357 cump\u0103ra\u021bi \u00een Chi\u0219in\u0103u \u2b50 \u2013 Tabacco House<\/title>\n\n","aioseo_head_json":{"title":"Set SKY \u201eTurbo brichet\u0103 \u0219i ghilotin\u0103\u201d 238357 cump\u0103ra\u021bi \u00een Chi\u0219in\u0103u \u2b50 \u2013 Tabacco House","description":"Set SKY \u201eTurbo brichet\u0103 \u0219i ghilotin\u0103\u201d 238357 \u00een Chi\u0219in\u0103u cu livrare. \u260e 061-000-935 Site-ul nostru tabaccomd.com ofer\u0103 o gam\u0103 larg\u0103 de trabucuri, cigarillos, umidificatoare, ghilotine, brichete, chibrituri, chibrituri pentru trabucuri, scrumiere pentru trabucuri.\u2b50\u2b50\u2b50\u2b50\u2b50","canonical_url":"https:\/\/tabaccomd.com\/ro\/product\/set-sky-turbo-bricheta-si-ghilotina-238357\/","robots":"max-image-preview:large","keywords":"","webmasterTools":{"miscellaneous":""},"schema":{"@context":"https:\/\/schema.org","@graph":[{"@type":"BreadcrumbList","@id":"https:\/\/tabaccomd.com\/ro\/product\/set-sky-turbo-bricheta-si-ghilotina-238357\/#breadcrumblist","itemListElement":[{"@type":"ListItem","@id":"https:\/\/tabaccomd.com\/ro\/#listItem","position":1,"name":"\u0413\u043b\u0430\u0432\u043d\u0430\u044f","item":"https:\/\/tabaccomd.com\/ro\/","nextItem":{"@type":"ListItem","@id":"https:\/\/tabaccomd.com\/ro\/catalog\/#listItem","name":"Catalog"}},{"@type":"ListItem","@id":"https:\/\/tabaccomd.com\/ro\/catalog\/#listItem","position":2,"name":"Catalog","item":"https:\/\/tabaccomd.com\/ro\/catalog\/","nextItem":{"@type":"ListItem","@id":"https:\/\/tabaccomd.com\/ro\/product-category\/brichete\/#listItem","name":"Brichete"},"previousItem":{"@type":"ListItem","@id":"https:\/\/tabaccomd.com\/ro\/#listItem","name":"\u0413\u043b\u0430\u0432\u043d\u0430\u044f"}},{"@type":"ListItem","@id":"https:\/\/tabaccomd.com\/ro\/product-category\/brichete\/#listItem","position":3,"name":"Brichete","item":"https:\/\/tabaccomd.com\/ro\/product-category\/brichete\/","nextItem":{"@type":"ListItem","@id":"https:\/\/tabaccomd.com\/ro\/product-category\/brichete\/brichete-de-gaz\/#listItem","name":"Brichete de gaz"},"previousItem":{"@type":"ListItem","@id":"https:\/\/tabaccomd.com\/ro\/catalog\/#listItem","name":"Catalog"}},{"@type":"ListItem","@id":"https:\/\/tabaccomd.com\/ro\/product-category\/brichete\/brichete-de-gaz\/#listItem","position":4,"name":"Brichete de gaz","item":"https:\/\/tabaccomd.com\/ro\/product-category\/brichete\/brichete-de-gaz\/","nextItem":{"@type":"ListItem","@id":"https:\/\/tabaccomd.com\/ro\/product\/set-sky-turbo-bricheta-si-ghilotina-238357\/#listItem","name":"Set SKY &#8222;Turbo brichet\u0103 \u0219i ghilotin\u0103&#8221; 238357"},"previousItem":{"@type":"ListItem","@id":"https:\/\/tabaccomd.com\/ro\/product-category\/brichete\/#listItem","name":"Brichete"}},{"@type":"ListItem","@id":"https:\/\/tabaccomd.com\/ro\/product\/set-sky-turbo-bricheta-si-ghilotina-238357\/#listItem","position":5,"name":"Set SKY &#8222;Turbo brichet\u0103 \u0219i ghilotin\u0103&#8221; 238357","previousItem":{"@type":"ListItem","@id":"https:\/\/tabaccomd.com\/ro\/product-category\/brichete\/brichete-de-gaz\/#listItem","name":"Brichete de gaz"}}]},{"@type":"Organization","@id":"https:\/\/tabaccomd.com\/ro\/#organization","name":"Tabacco House","description":"\u041c\u0430\u0433\u0430\u0437\u0438\u043d \u0442\u0430\u0431\u0430\u0447\u043d\u044b\u0445 \u0438\u0437\u0434\u0435\u043b\u0438\u0439","url":"https:\/\/tabaccomd.com\/ro\/","email":"Office@cazacuhouse.com","telephone":"+37361000935","logo":{"@type":"ImageObject","url":"https:\/\/tabaccomd.com\/wp-content\/uploads\/2024\/02\/logo_header3.png","@id":"https:\/\/tabaccomd.com\/ro\/product\/set-sky-turbo-bricheta-si-ghilotina-238357\/#organizationLogo","width":32,"height":32,"caption":"Tabacco House"},"image":{"@id":"https:\/\/tabaccomd.com\/ro\/product\/set-sky-turbo-bricheta-si-ghilotina-238357\/#organizationLogo"},"sameAs":["https:\/\/www.facebook.com\/tabaccomd.com\/","https:\/\/www.instagram.com\/tabaccomd.com\/"],"address":{"@id":"https:\/\/tabaccomd.com\/ro\/#postaladdress","@type":"PostalAddress","streetAddress":"Strada Albi\u015foara 4, Chi\u0219in\u0103u, Bulevardul \u0218tefan cel Mare \u0219i Sf\u00eent 136, Chi\u0219in\u0103u","addressLocality":"Chi\u0219in\u0103u","addressCountry":"MD"}},{"@type":"Product","@id":"https:\/\/tabaccomd.com\/ro\/product\/set-sky-turbo-bricheta-si-ghilotina-238357\/#wooCommerceProduct","name":"Set SKY \"Turbo brichet\u0103 \u0219i ghilotin\u0103\" 238357","description":"3-jet flac\u0103r\u0103\r\n \tGhilotin\u0103 de t\u0103iat trabucuri dubl\u0103\r\n \tT\u0103iere p\u00e2n\u0103 la 22 mm\r\n \tInel calibru: 55\r\n \tMaterial: Metal\r\n \tProduc\u0103tor: Sky, Germania","url":"https:\/\/tabaccomd.com\/ro\/product\/set-sky-turbo-bricheta-si-ghilotina-238357\/","sku":"238357","image":{"@type":"ImageObject","url":"https:\/\/tabaccomd.com\/wp-content\/uploads\/2023\/06\/set-sky-black-chrome-238357-turbo-cutter-lighter.jpg","@id":"https:\/\/tabaccomd.com\/ro\/product\/set-sky-turbo-bricheta-si-ghilotina-238357\/#productImage","width":1200,"height":1200,"caption":"set-sky-black-chrome-238357-turbo-cutter-lighter"},"offers":{"@type":"Offer","url":"https:\/\/tabaccomd.com\/ro\/product\/set-sky-turbo-bricheta-si-ghilotina-238357\/#wooCommerceOffer","price":750,"priceCurrency":"MDL","category":"Ghilotin\u0103","availability":"https:\/\/schema.org\/InStock","priceSpecification":{"@type":"PriceSpecification","price":750,"priceCurrency":"MDL","valueAddedTaxIncluded":"true"},"seller":{"@type":"Organization","@id":"https:\/\/tabaccomd.com\/ro\/#organization"}}},{"@type":"WebPage","@id":"https:\/\/tabaccomd.com\/ro\/product\/set-sky-turbo-bricheta-si-ghilotina-238357\/#webpage","url":"https:\/\/tabaccomd.com\/ro\/product\/set-sky-turbo-bricheta-si-ghilotina-238357\/","name":"Set SKY \u201eTurbo brichet\u0103 \u0219i ghilotin\u0103\u201d 238357 cump\u0103ra\u021bi \u00een Chi\u0219in\u0103u \u2b50 \u2013 Tabacco House","description":"Set SKY \u201eTurbo brichet\u0103 \u0219i ghilotin\u0103\u201d 238357 \u00een Chi\u0219in\u0103u cu livrare. \u260e 061-000-935 Site-ul nostru tabaccomd.com ofer\u0103 o gam\u0103 larg\u0103 de trabucuri, cigarillos, umidificatoare, ghilotine, brichete, chibrituri, chibrituri pentru trabucuri, scrumiere pentru trabucuri.\u2b50\u2b50\u2b50\u2b50\u2b50","inLanguage":"ro-RO","isPartOf":{"@id":"https:\/\/tabaccomd.com\/ro\/#website"},"breadcrumb":{"@id":"https:\/\/tabaccomd.com\/ro\/product\/set-sky-turbo-bricheta-si-ghilotina-238357\/#breadcrumblist"},"image":{"@type":"ImageObject","url":"https:\/\/tabaccomd.com\/wp-content\/uploads\/2023\/06\/set-sky-black-chrome-238357-turbo-cutter-lighter.jpg","@id":"https:\/\/tabaccomd.com\/ro\/product\/set-sky-turbo-bricheta-si-ghilotina-238357\/#mainImage","width":1200,"height":1200,"caption":"set-sky-black-chrome-238357-turbo-cutter-lighter"},"primaryImageOfPage":{"@id":"https:\/\/tabaccomd.com\/ro\/product\/set-sky-turbo-bricheta-si-ghilotina-238357\/#mainImage"},"datePublished":"2026-01-06T15:41:54+03:00","dateModified":"2026-02-04T15:23:52+03:00"},{"@type":"WebSite","@id":"https:\/\/tabaccomd.com\/ro\/#website","url":"https:\/\/tabaccomd.com\/ro\/","name":"Tabacco House","alternateName":"tobaccomd.com","description":"\u041c\u0430\u0433\u0430\u0437\u0438\u043d \u0442\u0430\u0431\u0430\u0447\u043d\u044b\u0445 \u0438\u0437\u0434\u0435\u043b\u0438\u0439","inLanguage":"ro-RO","publisher":{"@id":"https:\/\/tabaccomd.com\/ro\/#organization"}}]},"og:locale":"ro_RO","og:site_name":"Tabacco House \u2013 \u041c\u0430\u0433\u0430\u0437\u0438\u043d \u0442\u0430\u0431\u0430\u0447\u043d\u044b\u0445 \u0438\u0437\u0434\u0435\u043b\u0438\u0439","og:type":"article","og:title":"Set SKY \u201eTurbo brichet\u0103 \u0219i ghilotin\u0103\u201d 238357 cump\u0103ra\u021bi \u00een Chi\u0219in\u0103u \u2b50 \u2013 Tabacco House","og:description":"Set SKY \u201eTurbo brichet\u0103 \u0219i ghilotin\u0103\u201d 238357 \u00een Chi\u0219in\u0103u cu livrare. \u260e 061-000-935 Site-ul nostru tabaccomd.com ofer\u0103 o gam\u0103 larg\u0103 de trabucuri, cigarillos, umidificatoare, ghilotine, brichete, chibrituri, chibrituri pentru trabucuri, scrumiere pentru trabucuri.\u2b50\u2b50\u2b50\u2b50\u2b50","og:url":"https:\/\/tabaccomd.com\/ro\/product\/set-sky-turbo-bricheta-si-ghilotina-238357\/","article:published_time":"2026-01-06T12:41:54+00:00","article:modified_time":"2026-02-04T12:23:52+00:00","article:publisher":"https:\/\/www.facebook.com\/tabaccomd.com\/","twitter:card":"summary_large_image","twitter:title":"Set SKY \u201eTurbo brichet\u0103 \u0219i ghilotin\u0103\u201d 238357 cump\u0103ra\u021bi \u00een Chi\u0219in\u0103u \u2b50 \u2013 Tabacco House","twitter:description":"Set SKY \u201eTurbo brichet\u0103 \u0219i ghilotin\u0103\u201d 238357 \u00een Chi\u0219in\u0103u cu livrare. \u260e 061-000-935 Site-ul nostru tabaccomd.com ofer\u0103 o gam\u0103 larg\u0103 de trabucuri, cigarillos, umidificatoare, ghilotine, brichete, chibrituri, chibrituri pentru trabucuri, scrumiere pentru trabucuri.\u2b50\u2b50\u2b50\u2b50\u2b50"},"aioseo_meta_data":{"post_id":"119402","title":"#post_title cump\u0103ra\u021bi \u00een Chi\u0219in\u0103u \u2b50 #separator_sa #site_title","description":"#post_title \u00een Chi\u0219in\u0103u cu livrare. \u260e 061-000-935 Site-ul nostru tabaccomd.com ofer\u0103 o gam\u0103 larg\u0103 de trabucuri, cigarillos, umidificatoare, ghilotine, brichete, chibrituri, chibrituri pentru trabucuri, scrumiere pentru trabucuri.\u2b50\u2b50\u2b50\u2b50\u2b50","keywords":[],"keyphrases":{"focus":{"keyphrase":"Set SKY \"Turbo brichet\u0103 \u0219i ghilotin\u0103\" 238357","score":39,"analysis":{"keyphraseInTitle":{"score":3,"maxScore":9,"error":1},"keyphraseInDescription":{"score":3,"maxScore":9,"error":1},"keyphraseLength":{"score":6,"maxScore":9,"error":1,"length":6},"keyphraseInURL":{"score":1,"maxScore":5,"error":1},"keyphraseInIntroduction":{"score":3,"maxScore":9,"error":1},"keyphraseInSubHeadings":[],"keyphraseInImageAlt":[]}},"additional":[]},"primary_term":null,"canonical_url":null,"og_title":null,"og_description":null,"og_object_type":"default","og_image_type":"default","og_image_url":null,"og_image_width":null,"og_image_height":null,"og_image_custom_url":null,"og_image_custom_fields":null,"og_video":"","og_custom_url":null,"og_article_section":null,"og_article_tags":[],"twitter_use_og":false,"twitter_card":"default","twitter_image_type":"default","twitter_image_url":null,"twitter_image_custom_url":null,"twitter_image_custom_fields":null,"twitter_title":null,"twitter_description":null,"schema":{"blockGraphs":[],"customGraphs":[],"default":{"data":{"Article":[],"Course":[],"Dataset":[],"FAQPage":[],"Movie":[],"Person":[],"Product":[],"ProductReview":[],"Car":[],"Recipe":[],"Service":[],"SoftwareApplication":[],"WebPage":[]},"graphName":"ItemPage","isEnabled":true},"graphs":[]},"schema_type":"default","schema_type_options":null,"pillar_content":false,"robots_default":true,"robots_noindex":false,"robots_noarchive":false,"robots_nosnippet":false,"robots_nofollow":false,"robots_noimageindex":false,"robots_noodp":false,"robots_notranslate":false,"robots_max_snippet":"-1","robots_max_videopreview":"-1","robots_max_imagepreview":"large","priority":null,"frequency":"default","local_seo":null,"seo_analyzer_scan_date":"2026-02-04 12:28:28","breadcrumb_settings":null,"limit_modified_date":false,"reviewed_by":null,"open_ai":null,"ai":null,"created":"2023-06-10 19:47:17","updated":"2026-02-04 12:28:28"},"aioseo_breadcrumb":"<div class=\"aioseo-breadcrumbs\"><span class=\"aioseo-breadcrumb\">\n\t<a href=\"https:\/\/tabaccomd.com\/ro\/\" title=\"\u0413\u043b\u0430\u0432\u043d\u0430\u044f\">\u0413\u043b\u0430\u0432\u043d\u0430\u044f<\/a>\n<\/span><span class=\"aioseo-breadcrumb-separator\">\u00bb<\/span><span class=\"aioseo-breadcrumb\">\n\t<a href=\"https:\/\/tabaccomd.com\/ro\/catalog\/\" title=\"Catalog\">Catalog<\/a>\n<\/span><span class=\"aioseo-breadcrumb-separator\">\u00bb<\/span><span class=\"aioseo-breadcrumb\">\n\t<a href=\"https:\/\/tabaccomd.com\/ro\/product-category\/brichete\/\" title=\"Brichete\">Brichete<\/a>\n<\/span><span class=\"aioseo-breadcrumb-separator\">\u00bb<\/span><span class=\"aioseo-breadcrumb\">\n\t<a href=\"https:\/\/tabaccomd.com\/ro\/product-category\/brichete\/brichete-de-gaz\/\" title=\"Brichete de gaz\">Brichete de gaz<\/a>\n<\/span><span class=\"aioseo-breadcrumb-separator\">\u00bb<\/span><span class=\"aioseo-breadcrumb\">\n\tSet SKY \u201eTurbo brichet\u0103 \u0219i ghilotin\u0103\u201d 238357\n<\/span><\/div>","aioseo_breadcrumb_json":[{"label":"\u0413\u043b\u0430\u0432\u043d\u0430\u044f","link":"https:\/\/tabaccomd.com\/ro\/"},{"label":"Catalog","link":"https:\/\/tabaccomd.com\/ro\/catalog\/"},{"label":"Brichete","link":"https:\/\/tabaccomd.com\/ro\/product-category\/brichete\/"},{"label":"Brichete de gaz","link":"https:\/\/tabaccomd.com\/ro\/product-category\/brichete\/brichete-de-gaz\/"},{"label":"Set SKY &#8222;Turbo brichet\u0103 \u0219i ghilotin\u0103&#8221; 238357","link":"https:\/\/tabaccomd.com\/ro\/product\/set-sky-turbo-bricheta-si-ghilotina-238357\/"}],"images_for_1c":[{"url":"https:\/\/tabaccomd.com\/wp-content\/uploads\/2023\/06\/set-sky-black-chrome-238357-turbo-cutter-lighter.jpg","type":"featured","alt":"set-sky-black-chrome-238357-turbo-cutter-lighter","filename":"set-sky-black-chrome-238357-turbo-cutter-lighter.jpg"},{"url":"https:\/\/tabaccomd.com\/wp-content\/uploads\/2023\/06\/set-sky-black-chrome-238357-turbo-cutter-lighter-0.jpg","type":"gallery","alt":"set-sky-black-chrome-238357-turbo-cutter-lighter-0","filename":"set-sky-black-chrome-238357-turbo-cutter-lighter-0.jpg"},{"url":"https:\/\/tabaccomd.com\/wp-content\/uploads\/2023\/06\/set-sky-bricheta-ghilotina-238357.jpg","type":"gallery","alt":"set-sky-bricheta-ghilotina-238357","filename":"set-sky-bricheta-ghilotina-238357.jpg"}],"additional_data_1c":{"modified_date":"2026-02-04 15:23:52","permalink":"https:\/\/tabaccomd.com\/ro\/product\/set-sky-turbo-bricheta-si-ghilotina-238357\/","stock_status":"instock","manage_stock":"no"},"_links":{"self":[{"href":"https:\/\/tabaccomd.com\/ro\/wp-json\/wp\/v2\/product\/119402","targetHints":{"allow":["GET"]}}],"collection":[{"href":"https:\/\/tabaccomd.com\/ro\/wp-json\/wp\/v2\/product"}],"about":[{"href":"https:\/\/tabaccomd.com\/ro\/wp-json\/wp\/v2\/types\/product"}],"wp:featuredmedia":[{"embeddable":true,"href":"https:\/\/tabaccomd.com\/ro\/wp-json\/wp\/v2\/media\/156543"}],"wp:attachment":[{"href":"https:\/\/tabaccomd.com\/ro\/wp-json\/wp\/v2\/media?parent=119402"}],"wp:term":[{"taxonomy":"product_brand","embeddable":true,"href":"https:\/\/tabaccomd.com\/ro\/wp-json\/wp\/v2\/product_brand?post=119402"},{"taxonomy":"product_cat","embeddable":true,"href":"https:\/\/tabaccomd.com\/ro\/wp-json\/wp\/v2\/product_cat?post=119402"},{"taxonomy":"product_tag","embeddable":true,"href":"https:\/\/tabaccomd.com\/ro\/wp-json\/wp\/v2\/product_tag?post=119402"}],"curies":[{"name":"wp","href":"https:\/\/api.w.org\/{rel}","templated":true}]}}