{"id":16965,"date":"2020-04-29T15:43:52","date_gmt":"2020-04-29T12:43:52","guid":{"rendered":"https:\/\/new124.tabaccomd.com\/angro\/"},"modified":"2023-06-15T12:36:19","modified_gmt":"2023-06-15T09:36:19","slug":"angro","status":"publish","type":"page","link":"https:\/\/tabaccomd.com\/ro\/angro\/","title":{"rendered":"Angro"},"content":{"rendered":"<p>Compania <strong>Tabacco House<\/strong> furnizeaz\u0103 produse de tutun de calitate superioar\u0103 pentru toate magazinele de tutun din Moldova. Suntem bucuro\u0219i s\u0103 primim clien\u021bi noi care doresc s\u0103 colaboreze cu noi. Dac\u0103 ave\u021bi \u00een plan s\u0103 deschide\u021bi un nou local sau s\u0103 actualiza\u021bi gama de produse de tutun \u00een magazinul dvs., restaurant, bar etc., suntem preg\u0103ti\u021bi s\u0103 devenim partenerul vostru de \u00eencredere \u0219i s\u0103 v\u0103 oferim cele mai bune condi\u021bii.<\/p>\n<p>Compania noastr\u0103 pune la dispozi\u021bie vitrine compacte, care v\u0103 vor ajuta s\u0103 utiliza\u021bi eficient spa\u021biul comercial \u0219i s\u0103 cre\u0219te\u021bi v\u00e2nz\u0103rile. Oferim condi\u021bii avantajoase de livrare a produselor noastre, precum \u0219i suport profesional pe toate etapele colabor\u0103rii.<\/p>\n<p>Principala noastr\u0103 dorin\u021b\u0103 la <strong>Tabacco House<\/strong> este s\u0103 v\u0103 oferim nu doar produse de tutun \u0219i accesorii de cea mai bun\u0103 calitate, ci \u0219i s\u0103 asigur\u0103m o colaborare confortabil\u0103 \u0219i profitabil\u0103 pentru voi.<\/p>\n<p>Pentru a \u00eencepe s\u0103 lucra\u021bi cu noi, trebuie doar s\u0103 ne suna\u021bi la num\u0103rul de telefon <strong>(+373)61-000-935<\/strong>. De asemenea, pute\u021bi trimite o cerere prin e-mail la adresa <strong>office@tabaccomd.com<\/strong>.<\/p>\n","protected":false},"excerpt":{"rendered":"<p>Compania Tabacco House furnizeaz\u0103 produse de tutun de calitate superioar\u0103 pentru toate magazinele de tutun din Moldova. Suntem bucuro\u0219i s\u0103 [&hellip;]<\/p>\n","protected":false},"author":2,"featured_media":0,"parent":0,"menu_order":0,"comment_status":"closed","ping_status":"closed","template":"","meta":{"om_disable_all_campaigns":false,"_monsterinsights_skip_tracking":false,"_monsterinsights_sitenote_active":false,"_monsterinsights_sitenote_note":"","_monsterinsights_sitenote_category":0,"footnotes":""},"class_list":["post-16965","page","type-page","status-publish","hentry"],"aioseo_notices":[],"aioseo_head":"\n\t\t<!-- All in One SEO Pro 4.9.5.2 - aioseo.com -->\n\t<meta name=\"description\" content=\"Compania Tabacco House furnizeaz\u0103 produse de tutun de calitate superioar\u0103 din Moldova. Pentru a \u00eencepe s\u0103 lucra\u021bi cu noi, trebuie doar s\u0103 ne suna\u021bi la num\u0103rul de telefon (+373)61-000-935 or prin e-mail la adresa office@tabaccomd.com.\" \/>\n\t<meta name=\"robots\" content=\"max-image-preview:large\" \/>\n\t<link rel=\"canonical\" href=\"https:\/\/tabaccomd.com\/ro\/angro\/\" \/>\n\t<meta name=\"generator\" content=\"All in One SEO Pro (AIOSEO) 4.9.5.2\" \/>\n\t\t<meta property=\"og:locale\" content=\"ro_RO\" \/>\n\t\t<meta property=\"og:site_name\" content=\"Tabacco House \u2013 \u041c\u0430\u0433\u0430\u0437\u0438\u043d \u0442\u0430\u0431\u0430\u0447\u043d\u044b\u0445 \u0438\u0437\u0434\u0435\u043b\u0438\u0439\" \/>\n\t\t<meta property=\"og:type\" content=\"article\" \/>\n\t\t<meta property=\"og:title\" content=\"Angro \u2013 Tabacco House\" \/>\n\t\t<meta property=\"og:description\" content=\"Compania Tabacco House furnizeaz\u0103 produse de tutun de calitate superioar\u0103 din Moldova. Pentru a \u00eencepe s\u0103 lucra\u021bi cu noi, trebuie doar s\u0103 ne suna\u021bi la num\u0103rul de telefon (+373)61-000-935 or prin e-mail la adresa office@tabaccomd.com.\" \/>\n\t\t<meta property=\"og:url\" content=\"https:\/\/tabaccomd.com\/ro\/angro\/\" \/>\n\t\t<meta property=\"article:published_time\" content=\"2020-04-29T12:43:52+00:00\" \/>\n\t\t<meta property=\"article:modified_time\" content=\"2023-06-15T09:36:19+00:00\" \/>\n\t\t<meta property=\"article:publisher\" content=\"https:\/\/www.facebook.com\/tabaccomd.com\/\" \/>\n\t\t<meta name=\"twitter:card\" content=\"summary_large_image\" \/>\n\t\t<meta name=\"twitter:title\" content=\"Angro \u2013 Tabacco House\" \/>\n\t\t<meta name=\"twitter:description\" content=\"Compania Tabacco House furnizeaz\u0103 produse de tutun de calitate superioar\u0103 din Moldova. Pentru a \u00eencepe s\u0103 lucra\u021bi cu noi, trebuie doar s\u0103 ne suna\u021bi la num\u0103rul de telefon (+373)61-000-935 or prin e-mail la adresa office@tabaccomd.com.\" \/>\n\t\t<script type=\"application\/ld+json\" class=\"aioseo-schema\">\n\t\t\t{\"@context\":\"https:\\\/\\\/schema.org\",\"@graph\":[{\"@type\":\"BreadcrumbList\",\"@id\":\"https:\\\/\\\/tabaccomd.com\\\/ro\\\/angro\\\/#breadcrumblist\",\"itemListElement\":[{\"@type\":\"ListItem\",\"@id\":\"https:\\\/\\\/tabaccomd.com\\\/ro\\\/#listItem\",\"position\":1,\"name\":\"\\u0413\\u043b\\u0430\\u0432\\u043d\\u0430\\u044f\",\"item\":\"https:\\\/\\\/tabaccomd.com\\\/ro\\\/\",\"nextItem\":{\"@type\":\"ListItem\",\"@id\":\"https:\\\/\\\/tabaccomd.com\\\/ro\\\/angro\\\/#listItem\",\"name\":\"Angro\"}},{\"@type\":\"ListItem\",\"@id\":\"https:\\\/\\\/tabaccomd.com\\\/ro\\\/angro\\\/#listItem\",\"position\":2,\"name\":\"Angro\",\"previousItem\":{\"@type\":\"ListItem\",\"@id\":\"https:\\\/\\\/tabaccomd.com\\\/ro\\\/#listItem\",\"name\":\"\\u0413\\u043b\\u0430\\u0432\\u043d\\u0430\\u044f\"}}]},{\"@type\":\"Organization\",\"@id\":\"https:\\\/\\\/tabaccomd.com\\\/ro\\\/#organization\",\"name\":\"Tabacco House\",\"description\":\"\\u041c\\u0430\\u0433\\u0430\\u0437\\u0438\\u043d \\u0442\\u0430\\u0431\\u0430\\u0447\\u043d\\u044b\\u0445 \\u0438\\u0437\\u0434\\u0435\\u043b\\u0438\\u0439\",\"url\":\"https:\\\/\\\/tabaccomd.com\\\/ro\\\/\",\"email\":\"Office@cazacuhouse.com\",\"telephone\":\"+37361000935\",\"logo\":{\"@type\":\"ImageObject\",\"url\":\"https:\\\/\\\/tabaccomd.com\\\/wp-content\\\/uploads\\\/2024\\\/02\\\/logo_header3.png\",\"@id\":\"https:\\\/\\\/tabaccomd.com\\\/ro\\\/angro\\\/#organizationLogo\",\"width\":32,\"height\":32,\"caption\":\"Tabacco House\"},\"image\":{\"@id\":\"https:\\\/\\\/tabaccomd.com\\\/ro\\\/angro\\\/#organizationLogo\"},\"sameAs\":[\"https:\\\/\\\/www.facebook.com\\\/tabaccomd.com\\\/\",\"https:\\\/\\\/www.instagram.com\\\/tabaccomd.com\\\/\"],\"address\":{\"@id\":\"https:\\\/\\\/tabaccomd.com\\\/ro\\\/#postaladdress\",\"@type\":\"PostalAddress\",\"streetAddress\":\"Strada Albi\\u015foara 4, Chi\\u0219in\\u0103u, Bulevardul \\u0218tefan cel Mare \\u0219i Sf\\u00eent 136, Chi\\u0219in\\u0103u\",\"addressLocality\":\"Chi\\u0219in\\u0103u\",\"addressCountry\":\"MD\"}},{\"@type\":\"WebPage\",\"@id\":\"https:\\\/\\\/tabaccomd.com\\\/ro\\\/angro\\\/#webpage\",\"url\":\"https:\\\/\\\/tabaccomd.com\\\/ro\\\/angro\\\/\",\"name\":\"Angro \\u2013 Tabacco House\",\"description\":\"Compania Tabacco House furnizeaz\\u0103 produse de tutun de calitate superioar\\u0103 din Moldova. Pentru a \\u00eencepe s\\u0103 lucra\\u021bi cu noi, trebuie doar s\\u0103 ne suna\\u021bi la num\\u0103rul de telefon (+373)61-000-935 or prin e-mail la adresa office@tabaccomd.com.\",\"inLanguage\":\"ro-RO\",\"isPartOf\":{\"@id\":\"https:\\\/\\\/tabaccomd.com\\\/ro\\\/#website\"},\"breadcrumb\":{\"@id\":\"https:\\\/\\\/tabaccomd.com\\\/ro\\\/angro\\\/#breadcrumblist\"},\"datePublished\":\"2020-04-29T15:43:52+03:00\",\"dateModified\":\"2023-06-15T12:36:19+03:00\"},{\"@type\":\"WebSite\",\"@id\":\"https:\\\/\\\/tabaccomd.com\\\/ro\\\/#website\",\"url\":\"https:\\\/\\\/tabaccomd.com\\\/ro\\\/\",\"name\":\"Tabacco House\",\"alternateName\":\"tobaccomd.com\",\"description\":\"\\u041c\\u0430\\u0433\\u0430\\u0437\\u0438\\u043d \\u0442\\u0430\\u0431\\u0430\\u0447\\u043d\\u044b\\u0445 \\u0438\\u0437\\u0434\\u0435\\u043b\\u0438\\u0439\",\"inLanguage\":\"ro-RO\",\"publisher\":{\"@id\":\"https:\\\/\\\/tabaccomd.com\\\/ro\\\/#organization\"}}]}\n\t\t<\/script>\n\t\t<!-- All in One SEO Pro -->\r\n\t\t<title>Angro \u2013 Tabacco House<\/title>\n\n","aioseo_head_json":{"title":"Angro \u2013 Tabacco House","description":"Compania Tabacco House furnizeaz\u0103 produse de tutun de calitate superioar\u0103 din Moldova. Pentru a \u00eencepe s\u0103 lucra\u021bi cu noi, trebuie doar s\u0103 ne suna\u021bi la num\u0103rul de telefon (+373)61-000-935 or prin e-mail la adresa office@tabaccomd.com.","canonical_url":"https:\/\/tabaccomd.com\/ro\/angro\/","robots":"max-image-preview:large","keywords":"","webmasterTools":{"miscellaneous":""},"schema":{"@context":"https:\/\/schema.org","@graph":[{"@type":"BreadcrumbList","@id":"https:\/\/tabaccomd.com\/ro\/angro\/#breadcrumblist","itemListElement":[{"@type":"ListItem","@id":"https:\/\/tabaccomd.com\/ro\/#listItem","position":1,"name":"\u0413\u043b\u0430\u0432\u043d\u0430\u044f","item":"https:\/\/tabaccomd.com\/ro\/","nextItem":{"@type":"ListItem","@id":"https:\/\/tabaccomd.com\/ro\/angro\/#listItem","name":"Angro"}},{"@type":"ListItem","@id":"https:\/\/tabaccomd.com\/ro\/angro\/#listItem","position":2,"name":"Angro","previousItem":{"@type":"ListItem","@id":"https:\/\/tabaccomd.com\/ro\/#listItem","name":"\u0413\u043b\u0430\u0432\u043d\u0430\u044f"}}]},{"@type":"Organization","@id":"https:\/\/tabaccomd.com\/ro\/#organization","name":"Tabacco House","description":"\u041c\u0430\u0433\u0430\u0437\u0438\u043d \u0442\u0430\u0431\u0430\u0447\u043d\u044b\u0445 \u0438\u0437\u0434\u0435\u043b\u0438\u0439","url":"https:\/\/tabaccomd.com\/ro\/","email":"Office@cazacuhouse.com","telephone":"+37361000935","logo":{"@type":"ImageObject","url":"https:\/\/tabaccomd.com\/wp-content\/uploads\/2024\/02\/logo_header3.png","@id":"https:\/\/tabaccomd.com\/ro\/angro\/#organizationLogo","width":32,"height":32,"caption":"Tabacco House"},"image":{"@id":"https:\/\/tabaccomd.com\/ro\/angro\/#organizationLogo"},"sameAs":["https:\/\/www.facebook.com\/tabaccomd.com\/","https:\/\/www.instagram.com\/tabaccomd.com\/"],"address":{"@id":"https:\/\/tabaccomd.com\/ro\/#postaladdress","@type":"PostalAddress","streetAddress":"Strada Albi\u015foara 4, Chi\u0219in\u0103u, Bulevardul \u0218tefan cel Mare \u0219i Sf\u00eent 136, Chi\u0219in\u0103u","addressLocality":"Chi\u0219in\u0103u","addressCountry":"MD"}},{"@type":"WebPage","@id":"https:\/\/tabaccomd.com\/ro\/angro\/#webpage","url":"https:\/\/tabaccomd.com\/ro\/angro\/","name":"Angro \u2013 Tabacco House","description":"Compania Tabacco House furnizeaz\u0103 produse de tutun de calitate superioar\u0103 din Moldova. Pentru a \u00eencepe s\u0103 lucra\u021bi cu noi, trebuie doar s\u0103 ne suna\u021bi la num\u0103rul de telefon (+373)61-000-935 or prin e-mail la adresa office@tabaccomd.com.","inLanguage":"ro-RO","isPartOf":{"@id":"https:\/\/tabaccomd.com\/ro\/#website"},"breadcrumb":{"@id":"https:\/\/tabaccomd.com\/ro\/angro\/#breadcrumblist"},"datePublished":"2020-04-29T15:43:52+03:00","dateModified":"2023-06-15T12:36:19+03:00"},{"@type":"WebSite","@id":"https:\/\/tabaccomd.com\/ro\/#website","url":"https:\/\/tabaccomd.com\/ro\/","name":"Tabacco House","alternateName":"tobaccomd.com","description":"\u041c\u0430\u0433\u0430\u0437\u0438\u043d \u0442\u0430\u0431\u0430\u0447\u043d\u044b\u0445 \u0438\u0437\u0434\u0435\u043b\u0438\u0439","inLanguage":"ro-RO","publisher":{"@id":"https:\/\/tabaccomd.com\/ro\/#organization"}}]},"og:locale":"ro_RO","og:site_name":"Tabacco House \u2013 \u041c\u0430\u0433\u0430\u0437\u0438\u043d \u0442\u0430\u0431\u0430\u0447\u043d\u044b\u0445 \u0438\u0437\u0434\u0435\u043b\u0438\u0439","og:type":"article","og:title":"Angro \u2013 Tabacco House","og:description":"Compania Tabacco House furnizeaz\u0103 produse de tutun de calitate superioar\u0103 din Moldova. Pentru a \u00eencepe s\u0103 lucra\u021bi cu noi, trebuie doar s\u0103 ne suna\u021bi la num\u0103rul de telefon (+373)61-000-935 or prin e-mail la adresa office@tabaccomd.com.","og:url":"https:\/\/tabaccomd.com\/ro\/angro\/","article:published_time":"2020-04-29T12:43:52+00:00","article:modified_time":"2023-06-15T09:36:19+00:00","article:publisher":"https:\/\/www.facebook.com\/tabaccomd.com\/","twitter:card":"summary_large_image","twitter:title":"Angro \u2013 Tabacco House","twitter:description":"Compania Tabacco House furnizeaz\u0103 produse de tutun de calitate superioar\u0103 din Moldova. Pentru a \u00eencepe s\u0103 lucra\u021bi cu noi, trebuie doar s\u0103 ne suna\u021bi la num\u0103rul de telefon (+373)61-000-935 or prin e-mail la adresa office@tabaccomd.com."},"aioseo_meta_data":{"post_id":"16965","title":"#post_title #separator_sa #site_title","description":"Compania Tabacco House furnizeaz\u0103 produse de tutun de calitate superioar\u0103 din Moldova. Pentru a \u00eencepe s\u0103 lucra\u021bi cu noi, trebuie doar s\u0103 ne suna\u021bi la num\u0103rul de telefon (+373)61-000-935 or prin e-mail la adresa office@tabaccomd.com.","keywords":[],"keyphrases":{"focus":{"keyphrase":"produse de tutun de calitate superioar\u0103","score":68,"analysis":{"keyphraseInTitle":{"score":3,"maxScore":9,"error":1},"keyphraseInDescription":{"score":9,"maxScore":9,"error":0},"keyphraseLength":{"score":6,"maxScore":9,"error":1,"length":6},"keyphraseInURL":{"score":1,"maxScore":5,"error":1},"keyphraseInIntroduction":{"score":9,"maxScore":9,"error":0},"keyphraseInSubHeadings":[],"keyphraseInImageAlt":[]}},"additional":[]},"primary_term":null,"canonical_url":null,"og_title":null,"og_description":null,"og_object_type":"default","og_image_type":"default","og_image_url":null,"og_image_width":null,"og_image_height":null,"og_image_custom_url":null,"og_image_custom_fields":null,"og_video":"","og_custom_url":null,"og_article_section":null,"og_article_tags":[],"twitter_use_og":false,"twitter_card":"default","twitter_image_type":"default","twitter_image_url":null,"twitter_image_custom_url":null,"twitter_image_custom_fields":null,"twitter_title":null,"twitter_description":null,"schema":{"blockGraphs":[],"customGraphs":[],"default":{"data":{"Article":[],"Course":[],"Dataset":[],"FAQPage":[],"Movie":[],"Person":[],"Product":[],"ProductReview":[],"Car":[],"Recipe":[],"Service":[],"SoftwareApplication":[],"WebPage":[]},"graphName":"","isEnabled":true},"graphs":[]},"schema_type":"default","schema_type_options":null,"pillar_content":false,"robots_default":true,"robots_noindex":false,"robots_noarchive":false,"robots_nosnippet":false,"robots_nofollow":false,"robots_noimageindex":false,"robots_noodp":false,"robots_notranslate":false,"robots_max_snippet":"-1","robots_max_videopreview":"-1","robots_max_imagepreview":"large","priority":0,"frequency":"default","local_seo":null,"seo_analyzer_scan_date":"2025-10-19 14:09:39","breadcrumb_settings":null,"limit_modified_date":false,"reviewed_by":null,"open_ai":null,"ai":null,"created":"2023-03-30 15:17:55","updated":"2025-10-19 14:09:39"},"aioseo_breadcrumb":"<div class=\"aioseo-breadcrumbs\"><span class=\"aioseo-breadcrumb\">\n\t<a href=\"https:\/\/tabaccomd.com\/ro\/\" title=\"\u0413\u043b\u0430\u0432\u043d\u0430\u044f\">\u0413\u043b\u0430\u0432\u043d\u0430\u044f<\/a>\n<\/span><span class=\"aioseo-breadcrumb-separator\">\u00bb<\/span><span class=\"aioseo-breadcrumb\">\n\tAngro\n<\/span><\/div>","aioseo_breadcrumb_json":[{"label":"\u0413\u043b\u0430\u0432\u043d\u0430\u044f","link":"https:\/\/tabaccomd.com\/ro\/"},{"label":"Angro","link":"https:\/\/tabaccomd.com\/ro\/angro\/"}],"_links":{"self":[{"href":"https:\/\/tabaccomd.com\/ro\/wp-json\/wp\/v2\/pages\/16965","targetHints":{"allow":["GET"]}}],"collection":[{"href":"https:\/\/tabaccomd.com\/ro\/wp-json\/wp\/v2\/pages"}],"about":[{"href":"https:\/\/tabaccomd.com\/ro\/wp-json\/wp\/v2\/types\/page"}],"author":[{"embeddable":true,"href":"https:\/\/tabaccomd.com\/ro\/wp-json\/wp\/v2\/users\/2"}],"replies":[{"embeddable":true,"href":"https:\/\/tabaccomd.com\/ro\/wp-json\/wp\/v2\/comments?post=16965"}],"version-history":[{"count":0,"href":"https:\/\/tabaccomd.com\/ro\/wp-json\/wp\/v2\/pages\/16965\/revisions"}],"wp:attachment":[{"href":"https:\/\/tabaccomd.com\/ro\/wp-json\/wp\/v2\/media?parent=16965"}],"curies":[{"name":"wp","href":"https:\/\/api.w.org\/{rel}","templated":true}]}}