{"id":16959,"date":"2020-04-28T15:03:40","date_gmt":"2020-04-28T12:03:40","guid":{"rendered":"https:\/\/new124.tabaccomd.com\/despre-magazin\/"},"modified":"2023-06-15T12:54:57","modified_gmt":"2023-06-15T09:54:57","slug":"despre-magazin","status":"publish","type":"page","link":"https:\/\/tabaccomd.com\/ro\/despre-magazin\/","title":{"rendered":"Despre magazin"},"content":{"rendered":"<p>Ne \u00eencredin\u021beaz\u0103 de peste 18 ani: cele mai bune produse din tutun din Moldova.<br \/>\nNe bucur\u0103m s\u0103 v\u0103 \u00eent\u00e2mpin\u0103m \u00een compania noastr\u0103 de tutun, TABACCO HOUSE! De peste 18 ani, ne-am stabilit standarde \u00eenalte de calitate \u0219i v\u0103 oferim doar cele mai bune \u0219i autentice produse din tutun.<\/p>\n<p>Lista de produse prezentate:<br \/>\n1. <strong>Trabacuri de lux<\/strong> DOMINICAN CIGARS:<br \/>\n    BOSSNER: o marc\u0103 care combin\u0103 tradi\u021bia \u0219i inova\u021bia, cre\u00e2nd opere de art\u0103 reale \u00een lumea tutunului.<\/p>\n<p>2. <strong>Tutun pentru \u021bigarete rulat<\/strong>:<br \/>\n     MAC BAREN (Danemarca)<br \/>\n     Stanley (Belgia)<\/p>\n<p>3. <strong>Cigarillos<\/strong>:<br \/>\n     HANDELSGOLD<br \/>\n     CLUBMASTER<br \/>\n     WTF (Republica Dominican\u0103)<\/p>\n<p>4. <strong>Tutun pentru narghilea<\/strong>:<br \/>\n     H Hookah (Georgia)<\/p>\n<p>5. <strong>Narghilele<\/strong>:<br \/>\n     ALADIN<br \/>\n     MVP (Germania)<\/p>\n<p>6. <strong>Brichete \u0219i accesorii<\/strong> :<br \/>\n    ZIPPO (America)<\/p>\n<p>7. <strong>Pipi de fumat<\/strong>:<br \/>\n     Peterson (Irlanda)<br \/>\n     Passatore (Germania)<\/p>\n<p>8. <strong>Tutun pentru pip\u0103<\/strong>:<br \/>\n     Mac Baren (Danemarca)<br \/>\n     Stanley (Belgia)<\/p>\n<p>9. <strong>Trabacuri<\/strong>:<br \/>\n     Casa Turrent (Mexic)<br \/>\n     Bossner (Republica Dominican\u0103)<br \/>\n     Buena Vista<br \/>\n     Montosa (Republica Dominican\u0103)<\/p>\n<p>10. <strong>Accesorii pentru \u021big\u0103ri rulat<\/strong>:<br \/>\n     Foite, filtre, tuburi, ma\u0219ini (Germania)<\/p>\n<p>11. <strong>Humidore \u0219i ghilotine<\/strong>:<br \/>\n     Passatore (Germania)<\/p>\n<p>\u00cen prezent, pe l\u00e2ng\u0103 v\u00e2nzarea en gros, avem o re\u021bea de magazine cu am\u0103nuntul sub numele de &#8222;Tabacco House&#8221;. \u00cen aceste magazine, v\u0103 oferim o gam\u0103 larg\u0103 de produse din tutun de \u00eenalt\u0103 calitate \u0219i accesorii diverse pentru fumat. Aici ve\u021bi g\u0103si cea mai extins\u0103 selec\u021bie de produse premium din tutun, inclusiv cigarillos fabricate \u00een Cuba, Republica Dominican\u0103 \u0219i Mexic, precum \u0219i pipe \u0219i tutun de pip\u0103. De asemenea, oferim tutun pentru rulat de la unul dintre cei mai importan\u021bi produc\u0103tori mondiali.<\/p>\n<p>Un aspect distinctiv al magazinelor noastre &#8222;<strong>Tabacco House<\/strong>&#8221; este disponibilitatea celei mai ample game de brichete autentice &#8211; Dupont \u0219i Zippo &#8211; cunoscute pentru calitatea \u0219i fiabilitatea lor.<\/p>\n<p>Vizita\u021bi magazinele noastre &#8222;Tabacco House&#8221; \u0219i bucura\u021bi-v\u0103 de o selec\u021bie unic\u0103 de produse din tutun de \u00eenalt\u0103 clas\u0103 \u0219i accesorii pentru fumat. V\u0103 garant\u0103m o calitate excelent\u0103 a fiec\u0103rui produs \u0219i un nivel \u00eenalt de servicii.<\/p>\n<p>Alege\u021bi calitatea \u0219i \u00eencrederea cu TABACCO HOUSE!<\/p>\n","protected":false},"excerpt":{"rendered":"<p>Ne \u00eencredin\u021beaz\u0103 de peste 18 ani: cele mai bune produse din tutun din Moldova. Ne bucur\u0103m s\u0103 v\u0103 \u00eent\u00e2mpin\u0103m \u00een [&hellip;]<\/p>\n","protected":false},"author":2,"featured_media":0,"parent":0,"menu_order":0,"comment_status":"closed","ping_status":"closed","template":"","meta":{"om_disable_all_campaigns":false,"_monsterinsights_skip_tracking":false,"_monsterinsights_sitenote_active":false,"_monsterinsights_sitenote_note":"","_monsterinsights_sitenote_category":0,"footnotes":""},"class_list":["post-16959","page","type-page","status-publish","hentry"],"aioseo_notices":[],"aioseo_head":"\n\t\t<!-- All in One SEO Pro 4.9.5.2 - aioseo.com -->\n\t<meta name=\"description\" content=\"Ne \u00eencredin\u021beaz\u0103 de peste 18 ani: cele mai bune produse din tutun din Moldova. Ne-am stabilit standarde \u00eenalte de calitate \u0219i v\u0103 oferim doar cele mai bune \u0219i autentice produse din tutun.\" \/>\n\t<meta name=\"robots\" content=\"max-image-preview:large\" \/>\n\t<link rel=\"canonical\" href=\"https:\/\/tabaccomd.com\/ro\/despre-magazin\/\" \/>\n\t<meta name=\"generator\" content=\"All in One SEO Pro (AIOSEO) 4.9.5.2\" \/>\n\t\t<meta property=\"og:locale\" content=\"ro_RO\" \/>\n\t\t<meta property=\"og:site_name\" content=\"Tabacco House \u2013 \u041c\u0430\u0433\u0430\u0437\u0438\u043d \u0442\u0430\u0431\u0430\u0447\u043d\u044b\u0445 \u0438\u0437\u0434\u0435\u043b\u0438\u0439\" \/>\n\t\t<meta property=\"og:type\" content=\"article\" \/>\n\t\t<meta property=\"og:title\" content=\"Despre magazin \u2013 Tabacco House\" \/>\n\t\t<meta property=\"og:description\" content=\"Ne \u00eencredin\u021beaz\u0103 de peste 18 ani: cele mai bune produse din tutun din Moldova. Ne-am stabilit standarde \u00eenalte de calitate \u0219i v\u0103 oferim doar cele mai bune \u0219i autentice produse din tutun.\" \/>\n\t\t<meta property=\"og:url\" content=\"https:\/\/tabaccomd.com\/ro\/despre-magazin\/\" \/>\n\t\t<meta property=\"article:published_time\" content=\"2020-04-28T12:03:40+00:00\" \/>\n\t\t<meta property=\"article:modified_time\" content=\"2023-06-15T09:54:57+00:00\" \/>\n\t\t<meta property=\"article:publisher\" content=\"https:\/\/www.facebook.com\/tabaccomd.com\/\" \/>\n\t\t<meta name=\"twitter:card\" content=\"summary_large_image\" \/>\n\t\t<meta name=\"twitter:title\" content=\"Despre magazin \u2013 Tabacco House\" \/>\n\t\t<meta name=\"twitter:description\" content=\"Ne \u00eencredin\u021beaz\u0103 de peste 18 ani: cele mai bune produse din tutun din Moldova. Ne-am stabilit standarde \u00eenalte de calitate \u0219i v\u0103 oferim doar cele mai bune \u0219i autentice produse din tutun.\" \/>\n\t\t<script type=\"application\/ld+json\" class=\"aioseo-schema\">\n\t\t\t{\"@context\":\"https:\\\/\\\/schema.org\",\"@graph\":[{\"@type\":\"BreadcrumbList\",\"@id\":\"https:\\\/\\\/tabaccomd.com\\\/ro\\\/despre-magazin\\\/#breadcrumblist\",\"itemListElement\":[{\"@type\":\"ListItem\",\"@id\":\"https:\\\/\\\/tabaccomd.com\\\/ro\\\/#listItem\",\"position\":1,\"name\":\"\\u0413\\u043b\\u0430\\u0432\\u043d\\u0430\\u044f\",\"item\":\"https:\\\/\\\/tabaccomd.com\\\/ro\\\/\",\"nextItem\":{\"@type\":\"ListItem\",\"@id\":\"https:\\\/\\\/tabaccomd.com\\\/ro\\\/despre-magazin\\\/#listItem\",\"name\":\"Despre magazin\"}},{\"@type\":\"ListItem\",\"@id\":\"https:\\\/\\\/tabaccomd.com\\\/ro\\\/despre-magazin\\\/#listItem\",\"position\":2,\"name\":\"Despre magazin\",\"previousItem\":{\"@type\":\"ListItem\",\"@id\":\"https:\\\/\\\/tabaccomd.com\\\/ro\\\/#listItem\",\"name\":\"\\u0413\\u043b\\u0430\\u0432\\u043d\\u0430\\u044f\"}}]},{\"@type\":\"Organization\",\"@id\":\"https:\\\/\\\/tabaccomd.com\\\/ro\\\/#organization\",\"name\":\"Tabacco House\",\"description\":\"\\u041c\\u0430\\u0433\\u0430\\u0437\\u0438\\u043d \\u0442\\u0430\\u0431\\u0430\\u0447\\u043d\\u044b\\u0445 \\u0438\\u0437\\u0434\\u0435\\u043b\\u0438\\u0439\",\"url\":\"https:\\\/\\\/tabaccomd.com\\\/ro\\\/\",\"email\":\"Office@cazacuhouse.com\",\"telephone\":\"+37361000935\",\"logo\":{\"@type\":\"ImageObject\",\"url\":\"https:\\\/\\\/tabaccomd.com\\\/wp-content\\\/uploads\\\/2024\\\/02\\\/logo_header3.png\",\"@id\":\"https:\\\/\\\/tabaccomd.com\\\/ro\\\/despre-magazin\\\/#organizationLogo\",\"width\":32,\"height\":32,\"caption\":\"Tabacco House\"},\"image\":{\"@id\":\"https:\\\/\\\/tabaccomd.com\\\/ro\\\/despre-magazin\\\/#organizationLogo\"},\"sameAs\":[\"https:\\\/\\\/www.facebook.com\\\/tabaccomd.com\\\/\",\"https:\\\/\\\/www.instagram.com\\\/tabaccomd.com\\\/\"],\"address\":{\"@id\":\"https:\\\/\\\/tabaccomd.com\\\/ro\\\/#postaladdress\",\"@type\":\"PostalAddress\",\"streetAddress\":\"Strada Albi\\u015foara 4, Chi\\u0219in\\u0103u, Bulevardul \\u0218tefan cel Mare \\u0219i Sf\\u00eent 136, Chi\\u0219in\\u0103u\",\"addressLocality\":\"Chi\\u0219in\\u0103u\",\"addressCountry\":\"MD\"}},{\"@type\":\"WebPage\",\"@id\":\"https:\\\/\\\/tabaccomd.com\\\/ro\\\/despre-magazin\\\/#webpage\",\"url\":\"https:\\\/\\\/tabaccomd.com\\\/ro\\\/despre-magazin\\\/\",\"name\":\"Despre magazin \\u2013 Tabacco House\",\"description\":\"Ne \\u00eencredin\\u021beaz\\u0103 de peste 18 ani: cele mai bune produse din tutun din Moldova. Ne-am stabilit standarde \\u00eenalte de calitate \\u0219i v\\u0103 oferim doar cele mai bune \\u0219i autentice produse din tutun.\",\"inLanguage\":\"ro-RO\",\"isPartOf\":{\"@id\":\"https:\\\/\\\/tabaccomd.com\\\/ro\\\/#website\"},\"breadcrumb\":{\"@id\":\"https:\\\/\\\/tabaccomd.com\\\/ro\\\/despre-magazin\\\/#breadcrumblist\"},\"datePublished\":\"2020-04-28T15:03:40+03:00\",\"dateModified\":\"2023-06-15T12:54:57+03:00\"},{\"@type\":\"WebSite\",\"@id\":\"https:\\\/\\\/tabaccomd.com\\\/ro\\\/#website\",\"url\":\"https:\\\/\\\/tabaccomd.com\\\/ro\\\/\",\"name\":\"Tabacco House\",\"alternateName\":\"tobaccomd.com\",\"description\":\"\\u041c\\u0430\\u0433\\u0430\\u0437\\u0438\\u043d \\u0442\\u0430\\u0431\\u0430\\u0447\\u043d\\u044b\\u0445 \\u0438\\u0437\\u0434\\u0435\\u043b\\u0438\\u0439\",\"inLanguage\":\"ro-RO\",\"publisher\":{\"@id\":\"https:\\\/\\\/tabaccomd.com\\\/ro\\\/#organization\"}}]}\n\t\t<\/script>\n\t\t<!-- All in One SEO Pro -->\r\n\t\t<title>Despre magazin \u2013 Tabacco House<\/title>\n\n","aioseo_head_json":{"title":"Despre magazin \u2013 Tabacco House","description":"Ne \u00eencredin\u021beaz\u0103 de peste 18 ani: cele mai bune produse din tutun din Moldova. Ne-am stabilit standarde \u00eenalte de calitate \u0219i v\u0103 oferim doar cele mai bune \u0219i autentice produse din tutun.","canonical_url":"https:\/\/tabaccomd.com\/ro\/despre-magazin\/","robots":"max-image-preview:large","keywords":"","webmasterTools":{"miscellaneous":""},"schema":{"@context":"https:\/\/schema.org","@graph":[{"@type":"BreadcrumbList","@id":"https:\/\/tabaccomd.com\/ro\/despre-magazin\/#breadcrumblist","itemListElement":[{"@type":"ListItem","@id":"https:\/\/tabaccomd.com\/ro\/#listItem","position":1,"name":"\u0413\u043b\u0430\u0432\u043d\u0430\u044f","item":"https:\/\/tabaccomd.com\/ro\/","nextItem":{"@type":"ListItem","@id":"https:\/\/tabaccomd.com\/ro\/despre-magazin\/#listItem","name":"Despre magazin"}},{"@type":"ListItem","@id":"https:\/\/tabaccomd.com\/ro\/despre-magazin\/#listItem","position":2,"name":"Despre magazin","previousItem":{"@type":"ListItem","@id":"https:\/\/tabaccomd.com\/ro\/#listItem","name":"\u0413\u043b\u0430\u0432\u043d\u0430\u044f"}}]},{"@type":"Organization","@id":"https:\/\/tabaccomd.com\/ro\/#organization","name":"Tabacco House","description":"\u041c\u0430\u0433\u0430\u0437\u0438\u043d \u0442\u0430\u0431\u0430\u0447\u043d\u044b\u0445 \u0438\u0437\u0434\u0435\u043b\u0438\u0439","url":"https:\/\/tabaccomd.com\/ro\/","email":"Office@cazacuhouse.com","telephone":"+37361000935","logo":{"@type":"ImageObject","url":"https:\/\/tabaccomd.com\/wp-content\/uploads\/2024\/02\/logo_header3.png","@id":"https:\/\/tabaccomd.com\/ro\/despre-magazin\/#organizationLogo","width":32,"height":32,"caption":"Tabacco House"},"image":{"@id":"https:\/\/tabaccomd.com\/ro\/despre-magazin\/#organizationLogo"},"sameAs":["https:\/\/www.facebook.com\/tabaccomd.com\/","https:\/\/www.instagram.com\/tabaccomd.com\/"],"address":{"@id":"https:\/\/tabaccomd.com\/ro\/#postaladdress","@type":"PostalAddress","streetAddress":"Strada Albi\u015foara 4, Chi\u0219in\u0103u, Bulevardul \u0218tefan cel Mare \u0219i Sf\u00eent 136, Chi\u0219in\u0103u","addressLocality":"Chi\u0219in\u0103u","addressCountry":"MD"}},{"@type":"WebPage","@id":"https:\/\/tabaccomd.com\/ro\/despre-magazin\/#webpage","url":"https:\/\/tabaccomd.com\/ro\/despre-magazin\/","name":"Despre magazin \u2013 Tabacco House","description":"Ne \u00eencredin\u021beaz\u0103 de peste 18 ani: cele mai bune produse din tutun din Moldova. Ne-am stabilit standarde \u00eenalte de calitate \u0219i v\u0103 oferim doar cele mai bune \u0219i autentice produse din tutun.","inLanguage":"ro-RO","isPartOf":{"@id":"https:\/\/tabaccomd.com\/ro\/#website"},"breadcrumb":{"@id":"https:\/\/tabaccomd.com\/ro\/despre-magazin\/#breadcrumblist"},"datePublished":"2020-04-28T15:03:40+03:00","dateModified":"2023-06-15T12:54:57+03:00"},{"@type":"WebSite","@id":"https:\/\/tabaccomd.com\/ro\/#website","url":"https:\/\/tabaccomd.com\/ro\/","name":"Tabacco House","alternateName":"tobaccomd.com","description":"\u041c\u0430\u0433\u0430\u0437\u0438\u043d \u0442\u0430\u0431\u0430\u0447\u043d\u044b\u0445 \u0438\u0437\u0434\u0435\u043b\u0438\u0439","inLanguage":"ro-RO","publisher":{"@id":"https:\/\/tabaccomd.com\/ro\/#organization"}}]},"og:locale":"ro_RO","og:site_name":"Tabacco House \u2013 \u041c\u0430\u0433\u0430\u0437\u0438\u043d \u0442\u0430\u0431\u0430\u0447\u043d\u044b\u0445 \u0438\u0437\u0434\u0435\u043b\u0438\u0439","og:type":"article","og:title":"Despre magazin \u2013 Tabacco House","og:description":"Ne \u00eencredin\u021beaz\u0103 de peste 18 ani: cele mai bune produse din tutun din Moldova. Ne-am stabilit standarde \u00eenalte de calitate \u0219i v\u0103 oferim doar cele mai bune \u0219i autentice produse din tutun.","og:url":"https:\/\/tabaccomd.com\/ro\/despre-magazin\/","article:published_time":"2020-04-28T12:03:40+00:00","article:modified_time":"2023-06-15T09:54:57+00:00","article:publisher":"https:\/\/www.facebook.com\/tabaccomd.com\/","twitter:card":"summary_large_image","twitter:title":"Despre magazin \u2013 Tabacco House","twitter:description":"Ne \u00eencredin\u021beaz\u0103 de peste 18 ani: cele mai bune produse din tutun din Moldova. Ne-am stabilit standarde \u00eenalte de calitate \u0219i v\u0103 oferim doar cele mai bune \u0219i autentice produse din tutun."},"aioseo_meta_data":{"post_id":"16959","title":"#post_title #separator_sa #site_title","description":"Ne \u00eencredin\u021beaz\u0103 de peste 18 ani: cele mai bune produse din tutun din Moldova. Ne-am stabilit standarde \u00eenalte de calitate \u0219i v\u0103 oferim doar cele mai bune \u0219i autentice produse din tutun.","keywords":[],"keyphrases":{"focus":{"keyphrase":"produse din tutun","score":76,"analysis":{"keyphraseInTitle":{"score":3,"maxScore":9,"error":1},"keyphraseInDescription":{"score":9,"maxScore":9,"error":0},"keyphraseLength":{"score":9,"maxScore":9,"error":0,"length":3},"keyphraseInURL":{"score":1,"maxScore":5,"error":1},"keyphraseInIntroduction":{"score":9,"maxScore":9,"error":0},"keyphraseInSubHeadings":[],"keyphraseInImageAlt":[]}},"additional":[]},"primary_term":null,"canonical_url":null,"og_title":null,"og_description":null,"og_object_type":"default","og_image_type":"default","og_image_url":null,"og_image_width":null,"og_image_height":null,"og_image_custom_url":null,"og_image_custom_fields":null,"og_video":"","og_custom_url":null,"og_article_section":null,"og_article_tags":[],"twitter_use_og":false,"twitter_card":"default","twitter_image_type":"default","twitter_image_url":null,"twitter_image_custom_url":null,"twitter_image_custom_fields":null,"twitter_title":null,"twitter_description":null,"schema":{"blockGraphs":[],"customGraphs":[],"default":{"data":{"Article":[],"Course":[],"Dataset":[],"FAQPage":[],"Movie":[],"Person":[],"Product":[],"ProductReview":[],"Car":[],"Recipe":[],"Service":[],"SoftwareApplication":[],"WebPage":[]},"graphName":"","isEnabled":true},"graphs":[]},"schema_type":"default","schema_type_options":null,"pillar_content":false,"robots_default":true,"robots_noindex":false,"robots_noarchive":false,"robots_nosnippet":false,"robots_nofollow":false,"robots_noimageindex":false,"robots_noodp":false,"robots_notranslate":false,"robots_max_snippet":"-1","robots_max_videopreview":"-1","robots_max_imagepreview":"large","priority":0,"frequency":"default","local_seo":null,"seo_analyzer_scan_date":"2025-10-19 14:08:00","breadcrumb_settings":null,"limit_modified_date":false,"reviewed_by":null,"open_ai":null,"ai":null,"created":"2023-03-30 15:17:55","updated":"2025-10-19 14:08:00"},"aioseo_breadcrumb":"<div class=\"aioseo-breadcrumbs\"><span class=\"aioseo-breadcrumb\">\n\t<a href=\"https:\/\/tabaccomd.com\/ro\/\" title=\"\u0413\u043b\u0430\u0432\u043d\u0430\u044f\">\u0413\u043b\u0430\u0432\u043d\u0430\u044f<\/a>\n<\/span><span class=\"aioseo-breadcrumb-separator\">\u00bb<\/span><span class=\"aioseo-breadcrumb\">\n\tDespre magazin\n<\/span><\/div>","aioseo_breadcrumb_json":[{"label":"\u0413\u043b\u0430\u0432\u043d\u0430\u044f","link":"https:\/\/tabaccomd.com\/ro\/"},{"label":"Despre magazin","link":"https:\/\/tabaccomd.com\/ro\/despre-magazin\/"}],"_links":{"self":[{"href":"https:\/\/tabaccomd.com\/ro\/wp-json\/wp\/v2\/pages\/16959","targetHints":{"allow":["GET"]}}],"collection":[{"href":"https:\/\/tabaccomd.com\/ro\/wp-json\/wp\/v2\/pages"}],"about":[{"href":"https:\/\/tabaccomd.com\/ro\/wp-json\/wp\/v2\/types\/page"}],"author":[{"embeddable":true,"href":"https:\/\/tabaccomd.com\/ro\/wp-json\/wp\/v2\/users\/2"}],"replies":[{"embeddable":true,"href":"https:\/\/tabaccomd.com\/ro\/wp-json\/wp\/v2\/comments?post=16959"}],"version-history":[{"count":0,"href":"https:\/\/tabaccomd.com\/ro\/wp-json\/wp\/v2\/pages\/16959\/revisions"}],"wp:attachment":[{"href":"https:\/\/tabaccomd.com\/ro\/wp-json\/wp\/v2\/media?parent=16959"}],"curies":[{"name":"wp","href":"https:\/\/api.w.org\/{rel}","templated":true}]}}